{"id":3843,"date":"2025-10-07T12:59:53","date_gmt":"2025-10-07T12:59:53","guid":{"rendered":"https:\/\/www.telaled.com\/?post_type=product&#038;p=3843"},"modified":"2026-01-07T02:11:30","modified_gmt":"2026-01-07T02:11:30","slug":"bus-led-display-serie-tcs","status":"publish","type":"product","link":"https:\/\/www.telaled.com\/de\/fabrica\/bus-led-display-serie-tcs\/","title":{"rendered":"Bus-LED-Anzeige der TCS-Serie"},"content":{"rendered":"<div class=\"row\"  id=\"row-273006792\">\n\n\t<div id=\"col-659641159\" class=\"col small-12 large-12\"  >\n\t\t\t\t<div class=\"col-inner\"  >\n\t\t\t\n\t\t\t\n<h2><strong>Exklusive Vorteile der Bus-LED-Anzeige der TCS-Serie<\/strong><\/h2>\n<h3><strong>Robustes Au\u00dfendesign<\/strong><\/h3>\n<ul>\n<li>Mit wasser- und staubdichtem Geh\u00e4use f\u00fcr den langfristigen Einsatz im Freien.<\/li>\n<li>Best\u00e4ndig gegen Vibrationen und Temperaturschwankungen w\u00e4hrend der Fahrt.<\/li>\n<li>Gew\u00e4hrleistet gleichbleibende Leistung bei allen Wetterbedingungen.<\/li>\n<\/ul>\n<h3><strong>Fortschrittliches Steuerungssystem<\/strong><\/h3>\n<ul>\n<li>Unterst\u00fctzt GPS und drahtlose Updates zur automatischen Routenanzeige.<\/li>\n<li>Erm\u00f6glicht die Remote-Inhaltsverwaltung f\u00fcr die flottenweite Synchronisierung.<\/li>\n<li>Unterst\u00fctzt mehrere Dateneingabeformate f\u00fcr eine einfache Integration.<\/li>\n<\/ul>\n<h3><strong>Hohe Helligkeit und Klarheit<\/strong><\/h3>\n<ul>\n<li>Verwendet hochwertige LED-Module f\u00fcr klare Sicht bei allen Lichtverh\u00e4ltnissen.<\/li>\n<li>Die einstellbare Helligkeit passt sich an Tag- und Nachtumgebungen an.<\/li>\n<li>Klarer Text und fl\u00fcssiges Scrollen verbessern die Lesbarkeit f\u00fcr die Passagiere.<\/li>\n<\/ul>\n<h3><strong>Flexible Installationsoptionen<\/strong><\/h3>\n<ul>\n<li>Es kann an der Vorder-, R\u00fcckseite oder an den Seiten des Busses montiert werden.<\/li>\n<li>Das kompakte Design passt sich verschiedenen Fahrzeugmodellen und -layouts an.<\/li>\n<li>Ein einfacher Installations- und Wartungsprozess reduziert Ausfallzeiten<\/li>\n<\/ul>\n<h2>Produktdetails<\/h2>\n<div class=\"row\"  id=\"row-1607393103\">\n\n\t<div id=\"col-2096798387\" class=\"col medium-10 small-12 large-10\"  >\n\t\t\t\t<div class=\"col-inner text-left\"  >\n\t\t\t\n\t\t\t\n<ul>\n<li style=\"font-weight: 400;\" aria-level=\"1\"><strong>Lange Lebensdauer und intelligente Integration<\/strong> \u2013 Ausgestattet mit hochwertigen LED-Punktmatrixmodulen, <strong>Bus-LED-Anzeige der TCS-Serie<\/strong> Es bietet eine Lebensdauer von bis zu 100.000 Stunden. Es kann an ein intelligentes Dispatch-System angeschlossen werden, um externe Informationen anzuzeigen und sogar kommerzielle oder \u00f6ffentliche Bekanntmachungen f\u00fcr erweiterte Funktionalit\u00e4t einzuf\u00fcgen.<\/li>\n<\/ul>\n\t<div class=\"img has-hover x md-x lg-x y md-y lg-y\" id=\"image_1268759186\">\n\t\t\t\t\t\t\t\t<div class=\"img-inner dark\" >\n\t\t\t<img loading=\"lazy\" decoding=\"async\" width=\"500\" height=\"500\" src=\"https:\/\/www.telaled.com\/wp-content\/uploads\/2025\/10\/Frente-Bus-LED-Display.webp\" class=\"attachment-large size-large\" alt=\"LED-Anzeige des vorderen Busses\" srcset=\"https:\/\/www.telaled.com\/wp-content\/uploads\/2025\/10\/Frente-Bus-LED-Display.webp 500w, https:\/\/www.telaled.com\/wp-content\/uploads\/2025\/10\/Frente-Bus-LED-Display-300x300.webp 300w, https:\/\/www.telaled.com\/wp-content\/uploads\/2025\/10\/Frente-Bus-LED-Display-150x150.webp 150w, https:\/\/www.telaled.com\/wp-content\/uploads\/2025\/10\/Frente-Bus-LED-Display-12x12.webp 12w, https:\/\/www.telaled.com\/wp-content\/uploads\/2025\/10\/Frente-Bus-LED-Display-100x100.webp 100w\" sizes=\"auto, (max-width: 500px) 100vw, 500px\" \/>\t\t\t\t\t\t\n\t\t\t\t\t<\/div>\n\t\t\t\t\t\t\t\t\n<style>\n#image_1268759186 {\n  width: 80%;\n}\n<\/style>\n\t<\/div>\n\t\n<ul>\n<li><strong>Echtzeit-Routenanzeige<\/strong> \u2013 Das System zeigt Buslinien, Routennamen und Zieldetails \u00fcbersichtlich an. Es verbindet sich in Echtzeit mit dem integrierten Steuerungssystem des Fahrzeugs und unterst\u00fctzt Remote-Updates, sodass Informationen auch unterwegs sofort ge\u00e4ndert werden k\u00f6nnen.<\/li>\n<\/ul>\n\t<div class=\"img has-hover x md-x lg-x y md-y lg-y\" id=\"image_940770558\">\n\t\t\t\t\t\t\t\t<div class=\"img-inner dark\" >\n\t\t\t<img loading=\"lazy\" decoding=\"async\" width=\"2000\" height=\"1333\" src=\"https:\/\/www.telaled.com\/wp-content\/uploads\/2025\/10\/Bus-LED-Display-Details.webp\" class=\"attachment-original size-original\" alt=\"\" srcset=\"https:\/\/www.telaled.com\/wp-content\/uploads\/2025\/10\/Bus-LED-Display-Details.webp 2000w, https:\/\/www.telaled.com\/wp-content\/uploads\/2025\/10\/Bus-LED-Display-Details-300x200.webp 300w, https:\/\/www.telaled.com\/wp-content\/uploads\/2025\/10\/Bus-LED-Display-Details-1024x682.webp 1024w, https:\/\/www.telaled.com\/wp-content\/uploads\/2025\/10\/Bus-LED-Display-Details-768x512.webp 768w, https:\/\/www.telaled.com\/wp-content\/uploads\/2025\/10\/Bus-LED-Display-Details-1536x1024.webp 1536w, https:\/\/www.telaled.com\/wp-content\/uploads\/2025\/10\/Bus-LED-Display-Details-18x12.webp 18w, https:\/\/www.telaled.com\/wp-content\/uploads\/2025\/10\/Bus-LED-Display-Details-600x400.webp 600w\" sizes=\"auto, (max-width: 2000px) 100vw, 2000px\" \/>\t\t\t\t\t\t\n\t\t\t\t\t<\/div>\n\t\t\t\t\t\t\t\t\n<style>\n#image_940770558 {\n  width: 80%;\n}\n<\/style>\n\t<\/div>\n\t\n<ul>\n<li><strong>Bildschirm mit hoher Aufl\u00f6sung<\/strong> Mit einer Aufl\u00f6sung von 144 x 16 Pixeln und einer Anzeigefl\u00e4che von 684 x 76 mm bietet das Display gestochen scharfen, gut lesbaren Text und fl\u00fcssiges Scrollen. Die helle LED-Beleuchtung gew\u00e4hrleistet auch bei direkter Sonneneinstrahlung eine gute Lesbarkeit und verbessert so die Lesbarkeit f\u00fcr die Passagiere.<\/li>\n<\/ul>\n\t<div class=\"img has-hover x md-x lg-x y md-y lg-y\" id=\"image_1651155424\">\n\t\t\t\t\t\t\t\t<div class=\"img-inner dark\" >\n\t\t\t<img loading=\"lazy\" decoding=\"async\" width=\"500\" height=\"500\" src=\"https:\/\/www.telaled.com\/wp-content\/uploads\/2025\/10\/Bus-LED-Display-Details-3.webp\" class=\"attachment-large size-large\" alt=\"\" srcset=\"https:\/\/www.telaled.com\/wp-content\/uploads\/2025\/10\/Bus-LED-Display-Details-3.webp 500w, https:\/\/www.telaled.com\/wp-content\/uploads\/2025\/10\/Bus-LED-Display-Details-3-300x300.webp 300w, https:\/\/www.telaled.com\/wp-content\/uploads\/2025\/10\/Bus-LED-Display-Details-3-150x150.webp 150w, https:\/\/www.telaled.com\/wp-content\/uploads\/2025\/10\/Bus-LED-Display-Details-3-12x12.webp 12w, https:\/\/www.telaled.com\/wp-content\/uploads\/2025\/10\/Bus-LED-Display-Details-3-100x100.webp 100w\" sizes=\"auto, (max-width: 500px) 100vw, 500px\" \/>\t\t\t\t\t\t\n\t\t\t\t\t<\/div>\n\t\t\t\t\t\t\t\t\n<style>\n#image_1651155424 {\n  width: 80%;\n}\n<\/style>\n\t<\/div>\n\t\n<ul>\n<li><strong>Breite Spannungskompatibilit\u00e4t<\/strong> \u2013 Betrieb zwischen 9 und 36 V mit typischer Leistungsaufnahme unter 20 W, die <strong>Bus-LED-Anzeige der TCS-Serie<\/strong> Es bietet stabile Leistung bei minimalem Energieverbrauch. Diese Effizienz macht es ideal f\u00fcr eine Vielzahl von Anschaffungen und tr\u00e4gt gleichzeitig dazu bei, \u00fcberm\u00e4\u00dfige Betriebskosten zu senken.<\/li>\n<\/ul>\n\t<div class=\"img has-hover x md-x lg-x y md-y lg-y\" id=\"image_1872422308\">\n\t\t\t\t\t\t\t\t<div class=\"img-inner dark\" >\n\t\t\t<img loading=\"lazy\" decoding=\"async\" width=\"500\" height=\"500\" src=\"https:\/\/www.telaled.com\/wp-content\/uploads\/2025\/10\/Bus-LED-Display-1-1.webp\" class=\"attachment-large size-large\" alt=\"Bus-LED-Anzeige\" srcset=\"https:\/\/www.telaled.com\/wp-content\/uploads\/2025\/10\/Bus-LED-Display-1-1.webp 500w, https:\/\/www.telaled.com\/wp-content\/uploads\/2025\/10\/Bus-LED-Display-1-1-300x300.webp 300w, https:\/\/www.telaled.com\/wp-content\/uploads\/2025\/10\/Bus-LED-Display-1-1-150x150.webp 150w, https:\/\/www.telaled.com\/wp-content\/uploads\/2025\/10\/Bus-LED-Display-1-1-12x12.webp 12w, https:\/\/www.telaled.com\/wp-content\/uploads\/2025\/10\/Bus-LED-Display-1-1-100x100.webp 100w\" sizes=\"auto, (max-width: 500px) 100vw, 500px\" \/>\t\t\t\t\t\t\n\t\t\t\t\t<\/div>\n\t\t\t\t\t\t\t\t\n<style>\n#image_1872422308 {\n  width: 80%;\n}\n<\/style>\n\t<\/div>\n\t\n<ul>\n<li>DER <strong>Bus-LED-Anzeige der TCS-Serie<\/strong> Die Verpackung erfolgt in stabilen, verst\u00e4rkten Holzkisten f\u00fcr einen einfachen Versand. Jede Einheit ist sicher befestigt, um St\u00f6\u00dfe oder Sch\u00e4den durch Sch\u00e4dlinge zu verhindern. So wird sichergestellt, dass sie in einwandfreiem Zustand und einbaufertig bei Ihnen ankommt.<\/li>\n<\/ul>\n\t<div class=\"img has-hover x md-x lg-x y md-y lg-y\" id=\"image_708414023\">\n\t\t\t\t\t\t\t\t<div class=\"img-inner dark\" >\n\t\t\t<img loading=\"lazy\" decoding=\"async\" width=\"760\" height=\"1024\" src=\"https:\/\/www.telaled.com\/wp-content\/uploads\/2025\/08\/36123f2c-de60-488d-af81-255cd4aee54a-760x1024.webp\" class=\"attachment-large size-large\" alt=\"\" srcset=\"https:\/\/www.telaled.com\/wp-content\/uploads\/2025\/08\/36123f2c-de60-488d-af81-255cd4aee54a-760x1024.webp 760w, https:\/\/www.telaled.com\/wp-content\/uploads\/2025\/08\/36123f2c-de60-488d-af81-255cd4aee54a-223x300.webp 223w, https:\/\/www.telaled.com\/wp-content\/uploads\/2025\/08\/36123f2c-de60-488d-af81-255cd4aee54a-768x1035.webp 768w, https:\/\/www.telaled.com\/wp-content\/uploads\/2025\/08\/36123f2c-de60-488d-af81-255cd4aee54a-9x12.webp 9w, https:\/\/www.telaled.com\/wp-content\/uploads\/2025\/08\/36123f2c-de60-488d-af81-255cd4aee54a-600x808.webp 600w, https:\/\/www.telaled.com\/wp-content\/uploads\/2025\/08\/36123f2c-de60-488d-af81-255cd4aee54a.webp 795w\" sizes=\"auto, (max-width: 760px) 100vw, 760px\" \/>\t\t\t\t\t\t\n\t\t\t\t\t<\/div>\n\t\t\t\t\t\t\t\t\n<style>\n#image_708414023 {\n  width: 80%;\n}\n<\/style>\n\t<\/div>\n\t\n\n<table id=\"tablepress-98\" class=\"tablepress tablepress-id-98\">\n<thead>\n<tr class=\"row-1\">\n\t<th colspan=\"4\" class=\"column-1\">Hauptattribute<\/th>\n<\/tr>\n<\/thead>\n<tbody class=\"row-striping row-hover\">\n<tr class=\"row-2\">\n\t<td class=\"column-1\">Funktion<\/td><td class=\"column-2\">Bus-LED-Anzeige<\/td><td class=\"column-3\">Anzeigefunktion<\/td><td class=\"column-4\">W\u00f6rter<\/td>\n<\/tr>\n<tr class=\"row-3\">\n\t<td class=\"column-1\">Garantie<\/td><td class=\"column-2\">1 Jahr<\/td><td class=\"column-3\">Material<\/td><td class=\"column-4\">Leiterplatte + LEDs<\/td>\n<\/tr>\n<tr class=\"row-4\">\n\t<td class=\"column-1\">Aufl\u00f6sung<\/td><td class=\"column-2\">16 Punkte<\/td><td class=\"column-3\">Stromquelle<\/td><td class=\"column-4\">12 V Gleichstrom<\/td>\n<\/tr>\n<tr class=\"row-5\">\n\t<td class=\"column-1\">Stromspannung<\/td><td class=\"column-2\">9\u201336 V<\/td><td class=\"column-3\">Optischer Winkel<\/td><td class=\"column-4\">Horizontal 75\u201395\u00b0, Vertikal 40\u00b0<\/td>\n<\/tr>\n<tr class=\"row-6\">\n\t<td class=\"column-1\">Kolloidale Farbe<\/td><td class=\"column-2\">Rote, nebelartige Dispersion<\/td><td class=\"column-3\">Panelgr\u00f6\u00dfe<\/td><td class=\"column-4\">1194 m * 206 mm * 45 mm<\/td>\n<\/tr>\n<\/tbody>\n<\/table>\n<!-- #tablepress-98 from cache -->\n\t\t<\/div>\n\t\t\t\t\t<\/div>\n\n\t\n<\/div>\n\t\t<\/div>\n\t\t\t\t\t<\/div>\n\n\t\n<\/div>","protected":false},"excerpt":{"rendered":"<p><strong>Bus-LED-Anzeige \u2013 Intelligentere Beschilderung f\u00fcr moderne Transportmittel<\/strong><\/p>\n<p>DER <em><strong>Bus-LED-Anzeige der TCS-Serie<\/strong><\/em> sorgt f\u00fcr Klarheit und Kommunikation im \u00f6ffentlichen Nahverkehr. Das f\u00fcr Busse und Flotten konzipierte System zeigt Routen, Haltestellen und Nachrichten auf leuchtenden LEDs an und verbessert so das Fahrgasterlebnis und die Betriebseffizienz auf der Stra\u00dfe.<\/p>\n<p><strong>Hauptvorteile:<\/strong><\/p>\n<ul>\n<li><strong>Echtzeitinformationen<\/strong> \u2013 Zeigen Sie Routen, Ziele oder Servicemeldungen sofort an.<\/li>\n<li><strong>Energieeffizienz<\/strong> - Niedrig <a href=\"https:\/\/www.telaled.com\/de\/fabrica\/placar-eletronico-esportivo-serie-tea\/\">Energieverbrauch<\/a> f\u00fcr einen wirtschaftlichen und langfristigen Betrieb.<\/li>\n<li><strong>Hohe Sichtbarkeit<\/strong> \u2013 Helle LEDs sorgen f\u00fcr eine klare Anzeige auch bei Tageslicht oder schwachem Licht.<\/li>\n<li><strong>Anpassbare Nachrichten<\/strong> - Aktualisieren Sie Texte, Routen oder Anzeigen ganz einfach mit flexibler Planung.<\/li>\n<\/ul>\n<p><span style=\"font-weight: 400;\">Unser Team bietet 24\/7-Fernsupport und 3 Jahre Garantie. Kontaktieren Sie uns noch heute f\u00fcr ein individuelles Angebot.<\/span><\/p>","protected":false},"featured_media":3849,"template":"","meta":[],"product_brand":[],"product_cat":[48,40,44,46],"product_tag":[],"class_list":{"0":"post-3843","1":"product","2":"type-product","3":"status-publish","4":"has-post-thumbnail","6":"product_cat-paineis-personalizados","7":"product_cat-painel-de-led","8":"product_cat-painel-de-led-flexivel","9":"product_cat-painel-de-video","11":"first","12":"instock","13":"shipping-taxable","14":"product-type-simple"},"yoast_head":"<!-- This site is optimized with the Yoast SEO plugin v27.5 - https:\/\/yoast.com\/product\/yoast-seo-wordpress\/ -->\n<title>Bus LED Display S\u00e9rie TCS | TELALED<\/title>\n<meta name=\"description\" content=\"Bus LED Display sinaliza\u00e7\u00e3o clara e din\u00e2mica para transporte p\u00fablico. Projetado para atualiza\u00e7\u00f5es de rotas, publicidade e informa\u00e7\u00f5es em tempo real.\" \/>\n<meta name=\"robots\" content=\"index, follow, max-snippet:-1, max-image-preview:large, max-video-preview:-1\" \/>\n<link rel=\"canonical\" href=\"https:\/\/www.telaled.com\/de\/fabrica\/bus-led-display-serie-tcs\/\" \/>\n<meta property=\"og:locale\" content=\"de_DE\" \/>\n<meta property=\"og:type\" content=\"article\" \/>\n<meta property=\"og:title\" content=\"Bus LED Display S\u00e9rie TCS | TELALED\" \/>\n<meta property=\"og:description\" content=\"Bus LED Display sinaliza\u00e7\u00e3o clara e din\u00e2mica para transporte p\u00fablico. Projetado para atualiza\u00e7\u00f5es de rotas, publicidade e informa\u00e7\u00f5es em tempo real.\" \/>\n<meta property=\"og:url\" content=\"https:\/\/www.telaled.com\/de\/fabrica\/bus-led-display-serie-tcs\/\" \/>\n<meta property=\"og:site_name\" content=\"TELALED\" \/>\n<meta property=\"article:modified_time\" content=\"2026-01-07T02:11:30+00:00\" \/>\n<meta property=\"og:image\" content=\"https:\/\/www.telaled.com\/wp-content\/uploads\/2025\/10\/Bus-LED-Display-3.webp\" \/>\n\t<meta property=\"og:image:width\" content=\"500\" \/>\n\t<meta property=\"og:image:height\" content=\"500\" \/>\n\t<meta property=\"og:image:type\" content=\"image\/webp\" \/>\n<meta name=\"twitter:card\" content=\"summary_large_image\" \/>\n<meta name=\"twitter:label1\" content=\"Gesch\u00e4tzte Lesezeit\" \/>\n\t<meta name=\"twitter:data1\" content=\"3\u00a0Minuten\" \/>\n<script type=\"application\/ld+json\" class=\"yoast-schema-graph\">{\"@context\":\"https:\\\/\\\/schema.org\",\"@graph\":[{\"@type\":\"WebPage\",\"@id\":\"https:\\\/\\\/www.telaled.com\\\/fabrica\\\/bus-led-display-serie-tcs\\\/\",\"url\":\"https:\\\/\\\/www.telaled.com\\\/fabrica\\\/bus-led-display-serie-tcs\\\/\",\"name\":\"Bus LED Display S\u00e9rie TCS | TELALED\",\"isPartOf\":{\"@id\":\"https:\\\/\\\/www.telaled.com\\\/#website\"},\"primaryImageOfPage\":{\"@id\":\"https:\\\/\\\/www.telaled.com\\\/fabrica\\\/bus-led-display-serie-tcs\\\/#primaryimage\"},\"image\":{\"@id\":\"https:\\\/\\\/www.telaled.com\\\/fabrica\\\/bus-led-display-serie-tcs\\\/#primaryimage\"},\"thumbnailUrl\":\"https:\\\/\\\/www.telaled.com\\\/wp-content\\\/uploads\\\/2025\\\/10\\\/Bus-LED-Display-3.webp\",\"datePublished\":\"2025-10-07T12:59:53+00:00\",\"dateModified\":\"2026-01-07T02:11:30+00:00\",\"description\":\"Bus LED Display sinaliza\u00e7\u00e3o clara e din\u00e2mica para transporte p\u00fablico. Projetado para atualiza\u00e7\u00f5es de rotas, publicidade e informa\u00e7\u00f5es em tempo real.\",\"breadcrumb\":{\"@id\":\"https:\\\/\\\/www.telaled.com\\\/fabrica\\\/bus-led-display-serie-tcs\\\/#breadcrumb\"},\"inLanguage\":\"de\",\"potentialAction\":[{\"@type\":\"ReadAction\",\"target\":[\"https:\\\/\\\/www.telaled.com\\\/fabrica\\\/bus-led-display-serie-tcs\\\/\"]}]},{\"@type\":\"ImageObject\",\"inLanguage\":\"de\",\"@id\":\"https:\\\/\\\/www.telaled.com\\\/fabrica\\\/bus-led-display-serie-tcs\\\/#primaryimage\",\"url\":\"https:\\\/\\\/www.telaled.com\\\/wp-content\\\/uploads\\\/2025\\\/10\\\/Bus-LED-Display-3.webp\",\"contentUrl\":\"https:\\\/\\\/www.telaled.com\\\/wp-content\\\/uploads\\\/2025\\\/10\\\/Bus-LED-Display-3.webp\",\"width\":500,\"height\":500,\"caption\":\"Multiple Bus LED Display\"},{\"@type\":\"BreadcrumbList\",\"@id\":\"https:\\\/\\\/www.telaled.com\\\/fabrica\\\/bus-led-display-serie-tcs\\\/#breadcrumb\",\"itemListElement\":[{\"@type\":\"ListItem\",\"position\":1,\"name\":\"Home\",\"item\":\"https:\\\/\\\/www.telaled.com\\\/\"},{\"@type\":\"ListItem\",\"position\":2,\"name\":\"Produtos\",\"item\":\"https:\\\/\\\/www.telaled.com\\\/shop\\\/\"},{\"@type\":\"ListItem\",\"position\":3,\"name\":\"Bus LED Display S\u00e9rie TCS\"}]},{\"@type\":\"WebSite\",\"@id\":\"https:\\\/\\\/www.telaled.com\\\/#website\",\"url\":\"https:\\\/\\\/www.telaled.com\\\/\",\"name\":\"TELALED\",\"description\":\"\",\"potentialAction\":[{\"@type\":\"SearchAction\",\"target\":{\"@type\":\"EntryPoint\",\"urlTemplate\":\"https:\\\/\\\/www.telaled.com\\\/?s={search_term_string}\"},\"query-input\":{\"@type\":\"PropertyValueSpecification\",\"valueRequired\":true,\"valueName\":\"search_term_string\"}}],\"inLanguage\":\"de\"}]}<\/script>\n<!-- \/ Yoast SEO plugin. -->","yoast_head_json":{"title":"Bus-LED-Anzeige TCS-Serie | LED-BILDSCHIRM","description":"Bus-LED-Anzeige: Klare und dynamische Beschilderung f\u00fcr \u00f6ffentliche Verkehrsmittel. Entwickelt f\u00fcr Routenaktualisierungen, Werbung und Echtzeitinformationen.","robots":{"index":"index","follow":"follow","max-snippet":"max-snippet:-1","max-image-preview":"max-image-preview:large","max-video-preview":"max-video-preview:-1"},"canonical":"https:\/\/www.telaled.com\/de\/fabrica\/bus-led-display-serie-tcs\/","og_locale":"de_DE","og_type":"article","og_title":"Bus LED Display S\u00e9rie TCS | TELALED","og_description":"Bus LED Display sinaliza\u00e7\u00e3o clara e din\u00e2mica para transporte p\u00fablico. Projetado para atualiza\u00e7\u00f5es de rotas, publicidade e informa\u00e7\u00f5es em tempo real.","og_url":"https:\/\/www.telaled.com\/de\/fabrica\/bus-led-display-serie-tcs\/","og_site_name":"TELALED","article_modified_time":"2026-01-07T02:11:30+00:00","og_image":[{"width":500,"height":500,"url":"https:\/\/www.telaled.com\/wp-content\/uploads\/2025\/10\/Bus-LED-Display-3.webp","type":"image\/webp"}],"twitter_card":"summary_large_image","twitter_misc":{"Gesch\u00e4tzte Lesezeit":"3\u00a0Minuten"},"schema":{"@context":"https:\/\/schema.org","@graph":[{"@type":"WebPage","@id":"https:\/\/www.telaled.com\/fabrica\/bus-led-display-serie-tcs\/","url":"https:\/\/www.telaled.com\/fabrica\/bus-led-display-serie-tcs\/","name":"Bus-LED-Anzeige TCS-Serie | LED-BILDSCHIRM","isPartOf":{"@id":"https:\/\/www.telaled.com\/#website"},"primaryImageOfPage":{"@id":"https:\/\/www.telaled.com\/fabrica\/bus-led-display-serie-tcs\/#primaryimage"},"image":{"@id":"https:\/\/www.telaled.com\/fabrica\/bus-led-display-serie-tcs\/#primaryimage"},"thumbnailUrl":"https:\/\/www.telaled.com\/wp-content\/uploads\/2025\/10\/Bus-LED-Display-3.webp","datePublished":"2025-10-07T12:59:53+00:00","dateModified":"2026-01-07T02:11:30+00:00","description":"Bus-LED-Anzeige: Klare und dynamische Beschilderung f\u00fcr \u00f6ffentliche Verkehrsmittel. Entwickelt f\u00fcr Routenaktualisierungen, Werbung und Echtzeitinformationen.","breadcrumb":{"@id":"https:\/\/www.telaled.com\/fabrica\/bus-led-display-serie-tcs\/#breadcrumb"},"inLanguage":"de","potentialAction":[{"@type":"ReadAction","target":["https:\/\/www.telaled.com\/fabrica\/bus-led-display-serie-tcs\/"]}]},{"@type":"ImageObject","inLanguage":"de","@id":"https:\/\/www.telaled.com\/fabrica\/bus-led-display-serie-tcs\/#primaryimage","url":"https:\/\/www.telaled.com\/wp-content\/uploads\/2025\/10\/Bus-LED-Display-3.webp","contentUrl":"https:\/\/www.telaled.com\/wp-content\/uploads\/2025\/10\/Bus-LED-Display-3.webp","width":500,"height":500,"caption":"Multiple Bus LED Display"},{"@type":"BreadcrumbList","@id":"https:\/\/www.telaled.com\/fabrica\/bus-led-display-serie-tcs\/#breadcrumb","itemListElement":[{"@type":"ListItem","position":1,"name":"Home","item":"https:\/\/www.telaled.com\/"},{"@type":"ListItem","position":2,"name":"Produtos","item":"https:\/\/www.telaled.com\/shop\/"},{"@type":"ListItem","position":3,"name":"Bus LED Display S\u00e9rie TCS"}]},{"@type":"WebSite","@id":"https:\/\/www.telaled.com\/#website","url":"https:\/\/www.telaled.com\/","name":"LED-Bildschirm","description":"","potentialAction":[{"@type":"SearchAction","target":{"@type":"EntryPoint","urlTemplate":"https:\/\/www.telaled.com\/?s={search_term_string}"},"query-input":{"@type":"PropertyValueSpecification","valueRequired":true,"valueName":"search_term_string"}}],"inLanguage":"de"}]}},"_links":{"self":[{"href":"https:\/\/www.telaled.com\/de\/wp-json\/wp\/v2\/product\/3843","targetHints":{"allow":["GET"]}}],"collection":[{"href":"https:\/\/www.telaled.com\/de\/wp-json\/wp\/v2\/product"}],"about":[{"href":"https:\/\/www.telaled.com\/de\/wp-json\/wp\/v2\/types\/product"}],"wp:featuredmedia":[{"embeddable":true,"href":"https:\/\/www.telaled.com\/de\/wp-json\/wp\/v2\/media\/3849"}],"wp:attachment":[{"href":"https:\/\/www.telaled.com\/de\/wp-json\/wp\/v2\/media?parent=3843"}],"wp:term":[{"taxonomy":"product_brand","embeddable":true,"href":"https:\/\/www.telaled.com\/de\/wp-json\/wp\/v2\/product_brand?post=3843"},{"taxonomy":"product_cat","embeddable":true,"href":"https:\/\/www.telaled.com\/de\/wp-json\/wp\/v2\/product_cat?post=3843"},{"taxonomy":"product_tag","embeddable":true,"href":"https:\/\/www.telaled.com\/de\/wp-json\/wp\/v2\/product_tag?post=3843"}],"curies":[{"name":"wp","href":"https:\/\/api.w.org\/{rel}","templated":true}]}}