{"id":3807,"date":"2025-10-06T23:00:34","date_gmt":"2025-10-06T23:00:34","guid":{"rendered":"https:\/\/www.telaled.com\/?post_type=product&#038;p=3807"},"modified":"2026-01-07T01:51:29","modified_gmt":"2026-01-07T01:51:29","slug":"e-paper-digital-signage-serie-taa","status":"publish","type":"product","link":"https:\/\/www.telaled.com\/de\/fabrica\/e-paper-digital-signage-serie-taa\/","title":{"rendered":"E-Paper Digital Signage TAA-Serie"},"content":{"rendered":"<div class=\"row\"  id=\"row-1619077811\">\n\n\t<div id=\"col-1022759929\" class=\"col small-12 large-12\"  >\n\t\t\t\t<div class=\"col-inner\"  >\n\t\t\t\n\t\t\t\n<h2>E-Paper Digital Signage TAA-Serie<\/h2>\n<h3><strong>\u00dcberragende Haltbarkeit<\/strong><\/h3>\n<ul>\n<li>Konstruiert mit verzinktem Eisenrahmen, entspiegeltem Hartglas und IP65-Geh\u00e4use mit UV-Schutz.<\/li>\n<li>Best\u00e4ndig gegen Blendung, Hitze, Feuchtigkeit und Au\u00dfenbedingungen.<\/li>\n<\/ul>\n<h3><strong>Au\u00dfergew\u00f6hnliche Bildqualit\u00e4t<\/strong><\/h3>\n<ul>\n<li>DER <strong>E-Paper Digital Signage TAA-Serie<\/strong> Sorgt f\u00fcr klare Sicht bei direkter Sonneneinstrahlung.<\/li>\n<li>Geringer Energieverbrauch und lange Lebensdauer.<\/li>\n<li>Zuverl\u00e4ssiger Betrieb in Umgebungen von 15 \u00b0C bis 60 \u00b0C.<\/li>\n<\/ul>\n<h3><strong>Vollst\u00e4ndige Anpassungsf\u00e4higkeit<\/strong><\/h3>\n<ul>\n<li>Erh\u00e4ltlich in den Bildschirmgr\u00f6\u00dfen 31,5&quot;, A2 und A4.<\/li>\n<li>Unterst\u00fctzt Wi-Fi und USB 2.0 f\u00fcr schnelle Inhaltsaktualisierungen.<\/li>\n<li>Batterie- oder Gleichstrombetrieb f\u00fcr tragbare oder feste Installation.<\/li>\n<\/ul>\n<h3><strong>Umfassende Unterst\u00fctzung<\/strong><\/h3>\n<ul>\n<li><em><strong>Experten-Support rund um die Uhr:<\/strong><\/em> Verlassen Sie sich jederzeit und \u00fcberall auf unser technisches Team, damit Ihr System reibungslos l\u00e4uft.<\/li>\n<li><strong><em>Kostenlose Ersatzteile inklusive:<\/em><\/strong> Jede Bestellung enth\u00e4lt 5% Ersatzteile, damit Ihr Display zuverl\u00e4ssig bleibt und f\u00fcr jedes Projekt bereit ist.<\/li>\n<li><em><strong>Auf Zuverl\u00e4ssigkeit ausgelegt:<\/strong><\/em> Zus\u00e4tzliche Komponenten tragen dazu bei, Ausfallzeiten zu minimieren und sorgen f\u00fcr einen reibungslosen Betrieb und eine l\u00e4ngere Lebensdauer.<\/li>\n<li><em><strong>3 Jahre Garantie:<\/strong><\/em> Genie\u00dfen Sie absolute Sorgenfreiheit mit einer vollen 3-Jahres-Garantie, zuverl\u00e4ssigem Service und dauerhaftem Schutz f\u00fcr Ihre Investition.<\/li>\n<\/ul>\n<h2>Produktdetails<\/h2>\n<div class=\"row\"  id=\"row-1198329980\">\n\n\t<div id=\"col-233888385\" class=\"col medium-10 small-12 large-10\"  >\n\t\t\t\t<div class=\"col-inner text-left\"  >\n\t\t\t\n\t\t\t\n<ul>\n<li><em><strong>Digitales E-Paper S<\/strong><\/em><span data-sheets-root=\"1\"><em><strong>Z\u00fcndung der TAA-Serie<\/strong><\/em> Die<\/span>Sie bieten eine moderne, umweltfreundliche Alternative zu Papierplakaten. Ideal f\u00fcr POS-Werbung, Speisekarten, Fahrpl\u00e4ne und Transportinformationen. Sie bieten klare, gleichbleibende Sichtbarkeit in hellen und dunklen Umgebungen. PPPs sind blendfrei, augenschonend und reduzieren blaues Licht. Perfekt f\u00fcr Einzelhandel, Gastronomie und \u00f6ffentliche R\u00e4ume.<\/li>\n<\/ul>\n\t<div class=\"img has-hover x md-x lg-x y md-y lg-y\" id=\"image_2068797235\">\n\t\t\t\t\t\t\t\t<div class=\"img-inner dark\" >\n\t\t\t<img loading=\"lazy\" decoding=\"async\" width=\"1200\" height=\"900\" src=\"https:\/\/www.telaled.com\/wp-content\/uploads\/2025\/10\/e-paper-digital-signage7.webp\" class=\"attachment-original size-original\" alt=\"E-Paper-Digital-Signage7\" srcset=\"https:\/\/www.telaled.com\/wp-content\/uploads\/2025\/10\/e-paper-digital-signage7.webp 1200w, https:\/\/www.telaled.com\/wp-content\/uploads\/2025\/10\/e-paper-digital-signage7-300x225.webp 300w, https:\/\/www.telaled.com\/wp-content\/uploads\/2025\/10\/e-paper-digital-signage7-1024x768.webp 1024w, https:\/\/www.telaled.com\/wp-content\/uploads\/2025\/10\/e-paper-digital-signage7-768x576.webp 768w, https:\/\/www.telaled.com\/wp-content\/uploads\/2025\/10\/e-paper-digital-signage7-16x12.webp 16w, https:\/\/www.telaled.com\/wp-content\/uploads\/2025\/10\/e-paper-digital-signage7-600x450.webp 600w\" sizes=\"auto, (max-width: 1200px) 100vw, 1200px\" \/>\t\t\t\t\t\t\n\t\t\t\t\t<\/div>\n\t\t\t\t\t\t\t\t\n<style>\n#image_2068797235 {\n  width: 80%;\n}\n<\/style>\n\t<\/div>\n\t\n<ul>\n<li>DER <em><strong>E-Paper Digital Signage TAA-Serie<\/strong><\/em> Das leichte Ger\u00e4t bietet eine einfache Installation und ein innovatives Design. Es unterst\u00fctzt die intelligente Bedienung und einfache Inhaltsaktualisierungen \u00fcber USB, WLAN oder Bluetooth. Es bietet eine nahtlose Inhaltssteuerung. Batteriebetrieben und kabellos kann es an der Wand oder in jeder beliebigen Position montiert werden. Dies gew\u00e4hrleistet flexiblen Einsatz, minimalen Wartungsaufwand und zuverl\u00e4ssige Leistung f\u00fcr moderne Digital Signage-L\u00f6sungen.<\/li>\n<\/ul>\n\t<div class=\"img has-hover x md-x lg-x y md-y lg-y\" id=\"image_310096227\">\n\t\t\t\t\t\t\t\t<div class=\"img-inner dark\" >\n\t\t\t<img loading=\"lazy\" decoding=\"async\" width=\"1020\" height=\"765\" src=\"https:\/\/www.telaled.com\/wp-content\/uploads\/2025\/10\/e-paper-digital-signage8-1024x768.webp\" class=\"attachment-large size-large\" alt=\"E-Paper-Digital-Signage8\" srcset=\"https:\/\/www.telaled.com\/wp-content\/uploads\/2025\/10\/e-paper-digital-signage8-1024x768.webp 1024w, https:\/\/www.telaled.com\/wp-content\/uploads\/2025\/10\/e-paper-digital-signage8-300x225.webp 300w, https:\/\/www.telaled.com\/wp-content\/uploads\/2025\/10\/e-paper-digital-signage8-768x576.webp 768w, https:\/\/www.telaled.com\/wp-content\/uploads\/2025\/10\/e-paper-digital-signage8-16x12.webp 16w, https:\/\/www.telaled.com\/wp-content\/uploads\/2025\/10\/e-paper-digital-signage8-600x450.webp 600w, https:\/\/www.telaled.com\/wp-content\/uploads\/2025\/10\/e-paper-digital-signage8.webp 1200w\" sizes=\"auto, (max-width: 1020px) 100vw, 1020px\" \/>\t\t\t\t\t\t\n\t\t\t\t\t<\/div>\n\t\t\t\t\t\t\t\t\n<style>\n#image_310096227 {\n  width: 80%;\n}\n<\/style>\n\t<\/div>\n\t\n<ul>\n<li>Unser <em><strong>E-Paper Digital Signage TAA-Serie<\/strong><\/em> liefert animierte Bilder, die das Publikum fesseln und den Wiedererkennungswert der Marke steigern. Es ist f\u00fcr den Dauereinsatz rund um die Uhr konzipiert und bietet eine Batterielaufzeit von 6 bis 9 Monaten. Optional ist ein integriertes Netzteil f\u00fcr den Standalone-Betrieb erh\u00e4ltlich. Leicht und robust eignet es sich perfekt f\u00fcr moderne, energieeffiziente Werbung und langlebige digitale Displayl\u00f6sungen.<\/li>\n<\/ul>\n\t<div class=\"img has-hover x md-x lg-x y md-y lg-y\" id=\"image_920802180\">\n\t\t\t\t\t\t\t\t<div class=\"img-inner dark\" >\n\t\t\t<img loading=\"lazy\" decoding=\"async\" width=\"650\" height=\"487\" src=\"https:\/\/www.telaled.com\/wp-content\/uploads\/2025\/10\/e-paper-displays.gif\" class=\"attachment-large size-large\" alt=\"E-Paper Digital Signage9\" \/>\t\t\t\t\t\t\n\t\t\t\t\t<\/div>\n\t\t\t\t\t\t\t\t\n<style>\n#image_920802180 {\n  width: 80%;\n}\n<\/style>\n\t<\/div>\n\t\n<ul>\n<li><em><strong>E-Paper Digital Signage TAA-Serie<\/strong><\/em> Sie werden zum Schutz w\u00e4hrend des Transports in verst\u00e4rkten Holzkisten verpackt. Jede Einheit ist sicher verpackt, um Sch\u00e4den durch Sch\u00e4dlinge, St\u00f6\u00dfe und andere Gefahren zu vermeiden. Dies gew\u00e4hrleistet Langlebigkeit und eine sichere Lieferung.<\/li>\n<\/ul>\n\t<div class=\"img has-hover x md-x lg-x y md-y lg-y\" id=\"image_1968563872\">\n\t\t\t\t\t\t\t\t<div class=\"img-inner dark\" >\n\t\t\t<img loading=\"lazy\" decoding=\"async\" width=\"760\" height=\"1024\" src=\"https:\/\/www.telaled.com\/wp-content\/uploads\/2025\/08\/36123f2c-de60-488d-af81-255cd4aee54a-760x1024.webp\" class=\"attachment-large size-large\" alt=\"\" srcset=\"https:\/\/www.telaled.com\/wp-content\/uploads\/2025\/08\/36123f2c-de60-488d-af81-255cd4aee54a-760x1024.webp 760w, https:\/\/www.telaled.com\/wp-content\/uploads\/2025\/08\/36123f2c-de60-488d-af81-255cd4aee54a-223x300.webp 223w, https:\/\/www.telaled.com\/wp-content\/uploads\/2025\/08\/36123f2c-de60-488d-af81-255cd4aee54a-768x1035.webp 768w, https:\/\/www.telaled.com\/wp-content\/uploads\/2025\/08\/36123f2c-de60-488d-af81-255cd4aee54a-9x12.webp 9w, https:\/\/www.telaled.com\/wp-content\/uploads\/2025\/08\/36123f2c-de60-488d-af81-255cd4aee54a-600x808.webp 600w, https:\/\/www.telaled.com\/wp-content\/uploads\/2025\/08\/36123f2c-de60-488d-af81-255cd4aee54a.webp 795w\" sizes=\"auto, (max-width: 760px) 100vw, 760px\" \/>\t\t\t\t\t\t\n\t\t\t\t\t<\/div>\n\t\t\t\t\t\t\t\t\n<style>\n#image_1968563872 {\n  width: 80%;\n}\n<\/style>\n\t<\/div>\n\t\n\n<table id=\"tablepress-96\" class=\"tablepress tablepress-id-96\">\n<thead>\n<tr class=\"row-1\">\n\t<th class=\"column-1\">Allgemeine Beschreibung<\/th><td class=\"column-2\"><\/td>\n<\/tr>\n<\/thead>\n<tbody class=\"row-striping row-hover\">\n<tr class=\"row-2\">\n\t<td class=\"column-1\">Material<\/td><td class=\"column-2\">Verzinktes Eisen<\/td>\n<\/tr>\n<tr class=\"row-3\">\n\t<td class=\"column-1\">Kastenfarbe<\/td><td class=\"column-2\">Wei\u00df\/Schwarz<\/td>\n<\/tr>\n<tr class=\"row-4\">\n\t<td class=\"column-1\">Schnittstelle (f\u00fcr Multimedia-Wiedergabe)<\/td><td class=\"column-2\">USB 2.0 \/ WLAN<\/td>\n<\/tr>\n<tr class=\"row-5\">\n\t<td class=\"column-1\">Energieverbrauch<\/td><td class=\"column-2\">12 V 5000 mA<\/td>\n<\/tr>\n<tr class=\"row-6\">\n\t<td class=\"column-1\">Betriebsdauer<\/td><td class=\"column-2\">0 W (statischer Zustand) 6 bis 12 Monate (Nutzungsdauer variiert je nach Menge der aktualisierten Inhalte)<\/td>\n<\/tr>\n<tr class=\"row-7\">\n\t<td class=\"column-1\">Modulparameter<\/td><td class=\"column-2\"><\/td>\n<\/tr>\n<tr class=\"row-8\">\n\t<td class=\"column-1\">Gr\u00f6\u00dfe<\/td><td class=\"column-2\">31,5<\/td>\n<\/tr>\n<tr class=\"row-9\">\n\t<td class=\"column-1\">Bildschirmaufl\u00f6sung<\/td><td class=\"column-2\">1920 (H) x 1080 (V)<\/td>\n<\/tr>\n<tr class=\"row-10\">\n\t<td class=\"column-1\">Bildschirm<\/td><td class=\"column-2\">Farbiger E-Paper-Bildschirm<\/td>\n<\/tr>\n<tr class=\"row-11\">\n\t<td class=\"column-1\">Ausstellung<\/td><td class=\"column-2\">Gesamtfarbe<\/td>\n<\/tr>\n<tr class=\"row-12\">\n\t<td class=\"column-1\">Bildschirm-Seitenverh\u00e4ltnis<\/td><td class=\"column-2\">16:9<\/td>\n<\/tr>\n<tr class=\"row-13\">\n\t<td class=\"column-1\">Anzeigebereich (HXV)<\/td><td class=\"column-2\">363,38 mm x 697,68 mm<\/td>\n<\/tr>\n<tr class=\"row-14\">\n\t<td class=\"column-1\">Betrachtungswinkel<\/td><td class=\"column-2\">178\u00b0 x 178\u00b0<\/td>\n<\/tr>\n<tr class=\"row-15\">\n\t<td class=\"column-1\">Ansprechzeit<\/td><td class=\"column-2\">1 ms<\/td>\n<\/tr>\n<tr class=\"row-16\">\n\t<td class=\"column-1\">Interner Player mit extrem niedrigem Stromverbrauch<\/td><td class=\"column-2\"><\/td>\n<\/tr>\n<tr class=\"row-17\">\n\t<td class=\"column-1\">MCU<\/td><td class=\"column-2\">Xtensa @ 32-Bit Dual Core<\/td>\n<\/tr>\n<tr class=\"row-18\">\n\t<td class=\"column-1\">Lagerung<\/td><td class=\"column-2\">120M EMMC<\/td>\n<\/tr>\n<tr class=\"row-19\">\n\t<td class=\"column-1\">Temperatur und Luftfeuchtigkeit<\/td><td class=\"column-2\"><\/td>\n<\/tr>\n<tr class=\"row-20\">\n\t<td class=\"column-1\">Lagertemperatur<\/td><td class=\"column-2\">-25\u2103~ 70\u2103<\/td>\n<\/tr>\n<tr class=\"row-21\">\n\t<td class=\"column-1\">Betriebstemperatur<\/td><td class=\"column-2\">-20\u2103~ 60\u2103<\/td>\n<\/tr>\n<tr class=\"row-22\">\n\t<td class=\"column-1\">Luftfeuchtigkeit<\/td><td class=\"column-2\">10% ~ 90%<\/td>\n<\/tr>\n<tr class=\"row-23\">\n\t<td class=\"column-1\">Abmessungen\/Gewicht<\/td><td class=\"column-2\">Nettogewicht: 5 kg, Nettogewicht: 5 kg, Bruttogewicht: 7,5 kg, Abmessungen: 728 mm x 423 mm x 20 mm, Verpackungsgr\u00f6\u00dfe: 870 mm x 590 mm x 160 mm<\/td>\n<\/tr>\n<tr class=\"row-24\">\n\t<td class=\"column-1\">Wandhalterung<\/td><td class=\"column-2\">VESA-Unterst\u00fctzung 100 x 100 mm, 200 x 200 mm<\/td>\n<\/tr>\n<tr class=\"row-25\">\n\t<td class=\"column-1\">APl-Netzwerksteuerung<\/td><td class=\"column-2\">Kontoverwaltung, Terminalger\u00e4teverwaltung, Terminal- und Server-Heartbeat-Verbindungseinstellungen, Bildkarusselleinstellungen, Terminal-Ruhezustand und -Aktivierung, Terminal-Ruhezustand und -Aktivierungseinstellungen (Ultra-Low-Power-Modus)<\/td>\n<\/tr>\n<tr class=\"row-26\">\n\t<td class=\"column-1\"><\/td><td class=\"column-2\"><\/td>\n<\/tr>\n<tr class=\"row-27\">\n\t<td class=\"column-1\"><\/td><td class=\"column-2\"><\/td>\n<\/tr>\n<tr class=\"row-28\">\n\t<td class=\"column-1\"><\/td><td class=\"column-2\"><\/td>\n<\/tr>\n<tr class=\"row-29\">\n\t<td class=\"column-1\"><\/td><td class=\"column-2\"><\/td>\n<\/tr>\n<tr class=\"row-30\">\n\t<td class=\"column-1\"><\/td><td class=\"column-2\"><\/td>\n<\/tr>\n<tr class=\"row-31\">\n\t<td class=\"column-1\"><\/td><td class=\"column-2\"><\/td>\n<\/tr>\n<\/tbody>\n<\/table>\n<!-- #tablepress-96 from cache -->\n\t\t<\/div>\n\t\t\t\t\t<\/div>\n\n\t\n<\/div>\n\t\t<\/div>\n\t\t\t\t\t<\/div>\n\n\t\n<\/div>","protected":false},"excerpt":{"rendered":"<p><strong>E-Paper Digital Signage TAA-Serie \u2013 Intelligentes E-Ink-Farbdisplay f\u00fcr Werbung<\/strong><\/p>\n<p>Erleben Sie eine neue \u00c4ra nachhaltiger Werbung mit unserem <strong>E-Paper Digital Signage TAA-Serie<\/strong>. Ausgestattet mit modernster E-Ink-Technologie liefert es brillante Bilder bei sehr geringen Tintenkosten. <a href=\"https:\/\/www.telaled.com\/de\/entendendo-o-consumo-de-energia-painel-de-led-quao-eficientes-sao-os-displays-de-led-modernos\/\">Energieverbrauch<\/a>; Ideal f\u00fcr moderne Unternehmen, die Wert auf Effizienz und Umweltverantwortung legen.<\/p>\n<p><strong>Haupteigenschaften:<\/strong><\/p>\n<ul>\n<li>Verwendet reflektierende E-Ink-Technologie, um statische Inhalte ohne kontinuierliche Stromversorgung anzuzeigen und so die Energiekosten zu senken.<\/li>\n<li>Beh\u00e4lt hohen Kontrast und Sichtbarkeit auch bei hellem Au\u00dfenlicht bei, perfekt f\u00fcr \u00f6ffentliche Informationstafeln und Einzelhandelsbeschilderung.<\/li>\n<li>Verf\u00fcgbar mit USB 2.0- und Wi-Fi-Schnittstellen, unterst\u00fctzt flexibles Multimedia-Content-Management.<\/li>\n<li>Auf Nachhaltigkeit ausgelegt, mit minimaler W\u00e4rmeentwicklung, recycelbaren Materialien und einer langen Betriebslebensdauer f\u00fcr geringeren Wartungsaufwand.<\/li>\n<\/ul>\n<p>Profitieren Sie von zuverl\u00e4ssigem Remote-Support rund um die Uhr mit einer umfassenden 3-Jahres-Garantie. Kontaktieren Sie uns noch heute f\u00fcr ein kostenloses, individuelles Angebot, das auf Ihre Projektanforderungen zugeschnitten ist.<\/p>","protected":false},"featured_media":3810,"template":"","meta":[],"product_brand":[],"product_cat":[15],"product_tag":[],"class_list":{"0":"post-3807","1":"product","2":"type-product","3":"status-publish","4":"has-post-thumbnail","6":"product_cat-sem-categoria","8":"first","9":"instock","10":"shipping-taxable","11":"product-type-simple"},"yoast_head":"<!-- This site is optimized with the Yoast SEO plugin v27.5 - https:\/\/yoast.com\/product\/yoast-seo-wordpress\/ -->\n<title>E-paper Digital Signage S\u00e9rie TAA | Tela de tinta eletr\u00f4nica colorida para publicidade externa com economia de energia | TELALED<\/title>\n<meta name=\"description\" content=\"Conhe\u00e7a a S\u00e9rie TAA de Sinaliza\u00e7\u00e3o Digital em Papel Eletr\u00f4nico com tecnologia full-color. Ideal para publicidade externa, oferece baix\u00edssimo consumo de energia, alta visibilidade e desempenho ecol\u00f3gico para sinaliza\u00e7\u00e3o digital inteligente.\" \/>\n<meta name=\"robots\" content=\"index, follow, max-snippet:-1, max-image-preview:large, max-video-preview:-1\" \/>\n<link rel=\"canonical\" href=\"https:\/\/www.telaled.com\/de\/fabrica\/e-paper-digital-signage-serie-taa\/\" \/>\n<meta property=\"og:locale\" content=\"de_DE\" \/>\n<meta property=\"og:type\" content=\"article\" \/>\n<meta property=\"og:title\" content=\"E-paper Digital Signage S\u00e9rie TAA | Tela de tinta eletr\u00f4nica colorida para publicidade externa com economia de energia | TELALED\" \/>\n<meta property=\"og:description\" content=\"Conhe\u00e7a a S\u00e9rie TAA de Sinaliza\u00e7\u00e3o Digital em Papel Eletr\u00f4nico com tecnologia full-color. Ideal para publicidade externa, oferece baix\u00edssimo consumo de energia, alta visibilidade e desempenho ecol\u00f3gico para sinaliza\u00e7\u00e3o digital inteligente.\" \/>\n<meta property=\"og:url\" content=\"https:\/\/www.telaled.com\/de\/fabrica\/e-paper-digital-signage-serie-taa\/\" \/>\n<meta property=\"og:site_name\" content=\"TELALED\" \/>\n<meta property=\"article:modified_time\" content=\"2026-01-07T01:51:29+00:00\" \/>\n<meta property=\"og:image\" content=\"https:\/\/www.telaled.com\/wp-content\/uploads\/2025\/10\/e-paper-digital-signage-1.webp\" \/>\n\t<meta property=\"og:image:width\" content=\"500\" \/>\n\t<meta property=\"og:image:height\" content=\"500\" \/>\n\t<meta property=\"og:image:type\" content=\"image\/webp\" \/>\n<meta name=\"twitter:card\" content=\"summary_large_image\" \/>\n<meta name=\"twitter:label1\" content=\"Gesch\u00e4tzte Lesezeit\" \/>\n\t<meta name=\"twitter:data1\" content=\"3\u00a0Minuten\" \/>\n<script type=\"application\/ld+json\" class=\"yoast-schema-graph\">{\"@context\":\"https:\\\/\\\/schema.org\",\"@graph\":[{\"@type\":\"WebPage\",\"@id\":\"https:\\\/\\\/www.telaled.com\\\/fabrica\\\/e-paper-digital-signage-serie-taa\\\/\",\"url\":\"https:\\\/\\\/www.telaled.com\\\/fabrica\\\/e-paper-digital-signage-serie-taa\\\/\",\"name\":\"E-paper Digital Signage S\u00e9rie TAA | Tela de tinta eletr\u00f4nica colorida para publicidade externa com economia de energia | TELALED\",\"isPartOf\":{\"@id\":\"https:\\\/\\\/www.telaled.com\\\/#website\"},\"primaryImageOfPage\":{\"@id\":\"https:\\\/\\\/www.telaled.com\\\/fabrica\\\/e-paper-digital-signage-serie-taa\\\/#primaryimage\"},\"image\":{\"@id\":\"https:\\\/\\\/www.telaled.com\\\/fabrica\\\/e-paper-digital-signage-serie-taa\\\/#primaryimage\"},\"thumbnailUrl\":\"https:\\\/\\\/www.telaled.com\\\/wp-content\\\/uploads\\\/2025\\\/10\\\/e-paper-digital-signage-1.webp\",\"datePublished\":\"2025-10-06T23:00:34+00:00\",\"dateModified\":\"2026-01-07T01:51:29+00:00\",\"description\":\"Conhe\u00e7a a S\u00e9rie TAA de Sinaliza\u00e7\u00e3o Digital em Papel Eletr\u00f4nico com tecnologia full-color. Ideal para publicidade externa, oferece baix\u00edssimo consumo de energia, alta visibilidade e desempenho ecol\u00f3gico para sinaliza\u00e7\u00e3o digital inteligente.\",\"breadcrumb\":{\"@id\":\"https:\\\/\\\/www.telaled.com\\\/fabrica\\\/e-paper-digital-signage-serie-taa\\\/#breadcrumb\"},\"inLanguage\":\"de\",\"potentialAction\":[{\"@type\":\"ReadAction\",\"target\":[\"https:\\\/\\\/www.telaled.com\\\/fabrica\\\/e-paper-digital-signage-serie-taa\\\/\"]}]},{\"@type\":\"ImageObject\",\"inLanguage\":\"de\",\"@id\":\"https:\\\/\\\/www.telaled.com\\\/fabrica\\\/e-paper-digital-signage-serie-taa\\\/#primaryimage\",\"url\":\"https:\\\/\\\/www.telaled.com\\\/wp-content\\\/uploads\\\/2025\\\/10\\\/e-paper-digital-signage-1.webp\",\"contentUrl\":\"https:\\\/\\\/www.telaled.com\\\/wp-content\\\/uploads\\\/2025\\\/10\\\/e-paper-digital-signage-1.webp\",\"width\":500,\"height\":500,\"caption\":\"e-paper-digital-signage (1)\"},{\"@type\":\"BreadcrumbList\",\"@id\":\"https:\\\/\\\/www.telaled.com\\\/fabrica\\\/e-paper-digital-signage-serie-taa\\\/#breadcrumb\",\"itemListElement\":[{\"@type\":\"ListItem\",\"position\":1,\"name\":\"Home\",\"item\":\"https:\\\/\\\/www.telaled.com\\\/\"},{\"@type\":\"ListItem\",\"position\":2,\"name\":\"Produtos\",\"item\":\"https:\\\/\\\/www.telaled.com\\\/shop\\\/\"},{\"@type\":\"ListItem\",\"position\":3,\"name\":\"E-paper Digital Signage S\u00e9rie TAA\"}]},{\"@type\":\"WebSite\",\"@id\":\"https:\\\/\\\/www.telaled.com\\\/#website\",\"url\":\"https:\\\/\\\/www.telaled.com\\\/\",\"name\":\"TELALED\",\"description\":\"\",\"potentialAction\":[{\"@type\":\"SearchAction\",\"target\":{\"@type\":\"EntryPoint\",\"urlTemplate\":\"https:\\\/\\\/www.telaled.com\\\/?s={search_term_string}\"},\"query-input\":{\"@type\":\"PropertyValueSpecification\",\"valueRequired\":true,\"valueName\":\"search_term_string\"}}],\"inLanguage\":\"de\"}]}<\/script>\n<!-- \/ Yoast SEO plugin. -->","yoast_head_json":{"title":"E-Paper Digital Signage TAA-Serie | Energiesparendes vollfarbiges E-Ink-Display f\u00fcr Au\u00dfenwerbung | TELALED","description":"Entdecken Sie die TAA-Serie digitaler elektronischer Beschilderungen mit Vollfarbtechnologie. Sie ist ideal f\u00fcr Au\u00dfenwerbung und bietet extrem niedrigen Energieverbrauch, hohe Sichtbarkeit und umweltfreundliche Leistung f\u00fcr intelligente digitale Beschilderung.","robots":{"index":"index","follow":"follow","max-snippet":"max-snippet:-1","max-image-preview":"max-image-preview:large","max-video-preview":"max-video-preview:-1"},"canonical":"https:\/\/www.telaled.com\/de\/fabrica\/e-paper-digital-signage-serie-taa\/","og_locale":"de_DE","og_type":"article","og_title":"E-paper Digital Signage S\u00e9rie TAA | Tela de tinta eletr\u00f4nica colorida para publicidade externa com economia de energia | TELALED","og_description":"Conhe\u00e7a a S\u00e9rie TAA de Sinaliza\u00e7\u00e3o Digital em Papel Eletr\u00f4nico com tecnologia full-color. Ideal para publicidade externa, oferece baix\u00edssimo consumo de energia, alta visibilidade e desempenho ecol\u00f3gico para sinaliza\u00e7\u00e3o digital inteligente.","og_url":"https:\/\/www.telaled.com\/de\/fabrica\/e-paper-digital-signage-serie-taa\/","og_site_name":"TELALED","article_modified_time":"2026-01-07T01:51:29+00:00","og_image":[{"width":500,"height":500,"url":"https:\/\/www.telaled.com\/wp-content\/uploads\/2025\/10\/e-paper-digital-signage-1.webp","type":"image\/webp"}],"twitter_card":"summary_large_image","twitter_misc":{"Gesch\u00e4tzte Lesezeit":"3\u00a0Minuten"},"schema":{"@context":"https:\/\/schema.org","@graph":[{"@type":"WebPage","@id":"https:\/\/www.telaled.com\/fabrica\/e-paper-digital-signage-serie-taa\/","url":"https:\/\/www.telaled.com\/fabrica\/e-paper-digital-signage-serie-taa\/","name":"E-Paper Digital Signage TAA-Serie | Energiesparendes vollfarbiges E-Ink-Display f\u00fcr Au\u00dfenwerbung | TELALED","isPartOf":{"@id":"https:\/\/www.telaled.com\/#website"},"primaryImageOfPage":{"@id":"https:\/\/www.telaled.com\/fabrica\/e-paper-digital-signage-serie-taa\/#primaryimage"},"image":{"@id":"https:\/\/www.telaled.com\/fabrica\/e-paper-digital-signage-serie-taa\/#primaryimage"},"thumbnailUrl":"https:\/\/www.telaled.com\/wp-content\/uploads\/2025\/10\/e-paper-digital-signage-1.webp","datePublished":"2025-10-06T23:00:34+00:00","dateModified":"2026-01-07T01:51:29+00:00","description":"Entdecken Sie die TAA-Serie digitaler elektronischer Beschilderungen mit Vollfarbtechnologie. Sie ist ideal f\u00fcr Au\u00dfenwerbung und bietet extrem niedrigen Energieverbrauch, hohe Sichtbarkeit und umweltfreundliche Leistung f\u00fcr intelligente digitale Beschilderung.","breadcrumb":{"@id":"https:\/\/www.telaled.com\/fabrica\/e-paper-digital-signage-serie-taa\/#breadcrumb"},"inLanguage":"de","potentialAction":[{"@type":"ReadAction","target":["https:\/\/www.telaled.com\/fabrica\/e-paper-digital-signage-serie-taa\/"]}]},{"@type":"ImageObject","inLanguage":"de","@id":"https:\/\/www.telaled.com\/fabrica\/e-paper-digital-signage-serie-taa\/#primaryimage","url":"https:\/\/www.telaled.com\/wp-content\/uploads\/2025\/10\/e-paper-digital-signage-1.webp","contentUrl":"https:\/\/www.telaled.com\/wp-content\/uploads\/2025\/10\/e-paper-digital-signage-1.webp","width":500,"height":500,"caption":"e-paper-digital-signage (1)"},{"@type":"BreadcrumbList","@id":"https:\/\/www.telaled.com\/fabrica\/e-paper-digital-signage-serie-taa\/#breadcrumb","itemListElement":[{"@type":"ListItem","position":1,"name":"Home","item":"https:\/\/www.telaled.com\/"},{"@type":"ListItem","position":2,"name":"Produtos","item":"https:\/\/www.telaled.com\/shop\/"},{"@type":"ListItem","position":3,"name":"E-paper Digital Signage S\u00e9rie TAA"}]},{"@type":"WebSite","@id":"https:\/\/www.telaled.com\/#website","url":"https:\/\/www.telaled.com\/","name":"LED-Bildschirm","description":"","potentialAction":[{"@type":"SearchAction","target":{"@type":"EntryPoint","urlTemplate":"https:\/\/www.telaled.com\/?s={search_term_string}"},"query-input":{"@type":"PropertyValueSpecification","valueRequired":true,"valueName":"search_term_string"}}],"inLanguage":"de"}]}},"_links":{"self":[{"href":"https:\/\/www.telaled.com\/de\/wp-json\/wp\/v2\/product\/3807","targetHints":{"allow":["GET"]}}],"collection":[{"href":"https:\/\/www.telaled.com\/de\/wp-json\/wp\/v2\/product"}],"about":[{"href":"https:\/\/www.telaled.com\/de\/wp-json\/wp\/v2\/types\/product"}],"wp:featuredmedia":[{"embeddable":true,"href":"https:\/\/www.telaled.com\/de\/wp-json\/wp\/v2\/media\/3810"}],"wp:attachment":[{"href":"https:\/\/www.telaled.com\/de\/wp-json\/wp\/v2\/media?parent=3807"}],"wp:term":[{"taxonomy":"product_brand","embeddable":true,"href":"https:\/\/www.telaled.com\/de\/wp-json\/wp\/v2\/product_brand?post=3807"},{"taxonomy":"product_cat","embeddable":true,"href":"https:\/\/www.telaled.com\/de\/wp-json\/wp\/v2\/product_cat?post=3807"},{"taxonomy":"product_tag","embeddable":true,"href":"https:\/\/www.telaled.com\/de\/wp-json\/wp\/v2\/product_tag?post=3807"}],"curies":[{"name":"wp","href":"https:\/\/api.w.org\/{rel}","templated":true}]}}