{"id":3786,"date":"2025-10-03T18:46:32","date_gmt":"2025-10-03T18:46:32","guid":{"rendered":"https:\/\/www.telaled.com\/?post_type=product&#038;p=3786"},"modified":"2026-01-07T01:39:05","modified_gmt":"2026-01-07T01:39:05","slug":"led-display-trailer-serie-tcr","status":"publish","type":"product","link":"https:\/\/www.telaled.com\/de\/fabrica\/led-display-trailer-serie-tcr\/","title":{"rendered":"LED-Display-Anh\u00e4nger der TCR-Serie"},"content":{"rendered":"<div class=\"row\"  id=\"row-444573535\">\n\n\t<div id=\"col-1498612641\" class=\"col small-12 large-12\"  >\n\t\t\t\t<div class=\"col-inner\"  >\n\t\t\t\n\t\t\t\n<h2><strong>Einzigartige Vorteile der LED-Display-Anh\u00e4nger der TCR-Serie<\/strong><\/h2>\n<h3><strong>Die Macht der mobilen Werbung<\/strong><\/h3>\n<ul>\n<li>Die Anh\u00e4ngermontage erm\u00f6glicht einen einfachen Transport zu verschiedenen Standorten.<\/li>\n<li>Der schnelle Auf- und Abbau spart Zeit und M\u00fche.<\/li>\n<li>Perfekt sowohl f\u00fcr kurzfristige Kampagnen als auch f\u00fcr wiederkehrende Events.<\/li>\n<\/ul>\n<h3><strong>Langlebige Konstruktion f\u00fcr den Au\u00dfenbereich<\/strong><\/h3>\n<ul>\n<li>Wetterfeste LED-Panels f\u00fcr lang anhaltende Leistung.<\/li>\n<li>Robuste Anh\u00e4ngerkonstruktion f\u00fcr h\u00e4ufige Fahrten.<\/li>\n<li>Zuverl\u00e4ssiger Betrieb auch unter anspruchsvollen Au\u00dfenbedingungen.<\/li>\n<\/ul>\n<h3><strong>Dynamische Inhalte anzeigen<\/strong><\/h3>\n<ul>\n<li>Unterst\u00fctzt Videos, Animationen und Live-Streaming.<\/li>\n<li>Einfache Aktualisierung von Inhalten in Echtzeit f\u00fcr maximales Engagement.<\/li>\n<li>Durch die Betrachtung aus mehreren Blickwinkeln ist die Sichtbarkeit auch f\u00fcr gro\u00dfe Menschenmengen gew\u00e4hrleistet.<\/li>\n<\/ul>\n<h3><strong>Energieeffizienter Betrieb<\/strong><\/h3>\n<ul>\n<li>Die LED-Technologie erh\u00e4lt die <a href=\"https:\/\/www.telaled.com\/de\/entendendo-o-consumo-de-energia-painel-de-led-quao-eficientes-sao-os-displays-de-led-modernos\/\">Energieverbrauch<\/a> Geringer Stromverbrauch bei gleichzeitig brillanter Bildqualit\u00e4t.<\/li>\n<li>Kompatibel mit einem Generator oder einer externen Stromquelle f\u00fcr flexiblen Einsatz.<\/li>\n<li>Reduzierte Betriebskosten im Vergleich zur herk\u00f6mmlichen Anzeigemethode.<\/li>\n<\/ul>\n<h2>Produktdetails<\/h2>\n<ul>\n<li><strong>Hohe Helligkeit mit Energieeffizienz<\/strong> Angetrieben von einem Niederspannungssystem mit 3,2\/4,2 V, <strong>LED-Display-Anh\u00e4nger der TCR-Serie<\/strong> verwendet 4535 3-in-1-LEDs mit hoher Helligkeit und einem Stromverbrauch von \u2265 10.000 CD\/m\u00b2. Die Helligkeit wird automatisch angepasst, sodass bei Tag und Nacht klare Bilder bei gleichzeitig niedrigem Stromverbrauch gew\u00e4hrleistet sind.<\/li>\n<\/ul>\n<div class=\"row\"  id=\"row-904980884\">\n\n\t<div id=\"col-885733784\" class=\"col medium-10 small-12 large-10\"  >\n\t\t\t\t<div class=\"col-inner text-left\"  >\n\t\t\t\n\t\t\t\n\t<div class=\"img has-hover x md-x lg-x y md-y lg-y\" id=\"image_268075706\">\n\t\t\t\t\t\t\t\t<div class=\"img-inner dark\" >\n\t\t\t<img loading=\"lazy\" decoding=\"async\" width=\"788\" height=\"1024\" src=\"https:\/\/www.telaled.com\/wp-content\/uploads\/2025\/10\/High-Brightness-with-Energy-Efficiency-788x1024.webp\" class=\"attachment-large size-large\" alt=\"\" srcset=\"https:\/\/www.telaled.com\/wp-content\/uploads\/2025\/10\/High-Brightness-with-Energy-Efficiency-788x1024.webp 788w, https:\/\/www.telaled.com\/wp-content\/uploads\/2025\/10\/High-Brightness-with-Energy-Efficiency-231x300.webp 231w, https:\/\/www.telaled.com\/wp-content\/uploads\/2025\/10\/High-Brightness-with-Energy-Efficiency-768x998.webp 768w, https:\/\/www.telaled.com\/wp-content\/uploads\/2025\/10\/High-Brightness-with-Energy-Efficiency-9x12.webp 9w, https:\/\/www.telaled.com\/wp-content\/uploads\/2025\/10\/High-Brightness-with-Energy-Efficiency-600x780.webp 600w, https:\/\/www.telaled.com\/wp-content\/uploads\/2025\/10\/High-Brightness-with-Energy-Efficiency.webp 1000w\" sizes=\"auto, (max-width: 788px) 100vw, 788px\" \/>\t\t\t\t\t\t\n\t\t\t\t\t<\/div>\n\t\t\t\t\t\t\t\t\n<style>\n#image_268075706 {\n  width: 80%;\n}\n<\/style>\n\t<\/div>\n\t\n<ul>\n<li><strong>Solarbetrieben mit Akku mit gro\u00dfer Kapazit\u00e4t<\/strong> Ausgestattet mit Solarladung und einer Hochleistungsbatterie mit 9,6 kWh, kann der Anh\u00e4nger das LED-Display das ganze Jahr \u00fcber kontinuierlich betreiben und bietet so 365 Tage im Jahr zuverl\u00e4ssige Leistung.<\/li>\n<\/ul>\n\t<div class=\"img has-hover x md-x lg-x y md-y lg-y\" id=\"image_543829050\">\n\t\t\t\t\t\t\t\t<div class=\"img-inner dark\" >\n\t\t\t<img loading=\"lazy\" decoding=\"async\" width=\"1000\" height=\"1300\" src=\"https:\/\/www.telaled.com\/wp-content\/uploads\/2025\/10\/Solar-with-Large-Battery.webp\" class=\"attachment-original size-original\" alt=\"\" srcset=\"https:\/\/www.telaled.com\/wp-content\/uploads\/2025\/10\/Solar-with-Large-Battery.webp 1000w, https:\/\/www.telaled.com\/wp-content\/uploads\/2025\/10\/Solar-with-Large-Battery-231x300.webp 231w, https:\/\/www.telaled.com\/wp-content\/uploads\/2025\/10\/Solar-with-Large-Battery-788x1024.webp 788w, https:\/\/www.telaled.com\/wp-content\/uploads\/2025\/10\/Solar-with-Large-Battery-768x998.webp 768w, https:\/\/www.telaled.com\/wp-content\/uploads\/2025\/10\/Solar-with-Large-Battery-9x12.webp 9w, https:\/\/www.telaled.com\/wp-content\/uploads\/2025\/10\/Solar-with-Large-Battery-600x780.webp 600w\" sizes=\"auto, (max-width: 1000px) 100vw, 1000px\" \/>\t\t\t\t\t\t\n\t\t\t\t\t<\/div>\n\t\t\t\t\t\t\t\t\n<style>\n#image_543829050 {\n  width: 80%;\n}\n<\/style>\n\t<\/div>\n\t\n<ul>\n<li><strong>Fortschrittliche W\u00e4rmeableitung<\/strong> \u2013 Das System ist mit einer Hochdurchfluss-Unterdruckk\u00fchlung im Geh\u00e4use ausgestattet und sorgt f\u00fcr eine effiziente W\u00e4rmeableitung. Dadurch bleibt die <strong>LED-Display-Anh\u00e4nger der TCR-Serie<\/strong> reibungslosen Betrieb und verl\u00e4ngert die Lebensdauer der Komponenten.<\/li>\n<\/ul>\n\t<div class=\"img has-hover x md-x lg-x y md-y lg-y\" id=\"image_931071033\">\n\t\t\t\t\t\t\t\t<div class=\"img-inner dark\" >\n\t\t\t<img loading=\"lazy\" decoding=\"async\" width=\"788\" height=\"1024\" src=\"https:\/\/www.telaled.com\/wp-content\/uploads\/2025\/10\/Heat-Dissipation-788x1024.webp\" class=\"attachment-large size-large\" alt=\"W\u00e4rmeableitung\" srcset=\"https:\/\/www.telaled.com\/wp-content\/uploads\/2025\/10\/Heat-Dissipation-788x1024.webp 788w, https:\/\/www.telaled.com\/wp-content\/uploads\/2025\/10\/Heat-Dissipation-231x300.webp 231w, https:\/\/www.telaled.com\/wp-content\/uploads\/2025\/10\/Heat-Dissipation-768x998.webp 768w, https:\/\/www.telaled.com\/wp-content\/uploads\/2025\/10\/Heat-Dissipation-9x12.webp 9w, https:\/\/www.telaled.com\/wp-content\/uploads\/2025\/10\/Heat-Dissipation-600x780.webp 600w, https:\/\/www.telaled.com\/wp-content\/uploads\/2025\/10\/Heat-Dissipation.webp 1000w\" sizes=\"auto, (max-width: 788px) 100vw, 788px\" \/>\t\t\t\t\t\t\n\t\t\t\t\t<\/div>\n\t\t\t\t\t\t\t\t\n<style>\n#image_931071033 {\n  width: 80%;\n}\n<\/style>\n\t<\/div>\n\t\n<ul>\n<li><strong>Hydraulisches Heben und 360\u00b0-Drehen<\/strong> \u2013 Der Bildschirm kann bis zu 1 Meter hochgefahren und um 360 Grad gedreht werden, sodass Nachrichten in jeder H\u00f6he und in jedem Winkel angezeigt werden k\u00f6nnen, um eine maximale Reichweite beim Publikum zu erzielen.<\/li>\n<\/ul>\n\t<div class=\"img has-hover x md-x lg-x y md-y lg-y\" id=\"image_794574747\">\n\t\t\t\t\t\t\t\t<div class=\"img-inner dark\" >\n\t\t\t<img loading=\"lazy\" decoding=\"async\" width=\"788\" height=\"1024\" src=\"https:\/\/www.telaled.com\/wp-content\/uploads\/2025\/10\/Hydraulic-Lift-788x1024.webp\" class=\"attachment-large size-large\" alt=\"\" srcset=\"https:\/\/www.telaled.com\/wp-content\/uploads\/2025\/10\/Hydraulic-Lift-788x1024.webp 788w, https:\/\/www.telaled.com\/wp-content\/uploads\/2025\/10\/Hydraulic-Lift-231x300.webp 231w, https:\/\/www.telaled.com\/wp-content\/uploads\/2025\/10\/Hydraulic-Lift-768x998.webp 768w, https:\/\/www.telaled.com\/wp-content\/uploads\/2025\/10\/Hydraulic-Lift-9x12.webp 9w, https:\/\/www.telaled.com\/wp-content\/uploads\/2025\/10\/Hydraulic-Lift-600x780.webp 600w, https:\/\/www.telaled.com\/wp-content\/uploads\/2025\/10\/Hydraulic-Lift.webp 1000w\" sizes=\"auto, (max-width: 788px) 100vw, 788px\" \/>\t\t\t\t\t\t\n\t\t\t\t\t<\/div>\n\t\t\t\t\t\t\t\t\n<style>\n#image_794574747 {\n  width: 80%;\n}\n<\/style>\n\t<\/div>\n\t\n<ul>\n<li>DER <strong>LED-Display-Anh\u00e4nger der TCR-Serie<\/strong> Die Verpackung erfolgt in stabilen Holzkisten, die f\u00fcr den Transport \u00fcber lange Strecken verst\u00e4rkt sind. Jede Einheit ist sicher befestigt, um Sch\u00e4den durch St\u00f6\u00dfe oder Sch\u00e4dlinge zu vermeiden und sicherzustellen, dass sie in einwandfreiem Zustand bei Ihnen ankommt.<\/li>\n<\/ul>\n\t<div class=\"img has-hover x md-x lg-x y md-y lg-y\" id=\"image_938183278\">\n\t\t\t\t\t\t\t\t<div class=\"img-inner dark\" >\n\t\t\t<img loading=\"lazy\" decoding=\"async\" width=\"760\" height=\"1024\" src=\"https:\/\/www.telaled.com\/wp-content\/uploads\/2025\/08\/36123f2c-de60-488d-af81-255cd4aee54a-760x1024.webp\" class=\"attachment-large size-large\" alt=\"\" srcset=\"https:\/\/www.telaled.com\/wp-content\/uploads\/2025\/08\/36123f2c-de60-488d-af81-255cd4aee54a-760x1024.webp 760w, https:\/\/www.telaled.com\/wp-content\/uploads\/2025\/08\/36123f2c-de60-488d-af81-255cd4aee54a-223x300.webp 223w, https:\/\/www.telaled.com\/wp-content\/uploads\/2025\/08\/36123f2c-de60-488d-af81-255cd4aee54a-768x1035.webp 768w, https:\/\/www.telaled.com\/wp-content\/uploads\/2025\/08\/36123f2c-de60-488d-af81-255cd4aee54a-9x12.webp 9w, https:\/\/www.telaled.com\/wp-content\/uploads\/2025\/08\/36123f2c-de60-488d-af81-255cd4aee54a-600x808.webp 600w, https:\/\/www.telaled.com\/wp-content\/uploads\/2025\/08\/36123f2c-de60-488d-af81-255cd4aee54a.webp 795w\" sizes=\"auto, (max-width: 760px) 100vw, 760px\" \/>\t\t\t\t\t\t\n\t\t\t\t\t<\/div>\n\t\t\t\t\t\t\t\t\n<style>\n#image_938183278 {\n  width: 80%;\n}\n<\/style>\n\t<\/div>\n\t\n\n<table id=\"tablepress-97\" class=\"tablepress tablepress-id-97\">\n<thead>\n<tr class=\"row-1\">\n\t<th colspan=\"4\" class=\"column-1\">Produktparameter<\/th>\n<\/tr>\n<\/thead>\n<tbody class=\"row-striping row-hover\">\n<tr class=\"row-2\">\n\t<td class=\"column-1\">Pixelabstand (mm)<\/td><td class=\"column-2\">6,67<\/td><td class=\"column-3\"><\/td><td class=\"column-4\"><\/td>\n<\/tr>\n<tr class=\"row-3\">\n\t<td class=\"column-1\">Pixeldichte (Punkte\/m\u00b2)<\/td><td class=\"column-2\">22478<\/td><td class=\"column-3\"><\/td><td class=\"column-4\"><\/td>\n<\/tr>\n<tr class=\"row-4\">\n\t<td class=\"column-1\">LED-Verkapselung<\/td><td class=\"column-2\">SMD 4535<\/td><td class=\"column-3\"><\/td><td class=\"column-4\"><\/td>\n<\/tr>\n<tr class=\"row-5\">\n\t<td class=\"column-1\">Fahrweise<\/td><td class=\"column-2\">1\/8<\/td><td class=\"column-3\"><\/td><td class=\"column-4\"><\/td>\n<\/tr>\n<tr class=\"row-6\">\n\t<td class=\"column-1\">Modulaufl\u00f6sung (Punkt)<\/td><td class=\"column-2\">48*28<\/td><td class=\"column-3\"><\/td><td class=\"column-4\"><\/td>\n<\/tr>\n<tr class=\"row-7\">\n\t<td class=\"column-1\">Modulgr\u00f6\u00dfe (mm)<\/td><td class=\"column-2\">320*160<\/td><td class=\"column-3\"><\/td><td class=\"column-4\"><\/td>\n<\/tr>\n<tr class=\"row-8\">\n\t<td class=\"column-1\">Modulverbrauch (W)<\/td><td class=\"column-2\">\u226418<\/td><td class=\"column-3\"><\/td><td class=\"column-4\"><\/td>\n<\/tr>\n<tr class=\"row-9\">\n\t<td class=\"column-1\">Betriebsspannung (V)<\/td><td class=\"column-2\">DC 3,2\/4,2<\/td><td class=\"column-3\"><\/td><td class=\"column-4\"><\/td>\n<\/tr>\n<tr class=\"row-10\">\n\t<td class=\"column-1\">Max. Verbrauch (W\/m\u00b2)<\/td><td class=\"column-2\"><350<\/td><td class=\"column-3\"><\/td><td class=\"column-4\"><\/td>\n<\/tr>\n<tr class=\"row-11\">\n\t<td class=\"column-1\">Durchschnittlicher Verbrauch (W\/m\u00b2)<\/td><td class=\"column-2\"><120<\/td><td class=\"column-3\"><\/td><td class=\"column-4\"><\/td>\n<\/tr>\n<tr class=\"row-12\">\n\t<td class=\"column-1\">Helligkeit (CD\/m\u00b2)<\/td><td class=\"column-2\">10000<\/td><td class=\"column-3\"><\/td><td class=\"column-4\"><\/td>\n<\/tr>\n<tr class=\"row-13\">\n\t<td class=\"column-1\">Farbtemperatur (K)<\/td><td class=\"column-2\">6000~8000<\/td><td class=\"column-3\"><\/td><td class=\"column-4\"><\/td>\n<\/tr>\n<tr class=\"row-14\">\n\t<td class=\"column-1\">Siehe Engel (H\/V)<\/td><td class=\"column-2\">120\u00b0<\/td><td class=\"column-3\"><\/td><td class=\"column-4\"><\/td>\n<\/tr>\n<tr class=\"row-15\">\n\t<td class=\"column-1\">Bildwiederholrate (Hz)<\/td><td class=\"column-2\">3840<\/td><td class=\"column-3\"><\/td><td class=\"column-4\"><\/td>\n<\/tr>\n<tr class=\"row-16\">\n\t<td class=\"column-1\">Betriebstemperatur (\u00b0C)<\/td><td class=\"column-2\">-20~50<\/td><td class=\"column-3\"><\/td><td class=\"column-4\"><\/td>\n<\/tr>\n<tr class=\"row-17\">\n\t<td class=\"column-1\">Schutzart (F\/B)<\/td><td class=\"column-2\">IP65|IP54<\/td><td class=\"column-3\"><\/td><td class=\"column-4\"><\/td>\n<\/tr>\n<tr class=\"row-18\">\n\t<td class=\"column-1\">Graustufen (Bit)<\/td><td class=\"column-2\">13<\/td><td class=\"column-3\"><\/td><td class=\"column-4\"><\/td>\n<\/tr>\n<\/tbody>\n<\/table>\n\n\t\t<\/div>\n\t\t\t\t\t<\/div>\n\n\t\n<\/div>\n\t\t<\/div>\n\t\t\t\t\t<\/div>\n\n\t\n<\/div>","protected":false},"excerpt":{"rendered":"<p><strong>LED-Display-Trailer \u2013 Mobile Werbung leicht gemacht<\/strong><\/p>\n<p><em><strong>LED-Display-Anh\u00e4nger der TCR-Serie<\/strong><\/em> vereint Mobilit\u00e4t und leistungsstarke Visualisierung in einer einzigen L\u00f6sung. Dank hochwertiger LED-Panels, die auf einem Anh\u00e4nger montiert sind, k\u00f6nnen Sie Ihre Botschaft \u00fcberallhin mitnehmen und Ihr Publikum in Echtzeit erreichen.<\/p>\n<p><strong>4 Hauptvorteile:<\/strong><\/p>\n<ul>\n<li><strong>Mobilit\u00e4t<\/strong> \u2013 Schleppen Sie es \u00fcberall hin und stellen Sie es schnell auf, um sofortige Werbereichweite zu erzielen.<\/li>\n<li><strong>Hohe Sichtbarkeit<\/strong> \u2013 Helle LED-Bildschirme sorgen daf\u00fcr, dass Ihre Inhalte Tag und Nacht hervorstechen.<\/li>\n<li><strong>Flexibler Einsatz<\/strong> Ideal f\u00fcr <a href=\"https:\/\/www.telaled.com\/de\/painel-de-led-para-eventos\/\">Veranstaltungen<\/a> Outdoor-Aktivit\u00e4ten, Promotions, politische Kampagnen und Markenaktivierungen.<\/li>\n<li><strong>Wirtschaftlich<\/strong> \u2013 Bietet gro\u00dffl\u00e4chige Pr\u00e4senz ohne die hohen Kosten fest installierter Werbetafeln.<\/li>\n<\/ul>\n<p><span style=\"font-weight: 400;\">Unser Team bietet 24\/7-Fernsupport und 3 Jahre Garantie. Kontaktieren Sie uns noch heute f\u00fcr ein individuelles Angebot.<\/span><\/p>","protected":false},"featured_media":3817,"template":"","meta":[],"product_brand":[],"product_cat":[48,40,44,46],"product_tag":[],"class_list":{"0":"post-3786","1":"product","2":"type-product","3":"status-publish","4":"has-post-thumbnail","6":"product_cat-paineis-personalizados","7":"product_cat-painel-de-led","8":"product_cat-painel-de-led-flexivel","9":"product_cat-painel-de-video","11":"first","12":"instock","13":"shipping-taxable","14":"product-type-simple"},"yoast_head":"<!-- This site is optimized with the Yoast SEO plugin v27.5 - https:\/\/yoast.com\/product\/yoast-seo-wordpress\/ -->\n<title>LED Display Trailer S\u00e9rie TCR | TELALED<\/title>\n<meta name=\"description\" content=\"LED Display Trailer S\u00e9rie TCR - um outdoor digital m\u00f3vel com telas de LED brilhantes, configura\u00e7\u00e3o flex\u00edvel e alta visibilidade para eventos ao ar livre.\" \/>\n<meta name=\"robots\" content=\"index, follow, max-snippet:-1, max-image-preview:large, max-video-preview:-1\" \/>\n<link rel=\"canonical\" href=\"https:\/\/www.telaled.com\/de\/fabrica\/led-display-trailer-serie-tcr\/\" \/>\n<meta property=\"og:locale\" content=\"de_DE\" \/>\n<meta property=\"og:type\" content=\"article\" \/>\n<meta property=\"og:title\" content=\"LED Display Trailer S\u00e9rie TCR | TELALED\" \/>\n<meta property=\"og:description\" content=\"LED Display Trailer S\u00e9rie TCR - um outdoor digital m\u00f3vel com telas de LED brilhantes, configura\u00e7\u00e3o flex\u00edvel e alta visibilidade para eventos ao ar livre.\" \/>\n<meta property=\"og:url\" content=\"https:\/\/www.telaled.com\/de\/fabrica\/led-display-trailer-serie-tcr\/\" \/>\n<meta property=\"og:site_name\" content=\"TELALED\" \/>\n<meta property=\"article:modified_time\" content=\"2026-01-07T01:39:05+00:00\" \/>\n<meta property=\"og:image\" content=\"https:\/\/www.telaled.com\/wp-content\/uploads\/2025\/10\/LED-Display-Trailer-5.webp\" \/>\n\t<meta property=\"og:image:width\" content=\"500\" \/>\n\t<meta property=\"og:image:height\" content=\"500\" \/>\n\t<meta property=\"og:image:type\" content=\"image\/webp\" \/>\n<meta name=\"twitter:card\" content=\"summary_large_image\" \/>\n<meta name=\"twitter:label1\" content=\"Gesch\u00e4tzte Lesezeit\" \/>\n\t<meta name=\"twitter:data1\" content=\"3\u00a0Minuten\" \/>\n<script type=\"application\/ld+json\" class=\"yoast-schema-graph\">{\"@context\":\"https:\\\/\\\/schema.org\",\"@graph\":[{\"@type\":\"WebPage\",\"@id\":\"https:\\\/\\\/www.telaled.com\\\/fabrica\\\/led-display-trailer-serie-tcr\\\/\",\"url\":\"https:\\\/\\\/www.telaled.com\\\/fabrica\\\/led-display-trailer-serie-tcr\\\/\",\"name\":\"LED Display Trailer S\u00e9rie TCR | TELALED\",\"isPartOf\":{\"@id\":\"https:\\\/\\\/www.telaled.com\\\/#website\"},\"primaryImageOfPage\":{\"@id\":\"https:\\\/\\\/www.telaled.com\\\/fabrica\\\/led-display-trailer-serie-tcr\\\/#primaryimage\"},\"image\":{\"@id\":\"https:\\\/\\\/www.telaled.com\\\/fabrica\\\/led-display-trailer-serie-tcr\\\/#primaryimage\"},\"thumbnailUrl\":\"https:\\\/\\\/www.telaled.com\\\/wp-content\\\/uploads\\\/2025\\\/10\\\/LED-Display-Trailer-5.webp\",\"datePublished\":\"2025-10-03T18:46:32+00:00\",\"dateModified\":\"2026-01-07T01:39:05+00:00\",\"description\":\"LED Display Trailer S\u00e9rie TCR - um outdoor digital m\u00f3vel com telas de LED brilhantes, configura\u00e7\u00e3o flex\u00edvel e alta visibilidade para eventos ao ar livre.\",\"breadcrumb\":{\"@id\":\"https:\\\/\\\/www.telaled.com\\\/fabrica\\\/led-display-trailer-serie-tcr\\\/#breadcrumb\"},\"inLanguage\":\"de\",\"potentialAction\":[{\"@type\":\"ReadAction\",\"target\":[\"https:\\\/\\\/www.telaled.com\\\/fabrica\\\/led-display-trailer-serie-tcr\\\/\"]}]},{\"@type\":\"ImageObject\",\"inLanguage\":\"de\",\"@id\":\"https:\\\/\\\/www.telaled.com\\\/fabrica\\\/led-display-trailer-serie-tcr\\\/#primaryimage\",\"url\":\"https:\\\/\\\/www.telaled.com\\\/wp-content\\\/uploads\\\/2025\\\/10\\\/LED-Display-Trailer-5.webp\",\"contentUrl\":\"https:\\\/\\\/www.telaled.com\\\/wp-content\\\/uploads\\\/2025\\\/10\\\/LED-Display-Trailer-5.webp\",\"width\":500,\"height\":500,\"caption\":\"LED Display Trailer 5\"},{\"@type\":\"BreadcrumbList\",\"@id\":\"https:\\\/\\\/www.telaled.com\\\/fabrica\\\/led-display-trailer-serie-tcr\\\/#breadcrumb\",\"itemListElement\":[{\"@type\":\"ListItem\",\"position\":1,\"name\":\"Home\",\"item\":\"https:\\\/\\\/www.telaled.com\\\/\"},{\"@type\":\"ListItem\",\"position\":2,\"name\":\"Produtos\",\"item\":\"https:\\\/\\\/www.telaled.com\\\/shop\\\/\"},{\"@type\":\"ListItem\",\"position\":3,\"name\":\"LED Display Trailer S\u00e9rie TCR\"}]},{\"@type\":\"WebSite\",\"@id\":\"https:\\\/\\\/www.telaled.com\\\/#website\",\"url\":\"https:\\\/\\\/www.telaled.com\\\/\",\"name\":\"TELALED\",\"description\":\"\",\"potentialAction\":[{\"@type\":\"SearchAction\",\"target\":{\"@type\":\"EntryPoint\",\"urlTemplate\":\"https:\\\/\\\/www.telaled.com\\\/?s={search_term_string}\"},\"query-input\":{\"@type\":\"PropertyValueSpecification\",\"valueRequired\":true,\"valueName\":\"search_term_string\"}}],\"inLanguage\":\"de\"}]}<\/script>\n<!-- \/ Yoast SEO plugin. -->","yoast_head_json":{"title":"LED-Display-Anh\u00e4nger TCR-Serie | LED-BILDSCHIRM","description":"LED-Display-Anh\u00e4nger der TCR-Serie \u2013 eine mobile digitale Werbetafel mit hellen LED-Bildschirmen, flexibler Konfiguration und hoher Sichtbarkeit f\u00fcr Veranstaltungen im Freien.","robots":{"index":"index","follow":"follow","max-snippet":"max-snippet:-1","max-image-preview":"max-image-preview:large","max-video-preview":"max-video-preview:-1"},"canonical":"https:\/\/www.telaled.com\/de\/fabrica\/led-display-trailer-serie-tcr\/","og_locale":"de_DE","og_type":"article","og_title":"LED Display Trailer S\u00e9rie TCR | TELALED","og_description":"LED Display Trailer S\u00e9rie TCR - um outdoor digital m\u00f3vel com telas de LED brilhantes, configura\u00e7\u00e3o flex\u00edvel e alta visibilidade para eventos ao ar livre.","og_url":"https:\/\/www.telaled.com\/de\/fabrica\/led-display-trailer-serie-tcr\/","og_site_name":"TELALED","article_modified_time":"2026-01-07T01:39:05+00:00","og_image":[{"width":500,"height":500,"url":"https:\/\/www.telaled.com\/wp-content\/uploads\/2025\/10\/LED-Display-Trailer-5.webp","type":"image\/webp"}],"twitter_card":"summary_large_image","twitter_misc":{"Gesch\u00e4tzte Lesezeit":"3\u00a0Minuten"},"schema":{"@context":"https:\/\/schema.org","@graph":[{"@type":"WebPage","@id":"https:\/\/www.telaled.com\/fabrica\/led-display-trailer-serie-tcr\/","url":"https:\/\/www.telaled.com\/fabrica\/led-display-trailer-serie-tcr\/","name":"LED-Display-Anh\u00e4nger TCR-Serie | LED-BILDSCHIRM","isPartOf":{"@id":"https:\/\/www.telaled.com\/#website"},"primaryImageOfPage":{"@id":"https:\/\/www.telaled.com\/fabrica\/led-display-trailer-serie-tcr\/#primaryimage"},"image":{"@id":"https:\/\/www.telaled.com\/fabrica\/led-display-trailer-serie-tcr\/#primaryimage"},"thumbnailUrl":"https:\/\/www.telaled.com\/wp-content\/uploads\/2025\/10\/LED-Display-Trailer-5.webp","datePublished":"2025-10-03T18:46:32+00:00","dateModified":"2026-01-07T01:39:05+00:00","description":"LED-Display-Anh\u00e4nger der TCR-Serie \u2013 eine mobile digitale Werbetafel mit hellen LED-Bildschirmen, flexibler Konfiguration und hoher Sichtbarkeit f\u00fcr Veranstaltungen im Freien.","breadcrumb":{"@id":"https:\/\/www.telaled.com\/fabrica\/led-display-trailer-serie-tcr\/#breadcrumb"},"inLanguage":"de","potentialAction":[{"@type":"ReadAction","target":["https:\/\/www.telaled.com\/fabrica\/led-display-trailer-serie-tcr\/"]}]},{"@type":"ImageObject","inLanguage":"de","@id":"https:\/\/www.telaled.com\/fabrica\/led-display-trailer-serie-tcr\/#primaryimage","url":"https:\/\/www.telaled.com\/wp-content\/uploads\/2025\/10\/LED-Display-Trailer-5.webp","contentUrl":"https:\/\/www.telaled.com\/wp-content\/uploads\/2025\/10\/LED-Display-Trailer-5.webp","width":500,"height":500,"caption":"LED Display Trailer 5"},{"@type":"BreadcrumbList","@id":"https:\/\/www.telaled.com\/fabrica\/led-display-trailer-serie-tcr\/#breadcrumb","itemListElement":[{"@type":"ListItem","position":1,"name":"Home","item":"https:\/\/www.telaled.com\/"},{"@type":"ListItem","position":2,"name":"Produtos","item":"https:\/\/www.telaled.com\/shop\/"},{"@type":"ListItem","position":3,"name":"LED Display Trailer S\u00e9rie TCR"}]},{"@type":"WebSite","@id":"https:\/\/www.telaled.com\/#website","url":"https:\/\/www.telaled.com\/","name":"LED-Bildschirm","description":"","potentialAction":[{"@type":"SearchAction","target":{"@type":"EntryPoint","urlTemplate":"https:\/\/www.telaled.com\/?s={search_term_string}"},"query-input":{"@type":"PropertyValueSpecification","valueRequired":true,"valueName":"search_term_string"}}],"inLanguage":"de"}]}},"_links":{"self":[{"href":"https:\/\/www.telaled.com\/de\/wp-json\/wp\/v2\/product\/3786","targetHints":{"allow":["GET"]}}],"collection":[{"href":"https:\/\/www.telaled.com\/de\/wp-json\/wp\/v2\/product"}],"about":[{"href":"https:\/\/www.telaled.com\/de\/wp-json\/wp\/v2\/types\/product"}],"wp:featuredmedia":[{"embeddable":true,"href":"https:\/\/www.telaled.com\/de\/wp-json\/wp\/v2\/media\/3817"}],"wp:attachment":[{"href":"https:\/\/www.telaled.com\/de\/wp-json\/wp\/v2\/media?parent=3786"}],"wp:term":[{"taxonomy":"product_brand","embeddable":true,"href":"https:\/\/www.telaled.com\/de\/wp-json\/wp\/v2\/product_brand?post=3786"},{"taxonomy":"product_cat","embeddable":true,"href":"https:\/\/www.telaled.com\/de\/wp-json\/wp\/v2\/product_cat?post=3786"},{"taxonomy":"product_tag","embeddable":true,"href":"https:\/\/www.telaled.com\/de\/wp-json\/wp\/v2\/product_tag?post=3786"}],"curies":[{"name":"wp","href":"https:\/\/api.w.org\/{rel}","templated":true}]}}