{"id":3661,"date":"2025-09-30T03:19:49","date_gmt":"2025-09-30T03:19:49","guid":{"rendered":"https:\/\/www.telaled.com\/?post_type=product&#038;p=3661"},"modified":"2026-01-06T09:11:26","modified_gmt":"2026-01-06T09:11:26","slug":"placar-eletronico-esportivo-serie-tea","status":"publish","type":"product","link":"https:\/\/www.telaled.com\/de\/fabrica\/placar-eletronico-esportivo-serie-tea\/","title":{"rendered":"Elektronische Sportanzeigetafel TEA-Serie"},"content":{"rendered":"<div class=\"row\"  id=\"row-121464522\">\n\n\t<div id=\"col-878841861\" class=\"col small-12 large-12\"  >\n\t\t\t\t<div class=\"col-inner\"  >\n\t\t\t\n\t\t\t\n<h2><span data-sheets-root=\"1\">Elektronische Sportanzeigetafel<\/span> TEA-Serie<\/h2>\n<h3><strong>\u00dcberragende Haltbarkeit<\/strong><\/h3>\n<ul>\n<li>Konstruiert mit Aluminium- oder Eisengeh\u00e4use und versiegelten 7-Segment-LED-Modulen mit IP65-Klassifizierung f\u00fcr den Schutz im Au\u00dfenbereich.<\/li>\n<li>Zuverl\u00e4ssiger Betrieb von -40 \u00b0C bis 75 \u00b0C mit einer Lebensdauer von \u00fcber 100.000 Stunden.<\/li>\n<li>Der LED-Antrieb mit konstantem Strom gew\u00e4hrleistet eine stabile Leistung und verhindert ein Durchbrennen im Laufe der Zeit.<\/li>\n<\/ul>\n<h3><strong>Au\u00dfergew\u00f6hnliche Bildqualit\u00e4t<\/strong><\/h3>\n<ul>\n<li>Das 8-stufige automatische Dimmsystem passt die Helligkeit f\u00fcr den Tag- oder Nachtgebrauch an.<\/li>\n<li>Hochhelle LED-Chips mit bis zu 12.000 mcd sorgen f\u00fcr klare Sicht auch bei direkter Sonneneinstrahlung.<\/li>\n<li>Weite Betrachtungswinkel von 60\u00b0 bis 120\u00b0 gew\u00e4hrleisten eine klare Lesbarkeit im gesamten Feld.<\/li>\n<\/ul>\n<h3><strong>Vollst\u00e4ndige Anpassungsf\u00e4higkeit<\/strong><\/h3>\n<ul>\n<li>Unterst\u00fctzt ein- oder doppelseitige Anzeige mit Zugriff von vorne oder hinten.<\/li>\n<li>Mehrere Montageoptionen: Wandmontage, h\u00e4ngend oder freistehend.<\/li>\n<li>Kompatibel mit RF-, RS232\/485- und TCP\/IP-Fernsteuerungssystemen f\u00fcr flexiblen Betrieb.<\/li>\n<\/ul>\n<h3><strong>Umfassende Unterst\u00fctzung<\/strong><\/h3>\n<ul>\n<li><strong>Expertenhilfe rund um die Uhr:<\/strong> Greifen Sie rund um die Uhr auf professionellen Support zu, damit Ihr System mit H\u00f6chstleistung l\u00e4uft.<\/li>\n<li><strong>Integrierte Ersatzteile:<\/strong> Jede Bestellung enth\u00e4lt 5% zus\u00e4tzliche Teile, um einen reibungslosen und unterbrechungsfreien Gebrauch zu gew\u00e4hrleisten.<\/li>\n<li><strong>Maximale Zuverl\u00e4ssigkeit:<\/strong> Zus\u00e4tzliche Komponenten reduzieren Wartungsverz\u00f6gerungen und verl\u00e4ngern die Lebensdauer Ihrer Ger\u00e4te.<\/li>\n<li><strong>Sorgenfrei-Garantie:<\/strong> Profitieren Sie von einer 3-Jahres-Garantie, die Ihre Investition zuverl\u00e4ssig sch\u00fctzt.<\/li>\n<\/ul>\n<h2>Produktdetails<\/h2>\n<div class=\"row\"  id=\"row-1014725869\">\n\n\t<div id=\"col-935403130\" class=\"col medium-10 small-12 large-10\"  >\n\t\t\t\t<div class=\"col-inner text-left\"  >\n\t\t\t\n\t\t\t\n<ul>\n<li>Unser <strong><em>Elektronische Sportanzeigetafel TEA-Serie<\/em>\u00a0<\/strong> Bietet Anzeigetafeln und Zeitmessung in Echtzeit und h\u00e4lt Spieler und Fans \u00fcber jeden Moment des Spiels auf dem Laufenden. Diese robusten elektronischen Sportanzeigetafeln sind vollst\u00e4ndig anpassbar an jede Sportart und jeden Veranstaltungsort und f\u00fcr den Innen- und Au\u00dfenbereich konzipiert. Mit gestochen scharfen Displays und zuverl\u00e4ssiger Leistung sind sie die perfekte L\u00f6sung f\u00fcr Schulen, Stadien und Sportanlagen.<\/li>\n<\/ul>\n\t<div class=\"img has-hover x md-x lg-x y md-y lg-y\" id=\"image_817507974\">\n\t\t\t\t\t\t\t\t<div class=\"img-inner dark\" >\n\t\t\t<img loading=\"lazy\" decoding=\"async\" width=\"1536\" height=\"1152\" src=\"https:\/\/www.telaled.com\/wp-content\/uploads\/2025\/10\/Placar-Eeletronico-Esportivo-Serie-TEA6-1.webp\" class=\"attachment-original size-original\" alt=\"Elektronische Sportanzeigetafel-Serie TEA6 (1)\" srcset=\"https:\/\/www.telaled.com\/wp-content\/uploads\/2025\/10\/Placar-Eeletronico-Esportivo-Serie-TEA6-1.webp 1536w, https:\/\/www.telaled.com\/wp-content\/uploads\/2025\/10\/Placar-Eeletronico-Esportivo-Serie-TEA6-1-300x225.webp 300w, https:\/\/www.telaled.com\/wp-content\/uploads\/2025\/10\/Placar-Eeletronico-Esportivo-Serie-TEA6-1-1024x768.webp 1024w, https:\/\/www.telaled.com\/wp-content\/uploads\/2025\/10\/Placar-Eeletronico-Esportivo-Serie-TEA6-1-768x576.webp 768w, https:\/\/www.telaled.com\/wp-content\/uploads\/2025\/10\/Placar-Eeletronico-Esportivo-Serie-TEA6-1-16x12.webp 16w, https:\/\/www.telaled.com\/wp-content\/uploads\/2025\/10\/Placar-Eeletronico-Esportivo-Serie-TEA6-1-600x450.webp 600w\" sizes=\"auto, (max-width: 1536px) 100vw, 1536px\" \/>\t\t\t\t\t\t\n\t\t\t\t\t<\/div>\n\t\t\t\t\t\t\t\t\n<style>\n#image_817507974 {\n  width: 80%;\n}\n<\/style>\n\t<\/div>\n\t\n<ul>\n<li>Unsere <em><strong>Elektronische Sportanzeigetafeln<\/strong> <strong>TEA-Serie<\/strong><\/em>\u00a0Sie sind auf maximale Haltbarkeit ausgelegt und trotzen Regen, Wind, Schnee und direkter Sonneneinstrahlung ohne Leistungseinbu\u00dfen. Dank ihres robusten Designs \u00fcberdauern sie elektronische Sportanzeigetafeln und halten auch starker Beanspruchung problemlos stand. Sie bieten zuverl\u00e4ssige Leistung und dauerhaften Wert f\u00fcr Sportanlagen und Stadien.<\/li>\n<\/ul>\n\t<div class=\"img has-hover x md-x lg-x y md-y lg-y\" id=\"image_1437740263\">\n\t\t\t\t\t\t\t\t<div class=\"img-inner dark\" >\n\t\t\t<img loading=\"lazy\" decoding=\"async\" width=\"1020\" height=\"938\" src=\"https:\/\/www.telaled.com\/wp-content\/uploads\/2025\/10\/Placar-Eeletronico-Esportivo-Serie-TEA7-1024x942.webp\" class=\"attachment-large size-large\" alt=\"\" srcset=\"https:\/\/www.telaled.com\/wp-content\/uploads\/2025\/10\/Placar-Eeletronico-Esportivo-Serie-TEA7-1024x942.webp 1024w, https:\/\/www.telaled.com\/wp-content\/uploads\/2025\/10\/Placar-Eeletronico-Esportivo-Serie-TEA7-300x276.webp 300w, https:\/\/www.telaled.com\/wp-content\/uploads\/2025\/10\/Placar-Eeletronico-Esportivo-Serie-TEA7-768x706.webp 768w, https:\/\/www.telaled.com\/wp-content\/uploads\/2025\/10\/Placar-Eeletronico-Esportivo-Serie-TEA7-1536x1413.webp 1536w, https:\/\/www.telaled.com\/wp-content\/uploads\/2025\/10\/Placar-Eeletronico-Esportivo-Serie-TEA7-13x12.webp 13w, https:\/\/www.telaled.com\/wp-content\/uploads\/2025\/10\/Placar-Eeletronico-Esportivo-Serie-TEA7-600x552.webp 600w, https:\/\/www.telaled.com\/wp-content\/uploads\/2025\/10\/Placar-Eeletronico-Esportivo-Serie-TEA7.webp 1920w\" sizes=\"auto, (max-width: 1020px) 100vw, 1020px\" \/>\t\t\t\t\t\t\n\t\t\t\t\t<\/div>\n\t\t\t\t\t\t\t\t\n<style>\n#image_1437740263 {\n  width: 80%;\n}\n<\/style>\n\t<\/div>\n\t\n<ul>\n<li>W\u00e4hlen Sie das Symbol <em><strong>Elektronische Sportanzeigetafel TEA-Serie<\/strong><\/em> Die korrekte Anzeige der Ergebnisse ist f\u00fcr jede Turnhalle, Schule oder Arena unerl\u00e4sslich. Unsere elektronischen Sportanzeigetafeln sind f\u00fcr Grundschulen, weiterf\u00fchrende Schulen, Hochschulen und professionelle Einrichtungen konzipiert. Von Anzeigetafeln bis hin zu digitalen Anzeigetafeln bieten wir umfassende und anpassbare L\u00f6sungen f\u00fcr die Ergebnisanzeige. Werden Sie unser Partner und sichern Sie sich eine langlebige, hochwertige elektronische Sportanzeigetafel, die auf Genauigkeit, Sichtbarkeit und langfristige Leistung ausgelegt ist.<\/li>\n<\/ul>\n\t<div class=\"img has-hover x md-x lg-x y md-y lg-y\" id=\"image_1018607718\">\n\t\t\t\t\t\t\t\t<div class=\"img-inner dark\" >\n\t\t\t<img loading=\"lazy\" decoding=\"async\" width=\"1020\" height=\"790\" src=\"https:\/\/www.telaled.com\/wp-content\/uploads\/2025\/10\/Placar-Eeletronico-Esportivo-Serie-TEA8-1024x793.webp\" class=\"attachment-large size-large\" alt=\"\" srcset=\"https:\/\/www.telaled.com\/wp-content\/uploads\/2025\/10\/Placar-Eeletronico-Esportivo-Serie-TEA8-1024x793.webp 1024w, https:\/\/www.telaled.com\/wp-content\/uploads\/2025\/10\/Placar-Eeletronico-Esportivo-Serie-TEA8-300x232.webp 300w, https:\/\/www.telaled.com\/wp-content\/uploads\/2025\/10\/Placar-Eeletronico-Esportivo-Serie-TEA8-768x595.webp 768w, https:\/\/www.telaled.com\/wp-content\/uploads\/2025\/10\/Placar-Eeletronico-Esportivo-Serie-TEA8-1536x1190.webp 1536w, https:\/\/www.telaled.com\/wp-content\/uploads\/2025\/10\/Placar-Eeletronico-Esportivo-Serie-TEA8-15x12.webp 15w, https:\/\/www.telaled.com\/wp-content\/uploads\/2025\/10\/Placar-Eeletronico-Esportivo-Serie-TEA8-600x465.webp 600w, https:\/\/www.telaled.com\/wp-content\/uploads\/2025\/10\/Placar-Eeletronico-Esportivo-Serie-TEA8.webp 1590w\" sizes=\"auto, (max-width: 1020px) 100vw, 1020px\" \/>\t\t\t\t\t\t\n\t\t\t\t\t<\/div>\n\t\t\t\t\t\t\t\t\n<style>\n#image_1018607718 {\n  width: 80%;\n}\n<\/style>\n\t<\/div>\n\t\n<ul>\n<li><strong>Elektronische Sportanzeigetafel TEA-Serie<\/strong> Sie werden zum Schutz w\u00e4hrend des Transports in verst\u00e4rkten Holzkisten verpackt. Jede Einheit ist sicher verpackt, um Sch\u00e4den durch Sch\u00e4dlinge, St\u00f6\u00dfe und andere Gefahren zu vermeiden. Dies gew\u00e4hrleistet Langlebigkeit und eine sichere Lieferung.<\/li>\n<\/ul>\n\t<div class=\"img has-hover x md-x lg-x y md-y lg-y\" id=\"image_1785741532\">\n\t\t\t\t\t\t\t\t<div class=\"img-inner dark\" >\n\t\t\t<img loading=\"lazy\" decoding=\"async\" width=\"760\" height=\"1024\" src=\"https:\/\/www.telaled.com\/wp-content\/uploads\/2025\/08\/36123f2c-de60-488d-af81-255cd4aee54a-760x1024.webp\" class=\"attachment-large size-large\" alt=\"\" srcset=\"https:\/\/www.telaled.com\/wp-content\/uploads\/2025\/08\/36123f2c-de60-488d-af81-255cd4aee54a-760x1024.webp 760w, https:\/\/www.telaled.com\/wp-content\/uploads\/2025\/08\/36123f2c-de60-488d-af81-255cd4aee54a-223x300.webp 223w, https:\/\/www.telaled.com\/wp-content\/uploads\/2025\/08\/36123f2c-de60-488d-af81-255cd4aee54a-768x1035.webp 768w, https:\/\/www.telaled.com\/wp-content\/uploads\/2025\/08\/36123f2c-de60-488d-af81-255cd4aee54a-9x12.webp 9w, https:\/\/www.telaled.com\/wp-content\/uploads\/2025\/08\/36123f2c-de60-488d-af81-255cd4aee54a-600x808.webp 600w, https:\/\/www.telaled.com\/wp-content\/uploads\/2025\/08\/36123f2c-de60-488d-af81-255cd4aee54a.webp 795w\" sizes=\"auto, (max-width: 760px) 100vw, 760px\" \/>\t\t\t\t\t\t\n\t\t\t\t\t<\/div>\n\t\t\t\t\t\t\t\t\n<style>\n#image_1785741532 {\n  width: 80%;\n}\n<\/style>\n\t<\/div>\n\t\n\n<table id=\"tablepress-90\" class=\"tablepress tablepress-id-90\">\n<thead>\n<tr class=\"row-1\">\n\t<th class=\"column-1\">Artikel<\/th><th class=\"column-2\">Technische Parameter<\/th>\n<\/tr>\n<\/thead>\n<tbody class=\"row-striping row-hover\">\n<tr class=\"row-2\">\n\t<td class=\"column-1\">Farbe:<\/td><td class=\"column-2\">Rot, Bernstein, Gr\u00fcn, Blau, Wei\u00df<\/td>\n<\/tr>\n<tr class=\"row-3\">\n\t<td class=\"column-1\">Ziffernh\u00f6he:<\/td><td class=\"column-2\">6'', 8'', 10'', 12'', 15'', 18'', 20'', 22'', 24'', 32'', 64'', 72''<\/td>\n<\/tr>\n<tr class=\"row-4\">\n\t<td class=\"column-1\">Zifferndesign:<\/td><td class=\"column-2\">7-Segment-Module sind mit Klebstoff versiegelt, erreichen die Wasserdichtigkeitsklasse IP67 und verf\u00fcgen \u00fcber einen Staubschutz, der daf\u00fcr sorgt, dass die LEDs jederzeit normal funktionieren.<\/td>\n<\/tr>\n<tr class=\"row-5\">\n\t<td class=\"column-1\">Helligkeitsregelung:<\/td><td class=\"column-2\">Automatisches Dimmen durch Helligkeitssensor<\/td>\n<\/tr>\n<tr class=\"row-6\">\n\t<td class=\"column-1\">Bildschirmdimmung:<\/td><td class=\"column-2\">Mehr als 8 Stufen der automatischen Intensit\u00e4tsanpassung<\/td>\n<\/tr>\n<tr class=\"row-7\">\n\t<td class=\"column-1\">Betrachtungswinkel:<\/td><td class=\"column-2\">Horizontal: 60\u00b0\u2013120\u00b0, Vertikal: 60\u00b0\u2013120\u00b0 oder kundenspezifisch<\/td>\n<\/tr>\n<tr class=\"row-8\">\n\t<td class=\"column-1\">Servicezugang:<\/td><td class=\"column-2\">\u00d6ffnung vorne oder hinten<\/td>\n<\/tr>\n<tr class=\"row-9\">\n\t<td class=\"column-1\">Master\/Slave:<\/td><td class=\"column-2\">Einseitig oder doppelseitig, Master\/Slave verf\u00fcgbar<\/td>\n<\/tr>\n<tr class=\"row-10\">\n\t<td class=\"column-1\">Geh\u00e4usematerial:<\/td><td class=\"column-2\">Eisengeh\u00e4use oder Rahmen aus Aluminiumlegierung<\/td>\n<\/tr>\n<tr class=\"row-11\">\n\t<td class=\"column-1\">Wasserdichtigkeitsgrad:<\/td><td class=\"column-2\">IP53 mit Rahmen aus Aluminiumlegierung, IP65 mit Eisengeh\u00e4use<\/td>\n<\/tr>\n<tr class=\"row-12\">\n\t<td class=\"column-1\">LED-Fahrmodus:<\/td><td class=\"column-2\">Konstantstrom<\/td>\n<\/tr>\n<tr class=\"row-13\">\n\t<td class=\"column-1\">Leistungsaufnahme:<\/td><td class=\"column-2\">110\/220 V AC, 50-60 Hz<\/td>\n<\/tr>\n<tr class=\"row-14\">\n\t<td class=\"column-1\">Kommunikation mit dem PC:<\/td><td class=\"column-2\">RS232\/485; LAN (TCP\/IP) kabelgebunden oder drahtlos, der Kunde kann w\u00e4hlen<\/td>\n<\/tr>\n<tr class=\"row-15\">\n\t<td class=\"column-1\">Fernbedienungstyp:<\/td><td class=\"column-2\">RF-Fernbedienung (normale 6-Tasten- oder LCD-Fernbedienung)<\/td>\n<\/tr>\n<tr class=\"row-16\">\n\t<td class=\"column-1\">Kontinuierliche Arbeitszeit:<\/td><td class=\"column-2\">Unbegrenzt<\/td>\n<\/tr>\n<tr class=\"row-17\">\n\t<td class=\"column-1\">LED-Lebensdauer:<\/td><td class=\"column-2\">&gt;100.000 Stunden<\/td>\n<\/tr>\n<tr class=\"row-18\">\n\t<td class=\"column-1\">Installationsmethode:<\/td><td class=\"column-2\">H\u00e4ngend, aufgesetzt oder nach Sonderanfertigung<\/td>\n<\/tr>\n<tr class=\"row-19\">\n\t<td class=\"column-1\">Arbeitstemperatur:<\/td><td class=\"column-2\">-40\u2103~75\u2103<\/td>\n<\/tr>\n<\/tbody>\n<\/table>\n\n\t\t<\/div>\n\t\t\t\t\t<\/div>\n\n\t\n<\/div>\n\t\t<\/div>\n\t\t\t\t\t<\/div>\n\n\t\n<\/div>","protected":false},"excerpt":{"rendered":"<p><strong><span data-sheets-root=\"1\">Elektronische Sportanzeigetafel<\/span> TEA-Serie \u2013 LED-Display f\u00fcr alle Spiele<\/strong><\/p>\n<p>Das <strong><span data-sheets-root=\"1\">Elektronische Sportanzeigetafel<\/span> TEA-Serie <\/strong>TELALED bietet gestochen scharfe, hochhelle LED-Ziffern f\u00fcr den Au\u00dfenbereich. Dank Infrarot-Displaytechnologie, Aluminium- oder Eisenrahmen und automatischer Helligkeitsregelung bietet es pr\u00e4zise Echtzeit-Z\u00e4hlung und langfristige Zuverl\u00e4ssigkeit bei allen Wetterbedingungen.<\/p>\n<p><strong>Haupteigenschaften:<\/strong><\/p>\n<ul>\n<li><strong>Langlebige Struktur:<\/strong> Wasser- und staubdichtes IP65-Geh\u00e4use mit versiegelten LED-Modulen, ausgelegt f\u00fcr \u00fcber 100.000 Betriebsstunden bei Temperaturen von -40 \u00b0C bis 75 \u00b0C.<\/li>\n<li><strong>Klare Sicht:<\/strong> Hochintensive LED-Chips mit bis zu 12.000 mcd und ein weiter Betrachtungswinkel von 60\u00b0 bis 120\u00b0 sorgen daf\u00fcr, dass die Ergebnisse auch bei Sonnenlicht oder Flutlicht lesbar bleiben.<\/li>\n<li><strong>Flexible Steuerung:<\/strong> Unterst\u00fctzt RF-, RS232\/485- und TCP\/IP-Fernbedienung mit mehreren Installationsoptionen: Wandmontage, h\u00e4ngend oder freistehend f\u00fcr verschiedene Sportanwendungen.<\/li>\n<\/ul>\n<p>Profitieren Sie von zuverl\u00e4ssigem Remote-Support rund um die Uhr mit einer umfassenden 3-Jahres-Garantie. Kontaktieren Sie uns noch heute f\u00fcr ein kostenloses, individuelles Angebot, das auf Ihre spezifischen Gesch\u00e4ftsanforderungen zugeschnitten ist.<\/p>","protected":false},"featured_media":3662,"template":"","meta":[],"product_brand":[],"product_cat":[50,48,40,15],"product_tag":[],"class_list":{"0":"post-3661","1":"product","2":"type-product","3":"status-publish","4":"has-post-thumbnail","6":"product_cat-aluguel-de-painel-de-led","7":"product_cat-paineis-personalizados","8":"product_cat-painel-de-led","9":"product_cat-sem-categoria","11":"first","12":"instock","13":"shipping-taxable","14":"product-type-simple"},"yoast_head":"<!-- This site is optimized with the Yoast SEO plugin v27.5 - https:\/\/yoast.com\/product\/yoast-seo-wordpress\/ -->\n<title>Placar Esportivo Eletr\u00f4nico S\u00e9rie TEA | Placares de LED para ambientes internos e externos. | TELALED<\/title>\n<meta name=\"description\" content=\"Placar Esportivo Eletr\u00f4nicos S\u00e9rie TEA com displays de LED coloridos. Melhore a experi\u00eancia dos f\u00e3s, exiba an\u00fancios e mantenha os placares claros em qualquer condi\u00e7\u00e3o clim\u00e1tica.\" \/>\n<meta name=\"robots\" content=\"index, follow, max-snippet:-1, max-image-preview:large, max-video-preview:-1\" \/>\n<link rel=\"canonical\" href=\"https:\/\/www.telaled.com\/de\/fabrica\/placar-eletronico-esportivo-serie-tea\/\" \/>\n<meta property=\"og:locale\" content=\"de_DE\" \/>\n<meta property=\"og:type\" content=\"article\" \/>\n<meta property=\"og:title\" content=\"Placar Esportivo Eletr\u00f4nico S\u00e9rie TEA | Placares de LED para ambientes internos e externos. | TELALED\" \/>\n<meta property=\"og:description\" content=\"Placar Esportivo Eletr\u00f4nicos S\u00e9rie TEA com displays de LED coloridos. Melhore a experi\u00eancia dos f\u00e3s, exiba an\u00fancios e mantenha os placares claros em qualquer condi\u00e7\u00e3o clim\u00e1tica.\" \/>\n<meta property=\"og:url\" content=\"https:\/\/www.telaled.com\/de\/fabrica\/placar-eletronico-esportivo-serie-tea\/\" \/>\n<meta property=\"og:site_name\" content=\"TELALED\" \/>\n<meta property=\"article:modified_time\" content=\"2026-01-06T09:11:26+00:00\" \/>\n<meta property=\"og:image\" content=\"https:\/\/www.telaled.com\/wp-content\/uploads\/2025\/09\/Placar-Eeletronico-Esportivo-Serie-TEA.jpg\" \/>\n\t<meta property=\"og:image:width\" content=\"500\" \/>\n\t<meta property=\"og:image:height\" content=\"500\" \/>\n\t<meta property=\"og:image:type\" content=\"image\/jpeg\" \/>\n<meta name=\"twitter:card\" content=\"summary_large_image\" \/>\n<meta name=\"twitter:label1\" content=\"Gesch\u00e4tzte Lesezeit\" \/>\n\t<meta name=\"twitter:data1\" content=\"3\u00a0Minuten\" \/>\n<script type=\"application\/ld+json\" class=\"yoast-schema-graph\">{\"@context\":\"https:\\\/\\\/schema.org\",\"@graph\":[{\"@type\":\"WebPage\",\"@id\":\"https:\\\/\\\/www.telaled.com\\\/fabrica\\\/placar-eletronico-esportivo-serie-tea\\\/\",\"url\":\"https:\\\/\\\/www.telaled.com\\\/fabrica\\\/placar-eletronico-esportivo-serie-tea\\\/\",\"name\":\"Placar Esportivo Eletr\u00f4nico S\u00e9rie TEA | Placares de LED para ambientes internos e externos. | TELALED\",\"isPartOf\":{\"@id\":\"https:\\\/\\\/www.telaled.com\\\/#website\"},\"primaryImageOfPage\":{\"@id\":\"https:\\\/\\\/www.telaled.com\\\/fabrica\\\/placar-eletronico-esportivo-serie-tea\\\/#primaryimage\"},\"image\":{\"@id\":\"https:\\\/\\\/www.telaled.com\\\/fabrica\\\/placar-eletronico-esportivo-serie-tea\\\/#primaryimage\"},\"thumbnailUrl\":\"https:\\\/\\\/www.telaled.com\\\/wp-content\\\/uploads\\\/2025\\\/09\\\/Placar-Eeletronico-Esportivo-Serie-TEA.jpg\",\"datePublished\":\"2025-09-30T03:19:49+00:00\",\"dateModified\":\"2026-01-06T09:11:26+00:00\",\"description\":\"Placar Esportivo Eletr\u00f4nicos S\u00e9rie TEA com displays de LED coloridos. Melhore a experi\u00eancia dos f\u00e3s, exiba an\u00fancios e mantenha os placares claros em qualquer condi\u00e7\u00e3o clim\u00e1tica.\",\"breadcrumb\":{\"@id\":\"https:\\\/\\\/www.telaled.com\\\/fabrica\\\/placar-eletronico-esportivo-serie-tea\\\/#breadcrumb\"},\"inLanguage\":\"de\",\"potentialAction\":[{\"@type\":\"ReadAction\",\"target\":[\"https:\\\/\\\/www.telaled.com\\\/fabrica\\\/placar-eletronico-esportivo-serie-tea\\\/\"]}]},{\"@type\":\"ImageObject\",\"inLanguage\":\"de\",\"@id\":\"https:\\\/\\\/www.telaled.com\\\/fabrica\\\/placar-eletronico-esportivo-serie-tea\\\/#primaryimage\",\"url\":\"https:\\\/\\\/www.telaled.com\\\/wp-content\\\/uploads\\\/2025\\\/09\\\/Placar-Eeletronico-Esportivo-Serie-TEA.jpg\",\"contentUrl\":\"https:\\\/\\\/www.telaled.com\\\/wp-content\\\/uploads\\\/2025\\\/09\\\/Placar-Eeletronico-Esportivo-Serie-TEA.jpg\",\"width\":500,\"height\":500,\"caption\":\"Placar-Eeletr\u00f4nico-Esportivo-S\u00e9rie-TEA\"},{\"@type\":\"BreadcrumbList\",\"@id\":\"https:\\\/\\\/www.telaled.com\\\/fabrica\\\/placar-eletronico-esportivo-serie-tea\\\/#breadcrumb\",\"itemListElement\":[{\"@type\":\"ListItem\",\"position\":1,\"name\":\"Home\",\"item\":\"https:\\\/\\\/www.telaled.com\\\/\"},{\"@type\":\"ListItem\",\"position\":2,\"name\":\"Produtos\",\"item\":\"https:\\\/\\\/www.telaled.com\\\/shop\\\/\"},{\"@type\":\"ListItem\",\"position\":3,\"name\":\"Placar Eletr\u00f4nico Esportivo S\u00e9rie TEA\"}]},{\"@type\":\"WebSite\",\"@id\":\"https:\\\/\\\/www.telaled.com\\\/#website\",\"url\":\"https:\\\/\\\/www.telaled.com\\\/\",\"name\":\"TELALED\",\"description\":\"\",\"potentialAction\":[{\"@type\":\"SearchAction\",\"target\":{\"@type\":\"EntryPoint\",\"urlTemplate\":\"https:\\\/\\\/www.telaled.com\\\/?s={search_term_string}\"},\"query-input\":{\"@type\":\"PropertyValueSpecification\",\"valueRequired\":true,\"valueName\":\"search_term_string\"}}],\"inLanguage\":\"de\"}]}<\/script>\n<!-- \/ Yoast SEO plugin. -->","yoast_head_json":{"title":"Elektronische Sportanzeigetafel der TEA-Serie | LED-Anzeigetafeln f\u00fcr den Innen- und Au\u00dfenbereich. | TELALED","description":"Elektronische Sportanzeigetafeln der TEA-Serie mit vollfarbigen LED-Displays. Verbessern Sie das Fan-Erlebnis, zeigen Sie Werbung an und sorgen Sie daf\u00fcr, dass die Anzeigetafeln bei jedem Wetter klar erkennbar sind.","robots":{"index":"index","follow":"follow","max-snippet":"max-snippet:-1","max-image-preview":"max-image-preview:large","max-video-preview":"max-video-preview:-1"},"canonical":"https:\/\/www.telaled.com\/de\/fabrica\/placar-eletronico-esportivo-serie-tea\/","og_locale":"de_DE","og_type":"article","og_title":"Placar Esportivo Eletr\u00f4nico S\u00e9rie TEA | Placares de LED para ambientes internos e externos. | TELALED","og_description":"Placar Esportivo Eletr\u00f4nicos S\u00e9rie TEA com displays de LED coloridos. Melhore a experi\u00eancia dos f\u00e3s, exiba an\u00fancios e mantenha os placares claros em qualquer condi\u00e7\u00e3o clim\u00e1tica.","og_url":"https:\/\/www.telaled.com\/de\/fabrica\/placar-eletronico-esportivo-serie-tea\/","og_site_name":"TELALED","article_modified_time":"2026-01-06T09:11:26+00:00","og_image":[{"width":500,"height":500,"url":"https:\/\/www.telaled.com\/wp-content\/uploads\/2025\/09\/Placar-Eeletronico-Esportivo-Serie-TEA.jpg","type":"image\/jpeg"}],"twitter_card":"summary_large_image","twitter_misc":{"Gesch\u00e4tzte Lesezeit":"3\u00a0Minuten"},"schema":{"@context":"https:\/\/schema.org","@graph":[{"@type":"WebPage","@id":"https:\/\/www.telaled.com\/fabrica\/placar-eletronico-esportivo-serie-tea\/","url":"https:\/\/www.telaled.com\/fabrica\/placar-eletronico-esportivo-serie-tea\/","name":"Elektronische Sportanzeigetafel der TEA-Serie | LED-Anzeigetafeln f\u00fcr den Innen- und Au\u00dfenbereich. | TELALED","isPartOf":{"@id":"https:\/\/www.telaled.com\/#website"},"primaryImageOfPage":{"@id":"https:\/\/www.telaled.com\/fabrica\/placar-eletronico-esportivo-serie-tea\/#primaryimage"},"image":{"@id":"https:\/\/www.telaled.com\/fabrica\/placar-eletronico-esportivo-serie-tea\/#primaryimage"},"thumbnailUrl":"https:\/\/www.telaled.com\/wp-content\/uploads\/2025\/09\/Placar-Eeletronico-Esportivo-Serie-TEA.jpg","datePublished":"2025-09-30T03:19:49+00:00","dateModified":"2026-01-06T09:11:26+00:00","description":"Elektronische Sportanzeigetafeln der TEA-Serie mit vollfarbigen LED-Displays. Verbessern Sie das Fan-Erlebnis, zeigen Sie Werbung an und sorgen Sie daf\u00fcr, dass die Anzeigetafeln bei jedem Wetter klar erkennbar sind.","breadcrumb":{"@id":"https:\/\/www.telaled.com\/fabrica\/placar-eletronico-esportivo-serie-tea\/#breadcrumb"},"inLanguage":"de","potentialAction":[{"@type":"ReadAction","target":["https:\/\/www.telaled.com\/fabrica\/placar-eletronico-esportivo-serie-tea\/"]}]},{"@type":"ImageObject","inLanguage":"de","@id":"https:\/\/www.telaled.com\/fabrica\/placar-eletronico-esportivo-serie-tea\/#primaryimage","url":"https:\/\/www.telaled.com\/wp-content\/uploads\/2025\/09\/Placar-Eeletronico-Esportivo-Serie-TEA.jpg","contentUrl":"https:\/\/www.telaled.com\/wp-content\/uploads\/2025\/09\/Placar-Eeletronico-Esportivo-Serie-TEA.jpg","width":500,"height":500,"caption":"Placar-Eeletr\u00f4nico-Esportivo-S\u00e9rie-TEA"},{"@type":"BreadcrumbList","@id":"https:\/\/www.telaled.com\/fabrica\/placar-eletronico-esportivo-serie-tea\/#breadcrumb","itemListElement":[{"@type":"ListItem","position":1,"name":"Home","item":"https:\/\/www.telaled.com\/"},{"@type":"ListItem","position":2,"name":"Produtos","item":"https:\/\/www.telaled.com\/shop\/"},{"@type":"ListItem","position":3,"name":"Placar Eletr\u00f4nico Esportivo S\u00e9rie TEA"}]},{"@type":"WebSite","@id":"https:\/\/www.telaled.com\/#website","url":"https:\/\/www.telaled.com\/","name":"LED-Bildschirm","description":"","potentialAction":[{"@type":"SearchAction","target":{"@type":"EntryPoint","urlTemplate":"https:\/\/www.telaled.com\/?s={search_term_string}"},"query-input":{"@type":"PropertyValueSpecification","valueRequired":true,"valueName":"search_term_string"}}],"inLanguage":"de"}]}},"_links":{"self":[{"href":"https:\/\/www.telaled.com\/de\/wp-json\/wp\/v2\/product\/3661","targetHints":{"allow":["GET"]}}],"collection":[{"href":"https:\/\/www.telaled.com\/de\/wp-json\/wp\/v2\/product"}],"about":[{"href":"https:\/\/www.telaled.com\/de\/wp-json\/wp\/v2\/types\/product"}],"wp:featuredmedia":[{"embeddable":true,"href":"https:\/\/www.telaled.com\/de\/wp-json\/wp\/v2\/media\/3662"}],"wp:attachment":[{"href":"https:\/\/www.telaled.com\/de\/wp-json\/wp\/v2\/media?parent=3661"}],"wp:term":[{"taxonomy":"product_brand","embeddable":true,"href":"https:\/\/www.telaled.com\/de\/wp-json\/wp\/v2\/product_brand?post=3661"},{"taxonomy":"product_cat","embeddable":true,"href":"https:\/\/www.telaled.com\/de\/wp-json\/wp\/v2\/product_cat?post=3661"},{"taxonomy":"product_tag","embeddable":true,"href":"https:\/\/www.telaled.com\/de\/wp-json\/wp\/v2\/product_tag?post=3661"}],"curies":[{"name":"wp","href":"https:\/\/api.w.org\/{rel}","templated":true}]}}