{"id":3624,"date":"2025-09-29T06:06:11","date_gmt":"2025-09-29T06:06:11","guid":{"rendered":"https:\/\/www.telaled.com\/?post_type=product&#038;p=3624"},"modified":"2026-01-06T08:56:07","modified_gmt":"2026-01-06T08:56:07","slug":"totem-led-vertical-serie-twc","status":"publish","type":"product","link":"https:\/\/www.telaled.com\/de\/fabrica\/totem-led-vertical-serie-twc\/","title":{"rendered":"Vertikales LED-Totem der TWC-Serie"},"content":{"rendered":"<div class=\"row\"  id=\"row-2143341119\">\n\n\t<div id=\"col-1897200039\" class=\"col small-12 large-12\"  >\n\t\t\t\t<div class=\"col-inner\"  >\n\t\t\t\n\t\t\t\n<h2>Exklusive Vorteile des vertikalen LED-Totems der TWC-Serie<\/h2>\n<h3><strong>\u00dcberragende Haltbarkeit<\/strong><\/h3>\n<ul>\n<li>Konzipiert f\u00fcr den Dauereinsatz ohne Leistungsverlust.<\/li>\n<li>Verschlei\u00dffest, sorgt f\u00fcr eine lange Lebensdauer.<\/li>\n<li>Konstruiert mit hochwertigen LED-Modulen f\u00fcr Stabilit\u00e4t.<\/li>\n<\/ul>\n<h3><strong>Au\u00dfergew\u00f6hnliche Bildqualit\u00e4t<\/strong><\/h3>\n<ul>\n<li>Hohe Helligkeit von bis zu 7500 cd\/m\u00b2 f\u00fcr lebendige Darstellungen.<\/li>\n<li>Feine Pixelschritte (bis zu <a href=\"https:\/\/www.telaled.com\/de\/painel-de-led-p2-5\/\">P2 mm<\/a>).<\/li>\n<li>Realistische Farben, die sofort die Aufmerksamkeit auf sich ziehen.<\/li>\n<\/ul>\n<h3><strong>Vollst\u00e4ndige Anpassungsf\u00e4higkeit<\/strong><\/h3>\n<ul>\n<li>In verschiedenen Gr\u00f6\u00dfen und Proportionen erh\u00e4ltlich.<\/li>\n<li>Einseitige oder doppelseitige Anzeigeoptionen.<\/li>\n<li>Anpassbar an verschiedene Innenumgebungen.<\/li>\n<\/ul>\n<h3><strong>Umfassende Unterst\u00fctzung<\/strong><\/h3>\n<ul>\n<li><strong>Fachkundige Unterst\u00fctzung rund um die Uhr: <\/strong>Holen Sie sich jederzeit und \u00fcberall professionelle Hilfe, damit Ihr System reibungslos l\u00e4uft.<strong>.<\/strong><\/li>\n<li><strong>Im Lieferumfang enthaltene Ersatzteile: <\/strong>Jede Bestellung enth\u00e4lt 5% Ersatzteile, um eine gleichbleibende Leistung zu gew\u00e4hrleisten.<\/li>\n<li><strong>Erh\u00f6hen Sie die Zuverl\u00e4ssigkeit:\u00a0<\/strong>Zus\u00e4tzliche Komponenten reduzieren Betriebsunterbrechungen und verl\u00e4ngern die Lebensdauer der Ger\u00e4te.<\/li>\n<li><strong>Sorgenfreiheitsgarantie:\u00a0<\/strong>Genie\u00dfen Sie 3 Jahre Garantie mit zuverl\u00e4ssigem Service und dauerhaftem Schutz Ihrer Investition.<\/li>\n<\/ul>\n<h2>Produktdetails<\/h2>\n<div class=\"row\"  id=\"row-1642057205\">\n\n\t<div id=\"col-257727538\" class=\"col medium-10 small-12 large-10\"  >\n\t\t\t\t<div class=\"col-inner text-left\"  >\n\t\t\t\n\t\t\t\n<ul>\n<li>Vertikale LED-Stelen sind elegante, mobile Digitalanzeigen in verschiedenen Gr\u00f6\u00dfen und Aufl\u00f6sungen. Sie sind sofort nach der Lieferung einsatzbereit und liefern gestochen scharfe, helle Bilder ohne aufw\u00e4ndige Einrichtung. Perfekt f\u00fcr Einkaufszentren, Einzelhandelsfl\u00e4chen und Konferenzen. Ihr ungew\u00f6hnliches Seitenverh\u00e4ltnis unterscheidet sie von Standard-LCDs und erm\u00f6glicht flexible Anpassungen an jede Marke.<\/li>\n<\/ul>\n\t<div class=\"img has-hover x md-x lg-x y md-y lg-y\" id=\"image_147830215\">\n\t\t\t\t\t\t\t\t<div class=\"img-inner dark\" >\n\t\t\t<img loading=\"lazy\" decoding=\"async\" width=\"1500\" height=\"841\" src=\"https:\/\/www.telaled.com\/wp-content\/uploads\/2025\/09\/vertical-led-totem8.webp\" class=\"attachment-original size-original\" alt=\"vertikales-led-totem8\" srcset=\"https:\/\/www.telaled.com\/wp-content\/uploads\/2025\/09\/vertical-led-totem8.webp 1500w, https:\/\/www.telaled.com\/wp-content\/uploads\/2025\/09\/vertical-led-totem8-300x168.webp 300w, https:\/\/www.telaled.com\/wp-content\/uploads\/2025\/09\/vertical-led-totem8-1024x574.webp 1024w, https:\/\/www.telaled.com\/wp-content\/uploads\/2025\/09\/vertical-led-totem8-768x431.webp 768w, https:\/\/www.telaled.com\/wp-content\/uploads\/2025\/09\/vertical-led-totem8-18x10.webp 18w, https:\/\/www.telaled.com\/wp-content\/uploads\/2025\/09\/vertical-led-totem8-600x336.webp 600w\" sizes=\"auto, (max-width: 1500px) 100vw, 1500px\" \/>\t\t\t\t\t\t\n\t\t\t\t\t<\/div>\n\t\t\t\t\t\t\t\t\n<style>\n#image_147830215 {\n  width: 80%;\n}\n<\/style>\n\t<\/div>\n\t\n<ul>\n<li>DER <em><strong>Vertikales LED-Totem der TWC-Serie<\/strong><\/em> K\u00f6nnen nebeneinander angeschlossen werden, um ein gr\u00f6\u00dferes Bild anzuzeigen oder den gleichen Inhalt auf mehreren Bildschirmen zu wiederholen. Sie k\u00f6nnen bis zu 5 Totems in einer Kaskade verbinden, geeignet f\u00fcr stehende oder h\u00e4ngende Installationen.<\/li>\n<\/ul>\n\t<div class=\"img has-hover x md-x lg-x y md-y lg-y\" id=\"image_514369452\">\n\t\t\t\t\t\t\t\t<div class=\"img-inner dark\" >\n\t\t\t<img loading=\"lazy\" decoding=\"async\" width=\"675\" height=\"675\" src=\"https:\/\/www.telaled.com\/wp-content\/uploads\/2025\/09\/Configuracao-em-cascata.webp\" class=\"attachment-large size-large\" alt=\"Kaskadenkonfiguration\" srcset=\"https:\/\/www.telaled.com\/wp-content\/uploads\/2025\/09\/Configuracao-em-cascata.webp 675w, https:\/\/www.telaled.com\/wp-content\/uploads\/2025\/09\/Configuracao-em-cascata-300x300.webp 300w, https:\/\/www.telaled.com\/wp-content\/uploads\/2025\/09\/Configuracao-em-cascata-150x150.webp 150w, https:\/\/www.telaled.com\/wp-content\/uploads\/2025\/09\/Configuracao-em-cascata-12x12.webp 12w, https:\/\/www.telaled.com\/wp-content\/uploads\/2025\/09\/Configuracao-em-cascata-600x600.webp 600w, https:\/\/www.telaled.com\/wp-content\/uploads\/2025\/09\/Configuracao-em-cascata-100x100.webp 100w\" sizes=\"auto, (max-width: 675px) 100vw, 675px\" \/>\t\t\t\t\t\t\n\t\t\t\t\t<\/div>\n\t\t\t\t\t\t\t\t\n<style>\n#image_514369452 {\n  width: 80%;\n}\n<\/style>\n\t<\/div>\n\t\n<ul>\n<li>Es verf\u00fcgt \u00fcber mehrere Schnittstellenoptionen, die Inhaltsaktualisierungen einfach und effizient machen.<\/li>\n<\/ul>\n\t<div class=\"img has-hover x md-x lg-x y md-y lg-y\" id=\"image_1364910049\">\n\t\t\t\t\t\t\t\t<div class=\"img-inner dark\" >\n\t\t\t<img loading=\"lazy\" decoding=\"async\" width=\"675\" height=\"675\" src=\"https:\/\/www.telaled.com\/wp-content\/uploads\/2025\/09\/Metodos-de-controle-1.webp\" class=\"attachment-large size-large\" alt=\"Kontrollmethoden (1)\" srcset=\"https:\/\/www.telaled.com\/wp-content\/uploads\/2025\/09\/Metodos-de-controle-1.webp 675w, https:\/\/www.telaled.com\/wp-content\/uploads\/2025\/09\/Metodos-de-controle-1-300x300.webp 300w, https:\/\/www.telaled.com\/wp-content\/uploads\/2025\/09\/Metodos-de-controle-1-150x150.webp 150w, https:\/\/www.telaled.com\/wp-content\/uploads\/2025\/09\/Metodos-de-controle-1-12x12.webp 12w, https:\/\/www.telaled.com\/wp-content\/uploads\/2025\/09\/Metodos-de-controle-1-600x600.webp 600w, https:\/\/www.telaled.com\/wp-content\/uploads\/2025\/09\/Metodos-de-controle-1-100x100.webp 100w\" sizes=\"auto, (max-width: 675px) 100vw, 675px\" \/>\t\t\t\t\t\t\n\t\t\t\t\t<\/div>\n\t\t\t\t\t\t\t\t\n<style>\n#image_1364910049 {\n  width: 80%;\n}\n<\/style>\n\t<\/div>\n\t\n\t\t<\/div>\n\t\t\t\t\t<\/div>\n\n\t\n\n\t<div id=\"col-1501249202\" class=\"col medium-10 small-12 large-10\"  >\n\t\t\t\t<div class=\"col-inner text-left\"  >\n\t\t\t\n\t\t\t\n<ul>\n<li>Heben Sie sich mit einem aufmerksamkeitsstarken vertikalen LED-Totem hervor. Steigern Sie die Sichtbarkeit Ihrer Marke mit leistungsstarken visuellen L\u00f6sungen, die Ihr Publikum begeistern. Von einseitigen bis doppelseitigen LCDs und vertikalen LED-Totems \u2013 unsere Displays vermitteln Ihre Botschaft klar und \u00fcberzeugend. Erz\u00e4hlen Sie Ihre Geschichte eindrucksvoll, erreichen Sie Ihre Kunden genau dort, wo sie sind, und treten Sie mit ihnen in Kontakt, wenn es darauf ankommt.<\/li>\n<\/ul>\n\t<div class=\"img has-hover x md-x lg-x y md-y lg-y\" id=\"image_1059710057\">\n\t\t\t\t\t\t\t\t<div class=\"img-inner dark\" >\n\t\t\t<img loading=\"lazy\" decoding=\"async\" width=\"675\" height=\"675\" src=\"https:\/\/www.telaled.com\/wp-content\/uploads\/2025\/09\/vertical-led-totem12.webp\" class=\"attachment-large size-large\" alt=\"vertikales-led-totem12\" srcset=\"https:\/\/www.telaled.com\/wp-content\/uploads\/2025\/09\/vertical-led-totem12.webp 675w, https:\/\/www.telaled.com\/wp-content\/uploads\/2025\/09\/vertical-led-totem12-300x300.webp 300w, https:\/\/www.telaled.com\/wp-content\/uploads\/2025\/09\/vertical-led-totem12-150x150.webp 150w, https:\/\/www.telaled.com\/wp-content\/uploads\/2025\/09\/vertical-led-totem12-12x12.webp 12w, https:\/\/www.telaled.com\/wp-content\/uploads\/2025\/09\/vertical-led-totem12-600x600.webp 600w, https:\/\/www.telaled.com\/wp-content\/uploads\/2025\/09\/vertical-led-totem12-100x100.webp 100w\" sizes=\"auto, (max-width: 675px) 100vw, 675px\" \/>\t\t\t\t\t\t\n\t\t\t\t\t<\/div>\n\t\t\t\t\t\t\t\t\n<style>\n#image_1059710057 {\n  width: 80%;\n}\n<\/style>\n\t<\/div>\n\t\n<ul>\n<li>Vertikale LED-Totems der TWC-Serie werden zum Schutz w\u00e4hrend des Transports in verst\u00e4rkten Holzkisten verpackt. Jede Einheit ist sicher verpackt, um Sch\u00e4den durch Sch\u00e4dlinge, St\u00f6\u00dfe und andere Gefahren zu vermeiden. Dies gew\u00e4hrleistet Langlebigkeit und einen sicheren Versand.<\/li>\n<\/ul>\n\t<div class=\"img has-hover x md-x lg-x y md-y lg-y\" id=\"image_1686756443\">\n\t\t\t\t\t\t\t\t<div class=\"img-inner dark\" >\n\t\t\t<img loading=\"lazy\" decoding=\"async\" width=\"760\" height=\"1024\" src=\"https:\/\/www.telaled.com\/wp-content\/uploads\/2025\/08\/36123f2c-de60-488d-af81-255cd4aee54a-760x1024.webp\" class=\"attachment-large size-large\" alt=\"\" srcset=\"https:\/\/www.telaled.com\/wp-content\/uploads\/2025\/08\/36123f2c-de60-488d-af81-255cd4aee54a-760x1024.webp 760w, https:\/\/www.telaled.com\/wp-content\/uploads\/2025\/08\/36123f2c-de60-488d-af81-255cd4aee54a-223x300.webp 223w, https:\/\/www.telaled.com\/wp-content\/uploads\/2025\/08\/36123f2c-de60-488d-af81-255cd4aee54a-768x1035.webp 768w, https:\/\/www.telaled.com\/wp-content\/uploads\/2025\/08\/36123f2c-de60-488d-af81-255cd4aee54a-9x12.webp 9w, https:\/\/www.telaled.com\/wp-content\/uploads\/2025\/08\/36123f2c-de60-488d-af81-255cd4aee54a-600x808.webp 600w, https:\/\/www.telaled.com\/wp-content\/uploads\/2025\/08\/36123f2c-de60-488d-af81-255cd4aee54a.webp 795w\" sizes=\"auto, (max-width: 760px) 100vw, 760px\" \/>\t\t\t\t\t\t\n\t\t\t\t\t<\/div>\n\t\t\t\t\t\t\t\t\n<style>\n#image_1686756443 {\n  width: 80%;\n}\n<\/style>\n\t<\/div>\n\t\n\n<table id=\"tablepress-88\" class=\"tablepress tablepress-id-88\">\n<thead>\n<tr class=\"row-1\">\n\t<th class=\"column-1\">Modelltyp<\/th><th class=\"column-2\">TWC-P2.5<\/th><th class=\"column-3\">TWC-P3<\/th><th class=\"column-4\">TWC-P4<\/th><th class=\"column-5\">TWC-P4<\/th>\n<\/tr>\n<\/thead>\n<tbody class=\"row-striping row-hover\">\n<tr class=\"row-2\">\n\t<td class=\"column-1\">Pixelabstand <\/td><td class=\"column-2\">2,5 mm<\/td><td class=\"column-3\">3 mm<\/td><td class=\"column-4\">4 mm<\/td><td class=\"column-5\">4 mm<\/td>\n<\/tr>\n<tr class=\"row-3\">\n\t<td class=\"column-1\">LED-Typ<\/td><td class=\"column-2\">SMD2121 (Schwarz)<\/td><td class=\"column-3\">SMD2121 (Schwarz)<\/td><td class=\"column-4\">SMD2121 (Schwarz)<\/td><td class=\"column-5\">SMD1921<\/td>\n<\/tr>\n<tr class=\"row-4\">\n\t<td class=\"column-1\">Modulaufl\u00f6sung<\/td><td class=\"column-2\">64 * 32 Punkte<\/td><td class=\"column-3\">64 * 64 Punkte<\/td><td class=\"column-4\">64 * 32 Punkte<\/td><td class=\"column-5\">64 * 32 Punkte<\/td>\n<\/tr>\n<tr class=\"row-5\">\n\t<td class=\"column-1\">Bildschirmgr\u00f6\u00dfe (H*B)<\/td><td class=\"column-2\">800*1600 mm<\/td><td class=\"column-3\">960*1920 mm<\/td><td class=\"column-4\">1024*1536 mm<\/td><td class=\"column-5\">1024*2048 mm<\/td>\n<\/tr>\n<tr class=\"row-6\">\n\t<td class=\"column-1\">Fu\u00dfgr\u00f6\u00dfe<\/td><td class=\"column-2\">2,62*5,25 Fu\u00df<\/td><td class=\"column-3\">3,15*6,30 Fu\u00df<\/td><td class=\"column-4\">3,36*6,72 Fu\u00df<\/td><td class=\"column-5\">3,36*6,72 Fu\u00df<\/td>\n<\/tr>\n<tr class=\"row-7\">\n\t<td class=\"column-1\">Bildschirmaufl\u00f6sung<\/td><td class=\"column-2\">320 * 640 Pixel<\/td><td class=\"column-3\">320 * 640 Pixel<\/td><td class=\"column-4\">256 * 512 Pixel<\/td><td class=\"column-5\">256 * 512 Pixel<\/td>\n<\/tr>\n<tr class=\"row-8\">\n\t<td class=\"column-1\">Materialschrank<\/td><td class=\"column-2\">Aluminium<\/td><td class=\"column-3\">Aluminium<\/td><td class=\"column-4\">Aluminium<\/td><td class=\"column-5\">Aluminium<\/td>\n<\/tr>\n<tr class=\"row-9\">\n\t<td class=\"column-1\">Schrankgewicht<\/td><td class=\"column-2\">100 kg<\/td><td class=\"column-3\">140 kg<\/td><td class=\"column-4\">115 kg<\/td><td class=\"column-5\">170 kg<\/td>\n<\/tr>\n<tr class=\"row-10\">\n\t<td class=\"column-1\">Fahrverfahren<\/td><td class=\"column-2\">\u22653 m<\/td><td class=\"column-3\">\u22653 m<\/td><td class=\"column-4\">&gt; 4 m<\/td><td class=\"column-5\">&gt; 4 m<\/td>\n<\/tr>\n<tr class=\"row-11\">\n\t<td class=\"column-1\">Licht<\/td><td class=\"column-2\">\u22651000 Nits<\/td><td class=\"column-3\">\u22651000 Nits<\/td><td class=\"column-4\">\u22651000 Nits<\/td><td class=\"column-5\">\u22655000 Nits<\/td>\n<\/tr>\n<tr class=\"row-12\">\n\t<td class=\"column-1\">Betrachtungswinkel<\/td><td class=\"column-2\">140\u00b0 (H)\/140\u00b0(V)<\/td><td class=\"column-3\">140\u00b0 (H)\/140\u00b0(V)<\/td><td class=\"column-4\">140\u00b0 (H)\/140\u00b0(V)<\/td><td class=\"column-5\">140\u00b0 (H)\/140\u00b0(V)<\/td>\n<\/tr>\n<tr class=\"row-13\">\n\t<td class=\"column-1\">Bildwiederholrate<\/td><td class=\"column-2\">1920 Hz<\/td><td class=\"column-3\">1920 Hz<\/td><td class=\"column-4\">1920 Hz<\/td><td class=\"column-5\">1920 Hz<\/td>\n<\/tr>\n<tr class=\"row-14\">\n\t<td class=\"column-1\">Eingangsspannung<\/td><td class=\"column-2\">AC 220\/110 \u00b1 15%<\/td><td class=\"column-3\">AC 220\/110 \u00b1 15%<\/td><td class=\"column-4\">AC 220\/110 \u00b1 15%<\/td><td class=\"column-5\">AC 220\/110 \u00b1 15%<\/td>\n<\/tr>\n<tr class=\"row-15\">\n\t<td class=\"column-1\">Maximaler Stromverbrauch<\/td><td class=\"column-2\">1000 W<\/td><td class=\"column-3\">1100 W<\/td><td class=\"column-4\">860 W<\/td><td class=\"column-5\">1200 W<\/td>\n<\/tr>\n<tr class=\"row-16\">\n\t<td class=\"column-1\">Betriebstemperatur (\u2103)<\/td><td class=\"column-2\">-30\u2103 bis 60\u2103<\/td><td class=\"column-3\">-30\u2103 bis 60\u2103<\/td><td class=\"column-4\">-30\u2103 bis 60\u2103<\/td><td class=\"column-5\">-30\u2103 bis 60\u2103<\/td>\n<\/tr>\n<tr class=\"row-17\">\n\t<td class=\"column-1\">Feuchtigkeitsproduktion<\/td><td class=\"column-2\">10% ~ 75%<\/td><td class=\"column-3\">10% ~ 75%<\/td><td class=\"column-4\">10% ~ 75%<\/td><td class=\"column-5\">10% ~ 75%<\/td>\n<\/tr>\n<tr class=\"row-18\">\n\t<td class=\"column-1\">Zertifikat<\/td><td class=\"column-2\">CE, ROHS<\/td><td class=\"column-3\">CE, ROHS<\/td><td class=\"column-4\">CE, ROHS<\/td><td class=\"column-5\">CE, ROHS<\/td>\n<\/tr>\n<\/tbody>\n<\/table>\n<!-- #tablepress-88 from cache -->\n\t\t<\/div>\n\t\t\t\t\t<\/div>\n\n\t\n<\/div>\n\t\t<\/div>\n\t\t\t\t\t<\/div>\n\n\t\n<\/div>","protected":false},"excerpt":{"rendered":"<p><strong>Vertikales LED-Totem der TWC-Serie \u2013 Intelligentes digitales Display f\u00fcr Werbung rund um die Uhr<\/strong><\/p>\n<p>Unsere <strong>Vertikales LED-Totem der TWC-Serie<\/strong> Diese vielseitigen Digitalanzeigen eignen sich f\u00fcr den Dauerbetrieb in jeder Umgebung. Dank der vielf\u00e4ltigen Modelle, der einfachen Installation und der flexiblen Steuerung liefern sie lebendige, helle Bilder und maximieren so Ihre Rendite in der Innen- und Au\u00dfenwerbung.<\/p>\n<p><strong>Haupteigenschaften:<\/strong><\/p>\n<ul>\n<li>Es funktioniert rund um die Uhr mit hoher Helligkeit, die vor Regen, Nebel oder direkter Sonneneinstrahlung sch\u00fctzt.<\/li>\n<li>Aktualisieren Sie Inhalte \u00fcber 4G, WLAN, USB, Bluetooth oder Ethernet.<\/li>\n<li>Freistehende, fahrbare, wandmontierte oder h\u00e4ngende Installationen f\u00fcr jeden Standort.<\/li>\n<li>Hergestellt mit Premium-Komponenten, Schutz aus geh\u00e4rtetem Glas und anpassbaren Parametern.<\/li>\n<\/ul>\n<p>Profitieren Sie von zuverl\u00e4ssigem Remote-Support rund um die Uhr und einer 3-j\u00e4hrigen Garantie. Kontaktieren Sie uns noch heute f\u00fcr ein kostenloses, individuelles Angebot, das auf Ihre Bed\u00fcrfnisse zugeschnitten ist.<\/p>","protected":false},"featured_media":3625,"template":"","meta":[],"product_brand":[],"product_cat":[50,48,40,43],"product_tag":[],"class_list":{"0":"post-3624","1":"product","2":"type-product","3":"status-publish","4":"has-post-thumbnail","6":"product_cat-aluguel-de-painel-de-led","7":"product_cat-paineis-personalizados","8":"product_cat-painel-de-led","9":"product_cat-totem-de-led","11":"first","12":"instock","13":"shipping-taxable","14":"product-type-simple"},"yoast_head":"<!-- This site is optimized with the Yoast SEO plugin v27.5 - https:\/\/yoast.com\/product\/yoast-seo-wordpress\/ -->\n<title>Totem LED Vertical S\u00e9rie TWC | Displays Digitais Atraentes para An\u00fancios Internos e Externos | TELALED<\/title>\n<meta name=\"description\" content=\"Aprimore sua publicidade com um Totem LED Vertical S\u00e9rie TWC. Telas finas, m\u00f3veis e de alto brilho para shoppings, lojas e eventos. Solicite um or\u00e7amento hoje mesmo!\" \/>\n<meta name=\"robots\" content=\"index, follow, max-snippet:-1, max-image-preview:large, max-video-preview:-1\" \/>\n<link rel=\"canonical\" href=\"https:\/\/www.telaled.com\/de\/fabrica\/totem-led-vertical-serie-twc\/\" \/>\n<meta property=\"og:locale\" content=\"de_DE\" \/>\n<meta property=\"og:type\" content=\"article\" \/>\n<meta property=\"og:title\" content=\"Totem LED Vertical S\u00e9rie TWC | Displays Digitais Atraentes para An\u00fancios Internos e Externos | TELALED\" \/>\n<meta property=\"og:description\" content=\"Aprimore sua publicidade com um Totem LED Vertical S\u00e9rie TWC. Telas finas, m\u00f3veis e de alto brilho para shoppings, lojas e eventos. Solicite um or\u00e7amento hoje mesmo!\" \/>\n<meta property=\"og:url\" content=\"https:\/\/www.telaled.com\/de\/fabrica\/totem-led-vertical-serie-twc\/\" \/>\n<meta property=\"og:site_name\" content=\"TELALED\" \/>\n<meta property=\"article:modified_time\" content=\"2026-01-06T08:56:07+00:00\" \/>\n<meta property=\"og:image\" content=\"https:\/\/www.telaled.com\/wp-content\/uploads\/2025\/09\/vertical-led-totem.webp\" \/>\n\t<meta property=\"og:image:width\" content=\"500\" \/>\n\t<meta property=\"og:image:height\" content=\"500\" \/>\n\t<meta property=\"og:image:type\" content=\"image\/webp\" \/>\n<meta name=\"twitter:card\" content=\"summary_large_image\" \/>\n<meta name=\"twitter:label1\" content=\"Gesch\u00e4tzte Lesezeit\" \/>\n\t<meta name=\"twitter:data1\" content=\"3\u00a0Minuten\" \/>\n<script type=\"application\/ld+json\" class=\"yoast-schema-graph\">{\"@context\":\"https:\\\/\\\/schema.org\",\"@graph\":[{\"@type\":\"WebPage\",\"@id\":\"https:\\\/\\\/www.telaled.com\\\/fabrica\\\/totem-led-vertical-serie-twc\\\/\",\"url\":\"https:\\\/\\\/www.telaled.com\\\/fabrica\\\/totem-led-vertical-serie-twc\\\/\",\"name\":\"Totem LED Vertical S\u00e9rie TWC | Displays Digitais Atraentes para An\u00fancios Internos e Externos | TELALED\",\"isPartOf\":{\"@id\":\"https:\\\/\\\/www.telaled.com\\\/#website\"},\"primaryImageOfPage\":{\"@id\":\"https:\\\/\\\/www.telaled.com\\\/fabrica\\\/totem-led-vertical-serie-twc\\\/#primaryimage\"},\"image\":{\"@id\":\"https:\\\/\\\/www.telaled.com\\\/fabrica\\\/totem-led-vertical-serie-twc\\\/#primaryimage\"},\"thumbnailUrl\":\"https:\\\/\\\/www.telaled.com\\\/wp-content\\\/uploads\\\/2025\\\/09\\\/vertical-led-totem.webp\",\"datePublished\":\"2025-09-29T06:06:11+00:00\",\"dateModified\":\"2026-01-06T08:56:07+00:00\",\"description\":\"Aprimore sua publicidade com um Totem LED Vertical S\u00e9rie TWC. Telas finas, m\u00f3veis e de alto brilho para shoppings, lojas e eventos. Solicite um or\u00e7amento hoje mesmo!\",\"breadcrumb\":{\"@id\":\"https:\\\/\\\/www.telaled.com\\\/fabrica\\\/totem-led-vertical-serie-twc\\\/#breadcrumb\"},\"inLanguage\":\"de\",\"potentialAction\":[{\"@type\":\"ReadAction\",\"target\":[\"https:\\\/\\\/www.telaled.com\\\/fabrica\\\/totem-led-vertical-serie-twc\\\/\"]}]},{\"@type\":\"ImageObject\",\"inLanguage\":\"de\",\"@id\":\"https:\\\/\\\/www.telaled.com\\\/fabrica\\\/totem-led-vertical-serie-twc\\\/#primaryimage\",\"url\":\"https:\\\/\\\/www.telaled.com\\\/wp-content\\\/uploads\\\/2025\\\/09\\\/vertical-led-totem.webp\",\"contentUrl\":\"https:\\\/\\\/www.telaled.com\\\/wp-content\\\/uploads\\\/2025\\\/09\\\/vertical-led-totem.webp\",\"width\":500,\"height\":500,\"caption\":\"vertical-led-totem\"},{\"@type\":\"BreadcrumbList\",\"@id\":\"https:\\\/\\\/www.telaled.com\\\/fabrica\\\/totem-led-vertical-serie-twc\\\/#breadcrumb\",\"itemListElement\":[{\"@type\":\"ListItem\",\"position\":1,\"name\":\"Home\",\"item\":\"https:\\\/\\\/www.telaled.com\\\/\"},{\"@type\":\"ListItem\",\"position\":2,\"name\":\"Produtos\",\"item\":\"https:\\\/\\\/www.telaled.com\\\/shop\\\/\"},{\"@type\":\"ListItem\",\"position\":3,\"name\":\"Totem LED Vertical S\u00e9rie TWC\"}]},{\"@type\":\"WebSite\",\"@id\":\"https:\\\/\\\/www.telaled.com\\\/#website\",\"url\":\"https:\\\/\\\/www.telaled.com\\\/\",\"name\":\"TELALED\",\"description\":\"\",\"potentialAction\":[{\"@type\":\"SearchAction\",\"target\":{\"@type\":\"EntryPoint\",\"urlTemplate\":\"https:\\\/\\\/www.telaled.com\\\/?s={search_term_string}\"},\"query-input\":{\"@type\":\"PropertyValueSpecification\",\"valueRequired\":true,\"valueName\":\"search_term_string\"}}],\"inLanguage\":\"de\"}]}<\/script>\n<!-- \/ Yoast SEO plugin. -->","yoast_head_json":{"title":"Vertikales LED-Stele der TWC-Serie | Attraktive digitale Displays f\u00fcr Innen- und Au\u00dfenwerbung | TELALED","description":"Werten Sie Ihre Werbung mit einem vertikalen LED-Stele der TWC-Serie auf. Schlanke, mobile und hochhelle Displays f\u00fcr Einkaufszentren, Gesch\u00e4fte und Veranstaltungen. Fordern Sie noch heute ein Angebot an!","robots":{"index":"index","follow":"follow","max-snippet":"max-snippet:-1","max-image-preview":"max-image-preview:large","max-video-preview":"max-video-preview:-1"},"canonical":"https:\/\/www.telaled.com\/de\/fabrica\/totem-led-vertical-serie-twc\/","og_locale":"de_DE","og_type":"article","og_title":"Totem LED Vertical S\u00e9rie TWC | Displays Digitais Atraentes para An\u00fancios Internos e Externos | TELALED","og_description":"Aprimore sua publicidade com um Totem LED Vertical S\u00e9rie TWC. Telas finas, m\u00f3veis e de alto brilho para shoppings, lojas e eventos. Solicite um or\u00e7amento hoje mesmo!","og_url":"https:\/\/www.telaled.com\/de\/fabrica\/totem-led-vertical-serie-twc\/","og_site_name":"TELALED","article_modified_time":"2026-01-06T08:56:07+00:00","og_image":[{"width":500,"height":500,"url":"https:\/\/www.telaled.com\/wp-content\/uploads\/2025\/09\/vertical-led-totem.webp","type":"image\/webp"}],"twitter_card":"summary_large_image","twitter_misc":{"Gesch\u00e4tzte Lesezeit":"3\u00a0Minuten"},"schema":{"@context":"https:\/\/schema.org","@graph":[{"@type":"WebPage","@id":"https:\/\/www.telaled.com\/fabrica\/totem-led-vertical-serie-twc\/","url":"https:\/\/www.telaled.com\/fabrica\/totem-led-vertical-serie-twc\/","name":"Vertikales LED-Stele der TWC-Serie | Attraktive digitale Displays f\u00fcr Innen- und Au\u00dfenwerbung | TELALED","isPartOf":{"@id":"https:\/\/www.telaled.com\/#website"},"primaryImageOfPage":{"@id":"https:\/\/www.telaled.com\/fabrica\/totem-led-vertical-serie-twc\/#primaryimage"},"image":{"@id":"https:\/\/www.telaled.com\/fabrica\/totem-led-vertical-serie-twc\/#primaryimage"},"thumbnailUrl":"https:\/\/www.telaled.com\/wp-content\/uploads\/2025\/09\/vertical-led-totem.webp","datePublished":"2025-09-29T06:06:11+00:00","dateModified":"2026-01-06T08:56:07+00:00","description":"Werten Sie Ihre Werbung mit einem vertikalen LED-Stele der TWC-Serie auf. Schlanke, mobile und hochhelle Displays f\u00fcr Einkaufszentren, Gesch\u00e4fte und Veranstaltungen. Fordern Sie noch heute ein Angebot an!","breadcrumb":{"@id":"https:\/\/www.telaled.com\/fabrica\/totem-led-vertical-serie-twc\/#breadcrumb"},"inLanguage":"de","potentialAction":[{"@type":"ReadAction","target":["https:\/\/www.telaled.com\/fabrica\/totem-led-vertical-serie-twc\/"]}]},{"@type":"ImageObject","inLanguage":"de","@id":"https:\/\/www.telaled.com\/fabrica\/totem-led-vertical-serie-twc\/#primaryimage","url":"https:\/\/www.telaled.com\/wp-content\/uploads\/2025\/09\/vertical-led-totem.webp","contentUrl":"https:\/\/www.telaled.com\/wp-content\/uploads\/2025\/09\/vertical-led-totem.webp","width":500,"height":500,"caption":"vertical-led-totem"},{"@type":"BreadcrumbList","@id":"https:\/\/www.telaled.com\/fabrica\/totem-led-vertical-serie-twc\/#breadcrumb","itemListElement":[{"@type":"ListItem","position":1,"name":"Home","item":"https:\/\/www.telaled.com\/"},{"@type":"ListItem","position":2,"name":"Produtos","item":"https:\/\/www.telaled.com\/shop\/"},{"@type":"ListItem","position":3,"name":"Totem LED Vertical S\u00e9rie TWC"}]},{"@type":"WebSite","@id":"https:\/\/www.telaled.com\/#website","url":"https:\/\/www.telaled.com\/","name":"LED-Bildschirm","description":"","potentialAction":[{"@type":"SearchAction","target":{"@type":"EntryPoint","urlTemplate":"https:\/\/www.telaled.com\/?s={search_term_string}"},"query-input":{"@type":"PropertyValueSpecification","valueRequired":true,"valueName":"search_term_string"}}],"inLanguage":"de"}]}},"_links":{"self":[{"href":"https:\/\/www.telaled.com\/de\/wp-json\/wp\/v2\/product\/3624","targetHints":{"allow":["GET"]}}],"collection":[{"href":"https:\/\/www.telaled.com\/de\/wp-json\/wp\/v2\/product"}],"about":[{"href":"https:\/\/www.telaled.com\/de\/wp-json\/wp\/v2\/types\/product"}],"wp:featuredmedia":[{"embeddable":true,"href":"https:\/\/www.telaled.com\/de\/wp-json\/wp\/v2\/media\/3625"}],"wp:attachment":[{"href":"https:\/\/www.telaled.com\/de\/wp-json\/wp\/v2\/media?parent=3624"}],"wp:term":[{"taxonomy":"product_brand","embeddable":true,"href":"https:\/\/www.telaled.com\/de\/wp-json\/wp\/v2\/product_brand?post=3624"},{"taxonomy":"product_cat","embeddable":true,"href":"https:\/\/www.telaled.com\/de\/wp-json\/wp\/v2\/product_cat?post=3624"},{"taxonomy":"product_tag","embeddable":true,"href":"https:\/\/www.telaled.com\/de\/wp-json\/wp\/v2\/product_tag?post=3624"}],"curies":[{"name":"wp","href":"https:\/\/api.w.org\/{rel}","templated":true}]}}