{"id":3604,"date":"2025-09-26T19:34:34","date_gmt":"2025-09-26T19:34:34","guid":{"rendered":"https:\/\/www.telaled.com\/?post_type=product&#038;p=3604"},"modified":"2026-01-06T08:35:10","modified_gmt":"2026-01-06T08:35:10","slug":"totem-de-rua-propaganda-serie-twa","status":"publish","type":"product","link":"https:\/\/www.telaled.com\/de\/fabrica\/totem-de-rua-propaganda-serie-twa\/","title":{"rendered":"Stra\u00dfentotemwerbung TWA-Serie"},"content":{"rendered":"<div class=\"row\"  id=\"row-1968814861\">\n\n\t<div id=\"col-1561078793\" class=\"col small-12 large-12\"  >\n\t\t\t\t<div class=\"col-inner\"  >\n\t\t\t\n\t\t\t\n<h2><strong>Exklusive Vorteile der Stra\u00dfenwerbetotems der TWA-Serie<\/strong><\/h2>\n<h3><strong>Sichtbarkeit auf Augenh\u00f6he<\/strong><\/h3>\n<ul>\n<li>Erregt die Aufmerksamkeit dort, wo die Leute nat\u00fcrlich hinschauen.<\/li>\n<li>F\u00e4llt in \u00fcberf\u00fcllten st\u00e4dtischen Umgebungen auf.<\/li>\n<li>Sorgt f\u00fcr eine h\u00f6here Erinnerung im Vergleich zu Werbetafeln an der Decke.<\/li>\n<\/ul>\n<h3><strong>Starke lokale Wirkung<\/strong><\/h3>\n<ul>\n<li>F\u00fcr maximale Sichtbarkeit in stark frequentierten Bereichen positioniert.<\/li>\n<li>Es betrifft sowohl Fu\u00dfg\u00e4nger als auch den nahegelegenen Fahrzeugverkehr.<\/li>\n<li>F\u00f6rdert sofortiges Handeln, indem Zielgruppen in der N\u00e4he der Verkaufsstelle erreicht werden.<\/li>\n<\/ul>\n<h3><strong>F\u00fcr Outdoor-Leistung konzipiert<\/strong><\/h3>\n<ul>\n<li>Wetter- und staubbest\u00e4ndig f\u00fcr den ganzj\u00e4hrigen Einsatz.<\/li>\n<li>Materialien in Industriequalit\u00e4t verhindern Sch\u00e4den und Verschlei\u00df.<\/li>\n<li>Wartungsarmes Design reduziert die langfristigen Kosten.<\/li>\n<\/ul>\n<h3><strong>Echtzeit-Inhaltskontrolle<\/strong><\/h3>\n<ul>\n<li>Aktualisieren Sie Kampagnen, damit Ihre Markenbotschaft f\u00fcr Pendler sichtbar bleibt.<\/li>\n<li>Starten Sie neue Werbeaktionen ohne Druckverz\u00f6gerungen.<\/li>\n<li>Sorgen Sie daf\u00fcr, dass Ihre Nachrichten f\u00fcr Ihr Publikum aktuell und relevant sind.<\/li>\n<\/ul>\n<h2>Produktdetails<\/h2>\n<div class=\"row\"  id=\"row-2041300578\">\n\n\t<div id=\"col-2142424956\" class=\"col medium-10 small-12 large-10\"  >\n\t\t\t\t<div class=\"col-inner text-left\"  >\n\t\t\t\n\t\t\t\n<ul>\n<li><strong>Langlebige Struktur<\/strong> \u2013 Industriestahl und geh\u00e4rtetes Glas sch\u00fctzen das Ger\u00e4t vor Verschlei\u00df, St\u00f6\u00dfen und Vandalismus.<\/li>\n<\/ul>\n\t<div class=\"img has-hover x md-x lg-x y md-y lg-y\" id=\"image_1949425352\">\n\t\t\t\t\t\t\t\t<div class=\"img-inner dark\" >\n\t\t\t<img loading=\"lazy\" decoding=\"async\" width=\"750\" height=\"492\" src=\"https:\/\/www.telaled.com\/wp-content\/uploads\/2025\/09\/Durable-Build-1.webp\" class=\"attachment-large size-large\" alt=\"Langlebige Konstruktion\" srcset=\"https:\/\/www.telaled.com\/wp-content\/uploads\/2025\/09\/Durable-Build-1.webp 750w, https:\/\/www.telaled.com\/wp-content\/uploads\/2025\/09\/Durable-Build-1-300x197.webp 300w, https:\/\/www.telaled.com\/wp-content\/uploads\/2025\/09\/Durable-Build-1-18x12.webp 18w, https:\/\/www.telaled.com\/wp-content\/uploads\/2025\/09\/Durable-Build-1-600x394.webp 600w\" sizes=\"auto, (max-width: 750px) 100vw, 750px\" \/>\t\t\t\t\t\t\n\t\t\t\t\t<\/div>\n\t\t\t\t\t\t\t\t\n<style>\n#image_1949425352 {\n  width: 80%;\n}\n<\/style>\n\t<\/div>\n\t\n<ul>\n<li><strong>Anpassbare Optionen<\/strong> - W\u00e4hlen Sie aus mehreren Gr\u00f6\u00dfen, Ausrichtungen und Ausf\u00fchrungen, die zu Ihrer Markenidentit\u00e4t passen.<\/li>\n<\/ul>\n\t<div class=\"img has-hover x md-x lg-x y md-y lg-y\" id=\"image_286317677\">\n\t\t\t\t\t\t\t\t<div class=\"img-inner dark\" >\n\t\t\t<img loading=\"lazy\" decoding=\"async\" width=\"750\" height=\"492\" src=\"https:\/\/www.telaled.com\/wp-content\/uploads\/2025\/09\/Customizable-Options-1.webp\" class=\"attachment-original size-original\" alt=\"\" srcset=\"https:\/\/www.telaled.com\/wp-content\/uploads\/2025\/09\/Customizable-Options-1.webp 750w, https:\/\/www.telaled.com\/wp-content\/uploads\/2025\/09\/Customizable-Options-1-300x197.webp 300w, https:\/\/www.telaled.com\/wp-content\/uploads\/2025\/09\/Customizable-Options-1-18x12.webp 18w, https:\/\/www.telaled.com\/wp-content\/uploads\/2025\/09\/Customizable-Options-1-600x394.webp 600w\" sizes=\"auto, (max-width: 750px) 100vw, 750px\" \/>\t\t\t\t\t\t\n\t\t\t\t\t<\/div>\n\t\t\t\t\t\t\t\t\n<style>\n#image_286317677 {\n  width: 80%;\n}\n<\/style>\n\t<\/div>\n\t\n<ul>\n<li><strong>Flexible Installation<\/strong> \u2013 kann auf dem Boden montiert, freistehend oder in eine vorhandene Au\u00dfenstruktur integriert werden.<\/li>\n<\/ul>\n\t<div class=\"img has-hover x md-x lg-x y md-y lg-y\" id=\"image_1347345475\">\n\t\t\t\t\t\t\t\t<div class=\"img-inner dark\" >\n\t\t\t<img loading=\"lazy\" decoding=\"async\" width=\"750\" height=\"492\" src=\"https:\/\/www.telaled.com\/wp-content\/uploads\/2025\/09\/Flexible-Installation-1.webp\" class=\"attachment-large size-large\" alt=\"Flexible Installation Stra\u00dfenwerbetote TWA-Serie\" srcset=\"https:\/\/www.telaled.com\/wp-content\/uploads\/2025\/09\/Flexible-Installation-1.webp 750w, https:\/\/www.telaled.com\/wp-content\/uploads\/2025\/09\/Flexible-Installation-1-300x197.webp 300w, https:\/\/www.telaled.com\/wp-content\/uploads\/2025\/09\/Flexible-Installation-1-18x12.webp 18w, https:\/\/www.telaled.com\/wp-content\/uploads\/2025\/09\/Flexible-Installation-1-600x394.webp 600w\" sizes=\"auto, (max-width: 750px) 100vw, 750px\" \/>\t\t\t\t\t\t\n\t\t\t\t\t<\/div>\n\t\t\t\t\t\t\t\t\n<style>\n#image_1347345475 {\n  width: 80%;\n}\n<\/style>\n\t<\/div>\n\t\n<ul>\n<li><strong>Mehrfachanwendung<\/strong> Ideal f\u00fcr <a href=\"https:\/\/www.telaled.com\/de\/painel-de-led-para-loja\/\">Einzelhandelsgesch\u00e4fte<\/a>, Verkehrsknotenpunkte, \u00f6ffentliche Pl\u00e4tze und Gewerbegebiete, in denen ein hoher Fu\u00dfg\u00e4ngerverkehr f\u00fcr maximale Sichtbarkeit und Interaktion sorgt.<\/li>\n<\/ul>\n\t<div class=\"img has-hover x md-x lg-x y md-y lg-y\" id=\"image_2076404655\">\n\t\t\t\t\t\t\t\t<div class=\"img-inner dark\" >\n\t\t\t<img loading=\"lazy\" decoding=\"async\" width=\"450\" height=\"1024\" src=\"https:\/\/www.telaled.com\/wp-content\/uploads\/2025\/09\/totem-de-rua-propaganda-Aplicativo-1-450x1024.webp\" class=\"attachment-large size-large\" alt=\"Stra\u00dfentotem-Werbung App\" srcset=\"https:\/\/www.telaled.com\/wp-content\/uploads\/2025\/09\/totem-de-rua-propaganda-Aplicativo-1-450x1024.webp 450w, https:\/\/www.telaled.com\/wp-content\/uploads\/2025\/09\/totem-de-rua-propaganda-Aplicativo-1-132x300.webp 132w, https:\/\/www.telaled.com\/wp-content\/uploads\/2025\/09\/totem-de-rua-propaganda-Aplicativo-1-5x12.webp 5w, https:\/\/www.telaled.com\/wp-content\/uploads\/2025\/09\/totem-de-rua-propaganda-Aplicativo-1-600x1366.webp 600w, https:\/\/www.telaled.com\/wp-content\/uploads\/2025\/09\/totem-de-rua-propaganda-Aplicativo-1.webp 750w\" sizes=\"auto, (max-width: 450px) 100vw, 450px\" \/>\t\t\t\t\t\t\n\t\t\t\t\t<\/div>\n\t\t\t\t\t\t\t\t\n<style>\n#image_2076404655 {\n  width: 80%;\n}\n<\/style>\n\t<\/div>\n\t\n<ul>\n<li><span style=\"font-weight: 400;\">Die Stra\u00dfenwerbetotems der TWA-Serie werden in stabilen Holzkisten geliefert, die sorgf\u00e4ltig verst\u00e4rkt sind, um den Transport zu \u00fcberstehen. Jedes Display ist sicher befestigt, um es vor Sch\u00e4dlingen und St\u00f6\u00dfen zu sch\u00fctzen, und kommt unbesch\u00e4digt und langlebig bei Ihnen an.<\/span><\/li>\n<\/ul>\n\t<div class=\"img has-hover x md-x lg-x y md-y lg-y\" id=\"image_2121510470\">\n\t\t\t\t\t\t\t\t<div class=\"img-inner dark\" >\n\t\t\t<img loading=\"lazy\" decoding=\"async\" width=\"760\" height=\"1024\" src=\"https:\/\/www.telaled.com\/wp-content\/uploads\/2025\/08\/36123f2c-de60-488d-af81-255cd4aee54a-760x1024.webp\" class=\"attachment-large size-large\" alt=\"\" srcset=\"https:\/\/www.telaled.com\/wp-content\/uploads\/2025\/08\/36123f2c-de60-488d-af81-255cd4aee54a-760x1024.webp 760w, https:\/\/www.telaled.com\/wp-content\/uploads\/2025\/08\/36123f2c-de60-488d-af81-255cd4aee54a-223x300.webp 223w, https:\/\/www.telaled.com\/wp-content\/uploads\/2025\/08\/36123f2c-de60-488d-af81-255cd4aee54a-768x1035.webp 768w, https:\/\/www.telaled.com\/wp-content\/uploads\/2025\/08\/36123f2c-de60-488d-af81-255cd4aee54a-9x12.webp 9w, https:\/\/www.telaled.com\/wp-content\/uploads\/2025\/08\/36123f2c-de60-488d-af81-255cd4aee54a-600x808.webp 600w, https:\/\/www.telaled.com\/wp-content\/uploads\/2025\/08\/36123f2c-de60-488d-af81-255cd4aee54a.webp 795w\" sizes=\"auto, (max-width: 760px) 100vw, 760px\" \/>\t\t\t\t\t\t\n\t\t\t\t\t<\/div>\n\t\t\t\t\t\t\t\t\n<style>\n#image_2121510470 {\n  width: 80%;\n}\n<\/style>\n\t<\/div>\n\t\n\n<table id=\"tablepress-89\" class=\"tablepress tablepress-id-89\">\n<thead>\n<tr class=\"row-1\">\n\t<th colspan=\"4\" class=\"column-1\">Hauptattribute<\/th>\n<\/tr>\n<\/thead>\n<tbody class=\"row-striping row-hover\">\n<tr class=\"row-2\">\n\t<td class=\"column-1\">Aufl\u00f6sung<\/td><td class=\"column-2\">4096*2160<\/td><td class=\"column-3\"><\/td><td class=\"column-4\"><\/td>\n<\/tr>\n<tr class=\"row-3\">\n\t<td class=\"column-1\">Bildschirmverh\u00e4ltnis<\/td><td class=\"column-2\">Andere<\/td><td class=\"column-3\"><\/td><td class=\"column-4\"><\/td>\n<\/tr>\n<tr class=\"row-4\">\n\t<td class=\"column-1\">Anwendung<\/td><td class=\"column-2\">Innen, Au\u00dfen<\/td><td class=\"column-3\"><\/td><td class=\"column-4\"><\/td>\n<\/tr>\n<tr class=\"row-5\">\n\t<td class=\"column-1\">Glanz<\/td><td class=\"column-2\">\u22655000 cd\/m2 oder \u22656000 cd\/m2<\/td><td class=\"column-3\"><\/td><td class=\"column-4\"><\/td>\n<\/tr>\n<tr class=\"row-6\">\n\t<td class=\"column-1\">IP-Schutzart<\/td><td class=\"column-2\">IP65<\/td><td class=\"column-3\"><\/td><td class=\"column-4\"><\/td>\n<\/tr>\n<tr class=\"row-7\">\n\t<td class=\"column-1\">Pixel<\/td><td class=\"column-2\">3 Millimeter<\/td><td class=\"column-3\"><\/td><td class=\"column-4\"><\/td>\n<\/tr>\n<tr class=\"row-8\">\n\t<td class=\"column-1\">Garantie<\/td><td class=\"column-2\">5 Jahre<\/td><td class=\"column-3\"><\/td><td class=\"column-4\"><\/td>\n<\/tr>\n<tr class=\"row-9\">\n\t<td class=\"column-1\">Bildschirmtyp<\/td><td class=\"column-2\">Andere<\/td><td class=\"column-3\"><\/td><td class=\"column-4\"><\/td>\n<\/tr>\n<tr class=\"row-10\">\n\t<td class=\"column-1\">Funktion<\/td><td class=\"column-2\">SDK<\/td><td class=\"column-3\"><\/td><td class=\"column-4\"><\/td>\n<\/tr>\n<tr class=\"row-11\">\n\t<td class=\"column-1\">Spezifikation<\/td><td class=\"column-2\">Digitales Poster, Kiosk<\/td><td class=\"column-3\"><\/td><td class=\"column-4\"><\/td>\n<\/tr>\n<tr class=\"row-12\">\n\t<td class=\"column-1\">Lieferantentyp<\/td><td class=\"column-2\">Originalhersteller, ODM, Agentur, Einzelh\u00e4ndler, OEM, Sonstige<\/td><td class=\"column-3\"><\/td><td class=\"column-4\"><\/td>\n<\/tr>\n<tr class=\"row-13\">\n\t<td class=\"column-1\">Verf\u00fcgbare Medien<\/td><td class=\"column-2\">technisches Datenblatt, Foto, EDA\/CAD-Modelle<\/td><td class=\"column-3\"><\/td><td class=\"column-4\"><\/td>\n<\/tr>\n<tr class=\"row-14\">\n\t<td class=\"column-1\">Anwendung<\/td><td class=\"column-2\">Werbung, Einzelhandelsgesch\u00e4ft, Einkaufszentrum, Geschirrdisplay, Willkommensdisplay, Selbstbedienungsgesch\u00e4ft, Ausstellungshalle, Beschilderung, Flughafen, U-Bahn, Aufzug, Restaurant- und Hotelbedarf, Bildung, medizinische Behandlung<\/td><td class=\"column-3\"><\/td><td class=\"column-4\"><\/td>\n<\/tr>\n<tr class=\"row-15\">\n\t<td class=\"column-1\">Pixeldichte<\/td><td class=\"column-2\">105625 Punkte\/m2<\/td><td class=\"column-3\"><\/td><td class=\"column-4\"><\/td>\n<\/tr>\n<tr class=\"row-16\">\n\t<td class=\"column-1\">Herkunftsort<\/td><td class=\"column-2\">SHENZHEN<\/td><td class=\"column-3\"><\/td><td class=\"column-4\"><\/td>\n<\/tr>\n<tr class=\"row-17\">\n\t<td class=\"column-1\">Farbe<\/td><td class=\"column-2\">volle Farben<\/td><td class=\"column-3\"><\/td><td class=\"column-4\"><\/td>\n<\/tr>\n<tr class=\"row-18\">\n\t<td class=\"column-1\">Lebensdauer (Stunden)<\/td><td class=\"column-2\">100000 Stunden<\/td><td class=\"column-3\"><\/td><td class=\"column-4\"><\/td>\n<\/tr>\n<tr class=\"row-19\">\n\t<td class=\"column-1\">Betrachtungswinkel (h\/v)<\/td><td class=\"column-2\">120\u00b0\/120\u00b0<\/td><td class=\"column-3\"><\/td><td class=\"column-4\"><\/td>\n<\/tr>\n<tr class=\"row-20\">\n\t<td class=\"column-1\">Schrankgr\u00f6\u00dfe<\/td><td class=\"column-2\">1140*2230 mm<\/td><td class=\"column-3\"><\/td><td class=\"column-4\"><\/td>\n<\/tr>\n<tr class=\"row-21\">\n\t<td class=\"column-1\">Dicke<\/td><td class=\"column-2\">17 cm<\/td><td class=\"column-3\"><\/td><td class=\"column-4\"><\/td>\n<\/tr>\n<tr class=\"row-22\">\n\t<td class=\"column-1\">Gewicht<\/td><td class=\"column-2\">147 kg<\/td><td class=\"column-3\"><\/td><td class=\"column-4\"><\/td>\n<\/tr>\n<tr class=\"row-23\">\n\t<td class=\"column-1\">Pixel<\/td><td class=\"column-2\">P3 P4 P5<\/td><td class=\"column-3\"><\/td><td class=\"column-4\"><\/td>\n<\/tr>\n<tr class=\"row-24\">\n\t<td class=\"column-1\">Typ<\/td><td class=\"column-2\">Plakat f\u00fcr den Au\u00dfenbereich<\/td><td class=\"column-3\"><\/td><td class=\"column-4\"><\/td>\n<\/tr>\n<tr class=\"row-25\">\n\t<td class=\"column-1\">Modulgr\u00f6\u00dfe<\/td><td class=\"column-2\">320*160 mm<\/td><td class=\"column-3\"><\/td><td class=\"column-4\"><\/td>\n<\/tr>\n<tr class=\"row-26\">\n\t<td class=\"column-1\">Glanz<\/td><td class=\"column-2\">6000 cd\/m\u00b2<\/td><td class=\"column-3\"><\/td><td class=\"column-4\"><\/td>\n<\/tr>\n<tr class=\"row-27\">\n\t<td class=\"column-1\">Graustufen<\/td><td class=\"column-2\">14 Bit<\/td><td class=\"column-3\"><\/td><td class=\"column-4\"><\/td>\n<\/tr>\n<tr class=\"row-28\">\n\t<td class=\"column-1\">Betrachtungswinkel<\/td><td class=\"column-2\">120\u00b0\/120\u00b0<\/td><td class=\"column-3\"><\/td><td class=\"column-4\"><\/td>\n<\/tr>\n<\/tbody>\n<\/table>\n\n\t\t<\/div>\n\t\t\t\t\t<\/div>\n\n\t\n<\/div>\n\t\t<\/div>\n\t\t\t\t\t<\/div>\n\n\t\n<\/div>","protected":false},"excerpt":{"rendered":"<p><strong>Stra\u00dfenwerbetotem der TWA-Serie \u2013 Robustes Outdoor-Display f\u00fcr maximale Wirkung<\/strong><\/p>\n<p>DER <strong>Stra\u00dfentotemwerbung TWA-Serie<\/strong> wurde entwickelt, um in stark frequentierten Au\u00dfenbereichen Aufmerksamkeit zu erregen. Dank seines schlanken Designs und der wetterfesten Konstruktion sorgt es Tag und Nacht f\u00fcr gut sichtbare Werbung. Ideal f\u00fcr Marken, Einzelh\u00e4ndler und \u00f6ffentliche R\u00e4ume \u2013 es sorgt daf\u00fcr, dass Ihre Botschaft dort auff\u00e4llt, wo sie am wichtigsten ist.<\/p>\n<p><strong>Hauptvorteile:<\/strong><\/p>\n<ul>\n<li><strong>24-Stunden-Sichtbarkeit:<\/strong> 7 Tage die Woche: Helle, hochaufl\u00f6sende Displays sorgen daf\u00fcr, dass Ihre Anzeigen auch bei direkter Sonneneinstrahlung oder nachts klar und deutlich sichtbar sind.<\/li>\n<li><strong>Wetterfestes Design:<\/strong> Entwickelt, um Regen, Hitze und Staub standzuhalten und so eine lang anhaltende Leistung im Au\u00dfenbereich zu gew\u00e4hrleisten.<\/li>\n<li><strong>Anpassbare Optionen:<\/strong> erh\u00e4ltlich in verschiedenen Gr\u00f6\u00dfen, Ausf\u00fchrungen und Anzeigetypen, um Ihren Markenanforderungen gerecht zu werden.<\/li>\n<li><strong>Steigern Sie das Engagement:<\/strong> Strategisch platzierte Totems ziehen Fu\u00dfg\u00e4nger an und erh\u00f6hen die Markenbekanntheit in stark frequentierten Bereichen.<\/li>\n<\/ul>\n<p><span style=\"font-weight: 400;\">Unser Team bietet 24\/7-Fernsupport und 3 Jahre Garantie. Kontaktieren Sie uns noch heute f\u00fcr ein individuelles Angebot.<\/span><\/p>","protected":false},"featured_media":3607,"template":"","meta":[],"product_brand":[],"product_cat":[48,40,44,46],"product_tag":[],"class_list":{"0":"post-3604","1":"product","2":"type-product","3":"status-publish","4":"has-post-thumbnail","6":"product_cat-paineis-personalizados","7":"product_cat-painel-de-led","8":"product_cat-painel-de-led-flexivel","9":"product_cat-painel-de-video","11":"first","12":"instock","13":"shipping-taxable","14":"product-type-simple"},"yoast_head":"<!-- This site is optimized with the Yoast SEO plugin v27.5 - https:\/\/yoast.com\/product\/yoast-seo-wordpress\/ -->\n<title>Totem De Rua Propaganda S\u00e9rie TWA | TELALED<\/title>\n<meta name=\"description\" content=\"O Totem De Rua Propaganda S\u00e9rie TWA \u00e9 um totem externo de alto impacto e resistente \u00e0s intemp\u00e9ries que aumenta a visibilidade da marca. Solicite um or\u00e7amento.\" \/>\n<meta name=\"robots\" content=\"index, follow, max-snippet:-1, max-image-preview:large, max-video-preview:-1\" \/>\n<link rel=\"canonical\" href=\"https:\/\/www.telaled.com\/de\/fabrica\/totem-de-rua-propaganda-serie-twa\/\" \/>\n<meta property=\"og:locale\" content=\"de_DE\" \/>\n<meta property=\"og:type\" content=\"article\" \/>\n<meta property=\"og:title\" content=\"Totem De Rua Propaganda S\u00e9rie TWA | TELALED\" \/>\n<meta property=\"og:description\" content=\"O Totem De Rua Propaganda S\u00e9rie TWA \u00e9 um totem externo de alto impacto e resistente \u00e0s intemp\u00e9ries que aumenta a visibilidade da marca. Solicite um or\u00e7amento.\" \/>\n<meta property=\"og:url\" content=\"https:\/\/www.telaled.com\/de\/fabrica\/totem-de-rua-propaganda-serie-twa\/\" \/>\n<meta property=\"og:site_name\" content=\"TELALED\" \/>\n<meta property=\"article:modified_time\" content=\"2026-01-06T08:35:10+00:00\" \/>\n<meta property=\"og:image\" content=\"https:\/\/www.telaled.com\/wp-content\/uploads\/2025\/09\/Totem-De-Rua-Propaganda.webp\" \/>\n\t<meta property=\"og:image:width\" content=\"500\" \/>\n\t<meta property=\"og:image:height\" content=\"500\" \/>\n\t<meta property=\"og:image:type\" content=\"image\/webp\" \/>\n<meta name=\"twitter:card\" content=\"summary_large_image\" \/>\n<meta name=\"twitter:label1\" content=\"Gesch\u00e4tzte Lesezeit\" \/>\n\t<meta name=\"twitter:data1\" content=\"2\u00a0Minuten\" \/>\n<script type=\"application\/ld+json\" class=\"yoast-schema-graph\">{\"@context\":\"https:\\\/\\\/schema.org\",\"@graph\":[{\"@type\":\"WebPage\",\"@id\":\"https:\\\/\\\/www.telaled.com\\\/fabrica\\\/totem-de-rua-propaganda-serie-twa\\\/\",\"url\":\"https:\\\/\\\/www.telaled.com\\\/fabrica\\\/totem-de-rua-propaganda-serie-twa\\\/\",\"name\":\"Totem De Rua Propaganda S\u00e9rie TWA | TELALED\",\"isPartOf\":{\"@id\":\"https:\\\/\\\/www.telaled.com\\\/#website\"},\"primaryImageOfPage\":{\"@id\":\"https:\\\/\\\/www.telaled.com\\\/fabrica\\\/totem-de-rua-propaganda-serie-twa\\\/#primaryimage\"},\"image\":{\"@id\":\"https:\\\/\\\/www.telaled.com\\\/fabrica\\\/totem-de-rua-propaganda-serie-twa\\\/#primaryimage\"},\"thumbnailUrl\":\"https:\\\/\\\/www.telaled.com\\\/wp-content\\\/uploads\\\/2025\\\/09\\\/Totem-De-Rua-Propaganda.webp\",\"datePublished\":\"2025-09-26T19:34:34+00:00\",\"dateModified\":\"2026-01-06T08:35:10+00:00\",\"description\":\"O Totem De Rua Propaganda S\u00e9rie TWA \u00e9 um totem externo de alto impacto e resistente \u00e0s intemp\u00e9ries que aumenta a visibilidade da marca. Solicite um or\u00e7amento.\",\"breadcrumb\":{\"@id\":\"https:\\\/\\\/www.telaled.com\\\/fabrica\\\/totem-de-rua-propaganda-serie-twa\\\/#breadcrumb\"},\"inLanguage\":\"de\",\"potentialAction\":[{\"@type\":\"ReadAction\",\"target\":[\"https:\\\/\\\/www.telaled.com\\\/fabrica\\\/totem-de-rua-propaganda-serie-twa\\\/\"]}]},{\"@type\":\"ImageObject\",\"inLanguage\":\"de\",\"@id\":\"https:\\\/\\\/www.telaled.com\\\/fabrica\\\/totem-de-rua-propaganda-serie-twa\\\/#primaryimage\",\"url\":\"https:\\\/\\\/www.telaled.com\\\/wp-content\\\/uploads\\\/2025\\\/09\\\/Totem-De-Rua-Propaganda.webp\",\"contentUrl\":\"https:\\\/\\\/www.telaled.com\\\/wp-content\\\/uploads\\\/2025\\\/09\\\/Totem-De-Rua-Propaganda.webp\",\"width\":500,\"height\":500,\"caption\":\"Totem De Rua Propaganda\"},{\"@type\":\"BreadcrumbList\",\"@id\":\"https:\\\/\\\/www.telaled.com\\\/fabrica\\\/totem-de-rua-propaganda-serie-twa\\\/#breadcrumb\",\"itemListElement\":[{\"@type\":\"ListItem\",\"position\":1,\"name\":\"Home\",\"item\":\"https:\\\/\\\/www.telaled.com\\\/\"},{\"@type\":\"ListItem\",\"position\":2,\"name\":\"Produtos\",\"item\":\"https:\\\/\\\/www.telaled.com\\\/shop\\\/\"},{\"@type\":\"ListItem\",\"position\":3,\"name\":\"Totem De Rua Propaganda S\u00e9rie TWA\"}]},{\"@type\":\"WebSite\",\"@id\":\"https:\\\/\\\/www.telaled.com\\\/#website\",\"url\":\"https:\\\/\\\/www.telaled.com\\\/\",\"name\":\"TELALED\",\"description\":\"\",\"potentialAction\":[{\"@type\":\"SearchAction\",\"target\":{\"@type\":\"EntryPoint\",\"urlTemplate\":\"https:\\\/\\\/www.telaled.com\\\/?s={search_term_string}\"},\"query-input\":{\"@type\":\"PropertyValueSpecification\",\"valueRequired\":true,\"valueName\":\"search_term_string\"}}],\"inLanguage\":\"de\"}]}<\/script>\n<!-- \/ Yoast SEO plugin. -->","yoast_head_json":{"title":"Stra\u00dfentotemwerbung TWA-Serie | TELALED","description":"Das Stra\u00dfenwerbetotem der TWA-Serie ist ein wirkungsvolles, wetterbest\u00e4ndiges Outdoor-Totem, das die Sichtbarkeit Ihrer Marke erh\u00f6ht. Fordern Sie ein Angebot an.","robots":{"index":"index","follow":"follow","max-snippet":"max-snippet:-1","max-image-preview":"max-image-preview:large","max-video-preview":"max-video-preview:-1"},"canonical":"https:\/\/www.telaled.com\/de\/fabrica\/totem-de-rua-propaganda-serie-twa\/","og_locale":"de_DE","og_type":"article","og_title":"Totem De Rua Propaganda S\u00e9rie TWA | TELALED","og_description":"O Totem De Rua Propaganda S\u00e9rie TWA \u00e9 um totem externo de alto impacto e resistente \u00e0s intemp\u00e9ries que aumenta a visibilidade da marca. Solicite um or\u00e7amento.","og_url":"https:\/\/www.telaled.com\/de\/fabrica\/totem-de-rua-propaganda-serie-twa\/","og_site_name":"TELALED","article_modified_time":"2026-01-06T08:35:10+00:00","og_image":[{"width":500,"height":500,"url":"https:\/\/www.telaled.com\/wp-content\/uploads\/2025\/09\/Totem-De-Rua-Propaganda.webp","type":"image\/webp"}],"twitter_card":"summary_large_image","twitter_misc":{"Gesch\u00e4tzte Lesezeit":"2\u00a0Minuten"},"schema":{"@context":"https:\/\/schema.org","@graph":[{"@type":"WebPage","@id":"https:\/\/www.telaled.com\/fabrica\/totem-de-rua-propaganda-serie-twa\/","url":"https:\/\/www.telaled.com\/fabrica\/totem-de-rua-propaganda-serie-twa\/","name":"Stra\u00dfentotemwerbung TWA-Serie | TELALED","isPartOf":{"@id":"https:\/\/www.telaled.com\/#website"},"primaryImageOfPage":{"@id":"https:\/\/www.telaled.com\/fabrica\/totem-de-rua-propaganda-serie-twa\/#primaryimage"},"image":{"@id":"https:\/\/www.telaled.com\/fabrica\/totem-de-rua-propaganda-serie-twa\/#primaryimage"},"thumbnailUrl":"https:\/\/www.telaled.com\/wp-content\/uploads\/2025\/09\/Totem-De-Rua-Propaganda.webp","datePublished":"2025-09-26T19:34:34+00:00","dateModified":"2026-01-06T08:35:10+00:00","description":"Das Stra\u00dfenwerbetotem der TWA-Serie ist ein wirkungsvolles, wetterbest\u00e4ndiges Outdoor-Totem, das die Sichtbarkeit Ihrer Marke erh\u00f6ht. Fordern Sie ein Angebot an.","breadcrumb":{"@id":"https:\/\/www.telaled.com\/fabrica\/totem-de-rua-propaganda-serie-twa\/#breadcrumb"},"inLanguage":"de","potentialAction":[{"@type":"ReadAction","target":["https:\/\/www.telaled.com\/fabrica\/totem-de-rua-propaganda-serie-twa\/"]}]},{"@type":"ImageObject","inLanguage":"de","@id":"https:\/\/www.telaled.com\/fabrica\/totem-de-rua-propaganda-serie-twa\/#primaryimage","url":"https:\/\/www.telaled.com\/wp-content\/uploads\/2025\/09\/Totem-De-Rua-Propaganda.webp","contentUrl":"https:\/\/www.telaled.com\/wp-content\/uploads\/2025\/09\/Totem-De-Rua-Propaganda.webp","width":500,"height":500,"caption":"Totem De Rua Propaganda"},{"@type":"BreadcrumbList","@id":"https:\/\/www.telaled.com\/fabrica\/totem-de-rua-propaganda-serie-twa\/#breadcrumb","itemListElement":[{"@type":"ListItem","position":1,"name":"Home","item":"https:\/\/www.telaled.com\/"},{"@type":"ListItem","position":2,"name":"Produtos","item":"https:\/\/www.telaled.com\/shop\/"},{"@type":"ListItem","position":3,"name":"Totem De Rua Propaganda S\u00e9rie TWA"}]},{"@type":"WebSite","@id":"https:\/\/www.telaled.com\/#website","url":"https:\/\/www.telaled.com\/","name":"LED-Bildschirm","description":"","potentialAction":[{"@type":"SearchAction","target":{"@type":"EntryPoint","urlTemplate":"https:\/\/www.telaled.com\/?s={search_term_string}"},"query-input":{"@type":"PropertyValueSpecification","valueRequired":true,"valueName":"search_term_string"}}],"inLanguage":"de"}]}},"_links":{"self":[{"href":"https:\/\/www.telaled.com\/de\/wp-json\/wp\/v2\/product\/3604","targetHints":{"allow":["GET"]}}],"collection":[{"href":"https:\/\/www.telaled.com\/de\/wp-json\/wp\/v2\/product"}],"about":[{"href":"https:\/\/www.telaled.com\/de\/wp-json\/wp\/v2\/types\/product"}],"wp:featuredmedia":[{"embeddable":true,"href":"https:\/\/www.telaled.com\/de\/wp-json\/wp\/v2\/media\/3607"}],"wp:attachment":[{"href":"https:\/\/www.telaled.com\/de\/wp-json\/wp\/v2\/media?parent=3604"}],"wp:term":[{"taxonomy":"product_brand","embeddable":true,"href":"https:\/\/www.telaled.com\/de\/wp-json\/wp\/v2\/product_brand?post=3604"},{"taxonomy":"product_cat","embeddable":true,"href":"https:\/\/www.telaled.com\/de\/wp-json\/wp\/v2\/product_cat?post=3604"},{"taxonomy":"product_tag","embeddable":true,"href":"https:\/\/www.telaled.com\/de\/wp-json\/wp\/v2\/product_tag?post=3604"}],"curies":[{"name":"wp","href":"https:\/\/api.w.org\/{rel}","templated":true}]}}