{"id":3299,"date":"2025-09-12T05:59:46","date_gmt":"2025-09-12T05:59:46","guid":{"rendered":"https:\/\/www.telaled.com\/?post_type=product&#038;p=3299"},"modified":"2026-01-06T01:20:53","modified_gmt":"2026-01-06T01:20:53","slug":"dj-booth-led-screen-serie-tci","status":"publish","type":"product","link":"https:\/\/www.telaled.com\/de\/fabrica\/dj-booth-led-screen-serie-tci\/","title":{"rendered":"DJ-Pult-LED-Bildschirm der TCI-Serie"},"content":{"rendered":"<div class=\"row\"  id=\"row-2012288959\">\n\n\t<div id=\"col-109369162\" class=\"col small-12 large-12\"  >\n\t\t\t\t<div class=\"col-inner\"  >\n\t\t\t\n\t\t\t\n<h2>Exklusive Vorteile des DJ-Booth-LED-Bildschirms der TCI-Serie<\/h2>\n<h3><strong>\u00dcberragende Haltbarkeit<\/strong><\/h3>\n<ul>\n<li>Der hochfeste Aluminiumrahmen sorgt f\u00fcr eine leichte und robuste Konstruktion.<\/li>\n<li>Entwickelt f\u00fcr den Dauerbetrieb rund um die Uhr in dynamischen Umgebungen.<\/li>\n<li>Ideal f\u00fcr lang anhaltende Leistung in anspruchsvollen Umgebungen.<\/li>\n<\/ul>\n<h3><strong>Au\u00dfergew\u00f6hnliche Bildqualit\u00e4t<\/strong><\/h3>\n<ul>\n<li>Verschiedene Formate und benutzerdefinierte Module sorgen f\u00fcr hervorragende Bildsch\u00e4rfe.<\/li>\n<li>Bietet ein beeindruckendes visuelles Erlebnis mit lebendiger, gestochen scharfer Anzeige.<\/li>\n<li>Verbessert die Atmosph\u00e4re jedes Raums und sorgt f\u00fcr eine atemberaubende visuelle Wirkung.<\/li>\n<\/ul>\n<h3><strong>Vollst\u00e4ndige Anpassungsf\u00e4higkeit<\/strong><\/h3>\n<ul>\n<li>Hochgradig anpassbar mit einer gro\u00dfen Vielfalt an Formen und Gr\u00f6\u00dfen.<\/li>\n<li>Perfekt f\u00fcr Nachtclubs, Ausstellungsr\u00e4ume, Fernsehb\u00fchnen und andere exklusive R\u00e4ume.<\/li>\n<li>Es passt sich perfekt an unterschiedliche Anforderungen an und verbessert die Atmosph\u00e4re des Ortes.<\/li>\n<\/ul>\n<h3><strong>Umfassende Unterst\u00fctzung<\/strong><\/h3>\n<ul>\n<li>Technischer Fernsupport rund um die Uhr: Greifen Sie jederzeit und \u00fcberall auf die Unterst\u00fctzung von Experten zu.<\/li>\n<li>5% Ersatzteile im Lieferumfang enthalten: Jede Bestellung enth\u00e4lt zus\u00e4tzliche Komponenten, um die Zuverl\u00e4ssigkeit zu erh\u00f6hen und f\u00fcr ein beruhigendes Gef\u00fchl zu sorgen.<\/li>\n<li>3 Jahre erweiterte Garantie: Genie\u00dfen Sie langfristige Konvergenz f\u00fcr bessere Leistung und zuverl\u00e4ssigen Service.<\/li>\n<\/ul>\n<h2>Produktdetails<\/h2>\n<div class=\"row\"  id=\"row-1442986\">\n\n\t<div id=\"col-1983200095\" class=\"col medium-10 small-12 large-10\"  >\n\t\t\t\t<div class=\"col-inner text-left\"  >\n\t\t\t\n\t\t\t\n<ul>\n<li>Es verf\u00fcgt \u00fcber einen robusten, hochfesten Aluminiumrahmen, der Langlebigkeit mit geringem Gewicht verbindet. Seine einzigartige Struktur erh\u00f6ht nicht nur die Stabilit\u00e4t, sondern sorgt auch f\u00fcr eine attraktive Optik \u2013 perfekt f\u00fcr jede Veranstaltung. Vollst\u00e4ndig anpassbar, erm\u00f6glicht eine einfache Programmierung, um den spezifischen Anforderungen jedes Anlasses gerecht zu werden.<\/li>\n<\/ul>\n\t<div class=\"img has-hover x md-x lg-x y md-y lg-y\" id=\"image_425038368\">\n\t\t\t\t\t\t\t\t<div class=\"img-inner dark\" >\n\t\t\t<img loading=\"lazy\" decoding=\"async\" width=\"670\" height=\"380\" src=\"https:\/\/www.telaled.com\/wp-content\/uploads\/2025\/09\/Estrutura-de-aluminio-de-alta-resistencia-e-durabilidade.jpg\" class=\"attachment-original size-original\" alt=\"Hochfeste und langlebige Aluminiumstruktur\" srcset=\"https:\/\/www.telaled.com\/wp-content\/uploads\/2025\/09\/Estrutura-de-aluminio-de-alta-resistencia-e-durabilidade.jpg 670w, https:\/\/www.telaled.com\/wp-content\/uploads\/2025\/09\/Estrutura-de-aluminio-de-alta-resistencia-e-durabilidade-300x170.jpg 300w, https:\/\/www.telaled.com\/wp-content\/uploads\/2025\/09\/Estrutura-de-aluminio-de-alta-resistencia-e-durabilidade-18x10.jpg 18w, https:\/\/www.telaled.com\/wp-content\/uploads\/2025\/09\/Estrutura-de-aluminio-de-alta-resistencia-e-durabilidade-600x340.jpg 600w\" sizes=\"auto, (max-width: 670px) 100vw, 670px\" \/>\t\t\t\t\t\t\n\t\t\t\t\t<\/div>\n\t\t\t\t\t\t\t\t\n<style>\n#image_425038368 {\n  width: 95%;\n}\n<\/style>\n\t<\/div>\n\t\n<ul>\n<li>Ausgestattet mit intuitiven Bedienelementen und benutzerfreundlicher Software gew\u00e4hrleistet es perfekte Leistung im Synchronmodus. Es ist f\u00fcr den 24\/7-Betrieb konzipiert und bietet zuverl\u00e4ssige, unterbrechungsfreie Leistung.<\/li>\n<\/ul>\n\t\t<\/div>\n\t\t\t\t\t<\/div>\n\n\t\n\n\t<div id=\"col-1003535339\" class=\"col medium-10 small-12 large-10\"  >\n\t\t\t\t<div class=\"col-inner text-left\"  >\n\t\t\t\n\t\t\t\n\t<div class=\"img has-hover x md-x lg-x y md-y lg-y\" id=\"image_770337050\">\n\t\t\t\t\t\t\t\t<div class=\"img-inner dark\" >\n\t\t\t<img loading=\"lazy\" decoding=\"async\" width=\"670\" height=\"380\" src=\"https:\/\/www.telaled.com\/wp-content\/uploads\/2025\/09\/Facil-controle-e-estabilidade.webp\" class=\"attachment-large size-large\" alt=\"Einfache Steuerung und Stabilit\u00e4t\" srcset=\"https:\/\/www.telaled.com\/wp-content\/uploads\/2025\/09\/Facil-controle-e-estabilidade.webp 670w, https:\/\/www.telaled.com\/wp-content\/uploads\/2025\/09\/Facil-controle-e-estabilidade-300x170.webp 300w, https:\/\/www.telaled.com\/wp-content\/uploads\/2025\/09\/Facil-controle-e-estabilidade-18x10.webp 18w, https:\/\/www.telaled.com\/wp-content\/uploads\/2025\/09\/Facil-controle-e-estabilidade-600x340.webp 600w\" sizes=\"auto, (max-width: 670px) 100vw, 670px\" \/>\t\t\t\t\t\t\n\t\t\t\t\t<\/div>\n\t\t\t\t\t\t\t\t\n<style>\n#image_770337050 {\n  width: 95%;\n}\n<\/style>\n\t<\/div>\n\t\n<ul>\n<li>Es bietet vielseitige Anwendungsm\u00f6glichkeiten in einer Vielzahl von Umgebungen. Ob in einem Nachtclub, einer Bar, einem Musikfestival oder einer Party \u2013 es dient als Blickfang, bereichert das Unterhaltungserlebnis und verleiht eine unvergessliche Note, die die Atmosph\u00e4re auf ein neues Niveau hebt.<\/li>\n<\/ul>\n\t<div class=\"img has-hover x md-x lg-x y md-y lg-y\" id=\"image_476696900\">\n\t\t\t\t\t\t\t\t<div class=\"img-inner dark\" >\n\t\t\t<img loading=\"lazy\" decoding=\"async\" width=\"1020\" height=\"283\" src=\"https:\/\/www.telaled.com\/wp-content\/uploads\/2025\/09\/Exibicao-de-imagem-perfeita-ampla-gama-de-aplicacoes-1024x284.webp\" class=\"attachment-large size-large\" alt=\"\" srcset=\"https:\/\/www.telaled.com\/wp-content\/uploads\/2025\/09\/Exibicao-de-imagem-perfeita-ampla-gama-de-aplicacoes-1024x284.webp 1024w, https:\/\/www.telaled.com\/wp-content\/uploads\/2025\/09\/Exibicao-de-imagem-perfeita-ampla-gama-de-aplicacoes-300x83.webp 300w, https:\/\/www.telaled.com\/wp-content\/uploads\/2025\/09\/Exibicao-de-imagem-perfeita-ampla-gama-de-aplicacoes-768x213.webp 768w, https:\/\/www.telaled.com\/wp-content\/uploads\/2025\/09\/Exibicao-de-imagem-perfeita-ampla-gama-de-aplicacoes-18x5.webp 18w, https:\/\/www.telaled.com\/wp-content\/uploads\/2025\/09\/Exibicao-de-imagem-perfeita-ampla-gama-de-aplicacoes-600x167.webp 600w, https:\/\/www.telaled.com\/wp-content\/uploads\/2025\/09\/Exibicao-de-imagem-perfeita-ampla-gama-de-aplicacoes.webp 1440w\" sizes=\"auto, (max-width: 1020px) 100vw, 1020px\" \/>\t\t\t\t\t\t\n\t\t\t\t\t<\/div>\n\t\t\t\t\t\t\t\t\n<style>\n#image_476696900 {\n  width: 95%;\n}\n<\/style>\n\t<\/div>\n\t\n\t\t<\/div>\n\t\t\t\t\t<\/div>\n\n\t\n\n\t<div id=\"col-1573310359\" class=\"col medium-10 small-12 large-10\"  >\n\t\t\t\t<div class=\"col-inner text-left\"  >\n\t\t\t\n\t\t\t\n<ul>\n<li>Unsere DJ-Booth-LED-Bildschirme der TCI-Serie werden zum Schutz w\u00e4hrend des Transports in verst\u00e4rkten Holzkisten verpackt. Jede Einheit ist sicher verpackt, um Sch\u00e4den durch Sch\u00e4dlinge, St\u00f6\u00dfe und andere Gefahren zu vermeiden. Dies gew\u00e4hrleistet Langlebigkeit und eine sichere Lieferung.<\/li>\n<\/ul>\n\t<div class=\"img has-hover x md-x lg-x y md-y lg-y\" id=\"image_890493122\">\n\t\t\t\t\t\t\t\t<div class=\"img-inner dark\" >\n\t\t\t<img loading=\"lazy\" decoding=\"async\" width=\"760\" height=\"1024\" src=\"https:\/\/www.telaled.com\/wp-content\/uploads\/2025\/08\/36123f2c-de60-488d-af81-255cd4aee54a-760x1024.webp\" class=\"attachment-large size-large\" alt=\"\" srcset=\"https:\/\/www.telaled.com\/wp-content\/uploads\/2025\/08\/36123f2c-de60-488d-af81-255cd4aee54a-760x1024.webp 760w, https:\/\/www.telaled.com\/wp-content\/uploads\/2025\/08\/36123f2c-de60-488d-af81-255cd4aee54a-223x300.webp 223w, https:\/\/www.telaled.com\/wp-content\/uploads\/2025\/08\/36123f2c-de60-488d-af81-255cd4aee54a-768x1035.webp 768w, https:\/\/www.telaled.com\/wp-content\/uploads\/2025\/08\/36123f2c-de60-488d-af81-255cd4aee54a-9x12.webp 9w, https:\/\/www.telaled.com\/wp-content\/uploads\/2025\/08\/36123f2c-de60-488d-af81-255cd4aee54a-600x808.webp 600w, https:\/\/www.telaled.com\/wp-content\/uploads\/2025\/08\/36123f2c-de60-488d-af81-255cd4aee54a.webp 795w\" sizes=\"auto, (max-width: 760px) 100vw, 760px\" \/>\t\t\t\t\t\t\n\t\t\t\t\t<\/div>\n\t\t\t\t\t\t\t\t\n<style>\n#image_890493122 {\n  width: 95%;\n}\n<\/style>\n\t<\/div>\n\t\n\n<table id=\"tablepress-76\" class=\"tablepress tablepress-id-76\">\n<thead>\n<tr class=\"row-1\">\n\t<th class=\"column-1\">Artikel<\/th><th class=\"column-2\">TCI - P4<\/th>\n<\/tr>\n<\/thead>\n<tbody class=\"row-striping row-hover\">\n<tr class=\"row-2\">\n\t<td class=\"column-1\">Pixelpunktzusammensetzung<\/td><td class=\"column-2\">2121 (3 in 1)<\/td>\n<\/tr>\n<tr class=\"row-3\">\n\t<td class=\"column-1\">Anzeigedichte<\/td><td class=\"column-2\">62500 Punkte\/m\u00b2<\/td>\n<\/tr>\n<tr class=\"row-4\">\n\t<td class=\"column-1\">Ideale Betrachtungsentfernung: (m)<\/td><td class=\"column-2\">4-100 m<\/td>\n<\/tr>\n<tr class=\"row-5\">\n\t<td class=\"column-1\">Spitzenstromverbrauch<\/td><td class=\"column-2\">800W\/m\u00b2<\/td>\n<\/tr>\n<tr class=\"row-6\">\n\t<td class=\"column-1\">Scanmethode<\/td><td class=\"column-2\">16 Scans<\/td>\n<\/tr>\n<tr class=\"row-7\">\n\t<td class=\"column-1\">Helligkeit (CD\/m\u00b2)<\/td><td class=\"column-2\">800<\/td>\n<\/tr>\n<tr class=\"row-8\">\n\t<td class=\"column-1\">Betrachtungswinkel<\/td><td class=\"column-2\">H 260\u00b0 V 260\u00b0<\/td>\n<\/tr>\n<tr class=\"row-9\">\n\t<td class=\"column-1\">Betriebsspannung<\/td><td class=\"column-2\">Wechselstrom 220 V\/100 V\u00b115% 47~64 Hz<\/td>\n<\/tr>\n<tr class=\"row-10\">\n\t<td class=\"column-1\">Antriebsspannung<\/td><td class=\"column-2\">5 V<\/td>\n<\/tr>\n<tr class=\"row-11\">\n\t<td class=\"column-1\">Temperatur der Systemarbeitsumgebung<\/td><td class=\"column-2\">-20~60\u00b0C<\/td>\n<\/tr>\n<tr class=\"row-12\">\n\t<td class=\"column-1\">Luftfeuchtigkeit der Systemarbeitsumgebung<\/td><td class=\"column-2\">10%~90% UR<\/td>\n<\/tr>\n<tr class=\"row-13\">\n\t<td class=\"column-1\">Bildschirmfarbe<\/td><td class=\"column-2\">16,7 Millionen<\/td>\n<\/tr>\n<tr class=\"row-14\">\n\t<td class=\"column-1\">Graustufenstufe<\/td><td class=\"column-2\">16384<\/td>\n<\/tr>\n<tr class=\"row-15\">\n\t<td class=\"column-1\">Kommunikationsmethode<\/td><td class=\"column-2\">Synchron<\/td>\n<\/tr>\n<\/tbody>\n<\/table>\n\n\t\t<\/div>\n\t\t\t\t\t<\/div>\n\n\t\n<\/div>\n\t\t<\/div>\n\t\t\t\t\t<\/div>\n\n\t\n<\/div>","protected":false},"excerpt":{"rendered":"<p><strong>DJ-Booth-LED-Bildschirm der TCI-Serie \u2013 Interaktive LED-Displays f\u00fcr fesselnde Pr\u00e4sentationen<\/strong><\/p>\n<p>Bringe deine DJ-Performance mit unserem auf die n\u00e4chste Stufe. <strong><em>DJ-Booth-LED-Bildschirm der TCI-Serie.<\/em><\/strong> Entwickelt, um das Publikum zu fesseln und zu begeistern. Mit vielseitigen Formaten und <a href=\"https:\/\/www.telaled.com\/de\/pixel-pitch\/\">Pixelabstand<\/a> Mit einer Dicke von 4 mm ist es die perfekte L\u00f6sung, um jede B\u00fchnenpr\u00e4sentation aufzuwerten.<\/p>\n<p><strong>Haupteigenschaften:<\/strong><\/p>\n<ul>\n<li><strong>Interaktive Elemente, die zum Mitmachen anregen:<\/strong> Schaffen Sie dynamische und fesselnde Darbietungen mit individuell anpassbaren LED-Displays, die die Aufmerksamkeit des Publikums auf sich ziehen und halten.<\/li>\n<li><strong>Vielseitiges Design:<\/strong> Erh\u00e4ltlich in verschiedenen Formaten, die unterschiedlichen B\u00fchnenaufbauten und kreativen Visionen gerecht werden, darunter auch das beliebte rautenf\u00f6rmige Display.<\/li>\n<li><strong>Bildschirm mit hoher Aufl\u00f6sung:<\/strong> Dank des 4-mm-Pixelabstands genie\u00dfen Sie gestochen scharfe, detailreiche Bilder, die Ihre Leistung mit lebendigen Farben und Klarheit steigern.<\/li>\n<\/ul>\n<p>Unser Team bietet 24\/7-Fernsupport und 3 Jahre Garantie. Kontaktieren Sie uns noch heute f\u00fcr ein individuelles Angebot.<\/p>","protected":false},"featured_media":3300,"template":"","meta":[],"product_brand":[],"product_cat":[48,40,46],"product_tag":[],"class_list":{"0":"post-3299","1":"product","2":"type-product","3":"status-publish","4":"has-post-thumbnail","6":"product_cat-paineis-personalizados","7":"product_cat-painel-de-led","8":"product_cat-painel-de-video","10":"first","11":"instock","12":"shipping-taxable","13":"product-type-simple"},"yoast_head":"<!-- This site is optimized with the Yoast SEO plugin v27.5 - https:\/\/yoast.com\/product\/yoast-seo-wordpress\/ -->\n<title>DJ Booth LED Screen S\u00e9rie TCI | Telas LED Interativas em V\u00e1rios Formatos | TELALED<\/title>\n<meta name=\"description\" content=\"Transforme suas apresenta\u00e7\u00f5es de DJ Booth LED Screen S\u00e9rie TCI para Cabines de DJ. Dispon\u00edveis em diversos formatos com pixel pitch de 4 mm, criam uma experi\u00eancia cativante. Entre em contato conosco hoje mesmo para uma solu\u00e7\u00e3o personalizada!\" \/>\n<meta name=\"robots\" content=\"index, follow, max-snippet:-1, max-image-preview:large, max-video-preview:-1\" \/>\n<link rel=\"canonical\" href=\"https:\/\/www.telaled.com\/de\/fabrica\/dj-booth-led-screen-serie-tci\/\" \/>\n<meta property=\"og:locale\" content=\"de_DE\" \/>\n<meta property=\"og:type\" content=\"article\" \/>\n<meta property=\"og:title\" content=\"DJ Booth LED Screen S\u00e9rie TCI | Telas LED Interativas em V\u00e1rios Formatos | TELALED\" \/>\n<meta property=\"og:description\" content=\"Transforme suas apresenta\u00e7\u00f5es de DJ Booth LED Screen S\u00e9rie TCI para Cabines de DJ. Dispon\u00edveis em diversos formatos com pixel pitch de 4 mm, criam uma experi\u00eancia cativante. Entre em contato conosco hoje mesmo para uma solu\u00e7\u00e3o personalizada!\" \/>\n<meta property=\"og:url\" content=\"https:\/\/www.telaled.com\/de\/fabrica\/dj-booth-led-screen-serie-tci\/\" \/>\n<meta property=\"og:site_name\" content=\"TELALED\" \/>\n<meta property=\"article:modified_time\" content=\"2026-01-06T01:20:53+00:00\" \/>\n<meta property=\"og:image\" content=\"https:\/\/www.telaled.com\/wp-content\/uploads\/2025\/09\/dj-booth-led-screen.webp\" \/>\n\t<meta property=\"og:image:width\" content=\"500\" \/>\n\t<meta property=\"og:image:height\" content=\"500\" \/>\n\t<meta property=\"og:image:type\" content=\"image\/webp\" \/>\n<meta name=\"twitter:card\" content=\"summary_large_image\" \/>\n<meta name=\"twitter:label1\" content=\"Gesch\u00e4tzte Lesezeit\" \/>\n\t<meta name=\"twitter:data1\" content=\"3\u00a0Minuten\" \/>\n<script type=\"application\/ld+json\" class=\"yoast-schema-graph\">{\"@context\":\"https:\\\/\\\/schema.org\",\"@graph\":[{\"@type\":\"WebPage\",\"@id\":\"https:\\\/\\\/www.telaled.com\\\/fabrica\\\/dj-booth-led-screen-serie-tci\\\/\",\"url\":\"https:\\\/\\\/www.telaled.com\\\/fabrica\\\/dj-booth-led-screen-serie-tci\\\/\",\"name\":\"DJ Booth LED Screen S\u00e9rie TCI | Telas LED Interativas em V\u00e1rios Formatos | TELALED\",\"isPartOf\":{\"@id\":\"https:\\\/\\\/www.telaled.com\\\/#website\"},\"primaryImageOfPage\":{\"@id\":\"https:\\\/\\\/www.telaled.com\\\/fabrica\\\/dj-booth-led-screen-serie-tci\\\/#primaryimage\"},\"image\":{\"@id\":\"https:\\\/\\\/www.telaled.com\\\/fabrica\\\/dj-booth-led-screen-serie-tci\\\/#primaryimage\"},\"thumbnailUrl\":\"https:\\\/\\\/www.telaled.com\\\/wp-content\\\/uploads\\\/2025\\\/09\\\/dj-booth-led-screen.webp\",\"datePublished\":\"2025-09-12T05:59:46+00:00\",\"dateModified\":\"2026-01-06T01:20:53+00:00\",\"description\":\"Transforme suas apresenta\u00e7\u00f5es de DJ Booth LED Screen S\u00e9rie TCI para Cabines de DJ. Dispon\u00edveis em diversos formatos com pixel pitch de 4 mm, criam uma experi\u00eancia cativante. Entre em contato conosco hoje mesmo para uma solu\u00e7\u00e3o personalizada!\",\"breadcrumb\":{\"@id\":\"https:\\\/\\\/www.telaled.com\\\/fabrica\\\/dj-booth-led-screen-serie-tci\\\/#breadcrumb\"},\"inLanguage\":\"de\",\"potentialAction\":[{\"@type\":\"ReadAction\",\"target\":[\"https:\\\/\\\/www.telaled.com\\\/fabrica\\\/dj-booth-led-screen-serie-tci\\\/\"]}]},{\"@type\":\"ImageObject\",\"inLanguage\":\"de\",\"@id\":\"https:\\\/\\\/www.telaled.com\\\/fabrica\\\/dj-booth-led-screen-serie-tci\\\/#primaryimage\",\"url\":\"https:\\\/\\\/www.telaled.com\\\/wp-content\\\/uploads\\\/2025\\\/09\\\/dj-booth-led-screen.webp\",\"contentUrl\":\"https:\\\/\\\/www.telaled.com\\\/wp-content\\\/uploads\\\/2025\\\/09\\\/dj-booth-led-screen.webp\",\"width\":500,\"height\":500,\"caption\":\"dj-booth-led-screen\"},{\"@type\":\"BreadcrumbList\",\"@id\":\"https:\\\/\\\/www.telaled.com\\\/fabrica\\\/dj-booth-led-screen-serie-tci\\\/#breadcrumb\",\"itemListElement\":[{\"@type\":\"ListItem\",\"position\":1,\"name\":\"Home\",\"item\":\"https:\\\/\\\/www.telaled.com\\\/\"},{\"@type\":\"ListItem\",\"position\":2,\"name\":\"Produtos\",\"item\":\"https:\\\/\\\/www.telaled.com\\\/shop\\\/\"},{\"@type\":\"ListItem\",\"position\":3,\"name\":\"DJ Booth LED Screen S\u00e9rie TCI\"}]},{\"@type\":\"WebSite\",\"@id\":\"https:\\\/\\\/www.telaled.com\\\/#website\",\"url\":\"https:\\\/\\\/www.telaled.com\\\/\",\"name\":\"TELALED\",\"description\":\"\",\"potentialAction\":[{\"@type\":\"SearchAction\",\"target\":{\"@type\":\"EntryPoint\",\"urlTemplate\":\"https:\\\/\\\/www.telaled.com\\\/?s={search_term_string}\"},\"query-input\":{\"@type\":\"PropertyValueSpecification\",\"valueRequired\":true,\"valueName\":\"search_term_string\"}}],\"inLanguage\":\"de\"}]}<\/script>\n<!-- \/ Yoast SEO plugin. -->","yoast_head_json":{"title":"DJ-Booth-LED-Bildschirm der TCI-Serie | Interaktive LED-Bildschirme in verschiedenen Formaten | TELALED","description":"Verwandeln Sie Ihre DJ-Kabine mit den LED-Bildschirmen der TCI-Serie f\u00fcr DJ-Kabinen. Erh\u00e4ltlich in verschiedenen Formaten mit 4 mm Pixelabstand sorgen sie f\u00fcr ein fesselndes Erlebnis. Kontaktieren Sie uns noch heute f\u00fcr eine individuelle L\u00f6sung!","robots":{"index":"index","follow":"follow","max-snippet":"max-snippet:-1","max-image-preview":"max-image-preview:large","max-video-preview":"max-video-preview:-1"},"canonical":"https:\/\/www.telaled.com\/de\/fabrica\/dj-booth-led-screen-serie-tci\/","og_locale":"de_DE","og_type":"article","og_title":"DJ Booth LED Screen S\u00e9rie TCI | Telas LED Interativas em V\u00e1rios Formatos | TELALED","og_description":"Transforme suas apresenta\u00e7\u00f5es de DJ Booth LED Screen S\u00e9rie TCI para Cabines de DJ. Dispon\u00edveis em diversos formatos com pixel pitch de 4 mm, criam uma experi\u00eancia cativante. Entre em contato conosco hoje mesmo para uma solu\u00e7\u00e3o personalizada!","og_url":"https:\/\/www.telaled.com\/de\/fabrica\/dj-booth-led-screen-serie-tci\/","og_site_name":"TELALED","article_modified_time":"2026-01-06T01:20:53+00:00","og_image":[{"width":500,"height":500,"url":"https:\/\/www.telaled.com\/wp-content\/uploads\/2025\/09\/dj-booth-led-screen.webp","type":"image\/webp"}],"twitter_card":"summary_large_image","twitter_misc":{"Gesch\u00e4tzte Lesezeit":"3\u00a0Minuten"},"schema":{"@context":"https:\/\/schema.org","@graph":[{"@type":"WebPage","@id":"https:\/\/www.telaled.com\/fabrica\/dj-booth-led-screen-serie-tci\/","url":"https:\/\/www.telaled.com\/fabrica\/dj-booth-led-screen-serie-tci\/","name":"DJ-Booth-LED-Bildschirm der TCI-Serie | Interaktive LED-Bildschirme in verschiedenen Formaten | TELALED","isPartOf":{"@id":"https:\/\/www.telaled.com\/#website"},"primaryImageOfPage":{"@id":"https:\/\/www.telaled.com\/fabrica\/dj-booth-led-screen-serie-tci\/#primaryimage"},"image":{"@id":"https:\/\/www.telaled.com\/fabrica\/dj-booth-led-screen-serie-tci\/#primaryimage"},"thumbnailUrl":"https:\/\/www.telaled.com\/wp-content\/uploads\/2025\/09\/dj-booth-led-screen.webp","datePublished":"2025-09-12T05:59:46+00:00","dateModified":"2026-01-06T01:20:53+00:00","description":"Verwandeln Sie Ihre DJ-Kabine mit den LED-Bildschirmen der TCI-Serie f\u00fcr DJ-Kabinen. Erh\u00e4ltlich in verschiedenen Formaten mit 4 mm Pixelabstand sorgen sie f\u00fcr ein fesselndes Erlebnis. Kontaktieren Sie uns noch heute f\u00fcr eine individuelle L\u00f6sung!","breadcrumb":{"@id":"https:\/\/www.telaled.com\/fabrica\/dj-booth-led-screen-serie-tci\/#breadcrumb"},"inLanguage":"de","potentialAction":[{"@type":"ReadAction","target":["https:\/\/www.telaled.com\/fabrica\/dj-booth-led-screen-serie-tci\/"]}]},{"@type":"ImageObject","inLanguage":"de","@id":"https:\/\/www.telaled.com\/fabrica\/dj-booth-led-screen-serie-tci\/#primaryimage","url":"https:\/\/www.telaled.com\/wp-content\/uploads\/2025\/09\/dj-booth-led-screen.webp","contentUrl":"https:\/\/www.telaled.com\/wp-content\/uploads\/2025\/09\/dj-booth-led-screen.webp","width":500,"height":500,"caption":"dj-booth-led-screen"},{"@type":"BreadcrumbList","@id":"https:\/\/www.telaled.com\/fabrica\/dj-booth-led-screen-serie-tci\/#breadcrumb","itemListElement":[{"@type":"ListItem","position":1,"name":"Home","item":"https:\/\/www.telaled.com\/"},{"@type":"ListItem","position":2,"name":"Produtos","item":"https:\/\/www.telaled.com\/shop\/"},{"@type":"ListItem","position":3,"name":"DJ Booth LED Screen S\u00e9rie TCI"}]},{"@type":"WebSite","@id":"https:\/\/www.telaled.com\/#website","url":"https:\/\/www.telaled.com\/","name":"LED-Bildschirm","description":"","potentialAction":[{"@type":"SearchAction","target":{"@type":"EntryPoint","urlTemplate":"https:\/\/www.telaled.com\/?s={search_term_string}"},"query-input":{"@type":"PropertyValueSpecification","valueRequired":true,"valueName":"search_term_string"}}],"inLanguage":"de"}]}},"_links":{"self":[{"href":"https:\/\/www.telaled.com\/de\/wp-json\/wp\/v2\/product\/3299","targetHints":{"allow":["GET"]}}],"collection":[{"href":"https:\/\/www.telaled.com\/de\/wp-json\/wp\/v2\/product"}],"about":[{"href":"https:\/\/www.telaled.com\/de\/wp-json\/wp\/v2\/types\/product"}],"wp:featuredmedia":[{"embeddable":true,"href":"https:\/\/www.telaled.com\/de\/wp-json\/wp\/v2\/media\/3300"}],"wp:attachment":[{"href":"https:\/\/www.telaled.com\/de\/wp-json\/wp\/v2\/media?parent=3299"}],"wp:term":[{"taxonomy":"product_brand","embeddable":true,"href":"https:\/\/www.telaled.com\/de\/wp-json\/wp\/v2\/product_brand?post=3299"},{"taxonomy":"product_cat","embeddable":true,"href":"https:\/\/www.telaled.com\/de\/wp-json\/wp\/v2\/product_cat?post=3299"},{"taxonomy":"product_tag","embeddable":true,"href":"https:\/\/www.telaled.com\/de\/wp-json\/wp\/v2\/product_tag?post=3299"}],"curies":[{"name":"wp","href":"https:\/\/api.w.org\/{rel}","templated":true}]}}