{"id":3288,"date":"2025-09-10T09:41:55","date_gmt":"2025-09-10T09:41:55","guid":{"rendered":"https:\/\/www.telaled.com\/?post_type=product&#038;p=3288"},"modified":"2026-01-06T01:09:29","modified_gmt":"2026-01-06T01:09:29","slug":"tela-led-em-forma-de-rosto-serie-tch","status":"publish","type":"product","link":"https:\/\/www.telaled.com\/de\/fabrica\/tela-led-em-forma-de-rosto-serie-tch\/","title":{"rendered":"Gesichtsf\u00f6rmiges LED-Display der TCH-Serie"},"content":{"rendered":"<div class=\"row\"  id=\"row-1830827706\">\n\n\t<div id=\"col-291495463\" class=\"col small-12 large-12\"  >\n\t\t\t\t<div class=\"col-inner\"  >\n\t\t\t\n\t\t\t\n<h2>Einzigartige Vorteile der LED-Anzeige in Gesichtsform der TCH-Serie<\/h2>\n<h3><strong>\u00dcberragende Haltbarkeit<\/strong><\/h3>\n<ul>\n<li>Hergestellt aus verst\u00e4rkten Geh\u00e4usematerialien, die ein Verbiegen und eine Besch\u00e4digung verhindern.<\/li>\n<li>Konzipiert f\u00fcr den 24\/7-Betrieb ohne \u00dcberhitzung oder Leistungsverlust.<\/li>\n<li>Langlebige LED mit \u00fcber 100.000 Stunden Dauerbetrieb.<\/li>\n<li>Stabil auch bei h\u00e4ufiger Installation, Transport oder Au\u00dfeneinsatz.<\/li>\n<\/ul>\n<h3><strong>Au\u00dfergew\u00f6hnliche Bildqualit\u00e4t<\/strong><\/h3>\n<ul>\n<li><a href=\"https:\/\/www.telaled.com\/de\/pixel-pitch\/\">Pixelabstand<\/a> Hohe Aufl\u00f6sung (bis hinunter zu P4) f\u00fcr gestochen scharfe Bilddetails.<\/li>\n<li>Breiter Farbumfang f\u00fcr pr\u00e4zise und lebendige Wiedergabe.<\/li>\n<li>Helligkeitsstufen von bis zu 5.000 Nits f\u00fcr klare Sicht im Innen- und Au\u00dfenbereich.<\/li>\n<li>Hohe Bildwiederholrate (\u22651920 Hz) f\u00fcr fl\u00fcssige, ruckelfreie Videowiedergabe.<\/li>\n<\/ul>\n<h3><strong>Vollst\u00e4ndige Anpassungsf\u00e4higkeit<\/strong><\/h3>\n<ul>\n<li>Erh\u00e4ltlich in benutzerdefinierten Formen, einschlie\u00dflich Gesichtsprofilen und unregelm\u00e4\u00dfigen Layouts.<\/li>\n<li>Flexible Gr\u00f6\u00dfenoptionen, von kleinen Paneelen bis hin zu gro\u00dffl\u00e4chigen Installationen.<\/li>\n<li>Unterst\u00fctzt interne und externe Anwendungen.<\/li>\n<li>Einfache Integration in vorhandene Steuerungssysteme f\u00fcr kreative Displays.<\/li>\n<\/ul>\n<h3><strong>Umfassende Unterst\u00fctzung<\/strong><\/h3>\n<ul>\n<li>Technischer Fernsupport rund um die Uhr: Greifen Sie jederzeit und \u00fcberall auf die Unterst\u00fctzung von Experten zu.<\/li>\n<li>5% Ersatzteile im Lieferumfang enthalten: Jede Bestellung enth\u00e4lt zus\u00e4tzliche Komponenten, um die Zuverl\u00e4ssigkeit zu erh\u00f6hen und f\u00fcr ein beruhigendes Gef\u00fchl zu sorgen.<\/li>\n<li>3 Jahre erweiterte Garantie: Genie\u00dfen Sie langfristige Konvergenz f\u00fcr bessere Leistung und zuverl\u00e4ssigen Service.<\/li>\n<\/ul>\n<h2>Produktdetails<\/h2>\n<div class=\"row\"  id=\"row-1183187581\">\n\n\t<div id=\"col-1581572178\" class=\"col medium-10 small-12 large-10\"  >\n\t\t\t\t<div class=\"col-inner text-left\"  >\n\t\t\t\n\t\t\t\n<ul>\n<li>Es liefert gestochen scharfe, hochaufl\u00f6sende Bilder mit satten Farben und intensivem Kontrast. HD-Bilder sind scharf und pr\u00e4zise und sorgen f\u00fcr lebendige und ansprechende Inhalte. Die Bildqualit\u00e4t \u00fcberzeugt in jeder Umgebung und sorgt daf\u00fcr, dass Ihre Bilder einen bleibenden Eindruck hinterlassen.<\/li>\n<\/ul>\n\t<div class=\"img has-hover x md-x lg-x y md-y lg-y\" id=\"image_1104179521\">\n\t\t\t\t\t\t\t\t<div class=\"img-inner dark\" >\n\t\t\t<img loading=\"lazy\" decoding=\"async\" width=\"600\" height=\"400\" src=\"https:\/\/www.telaled.com\/wp-content\/uploads\/2025\/09\/Excelente-desempenho.webp\" class=\"attachment-original size-original\" alt=\"Hervorragende Leistung\" srcset=\"https:\/\/www.telaled.com\/wp-content\/uploads\/2025\/09\/Excelente-desempenho.webp 600w, https:\/\/www.telaled.com\/wp-content\/uploads\/2025\/09\/Excelente-desempenho-300x200.webp 300w, https:\/\/www.telaled.com\/wp-content\/uploads\/2025\/09\/Excelente-desempenho-18x12.webp 18w\" sizes=\"auto, (max-width: 600px) 100vw, 600px\" \/>\t\t\t\t\t\t\n\t\t\t\t\t<\/div>\n\t\t\t\t\t\t\t\t\n<style>\n#image_1104179521 {\n  width: 95%;\n}\n<\/style>\n\t<\/div>\n\t\n<ul>\n<li>Es verwendet weiche Module f\u00fcr nahtlose N\u00e4hte und sorgt so f\u00fcr eine glatte, unterbrechungsfreie Anzeige. Mit weiten Betrachtungswinkeln und einer hochwertigen Oberfl\u00e4chenbeschaffenheit bietet es aus jeder Position ein gestochen scharfes, konsistentes und hervorragendes visuelles Erlebnis.<\/li>\n<\/ul>\n\t\t<\/div>\n\t\t\t\t\t<\/div>\n\n\t\n\n\t<div id=\"col-688231734\" class=\"col medium-10 small-12 large-10\"  >\n\t\t\t\t<div class=\"col-inner text-left\"  >\n\t\t\t\n\t\t\t\n\t<div class=\"img has-hover x md-x lg-x y md-y lg-y\" id=\"image_333148258\">\n\t\t\t\t\t\t\t\t<div class=\"img-inner dark\" >\n\t\t\t<img loading=\"lazy\" decoding=\"async\" width=\"640\" height=\"430\" src=\"https:\/\/www.telaled.com\/wp-content\/uploads\/2025\/09\/Emenda-perfeita-visualizacao-superior.webp\" class=\"attachment-large size-large\" alt=\"Perfekte Naht, Draufsicht\" srcset=\"https:\/\/www.telaled.com\/wp-content\/uploads\/2025\/09\/Emenda-perfeita-visualizacao-superior.webp 640w, https:\/\/www.telaled.com\/wp-content\/uploads\/2025\/09\/Emenda-perfeita-visualizacao-superior-300x202.webp 300w, https:\/\/www.telaled.com\/wp-content\/uploads\/2025\/09\/Emenda-perfeita-visualizacao-superior-18x12.webp 18w, https:\/\/www.telaled.com\/wp-content\/uploads\/2025\/09\/Emenda-perfeita-visualizacao-superior-600x403.webp 600w\" sizes=\"auto, (max-width: 640px) 100vw, 640px\" \/>\t\t\t\t\t\t\n\t\t\t\t\t<\/div>\n\t\t\t\t\t\t\t\t\n<style>\n#image_333148258 {\n  width: 95%;\n}\n<\/style>\n\t<\/div>\n\t\n<ul>\n<li>Das System ist benutzerfreundlich konzipiert und bietet einen reibungslosen Betrieb und ein stressfreies Erlebnis. Die Konstruktion erm\u00f6glicht eine schnelle Installation und einen bequemen Transport \u2013 ideal f\u00fcr Veranstaltungen und Veranstaltungsorte, die eine zuverl\u00e4ssige Einrichtung und Flexibilit\u00e4t erfordern.<\/li>\n<\/ul>\n\t<div class=\"img has-hover x md-x lg-x y md-y lg-y\" id=\"image_2016480516\">\n\t\t\t\t\t\t\t\t<div class=\"img-inner dark\" >\n\t\t\t<img loading=\"lazy\" decoding=\"async\" width=\"640\" height=\"430\" src=\"https:\/\/www.telaled.com\/wp-content\/uploads\/2025\/09\/Operacao-facil.webp\" class=\"attachment-large size-large\" alt=\"Einfache Bedienung\" srcset=\"https:\/\/www.telaled.com\/wp-content\/uploads\/2025\/09\/Operacao-facil.webp 640w, https:\/\/www.telaled.com\/wp-content\/uploads\/2025\/09\/Operacao-facil-300x202.webp 300w, https:\/\/www.telaled.com\/wp-content\/uploads\/2025\/09\/Operacao-facil-18x12.webp 18w, https:\/\/www.telaled.com\/wp-content\/uploads\/2025\/09\/Operacao-facil-600x403.webp 600w\" sizes=\"auto, (max-width: 640px) 100vw, 640px\" \/>\t\t\t\t\t\t\n\t\t\t\t\t<\/div>\n\t\t\t\t\t\t\t\t\n<style>\n#image_2016480516 {\n  width: 95%;\n}\n<\/style>\n\t<\/div>\n\t\n\t\t<\/div>\n\t\t\t\t\t<\/div>\n\n\t\n\n\t<div id=\"col-383873890\" class=\"col medium-10 small-12 large-10\"  >\n\t\t\t\t<div class=\"col-inner text-left\"  >\n\t\t\t\n\t\t\t\n<ul>\n<li>Unsere gesichtsf\u00f6rmigen LED-Displays der TCH-Serie werden zum Schutz w\u00e4hrend des Transports in verst\u00e4rkten Holzkisten verpackt. Jede Einheit ist sicher verpackt, um Sch\u00e4den durch Sch\u00e4dlinge, St\u00f6\u00dfe und andere Gefahren zu vermeiden. Dies gew\u00e4hrleistet Langlebigkeit und eine sichere Lieferung.<\/li>\n<\/ul>\n\t<div class=\"img has-hover x md-x lg-x y md-y lg-y\" id=\"image_233459965\">\n\t\t\t\t\t\t\t\t<div class=\"img-inner dark\" >\n\t\t\t<img loading=\"lazy\" decoding=\"async\" width=\"760\" height=\"1024\" src=\"https:\/\/www.telaled.com\/wp-content\/uploads\/2025\/08\/36123f2c-de60-488d-af81-255cd4aee54a-760x1024.webp\" class=\"attachment-large size-large\" alt=\"\" srcset=\"https:\/\/www.telaled.com\/wp-content\/uploads\/2025\/08\/36123f2c-de60-488d-af81-255cd4aee54a-760x1024.webp 760w, https:\/\/www.telaled.com\/wp-content\/uploads\/2025\/08\/36123f2c-de60-488d-af81-255cd4aee54a-223x300.webp 223w, https:\/\/www.telaled.com\/wp-content\/uploads\/2025\/08\/36123f2c-de60-488d-af81-255cd4aee54a-768x1035.webp 768w, https:\/\/www.telaled.com\/wp-content\/uploads\/2025\/08\/36123f2c-de60-488d-af81-255cd4aee54a-9x12.webp 9w, https:\/\/www.telaled.com\/wp-content\/uploads\/2025\/08\/36123f2c-de60-488d-af81-255cd4aee54a-600x808.webp 600w, https:\/\/www.telaled.com\/wp-content\/uploads\/2025\/08\/36123f2c-de60-488d-af81-255cd4aee54a.webp 795w\" sizes=\"auto, (max-width: 760px) 100vw, 760px\" \/>\t\t\t\t\t\t\n\t\t\t\t\t<\/div>\n\t\t\t\t\t\t\t\t\n<style>\n#image_233459965 {\n  width: 95%;\n}\n<\/style>\n\t<\/div>\n\t\n\n<table id=\"tablepress-52\" class=\"tablepress tablepress-id-52\">\n<thead>\n<tr class=\"row-1\">\n\t<th class=\"column-1\">Spezifikationen:<\/th><th class=\"column-2\">TCH-P4-S118<\/th>\n<\/tr>\n<\/thead>\n<tbody class=\"row-striping row-hover\">\n<tr class=\"row-2\">\n\t<td class=\"column-1\">Pixelpunktzusammensetzung:<\/td><td class=\"column-2\">2121 (3 in 1)<\/td>\n<\/tr>\n<tr class=\"row-3\">\n\t<td class=\"column-1\">Pixelaufl\u00f6sung:<\/td><td class=\"column-2\">550*370<\/td>\n<\/tr>\n<tr class=\"row-4\">\n\t<td class=\"column-1\">Bildschirmgr\u00f6\u00dfe (mm):<\/td><td class=\"column-2\">2200*1480<\/td>\n<\/tr>\n<tr class=\"row-5\">\n\t<td class=\"column-1\">Anzeigedichte:<\/td><td class=\"column-2\">62500 Punkte\/\u33a1<\/td>\n<\/tr>\n<tr class=\"row-6\">\n\t<td class=\"column-1\">Idealer Betrachtungsabstand (m):<\/td><td class=\"column-2\">4-100 m<\/td>\n<\/tr>\n<tr class=\"row-7\">\n\t<td class=\"column-1\">Spitzenstromverbrauch:<\/td><td class=\"column-2\">800 W\/m\u00b2<\/td>\n<\/tr>\n<tr class=\"row-8\">\n\t<td class=\"column-1\">Scanmethode:<\/td><td class=\"column-2\">16 Scans<\/td>\n<\/tr>\n<tr class=\"row-9\">\n\t<td class=\"column-1\">Helligkeit: (CD\/\u33a1)<\/td><td class=\"column-2\">1600<\/td>\n<\/tr>\n<tr class=\"row-10\">\n\t<td class=\"column-1\">Perspektive:<\/td><td class=\"column-2\">H 360\u00b0 V 360\u00b0<\/td>\n<\/tr>\n<tr class=\"row-11\">\n\t<td class=\"column-1\">Betriebsspannung:<\/td><td class=\"column-2\">Wechselstrom 220 V\/100 V\u00b115% 47~64 Hz<\/td>\n<\/tr>\n<tr class=\"row-12\">\n\t<td class=\"column-1\">Versorgungsspannung:<\/td><td class=\"column-2\">5 V<\/td>\n<\/tr>\n<tr class=\"row-13\">\n\t<td class=\"column-1\">Umgebungstemperatur f\u00fcr den Systembetrieb:<\/td><td class=\"column-2\">-20~60\u00b0C<\/td>\n<\/tr>\n<tr class=\"row-14\">\n\t<td class=\"column-1\">Das System funktioniert in einer gem\u00e4\u00dfigten Umgebung:<\/td><td class=\"column-2\">10%~90% UR<\/td>\n<\/tr>\n<tr class=\"row-15\">\n\t<td class=\"column-1\">Bildschirmfarbe:<\/td><td class=\"column-2\">16,7 Millionen<\/td>\n<\/tr>\n<tr class=\"row-16\">\n\t<td class=\"column-1\">Graustufenstufe:<\/td><td class=\"column-2\">16384<\/td>\n<\/tr>\n<tr class=\"row-17\">\n\t<td class=\"column-1\">Kommunikationsmethode:<\/td><td class=\"column-2\">Synchronisation<\/td>\n<\/tr>\n<\/tbody>\n<\/table>\n\n\t\t<\/div>\n\t\t\t\t\t<\/div>\n\n\t\n<\/div>\n\t\t<\/div>\n\t\t\t\t\t<\/div>\n\n\t\n<\/div>","protected":false},"excerpt":{"rendered":"<p><strong>Gesichtsf\u00f6rmige LED-Anzeige der TCH-Serie: Kreative und personalisierte LED-Anzeigen<\/strong><\/p>\n<p>Hol dir ein <strong><em>Gesichtsf\u00f6rmiges LED-Display der TCH-Serie<\/em><\/strong>, Mit einem Pixelabstand von 4 mm, individuellem Design und Premium-Qualit\u00e4t bieten unsere Displays kreative visuelle L\u00f6sungen, die jedes Event oder jeden Veranstaltungsort zum Leben erwecken. Fordern Sie noch heute Ihre individuelle L\u00f6sung an!<\/p>\n<p><strong>Haupteigenschaften:<\/strong><\/p>\n<ul>\n<li><span class=\"jCAhz ChMk0b\"><span class=\"ryNqvb\"><strong>Anpassbare Formate:<\/strong> Gehen Sie mit einem Design \u00fcber Standarddisplays hinaus <strong>LED-Anzeige mit benutzerdefiniertem Gesicht<\/strong> passend zu Ihrem Thema oder Ihrer Marke.<\/span><\/span><\/li>\n<li><span class=\"jCAhz ChMk0b\"><span class=\"ryNqvb\"><strong> Hohe visuelle Klarheit:<\/strong> Der Pixelabstand von 4 mm liefert scharfe, detailreiche Bilder, selbst bei kurzen Betrachtungsabst\u00e4nden.<\/span><\/span><\/li>\n<li><span class=\"jCAhz ChMk0b\"><span class=\"ryNqvb\"><strong>Kreative Anwendungen:<\/strong> Perfekt f\u00fcr <a href=\"https:\/\/www.telaled.com\/de\/telao-de-led-para-eventos\/\">Veranstaltungen<\/a>, Ausstellungen, Werbung und Kunstinstallationen, bei denen die visuelle Wirkung wichtig ist.<\/span><\/span><\/li>\n<li>Gro\u00dfformatoptionen: Standardgr\u00f6\u00dfe 2200 x 1480 mm, mit weiteren Sondergr\u00f6\u00dfen f\u00fcr verschiedene Anwendungen.<\/li>\n<\/ul>\n<p>Unser Team bietet 24\/7-Fernsupport und 3 Jahre Garantie. Kontaktieren Sie uns noch heute f\u00fcr ein individuelles Angebot.<\/p>","protected":false},"featured_media":3289,"template":"","meta":[],"product_brand":[],"product_cat":[48,40,46],"product_tag":[],"class_list":{"0":"post-3288","1":"product","2":"type-product","3":"status-publish","4":"has-post-thumbnail","6":"product_cat-paineis-personalizados","7":"product_cat-painel-de-led","8":"product_cat-painel-de-video","10":"first","11":"instock","12":"shipping-taxable","13":"product-type-simple"},"yoast_head":"<!-- This site is optimized with the Yoast SEO plugin v27.5 - https:\/\/yoast.com\/product\/yoast-seo-wordpress\/ -->\n<title>Tela LED em Forma de Rosto S\u00e9rie TCH | Designs e Displays de Alta Qualidade | TELALED<\/title>\n<meta name=\"description\" content=\"A Tela LED em Forma de Rosto S\u00e9rie TCH oferece um design personaliz\u00e1vel com pixel pitch de 4 mm e qualidade superior. Perfeita para projetos criativos e displays chamativos. Solicite sua solu\u00e7\u00e3o hoje mesmo!\" \/>\n<meta name=\"robots\" content=\"index, follow, max-snippet:-1, max-image-preview:large, max-video-preview:-1\" \/>\n<link rel=\"canonical\" href=\"https:\/\/www.telaled.com\/de\/fabrica\/tela-led-em-forma-de-rosto-serie-tch\/\" \/>\n<meta property=\"og:locale\" content=\"de_DE\" \/>\n<meta property=\"og:type\" content=\"article\" \/>\n<meta property=\"og:title\" content=\"Tela LED em Forma de Rosto S\u00e9rie TCH | Designs e Displays de Alta Qualidade | TELALED\" \/>\n<meta property=\"og:description\" content=\"A Tela LED em Forma de Rosto S\u00e9rie TCH oferece um design personaliz\u00e1vel com pixel pitch de 4 mm e qualidade superior. Perfeita para projetos criativos e displays chamativos. Solicite sua solu\u00e7\u00e3o hoje mesmo!\" \/>\n<meta property=\"og:url\" content=\"https:\/\/www.telaled.com\/de\/fabrica\/tela-led-em-forma-de-rosto-serie-tch\/\" \/>\n<meta property=\"og:site_name\" content=\"TELALED\" \/>\n<meta property=\"article:modified_time\" content=\"2026-01-06T01:09:29+00:00\" \/>\n<meta property=\"og:image\" content=\"https:\/\/www.telaled.com\/wp-content\/uploads\/2025\/09\/Tela-LED-em-Forma-de-Rosto.webp\" \/>\n\t<meta property=\"og:image:width\" content=\"500\" \/>\n\t<meta property=\"og:image:height\" content=\"500\" \/>\n\t<meta property=\"og:image:type\" content=\"image\/webp\" \/>\n<meta name=\"twitter:card\" content=\"summary_large_image\" \/>\n<meta name=\"twitter:label1\" content=\"Gesch\u00e4tzte Lesezeit\" \/>\n\t<meta name=\"twitter:data1\" content=\"3\u00a0Minuten\" \/>\n<script type=\"application\/ld+json\" class=\"yoast-schema-graph\">{\"@context\":\"https:\\\/\\\/schema.org\",\"@graph\":[{\"@type\":\"WebPage\",\"@id\":\"https:\\\/\\\/www.telaled.com\\\/fabrica\\\/tela-led-em-forma-de-rosto-serie-tch\\\/\",\"url\":\"https:\\\/\\\/www.telaled.com\\\/fabrica\\\/tela-led-em-forma-de-rosto-serie-tch\\\/\",\"name\":\"Tela LED em Forma de Rosto S\u00e9rie TCH | Designs e Displays de Alta Qualidade | TELALED\",\"isPartOf\":{\"@id\":\"https:\\\/\\\/www.telaled.com\\\/#website\"},\"primaryImageOfPage\":{\"@id\":\"https:\\\/\\\/www.telaled.com\\\/fabrica\\\/tela-led-em-forma-de-rosto-serie-tch\\\/#primaryimage\"},\"image\":{\"@id\":\"https:\\\/\\\/www.telaled.com\\\/fabrica\\\/tela-led-em-forma-de-rosto-serie-tch\\\/#primaryimage\"},\"thumbnailUrl\":\"https:\\\/\\\/www.telaled.com\\\/wp-content\\\/uploads\\\/2025\\\/09\\\/Tela-LED-em-Forma-de-Rosto.webp\",\"datePublished\":\"2025-09-10T09:41:55+00:00\",\"dateModified\":\"2026-01-06T01:09:29+00:00\",\"description\":\"A Tela LED em Forma de Rosto S\u00e9rie TCH oferece um design personaliz\u00e1vel com pixel pitch de 4 mm e qualidade superior. Perfeita para projetos criativos e displays chamativos. Solicite sua solu\u00e7\u00e3o hoje mesmo!\",\"breadcrumb\":{\"@id\":\"https:\\\/\\\/www.telaled.com\\\/fabrica\\\/tela-led-em-forma-de-rosto-serie-tch\\\/#breadcrumb\"},\"inLanguage\":\"de\",\"potentialAction\":[{\"@type\":\"ReadAction\",\"target\":[\"https:\\\/\\\/www.telaled.com\\\/fabrica\\\/tela-led-em-forma-de-rosto-serie-tch\\\/\"]}]},{\"@type\":\"ImageObject\",\"inLanguage\":\"de\",\"@id\":\"https:\\\/\\\/www.telaled.com\\\/fabrica\\\/tela-led-em-forma-de-rosto-serie-tch\\\/#primaryimage\",\"url\":\"https:\\\/\\\/www.telaled.com\\\/wp-content\\\/uploads\\\/2025\\\/09\\\/Tela-LED-em-Forma-de-Rosto.webp\",\"contentUrl\":\"https:\\\/\\\/www.telaled.com\\\/wp-content\\\/uploads\\\/2025\\\/09\\\/Tela-LED-em-Forma-de-Rosto.webp\",\"width\":500,\"height\":500,\"caption\":\"Tela-LED-em-Forma-de-Rosto\"},{\"@type\":\"BreadcrumbList\",\"@id\":\"https:\\\/\\\/www.telaled.com\\\/fabrica\\\/tela-led-em-forma-de-rosto-serie-tch\\\/#breadcrumb\",\"itemListElement\":[{\"@type\":\"ListItem\",\"position\":1,\"name\":\"Home\",\"item\":\"https:\\\/\\\/www.telaled.com\\\/\"},{\"@type\":\"ListItem\",\"position\":2,\"name\":\"Produtos\",\"item\":\"https:\\\/\\\/www.telaled.com\\\/shop\\\/\"},{\"@type\":\"ListItem\",\"position\":3,\"name\":\"Tela LED em Forma de Rosto S\u00e9rie TCH\"}]},{\"@type\":\"WebSite\",\"@id\":\"https:\\\/\\\/www.telaled.com\\\/#website\",\"url\":\"https:\\\/\\\/www.telaled.com\\\/\",\"name\":\"TELALED\",\"description\":\"\",\"potentialAction\":[{\"@type\":\"SearchAction\",\"target\":{\"@type\":\"EntryPoint\",\"urlTemplate\":\"https:\\\/\\\/www.telaled.com\\\/?s={search_term_string}\"},\"query-input\":{\"@type\":\"PropertyValueSpecification\",\"valueRequired\":true,\"valueName\":\"search_term_string\"}}],\"inLanguage\":\"de\"}]}<\/script>\n<!-- \/ Yoast SEO plugin. -->","yoast_head_json":{"title":"LED-Display in Gesichtsform der TCH-Serie | Hochwertige Designs und Displays | TELALED","description":"Das gesichtsf\u00f6rmige LED-Display der TCH-Serie bietet ein anpassbares Design mit 4 mm Pixelabstand und h\u00f6chster Qualit\u00e4t. Perfekt f\u00fcr kreative Projekte und auff\u00e4llige Displays. Fordern Sie noch heute Ihre L\u00f6sung an!","robots":{"index":"index","follow":"follow","max-snippet":"max-snippet:-1","max-image-preview":"max-image-preview:large","max-video-preview":"max-video-preview:-1"},"canonical":"https:\/\/www.telaled.com\/de\/fabrica\/tela-led-em-forma-de-rosto-serie-tch\/","og_locale":"de_DE","og_type":"article","og_title":"Tela LED em Forma de Rosto S\u00e9rie TCH | Designs e Displays de Alta Qualidade | TELALED","og_description":"A Tela LED em Forma de Rosto S\u00e9rie TCH oferece um design personaliz\u00e1vel com pixel pitch de 4 mm e qualidade superior. Perfeita para projetos criativos e displays chamativos. Solicite sua solu\u00e7\u00e3o hoje mesmo!","og_url":"https:\/\/www.telaled.com\/de\/fabrica\/tela-led-em-forma-de-rosto-serie-tch\/","og_site_name":"TELALED","article_modified_time":"2026-01-06T01:09:29+00:00","og_image":[{"width":500,"height":500,"url":"https:\/\/www.telaled.com\/wp-content\/uploads\/2025\/09\/Tela-LED-em-Forma-de-Rosto.webp","type":"image\/webp"}],"twitter_card":"summary_large_image","twitter_misc":{"Gesch\u00e4tzte Lesezeit":"3\u00a0Minuten"},"schema":{"@context":"https:\/\/schema.org","@graph":[{"@type":"WebPage","@id":"https:\/\/www.telaled.com\/fabrica\/tela-led-em-forma-de-rosto-serie-tch\/","url":"https:\/\/www.telaled.com\/fabrica\/tela-led-em-forma-de-rosto-serie-tch\/","name":"LED-Display in Gesichtsform der TCH-Serie | Hochwertige Designs und Displays | TELALED","isPartOf":{"@id":"https:\/\/www.telaled.com\/#website"},"primaryImageOfPage":{"@id":"https:\/\/www.telaled.com\/fabrica\/tela-led-em-forma-de-rosto-serie-tch\/#primaryimage"},"image":{"@id":"https:\/\/www.telaled.com\/fabrica\/tela-led-em-forma-de-rosto-serie-tch\/#primaryimage"},"thumbnailUrl":"https:\/\/www.telaled.com\/wp-content\/uploads\/2025\/09\/Tela-LED-em-Forma-de-Rosto.webp","datePublished":"2025-09-10T09:41:55+00:00","dateModified":"2026-01-06T01:09:29+00:00","description":"Das gesichtsf\u00f6rmige LED-Display der TCH-Serie bietet ein anpassbares Design mit 4 mm Pixelabstand und h\u00f6chster Qualit\u00e4t. Perfekt f\u00fcr kreative Projekte und auff\u00e4llige Displays. Fordern Sie noch heute Ihre L\u00f6sung an!","breadcrumb":{"@id":"https:\/\/www.telaled.com\/fabrica\/tela-led-em-forma-de-rosto-serie-tch\/#breadcrumb"},"inLanguage":"de","potentialAction":[{"@type":"ReadAction","target":["https:\/\/www.telaled.com\/fabrica\/tela-led-em-forma-de-rosto-serie-tch\/"]}]},{"@type":"ImageObject","inLanguage":"de","@id":"https:\/\/www.telaled.com\/fabrica\/tela-led-em-forma-de-rosto-serie-tch\/#primaryimage","url":"https:\/\/www.telaled.com\/wp-content\/uploads\/2025\/09\/Tela-LED-em-Forma-de-Rosto.webp","contentUrl":"https:\/\/www.telaled.com\/wp-content\/uploads\/2025\/09\/Tela-LED-em-Forma-de-Rosto.webp","width":500,"height":500,"caption":"Tela-LED-em-Forma-de-Rosto"},{"@type":"BreadcrumbList","@id":"https:\/\/www.telaled.com\/fabrica\/tela-led-em-forma-de-rosto-serie-tch\/#breadcrumb","itemListElement":[{"@type":"ListItem","position":1,"name":"Home","item":"https:\/\/www.telaled.com\/"},{"@type":"ListItem","position":2,"name":"Produtos","item":"https:\/\/www.telaled.com\/shop\/"},{"@type":"ListItem","position":3,"name":"Tela LED em Forma de Rosto S\u00e9rie TCH"}]},{"@type":"WebSite","@id":"https:\/\/www.telaled.com\/#website","url":"https:\/\/www.telaled.com\/","name":"LED-Bildschirm","description":"","potentialAction":[{"@type":"SearchAction","target":{"@type":"EntryPoint","urlTemplate":"https:\/\/www.telaled.com\/?s={search_term_string}"},"query-input":{"@type":"PropertyValueSpecification","valueRequired":true,"valueName":"search_term_string"}}],"inLanguage":"de"}]}},"_links":{"self":[{"href":"https:\/\/www.telaled.com\/de\/wp-json\/wp\/v2\/product\/3288","targetHints":{"allow":["GET"]}}],"collection":[{"href":"https:\/\/www.telaled.com\/de\/wp-json\/wp\/v2\/product"}],"about":[{"href":"https:\/\/www.telaled.com\/de\/wp-json\/wp\/v2\/types\/product"}],"wp:featuredmedia":[{"embeddable":true,"href":"https:\/\/www.telaled.com\/de\/wp-json\/wp\/v2\/media\/3289"}],"wp:attachment":[{"href":"https:\/\/www.telaled.com\/de\/wp-json\/wp\/v2\/media?parent=3288"}],"wp:term":[{"taxonomy":"product_brand","embeddable":true,"href":"https:\/\/www.telaled.com\/de\/wp-json\/wp\/v2\/product_brand?post=3288"},{"taxonomy":"product_cat","embeddable":true,"href":"https:\/\/www.telaled.com\/de\/wp-json\/wp\/v2\/product_cat?post=3288"},{"taxonomy":"product_tag","embeddable":true,"href":"https:\/\/www.telaled.com\/de\/wp-json\/wp\/v2\/product_tag?post=3288"}],"curies":[{"name":"wp","href":"https:\/\/api.w.org\/{rel}","templated":true}]}}