{"id":3221,"date":"2025-09-04T01:46:58","date_gmt":"2025-09-04T01:46:58","guid":{"rendered":"https:\/\/www.telaled.com\/?post_type=product&#038;p=3221"},"modified":"2026-01-05T23:38:53","modified_gmt":"2026-01-05T23:38:53","slug":"led-dome-screen-serie-tcc","status":"publish","type":"product","link":"https:\/\/www.telaled.com\/de\/fabrica\/led-dome-screen-serie-tcc\/","title":{"rendered":"LED-Dome-Bildschirm der TCC-Serie"},"content":{"rendered":"<div class=\"row\"  id=\"row-1373436394\">\n\n\t<div id=\"col-1950316260\" class=\"col small-12 large-12\"  >\n\t\t\t\t<div class=\"col-inner\"  >\n\t\t\t\n\t\t\t\n<h2>Exklusive Vorteile des LED-Dome-Bildschirms der TCC-Serie<\/h2>\n<h3><strong>\u00dcberragende Haltbarkeit<\/strong><\/h3>\n<ul>\n<li>Stabiler Stahlrahmen<\/li>\n<li>Verzinkte Rohre (40\/80\/100)<\/li>\n<li>Stahlblech 150x150x5 pro m\u00b2<\/li>\n<li>Schwei\u00dfpunkte mit Rostschutzbehandlung<\/li>\n<\/ul>\n<h3><strong>Au\u00dfergew\u00f6hnliche Bildqualit\u00e4t<\/strong><\/h3>\n<ul>\n<li>180\u00ba-360\u00ba gebogener Bildschirm<\/li>\n<li>Immersiver 3D-Effekt<\/li>\n<li>Gestochen scharfe Bilder aus jedem Blickwinkel<\/li>\n<\/ul>\n<h3><strong>Vollst\u00e4ndige Anpassungsf\u00e4higkeit<\/strong><\/h3>\n<ul>\n<li>Benutzerdefinierter Kuppeldurchmesser<\/li>\n<li>Einstellbarer Anzeigebereich<\/li>\n<li>Flexible Befestigungsposition<\/li>\n<\/ul>\n<h3><strong>Umfassende Unterst\u00fctzung<\/strong><\/h3>\n<ul>\n<li>Technischer Fernsupport rund um die Uhr: Greifen Sie jederzeit und \u00fcberall auf die Unterst\u00fctzung von Experten zu.<\/li>\n<li>5% Ersatzteile im Lieferumfang enthalten: Jede Bestellung enth\u00e4lt zus\u00e4tzliche Komponenten, um die Zuverl\u00e4ssigkeit zu erh\u00f6hen und f\u00fcr ein beruhigendes Gef\u00fchl zu sorgen.<\/li>\n<li>3 Jahre erweiterte Garantie: Genie\u00dfen Sie langfristige Konvergenz f\u00fcr bessere Leistung und zuverl\u00e4ssigen Service.<\/li>\n<\/ul>\n<h2>Produktdetails<\/h2>\n<div class=\"row\"  id=\"row-439214524\">\n\n\t<div id=\"col-1157294737\" class=\"col medium-10 small-12 large-10\"  >\n\t\t\t\t<div class=\"col-inner text-left\"  >\n\t\t\t\n\t\t\t\n<ul>\n<li>Die Struktur und das Geh\u00e4usesystem unseres LED-Dome-Displays reduzieren Installationszeit und Arbeitskosten. Das Design ist nicht nur effizient, sondern beschleunigt auch die Projektabwicklung. Dies verschafft Ihnen einen klaren Wettbewerbsvorteil in Bezug auf Kosteneinsparungen und Skalierbarkeit.<\/li>\n<\/ul>\n\t<div class=\"img has-hover x md-x lg-x y md-y lg-y\" id=\"image_822412864\">\n\t\t\t\t\t\t\t\t<div class=\"img-inner dark\" >\n\t\t\t<img loading=\"lazy\" decoding=\"async\" width=\"1313\" height=\"840\" src=\"https:\/\/www.telaled.com\/wp-content\/uploads\/2025\/09\/Design-modularizado-para-facil-instalacao-1.webp\" class=\"attachment-original size-original\" alt=\"Modulares Design f\u00fcr einfache Installation (1)\" srcset=\"https:\/\/www.telaled.com\/wp-content\/uploads\/2025\/09\/Design-modularizado-para-facil-instalacao-1.webp 1313w, https:\/\/www.telaled.com\/wp-content\/uploads\/2025\/09\/Design-modularizado-para-facil-instalacao-1-300x192.webp 300w, https:\/\/www.telaled.com\/wp-content\/uploads\/2025\/09\/Design-modularizado-para-facil-instalacao-1-1024x655.webp 1024w, https:\/\/www.telaled.com\/wp-content\/uploads\/2025\/09\/Design-modularizado-para-facil-instalacao-1-768x491.webp 768w, https:\/\/www.telaled.com\/wp-content\/uploads\/2025\/09\/Design-modularizado-para-facil-instalacao-1-18x12.webp 18w, https:\/\/www.telaled.com\/wp-content\/uploads\/2025\/09\/Design-modularizado-para-facil-instalacao-1-600x384.webp 600w\" sizes=\"auto, (max-width: 1313px) 100vw, 1313px\" \/>\t\t\t\t\t\t\n\t\t\t\t\t<\/div>\n\t\t\t\t\t\t\t\t\n<style>\n#image_822412864 {\n  width: 95%;\n}\n<\/style>\n\t<\/div>\n\t\n<ul>\n<li>Durch hochaufl\u00f6sende Bilder und realistischen Sound wird das Publikum in den Film hineingezogen. Je n\u00e4her es an die Leinwand kommt, desto intensiver wird das Erlebnis.<\/li>\n<\/ul>\n\t\t<\/div>\n\t\t\t\t\t<\/div>\n\n\t\n\n\t<div id=\"col-775660952\" class=\"col medium-10 small-12 large-10\"  >\n\t\t\t\t<div class=\"col-inner text-left\"  >\n\t\t\t\n\t\t\t\n\t<div class=\"img has-hover x md-x lg-x y md-y lg-y\" id=\"image_527442313\">\n\t\t\t\t\t\t\t\t<div class=\"img-inner dark\" >\n\t\t\t<img loading=\"lazy\" decoding=\"async\" width=\"700\" height=\"490\" src=\"https:\/\/www.telaled.com\/wp-content\/uploads\/2025\/09\/Cinema-panoramico.webp\" class=\"attachment-large size-large\" alt=\"Panoramakino\" srcset=\"https:\/\/www.telaled.com\/wp-content\/uploads\/2025\/09\/Cinema-panoramico.webp 700w, https:\/\/www.telaled.com\/wp-content\/uploads\/2025\/09\/Cinema-panoramico-300x210.webp 300w, https:\/\/www.telaled.com\/wp-content\/uploads\/2025\/09\/Cinema-panoramico-18x12.webp 18w, https:\/\/www.telaled.com\/wp-content\/uploads\/2025\/09\/Cinema-panoramico-600x420.webp 600w\" sizes=\"auto, (max-width: 700px) 100vw, 700px\" \/>\t\t\t\t\t\t\n\t\t\t\t\t<\/div>\n\t\t\t\t\t\t\t\t\n<style>\n#image_527442313 {\n  width: 95%;\n}\n<\/style>\n\t<\/div>\n\t\n<ul>\n<li>Unser LED-Dome-Bildschirm der TCC-Serie verwandelt Ihre Vorf\u00fchrung in ein Erlebnis f\u00fcr alle Sinne. Die halbkugelf\u00f6rmige Leinwand umh\u00fcllt das Blickfeld des Publikums, w\u00e4hrend bewegliche Sitze, Dufteffekte, raumgreifende Bilder und Surround-Sound das Erlebnis von 4D auf 5D heben. Von vorne bis hinten versetzt jedes Detail das Publikum in eine lebendige und entspannende Szene, die es nie vergessen wird.<\/li>\n<\/ul>\n\t<div class=\"img has-hover x md-x lg-x y md-y lg-y\" id=\"image_1074333245\">\n\t\t\t\t\t\t\t\t<div class=\"img-inner dark\" >\n\t\t\t<img loading=\"lazy\" decoding=\"async\" width=\"640\" height=\"318\" src=\"https:\/\/www.telaled.com\/wp-content\/uploads\/2025\/09\/Experiencia-Imersiva-Realista.jpg\" class=\"attachment-large size-large\" alt=\"Immersives, realistisches Erlebnis\" srcset=\"https:\/\/www.telaled.com\/wp-content\/uploads\/2025\/09\/Experiencia-Imersiva-Realista.jpg 640w, https:\/\/www.telaled.com\/wp-content\/uploads\/2025\/09\/Experiencia-Imersiva-Realista-300x149.jpg 300w, https:\/\/www.telaled.com\/wp-content\/uploads\/2025\/09\/Experiencia-Imersiva-Realista-18x9.jpg 18w, https:\/\/www.telaled.com\/wp-content\/uploads\/2025\/09\/Experiencia-Imersiva-Realista-600x298.jpg 600w\" sizes=\"auto, (max-width: 640px) 100vw, 640px\" \/>\t\t\t\t\t\t\n\t\t\t\t\t<\/div>\n\t\t\t\t\t\t\t\t\n<style>\n#image_1074333245 {\n  width: 95%;\n}\n<\/style>\n\t<\/div>\n\t\n\t\t<\/div>\n\t\t\t\t\t<\/div>\n\n\t\n\n\t<div id=\"col-1882441350\" class=\"col medium-10 small-12 large-10\"  >\n\t\t\t\t<div class=\"col-inner text-left\"  >\n\t\t\t\n\t\t\t\n<ul>\n<li>Unsere LED-Kuppelbildschirme der TCC-Serie werden zum Schutz w\u00e4hrend des Transports sicher in verst\u00e4rkten Holzkisten verpackt. Jeder Bildschirm ist durch die Verpackung in Schutzbeh\u00e4ltern vor Staub, St\u00f6\u00dfen und anderen Gefahren gesch\u00fctzt. Dieses Verfahren gew\u00e4hrleistet Langlebigkeit und sichere Handhabung von der Lagerung bis zur Auslieferung.<\/li>\n<\/ul>\n\t<div class=\"img has-hover x md-x lg-x y md-y lg-y\" id=\"image_1215438057\">\n\t\t\t\t\t\t\t\t<div class=\"img-inner dark\" >\n\t\t\t<img loading=\"lazy\" decoding=\"async\" width=\"760\" height=\"1024\" src=\"https:\/\/www.telaled.com\/wp-content\/uploads\/2025\/08\/36123f2c-de60-488d-af81-255cd4aee54a-760x1024.webp\" class=\"attachment-large size-large\" alt=\"\" srcset=\"https:\/\/www.telaled.com\/wp-content\/uploads\/2025\/08\/36123f2c-de60-488d-af81-255cd4aee54a-760x1024.webp 760w, https:\/\/www.telaled.com\/wp-content\/uploads\/2025\/08\/36123f2c-de60-488d-af81-255cd4aee54a-223x300.webp 223w, https:\/\/www.telaled.com\/wp-content\/uploads\/2025\/08\/36123f2c-de60-488d-af81-255cd4aee54a-768x1035.webp 768w, https:\/\/www.telaled.com\/wp-content\/uploads\/2025\/08\/36123f2c-de60-488d-af81-255cd4aee54a-9x12.webp 9w, https:\/\/www.telaled.com\/wp-content\/uploads\/2025\/08\/36123f2c-de60-488d-af81-255cd4aee54a-600x808.webp 600w, https:\/\/www.telaled.com\/wp-content\/uploads\/2025\/08\/36123f2c-de60-488d-af81-255cd4aee54a.webp 795w\" sizes=\"auto, (max-width: 760px) 100vw, 760px\" \/>\t\t\t\t\t\t\n\t\t\t\t\t<\/div>\n\t\t\t\t\t\t\t\t\n<style>\n#image_1215438057 {\n  width: 95%;\n}\n<\/style>\n\t<\/div>\n\t\n\n<table id=\"tablepress-74\" class=\"tablepress tablepress-id-74\">\n<thead>\n<tr class=\"row-1\">\n\t<th class=\"column-1\">Modell<\/th><th class=\"column-2\">TCC1.45<\/th><th class=\"column-3\">TCC1.875<\/th><th class=\"column-4\">TCC2<\/th><th class=\"column-5\">TCC4<\/th>\n<\/tr>\n<\/thead>\n<tbody class=\"row-striping row-hover\">\n<tr class=\"row-2\">\n\t<td class=\"column-1\">Pixelabstand (mm)<\/td><td class=\"column-2\">1.45<\/td><td class=\"column-3\">1.875<\/td><td class=\"column-4\">2<\/td><td class=\"column-5\">4<\/td>\n<\/tr>\n<tr class=\"row-3\">\n\t<td class=\"column-1\">Pixelkomposition<\/td><td class=\"column-2\">1R1G1B<\/td><td class=\"column-3\">1R1G1B<\/td><td class=\"column-4\">1R1G1B<\/td><td class=\"column-5\">1R1G1B<\/td>\n<\/tr>\n<tr class=\"row-4\">\n\t<td class=\"column-1\">LED-Typ<\/td><td class=\"column-2\">SMD1010<\/td><td class=\"column-3\">SMD1212<\/td><td class=\"column-4\">SMD1212<\/td><td class=\"column-5\">SMD1515<\/td>\n<\/tr>\n<tr class=\"row-5\">\n\t<td class=\"column-1\">Pixeldichte (Punkte\/m\u00b2)<\/td><td class=\"column-2\">475, 624<\/td><td class=\"column-3\">284,444<\/td><td class=\"column-4\">250,000<\/td><td class=\"column-5\">62500<\/td>\n<\/tr>\n<tr class=\"row-6\">\n\t<td class=\"column-1\">Scanmethode<\/td><td class=\"column-2\">1\/35<\/td><td class=\"column-3\">1\/32<\/td><td class=\"column-4\">1\/32<\/td><td class=\"column-5\">1\/16<\/td>\n<\/tr>\n<tr class=\"row-7\">\n\t<td class=\"column-1\">Helligkeit (cd\/m\u00b2)<\/td><td class=\"column-2\">300<\/td><td class=\"column-3\">800-1000<\/td><td class=\"column-4\">800-1000<\/td><td class=\"column-5\">800<\/td>\n<\/tr>\n<tr class=\"row-8\">\n\t<td class=\"column-1\">Durchschnittliche Leistung (W\/m\u00b2)<\/td><td class=\"column-2\">140<\/td><td class=\"column-3\">150-200<\/td><td class=\"column-4\">150-200<\/td><td class=\"column-5\">150-200<\/td>\n<\/tr>\n<tr class=\"row-9\">\n\t<td class=\"column-1\">Max. Leistung (W\/m\u00b2)<\/td><td class=\"column-2\">300<\/td><td class=\"column-3\">600<\/td><td class=\"column-4\">600<\/td><td class=\"column-5\">600<\/td>\n<\/tr>\n<tr class=\"row-10\">\n\t<td class=\"column-1\">Bildwiederholrate (Hz)<\/td><td class=\"column-2\">3840<\/td><td class=\"column-3\">3840<\/td><td class=\"column-4\">3840<\/td><td class=\"column-5\">3840<\/td>\n<\/tr>\n<tr class=\"row-11\">\n\t<td class=\"column-1\">Graustufen (Bit)<\/td><td class=\"column-2\">16<\/td><td class=\"column-3\">12-16<\/td><td class=\"column-4\">12-16<\/td><td class=\"column-5\">12-16<\/td>\n<\/tr>\n<tr class=\"row-12\">\n\t<td class=\"column-1\">Mittelpunktswinkel des Bogens<\/td><td class=\"column-2\">Individuell nach Bedarf<\/td><td class=\"column-3\">Individuell nach Bedarf<\/td><td class=\"column-4\">Individuell nach Bedarf<\/td><td class=\"column-5\">Individuell nach Bedarf<\/td>\n<\/tr>\n<tr class=\"row-13\">\n\t<td class=\"column-1\">Gewicht des LED-Geh\u00e4uses (kg\/Stk.)<\/td><td class=\"column-2\">5<\/td><td class=\"column-3\">40<\/td><td class=\"column-4\">40<\/td><td class=\"column-5\">50<\/td>\n<\/tr>\n<tr class=\"row-14\">\n\t<td class=\"column-1\">Bruttogewicht (kg\/m\u00b2)<\/td><td class=\"column-2\">\u226460<\/td><td class=\"column-3\">\u226460<\/td><td class=\"column-4\">\u226460<\/td><td class=\"column-5\">\u226460<\/td>\n<\/tr>\n<tr class=\"row-15\">\n\t<td class=\"column-1\">Kontinuierliche Nutzungsdauer (Stunden)<\/td><td class=\"column-2\">>72<\/td><td class=\"column-3\">>72<\/td><td class=\"column-4\">>72<\/td><td class=\"column-5\">>72<\/td>\n<\/tr>\n<tr class=\"row-16\">\n\t<td class=\"column-1\">Lebensdauer (Stunden)<\/td><td class=\"column-2\">>10,000<\/td><td class=\"column-3\">>10,000<\/td><td class=\"column-4\">>10,000<\/td><td class=\"column-5\">>10,000<\/td>\n<\/tr>\n<tr class=\"row-17\">\n\t<td class=\"column-1\">Diskreter Punkt au\u00dfer Kontrolle (%)<\/td><td class=\"column-2\"><0.01<\/td><td class=\"column-3\"><0.01<\/td><td class=\"column-4\"><0.01<\/td><td class=\"column-5\"><0.01<\/td>\n<\/tr>\n<\/tbody>\n<\/table>\n\n\t\t<\/div>\n\t\t\t\t\t<\/div>\n\n\t\n<\/div>\n\t\t<\/div>\n\t\t\t\t\t<\/div>\n\n\t\n<\/div>","protected":false},"excerpt":{"rendered":"<p><strong>LED-Dome-Bildschirm der TCC-Serie \u2013 Ultrabreiter Immersivbildschirm<\/strong><\/p>\n<p>DER <em><strong>LED-Dome-Bildschirm der TCC-Serie<\/strong><\/em> Es liefert 4D-Bilder mit weiten Betrachtungswinkeln, hoher Sch\u00e4rfe und geringem Rauschen. Erh\u00e4ltlich in den Modellen P1.45 bis P4 mit Durchmessern von 5 bis 35 m.<\/p>\n<p><strong>Haupteigenschaften:<\/strong><\/p>\n<ul>\n<li>4D-LED-Kerntechnologie f\u00fcr immersives Theater und interaktive Erlebnisse.<\/li>\n<li>Gro\u00dfer Betrachtungswinkel und nahtlose Oberfl\u00e4che f\u00fcr realistische visuelle Effekte und Publikumsbeteiligung.<\/li>\n<li>Ultrahochaufl\u00f6sendes Bild mit minimiertem Rauschen und Echo; unterst\u00fctzt realistischen Klang.<\/li>\n<li>Flexible Spezifikationen f\u00fcr Museen, Planetarien, Ausstellungshallen, Bildungszentren, Simulation und industrielle Schulungen.<\/li>\n<\/ul>\n<p>Wir bieten 24\/7-Fernsupport und 3 Jahre Garantie. Kontaktieren Sie uns f\u00fcr ein individuelles Angebot.<\/p>","protected":false},"featured_media":3222,"template":"","meta":[],"product_brand":[],"product_cat":[48,40,44,46],"product_tag":[],"class_list":{"0":"post-3221","1":"product","2":"type-product","3":"status-publish","4":"has-post-thumbnail","6":"product_cat-paineis-personalizados","7":"product_cat-painel-de-led","8":"product_cat-painel-de-led-flexivel","9":"product_cat-painel-de-video","11":"first","12":"instock","13":"shipping-taxable","14":"product-type-simple"},"yoast_head":"<!-- This site is optimized with the Yoast SEO plugin v27.5 - https:\/\/yoast.com\/product\/yoast-seo-wordpress\/ -->\n<title>LED Dome Screen S\u00e9rie TCC | Experi\u00eancia Visual Imersiva 4D | TELALED<\/title>\n<meta name=\"description\" content=\"LED Dome Screen S\u00e9rie TCC com tecnologia de n\u00facleo 4D, modelos P1.45-P4 e di\u00e2metros de 5 a 35 m. Ideal para museus, planet\u00e1rios, exposi\u00e7\u00f5es, treinamentos e teatro imersivo\" \/>\n<meta name=\"robots\" content=\"index, follow, max-snippet:-1, max-image-preview:large, max-video-preview:-1\" \/>\n<link rel=\"canonical\" href=\"https:\/\/www.telaled.com\/de\/fabrica\/led-dome-screen-serie-tcc\/\" \/>\n<meta property=\"og:locale\" content=\"de_DE\" \/>\n<meta property=\"og:type\" content=\"article\" \/>\n<meta property=\"og:title\" content=\"LED Dome Screen S\u00e9rie TCC | Experi\u00eancia Visual Imersiva 4D | TELALED\" \/>\n<meta property=\"og:description\" content=\"LED Dome Screen S\u00e9rie TCC com tecnologia de n\u00facleo 4D, modelos P1.45-P4 e di\u00e2metros de 5 a 35 m. Ideal para museus, planet\u00e1rios, exposi\u00e7\u00f5es, treinamentos e teatro imersivo\" \/>\n<meta property=\"og:url\" content=\"https:\/\/www.telaled.com\/de\/fabrica\/led-dome-screen-serie-tcc\/\" \/>\n<meta property=\"og:site_name\" content=\"TELALED\" \/>\n<meta property=\"article:modified_time\" content=\"2026-01-05T23:38:53+00:00\" \/>\n<meta property=\"og:image\" content=\"https:\/\/www.telaled.com\/wp-content\/uploads\/2025\/09\/LED-Dome-Screen-Serie-TCC.webp\" \/>\n\t<meta property=\"og:image:width\" content=\"500\" \/>\n\t<meta property=\"og:image:height\" content=\"500\" \/>\n\t<meta property=\"og:image:type\" content=\"image\/webp\" \/>\n<meta name=\"twitter:card\" content=\"summary_large_image\" \/>\n<meta name=\"twitter:label1\" content=\"Gesch\u00e4tzte Lesezeit\" \/>\n\t<meta name=\"twitter:data1\" content=\"3\u00a0Minuten\" \/>\n<script type=\"application\/ld+json\" class=\"yoast-schema-graph\">{\"@context\":\"https:\\\/\\\/schema.org\",\"@graph\":[{\"@type\":\"WebPage\",\"@id\":\"https:\\\/\\\/www.telaled.com\\\/fabrica\\\/led-dome-screen-serie-tcc\\\/\",\"url\":\"https:\\\/\\\/www.telaled.com\\\/fabrica\\\/led-dome-screen-serie-tcc\\\/\",\"name\":\"LED Dome Screen S\u00e9rie TCC | Experi\u00eancia Visual Imersiva 4D | TELALED\",\"isPartOf\":{\"@id\":\"https:\\\/\\\/www.telaled.com\\\/#website\"},\"primaryImageOfPage\":{\"@id\":\"https:\\\/\\\/www.telaled.com\\\/fabrica\\\/led-dome-screen-serie-tcc\\\/#primaryimage\"},\"image\":{\"@id\":\"https:\\\/\\\/www.telaled.com\\\/fabrica\\\/led-dome-screen-serie-tcc\\\/#primaryimage\"},\"thumbnailUrl\":\"https:\\\/\\\/www.telaled.com\\\/wp-content\\\/uploads\\\/2025\\\/09\\\/LED-Dome-Screen-Serie-TCC.webp\",\"datePublished\":\"2025-09-04T01:46:58+00:00\",\"dateModified\":\"2026-01-05T23:38:53+00:00\",\"description\":\"LED Dome Screen S\u00e9rie TCC com tecnologia de n\u00facleo 4D, modelos P1.45-P4 e di\u00e2metros de 5 a 35 m. Ideal para museus, planet\u00e1rios, exposi\u00e7\u00f5es, treinamentos e teatro imersivo\",\"breadcrumb\":{\"@id\":\"https:\\\/\\\/www.telaled.com\\\/fabrica\\\/led-dome-screen-serie-tcc\\\/#breadcrumb\"},\"inLanguage\":\"de\",\"potentialAction\":[{\"@type\":\"ReadAction\",\"target\":[\"https:\\\/\\\/www.telaled.com\\\/fabrica\\\/led-dome-screen-serie-tcc\\\/\"]}]},{\"@type\":\"ImageObject\",\"inLanguage\":\"de\",\"@id\":\"https:\\\/\\\/www.telaled.com\\\/fabrica\\\/led-dome-screen-serie-tcc\\\/#primaryimage\",\"url\":\"https:\\\/\\\/www.telaled.com\\\/wp-content\\\/uploads\\\/2025\\\/09\\\/LED-Dome-Screen-Serie-TCC.webp\",\"contentUrl\":\"https:\\\/\\\/www.telaled.com\\\/wp-content\\\/uploads\\\/2025\\\/09\\\/LED-Dome-Screen-Serie-TCC.webp\",\"width\":500,\"height\":500,\"caption\":\"LED-Dome-Screen-S\u00e9rie-TCC\"},{\"@type\":\"BreadcrumbList\",\"@id\":\"https:\\\/\\\/www.telaled.com\\\/fabrica\\\/led-dome-screen-serie-tcc\\\/#breadcrumb\",\"itemListElement\":[{\"@type\":\"ListItem\",\"position\":1,\"name\":\"Home\",\"item\":\"https:\\\/\\\/www.telaled.com\\\/\"},{\"@type\":\"ListItem\",\"position\":2,\"name\":\"Produtos\",\"item\":\"https:\\\/\\\/www.telaled.com\\\/shop\\\/\"},{\"@type\":\"ListItem\",\"position\":3,\"name\":\"LED Dome Screen S\u00e9rie TCC\"}]},{\"@type\":\"WebSite\",\"@id\":\"https:\\\/\\\/www.telaled.com\\\/#website\",\"url\":\"https:\\\/\\\/www.telaled.com\\\/\",\"name\":\"TELALED\",\"description\":\"\",\"potentialAction\":[{\"@type\":\"SearchAction\",\"target\":{\"@type\":\"EntryPoint\",\"urlTemplate\":\"https:\\\/\\\/www.telaled.com\\\/?s={search_term_string}\"},\"query-input\":{\"@type\":\"PropertyValueSpecification\",\"valueRequired\":true,\"valueName\":\"search_term_string\"}}],\"inLanguage\":\"de\"}]}<\/script>\n<!-- \/ Yoast SEO plugin. -->","yoast_head_json":{"title":"LED-Dome-Bildschirm der TCC-Serie | Immersives visuelles 4D-Erlebnis | TELALED","description":"LED-Kuppelbildschirme der TCC-Serie mit 4D-Kerntechnologie, Modelle P1.45-P4 und Durchmesser von 5 bis 35 m. Ideal f\u00fcr Museen, Planetarien, Ausstellungen, Schulungen und immersives Theater.","robots":{"index":"index","follow":"follow","max-snippet":"max-snippet:-1","max-image-preview":"max-image-preview:large","max-video-preview":"max-video-preview:-1"},"canonical":"https:\/\/www.telaled.com\/de\/fabrica\/led-dome-screen-serie-tcc\/","og_locale":"de_DE","og_type":"article","og_title":"LED Dome Screen S\u00e9rie TCC | Experi\u00eancia Visual Imersiva 4D | TELALED","og_description":"LED Dome Screen S\u00e9rie TCC com tecnologia de n\u00facleo 4D, modelos P1.45-P4 e di\u00e2metros de 5 a 35 m. Ideal para museus, planet\u00e1rios, exposi\u00e7\u00f5es, treinamentos e teatro imersivo","og_url":"https:\/\/www.telaled.com\/de\/fabrica\/led-dome-screen-serie-tcc\/","og_site_name":"TELALED","article_modified_time":"2026-01-05T23:38:53+00:00","og_image":[{"width":500,"height":500,"url":"https:\/\/www.telaled.com\/wp-content\/uploads\/2025\/09\/LED-Dome-Screen-Serie-TCC.webp","type":"image\/webp"}],"twitter_card":"summary_large_image","twitter_misc":{"Gesch\u00e4tzte Lesezeit":"3\u00a0Minuten"},"schema":{"@context":"https:\/\/schema.org","@graph":[{"@type":"WebPage","@id":"https:\/\/www.telaled.com\/fabrica\/led-dome-screen-serie-tcc\/","url":"https:\/\/www.telaled.com\/fabrica\/led-dome-screen-serie-tcc\/","name":"LED-Dome-Bildschirm der TCC-Serie | Immersives visuelles 4D-Erlebnis | TELALED","isPartOf":{"@id":"https:\/\/www.telaled.com\/#website"},"primaryImageOfPage":{"@id":"https:\/\/www.telaled.com\/fabrica\/led-dome-screen-serie-tcc\/#primaryimage"},"image":{"@id":"https:\/\/www.telaled.com\/fabrica\/led-dome-screen-serie-tcc\/#primaryimage"},"thumbnailUrl":"https:\/\/www.telaled.com\/wp-content\/uploads\/2025\/09\/LED-Dome-Screen-Serie-TCC.webp","datePublished":"2025-09-04T01:46:58+00:00","dateModified":"2026-01-05T23:38:53+00:00","description":"LED-Kuppelbildschirme der TCC-Serie mit 4D-Kerntechnologie, Modelle P1.45-P4 und Durchmesser von 5 bis 35 m. Ideal f\u00fcr Museen, Planetarien, Ausstellungen, Schulungen und immersives Theater.","breadcrumb":{"@id":"https:\/\/www.telaled.com\/fabrica\/led-dome-screen-serie-tcc\/#breadcrumb"},"inLanguage":"de","potentialAction":[{"@type":"ReadAction","target":["https:\/\/www.telaled.com\/fabrica\/led-dome-screen-serie-tcc\/"]}]},{"@type":"ImageObject","inLanguage":"de","@id":"https:\/\/www.telaled.com\/fabrica\/led-dome-screen-serie-tcc\/#primaryimage","url":"https:\/\/www.telaled.com\/wp-content\/uploads\/2025\/09\/LED-Dome-Screen-Serie-TCC.webp","contentUrl":"https:\/\/www.telaled.com\/wp-content\/uploads\/2025\/09\/LED-Dome-Screen-Serie-TCC.webp","width":500,"height":500,"caption":"LED-Dome-Screen-S\u00e9rie-TCC"},{"@type":"BreadcrumbList","@id":"https:\/\/www.telaled.com\/fabrica\/led-dome-screen-serie-tcc\/#breadcrumb","itemListElement":[{"@type":"ListItem","position":1,"name":"Home","item":"https:\/\/www.telaled.com\/"},{"@type":"ListItem","position":2,"name":"Produtos","item":"https:\/\/www.telaled.com\/shop\/"},{"@type":"ListItem","position":3,"name":"LED Dome Screen S\u00e9rie TCC"}]},{"@type":"WebSite","@id":"https:\/\/www.telaled.com\/#website","url":"https:\/\/www.telaled.com\/","name":"LED-Bildschirm","description":"","potentialAction":[{"@type":"SearchAction","target":{"@type":"EntryPoint","urlTemplate":"https:\/\/www.telaled.com\/?s={search_term_string}"},"query-input":{"@type":"PropertyValueSpecification","valueRequired":true,"valueName":"search_term_string"}}],"inLanguage":"de"}]}},"_links":{"self":[{"href":"https:\/\/www.telaled.com\/de\/wp-json\/wp\/v2\/product\/3221","targetHints":{"allow":["GET"]}}],"collection":[{"href":"https:\/\/www.telaled.com\/de\/wp-json\/wp\/v2\/product"}],"about":[{"href":"https:\/\/www.telaled.com\/de\/wp-json\/wp\/v2\/types\/product"}],"wp:featuredmedia":[{"embeddable":true,"href":"https:\/\/www.telaled.com\/de\/wp-json\/wp\/v2\/media\/3222"}],"wp:attachment":[{"href":"https:\/\/www.telaled.com\/de\/wp-json\/wp\/v2\/media?parent=3221"}],"wp:term":[{"taxonomy":"product_brand","embeddable":true,"href":"https:\/\/www.telaled.com\/de\/wp-json\/wp\/v2\/product_brand?post=3221"},{"taxonomy":"product_cat","embeddable":true,"href":"https:\/\/www.telaled.com\/de\/wp-json\/wp\/v2\/product_cat?post=3221"},{"taxonomy":"product_tag","embeddable":true,"href":"https:\/\/www.telaled.com\/de\/wp-json\/wp\/v2\/product_tag?post=3221"}],"curies":[{"name":"wp","href":"https:\/\/api.w.org\/{rel}","templated":true}]}}