{"id":3148,"date":"2025-08-27T00:37:20","date_gmt":"2025-08-27T00:37:20","guid":{"rendered":"https:\/\/www.telaled.com\/?post_type=product&#038;p=3148"},"modified":"2026-01-05T08:37:54","modified_gmt":"2026-01-05T08:37:54","slug":"tela-oled-transparente-serie-thi","status":"publish","type":"product","link":"https:\/\/www.telaled.com\/de\/fabrica\/tela-oled-transparente-serie-thi\/","title":{"rendered":"Transparentes OLED-Display der THI-Serie"},"content":{"rendered":"<div class=\"row\"  id=\"row-303439715\">\n\n\t<div id=\"col-206472307\" class=\"col small-12 large-12\"  >\n\t\t\t\t<div class=\"col-inner\"  >\n\t\t\t\n\t\t\t\n<h2>Exklusive Vorteile des transparenten OLED-Displays der THI-Serie<\/h2>\n<h3><strong>\u00dcberragende Haltbarkeit<\/strong><\/h3>\n<ul>\n<li>Verwendet schnell rotierende L\u00fcfter mit fest angebrachten LED-Perlen f\u00fcr eine lange Lebensdauer.<\/li>\n<li>F\u00fcr Dauerbetrieb ohne \u00dcberhitzung oder L\u00f6sen von Komponenten konzipiert.<\/li>\n<li>Die stabile Konstruktion erm\u00f6glicht wiederholte Installationen und Umstellungen ohne Besch\u00e4digung.<\/li>\n<\/ul>\n<h3><strong>Au\u00dfergew\u00f6hnliche Bildqualit\u00e4t<\/strong><\/h3>\n<ul>\n<li>Mit einem gro\u00dfen Farbumfang von 108% gibt dieses Display mehr Farben wieder als herk\u00f6mmliche Displays und eignet sich daher perfekt f\u00fcr detaillierte Grafiken im Einzelhandel und in Ausstellungsr\u00e4umen.<\/li>\n<li>Das Kontrastverh\u00e4ltnis von 150.000:1 sorgt daf\u00fcr, dass sowohl die hellsten Wei\u00dft\u00f6ne als auch die tiefsten Schwarzt\u00f6ne mit atemberaubender Klarheit dargestellt werden, was f\u00fcr hochaufl\u00f6sende Inhalte unerl\u00e4sslich ist.<\/li>\n<li>Es bietet eine dynamische Bildreaktionszeit, die 5.000 Mal schneller ist als bei Standard-LED-Bildschirmen und gew\u00e4hrleistet so fl\u00fcssige und realistische Bilder in Hochgeschwindigkeitsanwendungen.<\/li>\n<li>Mit einer Aufl\u00f6sung von 1366 x 768 liefert er klare, scharfe Bilder, selbst in hellen Umgebungen, in denen andere Bildschirme m\u00f6glicherweise Schwierigkeiten haben.<\/li>\n<\/ul>\n<h3><strong>Vollst\u00e4ndige Anpassungsf\u00e4higkeit<\/strong><\/h3>\n<ul>\n<li>Erm\u00f6glicht vielseitige Anzeigeanwendungen in Bereichen, in denen die Sichtbarkeit oder Interaktion w\u00e4hrend der Anzeige digitaler Inhalte gew\u00e4hrleistet sein muss.<\/li>\n<li>Sein modulares Design erm\u00f6glicht Flexibilit\u00e4t bei der Installation, sodass der Bildschirm an der Wand montiert, aufgeh\u00e4ngt oder freistehend angebracht werden kann, um unterschiedlichen Layout- und Anzeigeanforderungen gerecht zu werden.<\/li>\n<\/ul>\n<h3><strong>Umfassende Unterst\u00fctzung<\/strong><\/h3>\n<ul>\n<li>Technischer Fernsupport rund um die Uhr: Greifen Sie jederzeit und \u00fcberall auf die Unterst\u00fctzung von Experten zu.<\/li>\n<li>5% Ersatzteile im Lieferumfang enthalten: Jede Bestellung enth\u00e4lt zus\u00e4tzliche Komponenten, um die Zuverl\u00e4ssigkeit zu erh\u00f6hen und f\u00fcr ein beruhigendes Gef\u00fchl zu sorgen.<\/li>\n<li>3 Jahre erweiterte Garantie: Genie\u00dfen Sie langfristige Konvergenz f\u00fcr bessere Leistung und zuverl\u00e4ssigen Service.<\/li>\n<\/ul>\n<h2>Produktdetails<\/h2>\n<div class=\"row\"  id=\"row-857073141\">\n\n\t<div id=\"col-1428969448\" class=\"col medium-10 small-12 large-10\"  >\n\t\t\t\t<div class=\"col-inner text-left\"  >\n\t\t\t\n\t\t\t\n<ul>\n<li>Die transparente OLED-Displaytechnologie der THI-Serie erm\u00f6glicht es jedem Pixel, unabh\u00e4ngig Licht zu emittieren und sorgt so f\u00fcr Transparenz von 43% und lebendige Farben. Diese fortschrittliche Displaytechnologie liefert gestochen scharfe, kontrastreiche Bilder und ist gleichzeitig energieeffizient.<\/li>\n<\/ul>\n\t<div class=\"img has-hover x md-x lg-x y md-y lg-y\" id=\"image_163486170\">\n\t\t\t\t\t\t\t\t<div class=\"img-inner dark\" >\n\t\t\t<img loading=\"lazy\" decoding=\"async\" width=\"640\" height=\"430\" src=\"https:\/\/www.telaled.com\/wp-content\/uploads\/2025\/08\/Painel-Transparente.jpeg\" class=\"attachment-original size-original\" alt=\"Transparentes Panel\" srcset=\"https:\/\/www.telaled.com\/wp-content\/uploads\/2025\/08\/Painel-Transparente.jpeg 640w, https:\/\/www.telaled.com\/wp-content\/uploads\/2025\/08\/Painel-Transparente-300x202.jpeg 300w, https:\/\/www.telaled.com\/wp-content\/uploads\/2025\/08\/Painel-Transparente-18x12.jpeg 18w, https:\/\/www.telaled.com\/wp-content\/uploads\/2025\/08\/Painel-Transparente-600x403.jpeg 600w\" sizes=\"auto, (max-width: 640px) 100vw, 640px\" \/>\t\t\t\t\t\t\n\t\t\t\t\t<\/div>\n\t\t\t\t\t\t\t\t\n<style>\n#image_163486170 {\n  width: 95%;\n}\n<\/style>\n\t<\/div>\n\t\n<ul>\n<li>Das transparente OLED-Display der THI-Serie ist mit nur 1,78 mm unglaublich d\u00fcnn. Sein schlankes, modernes Design mit schmalem Rahmen verbessert sowohl die Optik als auch die Funktionalit\u00e4t. Dieses ultrad\u00fcnne Panel vereint h\u00f6chste Robustheit mit modernster \u00c4sthetik.<\/li>\n<\/ul>\n\t\t<\/div>\n\t\t\t\t\t<\/div>\n\n\t\n\n\t<div id=\"col-2099858302\" class=\"col medium-10 small-12 large-10\"  >\n\t\t\t\t<div class=\"col-inner text-left\"  >\n\t\t\t\n\t\t\t\n\t<div class=\"img has-hover x md-x lg-x y md-y lg-y\" id=\"image_466672135\">\n\t\t\t\t\t\t\t\t<div class=\"img-inner dark\" >\n\t\t\t<img loading=\"lazy\" decoding=\"async\" width=\"640\" height=\"430\" src=\"https:\/\/www.telaled.com\/wp-content\/uploads\/2025\/08\/Tela-ultrafina-de-178-mm.jpeg\" class=\"attachment-large size-large\" alt=\"\" srcset=\"https:\/\/www.telaled.com\/wp-content\/uploads\/2025\/08\/Tela-ultrafina-de-178-mm.jpeg 640w, https:\/\/www.telaled.com\/wp-content\/uploads\/2025\/08\/Tela-ultrafina-de-178-mm-300x202.jpeg 300w, https:\/\/www.telaled.com\/wp-content\/uploads\/2025\/08\/Tela-ultrafina-de-178-mm-18x12.jpeg 18w, https:\/\/www.telaled.com\/wp-content\/uploads\/2025\/08\/Tela-ultrafina-de-178-mm-600x403.jpeg 600w\" sizes=\"auto, (max-width: 640px) 100vw, 640px\" \/>\t\t\t\t\t\t\n\t\t\t\t\t<\/div>\n\t\t\t\t\t\t\t\t\n<style>\n#image_466672135 {\n  width: 95%;\n}\n<\/style>\n\t<\/div>\n\t\n<ul>\n<li>Es bietet ein beeindruckendes Kontrastverh\u00e4ltnis von 150.000:1 und \u00fcbertrifft Standardmonitore in Helligkeit und Schattendarstellung deutlich. Ideal f\u00fcr Grafikdesign, Videobearbeitung und Home Entertainment, liefert es au\u00dfergew\u00f6hnliche Klarheit f\u00fcr ein atemberaubendes Seherlebnis.<\/li>\n<\/ul>\n\t<div class=\"img has-hover x md-x lg-x y md-y lg-y\" id=\"image_473967704\">\n\t\t\t\t\t\t\t\t<div class=\"img-inner dark\" >\n\t\t\t<img loading=\"lazy\" decoding=\"async\" width=\"1020\" height=\"432\" src=\"https:\/\/www.telaled.com\/wp-content\/uploads\/2025\/08\/Comparacao-de-niveis-de-milhoes-1024x434.jpeg\" class=\"attachment-large size-large\" alt=\"\" srcset=\"https:\/\/www.telaled.com\/wp-content\/uploads\/2025\/08\/Comparacao-de-niveis-de-milhoes-1024x434.jpeg 1024w, https:\/\/www.telaled.com\/wp-content\/uploads\/2025\/08\/Comparacao-de-niveis-de-milhoes-300x127.jpeg 300w, https:\/\/www.telaled.com\/wp-content\/uploads\/2025\/08\/Comparacao-de-niveis-de-milhoes-768x325.jpeg 768w, https:\/\/www.telaled.com\/wp-content\/uploads\/2025\/08\/Comparacao-de-niveis-de-milhoes-18x8.jpeg 18w, https:\/\/www.telaled.com\/wp-content\/uploads\/2025\/08\/Comparacao-de-niveis-de-milhoes-600x254.jpeg 600w, https:\/\/www.telaled.com\/wp-content\/uploads\/2025\/08\/Comparacao-de-niveis-de-milhoes.jpeg 1440w\" sizes=\"auto, (max-width: 1020px) 100vw, 1020px\" \/>\t\t\t\t\t\t\n\t\t\t\t\t<\/div>\n\t\t\t\t\t\t\t\t\n<style>\n#image_473967704 {\n  width: 95%;\n}\n<\/style>\n\t<\/div>\n\t\n<ul>\n<li>Die Verwendung fortschrittlicher selbstleuchtender Materialien erm\u00f6glicht tiefe Schwarzt\u00f6ne und verbessert das visuelle Gesamterlebnis. Durch den Wegfall der Hintergrundbeleuchtung bietet die OLED-Technologie eine bessere Kontrolle \u00fcber einzelne Pixel. Dies f\u00fchrt zu einem breiteren Farbspektrum, besseren Kontrastverh\u00e4ltnissen und schnelleren Reaktionszeiten.<\/li>\n<\/ul>\n\t<div class=\"img has-hover x md-x lg-x y md-y lg-y\" id=\"image_386999452\">\n\t\t\t\t\t\t\t\t<div class=\"img-inner dark\" >\n\t\t\t<img loading=\"lazy\" decoding=\"async\" width=\"1020\" height=\"432\" src=\"https:\/\/www.telaled.com\/wp-content\/uploads\/2025\/08\/Escuro-e-Profundo-1024x434.jpg\" class=\"attachment-large size-large\" alt=\"\" srcset=\"https:\/\/www.telaled.com\/wp-content\/uploads\/2025\/08\/Escuro-e-Profundo-1024x434.jpg 1024w, https:\/\/www.telaled.com\/wp-content\/uploads\/2025\/08\/Escuro-e-Profundo-300x127.jpg 300w, https:\/\/www.telaled.com\/wp-content\/uploads\/2025\/08\/Escuro-e-Profundo-768x325.jpg 768w, https:\/\/www.telaled.com\/wp-content\/uploads\/2025\/08\/Escuro-e-Profundo-18x8.jpg 18w, https:\/\/www.telaled.com\/wp-content\/uploads\/2025\/08\/Escuro-e-Profundo-600x254.jpg 600w, https:\/\/www.telaled.com\/wp-content\/uploads\/2025\/08\/Escuro-e-Profundo.jpg 1440w\" sizes=\"auto, (max-width: 1020px) 100vw, 1020px\" \/>\t\t\t\t\t\t\n\t\t\t\t\t<\/div>\n\t\t\t\t\t\t\t\t\n<style>\n#image_386999452 {\n  width: 95%;\n}\n<\/style>\n\t<\/div>\n\t\n\t\t<\/div>\n\t\t\t\t\t<\/div>\n\n\t\n\n\t<div id=\"col-1879463669\" class=\"col medium-10 small-12 large-10\"  >\n\t\t\t\t<div class=\"col-inner text-left\"  >\n\t\t\t\n\t\t\t\n<ul>\n<li>Unsere <a href=\"https:\/\/www.telaled.com\/de\/?attachment_id=3155\">LED-Anzeigen<\/a> Sie werden sorgf\u00e4ltig nach ihren Spezifikationen und dem vorgesehenen Anwendungszweck verpackt. Montierte Einheiten werden \u00fcblicherweise in verst\u00e4rkten Holzkisten oder stabilen Kartons verpackt, um ihre Unversehrtheit w\u00e4hrend des Transports zu gew\u00e4hrleisten. Zum Schutz vor Staub und anderen potenziellen Gefahren werden LED-Module in Schutzbeh\u00e4ltern verpackt, was Langlebigkeit und Sicherheit bei Handhabung und Transport sicherstellt.<\/li>\n<\/ul>\n\t<div class=\"img has-hover x md-x lg-x y md-y lg-y\" id=\"image_585368463\">\n\t\t\t\t\t\t\t\t<div class=\"img-inner dark\" >\n\t\t\t<img loading=\"lazy\" decoding=\"async\" width=\"760\" height=\"1024\" src=\"https:\/\/www.telaled.com\/wp-content\/uploads\/2025\/08\/36123f2c-de60-488d-af81-255cd4aee54a-760x1024.webp\" class=\"attachment-large size-large\" alt=\"\" srcset=\"https:\/\/www.telaled.com\/wp-content\/uploads\/2025\/08\/36123f2c-de60-488d-af81-255cd4aee54a-760x1024.webp 760w, https:\/\/www.telaled.com\/wp-content\/uploads\/2025\/08\/36123f2c-de60-488d-af81-255cd4aee54a-223x300.webp 223w, https:\/\/www.telaled.com\/wp-content\/uploads\/2025\/08\/36123f2c-de60-488d-af81-255cd4aee54a-768x1035.webp 768w, https:\/\/www.telaled.com\/wp-content\/uploads\/2025\/08\/36123f2c-de60-488d-af81-255cd4aee54a-9x12.webp 9w, https:\/\/www.telaled.com\/wp-content\/uploads\/2025\/08\/36123f2c-de60-488d-af81-255cd4aee54a-600x808.webp 600w, https:\/\/www.telaled.com\/wp-content\/uploads\/2025\/08\/36123f2c-de60-488d-af81-255cd4aee54a.webp 795w\" sizes=\"auto, (max-width: 760px) 100vw, 760px\" \/>\t\t\t\t\t\t\n\t\t\t\t\t<\/div>\n\t\t\t\t\t\t\t\t\n<style>\n#image_585368463 {\n  width: 95%;\n}\n<\/style>\n\t<\/div>\n\t\n\t\t<\/div>\n\t\t\t\t\t<\/div>\n\n\t\n<\/div>\n\t\t<\/div>\n\t\t\t\t\t<\/div>\n\n\t\n\n\t<div id=\"col-1487466785\" class=\"col small-12 large-12\"  >\n\t\t\t\t<div class=\"col-inner\"  >\n\t\t\t\n\t\t\t\n<div class=\"row\"  id=\"row-1017418500\">\n\n\t<div id=\"col-2075329077\" class=\"col medium-10 small-12 large-10\"  >\n\t\t\t\t<div class=\"col-inner\"  >\n\t\t\t\n\t\t\t\n\n<table id=\"tablepress-69\" class=\"tablepress tablepress-id-69\">\n<thead>\n<tr class=\"row-1\">\n\t<th class=\"column-1\">Produktgr\u00f6\u00dfe<\/th><th class=\"column-2\">THI - 30 Zoll<\/th>\n<\/tr>\n<\/thead>\n<tbody class=\"row-striping row-hover\">\n<tr class=\"row-2\">\n\t<td class=\"column-1\">Typ<\/td><td class=\"column-2\">OLED-Panel<\/td>\n<\/tr>\n<tr class=\"row-3\">\n\t<td class=\"column-1\">Durchl\u00e4ssigkeit<\/td><td class=\"column-2\">43%<\/td>\n<\/tr>\n<tr class=\"row-4\">\n\t<td class=\"column-1\">Kontrastverh\u00e4ltnis<\/td><td class=\"column-2\">150000:1<\/td>\n<\/tr>\n<tr class=\"row-5\">\n\t<td class=\"column-1\">Anteil<\/td><td class=\"column-2\">16:9<\/td>\n<\/tr>\n<tr class=\"row-6\">\n\t<td class=\"column-1\">Aufl\u00f6sungsverm\u00f6gen<\/td><td class=\"column-2\">1366 x 768<\/td>\n<\/tr>\n<tr class=\"row-7\">\n\t<td class=\"column-1\">Bildwiederholrate<\/td><td class=\"column-2\">120 Hz<\/td>\n<\/tr>\n<tr class=\"row-8\">\n\t<td class=\"column-1\">Betrachtungswinkel<\/td><td class=\"column-2\">178\u00b0(H)\/ 178\u00b0(V)<\/td>\n<\/tr>\n<tr class=\"row-9\">\n\t<td class=\"column-1\">Glanz<\/td><td class=\"column-2\">200-600cd\/m\u00b2<\/td>\n<\/tr>\n<tr class=\"row-10\">\n\t<td class=\"column-1\">Farbe<\/td><td class=\"column-2\">10 Bit<\/td>\n<\/tr>\n<tr class=\"row-11\">\n\t<td class=\"column-1\">Farbpalette<\/td><td class=\"column-2\">108%<\/td>\n<\/tr>\n<tr class=\"row-12\">\n\t<td class=\"column-1\">Ansprechzeit<\/td><td class=\"column-2\">1 ms (G zu G), 8 ms (MPRT)<\/td>\n<\/tr>\n<tr class=\"row-13\">\n\t<td class=\"column-1\">Lebensdauer (typischer Wert)<\/td><td class=\"column-2\">30.000 H<\/td>\n<\/tr>\n<tr class=\"row-14\">\n\t<td class=\"column-1\">Umfeld<\/td><td class=\"column-2\">Temperatur: 0-40 Grad, Temperatur 10%-80%<\/td>\n<\/tr>\n<tr class=\"row-15\">\n\t<td class=\"column-1\">Schnittstelle<\/td><td class=\"column-2\">Signaleingang: HDM IN X1, USB 2.0 X1, Steuersignaleingang und -ausgang: RS232 (RJ45) serieller Anschluss<\/td>\n<\/tr>\n<tr class=\"row-16\">\n\t<td class=\"column-1\">Bildschirmgr\u00f6\u00dfe<\/td><td class=\"column-2\">Breite \u00d7 H\u00f6he \u00d7 Dicke = 676 \u00d7 387 \u00d7 1,6 mm<\/td>\n<\/tr>\n<tr class=\"row-17\">\n\t<td class=\"column-1\">Rahmen<\/td><td class=\"column-2\">5,9\/5,9\/5,9\/8,1 mm (links\/rechts\/oben\/unten)<\/td>\n<\/tr>\n<tr class=\"row-18\">\n\t<td class=\"column-1\">Stromquelle<\/td><td class=\"column-2\">100-240 V, 50\/60 Hz<\/td>\n<\/tr>\n<tr class=\"row-19\">\n\t<td class=\"column-1\">Energiedissipation<\/td><td class=\"column-2\">108 W<\/td>\n<\/tr>\n<tr class=\"row-20\">\n\t<td class=\"column-1\">Stromversorgungstyp<\/td><td class=\"column-2\">Integriertes Netzteil<\/td>\n<\/tr>\n<\/tbody>\n<\/table>\n\n\t\t<\/div>\n\t\t\t\t\t<\/div>\n\n\t\n<\/div>\n\t\t<\/div>\n\t\t\t\t\t<\/div>\n\n\t\n<\/div>","protected":false},"excerpt":{"rendered":"<p><strong>Transparentes OLED-Display der THI-Serie \u2013 Au\u00dfergew\u00f6hnliche Optik und Leistung<\/strong><\/p>\n<p>DER <strong><em>Transparentes OLED-Display der THI-Serie<\/em><\/strong> Es bietet brillante Farben, hohe Bildwiederholraten und selbstleuchtende Technologie f\u00fcr gestochen scharfe, helle Bilder ohne Hintergrundbeleuchtung. Ideal f\u00fcr moderne Ausstellungsr\u00e4ume., <a href=\"https:\/\/www.telaled.com\/de\/painel-de-led-para-loja\/\">Gesch\u00e4fte<\/a> von Automobilen und Regierungsgeb\u00e4uden.<\/p>\n<p><strong>Haupteigenschaften:<\/strong><\/p>\n<ul>\n<li><strong>Gro\u00dfe Farbpalette:<\/strong> bietet eine gr\u00f6\u00dfere Farbpalette und sorgt so f\u00fcr lebendige und realistische Bilder, selbst in hell erleuchteten Umgebungen.<\/li>\n<li><strong>Selbstbeleuchtung:<\/strong> Im Gegensatz zu herk\u00f6mmlichen Monitoren ist keine Hintergrundbeleuchtung erforderlich, wodurch die Bildsch\u00e4rfe und Transparenz verbessert und ein dynamischeres Seherlebnis erm\u00f6glicht wird.<\/li>\n<li><strong>Leicht und kompakt:<\/strong> Mit einer Dicke von nur 1,6 mm und Abmessungen von 676 x 387 mm l\u00e4sst sich dieser Monitor einfach installieren und passt perfekt in jeden modernen Raum.<\/li>\n<\/ul>\n<p>Wir bieten 24\/7-Fernsupport und 3 Jahre Garantie. Kontaktieren Sie uns f\u00fcr ein individuelles Angebot.<\/p>","protected":false},"featured_media":3149,"template":"","meta":[],"product_brand":[],"product_cat":[40,45],"product_tag":[],"class_list":{"0":"post-3148","1":"product","2":"type-product","3":"status-publish","4":"has-post-thumbnail","6":"product_cat-painel-de-led","7":"product_cat-painel-de-led-transparente","9":"first","10":"instock","11":"shipping-taxable","12":"product-type-simple"},"yoast_head":"<!-- This site is optimized with the Yoast SEO plugin v27.5 - https:\/\/yoast.com\/product\/yoast-seo-wordpress\/ -->\n<title>Tela OLED Transparente S\u00e9rie THI| Resolu\u00e7\u00e3o Ultra-alta e Qualidade de Cor Superior |TELALED<\/title>\n<meta name=\"description\" content=\"O Tela OLED Transparente S\u00e9rie THI apresenta ampla gama de cores, alta taxa de atualiza\u00e7\u00e3o e autoilumina\u00e7\u00e3o para imagens cristalinas. Perfeito para showrooms inteligentes, lojas automotivas e audit\u00f3rios governamentais. Solicite uma solu\u00e7\u00e3o hoje mesmo!\" \/>\n<meta name=\"robots\" content=\"index, follow, max-snippet:-1, max-image-preview:large, max-video-preview:-1\" \/>\n<link rel=\"canonical\" href=\"https:\/\/www.telaled.com\/de\/fabrica\/tela-oled-transparente-serie-thi\/\" \/>\n<meta property=\"og:locale\" content=\"de_DE\" \/>\n<meta property=\"og:type\" content=\"article\" \/>\n<meta property=\"og:title\" content=\"Tela OLED Transparente S\u00e9rie THI| Resolu\u00e7\u00e3o Ultra-alta e Qualidade de Cor Superior |TELALED\" \/>\n<meta property=\"og:description\" content=\"O Tela OLED Transparente S\u00e9rie THI apresenta ampla gama de cores, alta taxa de atualiza\u00e7\u00e3o e autoilumina\u00e7\u00e3o para imagens cristalinas. Perfeito para showrooms inteligentes, lojas automotivas e audit\u00f3rios governamentais. Solicite uma solu\u00e7\u00e3o hoje mesmo!\" \/>\n<meta property=\"og:url\" content=\"https:\/\/www.telaled.com\/de\/fabrica\/tela-oled-transparente-serie-thi\/\" \/>\n<meta property=\"og:site_name\" content=\"TELALED\" \/>\n<meta property=\"article:modified_time\" content=\"2026-01-05T08:37:54+00:00\" \/>\n<meta property=\"og:image\" content=\"https:\/\/www.telaled.com\/wp-content\/uploads\/2025\/08\/Tela-OLED-Transparente-Serie-THI.jpeg\" \/>\n\t<meta property=\"og:image:width\" content=\"500\" \/>\n\t<meta property=\"og:image:height\" content=\"500\" \/>\n\t<meta property=\"og:image:type\" content=\"image\/jpeg\" \/>\n<meta name=\"twitter:card\" content=\"summary_large_image\" \/>\n<meta name=\"twitter:label1\" content=\"Gesch\u00e4tzte Lesezeit\" \/>\n\t<meta name=\"twitter:data1\" content=\"4\u00a0Minuten\" \/>\n<script type=\"application\/ld+json\" class=\"yoast-schema-graph\">{\"@context\":\"https:\\\/\\\/schema.org\",\"@graph\":[{\"@type\":\"WebPage\",\"@id\":\"https:\\\/\\\/www.telaled.com\\\/fabrica\\\/tela-oled-transparente-serie-thi\\\/\",\"url\":\"https:\\\/\\\/www.telaled.com\\\/fabrica\\\/tela-oled-transparente-serie-thi\\\/\",\"name\":\"Tela OLED Transparente S\u00e9rie THI| Resolu\u00e7\u00e3o Ultra-alta e Qualidade de Cor Superior |TELALED\",\"isPartOf\":{\"@id\":\"https:\\\/\\\/www.telaled.com\\\/#website\"},\"primaryImageOfPage\":{\"@id\":\"https:\\\/\\\/www.telaled.com\\\/fabrica\\\/tela-oled-transparente-serie-thi\\\/#primaryimage\"},\"image\":{\"@id\":\"https:\\\/\\\/www.telaled.com\\\/fabrica\\\/tela-oled-transparente-serie-thi\\\/#primaryimage\"},\"thumbnailUrl\":\"https:\\\/\\\/www.telaled.com\\\/wp-content\\\/uploads\\\/2025\\\/08\\\/Tela-OLED-Transparente-Serie-THI.jpeg\",\"datePublished\":\"2025-08-27T00:37:20+00:00\",\"dateModified\":\"2026-01-05T08:37:54+00:00\",\"description\":\"O Tela OLED Transparente S\u00e9rie THI apresenta ampla gama de cores, alta taxa de atualiza\u00e7\u00e3o e autoilumina\u00e7\u00e3o para imagens cristalinas. Perfeito para showrooms inteligentes, lojas automotivas e audit\u00f3rios governamentais. Solicite uma solu\u00e7\u00e3o hoje mesmo!\",\"breadcrumb\":{\"@id\":\"https:\\\/\\\/www.telaled.com\\\/fabrica\\\/tela-oled-transparente-serie-thi\\\/#breadcrumb\"},\"inLanguage\":\"de\",\"potentialAction\":[{\"@type\":\"ReadAction\",\"target\":[\"https:\\\/\\\/www.telaled.com\\\/fabrica\\\/tela-oled-transparente-serie-thi\\\/\"]}]},{\"@type\":\"ImageObject\",\"inLanguage\":\"de\",\"@id\":\"https:\\\/\\\/www.telaled.com\\\/fabrica\\\/tela-oled-transparente-serie-thi\\\/#primaryimage\",\"url\":\"https:\\\/\\\/www.telaled.com\\\/wp-content\\\/uploads\\\/2025\\\/08\\\/Tela-OLED-Transparente-Serie-THI.jpeg\",\"contentUrl\":\"https:\\\/\\\/www.telaled.com\\\/wp-content\\\/uploads\\\/2025\\\/08\\\/Tela-OLED-Transparente-Serie-THI.jpeg\",\"width\":500,\"height\":500,\"caption\":\"Tela-OLED-Transparente-S\u00e9rie-THI\"},{\"@type\":\"BreadcrumbList\",\"@id\":\"https:\\\/\\\/www.telaled.com\\\/fabrica\\\/tela-oled-transparente-serie-thi\\\/#breadcrumb\",\"itemListElement\":[{\"@type\":\"ListItem\",\"position\":1,\"name\":\"Home\",\"item\":\"https:\\\/\\\/www.telaled.com\\\/\"},{\"@type\":\"ListItem\",\"position\":2,\"name\":\"Produtos\",\"item\":\"https:\\\/\\\/www.telaled.com\\\/shop\\\/\"},{\"@type\":\"ListItem\",\"position\":3,\"name\":\"Tela OLED Transparente S\u00e9rie THI\"}]},{\"@type\":\"WebSite\",\"@id\":\"https:\\\/\\\/www.telaled.com\\\/#website\",\"url\":\"https:\\\/\\\/www.telaled.com\\\/\",\"name\":\"TELALED\",\"description\":\"\",\"potentialAction\":[{\"@type\":\"SearchAction\",\"target\":{\"@type\":\"EntryPoint\",\"urlTemplate\":\"https:\\\/\\\/www.telaled.com\\\/?s={search_term_string}\"},\"query-input\":{\"@type\":\"PropertyValueSpecification\",\"valueRequired\":true,\"valueName\":\"search_term_string\"}}],\"inLanguage\":\"de\"}]}<\/script>\n<!-- \/ Yoast SEO plugin. -->","yoast_head_json":{"title":"Transparentes OLED-Display der THI-Serie | Ultrahohe Aufl\u00f6sung und \u00fcberragende Farbqualit\u00e4t | THI","description":"Das transparente OLED-Display der THI-Serie bietet einen gro\u00dfen Farbraum, eine hohe Bildwiederholfrequenz und Selbstbeleuchtung f\u00fcr kristallklare Bilder. Perfekt f\u00fcr elegante Ausstellungsr\u00e4ume, Autoh\u00e4user und Regierungsauditorien. Fordern Sie noch heute eine L\u00f6sung an!","robots":{"index":"index","follow":"follow","max-snippet":"max-snippet:-1","max-image-preview":"max-image-preview:large","max-video-preview":"max-video-preview:-1"},"canonical":"https:\/\/www.telaled.com\/de\/fabrica\/tela-oled-transparente-serie-thi\/","og_locale":"de_DE","og_type":"article","og_title":"Tela OLED Transparente S\u00e9rie THI| Resolu\u00e7\u00e3o Ultra-alta e Qualidade de Cor Superior |TELALED","og_description":"O Tela OLED Transparente S\u00e9rie THI apresenta ampla gama de cores, alta taxa de atualiza\u00e7\u00e3o e autoilumina\u00e7\u00e3o para imagens cristalinas. Perfeito para showrooms inteligentes, lojas automotivas e audit\u00f3rios governamentais. Solicite uma solu\u00e7\u00e3o hoje mesmo!","og_url":"https:\/\/www.telaled.com\/de\/fabrica\/tela-oled-transparente-serie-thi\/","og_site_name":"TELALED","article_modified_time":"2026-01-05T08:37:54+00:00","og_image":[{"width":500,"height":500,"url":"https:\/\/www.telaled.com\/wp-content\/uploads\/2025\/08\/Tela-OLED-Transparente-Serie-THI.jpeg","type":"image\/jpeg"}],"twitter_card":"summary_large_image","twitter_misc":{"Gesch\u00e4tzte Lesezeit":"4\u00a0Minuten"},"schema":{"@context":"https:\/\/schema.org","@graph":[{"@type":"WebPage","@id":"https:\/\/www.telaled.com\/fabrica\/tela-oled-transparente-serie-thi\/","url":"https:\/\/www.telaled.com\/fabrica\/tela-oled-transparente-serie-thi\/","name":"Transparentes OLED-Display der THI-Serie | Ultrahohe Aufl\u00f6sung und \u00fcberragende Farbqualit\u00e4t | THI","isPartOf":{"@id":"https:\/\/www.telaled.com\/#website"},"primaryImageOfPage":{"@id":"https:\/\/www.telaled.com\/fabrica\/tela-oled-transparente-serie-thi\/#primaryimage"},"image":{"@id":"https:\/\/www.telaled.com\/fabrica\/tela-oled-transparente-serie-thi\/#primaryimage"},"thumbnailUrl":"https:\/\/www.telaled.com\/wp-content\/uploads\/2025\/08\/Tela-OLED-Transparente-Serie-THI.jpeg","datePublished":"2025-08-27T00:37:20+00:00","dateModified":"2026-01-05T08:37:54+00:00","description":"Das transparente OLED-Display der THI-Serie bietet einen gro\u00dfen Farbraum, eine hohe Bildwiederholfrequenz und Selbstbeleuchtung f\u00fcr kristallklare Bilder. Perfekt f\u00fcr elegante Ausstellungsr\u00e4ume, Autoh\u00e4user und Regierungsauditorien. Fordern Sie noch heute eine L\u00f6sung an!","breadcrumb":{"@id":"https:\/\/www.telaled.com\/fabrica\/tela-oled-transparente-serie-thi\/#breadcrumb"},"inLanguage":"de","potentialAction":[{"@type":"ReadAction","target":["https:\/\/www.telaled.com\/fabrica\/tela-oled-transparente-serie-thi\/"]}]},{"@type":"ImageObject","inLanguage":"de","@id":"https:\/\/www.telaled.com\/fabrica\/tela-oled-transparente-serie-thi\/#primaryimage","url":"https:\/\/www.telaled.com\/wp-content\/uploads\/2025\/08\/Tela-OLED-Transparente-Serie-THI.jpeg","contentUrl":"https:\/\/www.telaled.com\/wp-content\/uploads\/2025\/08\/Tela-OLED-Transparente-Serie-THI.jpeg","width":500,"height":500,"caption":"Tela-OLED-Transparente-S\u00e9rie-THI"},{"@type":"BreadcrumbList","@id":"https:\/\/www.telaled.com\/fabrica\/tela-oled-transparente-serie-thi\/#breadcrumb","itemListElement":[{"@type":"ListItem","position":1,"name":"Home","item":"https:\/\/www.telaled.com\/"},{"@type":"ListItem","position":2,"name":"Produtos","item":"https:\/\/www.telaled.com\/shop\/"},{"@type":"ListItem","position":3,"name":"Tela OLED Transparente S\u00e9rie THI"}]},{"@type":"WebSite","@id":"https:\/\/www.telaled.com\/#website","url":"https:\/\/www.telaled.com\/","name":"LED-Bildschirm","description":"","potentialAction":[{"@type":"SearchAction","target":{"@type":"EntryPoint","urlTemplate":"https:\/\/www.telaled.com\/?s={search_term_string}"},"query-input":{"@type":"PropertyValueSpecification","valueRequired":true,"valueName":"search_term_string"}}],"inLanguage":"de"}]}},"_links":{"self":[{"href":"https:\/\/www.telaled.com\/de\/wp-json\/wp\/v2\/product\/3148","targetHints":{"allow":["GET"]}}],"collection":[{"href":"https:\/\/www.telaled.com\/de\/wp-json\/wp\/v2\/product"}],"about":[{"href":"https:\/\/www.telaled.com\/de\/wp-json\/wp\/v2\/types\/product"}],"wp:featuredmedia":[{"embeddable":true,"href":"https:\/\/www.telaled.com\/de\/wp-json\/wp\/v2\/media\/3149"}],"wp:attachment":[{"href":"https:\/\/www.telaled.com\/de\/wp-json\/wp\/v2\/media?parent=3148"}],"wp:term":[{"taxonomy":"product_brand","embeddable":true,"href":"https:\/\/www.telaled.com\/de\/wp-json\/wp\/v2\/product_brand?post=3148"},{"taxonomy":"product_cat","embeddable":true,"href":"https:\/\/www.telaled.com\/de\/wp-json\/wp\/v2\/product_cat?post=3148"},{"taxonomy":"product_tag","embeddable":true,"href":"https:\/\/www.telaled.com\/de\/wp-json\/wp\/v2\/product_tag?post=3148"}],"curies":[{"name":"wp","href":"https:\/\/api.w.org\/{rel}","templated":true}]}}