{"id":3034,"date":"2025-08-20T01:33:46","date_gmt":"2025-08-20T01:33:46","guid":{"rendered":"https:\/\/www.telaled.com\/?post_type=product&#038;p=3034"},"modified":"2026-01-05T07:20:02","modified_gmt":"2026-01-05T07:20:02","slug":"painel-de-led-translucido-serie-ttg","status":"publish","type":"product","link":"https:\/\/www.telaled.com\/de\/fabrica\/painel-de-led-translucido-serie-ttg\/","title":{"rendered":"Durchscheinendes LED-Panel der TTG-Serie"},"content":{"rendered":"<div class=\"row\"  id=\"row-2098182734\">\n\n\t<div id=\"col-1968455225\" class=\"col small-12 large-12\"  >\n\t\t\t\t<div class=\"col-inner\"  >\n\t\t\t\n\t\t\t\n<h2>Exklusive Vorteile des transluzenten LED-Panels der TTG-Serie<\/h2>\n<h3><strong>\u00dcberragende Haltbarkeit<\/strong><\/h3>\n<ul>\n<li>Robuste Konstruktion: rahmenlose, aber dennoch verst\u00e4rkte Konstruktion, die Dauerbelastungen standh\u00e4lt.<\/li>\n<li>Langlebige LED-Chips: Ausgelegt f\u00fcr \u00fcber 100.000 Betriebsstunden mit stabiler Helligkeit, wodurch die Austauschh\u00e4ufigkeit reduziert und die Wartungskosten gesenkt werden.<\/li>\n<li>Schutzbeschichtung und versiegelte Module: zus\u00e4tzlicher Schutz vor Staub, Feuchtigkeit und versehentlichem Kontakt, wodurch das Display widerstandsf\u00e4higer f\u00fcr die Installation im Au\u00dfenbereich ist.<\/li>\n<\/ul>\n<h3><strong>Au\u00dfergew\u00f6hnliche Bildqualit\u00e4t<\/strong><\/h3>\n<ul>\n<li>Ultrahohe Helligkeit (bis zu 5.500 Nits): Sorgt f\u00fcr ein klares und scharfes Bild, selbst bei hellem Sonnenlicht oder in hellen Innenr\u00e4umen.<\/li>\n<li>Feine Pixel-Tuning-Optionen (P1.98 \u2013 P15.6): erm\u00f6glicht es Ihnen, die Aufl\u00f6sung an den Betrachtungsabstand anzupassen.<\/li>\n<li>Hohe Bildwiederholrate (\u22653840 Hz): Bietet eine fl\u00fcssige, flimmerfreie Wiedergabe f\u00fcr Grafiken mit schnellen Bewegungen, Live-Streams und hochwertige Videoinhalte.<\/li>\n<\/ul>\n<h3><strong>Vollst\u00e4ndige Anpassungsf\u00e4higkeit<\/strong><\/h3>\n<ul>\n<li>Anpassbare Durchmesser ab 640 mm geben Ihnen die Freiheit, alles zu gestalten, von kompakten Verkaufsr\u00e4umen bis hin zu gro\u00dffl\u00e4chigen Installationen.<\/li>\n<li>Der Pixelabstandsbereich von 1,9 mm bis 16,5 mm erm\u00f6glicht pr\u00e4zise Anpassungen an den Betrachtungsabstand und die Anforderungen an die visuelle Leistung.<\/li>\n<li>Die Unterst\u00fctzung sowohl f\u00fcr Innen- als auch f\u00fcr Au\u00dfenanwendungen macht das Display vielseitig einsetzbar f\u00fcr Einkaufszentren, Ausstellungen, Flugh\u00e4fen und andere Veranstaltungsorte. <a href=\"https:\/\/www.telaled.com\/de\/telao-de-led-para-eventos\/\" data-wplink-edit=\"true\">Veranstaltungen<\/a>.<\/li>\n<\/ul>\n<h3><strong>Umfassende Unterst\u00fctzung<\/strong><\/h3>\n<ul>\n<li>Technischer Fernsupport rund um die Uhr: Greifen Sie jederzeit und \u00fcberall auf die Unterst\u00fctzung von Experten zu.<\/li>\n<li>5% Ersatzteile im Lieferumfang enthalten: Jede Bestellung enth\u00e4lt zus\u00e4tzliche Komponenten, um die Zuverl\u00e4ssigkeit zu erh\u00f6hen und f\u00fcr ein beruhigendes Gef\u00fchl zu sorgen.<\/li>\n<li>3 Jahre erweiterte Garantie: Genie\u00dfen Sie langfristige Konvergenz f\u00fcr bessere Leistung und zuverl\u00e4ssigen Service.<\/li>\n<\/ul>\n<h2>Produktdetails<\/h2>\n<div class=\"row\"  id=\"row-1509732370\">\n\n\t<div id=\"col-1110524409\" class=\"col medium-10 small-12 large-10\"  >\n\t\t\t\t<div class=\"col-inner text-left\"  >\n\t\t\t\n\t\t\t\n<ul>\n<li>Das Design ist vereinfacht und effizient, nimmt nur minimalen Platz ein und gew\u00e4hrleistet eine einfache Wartung. Es erm\u00f6glicht einen schnellen Austausch der Lichtpaneele und senkt so die Wartungskosten erheblich.<\/li>\n<\/ul>\n\t<div class=\"img has-hover x md-x lg-x y md-y lg-y\" id=\"image_1010718524\">\n\t\t\t\t\t\t\t\t<div class=\"img-inner dark\" >\n\t\t\t<img loading=\"lazy\" decoding=\"async\" width=\"749\" height=\"575\" src=\"https:\/\/www.telaled.com\/wp-content\/uploads\/2025\/08\/Dupla-manutencao-dianteira-e-traseira-design-exclusivo.webp\" class=\"attachment-original size-original\" alt=\"Doppelwartung \u2013 exklusives Design vorne und hinten\" srcset=\"https:\/\/www.telaled.com\/wp-content\/uploads\/2025\/08\/Dupla-manutencao-dianteira-e-traseira-design-exclusivo.webp 749w, https:\/\/www.telaled.com\/wp-content\/uploads\/2025\/08\/Dupla-manutencao-dianteira-e-traseira-design-exclusivo-300x230.webp 300w, https:\/\/www.telaled.com\/wp-content\/uploads\/2025\/08\/Dupla-manutencao-dianteira-e-traseira-design-exclusivo-16x12.webp 16w, https:\/\/www.telaled.com\/wp-content\/uploads\/2025\/08\/Dupla-manutencao-dianteira-e-traseira-design-exclusivo-600x461.webp 600w\" sizes=\"auto, (max-width: 749px) 100vw, 749px\" \/>\t\t\t\t\t\t\n\t\t\t\t\t<\/div>\n\t\t\t\t\t\t\t\t\n<style>\n#image_1010718524 {\n  width: 95%;\n}\n<\/style>\n\t<\/div>\n\t\n\t\t<\/div>\n\t\t\t\t\t<\/div>\n\n\t\n\n\t<div id=\"col-1013805568\" class=\"col medium-10 small-12 large-10\"  >\n\t\t\t\t<div class=\"col-inner text-left\"  >\n\t\t\t\n\t\t\t\n<ul>\n<li>Das flexible, modulare Design unterst\u00fctzt verschiedene Installationsmethoden, einschlie\u00dflich der Aufputzmontage. Die anpassbaren Anschlussoptionen erm\u00f6glichen die Anpassung an spezifische Anforderungen, wie z. B. eine gebogene Installation, und erm\u00f6glichen so die Anpassung an komplexe Designs und individuelle Layouts.<\/li>\n<\/ul>\n\t<div class=\"img has-hover x md-x lg-x y md-y lg-y\" id=\"image_954220836\">\n\t\t\t\t\t\t\t\t<div class=\"img-inner dark\" >\n\t\t\t<img loading=\"lazy\" decoding=\"async\" width=\"640\" height=\"430\" src=\"https:\/\/www.telaled.com\/wp-content\/uploads\/2025\/08\/Instalacao-Flexivel.webp\" class=\"attachment-large size-large\" alt=\"\" srcset=\"https:\/\/www.telaled.com\/wp-content\/uploads\/2025\/08\/Instalacao-Flexivel.webp 640w, https:\/\/www.telaled.com\/wp-content\/uploads\/2025\/08\/Instalacao-Flexivel-300x202.webp 300w, https:\/\/www.telaled.com\/wp-content\/uploads\/2025\/08\/Instalacao-Flexivel-18x12.webp 18w, https:\/\/www.telaled.com\/wp-content\/uploads\/2025\/08\/Instalacao-Flexivel-600x403.webp 600w\" sizes=\"auto, (max-width: 640px) 100vw, 640px\" \/>\t\t\t\t\t\t\n\t\t\t\t\t<\/div>\n\t\t\t\t\t\t\t\t\n<style>\n#image_954220836 {\n  width: 95%;\n}\n<\/style>\n\t<\/div>\n\t\n<ul>\n<li>Es liefert scharfe, lebendige Bilder. Dank hoher Aufl\u00f6sung und intensiver Helligkeit werden Bilder und Videos mit satten Farben und verbessertem Kontrast dargestellt. Dies sorgt f\u00fcr ein klares, dynamisches Seherlebnis bei Tag und Nacht.<\/li>\n<\/ul>\n\t<div class=\"img has-hover x md-x lg-x y md-y lg-y\" id=\"image_418179166\">\n\t\t\t\t\t\t\t\t<div class=\"img-inner dark\" >\n\t\t\t<img loading=\"lazy\" decoding=\"async\" width=\"640\" height=\"430\" src=\"https:\/\/www.telaled.com\/wp-content\/uploads\/2025\/08\/Excelente-efeito-visual.webp\" class=\"attachment-large size-large\" alt=\"\" srcset=\"https:\/\/www.telaled.com\/wp-content\/uploads\/2025\/08\/Excelente-efeito-visual.webp 640w, https:\/\/www.telaled.com\/wp-content\/uploads\/2025\/08\/Excelente-efeito-visual-300x202.webp 300w, https:\/\/www.telaled.com\/wp-content\/uploads\/2025\/08\/Excelente-efeito-visual-18x12.webp 18w, https:\/\/www.telaled.com\/wp-content\/uploads\/2025\/08\/Excelente-efeito-visual-600x403.webp 600w\" sizes=\"auto, (max-width: 640px) 100vw, 640px\" \/>\t\t\t\t\t\t\n\t\t\t\t\t<\/div>\n\t\t\t\t\t\t\t\t\n<style>\n#image_418179166 {\n  width: 95%;\n}\n<\/style>\n\t<\/div>\n\t\n\t\t<\/div>\n\t\t\t\t\t<\/div>\n\n\t\n\n\t<div id=\"col-2133225413\" class=\"col medium-10 small-12 large-10\"  >\n\t\t\t\t<div class=\"col-inner text-left\"  >\n\t\t\t\n\t\t\t\n<ul>\n<li>Du <a href=\"https:\/\/www.telaled.com\/de\/?attachment_id=3043\">LED-Anzeigen<\/a> Die Verpackung erfolgt nach Typ und Verwendungszweck. Komplett montierte Einheiten werden \u00fcblicherweise in Holzkisten oder verst\u00e4rkten Kartons versendet, um sie w\u00e4hrend des Transports zu stabilisieren. Zum Schutz vor Hausstaubmilben werden LED-Module oft in verst\u00e4rkten Kartons oder versiegelten Holzrahmen verpackt. Diese Methode erh\u00f6ht die Haltbarkeit beim Transport und die allgemeine Sicherheit.<\/li>\n<\/ul>\n\t<div class=\"img has-hover x md-x lg-x y md-y lg-y\" id=\"image_1258860450\">\n\t\t\t\t\t\t\t\t<div class=\"img-inner dark\" >\n\t\t\t<img loading=\"lazy\" decoding=\"async\" width=\"760\" height=\"1024\" src=\"https:\/\/www.telaled.com\/wp-content\/uploads\/2025\/06\/Embalagem-760x1024.webp\" class=\"attachment-large size-large\" alt=\"Verpackung\" srcset=\"https:\/\/www.telaled.com\/wp-content\/uploads\/2025\/06\/Embalagem-760x1024.webp 760w, https:\/\/www.telaled.com\/wp-content\/uploads\/2025\/06\/Embalagem-223x300.webp 223w, https:\/\/www.telaled.com\/wp-content\/uploads\/2025\/06\/Embalagem-768x1035.webp 768w, https:\/\/www.telaled.com\/wp-content\/uploads\/2025\/06\/Embalagem-9x12.webp 9w, https:\/\/www.telaled.com\/wp-content\/uploads\/2025\/06\/Embalagem-600x808.webp 600w, https:\/\/www.telaled.com\/wp-content\/uploads\/2025\/06\/Embalagem.webp 795w\" sizes=\"auto, (max-width: 760px) 100vw, 760px\" \/>\t\t\t\t\t\t\n\t\t\t\t\t<\/div>\n\t\t\t\t\t\t\t\t\n<style>\n#image_1258860450 {\n  width: 95%;\n}\n<\/style>\n\t<\/div>\n\t\n\t\t<\/div>\n\t\t\t\t\t<\/div>\n\n\t\n<\/div>\n\t\t<\/div>\n\t\t\t\t\t<\/div>\n\n\t\n\n\t<div id=\"col-1260577553\" class=\"col small-12 large-12\"  >\n\t\t\t\t<div class=\"col-inner\"  >\n\t\t\t\n\t\t\t\n<div class=\"row\"  id=\"row-1209952574\">\n\n\t<div id=\"col-433826193\" class=\"col medium-10 small-12 large-10\"  >\n\t\t\t\t<div class=\"col-inner\"  >\n\t\t\t\n\t\t\t\n\n<table id=\"tablepress-64\" class=\"tablepress tablepress-id-64\">\n<thead>\n<tr class=\"row-1\">\n\t<th class=\"column-1\">Produktmodell<\/th><th class=\"column-2\">TTG 1<\/th><th class=\"column-3\">TTG 2<\/th><th class=\"column-4\">TTG 3<\/th><th class=\"column-5\">TTG 5<\/th><th class=\"column-6\">TTG 8<\/th><th class=\"column-7\">TTG 10<\/th><th class=\"column-8\">TTG 15<\/th>\n<\/tr>\n<\/thead>\n<tbody class=\"row-striping row-hover\">\n<tr class=\"row-2\">\n\t<td class=\"column-1\">Pixelabstand (mm)<\/td><td class=\"column-2\">1.9*3.9<\/td><td class=\"column-3\">2.8*5.6<\/td><td class=\"column-4\">3.9*7.8<\/td><td class=\"column-5\">5.2*10.4<\/td><td class=\"column-6\">7.8*7.8<\/td><td class=\"column-7\">10.4*10.4<\/td><td class=\"column-8\">15.625*15.625<\/td>\n<\/tr>\n<tr class=\"row-3\">\n\t<td class=\"column-1\">Pixeldichte (Punkte\/m\u00b2)<\/td><td class=\"column-2\">129,024<\/td><td class=\"column-3\">61,952<\/td><td class=\"column-4\">32,768<\/td><td class=\"column-5\">18,432<\/td><td class=\"column-6\">16,384<\/td><td class=\"column-7\">9,216<\/td><td class=\"column-8\">4,096<\/td>\n<\/tr>\n<tr class=\"row-4\">\n\t<td class=\"column-1\">Modulaufl\u00f6sung (Punkte)<\/td><td class=\"column-2\">252*16<\/td><td class=\"column-3\">176*22<\/td><td class=\"column-4\">128*16<\/td><td class=\"column-5\">96*12<\/td><td class=\"column-6\">64*16<\/td><td class=\"column-7\">48*12<\/td><td class=\"column-8\">32*8<\/td>\n<\/tr>\n<tr class=\"row-5\">\n\t<td class=\"column-1\">Kabinettsbeschluss (Punkte)<\/td><td class=\"column-2\">504*128<\/td><td class=\"column-3\">352*88<\/td><td class=\"column-4\">256*64<\/td><td class=\"column-5\">192*48<\/td><td class=\"column-6\">128*64<\/td><td class=\"column-7\">96*48<\/td><td class=\"column-8\">64*32<\/td>\n<\/tr>\n<tr class=\"row-6\">\n\t<td class=\"column-1\">Transparenz<\/td><td class=\"column-2\">42%<\/td><td class=\"column-3\">45%<\/td><td class=\"column-4\">65%<\/td><td class=\"column-5\">75%<\/td><td class=\"column-6\">65%<\/td><td class=\"column-7\">75%<\/td><td class=\"column-8\">85%<\/td>\n<\/tr>\n<tr class=\"row-7\">\n\t<td class=\"column-1\">Helligkeit (Nits)<\/td><td class=\"column-2\">800~4,500<\/td><td class=\"column-3\">800~5,500<\/td><td class=\"column-4\">800~5,500<\/td><td class=\"column-5\">800~5,500<\/td><td class=\"column-6\">800~5,500<\/td><td class=\"column-7\">800~6,500<\/td><td class=\"column-8\">800~6,500<\/td>\n<\/tr>\n<tr class=\"row-8\">\n\t<td class=\"column-1\">Stromversorgung<\/td><td class=\"column-2\">Wechselstrom 220 V \u00b1 101 TP3T; 50 Hz<\/td><td class=\"column-3\">Wechselstrom 220 V \u00b1 101 TP3T; 50 Hz<\/td><td class=\"column-4\">Wechselstrom 220 V \u00b1 101 TP3T; 50 Hz<\/td><td class=\"column-5\">Wechselstrom 220 V \u00b1 101 TP3T; 50 Hz<\/td><td class=\"column-6\">Wechselstrom 220 V \u00b1 101 TP3T; 50 Hz<\/td><td class=\"column-7\">Wechselstrom 220 V \u00b1 101 TP3T; 50 Hz<\/td><td class=\"column-8\">Wechselstrom 220 V \u00b1 101 TP3T; 50 Hz<\/td>\n<\/tr>\n<tr class=\"row-9\">\n\t<td class=\"column-1\">Energieverbrauch<\/td><td class=\"column-2\">Max.: 800 W\/m\u00b2; Durchschnitt: 260 W\/m\u00b2<\/td><td class=\"column-3\">Max.: 800 W\/m\u00b2; Durchschnitt: 260 W\/m\u00b2<\/td><td class=\"column-4\">Max.: 800 W\/m\u00b2; Durchschnitt: 260 W\/m\u00b2<\/td><td class=\"column-5\">Max.: 800 W\/m\u00b2; Durchschnitt: 260 W\/m\u00b2<\/td><td class=\"column-6\">Max.: 800 W\/m\u00b2; Durchschnitt: 260 W\/m\u00b2<\/td><td class=\"column-7\">Max.: 800 W\/m\u00b2; Durchschnitt: 260 W\/m\u00b2<\/td><td class=\"column-8\">Max.: 800 W\/m\u00b2; Durchschnitt: 260 W\/m\u00b2<\/td>\n<\/tr>\n<tr class=\"row-10\">\n\t<td class=\"column-1\">Bildwiederholrate<\/td><td class=\"column-2\">1920\/3840 Hz<\/td><td class=\"column-3\">1920\/3840 Hz<\/td><td class=\"column-4\">1920\/3840 Hz<\/td><td class=\"column-5\">1920\/3840 Hz<\/td><td class=\"column-6\">1920\/3840 Hz<\/td><td class=\"column-7\">1920\/3840 Hz<\/td><td class=\"column-8\">1920\/3840 Hz<\/td>\n<\/tr>\n<tr class=\"row-11\">\n\t<td class=\"column-1\">Betriebstemperatur<\/td><td class=\"column-2\">-10\u00b0C bis 45\u00b0C<\/td><td class=\"column-3\">-10\u00b0C bis 45\u00b0C<\/td><td class=\"column-4\">-10\u00b0C bis 45\u00b0C<\/td><td class=\"column-5\">-10\u00b0C bis 45\u00b0C<\/td><td class=\"column-6\">-10\u00b0C bis 45\u00b0C<\/td><td class=\"column-7\">-10\u00b0C bis 45\u00b0C<\/td><td class=\"column-8\">-10\u00b0C bis 45\u00b0C<\/td>\n<\/tr>\n<tr class=\"row-12\">\n\t<td class=\"column-1\">Gewicht<\/td><td class=\"column-2\">7kg\/m\u00b2<\/td><td class=\"column-3\">7kg\/m\u00b2<\/td><td class=\"column-4\">7kg\/m\u00b2<\/td><td class=\"column-5\">7kg\/m\u00b2<\/td><td class=\"column-6\">7kg\/m\u00b2<\/td><td class=\"column-7\">7kg\/m\u00b2<\/td><td class=\"column-8\">7kg\/m\u00b2<\/td>\n<\/tr>\n<tr class=\"row-13\">\n\t<td class=\"column-1\">Schrankgr\u00f6\u00dfe<\/td><td class=\"column-2\">1000 x 500 mm<\/td><td class=\"column-3\">1000 x 500 mm<\/td><td class=\"column-4\">1000 x 500 mm<\/td><td class=\"column-5\">1000 x 500 mm<\/td><td class=\"column-6\">1000 x 500 mm<\/td><td class=\"column-7\">1000 x 500 mm<\/td><td class=\"column-8\">1000 x 500 mm<\/td>\n<\/tr>\n<\/tbody>\n<\/table>\n\n\t\t<\/div>\n\t\t\t\t\t<\/div>\n\n\t\n<\/div>\n\t\t<\/div>\n\t\t\t\t\t<\/div>\n\n\t\n<\/div>","protected":false},"excerpt":{"rendered":"<p>Verbessern Sie Ihren Raum mit dem <strong>Durchscheinendes LED-Panel der TTG-Serie<\/strong> | LED-BILDSCHIRM<\/p>\n<p>Unser <strong>Durchscheinendes LED-Panel der TTG-Serie<\/strong> Es vereint Spitzentechnologie mit beispielloser Flexibilit\u00e4t und eignet sich daher perfekt f\u00fcr Gewerbefl\u00e4chen wie Einkaufszentren, Ausstellungen und mehr. Mit individuell anpassbaren Gr\u00f6\u00dfenoptionen und <a href=\"https:\/\/www.telaled.com\/de\/densidade-de-pixels-em-telas-de-led-e-lcd\/\">Pixeldichte<\/a>, Dieses Display erm\u00f6glicht die Integration beeindruckender visueller Elemente bei gleichzeitiger Beibehaltung einer integrierten und offenen \u00c4sthetik.<\/p>\n<p><strong>Haupteigenschaften:<\/strong><\/p>\n<ul>\n<li>Es bietet eine Transparenz von 65% bis 95% und f\u00fcgt sich nahtlos in Ihre Umgebung ein, ohne das nat\u00fcrliche Licht zu blockieren.<\/li>\n<li>W\u00e4hlen Sie aus einer Vielzahl von Pixelgr\u00f6\u00dfen und -dichten, um die spezifischen Anforderungen Ihres Raums zu erf\u00fcllen.<\/li>\n<li>Das faltbare, rahmenlose Design l\u00e4sst sich problemlos an eine Vielzahl von Installationen anpassen und bietet endlose kreative M\u00f6glichkeiten.<\/li>\n<\/ul>\n<p>Erhalten Sie 24\/7-Fernsupport und 3 Jahre Garantie. Kontaktieren Sie uns jetzt f\u00fcr ein individuelles Angebot!<\/p>","protected":false},"featured_media":3042,"template":"","meta":[],"product_brand":[],"product_cat":[44,45],"product_tag":[],"class_list":{"0":"post-3034","1":"product","2":"type-product","3":"status-publish","4":"has-post-thumbnail","6":"product_cat-painel-de-led-flexivel","7":"product_cat-painel-de-led-transparente","9":"first","10":"instock","11":"shipping-taxable","12":"product-type-simple"},"yoast_head":"<!-- This site is optimized with the Yoast SEO plugin v27.5 - https:\/\/yoast.com\/product\/yoast-seo-wordpress\/ -->\n<title>Painel de LED Transl\u00facido da S\u00e9rie TTG | Aumente o Impacto Visual | TELALED<\/title>\n<meta name=\"description\" content=\"Renove seu espa\u00e7o com nosso Painel de LED Transl\u00facido da S\u00e9rie TTG, com alto brilho, at\u00e9 95% de transpar\u00eancia e tamanhos personalizados para visuais comerciais impressionantes. Entre em contato conosco hoje mesmo!\" \/>\n<meta name=\"robots\" content=\"index, follow, max-snippet:-1, max-image-preview:large, max-video-preview:-1\" \/>\n<link rel=\"canonical\" href=\"https:\/\/www.telaled.com\/de\/fabrica\/painel-de-led-translucido-serie-ttg\/\" \/>\n<meta property=\"og:locale\" content=\"de_DE\" \/>\n<meta property=\"og:type\" content=\"article\" \/>\n<meta property=\"og:title\" content=\"Painel de LED Transl\u00facido da S\u00e9rie TTG | Aumente o Impacto Visual | TELALED\" \/>\n<meta property=\"og:description\" content=\"Renove seu espa\u00e7o com nosso Painel de LED Transl\u00facido da S\u00e9rie TTG, com alto brilho, at\u00e9 95% de transpar\u00eancia e tamanhos personalizados para visuais comerciais impressionantes. Entre em contato conosco hoje mesmo!\" \/>\n<meta property=\"og:url\" content=\"https:\/\/www.telaled.com\/de\/fabrica\/painel-de-led-translucido-serie-ttg\/\" \/>\n<meta property=\"og:site_name\" content=\"TELALED\" \/>\n<meta property=\"article:modified_time\" content=\"2026-01-05T07:20:02+00:00\" \/>\n<meta property=\"og:image\" content=\"https:\/\/www.telaled.com\/wp-content\/uploads\/2025\/08\/painel-de-led-translucido-1.webp\" \/>\n\t<meta property=\"og:image:width\" content=\"500\" \/>\n\t<meta property=\"og:image:height\" content=\"500\" \/>\n\t<meta property=\"og:image:type\" content=\"image\/webp\" \/>\n<meta name=\"twitter:card\" content=\"summary_large_image\" \/>\n<meta name=\"twitter:label1\" content=\"Gesch\u00e4tzte Lesezeit\" \/>\n\t<meta name=\"twitter:data1\" content=\"3\u00a0Minuten\" \/>\n<script type=\"application\/ld+json\" class=\"yoast-schema-graph\">{\"@context\":\"https:\\\/\\\/schema.org\",\"@graph\":[{\"@type\":\"WebPage\",\"@id\":\"https:\\\/\\\/www.telaled.com\\\/fabrica\\\/painel-de-led-translucido-serie-ttg\\\/\",\"url\":\"https:\\\/\\\/www.telaled.com\\\/fabrica\\\/painel-de-led-translucido-serie-ttg\\\/\",\"name\":\"Painel de LED Transl\u00facido da S\u00e9rie TTG | Aumente o Impacto Visual | TELALED\",\"isPartOf\":{\"@id\":\"https:\\\/\\\/www.telaled.com\\\/#website\"},\"primaryImageOfPage\":{\"@id\":\"https:\\\/\\\/www.telaled.com\\\/fabrica\\\/painel-de-led-translucido-serie-ttg\\\/#primaryimage\"},\"image\":{\"@id\":\"https:\\\/\\\/www.telaled.com\\\/fabrica\\\/painel-de-led-translucido-serie-ttg\\\/#primaryimage\"},\"thumbnailUrl\":\"https:\\\/\\\/www.telaled.com\\\/wp-content\\\/uploads\\\/2025\\\/08\\\/painel-de-led-translucido-1.webp\",\"datePublished\":\"2025-08-20T01:33:46+00:00\",\"dateModified\":\"2026-01-05T07:20:02+00:00\",\"description\":\"Renove seu espa\u00e7o com nosso Painel de LED Transl\u00facido da S\u00e9rie TTG, com alto brilho, at\u00e9 95% de transpar\u00eancia e tamanhos personalizados para visuais comerciais impressionantes. Entre em contato conosco hoje mesmo!\",\"breadcrumb\":{\"@id\":\"https:\\\/\\\/www.telaled.com\\\/fabrica\\\/painel-de-led-translucido-serie-ttg\\\/#breadcrumb\"},\"inLanguage\":\"de\",\"potentialAction\":[{\"@type\":\"ReadAction\",\"target\":[\"https:\\\/\\\/www.telaled.com\\\/fabrica\\\/painel-de-led-translucido-serie-ttg\\\/\"]}]},{\"@type\":\"ImageObject\",\"inLanguage\":\"de\",\"@id\":\"https:\\\/\\\/www.telaled.com\\\/fabrica\\\/painel-de-led-translucido-serie-ttg\\\/#primaryimage\",\"url\":\"https:\\\/\\\/www.telaled.com\\\/wp-content\\\/uploads\\\/2025\\\/08\\\/painel-de-led-translucido-1.webp\",\"contentUrl\":\"https:\\\/\\\/www.telaled.com\\\/wp-content\\\/uploads\\\/2025\\\/08\\\/painel-de-led-translucido-1.webp\",\"width\":500,\"height\":500,\"caption\":\"painel-de-led-translucido (1)\"},{\"@type\":\"BreadcrumbList\",\"@id\":\"https:\\\/\\\/www.telaled.com\\\/fabrica\\\/painel-de-led-translucido-serie-ttg\\\/#breadcrumb\",\"itemListElement\":[{\"@type\":\"ListItem\",\"position\":1,\"name\":\"Home\",\"item\":\"https:\\\/\\\/www.telaled.com\\\/\"},{\"@type\":\"ListItem\",\"position\":2,\"name\":\"Produtos\",\"item\":\"https:\\\/\\\/www.telaled.com\\\/shop\\\/\"},{\"@type\":\"ListItem\",\"position\":3,\"name\":\"Painel de LED Translucido S\u00e9rie TTG\"}]},{\"@type\":\"WebSite\",\"@id\":\"https:\\\/\\\/www.telaled.com\\\/#website\",\"url\":\"https:\\\/\\\/www.telaled.com\\\/\",\"name\":\"TELALED\",\"description\":\"\",\"potentialAction\":[{\"@type\":\"SearchAction\",\"target\":{\"@type\":\"EntryPoint\",\"urlTemplate\":\"https:\\\/\\\/www.telaled.com\\\/?s={search_term_string}\"},\"query-input\":{\"@type\":\"PropertyValueSpecification\",\"valueRequired\":true,\"valueName\":\"search_term_string\"}}],\"inLanguage\":\"de\"}]}<\/script>\n<!-- \/ Yoast SEO plugin. -->","yoast_head_json":{"title":"Durchscheinendes LED-Panel der TTG-Serie | Erh\u00f6hte visuelle Wirkung | TELALED","description":"Werten Sie Ihren Raum mit unseren transluzenten LED-Displays der TTG-Serie auf. Sie zeichnen sich durch hohe Helligkeit, Transparenz von bis zu 95% und individuelle Gr\u00f6\u00dfen f\u00fcr beeindruckende Werbegrafiken aus. Kontaktieren Sie uns noch heute!","robots":{"index":"index","follow":"follow","max-snippet":"max-snippet:-1","max-image-preview":"max-image-preview:large","max-video-preview":"max-video-preview:-1"},"canonical":"https:\/\/www.telaled.com\/de\/fabrica\/painel-de-led-translucido-serie-ttg\/","og_locale":"de_DE","og_type":"article","og_title":"Painel de LED Transl\u00facido da S\u00e9rie TTG | Aumente o Impacto Visual | TELALED","og_description":"Renove seu espa\u00e7o com nosso Painel de LED Transl\u00facido da S\u00e9rie TTG, com alto brilho, at\u00e9 95% de transpar\u00eancia e tamanhos personalizados para visuais comerciais impressionantes. Entre em contato conosco hoje mesmo!","og_url":"https:\/\/www.telaled.com\/de\/fabrica\/painel-de-led-translucido-serie-ttg\/","og_site_name":"TELALED","article_modified_time":"2026-01-05T07:20:02+00:00","og_image":[{"width":500,"height":500,"url":"https:\/\/www.telaled.com\/wp-content\/uploads\/2025\/08\/painel-de-led-translucido-1.webp","type":"image\/webp"}],"twitter_card":"summary_large_image","twitter_misc":{"Gesch\u00e4tzte Lesezeit":"3\u00a0Minuten"},"schema":{"@context":"https:\/\/schema.org","@graph":[{"@type":"WebPage","@id":"https:\/\/www.telaled.com\/fabrica\/painel-de-led-translucido-serie-ttg\/","url":"https:\/\/www.telaled.com\/fabrica\/painel-de-led-translucido-serie-ttg\/","name":"Durchscheinendes LED-Panel der TTG-Serie | Erh\u00f6hte visuelle Wirkung | TELALED","isPartOf":{"@id":"https:\/\/www.telaled.com\/#website"},"primaryImageOfPage":{"@id":"https:\/\/www.telaled.com\/fabrica\/painel-de-led-translucido-serie-ttg\/#primaryimage"},"image":{"@id":"https:\/\/www.telaled.com\/fabrica\/painel-de-led-translucido-serie-ttg\/#primaryimage"},"thumbnailUrl":"https:\/\/www.telaled.com\/wp-content\/uploads\/2025\/08\/painel-de-led-translucido-1.webp","datePublished":"2025-08-20T01:33:46+00:00","dateModified":"2026-01-05T07:20:02+00:00","description":"Werten Sie Ihren Raum mit unseren transluzenten LED-Displays der TTG-Serie auf. Sie zeichnen sich durch hohe Helligkeit, Transparenz von bis zu 95% und individuelle Gr\u00f6\u00dfen f\u00fcr beeindruckende Werbegrafiken aus. Kontaktieren Sie uns noch heute!","breadcrumb":{"@id":"https:\/\/www.telaled.com\/fabrica\/painel-de-led-translucido-serie-ttg\/#breadcrumb"},"inLanguage":"de","potentialAction":[{"@type":"ReadAction","target":["https:\/\/www.telaled.com\/fabrica\/painel-de-led-translucido-serie-ttg\/"]}]},{"@type":"ImageObject","inLanguage":"de","@id":"https:\/\/www.telaled.com\/fabrica\/painel-de-led-translucido-serie-ttg\/#primaryimage","url":"https:\/\/www.telaled.com\/wp-content\/uploads\/2025\/08\/painel-de-led-translucido-1.webp","contentUrl":"https:\/\/www.telaled.com\/wp-content\/uploads\/2025\/08\/painel-de-led-translucido-1.webp","width":500,"height":500,"caption":"painel-de-led-translucido (1)"},{"@type":"BreadcrumbList","@id":"https:\/\/www.telaled.com\/fabrica\/painel-de-led-translucido-serie-ttg\/#breadcrumb","itemListElement":[{"@type":"ListItem","position":1,"name":"Home","item":"https:\/\/www.telaled.com\/"},{"@type":"ListItem","position":2,"name":"Produtos","item":"https:\/\/www.telaled.com\/shop\/"},{"@type":"ListItem","position":3,"name":"Painel de LED Translucido S\u00e9rie TTG"}]},{"@type":"WebSite","@id":"https:\/\/www.telaled.com\/#website","url":"https:\/\/www.telaled.com\/","name":"LED-Bildschirm","description":"","potentialAction":[{"@type":"SearchAction","target":{"@type":"EntryPoint","urlTemplate":"https:\/\/www.telaled.com\/?s={search_term_string}"},"query-input":{"@type":"PropertyValueSpecification","valueRequired":true,"valueName":"search_term_string"}}],"inLanguage":"de"}]}},"_links":{"self":[{"href":"https:\/\/www.telaled.com\/de\/wp-json\/wp\/v2\/product\/3034","targetHints":{"allow":["GET"]}}],"collection":[{"href":"https:\/\/www.telaled.com\/de\/wp-json\/wp\/v2\/product"}],"about":[{"href":"https:\/\/www.telaled.com\/de\/wp-json\/wp\/v2\/types\/product"}],"wp:featuredmedia":[{"embeddable":true,"href":"https:\/\/www.telaled.com\/de\/wp-json\/wp\/v2\/media\/3042"}],"wp:attachment":[{"href":"https:\/\/www.telaled.com\/de\/wp-json\/wp\/v2\/media?parent=3034"}],"wp:term":[{"taxonomy":"product_brand","embeddable":true,"href":"https:\/\/www.telaled.com\/de\/wp-json\/wp\/v2\/product_brand?post=3034"},{"taxonomy":"product_cat","embeddable":true,"href":"https:\/\/www.telaled.com\/de\/wp-json\/wp\/v2\/product_cat?post=3034"},{"taxonomy":"product_tag","embeddable":true,"href":"https:\/\/www.telaled.com\/de\/wp-json\/wp\/v2\/product_tag?post=3034"}],"curies":[{"name":"wp","href":"https:\/\/api.w.org\/{rel}","templated":true}]}}