{"id":3005,"date":"2025-08-18T02:14:21","date_gmt":"2025-08-18T02:14:21","guid":{"rendered":"https:\/\/www.telaled.com\/?post_type=product&#038;p=3005"},"modified":"2026-01-05T06:56:17","modified_gmt":"2026-01-05T06:56:17","slug":"painel-de-led-cilindrico-transparente-serie-ttf","status":"publish","type":"product","link":"https:\/\/www.telaled.com\/de\/fabrica\/painel-de-led-cilindrico-transparente-serie-ttf\/","title":{"rendered":"Transparentes zylindrisches LED-Panel der TTF-Serie"},"content":{"rendered":"<div class=\"row\"  id=\"row-1970439103\">\n\n\t<div id=\"col-2123450460\" class=\"col small-12 large-12\"  >\n\t\t\t\t<div class=\"col-inner\"  >\n\t\t\t\n\t\t\t\n<h2>Einzigartige Vorteile des transparenten zylindrischen LED-Panels der TTF-Serie<\/h2>\n<h3><strong>\u00dcberragende Haltbarkeit<\/strong><\/h3>\n<ul>\n<li>Verst\u00e4rkte zylindrische Struktur: verhindert ein Verbiegen und h\u00e4lt den Bildschirm bei l\u00e4ngerem Gebrauch stabil.<\/li>\n<li>Hochwertige LED-Module: Behalten Helligkeit und Klarheit auch im Dauerbetrieb.<\/li>\n<li>Benutzerdefinierte Designoptionen: Erm\u00f6glicht Gr\u00f6\u00dfenflexibilit\u00e4t bei gleichzeitiger Wahrung der strukturellen Festigkeit.<\/li>\n<\/ul>\n<h3><strong>Au\u00dfergew\u00f6hnliche Bildqualit\u00e4t<\/strong><\/h3>\n<ul>\n<li>Die Optionen f\u00fcr einen feinen Pixelabstand (1,9 mm bis 15,6 mm) bieten scharfe, detailreiche Bilder, die sich sowohl f\u00fcr die Nahansicht als auch f\u00fcr gro\u00dffl\u00e4chige Bildschirme eignen.<\/li>\n<li>360\u00b0-Rundumdesign: Sorgt daf\u00fcr, dass das Publikum aus jedem Winkel scharfe, lebendige Bilder sieht.<\/li>\n<li>Hohe Transparenz: Erm\u00f6glicht die Integration von Licht und Hintergrund und erzeugt lebendige Inhalte, ohne die nat\u00fcrliche Sicht zu blockieren.<\/li>\n<\/ul>\n<h3><strong>Vollst\u00e4ndige Anpassungsf\u00e4higkeit<\/strong><\/h3>\n<ul>\n<li>Anpassbare Durchmesser ab 640 mm geben Ihnen die Freiheit, alles zu gestalten, von kompakten Verkaufsr\u00e4umen bis hin zu gro\u00dffl\u00e4chigen Installationen.<\/li>\n<li>Die Bandbreite von <a href=\"https:\/\/www.telaled.com\/de\/pixel-pitch\/\">Pixelabstand<\/a> Von 1,9 mm bis 16,5 mm erm\u00f6glicht es pr\u00e4zise Anpassungen an den Betrachtungsabstand und die Anforderungen an die visuelle Leistungsf\u00e4higkeit.<\/li>\n<li>Die Unterst\u00fctzung sowohl f\u00fcr Innen- als auch f\u00fcr Au\u00dfenanwendungen macht das Display vielseitig einsetzbar f\u00fcr Einkaufszentren, Ausstellungen, Flugh\u00e4fen und andere Veranstaltungsorte. <a href=\"https:\/\/www.telaled.com\/de\/painel-de-led-para-eventos\/\">Veranstaltungen<\/a>.<\/li>\n<\/ul>\n<h3><strong>Umfassende Unterst\u00fctzung<\/strong><\/h3>\n<ul>\n<li>Technischer Fernsupport rund um die Uhr: Greifen Sie jederzeit und \u00fcberall auf die Unterst\u00fctzung von Experten zu.<\/li>\n<li>5% Ersatzteile im Lieferumfang enthalten: Jede Bestellung enth\u00e4lt zus\u00e4tzliche Komponenten, um die Zuverl\u00e4ssigkeit zu erh\u00f6hen und f\u00fcr ein beruhigendes Gef\u00fchl zu sorgen.<\/li>\n<li>3 Jahre erweiterte Garantie: Genie\u00dfen Sie langfristige Konvergenz f\u00fcr bessere Leistung und zuverl\u00e4ssigen Service.<\/li>\n<\/ul>\n<h2>Produktdetails<\/h2>\n<div class=\"row\"  id=\"row-2023326752\">\n\n\t<div id=\"col-1130865704\" class=\"col medium-10 small-12 large-10\"  >\n\t\t\t\t<div class=\"col-inner text-left\"  >\n\t\t\t\n\t\t\t\n<ul>\n<li>Es verf\u00fcgt \u00fcber ein fortschrittliches Steuerungssystem, das die Videoverwaltung per Fernzugriff und vor Ort erm\u00f6glicht. \u00dcber eine intuitive Plattform k\u00f6nnen Sie Inhalte auf mehrere Displays hochladen und verwalten, die Wiedergabe planen und eine zuverl\u00e4ssige Leistung gew\u00e4hrleisten. Die stabilen Steuerungsfunktionen sorgen f\u00fcr ein sicheres Gef\u00fchl, w\u00e4hrend die 360\u00b0-Sicht f\u00fcr eine starke Zuschauerbeteiligung sorgt.<\/li>\n<\/ul>\n\t<div class=\"img has-hover x md-x lg-x y md-y lg-y\" id=\"image_1489826974\">\n\t\t\t\t\t\t\t\t<div class=\"img-inner dark\" >\n\t\t\t<img loading=\"lazy\" decoding=\"async\" width=\"634\" height=\"332\" src=\"https:\/\/www.telaled.com\/wp-content\/uploads\/2025\/08\/Sistema-de-controle-inteligente.webp\" class=\"attachment-original size-original\" alt=\"Intelligentes Steuerungssystem\" srcset=\"https:\/\/www.telaled.com\/wp-content\/uploads\/2025\/08\/Sistema-de-controle-inteligente.webp 634w, https:\/\/www.telaled.com\/wp-content\/uploads\/2025\/08\/Sistema-de-controle-inteligente-300x157.webp 300w, https:\/\/www.telaled.com\/wp-content\/uploads\/2025\/08\/Sistema-de-controle-inteligente-18x9.webp 18w, https:\/\/www.telaled.com\/wp-content\/uploads\/2025\/08\/Sistema-de-controle-inteligente-600x314.webp 600w\" sizes=\"auto, (max-width: 634px) 100vw, 634px\" \/>\t\t\t\t\t\t\n\t\t\t\t\t<\/div>\n\t\t\t\t\t\t\t\t\n<style>\n#image_1489826974 {\n  width: 95%;\n}\n<\/style>\n\t<\/div>\n\t\n\t\t<\/div>\n\t\t\t\t\t<\/div>\n\n\t\n\n\t<div id=\"col-265016824\" class=\"col medium-10 small-12 large-10\"  >\n\t\t\t\t<div class=\"col-inner text-left\"  >\n\t\t\t\n\t\t\t\n<ul>\n<li>Es verf\u00fcgt \u00fcber ein flexibles Moduldesign, das es f\u00fcr kreative, kreisf\u00f6rmige Anzeigekonfigurationen geeignet macht. Seine flexible und dennoch robuste Struktur erm\u00f6glicht glatte, fl\u00fcssige Bildschirmformate, die sich an verschiedene Layouts anpassen.<\/li>\n<\/ul>\n\t<div class=\"img has-hover x md-x lg-x y md-y lg-y\" id=\"image_200574182\">\n\t\t\t\t\t\t\t\t<div class=\"img-inner dark\" >\n\t\t\t<img loading=\"lazy\" decoding=\"async\" width=\"640\" height=\"430\" src=\"https:\/\/www.telaled.com\/wp-content\/uploads\/2025\/08\/Modulo-de-exibicao-inovador.webp\" class=\"attachment-large size-large\" alt=\"Innovatives Anzeigemodul\" srcset=\"https:\/\/www.telaled.com\/wp-content\/uploads\/2025\/08\/Modulo-de-exibicao-inovador.webp 640w, https:\/\/www.telaled.com\/wp-content\/uploads\/2025\/08\/Modulo-de-exibicao-inovador-300x202.webp 300w, https:\/\/www.telaled.com\/wp-content\/uploads\/2025\/08\/Modulo-de-exibicao-inovador-18x12.webp 18w, https:\/\/www.telaled.com\/wp-content\/uploads\/2025\/08\/Modulo-de-exibicao-inovador-600x403.webp 600w\" sizes=\"auto, (max-width: 640px) 100vw, 640px\" \/>\t\t\t\t\t\t\n\t\t\t\t\t<\/div>\n\t\t\t\t\t\t\t\t\n<style>\n#image_200574182 {\n  width: 95%;\n}\n<\/style>\n\t<\/div>\n\t\n<ul>\n<li>Es bietet ein 360-Grad-Panorama-Display, das aus jedem Winkel die Aufmerksamkeit auf sich zieht. Der ultrafeine Pixelabstand von 1,9 mm sorgt f\u00fcr gestochen scharfe, hochaufl\u00f6sende Bilder und eignet sich ideal f\u00fcr die Schaffung immersiver Umgebungen.<\/li>\n<\/ul>\n\t<div class=\"img has-hover x md-x lg-x y md-y lg-y\" id=\"image_899560661\">\n\t\t\t\t\t\t\t\t<div class=\"img-inner dark\" >\n\t\t\t<img loading=\"lazy\" decoding=\"async\" width=\"638\" height=\"322\" src=\"https:\/\/www.telaled.com\/wp-content\/uploads\/2025\/08\/Tela-de-visualizacao-completa-de-360\u00b0.webp\" class=\"attachment-large size-large\" alt=\"\" srcset=\"https:\/\/www.telaled.com\/wp-content\/uploads\/2025\/08\/Tela-de-visualizacao-completa-de-360\u00b0.webp 638w, https:\/\/www.telaled.com\/wp-content\/uploads\/2025\/08\/Tela-de-visualizacao-completa-de-360\u00b0-300x151.webp 300w, https:\/\/www.telaled.com\/wp-content\/uploads\/2025\/08\/Tela-de-visualizacao-completa-de-360\u00b0-18x9.webp 18w, https:\/\/www.telaled.com\/wp-content\/uploads\/2025\/08\/Tela-de-visualizacao-completa-de-360\u00b0-600x303.webp 600w\" sizes=\"auto, (max-width: 638px) 100vw, 638px\" \/>\t\t\t\t\t\t\n\t\t\t\t\t<\/div>\n\t\t\t\t\t\t\t\t\n<style>\n#image_899560661 {\n  width: 95%;\n}\n<\/style>\n\t<\/div>\n\t\n\t\t<\/div>\n\t\t\t\t\t<\/div>\n\n\t\n\n\t<div id=\"col-696858588\" class=\"col medium-10 small-12 large-10\"  >\n\t\t\t\t<div class=\"col-inner text-left\"  >\n\t\t\t\n\t\t\t\n<ul>\n<li>Du <a href=\"https:\/\/www.telaled.com\/de\/?attachment_id=3025\">LED-Anzeigen<\/a> Die Verpackung erfolgt nach Typ und Verwendungszweck. Komplett montierte Einheiten werden \u00fcblicherweise in Holzkisten oder verst\u00e4rkten Kartons versendet, um sie w\u00e4hrend des Transports zu stabilisieren. Zum Schutz vor Hausstaubmilben werden LED-Module oft in verst\u00e4rkten Kartons oder versiegelten Holzrahmen verpackt. Diese Methode erh\u00f6ht die Haltbarkeit beim Transport und die allgemeine Sicherheit.<\/li>\n<\/ul>\n\t<div class=\"img has-hover x md-x lg-x y md-y lg-y\" id=\"image_1628263502\">\n\t\t\t\t\t\t\t\t<div class=\"img-inner dark\" >\n\t\t\t<img loading=\"lazy\" decoding=\"async\" width=\"760\" height=\"1024\" src=\"https:\/\/www.telaled.com\/wp-content\/uploads\/2025\/06\/Embalagem-760x1024.webp\" class=\"attachment-large size-large\" alt=\"Verpackung\" srcset=\"https:\/\/www.telaled.com\/wp-content\/uploads\/2025\/06\/Embalagem-760x1024.webp 760w, https:\/\/www.telaled.com\/wp-content\/uploads\/2025\/06\/Embalagem-223x300.webp 223w, https:\/\/www.telaled.com\/wp-content\/uploads\/2025\/06\/Embalagem-768x1035.webp 768w, https:\/\/www.telaled.com\/wp-content\/uploads\/2025\/06\/Embalagem-9x12.webp 9w, https:\/\/www.telaled.com\/wp-content\/uploads\/2025\/06\/Embalagem-600x808.webp 600w, https:\/\/www.telaled.com\/wp-content\/uploads\/2025\/06\/Embalagem.webp 795w\" sizes=\"auto, (max-width: 760px) 100vw, 760px\" \/>\t\t\t\t\t\t\n\t\t\t\t\t<\/div>\n\t\t\t\t\t\t\t\t\n<style>\n#image_1628263502 {\n  width: 95%;\n}\n<\/style>\n\t<\/div>\n\t\n\t\t<\/div>\n\t\t\t\t\t<\/div>\n\n\t\n<\/div>\n\t\t<\/div>\n\t\t\t\t\t<\/div>\n\n\t\n\n\t<div id=\"col-818401734\" class=\"col small-12 large-12\"  >\n\t\t\t\t<div class=\"col-inner\"  >\n\t\t\t\n\t\t\t\n<div class=\"row\"  id=\"row-1486508600\">\n\n\t<div id=\"col-28928595\" class=\"col medium-10 small-12 large-10\"  >\n\t\t\t\t<div class=\"col-inner\"  >\n\t\t\t\n\t\t\t\n\n<table id=\"tablepress-63\" class=\"tablepress tablepress-id-63\">\n<thead>\n<tr class=\"row-1\">\n\t<th class=\"column-1\">Produktmodell<\/th><th class=\"column-2\">TTF 1<\/th><th class=\"column-3\">TTF 2<\/th><th class=\"column-4\">TTF 3<\/th><th class=\"column-5\">TTF 5<\/th><th class=\"column-6\">TTF 8<\/th><th class=\"column-7\">TTF 10<\/th><th class=\"column-8\">TTF 15<\/th>\n<\/tr>\n<\/thead>\n<tbody class=\"row-striping row-hover\">\n<tr class=\"row-2\">\n\t<td class=\"column-1\">Pixelabstand (mm)<\/td><td class=\"column-2\">1.9*3.9<\/td><td class=\"column-3\">2.8*5.6<\/td><td class=\"column-4\">3.9*7.8<\/td><td class=\"column-5\">5.2*10.4<\/td><td class=\"column-6\">7.8*7.8<\/td><td class=\"column-7\">10.4*10.4<\/td><td class=\"column-8\">15.625*15.625<\/td>\n<\/tr>\n<tr class=\"row-3\">\n\t<td class=\"column-1\">Pixeldichte (Punkte\/m\u00b2)<\/td><td class=\"column-2\">129,024<\/td><td class=\"column-3\">61,952<\/td><td class=\"column-4\">32,768<\/td><td class=\"column-5\">18,432<\/td><td class=\"column-6\">16,384<\/td><td class=\"column-7\">9,216<\/td><td class=\"column-8\">4,096<\/td>\n<\/tr>\n<tr class=\"row-4\">\n\t<td class=\"column-1\">Modulaufl\u00f6sung (Punkte)<\/td><td class=\"column-2\">252*16<\/td><td class=\"column-3\">176*22<\/td><td class=\"column-4\">128*16<\/td><td class=\"column-5\">96*12<\/td><td class=\"column-6\">64*16<\/td><td class=\"column-7\">48*12<\/td><td class=\"column-8\">32*8<\/td>\n<\/tr>\n<tr class=\"row-5\">\n\t<td class=\"column-1\">Kabinettsbeschluss (Punkte)<\/td><td class=\"column-2\">504*128<\/td><td class=\"column-3\">352*88<\/td><td class=\"column-4\">256*64<\/td><td class=\"column-5\">192*48<\/td><td class=\"column-6\">128*64<\/td><td class=\"column-7\">96*48<\/td><td class=\"column-8\">64*32<\/td>\n<\/tr>\n<tr class=\"row-6\">\n\t<td class=\"column-1\">Transparenz<\/td><td class=\"column-2\">42%<\/td><td class=\"column-3\">45%<\/td><td class=\"column-4\">65%<\/td><td class=\"column-5\">75%<\/td><td class=\"column-6\">65%<\/td><td class=\"column-7\">75%<\/td><td class=\"column-8\">85%<\/td>\n<\/tr>\n<tr class=\"row-7\">\n\t<td class=\"column-1\">Helligkeit (Nits)<\/td><td class=\"column-2\">800~4,500<\/td><td class=\"column-3\">800~5,500<\/td><td class=\"column-4\">800~5,500<\/td><td class=\"column-5\">800~5,500<\/td><td class=\"column-6\">800~5,500<\/td><td class=\"column-7\">800~6,500<\/td><td class=\"column-8\">800~6,500<\/td>\n<\/tr>\n<tr class=\"row-8\">\n\t<td class=\"column-1\">Stromversorgung<\/td><td class=\"column-2\">220 V \u00b1 101 TP3T; AC 50 Hz<\/td><td class=\"column-3\">220 V \u00b1 101 TP3T; AC 50 Hz<\/td><td class=\"column-4\">220 V \u00b1 101 TP3T; AC 50 Hz<\/td><td class=\"column-5\">220 V \u00b1 101 TP3T; AC 50 Hz<\/td><td class=\"column-6\">220 V \u00b1 101 TP3T; AC 50 Hz<\/td><td class=\"column-7\">220 V \u00b1 101 TP3T; AC 50 Hz<\/td><td class=\"column-8\">220 V \u00b1 101 TP3T; AC 50 Hz<\/td>\n<\/tr>\n<tr class=\"row-9\">\n\t<td class=\"column-1\">Energieverbrauch<\/td><td class=\"column-2\">Max.: 800 W\/m\u00b2<\/td><td class=\"column-3\">Max.: 800 W\/m\u00b2<\/td><td class=\"column-4\">Max.: 800 W\/m\u00b2<\/td><td class=\"column-5\">Max.: 800 W\/m\u00b2<\/td><td class=\"column-6\">Max.: 800 W\/m\u00b2<\/td><td class=\"column-7\">Max.: 800 W\/m\u00b2<\/td><td class=\"column-8\">Max.: 800 W\/m\u00b2<\/td>\n<\/tr>\n<tr class=\"row-10\">\n\t<td class=\"column-1\">Bildwiederholrate<\/td><td class=\"column-2\">1.920\/3.840 Hz<\/td><td class=\"column-3\">1.920\/3.840 Hz<\/td><td class=\"column-4\">1.920\/3.840 Hz<\/td><td class=\"column-5\">1.920\/3.840 Hz<\/td><td class=\"column-6\">1.920\/3.840 Hz<\/td><td class=\"column-7\">1.920\/3.840 Hz<\/td><td class=\"column-8\">1.920\/3.840 Hz<\/td>\n<\/tr>\n<tr class=\"row-11\">\n\t<td class=\"column-1\">Betriebstemperatur<\/td><td class=\"column-2\">-10\u00b0C bis 45\u00b0C<\/td><td class=\"column-3\">-10\u00b0C bis 45\u00b0C<\/td><td class=\"column-4\">-10\u00b0C bis 45\u00b0C<\/td><td class=\"column-5\">-10\u00b0C bis 45\u00b0C<\/td><td class=\"column-6\">-10\u00b0C bis 45\u00b0C<\/td><td class=\"column-7\">-10\u00b0C bis 45\u00b0C<\/td><td class=\"column-8\">-10\u00b0C bis 45\u00b0C<\/td>\n<\/tr>\n<tr class=\"row-12\">\n\t<td class=\"column-1\">Gewicht<\/td><td class=\"column-2\">7kg\/m\u00b2<\/td><td class=\"column-3\">7kg\/m\u00b2<\/td><td class=\"column-4\">7kg\/m\u00b2<\/td><td class=\"column-5\">7kg\/m\u00b2<\/td><td class=\"column-6\">7kg\/m\u00b2<\/td><td class=\"column-7\">7kg\/m\u00b2<\/td><td class=\"column-8\">7kg\/m\u00b2<\/td>\n<\/tr>\n<tr class=\"row-13\">\n\t<td class=\"column-1\">Durchmesser<\/td><td class=\"column-2\">Min: 640 mm<\/td><td class=\"column-3\">Min: 640 mm<\/td><td class=\"column-4\">Min: 640 mm<\/td><td class=\"column-5\">Min: 640 mm<\/td><td class=\"column-6\">Min: 640 mm<\/td><td class=\"column-7\">Min: 640 mm<\/td><td class=\"column-8\">Min: 640 mm<\/td>\n<\/tr>\n<\/tbody>\n<\/table>\n\n\t\t<\/div>\n\t\t\t\t\t<\/div>\n\n\t\n<\/div>\n\t\t<\/div>\n\t\t\t\t\t<\/div>\n\n\t\n<\/div>","protected":false},"excerpt":{"rendered":"<p><strong>Kundenspezifisches transparentes zylindrisches LED-Panel der TTF-Serie<\/strong><\/p>\n<p>Bietet 360-Grad-Sichtbarkeit bei flexiblen Pixelabst\u00e4nden. Entwickelt mit<strong><a href=\"https:\/\/www.telaled.com\/de\/painel-de-led-transparente-2\/\"> transparentes LED-Panel<\/a> individuell angepasst<\/strong>, dieses Panel ist ideal f\u00fcr Innen- und Au\u00dfenprojekte, mit Optionen f\u00fcr <strong>transparentes LED-Rohrpanel<\/strong>Es wurde mit der richtigen Gr\u00f6\u00dfe und Kompatibilit\u00e4t f\u00fcr den Innen- und Au\u00dfenbereich entwickelt und ist Teil unserer Serie individuell anpassbarer transparenter r\u00f6hrenf\u00f6rmiger LED-Bildschirme.<\/p>\n<p><strong>Haupteigenschaften:<\/strong><\/p>\n<ul>\n<li><strong>Kulinarische Rundumsicht:<\/strong> Von allen Seiten sichtbar, ideal f\u00fcr Atrien, Ausstellungen und B\u00fchneninstallationen.<\/li>\n<li><strong>Flexible Pixelabst\u00e4nde:<\/strong> Es unterst\u00fctzt hochaufl\u00f6sende Bildschirme mit geringen Betrachtungsabst\u00e4nden f\u00fcr Nahaufnahmen und gr\u00f6\u00dferen Betrachtungsabst\u00e4nden f\u00fcr gro\u00dfe R\u00e4ume.<\/li>\n<li><strong>Leichte, transparente R\u00f6hrenkonstruktion:<\/strong> Es vereinfacht die Installation und gew\u00e4hrleistet gleichzeitig hohe Helligkeit und Stabilit\u00e4t im Innen- und Au\u00dfenbereich.<\/li>\n<\/ul>\n<p>Wir bieten 24\/7-Fernsupport und 3 Jahre Garantie. Kontaktieren Sie uns noch heute f\u00fcr ein individuelles Angebot.<\/p>","protected":false},"featured_media":3019,"template":"","meta":[],"product_brand":[],"product_cat":[48,44,45],"product_tag":[],"class_list":{"0":"post-3005","1":"product","2":"type-product","3":"status-publish","4":"has-post-thumbnail","6":"product_cat-paineis-personalizados","7":"product_cat-painel-de-led-flexivel","8":"product_cat-painel-de-led-transparente","10":"first","11":"instock","12":"shipping-taxable","13":"product-type-simple"},"yoast_head":"<!-- This site is optimized with the Yoast SEO plugin v27.5 - https:\/\/yoast.com\/product\/yoast-seo-wordpress\/ -->\n<title>Painel de LED Cil\u00edndrico Transparente S\u00e9rie TTF | Tela de LED 360\u00b0 para Exibi\u00e7\u00e3o Interna e Externa |TELALED<\/title>\n<meta name=\"description\" content=\"Explore nosso Painel de LED Cil\u00edndrico Transparente S\u00e9rie TTF - uma tela de LED cil\u00edndrica personaliz\u00e1vel com visibilidade de 360\u00b0, molduras flex\u00edveis e diferentes dist\u00e2ncias entre pixels. Solicite um or\u00e7amento agora mesmo!\" \/>\n<meta name=\"robots\" content=\"index, follow, max-snippet:-1, max-image-preview:large, max-video-preview:-1\" \/>\n<link rel=\"canonical\" href=\"https:\/\/www.telaled.com\/de\/fabrica\/painel-de-led-cilindrico-transparente-serie-ttf\/\" \/>\n<meta property=\"og:locale\" content=\"de_DE\" \/>\n<meta property=\"og:type\" content=\"article\" \/>\n<meta property=\"og:title\" content=\"Painel de LED Cil\u00edndrico Transparente S\u00e9rie TTF | Tela de LED 360\u00b0 para Exibi\u00e7\u00e3o Interna e Externa |TELALED\" \/>\n<meta property=\"og:description\" content=\"Explore nosso Painel de LED Cil\u00edndrico Transparente S\u00e9rie TTF - uma tela de LED cil\u00edndrica personaliz\u00e1vel com visibilidade de 360\u00b0, molduras flex\u00edveis e diferentes dist\u00e2ncias entre pixels. Solicite um or\u00e7amento agora mesmo!\" \/>\n<meta property=\"og:url\" content=\"https:\/\/www.telaled.com\/de\/fabrica\/painel-de-led-cilindrico-transparente-serie-ttf\/\" \/>\n<meta property=\"og:site_name\" content=\"TELALED\" \/>\n<meta property=\"article:modified_time\" content=\"2026-01-05T06:56:17+00:00\" \/>\n<meta property=\"og:image\" content=\"https:\/\/www.telaled.com\/wp-content\/uploads\/2025\/08\/painel-de-led-cilindrico-transparente.webp\" \/>\n\t<meta property=\"og:image:width\" content=\"500\" \/>\n\t<meta property=\"og:image:height\" content=\"500\" \/>\n\t<meta property=\"og:image:type\" content=\"image\/webp\" \/>\n<meta name=\"twitter:card\" content=\"summary_large_image\" \/>\n<meta name=\"twitter:label1\" content=\"Gesch\u00e4tzte Lesezeit\" \/>\n\t<meta name=\"twitter:data1\" content=\"3\u00a0Minuten\" \/>\n<script type=\"application\/ld+json\" class=\"yoast-schema-graph\">{\"@context\":\"https:\\\/\\\/schema.org\",\"@graph\":[{\"@type\":\"WebPage\",\"@id\":\"https:\\\/\\\/www.telaled.com\\\/fabrica\\\/painel-de-led-cilindrico-transparente-serie-ttf\\\/\",\"url\":\"https:\\\/\\\/www.telaled.com\\\/fabrica\\\/painel-de-led-cilindrico-transparente-serie-ttf\\\/\",\"name\":\"Painel de LED Cil\u00edndrico Transparente S\u00e9rie TTF | Tela de LED 360\u00b0 para Exibi\u00e7\u00e3o Interna e Externa |TELALED\",\"isPartOf\":{\"@id\":\"https:\\\/\\\/www.telaled.com\\\/#website\"},\"primaryImageOfPage\":{\"@id\":\"https:\\\/\\\/www.telaled.com\\\/fabrica\\\/painel-de-led-cilindrico-transparente-serie-ttf\\\/#primaryimage\"},\"image\":{\"@id\":\"https:\\\/\\\/www.telaled.com\\\/fabrica\\\/painel-de-led-cilindrico-transparente-serie-ttf\\\/#primaryimage\"},\"thumbnailUrl\":\"https:\\\/\\\/www.telaled.com\\\/wp-content\\\/uploads\\\/2025\\\/08\\\/painel-de-led-cilindrico-transparente.webp\",\"datePublished\":\"2025-08-18T02:14:21+00:00\",\"dateModified\":\"2026-01-05T06:56:17+00:00\",\"description\":\"Explore nosso Painel de LED Cil\u00edndrico Transparente S\u00e9rie TTF - uma tela de LED cil\u00edndrica personaliz\u00e1vel com visibilidade de 360\u00b0, molduras flex\u00edveis e diferentes dist\u00e2ncias entre pixels. Solicite um or\u00e7amento agora mesmo!\",\"breadcrumb\":{\"@id\":\"https:\\\/\\\/www.telaled.com\\\/fabrica\\\/painel-de-led-cilindrico-transparente-serie-ttf\\\/#breadcrumb\"},\"inLanguage\":\"de\",\"potentialAction\":[{\"@type\":\"ReadAction\",\"target\":[\"https:\\\/\\\/www.telaled.com\\\/fabrica\\\/painel-de-led-cilindrico-transparente-serie-ttf\\\/\"]}]},{\"@type\":\"ImageObject\",\"inLanguage\":\"de\",\"@id\":\"https:\\\/\\\/www.telaled.com\\\/fabrica\\\/painel-de-led-cilindrico-transparente-serie-ttf\\\/#primaryimage\",\"url\":\"https:\\\/\\\/www.telaled.com\\\/wp-content\\\/uploads\\\/2025\\\/08\\\/painel-de-led-cilindrico-transparente.webp\",\"contentUrl\":\"https:\\\/\\\/www.telaled.com\\\/wp-content\\\/uploads\\\/2025\\\/08\\\/painel-de-led-cilindrico-transparente.webp\",\"width\":500,\"height\":500,\"caption\":\"painel-de-led-cil\u00edndrico-transparente\"},{\"@type\":\"BreadcrumbList\",\"@id\":\"https:\\\/\\\/www.telaled.com\\\/fabrica\\\/painel-de-led-cilindrico-transparente-serie-ttf\\\/#breadcrumb\",\"itemListElement\":[{\"@type\":\"ListItem\",\"position\":1,\"name\":\"Home\",\"item\":\"https:\\\/\\\/www.telaled.com\\\/\"},{\"@type\":\"ListItem\",\"position\":2,\"name\":\"Produtos\",\"item\":\"https:\\\/\\\/www.telaled.com\\\/shop\\\/\"},{\"@type\":\"ListItem\",\"position\":3,\"name\":\"Painel de LED Cil\u00edndrico Transparente S\u00e9rie TTF\"}]},{\"@type\":\"WebSite\",\"@id\":\"https:\\\/\\\/www.telaled.com\\\/#website\",\"url\":\"https:\\\/\\\/www.telaled.com\\\/\",\"name\":\"TELALED\",\"description\":\"\",\"potentialAction\":[{\"@type\":\"SearchAction\",\"target\":{\"@type\":\"EntryPoint\",\"urlTemplate\":\"https:\\\/\\\/www.telaled.com\\\/?s={search_term_string}\"},\"query-input\":{\"@type\":\"PropertyValueSpecification\",\"valueRequired\":true,\"valueName\":\"search_term_string\"}}],\"inLanguage\":\"de\"}]}<\/script>\n<!-- \/ Yoast SEO plugin. -->","yoast_head_json":{"title":"Transparentes zylindrisches LED-Panel der TTF-Serie | 360\u00b0-LED-Bildschirm f\u00fcr Innen- und Au\u00dfenanzeige | TELALED","description":"Entdecken Sie unser transparentes zylindrisches LED-Display der TTF-Serie \u2013 ein anpassbares zylindrisches LED-Display mit 360\u00b0-Sichtbarkeit, flexiblen Blenden und verschiedenen Pixelabst\u00e4nden. Fordern Sie jetzt ein Angebot an!","robots":{"index":"index","follow":"follow","max-snippet":"max-snippet:-1","max-image-preview":"max-image-preview:large","max-video-preview":"max-video-preview:-1"},"canonical":"https:\/\/www.telaled.com\/de\/fabrica\/painel-de-led-cilindrico-transparente-serie-ttf\/","og_locale":"de_DE","og_type":"article","og_title":"Painel de LED Cil\u00edndrico Transparente S\u00e9rie TTF | Tela de LED 360\u00b0 para Exibi\u00e7\u00e3o Interna e Externa |TELALED","og_description":"Explore nosso Painel de LED Cil\u00edndrico Transparente S\u00e9rie TTF - uma tela de LED cil\u00edndrica personaliz\u00e1vel com visibilidade de 360\u00b0, molduras flex\u00edveis e diferentes dist\u00e2ncias entre pixels. Solicite um or\u00e7amento agora mesmo!","og_url":"https:\/\/www.telaled.com\/de\/fabrica\/painel-de-led-cilindrico-transparente-serie-ttf\/","og_site_name":"TELALED","article_modified_time":"2026-01-05T06:56:17+00:00","og_image":[{"width":500,"height":500,"url":"https:\/\/www.telaled.com\/wp-content\/uploads\/2025\/08\/painel-de-led-cilindrico-transparente.webp","type":"image\/webp"}],"twitter_card":"summary_large_image","twitter_misc":{"Gesch\u00e4tzte Lesezeit":"3\u00a0Minuten"},"schema":{"@context":"https:\/\/schema.org","@graph":[{"@type":"WebPage","@id":"https:\/\/www.telaled.com\/fabrica\/painel-de-led-cilindrico-transparente-serie-ttf\/","url":"https:\/\/www.telaled.com\/fabrica\/painel-de-led-cilindrico-transparente-serie-ttf\/","name":"Transparentes zylindrisches LED-Panel der TTF-Serie | 360\u00b0-LED-Bildschirm f\u00fcr Innen- und Au\u00dfenanzeige | TELALED","isPartOf":{"@id":"https:\/\/www.telaled.com\/#website"},"primaryImageOfPage":{"@id":"https:\/\/www.telaled.com\/fabrica\/painel-de-led-cilindrico-transparente-serie-ttf\/#primaryimage"},"image":{"@id":"https:\/\/www.telaled.com\/fabrica\/painel-de-led-cilindrico-transparente-serie-ttf\/#primaryimage"},"thumbnailUrl":"https:\/\/www.telaled.com\/wp-content\/uploads\/2025\/08\/painel-de-led-cilindrico-transparente.webp","datePublished":"2025-08-18T02:14:21+00:00","dateModified":"2026-01-05T06:56:17+00:00","description":"Entdecken Sie unser transparentes zylindrisches LED-Display der TTF-Serie \u2013 ein anpassbares zylindrisches LED-Display mit 360\u00b0-Sichtbarkeit, flexiblen Blenden und verschiedenen Pixelabst\u00e4nden. Fordern Sie jetzt ein Angebot an!","breadcrumb":{"@id":"https:\/\/www.telaled.com\/fabrica\/painel-de-led-cilindrico-transparente-serie-ttf\/#breadcrumb"},"inLanguage":"de","potentialAction":[{"@type":"ReadAction","target":["https:\/\/www.telaled.com\/fabrica\/painel-de-led-cilindrico-transparente-serie-ttf\/"]}]},{"@type":"ImageObject","inLanguage":"de","@id":"https:\/\/www.telaled.com\/fabrica\/painel-de-led-cilindrico-transparente-serie-ttf\/#primaryimage","url":"https:\/\/www.telaled.com\/wp-content\/uploads\/2025\/08\/painel-de-led-cilindrico-transparente.webp","contentUrl":"https:\/\/www.telaled.com\/wp-content\/uploads\/2025\/08\/painel-de-led-cilindrico-transparente.webp","width":500,"height":500,"caption":"painel-de-led-cil\u00edndrico-transparente"},{"@type":"BreadcrumbList","@id":"https:\/\/www.telaled.com\/fabrica\/painel-de-led-cilindrico-transparente-serie-ttf\/#breadcrumb","itemListElement":[{"@type":"ListItem","position":1,"name":"Home","item":"https:\/\/www.telaled.com\/"},{"@type":"ListItem","position":2,"name":"Produtos","item":"https:\/\/www.telaled.com\/shop\/"},{"@type":"ListItem","position":3,"name":"Painel de LED Cil\u00edndrico Transparente S\u00e9rie TTF"}]},{"@type":"WebSite","@id":"https:\/\/www.telaled.com\/#website","url":"https:\/\/www.telaled.com\/","name":"LED-Bildschirm","description":"","potentialAction":[{"@type":"SearchAction","target":{"@type":"EntryPoint","urlTemplate":"https:\/\/www.telaled.com\/?s={search_term_string}"},"query-input":{"@type":"PropertyValueSpecification","valueRequired":true,"valueName":"search_term_string"}}],"inLanguage":"de"}]}},"_links":{"self":[{"href":"https:\/\/www.telaled.com\/de\/wp-json\/wp\/v2\/product\/3005","targetHints":{"allow":["GET"]}}],"collection":[{"href":"https:\/\/www.telaled.com\/de\/wp-json\/wp\/v2\/product"}],"about":[{"href":"https:\/\/www.telaled.com\/de\/wp-json\/wp\/v2\/types\/product"}],"wp:featuredmedia":[{"embeddable":true,"href":"https:\/\/www.telaled.com\/de\/wp-json\/wp\/v2\/media\/3019"}],"wp:attachment":[{"href":"https:\/\/www.telaled.com\/de\/wp-json\/wp\/v2\/media?parent=3005"}],"wp:term":[{"taxonomy":"product_brand","embeddable":true,"href":"https:\/\/www.telaled.com\/de\/wp-json\/wp\/v2\/product_brand?post=3005"},{"taxonomy":"product_cat","embeddable":true,"href":"https:\/\/www.telaled.com\/de\/wp-json\/wp\/v2\/product_cat?post=3005"},{"taxonomy":"product_tag","embeddable":true,"href":"https:\/\/www.telaled.com\/de\/wp-json\/wp\/v2\/product_tag?post=3005"}],"curies":[{"name":"wp","href":"https:\/\/api.w.org\/{rel}","templated":true}]}}