{"id":2924,"date":"2025-08-11T09:00:34","date_gmt":"2025-08-11T09:00:34","guid":{"rendered":"https:\/\/www.telaled.com\/?post_type=product&#038;p=2924"},"modified":"2025-12-26T03:44:21","modified_gmt":"2025-12-26T03:44:21","slug":"painel-de-led-transparente-serie-tta","status":"publish","type":"product","link":"https:\/\/www.telaled.com\/de\/fabrica\/painel-de-led-transparente-serie-tta\/","title":{"rendered":"Transparentes LED-Panel der TTA-Serie"},"content":{"rendered":"<div class=\"row\"  id=\"row-858964742\">\n\n\t<div id=\"col-926532506\" class=\"col small-12 large-12\"  >\n\t\t\t\t<div class=\"col-inner\"  >\n\t\t\t\n\t\t\t\n<h2>Exklusive Vorteile des transparenten LED-Panels der TTA-Serie<\/h2>\n<h3><strong>\u00dcberragende Haltbarkeit<\/strong><\/h3>\n<ul>\n<li>Stabiler Aluminiumrahmen: Verf\u00fcgt \u00fcber einen leichten, langlebigen Aluminiumrahmen, der strukturelle Integrit\u00e4t gew\u00e4hrleistet und gleichzeitig einfach zu handhaben und zu installieren ist.<\/li>\n<li>Modulare LED-Module (500 \u00d7 125 mm): Jedes Modul ist f\u00fcr eine nahtlose Integration ausgelegt und bietet einen Pixelabstand von 3,91 mm f\u00fcr konsistente, hochwertige Bilder sowie die M\u00f6glichkeit zum schnellen Austausch, um Ausfallzeiten zu minimieren.<\/li>\n<\/ul>\n<h3><strong>Au\u00dfergew\u00f6hnliche Bildqualit\u00e4t<\/strong><\/h3>\n<ul>\n<li>Hohe Helligkeit von 4000\u20134500 cd\/\u33a1 \u2013 Sorgt f\u00fcr klare und lebendige Bilder auch in hellen oder stark frequentierten Bereichen und ist daher sowohl f\u00fcr den Innen- als auch f\u00fcr den Au\u00dfenbereich geeignet.<\/li>\n<li>140\u00b0 weiter Betrachtungswinkel \u2013 Bietet scharfe, klare Bilder aus mehreren Winkeln ohne Verzerrung und gew\u00e4hrleistet so ein konsistentes Seherlebnis aus allen Winkeln.<\/li>\n<li>Pr\u00e4zise Farbwiedergabe: Fortschrittliche Kalibrierungstechnologie sorgt f\u00fcr naturgetreue Farbgenauigkeit mit gleichm\u00e4\u00dfiger Helligkeit und Farbkonsistenz auf dem gesamten Bildschirm.<\/li>\n<\/ul>\n<h3><strong>Vollst\u00e4ndige Anpassungsf\u00e4higkeit<\/strong><\/h3>\n<ul>\n<li>Anpassbare Gr\u00f6\u00dfe: Das modulare Design erm\u00f6glicht einfache Anpassungen, um spezifische Platzanforderungen f\u00fcr eine individuelle Anzeigel\u00f6sung zu erf\u00fcllen.<\/li>\n<li>Nahtlose Integration in die Architektur: Das transparente Design gew\u00e4hrleistet eine einfache Kombination mit modernen Architekturelementen, ohne die Sicht zu beeintr\u00e4chtigen.<\/li>\n<li>Kompatibilit\u00e4t f\u00fcr den Innen- und Au\u00dfenbereich: Anpassbar f\u00fcr Innen- und Au\u00dfenbereiche, perfekt f\u00fcr eine Vielzahl von Umgebungen, wie Einkaufszentren, Veranstaltungen und mehr.<\/li>\n<\/ul>\n<h3><strong>Umfassende Unterst\u00fctzung<\/strong><\/h3>\n<ul>\n<li>Technischer Remote-Support rund um die Uhr: Erhalten Sie Unterst\u00fctzung, wann immer Sie sie brauchen, wo immer Sie sind.<\/li>\n<li>5% mitgelieferte Ersatzteile: Jede Lieferung enth\u00e4lt zus\u00e4tzliche Komponenten f\u00fcr mehr Zuverl\u00e4ssigkeit und Sicherheit.<\/li>\n<li>3 Jahre erweiterte Garantie: Profitieren Sie von langfristigem Schutz f\u00fcr bessere Leistung und zuverl\u00e4ssigen Support.<\/li>\n<\/ul>\n<h2>Produktdetails<\/h2>\n<div class=\"row\"  id=\"row-952026157\">\n\n\t<div id=\"col-1305353168\" class=\"col medium-10 small-12 large-10\"  >\n\t\t\t\t<div class=\"col-inner text-left\"  >\n\t\t\t\n\t\t\t\n<ul>\n<li>Das modulare Netzteil und die Leiterplatte erm\u00f6glichen schnelle und einfache Reparaturen sowie einen kosteng\u00fcnstigen Teileaustausch. Die modulare Leiterplatte sorgt zudem f\u00fcr eine bessere Bildschirmflachheit als seitlich abstrahlende LED-Streifen.<\/li>\n<\/ul>\n\t<div class=\"img has-hover x md-x lg-x y md-y lg-y\" id=\"image_1778843377\">\n\t\t\t\t\t\t\t\t<div class=\"img-inner dark\" >\n\t\t\t<img loading=\"lazy\" decoding=\"async\" width=\"744\" height=\"719\" src=\"https:\/\/www.telaled.com\/wp-content\/uploads\/2025\/08\/Design-modular.webp\" class=\"attachment-original size-original\" alt=\"Modulares Design\" srcset=\"https:\/\/www.telaled.com\/wp-content\/uploads\/2025\/08\/Design-modular.webp 744w, https:\/\/www.telaled.com\/wp-content\/uploads\/2025\/08\/Design-modular-300x290.webp 300w, https:\/\/www.telaled.com\/wp-content\/uploads\/2025\/08\/Design-modular-12x12.webp 12w, https:\/\/www.telaled.com\/wp-content\/uploads\/2025\/08\/Design-modular-600x580.webp 600w\" sizes=\"auto, (max-width: 744px) 100vw, 744px\" \/>\t\t\t\t\t\t\n\t\t\t\t\t<\/div>\n\t\t\t\t\t\t\t\t\n<style>\n#image_1778843377 {\n  width: 95%;\n}\n<\/style>\n\t<\/div>\n\t\n\t\t<\/div>\n\t\t\t\t\t<\/div>\n\n\t\n\n\t<div id=\"col-1850936884\" class=\"col medium-10 small-12 large-10\"  >\n\t\t\t\t<div class=\"col-inner text-left\"  >\n\t\t\t\n\t\t\t\n<ul>\n<li>Die Installation ist f\u00fcr eine einfache Einzelperson konzipiert. Diese Funktion vereinfacht sowohl permanente als auch tempor\u00e4re Installationen und reduziert Zeit und Arbeitskosten.<\/li>\n<\/ul>\n\t<div class=\"img has-hover x md-x lg-x y md-y lg-y\" id=\"image_1708813093\">\n\t\t\t\t\t\t\t\t<div class=\"img-inner dark\" >\n\t\t\t<img loading=\"lazy\" decoding=\"async\" width=\"1020\" height=\"623\" src=\"https:\/\/www.telaled.com\/wp-content\/uploads\/2025\/08\/Instalacao-rapida-e-simples-1024x625.webp\" class=\"attachment-large size-large\" alt=\"\" srcset=\"https:\/\/www.telaled.com\/wp-content\/uploads\/2025\/08\/Instalacao-rapida-e-simples-1024x625.webp 1024w, https:\/\/www.telaled.com\/wp-content\/uploads\/2025\/08\/Instalacao-rapida-e-simples-300x183.webp 300w, https:\/\/www.telaled.com\/wp-content\/uploads\/2025\/08\/Instalacao-rapida-e-simples-768x469.webp 768w, https:\/\/www.telaled.com\/wp-content\/uploads\/2025\/08\/Instalacao-rapida-e-simples-18x12.webp 18w, https:\/\/www.telaled.com\/wp-content\/uploads\/2025\/08\/Instalacao-rapida-e-simples-600x366.webp 600w, https:\/\/www.telaled.com\/wp-content\/uploads\/2025\/08\/Instalacao-rapida-e-simples.webp 1385w\" sizes=\"auto, (max-width: 1020px) 100vw, 1020px\" \/>\t\t\t\t\t\t\n\t\t\t\t\t<\/div>\n\t\t\t\t\t\t\t\t\n<style>\n#image_1708813093 {\n  width: 95%;\n}\n<\/style>\n\t<\/div>\n\t\n<ul>\n<li>Nachhaltigkeit wird durch den niedrigen durchschnittlichen Stromverbrauch von nur 180 W\/\u00b2 gro\u00dfgeschrieben. Dieses energieeffiziente Design minimiert nicht nur die Umweltbelastung, sondern senkt auch die Energiekosten.<\/li>\n<\/ul>\n\t<div class=\"img has-hover x md-x lg-x y md-y lg-y\" id=\"image_186025266\">\n\t\t\t\t\t\t\t\t<div class=\"img-inner dark\" >\n\t\t\t<img loading=\"lazy\" decoding=\"async\" width=\"640\" height=\"430\" src=\"https:\/\/www.telaled.com\/wp-content\/uploads\/2025\/08\/Eficiencia-energetica-ecologica.webp\" class=\"attachment-large size-large\" alt=\"\" srcset=\"https:\/\/www.telaled.com\/wp-content\/uploads\/2025\/08\/Eficiencia-energetica-ecologica.webp 640w, https:\/\/www.telaled.com\/wp-content\/uploads\/2025\/08\/Eficiencia-energetica-ecologica-300x202.webp 300w, https:\/\/www.telaled.com\/wp-content\/uploads\/2025\/08\/Eficiencia-energetica-ecologica-18x12.webp 18w, https:\/\/www.telaled.com\/wp-content\/uploads\/2025\/08\/Eficiencia-energetica-ecologica-600x403.webp 600w\" sizes=\"auto, (max-width: 640px) 100vw, 640px\" \/>\t\t\t\t\t\t\n\t\t\t\t\t<\/div>\n\t\t\t\t\t\t\t\t\n<style>\n#image_186025266 {\n  width: 95%;\n}\n<\/style>\n\t<\/div>\n\t\n\t\t<\/div>\n\t\t\t\t\t<\/div>\n\n\t\n\n\t<div id=\"col-1600109763\" class=\"col medium-10 small-12 large-10\"  >\n\t\t\t\t<div class=\"col-inner text-left\"  >\n\t\t\t\n\t\t\t\n<ul>\n<li>Unsere LED-Displays werden je nach Typ und Verwendungszweck verpackt. Ordnungsgem\u00e4\u00df montierte Einheiten werden in Holzkisten oder verst\u00e4rkten Kartons verpackt, um die Stabilit\u00e4t w\u00e4hrend des Transports zu gew\u00e4hrleisten. LED-Module werden besonders sorgf\u00e4ltig verpackt und h\u00e4ufig in verst\u00e4rkten Kartons oder luftdichten Kisten mit zus\u00e4tzlichen Holzrahmen f\u00fcr zus\u00e4tzlichen Schutz verpackt.<\/li>\n<\/ul>\n\t<div class=\"img has-hover x md-x lg-x y md-y lg-y\" id=\"image_1571343601\">\n\t\t\t\t\t\t\t\t<div class=\"img-inner dark\" >\n\t\t\t<img loading=\"lazy\" decoding=\"async\" width=\"760\" height=\"1024\" src=\"https:\/\/www.telaled.com\/wp-content\/uploads\/2025\/06\/Embalagem-760x1024.webp\" class=\"attachment-large size-large\" alt=\"Verpackung\" srcset=\"https:\/\/www.telaled.com\/wp-content\/uploads\/2025\/06\/Embalagem-760x1024.webp 760w, https:\/\/www.telaled.com\/wp-content\/uploads\/2025\/06\/Embalagem-223x300.webp 223w, https:\/\/www.telaled.com\/wp-content\/uploads\/2025\/06\/Embalagem-768x1035.webp 768w, https:\/\/www.telaled.com\/wp-content\/uploads\/2025\/06\/Embalagem-9x12.webp 9w, https:\/\/www.telaled.com\/wp-content\/uploads\/2025\/06\/Embalagem-600x808.webp 600w, https:\/\/www.telaled.com\/wp-content\/uploads\/2025\/06\/Embalagem.webp 795w\" sizes=\"auto, (max-width: 760px) 100vw, 760px\" \/>\t\t\t\t\t\t\n\t\t\t\t\t<\/div>\n\t\t\t\t\t\t\t\t\n<style>\n#image_1571343601 {\n  width: 95%;\n}\n<\/style>\n\t<\/div>\n\t\n\t\t<\/div>\n\t\t\t\t\t<\/div>\n\n\t\n<\/div>\n\t\t<\/div>\n\t\t\t\t\t<\/div>\n\n\t\n\n\t<div id=\"col-1784545221\" class=\"col small-12 large-12\"  >\n\t\t\t\t<div class=\"col-inner\"  >\n\t\t\t\n\t\t\t\n<div class=\"row\"  id=\"row-2014598294\">\n\n\t<div id=\"col-1262114796\" class=\"col medium-10 small-12 large-10\"  >\n\t\t\t\t<div class=\"col-inner\"  >\n\t\t\t\n\t\t\t\n\n<table id=\"tablepress-58\" class=\"tablepress tablepress-id-58\">\n<thead>\n<tr class=\"row-1\">\n\t<th class=\"column-1\">Artikel<\/th><th class=\"column-2\">TTA3.91 Farbtransparentes LED-Display<\/th>\n<\/tr>\n<\/thead>\n<tbody class=\"row-striping row-hover\">\n<tr class=\"row-2\">\n\t<td class=\"column-1\">Modulgr\u00f6\u00dfe<\/td><td class=\"column-2\">500 mm * 125 mm * 10 mm<\/td>\n<\/tr>\n<tr class=\"row-3\">\n\t<td class=\"column-1\">Aufl\u00f6sung<\/td><td class=\"column-2\">128X16=2048<\/td>\n<\/tr>\n<tr class=\"row-4\">\n\t<td class=\"column-1\">Pixelabstand<\/td><td class=\"column-2\">3,91 mm<\/td>\n<\/tr>\n<tr class=\"row-5\">\n\t<td class=\"column-1\">Physikalische Dichte<\/td><td class=\"column-2\">32768 Punkte\/m\u00b2<\/td>\n<\/tr>\n<tr class=\"row-6\">\n\t<td class=\"column-1\">Aktuelles Modul<\/td><td class=\"column-2\">9 A \u00b1 0,1 A<\/td>\n<\/tr>\n<tr class=\"row-7\">\n\t<td class=\"column-1\">Eingangsspannung<\/td><td class=\"column-2\">4,8 V bis 5,2 V<\/td>\n<\/tr>\n<tr class=\"row-8\">\n\t<td class=\"column-1\">Modulleistung<\/td><td class=\"column-2\">45 W<\/td>\n<\/tr>\n<tr class=\"row-9\">\n\t<td class=\"column-1\">Modulgewicht<\/td><td class=\"column-2\">310 g<\/td>\n<\/tr>\n<tr class=\"row-10\">\n\t<td class=\"column-1\">Boxaufl\u00f6sung (B x H)<\/td><td class=\"column-2\">256 Pixel \u00d7 128 Pixel<\/td>\n<\/tr>\n<tr class=\"row-11\">\n\t<td class=\"column-1\">Modulverteilung (B x H)<\/td><td class=\"column-2\">2\u00d78<\/td>\n<\/tr>\n<tr class=\"row-12\">\n\t<td class=\"column-1\">Kartongr\u00f6\u00dfe (Breite x H\u00f6he x Dicke)<\/td><td class=\"column-2\">1000 mm \u00d7 1000 mm \u00d7 80 mm<\/td>\n<\/tr>\n<tr class=\"row-13\">\n\t<td class=\"column-1\">Schrankgewicht<\/td><td class=\"column-2\">7,5 kg\/m\u00b2<\/td>\n<\/tr>\n<tr class=\"row-14\">\n\t<td class=\"column-1\">Installationsmodus<\/td><td class=\"column-2\">Heckrahmenmontage \/ Anheben \/ Innenbogenmontage<\/td>\n<\/tr>\n<tr class=\"row-15\">\n\t<td class=\"column-1\">Physikalische Dichte<\/td><td class=\"column-2\">32768 Punkte\/m\u00b2<\/td>\n<\/tr>\n<tr class=\"row-16\">\n\t<td class=\"column-1\">Glanz<\/td><td class=\"column-2\">4000-4500 cd\/m\u00b2<\/td>\n<\/tr>\n<tr class=\"row-17\">\n\t<td class=\"column-1\">Horizontale Ansicht \/ vertikale Ansicht<\/td><td class=\"column-2\">140\u00b0\/140\u00b0<\/td>\n<\/tr>\n<tr class=\"row-18\">\n\t<td class=\"column-1\">Durchl\u00e4ssigkeit<\/td><td class=\"column-2\">\u226565%<\/td>\n<\/tr>\n<tr class=\"row-19\">\n\t<td class=\"column-1\">Farbgleichm\u00e4\u00dfigkeit<\/td><td class=\"column-2\">\u00b1 0,003 CX, innerhalb von CY<\/td>\n<\/tr>\n<tr class=\"row-20\">\n\t<td class=\"column-1\">Maximaler Kontrast<\/td><td class=\"column-2\">3000:1<\/td>\n<\/tr>\n<tr class=\"row-21\">\n\t<td class=\"column-1\">Schutzart<\/td><td class=\"column-2\">IP22<\/td>\n<\/tr>\n<tr class=\"row-22\">\n\t<td class=\"column-1\">Wartungsmodus<\/td><td class=\"column-2\">Wartung vorne und hinten<\/td>\n<\/tr>\n<tr class=\"row-23\">\n\t<td class=\"column-1\">Signalfarbverarbeitungsbits<\/td><td class=\"column-2\">Rot, Gr\u00fcn und Blau jeweils \u2265 16 Bit<\/td>\n<\/tr>\n<tr class=\"row-24\">\n\t<td class=\"column-1\">Fahrmodus<\/td><td class=\"column-2\">Konstantstromantrieb<\/td>\n<\/tr>\n<tr class=\"row-25\">\n\t<td class=\"column-1\">Frame-\u00c4nderungsfrequenz<\/td><td class=\"column-2\">60 Frame-H\u00f6he Pinsel unterst\u00fctzt 3D: 120 Frames<\/td>\n<\/tr>\n<tr class=\"row-26\">\n\t<td class=\"column-1\">Bildwiederholrate<\/td><td class=\"column-2\">Normale B\u00fcrstenfrequenz \u2264 1920 Hz, hohe B\u00fcrstenfrequenz \u2264 3840 Hz<\/td>\n<\/tr>\n<tr class=\"row-27\">\n\t<td class=\"column-1\">Bildschirmfarbtemperatur<\/td><td class=\"column-2\">3200K ~ 9500K einstellbar<\/td>\n<\/tr>\n<tr class=\"row-28\">\n\t<td class=\"column-1\">Helligkeitsanpassung<\/td><td class=\"column-2\">Manuelle \/ automatische \/ programmierte Steuerung<\/td>\n<\/tr>\n<tr class=\"row-29\">\n\t<td class=\"column-1\">Pixelkorrektur<\/td><td class=\"column-2\">Ausgestattet mit punktweiser Helligkeits- und Chromakorrektur<\/td>\n<\/tr>\n<tr class=\"row-30\">\n\t<td class=\"column-1\">Steuerungsmodus<\/td><td class=\"column-2\">Synchronsteuerung<\/td>\n<\/tr>\n<tr class=\"row-31\">\n\t<td class=\"column-1\">Kontrolldistanz<\/td><td class=\"column-2\">Super Category 5 Twisted Pair-Netzwerkkabel, \u00fcber 100 Meter, mit Glasfaser<\/td>\n<\/tr>\n<tr class=\"row-32\">\n\t<td class=\"column-1\">Software-Schnittstelle<\/td><td class=\"column-2\">Windows XP\/7\/8\/10<\/td>\n<\/tr>\n<tr class=\"row-33\">\n\t<td class=\"column-1\">Signaleingang<\/td><td class=\"column-2\">HDMI DVI<\/td>\n<\/tr>\n<tr class=\"row-34\">\n\t<td class=\"column-1\">Betriebsspannung<\/td><td class=\"column-2\">Wechselstrom: 240 V, 50\u201360 Hz<\/td>\n<\/tr>\n<tr class=\"row-35\">\n\t<td class=\"column-1\">Spitzenstromverbrauch<\/td><td class=\"column-2\">300 W\/m\u00b2<\/td>\n<\/tr>\n<tr class=\"row-36\">\n\t<td class=\"column-1\">Durchschnittlicher Energieverbrauch<\/td><td class=\"column-2\">180 W\/m\u00b2<\/td>\n<\/tr>\n<tr class=\"row-37\">\n\t<td class=\"column-1\">Stromquelle<\/td><td class=\"column-2\">300-W-Netzteil (Nandian \/ Chuanglian \/ Juneng und Netzteile anderer Marken)<\/td>\n<\/tr>\n<tr class=\"row-38\">\n\t<td class=\"column-1\">Durchgehende Arbeitszeit<\/td><td class=\"column-2\">\u22657\u00d724 Stunden, unterst\u00fctzt kontinuierliche Anzeige<\/td>\n<\/tr>\n<tr class=\"row-39\">\n\t<td class=\"column-1\">Mittlere Zeit zwischen Ausf\u00e4llen<\/td><td class=\"column-2\">\u2265 10000 Stunden<\/td>\n<\/tr>\n<tr class=\"row-40\">\n\t<td class=\"column-1\">Theoretische Lebensdauer der LED-R\u00f6hre<\/td><td class=\"column-2\">100000 Stunden<\/td>\n<\/tr>\n<tr class=\"row-41\">\n\t<td class=\"column-1\">Diskreter Fluchtpunkt<\/td><td class=\"column-2\">\u2264 0,0001, 0 beim Verlassen des Werks<\/td>\n<\/tr>\n<tr class=\"row-42\">\n\t<td class=\"column-1\">Kontinuierlicher Fluchtpunkt<\/td><td class=\"column-2\">0<\/td>\n<\/tr>\n<tr class=\"row-43\">\n\t<td class=\"column-1\">Toter-Winkel-Rate<\/td><td class=\"column-2\">\u2264 0,0001, 0 beim Verlassen des Werks<\/td>\n<\/tr>\n<tr class=\"row-44\">\n\t<td class=\"column-1\">Umgebungstemperatur im Betrieb<\/td><td class=\"column-2\">-10\u2103~60\u2103<\/td>\n<\/tr>\n<tr class=\"row-45\">\n\t<td class=\"column-1\">Luftfeuchtigkeit bei Betrieb<\/td><td class=\"column-2\">10%~90% RH, nicht kondensierend<\/td>\n<\/tr>\n<\/tbody>\n<\/table>\n\n\t\t<\/div>\n\t\t\t\t\t<\/div>\n\n\t\n<\/div>\n\t\t<\/div>\n\t\t\t\t\t<\/div>\n\n\t\n<\/div>","protected":false},"excerpt":{"rendered":"<p><strong>Transparentes LED-Panel der TTA-Serie f\u00fcr moderne visuelle L\u00f6sungen<\/strong><\/p>\n<p>DER <em><strong>Transparente LED-Panels der TTA-Serie<\/strong><\/em> Es bietet ein schlankes und leichtes Design mit lebendigen Bildern und ist somit ideal f\u00fcr kontinuierliche und kosteng\u00fcnstige Installationen.<\/p>\n<p><strong>Haupteigenschaften:<\/strong><\/p>\n<ul>\n<li><strong>Hohe Transparenz 70% \u2013<\/strong> Es bietet lebendige Bilder, ohne Licht oder Sicht zu beeintr\u00e4chtigen.<\/li>\n<li><strong>Idealer Pixelabstand:<\/strong> 3,91 mm Pixelabstand f\u00fcr hochaufl\u00f6sendes Display.<\/li>\n<li><strong>D\u00fcnne und leichte Konstruktion<\/strong>: 1000 x 1000 mm gro\u00dfes Geh\u00e4use mit einem Gewicht von nur 7,5 kg\/m\u00b2 f\u00fcr einfache Handhabung und Einrichtung.<\/li>\n<\/ul>\n<p>Wir bieten 24\/7-Fernsupport und 3 Jahre Garantie. Kontaktieren Sie uns noch heute f\u00fcr ein individuelles Angebot.<\/p>","protected":false},"featured_media":2925,"template":"","meta":[],"product_brand":[],"product_cat":[40,45,46],"product_tag":[],"class_list":{"0":"post-2924","1":"product","2":"type-product","3":"status-publish","4":"has-post-thumbnail","6":"product_cat-painel-de-led","7":"product_cat-painel-de-led-transparente","8":"product_cat-painel-de-video","10":"first","11":"instock","12":"shipping-taxable","13":"product-type-simple"},"yoast_head":"<!-- This site is optimized with the Yoast SEO plugin v27.4 - https:\/\/yoast.com\/product\/yoast-seo-wordpress\/ -->\n<title>Painel LED Transparente S\u00e9rie TTA | Leve, Ultrafino e Econ\u00f4mico |TELALED<\/title>\n<meta name=\"description\" content=\"Tela Painel de LED Transparente S\u00e9rie TTA , leve e ultrafina, com pixel pitch de 3,91-7,82 mm. Ideal para configura\u00e7\u00f5es integradas e econ\u00f4micas. Entre em contato conosco hoje mesmo!\" \/>\n<meta name=\"robots\" content=\"index, follow, max-snippet:-1, max-image-preview:large, max-video-preview:-1\" \/>\n<link rel=\"canonical\" href=\"https:\/\/www.telaled.com\/de\/fabrica\/painel-de-led-transparente-serie-tta\/\" \/>\n<meta property=\"og:locale\" content=\"de_DE\" \/>\n<meta property=\"og:type\" content=\"article\" \/>\n<meta property=\"og:title\" content=\"Painel LED Transparente S\u00e9rie TTA | Leve, Ultrafino e Econ\u00f4mico |TELALED\" \/>\n<meta property=\"og:description\" content=\"Tela Painel de LED Transparente S\u00e9rie TTA , leve e ultrafina, com pixel pitch de 3,91-7,82 mm. Ideal para configura\u00e7\u00f5es integradas e econ\u00f4micas. Entre em contato conosco hoje mesmo!\" \/>\n<meta property=\"og:url\" content=\"https:\/\/www.telaled.com\/de\/fabrica\/painel-de-led-transparente-serie-tta\/\" \/>\n<meta property=\"og:site_name\" content=\"TELALED\" \/>\n<meta property=\"article:modified_time\" content=\"2025-12-26T03:44:21+00:00\" \/>\n<meta property=\"og:image\" content=\"https:\/\/www.telaled.com\/wp-content\/uploads\/2025\/08\/painel-de-led-transparente.jpg\" \/>\n\t<meta property=\"og:image:width\" content=\"500\" \/>\n\t<meta property=\"og:image:height\" content=\"500\" \/>\n\t<meta property=\"og:image:type\" content=\"image\/jpeg\" \/>\n<meta name=\"twitter:card\" content=\"summary_large_image\" \/>\n<meta name=\"twitter:label1\" content=\"Gesch\u00e4tzte Lesezeit\" \/>\n\t<meta name=\"twitter:data1\" content=\"3\u00a0Minuten\" \/>\n<script type=\"application\/ld+json\" class=\"yoast-schema-graph\">{\"@context\":\"https:\\\/\\\/schema.org\",\"@graph\":[{\"@type\":\"WebPage\",\"@id\":\"https:\\\/\\\/www.telaled.com\\\/fabrica\\\/painel-de-led-transparente-serie-tta\\\/\",\"url\":\"https:\\\/\\\/www.telaled.com\\\/fabrica\\\/painel-de-led-transparente-serie-tta\\\/\",\"name\":\"Painel LED Transparente S\u00e9rie TTA | Leve, Ultrafino e Econ\u00f4mico |TELALED\",\"isPartOf\":{\"@id\":\"https:\\\/\\\/www.telaled.com\\\/#website\"},\"primaryImageOfPage\":{\"@id\":\"https:\\\/\\\/www.telaled.com\\\/fabrica\\\/painel-de-led-transparente-serie-tta\\\/#primaryimage\"},\"image\":{\"@id\":\"https:\\\/\\\/www.telaled.com\\\/fabrica\\\/painel-de-led-transparente-serie-tta\\\/#primaryimage\"},\"thumbnailUrl\":\"https:\\\/\\\/www.telaled.com\\\/wp-content\\\/uploads\\\/2025\\\/08\\\/painel-de-led-transparente.jpg\",\"datePublished\":\"2025-08-11T09:00:34+00:00\",\"dateModified\":\"2025-12-26T03:44:21+00:00\",\"description\":\"Tela Painel de LED Transparente S\u00e9rie TTA , leve e ultrafina, com pixel pitch de 3,91-7,82 mm. Ideal para configura\u00e7\u00f5es integradas e econ\u00f4micas. Entre em contato conosco hoje mesmo!\",\"breadcrumb\":{\"@id\":\"https:\\\/\\\/www.telaled.com\\\/fabrica\\\/painel-de-led-transparente-serie-tta\\\/#breadcrumb\"},\"inLanguage\":\"de\",\"potentialAction\":[{\"@type\":\"ReadAction\",\"target\":[\"https:\\\/\\\/www.telaled.com\\\/fabrica\\\/painel-de-led-transparente-serie-tta\\\/\"]}]},{\"@type\":\"ImageObject\",\"inLanguage\":\"de\",\"@id\":\"https:\\\/\\\/www.telaled.com\\\/fabrica\\\/painel-de-led-transparente-serie-tta\\\/#primaryimage\",\"url\":\"https:\\\/\\\/www.telaled.com\\\/wp-content\\\/uploads\\\/2025\\\/08\\\/painel-de-led-transparente.jpg\",\"contentUrl\":\"https:\\\/\\\/www.telaled.com\\\/wp-content\\\/uploads\\\/2025\\\/08\\\/painel-de-led-transparente.jpg\",\"width\":500,\"height\":500,\"caption\":\"painel-de-led-transparente\"},{\"@type\":\"BreadcrumbList\",\"@id\":\"https:\\\/\\\/www.telaled.com\\\/fabrica\\\/painel-de-led-transparente-serie-tta\\\/#breadcrumb\",\"itemListElement\":[{\"@type\":\"ListItem\",\"position\":1,\"name\":\"Home\",\"item\":\"https:\\\/\\\/www.telaled.com\\\/\"},{\"@type\":\"ListItem\",\"position\":2,\"name\":\"Produtos\",\"item\":\"https:\\\/\\\/www.telaled.com\\\/shop\\\/\"},{\"@type\":\"ListItem\",\"position\":3,\"name\":\"Painel de LED Transparente S\u00e9rie TTA\"}]},{\"@type\":\"WebSite\",\"@id\":\"https:\\\/\\\/www.telaled.com\\\/#website\",\"url\":\"https:\\\/\\\/www.telaled.com\\\/\",\"name\":\"TELALED\",\"description\":\"\",\"potentialAction\":[{\"@type\":\"SearchAction\",\"target\":{\"@type\":\"EntryPoint\",\"urlTemplate\":\"https:\\\/\\\/www.telaled.com\\\/?s={search_term_string}\"},\"query-input\":{\"@type\":\"PropertyValueSpecification\",\"valueRequired\":true,\"valueName\":\"search_term_string\"}}],\"inLanguage\":\"de\"}]}<\/script>\n<!-- \/ Yoast SEO plugin. -->","yoast_head_json":{"title":"Transparentes LED-Panel der TTA-Serie | Leicht, ultrad\u00fcnn und wirtschaftlich |TELALED","description":"Transparentes LED-Panel-Display der TTA-Serie, leicht und ultrad\u00fcnn, mit einem Pixelabstand von 3,91\u20137,82 mm. Ideal f\u00fcr integrierte und kosteng\u00fcnstige Konfigurationen. Kontaktieren Sie uns noch heute!","robots":{"index":"index","follow":"follow","max-snippet":"max-snippet:-1","max-image-preview":"max-image-preview:large","max-video-preview":"max-video-preview:-1"},"canonical":"https:\/\/www.telaled.com\/de\/fabrica\/painel-de-led-transparente-serie-tta\/","og_locale":"de_DE","og_type":"article","og_title":"Painel LED Transparente S\u00e9rie TTA | Leve, Ultrafino e Econ\u00f4mico |TELALED","og_description":"Tela Painel de LED Transparente S\u00e9rie TTA , leve e ultrafina, com pixel pitch de 3,91-7,82 mm. Ideal para configura\u00e7\u00f5es integradas e econ\u00f4micas. Entre em contato conosco hoje mesmo!","og_url":"https:\/\/www.telaled.com\/de\/fabrica\/painel-de-led-transparente-serie-tta\/","og_site_name":"TELALED","article_modified_time":"2025-12-26T03:44:21+00:00","og_image":[{"width":500,"height":500,"url":"https:\/\/www.telaled.com\/wp-content\/uploads\/2025\/08\/painel-de-led-transparente.jpg","type":"image\/jpeg"}],"twitter_card":"summary_large_image","twitter_misc":{"Gesch\u00e4tzte Lesezeit":"3\u00a0Minuten"},"schema":{"@context":"https:\/\/schema.org","@graph":[{"@type":"WebPage","@id":"https:\/\/www.telaled.com\/fabrica\/painel-de-led-transparente-serie-tta\/","url":"https:\/\/www.telaled.com\/fabrica\/painel-de-led-transparente-serie-tta\/","name":"Transparentes LED-Panel der TTA-Serie | Leicht, ultrad\u00fcnn und wirtschaftlich |TELALED","isPartOf":{"@id":"https:\/\/www.telaled.com\/#website"},"primaryImageOfPage":{"@id":"https:\/\/www.telaled.com\/fabrica\/painel-de-led-transparente-serie-tta\/#primaryimage"},"image":{"@id":"https:\/\/www.telaled.com\/fabrica\/painel-de-led-transparente-serie-tta\/#primaryimage"},"thumbnailUrl":"https:\/\/www.telaled.com\/wp-content\/uploads\/2025\/08\/painel-de-led-transparente.jpg","datePublished":"2025-08-11T09:00:34+00:00","dateModified":"2025-12-26T03:44:21+00:00","description":"Transparentes LED-Panel-Display der TTA-Serie, leicht und ultrad\u00fcnn, mit einem Pixelabstand von 3,91\u20137,82 mm. Ideal f\u00fcr integrierte und kosteng\u00fcnstige Konfigurationen. Kontaktieren Sie uns noch heute!","breadcrumb":{"@id":"https:\/\/www.telaled.com\/fabrica\/painel-de-led-transparente-serie-tta\/#breadcrumb"},"inLanguage":"de","potentialAction":[{"@type":"ReadAction","target":["https:\/\/www.telaled.com\/fabrica\/painel-de-led-transparente-serie-tta\/"]}]},{"@type":"ImageObject","inLanguage":"de","@id":"https:\/\/www.telaled.com\/fabrica\/painel-de-led-transparente-serie-tta\/#primaryimage","url":"https:\/\/www.telaled.com\/wp-content\/uploads\/2025\/08\/painel-de-led-transparente.jpg","contentUrl":"https:\/\/www.telaled.com\/wp-content\/uploads\/2025\/08\/painel-de-led-transparente.jpg","width":500,"height":500,"caption":"painel-de-led-transparente"},{"@type":"BreadcrumbList","@id":"https:\/\/www.telaled.com\/fabrica\/painel-de-led-transparente-serie-tta\/#breadcrumb","itemListElement":[{"@type":"ListItem","position":1,"name":"Home","item":"https:\/\/www.telaled.com\/"},{"@type":"ListItem","position":2,"name":"Produtos","item":"https:\/\/www.telaled.com\/shop\/"},{"@type":"ListItem","position":3,"name":"Painel de LED Transparente S\u00e9rie TTA"}]},{"@type":"WebSite","@id":"https:\/\/www.telaled.com\/#website","url":"https:\/\/www.telaled.com\/","name":"LED-Bildschirm","description":"","potentialAction":[{"@type":"SearchAction","target":{"@type":"EntryPoint","urlTemplate":"https:\/\/www.telaled.com\/?s={search_term_string}"},"query-input":{"@type":"PropertyValueSpecification","valueRequired":true,"valueName":"search_term_string"}}],"inLanguage":"de"}]}},"_links":{"self":[{"href":"https:\/\/www.telaled.com\/de\/wp-json\/wp\/v2\/product\/2924","targetHints":{"allow":["GET"]}}],"collection":[{"href":"https:\/\/www.telaled.com\/de\/wp-json\/wp\/v2\/product"}],"about":[{"href":"https:\/\/www.telaled.com\/de\/wp-json\/wp\/v2\/types\/product"}],"wp:featuredmedia":[{"embeddable":true,"href":"https:\/\/www.telaled.com\/de\/wp-json\/wp\/v2\/media\/2925"}],"wp:attachment":[{"href":"https:\/\/www.telaled.com\/de\/wp-json\/wp\/v2\/media?parent=2924"}],"wp:term":[{"taxonomy":"product_brand","embeddable":true,"href":"https:\/\/www.telaled.com\/de\/wp-json\/wp\/v2\/product_brand?post=2924"},{"taxonomy":"product_cat","embeddable":true,"href":"https:\/\/www.telaled.com\/de\/wp-json\/wp\/v2\/product_cat?post=2924"},{"taxonomy":"product_tag","embeddable":true,"href":"https:\/\/www.telaled.com\/de\/wp-json\/wp\/v2\/product_tag?post=2924"}],"curies":[{"name":"wp","href":"https:\/\/api.w.org\/{rel}","templated":true}]}}