{"id":2902,"date":"2025-08-08T01:45:40","date_gmt":"2025-08-08T01:45:40","guid":{"rendered":"https:\/\/www.telaled.com\/?post_type=product&#038;p=2902"},"modified":"2026-01-05T04:05:22","modified_gmt":"2026-01-05T04:05:22","slug":"painel-de-led-hd-serie-tho","status":"publish","type":"product","link":"https:\/\/www.telaled.com\/de\/fabrica\/painel-de-led-hd-serie-tho\/","title":{"rendered":"HD-LED-Panel der THO-Serie"},"content":{"rendered":"<div class=\"row\"  id=\"row-1460450576\">\n\n\t<div id=\"col-1645461564\" class=\"col small-12 large-12\"  >\n\t\t\t\t<div class=\"col-inner\"  >\n\t\t\t\n\t\t\t\n<h2>Exklusive Vorteile des HD-LED-Panels der THO-Serie<\/h2>\n<h3><strong>\u00dcberragende Haltbarkeit<\/strong><\/h3>\n<ul>\n<li>Das schlanke 38-mm-Geh\u00e4use besteht aus hochfesten, korrosionsbest\u00e4ndigen Materialien und bleibt starr und stabil, sodass Verformungen verhindert werden und die pr\u00e4zise Ausrichtung \u00fcber die Zeit erhalten bleibt.<\/li>\n<li>Ein Entwurf <a href=\"https:\/\/www.telaled.com\/de\/fabrica\/painel-de-led-cob-serie-tha\/\">COB<\/a> Die Harzbeschichtung sch\u00fctzt die LEDs vor Staub, Feuchtigkeit und St\u00f6\u00dfen, reduziert Pixelsch\u00e4den und sorgt bei minimalem Wartungsaufwand f\u00fcr eine gleichbleibende Bildqualit\u00e4t.<\/li>\n<\/ul>\n<h3><strong>Au\u00dfergew\u00f6hnliche Bildqualit\u00e4t<\/strong><\/h3>\n<ul>\n<li>Bu\u00dfgeld <a href=\"https:\/\/www.telaled.com\/de\/pixel-pitch\/\">Pixelabstand<\/a> Die Optionen 1,25 mm und 1,56 mm bieten scharfe Details und klaren Text f\u00fcr eine hochpr\u00e4zise Betrachtung.<\/li>\n<li>Realistische Farben: Die COB-Technologie verbessert die Farbgenauigkeit und Helligkeitskonsistenz auf dem gesamten Bildschirm.<\/li>\n<li>Hoher Kontrast: Reduziert Blendeffekte und erh\u00f6ht die Tiefe, sodass Bilder bei jeder Beleuchtung besser lesbar sind.<\/li>\n<\/ul>\n<h3><strong>Vollst\u00e4ndige Anpassungsf\u00e4higkeit<\/strong><\/h3>\n<ul>\n<li>Vielseitige Anwendungen: Ideal f\u00fcr Kontrollr\u00e4ume, Kommandozentralen, Konferenzr\u00e4ume und hochpr\u00e4zise Anzeigeaufbauten.<\/li>\n<li>Flexible Integration: Das schlanke, multifunktionale Design passt sich einer Vielzahl von Layouts an und ersetzt Multi-Screen-Setups ohne zus\u00e4tzliche Hardware.<\/li>\n<li>Zuverl\u00e4ssig in anspruchsvollen Umgebungen: Doppelte Stromversorgung und Datensicherung erm\u00f6glichen einen kontinuierlichen Betrieb im unternehmenskritischen Einsatz.<\/li>\n<\/ul>\n<h3><strong>Umfassende Unterst\u00fctzung<\/strong><\/h3>\n<ul>\n<li>Technischer Remote-Support rund um die Uhr: Erhalten Sie Unterst\u00fctzung, wann immer Sie sie brauchen, wo immer Sie sind.<\/li>\n<li>5% mitgelieferte Ersatzteile: Jede Lieferung enth\u00e4lt zus\u00e4tzliche Komponenten f\u00fcr mehr Zuverl\u00e4ssigkeit und Sicherheit.<\/li>\n<li>3 Jahre erweiterte Garantie: Profitieren Sie von langfristigem Schutz f\u00fcr bessere Leistung und zuverl\u00e4ssigen Support.<\/li>\n<\/ul>\n<h2>Produktdetails<\/h2>\n<div class=\"row\"  id=\"row-1305921344\">\n\n\t<div id=\"col-2147042257\" class=\"col medium-10 small-12 large-10\"  >\n\t\t\t\t<div class=\"col-inner text-left\"  >\n\t\t\t\n\t\t\t\n<ul>\n<li>Die 100% LED-Module sind f\u00fcr den Frontzugriff konzipiert und verf\u00fcgen \u00fcber eine Magnetbefestigung f\u00fcr eine schnelle Wartung. Der Panelrahmen kann mit Schrauben direkt an der Sperrholzwand befestigt werden. Rahmenleisten sorgen f\u00fcr eine pr\u00e4zise Positionierung und sichere Installation.<\/li>\n<\/ul>\n\t<div class=\"img has-hover x md-x lg-x y md-y lg-y\" id=\"image_1961295664\">\n\t\t\t\t\t\t\t\t<div class=\"img-inner dark\" >\n\t\t\t<img loading=\"lazy\" decoding=\"async\" width=\"1000\" height=\"560\" src=\"https:\/\/www.telaled.com\/wp-content\/uploads\/2025\/08\/Montagem-direta-na-parede.webp\" class=\"attachment-original size-original\" alt=\"Direkte Wandmontage\" srcset=\"https:\/\/www.telaled.com\/wp-content\/uploads\/2025\/08\/Montagem-direta-na-parede.webp 1000w, https:\/\/www.telaled.com\/wp-content\/uploads\/2025\/08\/Montagem-direta-na-parede-300x168.webp 300w, https:\/\/www.telaled.com\/wp-content\/uploads\/2025\/08\/Montagem-direta-na-parede-768x430.webp 768w, https:\/\/www.telaled.com\/wp-content\/uploads\/2025\/08\/Montagem-direta-na-parede-18x10.webp 18w, https:\/\/www.telaled.com\/wp-content\/uploads\/2025\/08\/Montagem-direta-na-parede-600x336.webp 600w\" sizes=\"auto, (max-width: 1000px) 100vw, 1000px\" \/>\t\t\t\t\t\t\n\t\t\t\t\t<\/div>\n\t\t\t\t\t\t\t\t\n<style>\n#image_1961295664 {\n  width: 95%;\n}\n<\/style>\n\t<\/div>\n\t\n\t\t<\/div>\n\t\t\t\t\t<\/div>\n\n\t\n\n\t<div id=\"col-1406891749\" class=\"col medium-10 small-12 large-10\"  >\n\t\t\t\t<div class=\"col-inner text-left\"  >\n\t\t\t\n\t\t\t\n<ul>\n<li>Das 21:9-Display bietet mehr horizontalen Platz f\u00fcr Multitasking, kreatives Arbeiten, Gaming und Filme. Es bietet eine breitere Ansicht ohne schwarze Balken und kann Dual-Monitor-Konfigurationen ersetzen.<\/li>\n<\/ul>\n\t<div class=\"img has-hover x md-x lg-x y md-y lg-y\" id=\"image_881460387\">\n\t\t\t\t\t\t\t\t<div class=\"img-inner dark\" >\n\t\t\t<img loading=\"lazy\" decoding=\"async\" width=\"640\" height=\"430\" src=\"https:\/\/www.telaled.com\/wp-content\/uploads\/2025\/08\/Proporcao-de-aspecto-ultra-amplo.webp\" class=\"attachment-large size-large\" alt=\"Ultrabreites Seitenverh\u00e4ltnis\" srcset=\"https:\/\/www.telaled.com\/wp-content\/uploads\/2025\/08\/Proporcao-de-aspecto-ultra-amplo.webp 640w, https:\/\/www.telaled.com\/wp-content\/uploads\/2025\/08\/Proporcao-de-aspecto-ultra-amplo-300x202.webp 300w, https:\/\/www.telaled.com\/wp-content\/uploads\/2025\/08\/Proporcao-de-aspecto-ultra-amplo-18x12.webp 18w, https:\/\/www.telaled.com\/wp-content\/uploads\/2025\/08\/Proporcao-de-aspecto-ultra-amplo-600x403.webp 600w\" sizes=\"auto, (max-width: 640px) 100vw, 640px\" \/>\t\t\t\t\t\t\n\t\t\t\t\t<\/div>\n\t\t\t\t\t\t\t\t\n<style>\n#image_881460387 {\n  width: 95%;\n}\n<\/style>\n\t<\/div>\n\t\n<ul>\n<li>Doppelte Stromversorgung und Datensicherungen gew\u00e4hrleisten eine stabile und zuverl\u00e4ssige Leistung, ideal f\u00fcr Kontrollr\u00e4ume und andere anspruchsvolle Umgebungen, in denen Ausfallzeiten keine Option sind.<\/li>\n<\/ul>\n\t<div class=\"img has-hover x md-x lg-x y md-y lg-y\" id=\"image_337390416\">\n\t\t\t\t\t\t\t\t<div class=\"img-inner dark\" >\n\t\t\t<img loading=\"lazy\" decoding=\"async\" width=\"1020\" height=\"434\" src=\"https:\/\/www.telaled.com\/wp-content\/uploads\/2025\/08\/Backup-duplo-e-redundancia-1024x436.jpg\" class=\"attachment-large size-large\" alt=\"Doppelte Sicherung und Redundanz\" srcset=\"https:\/\/www.telaled.com\/wp-content\/uploads\/2025\/08\/Backup-duplo-e-redundancia-1024x436.jpg 1024w, https:\/\/www.telaled.com\/wp-content\/uploads\/2025\/08\/Backup-duplo-e-redundancia-300x128.jpg 300w, https:\/\/www.telaled.com\/wp-content\/uploads\/2025\/08\/Backup-duplo-e-redundancia-768x327.jpg 768w, https:\/\/www.telaled.com\/wp-content\/uploads\/2025\/08\/Backup-duplo-e-redundancia-18x8.jpg 18w, https:\/\/www.telaled.com\/wp-content\/uploads\/2025\/08\/Backup-duplo-e-redundancia-600x256.jpg 600w, https:\/\/www.telaled.com\/wp-content\/uploads\/2025\/08\/Backup-duplo-e-redundancia.jpg 1099w\" sizes=\"auto, (max-width: 1020px) 100vw, 1020px\" \/>\t\t\t\t\t\t\n\t\t\t\t\t<\/div>\n\t\t\t\t\t\t\t\t\n<style>\n#image_337390416 {\n  width: 95%;\n}\n<\/style>\n\t<\/div>\n\t\n\t\t<\/div>\n\t\t\t\t\t<\/div>\n\n\t\n\n\t<div id=\"col-111233785\" class=\"col medium-10 small-12 large-10\"  >\n\t\t\t\t<div class=\"col-inner text-left\"  >\n\t\t\t\n\t\t\t\n<ul>\n<li>LED-Displays werden je nach Typ und Anwendung verpackt. Komplette Displayeinheiten werden f\u00fcr maximale Stabilit\u00e4t in Holzkisten verpackt, w\u00e4hrend LED-Module in Kartons versendet werden. Renmtal-Displays erhalten eine Sonderbehandlung und werden typischerweise in Luftfrachtkisten oder einfachen Kartons verpackt, die f\u00fcr zus\u00e4tzlichen Schutz mit Holzrahmen verst\u00e4rkt sind.<\/li>\n<\/ul>\n\t<div class=\"img has-hover x md-x lg-x y md-y lg-y\" id=\"image_1775620257\">\n\t\t\t\t\t\t\t\t<div class=\"img-inner dark\" >\n\t\t\t<img loading=\"lazy\" decoding=\"async\" width=\"760\" height=\"1024\" src=\"https:\/\/www.telaled.com\/wp-content\/uploads\/2025\/06\/Embalagem-760x1024.webp\" class=\"attachment-large size-large\" alt=\"Verpackung\" srcset=\"https:\/\/www.telaled.com\/wp-content\/uploads\/2025\/06\/Embalagem-760x1024.webp 760w, https:\/\/www.telaled.com\/wp-content\/uploads\/2025\/06\/Embalagem-223x300.webp 223w, https:\/\/www.telaled.com\/wp-content\/uploads\/2025\/06\/Embalagem-768x1035.webp 768w, https:\/\/www.telaled.com\/wp-content\/uploads\/2025\/06\/Embalagem-9x12.webp 9w, https:\/\/www.telaled.com\/wp-content\/uploads\/2025\/06\/Embalagem-600x808.webp 600w, https:\/\/www.telaled.com\/wp-content\/uploads\/2025\/06\/Embalagem.webp 795w\" sizes=\"auto, (max-width: 760px) 100vw, 760px\" \/>\t\t\t\t\t\t\n\t\t\t\t\t<\/div>\n\t\t\t\t\t\t\t\t\n<style>\n#image_1775620257 {\n  width: 95%;\n}\n<\/style>\n\t<\/div>\n\t\n\t\t<\/div>\n\t\t\t\t\t<\/div>\n\n\t\n<\/div>\n\t\t<\/div>\n\t\t\t\t\t<\/div>\n\n\t\n\n\t<div id=\"col-1386445196\" class=\"col small-12 large-12\"  >\n\t\t\t\t<div class=\"col-inner\"  >\n\t\t\t\n\t\t\t\n<div class=\"row\"  id=\"row-930318999\">\n\n\t<div id=\"col-548453952\" class=\"col medium-10 small-12 large-10\"  >\n\t\t\t\t<div class=\"col-inner\"  >\n\t\t\t\n\t\t\t\n\n<table id=\"tablepress-56\" class=\"tablepress tablepress-id-56\">\n<thead>\n<tr class=\"row-1\">\n\t<th class=\"column-1\">Modell<\/th><th class=\"column-2\">THO 1,25<\/th><th class=\"column-3\">THO 1.56<\/th>\n<\/tr>\n<\/thead>\n<tbody class=\"row-striping row-hover\">\n<tr class=\"row-2\">\n\t<td class=\"column-1\">Pixelabstand (mm)<\/td><td class=\"column-2\">1.25<\/td><td class=\"column-3\">1.56<\/td>\n<\/tr>\n<tr class=\"row-3\">\n\t<td class=\"column-1\">Schrankaufl\u00f6sung (L\u00d7A)<\/td><td class=\"column-2\">640\u00d7270<\/td><td class=\"column-3\">512\u00d7216<\/td>\n<\/tr>\n<tr class=\"row-4\">\n\t<td class=\"column-1\">Modulgr\u00f6\u00dfe (mm) (B\u00d7H)<\/td><td class=\"column-2\">200\u00d7337,5<\/td><td class=\"column-3\">200\u00d7337,5<\/td>\n<\/tr>\n<tr class=\"row-5\">\n\t<td class=\"column-1\">Geh\u00e4usegr\u00f6\u00dfe (mm) (B\u00d7H\u00d7T)<\/td><td class=\"column-2\">800\u00d7337,5\u00d738<\/td><td class=\"column-3\">800\u00d7337,5\u00d738<\/td>\n<\/tr>\n<tr class=\"row-6\">\n\t<td class=\"column-1\">Helligkeit (Nits)<\/td><td class=\"column-2\">Standardhelligkeit \u22641500 Hohe Helligkeit \u22643500<\/td><td class=\"column-3\">Standardhelligkeit \u22641500 Hohe Helligkeit \u22643500<\/td>\n<\/tr>\n<tr class=\"row-7\">\n\t<td class=\"column-1\">Graustufen (Bit)<\/td><td class=\"column-2\">14~16<\/td><td class=\"column-3\">14~16<\/td>\n<\/tr>\n<tr class=\"row-8\">\n\t<td class=\"column-1\">Pixelkalibrierung<\/td><td class=\"column-2\">Unterst\u00fctzung f\u00fcr Helligkeits- und Farbkalibrierung<\/td><td class=\"column-3\">Unterst\u00fctzung f\u00fcr Helligkeits- und Farbkalibrierung<\/td>\n<\/tr>\n<tr class=\"row-9\">\n\t<td class=\"column-1\">Farbtemperatur (K)<\/td><td class=\"column-2\">2000~12000 (einstellbar)<\/td><td class=\"column-3\">2000~12000 (einstellbar)<\/td>\n<\/tr>\n<tr class=\"row-10\">\n\t<td class=\"column-1\">Steuerungssystem<\/td><td class=\"column-2\">Synchronsteuerung<\/td><td class=\"column-3\">Synchronsteuerung<\/td>\n<\/tr>\n<tr class=\"row-11\">\n\t<td class=\"column-1\">Fahrmodus<\/td><td class=\"column-2\">Konstantstromantrieb (kompatibel)<\/td><td class=\"column-3\">Konstantstromantrieb (kompatibel)<\/td>\n<\/tr>\n<tr class=\"row-12\">\n\t<td class=\"column-1\">Bildrate (Hz)<\/td><td class=\"column-2\">50\/60<\/td><td class=\"column-3\">50\/60<\/td>\n<\/tr>\n<tr class=\"row-13\">\n\t<td class=\"column-1\">Bildwiederholrate (Hz)<\/td><td class=\"column-2\">\u22653840<\/td><td class=\"column-3\">\u22653840<\/td>\n<\/tr>\n<tr class=\"row-14\">\n\t<td class=\"column-1\">Betriebsspannung (V)<\/td><td class=\"column-2\">AC100~240V (50~60Hz)<\/td><td class=\"column-3\">AC100~240V (50~60Hz)<\/td>\n<\/tr>\n<tr class=\"row-15\">\n\t<td class=\"column-1\">Maximaler Energieverbrauch (W\/m\u00b2)<\/td><td class=\"column-2\">\u2264450<\/td><td class=\"column-3\">\u2264450<\/td>\n<\/tr>\n<tr class=\"row-16\">\n\t<td class=\"column-1\">Durchschnittlicher Energieverbrauch (W\/m\u00b2)<\/td><td class=\"column-2\">\u2264180<\/td><td class=\"column-3\">\u2264180<\/td>\n<\/tr>\n<tr class=\"row-17\">\n\t<td class=\"column-1\">Nutzungsdauer (H)<\/td><td class=\"column-2\">\u2264100.000<\/td><td class=\"column-3\">\u2264100.000<\/td>\n<\/tr>\n<tr class=\"row-18\">\n\t<td class=\"column-1\">Betriebstemperatur (\u00b0C \/ \u00b0F)<\/td><td class=\"column-2\">-10~+40 \/ +14~+104<\/td><td class=\"column-3\">-10~+40 \/ +14~+104<\/td>\n<\/tr>\n<tr class=\"row-19\">\n\t<td class=\"column-1\">Lagertemperatur (\u00b0C \/ \u00b0F)<\/td><td class=\"column-2\">-20~+60 \/ -4~+140<\/td><td class=\"column-3\">-20~+60 \/ -4~+140<\/td>\n<\/tr>\n<tr class=\"row-20\">\n\t<td class=\"column-1\">Luftfeuchtigkeit bei Betrieb<\/td><td class=\"column-2\">10%~80%<\/td><td class=\"column-3\">10%~80%<\/td>\n<\/tr>\n<tr class=\"row-21\">\n\t<td class=\"column-1\">Schrankgewicht (kg\/lbs)<\/td><td class=\"column-2\">6.8 \/ 15<\/td><td class=\"column-3\">6.8 \/ 15<\/td>\n<\/tr>\n<\/tbody>\n<\/table>\n<!-- #tablepress-56 from cache -->\n\t\t<\/div>\n\t\t\t\t\t<\/div>\n\n\t\n<\/div>\n\t\t<\/div>\n\t\t\t\t\t<\/div>\n\n\t\n<\/div>","protected":false},"excerpt":{"rendered":"<p><strong>HD-LED-Display der THO-Serie: All-in-One-LED-Display, Breitformat, pr\u00e4zise Leistung.<\/strong><\/p>\n<p>Mit seinem ultrabreiten Seitenverh\u00e4ltnis von 21:9 ist er der ideale Ersatz f\u00fcr Dual-Monitor-Konfigurationen in Kontrollr\u00e4umen, Kommandozentralen und anspruchsvollen Umgebungen. Dank der feinen Pixel liefert er gestochen scharfe, detailreiche Bilder.<\/p>\n<p><strong>Haupteigenschaften:<\/strong><\/p>\n<ul>\n<li><strong>Hochaufl\u00f6sende Bildqualit\u00e4t:<\/strong> feine Pixel von <a href=\"https:\/\/www.telaled.com\/de\/fabrica\/modulo-painel-de-led-p1-25\/\">1,25 mm<\/a> Und <a href=\"https:\/\/www.telaled.com\/de\/fabrica\/modulo-painel-de-led-p1-56\/\">1,56 mm<\/a> Sie gew\u00e4hrleisten scharfe Bilder und klaren Text f\u00fcr Anwendungen mit vielen Details.<\/li>\n<li><strong>Platzsparendes Design:<\/strong> Die vollst\u00e4ndige Struktur vereinfacht die Installation und macht mehrere Monitore \u00fcberfl\u00fcssig.<\/li>\n<li><strong>Pr\u00e4zisionstechnik:<\/strong> Die kompakten Modulabmessungen (200 x 337,5 mm) und die geringe Geh\u00e4usetiefe (38 mm) sorgen f\u00fcr eine elegante und professionelle Konfiguration.<\/li>\n<\/ul>\n<p>Wir bieten 24\/7-Fernsupport und 3 Jahre Garantie. Kontaktieren Sie uns noch heute f\u00fcr ein individuelles Angebot.<\/p>","protected":false},"featured_media":2903,"template":"","meta":[],"product_brand":[],"product_cat":[40,46],"product_tag":[],"class_list":{"0":"post-2902","1":"product","2":"type-product","3":"status-publish","4":"has-post-thumbnail","6":"product_cat-painel-de-led","7":"product_cat-painel-de-video","9":"first","10":"instock","11":"shipping-taxable","12":"product-type-simple"},"yoast_head":"<!-- This site is optimized with the Yoast SEO plugin v27.5 - https:\/\/yoast.com\/product\/yoast-seo-wordpress\/ -->\n<title>Painel de LED HD S\u00e9rie THO | Tela de Alta Resolu\u00e7\u00e3o para Imagens N\u00edtidas |TELALED<\/title>\n<meta name=\"description\" content=\"Aprimore seus recursos visuais com o painel LED HD da s\u00e9rie THO. Projetado para uso interno, ele oferece alta resolu\u00e7\u00e3o, cores vibrantes e desempenho suave para eventos, salas de controle e displays publicit\u00e1rios.\" \/>\n<meta name=\"robots\" content=\"index, follow, max-snippet:-1, max-image-preview:large, max-video-preview:-1\" \/>\n<link rel=\"canonical\" href=\"https:\/\/www.telaled.com\/de\/fabrica\/painel-de-led-hd-serie-tho\/\" \/>\n<meta property=\"og:locale\" content=\"de_DE\" \/>\n<meta property=\"og:type\" content=\"article\" \/>\n<meta property=\"og:title\" content=\"Painel de LED HD S\u00e9rie THO | Tela de Alta Resolu\u00e7\u00e3o para Imagens N\u00edtidas |TELALED\" \/>\n<meta property=\"og:description\" content=\"Aprimore seus recursos visuais com o painel LED HD da s\u00e9rie THO. Projetado para uso interno, ele oferece alta resolu\u00e7\u00e3o, cores vibrantes e desempenho suave para eventos, salas de controle e displays publicit\u00e1rios.\" \/>\n<meta property=\"og:url\" content=\"https:\/\/www.telaled.com\/de\/fabrica\/painel-de-led-hd-serie-tho\/\" \/>\n<meta property=\"og:site_name\" content=\"TELALED\" \/>\n<meta property=\"article:modified_time\" content=\"2026-01-05T04:05:22+00:00\" \/>\n<meta property=\"og:image\" content=\"https:\/\/www.telaled.com\/wp-content\/uploads\/2025\/08\/Painel-de-LED-HD-Serie-THO.webp\" \/>\n\t<meta property=\"og:image:width\" content=\"500\" \/>\n\t<meta property=\"og:image:height\" content=\"500\" \/>\n\t<meta property=\"og:image:type\" content=\"image\/webp\" \/>\n<meta name=\"twitter:card\" content=\"summary_large_image\" \/>\n<meta name=\"twitter:label1\" content=\"Gesch\u00e4tzte Lesezeit\" \/>\n\t<meta name=\"twitter:data1\" content=\"3\u00a0Minuten\" \/>\n<script type=\"application\/ld+json\" class=\"yoast-schema-graph\">{\"@context\":\"https:\\\/\\\/schema.org\",\"@graph\":[{\"@type\":\"WebPage\",\"@id\":\"https:\\\/\\\/www.telaled.com\\\/fabrica\\\/painel-de-led-hd-serie-tho\\\/\",\"url\":\"https:\\\/\\\/www.telaled.com\\\/fabrica\\\/painel-de-led-hd-serie-tho\\\/\",\"name\":\"Painel de LED HD S\u00e9rie THO | Tela de Alta Resolu\u00e7\u00e3o para Imagens N\u00edtidas |TELALED\",\"isPartOf\":{\"@id\":\"https:\\\/\\\/www.telaled.com\\\/#website\"},\"primaryImageOfPage\":{\"@id\":\"https:\\\/\\\/www.telaled.com\\\/fabrica\\\/painel-de-led-hd-serie-tho\\\/#primaryimage\"},\"image\":{\"@id\":\"https:\\\/\\\/www.telaled.com\\\/fabrica\\\/painel-de-led-hd-serie-tho\\\/#primaryimage\"},\"thumbnailUrl\":\"https:\\\/\\\/www.telaled.com\\\/wp-content\\\/uploads\\\/2025\\\/08\\\/Painel-de-LED-HD-Serie-THO.webp\",\"datePublished\":\"2025-08-08T01:45:40+00:00\",\"dateModified\":\"2026-01-05T04:05:22+00:00\",\"description\":\"Aprimore seus recursos visuais com o painel LED HD da s\u00e9rie THO. Projetado para uso interno, ele oferece alta resolu\u00e7\u00e3o, cores vibrantes e desempenho suave para eventos, salas de controle e displays publicit\u00e1rios.\",\"breadcrumb\":{\"@id\":\"https:\\\/\\\/www.telaled.com\\\/fabrica\\\/painel-de-led-hd-serie-tho\\\/#breadcrumb\"},\"inLanguage\":\"de\",\"potentialAction\":[{\"@type\":\"ReadAction\",\"target\":[\"https:\\\/\\\/www.telaled.com\\\/fabrica\\\/painel-de-led-hd-serie-tho\\\/\"]}]},{\"@type\":\"ImageObject\",\"inLanguage\":\"de\",\"@id\":\"https:\\\/\\\/www.telaled.com\\\/fabrica\\\/painel-de-led-hd-serie-tho\\\/#primaryimage\",\"url\":\"https:\\\/\\\/www.telaled.com\\\/wp-content\\\/uploads\\\/2025\\\/08\\\/Painel-de-LED-HD-Serie-THO.webp\",\"contentUrl\":\"https:\\\/\\\/www.telaled.com\\\/wp-content\\\/uploads\\\/2025\\\/08\\\/Painel-de-LED-HD-Serie-THO.webp\",\"width\":500,\"height\":500,\"caption\":\"Painel-de-LED-HD-S\u00e9rie-THO\"},{\"@type\":\"BreadcrumbList\",\"@id\":\"https:\\\/\\\/www.telaled.com\\\/fabrica\\\/painel-de-led-hd-serie-tho\\\/#breadcrumb\",\"itemListElement\":[{\"@type\":\"ListItem\",\"position\":1,\"name\":\"Home\",\"item\":\"https:\\\/\\\/www.telaled.com\\\/\"},{\"@type\":\"ListItem\",\"position\":2,\"name\":\"Produtos\",\"item\":\"https:\\\/\\\/www.telaled.com\\\/shop\\\/\"},{\"@type\":\"ListItem\",\"position\":3,\"name\":\"Painel de LED HD S\u00e9rie THO\"}]},{\"@type\":\"WebSite\",\"@id\":\"https:\\\/\\\/www.telaled.com\\\/#website\",\"url\":\"https:\\\/\\\/www.telaled.com\\\/\",\"name\":\"TELALED\",\"description\":\"\",\"potentialAction\":[{\"@type\":\"SearchAction\",\"target\":{\"@type\":\"EntryPoint\",\"urlTemplate\":\"https:\\\/\\\/www.telaled.com\\\/?s={search_term_string}\"},\"query-input\":{\"@type\":\"PropertyValueSpecification\",\"valueRequired\":true,\"valueName\":\"search_term_string\"}}],\"inLanguage\":\"de\"}]}<\/script>\n<!-- \/ Yoast SEO plugin. -->","yoast_head_json":{"title":"HD-LED-Panel der THO-Serie | Hochaufl\u00f6sender Bildschirm f\u00fcr scharfe Bilder | TELALED","description":"Verbessern Sie Ihre Visualisierung mit dem HD-LED-Display der THO-Serie. Es wurde f\u00fcr den Innenbereich entwickelt und bietet hohe Aufl\u00f6sung, lebendige Farben und reibungslose Leistung f\u00fcr Veranstaltungen, Kontrollr\u00e4ume und Werbedisplays.","robots":{"index":"index","follow":"follow","max-snippet":"max-snippet:-1","max-image-preview":"max-image-preview:large","max-video-preview":"max-video-preview:-1"},"canonical":"https:\/\/www.telaled.com\/de\/fabrica\/painel-de-led-hd-serie-tho\/","og_locale":"de_DE","og_type":"article","og_title":"Painel de LED HD S\u00e9rie THO | Tela de Alta Resolu\u00e7\u00e3o para Imagens N\u00edtidas |TELALED","og_description":"Aprimore seus recursos visuais com o painel LED HD da s\u00e9rie THO. Projetado para uso interno, ele oferece alta resolu\u00e7\u00e3o, cores vibrantes e desempenho suave para eventos, salas de controle e displays publicit\u00e1rios.","og_url":"https:\/\/www.telaled.com\/de\/fabrica\/painel-de-led-hd-serie-tho\/","og_site_name":"TELALED","article_modified_time":"2026-01-05T04:05:22+00:00","og_image":[{"width":500,"height":500,"url":"https:\/\/www.telaled.com\/wp-content\/uploads\/2025\/08\/Painel-de-LED-HD-Serie-THO.webp","type":"image\/webp"}],"twitter_card":"summary_large_image","twitter_misc":{"Gesch\u00e4tzte Lesezeit":"3\u00a0Minuten"},"schema":{"@context":"https:\/\/schema.org","@graph":[{"@type":"WebPage","@id":"https:\/\/www.telaled.com\/fabrica\/painel-de-led-hd-serie-tho\/","url":"https:\/\/www.telaled.com\/fabrica\/painel-de-led-hd-serie-tho\/","name":"HD-LED-Panel der THO-Serie | Hochaufl\u00f6sender Bildschirm f\u00fcr scharfe Bilder | TELALED","isPartOf":{"@id":"https:\/\/www.telaled.com\/#website"},"primaryImageOfPage":{"@id":"https:\/\/www.telaled.com\/fabrica\/painel-de-led-hd-serie-tho\/#primaryimage"},"image":{"@id":"https:\/\/www.telaled.com\/fabrica\/painel-de-led-hd-serie-tho\/#primaryimage"},"thumbnailUrl":"https:\/\/www.telaled.com\/wp-content\/uploads\/2025\/08\/Painel-de-LED-HD-Serie-THO.webp","datePublished":"2025-08-08T01:45:40+00:00","dateModified":"2026-01-05T04:05:22+00:00","description":"Verbessern Sie Ihre Visualisierung mit dem HD-LED-Display der THO-Serie. Es wurde f\u00fcr den Innenbereich entwickelt und bietet hohe Aufl\u00f6sung, lebendige Farben und reibungslose Leistung f\u00fcr Veranstaltungen, Kontrollr\u00e4ume und Werbedisplays.","breadcrumb":{"@id":"https:\/\/www.telaled.com\/fabrica\/painel-de-led-hd-serie-tho\/#breadcrumb"},"inLanguage":"de","potentialAction":[{"@type":"ReadAction","target":["https:\/\/www.telaled.com\/fabrica\/painel-de-led-hd-serie-tho\/"]}]},{"@type":"ImageObject","inLanguage":"de","@id":"https:\/\/www.telaled.com\/fabrica\/painel-de-led-hd-serie-tho\/#primaryimage","url":"https:\/\/www.telaled.com\/wp-content\/uploads\/2025\/08\/Painel-de-LED-HD-Serie-THO.webp","contentUrl":"https:\/\/www.telaled.com\/wp-content\/uploads\/2025\/08\/Painel-de-LED-HD-Serie-THO.webp","width":500,"height":500,"caption":"Painel-de-LED-HD-S\u00e9rie-THO"},{"@type":"BreadcrumbList","@id":"https:\/\/www.telaled.com\/fabrica\/painel-de-led-hd-serie-tho\/#breadcrumb","itemListElement":[{"@type":"ListItem","position":1,"name":"Home","item":"https:\/\/www.telaled.com\/"},{"@type":"ListItem","position":2,"name":"Produtos","item":"https:\/\/www.telaled.com\/shop\/"},{"@type":"ListItem","position":3,"name":"Painel de LED HD S\u00e9rie THO"}]},{"@type":"WebSite","@id":"https:\/\/www.telaled.com\/#website","url":"https:\/\/www.telaled.com\/","name":"LED-Bildschirm","description":"","potentialAction":[{"@type":"SearchAction","target":{"@type":"EntryPoint","urlTemplate":"https:\/\/www.telaled.com\/?s={search_term_string}"},"query-input":{"@type":"PropertyValueSpecification","valueRequired":true,"valueName":"search_term_string"}}],"inLanguage":"de"}]}},"_links":{"self":[{"href":"https:\/\/www.telaled.com\/de\/wp-json\/wp\/v2\/product\/2902","targetHints":{"allow":["GET"]}}],"collection":[{"href":"https:\/\/www.telaled.com\/de\/wp-json\/wp\/v2\/product"}],"about":[{"href":"https:\/\/www.telaled.com\/de\/wp-json\/wp\/v2\/types\/product"}],"wp:featuredmedia":[{"embeddable":true,"href":"https:\/\/www.telaled.com\/de\/wp-json\/wp\/v2\/media\/2903"}],"wp:attachment":[{"href":"https:\/\/www.telaled.com\/de\/wp-json\/wp\/v2\/media?parent=2902"}],"wp:term":[{"taxonomy":"product_brand","embeddable":true,"href":"https:\/\/www.telaled.com\/de\/wp-json\/wp\/v2\/product_brand?post=2902"},{"taxonomy":"product_cat","embeddable":true,"href":"https:\/\/www.telaled.com\/de\/wp-json\/wp\/v2\/product_cat?post=2902"},{"taxonomy":"product_tag","embeddable":true,"href":"https:\/\/www.telaled.com\/de\/wp-json\/wp\/v2\/product_tag?post=2902"}],"curies":[{"name":"wp","href":"https:\/\/api.w.org\/{rel}","templated":true}]}}