{"id":2877,"date":"2025-08-06T02:44:14","date_gmt":"2025-08-06T02:44:14","guid":{"rendered":"https:\/\/www.telaled.com\/?post_type=product&#038;p=2877"},"modified":"2026-01-05T03:21:25","modified_gmt":"2026-01-05T03:21:25","slug":"painel-de-led-para-sala-de-conferencia-serie-tid","status":"publish","type":"product","link":"https:\/\/www.telaled.com\/de\/fabrica\/painel-de-led-para-sala-de-conferencia-serie-tid\/","title":{"rendered":"LED-Panel f\u00fcr Konferenzr\u00e4ume der TID-Serie"},"content":{"rendered":"<div class=\"row\"  id=\"row-1279221369\">\n\n\t<div id=\"col-1805725114\" class=\"col small-12 large-12\"  >\n\t\t\t\t<div class=\"col-inner\"  >\n\t\t\t\n\t\t\t\n<h2>Exklusive Vorteile der LED-Anzeigen der TID-Serie f\u00fcr Konferenzr\u00e4ume<\/h2>\n<h3><strong>\u00dcberragende Haltbarkeit<\/strong><\/h3>\n<ul>\n<li>Geh\u00e4use aus Magnesiumlegierung mit vollst\u00e4ndig abgedichteter R\u00fcckseite f\u00fcr Staubbest\u00e4ndigkeit und langfristige Zuverl\u00e4ssigkeit.<\/li>\n<li>Hochwertige LED-Module mit stabilem, starrem Verbindungsdesign sorgen f\u00fcr gleichbleibende Leistung und reduzierten Wartungsbedarf.<\/li>\n<\/ul>\n<h3><strong>Au\u00dfergew\u00f6hnliche Bildqualit\u00e4t<\/strong><\/h3>\n<ul>\n<li>Die Bildwiederholfrequenz von 3840 Hz und das Kontrastverh\u00e4ltnis von 6000:1 sorgen f\u00fcr eine fl\u00fcssige, flimmerfreie Wiedergabe mit tiefen Schwarzt\u00f6nen und lebendigen Farben f\u00fcr ein professionelles visuelles Erlebnis.<\/li>\n<li>Weite Betrachtungswinkel von 160\u00b0 horizontal und 140\u00b0 vertikal sorgen f\u00fcr klare und pr\u00e4zise Bilder aus praktisch jeder Position im Raum.<\/li>\n<\/ul>\n<h3><strong>Vollst\u00e4ndige Anpassungsf\u00e4higkeit<\/strong><\/h3>\n<ul>\n<li>Das Bildschirmseitenverh\u00e4ltnis 4:3 unterst\u00fctzt 4:3- und 16:9-Bildschirmkonfigurationen f\u00fcr unterschiedliche Raumaufteilungen.<\/li>\n<li>Mehrere Pixelabstandsoptionen (P1.23\u2013P4.0), um den Anforderungen an Betrachtungsabstand und Aufl\u00f6sung gerecht zu werden.<\/li>\n<\/ul>\n<h3><strong>Umfassende Unterst\u00fctzung<\/strong><\/h3>\n<ul>\n<li>Technischer Remote-Support rund um die Uhr: Erhalten Sie Unterst\u00fctzung, wann immer Sie sie brauchen, wo immer Sie sind.<\/li>\n<li>5% mitgelieferte Ersatzteile: Jede Lieferung enth\u00e4lt zus\u00e4tzliche Komponenten f\u00fcr mehr Zuverl\u00e4ssigkeit und Sicherheit.<\/li>\n<li>3 Jahre erweiterte Garantie: Profitieren Sie von langfristigem Schutz f\u00fcr bessere Leistung und zuverl\u00e4ssigen Support.<\/li>\n<\/ul>\n<h2>Produktdetails<\/h2>\n<div class=\"row\"  id=\"row-268732550\">\n\n\t<div id=\"col-1748840266\" class=\"col medium-10 small-12 large-10\"  >\n\t\t\t\t<div class=\"col-inner text-left\"  >\n\t\t\t\n\t\t\t\n<ul>\n<li>Das 640 x 480 mm gro\u00dfe Geh\u00e4use aus Magnesiumlegierung ist mit einem Gewicht von nur 7,5 kg und einer Dicke von lediglich 48 mm besonders leicht. Der schnelle und pr\u00e4zise Verriegelungsmechanismus gew\u00e4hrleistet eine perfekte Ausrichtung, w\u00e4hrend die ergonomischen Griffe eine schnelle und sichere Montage und einen sicheren Transport erm\u00f6glichen.<\/li>\n<\/ul>\n\t<div class=\"img has-hover x md-x lg-x y md-y lg-y\" id=\"image_1428988838\">\n\t\t\t\t\t\t\t\t<div class=\"img-inner dark\" >\n\t\t\t<img loading=\"lazy\" decoding=\"async\" width=\"800\" height=\"404\" src=\"https:\/\/www.telaled.com\/wp-content\/uploads\/2025\/08\/Design-de-gabinete-ideal.webp\" class=\"attachment-original size-original\" alt=\"Ideales Schrankdesign\" srcset=\"https:\/\/www.telaled.com\/wp-content\/uploads\/2025\/08\/Design-de-gabinete-ideal.webp 800w, https:\/\/www.telaled.com\/wp-content\/uploads\/2025\/08\/Design-de-gabinete-ideal-300x152.webp 300w, https:\/\/www.telaled.com\/wp-content\/uploads\/2025\/08\/Design-de-gabinete-ideal-768x388.webp 768w, https:\/\/www.telaled.com\/wp-content\/uploads\/2025\/08\/Design-de-gabinete-ideal-18x9.webp 18w, https:\/\/www.telaled.com\/wp-content\/uploads\/2025\/08\/Design-de-gabinete-ideal-600x303.webp 600w\" sizes=\"auto, (max-width: 800px) 100vw, 800px\" \/>\t\t\t\t\t\t\n\t\t\t\t\t<\/div>\n\t\t\t\t\t\t\t\t\n<style>\n#image_1428988838 {\n  width: 95%;\n}\n<\/style>\n\t<\/div>\n\t\n\t\t<\/div>\n\t\t\t\t\t<\/div>\n\n\t\n\n\t<div id=\"col-1474001278\" class=\"col medium-10 small-12 large-10\"  >\n\t\t\t\t<div class=\"col-inner text-left\"  >\n\t\t\t\n\t\t\t\n<ul>\n<li>Magnetische LED-Module lassen sich in weniger als 5 Sekunden l\u00f6sen, um einen schnellen Zugriff auf alle Komponenten von vorne zu erm\u00f6glichen. Das spart Zeit und macht einen Zugriff von hinten \u00fcberfl\u00fcssig.<\/li>\n<\/ul>\n\t<div class=\"img has-hover x md-x lg-x y md-y lg-y\" id=\"image_1571063623\">\n\t\t\t\t\t\t\t\t<div class=\"img-inner dark\" >\n\t\t\t<img loading=\"lazy\" decoding=\"async\" width=\"800\" height=\"500\" src=\"https:\/\/www.telaled.com\/wp-content\/uploads\/2025\/08\/Manutencao-Frontal-Completa-2.webp\" class=\"attachment-large size-large\" alt=\"Komplette Frontwartung\" srcset=\"https:\/\/www.telaled.com\/wp-content\/uploads\/2025\/08\/Manutencao-Frontal-Completa-2.webp 800w, https:\/\/www.telaled.com\/wp-content\/uploads\/2025\/08\/Manutencao-Frontal-Completa-2-300x188.webp 300w, https:\/\/www.telaled.com\/wp-content\/uploads\/2025\/08\/Manutencao-Frontal-Completa-2-768x480.webp 768w, https:\/\/www.telaled.com\/wp-content\/uploads\/2025\/08\/Manutencao-Frontal-Completa-2-18x12.webp 18w, https:\/\/www.telaled.com\/wp-content\/uploads\/2025\/08\/Manutencao-Frontal-Completa-2-600x375.webp 600w\" sizes=\"auto, (max-width: 800px) 100vw, 800px\" \/>\t\t\t\t\t\t\n\t\t\t\t\t<\/div>\n\t\t\t\t\t\t\t\t\n<style>\n#image_1571063623 {\n  width: 95%;\n}\n<\/style>\n\t<\/div>\n\t\n<ul>\n<li>Es verwendet pr\u00e4zise Schnellverschl\u00fcsse und interne Verkabelung, um eine nahtlose Ausrichtung zu gew\u00e4hrleisten. Die Geh\u00e4use lassen sich reibungslos verbinden und bieten eine ultraflache Oberfl\u00e4che und ein makelloses Seherlebnis.<\/li>\n<\/ul>\n\t<div class=\"img has-hover x md-x lg-x y md-y lg-y\" id=\"image_1563161328\">\n\t\t\t\t\t\t\t\t<div class=\"img-inner dark\" >\n\t\t\t<img loading=\"lazy\" decoding=\"async\" width=\"660\" height=\"440\" src=\"https:\/\/www.telaled.com\/wp-content\/uploads\/2025\/08\/Emenda-perfeita-para-uma-exibicao-excepcional.webp\" class=\"attachment-large size-large\" alt=\"\" srcset=\"https:\/\/www.telaled.com\/wp-content\/uploads\/2025\/08\/Emenda-perfeita-para-uma-exibicao-excepcional.webp 660w, https:\/\/www.telaled.com\/wp-content\/uploads\/2025\/08\/Emenda-perfeita-para-uma-exibicao-excepcional-300x200.webp 300w, https:\/\/www.telaled.com\/wp-content\/uploads\/2025\/08\/Emenda-perfeita-para-uma-exibicao-excepcional-18x12.webp 18w, https:\/\/www.telaled.com\/wp-content\/uploads\/2025\/08\/Emenda-perfeita-para-uma-exibicao-excepcional-600x400.webp 600w\" sizes=\"auto, (max-width: 660px) 100vw, 660px\" \/>\t\t\t\t\t\t\n\t\t\t\t\t<\/div>\n\t\t\t\t\t\t\t\t\n<style>\n#image_1563161328 {\n  width: 95%;\n}\n<\/style>\n\t<\/div>\n\t\n\t\t<\/div>\n\t\t\t\t\t<\/div>\n\n\t\n\n\t<div id=\"col-990065856\" class=\"col medium-10 small-12 large-10\"  >\n\t\t\t\t<div class=\"col-inner text-left\"  >\n\t\t\t\n\t\t\t\n<ul>\n<li>LED-Displays werden je nach Typ und Anwendung verpackt. Komplette Displayeinheiten werden f\u00fcr maximale Stabilit\u00e4t in Holzkisten verpackt, w\u00e4hrend LED-Module in Kartons versendet werden. Renmtal-Displays erhalten eine Sonderbehandlung und werden typischerweise in Luftfrachtkisten oder einfachen Kartons verpackt, die f\u00fcr zus\u00e4tzlichen Schutz mit Holzrahmen verst\u00e4rkt sind.<\/li>\n<\/ul>\n\t<div class=\"img has-hover x md-x lg-x y md-y lg-y\" id=\"image_1875957684\">\n\t\t\t\t\t\t\t\t<div class=\"img-inner dark\" >\n\t\t\t<img loading=\"lazy\" decoding=\"async\" width=\"760\" height=\"1024\" src=\"https:\/\/www.telaled.com\/wp-content\/uploads\/2025\/06\/Embalagem-760x1024.webp\" class=\"attachment-large size-large\" alt=\"Verpackung\" srcset=\"https:\/\/www.telaled.com\/wp-content\/uploads\/2025\/06\/Embalagem-760x1024.webp 760w, https:\/\/www.telaled.com\/wp-content\/uploads\/2025\/06\/Embalagem-223x300.webp 223w, https:\/\/www.telaled.com\/wp-content\/uploads\/2025\/06\/Embalagem-768x1035.webp 768w, https:\/\/www.telaled.com\/wp-content\/uploads\/2025\/06\/Embalagem-9x12.webp 9w, https:\/\/www.telaled.com\/wp-content\/uploads\/2025\/06\/Embalagem-600x808.webp 600w, https:\/\/www.telaled.com\/wp-content\/uploads\/2025\/06\/Embalagem.webp 795w\" sizes=\"auto, (max-width: 760px) 100vw, 760px\" \/>\t\t\t\t\t\t\n\t\t\t\t\t<\/div>\n\t\t\t\t\t\t\t\t\n<style>\n#image_1875957684 {\n  width: 95%;\n}\n<\/style>\n\t<\/div>\n\t\n\t\t<\/div>\n\t\t\t\t\t<\/div>\n\n\t\n<\/div>\n\t\t<\/div>\n\t\t\t\t\t<\/div>\n\n\t\n\n\t<div id=\"col-533191286\" class=\"col small-12 large-12\"  >\n\t\t\t\t<div class=\"col-inner\"  >\n\t\t\t\n\t\t\t\n<div class=\"row\"  id=\"row-1437112118\">\n\n\t<div id=\"col-1760186512\" class=\"col medium-10 small-12 large-10\"  >\n\t\t\t\t<div class=\"col-inner\"  >\n\t\t\t\n\t\t\t\n\n<table id=\"tablepress-54\" class=\"tablepress tablepress-id-54\">\n<thead>\n<tr class=\"row-1\">\n\t<th class=\"column-1\">Artikel<\/th><th class=\"column-2\">TID 1.25<\/th><th class=\"column-3\">TID 1.53<\/th><th class=\"column-4\">TID 1.86<\/th><th class=\"column-5\">TID 2.5<\/th>\n<\/tr>\n<\/thead>\n<tbody class=\"row-striping row-hover\">\n<tr class=\"row-2\">\n\t<td class=\"column-1\">Pixelabstand (mm)<\/td><td class=\"column-2\">P1,25 mm<\/td><td class=\"column-3\">P1,53 mm<\/td><td class=\"column-4\">P1,86 mm<\/td><td class=\"column-5\">P2,5 mm<\/td>\n<\/tr>\n<tr class=\"row-3\">\n\t<td class=\"column-1\">LED<\/td><td class=\"column-2\">SMD1010<\/td><td class=\"column-3\">SMD1212<\/td><td class=\"column-4\">SMD1515<\/td><td class=\"column-5\">SMD2020<\/td>\n<\/tr>\n<tr class=\"row-4\">\n\t<td class=\"column-1\">Modulaufl\u00f6sung (Punkte)<\/td><td class=\"column-2\">256*128<\/td><td class=\"column-3\">208*104<\/td><td class=\"column-4\">172*86<\/td><td class=\"column-5\">128*64<\/td>\n<\/tr>\n<tr class=\"row-5\">\n\t<td class=\"column-1\">Modulgr\u00f6\u00dfe (mm)<\/td><td class=\"column-2\">320*160<\/td><td class=\"column-3\">320*160<\/td><td class=\"column-4\">320*160<\/td><td class=\"column-5\">320*160<\/td>\n<\/tr>\n<tr class=\"row-6\">\n\t<td class=\"column-1\">Kabinettsbeschluss (Punkte)<\/td><td class=\"column-2\">512*384<\/td><td class=\"column-3\">416*312<\/td><td class=\"column-4\">344*258<\/td><td class=\"column-5\">256*192<\/td>\n<\/tr>\n<tr class=\"row-7\">\n\t<td class=\"column-1\">Schrankgr\u00f6\u00dfe (mm)<\/td><td class=\"column-2\">640 mm x 480 mm (B x H)<\/td><td class=\"column-3\">640 mm x 480 mm (B x H)<\/td><td class=\"column-4\">640 mm x 480 mm (B x H)<\/td><td class=\"column-5\">640 mm x 480 mm (B x H)<\/td>\n<\/tr>\n<tr class=\"row-8\">\n\t<td class=\"column-1\">Pixeldichte (Punkte\/St\u00fcck)<\/td><td class=\"column-2\">196608<\/td><td class=\"column-3\">129792<\/td><td class=\"column-4\">88752<\/td><td class=\"column-5\">49152<\/td>\n<\/tr>\n<tr class=\"row-9\">\n\t<td class=\"column-1\">Wartungsfreundlichkeit<\/td><td class=\"column-2\">Umfassender Front-End-Service<\/td><td class=\"column-3\">Umfassender Front-End-Service<\/td><td class=\"column-4\">Umfassender Front-End-Service<\/td><td class=\"column-5\">Umfassender Front-End-Service<\/td>\n<\/tr>\n<tr class=\"row-10\">\n\t<td class=\"column-1\">Schutzniveau (vorne\/hinten)<\/td><td class=\"column-2\">IP50<\/td><td class=\"column-3\">IP50<\/td><td class=\"column-4\">IP50<\/td><td class=\"column-5\">IP50<\/td>\n<\/tr>\n<tr class=\"row-11\">\n\t<td class=\"column-1\">Gewicht<\/td><td class=\"column-2\">7,5 kg<\/td><td class=\"column-3\">7,5 kg<\/td><td class=\"column-4\">7,5 kg<\/td><td class=\"column-5\">7,5 kg<\/td>\n<\/tr>\n<tr class=\"row-12\">\n\t<td class=\"column-1\">Graustufe (Bit)<\/td><td class=\"column-2\">14<\/td><td class=\"column-3\">14<\/td><td class=\"column-4\">14<\/td><td class=\"column-5\">14<\/td>\n<\/tr>\n<tr class=\"row-13\">\n\t<td class=\"column-1\">Helligkeit (cd\/\u33a1)<\/td><td class=\"column-2\">650<\/td><td class=\"column-3\">650<\/td><td class=\"column-4\">750<\/td><td class=\"column-5\">800<\/td>\n<\/tr>\n<tr class=\"row-14\">\n\t<td class=\"column-1\">Kontrast<\/td><td class=\"column-2\">6000:1<\/td><td class=\"column-3\">6000:1<\/td><td class=\"column-4\">6000:1<\/td><td class=\"column-5\">6000:1<\/td>\n<\/tr>\n<tr class=\"row-15\">\n\t<td class=\"column-1\">Farbpalette<\/td><td class=\"column-2\">\u226590% NTSC<\/td><td class=\"column-3\">\u226590% NTSC<\/td><td class=\"column-4\">\u226590% NTSC<\/td><td class=\"column-5\">\u226590% NTSC<\/td>\n<\/tr>\n<tr class=\"row-16\">\n\t<td class=\"column-1\">Bildwiederholrate (Hz)<\/td><td class=\"column-2\">3840<\/td><td class=\"column-3\">3840<\/td><td class=\"column-4\">3840<\/td><td class=\"column-5\">3840<\/td>\n<\/tr>\n<tr class=\"row-17\">\n\t<td class=\"column-1\">Vertikaler Betrachtungswinkel<\/td><td class=\"column-2\">140\u00b0<\/td><td class=\"column-3\">140\u00b0<\/td><td class=\"column-4\">140\u00b0<\/td><td class=\"column-5\">140\u00b0<\/td>\n<\/tr>\n<tr class=\"row-18\">\n\t<td class=\"column-1\">Helligkeitsgleichm\u00e4\u00dfigkeit<\/td><td class=\"column-2\">\u226595%<\/td><td class=\"column-3\">\u226595%<\/td><td class=\"column-4\">\u226595%<\/td><td class=\"column-5\">\u226595%<\/td>\n<\/tr>\n<\/tbody>\n<\/table>\n<!-- #tablepress-54 from cache -->\n\t\t<\/div>\n\t\t\t\t\t<\/div>\n\n\t\n<\/div>\n\t\t<\/div>\n\t\t\t\t\t<\/div>\n\n\t\n<\/div>","protected":false},"excerpt":{"rendered":"<p><strong>LED-Display der TID-Serie f\u00fcr Konferenzr\u00e4ume: hochaufl\u00f6sende Displayl\u00f6sungen f\u00fcr den Innenbereich<\/strong><\/p>\n<p>DER <strong><em>LED-Panel f\u00fcr Konferenzr\u00e4ume der TID-Serie<\/em><\/strong> Es bietet gestochen scharfe, lebendige Bilder und ist dank schlankem Design, nahtlosen N\u00e4hten und schnellem Zugang f\u00fcr Wartungsarbeiten an der Vorderseite leicht zu pflegen.<\/p>\n<p><strong>Haupteigenschaften:<\/strong><\/p>\n<ul>\n<li><strong>Scharfe, hochaufl\u00f6sende Bilder:<\/strong> Pixelabst\u00e4nde von 1,35 bis 4,0 mm sorgen f\u00fcr gestochen scharfen Text und brillante Bilder \u2013 ideal f\u00fcr Pr\u00e4sentationen und Videokonferenzen.<\/li>\n<li><strong>Perfekte \u00c4nderung:<\/strong> 640\u00d7480 mm gro\u00dfe Geh\u00e4use mit pr\u00e4zisen Schnellverschl\u00fcssen gew\u00e4hrleisten perfekte Ausrichtung und Helligkeitsgleichm\u00e4\u00dfigkeit \u226595%.<\/li>\n<li><strong>Flexible Bildschirmformate:<\/strong> Das 4:3-Seitenverh\u00e4ltnis unterst\u00fctzt sowohl 4:3- als auch 16:9-Konfigurationen und erm\u00f6glicht so skalierbare Setups f\u00fcr jeden Konferenzraum.<\/li>\n<\/ul>\n<p>Online-Fernsupport rund um die Uhr und 3 Jahre Garantie inklusive. Kontaktieren Sie uns jetzt f\u00fcr Ihr individuelles Angebot.<\/p>","protected":false},"featured_media":2878,"template":"","meta":[],"product_brand":[],"product_cat":[40,46],"product_tag":[],"class_list":{"0":"post-2877","1":"product","2":"type-product","3":"status-publish","4":"has-post-thumbnail","6":"product_cat-painel-de-led","7":"product_cat-painel-de-video","9":"first","10":"instock","11":"shipping-taxable","12":"product-type-simple"},"yoast_head":"<!-- This site is optimized with the Yoast SEO plugin v27.5 - https:\/\/yoast.com\/product\/yoast-seo-wordpress\/ -->\n<title>Painel de LED Para Sala de Confer\u00eancia S\u00e9rie TID | Telas de Alta Resolu\u00e7\u00e3o para Reuni\u00f5e | TELALED<\/title>\n<meta name=\"description\" content=\"Atualize sua sala de confer\u00eancias com os Painel de LED Para Sala de Confer\u00eancia S\u00e9rie TID. Ofere\u00e7a visuais n\u00edtidos e apresenta\u00e7\u00f5es claras para reuni\u00f5es produtivas. Entre em contato conosco hoje mesmo para um or\u00e7amento.\" \/>\n<meta name=\"robots\" content=\"index, follow, max-snippet:-1, max-image-preview:large, max-video-preview:-1\" \/>\n<link rel=\"canonical\" href=\"https:\/\/www.telaled.com\/de\/fabrica\/painel-de-led-para-sala-de-conferencia-serie-tid\/\" \/>\n<meta property=\"og:locale\" content=\"de_DE\" \/>\n<meta property=\"og:type\" content=\"article\" \/>\n<meta property=\"og:title\" content=\"Painel de LED Para Sala de Confer\u00eancia S\u00e9rie TID | Telas de Alta Resolu\u00e7\u00e3o para Reuni\u00f5e | TELALED\" \/>\n<meta property=\"og:description\" content=\"Atualize sua sala de confer\u00eancias com os Painel de LED Para Sala de Confer\u00eancia S\u00e9rie TID. Ofere\u00e7a visuais n\u00edtidos e apresenta\u00e7\u00f5es claras para reuni\u00f5es produtivas. Entre em contato conosco hoje mesmo para um or\u00e7amento.\" \/>\n<meta property=\"og:url\" content=\"https:\/\/www.telaled.com\/de\/fabrica\/painel-de-led-para-sala-de-conferencia-serie-tid\/\" \/>\n<meta property=\"og:site_name\" content=\"TELALED\" \/>\n<meta property=\"article:modified_time\" content=\"2026-01-05T03:21:25+00:00\" \/>\n<meta property=\"og:image\" content=\"https:\/\/www.telaled.com\/wp-content\/uploads\/2025\/08\/Painel-de-LED-Para-Sala-de-Conferencia.webp\" \/>\n\t<meta property=\"og:image:width\" content=\"500\" \/>\n\t<meta property=\"og:image:height\" content=\"500\" \/>\n\t<meta property=\"og:image:type\" content=\"image\/webp\" \/>\n<meta name=\"twitter:card\" content=\"summary_large_image\" \/>\n<meta name=\"twitter:label1\" content=\"Gesch\u00e4tzte Lesezeit\" \/>\n\t<meta name=\"twitter:data1\" content=\"3\u00a0Minuten\" \/>\n<script type=\"application\/ld+json\" class=\"yoast-schema-graph\">{\"@context\":\"https:\\\/\\\/schema.org\",\"@graph\":[{\"@type\":\"WebPage\",\"@id\":\"https:\\\/\\\/www.telaled.com\\\/fabrica\\\/painel-de-led-para-sala-de-conferencia-serie-tid\\\/\",\"url\":\"https:\\\/\\\/www.telaled.com\\\/fabrica\\\/painel-de-led-para-sala-de-conferencia-serie-tid\\\/\",\"name\":\"Painel de LED Para Sala de Confer\u00eancia S\u00e9rie TID | Telas de Alta Resolu\u00e7\u00e3o para Reuni\u00f5e | TELALED\",\"isPartOf\":{\"@id\":\"https:\\\/\\\/www.telaled.com\\\/#website\"},\"primaryImageOfPage\":{\"@id\":\"https:\\\/\\\/www.telaled.com\\\/fabrica\\\/painel-de-led-para-sala-de-conferencia-serie-tid\\\/#primaryimage\"},\"image\":{\"@id\":\"https:\\\/\\\/www.telaled.com\\\/fabrica\\\/painel-de-led-para-sala-de-conferencia-serie-tid\\\/#primaryimage\"},\"thumbnailUrl\":\"https:\\\/\\\/www.telaled.com\\\/wp-content\\\/uploads\\\/2025\\\/08\\\/Painel-de-LED-Para-Sala-de-Conferencia.webp\",\"datePublished\":\"2025-08-06T02:44:14+00:00\",\"dateModified\":\"2026-01-05T03:21:25+00:00\",\"description\":\"Atualize sua sala de confer\u00eancias com os Painel de LED Para Sala de Confer\u00eancia S\u00e9rie TID. Ofere\u00e7a visuais n\u00edtidos e apresenta\u00e7\u00f5es claras para reuni\u00f5es produtivas. Entre em contato conosco hoje mesmo para um or\u00e7amento.\",\"breadcrumb\":{\"@id\":\"https:\\\/\\\/www.telaled.com\\\/fabrica\\\/painel-de-led-para-sala-de-conferencia-serie-tid\\\/#breadcrumb\"},\"inLanguage\":\"de\",\"potentialAction\":[{\"@type\":\"ReadAction\",\"target\":[\"https:\\\/\\\/www.telaled.com\\\/fabrica\\\/painel-de-led-para-sala-de-conferencia-serie-tid\\\/\"]}]},{\"@type\":\"ImageObject\",\"inLanguage\":\"de\",\"@id\":\"https:\\\/\\\/www.telaled.com\\\/fabrica\\\/painel-de-led-para-sala-de-conferencia-serie-tid\\\/#primaryimage\",\"url\":\"https:\\\/\\\/www.telaled.com\\\/wp-content\\\/uploads\\\/2025\\\/08\\\/Painel-de-LED-Para-Sala-de-Conferencia.webp\",\"contentUrl\":\"https:\\\/\\\/www.telaled.com\\\/wp-content\\\/uploads\\\/2025\\\/08\\\/Painel-de-LED-Para-Sala-de-Conferencia.webp\",\"width\":500,\"height\":500,\"caption\":\"Painel-de-LED-Para-Sala-de-Confer\u00eancia\"},{\"@type\":\"BreadcrumbList\",\"@id\":\"https:\\\/\\\/www.telaled.com\\\/fabrica\\\/painel-de-led-para-sala-de-conferencia-serie-tid\\\/#breadcrumb\",\"itemListElement\":[{\"@type\":\"ListItem\",\"position\":1,\"name\":\"Home\",\"item\":\"https:\\\/\\\/www.telaled.com\\\/\"},{\"@type\":\"ListItem\",\"position\":2,\"name\":\"Produtos\",\"item\":\"https:\\\/\\\/www.telaled.com\\\/shop\\\/\"},{\"@type\":\"ListItem\",\"position\":3,\"name\":\"Painel de LED Para Sala de Confer\u00eancia S\u00e9rie TID\"}]},{\"@type\":\"WebSite\",\"@id\":\"https:\\\/\\\/www.telaled.com\\\/#website\",\"url\":\"https:\\\/\\\/www.telaled.com\\\/\",\"name\":\"TELALED\",\"description\":\"\",\"potentialAction\":[{\"@type\":\"SearchAction\",\"target\":{\"@type\":\"EntryPoint\",\"urlTemplate\":\"https:\\\/\\\/www.telaled.com\\\/?s={search_term_string}\"},\"query-input\":{\"@type\":\"PropertyValueSpecification\",\"valueRequired\":true,\"valueName\":\"search_term_string\"}}],\"inLanguage\":\"de\"}]}<\/script>\n<!-- \/ Yoast SEO plugin. -->","yoast_head_json":{"title":"LED-Display f\u00fcr Konferenzr\u00e4ume der TID-Serie | Hochaufl\u00f6sende Meeting-Bildschirme | TELALED","description":"Werten Sie Ihren Konferenzraum mit dem LED-Konferenzraum-Display der TID-Serie auf. Liefern Sie gestochen scharfe Bilder und klare Pr\u00e4sentationen f\u00fcr produktive Meetings. Kontaktieren Sie uns noch heute f\u00fcr ein Angebot.","robots":{"index":"index","follow":"follow","max-snippet":"max-snippet:-1","max-image-preview":"max-image-preview:large","max-video-preview":"max-video-preview:-1"},"canonical":"https:\/\/www.telaled.com\/de\/fabrica\/painel-de-led-para-sala-de-conferencia-serie-tid\/","og_locale":"de_DE","og_type":"article","og_title":"Painel de LED Para Sala de Confer\u00eancia S\u00e9rie TID | Telas de Alta Resolu\u00e7\u00e3o para Reuni\u00f5e | TELALED","og_description":"Atualize sua sala de confer\u00eancias com os Painel de LED Para Sala de Confer\u00eancia S\u00e9rie TID. Ofere\u00e7a visuais n\u00edtidos e apresenta\u00e7\u00f5es claras para reuni\u00f5es produtivas. Entre em contato conosco hoje mesmo para um or\u00e7amento.","og_url":"https:\/\/www.telaled.com\/de\/fabrica\/painel-de-led-para-sala-de-conferencia-serie-tid\/","og_site_name":"TELALED","article_modified_time":"2026-01-05T03:21:25+00:00","og_image":[{"width":500,"height":500,"url":"https:\/\/www.telaled.com\/wp-content\/uploads\/2025\/08\/Painel-de-LED-Para-Sala-de-Conferencia.webp","type":"image\/webp"}],"twitter_card":"summary_large_image","twitter_misc":{"Gesch\u00e4tzte Lesezeit":"3\u00a0Minuten"},"schema":{"@context":"https:\/\/schema.org","@graph":[{"@type":"WebPage","@id":"https:\/\/www.telaled.com\/fabrica\/painel-de-led-para-sala-de-conferencia-serie-tid\/","url":"https:\/\/www.telaled.com\/fabrica\/painel-de-led-para-sala-de-conferencia-serie-tid\/","name":"LED-Display f\u00fcr Konferenzr\u00e4ume der TID-Serie | Hochaufl\u00f6sende Meeting-Bildschirme | TELALED","isPartOf":{"@id":"https:\/\/www.telaled.com\/#website"},"primaryImageOfPage":{"@id":"https:\/\/www.telaled.com\/fabrica\/painel-de-led-para-sala-de-conferencia-serie-tid\/#primaryimage"},"image":{"@id":"https:\/\/www.telaled.com\/fabrica\/painel-de-led-para-sala-de-conferencia-serie-tid\/#primaryimage"},"thumbnailUrl":"https:\/\/www.telaled.com\/wp-content\/uploads\/2025\/08\/Painel-de-LED-Para-Sala-de-Conferencia.webp","datePublished":"2025-08-06T02:44:14+00:00","dateModified":"2026-01-05T03:21:25+00:00","description":"Werten Sie Ihren Konferenzraum mit dem LED-Konferenzraum-Display der TID-Serie auf. Liefern Sie gestochen scharfe Bilder und klare Pr\u00e4sentationen f\u00fcr produktive Meetings. Kontaktieren Sie uns noch heute f\u00fcr ein Angebot.","breadcrumb":{"@id":"https:\/\/www.telaled.com\/fabrica\/painel-de-led-para-sala-de-conferencia-serie-tid\/#breadcrumb"},"inLanguage":"de","potentialAction":[{"@type":"ReadAction","target":["https:\/\/www.telaled.com\/fabrica\/painel-de-led-para-sala-de-conferencia-serie-tid\/"]}]},{"@type":"ImageObject","inLanguage":"de","@id":"https:\/\/www.telaled.com\/fabrica\/painel-de-led-para-sala-de-conferencia-serie-tid\/#primaryimage","url":"https:\/\/www.telaled.com\/wp-content\/uploads\/2025\/08\/Painel-de-LED-Para-Sala-de-Conferencia.webp","contentUrl":"https:\/\/www.telaled.com\/wp-content\/uploads\/2025\/08\/Painel-de-LED-Para-Sala-de-Conferencia.webp","width":500,"height":500,"caption":"Painel-de-LED-Para-Sala-de-Confer\u00eancia"},{"@type":"BreadcrumbList","@id":"https:\/\/www.telaled.com\/fabrica\/painel-de-led-para-sala-de-conferencia-serie-tid\/#breadcrumb","itemListElement":[{"@type":"ListItem","position":1,"name":"Home","item":"https:\/\/www.telaled.com\/"},{"@type":"ListItem","position":2,"name":"Produtos","item":"https:\/\/www.telaled.com\/shop\/"},{"@type":"ListItem","position":3,"name":"Painel de LED Para Sala de Confer\u00eancia S\u00e9rie TID"}]},{"@type":"WebSite","@id":"https:\/\/www.telaled.com\/#website","url":"https:\/\/www.telaled.com\/","name":"LED-Bildschirm","description":"","potentialAction":[{"@type":"SearchAction","target":{"@type":"EntryPoint","urlTemplate":"https:\/\/www.telaled.com\/?s={search_term_string}"},"query-input":{"@type":"PropertyValueSpecification","valueRequired":true,"valueName":"search_term_string"}}],"inLanguage":"de"}]}},"_links":{"self":[{"href":"https:\/\/www.telaled.com\/de\/wp-json\/wp\/v2\/product\/2877","targetHints":{"allow":["GET"]}}],"collection":[{"href":"https:\/\/www.telaled.com\/de\/wp-json\/wp\/v2\/product"}],"about":[{"href":"https:\/\/www.telaled.com\/de\/wp-json\/wp\/v2\/types\/product"}],"wp:featuredmedia":[{"embeddable":true,"href":"https:\/\/www.telaled.com\/de\/wp-json\/wp\/v2\/media\/2878"}],"wp:attachment":[{"href":"https:\/\/www.telaled.com\/de\/wp-json\/wp\/v2\/media?parent=2877"}],"wp:term":[{"taxonomy":"product_brand","embeddable":true,"href":"https:\/\/www.telaled.com\/de\/wp-json\/wp\/v2\/product_brand?post=2877"},{"taxonomy":"product_cat","embeddable":true,"href":"https:\/\/www.telaled.com\/de\/wp-json\/wp\/v2\/product_cat?post=2877"},{"taxonomy":"product_tag","embeddable":true,"href":"https:\/\/www.telaled.com\/de\/wp-json\/wp\/v2\/product_tag?post=2877"}],"curies":[{"name":"wp","href":"https:\/\/api.w.org\/{rel}","templated":true}]}}