{"id":2843,"date":"2025-08-04T01:34:42","date_gmt":"2025-08-04T01:34:42","guid":{"rendered":"https:\/\/www.telaled.com\/?post_type=product&#038;p=2843"},"modified":"2026-01-05T02:48:37","modified_gmt":"2026-01-05T02:48:37","slug":"painel-de-led-para-manutencao-frontal-serie-tib","status":"publish","type":"product","link":"https:\/\/www.telaled.com\/de\/fabrica\/painel-de-led-para-manutencao-frontal-serie-tib\/","title":{"rendered":"LED-Wartungspanel an der Vorderseite der TIB-Serie"},"content":{"rendered":"<div class=\"row\"  id=\"row-2062630279\">\n\n\t<div id=\"col-1044497886\" class=\"col small-12 large-12\"  >\n\t\t\t\t<div class=\"col-inner\"  >\n\t\t\t\n\t\t\t\n<h2>Exklusive Vorteile des Front-Wartungs-LED-Panels der TIB-Serie<\/h2>\n<h3><strong>\u00dcberragende Haltbarkeit<\/strong><\/h3>\n<ul>\n<li>Die CNC-gefr\u00e4ste Wabenstruktur in einem 640 x 480 x 48 gro\u00dfen Geh\u00e4use bietet hohe Festigkeit, pr\u00e4zise Ausrichtung und thermisch effiziente Leistung, um Verformungen und thermische Sch\u00e4den zu verhindern.<\/li>\n<li>Direkt montierte Funkmodule reduzieren den Verschlei\u00df, sorgen f\u00fcr stabile Verbindungen und arbeiten mit redundanten Strom- und Signalsystemen f\u00fcr einen unterbrechungsfreien Betrieb.<\/li>\n<\/ul>\n<h3><strong>Au\u00dfergew\u00f6hnliche Bildqualit\u00e4t<\/strong><\/h3>\n<ul>\n<li>Hohe Bildwiederholfrequenz von bis zu 3840 Hz<\/li>\n<li>Weiter Betrachtungswinkel von 160\u00b0V\/H<\/li>\n<\/ul>\n<h3><strong>Vollst\u00e4ndige Anpassungsf\u00e4higkeit<\/strong><\/h3>\n<ul>\n<li>Vielseitige Einsatzm\u00f6glichkeiten: Geeignet f\u00fcr Kontrollr\u00e4ume, <a href=\"https:\/\/www.telaled.com\/de\/fabrica\/painel-de-led-para-sala-de-conferencia-serie-tid\/\">Konferenzr\u00e4ume<\/a>, Einzelhandelsumgebungen und <a href=\"https:\/\/www.telaled.com\/de\/painel-de-led-para-palco\/\">Veranstaltungsb\u00fchnen<\/a>.<\/li>\n<li>Kompaktes Geh\u00e4usedesign: Die Gr\u00f6\u00dfe von 640 x 480 x 48 mm erm\u00f6glicht ein nahtloses Zusammenf\u00fcgen von kleinen bis gro\u00dfen Display-Setups.<\/li>\n<\/ul>\n<h3><strong>Umfassende Unterst\u00fctzung<\/strong><\/h3>\n<ul>\n<li>Technischer Remote-Support rund um die Uhr \u2013 Verf\u00fcgbar, wann immer Sie Hilfe ben\u00f6tigen.<\/li>\n<li>5% Ersatzteile im Lieferumfang enthalten \u2013 Genie\u00dfen Sie mehr Sicherheit.<\/li>\n<li>3 Jahre erweiterte Garantie \u2013 Profitieren Sie von langfristiger Zuverl\u00e4ssigkeit und umfassendem Support.<\/li>\n<\/ul>\n<h2>Produktdetails<\/h2>\n<div class=\"row\"  id=\"row-1442882358\">\n\n\t<div id=\"col-2080165800\" class=\"col medium-10 small-12 large-10\"  >\n\t\t\t\t<div class=\"col-inner text-left\"  >\n\t\t\t\n\t\t\t\n<ul>\n<li>Das Geh\u00e4use verf\u00fcgt \u00fcber eine intuitive Struktur, die Installation und Montage vereinfacht. Es umfasst eine Ausrichtungsleiste f\u00fcr eine pr\u00e4zise Positionierung, Schnellverschl\u00fcsse an Ober- und Unterseite sowie Schnellverschl\u00fcsse an beiden Seiten f\u00fcr einen sicheren und stabilen Sitz.<\/li>\n<\/ul>\n\t<div class=\"img has-hover x md-x lg-x y md-y lg-y\" id=\"image_445521387\">\n\t\t\t\t\t\t\t\t<div class=\"img-inner dark\" >\n\t\t\t<img loading=\"lazy\" decoding=\"async\" width=\"1280\" height=\"720\" src=\"https:\/\/www.telaled.com\/wp-content\/uploads\/2025\/08\/Design-de-gabinete-perfeito.jpg\" class=\"attachment-original size-original\" alt=\"Perfektes Schrankdesign\" srcset=\"https:\/\/www.telaled.com\/wp-content\/uploads\/2025\/08\/Design-de-gabinete-perfeito.jpg 1280w, https:\/\/www.telaled.com\/wp-content\/uploads\/2025\/08\/Design-de-gabinete-perfeito-300x169.jpg 300w, https:\/\/www.telaled.com\/wp-content\/uploads\/2025\/08\/Design-de-gabinete-perfeito-1024x576.jpg 1024w, https:\/\/www.telaled.com\/wp-content\/uploads\/2025\/08\/Design-de-gabinete-perfeito-768x432.jpg 768w, https:\/\/www.telaled.com\/wp-content\/uploads\/2025\/08\/Design-de-gabinete-perfeito-18x10.jpg 18w, https:\/\/www.telaled.com\/wp-content\/uploads\/2025\/08\/Design-de-gabinete-perfeito-600x338.jpg 600w\" sizes=\"auto, (max-width: 1280px) 100vw, 1280px\" \/>\t\t\t\t\t\t\n\t\t\t\t\t<\/div>\n\t\t\t\t\t\t\t\t\n<style>\n#image_445521387 {\n  width: 95%;\n}\n<\/style>\n\t<\/div>\n\t\n\t\t<\/div>\n\t\t\t\t\t<\/div>\n\n\t\n\n\t<div id=\"col-1085481808\" class=\"col medium-10 small-12 large-10\"  >\n\t\t\t\t<div class=\"col-inner text-left\"  >\n\t\t\t\n\t\t\t\n<ul>\n<li>Wir nutzen LED-Technologie. <a href=\"https:\/\/www.telaled.com\/de\/led-smd\/\">SMD<\/a> 3-in-1-Technologie f\u00fcr gleichbleibende Helligkeit und pr\u00e4zise Farbwiedergabe. Der Bildschirm unterst\u00fctzt 2K-, 4K- und 8K-Bilder mit gestochen scharfer Aufl\u00f6sung, gleichm\u00e4\u00dfigen Farben und brillanter Bildqualit\u00e4t f\u00fcr ein au\u00dfergew\u00f6hnliches Seherlebnis.<\/li>\n<\/ul>\n\t<div class=\"img has-hover x md-x lg-x y md-y lg-y\" id=\"image_494046866\">\n\t\t\t\t\t\t\t\t<div class=\"img-inner dark\" >\n\t\t\t<img loading=\"lazy\" decoding=\"async\" width=\"1020\" height=\"574\" src=\"https:\/\/www.telaled.com\/wp-content\/uploads\/2025\/08\/Efeito-de-exibicao-soberbo-1024x576.webp\" class=\"attachment-large size-large\" alt=\"\" srcset=\"https:\/\/www.telaled.com\/wp-content\/uploads\/2025\/08\/Efeito-de-exibicao-soberbo-1024x576.webp 1024w, https:\/\/www.telaled.com\/wp-content\/uploads\/2025\/08\/Efeito-de-exibicao-soberbo-300x169.webp 300w, https:\/\/www.telaled.com\/wp-content\/uploads\/2025\/08\/Efeito-de-exibicao-soberbo-768x432.webp 768w, https:\/\/www.telaled.com\/wp-content\/uploads\/2025\/08\/Efeito-de-exibicao-soberbo-18x10.webp 18w, https:\/\/www.telaled.com\/wp-content\/uploads\/2025\/08\/Efeito-de-exibicao-soberbo-600x338.webp 600w, https:\/\/www.telaled.com\/wp-content\/uploads\/2025\/08\/Efeito-de-exibicao-soberbo.webp 1536w\" sizes=\"auto, (max-width: 1020px) 100vw, 1020px\" \/>\t\t\t\t\t\t\n\t\t\t\t\t<\/div>\n\t\t\t\t\t\t\t\t\n<style>\n#image_494046866 {\n  width: 95%;\n}\n<\/style>\n\t<\/div>\n\t\n<ul>\n<li>Mit einem Seitenverh\u00e4ltnis von 4:3 und Geh\u00e4useabmessungen von 640 x 480 mm kann dieses LED-Display f\u00fcr den Innenbereich nahtlos in einen 16:9-Bildschirm f\u00fcr gr\u00f6\u00dfere Anzeigeformate konfiguriert werden.<\/li>\n<\/ul>\n\t<div class=\"img has-hover x md-x lg-x y md-y lg-y\" id=\"image_424968056\">\n\t\t\t\t\t\t\t\t<div class=\"img-inner dark\" >\n\t\t\t<img loading=\"lazy\" decoding=\"async\" width=\"1020\" height=\"370\" src=\"https:\/\/www.telaled.com\/wp-content\/uploads\/2025\/08\/Design-de-tamanho-1024x371.webp\" class=\"attachment-large size-large\" alt=\"Gr\u00f6\u00dfendesign\" srcset=\"https:\/\/www.telaled.com\/wp-content\/uploads\/2025\/08\/Design-de-tamanho-1024x371.webp 1024w, https:\/\/www.telaled.com\/wp-content\/uploads\/2025\/08\/Design-de-tamanho-300x109.webp 300w, https:\/\/www.telaled.com\/wp-content\/uploads\/2025\/08\/Design-de-tamanho-768x278.webp 768w, https:\/\/www.telaled.com\/wp-content\/uploads\/2025\/08\/Design-de-tamanho-18x7.webp 18w, https:\/\/www.telaled.com\/wp-content\/uploads\/2025\/08\/Design-de-tamanho-600x218.webp 600w, https:\/\/www.telaled.com\/wp-content\/uploads\/2025\/08\/Design-de-tamanho.webp 1332w\" sizes=\"auto, (max-width: 1020px) 100vw, 1020px\" \/>\t\t\t\t\t\t\n\t\t\t\t\t<\/div>\n\t\t\t\t\t\t\t\t\n<style>\n#image_424968056 {\n  width: 95%;\n}\n<\/style>\n\t<\/div>\n\t\n<ul>\n<li>nahtlose Konnektivit\u00e4t mit unserer kabellosen Splei\u00dftechnologie<\/li>\n<\/ul>\n\t\t<\/div>\n\t\t\t\t\t<\/div>\n\n\t\n\n\t<div id=\"col-699197813\" class=\"col medium-10 small-12 large-10\"  >\n\t\t\t\t<div class=\"col-inner text-left\"  >\n\t\t\t\n\t\t\t\n\t<div class=\"img has-hover x md-x lg-x y md-y lg-y\" id=\"image_1426884512\">\n\t\t\t\t\t\t\t\t<div class=\"img-inner dark\" >\n\t\t\t<img loading=\"lazy\" decoding=\"async\" width=\"815\" height=\"496\" src=\"https:\/\/www.telaled.com\/wp-content\/uploads\/2025\/08\/conectividade-perfeita-com-nossa-tecnologia-de-emenda-sem-cabos.webp\" class=\"attachment-large size-large\" alt=\"\" srcset=\"https:\/\/www.telaled.com\/wp-content\/uploads\/2025\/08\/conectividade-perfeita-com-nossa-tecnologia-de-emenda-sem-cabos.webp 815w, https:\/\/www.telaled.com\/wp-content\/uploads\/2025\/08\/conectividade-perfeita-com-nossa-tecnologia-de-emenda-sem-cabos-300x183.webp 300w, https:\/\/www.telaled.com\/wp-content\/uploads\/2025\/08\/conectividade-perfeita-com-nossa-tecnologia-de-emenda-sem-cabos-768x467.webp 768w, https:\/\/www.telaled.com\/wp-content\/uploads\/2025\/08\/conectividade-perfeita-com-nossa-tecnologia-de-emenda-sem-cabos-18x12.webp 18w, https:\/\/www.telaled.com\/wp-content\/uploads\/2025\/08\/conectividade-perfeita-com-nossa-tecnologia-de-emenda-sem-cabos-600x365.webp 600w\" sizes=\"auto, (max-width: 815px) 100vw, 815px\" \/>\t\t\t\t\t\t\n\t\t\t\t\t<\/div>\n\t\t\t\t\t\t\t\t\n<style>\n#image_1426884512 {\n  width: 100%;\n}\n<\/style>\n\t<\/div>\n\t\n<ul>\n<li>Wir verpacken unsere LED-Displays je nach Typ und Anwendung, um eine sichere Lieferung zu gew\u00e4hrleisten. Je nach Bedarf werden einige Einheiten f\u00fcr zus\u00e4tzlichen Schutz in Holzkisten, andere in stabilen Kartons und bestimmte Module in luftdichten Kartons versendet. Bei Bedarf werden zus\u00e4tzliche Sicherheitsma\u00dfnahmen, wie z. B. die Verwendung neutraler Kartons, angewendet.<\/li>\n<\/ul>\n\t<div class=\"img has-hover x md-x lg-x y md-y lg-y\" id=\"image_1245938943\">\n\t\t\t\t\t\t\t\t<div class=\"img-inner dark\" >\n\t\t\t<img loading=\"lazy\" decoding=\"async\" width=\"760\" height=\"1024\" src=\"https:\/\/www.telaled.com\/wp-content\/uploads\/2025\/06\/Embalagem-760x1024.webp\" class=\"attachment-large size-large\" alt=\"Verpackung\" srcset=\"https:\/\/www.telaled.com\/wp-content\/uploads\/2025\/06\/Embalagem-760x1024.webp 760w, https:\/\/www.telaled.com\/wp-content\/uploads\/2025\/06\/Embalagem-223x300.webp 223w, https:\/\/www.telaled.com\/wp-content\/uploads\/2025\/06\/Embalagem-768x1035.webp 768w, https:\/\/www.telaled.com\/wp-content\/uploads\/2025\/06\/Embalagem-9x12.webp 9w, https:\/\/www.telaled.com\/wp-content\/uploads\/2025\/06\/Embalagem-600x808.webp 600w, https:\/\/www.telaled.com\/wp-content\/uploads\/2025\/06\/Embalagem.webp 795w\" sizes=\"auto, (max-width: 760px) 100vw, 760px\" \/>\t\t\t\t\t\t\n\t\t\t\t\t<\/div>\n\t\t\t\t\t\t\t\t\n<style>\n#image_1245938943 {\n  width: 95%;\n}\n<\/style>\n\t<\/div>\n\t\n\t\t<\/div>\n\t\t\t\t\t<\/div>\n\n\t\n<\/div>\n\t\t<\/div>\n\t\t\t\t\t<\/div>\n\n\t\n\n\t<div id=\"col-1792228062\" class=\"col small-12 large-12\"  >\n\t\t\t\t<div class=\"col-inner\"  >\n\t\t\t\n\t\t\t\n<div class=\"row\"  id=\"row-70009044\">\n\n\t<div id=\"col-1682503191\" class=\"col medium-10 small-12 large-10\"  >\n\t\t\t\t<div class=\"col-inner\"  >\n\t\t\t\n\t\t\t\n\n<table id=\"tablepress-52\" class=\"tablepress tablepress-id-52\">\n<thead>\n<tr class=\"row-1\">\n\t<th class=\"column-1\">Spezifikationen:<\/th><th class=\"column-2\">TCH-P4-S118<\/th>\n<\/tr>\n<\/thead>\n<tbody class=\"row-striping row-hover\">\n<tr class=\"row-2\">\n\t<td class=\"column-1\">Pixelpunktzusammensetzung:<\/td><td class=\"column-2\">2121 (3 in 1)<\/td>\n<\/tr>\n<tr class=\"row-3\">\n\t<td class=\"column-1\">Pixelaufl\u00f6sung:<\/td><td class=\"column-2\">550*370<\/td>\n<\/tr>\n<tr class=\"row-4\">\n\t<td class=\"column-1\">Bildschirmgr\u00f6\u00dfe (mm):<\/td><td class=\"column-2\">2200*1480<\/td>\n<\/tr>\n<tr class=\"row-5\">\n\t<td class=\"column-1\">Anzeigedichte:<\/td><td class=\"column-2\">62500 Punkte\/\u33a1<\/td>\n<\/tr>\n<tr class=\"row-6\">\n\t<td class=\"column-1\">Idealer Betrachtungsabstand (m):<\/td><td class=\"column-2\">4-100 m<\/td>\n<\/tr>\n<tr class=\"row-7\">\n\t<td class=\"column-1\">Spitzenstromverbrauch:<\/td><td class=\"column-2\">800 W\/m\u00b2<\/td>\n<\/tr>\n<tr class=\"row-8\">\n\t<td class=\"column-1\">Scanmethode:<\/td><td class=\"column-2\">16 Scans<\/td>\n<\/tr>\n<tr class=\"row-9\">\n\t<td class=\"column-1\">Helligkeit: (CD\/\u33a1)<\/td><td class=\"column-2\">1600<\/td>\n<\/tr>\n<tr class=\"row-10\">\n\t<td class=\"column-1\">Perspektive:<\/td><td class=\"column-2\">H 360\u00b0 V 360\u00b0<\/td>\n<\/tr>\n<tr class=\"row-11\">\n\t<td class=\"column-1\">Betriebsspannung:<\/td><td class=\"column-2\">Wechselstrom 220 V\/100 V\u00b115% 47~64 Hz<\/td>\n<\/tr>\n<tr class=\"row-12\">\n\t<td class=\"column-1\">Versorgungsspannung:<\/td><td class=\"column-2\">5 V<\/td>\n<\/tr>\n<tr class=\"row-13\">\n\t<td class=\"column-1\">Umgebungstemperatur f\u00fcr den Systembetrieb:<\/td><td class=\"column-2\">-20~60\u00b0C<\/td>\n<\/tr>\n<tr class=\"row-14\">\n\t<td class=\"column-1\">Das System funktioniert in einer gem\u00e4\u00dfigten Umgebung:<\/td><td class=\"column-2\">10%~90% UR<\/td>\n<\/tr>\n<tr class=\"row-15\">\n\t<td class=\"column-1\">Bildschirmfarbe:<\/td><td class=\"column-2\">16,7 Millionen<\/td>\n<\/tr>\n<tr class=\"row-16\">\n\t<td class=\"column-1\">Graustufenstufe:<\/td><td class=\"column-2\">16384<\/td>\n<\/tr>\n<tr class=\"row-17\">\n\t<td class=\"column-1\">Kommunikationsmethode:<\/td><td class=\"column-2\">Synchronisation<\/td>\n<\/tr>\n<\/tbody>\n<\/table>\n<!-- #tablepress-52 from cache -->\n\t\t<\/div>\n\t\t\t\t\t<\/div>\n\n\t\n<\/div>\n\t\t<\/div>\n\t\t\t\t\t<\/div>\n\n\t\n<\/div>","protected":false},"excerpt":{"rendered":"<p><strong>LED-Display der TIB-Serie mit Frontwartung \u2013 Hohe Aktualisierungsrate mit einfacher Frontwartung<\/strong><\/p>\n<p>DER <strong>LED-Wartungspanel an der Vorderseite der TIB-Serie<\/strong> Es erm\u00f6glicht eine schnelle Wartung an der Vorderseite und ist ideal f\u00fcr beengte Einbaur\u00e4ume. Mit Pixelabst\u00e4nden von <a href=\"https:\/\/www.telaled.com\/de\/fabrica\/modulo-painel-de-led-p1-25\/\">1,25 mm<\/a> a <a href=\"https:\/\/www.telaled.com\/de\/fabrica\/modulo-painel-de-led-p2-5\/\">2,5 mm<\/a>, Die CNC-gefr\u00e4ste Konstruktion gew\u00e4hrleistet eine gestochen scharfe Optik, einfache Wartung und langfristige Zuverl\u00e4ssigkeit.<\/p>\n<p><strong>Haupteigenschaften:<\/strong><\/p>\n<ul>\n<li><strong>Wartungszugang von vorne:<\/strong> Die Module lassen sich mit einem einfachen Magnetwerkzeug in weniger als zwei Minuten von der Vorderseite abnehmen.<\/li>\n<li><strong>Drahtlosmodulanschluss:<\/strong> Durch das direkte Stecksystem entf\u00e4llt die Notwendigkeit von Flachkabeln.<\/li>\n<li><strong>Redundante Strom- und Signal\u00fcbertragung:<\/strong> Doppelte Backup-Systeme gew\u00e4hrleisten die <a href=\"https:\/\/www.telaled.com\/de\/monitor-video-wall\/\">Monitor<\/a> Funktionsf\u00e4higkeit auch bei unerwarteten Strom- oder Signalunterbrechungen.<\/li>\n<\/ul>\n<p>W\u00e4hlen Sie 1,25 mm f\u00fcr scharfe Nahaufnahmen in Kontrollr\u00e4umen, 1,53 mm und <a href=\"https:\/\/www.telaled.com\/de\/fabrica\/modulo-painel-de-led-p1-8605\/\">1,86 mm<\/a> f\u00fcr Konferenzen und den Einzelhandel oder 2,5 mm f\u00fcr gr\u00f6\u00dfere Innenbildschirme mit gr\u00f6\u00dferem Betrachtungsabstand.<\/p>","protected":false},"featured_media":2844,"template":"","meta":[],"product_brand":[],"product_cat":[40,46],"product_tag":[],"class_list":{"0":"post-2843","1":"product","2":"type-product","3":"status-publish","4":"has-post-thumbnail","6":"product_cat-painel-de-led","7":"product_cat-painel-de-video","9":"first","10":"instock","11":"shipping-taxable","12":"product-type-simple"},"yoast_head":"<!-- This site is optimized with the Yoast SEO plugin v27.5 - https:\/\/yoast.com\/product\/yoast-seo-wordpress\/ -->\n<title>Painel de LED para Manuten\u00e7\u00e3o Frontal S\u00e9rie TIB | Reparos R\u00e1pidos e Simples | TELALED<\/title>\n<meta name=\"description\" content=\"Economize tempo com Painel de LED para Manuten\u00e7\u00e3o Frontal S\u00e9rie TIB. N\u00e3o \u00e9 necess\u00e1rio espa\u00e7o na parte traseira. Solicite um or\u00e7amento hoje mesmo e agilize a configura\u00e7\u00e3o do seu display.\" \/>\n<meta name=\"robots\" content=\"index, follow, max-snippet:-1, max-image-preview:large, max-video-preview:-1\" \/>\n<link rel=\"canonical\" href=\"https:\/\/www.telaled.com\/de\/fabrica\/painel-de-led-para-manutencao-frontal-serie-tib\/\" \/>\n<meta property=\"og:locale\" content=\"de_DE\" \/>\n<meta property=\"og:type\" content=\"article\" \/>\n<meta property=\"og:title\" content=\"Painel de LED para Manuten\u00e7\u00e3o Frontal S\u00e9rie TIB | Reparos R\u00e1pidos e Simples | TELALED\" \/>\n<meta property=\"og:description\" content=\"Economize tempo com Painel de LED para Manuten\u00e7\u00e3o Frontal S\u00e9rie TIB. N\u00e3o \u00e9 necess\u00e1rio espa\u00e7o na parte traseira. Solicite um or\u00e7amento hoje mesmo e agilize a configura\u00e7\u00e3o do seu display.\" \/>\n<meta property=\"og:url\" content=\"https:\/\/www.telaled.com\/de\/fabrica\/painel-de-led-para-manutencao-frontal-serie-tib\/\" \/>\n<meta property=\"og:site_name\" content=\"TELALED\" \/>\n<meta property=\"article:modified_time\" content=\"2026-01-05T02:48:37+00:00\" \/>\n<meta property=\"og:image\" content=\"https:\/\/www.telaled.com\/wp-content\/uploads\/2025\/08\/painel-de-led-para-manutencao-frontal.webp\" \/>\n\t<meta property=\"og:image:width\" content=\"500\" \/>\n\t<meta property=\"og:image:height\" content=\"500\" \/>\n\t<meta property=\"og:image:type\" content=\"image\/webp\" \/>\n<meta name=\"twitter:card\" content=\"summary_large_image\" \/>\n<meta name=\"twitter:label1\" content=\"Gesch\u00e4tzte Lesezeit\" \/>\n\t<meta name=\"twitter:data1\" content=\"3\u00a0Minuten\" \/>\n<script type=\"application\/ld+json\" class=\"yoast-schema-graph\">{\"@context\":\"https:\\\/\\\/schema.org\",\"@graph\":[{\"@type\":\"WebPage\",\"@id\":\"https:\\\/\\\/www.telaled.com\\\/fabrica\\\/painel-de-led-para-manutencao-frontal-serie-tib\\\/\",\"url\":\"https:\\\/\\\/www.telaled.com\\\/fabrica\\\/painel-de-led-para-manutencao-frontal-serie-tib\\\/\",\"name\":\"Painel de LED para Manuten\u00e7\u00e3o Frontal S\u00e9rie TIB | Reparos R\u00e1pidos e Simples | TELALED\",\"isPartOf\":{\"@id\":\"https:\\\/\\\/www.telaled.com\\\/#website\"},\"primaryImageOfPage\":{\"@id\":\"https:\\\/\\\/www.telaled.com\\\/fabrica\\\/painel-de-led-para-manutencao-frontal-serie-tib\\\/#primaryimage\"},\"image\":{\"@id\":\"https:\\\/\\\/www.telaled.com\\\/fabrica\\\/painel-de-led-para-manutencao-frontal-serie-tib\\\/#primaryimage\"},\"thumbnailUrl\":\"https:\\\/\\\/www.telaled.com\\\/wp-content\\\/uploads\\\/2025\\\/08\\\/painel-de-led-para-manutencao-frontal.webp\",\"datePublished\":\"2025-08-04T01:34:42+00:00\",\"dateModified\":\"2026-01-05T02:48:37+00:00\",\"description\":\"Economize tempo com Painel de LED para Manuten\u00e7\u00e3o Frontal S\u00e9rie TIB. N\u00e3o \u00e9 necess\u00e1rio espa\u00e7o na parte traseira. Solicite um or\u00e7amento hoje mesmo e agilize a configura\u00e7\u00e3o do seu display.\",\"breadcrumb\":{\"@id\":\"https:\\\/\\\/www.telaled.com\\\/fabrica\\\/painel-de-led-para-manutencao-frontal-serie-tib\\\/#breadcrumb\"},\"inLanguage\":\"de\",\"potentialAction\":[{\"@type\":\"ReadAction\",\"target\":[\"https:\\\/\\\/www.telaled.com\\\/fabrica\\\/painel-de-led-para-manutencao-frontal-serie-tib\\\/\"]}]},{\"@type\":\"ImageObject\",\"inLanguage\":\"de\",\"@id\":\"https:\\\/\\\/www.telaled.com\\\/fabrica\\\/painel-de-led-para-manutencao-frontal-serie-tib\\\/#primaryimage\",\"url\":\"https:\\\/\\\/www.telaled.com\\\/wp-content\\\/uploads\\\/2025\\\/08\\\/painel-de-led-para-manutencao-frontal.webp\",\"contentUrl\":\"https:\\\/\\\/www.telaled.com\\\/wp-content\\\/uploads\\\/2025\\\/08\\\/painel-de-led-para-manutencao-frontal.webp\",\"width\":500,\"height\":500,\"caption\":\"painel-de-led-para-manuten\u00e7\u00e3o-frontal\"},{\"@type\":\"BreadcrumbList\",\"@id\":\"https:\\\/\\\/www.telaled.com\\\/fabrica\\\/painel-de-led-para-manutencao-frontal-serie-tib\\\/#breadcrumb\",\"itemListElement\":[{\"@type\":\"ListItem\",\"position\":1,\"name\":\"Home\",\"item\":\"https:\\\/\\\/www.telaled.com\\\/\"},{\"@type\":\"ListItem\",\"position\":2,\"name\":\"Produtos\",\"item\":\"https:\\\/\\\/www.telaled.com\\\/shop\\\/\"},{\"@type\":\"ListItem\",\"position\":3,\"name\":\"Painel de LED para Manuten\u00e7\u00e3o Frontal S\u00e9rie TIB\"}]},{\"@type\":\"WebSite\",\"@id\":\"https:\\\/\\\/www.telaled.com\\\/#website\",\"url\":\"https:\\\/\\\/www.telaled.com\\\/\",\"name\":\"TELALED\",\"description\":\"\",\"potentialAction\":[{\"@type\":\"SearchAction\",\"target\":{\"@type\":\"EntryPoint\",\"urlTemplate\":\"https:\\\/\\\/www.telaled.com\\\/?s={search_term_string}\"},\"query-input\":{\"@type\":\"PropertyValueSpecification\",\"valueRequired\":true,\"valueName\":\"search_term_string\"}}],\"inLanguage\":\"de\"}]}<\/script>\n<!-- \/ Yoast SEO plugin. -->","yoast_head_json":{"title":"Front-Wartungs-LED-Panel der TIB-Serie | Schnelle und einfache Reparaturen | TELALED","description":"Sparen Sie Zeit mit dem frontmontierten LED-Display der TIB-Serie. Kein Platz auf der R\u00fcckseite erforderlich. Fordern Sie noch heute ein Angebot an und beschleunigen Sie die Einrichtung Ihres Displays.","robots":{"index":"index","follow":"follow","max-snippet":"max-snippet:-1","max-image-preview":"max-image-preview:large","max-video-preview":"max-video-preview:-1"},"canonical":"https:\/\/www.telaled.com\/de\/fabrica\/painel-de-led-para-manutencao-frontal-serie-tib\/","og_locale":"de_DE","og_type":"article","og_title":"Painel de LED para Manuten\u00e7\u00e3o Frontal S\u00e9rie TIB | Reparos R\u00e1pidos e Simples | TELALED","og_description":"Economize tempo com Painel de LED para Manuten\u00e7\u00e3o Frontal S\u00e9rie TIB. N\u00e3o \u00e9 necess\u00e1rio espa\u00e7o na parte traseira. Solicite um or\u00e7amento hoje mesmo e agilize a configura\u00e7\u00e3o do seu display.","og_url":"https:\/\/www.telaled.com\/de\/fabrica\/painel-de-led-para-manutencao-frontal-serie-tib\/","og_site_name":"TELALED","article_modified_time":"2026-01-05T02:48:37+00:00","og_image":[{"width":500,"height":500,"url":"https:\/\/www.telaled.com\/wp-content\/uploads\/2025\/08\/painel-de-led-para-manutencao-frontal.webp","type":"image\/webp"}],"twitter_card":"summary_large_image","twitter_misc":{"Gesch\u00e4tzte Lesezeit":"3\u00a0Minuten"},"schema":{"@context":"https:\/\/schema.org","@graph":[{"@type":"WebPage","@id":"https:\/\/www.telaled.com\/fabrica\/painel-de-led-para-manutencao-frontal-serie-tib\/","url":"https:\/\/www.telaled.com\/fabrica\/painel-de-led-para-manutencao-frontal-serie-tib\/","name":"Front-Wartungs-LED-Panel der TIB-Serie | Schnelle und einfache Reparaturen | TELALED","isPartOf":{"@id":"https:\/\/www.telaled.com\/#website"},"primaryImageOfPage":{"@id":"https:\/\/www.telaled.com\/fabrica\/painel-de-led-para-manutencao-frontal-serie-tib\/#primaryimage"},"image":{"@id":"https:\/\/www.telaled.com\/fabrica\/painel-de-led-para-manutencao-frontal-serie-tib\/#primaryimage"},"thumbnailUrl":"https:\/\/www.telaled.com\/wp-content\/uploads\/2025\/08\/painel-de-led-para-manutencao-frontal.webp","datePublished":"2025-08-04T01:34:42+00:00","dateModified":"2026-01-05T02:48:37+00:00","description":"Sparen Sie Zeit mit dem frontmontierten LED-Display der TIB-Serie. Kein Platz auf der R\u00fcckseite erforderlich. Fordern Sie noch heute ein Angebot an und beschleunigen Sie die Einrichtung Ihres Displays.","breadcrumb":{"@id":"https:\/\/www.telaled.com\/fabrica\/painel-de-led-para-manutencao-frontal-serie-tib\/#breadcrumb"},"inLanguage":"de","potentialAction":[{"@type":"ReadAction","target":["https:\/\/www.telaled.com\/fabrica\/painel-de-led-para-manutencao-frontal-serie-tib\/"]}]},{"@type":"ImageObject","inLanguage":"de","@id":"https:\/\/www.telaled.com\/fabrica\/painel-de-led-para-manutencao-frontal-serie-tib\/#primaryimage","url":"https:\/\/www.telaled.com\/wp-content\/uploads\/2025\/08\/painel-de-led-para-manutencao-frontal.webp","contentUrl":"https:\/\/www.telaled.com\/wp-content\/uploads\/2025\/08\/painel-de-led-para-manutencao-frontal.webp","width":500,"height":500,"caption":"painel-de-led-para-manuten\u00e7\u00e3o-frontal"},{"@type":"BreadcrumbList","@id":"https:\/\/www.telaled.com\/fabrica\/painel-de-led-para-manutencao-frontal-serie-tib\/#breadcrumb","itemListElement":[{"@type":"ListItem","position":1,"name":"Home","item":"https:\/\/www.telaled.com\/"},{"@type":"ListItem","position":2,"name":"Produtos","item":"https:\/\/www.telaled.com\/shop\/"},{"@type":"ListItem","position":3,"name":"Painel de LED para Manuten\u00e7\u00e3o Frontal S\u00e9rie TIB"}]},{"@type":"WebSite","@id":"https:\/\/www.telaled.com\/#website","url":"https:\/\/www.telaled.com\/","name":"LED-Bildschirm","description":"","potentialAction":[{"@type":"SearchAction","target":{"@type":"EntryPoint","urlTemplate":"https:\/\/www.telaled.com\/?s={search_term_string}"},"query-input":{"@type":"PropertyValueSpecification","valueRequired":true,"valueName":"search_term_string"}}],"inLanguage":"de"}]}},"_links":{"self":[{"href":"https:\/\/www.telaled.com\/de\/wp-json\/wp\/v2\/product\/2843","targetHints":{"allow":["GET"]}}],"collection":[{"href":"https:\/\/www.telaled.com\/de\/wp-json\/wp\/v2\/product"}],"about":[{"href":"https:\/\/www.telaled.com\/de\/wp-json\/wp\/v2\/types\/product"}],"wp:featuredmedia":[{"embeddable":true,"href":"https:\/\/www.telaled.com\/de\/wp-json\/wp\/v2\/media\/2844"}],"wp:attachment":[{"href":"https:\/\/www.telaled.com\/de\/wp-json\/wp\/v2\/media?parent=2843"}],"wp:term":[{"taxonomy":"product_brand","embeddable":true,"href":"https:\/\/www.telaled.com\/de\/wp-json\/wp\/v2\/product_brand?post=2843"},{"taxonomy":"product_cat","embeddable":true,"href":"https:\/\/www.telaled.com\/de\/wp-json\/wp\/v2\/product_cat?post=2843"},{"taxonomy":"product_tag","embeddable":true,"href":"https:\/\/www.telaled.com\/de\/wp-json\/wp\/v2\/product_tag?post=2843"}],"curies":[{"name":"wp","href":"https:\/\/api.w.org\/{rel}","templated":true}]}}