{"id":2777,"date":"2025-07-29T01:56:28","date_gmt":"2025-07-29T01:56:28","guid":{"rendered":"https:\/\/www.telaled.com\/?post_type=product&#038;p=2777"},"modified":"2026-01-05T01:49:24","modified_gmt":"2026-01-05T01:49:24","slug":"painel-led-economizador-de-energia-serie-toc","status":"publish","type":"product","link":"https:\/\/www.telaled.com\/de\/fabrica\/painel-led-economizador-de-energia-serie-toc\/","title":{"rendered":"Energiesparendes LED-Panel der TOC-Serie"},"content":{"rendered":"<div class=\"row\"  id=\"row-3793451\">\n\n\t<div id=\"col-1506023215\" class=\"col small-12 large-12\"  >\n\t\t\t\t<div class=\"col-inner\"  >\n\t\t\t\n\t\t\t\n<h2>Exklusive Vorteile des energiesparenden LED-Panels der TOC-Serie<\/h2>\n<h3><strong>\u00dcberragende Haltbarkeit<\/strong><\/h3>\n<ul>\n<li>Dank des modularen Aufbaus des 960 mm x 960 mm gro\u00dfen Geh\u00e4uses und der 480 mm x 320 mm gro\u00dfen Frontplatte, die jeweils nur \u2264 26,5 kg wiegen, sind eine schnelle Montage, Demontage und ein einfacher Transport m\u00f6glich.<\/li>\n<li>Es nutzt eine fortschrittliche LED-Verkapselung. <a href=\"https:\/\/www.telaled.com\/de\/led-smd\/\">SMD<\/a> 3 in 1, mit integrierten roten, gr\u00fcnen und blauen LEDs f\u00fcr \u00fcberragende Farbgenauigkeit und Helligkeit.<\/li>\n<\/ul>\n<h3><strong>Au\u00dfergew\u00f6hnliche Bildqualit\u00e4t<\/strong><\/h3>\n<ul>\n<li>Hohe Bildwiederholrate bis zu \u22653840 Hz<\/li>\n<li>Weiter Betrachtungswinkel von 140\u00b0\/140\u00b0<\/li>\n<\/ul>\n<h3><strong>Vollst\u00e4ndige Anpassungsf\u00e4higkeit<\/strong><\/h3>\n<ul>\n<li>Wasserdichtigkeitsschutz IP65 und Geh\u00e4use aus Aluminiumdruckguss f\u00fcr den Einsatz im Freien.<\/li>\n<li>Helligkeit bis zu 6000 cd\/m2<\/li>\n<\/ul>\n<h3><strong>Umfassende Unterst\u00fctzung<\/strong><\/h3>\n<ul>\n<li>Technischer Remote-Support rund um die Uhr \u2013 Verf\u00fcgbar, wann immer Sie Hilfe ben\u00f6tigen.<\/li>\n<li>5% Ersatzteile im Lieferumfang enthalten \u2013 Genie\u00dfen Sie mehr Sicherheit.<\/li>\n<li>3 Jahre erweiterte Garantie \u2013 Profitieren Sie von langfristiger Zuverl\u00e4ssigkeit und umfassendem Support.<\/li>\n<\/ul>\n<h2>Produktdetails<\/h2>\n<div class=\"row\"  id=\"row-439311195\">\n\n\t<div id=\"col-505091826\" class=\"col medium-10 small-12 large-10\"  >\n\t\t\t\t<div class=\"col-inner text-left\"  >\n\t\t\t\n\t\t\t\n<ul>\n<li>Hervorragendes Design mit Positionierungsstift, Modulgriff, Sicherheitsband, Rahmenschloss, versteckter Kabelnut und mehr.<\/li>\n<\/ul>\n\t<div class=\"img has-hover x md-x lg-x y md-y lg-y\" id=\"image_715135763\">\n\t\t\t\t\t\t\t\t<div class=\"img-inner dark\" >\n\t\t\t<img loading=\"lazy\" decoding=\"async\" width=\"753\" height=\"533\" src=\"https:\/\/www.telaled.com\/wp-content\/uploads\/2025\/07\/Excelente-design-de-gabinete.webp\" class=\"attachment-original size-original\" alt=\"Ausgezeichnetes Geh\u00e4usedesign\" srcset=\"https:\/\/www.telaled.com\/wp-content\/uploads\/2025\/07\/Excelente-design-de-gabinete.webp 753w, https:\/\/www.telaled.com\/wp-content\/uploads\/2025\/07\/Excelente-design-de-gabinete-300x212.webp 300w, https:\/\/www.telaled.com\/wp-content\/uploads\/2025\/07\/Excelente-design-de-gabinete-18x12.webp 18w, https:\/\/www.telaled.com\/wp-content\/uploads\/2025\/07\/Excelente-design-de-gabinete-600x425.webp 600w\" sizes=\"auto, (max-width: 753px) 100vw, 753px\" \/>\t\t\t\t\t\t\n\t\t\t\t\t<\/div>\n\t\t\t\t\t\t\t\t\n<style>\n#image_715135763 {\n  width: 95%;\n}\n<\/style>\n\t<\/div>\n\t\n\t\t<\/div>\n\t\t\t\t\t<\/div>\n\n\t\n\n\t<div id=\"col-904099172\" class=\"col medium-10 small-12 large-10\"  >\n\t\t\t\t<div class=\"col-inner text-left\"  >\n\t\t\t\n\t\t\t\n<ul>\n<li>Gute W\u00e4rmeableitungsleistung. Hohe Helligkeit mit 10.000 Nits. L\u00e4ngere Lebensdauer als herk\u00f6mmliche LED-Displays.<\/li>\n<\/ul>\n\t<div class=\"img has-hover x md-x lg-x y md-y lg-y\" id=\"image_480084626\">\n\t\t\t\t\t\t\t\t<div class=\"img-inner dark\" >\n\t\t\t<img loading=\"lazy\" decoding=\"async\" width=\"640\" height=\"430\" src=\"https:\/\/www.telaled.com\/wp-content\/uploads\/2025\/07\/Resfriamento-de-alta-eficiencia.webp\" class=\"attachment-large size-large\" alt=\"Hocheffiziente K\u00fchlung\" srcset=\"https:\/\/www.telaled.com\/wp-content\/uploads\/2025\/07\/Resfriamento-de-alta-eficiencia.webp 640w, https:\/\/www.telaled.com\/wp-content\/uploads\/2025\/07\/Resfriamento-de-alta-eficiencia-300x202.webp 300w, https:\/\/www.telaled.com\/wp-content\/uploads\/2025\/07\/Resfriamento-de-alta-eficiencia-18x12.webp 18w, https:\/\/www.telaled.com\/wp-content\/uploads\/2025\/07\/Resfriamento-de-alta-eficiencia-600x403.webp 600w\" sizes=\"auto, (max-width: 640px) 100vw, 640px\" \/>\t\t\t\t\t\t\n\t\t\t\t\t<\/div>\n\t\t\t\t\t\t\t\t\n<style>\n#image_480084626 {\n  width: 95%;\n}\n<\/style>\n\t<\/div>\n\t\n<ul>\n<li>Dieses LED-Display unterst\u00fctzt <a href=\"https:\/\/www.telaled.com\/de\/fabrica\/painel-de-led-para-manutencao-frontal-serie-tib\/\">Frontwartung<\/a> und hinten, was eine gr\u00f6\u00dfere Flexibilit\u00e4t f\u00fcr verschiedene Installationsumgebungen bietet.<\/li>\n<\/ul>\n\t<div class=\"img has-hover x md-x lg-x y md-y lg-y\" id=\"image_959028852\">\n\t\t\t\t\t\t\t\t<div class=\"img-inner dark\" >\n\t\t\t<img loading=\"lazy\" decoding=\"async\" width=\"640\" height=\"430\" src=\"https:\/\/www.telaled.com\/wp-content\/uploads\/2025\/07\/Manutencao-Frontal-e-Traseira.webp\" class=\"attachment-large size-large\" alt=\"Wartung vorne und hinten\" srcset=\"https:\/\/www.telaled.com\/wp-content\/uploads\/2025\/07\/Manutencao-Frontal-e-Traseira.webp 640w, https:\/\/www.telaled.com\/wp-content\/uploads\/2025\/07\/Manutencao-Frontal-e-Traseira-300x202.webp 300w, https:\/\/www.telaled.com\/wp-content\/uploads\/2025\/07\/Manutencao-Frontal-e-Traseira-18x12.webp 18w, https:\/\/www.telaled.com\/wp-content\/uploads\/2025\/07\/Manutencao-Frontal-e-Traseira-600x403.webp 600w\" sizes=\"auto, (max-width: 640px) 100vw, 640px\" \/>\t\t\t\t\t\t\n\t\t\t\t\t<\/div>\n\t\t\t\t\t\t\t\t\n<style>\n#image_959028852 {\n  width: 95%;\n}\n<\/style>\n\t<\/div>\n\t\n\t\t<\/div>\n\t\t\t\t\t<\/div>\n\n\t\n\n\t<div id=\"col-1458428645\" class=\"col medium-10 small-12 large-10\"  >\n\t\t\t\t<div class=\"col-inner text-left\"  >\n\t\t\t\n\t\t\t\n<ul>\n<li>LED-Displays werden je nach Typ und Verwendungszweck verpackt. Komplette Displays werden zur besseren Unterst\u00fctzung in Holzkisten verpackt. LED-Module werden in Kartons versendet. Mietdisplays werden anders gehandhabt; sie werden in Luftfrachtkisten verpackt. Einige Artikel werden in einfachen Kisten verpackt, jedoch f\u00fcr zus\u00e4tzlichen Schutz mit Holzrahmen verst\u00e4rkt.<\/li>\n<\/ul>\n\t<div class=\"img has-hover x md-x lg-x y md-y lg-y\" id=\"image_1360249779\">\n\t\t\t\t\t\t\t\t<div class=\"img-inner dark\" >\n\t\t\t<img loading=\"lazy\" decoding=\"async\" width=\"760\" height=\"1024\" src=\"https:\/\/www.telaled.com\/wp-content\/uploads\/2025\/06\/Embalagem-760x1024.webp\" class=\"attachment-large size-large\" alt=\"Verpackung\" srcset=\"https:\/\/www.telaled.com\/wp-content\/uploads\/2025\/06\/Embalagem-760x1024.webp 760w, https:\/\/www.telaled.com\/wp-content\/uploads\/2025\/06\/Embalagem-223x300.webp 223w, https:\/\/www.telaled.com\/wp-content\/uploads\/2025\/06\/Embalagem-768x1035.webp 768w, https:\/\/www.telaled.com\/wp-content\/uploads\/2025\/06\/Embalagem-9x12.webp 9w, https:\/\/www.telaled.com\/wp-content\/uploads\/2025\/06\/Embalagem-600x808.webp 600w, https:\/\/www.telaled.com\/wp-content\/uploads\/2025\/06\/Embalagem.webp 795w\" sizes=\"auto, (max-width: 760px) 100vw, 760px\" \/>\t\t\t\t\t\t\n\t\t\t\t\t<\/div>\n\t\t\t\t\t\t\t\t\n<style>\n#image_1360249779 {\n  width: 95%;\n}\n<\/style>\n\t<\/div>\n\t\n\t\t<\/div>\n\t\t\t\t\t<\/div>\n\n\t\n<\/div>\n\t\t<\/div>\n\t\t\t\t\t<\/div>\n\n\t\n\n\t<div id=\"col-1764528101\" class=\"col small-12 large-12\"  >\n\t\t\t\t<div class=\"col-inner\"  >\n\t\t\t\n\t\t\t\n<div class=\"row\"  id=\"row-737065273\">\n\n\t<div id=\"col-225482589\" class=\"col medium-10 small-12 large-10\"  >\n\t\t\t\t<div class=\"col-inner\"  >\n\t\t\t\n\t\t\t\n\n<table id=\"tablepress-47\" class=\"tablepress tablepress-id-47\">\n<thead>\n<tr class=\"row-1\">\n\t<th class=\"column-1\">Modell<\/th><th class=\"column-2\">TOB - 3,91<\/th><th class=\"column-3\">TOB - 4,81<\/th><th class=\"column-4\">TOB - 6,25<\/th><th class=\"column-5\">TOB - 7,81<\/th><th class=\"column-6\">TOB - 10.42<\/th>\n<\/tr>\n<\/thead>\n<tbody class=\"row-striping row-hover\">\n<tr class=\"row-2\">\n\t<td class=\"column-1\">Pixelabstand<\/td><td class=\"column-2\">3,91 mm<\/td><td class=\"column-3\">4,81 mm<\/td><td class=\"column-4\">6,25 mm<\/td><td class=\"column-5\">7,81 mm<\/td><td class=\"column-6\">10,42 mm<\/td>\n<\/tr>\n<tr class=\"row-3\">\n\t<td class=\"column-1\">SMD-Typ<\/td><td class=\"column-2\">SMD1921<\/td><td class=\"column-3\">SMD1921<\/td><td class=\"column-4\">SMD2727<\/td><td class=\"column-5\">SMD2727<\/td><td class=\"column-6\">SMD2727<\/td>\n<\/tr>\n<tr class=\"row-4\">\n\t<td class=\"column-1\">Physische Dichte (Punkte\/m\u00b2)<\/td><td class=\"column-2\"><br \/>\n65536<\/td><td class=\"column-3\"><br \/>\n43264<\/td><td class=\"column-4\"><br \/>\n25600<\/td><td class=\"column-5\"><br \/>\n16384<\/td><td class=\"column-6\"><br \/>\n9216<\/td>\n<\/tr>\n<tr class=\"row-5\">\n\t<td class=\"column-1\">Modulaufl\u00f6sung<\/td><td class=\"column-2\">128 x 64<\/td><td class=\"column-3\">104 x 52<\/td><td class=\"column-4\">80x40<\/td><td class=\"column-5\">64 x 32<\/td><td class=\"column-6\">48 x 24<\/td>\n<\/tr>\n<tr class=\"row-6\">\n\t<td class=\"column-1\">Plattenma\u00df (BxH\/mm)<\/td><td class=\"column-2\"><br \/>\n500 x 250<\/td><td class=\"column-3\"><br \/>\n500 x 250<\/td><td class=\"column-4\"><br \/>\n500 x 250<\/td><td class=\"column-5\"><br \/>\n500 x 250<\/td><td class=\"column-6\"><br \/>\n500 x 250<\/td>\n<\/tr>\n<tr class=\"row-7\">\n\t<td class=\"column-1\">Modulgr\u00f6\u00dfe (mm)<\/td><td class=\"column-2\">1000 x 1000 x 83<\/td><td class=\"column-3\">1000 x 1000 x 83<\/td><td class=\"column-4\">1000 x 1000 x 83<\/td><td class=\"column-5\">1000 x 1000 x 83<\/td><td class=\"column-6\">1000 x 1000 x 83<\/td>\n<\/tr>\n<tr class=\"row-8\">\n\t<td class=\"column-1\">Panelaufl\u00f6sung<\/td><td class=\"column-2\">256 x 256<\/td><td class=\"column-3\">208 x 208<\/td><td class=\"column-4\">160 x 160<\/td><td class=\"column-5\">128 x 128<\/td><td class=\"column-6\">96 x 96<\/td>\n<\/tr>\n<tr class=\"row-9\">\n\t<td class=\"column-1\">Anzahl der Module (BxH)<\/td><td class=\"column-2\"><br \/>\n2x4<\/td><td class=\"column-3\"><br \/>\n2x4<\/td><td class=\"column-4\"><br \/>\n2x4<\/td><td class=\"column-5\"><br \/>\n2x4<\/td><td class=\"column-6\"><br \/>\n2x4<\/td>\n<\/tr>\n<tr class=\"row-10\">\n\t<td class=\"column-1\">Plattengewicht (kg)<\/td><td class=\"column-2\">22.5<\/td><td class=\"column-3\">22.5<\/td><td class=\"column-4\">22.5<\/td><td class=\"column-5\">22.5<\/td><td class=\"column-6\">22.5<\/td>\n<\/tr>\n<tr class=\"row-11\">\n\t<td class=\"column-1\">Wartungsmodus<\/td><td class=\"column-2\">Vorne und hinten<\/td><td class=\"column-3\">Vorne und hinten<\/td><td class=\"column-4\">Vorne und hinten<\/td><td class=\"column-5\">Vorne und hinten<\/td><td class=\"column-6\">Vorne und hinten<\/td>\n<\/tr>\n<tr class=\"row-12\">\n\t<td class=\"column-1\">Glanz (Nissen)<\/td><td class=\"column-2\">6000<\/td><td class=\"column-3\">6000<\/td><td class=\"column-4\">6000<\/td><td class=\"column-5\">6000<\/td><td class=\"column-6\">6000<\/td>\n<\/tr>\n<tr class=\"row-13\">\n\t<td class=\"column-1\">Farbtemperatur (K)<\/td><td class=\"column-2\">1000-18500 Einstellbar<\/td><td class=\"column-3\">1000-18500 Einstellbar<\/td><td class=\"column-4\">1000-18500 Einstellbar<\/td><td class=\"column-5\">1000-18500 Einstellbar<\/td><td class=\"column-6\">1000-18500 Einstellbar<\/td>\n<\/tr>\n<tr class=\"row-14\">\n\t<td class=\"column-1\">Betrachtungswinkel (H\/V)<\/td><td class=\"column-2\">140\u00b0\/160\u00b0<\/td><td class=\"column-3\">140\u00b0\/160\u00b0<\/td><td class=\"column-4\">140\u00b0\/160\u00b0<\/td><td class=\"column-5\">140\u00b0\/160\u00b0<\/td><td class=\"column-6\">140\u00b0\/160\u00b0<\/td>\n<\/tr>\n<tr class=\"row-15\">\n\t<td class=\"column-1\">Bester Betrachtungsabstand<\/td><td class=\"column-2\"><br \/>\n4-100 m<\/td><td class=\"column-3\"><br \/>\n4-100 m<\/td><td class=\"column-4\"><br \/>\n6-150 m<\/td><td class=\"column-5\"><br \/>\n8-150 m<\/td><td class=\"column-6\"><br \/>\n10-200 m<\/td>\n<\/tr>\n<tr class=\"row-16\">\n\t<td class=\"column-1\">Kontrastverh\u00e4ltnis<\/td><td class=\"column-2\">10000:1<\/td><td class=\"column-3\">10000:1<\/td><td class=\"column-4\">10000:1<\/td><td class=\"column-5\">10000:1<\/td><td class=\"column-6\">10000:1<\/td>\n<\/tr>\n<tr class=\"row-17\">\n\t<td class=\"column-1\">Frame-\u00c4nderungsfrequenz (Hz)<\/td><td class=\"column-2\">50\/60<\/td><td class=\"column-3\">50\/60<\/td><td class=\"column-4\">50\/60<\/td><td class=\"column-5\">50\/60<\/td><td class=\"column-6\">50\/60<\/td>\n<\/tr>\n<tr class=\"row-18\">\n\t<td class=\"column-1\">Fahrmodus<\/td><td class=\"column-2\">Konstantstrom 1\/16<\/td><td class=\"column-3\">Konstantstrom 1\/13<\/td><td class=\"column-4\">Konstantstrom 1\/8<\/td><td class=\"column-5\">Konstantstrom 1\/8<\/td><td class=\"column-6\">Konstantstrom 1\/8<\/td>\n<\/tr>\n<tr class=\"row-19\">\n\t<td class=\"column-1\">Graustufe<\/td><td class=\"column-2\">16 Bit<\/td><td class=\"column-3\">16 Bit<\/td><td class=\"column-4\">16 Bit<\/td><td class=\"column-5\">16 Bit<\/td><td class=\"column-6\">16 Bit<\/td>\n<\/tr>\n<tr class=\"row-20\">\n\t<td class=\"column-1\">Bildwiederholrate (Hz)<\/td><td class=\"column-2\">3840<\/td><td class=\"column-3\">3840<\/td><td class=\"column-4\">3840<\/td><td class=\"column-5\">3840<\/td><td class=\"column-6\">3840<\/td>\n<\/tr>\n<tr class=\"row-21\">\n\t<td class=\"column-1\">Betriebstemperatur\/Luftfeuchtigkeit (\u00b0C\/RH)<\/td><td class=\"column-2\"><br \/>\n-20~60\u00b0C\/10%~85%<\/td><td class=\"column-3\"><br \/>\n-20~60\u00b0C\/10%~85%<\/td><td class=\"column-4\"><br \/>\n-20~60\u00b0C\/10%~85%<\/td><td class=\"column-5\"><br \/>\n-20~60\u00b0C\/10%~85%<\/td><td class=\"column-6\"><br \/>\n-20~60\u00b0C\/10%~85%<\/td>\n<\/tr>\n<\/tbody>\n<\/table>\n\n\t\t<\/div>\n\t\t\t\t\t<\/div>\n\n\t\n<\/div>\n\t\t<\/div>\n\t\t\t\t\t<\/div>\n\n\t\n<\/div>","protected":false},"excerpt":{"rendered":"<p><strong>Energiesparendes LED-Display der TOC-Serie: Energiesparendes LED-Display mit hohem Schutz und einfacher Installation<\/strong><\/p>\n<p>Unser <em><strong>Energiesparendes LED-Panel der TOC-Serie<\/strong><\/em> bietet hochenergieeffiziente LED-Displays mit sehr geringem Stromverbrauch. <a href=\"https:\/\/www.telaled.com\/de\/entendendo-o-consumo-de-energia-painel-de-led-quao-eficientes-sao-os-displays-de-led-modernos\/\">Energieverbrauch<\/a> und Schutzart IP65. Dank seines modularen Designs sowie der einfachen Installation und Wartung ist es die beste Wahl f\u00fcr dynamische Werbel\u00f6sungen.<\/p>\n<p><strong>Haupteigenschaften:<\/strong><\/p>\n<ul>\n<li><strong>Energieeffizienz:<\/strong> Die Common-Cathode-Technologie reduziert den Energieverbrauch und die W\u00e4rmeentwicklung erheblich.<\/li>\n<li><strong>Flexible Wartung:<\/strong> Die Konstruktion mit Zugang von vorne und hinten erm\u00f6glicht eine schnelle und einfache Wartung und reduziert Ausfallzeiten.<\/li>\n<li><strong>Anpassbare Gr\u00f6\u00dfen:<\/strong> Erh\u00e4ltlich in verschiedenen Pixelgr\u00f6\u00dfen (P4.44, P5.7, P6.66, P8, P10), um unterschiedlichen Betrachtungsabst\u00e4nden und Anwendungen gerecht zu werden.<\/li>\n<\/ul>\n<p>Das modulare Design des 960 mm x 960 mm gro\u00dfen Schranks und der 480 mm x 320 mm gro\u00dfen Platte mit einem Gewicht von nur 25 kg pro Schrank erm\u00f6glicht eine schnelle Installation, Demontage und einen einfachen Transport.<\/p>\n<p>24\/7-Fernsupport und 3 Jahre Garantie sind Standard. Kontaktieren Sie uns noch heute f\u00fcr ein individuelles Angebot.<\/p>","protected":false},"featured_media":2779,"template":"","meta":[],"product_brand":[],"product_cat":[40,46],"product_tag":[],"class_list":{"0":"post-2777","1":"product","2":"type-product","3":"status-publish","4":"has-post-thumbnail","6":"product_cat-painel-de-led","7":"product_cat-painel-de-video","9":"first","10":"instock","11":"shipping-taxable","12":"product-type-simple"},"yoast_head":"<!-- This site is optimized with the Yoast SEO plugin v27.5 - https:\/\/yoast.com\/product\/yoast-seo-wordpress\/ -->\n<title>Painel LED Economizador de Energia S\u00e9rie TOC | Para Uma Solu\u00e7\u00e3o de Exibi\u00e7\u00e3o Eficiente | TELALED<\/title>\n<meta name=\"description\" content=\"Aumente a efici\u00eancia com os nossos pain\u00e9is LED energeticamente eficientes, concebidos para reduzir4 os custos de energia e proporcionar um ecr\u00e3 brilhante e consistente. Pe\u00e7a um or\u00e7amento agora mesmo!\" \/>\n<meta name=\"robots\" content=\"index, follow, max-snippet:-1, max-image-preview:large, max-video-preview:-1\" \/>\n<link rel=\"canonical\" href=\"https:\/\/www.telaled.com\/de\/fabrica\/painel-led-economizador-de-energia-serie-toc\/\" \/>\n<meta property=\"og:locale\" content=\"de_DE\" \/>\n<meta property=\"og:type\" content=\"article\" \/>\n<meta property=\"og:title\" content=\"Painel LED Economizador de Energia S\u00e9rie TOC | Para Uma Solu\u00e7\u00e3o de Exibi\u00e7\u00e3o Eficiente | TELALED\" \/>\n<meta property=\"og:description\" content=\"Aumente a efici\u00eancia com os nossos pain\u00e9is LED energeticamente eficientes, concebidos para reduzir4 os custos de energia e proporcionar um ecr\u00e3 brilhante e consistente. Pe\u00e7a um or\u00e7amento agora mesmo!\" \/>\n<meta property=\"og:url\" content=\"https:\/\/www.telaled.com\/de\/fabrica\/painel-led-economizador-de-energia-serie-toc\/\" \/>\n<meta property=\"og:site_name\" content=\"TELALED\" \/>\n<meta property=\"article:modified_time\" content=\"2026-01-05T01:49:24+00:00\" \/>\n<meta property=\"og:image\" content=\"https:\/\/www.telaled.com\/wp-content\/uploads\/2025\/07\/Painel-LED-Economizador-de-Energia-Serie-TOC.jpg\" \/>\n\t<meta property=\"og:image:width\" content=\"500\" \/>\n\t<meta property=\"og:image:height\" content=\"500\" \/>\n\t<meta property=\"og:image:type\" content=\"image\/jpeg\" \/>\n<meta name=\"twitter:card\" content=\"summary_large_image\" \/>\n<meta name=\"twitter:label1\" content=\"Gesch\u00e4tzte Lesezeit\" \/>\n\t<meta name=\"twitter:data1\" content=\"2\u00a0Minuten\" \/>\n<script type=\"application\/ld+json\" class=\"yoast-schema-graph\">{\"@context\":\"https:\\\/\\\/schema.org\",\"@graph\":[{\"@type\":\"WebPage\",\"@id\":\"https:\\\/\\\/www.telaled.com\\\/fabrica\\\/painel-led-economizador-de-energia-serie-toc\\\/\",\"url\":\"https:\\\/\\\/www.telaled.com\\\/fabrica\\\/painel-led-economizador-de-energia-serie-toc\\\/\",\"name\":\"Painel LED Economizador de Energia S\u00e9rie TOC | Para Uma Solu\u00e7\u00e3o de Exibi\u00e7\u00e3o Eficiente | TELALED\",\"isPartOf\":{\"@id\":\"https:\\\/\\\/www.telaled.com\\\/#website\"},\"primaryImageOfPage\":{\"@id\":\"https:\\\/\\\/www.telaled.com\\\/fabrica\\\/painel-led-economizador-de-energia-serie-toc\\\/#primaryimage\"},\"image\":{\"@id\":\"https:\\\/\\\/www.telaled.com\\\/fabrica\\\/painel-led-economizador-de-energia-serie-toc\\\/#primaryimage\"},\"thumbnailUrl\":\"https:\\\/\\\/www.telaled.com\\\/wp-content\\\/uploads\\\/2025\\\/07\\\/Painel-LED-Economizador-de-Energia-Serie-TOC.jpg\",\"datePublished\":\"2025-07-29T01:56:28+00:00\",\"dateModified\":\"2026-01-05T01:49:24+00:00\",\"description\":\"Aumente a efici\u00eancia com os nossos pain\u00e9is LED energeticamente eficientes, concebidos para reduzir4 os custos de energia e proporcionar um ecr\u00e3 brilhante e consistente. Pe\u00e7a um or\u00e7amento agora mesmo!\",\"breadcrumb\":{\"@id\":\"https:\\\/\\\/www.telaled.com\\\/fabrica\\\/painel-led-economizador-de-energia-serie-toc\\\/#breadcrumb\"},\"inLanguage\":\"de\",\"potentialAction\":[{\"@type\":\"ReadAction\",\"target\":[\"https:\\\/\\\/www.telaled.com\\\/fabrica\\\/painel-led-economizador-de-energia-serie-toc\\\/\"]}]},{\"@type\":\"ImageObject\",\"inLanguage\":\"de\",\"@id\":\"https:\\\/\\\/www.telaled.com\\\/fabrica\\\/painel-led-economizador-de-energia-serie-toc\\\/#primaryimage\",\"url\":\"https:\\\/\\\/www.telaled.com\\\/wp-content\\\/uploads\\\/2025\\\/07\\\/Painel-LED-Economizador-de-Energia-Serie-TOC.jpg\",\"contentUrl\":\"https:\\\/\\\/www.telaled.com\\\/wp-content\\\/uploads\\\/2025\\\/07\\\/Painel-LED-Economizador-de-Energia-Serie-TOC.jpg\",\"width\":500,\"height\":500},{\"@type\":\"BreadcrumbList\",\"@id\":\"https:\\\/\\\/www.telaled.com\\\/fabrica\\\/painel-led-economizador-de-energia-serie-toc\\\/#breadcrumb\",\"itemListElement\":[{\"@type\":\"ListItem\",\"position\":1,\"name\":\"Home\",\"item\":\"https:\\\/\\\/www.telaled.com\\\/\"},{\"@type\":\"ListItem\",\"position\":2,\"name\":\"Produtos\",\"item\":\"https:\\\/\\\/www.telaled.com\\\/shop\\\/\"},{\"@type\":\"ListItem\",\"position\":3,\"name\":\"Painel LED Economizador de Energia S\u00e9rie TOC\"}]},{\"@type\":\"WebSite\",\"@id\":\"https:\\\/\\\/www.telaled.com\\\/#website\",\"url\":\"https:\\\/\\\/www.telaled.com\\\/\",\"name\":\"TELALED\",\"description\":\"\",\"potentialAction\":[{\"@type\":\"SearchAction\",\"target\":{\"@type\":\"EntryPoint\",\"urlTemplate\":\"https:\\\/\\\/www.telaled.com\\\/?s={search_term_string}\"},\"query-input\":{\"@type\":\"PropertyValueSpecification\",\"valueRequired\":true,\"valueName\":\"search_term_string\"}}],\"inLanguage\":\"de\"}]}<\/script>\n<!-- \/ Yoast SEO plugin. -->","yoast_head_json":{"title":"Energiesparendes LED-Panel der TOC-Serie | F\u00fcr effiziente Displayl\u00f6sungen | TELALED","description":"Steigern Sie die Effizienz mit unseren energieeffizienten LED-Panels. Sie senken die Energiekosten und liefern eine helle, gleichm\u00e4\u00dfige Anzeige. Fordern Sie jetzt ein Angebot an!","robots":{"index":"index","follow":"follow","max-snippet":"max-snippet:-1","max-image-preview":"max-image-preview:large","max-video-preview":"max-video-preview:-1"},"canonical":"https:\/\/www.telaled.com\/de\/fabrica\/painel-led-economizador-de-energia-serie-toc\/","og_locale":"de_DE","og_type":"article","og_title":"Painel LED Economizador de Energia S\u00e9rie TOC | Para Uma Solu\u00e7\u00e3o de Exibi\u00e7\u00e3o Eficiente | TELALED","og_description":"Aumente a efici\u00eancia com os nossos pain\u00e9is LED energeticamente eficientes, concebidos para reduzir4 os custos de energia e proporcionar um ecr\u00e3 brilhante e consistente. Pe\u00e7a um or\u00e7amento agora mesmo!","og_url":"https:\/\/www.telaled.com\/de\/fabrica\/painel-led-economizador-de-energia-serie-toc\/","og_site_name":"TELALED","article_modified_time":"2026-01-05T01:49:24+00:00","og_image":[{"width":500,"height":500,"url":"https:\/\/www.telaled.com\/wp-content\/uploads\/2025\/07\/Painel-LED-Economizador-de-Energia-Serie-TOC.jpg","type":"image\/jpeg"}],"twitter_card":"summary_large_image","twitter_misc":{"Gesch\u00e4tzte Lesezeit":"2\u00a0Minuten"},"schema":{"@context":"https:\/\/schema.org","@graph":[{"@type":"WebPage","@id":"https:\/\/www.telaled.com\/fabrica\/painel-led-economizador-de-energia-serie-toc\/","url":"https:\/\/www.telaled.com\/fabrica\/painel-led-economizador-de-energia-serie-toc\/","name":"Energiesparendes LED-Panel der TOC-Serie | F\u00fcr effiziente Displayl\u00f6sungen | TELALED","isPartOf":{"@id":"https:\/\/www.telaled.com\/#website"},"primaryImageOfPage":{"@id":"https:\/\/www.telaled.com\/fabrica\/painel-led-economizador-de-energia-serie-toc\/#primaryimage"},"image":{"@id":"https:\/\/www.telaled.com\/fabrica\/painel-led-economizador-de-energia-serie-toc\/#primaryimage"},"thumbnailUrl":"https:\/\/www.telaled.com\/wp-content\/uploads\/2025\/07\/Painel-LED-Economizador-de-Energia-Serie-TOC.jpg","datePublished":"2025-07-29T01:56:28+00:00","dateModified":"2026-01-05T01:49:24+00:00","description":"Steigern Sie die Effizienz mit unseren energieeffizienten LED-Panels. Sie senken die Energiekosten und liefern eine helle, gleichm\u00e4\u00dfige Anzeige. Fordern Sie jetzt ein Angebot an!","breadcrumb":{"@id":"https:\/\/www.telaled.com\/fabrica\/painel-led-economizador-de-energia-serie-toc\/#breadcrumb"},"inLanguage":"de","potentialAction":[{"@type":"ReadAction","target":["https:\/\/www.telaled.com\/fabrica\/painel-led-economizador-de-energia-serie-toc\/"]}]},{"@type":"ImageObject","inLanguage":"de","@id":"https:\/\/www.telaled.com\/fabrica\/painel-led-economizador-de-energia-serie-toc\/#primaryimage","url":"https:\/\/www.telaled.com\/wp-content\/uploads\/2025\/07\/Painel-LED-Economizador-de-Energia-Serie-TOC.jpg","contentUrl":"https:\/\/www.telaled.com\/wp-content\/uploads\/2025\/07\/Painel-LED-Economizador-de-Energia-Serie-TOC.jpg","width":500,"height":500},{"@type":"BreadcrumbList","@id":"https:\/\/www.telaled.com\/fabrica\/painel-led-economizador-de-energia-serie-toc\/#breadcrumb","itemListElement":[{"@type":"ListItem","position":1,"name":"Home","item":"https:\/\/www.telaled.com\/"},{"@type":"ListItem","position":2,"name":"Produtos","item":"https:\/\/www.telaled.com\/shop\/"},{"@type":"ListItem","position":3,"name":"Painel LED Economizador de Energia S\u00e9rie TOC"}]},{"@type":"WebSite","@id":"https:\/\/www.telaled.com\/#website","url":"https:\/\/www.telaled.com\/","name":"LED-Bildschirm","description":"","potentialAction":[{"@type":"SearchAction","target":{"@type":"EntryPoint","urlTemplate":"https:\/\/www.telaled.com\/?s={search_term_string}"},"query-input":{"@type":"PropertyValueSpecification","valueRequired":true,"valueName":"search_term_string"}}],"inLanguage":"de"}]}},"_links":{"self":[{"href":"https:\/\/www.telaled.com\/de\/wp-json\/wp\/v2\/product\/2777","targetHints":{"allow":["GET"]}}],"collection":[{"href":"https:\/\/www.telaled.com\/de\/wp-json\/wp\/v2\/product"}],"about":[{"href":"https:\/\/www.telaled.com\/de\/wp-json\/wp\/v2\/types\/product"}],"wp:featuredmedia":[{"embeddable":true,"href":"https:\/\/www.telaled.com\/de\/wp-json\/wp\/v2\/media\/2779"}],"wp:attachment":[{"href":"https:\/\/www.telaled.com\/de\/wp-json\/wp\/v2\/media?parent=2777"}],"wp:term":[{"taxonomy":"product_brand","embeddable":true,"href":"https:\/\/www.telaled.com\/de\/wp-json\/wp\/v2\/product_brand?post=2777"},{"taxonomy":"product_cat","embeddable":true,"href":"https:\/\/www.telaled.com\/de\/wp-json\/wp\/v2\/product_cat?post=2777"},{"taxonomy":"product_tag","embeddable":true,"href":"https:\/\/www.telaled.com\/de\/wp-json\/wp\/v2\/product_tag?post=2777"}],"curies":[{"name":"wp","href":"https:\/\/api.w.org\/{rel}","templated":true}]}}