{"id":2658,"date":"2025-07-21T03:26:52","date_gmt":"2025-07-21T03:26:52","guid":{"rendered":"https:\/\/www.telaled.com\/?post_type=product&#038;p=2658"},"modified":"2026-01-03T06:07:43","modified_gmt":"2026-01-03T06:07:43","slug":"modulo-de-led-p2-flexivel","status":"publish","type":"product","link":"https:\/\/www.telaled.com\/de\/fabrica\/modulo-de-led-p2-flexivel\/","title":{"rendered":"Flexibles P2 LED-Modul"},"content":{"rendered":"<div id=\"featurebullets_feature_div\" class=\"celwidget\" data-feature-name=\"featurebullets\" data-csa-c-type=\"widget\" data-csa-c-content-id=\"featurebullets\" data-csa-c-slot-id=\"featurebullets_feature_div\" data-csa-c-asin=\"B07DF32D6Q\" data-csa-c-is-in-initial-active-row=\"false\" data-csa-c-id=\"3j0pnl-7cjnp-9t8psx-tspeog\">\n<div id=\"feature-bullets\" class=\"a-section a-spacing-medium a-spacing-top-small\">\n<div data-zone-id=\"0\" data-line-index=\"0\" data-line=\"true\">\n<p><strong>Hauptanwendungen:<\/strong><\/p>\n<ul>\n<li><strong>Einzelhandel und Einkaufszentren:<\/strong> Verwenden Sie flexible LED-Panels, um gebogene LED-W\u00e4nde, S\u00e4ulenverkleidungen oder individuelle Beschilderungen zu erstellen, die K\u00e4ufer anziehen und Produkte mit gestochen scharfen Bildern und bewegten Grafiken bewerben.<\/li>\n<li><strong><a href=\"https:\/\/www.telaled.com\/de\/fabrica\/aluguel-de-painel-de-led-da-serie-tra\/\">B\u00fchnen- und Eventverleih<\/a>:<\/strong> Perfekt f\u00fcr Konzerte, Hochzeiten und Live-Events. Das faltbare Design erm\u00f6glicht einzigartige B\u00fchnenhintergr\u00fcnde und dynamische visuelle Effekte, die das Publikumserlebnis verbessern.<\/li>\n<li><strong>Messehallen und Messen:<\/strong> Betonen Sie Ihre Markenpr\u00e4senz mit auff\u00e4lligen LED-Displays. Dank der hohen Aufl\u00f6sung und der sanften Kurven fallen Sie mit kr\u00e4ftigen, farbenfrohen Displays auch in \u00fcberf\u00fcllten R\u00e4umen auf.<\/li>\n<li><strong>Flugh\u00e4fen und Verkehrsknotenpunkte:<\/strong> Ideal f\u00fcr Informationsanzeigen, Wegweiser oder Werbung, wenn Platz und Betrachtungswinkel begrenzt sind.<\/li>\n<li><strong>Innenwerbung:<\/strong> Von Luxusboutiquen bis hin zu Schnellrestaurants helfen flexible P2-LED-Module dabei, lebendige Werbung in engen oder benutzerdefinierten R\u00e4umen ohne Verzerrung anzuzeigen.<\/li>\n<\/ul>\n<p><strong>Bew\u00e4hrte Technologie:<\/strong><\/p>\n<ul>\n<li>IP40\/IP50 \u2013 Staub- und feuchtigkeitsbest\u00e4ndig.<\/li>\n<li>16-Bit-Farbverlauf (281 Billionen Farben). \u2013 Fotorealistisch.<\/li>\n<li>CE\/RoHS\/ISO9001-Zertifizierung \u2013 Industriequalit\u00e4t garantiert.<\/li>\n<\/ul>\n<p><img loading=\"lazy\" decoding=\"async\" class=\"alignnone wp-image-2017 size-full\" src=\"https:\/\/www.telaled.com\/wp-content\/uploads\/2023\/06\/quality-led-module-materials-1.webp\" alt=\"hochwertige LED-Modulmaterialien\" width=\"768\" height=\"555\" srcset=\"https:\/\/www.telaled.com\/wp-content\/uploads\/2023\/06\/quality-led-module-materials-1.webp 768w, https:\/\/www.telaled.com\/wp-content\/uploads\/2023\/06\/quality-led-module-materials-1-300x217.webp 300w, https:\/\/www.telaled.com\/wp-content\/uploads\/2023\/06\/quality-led-module-materials-1-18x12.webp 18w, https:\/\/www.telaled.com\/wp-content\/uploads\/2023\/06\/quality-led-module-materials-1-600x434.webp 600w\" sizes=\"auto, (max-width: 768px) 100vw, 768px\" \/><\/p>\n<\/div>\n<\/div>\n<\/div>\n<div data-feature-name=\"acf-carousel\" data-csa-c-type=\"widget\" data-csa-c-content-id=\"acf-carousel\" data-csa-c-slot-id=\"acf-carousel_feature_div\" data-csa-c-asin=\"B07DF32D6Q\" data-csa-c-is-in-initial-active-row=\"false\" data-csa-c-id=\"oqpgyr-mh4egp-nntzd2-kyiiqq\">\n<table id=\"tablepress-43\" class=\"tablepress tablepress-id-43\">\n<thead>\n<tr class=\"row-1\">\n\t<th colspan=\"4\" class=\"column-1\">Technische Details<\/th>\n<\/tr>\n<\/thead>\n<tbody class=\"row-striping row-hover\">\n<tr class=\"row-2\">\n\t<td class=\"column-1\">Modellnummer<\/td><td class=\"column-2\">TL \u2013 Flexibles P2 LED-Modul<\/td><td class=\"column-3\"><\/td><td class=\"column-4\"><\/td>\n<\/tr>\n<tr class=\"row-3\">\n\t<td class=\"column-1\">Markenname<\/td><td class=\"column-2\">TELALED Hersteller<\/td><td class=\"column-3\">Bildschirmflachheit<\/td><td class=\"column-4\">&lt;\u00b11 mm<\/td>\n<\/tr>\n<tr class=\"row-4\">\n\t<td class=\"column-1\">Herkunftsort<\/td><td class=\"column-2\">Guangdong, China<\/td><td class=\"column-3\">Mittlere Betriebsdauer zwischen Ausf\u00e4llen (MTBF)<\/td><td class=\"column-4\">10.000 Stunden<\/td>\n<\/tr>\n<tr class=\"row-5\">\n\t<td class=\"column-1\">Pixelabstand<\/td><td class=\"column-2\">Platz 2<\/td><td class=\"column-3\">Nutzungsdauer<\/td><td class=\"column-4\">100.000 Stunden<\/td>\n<\/tr>\n<tr class=\"row-6\">\n\t<td class=\"column-1\">Mindestbetrachtungsabstand<\/td><td class=\"column-2\">2 m<\/td><td class=\"column-3\">Anzeige Betriebsspannung<\/td><td class=\"column-4\">AC46\uff5e54HZ, 220V\u00b115%\/110V\u00b115%<\/td>\n<\/tr>\n<tr class=\"row-7\">\n\t<td class=\"column-1\">LED-Konfiguration<\/td><td class=\"column-2\">SMD1515<\/td><td class=\"column-3\">Lichtd\u00e4mpfung<\/td><td class=\"column-4\">\uff1c3%<\/td>\n<\/tr>\n<tr class=\"row-8\">\n\t<td class=\"column-1\">Modulaufl\u00f6sung<\/td><td class=\"column-2\">120\u00d760 Pixel \/128\u00d764 Pixel<\/td><td class=\"column-3\">Leckstrom<\/td><td class=\"column-4\">\uff1c3 mA<\/td>\n<\/tr>\n<tr class=\"row-9\">\n\t<td class=\"column-1\">Modul Pixel<\/td><td class=\"column-2\">7200 Pixel \/ 8192 Pixel<\/td><td class=\"column-3\">IP-Schutzart<\/td><td class=\"column-4\">Die R\u00fcckseite ist IP40, die Vorderseite ist IP50<\/td>\n<\/tr>\n<tr class=\"row-10\">\n\t<td class=\"column-1\">Modulgr\u00f6\u00dfe<\/td><td class=\"column-2\">L240mm*H120mm*T12 \/L256mm*H128mm*T12<\/td><td class=\"column-3\">Temperatur und Luftfeuchtigkeit der Arbeitsumgebung<\/td><td class=\"column-4\">Temp.: -20\u00b0C~+60\u00b0C \/ Luftfeuchtigkeit: 10%~90% RH<\/td>\n<\/tr>\n<tr class=\"row-11\">\n\t<td class=\"column-1\">Schrankgr\u00f6\u00dfe<\/td><td class=\"column-2\">Ma\u00dfgeschneidert<\/td><td class=\"column-3\">Unterst\u00fctzte Medien<\/td><td class=\"column-4\">Technische Daten, Fotos, CAD-Modelle, Video<\/td>\n<\/tr>\n<tr class=\"row-12\">\n\t<td class=\"column-1\">Pixelkonfiguration<\/td><td class=\"column-2\">SMD3in1, Vollfarbe R\/G\/B 1:1:1<\/td><td class=\"column-3\">Funktion<\/td><td class=\"column-4\">SDK<\/td>\n<\/tr>\n<tr class=\"row-13\">\n\t<td class=\"column-1\">Ausgewogener Glanz<\/td><td class=\"column-2\">1000 cd\/m\u00b2 (innen)<\/td><td class=\"column-3\">Steuerungsmodus<\/td><td class=\"column-4\">Synchronisation \u00fcber DVI mit Steuer-PC<\/td>\n<\/tr>\n<tr class=\"row-14\">\n\t<td class=\"column-1\">Antriebsmethode<\/td><td class=\"column-2\">1\/32 Scan<\/td><td class=\"column-3\">Unterst\u00fctzte Software<\/td><td class=\"column-4\">Windows XP\/W7\/Vista<\/td>\n<\/tr>\n<tr class=\"row-15\">\n\t<td class=\"column-1\">Aktualisierungsrate<\/td><td class=\"column-2\">\u22651920 Hz<\/td><td class=\"column-3\">Steuerungssystem<\/td><td class=\"column-4\">DVI-Karte + Vollfarbcontroller + Glasfaser (optional)<\/td>\n<\/tr>\n<tr class=\"row-16\">\n\t<td class=\"column-1\">\u00c4nderungserkennungsfrequenz<\/td><td class=\"column-2\">50-60 Hz<\/td><td class=\"column-3\">Markierung des Hauptsteuerungssystems<\/td><td class=\"column-4\">Novastar, Linsn, Huidu, Farblicht<\/td>\n<\/tr>\n<tr class=\"row-17\">\n\t<td class=\"column-1\">Betrachtungswinkel<\/td><td class=\"column-2\">H140\u00b0 V120\u00b0<\/td><td class=\"column-3\">Schnittstelle<\/td><td class=\"column-4\">Standard-Ethernet<\/td>\n<\/tr>\n<tr class=\"row-18\">\n\t<td class=\"column-1\">Inaktive Lichtrate<\/td><td class=\"column-2\">\u22641%<\/td><td class=\"column-3\">\u00dcbertragungsdistanz<\/td><td class=\"column-4\">Multimode-Glasfaser <500m >\n<\/tr>\n<tr class=\"row-19\">\n\t<td class=\"column-1\">Energieverschwendung<\/td><td class=\"column-2\">700*1000 W\/M2<\/td><td class=\"column-3\">Garantie<\/td><td class=\"column-4\">5 Jahre<\/td>\n<\/tr>\n<tr class=\"row-20\">\n\t<td class=\"column-1\">Durchschnittlicher Energieverbrauch<\/td><td class=\"column-2\">250 W\/M2<\/td><td class=\"column-3\">Lieferantentyp<\/td><td class=\"column-4\">Originalhersteller\/ODM\/OEM<\/td>\n<\/tr>\n<tr class=\"row-21\">\n\t<td class=\"column-1\">Graustufe<\/td><td class=\"column-2\">16-Bit (281 Billionen Farben) \/ 65.536 Schattierungen pro Prim\u00e4rfarbe<\/td><td class=\"column-3\">Lieferzeit<\/td><td class=\"column-4\">25 (oder verhandelbar)<\/td>\n<\/tr>\n<tr class=\"row-22\">\n\t<td class=\"column-1\">Anzeigefarbe<\/td><td class=\"column-2\">16M<\/td><td class=\"column-3\">Anwendung<\/td><td class=\"column-4\">Werbung\/Innen\/Au\u00dfen<\/td>\n<\/tr>\n<tr class=\"row-23\">\n\t<td class=\"column-1\">Ununterbrochene Arbeitszeiten<\/td><td class=\"column-2\">\u226572 Stunden<\/td><td class=\"column-3\">Verwenden<\/td><td class=\"column-4\">Digitale Werbung, Einkaufszentren, Willkommensdisplays, Ausstellungshallen, Flugh\u00e4fen, Kirchen, Sport, Events, Meetings, Vermietungen, B\u00fchnen, Automobil, Einzelhandel, Hochzeiten<\/td>\n<\/tr>\n<tr class=\"row-24\">\n\t<td class=\"column-1\">Diskrete Totwinkelrate<\/td><td class=\"column-2\"><1><td class=\"column-3\">Verpackungsdetails<\/td><td class=\"column-4\">Verst\u00e4rkter Karton + Holz<\/td>\n<\/tr>\n<tr class=\"row-25\">\n\t<td class=\"column-1\">Kontinuierliche Totwinkelrate<\/td><td class=\"column-2\">Keiner<\/td><td class=\"column-3\">Lieferkapazit\u00e4t<\/td><td class=\"column-4\">5.000 Einheiten\/Monat<\/td>\n<\/tr>\n<tr class=\"row-26\">\n\t<td class=\"column-1\">Toter-Winkel-Rate<\/td><td class=\"column-2\"><1><td class=\"column-3\">Hafen<\/td><td class=\"column-4\">Shenzhen<\/td>\n<\/tr>\n<\/tbody>\n<\/table>\n<\/div>\n<div id=\"provenanceCertifications_feature_div\" class=\"celwidget\" data-feature-name=\"provenanceCertifications\" data-csa-c-type=\"widget\" data-csa-c-content-id=\"provenanceCertifications\" data-csa-c-slot-id=\"provenanceCertifications_feature_div\" data-csa-c-asin=\"B07DF32D6Q\" data-csa-c-is-in-initial-active-row=\"false\" data-csa-c-id=\"6t8ho-xbknmj-nqaso5-ne24gd\">\n<div id=\"provenance-certifications\" class=\"a-section a-spacing-medium a-spacing-top-micro\"><\/div>\n<\/div>","protected":false},"excerpt":{"rendered":"<p><strong>Flexibles P2 LED-Modul \u2013 Individuelles LED-Display f\u00fcr kreative Installationen<\/strong><\/p>\n<p>Unsere <strong>Flexibles P2 LED-Modul <\/strong> Sie sind speziell f\u00fcr gebogene LED-Bildschirme entwickelt. Mit einem Pixelabstand von 2 mm, einer hohen Bildwiederholfrequenz und einer langen Lebensdauer liefern sie gestochen scharfe, makellose Bilder f\u00fcr kreative Umgebungen in Einkaufszentren., <a href=\"https:\/\/www.telaled.com\/de\/painel-de-led-para-eventos\/\">Veranstaltungen<\/a> und Ausstellungen.<\/p>\n<p><strong>Hauptvorteile:<\/strong><br \/>\n<strong><br \/>\n\u2714 Flexibles, kurvenfreundliches Design: <\/strong>Es passt sich problemlos an gekr\u00fcmmte oder unregelm\u00e4\u00dfige Oberfl\u00e4chen an, ohne an Gleichm\u00e4\u00dfigkeit oder visueller Qualit\u00e4t zu verlieren.<strong><br \/>\n<\/strong><\/p>\n<p><strong>\u2714 Ausgabe mit hoher Aufl\u00f6sung: <\/strong>Der Pixelabstand von 2 mm und bis zu 8192 Modulpixel sorgen f\u00fcr klare und scharfe Bilder auch im Nahbereich.<strong><br \/>\n<\/strong><\/p>\n<p><strong>\u2714 Strapazierf\u00e4hig und langlebig:<\/strong> Konstruiert f\u00fcr eine Laufzeit von \u00fcber 100.000 Stunden mit geringen Totlicht- und Blindfleckraten f\u00fcr eine gleichbleibende Bildschirmleistung.<strong><br \/>\n<\/strong><\/p>\n<p><strong>\u2714 Breite Kompatibilit\u00e4t und Kontrolle: <\/strong>Funktioniert mit g\u00e4ngigen Steuerungssystemen wie Novastar und Colorlight. Synchronisierung \u00fcber DVI und Ethernet f\u00fcr stabile Anzeigen.<\/p>","protected":false},"featured_media":2714,"template":"","meta":[],"product_brand":[],"product_cat":[41],"product_tag":[],"class_list":{"0":"post-2658","1":"product","2":"type-product","3":"status-publish","4":"has-post-thumbnail","6":"product_cat-modulo-painel-de-led","8":"first","9":"instock","10":"shipping-taxable","11":"product-type-simple"},"yoast_head":"<!-- This site is optimized with the Yoast SEO plugin v27.5 - https:\/\/yoast.com\/product\/yoast-seo-wordpress\/ -->\n<title>M\u00f3dulo de LED P2 flex\u00edvel | E painel de LED Curvo de Alta Resolu\u00e7\u00e3o |TELALED<\/title>\n<meta name=\"description\" content=\"Explore nosso m\u00f3dulo de LED P2 flex\u00edvel para aplica\u00e7\u00f5es de telas curvas perfeitas. Perfeito para telas de LED criativas para ambientes internos. Fa\u00e7a seu pedido agora para obter entrega r\u00e1pida e suporte especializado.\" \/>\n<meta name=\"robots\" content=\"index, follow, max-snippet:-1, max-image-preview:large, max-video-preview:-1\" \/>\n<link rel=\"canonical\" href=\"https:\/\/www.telaled.com\/de\/fabrica\/modulo-de-led-p2-flexivel\/\" \/>\n<meta property=\"og:locale\" content=\"de_DE\" \/>\n<meta property=\"og:type\" content=\"article\" \/>\n<meta property=\"og:title\" content=\"M\u00f3dulo de LED P2 flex\u00edvel | E painel de LED Curvo de Alta Resolu\u00e7\u00e3o |TELALED\" \/>\n<meta property=\"og:description\" content=\"Explore nosso m\u00f3dulo de LED P2 flex\u00edvel para aplica\u00e7\u00f5es de telas curvas perfeitas. Perfeito para telas de LED criativas para ambientes internos. Fa\u00e7a seu pedido agora para obter entrega r\u00e1pida e suporte especializado.\" \/>\n<meta property=\"og:url\" content=\"https:\/\/www.telaled.com\/de\/fabrica\/modulo-de-led-p2-flexivel\/\" \/>\n<meta property=\"og:site_name\" content=\"TELALED\" \/>\n<meta property=\"article:modified_time\" content=\"2026-01-03T06:07:43+00:00\" \/>\n<meta property=\"og:image\" content=\"https:\/\/www.telaled.com\/wp-content\/uploads\/2025\/07\/Modulo-de-LED-P2-flexivel-1.jpg\" \/>\n\t<meta property=\"og:image:width\" content=\"500\" \/>\n\t<meta property=\"og:image:height\" content=\"500\" \/>\n\t<meta property=\"og:image:type\" content=\"image\/jpeg\" \/>\n<meta name=\"twitter:card\" content=\"summary_large_image\" \/>\n<meta name=\"twitter:label1\" content=\"Gesch\u00e4tzte Lesezeit\" \/>\n\t<meta name=\"twitter:data1\" content=\"2\u00a0Minuten\" \/>\n<script type=\"application\/ld+json\" class=\"yoast-schema-graph\">{\"@context\":\"https:\\\/\\\/schema.org\",\"@graph\":[{\"@type\":\"WebPage\",\"@id\":\"https:\\\/\\\/www.telaled.com\\\/fabrica\\\/modulo-de-led-p2-flexivel\\\/\",\"url\":\"https:\\\/\\\/www.telaled.com\\\/fabrica\\\/modulo-de-led-p2-flexivel\\\/\",\"name\":\"M\u00f3dulo de LED P2 flex\u00edvel | E painel de LED Curvo de Alta Resolu\u00e7\u00e3o |TELALED\",\"isPartOf\":{\"@id\":\"https:\\\/\\\/www.telaled.com\\\/#website\"},\"primaryImageOfPage\":{\"@id\":\"https:\\\/\\\/www.telaled.com\\\/fabrica\\\/modulo-de-led-p2-flexivel\\\/#primaryimage\"},\"image\":{\"@id\":\"https:\\\/\\\/www.telaled.com\\\/fabrica\\\/modulo-de-led-p2-flexivel\\\/#primaryimage\"},\"thumbnailUrl\":\"https:\\\/\\\/www.telaled.com\\\/wp-content\\\/uploads\\\/2025\\\/07\\\/Modulo-de-LED-P2-flexivel-1.jpg\",\"datePublished\":\"2025-07-21T03:26:52+00:00\",\"dateModified\":\"2026-01-03T06:07:43+00:00\",\"description\":\"Explore nosso m\u00f3dulo de LED P2 flex\u00edvel para aplica\u00e7\u00f5es de telas curvas perfeitas. Perfeito para telas de LED criativas para ambientes internos. Fa\u00e7a seu pedido agora para obter entrega r\u00e1pida e suporte especializado.\",\"breadcrumb\":{\"@id\":\"https:\\\/\\\/www.telaled.com\\\/fabrica\\\/modulo-de-led-p2-flexivel\\\/#breadcrumb\"},\"inLanguage\":\"de\",\"potentialAction\":[{\"@type\":\"ReadAction\",\"target\":[\"https:\\\/\\\/www.telaled.com\\\/fabrica\\\/modulo-de-led-p2-flexivel\\\/\"]}]},{\"@type\":\"ImageObject\",\"inLanguage\":\"de\",\"@id\":\"https:\\\/\\\/www.telaled.com\\\/fabrica\\\/modulo-de-led-p2-flexivel\\\/#primaryimage\",\"url\":\"https:\\\/\\\/www.telaled.com\\\/wp-content\\\/uploads\\\/2025\\\/07\\\/Modulo-de-LED-P2-flexivel-1.jpg\",\"contentUrl\":\"https:\\\/\\\/www.telaled.com\\\/wp-content\\\/uploads\\\/2025\\\/07\\\/Modulo-de-LED-P2-flexivel-1.jpg\",\"width\":500,\"height\":500,\"caption\":\"M\u00f3dulo-de-LED-P2-flex\u00edvel\"},{\"@type\":\"BreadcrumbList\",\"@id\":\"https:\\\/\\\/www.telaled.com\\\/fabrica\\\/modulo-de-led-p2-flexivel\\\/#breadcrumb\",\"itemListElement\":[{\"@type\":\"ListItem\",\"position\":1,\"name\":\"Home\",\"item\":\"https:\\\/\\\/www.telaled.com\\\/\"},{\"@type\":\"ListItem\",\"position\":2,\"name\":\"Produtos\",\"item\":\"https:\\\/\\\/www.telaled.com\\\/shop\\\/\"},{\"@type\":\"ListItem\",\"position\":3,\"name\":\"M\u00f3dulo de LED P2 Flex\u00edvel\"}]},{\"@type\":\"WebSite\",\"@id\":\"https:\\\/\\\/www.telaled.com\\\/#website\",\"url\":\"https:\\\/\\\/www.telaled.com\\\/\",\"name\":\"TELALED\",\"description\":\"\",\"potentialAction\":[{\"@type\":\"SearchAction\",\"target\":{\"@type\":\"EntryPoint\",\"urlTemplate\":\"https:\\\/\\\/www.telaled.com\\\/?s={search_term_string}\"},\"query-input\":{\"@type\":\"PropertyValueSpecification\",\"valueRequired\":true,\"valueName\":\"search_term_string\"}}],\"inLanguage\":\"de\"}]}<\/script>\n<!-- \/ Yoast SEO plugin. -->","yoast_head_json":{"title":"Flexibles P2-LED-Modul | Und hochaufl\u00f6sendes gebogenes LED-Panel | TELALED","description":"Entdecken Sie unser flexibles P2-LED-Modul f\u00fcr nahtlos gebogene Displayanwendungen. Perfekt f\u00fcr kreative LED-Displays im Innenbereich. Bestellen Sie jetzt und profitieren Sie von schneller Lieferung und kompetenter Unterst\u00fctzung.","robots":{"index":"index","follow":"follow","max-snippet":"max-snippet:-1","max-image-preview":"max-image-preview:large","max-video-preview":"max-video-preview:-1"},"canonical":"https:\/\/www.telaled.com\/de\/fabrica\/modulo-de-led-p2-flexivel\/","og_locale":"de_DE","og_type":"article","og_title":"M\u00f3dulo de LED P2 flex\u00edvel | E painel de LED Curvo de Alta Resolu\u00e7\u00e3o |TELALED","og_description":"Explore nosso m\u00f3dulo de LED P2 flex\u00edvel para aplica\u00e7\u00f5es de telas curvas perfeitas. Perfeito para telas de LED criativas para ambientes internos. Fa\u00e7a seu pedido agora para obter entrega r\u00e1pida e suporte especializado.","og_url":"https:\/\/www.telaled.com\/de\/fabrica\/modulo-de-led-p2-flexivel\/","og_site_name":"TELALED","article_modified_time":"2026-01-03T06:07:43+00:00","og_image":[{"width":500,"height":500,"url":"https:\/\/www.telaled.com\/wp-content\/uploads\/2025\/07\/Modulo-de-LED-P2-flexivel-1.jpg","type":"image\/jpeg"}],"twitter_card":"summary_large_image","twitter_misc":{"Gesch\u00e4tzte Lesezeit":"2\u00a0Minuten"},"schema":{"@context":"https:\/\/schema.org","@graph":[{"@type":"WebPage","@id":"https:\/\/www.telaled.com\/fabrica\/modulo-de-led-p2-flexivel\/","url":"https:\/\/www.telaled.com\/fabrica\/modulo-de-led-p2-flexivel\/","name":"Flexibles P2-LED-Modul | Und hochaufl\u00f6sendes gebogenes LED-Panel | TELALED","isPartOf":{"@id":"https:\/\/www.telaled.com\/#website"},"primaryImageOfPage":{"@id":"https:\/\/www.telaled.com\/fabrica\/modulo-de-led-p2-flexivel\/#primaryimage"},"image":{"@id":"https:\/\/www.telaled.com\/fabrica\/modulo-de-led-p2-flexivel\/#primaryimage"},"thumbnailUrl":"https:\/\/www.telaled.com\/wp-content\/uploads\/2025\/07\/Modulo-de-LED-P2-flexivel-1.jpg","datePublished":"2025-07-21T03:26:52+00:00","dateModified":"2026-01-03T06:07:43+00:00","description":"Entdecken Sie unser flexibles P2-LED-Modul f\u00fcr nahtlos gebogene Displayanwendungen. Perfekt f\u00fcr kreative LED-Displays im Innenbereich. Bestellen Sie jetzt und profitieren Sie von schneller Lieferung und kompetenter Unterst\u00fctzung.","breadcrumb":{"@id":"https:\/\/www.telaled.com\/fabrica\/modulo-de-led-p2-flexivel\/#breadcrumb"},"inLanguage":"de","potentialAction":[{"@type":"ReadAction","target":["https:\/\/www.telaled.com\/fabrica\/modulo-de-led-p2-flexivel\/"]}]},{"@type":"ImageObject","inLanguage":"de","@id":"https:\/\/www.telaled.com\/fabrica\/modulo-de-led-p2-flexivel\/#primaryimage","url":"https:\/\/www.telaled.com\/wp-content\/uploads\/2025\/07\/Modulo-de-LED-P2-flexivel-1.jpg","contentUrl":"https:\/\/www.telaled.com\/wp-content\/uploads\/2025\/07\/Modulo-de-LED-P2-flexivel-1.jpg","width":500,"height":500,"caption":"M\u00f3dulo-de-LED-P2-flex\u00edvel"},{"@type":"BreadcrumbList","@id":"https:\/\/www.telaled.com\/fabrica\/modulo-de-led-p2-flexivel\/#breadcrumb","itemListElement":[{"@type":"ListItem","position":1,"name":"Home","item":"https:\/\/www.telaled.com\/"},{"@type":"ListItem","position":2,"name":"Produtos","item":"https:\/\/www.telaled.com\/shop\/"},{"@type":"ListItem","position":3,"name":"M\u00f3dulo de LED P2 Flex\u00edvel"}]},{"@type":"WebSite","@id":"https:\/\/www.telaled.com\/#website","url":"https:\/\/www.telaled.com\/","name":"LED-Bildschirm","description":"","potentialAction":[{"@type":"SearchAction","target":{"@type":"EntryPoint","urlTemplate":"https:\/\/www.telaled.com\/?s={search_term_string}"},"query-input":{"@type":"PropertyValueSpecification","valueRequired":true,"valueName":"search_term_string"}}],"inLanguage":"de"}]}},"_links":{"self":[{"href":"https:\/\/www.telaled.com\/de\/wp-json\/wp\/v2\/product\/2658","targetHints":{"allow":["GET"]}}],"collection":[{"href":"https:\/\/www.telaled.com\/de\/wp-json\/wp\/v2\/product"}],"about":[{"href":"https:\/\/www.telaled.com\/de\/wp-json\/wp\/v2\/types\/product"}],"wp:featuredmedia":[{"embeddable":true,"href":"https:\/\/www.telaled.com\/de\/wp-json\/wp\/v2\/media\/2714"}],"wp:attachment":[{"href":"https:\/\/www.telaled.com\/de\/wp-json\/wp\/v2\/media?parent=2658"}],"wp:term":[{"taxonomy":"product_brand","embeddable":true,"href":"https:\/\/www.telaled.com\/de\/wp-json\/wp\/v2\/product_brand?post=2658"},{"taxonomy":"product_cat","embeddable":true,"href":"https:\/\/www.telaled.com\/de\/wp-json\/wp\/v2\/product_cat?post=2658"},{"taxonomy":"product_tag","embeddable":true,"href":"https:\/\/www.telaled.com\/de\/wp-json\/wp\/v2\/product_tag?post=2658"}],"curies":[{"name":"wp","href":"https:\/\/api.w.org\/{rel}","templated":true}]}}