{"id":2522,"date":"2025-07-11T06:40:15","date_gmt":"2025-07-11T06:40:15","guid":{"rendered":"https:\/\/www.telaled.com\/?post_type=product&#038;p=2522"},"modified":"2026-01-02T08:30:29","modified_gmt":"2026-01-02T08:30:29","slug":"modulo-painel-de-led-p3-91","status":"publish","type":"product","link":"https:\/\/www.telaled.com\/de\/fabrica\/modulo-painel-de-led-p3-91\/","title":{"rendered":"P3.91 LED-Panelmodul"},"content":{"rendered":"<div id=\"featurebullets_feature_div\" class=\"celwidget\" data-feature-name=\"featurebullets\" data-csa-c-type=\"widget\" data-csa-c-content-id=\"featurebullets\" data-csa-c-slot-id=\"featurebullets_feature_div\" data-csa-c-asin=\"B07DF32D6Q\" data-csa-c-is-in-initial-active-row=\"false\" data-csa-c-id=\"3j0pnl-7cjnp-9t8psx-tspeog\">\n<div id=\"feature-bullets\" class=\"a-section a-spacing-medium a-spacing-top-small\">\n<div data-zone-id=\"0\" data-line-index=\"0\" data-line=\"true\">\n<p><strong>Hauptanwendungen:<\/strong><\/p>\n<ul>\n<li><strong>Konzerte und Live-Events:<\/strong> Wird als B\u00fchnenhintergrund f\u00fcr scharfe, flimmerfreie Bilder verwendet.<\/li>\n<li><strong>Einzelhandels- und Innenwerbung:<\/strong> Ideal f\u00fcr Nahfelddisplays in Einkaufszentren und <a href=\"https:\/\/www.telaled.com\/de\/painel-de-led-para-loja\/\">Gesch\u00e4fte<\/a>.<\/li>\n<li><strong>Firmenveranstaltungen und Kirchen:<\/strong> Klare Visualisierungen f\u00fcr Pr\u00e4sentationen, Songtexte und Videowiedergabe.<\/li>\n<li><strong>Messen und Vermietungen:<\/strong> Leicht und schnell aufzubauen f\u00fcr St\u00e4nde und tempor\u00e4re Ausstellungen.<\/li>\n<li><strong>Externe Beschilderung:<\/strong> Die wetterfeste Variante eignet sich f\u00fcr Schaufenster und digitale Werbetafeln.<\/li>\n<\/ul>\n<p><strong>Bew\u00e4hrte Technologie:<\/strong><\/p>\n<ul>\n<li>IP40\/IP50 \u2013 Staub- und feuchtigkeitsbest\u00e4ndig.<\/li>\n<li>16-Bit-Farbverlauf (281 Billionen Farben). \u2013 Fotorealistisch.<\/li>\n<li>CE\/RoHS\/ISO9001-Zertifizierung \u2013 Industriequalit\u00e4t garantiert.<\/li>\n<\/ul>\n<p><img loading=\"lazy\" decoding=\"async\" class=\"alignnone wp-image-2017 size-full\" src=\"https:\/\/www.telaled.com\/wp-content\/uploads\/2023\/06\/quality-led-module-materials-1.webp\" alt=\"hochwertige LED-Modulmaterialien\" width=\"768\" height=\"555\" srcset=\"https:\/\/www.telaled.com\/wp-content\/uploads\/2023\/06\/quality-led-module-materials-1.webp 768w, https:\/\/www.telaled.com\/wp-content\/uploads\/2023\/06\/quality-led-module-materials-1-300x217.webp 300w, https:\/\/www.telaled.com\/wp-content\/uploads\/2023\/06\/quality-led-module-materials-1-18x12.webp 18w, https:\/\/www.telaled.com\/wp-content\/uploads\/2023\/06\/quality-led-module-materials-1-600x434.webp 600w\" sizes=\"auto, (max-width: 768px) 100vw, 768px\" \/><\/p>\n<\/div>\n<\/div>\n<\/div>\n<div data-feature-name=\"acf-carousel\" data-csa-c-type=\"widget\" data-csa-c-content-id=\"acf-carousel\" data-csa-c-slot-id=\"acf-carousel_feature_div\" data-csa-c-asin=\"B07DF32D6Q\" data-csa-c-is-in-initial-active-row=\"false\" data-csa-c-id=\"oqpgyr-mh4egp-nntzd2-kyiiqq\">\n<table id=\"tablepress-26\" class=\"tablepress tablepress-id-26\">\n<thead>\n<tr class=\"row-1\">\n\t<th colspan=\"4\" class=\"column-1\">Technische Details<\/th>\n<\/tr>\n<\/thead>\n<tbody class=\"row-striping row-hover\">\n<tr class=\"row-2\">\n\t<td class=\"column-1\">Modellnummer<\/td><td class=\"column-2\">TL \u2013 P3.91 LED-Panelmodul<\/td><td class=\"column-3\"><\/td><td class=\"column-4\"><\/td>\n<\/tr>\n<tr class=\"row-3\">\n\t<td class=\"column-1\">Markenname<\/td><td class=\"column-2\">TELALED Hersteller<\/td><td class=\"column-3\">Bildschirmflachheit<\/td><td class=\"column-4\">&lt;\u00b11 mm<\/td>\n<\/tr>\n<tr class=\"row-4\">\n\t<td class=\"column-1\">Herkunftsort<\/td><td class=\"column-2\">Guangdong, China<\/td><td class=\"column-3\">Mittlere Betriebsdauer zwischen Ausf\u00e4llen (MTBF)<\/td><td class=\"column-4\">10.000 Stunden<\/td>\n<\/tr>\n<tr class=\"row-5\">\n\t<td class=\"column-1\">Pixelabstand<\/td><td class=\"column-2\">P3.91<\/td><td class=\"column-3\">Nutzungsdauer<\/td><td class=\"column-4\">100.000 Stunden<\/td>\n<\/tr>\n<tr class=\"row-6\">\n\t<td class=\"column-1\">Mindestbetrachtungsabstand<\/td><td class=\"column-2\">3,9 m<\/td><td class=\"column-3\">Anzeige Betriebsspannung<\/td><td class=\"column-4\">AC46\uff5e54HZ, 220V\u00b115%\/110V\u00b115%<\/td>\n<\/tr>\n<tr class=\"row-7\">\n\t<td class=\"column-1\">LED-Konfiguration<\/td><td class=\"column-2\">SMD2121<\/td><td class=\"column-3\">Lichtd\u00e4mpfung<\/td><td class=\"column-4\">\uff1c3%<\/td>\n<\/tr>\n<tr class=\"row-8\">\n\t<td class=\"column-1\">Modulaufl\u00f6sung<\/td><td class=\"column-2\">64\u00d764 Pixel<\/td><td class=\"column-3\">Leckstrom<\/td><td class=\"column-4\">\uff1c3 mA<\/td>\n<\/tr>\n<tr class=\"row-9\">\n\t<td class=\"column-1\">Modul Pixel<\/td><td class=\"column-2\">4096 Pixel<\/td><td class=\"column-3\">5408 Pixel<\/td><td class=\"column-4\">R\u00fcckseite: IP40 \/ Vorderseite: IP50<\/td>\n<\/tr>\n<tr class=\"row-10\">\n\t<td class=\"column-1\">Modulgr\u00f6\u00dfe<\/td><td class=\"column-2\">\tB250mm*H250mm*T14<\/td><td class=\"column-3\">Temperatur und Luftfeuchtigkeit der Arbeitsumgebung<\/td><td class=\"column-4\">Temp.: -20\u00b0C~+60\u00b0C \/ Luftfeuchtigkeit: 10%~90% RH<\/td>\n<\/tr>\n<tr class=\"row-11\">\n\t<td class=\"column-1\">Schrankgr\u00f6\u00dfe<\/td><td class=\"column-2\">500 mm x 500 mm<\/td><td class=\"column-3\">Unterst\u00fctzte Medien<\/td><td class=\"column-4\">Technische Daten, Fotos, CAD-Modelle, Video<\/td>\n<\/tr>\n<tr class=\"row-12\">\n\t<td class=\"column-1\">Pixelkonfiguration<\/td><td class=\"column-2\">SMD3in1, Vollfarbe R\/G\/B 1:1:1<\/td><td class=\"column-3\">Funktion<\/td><td class=\"column-4\">SDK<\/td>\n<\/tr>\n<tr class=\"row-13\">\n\t<td class=\"column-1\">Ausgewogener Glanz<\/td><td class=\"column-2\">1000 cd\/m\u00b2 (innen)<\/td><td class=\"column-3\">Steuerungsmodus<\/td><td class=\"column-4\">Synchronisation \u00fcber DVI mit Steuer-PC<\/td>\n<\/tr>\n<tr class=\"row-14\">\n\t<td class=\"column-1\">Antriebsmethode<\/td><td class=\"column-2\">1\/16 Scan<\/td><td class=\"column-3\">Unterst\u00fctzte Software<\/td><td class=\"column-4\">Windows XP\/W7\/Vista<\/td>\n<\/tr>\n<tr class=\"row-15\">\n\t<td class=\"column-1\">Aktualisierungsrate<\/td><td class=\"column-2\">\u22651920 Hz<\/td><td class=\"column-3\">Steuerungssystem<\/td><td class=\"column-4\">DVI-Karte + Vollfarbcontroller + Glasfaser (optional)<\/td>\n<\/tr>\n<tr class=\"row-16\">\n\t<td class=\"column-1\">\u00c4nderungserkennungsfrequenz<\/td><td class=\"column-2\">50-60 Hz<\/td><td class=\"column-3\">Markierung des Hauptsteuerungssystems<\/td><td class=\"column-4\">Novastar, Linsn, Huidu, Farblicht<\/td>\n<\/tr>\n<tr class=\"row-17\">\n\t<td class=\"column-1\">Betrachtungswinkel<\/td><td class=\"column-2\">H140\u00b0 V120\u00b0<\/td><td class=\"column-3\">Schnittstelle<\/td><td class=\"column-4\">Standard-Ethernet<\/td>\n<\/tr>\n<tr class=\"row-18\">\n\t<td class=\"column-1\">Inaktive Lichtrate<\/td><td class=\"column-2\">\u22641%<\/td><td class=\"column-3\">\u00dcbertragungsdistanz<\/td><td class=\"column-4\">Multimode-Glasfaser <500m >\n<\/tr>\n<tr class=\"row-19\">\n\t<td class=\"column-1\">Energieverschwendung<\/td><td class=\"column-2\">700*1000 W\/M2<\/td><td class=\"column-3\">Garantie<\/td><td class=\"column-4\">5 Jahre<\/td>\n<\/tr>\n<tr class=\"row-20\">\n\t<td class=\"column-1\">Durchschnittlicher Energieverbrauch<\/td><td class=\"column-2\">450 W\/M2<\/td><td class=\"column-3\">Lieferantentyp<\/td><td class=\"column-4\">Originalhersteller\/ODM\/OEM<\/td>\n<\/tr>\n<tr class=\"row-21\">\n\t<td class=\"column-1\">Graustufe<\/td><td class=\"column-2\">16-Bit (281 Billionen Farben) \/ 65.536 Schattierungen pro Prim\u00e4rfarbe<\/td><td class=\"column-3\">Lieferzeit<\/td><td class=\"column-4\">25 (oder verhandelbar)<\/td>\n<\/tr>\n<tr class=\"row-22\">\n\t<td class=\"column-1\">Anzeigefarbe<\/td><td class=\"column-2\">16M<\/td><td class=\"column-3\">Anwendung<\/td><td class=\"column-4\">Werbung\/Innen\/Au\u00dfen<\/td>\n<\/tr>\n<tr class=\"row-23\">\n\t<td class=\"column-1\">Ununterbrochene Arbeitszeiten<\/td><td class=\"column-2\">\u226572 Stunden<\/td><td class=\"column-3\">Verwenden<\/td><td class=\"column-4\">Digitale Werbung, Einkaufszentren, Willkommensdisplays, Ausstellungshallen, Flugh\u00e4fen, Kirchen, Sport, Events, Meetings, Vermietungen, B\u00fchnen, Automobil, Einzelhandel, Hochzeiten<\/td>\n<\/tr>\n<tr class=\"row-24\">\n\t<td class=\"column-1\">Diskrete Totwinkelrate<\/td><td class=\"column-2\"><1><td class=\"column-3\">Verpackungsdetails<\/td><td class=\"column-4\">Verst\u00e4rkter Karton + Holz<\/td>\n<\/tr>\n<tr class=\"row-25\">\n\t<td class=\"column-1\">Kontinuierliche Totwinkelrate<\/td><td class=\"column-2\">Keiner<\/td><td class=\"column-3\">Lieferkapazit\u00e4t<\/td><td class=\"column-4\">5.000 Einheiten\/Monat<\/td>\n<\/tr>\n<tr class=\"row-26\">\n\t<td class=\"column-1\">Toter-Winkel-Rate<\/td><td class=\"column-2\"><1><td class=\"column-3\">Hafen<\/td><td class=\"column-4\">Shenzhen<\/td>\n<\/tr>\n<\/tbody>\n<\/table>\n<\/div>\n<div id=\"provenanceCertifications_feature_div\" class=\"celwidget\" data-feature-name=\"provenanceCertifications\" data-csa-c-type=\"widget\" data-csa-c-content-id=\"provenanceCertifications\" data-csa-c-slot-id=\"provenanceCertifications_feature_div\" data-csa-c-asin=\"B07DF32D6Q\" data-csa-c-is-in-initial-active-row=\"false\" data-csa-c-id=\"6t8ho-xbknmj-nqaso5-ne24gd\">\n<div id=\"provenance-certifications\" class=\"a-section a-spacing-medium a-spacing-top-micro\">\u00a0<\/div>\n<\/div>","protected":false},"excerpt":{"rendered":"<p><strong>P3.91 LED-Panelmodul<\/strong> f\u00fcr eine zuverl\u00e4ssige, klare Anzeige<\/p>\n<p>DER <strong>P3.91 LED-Panelmodul<\/strong> Es liefert gestochen scharfe Bilder und eine gleichbleibende Leistung f\u00fcr LED-Displays im Innen- und Au\u00dfenbereich. Mit einem Pixelabstand von 3,91 mm eignet es sich hervorragend f\u00fcr Mietdisplays, B\u00fchnenhintergr\u00fcnde, Digital Signage und Festinstallationen, die eine schnelle Einrichtung, reibungslose Wiedergabe und langfristige Zuverl\u00e4ssigkeit erfordern.<\/p>\n<p><strong>Hauptvorteile:<\/strong><br \/>\n<strong><br \/>\n\u2714 Transparent bei kurzen Betrachtungsabst\u00e4nden: <\/strong>Dank eines Pixelabstands von 3,91 mm bleibt das Bild auch in einer Entfernung von 3 bis 5 Metern scharf. Ideal f\u00fcr den Nahbereich.<strong><br \/>\n<\/strong><\/p>\n<p><strong>\u2714 Flimmerfreie Videowiedergabe: <\/strong>Hohe Bildwiederholraten (\u22651920 Hz) verhindern Flimmern w\u00e4hrend <a href=\"https:\/\/www.telaled.com\/de\/painel-de-led-para-eventos\/\">Veranstaltungen<\/a> Live- und Kameraaufnahmen.<strong><br \/>\n<\/strong><\/p>\n<p><strong>\u2714 Schneller Aufbau und leichte Paneele: <\/strong>500 mm x 500 mm gro\u00dfe modulare Aluminiumschr\u00e4nke sind einfach zu installieren, zu transportieren und zu warten.<strong><br \/>\n<\/strong><\/p>\n<p><strong>\u2714 Optionen f\u00fcr Innen- und Au\u00dfenbereiche verf\u00fcgbar: <\/strong>Die internen Panels bieten eine Helligkeit von 1.000 Nits. Die externen Versionen sind r\u00fcckseitig nach IP40 und vorn nach IP50 zertifiziert und erreichen eine Helligkeit von 4.500 Nits.<strong><br \/>\n<\/strong><\/p>","protected":false},"featured_media":2697,"template":"","meta":[],"product_brand":[],"product_cat":[41],"product_tag":[],"class_list":{"0":"post-2522","1":"product","2":"type-product","3":"status-publish","4":"has-post-thumbnail","6":"product_cat-modulo-painel-de-led","8":"first","9":"instock","10":"shipping-taxable","11":"product-type-simple"},"yoast_head":"<!-- This site is optimized with the Yoast SEO plugin v27.5 - https:\/\/yoast.com\/product\/yoast-seo-wordpress\/ -->\n<title>Modulo Painel de LED P3.91 Dur\u00e1vel | Atualiza\u00e7\u00e3o R\u00e1pida, Sa\u00edda Clara |TELALED<\/title>\n<meta name=\"description\" content=\"Modulo Painel de LED P3.91 vers\u00e1teis para visuais n\u00edtidos e desempenho est\u00e1vel. Funciona bem em qualquer configura\u00e7\u00e3o interna ou externa. Obtenha uma cota\u00e7\u00e3o gratuita agora!\" \/>\n<meta name=\"robots\" content=\"index, follow, max-snippet:-1, max-image-preview:large, max-video-preview:-1\" \/>\n<link rel=\"canonical\" href=\"https:\/\/www.telaled.com\/de\/fabrica\/modulo-painel-de-led-p3-91\/\" \/>\n<meta property=\"og:locale\" content=\"de_DE\" \/>\n<meta property=\"og:type\" content=\"article\" \/>\n<meta property=\"og:title\" content=\"Modulo Painel de LED P3.91 Dur\u00e1vel | Atualiza\u00e7\u00e3o R\u00e1pida, Sa\u00edda Clara |TELALED\" \/>\n<meta property=\"og:description\" content=\"Modulo Painel de LED P3.91 vers\u00e1teis para visuais n\u00edtidos e desempenho est\u00e1vel. Funciona bem em qualquer configura\u00e7\u00e3o interna ou externa. Obtenha uma cota\u00e7\u00e3o gratuita agora!\" \/>\n<meta property=\"og:url\" content=\"https:\/\/www.telaled.com\/de\/fabrica\/modulo-painel-de-led-p3-91\/\" \/>\n<meta property=\"og:site_name\" content=\"TELALED\" \/>\n<meta property=\"article:modified_time\" content=\"2026-01-02T08:30:29+00:00\" \/>\n<meta property=\"og:image\" content=\"https:\/\/www.telaled.com\/wp-content\/uploads\/2025\/07\/modulo-painel-de-led-p3.91-1-1.webp\" \/>\n\t<meta property=\"og:image:width\" content=\"500\" \/>\n\t<meta property=\"og:image:height\" content=\"500\" \/>\n\t<meta property=\"og:image:type\" content=\"image\/webp\" \/>\n<meta name=\"twitter:card\" content=\"summary_large_image\" \/>\n<meta name=\"twitter:label1\" content=\"Gesch\u00e4tzte Lesezeit\" \/>\n\t<meta name=\"twitter:data1\" content=\"1\u00a0Minute\" \/>\n<script type=\"application\/ld+json\" class=\"yoast-schema-graph\">{\"@context\":\"https:\\\/\\\/schema.org\",\"@graph\":[{\"@type\":\"WebPage\",\"@id\":\"https:\\\/\\\/www.telaled.com\\\/fabrica\\\/modulo-painel-de-led-p3-91\\\/\",\"url\":\"https:\\\/\\\/www.telaled.com\\\/fabrica\\\/modulo-painel-de-led-p3-91\\\/\",\"name\":\"Modulo Painel de LED P3.91 Dur\u00e1vel | Atualiza\u00e7\u00e3o R\u00e1pida, Sa\u00edda Clara |TELALED\",\"isPartOf\":{\"@id\":\"https:\\\/\\\/www.telaled.com\\\/#website\"},\"primaryImageOfPage\":{\"@id\":\"https:\\\/\\\/www.telaled.com\\\/fabrica\\\/modulo-painel-de-led-p3-91\\\/#primaryimage\"},\"image\":{\"@id\":\"https:\\\/\\\/www.telaled.com\\\/fabrica\\\/modulo-painel-de-led-p3-91\\\/#primaryimage\"},\"thumbnailUrl\":\"https:\\\/\\\/www.telaled.com\\\/wp-content\\\/uploads\\\/2025\\\/07\\\/modulo-painel-de-led-p3.91-1-1.webp\",\"datePublished\":\"2025-07-11T06:40:15+00:00\",\"dateModified\":\"2026-01-02T08:30:29+00:00\",\"description\":\"Modulo Painel de LED P3.91 vers\u00e1teis para visuais n\u00edtidos e desempenho est\u00e1vel. Funciona bem em qualquer configura\u00e7\u00e3o interna ou externa. Obtenha uma cota\u00e7\u00e3o gratuita agora!\",\"breadcrumb\":{\"@id\":\"https:\\\/\\\/www.telaled.com\\\/fabrica\\\/modulo-painel-de-led-p3-91\\\/#breadcrumb\"},\"inLanguage\":\"de\",\"potentialAction\":[{\"@type\":\"ReadAction\",\"target\":[\"https:\\\/\\\/www.telaled.com\\\/fabrica\\\/modulo-painel-de-led-p3-91\\\/\"]}]},{\"@type\":\"ImageObject\",\"inLanguage\":\"de\",\"@id\":\"https:\\\/\\\/www.telaled.com\\\/fabrica\\\/modulo-painel-de-led-p3-91\\\/#primaryimage\",\"url\":\"https:\\\/\\\/www.telaled.com\\\/wp-content\\\/uploads\\\/2025\\\/07\\\/modulo-painel-de-led-p3.91-1-1.webp\",\"contentUrl\":\"https:\\\/\\\/www.telaled.com\\\/wp-content\\\/uploads\\\/2025\\\/07\\\/modulo-painel-de-led-p3.91-1-1.webp\",\"width\":500,\"height\":500,\"caption\":\"modulo-painel-de-led-p3.91 (1)\"},{\"@type\":\"BreadcrumbList\",\"@id\":\"https:\\\/\\\/www.telaled.com\\\/fabrica\\\/modulo-painel-de-led-p3-91\\\/#breadcrumb\",\"itemListElement\":[{\"@type\":\"ListItem\",\"position\":1,\"name\":\"Home\",\"item\":\"https:\\\/\\\/www.telaled.com\\\/\"},{\"@type\":\"ListItem\",\"position\":2,\"name\":\"Produtos\",\"item\":\"https:\\\/\\\/www.telaled.com\\\/shop\\\/\"},{\"@type\":\"ListItem\",\"position\":3,\"name\":\"Modulo Painel de LED P3.91\"}]},{\"@type\":\"WebSite\",\"@id\":\"https:\\\/\\\/www.telaled.com\\\/#website\",\"url\":\"https:\\\/\\\/www.telaled.com\\\/\",\"name\":\"TELALED\",\"description\":\"\",\"potentialAction\":[{\"@type\":\"SearchAction\",\"target\":{\"@type\":\"EntryPoint\",\"urlTemplate\":\"https:\\\/\\\/www.telaled.com\\\/?s={search_term_string}\"},\"query-input\":{\"@type\":\"PropertyValueSpecification\",\"valueRequired\":true,\"valueName\":\"search_term_string\"}}],\"inLanguage\":\"de\"}]}<\/script>\n<!-- \/ Yoast SEO plugin. -->","yoast_head_json":{"title":"Langlebiges P3.91 LED-Panelmodul | Schnelle Aktualisierung, klare Ausgabe | LED-Bildschirm","description":"Vielseitige P3.91 LED-Panelmodule f\u00fcr gestochen scharfe Bilder und stabile Leistung. Ideal f\u00fcr den Innen- und Au\u00dfenbereich. Jetzt kostenloses Angebot anfordern!","robots":{"index":"index","follow":"follow","max-snippet":"max-snippet:-1","max-image-preview":"max-image-preview:large","max-video-preview":"max-video-preview:-1"},"canonical":"https:\/\/www.telaled.com\/de\/fabrica\/modulo-painel-de-led-p3-91\/","og_locale":"de_DE","og_type":"article","og_title":"Modulo Painel de LED P3.91 Dur\u00e1vel | Atualiza\u00e7\u00e3o R\u00e1pida, Sa\u00edda Clara |TELALED","og_description":"Modulo Painel de LED P3.91 vers\u00e1teis para visuais n\u00edtidos e desempenho est\u00e1vel. Funciona bem em qualquer configura\u00e7\u00e3o interna ou externa. Obtenha uma cota\u00e7\u00e3o gratuita agora!","og_url":"https:\/\/www.telaled.com\/de\/fabrica\/modulo-painel-de-led-p3-91\/","og_site_name":"TELALED","article_modified_time":"2026-01-02T08:30:29+00:00","og_image":[{"width":500,"height":500,"url":"https:\/\/www.telaled.com\/wp-content\/uploads\/2025\/07\/modulo-painel-de-led-p3.91-1-1.webp","type":"image\/webp"}],"twitter_card":"summary_large_image","twitter_misc":{"Gesch\u00e4tzte Lesezeit":"1\u00a0Minute"},"schema":{"@context":"https:\/\/schema.org","@graph":[{"@type":"WebPage","@id":"https:\/\/www.telaled.com\/fabrica\/modulo-painel-de-led-p3-91\/","url":"https:\/\/www.telaled.com\/fabrica\/modulo-painel-de-led-p3-91\/","name":"Langlebiges P3.91 LED-Panelmodul | Schnelle Aktualisierung, klare Ausgabe | LED-Bildschirm","isPartOf":{"@id":"https:\/\/www.telaled.com\/#website"},"primaryImageOfPage":{"@id":"https:\/\/www.telaled.com\/fabrica\/modulo-painel-de-led-p3-91\/#primaryimage"},"image":{"@id":"https:\/\/www.telaled.com\/fabrica\/modulo-painel-de-led-p3-91\/#primaryimage"},"thumbnailUrl":"https:\/\/www.telaled.com\/wp-content\/uploads\/2025\/07\/modulo-painel-de-led-p3.91-1-1.webp","datePublished":"2025-07-11T06:40:15+00:00","dateModified":"2026-01-02T08:30:29+00:00","description":"Vielseitige P3.91 LED-Panelmodule f\u00fcr gestochen scharfe Bilder und stabile Leistung. Ideal f\u00fcr den Innen- und Au\u00dfenbereich. Jetzt kostenloses Angebot anfordern!","breadcrumb":{"@id":"https:\/\/www.telaled.com\/fabrica\/modulo-painel-de-led-p3-91\/#breadcrumb"},"inLanguage":"de","potentialAction":[{"@type":"ReadAction","target":["https:\/\/www.telaled.com\/fabrica\/modulo-painel-de-led-p3-91\/"]}]},{"@type":"ImageObject","inLanguage":"de","@id":"https:\/\/www.telaled.com\/fabrica\/modulo-painel-de-led-p3-91\/#primaryimage","url":"https:\/\/www.telaled.com\/wp-content\/uploads\/2025\/07\/modulo-painel-de-led-p3.91-1-1.webp","contentUrl":"https:\/\/www.telaled.com\/wp-content\/uploads\/2025\/07\/modulo-painel-de-led-p3.91-1-1.webp","width":500,"height":500,"caption":"modulo-painel-de-led-p3.91 (1)"},{"@type":"BreadcrumbList","@id":"https:\/\/www.telaled.com\/fabrica\/modulo-painel-de-led-p3-91\/#breadcrumb","itemListElement":[{"@type":"ListItem","position":1,"name":"Home","item":"https:\/\/www.telaled.com\/"},{"@type":"ListItem","position":2,"name":"Produtos","item":"https:\/\/www.telaled.com\/shop\/"},{"@type":"ListItem","position":3,"name":"Modulo Painel de LED P3.91"}]},{"@type":"WebSite","@id":"https:\/\/www.telaled.com\/#website","url":"https:\/\/www.telaled.com\/","name":"LED-Bildschirm","description":"","potentialAction":[{"@type":"SearchAction","target":{"@type":"EntryPoint","urlTemplate":"https:\/\/www.telaled.com\/?s={search_term_string}"},"query-input":{"@type":"PropertyValueSpecification","valueRequired":true,"valueName":"search_term_string"}}],"inLanguage":"de"}]}},"_links":{"self":[{"href":"https:\/\/www.telaled.com\/de\/wp-json\/wp\/v2\/product\/2522","targetHints":{"allow":["GET"]}}],"collection":[{"href":"https:\/\/www.telaled.com\/de\/wp-json\/wp\/v2\/product"}],"about":[{"href":"https:\/\/www.telaled.com\/de\/wp-json\/wp\/v2\/types\/product"}],"wp:featuredmedia":[{"embeddable":true,"href":"https:\/\/www.telaled.com\/de\/wp-json\/wp\/v2\/media\/2697"}],"wp:attachment":[{"href":"https:\/\/www.telaled.com\/de\/wp-json\/wp\/v2\/media?parent=2522"}],"wp:term":[{"taxonomy":"product_brand","embeddable":true,"href":"https:\/\/www.telaled.com\/de\/wp-json\/wp\/v2\/product_brand?post=2522"},{"taxonomy":"product_cat","embeddable":true,"href":"https:\/\/www.telaled.com\/de\/wp-json\/wp\/v2\/product_cat?post=2522"},{"taxonomy":"product_tag","embeddable":true,"href":"https:\/\/www.telaled.com\/de\/wp-json\/wp\/v2\/product_tag?post=2522"}],"curies":[{"name":"wp","href":"https:\/\/api.w.org\/{rel}","templated":true}]}}