{"id":2413,"date":"2025-07-07T09:40:42","date_gmt":"2025-07-07T09:40:42","guid":{"rendered":"https:\/\/www.telaled.com\/?post_type=product&#038;p=2413"},"modified":"2026-01-02T07:38:46","modified_gmt":"2026-01-02T07:38:46","slug":"modulo-painel-de-led-p2-5","status":"publish","type":"product","link":"https:\/\/www.telaled.com\/de\/fabrica\/modulo-painel-de-led-p2-5\/","title":{"rendered":"P2.5 LED-Panelmodul"},"content":{"rendered":"<div id=\"featurebullets_feature_div\" class=\"celwidget\" data-feature-name=\"featurebullets\" data-csa-c-type=\"widget\" data-csa-c-content-id=\"featurebullets\" data-csa-c-slot-id=\"featurebullets_feature_div\" data-csa-c-asin=\"B07DF32D6Q\" data-csa-c-is-in-initial-active-row=\"false\" data-csa-c-id=\"3j0pnl-7cjnp-9t8psx-tspeog\">\n<div id=\"feature-bullets\" class=\"a-section a-spacing-medium a-spacing-top-small\">\n<div data-zone-id=\"0\" data-line-index=\"0\" data-line=\"true\">\n<p><strong>Hauptanwendungen:<\/strong><\/p>\n<ul>\n<li><strong>Werbedisplays:<\/strong> Ideal f\u00fcr Einkaufszentren und Gewerbefl\u00e4chen zur Anzeige hochaufl\u00f6sender Werbung und Werbeaktionen.<\/li>\n<li><strong>Digitale Panels:<\/strong> Perfekt f\u00fcr Au\u00dfenwerbung und bietet Tag und Nacht hervorragende Sichtbarkeit.<\/li>\n<li><strong>Orte von <a href=\"https:\/\/www.telaled.com\/de\/painel-de-led-para-eventos\/\">Veranstaltungen<\/a><\/strong>: Geeignet f\u00fcr Konzerte, Messen und Sportveranstaltungen, bei denen dynamische visuelle Effekte f\u00fcr die Einbindung des Publikums unerl\u00e4sslich sind.<\/li>\n<li><strong>Kontrollr\u00e4ume und \u00f6ffentliche Displays<\/strong>: Hervorragend geeignet f\u00fcr Anwendungen, bei denen klare, aus der Entfernung lesbare Informationen erforderlich sind.<\/li>\n<\/ul>\n<p><strong>Bew\u00e4hrte Technologie:<\/strong><\/p>\n<ul>\n<li>IP40\/IP50 \u2013 Staub- und feuchtigkeitsbest\u00e4ndig.<\/li>\n<li>16-Bit-Farbverlauf (281 Billionen Farben). \u2013 Fotorealistisch.<\/li>\n<li>CE\/RoHS\/ISO9001-Zertifizierung \u2013 Industriequalit\u00e4t garantiert.<\/li>\n<\/ul>\n<p><img loading=\"lazy\" decoding=\"async\" class=\"alignnone wp-image-2017 size-full\" src=\"https:\/\/www.telaled.com\/wp-content\/uploads\/2023\/06\/quality-led-module-materials-1.webp\" alt=\"hochwertige LED-Modulmaterialien\" width=\"768\" height=\"555\" srcset=\"https:\/\/www.telaled.com\/wp-content\/uploads\/2023\/06\/quality-led-module-materials-1.webp 768w, https:\/\/www.telaled.com\/wp-content\/uploads\/2023\/06\/quality-led-module-materials-1-300x217.webp 300w, https:\/\/www.telaled.com\/wp-content\/uploads\/2023\/06\/quality-led-module-materials-1-18x12.webp 18w, https:\/\/www.telaled.com\/wp-content\/uploads\/2023\/06\/quality-led-module-materials-1-600x434.webp 600w\" sizes=\"auto, (max-width: 768px) 100vw, 768px\" \/><\/p>\n<\/div>\n<\/div>\n<\/div>\n<div data-feature-name=\"acf-carousel\" data-csa-c-type=\"widget\" data-csa-c-content-id=\"acf-carousel\" data-csa-c-slot-id=\"acf-carousel_feature_div\" data-csa-c-asin=\"B07DF32D6Q\" data-csa-c-is-in-initial-active-row=\"false\" data-csa-c-id=\"oqpgyr-mh4egp-nntzd2-kyiiqq\">\n<table id=\"tablepress-18\" class=\"tablepress tablepress-id-18\">\n<thead>\n<tr class=\"row-1\">\n\t<th colspan=\"4\" class=\"column-1\">Technische Details<\/th>\n<\/tr>\n<\/thead>\n<tbody class=\"row-striping row-hover\">\n<tr class=\"row-2\">\n\t<td class=\"column-1\">Modellnummer<\/td><td class=\"column-2\">TL \u2013 P2.5 LED-Panelmodul<\/td><td class=\"column-3\"><\/td><td class=\"column-4\"><\/td>\n<\/tr>\n<tr class=\"row-3\">\n\t<td class=\"column-1\">Markenname<\/td><td class=\"column-2\">TELALED Hersteller<\/td><td class=\"column-3\">Bildschirmflachheit<\/td><td class=\"column-4\">&lt;\u00b11 mm<\/td>\n<\/tr>\n<tr class=\"row-4\">\n\t<td class=\"column-1\">Herkunftsort<\/td><td class=\"column-2\">Guangdong, China<\/td><td class=\"column-3\">Mittlere Betriebsdauer zwischen Ausf\u00e4llen (MTBF)<\/td><td class=\"column-4\">10.000 Stunden<\/td>\n<\/tr>\n<tr class=\"row-5\">\n\t<td class=\"column-1\">Pixelabstand<\/td><td class=\"column-2\">P2.5<\/td><td class=\"column-3\">Nutzungsdauer<\/td><td class=\"column-4\">100.000 Stunden<\/td>\n<\/tr>\n<tr class=\"row-6\">\n\t<td class=\"column-1\">Mindestbetrachtungsabstand<\/td><td class=\"column-2\">2,5 m<\/td><td class=\"column-3\">Anzeige Betriebsspannung<\/td><td class=\"column-4\">AC46\uff5e54HZ, 220V\u00b115%\/110V\u00b115%<\/td>\n<\/tr>\n<tr class=\"row-7\">\n\t<td class=\"column-1\">LED-Konfiguration<\/td><td class=\"column-2\">SMD2121<\/td><td class=\"column-3\">Lichtd\u00e4mpfung<\/td><td class=\"column-4\">\uff1c3%<\/td>\n<\/tr>\n<tr class=\"row-8\">\n\t<td class=\"column-1\">Modulaufl\u00f6sung<\/td><td class=\"column-2\">64\u00d764 Pixel<\/td><td class=\"column-3\">Leckstrom<\/td><td class=\"column-4\">\uff1c3 mA<\/td>\n<\/tr>\n<tr class=\"row-9\">\n\t<td class=\"column-1\">Modul Pixel<\/td><td class=\"column-2\">4096 Pixel<\/td><td class=\"column-3\">IP-Schutzart<\/td><td class=\"column-4\">R\u00fcckseite: IP40 \/ Vorderseite: IP50<\/td>\n<\/tr>\n<tr class=\"row-10\">\n\t<td class=\"column-1\">Modulgr\u00f6\u00dfe<\/td><td class=\"column-2\">L160mm*H160mm*T13 \/L320mm*H160mm*T13<\/td><td class=\"column-3\">Temperatur und Luftfeuchtigkeit der Arbeitsumgebung<\/td><td class=\"column-4\">Temp.: -20\u00b0C~+60\u00b0C \/ Luftfeuchtigkeit: 10%~90% RH<\/td>\n<\/tr>\n<tr class=\"row-11\">\n\t<td class=\"column-1\">Schrankgr\u00f6\u00dfe<\/td><td class=\"column-2\">640 mm x 640 mm<\/td><td class=\"column-3\">Unterst\u00fctzte Medien<\/td><td class=\"column-4\">Technische Daten, Fotos, CAD-Modelle, Video<\/td>\n<\/tr>\n<tr class=\"row-12\">\n\t<td class=\"column-1\">Pixelkonfiguration<\/td><td class=\"column-2\">SMD3in1, Vollfarbe R\/G\/B 1:1:1<\/td><td class=\"column-3\">Funktion<\/td><td class=\"column-4\">SDK<\/td>\n<\/tr>\n<tr class=\"row-13\">\n\t<td class=\"column-1\">Ausgewogener Glanz<\/td><td class=\"column-2\">1000 cd\/m\u00b2 (innen)<\/td><td class=\"column-3\">Steuerungsmodus<\/td><td class=\"column-4\">Synchronisation \u00fcber DVI mit Steuer-PC<\/td>\n<\/tr>\n<tr class=\"row-14\">\n\t<td class=\"column-1\">Antriebsmethode<\/td><td class=\"column-2\">1\/32 Scan<\/td><td class=\"column-3\">Unterst\u00fctzte Software<\/td><td class=\"column-4\">Windows XP\/W7\/Vista<\/td>\n<\/tr>\n<tr class=\"row-15\">\n\t<td class=\"column-1\">Aktualisierungsrate<\/td><td class=\"column-2\">\u22651920 Hz<\/td><td class=\"column-3\">Steuerungssystem<\/td><td class=\"column-4\">DVI-Karte + Vollfarbcontroller + Glasfaser (optional)<\/td>\n<\/tr>\n<tr class=\"row-16\">\n\t<td class=\"column-1\">\u00c4nderungserkennungsfrequenz<\/td><td class=\"column-2\">50-60 Hz<\/td><td class=\"column-3\">Markierung des Hauptsteuerungssystems<\/td><td class=\"column-4\">Novastar, Linsn, Huidu, Farblicht<\/td>\n<\/tr>\n<tr class=\"row-17\">\n\t<td class=\"column-1\">Betrachtungswinkel<\/td><td class=\"column-2\">H140\u00b0 V120\u00b0<\/td><td class=\"column-3\">Schnittstelle<\/td><td class=\"column-4\">Standard-Ethernet<\/td>\n<\/tr>\n<tr class=\"row-18\">\n\t<td class=\"column-1\">Inaktive Lichtrate<\/td><td class=\"column-2\">\u22641%<\/td><td class=\"column-3\">\u00dcbertragungsdistanz<\/td><td class=\"column-4\">Multimode-Glasfaser <500m >\n<\/tr>\n<tr class=\"row-19\">\n\t<td class=\"column-1\">Energieverschwendung<\/td><td class=\"column-2\">700*1000 W\/M2<\/td><td class=\"column-3\">Garantie<\/td><td class=\"column-4\">5 Jahre<\/td>\n<\/tr>\n<tr class=\"row-20\">\n\t<td class=\"column-1\">Durchschnittlicher Energieverbrauch<\/td><td class=\"column-2\">280 W\/M2<\/td><td class=\"column-3\">Lieferantentyp<\/td><td class=\"column-4\">Originalhersteller\/ODM\/OEM<\/td>\n<\/tr>\n<tr class=\"row-21\">\n\t<td class=\"column-1\">Graustufe<\/td><td class=\"column-2\">16-Bit (4096 Stufen)(212)<\/td><td class=\"column-3\">Lieferzeit<\/td><td class=\"column-4\">25 (oder verhandelbar)<\/td>\n<\/tr>\n<tr class=\"row-22\">\n\t<td class=\"column-1\">Anzeigefarbe<\/td><td class=\"column-2\">16M<\/td><td class=\"column-3\">Anwendung<\/td><td class=\"column-4\">Werbung\/Innen\/Au\u00dfen<\/td>\n<\/tr>\n<tr class=\"row-23\">\n\t<td class=\"column-1\">Ununterbrochene Arbeitszeiten<\/td><td class=\"column-2\">\u226572 Stunden<\/td><td class=\"column-3\">Verwenden<\/td><td class=\"column-4\">Digitale Werbung, Einkaufszentren, Willkommensdisplays, Ausstellungshallen, Flugh\u00e4fen, Kirchen, Sport, Events, Meetings, Vermietungen, B\u00fchnen, Automobil, Einzelhandel, Hochzeiten<\/td>\n<\/tr>\n<tr class=\"row-24\">\n\t<td class=\"column-1\">Diskrete Totwinkelrate<\/td><td class=\"column-2\"><1><td class=\"column-3\">Verpackungsdetails<\/td><td class=\"column-4\">Verst\u00e4rkter Karton + Holz<\/td>\n<\/tr>\n<tr class=\"row-25\">\n\t<td class=\"column-1\">Kontinuierliche Totwinkelrate<\/td><td class=\"column-2\">Keiner<\/td><td class=\"column-3\">Lieferkapazit\u00e4t<\/td><td class=\"column-4\">5.000 Einheiten\/Monat<\/td>\n<\/tr>\n<tr class=\"row-26\">\n\t<td class=\"column-1\">Toter-Winkel-Rate<\/td><td class=\"column-2\"><1><td class=\"column-3\">Hafen<\/td><td class=\"column-4\">Shenzhen<\/td>\n<\/tr>\n<\/tbody>\n<\/table>\n<\/div>\n<div id=\"provenanceCertifications_feature_div\" class=\"celwidget\" data-feature-name=\"provenanceCertifications\" data-csa-c-type=\"widget\" data-csa-c-content-id=\"provenanceCertifications\" data-csa-c-slot-id=\"provenanceCertifications_feature_div\" data-csa-c-asin=\"B07DF32D6Q\" data-csa-c-is-in-initial-active-row=\"false\" data-csa-c-id=\"6t8ho-xbknmj-nqaso5-ne24gd\">\n<div id=\"provenance-certifications\" class=\"a-section a-spacing-medium a-spacing-top-micro\"><\/div>\n<\/div>","protected":false},"excerpt":{"rendered":"<p><strong>P2.5 LED-Panelmodul \u2013 Hochaufl\u00f6sender Bildschirm f\u00fcr dynamische Visualisierungen<\/strong><\/p>\n<p>DER <strong>P2.5 LED-Panelmodul<\/strong> Mit einer Aufl\u00f6sung von 64x64 Pixeln bietet es ein ultrahochaufl\u00f6sendes Display, das f\u00fcr Pr\u00e4zision und Klarheit in einer Vielzahl professioneller Anwendungen entwickelt wurde. Dank des kompakten Pixelabstands von 2,5 mm liefert dieses Modul scharfe Bilder und lebendige Farben.<\/p>\n<p><strong>Hauptvorteile:<\/strong><br \/>\n<strong><br \/>\n\u2714<\/strong> Hoch <a href=\"https:\/\/www.telaled.com\/de\/densidade-de-pixels-em-telas-de-led-e-lcd\/\">Pixeldichte<\/a> (25600 Pixel\/m\u00b2): Bietet scharfe, klare Bilder mit einem kompakten Pixelabstand von 2,5 mm, perfekt f\u00fcr Nahaufnahmen und detailreiche Inhalte.<\/p>\n<p><strong>\u2714 Helligkeit (1000-1500 Nits):<\/strong> Die einstellbare Helligkeit gew\u00e4hrleistet hervorragende Sichtbarkeit bei allen Lichtverh\u00e4ltnissen, ideal f\u00fcr Innen- und Au\u00dfenbereiche.<\/p>\n<p><strong>\u2714<\/strong> <strong>Weiter Betrachtungswinkel<\/strong> <strong>(160\u00b0 horizontal\/160\u00b0 vertikal):<\/strong> Sorgt f\u00fcr gleichbleibende Bildqualit\u00e4t und Farbtreue aus mehreren Blickwinkeln und verbessert so das gesamte Seherlebnis.<\/p>\n<p><strong>\u2714 IP 50 Frontschutz:<\/strong> Bietet Staubbest\u00e4ndigkeit und gew\u00e4hrleistet Langlebigkeit unter anspruchsvollen Au\u00dfenbedingungen.<strong><br \/>\n<\/strong><\/p>","protected":false},"featured_media":2691,"template":"","meta":[],"product_brand":[],"product_cat":[41],"product_tag":[],"class_list":{"0":"post-2413","1":"product","2":"type-product","3":"status-publish","4":"has-post-thumbnail","6":"product_cat-modulo-painel-de-led","8":"first","9":"instock","10":"shipping-taxable","11":"product-type-simple"},"yoast_head":"<!-- This site is optimized with the Yoast SEO plugin v27.5 - https:\/\/yoast.com\/product\/yoast-seo-wordpress\/ -->\n<title>Modulo Painel de LED P2.5 - Display de Alta Resolu\u00e7\u00e3o para Uso Interno e Externo |TELALED<\/title>\n<meta name=\"description\" content=\"Compre o Modulo Painel de LED P2.5 para imagens n\u00edtidas e desempenho confi\u00e1vel. Ideal para sinaliza\u00e7\u00e3o, an\u00fancios e eventos. Solicite um or\u00e7amento hoje mesmo!\" \/>\n<meta name=\"robots\" content=\"index, follow, max-snippet:-1, max-image-preview:large, max-video-preview:-1\" \/>\n<link rel=\"canonical\" href=\"https:\/\/www.telaled.com\/de\/fabrica\/modulo-painel-de-led-p2-5\/\" \/>\n<meta property=\"og:locale\" content=\"de_DE\" \/>\n<meta property=\"og:type\" content=\"article\" \/>\n<meta property=\"og:title\" content=\"Modulo Painel de LED P2.5 - Display de Alta Resolu\u00e7\u00e3o para Uso Interno e Externo |TELALED\" \/>\n<meta property=\"og:description\" content=\"Compre o Modulo Painel de LED P2.5 para imagens n\u00edtidas e desempenho confi\u00e1vel. Ideal para sinaliza\u00e7\u00e3o, an\u00fancios e eventos. Solicite um or\u00e7amento hoje mesmo!\" \/>\n<meta property=\"og:url\" content=\"https:\/\/www.telaled.com\/de\/fabrica\/modulo-painel-de-led-p2-5\/\" \/>\n<meta property=\"og:site_name\" content=\"TELALED\" \/>\n<meta property=\"article:modified_time\" content=\"2026-01-02T07:38:46+00:00\" \/>\n<meta property=\"og:image\" content=\"https:\/\/www.telaled.com\/wp-content\/uploads\/2025\/07\/modulo-painel-de-led-p2.5-2.webp\" \/>\n\t<meta property=\"og:image:width\" content=\"500\" \/>\n\t<meta property=\"og:image:height\" content=\"500\" \/>\n\t<meta property=\"og:image:type\" content=\"image\/webp\" \/>\n<meta name=\"twitter:card\" content=\"summary_large_image\" \/>\n<meta name=\"twitter:label1\" content=\"Gesch\u00e4tzte Lesezeit\" \/>\n\t<meta name=\"twitter:data1\" content=\"1\u00a0Minute\" \/>\n<script type=\"application\/ld+json\" class=\"yoast-schema-graph\">{\"@context\":\"https:\\\/\\\/schema.org\",\"@graph\":[{\"@type\":\"WebPage\",\"@id\":\"https:\\\/\\\/www.telaled.com\\\/fabrica\\\/modulo-painel-de-led-p2-5\\\/\",\"url\":\"https:\\\/\\\/www.telaled.com\\\/fabrica\\\/modulo-painel-de-led-p2-5\\\/\",\"name\":\"Modulo Painel de LED P2.5 - Display de Alta Resolu\u00e7\u00e3o para Uso Interno e Externo |TELALED\",\"isPartOf\":{\"@id\":\"https:\\\/\\\/www.telaled.com\\\/#website\"},\"primaryImageOfPage\":{\"@id\":\"https:\\\/\\\/www.telaled.com\\\/fabrica\\\/modulo-painel-de-led-p2-5\\\/#primaryimage\"},\"image\":{\"@id\":\"https:\\\/\\\/www.telaled.com\\\/fabrica\\\/modulo-painel-de-led-p2-5\\\/#primaryimage\"},\"thumbnailUrl\":\"https:\\\/\\\/www.telaled.com\\\/wp-content\\\/uploads\\\/2025\\\/07\\\/modulo-painel-de-led-p2.5-2.webp\",\"datePublished\":\"2025-07-07T09:40:42+00:00\",\"dateModified\":\"2026-01-02T07:38:46+00:00\",\"description\":\"Compre o Modulo Painel de LED P2.5 para imagens n\u00edtidas e desempenho confi\u00e1vel. Ideal para sinaliza\u00e7\u00e3o, an\u00fancios e eventos. Solicite um or\u00e7amento hoje mesmo!\",\"breadcrumb\":{\"@id\":\"https:\\\/\\\/www.telaled.com\\\/fabrica\\\/modulo-painel-de-led-p2-5\\\/#breadcrumb\"},\"inLanguage\":\"de\",\"potentialAction\":[{\"@type\":\"ReadAction\",\"target\":[\"https:\\\/\\\/www.telaled.com\\\/fabrica\\\/modulo-painel-de-led-p2-5\\\/\"]}]},{\"@type\":\"ImageObject\",\"inLanguage\":\"de\",\"@id\":\"https:\\\/\\\/www.telaled.com\\\/fabrica\\\/modulo-painel-de-led-p2-5\\\/#primaryimage\",\"url\":\"https:\\\/\\\/www.telaled.com\\\/wp-content\\\/uploads\\\/2025\\\/07\\\/modulo-painel-de-led-p2.5-2.webp\",\"contentUrl\":\"https:\\\/\\\/www.telaled.com\\\/wp-content\\\/uploads\\\/2025\\\/07\\\/modulo-painel-de-led-p2.5-2.webp\",\"width\":500,\"height\":500,\"caption\":\"modulo-painel-de-led-p2.5 (2)\"},{\"@type\":\"BreadcrumbList\",\"@id\":\"https:\\\/\\\/www.telaled.com\\\/fabrica\\\/modulo-painel-de-led-p2-5\\\/#breadcrumb\",\"itemListElement\":[{\"@type\":\"ListItem\",\"position\":1,\"name\":\"Home\",\"item\":\"https:\\\/\\\/www.telaled.com\\\/\"},{\"@type\":\"ListItem\",\"position\":2,\"name\":\"Produtos\",\"item\":\"https:\\\/\\\/www.telaled.com\\\/shop\\\/\"},{\"@type\":\"ListItem\",\"position\":3,\"name\":\"Modulo Painel de LED P2.5\"}]},{\"@type\":\"WebSite\",\"@id\":\"https:\\\/\\\/www.telaled.com\\\/#website\",\"url\":\"https:\\\/\\\/www.telaled.com\\\/\",\"name\":\"TELALED\",\"description\":\"\",\"potentialAction\":[{\"@type\":\"SearchAction\",\"target\":{\"@type\":\"EntryPoint\",\"urlTemplate\":\"https:\\\/\\\/www.telaled.com\\\/?s={search_term_string}\"},\"query-input\":{\"@type\":\"PropertyValueSpecification\",\"valueRequired\":true,\"valueName\":\"search_term_string\"}}],\"inLanguage\":\"de\"}]}<\/script>\n<!-- \/ Yoast SEO plugin. -->","yoast_head_json":{"title":"P2.5 LED-Panelmodul \u2013 hochaufl\u00f6sendes Display f\u00fcr den Innen- und Au\u00dfenbereich |TELALED","description":"Kaufen Sie das P2.5 LED-Panelmodul f\u00fcr gestochen scharfe Bilder und zuverl\u00e4ssige Leistung. Ideal f\u00fcr Beschilderung, Werbung und Events. Fordern Sie noch heute ein Angebot an!","robots":{"index":"index","follow":"follow","max-snippet":"max-snippet:-1","max-image-preview":"max-image-preview:large","max-video-preview":"max-video-preview:-1"},"canonical":"https:\/\/www.telaled.com\/de\/fabrica\/modulo-painel-de-led-p2-5\/","og_locale":"de_DE","og_type":"article","og_title":"Modulo Painel de LED P2.5 - Display de Alta Resolu\u00e7\u00e3o para Uso Interno e Externo |TELALED","og_description":"Compre o Modulo Painel de LED P2.5 para imagens n\u00edtidas e desempenho confi\u00e1vel. Ideal para sinaliza\u00e7\u00e3o, an\u00fancios e eventos. Solicite um or\u00e7amento hoje mesmo!","og_url":"https:\/\/www.telaled.com\/de\/fabrica\/modulo-painel-de-led-p2-5\/","og_site_name":"TELALED","article_modified_time":"2026-01-02T07:38:46+00:00","og_image":[{"width":500,"height":500,"url":"https:\/\/www.telaled.com\/wp-content\/uploads\/2025\/07\/modulo-painel-de-led-p2.5-2.webp","type":"image\/webp"}],"twitter_card":"summary_large_image","twitter_misc":{"Gesch\u00e4tzte Lesezeit":"1\u00a0Minute"},"schema":{"@context":"https:\/\/schema.org","@graph":[{"@type":"WebPage","@id":"https:\/\/www.telaled.com\/fabrica\/modulo-painel-de-led-p2-5\/","url":"https:\/\/www.telaled.com\/fabrica\/modulo-painel-de-led-p2-5\/","name":"P2.5 LED-Panelmodul \u2013 hochaufl\u00f6sendes Display f\u00fcr den Innen- und Au\u00dfenbereich |TELALED","isPartOf":{"@id":"https:\/\/www.telaled.com\/#website"},"primaryImageOfPage":{"@id":"https:\/\/www.telaled.com\/fabrica\/modulo-painel-de-led-p2-5\/#primaryimage"},"image":{"@id":"https:\/\/www.telaled.com\/fabrica\/modulo-painel-de-led-p2-5\/#primaryimage"},"thumbnailUrl":"https:\/\/www.telaled.com\/wp-content\/uploads\/2025\/07\/modulo-painel-de-led-p2.5-2.webp","datePublished":"2025-07-07T09:40:42+00:00","dateModified":"2026-01-02T07:38:46+00:00","description":"Kaufen Sie das P2.5 LED-Panelmodul f\u00fcr gestochen scharfe Bilder und zuverl\u00e4ssige Leistung. Ideal f\u00fcr Beschilderung, Werbung und Events. Fordern Sie noch heute ein Angebot an!","breadcrumb":{"@id":"https:\/\/www.telaled.com\/fabrica\/modulo-painel-de-led-p2-5\/#breadcrumb"},"inLanguage":"de","potentialAction":[{"@type":"ReadAction","target":["https:\/\/www.telaled.com\/fabrica\/modulo-painel-de-led-p2-5\/"]}]},{"@type":"ImageObject","inLanguage":"de","@id":"https:\/\/www.telaled.com\/fabrica\/modulo-painel-de-led-p2-5\/#primaryimage","url":"https:\/\/www.telaled.com\/wp-content\/uploads\/2025\/07\/modulo-painel-de-led-p2.5-2.webp","contentUrl":"https:\/\/www.telaled.com\/wp-content\/uploads\/2025\/07\/modulo-painel-de-led-p2.5-2.webp","width":500,"height":500,"caption":"modulo-painel-de-led-p2.5 (2)"},{"@type":"BreadcrumbList","@id":"https:\/\/www.telaled.com\/fabrica\/modulo-painel-de-led-p2-5\/#breadcrumb","itemListElement":[{"@type":"ListItem","position":1,"name":"Home","item":"https:\/\/www.telaled.com\/"},{"@type":"ListItem","position":2,"name":"Produtos","item":"https:\/\/www.telaled.com\/shop\/"},{"@type":"ListItem","position":3,"name":"Modulo Painel de LED P2.5"}]},{"@type":"WebSite","@id":"https:\/\/www.telaled.com\/#website","url":"https:\/\/www.telaled.com\/","name":"LED-Bildschirm","description":"","potentialAction":[{"@type":"SearchAction","target":{"@type":"EntryPoint","urlTemplate":"https:\/\/www.telaled.com\/?s={search_term_string}"},"query-input":{"@type":"PropertyValueSpecification","valueRequired":true,"valueName":"search_term_string"}}],"inLanguage":"de"}]}},"_links":{"self":[{"href":"https:\/\/www.telaled.com\/de\/wp-json\/wp\/v2\/product\/2413","targetHints":{"allow":["GET"]}}],"collection":[{"href":"https:\/\/www.telaled.com\/de\/wp-json\/wp\/v2\/product"}],"about":[{"href":"https:\/\/www.telaled.com\/de\/wp-json\/wp\/v2\/types\/product"}],"wp:featuredmedia":[{"embeddable":true,"href":"https:\/\/www.telaled.com\/de\/wp-json\/wp\/v2\/media\/2691"}],"wp:attachment":[{"href":"https:\/\/www.telaled.com\/de\/wp-json\/wp\/v2\/media?parent=2413"}],"wp:term":[{"taxonomy":"product_brand","embeddable":true,"href":"https:\/\/www.telaled.com\/de\/wp-json\/wp\/v2\/product_brand?post=2413"},{"taxonomy":"product_cat","embeddable":true,"href":"https:\/\/www.telaled.com\/de\/wp-json\/wp\/v2\/product_cat?post=2413"},{"taxonomy":"product_tag","embeddable":true,"href":"https:\/\/www.telaled.com\/de\/wp-json\/wp\/v2\/product_tag?post=2413"}],"curies":[{"name":"wp","href":"https:\/\/api.w.org\/{rel}","templated":true}]}}