{"id":2190,"date":"2025-06-24T10:01:48","date_gmt":"2025-06-24T10:01:48","guid":{"rendered":"https:\/\/www.telaled.com\/?post_type=product&#038;p=2190"},"modified":"2026-01-03T08:20:31","modified_gmt":"2026-01-03T08:20:31","slug":"aluguel-de-painel-de-led-da-serie-tro","status":"publish","type":"product","link":"https:\/\/www.telaled.com\/de\/fabrica\/aluguel-de-painel-de-led-da-serie-tro\/","title":{"rendered":"LED-Mietpanel der TRO-Serie"},"content":{"rendered":"<div class=\"row\"  id=\"row-1147249904\">\n\n\t<div id=\"col-1910830921\" class=\"col small-12 large-12\"  >\n\t\t\t\t<div class=\"col-inner\"  >\n\t\t\t\n\t\t\t\n<h2>Exklusive Vorteile des LED-Mietpanels der TRO-Serie<\/h2>\n<h3><strong>\u00dcberragende Haltbarkeit<\/strong><\/h3>\n<ul>\n<li>Struktur aus Aluminiumlegierung mit kratzfester Eloxalbeschichtung, best\u00e4ndig gegen mehrere Montage-\/Demontagezyklen<\/li>\n<li>Module mit Leiterplatte der zweiten Generation: verst\u00e4rktes Lot, das sich auch bei St\u00f6\u00dfen nicht l\u00f6st<\/li>\n<\/ul>\n<h3><strong>Betriebseffizienz<\/strong><\/h3>\n<ul>\n<li>Ultraschneller Aufbau in 10 Minuten dank Magnetverschluss und Flugzeugverbindungen<\/li>\n<li>Modulares Hot-Swap-Netzteil erm\u00f6glicht den Austausch ohne Herunterfahren des Systems<\/li>\n<\/ul>\n<h3><strong>Au\u00dfergew\u00f6hnliche Bildqualit\u00e4t<\/strong><\/h3>\n<ul>\n<li>Hochreine schwarze LEDs (Kontrast 5000:1) mit Blitzkorrektur f\u00fcr lebendigere 18%-Farben<\/li>\n<li>140\u00b0 Betrachtungswinkel ohne Farbverzerrung, ideal f\u00fcr Veranstaltungen mit gro\u00dfem Publikum<\/li>\n<\/ul>\n<h3><strong>Vollst\u00e4ndige Anpassungsf\u00e4higkeit<\/strong><\/h3>\n<ul>\n<li>IP65 Regen-\/Staubschutz f\u00fcr den Innen-\/Au\u00dfeneinsatz (-20 \u00b0C bis 50 \u00b0C)<\/li>\n<li>Flexible Konfigurationen: h\u00e4ngend, gestapelt oder gebogen (-10\u00b0 bis +15\u00b0 Anpassung)<\/li>\n<\/ul>\n<h3><strong>Lokalisierter Support<\/strong><\/h3>\n<ul>\n<li>Brasilianische Techniker rund um die Uhr verf\u00fcgbar + Ersatzteile vor Ort auf Lager<\/li>\n<li>3 Jahre erweiterte Garantie mit Abdeckung f\u00fcr dringende Reparaturen innerhalb von 48 Stunden<\/li>\n<\/ul>\n<h2>Produktdetails<\/h2>\n<div class=\"row\"  id=\"row-74510024\">\n\n\t<div id=\"col-1226287424\" class=\"col medium-10 small-12 large-10\"  >\n\t\t\t\t<div class=\"col-inner text-left\"  >\n\t\t\t\n\t\t\t\n<ul>\n<li>Funktionsdiagramm eines Miet-LED-Displayschranks<\/li>\n<\/ul>\n\t<div class=\"img has-hover x md-x lg-x y md-y lg-y\" id=\"image_20646251\">\n\t\t\t\t\t\t\t\t<div class=\"img-inner dark\" >\n\t\t\t<img loading=\"lazy\" decoding=\"async\" width=\"746\" height=\"1024\" src=\"https:\/\/www.telaled.com\/wp-content\/uploads\/2025\/06\/Diagrama-esquematico-746x1024.webp\" class=\"attachment-large size-large\" alt=\"Schematische Darstellung\" srcset=\"https:\/\/www.telaled.com\/wp-content\/uploads\/2025\/06\/Diagrama-esquematico-746x1024.webp 746w, https:\/\/www.telaled.com\/wp-content\/uploads\/2025\/06\/Diagrama-esquematico-219x300.webp 219w, https:\/\/www.telaled.com\/wp-content\/uploads\/2025\/06\/Diagrama-esquematico-768x1054.webp 768w, https:\/\/www.telaled.com\/wp-content\/uploads\/2025\/06\/Diagrama-esquematico-9x12.webp 9w, https:\/\/www.telaled.com\/wp-content\/uploads\/2025\/06\/Diagrama-esquematico-600x823.webp 600w, https:\/\/www.telaled.com\/wp-content\/uploads\/2025\/06\/Diagrama-esquematico.webp 795w\" sizes=\"auto, (max-width: 746px) 100vw, 746px\" \/>\t\t\t\t\t\t\n\t\t\t\t\t<\/div>\n\t\t\t\t\t\t\t\t\n<style>\n#image_20646251 {\n  width: 80%;\n}\n<\/style>\n\t<\/div>\n\t\n\t\t<\/div>\n\t\t\t\t\t<\/div>\n\n\t\n\n\t<div id=\"col-1620518371\" class=\"col medium-10 small-12 large-10\"  >\n\t\t\t\t<div class=\"col-inner text-left\"  >\n\t\t\t\n\t\t\t\n<ul>\n<li>Die Qualit\u00e4t spiegelt sich in den Details wider. Vom Design bis zu den Materialien ist es die beste Wahl f\u00fcr Mietszenarien.<\/li>\n<\/ul>\n\t<div class=\"img has-hover x md-x lg-x y md-y lg-y\" id=\"image_1335350550\">\n\t\t\t\t\t\t\t\t<div class=\"img-inner dark\" >\n\t\t\t<img loading=\"lazy\" decoding=\"async\" width=\"651\" height=\"1024\" src=\"https:\/\/www.telaled.com\/wp-content\/uploads\/2025\/06\/detalhe_1-651x1024.webp\" class=\"attachment-large size-large\" alt=\"Detail\" srcset=\"https:\/\/www.telaled.com\/wp-content\/uploads\/2025\/06\/detalhe_1-651x1024.webp 651w, https:\/\/www.telaled.com\/wp-content\/uploads\/2025\/06\/detalhe_1-191x300.webp 191w, https:\/\/www.telaled.com\/wp-content\/uploads\/2025\/06\/detalhe_1-768x1209.webp 768w, https:\/\/www.telaled.com\/wp-content\/uploads\/2025\/06\/detalhe_1-8x12.webp 8w, https:\/\/www.telaled.com\/wp-content\/uploads\/2025\/06\/detalhe_1-600x944.webp 600w, https:\/\/www.telaled.com\/wp-content\/uploads\/2025\/06\/detalhe_1.webp 800w\" sizes=\"auto, (max-width: 651px) 100vw, 651px\" \/>\t\t\t\t\t\t\n\t\t\t\t\t<\/div>\n\t\t\t\t\t\t\t\t\n<style>\n#image_1335350550 {\n  width: 81%;\n}\n<\/style>\n\t<\/div>\n\t\n\t\t<\/div>\n\t\t\t\t\t<\/div>\n\n\t\n\n\t<div id=\"col-1058405089\" class=\"col medium-10 small-12 large-10\"  >\n\t\t\t\t<div class=\"col-inner text-left\"  >\n\t\t\t\n\t\t\t\n<ul>\n<li>Durch Anpassen der Verbindungskr\u00fcmmung zwischen den Boxen ist es m\u00f6glich, unterschiedliche Formen individuell anzupassen.<\/li>\n<\/ul>\n\t<div class=\"img has-hover x md-x lg-x y md-y lg-y\" id=\"image_1513842972\">\n\t\t\t\t\t\t\t\t<div class=\"img-inner dark\" >\n\t\t\t<img loading=\"lazy\" decoding=\"async\" width=\"800\" height=\"673\" src=\"https:\/\/www.telaled.com\/wp-content\/uploads\/2025\/06\/Varios-cenarios-de-aplicacao-2.webp\" class=\"attachment-large size-large\" alt=\"Vielf\u00e4ltige Anwendungsszenarien\" srcset=\"https:\/\/www.telaled.com\/wp-content\/uploads\/2025\/06\/Varios-cenarios-de-aplicacao-2.webp 800w, https:\/\/www.telaled.com\/wp-content\/uploads\/2025\/06\/Varios-cenarios-de-aplicacao-2-300x252.webp 300w, https:\/\/www.telaled.com\/wp-content\/uploads\/2025\/06\/Varios-cenarios-de-aplicacao-2-768x646.webp 768w, https:\/\/www.telaled.com\/wp-content\/uploads\/2025\/06\/Varios-cenarios-de-aplicacao-2-14x12.webp 14w, https:\/\/www.telaled.com\/wp-content\/uploads\/2025\/06\/Varios-cenarios-de-aplicacao-2-600x505.webp 600w\" sizes=\"auto, (max-width: 800px) 100vw, 800px\" \/>\t\t\t\t\t\t\n\t\t\t\t\t<\/div>\n\t\t\t\t\t\t\t\t\n<style>\n#image_1513842972 {\n  width: 85%;\n}\n<\/style>\n\t<\/div>\n\t\n\t\t<\/div>\n\t\t\t\t\t<\/div>\n\n\t\n\n\t<div id=\"col-2104470185\" class=\"col medium-10 small-12 large-10\"  >\n\t\t\t\t<div class=\"col-inner text-left\"  >\n\t\t\t\n\t\t\t\n<ul>\n<li>Verschiedene LED-Displayprodukte werden unterschiedlich verpackt. Der gesamte Bildschirm ist in Holzkisten verpackt, die LED-Module in Kartons, das Mietdisplay in Flugzeugkisten und es gibt auch einfache Kartons in Holzrahmen.<\/li>\n<\/ul>\n\t<div class=\"img has-hover x md-x lg-x y md-y lg-y\" id=\"image_301150206\">\n\t\t\t\t\t\t\t\t<div class=\"img-inner dark\" >\n\t\t\t<img loading=\"lazy\" decoding=\"async\" width=\"760\" height=\"1024\" src=\"https:\/\/www.telaled.com\/wp-content\/uploads\/2025\/06\/Embalagem-760x1024.webp\" class=\"attachment-large size-large\" alt=\"Verpackung\" srcset=\"https:\/\/www.telaled.com\/wp-content\/uploads\/2025\/06\/Embalagem-760x1024.webp 760w, https:\/\/www.telaled.com\/wp-content\/uploads\/2025\/06\/Embalagem-223x300.webp 223w, https:\/\/www.telaled.com\/wp-content\/uploads\/2025\/06\/Embalagem-768x1035.webp 768w, https:\/\/www.telaled.com\/wp-content\/uploads\/2025\/06\/Embalagem-9x12.webp 9w, https:\/\/www.telaled.com\/wp-content\/uploads\/2025\/06\/Embalagem-600x808.webp 600w, https:\/\/www.telaled.com\/wp-content\/uploads\/2025\/06\/Embalagem.webp 795w\" sizes=\"auto, (max-width: 760px) 100vw, 760px\" \/>\t\t\t\t\t\t\n\t\t\t\t\t<\/div>\n\t\t\t\t\t\t\t\t\n<style>\n#image_301150206 {\n  width: 85%;\n}\n<\/style>\n\t<\/div>\n\t\n\t\t<\/div>\n\t\t\t\t\t<\/div>\n\n\t\n<\/div>\n\t\t<\/div>\n\t\t\t\t\t<\/div>\n\n\t\n\n\t<div id=\"col-947077773\" class=\"col small-12 large-12\"  >\n\t\t\t\t<div class=\"col-inner\"  >\n\t\t\t\n\t\t\t\n<div class=\"row\"  id=\"row-2138158592\">\n\n\t<div id=\"col-186936400\" class=\"col medium-10 small-12 large-10\"  >\n\t\t\t\t<div class=\"col-inner\"  >\n\t\t\t\n\t\t\t\n\n<table id=\"tablepress-13\" class=\"tablepress tablepress-id-13\">\n<thead>\n<tr class=\"row-1\">\n\t<th class=\"column-1\">Modell<\/th><th class=\"column-2\">P2.6 (innen)<\/th><th class=\"column-3\">P2.97 (innen)<\/th><th class=\"column-4\">P3.91 (innen)<\/th><th class=\"column-5\">P3.91 (Plakatwand)<\/th><th class=\"column-6\">P4.81 (Plakatwand)<\/th><th class=\"column-7\">P5,95 (im Freien)<\/th>\n<\/tr>\n<\/thead>\n<tbody class=\"row-striping row-hover\">\n<tr class=\"row-2\">\n\t<td class=\"column-1\">LED<\/td><td class=\"column-2\">1515<\/td><td class=\"column-3\">2020<\/td><td class=\"column-4\">2020<\/td><td class=\"column-5\">1921<\/td><td class=\"column-6\">1921<\/td><td class=\"column-7\">2727<\/td>\n<\/tr>\n<tr class=\"row-3\">\n\t<td class=\"column-1\">Pixelabstand (mm)<\/td><td class=\"column-2\">2.604<\/td><td class=\"column-3\">2.97<\/td><td class=\"column-4\">3.91<\/td><td class=\"column-5\">3.91<\/td><td class=\"column-6\">4.81<\/td><td class=\"column-7\">5.95<\/td>\n<\/tr>\n<tr class=\"row-4\">\n\t<td class=\"column-1\">Pixelkomposition<\/td><td class=\"column-2\">RGB<\/td><td class=\"column-3\">RGB<\/td><td class=\"column-4\">RGB<\/td><td class=\"column-5\">RGB<\/td><td class=\"column-6\">RGB<\/td><td class=\"column-7\">RGB<\/td>\n<\/tr>\n<tr class=\"row-5\">\n\t<td class=\"column-1\">Pixeldichte (Pixel\/m\u00b2)<\/td><td class=\"column-2\">36864<\/td><td class=\"column-3\">28224<\/td><td class=\"column-4\">16384\/32768<\/td><td class=\"column-5\">16384\/32768<\/td><td class=\"column-6\">10816\/21632<\/td><td class=\"column-7\">7056\/14112<\/td>\n<\/tr>\n<tr class=\"row-6\">\n\t<td class=\"column-1\">Gewicht (kg)<\/td><td class=\"column-2\">6.7<\/td><td class=\"column-3\">6.7<\/td><td class=\"column-4\">6.7\/11.3<\/td><td class=\"column-5\">7.3\/12.5<\/td><td class=\"column-6\">7.3\/12.5<\/td><td class=\"column-7\">7.3\/12.5<\/td>\n<\/tr>\n<tr class=\"row-7\">\n\t<td class=\"column-1\">Anwendung<\/td><td class=\"column-2\">Innenbereich<\/td><td class=\"column-3\">Innenbereich<\/td><td class=\"column-4\">Innenbereich<\/td><td class=\"column-5\">Im Freien<\/td><td class=\"column-6\">Im Freien<\/td><td class=\"column-7\">Im Freien<\/td>\n<\/tr>\n<tr class=\"row-8\">\n\t<td class=\"column-1\">Modulgr\u00f6\u00dfe (mm)<\/td><td class=\"column-2\">250*250<\/td><td class=\"column-3\">250*250<\/td><td class=\"column-4\">250*250<\/td><td class=\"column-5\">250*250<\/td><td class=\"column-6\">250*250<\/td><td class=\"column-7\">250*250<\/td>\n<\/tr>\n<tr class=\"row-9\">\n\t<td class=\"column-1\">Schrankgr\u00f6\u00dfe (mm)<\/td><td class=\"column-2\">500\u00d7500<\/td><td class=\"column-3\">500\u00d7500<\/td><td class=\"column-4\">500\u00d7500, 500\u00d71000<\/td><td class=\"column-5\">500\u00d7500, 500\u00d71000<\/td><td class=\"column-6\">500\u00d7500, 500\u00d71000<\/td><td class=\"column-7\">500\u00d7500, 500\u00d71000<\/td>\n<\/tr>\n<tr class=\"row-10\">\n\t<td class=\"column-1\">Leuchtdichte (cd\/m\u00b2)<\/td><td class=\"column-2\">1000<\/td><td class=\"column-3\">1000<\/td><td class=\"column-4\">1000<\/td><td class=\"column-5\">5000<\/td><td class=\"column-6\">5000<\/td><td class=\"column-7\">5000<\/td>\n<\/tr>\n<tr class=\"row-11\">\n\t<td class=\"column-1\">Maximale Leistung (W\/m\u00b2)<\/td><td class=\"column-2\">520<\/td><td class=\"column-3\">456<\/td><td class=\"column-4\">460<\/td><td class=\"column-5\">650<\/td><td class=\"column-6\">650<\/td><td class=\"column-7\">650<\/td>\n<\/tr>\n<tr class=\"row-12\">\n\t<td class=\"column-1\">Durchschnittliche Leistung (W\/m\u00b2)<\/td><td class=\"column-2\">173<\/td><td class=\"column-3\">152<\/td><td class=\"column-4\">153<\/td><td class=\"column-5\">217<\/td><td class=\"column-6\">217<\/td><td class=\"column-7\">217<\/td>\n<\/tr>\n<tr class=\"row-13\">\n\t<td class=\"column-1\">Betrachtungswinkel (\u00b0)<\/td><td class=\"column-2\">150<\/td><td class=\"column-3\">150<\/td><td class=\"column-4\">150<\/td><td class=\"column-5\">150<\/td><td class=\"column-6\">150<\/td><td class=\"column-7\">150<\/td>\n<\/tr>\n<tr class=\"row-14\">\n\t<td class=\"column-1\">Bildwiederholrate (Hz)<\/td><td class=\"column-2\">3840<\/td><td class=\"column-3\">3840<\/td><td class=\"column-4\">3840<\/td><td class=\"column-5\">3840<\/td><td class=\"column-6\">3840<\/td><td class=\"column-7\">3840<\/td>\n<\/tr>\n<tr class=\"row-15\">\n\t<td class=\"column-1\">Farbtemperatur (K)<\/td><td class=\"column-2\">8000-10000<\/td><td class=\"column-3\">8000-10000<\/td><td class=\"column-4\">8000-10000<\/td><td class=\"column-5\">8000-10000<\/td><td class=\"column-6\">8000-10000<\/td><td class=\"column-7\">8000-10000<\/td>\n<\/tr>\n<tr class=\"row-16\">\n\t<td class=\"column-1\">AC-Eingangsspannung<\/td><td class=\"column-2\">110 V\/220 V<\/td><td class=\"column-3\">110 V\/220 V<\/td><td class=\"column-4\">110 V\/220 V<\/td><td class=\"column-5\">110 V\/220 V<\/td><td class=\"column-6\">110 V\/220 V<\/td><td class=\"column-7\">110 V\/220 V<\/td>\n<\/tr>\n<tr class=\"row-17\">\n\t<td class=\"column-1\">Schutzart<\/td><td class=\"column-2\">IP40\/IP21<\/td><td class=\"column-3\">IP40\/IP21<\/td><td class=\"column-4\">IP40\/IP21<\/td><td class=\"column-5\">IP65\/IP54<\/td><td class=\"column-6\">IP65\/IP54<\/td><td class=\"column-7\">IP65\/IP54<\/td>\n<\/tr>\n<\/tbody>\n<\/table>\n\n\t\t<\/div>\n\t\t\t\t\t<\/div>\n\n\t\n<\/div>\n\t\t<\/div>\n\t\t\t\t\t<\/div>\n\n\t\n<\/div>","protected":false},"excerpt":{"rendered":"<p><strong>LED-Panel der TRO-Serie zur Vermietung \u2013 Professionelle L\u00f6sung f\u00fcr Events<\/strong><\/p>\n<p>DER <em><strong>LED-Mietpanel der TRO-Serie<\/strong><\/em> Es ist die ideale Wahl f\u00fcr <a href=\"https:\/\/www.telaled.com\/de\/painel-de-led-para-eventos\/\">Veranstaltungen<\/a> F\u00fcr Veranstaltungen mit hohem Aufprallaufkommen wie Konzerte, Firmenvortr\u00e4ge und Ausstellungen. Dank fortschrittlicher Kollisionsschutztechnologie und modularem Design l\u00e4sst es sich mit einem Schnellverschlusssystem in nur 10 Minuten aufbauen.<\/p>\n<p><strong>Haupteigenschaften:<\/strong><\/p>\n<ul>\n<li><strong>Vielseitige Aufl\u00f6sung:<\/strong> Pixelabstand von <strong><em>2,6 mm bis 5,9 mm<\/em><\/strong> zur Anpassung an unterschiedliche Betrachtungsabst\u00e4nde<\/li>\n<li><strong>Robustes Design:<\/strong> Konstruktion aus Aluminiumlegierung mit kratzfester Beschichtung, best\u00e4ndig gegen mehrfaches Ein- und Ausbauen.<\/li>\n<li><strong>Flexible Installation:<\/strong> Unterst\u00fctzt h\u00e4ngende, gestapelte oder gebogene Konfigurationen (einstellbar von -10\u00b0 bis +15\u00b0)<\/li>\n<li><strong>Vereinfachte Wartung:<\/strong> Frontzugangssystem und modulares Netzteil f\u00fcr schnelle Reparaturen.<\/li>\n<\/ul>\n<p>Erh\u00e4ltlich in den Standardgr\u00f6\u00dfen 500 x 500 mm (12,5 kg) und 500 x 1000 mm, gew\u00e4hrleistet es Mobilit\u00e4t ohne Kompromisse bei der Haltbarkeit. Geeignet f\u00fcr Innen- und Au\u00dfenbereiche, mit IP65-Schutz gegen Staub und Wasser.<\/p>\n<p>Inklusive technischem Support rund um die Uhr in Brasilien und 3 Jahren Garantie. Fordern Sie ein individuelles Angebot f\u00fcr Ihr n\u00e4chstes Projekt an. <a href=\"https:\/\/www.telaled.com\/de\/painel-de-led-para-eventos\/\">Ereignis!<\/a><\/p>","protected":false},"featured_media":2191,"template":"","meta":[],"product_brand":[],"product_cat":[50],"product_tag":[],"class_list":{"0":"post-2190","1":"product","2":"type-product","3":"status-publish","4":"has-post-thumbnail","6":"product_cat-aluguel-de-painel-de-led","8":"first","9":"instock","10":"shipping-taxable","11":"product-type-simple"},"yoast_head":"<!-- This site is optimized with the Yoast SEO plugin v27.5 - https:\/\/yoast.com\/product\/yoast-seo-wordpress\/ -->\n<title>Painel de LED para Loca\u00e7\u00e3o TRO | Shows, Eventos Corporativos &amp; Feiras | TELALED<\/title>\n<meta name=\"description\" content=\"Pain\u00e9is LED TRO para loca\u00e7\u00e3o com montagem r\u00e1pida em 10min! Tecnologia antivandalismo, alta resolu\u00e7\u00e3o (P2.6-P5.9) e suporte 24h no Brasil. Ideal para palcos, igrejas e est\u00e1dios. Solicite or\u00e7amento!\" \/>\n<meta name=\"robots\" content=\"index, follow, max-snippet:-1, max-image-preview:large, max-video-preview:-1\" \/>\n<link rel=\"canonical\" href=\"https:\/\/www.telaled.com\/de\/fabrica\/aluguel-de-painel-de-led-da-serie-tro\/\" \/>\n<meta property=\"og:locale\" content=\"de_DE\" \/>\n<meta property=\"og:type\" content=\"article\" \/>\n<meta property=\"og:title\" content=\"Painel de LED para Loca\u00e7\u00e3o TRO | Shows, Eventos Corporativos &amp; Feiras | TELALED\" \/>\n<meta property=\"og:description\" content=\"Pain\u00e9is LED TRO para loca\u00e7\u00e3o com montagem r\u00e1pida em 10min! Tecnologia antivandalismo, alta resolu\u00e7\u00e3o (P2.6-P5.9) e suporte 24h no Brasil. Ideal para palcos, igrejas e est\u00e1dios. Solicite or\u00e7amento!\" \/>\n<meta property=\"og:url\" content=\"https:\/\/www.telaled.com\/de\/fabrica\/aluguel-de-painel-de-led-da-serie-tro\/\" \/>\n<meta property=\"og:site_name\" content=\"TELALED\" \/>\n<meta property=\"article:modified_time\" content=\"2026-01-03T08:20:31+00:00\" \/>\n<meta property=\"og:image\" content=\"https:\/\/www.telaled.com\/wp-content\/uploads\/2025\/06\/Aluguel-de-Painel-de-LED-da-Serie-TRO-3.webp\" \/>\n\t<meta property=\"og:image:width\" content=\"500\" \/>\n\t<meta property=\"og:image:height\" content=\"500\" \/>\n\t<meta property=\"og:image:type\" content=\"image\/webp\" \/>\n<meta name=\"twitter:card\" content=\"summary_large_image\" \/>\n<meta name=\"twitter:label1\" content=\"Gesch\u00e4tzte Lesezeit\" \/>\n\t<meta name=\"twitter:data1\" content=\"2\u00a0Minuten\" \/>\n<script type=\"application\/ld+json\" class=\"yoast-schema-graph\">{\"@context\":\"https:\\\/\\\/schema.org\",\"@graph\":[{\"@type\":\"WebPage\",\"@id\":\"https:\\\/\\\/www.telaled.com\\\/fabrica\\\/aluguel-de-painel-de-led-da-serie-tro\\\/\",\"url\":\"https:\\\/\\\/www.telaled.com\\\/fabrica\\\/aluguel-de-painel-de-led-da-serie-tro\\\/\",\"name\":\"Painel de LED para Loca\u00e7\u00e3o TRO | Shows, Eventos Corporativos & Feiras | TELALED\",\"isPartOf\":{\"@id\":\"https:\\\/\\\/www.telaled.com\\\/#website\"},\"primaryImageOfPage\":{\"@id\":\"https:\\\/\\\/www.telaled.com\\\/fabrica\\\/aluguel-de-painel-de-led-da-serie-tro\\\/#primaryimage\"},\"image\":{\"@id\":\"https:\\\/\\\/www.telaled.com\\\/fabrica\\\/aluguel-de-painel-de-led-da-serie-tro\\\/#primaryimage\"},\"thumbnailUrl\":\"https:\\\/\\\/www.telaled.com\\\/wp-content\\\/uploads\\\/2025\\\/06\\\/Aluguel-de-Painel-de-LED-da-Serie-TRO-3.webp\",\"datePublished\":\"2025-06-24T10:01:48+00:00\",\"dateModified\":\"2026-01-03T08:20:31+00:00\",\"description\":\"Pain\u00e9is LED TRO para loca\u00e7\u00e3o com montagem r\u00e1pida em 10min! Tecnologia antivandalismo, alta resolu\u00e7\u00e3o (P2.6-P5.9) e suporte 24h no Brasil. Ideal para palcos, igrejas e est\u00e1dios. Solicite or\u00e7amento!\",\"breadcrumb\":{\"@id\":\"https:\\\/\\\/www.telaled.com\\\/fabrica\\\/aluguel-de-painel-de-led-da-serie-tro\\\/#breadcrumb\"},\"inLanguage\":\"de\",\"potentialAction\":[{\"@type\":\"ReadAction\",\"target\":[\"https:\\\/\\\/www.telaled.com\\\/fabrica\\\/aluguel-de-painel-de-led-da-serie-tro\\\/\"]}]},{\"@type\":\"ImageObject\",\"inLanguage\":\"de\",\"@id\":\"https:\\\/\\\/www.telaled.com\\\/fabrica\\\/aluguel-de-painel-de-led-da-serie-tro\\\/#primaryimage\",\"url\":\"https:\\\/\\\/www.telaled.com\\\/wp-content\\\/uploads\\\/2025\\\/06\\\/Aluguel-de-Painel-de-LED-da-Serie-TRO-3.webp\",\"contentUrl\":\"https:\\\/\\\/www.telaled.com\\\/wp-content\\\/uploads\\\/2025\\\/06\\\/Aluguel-de-Painel-de-LED-da-Serie-TRO-3.webp\",\"width\":500,\"height\":500,\"caption\":\"Aluguel-de-Painel-de-LED-da-Serie-TRO\"},{\"@type\":\"BreadcrumbList\",\"@id\":\"https:\\\/\\\/www.telaled.com\\\/fabrica\\\/aluguel-de-painel-de-led-da-serie-tro\\\/#breadcrumb\",\"itemListElement\":[{\"@type\":\"ListItem\",\"position\":1,\"name\":\"Home\",\"item\":\"https:\\\/\\\/www.telaled.com\\\/\"},{\"@type\":\"ListItem\",\"position\":2,\"name\":\"Produtos\",\"item\":\"https:\\\/\\\/www.telaled.com\\\/shop\\\/\"},{\"@type\":\"ListItem\",\"position\":3,\"name\":\"Painel de LED para Loca\u00e7\u00e3o da S\u00e9rie TRO\"}]},{\"@type\":\"WebSite\",\"@id\":\"https:\\\/\\\/www.telaled.com\\\/#website\",\"url\":\"https:\\\/\\\/www.telaled.com\\\/\",\"name\":\"TELALED\",\"description\":\"\",\"potentialAction\":[{\"@type\":\"SearchAction\",\"target\":{\"@type\":\"EntryPoint\",\"urlTemplate\":\"https:\\\/\\\/www.telaled.com\\\/?s={search_term_string}\"},\"query-input\":{\"@type\":\"PropertyValueSpecification\",\"valueRequired\":true,\"valueName\":\"search_term_string\"}}],\"inLanguage\":\"de\"}]}<\/script>\n<!-- \/ Yoast SEO plugin. -->","yoast_head_json":{"title":"LED-Panel zur Miete TRO | Shows, Firmenevents &amp; Messen | TELALED","description":"TRO LED-Panels zur Miete mit Schnellmontage in 10 Minuten! Vandalismusgesch\u00fctzte Technologie, hohe Aufl\u00f6sung (P2.6-P5.9) und 24\/7-Support in Brasilien. Ideal f\u00fcr B\u00fchnen, Kirchen und Stadien. Fordern Sie ein Angebot an!","robots":{"index":"index","follow":"follow","max-snippet":"max-snippet:-1","max-image-preview":"max-image-preview:large","max-video-preview":"max-video-preview:-1"},"canonical":"https:\/\/www.telaled.com\/de\/fabrica\/aluguel-de-painel-de-led-da-serie-tro\/","og_locale":"de_DE","og_type":"article","og_title":"Painel de LED para Loca\u00e7\u00e3o TRO | Shows, Eventos Corporativos & Feiras | TELALED","og_description":"Pain\u00e9is LED TRO para loca\u00e7\u00e3o com montagem r\u00e1pida em 10min! Tecnologia antivandalismo, alta resolu\u00e7\u00e3o (P2.6-P5.9) e suporte 24h no Brasil. Ideal para palcos, igrejas e est\u00e1dios. Solicite or\u00e7amento!","og_url":"https:\/\/www.telaled.com\/de\/fabrica\/aluguel-de-painel-de-led-da-serie-tro\/","og_site_name":"TELALED","article_modified_time":"2026-01-03T08:20:31+00:00","og_image":[{"width":500,"height":500,"url":"https:\/\/www.telaled.com\/wp-content\/uploads\/2025\/06\/Aluguel-de-Painel-de-LED-da-Serie-TRO-3.webp","type":"image\/webp"}],"twitter_card":"summary_large_image","twitter_misc":{"Gesch\u00e4tzte Lesezeit":"2\u00a0Minuten"},"schema":{"@context":"https:\/\/schema.org","@graph":[{"@type":"WebPage","@id":"https:\/\/www.telaled.com\/fabrica\/aluguel-de-painel-de-led-da-serie-tro\/","url":"https:\/\/www.telaled.com\/fabrica\/aluguel-de-painel-de-led-da-serie-tro\/","name":"LED-Panel zur Miete TRO | Shows, Firmenevents &amp; Messen | TELALED","isPartOf":{"@id":"https:\/\/www.telaled.com\/#website"},"primaryImageOfPage":{"@id":"https:\/\/www.telaled.com\/fabrica\/aluguel-de-painel-de-led-da-serie-tro\/#primaryimage"},"image":{"@id":"https:\/\/www.telaled.com\/fabrica\/aluguel-de-painel-de-led-da-serie-tro\/#primaryimage"},"thumbnailUrl":"https:\/\/www.telaled.com\/wp-content\/uploads\/2025\/06\/Aluguel-de-Painel-de-LED-da-Serie-TRO-3.webp","datePublished":"2025-06-24T10:01:48+00:00","dateModified":"2026-01-03T08:20:31+00:00","description":"TRO LED-Panels zur Miete mit Schnellmontage in 10 Minuten! Vandalismusgesch\u00fctzte Technologie, hohe Aufl\u00f6sung (P2.6-P5.9) und 24\/7-Support in Brasilien. Ideal f\u00fcr B\u00fchnen, Kirchen und Stadien. Fordern Sie ein Angebot an!","breadcrumb":{"@id":"https:\/\/www.telaled.com\/fabrica\/aluguel-de-painel-de-led-da-serie-tro\/#breadcrumb"},"inLanguage":"de","potentialAction":[{"@type":"ReadAction","target":["https:\/\/www.telaled.com\/fabrica\/aluguel-de-painel-de-led-da-serie-tro\/"]}]},{"@type":"ImageObject","inLanguage":"de","@id":"https:\/\/www.telaled.com\/fabrica\/aluguel-de-painel-de-led-da-serie-tro\/#primaryimage","url":"https:\/\/www.telaled.com\/wp-content\/uploads\/2025\/06\/Aluguel-de-Painel-de-LED-da-Serie-TRO-3.webp","contentUrl":"https:\/\/www.telaled.com\/wp-content\/uploads\/2025\/06\/Aluguel-de-Painel-de-LED-da-Serie-TRO-3.webp","width":500,"height":500,"caption":"Aluguel-de-Painel-de-LED-da-Serie-TRO"},{"@type":"BreadcrumbList","@id":"https:\/\/www.telaled.com\/fabrica\/aluguel-de-painel-de-led-da-serie-tro\/#breadcrumb","itemListElement":[{"@type":"ListItem","position":1,"name":"Home","item":"https:\/\/www.telaled.com\/"},{"@type":"ListItem","position":2,"name":"Produtos","item":"https:\/\/www.telaled.com\/shop\/"},{"@type":"ListItem","position":3,"name":"Painel de LED para Loca\u00e7\u00e3o da S\u00e9rie TRO"}]},{"@type":"WebSite","@id":"https:\/\/www.telaled.com\/#website","url":"https:\/\/www.telaled.com\/","name":"LED-Bildschirm","description":"","potentialAction":[{"@type":"SearchAction","target":{"@type":"EntryPoint","urlTemplate":"https:\/\/www.telaled.com\/?s={search_term_string}"},"query-input":{"@type":"PropertyValueSpecification","valueRequired":true,"valueName":"search_term_string"}}],"inLanguage":"de"}]}},"_links":{"self":[{"href":"https:\/\/www.telaled.com\/de\/wp-json\/wp\/v2\/product\/2190","targetHints":{"allow":["GET"]}}],"collection":[{"href":"https:\/\/www.telaled.com\/de\/wp-json\/wp\/v2\/product"}],"about":[{"href":"https:\/\/www.telaled.com\/de\/wp-json\/wp\/v2\/types\/product"}],"wp:featuredmedia":[{"embeddable":true,"href":"https:\/\/www.telaled.com\/de\/wp-json\/wp\/v2\/media\/2191"}],"wp:attachment":[{"href":"https:\/\/www.telaled.com\/de\/wp-json\/wp\/v2\/media?parent=2190"}],"wp:term":[{"taxonomy":"product_brand","embeddable":true,"href":"https:\/\/www.telaled.com\/de\/wp-json\/wp\/v2\/product_brand?post=2190"},{"taxonomy":"product_cat","embeddable":true,"href":"https:\/\/www.telaled.com\/de\/wp-json\/wp\/v2\/product_cat?post=2190"},{"taxonomy":"product_tag","embeddable":true,"href":"https:\/\/www.telaled.com\/de\/wp-json\/wp\/v2\/product_tag?post=2190"}],"curies":[{"name":"wp","href":"https:\/\/api.w.org\/{rel}","templated":true}]}}