{"id":5698,"date":"2025-11-18T06:54:38","date_gmt":"2025-11-18T06:54:38","guid":{"rendered":"https:\/\/www.telaled.com\/?post_type=product&#038;p=5698"},"modified":"2026-01-11T06:43:34","modified_gmt":"2026-01-11T06:43:34","slug":"letreiro-digital-para-loja","status":"publish","type":"product","link":"https:\/\/www.telaled.com\/cs\/fabrica\/letreiro-digital-para-loja\/","title":{"rendered":"digit\u00e1ln\u00ed podpis pro obchod"},"content":{"rendered":"<div class=\"row\"  id=\"row-155713024\">\n\n\t<div id=\"col-1582913180\" class=\"col small-12 large-12\"  >\n\t\t\t\t<div class=\"col-inner\"  >\n\t\t\t\n\t\t\t\n<h2>Exkluzivn\u00ed v\u00fdhody flexibiln\u00ed LED obrazovky do auta<\/h2>\n<h3><strong>Vynikaj\u00edc\u00ed odolnost<\/strong><\/h3>\n<ul>\n<li>Vyrobeno z vysoce kvalitn\u00edch, pr\u016fmyslov\u00fdch komponent\u016f.<\/li>\n<li>Navr\u017eeno tak, aby odolalo prost\u0159ed\u00ed s vysok\u00fdm provozem a n\u00e1ro\u010dn\u00fdm podm\u00ednk\u00e1m.<\/li>\n<li>Odoln\u00e9 v\u016f\u010di teplu a p\u0159\u00edm\u00e9mu slune\u010dn\u00edmu z\u00e1\u0159en\u00ed, co\u017e zaji\u0161\u0165uje dlouhotrvaj\u00edc\u00ed v\u00fdkon.<\/li>\n<\/ul>\n<h3><strong>V\u00fdjime\u010dn\u00e1 vizu\u00e1ln\u00ed kvalita<\/strong><\/h3>\n<ul>\n<li>Poskytuje ostr\u00fd obraz s vysok\u00fdm rozli\u0161en\u00edm a z\u00e1\u0159iv\u00fdmi a jasn\u00fdmi barvami.<\/li>\n<li>Vysok\u00fd kontrast pro hlub\u0161\u00ed \u010dernou a vylep\u0161en\u00fd jas.<\/li>\n<li>Viditeln\u00fd za v\u0161ech sv\u011bteln\u00fdch podm\u00ednek a poskytuje konzistentn\u00ed a atraktivn\u00ed obraz.<\/li>\n<\/ul>\n<h3><strong>Kompletn\u00ed p\u0159izp\u016fsobivost<\/strong><\/h3>\n<ul>\n<li>P\u0159izp\u016fsobiteln\u00e1 velikost a konfigurace pro r\u016fzn\u00e9 uspo\u0159\u00e1d\u00e1n\u00ed prodejen.<\/li>\n<li>Snadno se integruje se st\u00e1vaj\u00edc\u00edmi syst\u00e9my pro bezprobl\u00e9movou spr\u00e1vu obsahu.<\/li>\n<li>Podporuje aktualizace v re\u00e1ln\u00e9m \u010dase, co\u017e umo\u017e\u0148uje dynamick\u00e9 zm\u011bny obsahu pro propaga\u010dn\u00ed akce nebo zpr\u00e1vy.<\/li>\n<\/ul>\n<h3><strong>Komplexn\u00ed podpora<\/strong><\/h3>\n<ul>\n<li>Specializovan\u00e1 podpora 24 hodin denn\u011b, 7 dn\u00ed v t\u00fddnu, aby v\u00e1\u0161 syst\u00e9m b\u011b\u017eel hladce a bez p\u0159eru\u0161en\u00ed.<\/li>\n<li>Z\u00e1ruka 5% na d\u00edly, zvy\u0161uj\u00edc\u00ed spolehlivost a minimalizuj\u00edc\u00ed prostoje.<\/li>\n<li>3let\u00e1 z\u00e1ruka pro garantovan\u00fd v\u00fdkon a klid.<\/li>\n<li>Chra\u0148te svou investici komplexn\u00edm poji\u0161t\u011bn\u00edm.<\/li>\n<\/ul>\n<h2>Detaily produktu<\/h2>\n<div class=\"row\"  id=\"row-1573259017\">\n\n\t<div id=\"col-1373285346\" class=\"col medium-10 small-12 large-10\"  >\n\t\t\t\t<div class=\"col-inner text-left\"  >\n\t\t\t\n\t\t\t\n<ul>\n<li>TELALED nab\u00edz\u00ed intuitivn\u00ed platformu pro vytv\u00e1\u0159en\u00ed a aktualizaci komunika\u010dn\u00edch tok\u016f v m\u00edst\u011b prodeje. Pom\u00e1h\u00e1 firm\u00e1m dos\u00e1hnout d\u016fle\u017eit\u00fdch c\u00edl\u016f, jako je zv\u00fd\u0161en\u00ed n\u00e1v\u0161t\u011bvnosti z\u00e1kazn\u00edk\u016f a zv\u00fd\u0161en\u00ed tr\u017eeb. D\u00edky p\u0159izp\u016fsobiteln\u00fdm \u0161ablon\u00e1m mohou t\u00fdmy snadno spravovat a aktualizovat zpr\u00e1vy, \u010d\u00edm\u017e zaji\u0161\u0165uj\u00ed konzistenci zna\u010dky a vytv\u00e1\u0159ej\u00ed jedine\u010dnou vizu\u00e1ln\u00ed identitu na vy\u017e\u00e1d\u00e1n\u00ed.<\/li>\n<\/ul>\n\t<div class=\"img has-hover x md-x lg-x y md-y lg-y\" id=\"image_728344837\">\n\t\t\t\t\t\t\t\t<div class=\"img-inner dark\" >\n\t\t\t<img loading=\"lazy\" decoding=\"async\" width=\"800\" height=\"512\" src=\"https:\/\/www.telaled.com\/wp-content\/uploads\/2025\/11\/letreiro-digital-para-loja-1.webp\" class=\"attachment-original size-original\" alt=\"digit\u00e1ln\u00ed podpis pro obchod\" srcset=\"https:\/\/www.telaled.com\/wp-content\/uploads\/2025\/11\/letreiro-digital-para-loja-1.webp 800w, https:\/\/www.telaled.com\/wp-content\/uploads\/2025\/11\/letreiro-digital-para-loja-1-300x192.webp 300w, https:\/\/www.telaled.com\/wp-content\/uploads\/2025\/11\/letreiro-digital-para-loja-1-768x492.webp 768w, https:\/\/www.telaled.com\/wp-content\/uploads\/2025\/11\/letreiro-digital-para-loja-1-18x12.webp 18w, https:\/\/www.telaled.com\/wp-content\/uploads\/2025\/11\/letreiro-digital-para-loja-1-600x384.webp 600w\" sizes=\"auto, (max-width: 800px) 100vw, 800px\" \/>\t\t\t\t\t\t\n\t\t\t\t\t<\/div>\n\t\t\t\t\t\t\t\t\n<style>\n#image_728344837 {\n  width: 80%;\n}\n<\/style>\n\t<\/div>\n\t\n<ul>\n<li>Digit\u00e1ln\u00ed signage umo\u017e\u0148uje firm\u00e1m spravovat a distribuovat obsah na digit\u00e1ln\u00edch obrazovk\u00e1ch ve ve\u0159ejn\u00fdch prostor\u00e1ch, maloobchodn\u00edch prost\u0159ed\u00edch a kancel\u00e1\u0159\u00edch. Poskytuje centralizovanou platformu pro \u0159\u00edzen\u00ed s\u00edt\u00ed obrazovek, nab\u00edz\u00ed dynamick\u00fd obsah p\u0159izp\u016fsoben\u00fd specifick\u00e9mu publiku, zlep\u0161uje komunikaci a umo\u017e\u0148uje interakce v re\u00e1ln\u00e9m \u010dase pro poutav\u011bj\u0161\u00ed z\u00e1\u017eitek.<\/li>\n<\/ul>\n\t<div class=\"img has-hover x md-x lg-x y md-y lg-y\" id=\"image_242349593\">\n\t\t\t\t\t\t\t\t<div class=\"img-inner dark\" >\n\t\t\t<img loading=\"lazy\" decoding=\"async\" width=\"1020\" height=\"711\" src=\"https:\/\/www.telaled.com\/wp-content\/uploads\/2025\/11\/letreiro-digital-para-loja1-1-1024x714.webp\" class=\"attachment-large size-large\" alt=\"digit\u00e1ln\u00ed-podpis-pro-obchod1 (1)\" srcset=\"https:\/\/www.telaled.com\/wp-content\/uploads\/2025\/11\/letreiro-digital-para-loja1-1-1024x714.webp 1024w, https:\/\/www.telaled.com\/wp-content\/uploads\/2025\/11\/letreiro-digital-para-loja1-1-300x209.webp 300w, https:\/\/www.telaled.com\/wp-content\/uploads\/2025\/11\/letreiro-digital-para-loja1-1-768x536.webp 768w, https:\/\/www.telaled.com\/wp-content\/uploads\/2025\/11\/letreiro-digital-para-loja1-1-1536x1071.webp 1536w, https:\/\/www.telaled.com\/wp-content\/uploads\/2025\/11\/letreiro-digital-para-loja1-1-18x12.webp 18w, https:\/\/www.telaled.com\/wp-content\/uploads\/2025\/11\/letreiro-digital-para-loja1-1-600x419.webp 600w, https:\/\/www.telaled.com\/wp-content\/uploads\/2025\/11\/letreiro-digital-para-loja1-1.webp 2000w\" sizes=\"auto, (max-width: 1020px) 100vw, 1020px\" \/>\t\t\t\t\t\t\n\t\t\t\t\t<\/div>\n\t\t\t\t\t\t\t\t\n<style>\n#image_242349593 {\n  width: 80%;\n}\n<\/style>\n\t<\/div>\n\t\n<ul>\n<li>Zv\u00fd\u0161en\u00ed prodeje je kone\u010dn\u00fdm c\u00edlem ka\u017ed\u00e9 spole\u010dnosti a digit\u00e1ln\u00ed signage hraje v jeho dosa\u017een\u00ed kl\u00ed\u010dovou roli. Strategick\u00fdm um\u00edst\u011bn\u00edm digit\u00e1ln\u00edch displej\u016f mohou spole\u010dnosti upoutat pozornost z\u00e1kazn\u00edk\u016f, zv\u00fdraznit kl\u00ed\u010dov\u00e9 produkty a poskytnout kontext pro propaga\u010dn\u00ed akce. To nejen bav\u00ed, ale tak\u00e9 povzbuzuje k n\u00e1kup\u016fm, co\u017e m\u00e1 p\u0159\u00edm\u00fd dopad na finan\u010dn\u00ed v\u00fdsledky.<\/li>\n<\/ul>\n\t<div class=\"img has-hover x md-x lg-x y md-y lg-y\" id=\"image_365553883\">\n\t\t\t\t\t\t\t\t<div class=\"img-inner dark\" >\n\t\t\t<img loading=\"lazy\" decoding=\"async\" width=\"1020\" height=\"574\" src=\"https:\/\/www.telaled.com\/wp-content\/uploads\/2025\/11\/letreiro-digital-para-loja3-1.webp\" class=\"attachment-large size-large\" alt=\"digit\u00e1ln\u00ed-podpis-pro-obchod3 (1)\" srcset=\"https:\/\/www.telaled.com\/wp-content\/uploads\/2025\/11\/letreiro-digital-para-loja3-1.webp 1024w, https:\/\/www.telaled.com\/wp-content\/uploads\/2025\/11\/letreiro-digital-para-loja3-1-300x169.webp 300w, https:\/\/www.telaled.com\/wp-content\/uploads\/2025\/11\/letreiro-digital-para-loja3-1-768x432.webp 768w, https:\/\/www.telaled.com\/wp-content\/uploads\/2025\/11\/letreiro-digital-para-loja3-1-18x10.webp 18w, https:\/\/www.telaled.com\/wp-content\/uploads\/2025\/11\/letreiro-digital-para-loja3-1-600x338.webp 600w\" sizes=\"auto, (max-width: 1020px) 100vw, 1020px\" \/>\t\t\t\t\t\t\n\t\t\t\t\t<\/div>\n\t\t\t\t\t\t\t\t\n<style>\n#image_365553883 {\n  width: 80%;\n}\n<\/style>\n\t<\/div>\n\t\n<ul>\n<li>Interaktivn\u00ed obsah prokazateln\u011b zlep\u0161uje z\u00e1\u017eitek z nakupov\u00e1n\u00ed t\u00edm, \u017ee zapojuje z\u00e1kazn\u00edky a ovliv\u0148uje jejich n\u00e1kupn\u00ed rozhodnut\u00ed. Nab\u00eddkou interaktivn\u00edch a personalizovan\u00fdch displej\u016f m\u016f\u017eete udr\u017eet spokojenost nakupuj\u00edc\u00edch a povzbudit je k \u00fa\u010dasti. Tyto dynamick\u00e9 funkce nejen zvy\u0161uj\u00ed spokojenost z\u00e1kazn\u00edk\u016f, ale tak\u00e9 efektivn\u011b sd\u011bluj\u00ed va\u0161i zpr\u00e1vu, co\u017e vede k v\u011bt\u0161\u00edmu po\u010dtu konverz\u00ed a prodej\u016f.<\/li>\n<\/ul>\n\t<div class=\"img has-hover x md-x lg-x y md-y lg-y\" id=\"image_619803907\">\n\t\t\t\t\t\t\t\t<div class=\"img-inner dark\" >\n\t\t\t<img loading=\"lazy\" decoding=\"async\" width=\"835\" height=\"440\" src=\"https:\/\/www.telaled.com\/wp-content\/uploads\/2025\/11\/letreiro-digital-para-loja5-1.webp\" class=\"attachment-large size-large\" alt=\"digit\u00e1ln\u00ed-podpis-pro-obchod5 (1)\" srcset=\"https:\/\/www.telaled.com\/wp-content\/uploads\/2025\/11\/letreiro-digital-para-loja5-1.webp 835w, https:\/\/www.telaled.com\/wp-content\/uploads\/2025\/11\/letreiro-digital-para-loja5-1-300x158.webp 300w, https:\/\/www.telaled.com\/wp-content\/uploads\/2025\/11\/letreiro-digital-para-loja5-1-768x405.webp 768w, https:\/\/www.telaled.com\/wp-content\/uploads\/2025\/11\/letreiro-digital-para-loja5-1-18x9.webp 18w, https:\/\/www.telaled.com\/wp-content\/uploads\/2025\/11\/letreiro-digital-para-loja5-1-600x316.webp 600w\" sizes=\"auto, (max-width: 835px) 100vw, 835px\" \/>\t\t\t\t\t\t\n\t\t\t\t\t<\/div>\n\t\t\t\t\t\t\t\t\n<style>\n#image_619803907 {\n  width: 80%;\n}\n<\/style>\n\t<\/div>\n\t\n\t\t<\/div>\n\t\t\t\t\t<\/div>\n\n\t\n<\/div>\n\t\t<\/div>\n\t\t\t\t\t<\/div>\n\n\t\n<\/div>","protected":false},"excerpt":{"rendered":"<div><strong>Digit\u00e1ln\u00ed zna\u010den\u00ed pro obchody: Chytr\u00fd zp\u016fsob, jak p\u0159il\u00e1kat z\u00e1kazn\u00edky a zv\u00fd\u0161it n\u00e1v\u0161t\u011bvnost.<\/strong><\/div>\n<div><\/div>\n<div>Digit\u00e1ln\u00ed reklamn\u00ed tabule pro maloobchodn\u00ed prost\u0159ed\u00ed v\u00e1m pomohou zobrazovat propaga\u010dn\u00ed akce v re\u00e1ln\u00e9m \u010dase, zd\u016fraz\u0148ovat nov\u00e9 produkty a p\u0159il\u00e1kat z\u00e1kazn\u00edky do va\u0161\u00ed prodejny pomoc\u00ed \u017eiv\u00fdch a dynamick\u00fdch vizu\u00e1l\u016f. Na rozd\u00edl od statick\u00fdch plak\u00e1t\u016f se tyto obrazovky okam\u017eit\u011b aktualizuj\u00ed a z\u016fst\u00e1vaj\u00ed ostr\u00e9 i za siln\u00e9ho vnit\u0159n\u00edho osv\u011btlen\u00ed, co\u017e z nich d\u011bl\u00e1 jeden z nej\u00fa\u010dinn\u011bj\u0161\u00edch n\u00e1stroj\u016f pro modern\u00ed maloobchod.<\/div>\n<div><\/div>\n<div><strong>Hlavn\u00ed vlastnosti:<\/strong><\/div>\n<ul>\n<li><strong>Vysok\u00fd lesk:<\/strong> 800\u20131200 nit\u016f pro ostrou viditelnost, a to i p\u0159es sklo nebo jasn\u00e9 osv\u011btlen\u00ed obchodu.<\/li>\n<li><strong>Ostr\u00e9 rozli\u0161en\u00ed:<\/strong> <a href=\"https:\/\/www.telaled.com\/cs\/fabrica\/painel-de-led-hd-serie-tho\/\">HD obrazovky<\/a>-4K pro ostr\u00e9 fotografie produkt\u016f a p\u0159esn\u00e9 barvy.<\/li>\n<li><strong>Rychl\u00e1 aktualizace obsahu:<\/strong> Ovl\u00e1d\u00e1n\u00ed p\u0159es Wi-Fi\/LAN umo\u017e\u0148uje m\u011bnit propaga\u010dn\u00ed akce b\u011bhem n\u011bkolika sekund.<\/li>\n<li><strong>Navr\u017eeno pro nep\u0159etr\u017eit\u00e9 pou\u017e\u00edv\u00e1n\u00ed 24 hodin denn\u011b, 7 dn\u00ed v t\u00fddnu:<\/strong> Pr\u016fmyslov\u00e9 panely ur\u010den\u00e9 pro nep\u0159etr\u017eit\u00fd provoz bez p\u0159eh\u0159\u00edv\u00e1n\u00ed.<\/li>\n<\/ul>","protected":false},"featured_media":5700,"template":"","meta":[],"product_brand":[],"product_cat":[49],"product_tag":[],"class_list":{"0":"post-5698","1":"product","2":"type-product","3":"status-publish","4":"has-post-thumbnail","6":"product_cat-digital-signage","8":"first","9":"instock","10":"shipping-taxable","11":"product-type-simple"},"yoast_head":"<!-- This site is optimized with the Yoast SEO plugin v27.4 - https:\/\/yoast.com\/product\/yoast-seo-wordpress\/ -->\n<title>Letreiro Digital para Loja | Aumente a visibilidade e as vendas com displays de alto impacto| TELALED<\/title>\n<meta name=\"description\" content=\"Modernize a fachada da sua loja com um painel digital que oferece imagens mais vibrantes, conte\u00fado din\u00e2mico e maior intera\u00e7\u00e3o com os clientes. Entre em contato agora mesmo para solicitar um or\u00e7amento!\" \/>\n<meta name=\"robots\" content=\"index, follow, max-snippet:-1, max-image-preview:large, max-video-preview:-1\" \/>\n<link rel=\"canonical\" href=\"https:\/\/www.telaled.com\/cs\/fabrica\/letreiro-digital-para-loja\/\" \/>\n<meta property=\"og:locale\" content=\"cs_CZ\" \/>\n<meta property=\"og:type\" content=\"article\" \/>\n<meta property=\"og:title\" content=\"Letreiro Digital para Loja | Aumente a visibilidade e as vendas com displays de alto impacto| TELALED\" \/>\n<meta property=\"og:description\" content=\"Modernize a fachada da sua loja com um painel digital que oferece imagens mais vibrantes, conte\u00fado din\u00e2mico e maior intera\u00e7\u00e3o com os clientes. Entre em contato agora mesmo para solicitar um or\u00e7amento!\" \/>\n<meta property=\"og:url\" content=\"https:\/\/www.telaled.com\/cs\/fabrica\/letreiro-digital-para-loja\/\" \/>\n<meta property=\"og:site_name\" content=\"TELALED\" \/>\n<meta property=\"article:modified_time\" content=\"2026-01-11T06:43:34+00:00\" \/>\n<meta property=\"og:image\" content=\"https:\/\/www.telaled.com\/wp-content\/uploads\/2025\/11\/letreiro-digital-para-loja.webp\" \/>\n\t<meta property=\"og:image:width\" content=\"500\" \/>\n\t<meta property=\"og:image:height\" content=\"500\" \/>\n\t<meta property=\"og:image:type\" content=\"image\/webp\" \/>\n<meta name=\"twitter:card\" content=\"summary_large_image\" \/>\n<meta name=\"twitter:label1\" content=\"Est. reading time\" \/>\n\t<meta name=\"twitter:data1\" content=\"3 minuty\" \/>\n<script type=\"application\/ld+json\" class=\"yoast-schema-graph\">{\"@context\":\"https:\\\/\\\/schema.org\",\"@graph\":[{\"@type\":\"WebPage\",\"@id\":\"https:\\\/\\\/www.telaled.com\\\/fabrica\\\/letreiro-digital-para-loja\\\/\",\"url\":\"https:\\\/\\\/www.telaled.com\\\/fabrica\\\/letreiro-digital-para-loja\\\/\",\"name\":\"Letreiro Digital para Loja | Aumente a visibilidade e as vendas com displays de alto impacto| TELALED\",\"isPartOf\":{\"@id\":\"https:\\\/\\\/www.telaled.com\\\/#website\"},\"primaryImageOfPage\":{\"@id\":\"https:\\\/\\\/www.telaled.com\\\/fabrica\\\/letreiro-digital-para-loja\\\/#primaryimage\"},\"image\":{\"@id\":\"https:\\\/\\\/www.telaled.com\\\/fabrica\\\/letreiro-digital-para-loja\\\/#primaryimage\"},\"thumbnailUrl\":\"https:\\\/\\\/www.telaled.com\\\/wp-content\\\/uploads\\\/2025\\\/11\\\/letreiro-digital-para-loja.webp\",\"datePublished\":\"2025-11-18T06:54:38+00:00\",\"dateModified\":\"2026-01-11T06:43:34+00:00\",\"description\":\"Modernize a fachada da sua loja com um painel digital que oferece imagens mais vibrantes, conte\u00fado din\u00e2mico e maior intera\u00e7\u00e3o com os clientes. Entre em contato agora mesmo para solicitar um or\u00e7amento!\",\"breadcrumb\":{\"@id\":\"https:\\\/\\\/www.telaled.com\\\/fabrica\\\/letreiro-digital-para-loja\\\/#breadcrumb\"},\"inLanguage\":\"cs\",\"potentialAction\":[{\"@type\":\"ReadAction\",\"target\":[\"https:\\\/\\\/www.telaled.com\\\/fabrica\\\/letreiro-digital-para-loja\\\/\"]}]},{\"@type\":\"ImageObject\",\"inLanguage\":\"cs\",\"@id\":\"https:\\\/\\\/www.telaled.com\\\/fabrica\\\/letreiro-digital-para-loja\\\/#primaryimage\",\"url\":\"https:\\\/\\\/www.telaled.com\\\/wp-content\\\/uploads\\\/2025\\\/11\\\/letreiro-digital-para-loja.webp\",\"contentUrl\":\"https:\\\/\\\/www.telaled.com\\\/wp-content\\\/uploads\\\/2025\\\/11\\\/letreiro-digital-para-loja.webp\",\"width\":500,\"height\":500,\"caption\":\"letreiro digital para loja\"},{\"@type\":\"BreadcrumbList\",\"@id\":\"https:\\\/\\\/www.telaled.com\\\/fabrica\\\/letreiro-digital-para-loja\\\/#breadcrumb\",\"itemListElement\":[{\"@type\":\"ListItem\",\"position\":1,\"name\":\"Home\",\"item\":\"https:\\\/\\\/www.telaled.com\\\/\"},{\"@type\":\"ListItem\",\"position\":2,\"name\":\"Produtos\",\"item\":\"https:\\\/\\\/www.telaled.com\\\/shop\\\/\"},{\"@type\":\"ListItem\",\"position\":3,\"name\":\"letreiro digital para loja\"}]},{\"@type\":\"WebSite\",\"@id\":\"https:\\\/\\\/www.telaled.com\\\/#website\",\"url\":\"https:\\\/\\\/www.telaled.com\\\/\",\"name\":\"TELALED\",\"description\":\"\",\"potentialAction\":[{\"@type\":\"SearchAction\",\"target\":{\"@type\":\"EntryPoint\",\"urlTemplate\":\"https:\\\/\\\/www.telaled.com\\\/?s={search_term_string}\"},\"query-input\":{\"@type\":\"PropertyValueSpecification\",\"valueRequired\":true,\"valueName\":\"search_term_string\"}}],\"inLanguage\":\"cs\"}]}<\/script>\n<!-- \/ Yoast SEO plugin. -->","yoast_head_json":{"title":"Digit\u00e1ln\u00ed zna\u010den\u00ed pro obchody | Zvy\u0161te viditelnost a prodej s vysoce p\u016fsobiv\u00fdmi displeji | TELALED","description":"Modernizujte fas\u00e1du sv\u00e9ho obchodu digit\u00e1ln\u00edm displejem, kter\u00fd nab\u00edz\u00ed \u017eiv\u011bj\u0161\u00ed obr\u00e1zky, dynamick\u00fd obsah a lep\u0161\u00ed interakci se z\u00e1kazn\u00edky. Kontaktujte n\u00e1s a z\u00edskejte cenovou nab\u00eddku!","robots":{"index":"index","follow":"follow","max-snippet":"max-snippet:-1","max-image-preview":"max-image-preview:large","max-video-preview":"max-video-preview:-1"},"canonical":"https:\/\/www.telaled.com\/cs\/fabrica\/letreiro-digital-para-loja\/","og_locale":"cs_CZ","og_type":"article","og_title":"Letreiro Digital para Loja | Aumente a visibilidade e as vendas com displays de alto impacto| TELALED","og_description":"Modernize a fachada da sua loja com um painel digital que oferece imagens mais vibrantes, conte\u00fado din\u00e2mico e maior intera\u00e7\u00e3o com os clientes. Entre em contato agora mesmo para solicitar um or\u00e7amento!","og_url":"https:\/\/www.telaled.com\/cs\/fabrica\/letreiro-digital-para-loja\/","og_site_name":"TELALED","article_modified_time":"2026-01-11T06:43:34+00:00","og_image":[{"width":500,"height":500,"url":"https:\/\/www.telaled.com\/wp-content\/uploads\/2025\/11\/letreiro-digital-para-loja.webp","type":"image\/webp"}],"twitter_card":"summary_large_image","twitter_misc":{"Est. reading time":"3 minuty"},"schema":{"@context":"https:\/\/schema.org","@graph":[{"@type":"WebPage","@id":"https:\/\/www.telaled.com\/fabrica\/letreiro-digital-para-loja\/","url":"https:\/\/www.telaled.com\/fabrica\/letreiro-digital-para-loja\/","name":"Digit\u00e1ln\u00ed zna\u010den\u00ed pro obchody | Zvy\u0161te viditelnost a prodej s vysoce p\u016fsobiv\u00fdmi displeji | TELALED","isPartOf":{"@id":"https:\/\/www.telaled.com\/#website"},"primaryImageOfPage":{"@id":"https:\/\/www.telaled.com\/fabrica\/letreiro-digital-para-loja\/#primaryimage"},"image":{"@id":"https:\/\/www.telaled.com\/fabrica\/letreiro-digital-para-loja\/#primaryimage"},"thumbnailUrl":"https:\/\/www.telaled.com\/wp-content\/uploads\/2025\/11\/letreiro-digital-para-loja.webp","datePublished":"2025-11-18T06:54:38+00:00","dateModified":"2026-01-11T06:43:34+00:00","description":"Modernizujte fas\u00e1du sv\u00e9ho obchodu digit\u00e1ln\u00edm displejem, kter\u00fd nab\u00edz\u00ed \u017eiv\u011bj\u0161\u00ed obr\u00e1zky, dynamick\u00fd obsah a lep\u0161\u00ed interakci se z\u00e1kazn\u00edky. Kontaktujte n\u00e1s a z\u00edskejte cenovou nab\u00eddku!","breadcrumb":{"@id":"https:\/\/www.telaled.com\/fabrica\/letreiro-digital-para-loja\/#breadcrumb"},"inLanguage":"cs","potentialAction":[{"@type":"ReadAction","target":["https:\/\/www.telaled.com\/fabrica\/letreiro-digital-para-loja\/"]}]},{"@type":"ImageObject","inLanguage":"cs","@id":"https:\/\/www.telaled.com\/fabrica\/letreiro-digital-para-loja\/#primaryimage","url":"https:\/\/www.telaled.com\/wp-content\/uploads\/2025\/11\/letreiro-digital-para-loja.webp","contentUrl":"https:\/\/www.telaled.com\/wp-content\/uploads\/2025\/11\/letreiro-digital-para-loja.webp","width":500,"height":500,"caption":"letreiro digital para loja"},{"@type":"BreadcrumbList","@id":"https:\/\/www.telaled.com\/fabrica\/letreiro-digital-para-loja\/#breadcrumb","itemListElement":[{"@type":"ListItem","position":1,"name":"Home","item":"https:\/\/www.telaled.com\/"},{"@type":"ListItem","position":2,"name":"Produtos","item":"https:\/\/www.telaled.com\/shop\/"},{"@type":"ListItem","position":3,"name":"letreiro digital para loja"}]},{"@type":"WebSite","@id":"https:\/\/www.telaled.com\/#website","url":"https:\/\/www.telaled.com\/","name":"LED obrazovka","description":"","potentialAction":[{"@type":"SearchAction","target":{"@type":"EntryPoint","urlTemplate":"https:\/\/www.telaled.com\/?s={search_term_string}"},"query-input":{"@type":"PropertyValueSpecification","valueRequired":true,"valueName":"search_term_string"}}],"inLanguage":"cs"}]}},"_links":{"self":[{"href":"https:\/\/www.telaled.com\/cs\/wp-json\/wp\/v2\/product\/5698","targetHints":{"allow":["GET"]}}],"collection":[{"href":"https:\/\/www.telaled.com\/cs\/wp-json\/wp\/v2\/product"}],"about":[{"href":"https:\/\/www.telaled.com\/cs\/wp-json\/wp\/v2\/types\/product"}],"wp:featuredmedia":[{"embeddable":true,"href":"https:\/\/www.telaled.com\/cs\/wp-json\/wp\/v2\/media\/5700"}],"wp:attachment":[{"href":"https:\/\/www.telaled.com\/cs\/wp-json\/wp\/v2\/media?parent=5698"}],"wp:term":[{"taxonomy":"product_brand","embeddable":true,"href":"https:\/\/www.telaled.com\/cs\/wp-json\/wp\/v2\/product_brand?post=5698"},{"taxonomy":"product_cat","embeddable":true,"href":"https:\/\/www.telaled.com\/cs\/wp-json\/wp\/v2\/product_cat?post=5698"},{"taxonomy":"product_tag","embeddable":true,"href":"https:\/\/www.telaled.com\/cs\/wp-json\/wp\/v2\/product_tag?post=5698"}],"curies":[{"name":"wp","href":"https:\/\/api.w.org\/{rel}","templated":true}]}}