{"id":5483,"date":"2025-11-13T09:51:41","date_gmt":"2025-11-13T09:51:41","guid":{"rendered":"https:\/\/www.telaled.com\/?post_type=product&#038;p=5483"},"modified":"2026-01-11T05:45:03","modified_gmt":"2026-01-11T05:45:03","slug":"tela-de-led-flexivel-para-caminhao","status":"publish","type":"product","link":"https:\/\/www.telaled.com\/cs\/fabrica\/tela-de-led-flexivel-para-caminhao\/","title":{"rendered":"Flexibiln\u00ed LED obrazovka pro n\u00e1kladn\u00ed automobily"},"content":{"rendered":"<div class=\"row\"  id=\"row-1484054959\">\n\n\t<div id=\"col-422332968\" class=\"col small-12 large-12\"  >\n\t\t\t\t<div class=\"col-inner\"  >\n\t\t\t\n\t\t\t\n<h2>Exkluzivn\u00ed v\u00fdhody flexibiln\u00ed LED obrazovky do auta<\/h2>\n<h3><strong>Vynikaj\u00edc\u00ed odolnost<\/strong><\/h3>\n<ul>\n<li><strong><em>Odoln\u00e9 PU samolepky:<\/em><\/strong> Siln\u00e1 a odoln\u00e1 p\u0159ilnavost pro robustn\u00ed pou\u017eit\u00ed v n\u00e1kladn\u00edch vozidlech.<\/li>\n<li><strong><em>Vod\u011bodolnost a prachot\u011bsnost IP67:<\/em> <\/strong>Odol\u00e1v\u00e1 v\u0161em pov\u011btrnostn\u00edm podm\u00ednk\u00e1m, de\u0161ti i prachu.<\/li>\n<li><strong><em>Odoln\u00fd proti n\u00e1raz\u016fm<\/em><\/strong>Odoln\u00e9 v\u016f\u010di vibrac\u00edm a n\u00e1raz\u016fm b\u011bhem p\u0159epravy.<\/li>\n<\/ul>\n<h3><strong>V\u00fdjime\u010dn\u00e1 vizu\u00e1ln\u00ed kvalita<\/strong><\/h3>\n<ul>\n<li><em><strong>Rezoluce <a href=\"https:\/\/www.telaled.com\/cs\/fabrica\/painel-de-led-hd-serie-tho\/\">Full HD<\/a>\/4K:<\/strong><\/em> Ostr\u00fd a \u017eiv\u00fd obraz pro jasn\u00e9 sd\u011blen\u00ed.<\/li>\n<li><em><strong>Jas 4000 nit\u016f:<\/strong><\/em> Viditeln\u00e9 i na p\u0159\u00edm\u00e9m slunci.<\/li>\n<li><em><strong>\u0160irok\u00e9 zorn\u00e9 pole:<\/strong><\/em> Viditeln\u00e9 z jak\u00e9hokoli sm\u011bru.<\/li>\n<\/ul>\n<h3><strong>Kompletn\u00ed p\u0159izp\u016fsobivost<\/strong><\/h3>\n<ul>\n<li><strong><em>Flexibiln\u00ed a zak\u0159iven\u00e9:<\/em><\/strong> P\u0159izp\u016fsoben\u00ed pro jak\u00fdkoli povrch.<\/li>\n<li><em><strong>Modul\u00e1rn\u00ed konstrukce:<\/strong><\/em> \u0160k\u00e1lovateln\u00e9 na jakoukoli velikost obrazovky.<\/li>\n<li><em><strong>Pln\u011b p\u0159izp\u016fsobiteln\u00e9:<\/strong><\/em> Upravte jas, barvu a kontrast podle libovoln\u00e9ho nastaven\u00ed.<\/li>\n<\/ul>\n<h3><strong>Komplexn\u00ed podpora<\/strong><\/h3>\n<ul>\n<li><em><strong>Odborn\u00e1 podpora k dispozici 24 hodin denn\u011b, 7 dn\u00ed v t\u00fddnu.<\/strong> <\/em>Udr\u017eujte sv\u016fj syst\u00e9m v bezprobl\u00e9mov\u00e9m chodu.<\/li>\n<li><em><strong>N\u00e1hradn\u00ed d\u00edly 5%:<\/strong><\/em> Zvy\u0161te spolehlivost a minimalizujte prostoje.<\/li>\n<li><strong><em>3let\u00e1 z\u00e1ruka:<\/em> <\/strong>Zaru\u010den\u00fd v\u00fdkon a klid.<\/li>\n<li><em><strong>Kompletn\u00ed ochrana:<\/strong> <\/em>Chra\u0148te sv\u00e9 investice.<\/li>\n<\/ul>\n<h2>Detaily produktu<\/h2>\n<div class=\"row\"  id=\"row-893278279\">\n\n\t<div id=\"col-1867478703\" class=\"col medium-10 small-12 large-10\"  >\n\t\t\t\t<div class=\"col-inner text-left\"  >\n\t\t\t\n\t\t\t\n<ul>\n<li>Vysoce v\u00fdkonn\u00e9 PU lepidlo pou\u017eit\u00e9 v tomto produktu nab\u00edz\u00ed vynikaj\u00edc\u00ed ochranu proti \u017eivotn\u00edmu prost\u0159ed\u00ed a tepelnou odolnost. Je netoxick\u00e9, odoln\u00e9 v\u016f\u010di \u017eloutnut\u00ed a zaji\u0161\u0165uje silnou p\u0159ilnavost, kter\u00e1 se efektivn\u011b integruje s LED p\u00e1skem. Po zpracov\u00e1n\u00ed dosahuje flexibiln\u00ed LED obrazovka pro n\u00e1kladn\u00ed automobily stupn\u011b kryt\u00ed IP67 pro odolnost proti vod\u011b a prachu, co\u017e poskytuje spolehlivou ochranu vnit\u0159n\u00edch sou\u010d\u00e1st\u00ed.<\/li>\n<\/ul>\n\t<div class=\"img has-hover x md-x lg-x y md-y lg-y\" id=\"image_279695381\">\n\t\t\t\t\t\t\t\t<div class=\"img-inner dark\" >\n\t\t\t<img loading=\"lazy\" decoding=\"async\" width=\"800\" height=\"500\" src=\"https:\/\/www.telaled.com\/wp-content\/uploads\/2025\/11\/A-prova-de-poeira-e-agua-brinque-sem-preocupacoes.webp\" class=\"attachment-original size-original\" alt=\"Prachot\u011bsn\u00e9 a vodot\u011bsn\u00e9, hrajte bez obav.\" srcset=\"https:\/\/www.telaled.com\/wp-content\/uploads\/2025\/11\/A-prova-de-poeira-e-agua-brinque-sem-preocupacoes.webp 800w, https:\/\/www.telaled.com\/wp-content\/uploads\/2025\/11\/A-prova-de-poeira-e-agua-brinque-sem-preocupacoes-300x188.webp 300w, https:\/\/www.telaled.com\/wp-content\/uploads\/2025\/11\/A-prova-de-poeira-e-agua-brinque-sem-preocupacoes-768x480.webp 768w, https:\/\/www.telaled.com\/wp-content\/uploads\/2025\/11\/A-prova-de-poeira-e-agua-brinque-sem-preocupacoes-18x12.webp 18w, https:\/\/www.telaled.com\/wp-content\/uploads\/2025\/11\/A-prova-de-poeira-e-agua-brinque-sem-preocupacoes-600x375.webp 600w\" sizes=\"auto, (max-width: 800px) 100vw, 800px\" \/>\t\t\t\t\t\t\n\t\t\t\t\t<\/div>\n\t\t\t\t\t\t\t\t\n<style>\n#image_279695381 {\n  width: 80%;\n}\n<\/style>\n\t<\/div>\n\t\n<ul>\n<li>Je flexibiln\u00ed a skl\u00e1dac\u00ed, lze jej dle pot\u0159eby oh\u00fdbat nebo skl\u00e1dat, co\u017e ho \u010din\u00ed vysoce p\u0159enosn\u00fdm a snadno p\u0159enosn\u00fdm. Pro dlouhodob\u00e9 skladov\u00e1n\u00ed je d\u016fle\u017eit\u00e9 um\u00edstit panel obrazovkou dovnit\u0159 a nepokl\u00e1dat na n\u011bj t\u011b\u017ek\u00e9 p\u0159edm\u011bty, aby se zachovala jeho celistvost.<\/li>\n<\/ul>\n\t<div class=\"img has-hover x md-x lg-x y md-y lg-y\" id=\"image_2074377172\">\n\t\t\t\t\t\t\t\t<div class=\"img-inner dark\" >\n\t\t\t<img loading=\"lazy\" decoding=\"async\" width=\"800\" height=\"500\" src=\"https:\/\/www.telaled.com\/wp-content\/uploads\/2025\/11\/macio-e-dobravel.webp\" class=\"attachment-large size-large\" alt=\"m\u011bkk\u00e9 a skl\u00e1dac\u00ed\" srcset=\"https:\/\/www.telaled.com\/wp-content\/uploads\/2025\/11\/macio-e-dobravel.webp 800w, https:\/\/www.telaled.com\/wp-content\/uploads\/2025\/11\/macio-e-dobravel-300x188.webp 300w, https:\/\/www.telaled.com\/wp-content\/uploads\/2025\/11\/macio-e-dobravel-768x480.webp 768w, https:\/\/www.telaled.com\/wp-content\/uploads\/2025\/11\/macio-e-dobravel-18x12.webp 18w, https:\/\/www.telaled.com\/wp-content\/uploads\/2025\/11\/macio-e-dobravel-600x375.webp 600w\" sizes=\"auto, (max-width: 800px) 100vw, 800px\" \/>\t\t\t\t\t\t\n\t\t\t\t\t<\/div>\n\t\t\t\t\t\t\t\t\n<style>\n#image_2074377172 {\n  width: 80%;\n}\n<\/style>\n\t<\/div>\n\t\n<ul>\n<li>V\u00fdrazn\u011b v\u011bt\u0161\u00ed a s \u0161ir\u0161\u00edm displejem. Zv\u011bt\u0161en\u00e1 velikost zlep\u0161uje hern\u00ed i div\u00e1ck\u00fd z\u00e1\u017eitek, tak\u017ee je ide\u00e1ln\u00ed pro v\u011bt\u0161\u00ed prostory. P\u0159i pohledu z d\u00e1lky se st\u00e1v\u00e1 poutav\u011bj\u0161\u00edm a v\u00fdhodn\u011bj\u0161\u00edm a nab\u00edz\u00ed pohlcuj\u00edc\u00ed a poutav\u011bj\u0161\u00ed vizu\u00e1ln\u00ed z\u00e1\u017eitek.<\/li>\n<\/ul>\n\t<div class=\"img has-hover x md-x lg-x y md-y lg-y\" id=\"image_1281161909\">\n\t\t\t\t\t\t\t\t<div class=\"img-inner dark\" >\n\t\t\t<img loading=\"lazy\" decoding=\"async\" width=\"800\" height=\"500\" src=\"https:\/\/www.telaled.com\/wp-content\/uploads\/2025\/11\/Tela-enorme-totalmente-ampliada.webp\" class=\"attachment-large size-large\" alt=\"Obrovsk\u00e1, pln\u011b zv\u011bt\u0161en\u00e1 obrazovka\" srcset=\"https:\/\/www.telaled.com\/wp-content\/uploads\/2025\/11\/Tela-enorme-totalmente-ampliada.webp 800w, https:\/\/www.telaled.com\/wp-content\/uploads\/2025\/11\/Tela-enorme-totalmente-ampliada-300x188.webp 300w, https:\/\/www.telaled.com\/wp-content\/uploads\/2025\/11\/Tela-enorme-totalmente-ampliada-768x480.webp 768w, https:\/\/www.telaled.com\/wp-content\/uploads\/2025\/11\/Tela-enorme-totalmente-ampliada-18x12.webp 18w, https:\/\/www.telaled.com\/wp-content\/uploads\/2025\/11\/Tela-enorme-totalmente-ampliada-600x375.webp 600w\" sizes=\"auto, (max-width: 800px) 100vw, 800px\" \/>\t\t\t\t\t\t\n\t\t\t\t\t<\/div>\n\t\t\t\t\t\t\t\t\n<style>\n#image_1281161909 {\n  width: 80%;\n}\n<\/style>\n\t<\/div>\n\t\n<ul>\n<li>P\u0159izp\u016fsob\u00ed se zak\u0159iven\u00ed zadn\u00edho okna jak\u00e9hokoli vozidla a nab\u00edz\u00ed jasn\u011bj\u0161\u00ed a \u010dist\u0161\u00ed v\u00fdhled. \u0158e\u0161\u00ed b\u011b\u017en\u00fd probl\u00e9m s kompatibilitou mezi r\u016fzn\u00fdmi modely, tak\u017ee je ide\u00e1ln\u00ed pro n\u00e1kladn\u00ed automobily, osobn\u00ed vozy, SUV a mnoho dal\u0161\u00edch.<\/li>\n<\/ul>\n\t<div class=\"img has-hover x md-x lg-x y md-y lg-y\" id=\"image_1879307608\">\n\t\t\t\t\t\t\t\t<div class=\"img-inner dark\" >\n\t\t\t<img loading=\"lazy\" decoding=\"async\" width=\"800\" height=\"500\" src=\"https:\/\/www.telaled.com\/wp-content\/uploads\/2025\/11\/Ajuste-flexivel-e-universal-para-todos-os-tipos-de-veiculos.webp\" class=\"attachment-large size-large\" alt=\"Flexibiln\u00ed a univerz\u00e1ln\u00ed nastaven\u00ed pro v\u0161echny typy vozidel.\" srcset=\"https:\/\/www.telaled.com\/wp-content\/uploads\/2025\/11\/Ajuste-flexivel-e-universal-para-todos-os-tipos-de-veiculos.webp 800w, https:\/\/www.telaled.com\/wp-content\/uploads\/2025\/11\/Ajuste-flexivel-e-universal-para-todos-os-tipos-de-veiculos-300x188.webp 300w, https:\/\/www.telaled.com\/wp-content\/uploads\/2025\/11\/Ajuste-flexivel-e-universal-para-todos-os-tipos-de-veiculos-768x480.webp 768w, https:\/\/www.telaled.com\/wp-content\/uploads\/2025\/11\/Ajuste-flexivel-e-universal-para-todos-os-tipos-de-veiculos-18x12.webp 18w, https:\/\/www.telaled.com\/wp-content\/uploads\/2025\/11\/Ajuste-flexivel-e-universal-para-todos-os-tipos-de-veiculos-600x375.webp 600w\" sizes=\"auto, (max-width: 800px) 100vw, 800px\" \/>\t\t\t\t\t\t\n\t\t\t\t\t<\/div>\n\t\t\t\t\t\t\t\t\n<style>\n#image_1879307608 {\n  width: 80%;\n}\n<\/style>\n\t<\/div>\n\t\n\t\t<\/div>\n\t\t\t\t\t<\/div>\n\n\t\n<\/div>\n\t\t<\/div>\n\t\t\t\t\t<\/div>\n\n\t\n<\/div>","protected":false},"excerpt":{"rendered":"<div><strong>Flexibiln\u00ed LED obrazovka pro n\u00e1kladn\u00ed automobily: chytr\u00e9, vodot\u011bsn\u00e9 a pln\u011b programovateln\u00e9 \u0159e\u0161en\u00ed displeje.<\/strong><\/div>\n<div><\/div>\n<div>Tento flexibiln\u00ed LED displej do auta nab\u00edz\u00ed dynamick\u00fd zp\u016fsob zobrazov\u00e1n\u00ed zpr\u00e1v, varov\u00e1n\u00ed, ozn\u00e1men\u00ed nebo vlastn\u00edch animac\u00ed na silnici. D\u00edky ovl\u00e1d\u00e1n\u00ed p\u0159es aplikaci Bluetooth a vodot\u011bsn\u00e9mu proveden\u00ed je navr\u017een pro mobiln\u00ed pou\u017eit\u00ed za ka\u017ed\u00e9ho po\u010das\u00ed a j\u00edzdn\u00edch podm\u00ednek.<\/div>\n<div><\/div>\n<div><strong>Hlavn\u00ed vlastnosti:<\/strong><\/div>\n<ul>\n<li><strong>Chytr\u00e9 ovl\u00e1d\u00e1n\u00ed pomoc\u00ed aplikace pro aktualizace v re\u00e1ln\u00e9m \u010dase:<\/strong> Zm\u011b\u0148te obsah okam\u017eit\u011b p\u0159es Bluetooth pomoc\u00ed aplikace. <a href=\"https:\/\/www.telaled.com\/cs\/painel-de-led-outdoor-movel\/\">mobiln\u00ed<\/a>; Zm\u011b\u0148te text, obr\u00e1zky, animace nebo nahrajte vlastn\u00ed obr\u00e1zky. Z\u00edskejte p\u0159\u00edstup k r\u016fzn\u00fdm p\u0159ednastaven\u00fdm re\u017eim\u016fm, jako jsou varovn\u00e9 sign\u00e1ly nebo speci\u00e1ln\u00ed sv\u011bteln\u00e9 efekty, ani\u017e byste se museli dot\u00fdkat obrazovky.<\/li>\n<li><strong>Pln\u011b programovateln\u00e1 obrazovka:<\/strong> Vytvo\u0159te rolovac\u00ed text, GIFy nebo vlastn\u00ed obr\u00e1zky p\u0159izp\u016fsoben\u00e9 situaci. Ide\u00e1ln\u00ed pro reklamu, ozn\u00e1men\u00ed, dopravn\u00ed upozorn\u011bn\u00ed nebo pos\u00edlen\u00ed va\u0161\u00ed zna\u010dky, kdy\u017e je n\u00e1kladn\u00ed v\u016fz v pohybu.<\/li>\n<li><strong>Flexibiln\u00ed, odoln\u00fd a s kryt\u00edm IP67:<\/strong> Vyrobeno z m\u011bkk\u00e9ho polymerov\u00e9ho LED panelu, kter\u00fd se snadno skl\u00e1d\u00e1 a oh\u00fdb\u00e1 pro p\u0159epravu nebo skladov\u00e1n\u00ed. Prachot\u011bsn\u00fd a vodot\u011bsn\u00fd povrch s kryt\u00edm IP67 zaji\u0161\u0165uje spolehliv\u00fd v\u00fdkon ve venkovn\u00edm prost\u0159ed\u00ed a za n\u00e1ro\u010dn\u00fdch pov\u011btrnostn\u00edch podm\u00ednek.<\/li>\n<\/ul>","protected":false},"featured_media":5490,"template":"","meta":[],"product_brand":[],"product_cat":[50,48,40,44],"product_tag":[],"class_list":{"0":"post-5483","1":"product","2":"type-product","3":"status-publish","4":"has-post-thumbnail","6":"product_cat-aluguel-de-painel-de-led","7":"product_cat-paineis-personalizados","8":"product_cat-painel-de-led","9":"product_cat-painel-de-led-flexivel","11":"first","12":"instock","13":"shipping-taxable","14":"product-type-simple"},"yoast_head":"<!-- This site is optimized with the Yoast SEO plugin v27.4 - https:\/\/yoast.com\/product\/yoast-seo-wordpress\/ -->\n<title>Tela de LED flex\u00edvel para Caminh\u00e3o | Solu\u00e7\u00f5es de publicidade m\u00f3vel | TELALED<\/title>\n<meta name=\"description\" content=\"Tela de LED flex\u00edvel para caminh\u00e3o, com controle por aplicativo Bluetooth, painel de LED male\u00e1vel e dobr\u00e1vel, texto personalizado, \u00edcones e anima\u00e7\u00f5es para uso em dispositivos m\u00f3veis. Solicite um or\u00e7amento agora!\" \/>\n<meta name=\"robots\" content=\"index, follow, max-snippet:-1, max-image-preview:large, max-video-preview:-1\" \/>\n<link rel=\"canonical\" href=\"https:\/\/www.telaled.com\/cs\/fabrica\/tela-de-led-flexivel-para-caminhao\/\" \/>\n<meta property=\"og:locale\" content=\"cs_CZ\" \/>\n<meta property=\"og:type\" content=\"article\" \/>\n<meta property=\"og:title\" content=\"Tela de LED flex\u00edvel para Caminh\u00e3o | Solu\u00e7\u00f5es de publicidade m\u00f3vel | TELALED\" \/>\n<meta property=\"og:description\" content=\"Tela de LED flex\u00edvel para caminh\u00e3o, com controle por aplicativo Bluetooth, painel de LED male\u00e1vel e dobr\u00e1vel, texto personalizado, \u00edcones e anima\u00e7\u00f5es para uso em dispositivos m\u00f3veis. Solicite um or\u00e7amento agora!\" \/>\n<meta property=\"og:url\" content=\"https:\/\/www.telaled.com\/cs\/fabrica\/tela-de-led-flexivel-para-caminhao\/\" \/>\n<meta property=\"og:site_name\" content=\"TELALED\" \/>\n<meta property=\"article:modified_time\" content=\"2026-01-11T05:45:03+00:00\" \/>\n<meta property=\"og:image\" content=\"https:\/\/www.telaled.com\/wp-content\/uploads\/2025\/11\/Tela-de-LED-flexivel-para-Caminhao.webp\" \/>\n\t<meta property=\"og:image:width\" content=\"500\" \/>\n\t<meta property=\"og:image:height\" content=\"500\" \/>\n\t<meta property=\"og:image:type\" content=\"image\/webp\" \/>\n<meta name=\"twitter:card\" content=\"summary_large_image\" \/>\n<meta name=\"twitter:label1\" content=\"Est. reading time\" \/>\n\t<meta name=\"twitter:data1\" content=\"3 minuty\" \/>\n<script type=\"application\/ld+json\" class=\"yoast-schema-graph\">{\"@context\":\"https:\\\/\\\/schema.org\",\"@graph\":[{\"@type\":\"WebPage\",\"@id\":\"https:\\\/\\\/www.telaled.com\\\/fabrica\\\/tela-de-led-flexivel-para-caminhao\\\/\",\"url\":\"https:\\\/\\\/www.telaled.com\\\/fabrica\\\/tela-de-led-flexivel-para-caminhao\\\/\",\"name\":\"Tela de LED flex\u00edvel para Caminh\u00e3o | Solu\u00e7\u00f5es de publicidade m\u00f3vel | TELALED\",\"isPartOf\":{\"@id\":\"https:\\\/\\\/www.telaled.com\\\/#website\"},\"primaryImageOfPage\":{\"@id\":\"https:\\\/\\\/www.telaled.com\\\/fabrica\\\/tela-de-led-flexivel-para-caminhao\\\/#primaryimage\"},\"image\":{\"@id\":\"https:\\\/\\\/www.telaled.com\\\/fabrica\\\/tela-de-led-flexivel-para-caminhao\\\/#primaryimage\"},\"thumbnailUrl\":\"https:\\\/\\\/www.telaled.com\\\/wp-content\\\/uploads\\\/2025\\\/11\\\/Tela-de-LED-flexivel-para-Caminhao.webp\",\"datePublished\":\"2025-11-13T09:51:41+00:00\",\"dateModified\":\"2026-01-11T05:45:03+00:00\",\"description\":\"Tela de LED flex\u00edvel para caminh\u00e3o, com controle por aplicativo Bluetooth, painel de LED male\u00e1vel e dobr\u00e1vel, texto personalizado, \u00edcones e anima\u00e7\u00f5es para uso em dispositivos m\u00f3veis. Solicite um or\u00e7amento agora!\",\"breadcrumb\":{\"@id\":\"https:\\\/\\\/www.telaled.com\\\/fabrica\\\/tela-de-led-flexivel-para-caminhao\\\/#breadcrumb\"},\"inLanguage\":\"cs\",\"potentialAction\":[{\"@type\":\"ReadAction\",\"target\":[\"https:\\\/\\\/www.telaled.com\\\/fabrica\\\/tela-de-led-flexivel-para-caminhao\\\/\"]}]},{\"@type\":\"ImageObject\",\"inLanguage\":\"cs\",\"@id\":\"https:\\\/\\\/www.telaled.com\\\/fabrica\\\/tela-de-led-flexivel-para-caminhao\\\/#primaryimage\",\"url\":\"https:\\\/\\\/www.telaled.com\\\/wp-content\\\/uploads\\\/2025\\\/11\\\/Tela-de-LED-flexivel-para-Caminhao.webp\",\"contentUrl\":\"https:\\\/\\\/www.telaled.com\\\/wp-content\\\/uploads\\\/2025\\\/11\\\/Tela-de-LED-flexivel-para-Caminhao.webp\",\"width\":500,\"height\":500,\"caption\":\"Tela-de-LED-flex\u00edvel-para-Caminh\u00e3o\"},{\"@type\":\"BreadcrumbList\",\"@id\":\"https:\\\/\\\/www.telaled.com\\\/fabrica\\\/tela-de-led-flexivel-para-caminhao\\\/#breadcrumb\",\"itemListElement\":[{\"@type\":\"ListItem\",\"position\":1,\"name\":\"Home\",\"item\":\"https:\\\/\\\/www.telaled.com\\\/\"},{\"@type\":\"ListItem\",\"position\":2,\"name\":\"Produtos\",\"item\":\"https:\\\/\\\/www.telaled.com\\\/shop\\\/\"},{\"@type\":\"ListItem\",\"position\":3,\"name\":\"Tela de LED flex\u00edvel para Caminh\u00e3o\"}]},{\"@type\":\"WebSite\",\"@id\":\"https:\\\/\\\/www.telaled.com\\\/#website\",\"url\":\"https:\\\/\\\/www.telaled.com\\\/\",\"name\":\"TELALED\",\"description\":\"\",\"potentialAction\":[{\"@type\":\"SearchAction\",\"target\":{\"@type\":\"EntryPoint\",\"urlTemplate\":\"https:\\\/\\\/www.telaled.com\\\/?s={search_term_string}\"},\"query-input\":{\"@type\":\"PropertyValueSpecification\",\"valueRequired\":true,\"valueName\":\"search_term_string\"}}],\"inLanguage\":\"cs\"}]}<\/script>\n<!-- \/ Yoast SEO plugin. -->","yoast_head_json":{"title":"Flexibiln\u00ed LED obrazovka pro n\u00e1kladn\u00ed automobily | Mobiln\u00ed reklamn\u00ed \u0159e\u0161en\u00ed | TELALED","description":"Flexibiln\u00ed LED displej pro n\u00e1kladn\u00ed automobily s ovl\u00e1d\u00e1n\u00edm p\u0159es Bluetooth aplikaci, tv\u00e1rn\u00fdm a skl\u00e1dac\u00edm LED panelem, p\u0159izp\u016fsobiteln\u00fdm textem, ikonami a animacemi pro pou\u017eit\u00ed na mobiln\u00edch za\u0159\u00edzen\u00edch. Vy\u017e\u00e1dejte si cenovou nab\u00eddku!","robots":{"index":"index","follow":"follow","max-snippet":"max-snippet:-1","max-image-preview":"max-image-preview:large","max-video-preview":"max-video-preview:-1"},"canonical":"https:\/\/www.telaled.com\/cs\/fabrica\/tela-de-led-flexivel-para-caminhao\/","og_locale":"cs_CZ","og_type":"article","og_title":"Tela de LED flex\u00edvel para Caminh\u00e3o | Solu\u00e7\u00f5es de publicidade m\u00f3vel | TELALED","og_description":"Tela de LED flex\u00edvel para caminh\u00e3o, com controle por aplicativo Bluetooth, painel de LED male\u00e1vel e dobr\u00e1vel, texto personalizado, \u00edcones e anima\u00e7\u00f5es para uso em dispositivos m\u00f3veis. Solicite um or\u00e7amento agora!","og_url":"https:\/\/www.telaled.com\/cs\/fabrica\/tela-de-led-flexivel-para-caminhao\/","og_site_name":"TELALED","article_modified_time":"2026-01-11T05:45:03+00:00","og_image":[{"width":500,"height":500,"url":"https:\/\/www.telaled.com\/wp-content\/uploads\/2025\/11\/Tela-de-LED-flexivel-para-Caminhao.webp","type":"image\/webp"}],"twitter_card":"summary_large_image","twitter_misc":{"Est. reading time":"3 minuty"},"schema":{"@context":"https:\/\/schema.org","@graph":[{"@type":"WebPage","@id":"https:\/\/www.telaled.com\/fabrica\/tela-de-led-flexivel-para-caminhao\/","url":"https:\/\/www.telaled.com\/fabrica\/tela-de-led-flexivel-para-caminhao\/","name":"Flexibiln\u00ed LED obrazovka pro n\u00e1kladn\u00ed automobily | Mobiln\u00ed reklamn\u00ed \u0159e\u0161en\u00ed | TELALED","isPartOf":{"@id":"https:\/\/www.telaled.com\/#website"},"primaryImageOfPage":{"@id":"https:\/\/www.telaled.com\/fabrica\/tela-de-led-flexivel-para-caminhao\/#primaryimage"},"image":{"@id":"https:\/\/www.telaled.com\/fabrica\/tela-de-led-flexivel-para-caminhao\/#primaryimage"},"thumbnailUrl":"https:\/\/www.telaled.com\/wp-content\/uploads\/2025\/11\/Tela-de-LED-flexivel-para-Caminhao.webp","datePublished":"2025-11-13T09:51:41+00:00","dateModified":"2026-01-11T05:45:03+00:00","description":"Flexibiln\u00ed LED displej pro n\u00e1kladn\u00ed automobily s ovl\u00e1d\u00e1n\u00edm p\u0159es Bluetooth aplikaci, tv\u00e1rn\u00fdm a skl\u00e1dac\u00edm LED panelem, p\u0159izp\u016fsobiteln\u00fdm textem, ikonami a animacemi pro pou\u017eit\u00ed na mobiln\u00edch za\u0159\u00edzen\u00edch. Vy\u017e\u00e1dejte si cenovou nab\u00eddku!","breadcrumb":{"@id":"https:\/\/www.telaled.com\/fabrica\/tela-de-led-flexivel-para-caminhao\/#breadcrumb"},"inLanguage":"cs","potentialAction":[{"@type":"ReadAction","target":["https:\/\/www.telaled.com\/fabrica\/tela-de-led-flexivel-para-caminhao\/"]}]},{"@type":"ImageObject","inLanguage":"cs","@id":"https:\/\/www.telaled.com\/fabrica\/tela-de-led-flexivel-para-caminhao\/#primaryimage","url":"https:\/\/www.telaled.com\/wp-content\/uploads\/2025\/11\/Tela-de-LED-flexivel-para-Caminhao.webp","contentUrl":"https:\/\/www.telaled.com\/wp-content\/uploads\/2025\/11\/Tela-de-LED-flexivel-para-Caminhao.webp","width":500,"height":500,"caption":"Tela-de-LED-flex\u00edvel-para-Caminh\u00e3o"},{"@type":"BreadcrumbList","@id":"https:\/\/www.telaled.com\/fabrica\/tela-de-led-flexivel-para-caminhao\/#breadcrumb","itemListElement":[{"@type":"ListItem","position":1,"name":"Home","item":"https:\/\/www.telaled.com\/"},{"@type":"ListItem","position":2,"name":"Produtos","item":"https:\/\/www.telaled.com\/shop\/"},{"@type":"ListItem","position":3,"name":"Tela de LED flex\u00edvel para Caminh\u00e3o"}]},{"@type":"WebSite","@id":"https:\/\/www.telaled.com\/#website","url":"https:\/\/www.telaled.com\/","name":"LED obrazovka","description":"","potentialAction":[{"@type":"SearchAction","target":{"@type":"EntryPoint","urlTemplate":"https:\/\/www.telaled.com\/?s={search_term_string}"},"query-input":{"@type":"PropertyValueSpecification","valueRequired":true,"valueName":"search_term_string"}}],"inLanguage":"cs"}]}},"_links":{"self":[{"href":"https:\/\/www.telaled.com\/cs\/wp-json\/wp\/v2\/product\/5483","targetHints":{"allow":["GET"]}}],"collection":[{"href":"https:\/\/www.telaled.com\/cs\/wp-json\/wp\/v2\/product"}],"about":[{"href":"https:\/\/www.telaled.com\/cs\/wp-json\/wp\/v2\/types\/product"}],"wp:featuredmedia":[{"embeddable":true,"href":"https:\/\/www.telaled.com\/cs\/wp-json\/wp\/v2\/media\/5490"}],"wp:attachment":[{"href":"https:\/\/www.telaled.com\/cs\/wp-json\/wp\/v2\/media?parent=5483"}],"wp:term":[{"taxonomy":"product_brand","embeddable":true,"href":"https:\/\/www.telaled.com\/cs\/wp-json\/wp\/v2\/product_brand?post=5483"},{"taxonomy":"product_cat","embeddable":true,"href":"https:\/\/www.telaled.com\/cs\/wp-json\/wp\/v2\/product_cat?post=5483"},{"taxonomy":"product_tag","embeddable":true,"href":"https:\/\/www.telaled.com\/cs\/wp-json\/wp\/v2\/product_tag?post=5483"}],"curies":[{"name":"wp","href":"https:\/\/api.w.org\/{rel}","templated":true}]}}