{"id":3971,"date":"2025-10-09T13:35:49","date_gmt":"2025-10-09T13:35:49","guid":{"rendered":"https:\/\/www.telaled.com\/?post_type=product&#038;p=3971"},"modified":"2026-01-07T00:52:28","modified_gmt":"2026-01-07T00:52:28","slug":"cronometro-digital-para-basquete-serie-teg","status":"publish","type":"product","link":"https:\/\/www.telaled.com\/cs\/fabrica\/cronometro-digital-para-basquete-serie-teg\/","title":{"rendered":"Digit\u00e1ln\u00ed basketbalov\u00e9 stopky \u0159ady TEG"},"content":{"rendered":"<div class=\"row\"  id=\"row-455009480\">\n\n\t<div id=\"col-890854357\" class=\"col small-12 large-12\"  >\n\t\t\t\t<div class=\"col-inner\"  >\n\t\t\t\n\t\t\t\n<h2><strong>Jedine\u010dn\u00e9 v\u00fdhody digit\u00e1ln\u00edch basketbalov\u00fdch stopek \u0159ady TEG<\/strong><\/h2>\n<h3><strong>Technologie inteligentn\u00edho \u0159\u00edzen\u00ed<\/strong><\/h3>\n<ul>\n<li>Vybaven pokro\u010dil\u00fdm \u0159\u00eddic\u00edm \u010dipem, kter\u00fd udr\u017euje p\u0159esnost \u010dasov\u00e1n\u00ed a rychlou odezvu sign\u00e1lu.<\/li>\n<li>Zabra\u0148uje provozn\u00edm zpo\u017ed\u011bn\u00edm a zaji\u0161\u0165uje stabiln\u00ed v\u00fdkon po celou dobu hry.<\/li>\n<li>Navr\u017eeno pro nep\u0159etr\u017eit\u00fd provoz bez p\u0159eh\u0159\u00edv\u00e1n\u00ed nebo syst\u00e9mov\u00fdch chyb.<\/li>\n<\/ul>\n<h3><strong>Robustn\u00ed hlin\u00edkov\u00e1 konstrukce<\/strong><\/h3>\n<ul>\n<li>Vyrobeno z vysoce pevn\u00e9ho hlin\u00edkov\u00e9ho pouzdra, kter\u00e9 odol\u00e1v\u00e1 n\u00e1raz\u016fm a korozi.<\/li>\n<li>Chr\u00e1n\u00ed vnit\u0159n\u00ed obvody p\u0159ed po\u0161kozen\u00edm b\u011bhem \u010dast\u00e9 p\u0159epravy nebo instalace.<\/li>\n<li>Kombinuje n\u00edzkou hmotnost a p\u0159enosnost s dlouhou \u017eivotnost\u00ed.<\/li>\n<\/ul>\n<h3><strong>Syst\u00e9m nastaviteln\u00e9ho jasu<\/strong><\/h3>\n<ul>\n<li>Automaticky upravuje jas LED diod na z\u00e1klad\u011b okoln\u00edho osv\u011btlen\u00ed.<\/li>\n<li>Zlep\u0161uje viditelnost ve vnit\u0159n\u00edm i \u010d\u00e1ste\u010dn\u011b venkovn\u00edm prost\u0159ed\u00ed.<\/li>\n<li><a href=\"https:\/\/www.telaled.com\/cs\/entendendo-o-consumo-de-energia-painel-de-led-quao-eficientes-sao-os-displays-de-led-modernos\/\">Spot\u0159eba energie<\/a> Zmen\u0161en\u00e1 velikost p\u0159i zachov\u00e1n\u00ed ostr\u00e9 kvality zobrazen\u00ed.<\/li>\n<\/ul>\n<h3><strong>Dlouhotrvaj\u00edc\u00ed baterie a flexibilita nap\u00e1jen\u00ed.<\/strong><\/h3>\n<ul>\n<li>Podporuje p\u0159\u00edm\u00e9 nap\u00e1jen\u00ed p\u0159es konektor a provoz na baterie pro nep\u0159eru\u0161ovan\u00fd provoz.<\/li>\n<li>Energeticky \u00fasporn\u00e1 konstrukce prodlu\u017euje dobu provozu mezi jednotliv\u00fdmi nabit\u00edmi.<\/li>\n<li>Ide\u00e1ln\u00ed pro p\u0159enosn\u00e9 instalace nebo m\u00edsta s omezen\u00fdm p\u0159\u00edstupem k nap\u00e1jen\u00ed.<\/li>\n<\/ul>\n<h2><strong>Detaily produktu<\/strong><\/h2>\n<div class=\"row\"  id=\"row-1508893137\">\n\n\t<div id=\"col-1501653029\" class=\"col medium-10 small-12 large-10\"  >\n\t\t\t\t<div class=\"col-inner text-left\"  >\n\t\t\t\n\t\t\t\n<ul>\n<li><strong>Velikost obrazovky<\/strong> Ten\/Ta\/To<strong> Digit\u00e1ln\u00ed stopky pro basketbal, \u0159ada TEG<\/strong> M\u011b\u0159\u00ed 80 x 30 cm s digit\u00e1ln\u00ed v\u00fd\u0161kou 13 cm, co\u017e zaji\u0161\u0165uje dobrou viditelnost po cel\u00e9m h\u0159i\u0161ti pro hr\u00e1\u010de i div\u00e1ky.<\/li>\n<\/ul>\n\t<div class=\"img has-hover x md-x lg-x y md-y lg-y\" id=\"image_1366433193\">\n\t\t\t\t\t\t\t\t<div class=\"img-inner dark\" >\n\t\t\t<img loading=\"lazy\" decoding=\"async\" width=\"800\" height=\"800\" src=\"https:\/\/www.telaled.com\/wp-content\/uploads\/2025\/10\/Sizes.webp\" class=\"attachment-large size-large\" alt=\"Velikost digit\u00e1ln\u00edch stopek pro basketbal\" srcset=\"https:\/\/www.telaled.com\/wp-content\/uploads\/2025\/10\/Sizes.webp 800w, https:\/\/www.telaled.com\/wp-content\/uploads\/2025\/10\/Sizes-300x300.webp 300w, https:\/\/www.telaled.com\/wp-content\/uploads\/2025\/10\/Sizes-150x150.webp 150w, https:\/\/www.telaled.com\/wp-content\/uploads\/2025\/10\/Sizes-768x768.webp 768w, https:\/\/www.telaled.com\/wp-content\/uploads\/2025\/10\/Sizes-12x12.webp 12w, https:\/\/www.telaled.com\/wp-content\/uploads\/2025\/10\/Sizes-600x600.webp 600w, https:\/\/www.telaled.com\/wp-content\/uploads\/2025\/10\/Sizes-100x100.webp 100w\" sizes=\"auto, (max-width: 800px) 100vw, 800px\" \/>\t\t\t\t\t\t\n\t\t\t\t\t<\/div>\n\t\t\t\t\t\t\t\t\n<style>\n#image_1366433193 {\n  width: 80%;\n}\n<\/style>\n\t<\/div>\n\t\n<ul>\n<li><strong>Mo\u017enosti barev<\/strong> \u2013 P\u0159izp\u016fsobte si zobrazen\u00ed v\u00fdsledkov\u00e9 tabule \u010derven\u00fdmi, modr\u00fdmi, \u017elut\u00fdmi, zelen\u00fdmi nebo v\u00edcebarevn\u00fdmi LED \u010d\u00edslicemi, kter\u00e9 v\u00e1m umo\u017en\u00ed sladit jej s t\u00e9matem va\u0161eho t\u00fdmu nebo designem m\u00edsta kon\u00e1n\u00ed.<\/li>\n<\/ul>\n\t<div class=\"img has-hover x md-x lg-x y md-y lg-y\" id=\"image_1530921741\">\n\t\t\t\t\t\t\t\t<div class=\"img-inner dark\" >\n\t\t\t<img loading=\"lazy\" decoding=\"async\" width=\"800\" height=\"800\" src=\"https:\/\/www.telaled.com\/wp-content\/uploads\/2025\/10\/Customize.webp\" class=\"attachment-original size-original\" alt=\"\" srcset=\"https:\/\/www.telaled.com\/wp-content\/uploads\/2025\/10\/Customize.webp 800w, https:\/\/www.telaled.com\/wp-content\/uploads\/2025\/10\/Customize-300x300.webp 300w, https:\/\/www.telaled.com\/wp-content\/uploads\/2025\/10\/Customize-150x150.webp 150w, https:\/\/www.telaled.com\/wp-content\/uploads\/2025\/10\/Customize-768x768.webp 768w, https:\/\/www.telaled.com\/wp-content\/uploads\/2025\/10\/Customize-12x12.webp 12w, https:\/\/www.telaled.com\/wp-content\/uploads\/2025\/10\/Customize-600x600.webp 600w, https:\/\/www.telaled.com\/wp-content\/uploads\/2025\/10\/Customize-100x100.webp 100w\" sizes=\"auto, (max-width: 800px) 100vw, 800px\" \/>\t\t\t\t\t\t\n\t\t\t\t\t<\/div>\n\t\t\t\t\t\t\t\t\n<style>\n#image_1530921741 {\n  width: 80%;\n}\n<\/style>\n\t<\/div>\n\t\n<ul>\n<li><strong>\u0160irok\u00e9 uplatn\u011bn\u00ed<\/strong> \u2013 Ide\u00e1ln\u00ed pro basketbalov\u00e9 z\u00e1pasy, tr\u00e9ninkov\u00e1 centra, \u0161koln\u00ed t\u011blocvi\u010dny a kryt\u00e9 sportovn\u00ed ar\u00e9ny, kde poskytuje p\u0159esn\u00e9 m\u011b\u0159en\u00ed \u010dasu a jasn\u00e9 zobrazen\u00ed sk\u00f3re pro ka\u017ed\u00fd z\u00e1pas.<\/li>\n<\/ul>\n\t<div class=\"img has-hover x md-x lg-x y md-y lg-y\" id=\"image_1757252302\">\n\t\t\t\t\t\t\t\t<div class=\"img-inner dark\" >\n\t\t\t<img loading=\"lazy\" decoding=\"async\" width=\"600\" height=\"400\" src=\"https:\/\/www.telaled.com\/wp-content\/uploads\/2025\/10\/Application.webp\" class=\"attachment-large size-large\" alt=\"Aplikace\" srcset=\"https:\/\/www.telaled.com\/wp-content\/uploads\/2025\/10\/Application.webp 600w, https:\/\/www.telaled.com\/wp-content\/uploads\/2025\/10\/Application-300x200.webp 300w, https:\/\/www.telaled.com\/wp-content\/uploads\/2025\/10\/Application-18x12.webp 18w\" sizes=\"auto, (max-width: 600px) 100vw, 600px\" \/>\t\t\t\t\t\t\n\t\t\t\t\t<\/div>\n\t\t\t\t\t\t\t\t\n<style>\n#image_1757252302 {\n  width: 80%;\n}\n<\/style>\n\t<\/div>\n\t\n<ul>\n<li><strong>U\u017eivatelsky p\u0159\u00edv\u011btiv\u00fd design<\/strong> \u2013 Vyzna\u010duje se jednoduch\u00fdm ovl\u00e1dac\u00edm rozhran\u00edm, rychlou dobou odezvy a lehkou konstrukc\u00ed, co\u017e usnad\u0148uje nastaven\u00ed, provoz a skladov\u00e1n\u00ed i pro netechnick\u00e9 u\u017eivatele.<\/li>\n<\/ul>\n\t<div class=\"img has-hover x md-x lg-x y md-y lg-y\" id=\"image_1332732649\">\n\t\t\t\t\t\t\t\t<div class=\"img-inner dark\" >\n\t\t\t<img loading=\"lazy\" decoding=\"async\" width=\"800\" height=\"800\" src=\"https:\/\/www.telaled.com\/wp-content\/uploads\/2025\/10\/User-Friendly.webp\" class=\"attachment-large size-large\" alt=\"\" srcset=\"https:\/\/www.telaled.com\/wp-content\/uploads\/2025\/10\/User-Friendly.webp 800w, https:\/\/www.telaled.com\/wp-content\/uploads\/2025\/10\/User-Friendly-300x300.webp 300w, https:\/\/www.telaled.com\/wp-content\/uploads\/2025\/10\/User-Friendly-150x150.webp 150w, https:\/\/www.telaled.com\/wp-content\/uploads\/2025\/10\/User-Friendly-768x768.webp 768w, https:\/\/www.telaled.com\/wp-content\/uploads\/2025\/10\/User-Friendly-12x12.webp 12w, https:\/\/www.telaled.com\/wp-content\/uploads\/2025\/10\/User-Friendly-600x600.webp 600w, https:\/\/www.telaled.com\/wp-content\/uploads\/2025\/10\/User-Friendly-100x100.webp 100w\" sizes=\"auto, (max-width: 800px) 100vw, 800px\" \/>\t\t\t\t\t\t\n\t\t\t\t\t<\/div>\n\t\t\t\t\t\t\t\t\n<style>\n#image_1332732649 {\n  width: 80%;\n}\n<\/style>\n\t<\/div>\n\t\n<ul>\n<li>Ka\u017ed\u00fd <strong>Digit\u00e1ln\u00ed basketbalov\u00e9 stopky \u0159ady TEG<\/strong> Je baleno v pevn\u00fdch, vyztu\u017een\u00fdch d\u0159ev\u011bn\u00fdch bedn\u00e1ch, kter\u00e9 vydr\u017e\u00ed p\u0159epravu na dlouh\u00e9 vzd\u00e1lenosti. Ka\u017ed\u00e1 jednotka je pevn\u011b zaji\u0161t\u011bna, aby se zabr\u00e1nilo n\u00e1raz\u016fm nebo po\u0161kozen\u00ed zp\u016fsoben\u00e9mu \u0161k\u016fdci, a je tak zaji\u0161t\u011bno, \u017ee doraz\u00ed v perfektn\u00edm stavu a p\u0159ipravena k pou\u017eit\u00ed.<\/li>\n<\/ul>\n\t<div class=\"img has-hover x md-x lg-x y md-y lg-y\" id=\"image_1955622372\">\n\t\t\t\t\t\t\t\t<div class=\"img-inner dark\" >\n\t\t\t<img loading=\"lazy\" decoding=\"async\" width=\"760\" height=\"1024\" src=\"https:\/\/www.telaled.com\/wp-content\/uploads\/2025\/08\/36123f2c-de60-488d-af81-255cd4aee54a-760x1024.webp\" class=\"attachment-large size-large\" alt=\"\" srcset=\"https:\/\/www.telaled.com\/wp-content\/uploads\/2025\/08\/36123f2c-de60-488d-af81-255cd4aee54a-760x1024.webp 760w, https:\/\/www.telaled.com\/wp-content\/uploads\/2025\/08\/36123f2c-de60-488d-af81-255cd4aee54a-223x300.webp 223w, https:\/\/www.telaled.com\/wp-content\/uploads\/2025\/08\/36123f2c-de60-488d-af81-255cd4aee54a-768x1035.webp 768w, https:\/\/www.telaled.com\/wp-content\/uploads\/2025\/08\/36123f2c-de60-488d-af81-255cd4aee54a-9x12.webp 9w, https:\/\/www.telaled.com\/wp-content\/uploads\/2025\/08\/36123f2c-de60-488d-af81-255cd4aee54a-600x808.webp 600w, https:\/\/www.telaled.com\/wp-content\/uploads\/2025\/08\/36123f2c-de60-488d-af81-255cd4aee54a.webp 795w\" sizes=\"auto, (max-width: 760px) 100vw, 760px\" \/>\t\t\t\t\t\t\n\t\t\t\t\t<\/div>\n\t\t\t\t\t\t\t\t\n<style>\n#image_1955622372 {\n  width: 80%;\n}\n<\/style>\n\t<\/div>\n\t\n\n<table id=\"tablepress-103\" class=\"tablepress tablepress-id-103\">\n<thead>\n<tr class=\"row-1\">\n\t<th colspan=\"4\" class=\"column-1\">Popis produktu<\/th>\n<\/tr>\n<\/thead>\n<tbody class=\"row-striping row-hover\">\n<tr class=\"row-2\">\n\t<td class=\"column-1\">Specifikace<\/td><td class=\"column-2\">Digit\u00e1ln\u00ed basketbalov\u00e9 stopky \u0159ady TEG<\/td><td class=\"column-3\"><\/td><td class=\"column-4\"><\/td>\n<\/tr>\n<tr class=\"row-3\">\n\t<td class=\"column-1\">Barva LED diody<\/td><td class=\"column-2\">V\u00edcebarevn\u00fd<\/td><td class=\"column-3\"><\/td><td class=\"column-4\"><\/td>\n<\/tr>\n<tr class=\"row-4\">\n\t<td class=\"column-1\">V\u00fd\u0161ka \u010d\u00edslic<\/td><td class=\"column-2\">5 palc\u016f<\/td><td class=\"column-3\"><\/td><td class=\"column-4\"><\/td>\n<\/tr>\n<tr class=\"row-5\">\n\t<td class=\"column-1\">Dimenze<\/td><td class=\"column-2\">800x300x60 mm (31,4x11,8x2,7 palce)<\/td><td class=\"column-3\"><\/td><td class=\"column-4\"><\/td>\n<\/tr>\n<tr class=\"row-6\">\n\t<td class=\"column-1\">Operace<\/td><td class=\"column-2\">Infra\u010derven\u00e9 d\u00e1lkov\u00e9 ovl\u00e1d\u00e1n\u00ed<\/td><td class=\"column-3\"><\/td><td class=\"column-4\"><\/td>\n<\/tr>\n<tr class=\"row-7\">\n\t<td class=\"column-1\">Moc<\/td><td class=\"column-2\">AC 110 V\u2013240 V DC 5 V 2 A (pro ka\u017edou zemi jsou k dispozici r\u016fzn\u00e9 z\u00e1str\u010dky)<\/td><td class=\"column-3\"><\/td><td class=\"column-4\"><\/td>\n<\/tr>\n<tr class=\"row-8\">\n\t<td class=\"column-1\">V\u011bc<\/td><td class=\"column-2\">Odoln\u00fd r\u00e1m z hlin\u00edkov\u00e9 slitiny, antireflexn\u00ed akryl\u00e1tov\u00e9 \u010do\u010dky.<\/td><td class=\"column-3\"><\/td><td class=\"column-4\"><\/td>\n<\/tr>\n<tr class=\"row-9\">\n\t<td class=\"column-1\">Hmotnost<\/td><td class=\"column-2\">3,9 kg<\/td><td class=\"column-3\"><\/td><td class=\"column-4\"><\/td>\n<\/tr>\n<tr class=\"row-10\">\n\t<td class=\"column-1\">Funkce<\/td><td class=\"column-2\">Zobrazen\u00ed sk\u00f3re, odpo\u010d\u00edt\u00e1v\u00e1n\u00ed\/po\u010d\u00edt\u00e1v\u00e1n\u00ed MM:SS<\/td><td class=\"column-3\"><\/td><td class=\"column-4\"><\/td>\n<\/tr>\n<tr class=\"row-11\">\n\t<td class=\"column-1\">Zdroj<\/td><td class=\"column-2\">Podporuje nap\u00e1jen\u00ed pomoc\u00ed p\u0159enosn\u00e9 nab\u00edje\u010dky nebo dob\u00edjec\u00ed baterie.<br \/>\nNastaven\u00ed jasu v 5 \u00farovn\u00edch.<br \/>\n\u010casova\u010d lze namontovat p\u0159\u00edmo na ze\u010f nebo um\u00edstit na st\u016fl.<\/td><td class=\"column-3\"><\/td><td class=\"column-4\"><\/td>\n<\/tr>\n<\/tbody>\n<\/table>\n\n\t\t<\/div>\n\t\t\t\t\t<\/div>\n\n\t\n<\/div>\n\t\t<\/div>\n\t\t\t\t\t<\/div>\n\n\t\n<\/div>","protected":false},"excerpt":{"rendered":"<p><strong>Digit\u00e1ln\u00ed basketbalov\u00e9 stopky \u0159ady TEG \u2013 Zjednodu\u0161en\u00e9 a p\u0159esn\u00e9 m\u011b\u0159en\u00ed \u010dasu<\/strong><\/p>\n<p>O <em><strong>Digit\u00e1ln\u00ed basketbalov\u00e9 stopky \u0159ady TEG<\/strong><\/em> Poskytuje p\u0159esn\u00e9 a snadno \u010diteln\u00e9 v\u00fdsledky basketbalu a dal\u0161\u00edch sport\u016f. Jeho jasn\u00fd LED displej, n\u011bkolik re\u017eim\u016f sk\u00f3rov\u00e1n\u00ed a p\u0159enosn\u00fd design ho \u010din\u00ed ide\u00e1ln\u00edm pro \u0161koly, <a href=\"https:\/\/www.telaled.com\/cs\/cronometro-academia\/\">t\u011blocvi\u010dny<\/a> a \u0161kolic\u00edch st\u0159edisek.<\/p>\n<p><strong>Hlavn\u00ed v\u00fdhody:<\/strong><\/p>\n<ul>\n<li><strong>Bezdr\u00e1tov\u00e9 ovl\u00e1d\u00e1n\u00ed s velk\u00fdm dosahem<\/strong> Spravujte sk\u00f3re a \u010das na d\u00e1lku pomoc\u00ed ovl\u00e1dac\u00ed konzole pro v\u011bt\u0161\u00ed pohodl\u00ed.<\/li>\n<li><strong>P\u0159esn\u00e9 na\u010dasov\u00e1n\u00ed<\/strong> \u2013 Sledujte z\u00e1pasy p\u0159esn\u011b, abyste zachovali f\u00e9rovou a profesion\u00e1ln\u00ed hru.<\/li>\n<li><strong>Rychl\u00e9 nastaven\u00ed a provoz<\/strong> P\u0159enosn\u00fd a snadno pou\u017eiteln\u00fd, nastav\u00edte ho b\u011bhem n\u011bkolika minut, bez nutnosti jak\u00fdchkoli technick\u00fdch znalost\u00ed.<\/li>\n<li><strong>Odoln\u00e9 a spolehliv\u00e9<\/strong> \u2013 Vyrobeno z vysoce kvalitn\u00edch materi\u00e1l\u016f pro zaji\u0161t\u011bn\u00ed konzistentn\u00edho v\u00fdkonu a dlouh\u00e9 \u017eivotnosti.<\/li>\n<\/ul>\n<p><span style=\"font-weight: 400;\">N\u00e1\u0161 t\u00fdm nab\u00edz\u00ed nep\u0159etr\u017eitou vzd\u00e1lenou podporu a 3letou z\u00e1ruku. Kontaktujte n\u00e1s je\u0161t\u011b dnes a z\u00edskejte individu\u00e1ln\u00ed cenovou nab\u00eddku.<\/span><\/p>","protected":false},"featured_media":3975,"template":"","meta":[],"product_brand":[],"product_cat":[48,40,44,46],"product_tag":[],"class_list":{"0":"post-3971","1":"product","2":"type-product","3":"status-publish","4":"has-post-thumbnail","6":"product_cat-paineis-personalizados","7":"product_cat-painel-de-led","8":"product_cat-painel-de-led-flexivel","9":"product_cat-painel-de-video","11":"first","12":"instock","13":"shipping-taxable","14":"product-type-simple"},"yoast_head":"<!-- This site is optimized with the Yoast SEO plugin v27.4 - https:\/\/yoast.com\/product\/yoast-seo-wordpress\/ -->\n<title>Cronometro Digital Para Basquete S\u00e9rie TEG | TELALED<\/title>\n<meta name=\"description\" content=\"Melhore seu jogo com um cronometro digital para basquete. Placar LED multifuncional com visor n\u00edtido e design dur\u00e1vel para qualquer arena esportiva.\" \/>\n<meta name=\"robots\" content=\"index, follow, max-snippet:-1, max-image-preview:large, max-video-preview:-1\" \/>\n<link rel=\"canonical\" href=\"https:\/\/www.telaled.com\/cs\/fabrica\/cronometro-digital-para-basquete-serie-teg\/\" \/>\n<meta property=\"og:locale\" content=\"cs_CZ\" \/>\n<meta property=\"og:type\" content=\"article\" \/>\n<meta property=\"og:title\" content=\"Cronometro Digital Para Basquete S\u00e9rie TEG | TELALED\" \/>\n<meta property=\"og:description\" content=\"Melhore seu jogo com um cronometro digital para basquete. Placar LED multifuncional com visor n\u00edtido e design dur\u00e1vel para qualquer arena esportiva.\" \/>\n<meta property=\"og:url\" content=\"https:\/\/www.telaled.com\/cs\/fabrica\/cronometro-digital-para-basquete-serie-teg\/\" \/>\n<meta property=\"og:site_name\" content=\"TELALED\" \/>\n<meta property=\"article:modified_time\" content=\"2026-01-07T00:52:28+00:00\" \/>\n<meta property=\"og:image\" content=\"https:\/\/www.telaled.com\/wp-content\/uploads\/2025\/10\/Digital-basketball-timer.webp\" \/>\n\t<meta property=\"og:image:width\" content=\"500\" \/>\n\t<meta property=\"og:image:height\" content=\"500\" \/>\n\t<meta property=\"og:image:type\" content=\"image\/webp\" \/>\n<meta name=\"twitter:card\" content=\"summary_large_image\" \/>\n<meta name=\"twitter:label1\" content=\"Est. reading time\" \/>\n\t<meta name=\"twitter:data1\" content=\"3 minuty\" \/>\n<script type=\"application\/ld+json\" class=\"yoast-schema-graph\">{\"@context\":\"https:\\\/\\\/schema.org\",\"@graph\":[{\"@type\":\"WebPage\",\"@id\":\"https:\\\/\\\/www.telaled.com\\\/fabrica\\\/cronometro-digital-para-basquete-serie-teg\\\/\",\"url\":\"https:\\\/\\\/www.telaled.com\\\/fabrica\\\/cronometro-digital-para-basquete-serie-teg\\\/\",\"name\":\"Cronometro Digital Para Basquete S\u00e9rie TEG | TELALED\",\"isPartOf\":{\"@id\":\"https:\\\/\\\/www.telaled.com\\\/#website\"},\"primaryImageOfPage\":{\"@id\":\"https:\\\/\\\/www.telaled.com\\\/fabrica\\\/cronometro-digital-para-basquete-serie-teg\\\/#primaryimage\"},\"image\":{\"@id\":\"https:\\\/\\\/www.telaled.com\\\/fabrica\\\/cronometro-digital-para-basquete-serie-teg\\\/#primaryimage\"},\"thumbnailUrl\":\"https:\\\/\\\/www.telaled.com\\\/wp-content\\\/uploads\\\/2025\\\/10\\\/Digital-basketball-timer.webp\",\"datePublished\":\"2025-10-09T13:35:49+00:00\",\"dateModified\":\"2026-01-07T00:52:28+00:00\",\"description\":\"Melhore seu jogo com um cronometro digital para basquete. Placar LED multifuncional com visor n\u00edtido e design dur\u00e1vel para qualquer arena esportiva.\",\"breadcrumb\":{\"@id\":\"https:\\\/\\\/www.telaled.com\\\/fabrica\\\/cronometro-digital-para-basquete-serie-teg\\\/#breadcrumb\"},\"inLanguage\":\"cs\",\"potentialAction\":[{\"@type\":\"ReadAction\",\"target\":[\"https:\\\/\\\/www.telaled.com\\\/fabrica\\\/cronometro-digital-para-basquete-serie-teg\\\/\"]}]},{\"@type\":\"ImageObject\",\"inLanguage\":\"cs\",\"@id\":\"https:\\\/\\\/www.telaled.com\\\/fabrica\\\/cronometro-digital-para-basquete-serie-teg\\\/#primaryimage\",\"url\":\"https:\\\/\\\/www.telaled.com\\\/wp-content\\\/uploads\\\/2025\\\/10\\\/Digital-basketball-timer.webp\",\"contentUrl\":\"https:\\\/\\\/www.telaled.com\\\/wp-content\\\/uploads\\\/2025\\\/10\\\/Digital-basketball-timer.webp\",\"width\":500,\"height\":500,\"caption\":\"Cronometro digital para basquete\"},{\"@type\":\"BreadcrumbList\",\"@id\":\"https:\\\/\\\/www.telaled.com\\\/fabrica\\\/cronometro-digital-para-basquete-serie-teg\\\/#breadcrumb\",\"itemListElement\":[{\"@type\":\"ListItem\",\"position\":1,\"name\":\"Home\",\"item\":\"https:\\\/\\\/www.telaled.com\\\/\"},{\"@type\":\"ListItem\",\"position\":2,\"name\":\"Produtos\",\"item\":\"https:\\\/\\\/www.telaled.com\\\/shop\\\/\"},{\"@type\":\"ListItem\",\"position\":3,\"name\":\"Cronometro Digital Para Basquete S\u00e9rie TEG\"}]},{\"@type\":\"WebSite\",\"@id\":\"https:\\\/\\\/www.telaled.com\\\/#website\",\"url\":\"https:\\\/\\\/www.telaled.com\\\/\",\"name\":\"TELALED\",\"description\":\"\",\"potentialAction\":[{\"@type\":\"SearchAction\",\"target\":{\"@type\":\"EntryPoint\",\"urlTemplate\":\"https:\\\/\\\/www.telaled.com\\\/?s={search_term_string}\"},\"query-input\":{\"@type\":\"PropertyValueSpecification\",\"valueRequired\":true,\"valueName\":\"search_term_string\"}}],\"inLanguage\":\"cs\"}]}<\/script>\n<!-- \/ Yoast SEO plugin. -->","yoast_head_json":{"title":"Digit\u00e1ln\u00ed basketbalov\u00e9 stopky \u0159ady TEG | TELALED","description":"Vylep\u0161ete si hru s digit\u00e1ln\u00edm basketbalov\u00fdm \u010dasova\u010dem. Multifunk\u010dn\u00ed LED v\u00fdsledkov\u00e1 tabule s p\u0159ehledn\u00fdm displejem a odoln\u00fdm designem pro jakoukoli sportovn\u00ed ar\u00e9nu.","robots":{"index":"index","follow":"follow","max-snippet":"max-snippet:-1","max-image-preview":"max-image-preview:large","max-video-preview":"max-video-preview:-1"},"canonical":"https:\/\/www.telaled.com\/cs\/fabrica\/cronometro-digital-para-basquete-serie-teg\/","og_locale":"cs_CZ","og_type":"article","og_title":"Cronometro Digital Para Basquete S\u00e9rie TEG | TELALED","og_description":"Melhore seu jogo com um cronometro digital para basquete. Placar LED multifuncional com visor n\u00edtido e design dur\u00e1vel para qualquer arena esportiva.","og_url":"https:\/\/www.telaled.com\/cs\/fabrica\/cronometro-digital-para-basquete-serie-teg\/","og_site_name":"TELALED","article_modified_time":"2026-01-07T00:52:28+00:00","og_image":[{"width":500,"height":500,"url":"https:\/\/www.telaled.com\/wp-content\/uploads\/2025\/10\/Digital-basketball-timer.webp","type":"image\/webp"}],"twitter_card":"summary_large_image","twitter_misc":{"Est. reading time":"3 minuty"},"schema":{"@context":"https:\/\/schema.org","@graph":[{"@type":"WebPage","@id":"https:\/\/www.telaled.com\/fabrica\/cronometro-digital-para-basquete-serie-teg\/","url":"https:\/\/www.telaled.com\/fabrica\/cronometro-digital-para-basquete-serie-teg\/","name":"Digit\u00e1ln\u00ed basketbalov\u00e9 stopky \u0159ady TEG | TELALED","isPartOf":{"@id":"https:\/\/www.telaled.com\/#website"},"primaryImageOfPage":{"@id":"https:\/\/www.telaled.com\/fabrica\/cronometro-digital-para-basquete-serie-teg\/#primaryimage"},"image":{"@id":"https:\/\/www.telaled.com\/fabrica\/cronometro-digital-para-basquete-serie-teg\/#primaryimage"},"thumbnailUrl":"https:\/\/www.telaled.com\/wp-content\/uploads\/2025\/10\/Digital-basketball-timer.webp","datePublished":"2025-10-09T13:35:49+00:00","dateModified":"2026-01-07T00:52:28+00:00","description":"Vylep\u0161ete si hru s digit\u00e1ln\u00edm basketbalov\u00fdm \u010dasova\u010dem. Multifunk\u010dn\u00ed LED v\u00fdsledkov\u00e1 tabule s p\u0159ehledn\u00fdm displejem a odoln\u00fdm designem pro jakoukoli sportovn\u00ed ar\u00e9nu.","breadcrumb":{"@id":"https:\/\/www.telaled.com\/fabrica\/cronometro-digital-para-basquete-serie-teg\/#breadcrumb"},"inLanguage":"cs","potentialAction":[{"@type":"ReadAction","target":["https:\/\/www.telaled.com\/fabrica\/cronometro-digital-para-basquete-serie-teg\/"]}]},{"@type":"ImageObject","inLanguage":"cs","@id":"https:\/\/www.telaled.com\/fabrica\/cronometro-digital-para-basquete-serie-teg\/#primaryimage","url":"https:\/\/www.telaled.com\/wp-content\/uploads\/2025\/10\/Digital-basketball-timer.webp","contentUrl":"https:\/\/www.telaled.com\/wp-content\/uploads\/2025\/10\/Digital-basketball-timer.webp","width":500,"height":500,"caption":"Cronometro digital para basquete"},{"@type":"BreadcrumbList","@id":"https:\/\/www.telaled.com\/fabrica\/cronometro-digital-para-basquete-serie-teg\/#breadcrumb","itemListElement":[{"@type":"ListItem","position":1,"name":"Home","item":"https:\/\/www.telaled.com\/"},{"@type":"ListItem","position":2,"name":"Produtos","item":"https:\/\/www.telaled.com\/shop\/"},{"@type":"ListItem","position":3,"name":"Cronometro Digital Para Basquete S\u00e9rie TEG"}]},{"@type":"WebSite","@id":"https:\/\/www.telaled.com\/#website","url":"https:\/\/www.telaled.com\/","name":"LED obrazovka","description":"","potentialAction":[{"@type":"SearchAction","target":{"@type":"EntryPoint","urlTemplate":"https:\/\/www.telaled.com\/?s={search_term_string}"},"query-input":{"@type":"PropertyValueSpecification","valueRequired":true,"valueName":"search_term_string"}}],"inLanguage":"cs"}]}},"_links":{"self":[{"href":"https:\/\/www.telaled.com\/cs\/wp-json\/wp\/v2\/product\/3971","targetHints":{"allow":["GET"]}}],"collection":[{"href":"https:\/\/www.telaled.com\/cs\/wp-json\/wp\/v2\/product"}],"about":[{"href":"https:\/\/www.telaled.com\/cs\/wp-json\/wp\/v2\/types\/product"}],"wp:featuredmedia":[{"embeddable":true,"href":"https:\/\/www.telaled.com\/cs\/wp-json\/wp\/v2\/media\/3975"}],"wp:attachment":[{"href":"https:\/\/www.telaled.com\/cs\/wp-json\/wp\/v2\/media?parent=3971"}],"wp:term":[{"taxonomy":"product_brand","embeddable":true,"href":"https:\/\/www.telaled.com\/cs\/wp-json\/wp\/v2\/product_brand?post=3971"},{"taxonomy":"product_cat","embeddable":true,"href":"https:\/\/www.telaled.com\/cs\/wp-json\/wp\/v2\/product_cat?post=3971"},{"taxonomy":"product_tag","embeddable":true,"href":"https:\/\/www.telaled.com\/cs\/wp-json\/wp\/v2\/product_tag?post=3971"}],"curies":[{"name":"wp","href":"https:\/\/api.w.org\/{rel}","templated":true}]}}