{"id":3928,"date":"2025-10-09T02:28:13","date_gmt":"2025-10-09T02:28:13","guid":{"rendered":"https:\/\/www.telaled.com\/?post_type=product&#038;p=3928"},"modified":"2026-01-07T01:14:05","modified_gmt":"2026-01-07T01:14:05","slug":"electronic-gym-scoreboard-serie-tei","status":"publish","type":"product","link":"https:\/\/www.telaled.com\/cs\/fabrica\/electronic-gym-scoreboard-serie-tei\/","title":{"rendered":"Elektronick\u00e1 v\u00fdsledkov\u00e1 tabule do posilovny \u0159ady TEI"},"content":{"rendered":"<div class=\"row\"  id=\"row-1497437953\">\n\n\t<div id=\"col-1141432771\" class=\"col small-12 large-12\"  >\n\t\t\t\t<div class=\"col-inner\"  >\n\t\t\t\n\t\t\t\n<h2>Elektronick\u00e1 v\u00fdsledkov\u00e1 tabule do posilovny \u0159ady TEI<\/h2>\n<h3><strong>Vynikaj\u00edc\u00ed odolnost<\/strong><\/h3>\n<ul>\n<li>\u017delezn\u00e9 pouzdro s kryt\u00edm IP65, odoln\u00e9 v\u016f\u010di prachu, de\u0161ti a teplu.<\/li>\n<li>Konstrukce o rozm\u011brech 960 \u00d7 960 mm a hmotnosti 40 kg zaji\u0161\u0165uje stabilitu pohybliv\u00fdch schod\u016f.<\/li>\n<li>LED diody <a href=\"https:\/\/www.telaled.com\/cs\/led-smd\/\">SMD<\/a> Baterie 1G1R1B vydr\u017e\u00ed v\u00edce ne\u017e 100 000 hodin.<\/li>\n<li>D\u00edly odoln\u00e9 proti korozi s \u00fa\u010dinn\u00fdm chlazen\u00edm.<\/li>\n<\/ul>\n<h3><strong>V\u00fdjime\u010dn\u00e1 vizu\u00e1ln\u00ed kvalita<\/strong><\/h3>\n<ul>\n<li>Rozte\u010d pixel\u016f 4 mm a hustota 62 500 bod\u016f\/m\u00b2 pro ostr\u00e9 detaily.<\/li>\n<li>Jas 5 000 a\u017e 7 000 nit\u016f pro viditelnost na slunci.<\/li>\n<li>Kontrastn\u00ed pom\u011br 10 000:1 s 68,7 miliardami barev.<\/li>\n<li>Obnovovac\u00ed frekvence 1920\u20133840 Hz pro plynul\u00e9 video.<\/li>\n<\/ul>\n<h3><strong>Kompletn\u00ed p\u0159izp\u016fsobivost<\/strong><\/h3>\n<ul>\n<li>Podpora SDK pro aktualizace a vzd\u00e1len\u00e9 ovl\u00e1d\u00e1n\u00ed.<\/li>\n<li>\u0160irok\u00e9 pozorovac\u00ed \u00fahly 140\u00b0 zaji\u0161\u0165uj\u00ed ostr\u00fd obraz.<\/li>\n<li>Modul\u00e1rn\u00ed panely o rozm\u011brech 250\u00d7250 mm pro snadnou instalaci.<\/li>\n<li>Ide\u00e1ln\u00ed pro n\u00e1kladn\u00ed automobily, n\u00e1kupn\u00ed centra, leti\u0161t\u011b a akce.<\/li>\n<\/ul>\n<h3><strong>Komplexn\u00ed podpora<\/strong><\/h3>\n<ul>\n<li>Specializovan\u00e1 technick\u00e1 podpora 24 hodin denn\u011b, 7 dn\u00ed v t\u00fddnu; z\u00edskejte spolehlivou pomoc kdykoli a kdekoli s na\u0161\u00edm t\u00fdmem vzd\u00e1len\u00e9 podpory, kter\u00fd je k dispozici 24 hodin denn\u011b, 7 dn\u00ed v t\u00fddnu.<\/li>\n<li>N\u00e1hradn\u00ed d\u00edly nav\u00edc pro 5%: ka\u017ed\u00e1 objedn\u00e1vka obsahuje dal\u0161\u00ed n\u00e1hradn\u00ed komponenty, co\u017e zaji\u0161\u0165uje v\u011bt\u0161\u00ed spolehlivost a d\u00e1v\u00e1 v\u00e1m v\u011bt\u0161\u00ed klid.<\/li>\n<li>U\u017eijte si dlouhotrvaj\u00edc\u00ed v\u00fdkon a spolehliv\u00fd servis s 3letou prodlou\u017eenou z\u00e1rukou pro maxim\u00e1ln\u00ed ochranu.<\/li>\n<\/ul>\n<h2>Detaily produktu<\/h2>\n<div class=\"row\"  id=\"row-1796270929\">\n\n\t<div id=\"col-652584362\" class=\"col medium-10 small-12 large-10\"  >\n\t\t\t\t<div class=\"col-inner text-left\"  >\n\t\t\t\n\t\t\t\n<ul>\n<li>Po ka\u017ed\u00e9m opakov\u00e1n\u00ed a kole prove\u010fte <em><strong>Elektronick\u00e1 v\u00fdsledkov\u00e1 tabule v posilovn\u011b<\/strong><\/em>. D\u00edky jasn\u011b zelen\u00e9mu ukazateli pr\u016fb\u011bhu a LED odpo\u010d\u00edt\u00e1v\u00e1n\u00ed slou\u017e\u00ed jako v\u00e1\u0161 osobn\u00ed tren\u00e9r a pom\u00e1h\u00e1 v\u00e1m sledovat intervaly, doby odpo\u010dinku a celkov\u00fd \u010das tr\u00e9ninku. Tyto chytr\u00e9 stopky v\u00e1m umo\u017e\u0148uj\u00ed rychle sledovat v\u00e1\u0161 tr\u00e9ninkov\u00fd postup a udr\u017eovat ka\u017edou lekci organizovanou a efektivn\u00ed.<\/li>\n<\/ul>\n\t<div class=\"img has-hover x md-x lg-x y md-y lg-y\" id=\"image_1514574570\">\n\t\t\t\t\t\t\t\t<div class=\"img-inner dark\" >\n\t\t\t<img loading=\"lazy\" decoding=\"async\" width=\"970\" height=\"600\" src=\"https:\/\/www.telaled.com\/wp-content\/uploads\/2025\/10\/Electronic-gym-scoreboard7.jpg\" class=\"attachment-original size-original\" alt=\"Elektronick\u00e1 v\u00fdsledkov\u00e1 tabule v t\u011blocvi\u010dn\u011b7\" srcset=\"https:\/\/www.telaled.com\/wp-content\/uploads\/2025\/10\/Electronic-gym-scoreboard7.jpg 970w, https:\/\/www.telaled.com\/wp-content\/uploads\/2025\/10\/Electronic-gym-scoreboard7-300x186.jpg 300w, https:\/\/www.telaled.com\/wp-content\/uploads\/2025\/10\/Electronic-gym-scoreboard7-768x475.jpg 768w, https:\/\/www.telaled.com\/wp-content\/uploads\/2025\/10\/Electronic-gym-scoreboard7-18x12.jpg 18w, https:\/\/www.telaled.com\/wp-content\/uploads\/2025\/10\/Electronic-gym-scoreboard7-600x371.jpg 600w\" sizes=\"auto, (max-width: 970px) 100vw, 970px\" \/>\t\t\t\t\t\t\n\t\t\t\t\t<\/div>\n\t\t\t\t\t\t\t\t\n<style>\n#image_1514574570 {\n  width: 80%;\n}\n<\/style>\n\t<\/div>\n\t\n<ul>\n<li>Jeden <em><strong>Elektronick\u00e1 v\u00fdsledkov\u00e1 tabule v posilovn\u011b<\/strong><\/em> Zvy\u0161uje bezpe\u010dnost a efektivitu tr\u00e9ninku zobrazen\u00edm jasn\u00fdch LED \u010dasova\u010d\u016f a indik\u00e1tor\u016f pokroku. Pom\u00e1h\u00e1 u\u017eivatel\u016fm sledovat dobu cvi\u010den\u00ed, doby odpo\u010dinku a v\u00fdkon v re\u00e1ln\u00e9m \u010dase. Tren\u00e9\u0159i mohou snadno sledovat pokrok a upravovat rutiny. Ide\u00e1ln\u00ed pro <a href=\"https:\/\/www.telaled.com\/cs\/cronometro-academia\/\">t\u011blocvi\u010dny<\/a> Ve sv\u00fdch studi\u00edch zaru\u010duje organizovan\u00e9, konzistentn\u00ed a efektivn\u00ed tr\u00e9ninky pro v\u0161echny \u00farovn\u011b fyzick\u00e9 zdatnosti.<\/li>\n<\/ul>\n\t<div class=\"img has-hover x md-x lg-x y md-y lg-y\" id=\"image_382644268\">\n\t\t\t\t\t\t\t\t<div class=\"img-inner dark\" >\n\t\t\t<img loading=\"lazy\" decoding=\"async\" width=\"568\" height=\"438\" src=\"https:\/\/www.telaled.com\/wp-content\/uploads\/2025\/10\/Electronic-gym-scoreboard8.webp\" class=\"attachment-large size-large\" alt=\"\" srcset=\"https:\/\/www.telaled.com\/wp-content\/uploads\/2025\/10\/Electronic-gym-scoreboard8.webp 568w, https:\/\/www.telaled.com\/wp-content\/uploads\/2025\/10\/Electronic-gym-scoreboard8-300x231.webp 300w, https:\/\/www.telaled.com\/wp-content\/uploads\/2025\/10\/Electronic-gym-scoreboard8-16x12.webp 16w\" sizes=\"auto, (max-width: 568px) 100vw, 568px\" \/>\t\t\t\t\t\t\n\t\t\t\t\t<\/div>\n\t\t\t\t\t\t\t\t\n<style>\n#image_382644268 {\n  width: 80%;\n}\n<\/style>\n\t<\/div>\n\t\n<ul>\n<li><strong><em>Elektronick\u00e1 v\u00fdsledkov\u00e1 tabule v posilovn\u011b<\/em> \u0158ada TEI<\/strong>\u00a0 Jsou baleny v zes\u00edlen\u00fdch d\u0159ev\u011bn\u00fdch bedn\u00e1ch, kter\u00e9 je chr\u00e1n\u00ed b\u011bhem p\u0159epravy. Ka\u017ed\u00e1 jednotka je bezpe\u010dn\u011b zabalena, aby se zabr\u00e1nilo po\u0161kozen\u00ed \u0161k\u016fdci, n\u00e1razy a dal\u0161\u00edmi nebezpe\u010d\u00edmi. To zaji\u0161\u0165uje trvanlivost a bezpe\u010dn\u00e9 doru\u010den\u00ed.<\/li>\n<\/ul>\n\t<div class=\"img has-hover x md-x lg-x y md-y lg-y\" id=\"image_623257590\">\n\t\t\t\t\t\t\t\t<div class=\"img-inner dark\" >\n\t\t\t<img loading=\"lazy\" decoding=\"async\" width=\"760\" height=\"1024\" src=\"https:\/\/www.telaled.com\/wp-content\/uploads\/2025\/08\/36123f2c-de60-488d-af81-255cd4aee54a-760x1024.webp\" class=\"attachment-large size-large\" alt=\"\" srcset=\"https:\/\/www.telaled.com\/wp-content\/uploads\/2025\/08\/36123f2c-de60-488d-af81-255cd4aee54a-760x1024.webp 760w, https:\/\/www.telaled.com\/wp-content\/uploads\/2025\/08\/36123f2c-de60-488d-af81-255cd4aee54a-223x300.webp 223w, https:\/\/www.telaled.com\/wp-content\/uploads\/2025\/08\/36123f2c-de60-488d-af81-255cd4aee54a-768x1035.webp 768w, https:\/\/www.telaled.com\/wp-content\/uploads\/2025\/08\/36123f2c-de60-488d-af81-255cd4aee54a-9x12.webp 9w, https:\/\/www.telaled.com\/wp-content\/uploads\/2025\/08\/36123f2c-de60-488d-af81-255cd4aee54a-600x808.webp 600w, https:\/\/www.telaled.com\/wp-content\/uploads\/2025\/08\/36123f2c-de60-488d-af81-255cd4aee54a.webp 795w\" sizes=\"auto, (max-width: 760px) 100vw, 760px\" \/>\t\t\t\t\t\t\n\t\t\t\t\t<\/div>\n\t\t\t\t\t\t\t\t\n<style>\n#image_623257590 {\n  width: 80%;\n}\n<\/style>\n\t<\/div>\n\t\n\n<table id=\"tablepress-102\" class=\"tablepress tablepress-id-102\">\n<thead>\n<tr class=\"row-1\">\n\t<th class=\"column-1\">Maxim\u00e1ln\u00ed doba p\u0159\u00edpravy<\/th><th class=\"column-2\">24 hodin<\/th><th class=\"column-3\">Minim\u00e1ln\u00ed doba p\u0159\u00edpravy<\/th><th class=\"column-4\">10 s<\/th>\n<\/tr>\n<\/thead>\n<tbody class=\"row-striping row-hover\">\n<tr class=\"row-2\">\n\t<td class=\"column-1\">Jmenovit\u00e9 nap\u011bt\u00ed<\/td><td class=\"column-2\">220 V<\/td><td class=\"column-3\">\u010c\u00edslo modelu<\/td><td class=\"column-4\">\u0158ada TEI<\/td>\n<\/tr>\n<tr class=\"row-3\">\n\t<td class=\"column-1\">Ozna\u010dit<\/td><td class=\"column-2\">LED obrazovka<\/td><td class=\"column-3\">M\u00edsto p\u016fvodu<\/td><td class=\"column-4\">\u0160en-\u010den, \u010c\u00edna<\/td>\n<\/tr>\n<tr class=\"row-4\">\n\t<td class=\"column-1\">\u0158\u00edzen\u00ed<\/td><td class=\"column-2\">D\u00e1lkov\u00e9 ovl\u00e1d\u00e1n\u00ed<\/td><td class=\"column-3\">Zdroj<\/td><td class=\"column-4\">P\u0159enosn\u00fd<\/td>\n<\/tr>\n<tr class=\"row-5\">\n\t<td class=\"column-1\">Frekvence<\/td><td class=\"column-2\">50 Hz<\/td><td class=\"column-3\">Materi\u00e1l<\/td><td class=\"column-4\">Hlin\u00edkov\u00e1 slitina<\/td>\n<\/tr>\n<tr class=\"row-6\">\n\t<td class=\"column-1\">Teorie<\/td><td class=\"column-2\">Digit\u00e1ln\u00ed<\/td><td class=\"column-3\">Typ<\/td><td class=\"column-4\">Odpo\u010d\u00edt\u00e1vac\u00ed \u010dasova\u010d<\/td>\n<\/tr>\n<tr class=\"row-7\">\n\t<td class=\"column-1\">Aplikace<\/td><td class=\"column-2\">Multifunk\u010dn\u00ed<\/td><td class=\"column-3\">Operace<\/td><td class=\"column-4\">D\u00e1lkov\u00e9 ovl\u00e1d\u00e1n\u00ed<\/td>\n<\/tr>\n<tr class=\"row-8\">\n\t<td class=\"column-1\">V\u00fd\u0161ka znaku<\/td><td class=\"column-2\">4 palce<\/td><td class=\"column-3\">Struktura<\/td><td class=\"column-4\">Hlin\u00edkov\u00e1 slitina<\/td>\n<\/tr>\n<tr class=\"row-9\">\n\t<td class=\"column-1\">N\u00e1zev produktu<\/td><td class=\"column-2\">hodiny, odpo\u010d\u00edt\u00e1v\u00e1n\u00ed\/odpo\u010d\u00edt\u00e1v\u00e1n\u00ed nahoru, stopky, intervalov\u00fd tr\u00e9nink\/odpo\u010dinek<\/td><td class=\"column-3\">Osv\u011bd\u010den\u00ed<\/td><td class=\"column-4\">CE, RoHS<\/td>\n<\/tr>\n<\/tbody>\n<\/table>\n<!-- #tablepress-102 from cache -->\n\t\t<\/div>\n\t\t\t\t\t<\/div>\n\n\t\n<\/div>\n\t\t<\/div>\n\t\t\t\t\t<\/div>\n\n\t\n<\/div>","protected":false},"excerpt":{"rendered":"<p><em><strong>Elektronick\u00e1 v\u00fdsledkov\u00e1 tabule do posilovny \u0159ady TEI<\/strong><\/em> \u2013 Multifunk\u010dn\u00ed LED \u010dasova\u010d a stopky.<\/p>\n<p>O <em><strong>Elektronick\u00e1 v\u00fdsledkov\u00e1 tabule do posilovny \u0159ady TEI<\/strong><\/em>\u00a0Jedn\u00e1 se o digit\u00e1ln\u00ed \u010dasova\u010d na 220 V se 4palcov\u00fdm LED displejem a t\u011blem z hlin\u00edkov\u00e9 slitiny. Podporuje re\u017eimy odpo\u010d\u00edt\u00e1v\u00e1n\u00ed vp\u0159ed, odpo\u010d\u00edt\u00e1v\u00e1n\u00ed zp\u011bt, stopky a intervalov\u00e9 m\u011b\u0159en\u00ed, v\u0161e ovl\u00e1dan\u00e9 d\u00e1lkov\u00fdm ovlada\u010dem.<\/p>\n<p><strong>Hlavn\u00ed vlastnosti:<\/strong><\/p>\n<ul>\n<li><strong>P\u0159esn\u00fd \u010dasov\u00fd rozsah:<\/strong> Nastaviteln\u00e9 od 10 sekund do 24 hodin pro tr\u00e9nink., <a href=\"https:\/\/www.telaled.com\/cs\/telao-de-led-para-eventos\/\">ud\u00e1losti<\/a> nebo pro pr\u016fmyslov\u00e9 pou\u017eit\u00ed.<\/li>\n<li><strong>Jasn\u00fd 4&quot; LED displej:<\/strong> Jasn\u00e9 \u010d\u00edslice zaji\u0161\u0165uj\u00ed viditelnost i v dob\u0159e osv\u011btlen\u00fdch prostor\u00e1ch.<\/li>\n<li><strong>Odoln\u00e9 a pohodln\u00e9:<\/strong> Hlin\u00edkov\u00e9 t\u011blo s d\u00e1lkov\u00fdm ovl\u00e1d\u00e1n\u00edm a spolehlivost\u00ed certifikovanou CE\/RoHS.<\/li>\n<\/ul>\n<p>Na\u0161i odborn\u00edci jsou k dispozici 24 hodin denn\u011b, 7 dn\u00ed v t\u00fddnu, se vzd\u00e1lenou podporou a 3letou z\u00e1rukou na produkt. Vy\u017e\u00e1dejte si je\u0161t\u011b dnes personalizovanou cenovou nab\u00eddku.<\/p>","protected":false},"featured_media":3944,"template":"","meta":[],"product_brand":[],"product_cat":[48,40],"product_tag":[],"class_list":{"0":"post-3928","1":"product","2":"type-product","3":"status-publish","4":"has-post-thumbnail","6":"product_cat-paineis-personalizados","7":"product_cat-painel-de-led","9":"first","10":"instock","11":"shipping-taxable","12":"product-type-simple"},"yoast_head":"<!-- This site is optimized with the Yoast SEO plugin v27.4 - https:\/\/yoast.com\/product\/yoast-seo-wordpress\/ -->\n<title>Electronic Gym Scoreboard S\u00e9rie TEI | Temporizador digital LED para esportes e fitness | TELALED<\/title>\n<meta name=\"description\" content=\"Obtenha o Electronic Gym Scoreboard S\u00e9rie TEI com cron\u00f4metro, contagem regressiva e controle remoto sem fio; ideal para treinos e sess\u00f5es de treino.\" \/>\n<meta name=\"robots\" content=\"index, follow, max-snippet:-1, max-image-preview:large, max-video-preview:-1\" \/>\n<link rel=\"canonical\" href=\"https:\/\/www.telaled.com\/cs\/fabrica\/electronic-gym-scoreboard-serie-tei\/\" \/>\n<meta property=\"og:locale\" content=\"cs_CZ\" \/>\n<meta property=\"og:type\" content=\"article\" \/>\n<meta property=\"og:title\" content=\"Electronic Gym Scoreboard S\u00e9rie TEI | Temporizador digital LED para esportes e fitness | TELALED\" \/>\n<meta property=\"og:description\" content=\"Obtenha o Electronic Gym Scoreboard S\u00e9rie TEI com cron\u00f4metro, contagem regressiva e controle remoto sem fio; ideal para treinos e sess\u00f5es de treino.\" \/>\n<meta property=\"og:url\" content=\"https:\/\/www.telaled.com\/cs\/fabrica\/electronic-gym-scoreboard-serie-tei\/\" \/>\n<meta property=\"og:site_name\" content=\"TELALED\" \/>\n<meta property=\"article:modified_time\" content=\"2026-01-07T01:14:05+00:00\" \/>\n<meta property=\"og:image\" content=\"https:\/\/www.telaled.com\/wp-content\/uploads\/2025\/10\/Electronic-gym-scoreboard.webp\" \/>\n\t<meta property=\"og:image:width\" content=\"500\" \/>\n\t<meta property=\"og:image:height\" content=\"500\" \/>\n\t<meta property=\"og:image:type\" content=\"image\/webp\" \/>\n<meta name=\"twitter:card\" content=\"summary_large_image\" \/>\n<meta name=\"twitter:label1\" content=\"Est. reading time\" \/>\n\t<meta name=\"twitter:data1\" content=\"3 minuty\" \/>\n<script type=\"application\/ld+json\" class=\"yoast-schema-graph\">{\"@context\":\"https:\\\/\\\/schema.org\",\"@graph\":[{\"@type\":\"WebPage\",\"@id\":\"https:\\\/\\\/www.telaled.com\\\/fabrica\\\/electronic-gym-scoreboard-serie-tei\\\/\",\"url\":\"https:\\\/\\\/www.telaled.com\\\/fabrica\\\/electronic-gym-scoreboard-serie-tei\\\/\",\"name\":\"Electronic Gym Scoreboard S\u00e9rie TEI | Temporizador digital LED para esportes e fitness | TELALED\",\"isPartOf\":{\"@id\":\"https:\\\/\\\/www.telaled.com\\\/#website\"},\"primaryImageOfPage\":{\"@id\":\"https:\\\/\\\/www.telaled.com\\\/fabrica\\\/electronic-gym-scoreboard-serie-tei\\\/#primaryimage\"},\"image\":{\"@id\":\"https:\\\/\\\/www.telaled.com\\\/fabrica\\\/electronic-gym-scoreboard-serie-tei\\\/#primaryimage\"},\"thumbnailUrl\":\"https:\\\/\\\/www.telaled.com\\\/wp-content\\\/uploads\\\/2025\\\/10\\\/Electronic-gym-scoreboard.webp\",\"datePublished\":\"2025-10-09T02:28:13+00:00\",\"dateModified\":\"2026-01-07T01:14:05+00:00\",\"description\":\"Obtenha o Electronic Gym Scoreboard S\u00e9rie TEI com cron\u00f4metro, contagem regressiva e controle remoto sem fio; ideal para treinos e sess\u00f5es de treino.\",\"breadcrumb\":{\"@id\":\"https:\\\/\\\/www.telaled.com\\\/fabrica\\\/electronic-gym-scoreboard-serie-tei\\\/#breadcrumb\"},\"inLanguage\":\"cs\",\"potentialAction\":[{\"@type\":\"ReadAction\",\"target\":[\"https:\\\/\\\/www.telaled.com\\\/fabrica\\\/electronic-gym-scoreboard-serie-tei\\\/\"]}]},{\"@type\":\"ImageObject\",\"inLanguage\":\"cs\",\"@id\":\"https:\\\/\\\/www.telaled.com\\\/fabrica\\\/electronic-gym-scoreboard-serie-tei\\\/#primaryimage\",\"url\":\"https:\\\/\\\/www.telaled.com\\\/wp-content\\\/uploads\\\/2025\\\/10\\\/Electronic-gym-scoreboard.webp\",\"contentUrl\":\"https:\\\/\\\/www.telaled.com\\\/wp-content\\\/uploads\\\/2025\\\/10\\\/Electronic-gym-scoreboard.webp\",\"width\":500,\"height\":500,\"caption\":\"Electronic-gym-scoreboard\"},{\"@type\":\"BreadcrumbList\",\"@id\":\"https:\\\/\\\/www.telaled.com\\\/fabrica\\\/electronic-gym-scoreboard-serie-tei\\\/#breadcrumb\",\"itemListElement\":[{\"@type\":\"ListItem\",\"position\":1,\"name\":\"Home\",\"item\":\"https:\\\/\\\/www.telaled.com\\\/\"},{\"@type\":\"ListItem\",\"position\":2,\"name\":\"Produtos\",\"item\":\"https:\\\/\\\/www.telaled.com\\\/shop\\\/\"},{\"@type\":\"ListItem\",\"position\":3,\"name\":\"Electronic Gym Scoreboard S\u00e9rie TEI\"}]},{\"@type\":\"WebSite\",\"@id\":\"https:\\\/\\\/www.telaled.com\\\/#website\",\"url\":\"https:\\\/\\\/www.telaled.com\\\/\",\"name\":\"TELALED\",\"description\":\"\",\"potentialAction\":[{\"@type\":\"SearchAction\",\"target\":{\"@type\":\"EntryPoint\",\"urlTemplate\":\"https:\\\/\\\/www.telaled.com\\\/?s={search_term_string}\"},\"query-input\":{\"@type\":\"PropertyValueSpecification\",\"valueRequired\":true,\"valueName\":\"search_term_string\"}}],\"inLanguage\":\"cs\"}]}<\/script>\n<!-- \/ Yoast SEO plugin. -->","yoast_head_json":{"title":"Elektronick\u00e1 v\u00fdsledkov\u00e1 tabule do posilovny \u0159ady TEI | Digit\u00e1ln\u00ed LED \u010dasova\u010d pro sport a fitness | TELALED","description":"Po\u0159i\u010fte si elektronickou v\u00fdsledkovou tabuli do posilovny \u0159ady TEI se stopkami, odpo\u010d\u00edt\u00e1v\u00e1n\u00edm \u010dasu a bezdr\u00e1tov\u00fdm d\u00e1lkov\u00fdm ovl\u00e1d\u00e1n\u00edm; ide\u00e1ln\u00ed pro cvi\u010den\u00ed a tr\u00e9ninky.","robots":{"index":"index","follow":"follow","max-snippet":"max-snippet:-1","max-image-preview":"max-image-preview:large","max-video-preview":"max-video-preview:-1"},"canonical":"https:\/\/www.telaled.com\/cs\/fabrica\/electronic-gym-scoreboard-serie-tei\/","og_locale":"cs_CZ","og_type":"article","og_title":"Electronic Gym Scoreboard S\u00e9rie TEI | Temporizador digital LED para esportes e fitness | TELALED","og_description":"Obtenha o Electronic Gym Scoreboard S\u00e9rie TEI com cron\u00f4metro, contagem regressiva e controle remoto sem fio; ideal para treinos e sess\u00f5es de treino.","og_url":"https:\/\/www.telaled.com\/cs\/fabrica\/electronic-gym-scoreboard-serie-tei\/","og_site_name":"TELALED","article_modified_time":"2026-01-07T01:14:05+00:00","og_image":[{"width":500,"height":500,"url":"https:\/\/www.telaled.com\/wp-content\/uploads\/2025\/10\/Electronic-gym-scoreboard.webp","type":"image\/webp"}],"twitter_card":"summary_large_image","twitter_misc":{"Est. reading time":"3 minuty"},"schema":{"@context":"https:\/\/schema.org","@graph":[{"@type":"WebPage","@id":"https:\/\/www.telaled.com\/fabrica\/electronic-gym-scoreboard-serie-tei\/","url":"https:\/\/www.telaled.com\/fabrica\/electronic-gym-scoreboard-serie-tei\/","name":"Elektronick\u00e1 v\u00fdsledkov\u00e1 tabule do posilovny \u0159ady TEI | Digit\u00e1ln\u00ed LED \u010dasova\u010d pro sport a fitness | TELALED","isPartOf":{"@id":"https:\/\/www.telaled.com\/#website"},"primaryImageOfPage":{"@id":"https:\/\/www.telaled.com\/fabrica\/electronic-gym-scoreboard-serie-tei\/#primaryimage"},"image":{"@id":"https:\/\/www.telaled.com\/fabrica\/electronic-gym-scoreboard-serie-tei\/#primaryimage"},"thumbnailUrl":"https:\/\/www.telaled.com\/wp-content\/uploads\/2025\/10\/Electronic-gym-scoreboard.webp","datePublished":"2025-10-09T02:28:13+00:00","dateModified":"2026-01-07T01:14:05+00:00","description":"Po\u0159i\u010fte si elektronickou v\u00fdsledkovou tabuli do posilovny \u0159ady TEI se stopkami, odpo\u010d\u00edt\u00e1v\u00e1n\u00edm \u010dasu a bezdr\u00e1tov\u00fdm d\u00e1lkov\u00fdm ovl\u00e1d\u00e1n\u00edm; ide\u00e1ln\u00ed pro cvi\u010den\u00ed a tr\u00e9ninky.","breadcrumb":{"@id":"https:\/\/www.telaled.com\/fabrica\/electronic-gym-scoreboard-serie-tei\/#breadcrumb"},"inLanguage":"cs","potentialAction":[{"@type":"ReadAction","target":["https:\/\/www.telaled.com\/fabrica\/electronic-gym-scoreboard-serie-tei\/"]}]},{"@type":"ImageObject","inLanguage":"cs","@id":"https:\/\/www.telaled.com\/fabrica\/electronic-gym-scoreboard-serie-tei\/#primaryimage","url":"https:\/\/www.telaled.com\/wp-content\/uploads\/2025\/10\/Electronic-gym-scoreboard.webp","contentUrl":"https:\/\/www.telaled.com\/wp-content\/uploads\/2025\/10\/Electronic-gym-scoreboard.webp","width":500,"height":500,"caption":"Electronic-gym-scoreboard"},{"@type":"BreadcrumbList","@id":"https:\/\/www.telaled.com\/fabrica\/electronic-gym-scoreboard-serie-tei\/#breadcrumb","itemListElement":[{"@type":"ListItem","position":1,"name":"Home","item":"https:\/\/www.telaled.com\/"},{"@type":"ListItem","position":2,"name":"Produtos","item":"https:\/\/www.telaled.com\/shop\/"},{"@type":"ListItem","position":3,"name":"Electronic Gym Scoreboard S\u00e9rie TEI"}]},{"@type":"WebSite","@id":"https:\/\/www.telaled.com\/#website","url":"https:\/\/www.telaled.com\/","name":"LED obrazovka","description":"","potentialAction":[{"@type":"SearchAction","target":{"@type":"EntryPoint","urlTemplate":"https:\/\/www.telaled.com\/?s={search_term_string}"},"query-input":{"@type":"PropertyValueSpecification","valueRequired":true,"valueName":"search_term_string"}}],"inLanguage":"cs"}]}},"_links":{"self":[{"href":"https:\/\/www.telaled.com\/cs\/wp-json\/wp\/v2\/product\/3928","targetHints":{"allow":["GET"]}}],"collection":[{"href":"https:\/\/www.telaled.com\/cs\/wp-json\/wp\/v2\/product"}],"about":[{"href":"https:\/\/www.telaled.com\/cs\/wp-json\/wp\/v2\/types\/product"}],"wp:featuredmedia":[{"embeddable":true,"href":"https:\/\/www.telaled.com\/cs\/wp-json\/wp\/v2\/media\/3944"}],"wp:attachment":[{"href":"https:\/\/www.telaled.com\/cs\/wp-json\/wp\/v2\/media?parent=3928"}],"wp:term":[{"taxonomy":"product_brand","embeddable":true,"href":"https:\/\/www.telaled.com\/cs\/wp-json\/wp\/v2\/product_brand?post=3928"},{"taxonomy":"product_cat","embeddable":true,"href":"https:\/\/www.telaled.com\/cs\/wp-json\/wp\/v2\/product_cat?post=3928"},{"taxonomy":"product_tag","embeddable":true,"href":"https:\/\/www.telaled.com\/cs\/wp-json\/wp\/v2\/product_tag?post=3928"}],"curies":[{"name":"wp","href":"https:\/\/api.w.org\/{rel}","templated":true}]}}