{"id":3856,"date":"2025-10-08T02:12:15","date_gmt":"2025-10-08T02:12:15","guid":{"rendered":"https:\/\/www.telaled.com\/?post_type=product&#038;p=3856"},"modified":"2026-01-07T01:00:48","modified_gmt":"2026-01-07T01:00:48","slug":"cronometro-academia-serie-teh","status":"publish","type":"product","link":"https:\/\/www.telaled.com\/cs\/fabrica\/cronometro-academia-serie-teh\/","title":{"rendered":"Stopky do posilovny \u0159ady TEH"},"content":{"rendered":"<div class=\"row\"  id=\"row-1349659129\">\n\n\t<div id=\"col-116772591\" class=\"col small-12 large-12\"  >\n\t\t\t\t<div class=\"col-inner\"  >\n\t\t\t\n\t\t\t\n<h2>Stopky do posilovny \u0159ady TEH<\/h2>\n<h3><strong><span dir=\"auto\" style=\"vertical-align: inherit;\"><span dir=\"auto\" style=\"vertical-align: inherit;\"><span dir=\"auto\" style=\"vertical-align: inherit;\"><span dir=\"auto\" style=\"vertical-align: inherit;\"><span dir=\"auto\" style=\"vertical-align: inherit;\"><span dir=\"auto\" style=\"vertical-align: inherit;\">Vynikaj\u00edc\u00ed odolnost<\/span><\/span><\/span><\/span><\/span><\/span><\/strong><\/h3>\n<ul>\n<li>Vyrobeno z vysoce kvalitn\u00edho hlin\u00edkov\u00e9ho r\u00e1mu, kter\u00fd je odoln\u00fd v\u016f\u010di n\u00e1raz\u016fm, korozi a teplu.<\/li>\n<li>Ut\u011bsn\u011bn\u00fd kryt chr\u00e1n\u00ed obvod p\u0159ed prachem a vlhkost\u00ed a zaji\u0161\u0165uje tak dlouhodobou spolehlivost.<\/li>\n<li>Zes\u00edlen\u00e9 podp\u011bry udr\u017euj\u00ed jednotku stabiln\u00ed p\u0159i mont\u00e1\u017ei na st\u011bny, stropy nebo stativy.<\/li>\n<\/ul>\n<h3><strong><span dir=\"auto\" style=\"vertical-align: inherit;\"><span dir=\"auto\" style=\"vertical-align: inherit;\"><span dir=\"auto\" style=\"vertical-align: inherit;\"><span dir=\"auto\" style=\"vertical-align: inherit;\"><span dir=\"auto\" style=\"vertical-align: inherit;\"><span dir=\"auto\" style=\"vertical-align: inherit;\">V\u00fdjime\u010dn\u00e1 vizu\u00e1ln\u00ed kvalita<\/span><\/span><\/span><\/span><\/span><\/span><\/strong><\/h3>\n<ul>\n<li>Pou\u017e\u00edv\u00e1 vysoce sv\u00edtiv\u00e9 5palcov\u00e9 (12,7 cm) \u010derven\u00e9 a \u017elut\u00e9 LED diody pro viditelnost a\u017e 40 m.<\/li>\n<li>Antireflexn\u00ed akrylov\u00e9 \u010do\u010dky zlep\u0161uj\u00ed kontrast a zabra\u0148uj\u00ed odraz\u016fm sv\u011btla.<\/li>\n<li>Zachov\u00e1v\u00e1 konzistentn\u00ed jas a jednotnost barev i za siln\u00e9ho osv\u011btlen\u00ed.<\/li>\n<\/ul>\n<h3><strong><span dir=\"auto\" style=\"vertical-align: inherit;\"><span dir=\"auto\" style=\"vertical-align: inherit;\"><span dir=\"auto\" style=\"vertical-align: inherit;\"><span dir=\"auto\" style=\"vertical-align: inherit;\"><span dir=\"auto\" style=\"vertical-align: inherit;\"><span dir=\"auto\" style=\"vertical-align: inherit;\">\u00dapln\u00e1 p\u0159izp\u016fsobivost<\/span><\/span><\/span><\/span><\/span><\/span><\/strong><\/h3>\n<ul>\n<li>Provozn\u00ed nap\u011bt\u00ed 110\u2013260 V AC nebo 12 V DC pro vnit\u0159n\u00ed i venkovn\u00ed pou\u017eit\u00ed.<\/li>\n<li>Ovl\u00e1d\u00e1n\u00ed bezdr\u00e1tov\u00fdm d\u00e1lkov\u00fdm ovlada\u010dem nebo aplikac\u00ed pro rychl\u00e9 nastaven\u00ed.<\/li>\n<li>Lze jej snadno namontovat na st\u011bny, stropy nebo stativy pro flexibiln\u00ed pou\u017eit\u00ed v t\u011blocvi\u010dn\u00e1ch nebo na sportovn\u00edch h\u0159i\u0161t\u00edch.<\/li>\n<\/ul>\n<h3><strong><span dir=\"auto\" style=\"vertical-align: inherit;\"><span dir=\"auto\" style=\"vertical-align: inherit;\"><span dir=\"auto\" style=\"vertical-align: inherit;\"><span dir=\"auto\" style=\"vertical-align: inherit;\"><span dir=\"auto\" style=\"vertical-align: inherit;\"><span dir=\"auto\" style=\"vertical-align: inherit;\">Komplexn\u00ed podpora<\/span><\/span><\/span><\/span><\/span><\/span><\/strong><\/h3>\n<ul>\n<li><em><strong>Vzd\u00e1len\u00e1 technick\u00e1 podpora 24 hodin denn\u011b, 7 dn\u00ed v t\u00fddnu:<\/strong><\/em> Z\u00edskejte profesion\u00e1ln\u00ed pomoc, kdykoli ji pot\u0159ebujete. N\u00e1\u0161 specializovan\u00fd t\u00fdm podpory je v\u00e1m k dispozici 24 hodin denn\u011b, 7 dn\u00ed v t\u00fddnu, aby zajistil, \u017ee va\u0161e stopky \u0159ady TEH do posilovny budou fungovat na \u0161pi\u010dkov\u00fd v\u00fdkon bez p\u0159eru\u0161en\u00ed.<\/li>\n<li><em><strong>N\u00e1hradn\u00ed d\u00edly 5% v cen\u011b:<\/strong><\/em> Ka\u017ed\u00e1 jednotka je dod\u00e1v\u00e1na s dal\u0161\u00edmi komponenty pro zv\u00fd\u0161en\u00ed spolehlivosti a minimalizaci prostoj\u016f z d\u016fvodu \u00fadr\u017eby, co\u017e v\u00e1m pom\u016f\u017ee udr\u017eet va\u0161i posilovnu v bezprobl\u00e9mov\u00e9m provozu.<\/li>\n<li><strong><em>3let\u00e1 prodlou\u017een\u00e1 z\u00e1ruka:<\/em><\/strong> U\u017e\u00edvejte si dlouhodobou ochranu a spolehliv\u00fd v\u00fdkon s na\u0161\u00ed prodlou\u017eenou 3letou z\u00e1rukou, kter\u00e1 v\u00e1m poskytne naprost\u00fd klid a konzistentn\u00ed kvalitu slu\u017eeb.<\/li>\n<\/ul>\n<h2><span dir=\"auto\" style=\"vertical-align: inherit;\"><span dir=\"auto\" style=\"vertical-align: inherit;\"><span dir=\"auto\" style=\"vertical-align: inherit;\"><span dir=\"auto\" style=\"vertical-align: inherit;\"><span dir=\"auto\" style=\"vertical-align: inherit;\"><span dir=\"auto\" style=\"vertical-align: inherit;\">Detaily produktu<\/span><\/span><\/span><\/span><\/span><\/span><\/h2>\n<div class=\"row\"  id=\"row-497949346\">\n\n\t<div id=\"col-1438172626\" class=\"col medium-10 small-12 large-10\"  >\n\t\t\t\t<div class=\"col-inner text-left\"  >\n\t\t\t\n\t\t\t\n<ul>\n<li>Jeden <em><strong>Stopky do posilovny \u0159ady TEH<\/strong><\/em> Nab\u00edz\u00ed dlouhodob\u00e9 v\u00fdhody, zlep\u0161uje bezpe\u010dnost, konzistenci a v\u00fdkon. Pom\u00e1h\u00e1 p\u0159edch\u00e1zet zran\u011bn\u00edm d\u00edky dostate\u010dn\u00fdm interval\u016fm odpo\u010dinku a stabiln\u00edmu tempu b\u011bhem tr\u00e9ninku. Tren\u00e9\u0159i mohou snadno sledovat pokrok, upravovat intenzitu a zajistit efektivn\u00ed tr\u00e9ninky. Motivujte klienty k rychlej\u0161\u00edmu dosa\u017een\u00ed jejich c\u00edl\u016f udr\u017eov\u00e1n\u00edm spr\u00e1vn\u00e9 formy a tempa pro dlouhodob\u00fd fyzick\u00fd \u00fasp\u011bch.<\/li>\n<\/ul>\n\t<div class=\"img has-hover x md-x lg-x y md-y lg-y\" id=\"image_1914250579\">\n\t\t\t\t\t\t\t\t<div class=\"img-inner dark\" >\n\t\t\t<img loading=\"lazy\" decoding=\"async\" width=\"800\" height=\"450\" src=\"https:\/\/www.telaled.com\/wp-content\/uploads\/2025\/10\/cronometro-academia7.webp\" class=\"attachment-large size-large\" alt=\"stopky v t\u011blocvi\u010dn\u011b7\" srcset=\"https:\/\/www.telaled.com\/wp-content\/uploads\/2025\/10\/cronometro-academia7.webp 800w, https:\/\/www.telaled.com\/wp-content\/uploads\/2025\/10\/cronometro-academia7-300x169.webp 300w, https:\/\/www.telaled.com\/wp-content\/uploads\/2025\/10\/cronometro-academia7-768x432.webp 768w, https:\/\/www.telaled.com\/wp-content\/uploads\/2025\/10\/cronometro-academia7-18x10.webp 18w, https:\/\/www.telaled.com\/wp-content\/uploads\/2025\/10\/cronometro-academia7-600x338.webp 600w\" sizes=\"auto, (max-width: 800px) 100vw, 800px\" \/>\t\t\t\t\t\t\n\t\t\t\t\t<\/div>\n\t\t\t\t\t\t\t\t\n<style>\n#image_1914250579 {\n  width: 80%;\n}\n<\/style>\n\t<\/div>\n\t\n<ul>\n<li>Jeden <em><strong>Stopky do posilovny \u0159ady TEH<\/strong><\/em> Pom\u00e1h\u00e1 v\u00e1m p\u0159esn\u011b \u0159\u00eddit intervaly odpo\u010dinku a cvi\u010den\u00ed. Nastavte si ho tak, aby signalizoval ka\u017ed\u00fdch n\u011bkolik minut pro konzistentn\u00ed tempo b\u011bhem kardio, silov\u00e9ho tr\u00e9ninku nebo HIIT tr\u00e9ninku. Nap\u0159\u00edklad st\u0159\u00eddejte rychlost ch\u016fze a b\u011bhu na b\u011b\u017eeck\u00e9m p\u00e1su nebo jezd\u011bte mezi rychl\u00fdmi a pomal\u00fdmi intervaly na stacion\u00e1rn\u00edm kole. Tato struktura zvy\u0161uje bezpe\u010dnost, zabra\u0148uje \u00fanav\u011b a zaji\u0161\u0165uje, \u017ee z ka\u017ed\u00e9ho tr\u00e9ninku dos\u00e1hnete nejlep\u0161\u00edch v\u00fdsledk\u016f.<\/li>\n<\/ul>\n\t<div class=\"img has-hover x md-x lg-x y md-y lg-y\" id=\"image_185600758\">\n\t\t\t\t\t\t\t\t<div class=\"img-inner dark\" >\n\t\t\t<img loading=\"lazy\" decoding=\"async\" width=\"500\" height=\"430\" src=\"https:\/\/www.telaled.com\/wp-content\/uploads\/2025\/10\/cronometro-academia8.webp\" class=\"attachment-original size-original\" alt=\"\" srcset=\"https:\/\/www.telaled.com\/wp-content\/uploads\/2025\/10\/cronometro-academia8.webp 500w, https:\/\/www.telaled.com\/wp-content\/uploads\/2025\/10\/cronometro-academia8-300x258.webp 300w, https:\/\/www.telaled.com\/wp-content\/uploads\/2025\/10\/cronometro-academia8-14x12.webp 14w\" sizes=\"auto, (max-width: 500px) 100vw, 500px\" \/>\t\t\t\t\t\t\n\t\t\t\t\t<\/div>\n\t\t\t\t\t\t\t\t\n<style>\n#image_185600758 {\n  width: 80%;\n}\n<\/style>\n\t<\/div>\n\t\n<ul>\n<li>U\u017eijte si snadn\u00e9 ovl\u00e1d\u00e1n\u00ed s integrovan\u00fdm p\u0159ipojen\u00edm Bluetooth. Na\u0161e <em><strong>Stopky do posilovny \u0159ady TEH<\/strong><\/em> Lze jej sp\u00e1rovat s va\u0161\u00edm chytr\u00fdm telefonem, co\u017e v\u00e1m umo\u017en\u00ed spou\u0161t\u011bt, pozastavovat nebo p\u0159izp\u016fsobovat tr\u00e9ninky p\u0159\u00edmo z va\u0161eho za\u0159\u00edzen\u00ed. Sledujte sv\u016fj v\u00fdkon, ukl\u00e1dejte pokrok a spravujte tr\u00e9ninky v re\u00e1ln\u00e9m \u010dase \u2013 to v\u0161e prost\u0159ednictv\u00edm va\u0161ich obl\u00edben\u00fdch fitness aplikac\u00ed pro chyt\u0159ej\u0161\u00ed a pohodln\u011bj\u0161\u00ed tr\u00e9nink.<\/li>\n<\/ul>\n\t<div class=\"img has-hover x md-x lg-x y md-y lg-y\" id=\"image_186351037\">\n\t\t\t\t\t\t\t\t<div class=\"img-inner dark\" >\n\t\t\t<img loading=\"lazy\" decoding=\"async\" width=\"1020\" height=\"421\" src=\"https:\/\/www.telaled.com\/wp-content\/uploads\/2025\/10\/cronometro-academia9.webp\" class=\"attachment-large size-large\" alt=\"\" srcset=\"https:\/\/www.telaled.com\/wp-content\/uploads\/2025\/10\/cronometro-academia9.webp 1024w, https:\/\/www.telaled.com\/wp-content\/uploads\/2025\/10\/cronometro-academia9-300x124.webp 300w, https:\/\/www.telaled.com\/wp-content\/uploads\/2025\/10\/cronometro-academia9-768x317.webp 768w, https:\/\/www.telaled.com\/wp-content\/uploads\/2025\/10\/cronometro-academia9-18x7.webp 18w, https:\/\/www.telaled.com\/wp-content\/uploads\/2025\/10\/cronometro-academia9-600x248.webp 600w\" sizes=\"auto, (max-width: 1020px) 100vw, 1020px\" \/>\t\t\t\t\t\t\n\t\t\t\t\t<\/div>\n\t\t\t\t\t\t\t\t\n<style>\n#image_186351037 {\n  width: 80%;\n}\n<\/style>\n\t<\/div>\n\t\n<ul>\n<li>Na\u0161e <em><strong>Stopky do posilovny \u0159ady TEH<\/strong><\/em> Jsou baleny v zes\u00edlen\u00fdch d\u0159ev\u011bn\u00fdch bedn\u00e1ch, kter\u00e9 je chr\u00e1n\u00ed b\u011bhem p\u0159epravy. Ka\u017ed\u00e1 jednotka je bezpe\u010dn\u011b zabalena, aby se zabr\u00e1nilo po\u0161kozen\u00ed \u0161k\u016fdci, n\u00e1razy a dal\u0161\u00edmi nebezpe\u010d\u00edmi. To zaji\u0161\u0165uje trvanlivost a bezpe\u010dn\u00e9 doru\u010den\u00ed.<\/li>\n<\/ul>\n\t<div class=\"img has-hover x md-x lg-x y md-y lg-y\" id=\"image_1507459662\">\n\t\t\t\t\t\t\t\t<div class=\"img-inner dark\" >\n\t\t\t<img loading=\"lazy\" decoding=\"async\" width=\"760\" height=\"1024\" src=\"https:\/\/www.telaled.com\/wp-content\/uploads\/2025\/08\/36123f2c-de60-488d-af81-255cd4aee54a-760x1024.webp\" class=\"attachment-large size-large\" alt=\"\" srcset=\"https:\/\/www.telaled.com\/wp-content\/uploads\/2025\/08\/36123f2c-de60-488d-af81-255cd4aee54a-760x1024.webp 760w, https:\/\/www.telaled.com\/wp-content\/uploads\/2025\/08\/36123f2c-de60-488d-af81-255cd4aee54a-223x300.webp 223w, https:\/\/www.telaled.com\/wp-content\/uploads\/2025\/08\/36123f2c-de60-488d-af81-255cd4aee54a-768x1035.webp 768w, https:\/\/www.telaled.com\/wp-content\/uploads\/2025\/08\/36123f2c-de60-488d-af81-255cd4aee54a-9x12.webp 9w, https:\/\/www.telaled.com\/wp-content\/uploads\/2025\/08\/36123f2c-de60-488d-af81-255cd4aee54a-600x808.webp 600w, https:\/\/www.telaled.com\/wp-content\/uploads\/2025\/08\/36123f2c-de60-488d-af81-255cd4aee54a.webp 795w\" sizes=\"auto, (max-width: 760px) 100vw, 760px\" \/>\t\t\t\t\t\t\n\t\t\t\t\t<\/div>\n\t\t\t\t\t\t\t\t\n<style>\n#image_1507459662 {\n  width: 80%;\n}\n<\/style>\n\t<\/div>\n\t\n\n<table id=\"tablepress-100\" class=\"tablepress tablepress-id-100\">\n<thead>\n<tr class=\"row-1\">\n\t<th class=\"column-1\">Maxim\u00e1ln\u00ed doba p\u0159\u00edpravy<\/th><th class=\"column-2\">24 hodin<\/th><th class=\"column-3\">Minim\u00e1ln\u00ed doba p\u0159\u00edpravy<\/th><th class=\"column-4\">10 s<\/th>\n<\/tr>\n<\/thead>\n<tbody class=\"row-striping row-hover\">\n<tr class=\"row-2\">\n\t<td class=\"column-1\">Jmenovit\u00e9 nap\u011bt\u00ed<\/td><td class=\"column-2\">220 V<\/td><td class=\"column-3\">\u010c\u00edslo modelu<\/td><td class=\"column-4\">\u0158ada TEH<\/td>\n<\/tr>\n<tr class=\"row-3\">\n\t<td class=\"column-1\">Ozna\u010dit<\/td><td class=\"column-2\">LED obrazovka<\/td><td class=\"column-3\">M\u00edsto p\u016fvodu<\/td><td class=\"column-4\">\u0160en-\u010den, \u010c\u00edna<\/td>\n<\/tr>\n<tr class=\"row-4\">\n\t<td class=\"column-1\">\u0158\u00edzen\u00ed<\/td><td class=\"column-2\">D\u00e1lkov\u00e9 ovl\u00e1d\u00e1n\u00ed<\/td><td class=\"column-3\">Zdroj<\/td><td class=\"column-4\">P\u0159enosn\u00fd<\/td>\n<\/tr>\n<tr class=\"row-5\">\n\t<td class=\"column-1\">Frekvence<\/td><td class=\"column-2\">50 Hz<\/td><td class=\"column-3\">Materi\u00e1l<\/td><td class=\"column-4\">Hlin\u00edkov\u00e1 slitina<\/td>\n<\/tr>\n<tr class=\"row-6\">\n\t<td class=\"column-1\">Teorie<\/td><td class=\"column-2\">Digit\u00e1ln\u00ed<\/td><td class=\"column-3\">Typ<\/td><td class=\"column-4\">Odpo\u010d\u00edt\u00e1vac\u00ed \u010dasova\u010d<\/td>\n<\/tr>\n<tr class=\"row-7\">\n\t<td class=\"column-1\">Aplikace<\/td><td class=\"column-2\">Multifunk\u010dn\u00ed<\/td><td class=\"column-3\">Operace<\/td><td class=\"column-4\">D\u00e1lkov\u00e9 ovl\u00e1d\u00e1n\u00ed<\/td>\n<\/tr>\n<tr class=\"row-8\">\n\t<td class=\"column-1\">V\u00fd\u0161ka znaku<\/td><td class=\"column-2\">4 palce<\/td><td class=\"column-3\">Struktura<\/td><td class=\"column-4\">Hlin\u00edkov\u00e1 slitina<\/td>\n<\/tr>\n<tr class=\"row-9\">\n\t<td class=\"column-1\">N\u00e1zev produktu<\/td><td class=\"column-2\">Stopky v posilovn\u011b<\/td><td class=\"column-3\">Osv\u011bd\u010den\u00ed<\/td><td class=\"column-4\">CE, RoHS<\/td>\n<\/tr>\n<\/tbody>\n<\/table>\n\n\t\t<\/div>\n\t\t\t\t\t<\/div>\n\n\t\n<\/div>\n\t\t<\/div>\n\t\t\t\t\t<\/div>\n\n\t\n<\/div>","protected":false},"excerpt":{"rendered":"<p><em><strong>Chronometro Academia Series TEH z\u016fsta\u0148te na trati Opakov\u00e1n\u00ed<\/strong><\/em><\/p>\n<p>Tento <em><strong>Chronometr TEH \u0159ady Academia<\/strong><\/em> Je vybaven 24sekundov\u00fdm odpo\u010d\u00edt\u00e1v\u00e1n\u00edm a 5palcov\u00fdm \u010derven\u00fdm a \u017elut\u00fdm LED displejem s hodinami, kter\u00fd je viditeln\u00fd a\u017e do vzd\u00e1lenosti 40 m. Je vyroben z hlin\u00edku, m\u011b\u0159\u00ed 52 x 34 x 4 cm a pracuje na st\u0159\u00eddav\u00e9m nap\u011bt\u00ed 110-260 V nebo 12 V DC, tak\u017ee je vhodn\u00fd pro vnit\u0159n\u00ed i venkovn\u00ed pou\u017eit\u00ed.<\/p>\n<ul>\n<li><strong>Obrazovka s vysokou viditelnost\u00ed:<\/strong> P\u011btipalcov\u00e9 (12,7 cm) \u010derven\u00e9 a \u017elut\u00e9 LED diody poskytuj\u00ed jasn\u00fd a neosl\u0148uj\u00edc\u00ed obraz na vzd\u00e1lenost a\u017e 40 m.<\/li>\n<li><strong>Spolehliv\u00fd bezdr\u00e1tov\u00fd ovlada\u010d:<\/strong> Dod\u00e1v\u00e1 se s d\u00e1lkov\u00fdm ovl\u00e1d\u00e1n\u00edm pro p\u0159esn\u00e9 spu\u0161t\u011bn\u00ed, zastaven\u00ed a resetov\u00e1n\u00ed funkc\u00ed odpo\u010d\u00edt\u00e1v\u00e1n\u00ed nebo p\u0159i\u010d\u00edt\u00e1n\u00ed.<\/li>\n<li><strong>V\u0161estrann\u00e1 instalace:<\/strong> Podporuje mont\u00e1\u017e na ze\u010f, strop nebo stativ pro flexibiln\u00ed pou\u017eit\u00ed v t\u011blocvi\u010dn\u00e1ch, tr\u00e9ninkov\u00fdch centrech a na sportovn\u00edch h\u0159i\u0161t\u00edch. <a href=\"https:\/\/www.telaled.com\/cs\/fabrica\/placar-eletronico-para-basquete-serie-tee\/\">basketball<\/a>.<\/li>\n<\/ul>\n<p>Nab\u00edz\u00edme 24hodinovou vzd\u00e1lenou podporu a 3letou z\u00e1ruku. Kontaktujte n\u00e1s je\u0161t\u011b dnes a z\u00edskejte individu\u00e1ln\u00ed cenovou nab\u00eddku.<\/p>","protected":false},"featured_media":4020,"template":"","meta":[],"product_brand":[],"product_cat":[41,48,44,46],"product_tag":[],"class_list":{"0":"post-3856","1":"product","2":"type-product","3":"status-publish","4":"has-post-thumbnail","6":"product_cat-modulo-painel-de-led","7":"product_cat-paineis-personalizados","8":"product_cat-painel-de-led-flexivel","9":"product_cat-painel-de-video","11":"first","12":"instock","13":"shipping-taxable","14":"product-type-simple"},"yoast_head":"<!-- This site is optimized with the Yoast SEO plugin v27.4 - https:\/\/yoast.com\/product\/yoast-seo-wordpress\/ -->\n<title>Cronometro Academia S\u00e9rie TEH para treinos mais inteligentes | Aumente os resultados do treinamento com cronometragem precisa | TELALED<\/title>\n<meta name=\"description\" content=\"Aprimore sua rotina de exerc\u00edcios. Explore os melhores recursos do Cronometro Academia S\u00e9rie TEH e dicas de especialistas para planejar treinos como um profissional.\" \/>\n<meta name=\"robots\" content=\"index, follow, max-snippet:-1, max-image-preview:large, max-video-preview:-1\" \/>\n<link rel=\"canonical\" href=\"https:\/\/www.telaled.com\/cs\/fabrica\/cronometro-academia-serie-teh\/\" \/>\n<meta property=\"og:locale\" content=\"cs_CZ\" \/>\n<meta property=\"og:type\" content=\"article\" \/>\n<meta property=\"og:title\" content=\"Cronometro Academia S\u00e9rie TEH para treinos mais inteligentes | Aumente os resultados do treinamento com cronometragem precisa | TELALED\" \/>\n<meta property=\"og:description\" content=\"Aprimore sua rotina de exerc\u00edcios. Explore os melhores recursos do Cronometro Academia S\u00e9rie TEH e dicas de especialistas para planejar treinos como um profissional.\" \/>\n<meta property=\"og:url\" content=\"https:\/\/www.telaled.com\/cs\/fabrica\/cronometro-academia-serie-teh\/\" \/>\n<meta property=\"og:site_name\" content=\"TELALED\" \/>\n<meta property=\"article:modified_time\" content=\"2026-01-07T01:00:48+00:00\" \/>\n<meta property=\"og:image\" content=\"https:\/\/www.telaled.com\/wp-content\/uploads\/2025\/10\/cronometro-academianew.webp\" \/>\n\t<meta property=\"og:image:width\" content=\"500\" \/>\n\t<meta property=\"og:image:height\" content=\"500\" \/>\n\t<meta property=\"og:image:type\" content=\"image\/webp\" \/>\n<meta name=\"twitter:card\" content=\"summary_large_image\" \/>\n<meta name=\"twitter:label1\" content=\"Est. reading time\" \/>\n\t<meta name=\"twitter:data1\" content=\"4 minuty\" \/>\n<script type=\"application\/ld+json\" class=\"yoast-schema-graph\">{\"@context\":\"https:\\\/\\\/schema.org\",\"@graph\":[{\"@type\":\"WebPage\",\"@id\":\"https:\\\/\\\/www.telaled.com\\\/fabrica\\\/cronometro-academia-serie-teh\\\/\",\"url\":\"https:\\\/\\\/www.telaled.com\\\/fabrica\\\/cronometro-academia-serie-teh\\\/\",\"name\":\"Cronometro Academia S\u00e9rie TEH para treinos mais inteligentes | Aumente os resultados do treinamento com cronometragem precisa | TELALED\",\"isPartOf\":{\"@id\":\"https:\\\/\\\/www.telaled.com\\\/#website\"},\"primaryImageOfPage\":{\"@id\":\"https:\\\/\\\/www.telaled.com\\\/fabrica\\\/cronometro-academia-serie-teh\\\/#primaryimage\"},\"image\":{\"@id\":\"https:\\\/\\\/www.telaled.com\\\/fabrica\\\/cronometro-academia-serie-teh\\\/#primaryimage\"},\"thumbnailUrl\":\"https:\\\/\\\/www.telaled.com\\\/wp-content\\\/uploads\\\/2025\\\/10\\\/cronometro-academianew.webp\",\"datePublished\":\"2025-10-08T02:12:15+00:00\",\"dateModified\":\"2026-01-07T01:00:48+00:00\",\"description\":\"Aprimore sua rotina de exerc\u00edcios. Explore os melhores recursos do Cronometro Academia S\u00e9rie TEH e dicas de especialistas para planejar treinos como um profissional.\",\"breadcrumb\":{\"@id\":\"https:\\\/\\\/www.telaled.com\\\/fabrica\\\/cronometro-academia-serie-teh\\\/#breadcrumb\"},\"inLanguage\":\"cs\",\"potentialAction\":[{\"@type\":\"ReadAction\",\"target\":[\"https:\\\/\\\/www.telaled.com\\\/fabrica\\\/cronometro-academia-serie-teh\\\/\"]}]},{\"@type\":\"ImageObject\",\"inLanguage\":\"cs\",\"@id\":\"https:\\\/\\\/www.telaled.com\\\/fabrica\\\/cronometro-academia-serie-teh\\\/#primaryimage\",\"url\":\"https:\\\/\\\/www.telaled.com\\\/wp-content\\\/uploads\\\/2025\\\/10\\\/cronometro-academianew.webp\",\"contentUrl\":\"https:\\\/\\\/www.telaled.com\\\/wp-content\\\/uploads\\\/2025\\\/10\\\/cronometro-academianew.webp\",\"width\":500,\"height\":500,\"caption\":\"cronometro-academianew\"},{\"@type\":\"BreadcrumbList\",\"@id\":\"https:\\\/\\\/www.telaled.com\\\/fabrica\\\/cronometro-academia-serie-teh\\\/#breadcrumb\",\"itemListElement\":[{\"@type\":\"ListItem\",\"position\":1,\"name\":\"Home\",\"item\":\"https:\\\/\\\/www.telaled.com\\\/\"},{\"@type\":\"ListItem\",\"position\":2,\"name\":\"Produtos\",\"item\":\"https:\\\/\\\/www.telaled.com\\\/shop\\\/\"},{\"@type\":\"ListItem\",\"position\":3,\"name\":\"Cronometro Academia S\u00e9rie TEH\"}]},{\"@type\":\"WebSite\",\"@id\":\"https:\\\/\\\/www.telaled.com\\\/#website\",\"url\":\"https:\\\/\\\/www.telaled.com\\\/\",\"name\":\"TELALED\",\"description\":\"\",\"potentialAction\":[{\"@type\":\"SearchAction\",\"target\":{\"@type\":\"EntryPoint\",\"urlTemplate\":\"https:\\\/\\\/www.telaled.com\\\/?s={search_term_string}\"},\"query-input\":{\"@type\":\"PropertyValueSpecification\",\"valueRequired\":true,\"valueName\":\"search_term_string\"}}],\"inLanguage\":\"cs\"}]}<\/script>\n<!-- \/ Yoast SEO plugin. -->","yoast_head_json":{"title":"Stopky do posilovny \u0159ady TEH pro chyt\u0159ej\u0161\u00ed tr\u00e9ninky | Zlep\u0161ete sv\u00e9 tr\u00e9ninkov\u00e9 v\u00fdsledky d\u00edky p\u0159esn\u00e9mu m\u011b\u0159en\u00ed \u010dasu | LED displej","description":"Vylep\u0161ete si tr\u00e9ninkov\u00fd re\u017eim. Prozkoumejte nejlep\u0161\u00ed funkce stopek \u0159ady TEH a tipy od odborn\u00edk\u016f, abyste si mohli napl\u00e1novat tr\u00e9ninky jako profesion\u00e1l.","robots":{"index":"index","follow":"follow","max-snippet":"max-snippet:-1","max-image-preview":"max-image-preview:large","max-video-preview":"max-video-preview:-1"},"canonical":"https:\/\/www.telaled.com\/cs\/fabrica\/cronometro-academia-serie-teh\/","og_locale":"cs_CZ","og_type":"article","og_title":"Cronometro Academia S\u00e9rie TEH para treinos mais inteligentes | Aumente os resultados do treinamento com cronometragem precisa | TELALED","og_description":"Aprimore sua rotina de exerc\u00edcios. Explore os melhores recursos do Cronometro Academia S\u00e9rie TEH e dicas de especialistas para planejar treinos como um profissional.","og_url":"https:\/\/www.telaled.com\/cs\/fabrica\/cronometro-academia-serie-teh\/","og_site_name":"TELALED","article_modified_time":"2026-01-07T01:00:48+00:00","og_image":[{"width":500,"height":500,"url":"https:\/\/www.telaled.com\/wp-content\/uploads\/2025\/10\/cronometro-academianew.webp","type":"image\/webp"}],"twitter_card":"summary_large_image","twitter_misc":{"Est. reading time":"4 minuty"},"schema":{"@context":"https:\/\/schema.org","@graph":[{"@type":"WebPage","@id":"https:\/\/www.telaled.com\/fabrica\/cronometro-academia-serie-teh\/","url":"https:\/\/www.telaled.com\/fabrica\/cronometro-academia-serie-teh\/","name":"Stopky do posilovny \u0159ady TEH pro chyt\u0159ej\u0161\u00ed tr\u00e9ninky | Zlep\u0161ete sv\u00e9 tr\u00e9ninkov\u00e9 v\u00fdsledky d\u00edky p\u0159esn\u00e9mu m\u011b\u0159en\u00ed \u010dasu | LED displej","isPartOf":{"@id":"https:\/\/www.telaled.com\/#website"},"primaryImageOfPage":{"@id":"https:\/\/www.telaled.com\/fabrica\/cronometro-academia-serie-teh\/#primaryimage"},"image":{"@id":"https:\/\/www.telaled.com\/fabrica\/cronometro-academia-serie-teh\/#primaryimage"},"thumbnailUrl":"https:\/\/www.telaled.com\/wp-content\/uploads\/2025\/10\/cronometro-academianew.webp","datePublished":"2025-10-08T02:12:15+00:00","dateModified":"2026-01-07T01:00:48+00:00","description":"Vylep\u0161ete si tr\u00e9ninkov\u00fd re\u017eim. Prozkoumejte nejlep\u0161\u00ed funkce stopek \u0159ady TEH a tipy od odborn\u00edk\u016f, abyste si mohli napl\u00e1novat tr\u00e9ninky jako profesion\u00e1l.","breadcrumb":{"@id":"https:\/\/www.telaled.com\/fabrica\/cronometro-academia-serie-teh\/#breadcrumb"},"inLanguage":"cs","potentialAction":[{"@type":"ReadAction","target":["https:\/\/www.telaled.com\/fabrica\/cronometro-academia-serie-teh\/"]}]},{"@type":"ImageObject","inLanguage":"cs","@id":"https:\/\/www.telaled.com\/fabrica\/cronometro-academia-serie-teh\/#primaryimage","url":"https:\/\/www.telaled.com\/wp-content\/uploads\/2025\/10\/cronometro-academianew.webp","contentUrl":"https:\/\/www.telaled.com\/wp-content\/uploads\/2025\/10\/cronometro-academianew.webp","width":500,"height":500,"caption":"cronometro-academianew"},{"@type":"BreadcrumbList","@id":"https:\/\/www.telaled.com\/fabrica\/cronometro-academia-serie-teh\/#breadcrumb","itemListElement":[{"@type":"ListItem","position":1,"name":"Home","item":"https:\/\/www.telaled.com\/"},{"@type":"ListItem","position":2,"name":"Produtos","item":"https:\/\/www.telaled.com\/shop\/"},{"@type":"ListItem","position":3,"name":"Cronometro Academia S\u00e9rie TEH"}]},{"@type":"WebSite","@id":"https:\/\/www.telaled.com\/#website","url":"https:\/\/www.telaled.com\/","name":"LED obrazovka","description":"","potentialAction":[{"@type":"SearchAction","target":{"@type":"EntryPoint","urlTemplate":"https:\/\/www.telaled.com\/?s={search_term_string}"},"query-input":{"@type":"PropertyValueSpecification","valueRequired":true,"valueName":"search_term_string"}}],"inLanguage":"cs"}]}},"_links":{"self":[{"href":"https:\/\/www.telaled.com\/cs\/wp-json\/wp\/v2\/product\/3856","targetHints":{"allow":["GET"]}}],"collection":[{"href":"https:\/\/www.telaled.com\/cs\/wp-json\/wp\/v2\/product"}],"about":[{"href":"https:\/\/www.telaled.com\/cs\/wp-json\/wp\/v2\/types\/product"}],"wp:featuredmedia":[{"embeddable":true,"href":"https:\/\/www.telaled.com\/cs\/wp-json\/wp\/v2\/media\/4020"}],"wp:attachment":[{"href":"https:\/\/www.telaled.com\/cs\/wp-json\/wp\/v2\/media?parent=3856"}],"wp:term":[{"taxonomy":"product_brand","embeddable":true,"href":"https:\/\/www.telaled.com\/cs\/wp-json\/wp\/v2\/product_brand?post=3856"},{"taxonomy":"product_cat","embeddable":true,"href":"https:\/\/www.telaled.com\/cs\/wp-json\/wp\/v2\/product_cat?post=3856"},{"taxonomy":"product_tag","embeddable":true,"href":"https:\/\/www.telaled.com\/cs\/wp-json\/wp\/v2\/product_tag?post=3856"}],"curies":[{"name":"wp","href":"https:\/\/api.w.org\/{rel}","templated":true}]}}