{"id":3843,"date":"2025-10-07T12:59:53","date_gmt":"2025-10-07T12:59:53","guid":{"rendered":"https:\/\/www.telaled.com\/?post_type=product&#038;p=3843"},"modified":"2026-01-07T02:11:30","modified_gmt":"2026-01-07T02:11:30","slug":"bus-led-display-serie-tcs","status":"publish","type":"product","link":"https:\/\/www.telaled.com\/cs\/fabrica\/bus-led-display-serie-tcs\/","title":{"rendered":"LED displej pro sb\u011brnice \u0159ady TCS"},"content":{"rendered":"<div class=\"row\"  id=\"row-1365393141\">\n\n\t<div id=\"col-360875022\" class=\"col small-12 large-12\"  >\n\t\t\t\t<div class=\"col-inner\"  >\n\t\t\t\n\t\t\t\n<h2><strong>Exkluzivn\u00ed v\u00fdhody LED displeje pro autobusy \u0159ady TCS<\/strong><\/h2>\n<h3><strong>Odoln\u00fd vn\u011bj\u0161\u00ed design<\/strong><\/h3>\n<ul>\n<li>Vyrobeno s vodot\u011bsn\u00fdm a prachot\u011bsn\u00fdm pouzdrem pro dlouhodob\u00e9 venkovn\u00ed pou\u017eit\u00ed.<\/li>\n<li>Odoln\u00e9 v\u016f\u010di vibrac\u00edm a teplotn\u00edm zm\u011bn\u00e1m b\u011bhem j\u00edzdy.<\/li>\n<li>Zaji\u0161\u0165uje konzistentn\u00ed v\u00fdkon za jak\u00e9hokoli po\u010das\u00ed.<\/li>\n<\/ul>\n<h3><strong>Pokro\u010dil\u00fd \u0159\u00eddic\u00ed syst\u00e9m<\/strong><\/h3>\n<ul>\n<li>Podporuje GPS a bezdr\u00e1tov\u00e9 aktualizace pro automatick\u00e9 zobrazen\u00ed trasy.<\/li>\n<li>Umo\u017e\u0148uje vzd\u00e1lenou spr\u00e1vu obsahu pro synchronizaci vozov\u00e9ho parku.<\/li>\n<li>Kompatibiln\u00ed s r\u016fzn\u00fdmi form\u00e1ty vstupn\u00edch dat pro snadnou integraci.<\/li>\n<\/ul>\n<h3><strong>Vysok\u00fd jas a \u010distota<\/strong><\/h3>\n<ul>\n<li>Vyu\u017e\u00edv\u00e1 pr\u00e9miov\u00e9 LED moduly pro jasnou viditelnost za v\u0161ech sv\u011bteln\u00fdch podm\u00ednek.<\/li>\n<li>Nastaviteln\u00fd jas se p\u0159izp\u016fsob\u00ed denn\u00edmu i no\u010dn\u00edmu prost\u0159ed\u00ed.<\/li>\n<li>Jasn\u00fd text a plynul\u00e9 posouv\u00e1n\u00ed zlep\u0161uj\u00ed \u010ditelnost pro cestuj\u00edc\u00ed.<\/li>\n<\/ul>\n<h3><strong>Flexibiln\u00ed mo\u017enosti instalace<\/strong><\/h3>\n<ul>\n<li>Lze jej namontovat na p\u0159edn\u00ed, zadn\u00ed nebo bo\u010dn\u00ed stranu autobusu.<\/li>\n<li>Kompaktn\u00ed design se p\u0159izp\u016fsob\u00ed r\u016fzn\u00fdm model\u016fm a uspo\u0159\u00e1d\u00e1n\u00edm vozidel.<\/li>\n<li>Jednoduch\u00fd proces instalace a \u00fadr\u017eby zkr\u00e1til prostoje.<\/li>\n<\/ul>\n<h2>Detaily produktu<\/h2>\n<div class=\"row\"  id=\"row-273437277\">\n\n\t<div id=\"col-1609173385\" class=\"col medium-10 small-12 large-10\"  >\n\t\t\t\t<div class=\"col-inner text-left\"  >\n\t\t\t\n\t\t\t\n<ul>\n<li style=\"font-weight: 400;\" aria-level=\"1\"><strong>Dlouh\u00e1 \u017eivotnost a inteligentn\u00ed integrace.<\/strong> \u2013 Vyrobeno z vysoce kvalitn\u00edch LED bodov\u00fdch maticov\u00fdch modul\u016f, <strong>LED displej pro sb\u011brnice \u0159ady TCS<\/strong> Nab\u00edz\u00ed \u017eivotnost a\u017e 100 000 hodin. Lze jej p\u0159ipojit k inteligentn\u00edmu dispe\u010dersk\u00e9mu syst\u00e9mu pro zobrazov\u00e1n\u00ed extern\u00edch informac\u00ed a dokonce i pro vkl\u00e1d\u00e1n\u00ed komer\u010dn\u00edch nebo ve\u0159ejn\u00fdch ozn\u00e1men\u00ed pro v\u011bt\u0161\u00ed funk\u010dnost.<\/li>\n<\/ul>\n\t<div class=\"img has-hover x md-x lg-x y md-y lg-y\" id=\"image_858631990\">\n\t\t\t\t\t\t\t\t<div class=\"img-inner dark\" >\n\t\t\t<img loading=\"lazy\" decoding=\"async\" width=\"500\" height=\"500\" src=\"https:\/\/www.telaled.com\/wp-content\/uploads\/2025\/10\/Frente-Bus-LED-Display.webp\" class=\"attachment-large size-large\" alt=\"LED displej p\u0159edn\u00ed sb\u011brnice\" srcset=\"https:\/\/www.telaled.com\/wp-content\/uploads\/2025\/10\/Frente-Bus-LED-Display.webp 500w, https:\/\/www.telaled.com\/wp-content\/uploads\/2025\/10\/Frente-Bus-LED-Display-300x300.webp 300w, https:\/\/www.telaled.com\/wp-content\/uploads\/2025\/10\/Frente-Bus-LED-Display-150x150.webp 150w, https:\/\/www.telaled.com\/wp-content\/uploads\/2025\/10\/Frente-Bus-LED-Display-12x12.webp 12w, https:\/\/www.telaled.com\/wp-content\/uploads\/2025\/10\/Frente-Bus-LED-Display-100x100.webp 100w\" sizes=\"auto, (max-width: 500px) 100vw, 500px\" \/>\t\t\t\t\t\t\n\t\t\t\t\t<\/div>\n\t\t\t\t\t\t\t\t\n<style>\n#image_858631990 {\n  width: 80%;\n}\n<\/style>\n\t<\/div>\n\t\n<ul>\n<li><strong>Zobrazen\u00ed trasy v re\u00e1ln\u00e9m \u010dase<\/strong> Syst\u00e9m jasn\u011b zobrazuje autobusov\u00e9 linky, n\u00e1zvy tras a podrobnosti o c\u00edlov\u00fdch destinac\u00edch. V re\u00e1ln\u00e9m \u010dase se p\u0159ipojuje k integrovan\u00e9mu \u0159\u00eddic\u00edmu syst\u00e9mu vozidla a podporuje vzd\u00e1len\u00e9 aktualizace, co\u017e umo\u017e\u0148uje okam\u017eit\u00e9 zm\u011bny informac\u00ed za j\u00edzdy.<\/li>\n<\/ul>\n\t<div class=\"img has-hover x md-x lg-x y md-y lg-y\" id=\"image_441601960\">\n\t\t\t\t\t\t\t\t<div class=\"img-inner dark\" >\n\t\t\t<img loading=\"lazy\" decoding=\"async\" width=\"2000\" height=\"1333\" src=\"https:\/\/www.telaled.com\/wp-content\/uploads\/2025\/10\/Bus-LED-Display-Details.webp\" class=\"attachment-original size-original\" alt=\"\" srcset=\"https:\/\/www.telaled.com\/wp-content\/uploads\/2025\/10\/Bus-LED-Display-Details.webp 2000w, https:\/\/www.telaled.com\/wp-content\/uploads\/2025\/10\/Bus-LED-Display-Details-300x200.webp 300w, https:\/\/www.telaled.com\/wp-content\/uploads\/2025\/10\/Bus-LED-Display-Details-1024x682.webp 1024w, https:\/\/www.telaled.com\/wp-content\/uploads\/2025\/10\/Bus-LED-Display-Details-768x512.webp 768w, https:\/\/www.telaled.com\/wp-content\/uploads\/2025\/10\/Bus-LED-Display-Details-1536x1024.webp 1536w, https:\/\/www.telaled.com\/wp-content\/uploads\/2025\/10\/Bus-LED-Display-Details-18x12.webp 18w, https:\/\/www.telaled.com\/wp-content\/uploads\/2025\/10\/Bus-LED-Display-Details-600x400.webp 600w\" sizes=\"auto, (max-width: 2000px) 100vw, 2000px\" \/>\t\t\t\t\t\t\n\t\t\t\t\t<\/div>\n\t\t\t\t\t\t\t\t\n<style>\n#image_441601960 {\n  width: 80%;\n}\n<\/style>\n\t<\/div>\n\t\n<ul>\n<li><strong>Obrazovka s vysok\u00fdm rozli\u0161en\u00edm<\/strong> S konfigurac\u00ed pixel\u016f 144\u00d716 a zobrazovac\u00ed plochou 684\u00d776 mm nab\u00edz\u00ed obrazovka ostr\u00fd a snadno \u010diteln\u00fd text a tak\u00e9 plynul\u00e9 posouv\u00e1n\u00ed. Jasn\u00fd LED v\u00fdstup zaji\u0161\u0165uje viditelnost i na p\u0159\u00edm\u00e9m slune\u010dn\u00edm sv\u011btle, co\u017e zlep\u0161uje \u010ditelnost pro cestuj\u00edc\u00ed.<\/li>\n<\/ul>\n\t<div class=\"img has-hover x md-x lg-x y md-y lg-y\" id=\"image_1336768091\">\n\t\t\t\t\t\t\t\t<div class=\"img-inner dark\" >\n\t\t\t<img loading=\"lazy\" decoding=\"async\" width=\"500\" height=\"500\" src=\"https:\/\/www.telaled.com\/wp-content\/uploads\/2025\/10\/Bus-LED-Display-Details-3.webp\" class=\"attachment-large size-large\" alt=\"\" srcset=\"https:\/\/www.telaled.com\/wp-content\/uploads\/2025\/10\/Bus-LED-Display-Details-3.webp 500w, https:\/\/www.telaled.com\/wp-content\/uploads\/2025\/10\/Bus-LED-Display-Details-3-300x300.webp 300w, https:\/\/www.telaled.com\/wp-content\/uploads\/2025\/10\/Bus-LED-Display-Details-3-150x150.webp 150w, https:\/\/www.telaled.com\/wp-content\/uploads\/2025\/10\/Bus-LED-Display-Details-3-12x12.webp 12w, https:\/\/www.telaled.com\/wp-content\/uploads\/2025\/10\/Bus-LED-Display-Details-3-100x100.webp 100w\" sizes=\"auto, (max-width: 500px) 100vw, 500px\" \/>\t\t\t\t\t\t\n\t\t\t\t\t<\/div>\n\t\t\t\t\t\t\t\t\n<style>\n#image_1336768091 {\n  width: 80%;\n}\n<\/style>\n\t<\/div>\n\t\n<ul>\n<li><strong>Kompatibilita se \u0161irok\u00fdm nap\u011bt\u00edm<\/strong> Provozn\u00ed nap\u011bt\u00ed mezi 9 a 36 V s typickou spot\u0159ebou energie pod 20 W, <strong>LED displej pro sb\u011brnice \u0159ady TCS<\/strong> Nab\u00edz\u00ed stabiln\u00ed v\u00fdkon s minim\u00e1ln\u00ed spot\u0159ebou energie. D\u00edky t\u00e9to \u00fa\u010dinnosti je ide\u00e1ln\u00ed pro r\u016fzn\u00e9 typy n\u00e1kup\u016f a z\u00e1rove\u0148 pom\u00e1h\u00e1 sni\u017eovat nadm\u011brn\u00e9 provozn\u00ed n\u00e1klady.<\/li>\n<\/ul>\n\t<div class=\"img has-hover x md-x lg-x y md-y lg-y\" id=\"image_479290866\">\n\t\t\t\t\t\t\t\t<div class=\"img-inner dark\" >\n\t\t\t<img loading=\"lazy\" decoding=\"async\" width=\"500\" height=\"500\" src=\"https:\/\/www.telaled.com\/wp-content\/uploads\/2025\/10\/Bus-LED-Display-1-1.webp\" class=\"attachment-large size-large\" alt=\"Sb\u011brnicov\u00fd LED displej\" srcset=\"https:\/\/www.telaled.com\/wp-content\/uploads\/2025\/10\/Bus-LED-Display-1-1.webp 500w, https:\/\/www.telaled.com\/wp-content\/uploads\/2025\/10\/Bus-LED-Display-1-1-300x300.webp 300w, https:\/\/www.telaled.com\/wp-content\/uploads\/2025\/10\/Bus-LED-Display-1-1-150x150.webp 150w, https:\/\/www.telaled.com\/wp-content\/uploads\/2025\/10\/Bus-LED-Display-1-1-12x12.webp 12w, https:\/\/www.telaled.com\/wp-content\/uploads\/2025\/10\/Bus-LED-Display-1-1-100x100.webp 100w\" sizes=\"auto, (max-width: 500px) 100vw, 500px\" \/>\t\t\t\t\t\t\n\t\t\t\t\t<\/div>\n\t\t\t\t\t\t\t\t\n<style>\n#image_479290866 {\n  width: 80%;\n}\n<\/style>\n\t<\/div>\n\t\n<ul>\n<li>O <strong>LED displej pro sb\u011brnice \u0159ady TCS<\/strong> Je zabalen v pevn\u00fdch, vyztu\u017een\u00fdch d\u0159ev\u011bn\u00fdch bedn\u00e1ch pro snadnou p\u0159epravu. Ka\u017ed\u00e1 jednotka je pevn\u011b zaji\u0161t\u011bna, aby se zabr\u00e1nilo n\u00e1raz\u016fm nebo po\u0161kozen\u00ed zp\u016fsoben\u00e9mu \u0161k\u016fdci, a je tak zaji\u0161t\u011bno, \u017ee k v\u00e1m doraz\u00ed v perfektn\u00edm stavu a p\u0159ipraven\u00e1 k instalaci.<\/li>\n<\/ul>\n\t<div class=\"img has-hover x md-x lg-x y md-y lg-y\" id=\"image_470982436\">\n\t\t\t\t\t\t\t\t<div class=\"img-inner dark\" >\n\t\t\t<img loading=\"lazy\" decoding=\"async\" width=\"760\" height=\"1024\" src=\"https:\/\/www.telaled.com\/wp-content\/uploads\/2025\/08\/36123f2c-de60-488d-af81-255cd4aee54a-760x1024.webp\" class=\"attachment-large size-large\" alt=\"\" srcset=\"https:\/\/www.telaled.com\/wp-content\/uploads\/2025\/08\/36123f2c-de60-488d-af81-255cd4aee54a-760x1024.webp 760w, https:\/\/www.telaled.com\/wp-content\/uploads\/2025\/08\/36123f2c-de60-488d-af81-255cd4aee54a-223x300.webp 223w, https:\/\/www.telaled.com\/wp-content\/uploads\/2025\/08\/36123f2c-de60-488d-af81-255cd4aee54a-768x1035.webp 768w, https:\/\/www.telaled.com\/wp-content\/uploads\/2025\/08\/36123f2c-de60-488d-af81-255cd4aee54a-9x12.webp 9w, https:\/\/www.telaled.com\/wp-content\/uploads\/2025\/08\/36123f2c-de60-488d-af81-255cd4aee54a-600x808.webp 600w, https:\/\/www.telaled.com\/wp-content\/uploads\/2025\/08\/36123f2c-de60-488d-af81-255cd4aee54a.webp 795w\" sizes=\"auto, (max-width: 760px) 100vw, 760px\" \/>\t\t\t\t\t\t\n\t\t\t\t\t<\/div>\n\t\t\t\t\t\t\t\t\n<style>\n#image_470982436 {\n  width: 80%;\n}\n<\/style>\n\t<\/div>\n\t\n\n<table id=\"tablepress-98\" class=\"tablepress tablepress-id-98\">\n<thead>\n<tr class=\"row-1\">\n\t<th colspan=\"4\" class=\"column-1\">Hlavn\u00ed atributy<\/th>\n<\/tr>\n<\/thead>\n<tbody class=\"row-striping row-hover\">\n<tr class=\"row-2\">\n\t<td class=\"column-1\">Funkce<\/td><td class=\"column-2\">LED displej sb\u011brnice<\/td><td class=\"column-3\">Funkce displeje<\/td><td class=\"column-4\">Slova<\/td>\n<\/tr>\n<tr class=\"row-3\">\n\t<td class=\"column-1\">Z\u00e1ruka<\/td><td class=\"column-2\">1 rok<\/td><td class=\"column-3\">Materi\u00e1l<\/td><td class=\"column-4\">DPS + LED diody<\/td>\n<\/tr>\n<tr class=\"row-4\">\n\t<td class=\"column-1\">Rezoluce<\/td><td class=\"column-2\">16 bod\u016f<\/td><td class=\"column-3\">Zdroj energie<\/td><td class=\"column-4\">12 V DC<\/td>\n<\/tr>\n<tr class=\"row-5\">\n\t<td class=\"column-1\">Nap\u011bt\u00ed<\/td><td class=\"column-2\">9-36V<\/td><td class=\"column-3\">Optick\u00fd \u00fahel<\/td><td class=\"column-4\">Horizont\u00e1ln\u011b 75\u201395\u00b0, Vertik\u00e1ln\u011b 40\u00b0<\/td>\n<\/tr>\n<tr class=\"row-6\">\n\t<td class=\"column-1\">Koloidn\u00ed barva<\/td><td class=\"column-2\">\u010cerven\u00fd, mlhovit\u00fd rozptyl<\/td><td class=\"column-3\">Velikost panelu<\/td><td class=\"column-4\">1194 mm * 206 mm * 45 mm<\/td>\n<\/tr>\n<\/tbody>\n<\/table>\n\n\t\t<\/div>\n\t\t\t\t\t<\/div>\n\n\t\n<\/div>\n\t\t<\/div>\n\t\t\t\t\t<\/div>\n\n\t\n<\/div>","protected":false},"excerpt":{"rendered":"<p><strong>LED displej pro autobusy \u2013 chyt\u0159ej\u0161\u00ed zna\u010den\u00ed pro modern\u00ed dopravu<\/strong><\/p>\n<p>O <em><strong>LED displej pro sb\u011brnice \u0159ady TCS<\/strong><\/em> P\u0159in\u00e1\u0161\u00ed p\u0159ehlednost a komunikaci do ve\u0159ejn\u00e9 dopravy. Byl vyvinut pro autobusy a vozov\u00e9 parky a zobrazuje trasy, zast\u00e1vky a zpr\u00e1vy na z\u00e1\u0159iv\u00fdch LED diod\u00e1ch, \u010d\u00edm\u017e zlep\u0161uje z\u00e1\u017eitek cestuj\u00edc\u00edch a provozn\u00ed efektivitu na silnic\u00edch.<\/p>\n<p><strong>Hlavn\u00ed v\u00fdhody:<\/strong><\/p>\n<ul>\n<li><strong>Informace v re\u00e1ln\u00e9m \u010dase<\/strong> \u2013 Okam\u017eit\u011b zobrazujte trasy, c\u00edle nebo servisn\u00ed zpr\u00e1vy.<\/li>\n<li><strong>Energetick\u00e1 \u00fa\u010dinnost<\/strong> - N\u00edzk\u00e1 <a href=\"https:\/\/www.telaled.com\/cs\/fabrica\/placar-eletronico-esportivo-serie-tea\/\">spot\u0159eba energie<\/a> pro ekonomick\u00fd a dlouhodob\u00fd provoz.<\/li>\n<li><strong>Vysok\u00e1 viditelnost<\/strong> Jasn\u00e9 LED diody zaji\u0161\u0165uj\u00ed jasn\u00fd obraz i za denn\u00edho sv\u011btla nebo p\u0159i slab\u00e9m osv\u011btlen\u00ed.<\/li>\n<li><strong>P\u0159izp\u016fsobiteln\u00e9 zpr\u00e1vy<\/strong> Snadno aktualizujte texty, trasy nebo ozn\u00e1men\u00ed pomoc\u00ed flexibiln\u00edho pl\u00e1nov\u00e1n\u00ed.<\/li>\n<\/ul>\n<p><span style=\"font-weight: 400;\">N\u00e1\u0161 t\u00fdm nab\u00edz\u00ed nep\u0159etr\u017eitou vzd\u00e1lenou podporu a 3letou z\u00e1ruku. Kontaktujte n\u00e1s je\u0161t\u011b dnes a z\u00edskejte individu\u00e1ln\u00ed cenovou nab\u00eddku.<\/span><\/p>","protected":false},"featured_media":3849,"template":"","meta":[],"product_brand":[],"product_cat":[48,40,44,46],"product_tag":[],"class_list":{"0":"post-3843","1":"product","2":"type-product","3":"status-publish","4":"has-post-thumbnail","6":"product_cat-paineis-personalizados","7":"product_cat-painel-de-led","8":"product_cat-painel-de-led-flexivel","9":"product_cat-painel-de-video","11":"first","12":"instock","13":"shipping-taxable","14":"product-type-simple"},"yoast_head":"<!-- This site is optimized with the Yoast SEO plugin v27.4 - https:\/\/yoast.com\/product\/yoast-seo-wordpress\/ -->\n<title>Bus LED Display S\u00e9rie TCS | TELALED<\/title>\n<meta name=\"description\" content=\"Bus LED Display sinaliza\u00e7\u00e3o clara e din\u00e2mica para transporte p\u00fablico. Projetado para atualiza\u00e7\u00f5es de rotas, publicidade e informa\u00e7\u00f5es em tempo real.\" \/>\n<meta name=\"robots\" content=\"index, follow, max-snippet:-1, max-image-preview:large, max-video-preview:-1\" \/>\n<link rel=\"canonical\" href=\"https:\/\/www.telaled.com\/cs\/fabrica\/bus-led-display-serie-tcs\/\" \/>\n<meta property=\"og:locale\" content=\"cs_CZ\" \/>\n<meta property=\"og:type\" content=\"article\" \/>\n<meta property=\"og:title\" content=\"Bus LED Display S\u00e9rie TCS | TELALED\" \/>\n<meta property=\"og:description\" content=\"Bus LED Display sinaliza\u00e7\u00e3o clara e din\u00e2mica para transporte p\u00fablico. Projetado para atualiza\u00e7\u00f5es de rotas, publicidade e informa\u00e7\u00f5es em tempo real.\" \/>\n<meta property=\"og:url\" content=\"https:\/\/www.telaled.com\/cs\/fabrica\/bus-led-display-serie-tcs\/\" \/>\n<meta property=\"og:site_name\" content=\"TELALED\" \/>\n<meta property=\"article:modified_time\" content=\"2026-01-07T02:11:30+00:00\" \/>\n<meta property=\"og:image\" content=\"https:\/\/www.telaled.com\/wp-content\/uploads\/2025\/10\/Bus-LED-Display-3.webp\" \/>\n\t<meta property=\"og:image:width\" content=\"500\" \/>\n\t<meta property=\"og:image:height\" content=\"500\" \/>\n\t<meta property=\"og:image:type\" content=\"image\/webp\" \/>\n<meta name=\"twitter:card\" content=\"summary_large_image\" \/>\n<meta name=\"twitter:label1\" content=\"Est. reading time\" \/>\n\t<meta name=\"twitter:data1\" content=\"3 minuty\" \/>\n<script type=\"application\/ld+json\" class=\"yoast-schema-graph\">{\"@context\":\"https:\\\/\\\/schema.org\",\"@graph\":[{\"@type\":\"WebPage\",\"@id\":\"https:\\\/\\\/www.telaled.com\\\/fabrica\\\/bus-led-display-serie-tcs\\\/\",\"url\":\"https:\\\/\\\/www.telaled.com\\\/fabrica\\\/bus-led-display-serie-tcs\\\/\",\"name\":\"Bus LED Display S\u00e9rie TCS | TELALED\",\"isPartOf\":{\"@id\":\"https:\\\/\\\/www.telaled.com\\\/#website\"},\"primaryImageOfPage\":{\"@id\":\"https:\\\/\\\/www.telaled.com\\\/fabrica\\\/bus-led-display-serie-tcs\\\/#primaryimage\"},\"image\":{\"@id\":\"https:\\\/\\\/www.telaled.com\\\/fabrica\\\/bus-led-display-serie-tcs\\\/#primaryimage\"},\"thumbnailUrl\":\"https:\\\/\\\/www.telaled.com\\\/wp-content\\\/uploads\\\/2025\\\/10\\\/Bus-LED-Display-3.webp\",\"datePublished\":\"2025-10-07T12:59:53+00:00\",\"dateModified\":\"2026-01-07T02:11:30+00:00\",\"description\":\"Bus LED Display sinaliza\u00e7\u00e3o clara e din\u00e2mica para transporte p\u00fablico. Projetado para atualiza\u00e7\u00f5es de rotas, publicidade e informa\u00e7\u00f5es em tempo real.\",\"breadcrumb\":{\"@id\":\"https:\\\/\\\/www.telaled.com\\\/fabrica\\\/bus-led-display-serie-tcs\\\/#breadcrumb\"},\"inLanguage\":\"cs\",\"potentialAction\":[{\"@type\":\"ReadAction\",\"target\":[\"https:\\\/\\\/www.telaled.com\\\/fabrica\\\/bus-led-display-serie-tcs\\\/\"]}]},{\"@type\":\"ImageObject\",\"inLanguage\":\"cs\",\"@id\":\"https:\\\/\\\/www.telaled.com\\\/fabrica\\\/bus-led-display-serie-tcs\\\/#primaryimage\",\"url\":\"https:\\\/\\\/www.telaled.com\\\/wp-content\\\/uploads\\\/2025\\\/10\\\/Bus-LED-Display-3.webp\",\"contentUrl\":\"https:\\\/\\\/www.telaled.com\\\/wp-content\\\/uploads\\\/2025\\\/10\\\/Bus-LED-Display-3.webp\",\"width\":500,\"height\":500,\"caption\":\"Multiple Bus LED Display\"},{\"@type\":\"BreadcrumbList\",\"@id\":\"https:\\\/\\\/www.telaled.com\\\/fabrica\\\/bus-led-display-serie-tcs\\\/#breadcrumb\",\"itemListElement\":[{\"@type\":\"ListItem\",\"position\":1,\"name\":\"Home\",\"item\":\"https:\\\/\\\/www.telaled.com\\\/\"},{\"@type\":\"ListItem\",\"position\":2,\"name\":\"Produtos\",\"item\":\"https:\\\/\\\/www.telaled.com\\\/shop\\\/\"},{\"@type\":\"ListItem\",\"position\":3,\"name\":\"Bus LED Display S\u00e9rie TCS\"}]},{\"@type\":\"WebSite\",\"@id\":\"https:\\\/\\\/www.telaled.com\\\/#website\",\"url\":\"https:\\\/\\\/www.telaled.com\\\/\",\"name\":\"TELALED\",\"description\":\"\",\"potentialAction\":[{\"@type\":\"SearchAction\",\"target\":{\"@type\":\"EntryPoint\",\"urlTemplate\":\"https:\\\/\\\/www.telaled.com\\\/?s={search_term_string}\"},\"query-input\":{\"@type\":\"PropertyValueSpecification\",\"valueRequired\":true,\"valueName\":\"search_term_string\"}}],\"inLanguage\":\"cs\"}]}<\/script>\n<!-- \/ Yoast SEO plugin. -->","yoast_head_json":{"title":"LED displej pro autobusy \u0158ada TCS | LED OBRAZOVKA","description":"LED displej pro autobusy: Jasn\u00e9 a dynamick\u00e9 zna\u010den\u00ed pro ve\u0159ejnou dopravu. Ur\u010deno pro aktualizace tras, reklamu a informace v re\u00e1ln\u00e9m \u010dase.","robots":{"index":"index","follow":"follow","max-snippet":"max-snippet:-1","max-image-preview":"max-image-preview:large","max-video-preview":"max-video-preview:-1"},"canonical":"https:\/\/www.telaled.com\/cs\/fabrica\/bus-led-display-serie-tcs\/","og_locale":"cs_CZ","og_type":"article","og_title":"Bus LED Display S\u00e9rie TCS | TELALED","og_description":"Bus LED Display sinaliza\u00e7\u00e3o clara e din\u00e2mica para transporte p\u00fablico. Projetado para atualiza\u00e7\u00f5es de rotas, publicidade e informa\u00e7\u00f5es em tempo real.","og_url":"https:\/\/www.telaled.com\/cs\/fabrica\/bus-led-display-serie-tcs\/","og_site_name":"TELALED","article_modified_time":"2026-01-07T02:11:30+00:00","og_image":[{"width":500,"height":500,"url":"https:\/\/www.telaled.com\/wp-content\/uploads\/2025\/10\/Bus-LED-Display-3.webp","type":"image\/webp"}],"twitter_card":"summary_large_image","twitter_misc":{"Est. reading time":"3 minuty"},"schema":{"@context":"https:\/\/schema.org","@graph":[{"@type":"WebPage","@id":"https:\/\/www.telaled.com\/fabrica\/bus-led-display-serie-tcs\/","url":"https:\/\/www.telaled.com\/fabrica\/bus-led-display-serie-tcs\/","name":"LED displej pro autobusy \u0158ada TCS | LED OBRAZOVKA","isPartOf":{"@id":"https:\/\/www.telaled.com\/#website"},"primaryImageOfPage":{"@id":"https:\/\/www.telaled.com\/fabrica\/bus-led-display-serie-tcs\/#primaryimage"},"image":{"@id":"https:\/\/www.telaled.com\/fabrica\/bus-led-display-serie-tcs\/#primaryimage"},"thumbnailUrl":"https:\/\/www.telaled.com\/wp-content\/uploads\/2025\/10\/Bus-LED-Display-3.webp","datePublished":"2025-10-07T12:59:53+00:00","dateModified":"2026-01-07T02:11:30+00:00","description":"LED displej pro autobusy: Jasn\u00e9 a dynamick\u00e9 zna\u010den\u00ed pro ve\u0159ejnou dopravu. Ur\u010deno pro aktualizace tras, reklamu a informace v re\u00e1ln\u00e9m \u010dase.","breadcrumb":{"@id":"https:\/\/www.telaled.com\/fabrica\/bus-led-display-serie-tcs\/#breadcrumb"},"inLanguage":"cs","potentialAction":[{"@type":"ReadAction","target":["https:\/\/www.telaled.com\/fabrica\/bus-led-display-serie-tcs\/"]}]},{"@type":"ImageObject","inLanguage":"cs","@id":"https:\/\/www.telaled.com\/fabrica\/bus-led-display-serie-tcs\/#primaryimage","url":"https:\/\/www.telaled.com\/wp-content\/uploads\/2025\/10\/Bus-LED-Display-3.webp","contentUrl":"https:\/\/www.telaled.com\/wp-content\/uploads\/2025\/10\/Bus-LED-Display-3.webp","width":500,"height":500,"caption":"Multiple Bus LED Display"},{"@type":"BreadcrumbList","@id":"https:\/\/www.telaled.com\/fabrica\/bus-led-display-serie-tcs\/#breadcrumb","itemListElement":[{"@type":"ListItem","position":1,"name":"Home","item":"https:\/\/www.telaled.com\/"},{"@type":"ListItem","position":2,"name":"Produtos","item":"https:\/\/www.telaled.com\/shop\/"},{"@type":"ListItem","position":3,"name":"Bus LED Display S\u00e9rie TCS"}]},{"@type":"WebSite","@id":"https:\/\/www.telaled.com\/#website","url":"https:\/\/www.telaled.com\/","name":"LED obrazovka","description":"","potentialAction":[{"@type":"SearchAction","target":{"@type":"EntryPoint","urlTemplate":"https:\/\/www.telaled.com\/?s={search_term_string}"},"query-input":{"@type":"PropertyValueSpecification","valueRequired":true,"valueName":"search_term_string"}}],"inLanguage":"cs"}]}},"_links":{"self":[{"href":"https:\/\/www.telaled.com\/cs\/wp-json\/wp\/v2\/product\/3843","targetHints":{"allow":["GET"]}}],"collection":[{"href":"https:\/\/www.telaled.com\/cs\/wp-json\/wp\/v2\/product"}],"about":[{"href":"https:\/\/www.telaled.com\/cs\/wp-json\/wp\/v2\/types\/product"}],"wp:featuredmedia":[{"embeddable":true,"href":"https:\/\/www.telaled.com\/cs\/wp-json\/wp\/v2\/media\/3849"}],"wp:attachment":[{"href":"https:\/\/www.telaled.com\/cs\/wp-json\/wp\/v2\/media?parent=3843"}],"wp:term":[{"taxonomy":"product_brand","embeddable":true,"href":"https:\/\/www.telaled.com\/cs\/wp-json\/wp\/v2\/product_brand?post=3843"},{"taxonomy":"product_cat","embeddable":true,"href":"https:\/\/www.telaled.com\/cs\/wp-json\/wp\/v2\/product_cat?post=3843"},{"taxonomy":"product_tag","embeddable":true,"href":"https:\/\/www.telaled.com\/cs\/wp-json\/wp\/v2\/product_tag?post=3843"}],"curies":[{"name":"wp","href":"https:\/\/api.w.org\/{rel}","templated":true}]}}