{"id":3751,"date":"2025-10-02T18:10:45","date_gmt":"2025-10-02T18:10:45","guid":{"rendered":"https:\/\/www.telaled.com\/?post_type=product&#038;p=3751"},"modified":"2025-12-27T08:01:12","modified_gmt":"2025-12-27T08:01:12","slug":"placar-eletronico-para-basquete-serie-tee","status":"publish","type":"product","link":"https:\/\/www.telaled.com\/cs\/fabrica\/placar-eletronico-para-basquete-serie-tee\/","title":{"rendered":"Elektronick\u00e1 v\u00fdsledkov\u00e1 tabule pro basketbal, \u0159ada TEE"},"content":{"rendered":"<div class=\"row\"  id=\"row-638574745\">\n\n\t<div id=\"col-969386991\" class=\"col small-12 large-12\"  >\n\t\t\t\t<div class=\"col-inner\"  >\n\t\t\t\n\t\t\t\n<h2><strong>Exkluzivn\u00ed v\u00fdhody elektronick\u00e9 v\u00fdsledkov\u00e9 tabule pro basketbal s\u00e9rie TEE<\/strong><\/h2>\n<h3><strong>Profesion\u00e1ln\u00ed z\u00e1kladn\u00ed deska<\/strong><\/h3>\n<ul>\n<li>Stabiln\u00ed, v\u00edcevrstv\u00fd design zaji\u0161\u0165uje konzistentn\u00ed hern\u00ed v\u00fdkon.<\/li>\n<li>Optimalizovan\u00e9 uspo\u0159\u00e1d\u00e1n\u00ed zabra\u0148uje p\u0159eh\u0159\u00e1t\u00ed a poru\u0161e.<\/li>\n<li>Dlouh\u00e1 \u017eivotnost s minim\u00e1ln\u00edmi n\u00e1roky na \u00fadr\u017ebu.<\/li>\n<\/ul>\n<h3><strong>Bezdr\u00e1tov\u00e9 d\u00e1lkov\u00e9 ovl\u00e1d\u00e1n\u00ed<\/strong><\/h3>\n<ul>\n<li>Snadn\u00e9 bodov\u00e1n\u00ed a \u00fapravy \u010dasu stisknut\u00edm tla\u010d\u00edtka.<\/li>\n<li>Efektivn\u00ed provozn\u00ed dosah a\u017e 30 metr\u016f.<\/li>\n<li>Flexibiln\u00ed edita\u010dn\u00ed funkce pro rychlou spr\u00e1vu shod.<\/li>\n<\/ul>\n<h3><strong>Odoln\u00e1 slitinov\u00e1 konstrukce<\/strong><\/h3>\n<ul>\n<li>Pevn\u00e1 a z\u00e1rove\u0148 lehk\u00e1 konstrukce pro stabilitu a p\u0159enosnost.<\/li>\n<li>Odoln\u00fd v\u016f\u010di n\u00e1raz\u016fm a ka\u017edodenn\u00edmu opot\u0159eben\u00ed b\u011bhem intenzivn\u00edho hran\u00ed.<\/li>\n<li>Vyrobeno tak, aby vydr\u017eelo n\u011bkolik sez\u00f3n.<\/li>\n<\/ul>\n<h3><strong>LED displej s vysok\u00fdm rozli\u0161en\u00edm<\/strong><\/h3>\n<ul>\n<li>Velk\u00e1, jasn\u00e1 \u010d\u00edsla, viditeln\u00e1 i na velk\u00fdch ar\u00e9n\u00e1ch.<\/li>\n<li>P\u0159esn\u011b sleduje body, absence, obdob\u00ed a \u010das.<\/li>\n<li>Zaujme publikum t\u00edm, \u017ee udr\u017euje sk\u00f3re jasn\u00e9 ze v\u0161ech \u00fahl\u016f.<\/li>\n<\/ul>\n<h2><strong>Detaily produktu<\/strong><\/h2>\n<div class=\"row\"  id=\"row-730471763\">\n\n\t<div id=\"col-1268154575\" class=\"col medium-10 small-12 large-10\"  >\n\t\t\t\t<div class=\"col-inner text-left\"  >\n\t\t\t\n\t\t\t\n<ul>\n<li><strong>Kompletn\u00ed hern\u00ed panel<\/strong> Ten\/Ta\/To <strong>Elektronick\u00e1 v\u00fdsledkov\u00e1 tabule pro basketbal, \u0159ada TEE<\/strong> Zobrazuje pauzy, fauly, sk\u00f3re dom\u00e1c\u00edho i venkovn\u00edho z\u00e1pasu a 14\/24sekundov\u00fd \u010dasom\u011br. Dod\u00e1v\u00e1 se se specializovan\u00fdm hern\u00edm ovlada\u010dem pro plynul\u00fd chod a integrovan\u00fdm bzu\u010d\u00e1kem pro signalizaci kl\u00ed\u010dov\u00fdch moment\u016f, co\u017e zaji\u0161\u0165uje p\u0159esn\u00e9 a profesion\u00e1ln\u00ed \u0159\u00edzen\u00ed z\u00e1pasu.<\/li>\n<\/ul>\n\t<div class=\"img has-hover x md-x lg-x y md-y lg-y\" id=\"image_1381041115\">\n\t\t\t\t\t\t\t\t<div class=\"img-inner dark\" >\n\t\t\t<img loading=\"lazy\" decoding=\"async\" width=\"800\" height=\"800\" src=\"https:\/\/www.telaled.com\/wp-content\/uploads\/2025\/10\/Scoreboard-Features-Game-Display.webp\" class=\"attachment-large size-large\" alt=\"Elektronick\u00e1 v\u00fdsledkov\u00e1 tabule pro basketbal - hern\u00ed displej\" srcset=\"https:\/\/www.telaled.com\/wp-content\/uploads\/2025\/10\/Scoreboard-Features-Game-Display.webp 800w, https:\/\/www.telaled.com\/wp-content\/uploads\/2025\/10\/Scoreboard-Features-Game-Display-300x300.webp 300w, https:\/\/www.telaled.com\/wp-content\/uploads\/2025\/10\/Scoreboard-Features-Game-Display-150x150.webp 150w, https:\/\/www.telaled.com\/wp-content\/uploads\/2025\/10\/Scoreboard-Features-Game-Display-768x768.webp 768w, https:\/\/www.telaled.com\/wp-content\/uploads\/2025\/10\/Scoreboard-Features-Game-Display-12x12.webp 12w, https:\/\/www.telaled.com\/wp-content\/uploads\/2025\/10\/Scoreboard-Features-Game-Display-600x600.webp 600w, https:\/\/www.telaled.com\/wp-content\/uploads\/2025\/10\/Scoreboard-Features-Game-Display-100x100.webp 100w\" sizes=\"auto, (max-width: 800px) 100vw, 800px\" \/>\t\t\t\t\t\t\n\t\t\t\t\t<\/div>\n\t\t\t\t\t\t\t\t\n<style>\n#image_1381041115 {\n  width: 80%;\n}\n<\/style>\n\t<\/div>\n\t\n<ul>\n<li><strong>Kompaktn\u00ed, a p\u0159esto viditeln\u00e9.<\/strong> \u2013 Hlavn\u00ed v\u00fdsledkov\u00e1 tabule m\u00e1 rozm\u011bry 58 cm x 35 cm (22,8 palce x 13,8 palce), zat\u00edmco hodiny s 14\/24 sekundami maj\u00ed rozm\u011bry 33 cm x 25 cm (13 palc\u016f x 9,8 palce). Jej\u00ed celkov\u00e9 rozm\u011bry, navr\u017een\u00e9 pro p\u0159ehlednost a efektivitu, nab\u00edzej\u00ed perfektn\u00ed rovnov\u00e1hu mezi p\u0159enosnost\u00ed a vysokou viditelnost\u00ed, d\u00edky \u010demu\u017e je ide\u00e1ln\u00ed pro r\u016fzn\u00e1 basketbalov\u00e1 h\u0159i\u0161t\u011b.<\/li>\n<\/ul>\n\t<div class=\"img has-hover x md-x lg-x y md-y lg-y\" id=\"image_50295930\">\n\t\t\t\t\t\t\t\t<div class=\"img-inner dark\" >\n\t\t\t<img loading=\"lazy\" decoding=\"async\" width=\"1080\" height=\"1080\" src=\"https:\/\/www.telaled.com\/wp-content\/uploads\/2025\/10\/Sizing.webp\" class=\"attachment-original size-original\" alt=\"\" srcset=\"https:\/\/www.telaled.com\/wp-content\/uploads\/2025\/10\/Sizing.webp 1080w, https:\/\/www.telaled.com\/wp-content\/uploads\/2025\/10\/Sizing-300x300.webp 300w, https:\/\/www.telaled.com\/wp-content\/uploads\/2025\/10\/Sizing-1024x1024.webp 1024w, https:\/\/www.telaled.com\/wp-content\/uploads\/2025\/10\/Sizing-150x150.webp 150w, https:\/\/www.telaled.com\/wp-content\/uploads\/2025\/10\/Sizing-768x768.webp 768w, https:\/\/www.telaled.com\/wp-content\/uploads\/2025\/10\/Sizing-12x12.webp 12w, https:\/\/www.telaled.com\/wp-content\/uploads\/2025\/10\/Sizing-600x600.webp 600w, https:\/\/www.telaled.com\/wp-content\/uploads\/2025\/10\/Sizing-100x100.webp 100w\" sizes=\"auto, (max-width: 1080px) 100vw, 1080px\" \/>\t\t\t\t\t\t\n\t\t\t\t\t<\/div>\n\t\t\t\t\t\t\t\t\n<style>\n#image_50295930 {\n  width: 80%;\n}\n<\/style>\n\t<\/div>\n\t\n<ul>\n<li><strong>Konzola s dotykov\u00fdm LCD displejem<\/strong> \u2013 Ur\u010deno pro <strong>Elektronick\u00e1 v\u00fdsledkov\u00e1 tabule pro basketbal, \u0159ada TEE<\/strong>, Tato konzole je vybavena ant\u00e9nou, nab\u00edjec\u00edm portem typu C, stylusem a responzivn\u00ed obrazovkou. Umo\u017e\u0148uje oper\u00e1tor\u016fm rychle a p\u0159esn\u011b aktualizovat sk\u00f3re, ovl\u00e1dat hodiny nadhozu a zaznamen\u00e1vat fauly nebo timeouty.<\/li>\n<\/ul>\n\t<div class=\"img has-hover x md-x lg-x y md-y lg-y\" id=\"image_1238813410\">\n\t\t\t\t\t\t\t\t<div class=\"img-inner dark\" >\n\t\t\t<img loading=\"lazy\" decoding=\"async\" width=\"750\" height=\"750\" src=\"https:\/\/www.telaled.com\/wp-content\/uploads\/2025\/10\/Controller.webp\" class=\"attachment-large size-large\" alt=\"\" srcset=\"https:\/\/www.telaled.com\/wp-content\/uploads\/2025\/10\/Controller.webp 750w, https:\/\/www.telaled.com\/wp-content\/uploads\/2025\/10\/Controller-300x300.webp 300w, https:\/\/www.telaled.com\/wp-content\/uploads\/2025\/10\/Controller-150x150.webp 150w, https:\/\/www.telaled.com\/wp-content\/uploads\/2025\/10\/Controller-12x12.webp 12w, https:\/\/www.telaled.com\/wp-content\/uploads\/2025\/10\/Controller-600x600.webp 600w, https:\/\/www.telaled.com\/wp-content\/uploads\/2025\/10\/Controller-100x100.webp 100w\" sizes=\"auto, (max-width: 750px) 100vw, 750px\" \/>\t\t\t\t\t\t\n\t\t\t\t\t<\/div>\n\t\t\t\t\t\t\t\t\n<style>\n#image_1238813410 {\n  width: 80%;\n}\n<\/style>\n\t<\/div>\n\t\n<ul>\n<li><strong>Mo\u017enosti nap\u00e1jen\u00ed a p\u0159ipojen\u00ed<\/strong> \u2013 Jak v\u00fdsledkov\u00e1 tabule, tak i hodinky s tlumi\u010dem podporuj\u00ed nab\u00edjen\u00ed p\u0159es port typu C pro rychl\u00e9 a spolehliv\u00e9 nap\u00e1jen\u00ed. Jsou kompatibiln\u00ed s dob\u00edjec\u00edmi bateriemi, co\u017e nab\u00edz\u00ed flexibilitu pro nep\u0159etr\u017eit\u00e9 pou\u017e\u00edv\u00e1n\u00ed, a\u0165 u\u017e p\u0159i tr\u00e9ninc\u00edch nebo ofici\u00e1ln\u00edch z\u00e1pasech.<\/li>\n<\/ul>\n\t<div class=\"img has-hover x md-x lg-x y md-y lg-y\" id=\"image_534281390\">\n\t\t\t\t\t\t\t\t<div class=\"img-inner dark\" >\n\t\t\t<img loading=\"lazy\" decoding=\"async\" width=\"800\" height=\"694\" src=\"https:\/\/www.telaled.com\/wp-content\/uploads\/2025\/10\/Other-Details.webp\" class=\"attachment-large size-large\" alt=\"\" srcset=\"https:\/\/www.telaled.com\/wp-content\/uploads\/2025\/10\/Other-Details.webp 800w, https:\/\/www.telaled.com\/wp-content\/uploads\/2025\/10\/Other-Details-300x260.webp 300w, https:\/\/www.telaled.com\/wp-content\/uploads\/2025\/10\/Other-Details-768x666.webp 768w, https:\/\/www.telaled.com\/wp-content\/uploads\/2025\/10\/Other-Details-14x12.webp 14w, https:\/\/www.telaled.com\/wp-content\/uploads\/2025\/10\/Other-Details-600x521.webp 600w\" sizes=\"auto, (max-width: 800px) 100vw, 800px\" \/>\t\t\t\t\t\t\n\t\t\t\t\t<\/div>\n\t\t\t\t\t\t\t\t\n<style>\n#image_534281390 {\n  width: 80%;\n}\n<\/style>\n\t<\/div>\n\t\n<ul>\n<li><strong>Elektronick\u00e1 v\u00fdsledkov\u00e1 tabule pro basketbal, \u0159ada TEE <\/strong>Jsou baleny v zes\u00edlen\u00fdch d\u0159ev\u011bn\u00fdch bedn\u00e1ch pro zaji\u0161t\u011bn\u00ed bezpe\u010dn\u00e9 p\u0159epravy. Ka\u017ed\u00e1 jednotka je pevn\u011b zaji\u0161t\u011bna, aby byla chr\u00e1n\u011bna p\u0159ed n\u00e1razy a \u0161k\u016fdci, co\u017e zaru\u010duje, \u017ee doraz\u00ed neporu\u0161en\u00e1 a s dlouhou trvanlivost\u00ed.<\/li>\n<\/ul>\n\t<div class=\"img has-hover x md-x lg-x y md-y lg-y\" id=\"image_796292577\">\n\t\t\t\t\t\t\t\t<div class=\"img-inner dark\" >\n\t\t\t<img loading=\"lazy\" decoding=\"async\" width=\"760\" height=\"1024\" src=\"https:\/\/www.telaled.com\/wp-content\/uploads\/2025\/08\/36123f2c-de60-488d-af81-255cd4aee54a-760x1024.webp\" class=\"attachment-large size-large\" alt=\"\" srcset=\"https:\/\/www.telaled.com\/wp-content\/uploads\/2025\/08\/36123f2c-de60-488d-af81-255cd4aee54a-760x1024.webp 760w, https:\/\/www.telaled.com\/wp-content\/uploads\/2025\/08\/36123f2c-de60-488d-af81-255cd4aee54a-223x300.webp 223w, https:\/\/www.telaled.com\/wp-content\/uploads\/2025\/08\/36123f2c-de60-488d-af81-255cd4aee54a-768x1035.webp 768w, https:\/\/www.telaled.com\/wp-content\/uploads\/2025\/08\/36123f2c-de60-488d-af81-255cd4aee54a-9x12.webp 9w, https:\/\/www.telaled.com\/wp-content\/uploads\/2025\/08\/36123f2c-de60-488d-af81-255cd4aee54a-600x808.webp 600w, https:\/\/www.telaled.com\/wp-content\/uploads\/2025\/08\/36123f2c-de60-488d-af81-255cd4aee54a.webp 795w\" sizes=\"auto, (max-width: 760px) 100vw, 760px\" \/>\t\t\t\t\t\t\n\t\t\t\t\t<\/div>\n\t\t\t\t\t\t\t\t\n<style>\n#image_796292577 {\n  width: 80%;\n}\n<\/style>\n\t<\/div>\n\t\n\n<table id=\"tablepress-94\" class=\"tablepress tablepress-id-94\">\n<thead>\n<tr class=\"row-1\">\n\t<th colspan=\"4\" class=\"column-1\">Prezentace produktu<\/th>\n<\/tr>\n<\/thead>\n<tbody class=\"row-striping row-hover\">\n<tr class=\"row-2\">\n\t<td class=\"column-1\">Definovat v\u010detn\u011b<\/td><td class=\"column-2\">1* V\u00fdsledkov\u00e1 tabule, 2* 24vte\u0159inov\u00e9 hodiny, 1* Hern\u00ed konzole, 1* Po\u010d\u00edtadlo dr\u017een\u00ed m\u00ed\u010de, 1* Klakson<\/td><td class=\"column-3\"><\/td><td class=\"column-4\"><\/td>\n<\/tr>\n<tr class=\"row-3\">\n\t<td class=\"column-1\">Velikost produktu<\/td><td class=\"column-2\">Rozm\u011bry v\u00fdsledkov\u00e9 tabule: 58*35*2,3 cm (22,8*13,8*0,9 palce)<br \/>\n24sekundov\u00e9 hodiny: 33*25*2,3 cm (13*9,8*0,9 palce)<br \/>\nRozm\u011bry dr\u017een\u00ed m\u00ed\u010de: 48*18*2,3 cm (18,9*7,1*0,9 palce)<br \/>\nRozm\u011bry hern\u00ed konzole: 18,7*13*3 cm (7,36*5,1*1,18 palce)<\/td><td class=\"column-3\"><\/td><td class=\"column-4\"><\/td>\n<\/tr>\n<tr class=\"row-4\">\n\t<td class=\"column-1\">Zdroj energie<\/td><td class=\"column-2\">1 a\u017e 3 baterie 18650 pro ukazatel sk\u00f3re\/hodiny st\u0159elby\/mo\u017enost (baterie nejsou sou\u010d\u00e1st\u00ed balen\u00ed)<br \/>\n3 AA baterie pro klakson (baterie nejsou sou\u010d\u00e1st\u00ed balen\u00ed)<br \/>\nNap\u00e1jec\u00ed zdroj typu C pro hern\u00ed konzoli<\/td><td class=\"column-3\"><\/td><td class=\"column-4\"><\/td>\n<\/tr>\n<tr class=\"row-5\">\n\t<td class=\"column-1\">Zdroj<\/td><td class=\"column-2\">P\u0159enosn\u00fd, profesion\u00e1ln\u00ed, synchroniza\u010dn\u00ed<\/td><td class=\"column-3\"><\/td><td class=\"column-4\"><\/td>\n<\/tr>\n<tr class=\"row-6\">\n\t<td class=\"column-1\">Aplikace<\/td><td class=\"column-2\">Vnit\u0159n\u00ed i venkovn\u00ed basketbalov\u00e9 h\u0159i\u0161t\u011b, zobrazen\u00ed v\u00fdsledk\u016f z\u00e1pas\u016f.<\/td><td class=\"column-3\"><\/td><td class=\"column-4\"><\/td>\n<\/tr>\n<\/tbody>\n<\/table>\n<!-- #tablepress-94 from cache -->\n\t\t<\/div>\n\t\t\t\t\t<\/div>\n\n\t\n<\/div>\n\t\t<\/div>\n\t\t\t\t\t<\/div>\n\n\t\n<\/div>","protected":false},"excerpt":{"rendered":"<p><strong>Elektronick\u00e1 v\u00fdsledkov\u00e1 tabule pro basketbal s\u00e9rie TEE \u2013 P\u0159esn\u00e9 sk\u00f3re pro ka\u017ed\u00fd z\u00e1pas<\/strong><\/p>\n<p>O <em><strong>Elektronick\u00e1 v\u00fdsledkov\u00e1 tabule pro basketbal, \u0159ada TEE<\/strong><\/em> Byl navr\u017een tak, aby hr\u00e1\u010d\u016fm i fanou\u0161k\u016fm zobrazoval ka\u017ed\u00fd bod, \u010dtvrtinu a timeout. D\u00edky jasn\u00fdm LED \u010d\u00edslic\u00edm, spolehliv\u00e9mu v\u00fdkonu a snadno pou\u017eiteln\u00e9mu ovl\u00e1d\u00e1n\u00ed nab\u00edz\u00ed profesion\u00e1ln\u00ed sk\u00f3rov\u00e1n\u00ed pro \u0161koly, t\u011blocvi\u010dny a ar\u00e9ny.<\/p>\n<p><strong>Hlavn\u00ed v\u00fdhody:<\/strong><\/p>\n<ul>\n<li><strong>Okam\u017eit\u00e9 aktualizace sk\u00f3re<\/strong> \u2013 Zobrazuje body, fauly a \u010dtvrtiny v re\u00e1ln\u00e9m \u010dase pro plynul\u00fd pr\u016fb\u011bh hry.<\/li>\n<li><strong>Vysoce viditeln\u00e9 LED diody<\/strong> Velk\u00e9, jasn\u00e9 \u010d\u00edslice jasn\u011b ukazuj\u00ed sk\u00f3re z jak\u00e9hokoli rohu kurtu.<\/li>\n<li><strong>Odoln\u00e1 konstrukce<\/strong> \u2013 Navr\u017eeno pro rychl\u00e9 hern\u00ed tempo s odoln\u00fdmi komponenty.<\/li>\n<li><strong>Snadn\u00e1 obsluha<\/strong> Jednoduch\u00fd syst\u00e9m ovl\u00e1d\u00e1n\u00ed zaji\u0161\u0165uje, \u017ee rozhod\u010d\u00ed a funkcion\u00e1\u0159i mohou rychle aktualizovat sk\u00f3re.<\/li>\n<\/ul>\n<p><span style=\"font-weight: 400;\">N\u00e1\u0161 t\u00fdm nab\u00edz\u00ed nep\u0159etr\u017eitou vzd\u00e1lenou podporu a 3letou z\u00e1ruku. Kontaktujte n\u00e1s je\u0161t\u011b dnes a z\u00edskejte individu\u00e1ln\u00ed cenovou nab\u00eddku.<\/span><\/p>","protected":false},"featured_media":3756,"template":"","meta":[],"product_brand":[],"product_cat":[48,40,44,46],"product_tag":[],"class_list":{"0":"post-3751","1":"product","2":"type-product","3":"status-publish","4":"has-post-thumbnail","6":"product_cat-paineis-personalizados","7":"product_cat-painel-de-led","8":"product_cat-painel-de-led-flexivel","9":"product_cat-painel-de-video","11":"first","12":"instock","13":"shipping-taxable","14":"product-type-simple"},"yoast_head":"<!-- This site is optimized with the Yoast SEO plugin v27.4 - https:\/\/yoast.com\/product\/yoast-seo-wordpress\/ -->\n<title>Placar Eletr\u00f4nico Para Basquete S\u00e9rie TEE | TELALED<\/title>\n<meta name=\"description\" content=\"O placar eletr\u00f4nico para basquete s\u00e9rie TEE mant\u00e9m cada jogo preciso e emocionante com pontua\u00e7\u00e3o em LED brilhante. Pe\u00e7a j\u00e1!\" \/>\n<meta name=\"robots\" content=\"index, follow, max-snippet:-1, max-image-preview:large, max-video-preview:-1\" \/>\n<link rel=\"canonical\" href=\"https:\/\/www.telaled.com\/cs\/fabrica\/placar-eletronico-para-basquete-serie-tee\/\" \/>\n<meta property=\"og:locale\" content=\"cs_CZ\" \/>\n<meta property=\"og:type\" content=\"article\" \/>\n<meta property=\"og:title\" content=\"Placar Eletr\u00f4nico Para Basquete S\u00e9rie TEE | TELALED\" \/>\n<meta property=\"og:description\" content=\"O placar eletr\u00f4nico para basquete s\u00e9rie TEE mant\u00e9m cada jogo preciso e emocionante com pontua\u00e7\u00e3o em LED brilhante. Pe\u00e7a j\u00e1!\" \/>\n<meta property=\"og:url\" content=\"https:\/\/www.telaled.com\/cs\/fabrica\/placar-eletronico-para-basquete-serie-tee\/\" \/>\n<meta property=\"og:site_name\" content=\"TELALED\" \/>\n<meta property=\"article:modified_time\" content=\"2025-12-27T08:01:12+00:00\" \/>\n<meta property=\"og:image\" content=\"https:\/\/www.telaled.com\/wp-content\/uploads\/2025\/10\/Electronic-Basketball-Scoreboard-2.webp\" \/>\n\t<meta property=\"og:image:width\" content=\"500\" \/>\n\t<meta property=\"og:image:height\" content=\"500\" \/>\n\t<meta property=\"og:image:type\" content=\"image\/webp\" \/>\n<meta name=\"twitter:card\" content=\"summary_large_image\" \/>\n<meta name=\"twitter:label1\" content=\"Est. reading time\" \/>\n\t<meta name=\"twitter:data1\" content=\"3 minuty\" \/>\n<script type=\"application\/ld+json\" class=\"yoast-schema-graph\">{\"@context\":\"https:\\\/\\\/schema.org\",\"@graph\":[{\"@type\":\"WebPage\",\"@id\":\"https:\\\/\\\/www.telaled.com\\\/fabrica\\\/placar-eletronico-para-basquete-serie-tee\\\/\",\"url\":\"https:\\\/\\\/www.telaled.com\\\/fabrica\\\/placar-eletronico-para-basquete-serie-tee\\\/\",\"name\":\"Placar Eletr\u00f4nico Para Basquete S\u00e9rie TEE | TELALED\",\"isPartOf\":{\"@id\":\"https:\\\/\\\/www.telaled.com\\\/#website\"},\"primaryImageOfPage\":{\"@id\":\"https:\\\/\\\/www.telaled.com\\\/fabrica\\\/placar-eletronico-para-basquete-serie-tee\\\/#primaryimage\"},\"image\":{\"@id\":\"https:\\\/\\\/www.telaled.com\\\/fabrica\\\/placar-eletronico-para-basquete-serie-tee\\\/#primaryimage\"},\"thumbnailUrl\":\"https:\\\/\\\/www.telaled.com\\\/wp-content\\\/uploads\\\/2025\\\/10\\\/Electronic-Basketball-Scoreboard-2.webp\",\"datePublished\":\"2025-10-02T18:10:45+00:00\",\"dateModified\":\"2025-12-27T08:01:12+00:00\",\"description\":\"O placar eletr\u00f4nico para basquete s\u00e9rie TEE mant\u00e9m cada jogo preciso e emocionante com pontua\u00e7\u00e3o em LED brilhante. Pe\u00e7a j\u00e1!\",\"breadcrumb\":{\"@id\":\"https:\\\/\\\/www.telaled.com\\\/fabrica\\\/placar-eletronico-para-basquete-serie-tee\\\/#breadcrumb\"},\"inLanguage\":\"cs\",\"potentialAction\":[{\"@type\":\"ReadAction\",\"target\":[\"https:\\\/\\\/www.telaled.com\\\/fabrica\\\/placar-eletronico-para-basquete-serie-tee\\\/\"]}]},{\"@type\":\"ImageObject\",\"inLanguage\":\"cs\",\"@id\":\"https:\\\/\\\/www.telaled.com\\\/fabrica\\\/placar-eletronico-para-basquete-serie-tee\\\/#primaryimage\",\"url\":\"https:\\\/\\\/www.telaled.com\\\/wp-content\\\/uploads\\\/2025\\\/10\\\/Electronic-Basketball-Scoreboard-2.webp\",\"contentUrl\":\"https:\\\/\\\/www.telaled.com\\\/wp-content\\\/uploads\\\/2025\\\/10\\\/Electronic-Basketball-Scoreboard-2.webp\",\"width\":500,\"height\":500,\"caption\":\"Placar Eletr\u00f4nico Para Basquete S\u00e9rie TEE\"},{\"@type\":\"BreadcrumbList\",\"@id\":\"https:\\\/\\\/www.telaled.com\\\/fabrica\\\/placar-eletronico-para-basquete-serie-tee\\\/#breadcrumb\",\"itemListElement\":[{\"@type\":\"ListItem\",\"position\":1,\"name\":\"Home\",\"item\":\"https:\\\/\\\/www.telaled.com\\\/\"},{\"@type\":\"ListItem\",\"position\":2,\"name\":\"Produtos\",\"item\":\"https:\\\/\\\/www.telaled.com\\\/shop\\\/\"},{\"@type\":\"ListItem\",\"position\":3,\"name\":\"Placar Eletr\u00f4nico Para Basquete S\u00e9rie TEE\"}]},{\"@type\":\"WebSite\",\"@id\":\"https:\\\/\\\/www.telaled.com\\\/#website\",\"url\":\"https:\\\/\\\/www.telaled.com\\\/\",\"name\":\"TELALED\",\"description\":\"\",\"potentialAction\":[{\"@type\":\"SearchAction\",\"target\":{\"@type\":\"EntryPoint\",\"urlTemplate\":\"https:\\\/\\\/www.telaled.com\\\/?s={search_term_string}\"},\"query-input\":{\"@type\":\"PropertyValueSpecification\",\"valueRequired\":true,\"valueName\":\"search_term_string\"}}],\"inLanguage\":\"cs\"}]}<\/script>\n<!-- \/ Yoast SEO plugin. -->","yoast_head_json":{"title":"Elektronick\u00e1 v\u00fdsledkov\u00e1 tabule pro basketbal TEE Series | TELALED","description":"Elektronick\u00e1 basketbalov\u00e1 v\u00fdsledkov\u00e1 tabule \u0159ady TEE d\u00edky jasn\u00e9mu LED ukazateli sk\u00f3re zajist\u00ed p\u0159esnost a nap\u00ednavost ka\u017ed\u00e9ho z\u00e1pasu. Objednejte si ji hned te\u010f!","robots":{"index":"index","follow":"follow","max-snippet":"max-snippet:-1","max-image-preview":"max-image-preview:large","max-video-preview":"max-video-preview:-1"},"canonical":"https:\/\/www.telaled.com\/cs\/fabrica\/placar-eletronico-para-basquete-serie-tee\/","og_locale":"cs_CZ","og_type":"article","og_title":"Placar Eletr\u00f4nico Para Basquete S\u00e9rie TEE | TELALED","og_description":"O placar eletr\u00f4nico para basquete s\u00e9rie TEE mant\u00e9m cada jogo preciso e emocionante com pontua\u00e7\u00e3o em LED brilhante. Pe\u00e7a j\u00e1!","og_url":"https:\/\/www.telaled.com\/cs\/fabrica\/placar-eletronico-para-basquete-serie-tee\/","og_site_name":"TELALED","article_modified_time":"2025-12-27T08:01:12+00:00","og_image":[{"width":500,"height":500,"url":"https:\/\/www.telaled.com\/wp-content\/uploads\/2025\/10\/Electronic-Basketball-Scoreboard-2.webp","type":"image\/webp"}],"twitter_card":"summary_large_image","twitter_misc":{"Est. reading time":"3 minuty"},"schema":{"@context":"https:\/\/schema.org","@graph":[{"@type":"WebPage","@id":"https:\/\/www.telaled.com\/fabrica\/placar-eletronico-para-basquete-serie-tee\/","url":"https:\/\/www.telaled.com\/fabrica\/placar-eletronico-para-basquete-serie-tee\/","name":"Elektronick\u00e1 v\u00fdsledkov\u00e1 tabule pro basketbal TEE Series | TELALED","isPartOf":{"@id":"https:\/\/www.telaled.com\/#website"},"primaryImageOfPage":{"@id":"https:\/\/www.telaled.com\/fabrica\/placar-eletronico-para-basquete-serie-tee\/#primaryimage"},"image":{"@id":"https:\/\/www.telaled.com\/fabrica\/placar-eletronico-para-basquete-serie-tee\/#primaryimage"},"thumbnailUrl":"https:\/\/www.telaled.com\/wp-content\/uploads\/2025\/10\/Electronic-Basketball-Scoreboard-2.webp","datePublished":"2025-10-02T18:10:45+00:00","dateModified":"2025-12-27T08:01:12+00:00","description":"Elektronick\u00e1 basketbalov\u00e1 v\u00fdsledkov\u00e1 tabule \u0159ady TEE d\u00edky jasn\u00e9mu LED ukazateli sk\u00f3re zajist\u00ed p\u0159esnost a nap\u00ednavost ka\u017ed\u00e9ho z\u00e1pasu. Objednejte si ji hned te\u010f!","breadcrumb":{"@id":"https:\/\/www.telaled.com\/fabrica\/placar-eletronico-para-basquete-serie-tee\/#breadcrumb"},"inLanguage":"cs","potentialAction":[{"@type":"ReadAction","target":["https:\/\/www.telaled.com\/fabrica\/placar-eletronico-para-basquete-serie-tee\/"]}]},{"@type":"ImageObject","inLanguage":"cs","@id":"https:\/\/www.telaled.com\/fabrica\/placar-eletronico-para-basquete-serie-tee\/#primaryimage","url":"https:\/\/www.telaled.com\/wp-content\/uploads\/2025\/10\/Electronic-Basketball-Scoreboard-2.webp","contentUrl":"https:\/\/www.telaled.com\/wp-content\/uploads\/2025\/10\/Electronic-Basketball-Scoreboard-2.webp","width":500,"height":500,"caption":"Placar Eletr\u00f4nico Para Basquete S\u00e9rie TEE"},{"@type":"BreadcrumbList","@id":"https:\/\/www.telaled.com\/fabrica\/placar-eletronico-para-basquete-serie-tee\/#breadcrumb","itemListElement":[{"@type":"ListItem","position":1,"name":"Home","item":"https:\/\/www.telaled.com\/"},{"@type":"ListItem","position":2,"name":"Produtos","item":"https:\/\/www.telaled.com\/shop\/"},{"@type":"ListItem","position":3,"name":"Placar Eletr\u00f4nico Para Basquete S\u00e9rie TEE"}]},{"@type":"WebSite","@id":"https:\/\/www.telaled.com\/#website","url":"https:\/\/www.telaled.com\/","name":"LED obrazovka","description":"","potentialAction":[{"@type":"SearchAction","target":{"@type":"EntryPoint","urlTemplate":"https:\/\/www.telaled.com\/?s={search_term_string}"},"query-input":{"@type":"PropertyValueSpecification","valueRequired":true,"valueName":"search_term_string"}}],"inLanguage":"cs"}]}},"_links":{"self":[{"href":"https:\/\/www.telaled.com\/cs\/wp-json\/wp\/v2\/product\/3751","targetHints":{"allow":["GET"]}}],"collection":[{"href":"https:\/\/www.telaled.com\/cs\/wp-json\/wp\/v2\/product"}],"about":[{"href":"https:\/\/www.telaled.com\/cs\/wp-json\/wp\/v2\/types\/product"}],"wp:featuredmedia":[{"embeddable":true,"href":"https:\/\/www.telaled.com\/cs\/wp-json\/wp\/v2\/media\/3756"}],"wp:attachment":[{"href":"https:\/\/www.telaled.com\/cs\/wp-json\/wp\/v2\/media?parent=3751"}],"wp:term":[{"taxonomy":"product_brand","embeddable":true,"href":"https:\/\/www.telaled.com\/cs\/wp-json\/wp\/v2\/product_brand?post=3751"},{"taxonomy":"product_cat","embeddable":true,"href":"https:\/\/www.telaled.com\/cs\/wp-json\/wp\/v2\/product_cat?post=3751"},{"taxonomy":"product_tag","embeddable":true,"href":"https:\/\/www.telaled.com\/cs\/wp-json\/wp\/v2\/product_tag?post=3751"}],"curies":[{"name":"wp","href":"https:\/\/api.w.org\/{rel}","templated":true}]}}