{"id":3735,"date":"2025-10-02T10:10:21","date_gmt":"2025-10-02T10:10:21","guid":{"rendered":"https:\/\/www.telaled.com\/?post_type=product&#038;p=3735"},"modified":"2026-01-06T09:43:41","modified_gmt":"2026-01-06T09:43:41","slug":"placar-eletronico-para-badminton-serie-ted","status":"publish","type":"product","link":"https:\/\/www.telaled.com\/cs\/fabrica\/placar-eletronico-para-badminton-serie-ted\/","title":{"rendered":"Elektronick\u00e1 v\u00fdsledkov\u00e1 tabule pro badminton \u0159ady TED"},"content":{"rendered":"<div class=\"row\"  id=\"row-1441302597\">\n\n\t<div id=\"col-1370923377\" class=\"col small-12 large-12\"  >\n\t\t\t\t<div class=\"col-inner\"  >\n\t\t\t\n\t\t\t\n<h2><span data-sheets-root=\"1\">Elektronick\u00e1 v\u00fdsledkov\u00e1 tabule pro badminton<\/span> S\u00e9rie TED<\/h2>\n<h3><strong>Vynikaj\u00edc\u00ed odolnost<\/strong><\/h3>\n<ul>\n<li>Vyrobeno z vysokopevnostn\u00ed hlin\u00edkov\u00e9 slitiny pro robustn\u00ed a z\u00e1rove\u0148 lehkou konstrukci.<\/li>\n<li>Kryt odoln\u00fd proti korozi a n\u00e1raz\u016fm, ur\u010den\u00fd pro dlouhodob\u00e9 pou\u017eit\u00ed v interi\u00e9ru.<\/li>\n<li>Certifikace CE a RoHS pro spln\u011bn\u00ed mezin\u00e1rodn\u00edch bezpe\u010dnostn\u00edch a kvalitativn\u00edch norem.<\/li>\n<li>Ut\u011bsn\u011bn\u00e1 konstrukce zabra\u0148uje vniknut\u00ed prachu a ne\u010distot do vnit\u0159n\u00edch sou\u010d\u00e1st\u00ed.<\/li>\n<li>Stabiln\u00ed v\u00fdkon p\u0159i nep\u0159etr\u017eit\u00e9m provozu ve sportovn\u00edch za\u0159\u00edzen\u00edch.<\/li>\n<\/ul>\n<h3><strong>V\u00fdjime\u010dn\u00e1 vizu\u00e1ln\u00ed kvalita<\/strong><\/h3>\n<ul>\n<li>Obsahuje 22 jasn\u011b \u010derven\u00fdch LED \u010d\u00edslic se znaky o v\u00fd\u0161ce 1,8 palce.<\/li>\n<li>Viditeln\u00e9 a\u017e do vzd\u00e1lenosti 30 metr\u016f s ostr\u00fdm kontrastem a rovnom\u011brn\u00fdm osv\u011btlen\u00edm.<\/li>\n<li>P\u011bt nastaviteln\u00fdch \u00farovn\u00ed jasu pro jasn\u00fd obraz za jak\u00fdchkoli sv\u011bteln\u00fdch podm\u00ednek.<\/li>\n<li>LED v\u00fdstup bez blik\u00e1n\u00ed zaji\u0161\u0165uje plynulou a nep\u0159etr\u017eitou viditelnost b\u011bhem hran\u00ed.<\/li>\n<li>Velk\u00e9, dob\u0159e rozm\u00edst\u011bn\u00e9 \u010d\u00edslice usnad\u0148uj\u00ed \u010dten\u00ed interpunkce z jak\u00e9hokoli \u00fahlu pohledu.<\/li>\n<\/ul>\n<h3><strong>Kompletn\u00ed p\u0159izp\u016fsobivost<\/strong><\/h3>\n<ul>\n<li>Podporuje mont\u00e1\u017e na ze\u010f, st\u016fl nebo stativ (stativ se prod\u00e1v\u00e1 samostatn\u011b).<\/li>\n<li>Dvoj\u00ed mo\u017enosti nap\u00e1jen\u00ed; AC nebo 5V DC vstup pro kompatibilitu nap\u00e1jen\u00ed. <a href=\"https:\/\/www.telaled.com\/cs\/o-guia-definitivo-para-painels-de-led-flexiveis\/\">flexibiln\u00ed<\/a>.<\/li>\n<li>Ovl\u00e1d\u00e1n\u00ed pomoc\u00ed bezdr\u00e1tov\u00e9ho d\u00e1lkov\u00e9ho ovlada\u010de 2,4G s dosahem a\u017e 30 metr\u016f.<\/li>\n<li>Mezi funkce pat\u0159\u00ed hodnocen\u00ed dom\u016f\/n\u00e1v\u0161t\u011bvn\u00edk\u016f a zobrazen\u00ed 5 z\u00e1znam\u016f s voliteln\u00fdmi zvuky.<\/li>\n<li>Vhodn\u00e9 pro badmintonov\u00e9 akce., <a href=\"https:\/\/www.telaled.com\/cs\/fabrica\/placar-eletronico-para-volei-serie-teb\/\">volejbal<\/a>, <a href=\"https:\/\/www.telaled.com\/cs\/fabrica\/placar-eletronico-para-tenis-serie-tec\/\">tenis<\/a> a stoln\u00ed tenis.<\/li>\n<\/ul>\n<h3><strong>Komplexn\u00ed podpora<\/strong><\/h3>\n<ul>\n<li>Specializovan\u00e1 technick\u00e1 podpora 24 hodin denn\u011b, 7 dn\u00ed v t\u00fddnu; z\u00edskejte spolehlivou pomoc kdykoli a kdekoli s na\u0161\u00edm t\u00fdmem vzd\u00e1len\u00e9 podpory, kter\u00fd je k dispozici 24 hodin denn\u011b, 7 dn\u00ed v t\u00fddnu.<\/li>\n<li>N\u00e1hradn\u00ed d\u00edly nav\u00edc pro 5%: ka\u017ed\u00e1 objedn\u00e1vka obsahuje dal\u0161\u00ed n\u00e1hradn\u00ed komponenty, co\u017e zaji\u0161\u0165uje v\u011bt\u0161\u00ed spolehlivost a d\u00e1v\u00e1 v\u00e1m v\u011bt\u0161\u00ed klid.<\/li>\n<li>U\u017eijte si dlouhotrvaj\u00edc\u00ed v\u00fdkon a spolehliv\u00fd servis s 3letou prodlou\u017eenou z\u00e1rukou pro maxim\u00e1ln\u00ed ochranu.<\/li>\n<\/ul>\n<h2>Detaily produktu<\/h2>\n<div class=\"row\"  id=\"row-1698055580\">\n\n\t<div id=\"col-210291429\" class=\"col medium-10 small-12 large-10\"  >\n\t\t\t\t<div class=\"col-inner text-left\"  >\n\t\t\t\n\t\t\t\n<ul>\n<li>Tato badmintonov\u00e1 v\u00fdsledkov\u00e1 tabule pro vnit\u0159n\u00ed i venkovn\u00ed pou\u017eit\u00ed nab\u00edz\u00ed spolehliv\u00e9 a p\u0159esn\u00e9 sk\u00f3rov\u00e1n\u00ed a zaji\u0161\u0165uje vynikaj\u00edc\u00ed viditelnost. Jasn\u011b zobrazuje sety, hry a body, zat\u00edmco kontrolka ukazuje, kter\u00fd t\u00fdm pod\u00e1v\u00e1. Tato v\u00fdsledkov\u00e1 tabule, navr\u017een\u00e1 pro odolnost a v\u00fdkon, je ide\u00e1ln\u00ed pro \u0161koly, kluby a sportovn\u00ed za\u0159\u00edzen\u00ed, kter\u00e1 cht\u011bj\u00ed vylep\u0161it tr\u00e9ninkov\u00fd a sout\u011b\u017en\u00ed z\u00e1\u017eitek.<\/li>\n<\/ul>\n\t<div class=\"img has-hover x md-x lg-x y md-y lg-y\" id=\"image_1028211877\">\n\t\t\t\t\t\t\t\t<div class=\"img-inner dark\" >\n\t\t\t<img loading=\"lazy\" decoding=\"async\" width=\"877\" height=\"431\" src=\"https:\/\/www.telaled.com\/wp-content\/uploads\/2025\/10\/Placar-eletronico-para-badminton6.webp\" class=\"attachment-original size-original\" alt=\"Elektronick\u00e1 v\u00fdsledkov\u00e1 tabule pro badminton6\" srcset=\"https:\/\/www.telaled.com\/wp-content\/uploads\/2025\/10\/Placar-eletronico-para-badminton6.webp 877w, https:\/\/www.telaled.com\/wp-content\/uploads\/2025\/10\/Placar-eletronico-para-badminton6-300x147.webp 300w, https:\/\/www.telaled.com\/wp-content\/uploads\/2025\/10\/Placar-eletronico-para-badminton6-768x377.webp 768w, https:\/\/www.telaled.com\/wp-content\/uploads\/2025\/10\/Placar-eletronico-para-badminton6-18x9.webp 18w, https:\/\/www.telaled.com\/wp-content\/uploads\/2025\/10\/Placar-eletronico-para-badminton6-600x295.webp 600w\" sizes=\"auto, (max-width: 877px) 100vw, 877px\" \/>\t\t\t\t\t\t\n\t\t\t\t\t<\/div>\n\t\t\t\t\t\t\t\t\n<style>\n#image_1028211877 {\n  width: 80%;\n}\n<\/style>\n\t<\/div>\n\t\n<ul>\n<li>O <em><strong>Elektronick\u00e1 badmintonov\u00e1 v\u00fdsledkov\u00e1 tabule<\/strong><\/em> Zd\u016fraz\u0148uje ka\u017ed\u00fd okam\u017eik s jasnost\u00ed. Nab\u00edz\u00ed bal\u00ed\u010dky p\u0159ipraven\u00e9 k pou\u017eit\u00ed, kter\u00e9 vylep\u0161uj\u00ed z\u00e1\u017eitek fanou\u0161k\u016f, a \u010din\u00ed z nich cennou dlouhodobou investici do sportovn\u00edch akc\u00ed a sout\u011b\u017e\u00ed.<\/li>\n<\/ul>\n\t<div class=\"img has-hover x md-x lg-x y md-y lg-y\" id=\"image_208808487\">\n\t\t\t\t\t\t\t\t<div class=\"img-inner dark\" >\n\t\t\t<img loading=\"lazy\" decoding=\"async\" width=\"1020\" height=\"1020\" src=\"https:\/\/www.telaled.com\/wp-content\/uploads\/2025\/10\/Placar-eletronico-para-badminton7-1024x1024.webp\" class=\"attachment-large size-large\" alt=\"\" srcset=\"https:\/\/www.telaled.com\/wp-content\/uploads\/2025\/10\/Placar-eletronico-para-badminton7-1024x1024.webp 1024w, https:\/\/www.telaled.com\/wp-content\/uploads\/2025\/10\/Placar-eletronico-para-badminton7-300x300.webp 300w, https:\/\/www.telaled.com\/wp-content\/uploads\/2025\/10\/Placar-eletronico-para-badminton7-150x150.webp 150w, https:\/\/www.telaled.com\/wp-content\/uploads\/2025\/10\/Placar-eletronico-para-badminton7-768x768.webp 768w, https:\/\/www.telaled.com\/wp-content\/uploads\/2025\/10\/Placar-eletronico-para-badminton7-1536x1536.webp 1536w, https:\/\/www.telaled.com\/wp-content\/uploads\/2025\/10\/Placar-eletronico-para-badminton7-12x12.webp 12w, https:\/\/www.telaled.com\/wp-content\/uploads\/2025\/10\/Placar-eletronico-para-badminton7-600x600.webp 600w, https:\/\/www.telaled.com\/wp-content\/uploads\/2025\/10\/Placar-eletronico-para-badminton7-100x100.webp 100w, https:\/\/www.telaled.com\/wp-content\/uploads\/2025\/10\/Placar-eletronico-para-badminton7.webp 1600w\" sizes=\"auto, (max-width: 1020px) 100vw, 1020px\" \/>\t\t\t\t\t\t\n\t\t\t\t\t<\/div>\n\t\t\t\t\t\t\t\t\n<style>\n#image_208808487 {\n  width: 80%;\n}\n<\/style>\n\t<\/div>\n\t\n\t\t<\/div>\n\t\t\t\t\t<\/div>\n\n\t\n\n\t<div id=\"col-965653680\" class=\"col medium-10 small-12 large-10\"  >\n\t\t\t\t<div class=\"col-inner text-left\"  >\n\t\t\t\n\t\t\t\n<ul>\n<li><strong>Elektronick\u00e1 v\u00fdsledkov\u00e1 tabule pro badminton \u0159ady TED<\/strong>\u00a0 Jsou baleny v zes\u00edlen\u00fdch d\u0159ev\u011bn\u00fdch bedn\u00e1ch, kter\u00e9 je chr\u00e1n\u00ed b\u011bhem p\u0159epravy. Ka\u017ed\u00e1 jednotka je bezpe\u010dn\u011b zabalena, aby se zabr\u00e1nilo po\u0161kozen\u00ed \u0161k\u016fdci, n\u00e1razy a dal\u0161\u00edmi nebezpe\u010d\u00edmi. To zaji\u0161\u0165uje trvanlivost a bezpe\u010dn\u00e9 doru\u010den\u00ed.<\/li>\n<\/ul>\n\t<div class=\"img has-hover x md-x lg-x y md-y lg-y\" id=\"image_2102296938\">\n\t\t\t\t\t\t\t\t<div class=\"img-inner dark\" >\n\t\t\t<img loading=\"lazy\" decoding=\"async\" width=\"760\" height=\"1024\" src=\"https:\/\/www.telaled.com\/wp-content\/uploads\/2025\/08\/36123f2c-de60-488d-af81-255cd4aee54a-760x1024.webp\" class=\"attachment-large size-large\" alt=\"\" srcset=\"https:\/\/www.telaled.com\/wp-content\/uploads\/2025\/08\/36123f2c-de60-488d-af81-255cd4aee54a-760x1024.webp 760w, https:\/\/www.telaled.com\/wp-content\/uploads\/2025\/08\/36123f2c-de60-488d-af81-255cd4aee54a-223x300.webp 223w, https:\/\/www.telaled.com\/wp-content\/uploads\/2025\/08\/36123f2c-de60-488d-af81-255cd4aee54a-768x1035.webp 768w, https:\/\/www.telaled.com\/wp-content\/uploads\/2025\/08\/36123f2c-de60-488d-af81-255cd4aee54a-9x12.webp 9w, https:\/\/www.telaled.com\/wp-content\/uploads\/2025\/08\/36123f2c-de60-488d-af81-255cd4aee54a-600x808.webp 600w, https:\/\/www.telaled.com\/wp-content\/uploads\/2025\/08\/36123f2c-de60-488d-af81-255cd4aee54a.webp 795w\" sizes=\"auto, (max-width: 760px) 100vw, 760px\" \/>\t\t\t\t\t\t\n\t\t\t\t\t<\/div>\n\t\t\t\t\t\t\t\t\n<style>\n#image_2102296938 {\n  width: 80%;\n}\n<\/style>\n\t<\/div>\n\t\n\n<table id=\"tablepress-93\" class=\"tablepress tablepress-id-93\">\n<thead>\n<tr class=\"row-1\">\n\t<th class=\"column-1\">Typ<\/th><th class=\"column-2\">Sk\u00f3re badmintonu, sk\u00f3re volejbalu<\/th><th class=\"column-3\">Zdroj<\/th><th class=\"column-4\">Zobrazen\u00ed sk\u00f3re, zobrazen\u00ed sm\u011bny<\/th>\n<\/tr>\n<\/thead>\n<tbody class=\"row-striping row-hover\">\n<tr class=\"row-2\">\n\t<td class=\"column-1\">M\u00edsto p\u016fvodu<\/td><td class=\"column-2\">\u0160en-\u010den, \u010c\u00edna<\/td><td class=\"column-3\">Ozna\u010dit<\/td><td class=\"column-4\">LED obrazovka<\/td>\n<\/tr>\n<tr class=\"row-3\">\n\t<td class=\"column-1\">\u010c\u00edslo modelu<\/td><td class=\"column-2\">S\u00e9rie TED<\/td><td class=\"column-3\">Materi\u00e1l<\/td><td class=\"column-4\">Hlin\u00edkov\u00e1 slitina<\/td>\n<\/tr>\n<tr class=\"row-4\">\n\t<td class=\"column-1\">Konstruk\u010dn\u00ed materi\u00e1l<\/td><td class=\"column-2\">Hlin\u00edkov\u00e1 slitina<\/td><td class=\"column-3\">Velikost<\/td><td class=\"column-4\">790 mm \u00d7 255 mm \u00d7 55 mm (31,1&quot; \u00d7 10,0&quot; \u00d7 2,2&quot;)<\/td>\n<\/tr>\n<tr class=\"row-5\">\n\t<td class=\"column-1\">V\u00fd\u0161ka znaku<\/td><td class=\"column-2\">1,8 palce - 22 \u010d\u00edslic<\/td><td class=\"column-3\">Funkce<\/td><td class=\"column-4\">Dom\u00e1c\u00ed a venkovn\u00ed sk\u00f3re, zobrazen\u00ed 5 z\u00e1znam\u016f<\/td>\n<\/tr>\n<tr class=\"row-6\">\n\t<td class=\"column-1\">\u0158\u00edzen\u00ed<\/td><td class=\"column-2\">D\u00e1lkov\u00e9 ovl\u00e1d\u00e1n\u00ed<\/td><td class=\"column-3\">Instalace<\/td><td class=\"column-4\">N\u00e1st\u011bnn\u00fd dr\u017e\u00e1k<\/td>\n<\/tr>\n<tr class=\"row-7\">\n\t<td class=\"column-1\">Osv\u011bd\u010den\u00ed<\/td><td class=\"column-2\">CE, RoHS<\/td><td class=\"column-3\"><\/td><td class=\"column-4\"><\/td>\n<\/tr>\n<\/tbody>\n<\/table>\n\n\t\t<\/div>\n\t\t\t\t\t<\/div>\n\n\t\n<\/div>\n\t\t<\/div>\n\t\t\t\t\t<\/div>\n\n\t\n<\/div>","protected":false},"excerpt":{"rendered":"<p><strong>Elektronick\u00e1 v\u00fdsledkov\u00e1 tabule pro badminton \u0159ady TED<\/strong> \u2013 LED displej s aktu\u00e1ln\u00edm sk\u00f3re pro kluby a turnaje.<\/p>\n<p>Jeden <em><strong>elektronick\u00e1 badmintonov\u00e1 v\u00fdsledkov\u00e1 tabule<\/strong><\/em> Usnad\u0148uje sledov\u00e1n\u00ed ka\u017ed\u00e9ho z\u00e1pasu a zobrazuje p\u0159esn\u00e9 v\u00fdsledky v re\u00e1ln\u00e9m \u010dase s jasnou viditelnost\u00ed LED. Ide\u00e1ln\u00ed pro tr\u00e9ninky, turnaje nebo klubov\u00e9 z\u00e1pasy.<\/p>\n<p><strong>Hlavn\u00ed vlastnosti:<\/strong><\/p>\n<ul>\n<li>Pevn\u00fd r\u00e1m z hlin\u00edkov\u00e9 slitiny s certifikac\u00ed CE a RoHS zaji\u0161\u0165uje dlouhou \u017eivotnost.<\/li>\n<li>Jasn\u011b \u010derven\u00e9 1,8palcov\u00e9 \u010d\u00edslice s 5 \u00farovn\u011bmi jasu poskytuj\u00ed dobrou viditelnost a\u017e do vzd\u00e1lenosti 30 m.<\/li>\n<li>Nap\u00e1j\u00ed se st\u0159\u00eddav\u00fdm nebo stejnosm\u011brn\u00fdm nap\u011bt\u00edm 5 V a umo\u017e\u0148uje mont\u00e1\u017e na ze\u010f, st\u016fl nebo stativ pomoc\u00ed bezdr\u00e1tov\u00e9ho d\u00e1lkov\u00e9ho ovl\u00e1d\u00e1n\u00ed 2,4 G.<\/li>\n<\/ul>\n<p>Na\u0161i odborn\u00edci jsou k dispozici 24 hodin denn\u011b, 7 dn\u00ed v t\u00fddnu, se vzd\u00e1lenou podporou a 3letou z\u00e1rukou na produkt. Vy\u017e\u00e1dejte si je\u0161t\u011b dnes personalizovanou cenovou nab\u00eddku.<\/p>","protected":false},"featured_media":3736,"template":"","meta":[],"product_brand":[],"product_cat":[48,40],"product_tag":[],"class_list":{"0":"post-3735","1":"product","2":"type-product","3":"status-publish","4":"has-post-thumbnail","6":"product_cat-paineis-personalizados","7":"product_cat-painel-de-led","9":"first","10":"instock","11":"shipping-taxable","12":"product-type-simple"},"yoast_head":"<!-- This site is optimized with the Yoast SEO plugin v27.4 - https:\/\/yoast.com\/product\/yoast-seo-wordpress\/ -->\n<title>Placar Eletr\u00f4nico de Badminton S\u00e9rie TED | Solu\u00e7\u00f5es de pontua\u00e7\u00e3o digital para clubes e torneios | TELALED<\/title>\n<meta name=\"description\" content=\"Descubra o Placar Eletr\u00f4nico de Badminton S\u00e9rie TED projetado para precis\u00e3o e praticidade. Perfeito para clubes, escolas e competi\u00e7\u00f5es, com displays de LED, controles de \u00e1rbitro e aplicativos de auto\u00e1rbitro.\" \/>\n<meta name=\"robots\" content=\"index, follow, max-snippet:-1, max-image-preview:large, max-video-preview:-1\" \/>\n<link rel=\"canonical\" href=\"https:\/\/www.telaled.com\/cs\/fabrica\/placar-eletronico-para-badminton-serie-ted\/\" \/>\n<meta property=\"og:locale\" content=\"cs_CZ\" \/>\n<meta property=\"og:type\" content=\"article\" \/>\n<meta property=\"og:title\" content=\"Placar Eletr\u00f4nico de Badminton S\u00e9rie TED | Solu\u00e7\u00f5es de pontua\u00e7\u00e3o digital para clubes e torneios | TELALED\" \/>\n<meta property=\"og:description\" content=\"Descubra o Placar Eletr\u00f4nico de Badminton S\u00e9rie TED projetado para precis\u00e3o e praticidade. Perfeito para clubes, escolas e competi\u00e7\u00f5es, com displays de LED, controles de \u00e1rbitro e aplicativos de auto\u00e1rbitro.\" \/>\n<meta property=\"og:url\" content=\"https:\/\/www.telaled.com\/cs\/fabrica\/placar-eletronico-para-badminton-serie-ted\/\" \/>\n<meta property=\"og:site_name\" content=\"TELALED\" \/>\n<meta property=\"article:modified_time\" content=\"2026-01-06T09:43:41+00:00\" \/>\n<meta property=\"og:image\" content=\"https:\/\/www.telaled.com\/wp-content\/uploads\/2025\/10\/Placar-eletronico-para-badminton.webp\" \/>\n\t<meta property=\"og:image:width\" content=\"500\" \/>\n\t<meta property=\"og:image:height\" content=\"500\" \/>\n\t<meta property=\"og:image:type\" content=\"image\/webp\" \/>\n<meta name=\"twitter:card\" content=\"summary_large_image\" \/>\n<meta name=\"twitter:label1\" content=\"Est. reading time\" \/>\n\t<meta name=\"twitter:data1\" content=\"3 minuty\" \/>\n<script type=\"application\/ld+json\" class=\"yoast-schema-graph\">{\"@context\":\"https:\\\/\\\/schema.org\",\"@graph\":[{\"@type\":\"WebPage\",\"@id\":\"https:\\\/\\\/www.telaled.com\\\/fabrica\\\/placar-eletronico-para-badminton-serie-ted\\\/\",\"url\":\"https:\\\/\\\/www.telaled.com\\\/fabrica\\\/placar-eletronico-para-badminton-serie-ted\\\/\",\"name\":\"Placar Eletr\u00f4nico de Badminton S\u00e9rie TED | Solu\u00e7\u00f5es de pontua\u00e7\u00e3o digital para clubes e torneios | TELALED\",\"isPartOf\":{\"@id\":\"https:\\\/\\\/www.telaled.com\\\/#website\"},\"primaryImageOfPage\":{\"@id\":\"https:\\\/\\\/www.telaled.com\\\/fabrica\\\/placar-eletronico-para-badminton-serie-ted\\\/#primaryimage\"},\"image\":{\"@id\":\"https:\\\/\\\/www.telaled.com\\\/fabrica\\\/placar-eletronico-para-badminton-serie-ted\\\/#primaryimage\"},\"thumbnailUrl\":\"https:\\\/\\\/www.telaled.com\\\/wp-content\\\/uploads\\\/2025\\\/10\\\/Placar-eletronico-para-badminton.webp\",\"datePublished\":\"2025-10-02T10:10:21+00:00\",\"dateModified\":\"2026-01-06T09:43:41+00:00\",\"description\":\"Descubra o Placar Eletr\u00f4nico de Badminton S\u00e9rie TED projetado para precis\u00e3o e praticidade. Perfeito para clubes, escolas e competi\u00e7\u00f5es, com displays de LED, controles de \u00e1rbitro e aplicativos de auto\u00e1rbitro.\",\"breadcrumb\":{\"@id\":\"https:\\\/\\\/www.telaled.com\\\/fabrica\\\/placar-eletronico-para-badminton-serie-ted\\\/#breadcrumb\"},\"inLanguage\":\"cs\",\"potentialAction\":[{\"@type\":\"ReadAction\",\"target\":[\"https:\\\/\\\/www.telaled.com\\\/fabrica\\\/placar-eletronico-para-badminton-serie-ted\\\/\"]}]},{\"@type\":\"ImageObject\",\"inLanguage\":\"cs\",\"@id\":\"https:\\\/\\\/www.telaled.com\\\/fabrica\\\/placar-eletronico-para-badminton-serie-ted\\\/#primaryimage\",\"url\":\"https:\\\/\\\/www.telaled.com\\\/wp-content\\\/uploads\\\/2025\\\/10\\\/Placar-eletronico-para-badminton.webp\",\"contentUrl\":\"https:\\\/\\\/www.telaled.com\\\/wp-content\\\/uploads\\\/2025\\\/10\\\/Placar-eletronico-para-badminton.webp\",\"width\":500,\"height\":500,\"caption\":\"Placar-eletronico-para-badminton\"},{\"@type\":\"BreadcrumbList\",\"@id\":\"https:\\\/\\\/www.telaled.com\\\/fabrica\\\/placar-eletronico-para-badminton-serie-ted\\\/#breadcrumb\",\"itemListElement\":[{\"@type\":\"ListItem\",\"position\":1,\"name\":\"Home\",\"item\":\"https:\\\/\\\/www.telaled.com\\\/\"},{\"@type\":\"ListItem\",\"position\":2,\"name\":\"Produtos\",\"item\":\"https:\\\/\\\/www.telaled.com\\\/shop\\\/\"},{\"@type\":\"ListItem\",\"position\":3,\"name\":\"Placar Eletronico para Badminton S\u00e9rie TED\"}]},{\"@type\":\"WebSite\",\"@id\":\"https:\\\/\\\/www.telaled.com\\\/#website\",\"url\":\"https:\\\/\\\/www.telaled.com\\\/\",\"name\":\"TELALED\",\"description\":\"\",\"potentialAction\":[{\"@type\":\"SearchAction\",\"target\":{\"@type\":\"EntryPoint\",\"urlTemplate\":\"https:\\\/\\\/www.telaled.com\\\/?s={search_term_string}\"},\"query-input\":{\"@type\":\"PropertyValueSpecification\",\"valueRequired\":true,\"valueName\":\"search_term_string\"}}],\"inLanguage\":\"cs\"}]}<\/script>\n<!-- \/ Yoast SEO plugin. -->","yoast_head_json":{"title":"Elektronick\u00e1 badmintonov\u00e1 v\u00fdsledkov\u00e1 tabule \u0159ady TED | Digit\u00e1ln\u00ed \u0159e\u0161en\u00ed pro bodov\u00e1n\u00ed pro kluby a turnaje | TELALED","description":"Objevte elektronickou badmintonovou v\u00fdsledkovou tabuli \u0159ady TED, kter\u00e1 je navr\u017eena pro p\u0159esnost a prakti\u010dnost. Je ide\u00e1ln\u00ed pro kluby, \u0161koly a sout\u011b\u017ee, s LED displeji, ovl\u00e1d\u00e1n\u00edm rozhod\u010d\u00edch a aplikacemi pro samorozhodov\u00e1n\u00ed.","robots":{"index":"index","follow":"follow","max-snippet":"max-snippet:-1","max-image-preview":"max-image-preview:large","max-video-preview":"max-video-preview:-1"},"canonical":"https:\/\/www.telaled.com\/cs\/fabrica\/placar-eletronico-para-badminton-serie-ted\/","og_locale":"cs_CZ","og_type":"article","og_title":"Placar Eletr\u00f4nico de Badminton S\u00e9rie TED | Solu\u00e7\u00f5es de pontua\u00e7\u00e3o digital para clubes e torneios | TELALED","og_description":"Descubra o Placar Eletr\u00f4nico de Badminton S\u00e9rie TED projetado para precis\u00e3o e praticidade. Perfeito para clubes, escolas e competi\u00e7\u00f5es, com displays de LED, controles de \u00e1rbitro e aplicativos de auto\u00e1rbitro.","og_url":"https:\/\/www.telaled.com\/cs\/fabrica\/placar-eletronico-para-badminton-serie-ted\/","og_site_name":"TELALED","article_modified_time":"2026-01-06T09:43:41+00:00","og_image":[{"width":500,"height":500,"url":"https:\/\/www.telaled.com\/wp-content\/uploads\/2025\/10\/Placar-eletronico-para-badminton.webp","type":"image\/webp"}],"twitter_card":"summary_large_image","twitter_misc":{"Est. reading time":"3 minuty"},"schema":{"@context":"https:\/\/schema.org","@graph":[{"@type":"WebPage","@id":"https:\/\/www.telaled.com\/fabrica\/placar-eletronico-para-badminton-serie-ted\/","url":"https:\/\/www.telaled.com\/fabrica\/placar-eletronico-para-badminton-serie-ted\/","name":"Elektronick\u00e1 badmintonov\u00e1 v\u00fdsledkov\u00e1 tabule \u0159ady TED | Digit\u00e1ln\u00ed \u0159e\u0161en\u00ed pro bodov\u00e1n\u00ed pro kluby a turnaje | TELALED","isPartOf":{"@id":"https:\/\/www.telaled.com\/#website"},"primaryImageOfPage":{"@id":"https:\/\/www.telaled.com\/fabrica\/placar-eletronico-para-badminton-serie-ted\/#primaryimage"},"image":{"@id":"https:\/\/www.telaled.com\/fabrica\/placar-eletronico-para-badminton-serie-ted\/#primaryimage"},"thumbnailUrl":"https:\/\/www.telaled.com\/wp-content\/uploads\/2025\/10\/Placar-eletronico-para-badminton.webp","datePublished":"2025-10-02T10:10:21+00:00","dateModified":"2026-01-06T09:43:41+00:00","description":"Objevte elektronickou badmintonovou v\u00fdsledkovou tabuli \u0159ady TED, kter\u00e1 je navr\u017eena pro p\u0159esnost a prakti\u010dnost. Je ide\u00e1ln\u00ed pro kluby, \u0161koly a sout\u011b\u017ee, s LED displeji, ovl\u00e1d\u00e1n\u00edm rozhod\u010d\u00edch a aplikacemi pro samorozhodov\u00e1n\u00ed.","breadcrumb":{"@id":"https:\/\/www.telaled.com\/fabrica\/placar-eletronico-para-badminton-serie-ted\/#breadcrumb"},"inLanguage":"cs","potentialAction":[{"@type":"ReadAction","target":["https:\/\/www.telaled.com\/fabrica\/placar-eletronico-para-badminton-serie-ted\/"]}]},{"@type":"ImageObject","inLanguage":"cs","@id":"https:\/\/www.telaled.com\/fabrica\/placar-eletronico-para-badminton-serie-ted\/#primaryimage","url":"https:\/\/www.telaled.com\/wp-content\/uploads\/2025\/10\/Placar-eletronico-para-badminton.webp","contentUrl":"https:\/\/www.telaled.com\/wp-content\/uploads\/2025\/10\/Placar-eletronico-para-badminton.webp","width":500,"height":500,"caption":"Placar-eletronico-para-badminton"},{"@type":"BreadcrumbList","@id":"https:\/\/www.telaled.com\/fabrica\/placar-eletronico-para-badminton-serie-ted\/#breadcrumb","itemListElement":[{"@type":"ListItem","position":1,"name":"Home","item":"https:\/\/www.telaled.com\/"},{"@type":"ListItem","position":2,"name":"Produtos","item":"https:\/\/www.telaled.com\/shop\/"},{"@type":"ListItem","position":3,"name":"Placar Eletronico para Badminton S\u00e9rie TED"}]},{"@type":"WebSite","@id":"https:\/\/www.telaled.com\/#website","url":"https:\/\/www.telaled.com\/","name":"LED obrazovka","description":"","potentialAction":[{"@type":"SearchAction","target":{"@type":"EntryPoint","urlTemplate":"https:\/\/www.telaled.com\/?s={search_term_string}"},"query-input":{"@type":"PropertyValueSpecification","valueRequired":true,"valueName":"search_term_string"}}],"inLanguage":"cs"}]}},"_links":{"self":[{"href":"https:\/\/www.telaled.com\/cs\/wp-json\/wp\/v2\/product\/3735","targetHints":{"allow":["GET"]}}],"collection":[{"href":"https:\/\/www.telaled.com\/cs\/wp-json\/wp\/v2\/product"}],"about":[{"href":"https:\/\/www.telaled.com\/cs\/wp-json\/wp\/v2\/types\/product"}],"wp:featuredmedia":[{"embeddable":true,"href":"https:\/\/www.telaled.com\/cs\/wp-json\/wp\/v2\/media\/3736"}],"wp:attachment":[{"href":"https:\/\/www.telaled.com\/cs\/wp-json\/wp\/v2\/media?parent=3735"}],"wp:term":[{"taxonomy":"product_brand","embeddable":true,"href":"https:\/\/www.telaled.com\/cs\/wp-json\/wp\/v2\/product_brand?post=3735"},{"taxonomy":"product_cat","embeddable":true,"href":"https:\/\/www.telaled.com\/cs\/wp-json\/wp\/v2\/product_cat?post=3735"},{"taxonomy":"product_tag","embeddable":true,"href":"https:\/\/www.telaled.com\/cs\/wp-json\/wp\/v2\/product_tag?post=3735"}],"curies":[{"name":"wp","href":"https:\/\/api.w.org\/{rel}","templated":true}]}}