{"id":3695,"date":"2025-10-02T01:58:23","date_gmt":"2025-10-02T01:58:23","guid":{"rendered":"https:\/\/www.telaled.com\/?post_type=product&#038;p=3695"},"modified":"2026-01-06T09:33:21","modified_gmt":"2026-01-06T09:33:21","slug":"placar-eletronico-para-tenis-serie-tec","status":"publish","type":"product","link":"https:\/\/www.telaled.com\/cs\/fabrica\/placar-eletronico-para-tenis-serie-tec\/","title":{"rendered":"Elektronick\u00e1 v\u00fdsledkov\u00e1 tabule pro tenis - \u0159ada TEC"},"content":{"rendered":"<div class=\"row\"  id=\"row-1445908366\">\n\n\t<div id=\"col-1865449019\" class=\"col small-12 large-12\"  >\n\t\t\t\t<div class=\"col-inner\"  >\n\t\t\t\n\t\t\t\n<h2>Exkluzivn\u00ed v\u00fdhody <span data-sheets-root=\"1\">Elektronick\u00e1 v\u00fdsledkov\u00e1 tabule pro tenis<\/span> \u0158ada TEC<\/h2>\n<h3><strong>Vynikaj\u00edc\u00ed odolnost<\/strong><\/h3>\n<ul>\n<li>Zes\u00edlen\u00e1 konstrukce odoln\u00e1 proti m\u00ed\u010d\u016fm pro n\u00e1ro\u010dn\u00e9 hern\u00ed podm\u00ednky.<\/li>\n<li>Konstrukce odoln\u00e1 v\u016f\u010di pov\u011btrnostn\u00edm vliv\u016fm pro vnit\u0159n\u00ed i venkovn\u00ed kurty.<\/li>\n<li>Dlouhotrvaj\u00edc\u00ed a odoln\u00fd v\u00fdkon.<\/li>\n<\/ul>\n<h3><strong>V\u00fdjime\u010dn\u00e1 vizu\u00e1ln\u00ed kvalita<\/strong><\/h3>\n<ul>\n<li>Ultra ostr\u00e1 LED obrazovka s vysok\u00fdm rozli\u0161en\u00edm.<\/li>\n<li>Sk\u00f3re, statistiky a \u010dasom\u00edra v re\u00e1ln\u00e9m \u010dase, na prvn\u00ed pohled.<\/li>\n<li>Vynikaj\u00edc\u00ed viditelnost i na p\u0159\u00edm\u00e9m slunci.<\/li>\n<\/ul>\n<h3><strong>Kompletn\u00ed p\u0159izp\u016fsobivost<\/strong><\/h3>\n<ul>\n<li>Flexibiln\u00ed velikost a mo\u017enosti ubytov\u00e1n\u00ed pro jakoukoli lokalitu.<\/li>\n<li>P\u0159izp\u016fsobiteln\u00e9 funkce pro spln\u011bn\u00ed pot\u0159eb <a href=\"https:\/\/www.telaled.com\/cs\/telao-de-led-para-eventos\/\">ud\u00e1lost<\/a> nebo klub.<\/li>\n<li>Snadn\u00e1 integrace s modern\u00edm tenisov\u00fdm syst\u00e9mem.<\/li>\n<\/ul>\n<h3><strong>Komplexn\u00ed podpora<\/strong><\/h3>\n<ul>\n<li>Vyu\u017eijte nep\u0159etr\u017eitou vzd\u00e1lenou technickou podporu a slevu 5% na n\u00e1hradn\u00ed d\u00edly s ka\u017edou objedn\u00e1vkou.<\/li>\n<li>3let\u00e1 prodlou\u017een\u00e1 z\u00e1ruka. Spolehliv\u00fd servis a dlouhodob\u00fd v\u00fdkon.<\/li>\n<li>Naprost\u00fd klid s ka\u017ed\u00fdm n\u00e1kupem.<\/li>\n<\/ul>\n<h2>Detaily produktu<\/h2>\n<div class=\"row\"  id=\"row-1495262278\">\n\n\t<div id=\"col-798080894\" class=\"col medium-10 small-12 large-10\"  >\n\t\t\t\t<div class=\"col-inner text-left\"  >\n\t\t\t\n\t\t\t\n<ul>\n<li>Udr\u017eujte si v\u0161echny body jasn\u00e9 s <em><strong>Elektronick\u00e1 v\u00fdsledkov\u00e1 tabule pro tenis, \u0159ada TEC.<\/strong><\/em>. Tyto elektronick\u00e9 tenisov\u00e9 v\u00fdsledkov\u00e9 tabule, ur\u010den\u00e9 pro vnit\u0159n\u00ed i venkovn\u00ed kurty, zobrazuj\u00ed \u00fadery, sety a detaily z\u00e1pasu v re\u00e1ln\u00e9m \u010dase. Jsou k dispozici v r\u016fzn\u00fdch velikostech a konfigurac\u00edch a vyu\u017e\u00edvaj\u00ed pokro\u010dilou LED technologii, kter\u00e1 poskytuje jasn\u00e9 a snadno \u010diteln\u00e9 \u00fadaje o sk\u00f3re z jak\u00e9hokoli \u00fahlu a za jak\u00fdchkoli sv\u011bteln\u00fdch podm\u00ednek.<\/li>\n<\/ul>\n\t<div class=\"img has-hover x md-x lg-x y md-y lg-y\" id=\"image_215896821\">\n\t\t\t\t\t\t\t\t<div class=\"img-inner dark\" >\n\t\t\t<img loading=\"lazy\" decoding=\"async\" width=\"730\" height=\"600\" src=\"https:\/\/www.telaled.com\/wp-content\/uploads\/2025\/10\/Placar-eletronico-para-tenis7.webp\" class=\"attachment-large size-large\" alt=\"Elektronick\u00e1 v\u00fdsledkov\u00e1 tabule pro tenis7\" srcset=\"https:\/\/www.telaled.com\/wp-content\/uploads\/2025\/10\/Placar-eletronico-para-tenis7.webp 730w, https:\/\/www.telaled.com\/wp-content\/uploads\/2025\/10\/Placar-eletronico-para-tenis7-300x247.webp 300w, https:\/\/www.telaled.com\/wp-content\/uploads\/2025\/10\/Placar-eletronico-para-tenis7-15x12.webp 15w, https:\/\/www.telaled.com\/wp-content\/uploads\/2025\/10\/Placar-eletronico-para-tenis7-600x493.webp 600w\" sizes=\"auto, (max-width: 730px) 100vw, 730px\" \/>\t\t\t\t\t\t\n\t\t\t\t\t<\/div>\n\t\t\t\t\t\t\t\t\n<style>\n#image_215896821 {\n  width: 80%;\n}\n<\/style>\n\t<\/div>\n\t\n<ul>\n<li>Vylep\u0161ete si tenisov\u00fd kurt o modern\u00ed vybaven\u00ed <em><strong>Elektronick\u00e1 tenisov\u00e1 v\u00fdsledkov\u00e1 tabule<\/strong><\/em>, Navr\u017eeno pro p\u0159esnost a spolehlivost. Na\u0161e... ide\u00e1ln\u00ed pro turnaje, klubov\u00e9 z\u00e1pasy a tr\u00e9ninky... <a href=\"https:\/\/www.telaled.com\/cs\/placar-eletronico\/\">sk\u00f3re<\/a> Nab\u00edzej\u00ed jasn\u00fd v\u00fdhled a p\u0159esn\u00e9 v\u00fdsledky za v\u0161ech okolnost\u00ed. Jsou vyrobeny z vysoce kvalitn\u00edch materi\u00e1l\u016f a kombinuj\u00ed odolnost, snadnou obsluhu a pokro\u010dil\u00e9 funkce pro zlep\u0161en\u00ed z\u00e1\u017eitku hr\u00e1\u010de i div\u00e1ka.<\/li>\n<\/ul>\n\t<div class=\"img has-hover x md-x lg-x y md-y lg-y\" id=\"image_1023244717\">\n\t\t\t\t\t\t\t\t<div class=\"img-inner dark\" >\n\t\t\t<img loading=\"lazy\" decoding=\"async\" width=\"1728\" height=\"1152\" src=\"https:\/\/www.telaled.com\/wp-content\/uploads\/2025\/10\/Placar-eletronico-para-tenis8.webp\" class=\"attachment-original size-original\" alt=\"Elektronick\u00e1 v\u00fdsledkov\u00e1 tabule pro tenis8\" srcset=\"https:\/\/www.telaled.com\/wp-content\/uploads\/2025\/10\/Placar-eletronico-para-tenis8.webp 1728w, https:\/\/www.telaled.com\/wp-content\/uploads\/2025\/10\/Placar-eletronico-para-tenis8-300x200.webp 300w, https:\/\/www.telaled.com\/wp-content\/uploads\/2025\/10\/Placar-eletronico-para-tenis8-1024x683.webp 1024w, https:\/\/www.telaled.com\/wp-content\/uploads\/2025\/10\/Placar-eletronico-para-tenis8-768x512.webp 768w, https:\/\/www.telaled.com\/wp-content\/uploads\/2025\/10\/Placar-eletronico-para-tenis8-1536x1024.webp 1536w, https:\/\/www.telaled.com\/wp-content\/uploads\/2025\/10\/Placar-eletronico-para-tenis8-18x12.webp 18w, https:\/\/www.telaled.com\/wp-content\/uploads\/2025\/10\/Placar-eletronico-para-tenis8-600x400.webp 600w\" sizes=\"auto, (max-width: 1728px) 100vw, 1728px\" \/>\t\t\t\t\t\t\n\t\t\t\t\t<\/div>\n\t\t\t\t\t\t\t\t\n<style>\n#image_1023244717 {\n  width: 80%;\n}\n<\/style>\n\t<\/div>\n\t\n<ul>\n<li>Ji\u017e v\u00edce ne\u017e 20 let neust\u00e1le inovujeme a nab\u00edz\u00edme \u0161pi\u010dkovou technologii elektronick\u00fdch v\u00fdsledkov\u00fdch tabul\u00ed pro sout\u011b\u017ee v\u0161ech \u00farovn\u00ed. Od m\u00edstn\u00edch park\u016f a\u017e po profesion\u00e1ln\u00ed sportovn\u00ed ar\u00e9ny jsou na\u0161e v\u00fdsledkov\u00e9 tabule navr\u017eeny pro p\u0159esnost, odolnost a vysok\u00fd v\u00fdkon. Bez ohledu na m\u00edsto kon\u00e1n\u00ed nab\u00edzej\u00ed na\u0161e \u0159e\u0161en\u00ed bezkonkuren\u010dn\u00ed spolehlivost, co\u017e z nich d\u011bl\u00e1 preferovanou volbu pro sportovn\u00ed programy a za\u0159\u00edzen\u00ed po cel\u00e9 zemi.<\/li>\n<\/ul>\n\t\t<\/div>\n\t\t\t\t\t<\/div>\n\n\t\n\n\t<div id=\"col-742055087\" class=\"col medium-10 small-12 large-10\"  >\n\t\t\t\t<div class=\"col-inner text-left\"  >\n\t\t\t\n\t\t\t\n\t<div class=\"img has-hover x md-x lg-x y md-y lg-y\" id=\"image_1263412401\">\n\t\t\t\t\t\t\t\t<div class=\"img-inner dark\" >\n\t\t\t<img loading=\"lazy\" decoding=\"async\" width=\"1020\" height=\"258\" src=\"https:\/\/www.telaled.com\/wp-content\/uploads\/2025\/10\/Placar-eletronico-para-tenis9-1024x259.webp\" class=\"attachment-large size-large\" alt=\"Elektronick\u00e1 v\u00fdsledkov\u00e1 tabule pro tenis9\" srcset=\"https:\/\/www.telaled.com\/wp-content\/uploads\/2025\/10\/Placar-eletronico-para-tenis9-1024x259.webp 1024w, https:\/\/www.telaled.com\/wp-content\/uploads\/2025\/10\/Placar-eletronico-para-tenis9-300x76.webp 300w, https:\/\/www.telaled.com\/wp-content\/uploads\/2025\/10\/Placar-eletronico-para-tenis9-768x195.webp 768w, https:\/\/www.telaled.com\/wp-content\/uploads\/2025\/10\/Placar-eletronico-para-tenis9-18x5.webp 18w, https:\/\/www.telaled.com\/wp-content\/uploads\/2025\/10\/Placar-eletronico-para-tenis9-600x152.webp 600w, https:\/\/www.telaled.com\/wp-content\/uploads\/2025\/10\/Placar-eletronico-para-tenis9.webp 1109w\" sizes=\"auto, (max-width: 1020px) 100vw, 1020px\" \/>\t\t\t\t\t\t\n\t\t\t\t\t<\/div>\n\t\t\t\t\t\t\t\t\n<style>\n#image_1263412401 {\n  width: 80%;\n}\n<\/style>\n\t<\/div>\n\t\n<ul>\n<li><em><strong>Elektronick\u00e1 v\u00fdsledkov\u00e1 tabule pro tenis, \u0159ada TEC.<\/strong><\/em> Jsou baleny v zes\u00edlen\u00fdch d\u0159ev\u011bn\u00fdch bedn\u00e1ch, kter\u00e9 je chr\u00e1n\u00ed b\u011bhem p\u0159epravy. Ka\u017ed\u00e1 jednotka je bezpe\u010dn\u011b zabalena, aby se zabr\u00e1nilo po\u0161kozen\u00ed \u0161k\u016fdci, n\u00e1razy a dal\u0161\u00edmi nebezpe\u010d\u00edmi. To zaji\u0161\u0165uje trvanlivost a bezpe\u010dn\u00e9 doru\u010den\u00ed.<\/li>\n<\/ul>\n\t<div class=\"img has-hover x md-x lg-x y md-y lg-y\" id=\"image_588906329\">\n\t\t\t\t\t\t\t\t<div class=\"img-inner dark\" >\n\t\t\t<img loading=\"lazy\" decoding=\"async\" width=\"760\" height=\"1024\" src=\"https:\/\/www.telaled.com\/wp-content\/uploads\/2025\/08\/36123f2c-de60-488d-af81-255cd4aee54a-760x1024.webp\" class=\"attachment-large size-large\" alt=\"\" srcset=\"https:\/\/www.telaled.com\/wp-content\/uploads\/2025\/08\/36123f2c-de60-488d-af81-255cd4aee54a-760x1024.webp 760w, https:\/\/www.telaled.com\/wp-content\/uploads\/2025\/08\/36123f2c-de60-488d-af81-255cd4aee54a-223x300.webp 223w, https:\/\/www.telaled.com\/wp-content\/uploads\/2025\/08\/36123f2c-de60-488d-af81-255cd4aee54a-768x1035.webp 768w, https:\/\/www.telaled.com\/wp-content\/uploads\/2025\/08\/36123f2c-de60-488d-af81-255cd4aee54a-9x12.webp 9w, https:\/\/www.telaled.com\/wp-content\/uploads\/2025\/08\/36123f2c-de60-488d-af81-255cd4aee54a-600x808.webp 600w, https:\/\/www.telaled.com\/wp-content\/uploads\/2025\/08\/36123f2c-de60-488d-af81-255cd4aee54a.webp 795w\" sizes=\"auto, (max-width: 760px) 100vw, 760px\" \/>\t\t\t\t\t\t\n\t\t\t\t\t<\/div>\n\t\t\t\t\t\t\t\t\n<style>\n#image_588906329 {\n  width: 80%;\n}\n<\/style>\n\t<\/div>\n\t\n\n<table id=\"tablepress-91\" class=\"tablepress tablepress-id-91\">\n<thead>\n<tr class=\"row-1\">\n\t<th class=\"column-1\">Typ<\/th><th class=\"column-2\">sk\u00f3re<\/th><th class=\"column-3\">Materi\u00e1l<\/th><th class=\"column-4\">Hlin\u00edkov\u00e1 slitina<\/th>\n<\/tr>\n<\/thead>\n<tbody class=\"row-striping row-hover\">\n<tr class=\"row-2\">\n\t<td class=\"column-1\">D\u016fraz<\/td><td class=\"column-2\">zobrazen\u00ed sk\u00f3re<\/td><td class=\"column-3\">M\u00edsto p\u016fvodu<\/td><td class=\"column-4\">\u0160en-\u010den, \u010c\u00edna<\/td>\n<\/tr>\n<tr class=\"row-3\">\n\t<td class=\"column-1\">\u010c\u00edslo modelu<\/td><td class=\"column-2\">\u0158ada TEC<\/td><td class=\"column-3\">Ozna\u010dit<\/td><td class=\"column-4\">LED obrazovka<\/td>\n<\/tr>\n<tr class=\"row-4\">\n\t<td class=\"column-1\">barva<\/td><td class=\"column-2\">\u010derven\u00e9 \u010d\u00edslice<\/td><td class=\"column-3\">Pou\u017eit\u00ed<\/td><td class=\"column-4\">Extern\u00ed\/Intern\u00ed<\/td>\n<\/tr>\n<tr class=\"row-5\">\n\t<td class=\"column-1\">Jm\u00e9no<\/td><td class=\"column-2\">Elektronick\u00e1 tenisov\u00e1 v\u00fdsledkov\u00e1 tabule<\/td><td class=\"column-3\">Velikost<\/td><td class=\"column-4\">1095 mm \u00d7 400 mm \u00d7 65 mm<\/td>\n<\/tr>\n<tr class=\"row-6\">\n\t<td class=\"column-1\">V\u00fd\u0161ka znaku<\/td><td class=\"column-2\">4 palce<\/td><td class=\"column-3\">Struktura<\/td><td class=\"column-4\">Hlin\u00edkov\u00e1 slitina<\/td>\n<\/tr>\n<tr class=\"row-7\">\n\t<td class=\"column-1\">Instalace<\/td><td class=\"column-2\">N\u00e1st\u011bnn\u00fd dr\u017e\u00e1k<\/td><td class=\"column-3\">\u0158\u00edzen\u00ed<\/td><td class=\"column-4\">D\u00e1lkov\u00e9 ovl\u00e1d\u00e1n\u00ed<\/td>\n<\/tr>\n<tr class=\"row-8\">\n\t<td class=\"column-1\">z\u00e1ruka<\/td><td class=\"column-2\">3 roky<\/td><td class=\"column-3\"><\/td><td class=\"column-4\"><\/td>\n<\/tr>\n<\/tbody>\n<\/table>\n\n\t\t<\/div>\n\t\t\t\t\t<\/div>\n\n\t\n<\/div>\n\t\t<\/div>\n\t\t\t\t\t<\/div>\n\n\t\n<\/div>","protected":false},"excerpt":{"rendered":"<p><strong>Elektronick\u00e1 v\u00fdsledkov\u00e1 tabule pro tenis - \u0159ada TEC<\/strong> \u2013 Preciznost pro ka\u017ed\u00fd z\u00e1pas<\/p>\n<p>Jeden<em> <strong>Elektronick\u00e1 v\u00fdsledkov\u00e1 tabule pro tenis - \u0159ada TEC<\/strong> <\/em>Do ka\u017ed\u00e9ho z\u00e1pasu p\u0159in\u00e1\u0161\u00ed jasnost, p\u0159esnost a profesionalitu. Je navr\u017een pro klubov\u00e9 z\u00e1pasy a velk\u00e9 turnaje, zaji\u0161\u0165uje plynul\u00fd chod rozhod\u010d\u00edch a udr\u017euje hr\u00e1\u010de i div\u00e1ky pln\u011b zaujat\u00e9.<\/p>\n<p><strong>Hlavn\u00ed vlastnosti:<\/strong><\/p>\n<ul>\n<li><strong>Integrovan\u00fd syst\u00e9m pravidel tenisu:<\/strong> Automaticky se \u0159\u00edd\u00ed pravidly tenisu, sni\u017euje po\u010det chyb a zaji\u0161\u0165uje perfektn\u00ed sk\u00f3re pro rozhod\u010d\u00ed, hr\u00e1\u010de i fanou\u0161ky.<\/li>\n<li><strong>Vys\u00edl\u00e1n\u00ed z\u00e1pas\u016f ve vysok\u00e9m rozli\u0161en\u00ed:<\/strong> Zobrazuje cel\u00fd z\u00e1pas najednou; sk\u00f3re, \u010das a statistiky hr\u00e1\u010d\u016f; to v\u0161e s ostr\u00fdm a jasn\u00fdm LED displejem.<\/li>\n<li><strong>Jednoduch\u00e9 a intuitivn\u00ed ovl\u00e1d\u00e1n\u00ed:<\/strong> Speci\u00e1ln\u011b vyvinut\u00e9 ovl\u00e1dac\u00ed panely umo\u017e\u0148uj\u00ed rychl\u00e9 a bezchybn\u00e9 ovl\u00e1d\u00e1n\u00ed v\u00fdsledkov\u00e9 tabule, a to i pod tlakem.<\/li>\n<li><strong>P\u0159izp\u016fsobiteln\u00fd a odoln\u00fd design:<\/strong> Tyto v\u00fdsledkov\u00e9 tabule jsou vyrobeny s flexibiln\u00edmi mo\u017enostmi kryt\u00ed a \u010deln\u00ed st\u011bnou odolnou proti m\u00ed\u010dk\u016fm, tak\u017ee se p\u0159izp\u016fsob\u00ed va\u0161\u00ed poloze a z\u016fstanou robustn\u00ed v jak\u00e9mkoli prost\u0159ed\u00ed.<\/li>\n<\/ul>\n<p>Nab\u00edz\u00edme nep\u0159etr\u017eitou vzd\u00e1lenou podporu a spolehlivou 3letou z\u00e1ruku. Kontaktujte n\u00e1s je\u0161t\u011b dnes a z\u00edskejte personalizovanou cenovou nab\u00eddku p\u0159izp\u016fsobenou va\u0161im pot\u0159eb\u00e1m.<\/p>","protected":false},"featured_media":3697,"template":"","meta":[],"product_brand":[],"product_cat":[48,40,44,46],"product_tag":[],"class_list":{"0":"post-3695","1":"product","2":"type-product","3":"status-publish","4":"has-post-thumbnail","6":"product_cat-paineis-personalizados","7":"product_cat-painel-de-led","8":"product_cat-painel-de-led-flexivel","9":"product_cat-painel-de-video","11":"first","12":"instock","13":"shipping-taxable","14":"product-type-simple"},"yoast_head":"<!-- This site is optimized with the Yoast SEO plugin v27.4 - https:\/\/yoast.com\/product\/yoast-seo-wordpress\/ -->\n<title>Placar Eletr\u00f4nico de T\u00eanis S\u00e9rie TEC | Placar personalizado e dur\u00e1vel | TELALED<\/title>\n<meta name=\"description\" content=\"Aprimore sua quadra de t\u00eanis com um placar eletr\u00f4nico. Visores de alta resolu\u00e7\u00e3o, pain\u00e9is de controle intuitivos e design personaliz\u00e1vel.\" \/>\n<meta name=\"robots\" content=\"index, follow, max-snippet:-1, max-image-preview:large, max-video-preview:-1\" \/>\n<link rel=\"canonical\" href=\"https:\/\/www.telaled.com\/cs\/fabrica\/placar-eletronico-para-tenis-serie-tec\/\" \/>\n<meta property=\"og:locale\" content=\"cs_CZ\" \/>\n<meta property=\"og:type\" content=\"article\" \/>\n<meta property=\"og:title\" content=\"Placar Eletr\u00f4nico de T\u00eanis S\u00e9rie TEC | Placar personalizado e dur\u00e1vel | TELALED\" \/>\n<meta property=\"og:description\" content=\"Aprimore sua quadra de t\u00eanis com um placar eletr\u00f4nico. Visores de alta resolu\u00e7\u00e3o, pain\u00e9is de controle intuitivos e design personaliz\u00e1vel.\" \/>\n<meta property=\"og:url\" content=\"https:\/\/www.telaled.com\/cs\/fabrica\/placar-eletronico-para-tenis-serie-tec\/\" \/>\n<meta property=\"og:site_name\" content=\"TELALED\" \/>\n<meta property=\"article:modified_time\" content=\"2026-01-06T09:33:21+00:00\" \/>\n<meta property=\"og:image\" content=\"https:\/\/www.telaled.com\/wp-content\/uploads\/2025\/10\/Placar-eletronico-para-tenis-1.webp\" \/>\n\t<meta property=\"og:image:width\" content=\"500\" \/>\n\t<meta property=\"og:image:height\" content=\"500\" \/>\n\t<meta property=\"og:image:type\" content=\"image\/webp\" \/>\n<meta name=\"twitter:card\" content=\"summary_large_image\" \/>\n<meta name=\"twitter:label1\" content=\"Est. reading time\" \/>\n\t<meta name=\"twitter:data1\" content=\"3 minuty\" \/>\n<script type=\"application\/ld+json\" class=\"yoast-schema-graph\">{\"@context\":\"https:\\\/\\\/schema.org\",\"@graph\":[{\"@type\":\"WebPage\",\"@id\":\"https:\\\/\\\/www.telaled.com\\\/fabrica\\\/placar-eletronico-para-tenis-serie-tec\\\/\",\"url\":\"https:\\\/\\\/www.telaled.com\\\/fabrica\\\/placar-eletronico-para-tenis-serie-tec\\\/\",\"name\":\"Placar Eletr\u00f4nico de T\u00eanis S\u00e9rie TEC | Placar personalizado e dur\u00e1vel | TELALED\",\"isPartOf\":{\"@id\":\"https:\\\/\\\/www.telaled.com\\\/#website\"},\"primaryImageOfPage\":{\"@id\":\"https:\\\/\\\/www.telaled.com\\\/fabrica\\\/placar-eletronico-para-tenis-serie-tec\\\/#primaryimage\"},\"image\":{\"@id\":\"https:\\\/\\\/www.telaled.com\\\/fabrica\\\/placar-eletronico-para-tenis-serie-tec\\\/#primaryimage\"},\"thumbnailUrl\":\"https:\\\/\\\/www.telaled.com\\\/wp-content\\\/uploads\\\/2025\\\/10\\\/Placar-eletronico-para-tenis-1.webp\",\"datePublished\":\"2025-10-02T01:58:23+00:00\",\"dateModified\":\"2026-01-06T09:33:21+00:00\",\"description\":\"Aprimore sua quadra de t\u00eanis com um placar eletr\u00f4nico. Visores de alta resolu\u00e7\u00e3o, pain\u00e9is de controle intuitivos e design personaliz\u00e1vel.\",\"breadcrumb\":{\"@id\":\"https:\\\/\\\/www.telaled.com\\\/fabrica\\\/placar-eletronico-para-tenis-serie-tec\\\/#breadcrumb\"},\"inLanguage\":\"cs\",\"potentialAction\":[{\"@type\":\"ReadAction\",\"target\":[\"https:\\\/\\\/www.telaled.com\\\/fabrica\\\/placar-eletronico-para-tenis-serie-tec\\\/\"]}]},{\"@type\":\"ImageObject\",\"inLanguage\":\"cs\",\"@id\":\"https:\\\/\\\/www.telaled.com\\\/fabrica\\\/placar-eletronico-para-tenis-serie-tec\\\/#primaryimage\",\"url\":\"https:\\\/\\\/www.telaled.com\\\/wp-content\\\/uploads\\\/2025\\\/10\\\/Placar-eletronico-para-tenis-1.webp\",\"contentUrl\":\"https:\\\/\\\/www.telaled.com\\\/wp-content\\\/uploads\\\/2025\\\/10\\\/Placar-eletronico-para-tenis-1.webp\",\"width\":500,\"height\":500,\"caption\":\"Placar-eletronico-para-tenis (1)\"},{\"@type\":\"BreadcrumbList\",\"@id\":\"https:\\\/\\\/www.telaled.com\\\/fabrica\\\/placar-eletronico-para-tenis-serie-tec\\\/#breadcrumb\",\"itemListElement\":[{\"@type\":\"ListItem\",\"position\":1,\"name\":\"Home\",\"item\":\"https:\\\/\\\/www.telaled.com\\\/\"},{\"@type\":\"ListItem\",\"position\":2,\"name\":\"Produtos\",\"item\":\"https:\\\/\\\/www.telaled.com\\\/shop\\\/\"},{\"@type\":\"ListItem\",\"position\":3,\"name\":\"Placar Eletronico para Tenis S\u00e9rie TEC\"}]},{\"@type\":\"WebSite\",\"@id\":\"https:\\\/\\\/www.telaled.com\\\/#website\",\"url\":\"https:\\\/\\\/www.telaled.com\\\/\",\"name\":\"TELALED\",\"description\":\"\",\"potentialAction\":[{\"@type\":\"SearchAction\",\"target\":{\"@type\":\"EntryPoint\",\"urlTemplate\":\"https:\\\/\\\/www.telaled.com\\\/?s={search_term_string}\"},\"query-input\":{\"@type\":\"PropertyValueSpecification\",\"valueRequired\":true,\"valueName\":\"search_term_string\"}}],\"inLanguage\":\"cs\"}]}<\/script>\n<!-- \/ Yoast SEO plugin. -->","yoast_head_json":{"title":"Elektronick\u00e1 tenisov\u00e1 v\u00fdsledkov\u00e1 tabule \u0159ady TEC | P\u0159izp\u016fsobiteln\u00e1 a odoln\u00e1 v\u00fdsledkov\u00e1 tabule | LED obrazovka","description":"Vylep\u0161ete si tenisov\u00fd kurt elektronickou v\u00fdsledkovou tabul\u00ed. Displeje s vysok\u00fdm rozli\u0161en\u00edm, intuitivn\u00ed ovl\u00e1dac\u00ed panely a p\u0159izp\u016fsobiteln\u00fd design.","robots":{"index":"index","follow":"follow","max-snippet":"max-snippet:-1","max-image-preview":"max-image-preview:large","max-video-preview":"max-video-preview:-1"},"canonical":"https:\/\/www.telaled.com\/cs\/fabrica\/placar-eletronico-para-tenis-serie-tec\/","og_locale":"cs_CZ","og_type":"article","og_title":"Placar Eletr\u00f4nico de T\u00eanis S\u00e9rie TEC | Placar personalizado e dur\u00e1vel | TELALED","og_description":"Aprimore sua quadra de t\u00eanis com um placar eletr\u00f4nico. Visores de alta resolu\u00e7\u00e3o, pain\u00e9is de controle intuitivos e design personaliz\u00e1vel.","og_url":"https:\/\/www.telaled.com\/cs\/fabrica\/placar-eletronico-para-tenis-serie-tec\/","og_site_name":"TELALED","article_modified_time":"2026-01-06T09:33:21+00:00","og_image":[{"width":500,"height":500,"url":"https:\/\/www.telaled.com\/wp-content\/uploads\/2025\/10\/Placar-eletronico-para-tenis-1.webp","type":"image\/webp"}],"twitter_card":"summary_large_image","twitter_misc":{"Est. reading time":"3 minuty"},"schema":{"@context":"https:\/\/schema.org","@graph":[{"@type":"WebPage","@id":"https:\/\/www.telaled.com\/fabrica\/placar-eletronico-para-tenis-serie-tec\/","url":"https:\/\/www.telaled.com\/fabrica\/placar-eletronico-para-tenis-serie-tec\/","name":"Elektronick\u00e1 tenisov\u00e1 v\u00fdsledkov\u00e1 tabule \u0159ady TEC | P\u0159izp\u016fsobiteln\u00e1 a odoln\u00e1 v\u00fdsledkov\u00e1 tabule | LED obrazovka","isPartOf":{"@id":"https:\/\/www.telaled.com\/#website"},"primaryImageOfPage":{"@id":"https:\/\/www.telaled.com\/fabrica\/placar-eletronico-para-tenis-serie-tec\/#primaryimage"},"image":{"@id":"https:\/\/www.telaled.com\/fabrica\/placar-eletronico-para-tenis-serie-tec\/#primaryimage"},"thumbnailUrl":"https:\/\/www.telaled.com\/wp-content\/uploads\/2025\/10\/Placar-eletronico-para-tenis-1.webp","datePublished":"2025-10-02T01:58:23+00:00","dateModified":"2026-01-06T09:33:21+00:00","description":"Vylep\u0161ete si tenisov\u00fd kurt elektronickou v\u00fdsledkovou tabul\u00ed. Displeje s vysok\u00fdm rozli\u0161en\u00edm, intuitivn\u00ed ovl\u00e1dac\u00ed panely a p\u0159izp\u016fsobiteln\u00fd design.","breadcrumb":{"@id":"https:\/\/www.telaled.com\/fabrica\/placar-eletronico-para-tenis-serie-tec\/#breadcrumb"},"inLanguage":"cs","potentialAction":[{"@type":"ReadAction","target":["https:\/\/www.telaled.com\/fabrica\/placar-eletronico-para-tenis-serie-tec\/"]}]},{"@type":"ImageObject","inLanguage":"cs","@id":"https:\/\/www.telaled.com\/fabrica\/placar-eletronico-para-tenis-serie-tec\/#primaryimage","url":"https:\/\/www.telaled.com\/wp-content\/uploads\/2025\/10\/Placar-eletronico-para-tenis-1.webp","contentUrl":"https:\/\/www.telaled.com\/wp-content\/uploads\/2025\/10\/Placar-eletronico-para-tenis-1.webp","width":500,"height":500,"caption":"Placar-eletronico-para-tenis (1)"},{"@type":"BreadcrumbList","@id":"https:\/\/www.telaled.com\/fabrica\/placar-eletronico-para-tenis-serie-tec\/#breadcrumb","itemListElement":[{"@type":"ListItem","position":1,"name":"Home","item":"https:\/\/www.telaled.com\/"},{"@type":"ListItem","position":2,"name":"Produtos","item":"https:\/\/www.telaled.com\/shop\/"},{"@type":"ListItem","position":3,"name":"Placar Eletronico para Tenis S\u00e9rie TEC"}]},{"@type":"WebSite","@id":"https:\/\/www.telaled.com\/#website","url":"https:\/\/www.telaled.com\/","name":"LED obrazovka","description":"","potentialAction":[{"@type":"SearchAction","target":{"@type":"EntryPoint","urlTemplate":"https:\/\/www.telaled.com\/?s={search_term_string}"},"query-input":{"@type":"PropertyValueSpecification","valueRequired":true,"valueName":"search_term_string"}}],"inLanguage":"cs"}]}},"_links":{"self":[{"href":"https:\/\/www.telaled.com\/cs\/wp-json\/wp\/v2\/product\/3695","targetHints":{"allow":["GET"]}}],"collection":[{"href":"https:\/\/www.telaled.com\/cs\/wp-json\/wp\/v2\/product"}],"about":[{"href":"https:\/\/www.telaled.com\/cs\/wp-json\/wp\/v2\/types\/product"}],"wp:featuredmedia":[{"embeddable":true,"href":"https:\/\/www.telaled.com\/cs\/wp-json\/wp\/v2\/media\/3697"}],"wp:attachment":[{"href":"https:\/\/www.telaled.com\/cs\/wp-json\/wp\/v2\/media?parent=3695"}],"wp:term":[{"taxonomy":"product_brand","embeddable":true,"href":"https:\/\/www.telaled.com\/cs\/wp-json\/wp\/v2\/product_brand?post=3695"},{"taxonomy":"product_cat","embeddable":true,"href":"https:\/\/www.telaled.com\/cs\/wp-json\/wp\/v2\/product_cat?post=3695"},{"taxonomy":"product_tag","embeddable":true,"href":"https:\/\/www.telaled.com\/cs\/wp-json\/wp\/v2\/product_tag?post=3695"}],"curies":[{"name":"wp","href":"https:\/\/api.w.org\/{rel}","templated":true}]}}