{"id":3692,"date":"2025-10-02T00:42:47","date_gmt":"2025-10-02T00:42:47","guid":{"rendered":"https:\/\/www.telaled.com\/?post_type=product&#038;p=3692"},"modified":"2026-01-06T09:20:04","modified_gmt":"2026-01-06T09:20:04","slug":"placar-eletronico-para-volei-serie-teb","status":"publish","type":"product","link":"https:\/\/www.telaled.com\/cs\/fabrica\/placar-eletronico-para-volei-serie-teb\/","title":{"rendered":"Elektronick\u00e1 v\u00fdsledkov\u00e1 tabule pro volejbal \u0159ady TEB"},"content":{"rendered":"<div class=\"row\"  id=\"row-1661928229\">\n\n\t<div id=\"col-1068778628\" class=\"col small-12 large-12\"  >\n\t\t\t\t<div class=\"col-inner\"  >\n\t\t\t\n\t\t\t\n<h2><strong>Unik\u00e1tn\u00ed v\u00fdhody elektronick\u00e9 v\u00fdsledkov\u00e9 tabule pro volejbal \u0159ady TEB<\/strong><\/h2>\n<h3><strong>Profesion\u00e1ln\u00ed z\u00e1kladn\u00ed deska<\/strong><\/h3>\n<ul>\n<li>V\u00edcevrstv\u00e1 konstrukce zaji\u0161\u0165uje stabiln\u00ed v\u00fdkon.<\/li>\n<li>V\u011bt\u0161\u00ed rozlo\u017een\u00ed sni\u017euje zah\u0159\u00edv\u00e1n\u00ed a nam\u00e1h\u00e1n\u00ed sou\u010d\u00e1st\u00ed.<\/li>\n<li>Navr\u017eeno pro dlouhou \u017eivotnost s n\u00edzkou poruchovost\u00ed.<\/li>\n<\/ul>\n<h3><strong>Bezdr\u00e1tov\u00e9 d\u00e1lkov\u00e9 ovl\u00e1d\u00e1n\u00ed<\/strong><\/h3>\n<ul>\n<li>Jednoduch\u00e9 ovl\u00e1d\u00e1n\u00ed nebo funkce pro bodov\u00e1n\u00ed a m\u011b\u0159en\u00ed \u010dasu.<\/li>\n<li>Funguje plynule v dosahu 30 metr\u016f.<\/li>\n<li>Voln\u011b upraviteln\u00e1 \u010d\u00edsla pro flexibiln\u00ed spr\u00e1vu z\u00e1pas\u016f.<\/li>\n<\/ul>\n<h3><strong>Struktura hlin\u00edkov\u00e9 slitiny<\/strong><\/h3>\n<ul>\n<li>Patentovan\u00e1 konstrukce pro pevnost a odolnost.<\/li>\n<li>Lehk\u00e1 konstrukce usnad\u0148uje instalaci a p\u0159epravu.<\/li>\n<li>Odoln\u00e1 proti opot\u0159eben\u00ed, zaru\u010duj\u00edc\u00ed roky spolehliv\u00e9ho pou\u017e\u00edv\u00e1n\u00ed.<\/li>\n<\/ul>\n<h3><strong>LED displej s vysok\u00fdm rozli\u0161en\u00edm<\/strong><\/h3>\n<ul>\n<li>Jasn\u00e9 digit\u00e1ln\u00ed trubice udr\u017euj\u00ed sk\u00f3re ostr\u00e9 z jak\u00e9hokoli \u00fahlu.<\/li>\n<li>P\u0159esn\u00fd \u010dasov\u00fd z\u00e1znam pro ka\u017edou sadu a rallye.<\/li>\n<li>Snadno \u010diteln\u00e9 jak pro hr\u00e1\u010de, tak pro div\u00e1ky.<\/li>\n<\/ul>\n<h2>Detaily produktu<\/h2>\n<div class=\"row\"  id=\"row-1615041488\">\n\n\t<div id=\"col-1018943203\" class=\"col medium-10 small-12 large-10\"  >\n\t\t\t\t<div class=\"col-inner text-left\"  >\n\t\t\t\n\t\t\t\n<ul>\n<li><strong>Kompaktn\u00ed rozm\u011bry<\/strong> \u2013 <span style=\"font-weight: 400;\">Elektronick\u00e1 v\u00fdsledkov\u00e1 tabule pro volejbal \u0159ady TEB<\/span> M\u011b\u0159\u00ed 58 cm (22,83 palce) na \u0161\u00ed\u0159ku a 35 cm (13,78 palce) na v\u00fd\u0161ku a m\u00e1 4palcov\u00e9 LED \u010d\u00edslice pro dobrou viditelnost.<\/li>\n<\/ul>\n\t<div class=\"img has-hover x md-x lg-x y md-y lg-y\" id=\"image_129092011\">\n\t\t\t\t\t\t\t\t<div class=\"img-inner dark\" >\n\t\t\t<img loading=\"lazy\" decoding=\"async\" width=\"800\" height=\"813\" src=\"https:\/\/www.telaled.com\/wp-content\/uploads\/2025\/10\/Dimensions.webp\" class=\"attachment-large size-large\" alt=\"Elektronick\u00e1 v\u00fdsledkov\u00e1 tabule pro volejbal TEB Series Dimension\" srcset=\"https:\/\/www.telaled.com\/wp-content\/uploads\/2025\/10\/Dimensions.webp 800w, https:\/\/www.telaled.com\/wp-content\/uploads\/2025\/10\/Dimensions-295x300.webp 295w, https:\/\/www.telaled.com\/wp-content\/uploads\/2025\/10\/Dimensions-768x780.webp 768w, https:\/\/www.telaled.com\/wp-content\/uploads\/2025\/10\/Dimensions-12x12.webp 12w, https:\/\/www.telaled.com\/wp-content\/uploads\/2025\/10\/Dimensions-600x610.webp 600w\" sizes=\"auto, (max-width: 800px) 100vw, 800px\" \/>\t\t\t\t\t\t\n\t\t\t\t\t<\/div>\n\t\t\t\t\t\t\t\t\n<style>\n#image_129092011 {\n  width: 80%;\n}\n<\/style>\n\t<\/div>\n\t\n<ul>\n<li><strong>Flexibiln\u00ed instalace<\/strong> Lze jej um\u00edstit na st\u016fl, zav\u011bsit na houpac\u00ed s\u00ed\u0165, upevnit na stativ nebo p\u0159ipevnit na ze\u010f.<\/li>\n<\/ul>\n\t<div class=\"img has-hover x md-x lg-x y md-y lg-y\" id=\"image_1931285540\">\n\t\t\t\t\t\t\t\t<div class=\"img-inner dark\" >\n\t\t\t<img loading=\"lazy\" decoding=\"async\" width=\"788\" height=\"739\" src=\"https:\/\/www.telaled.com\/wp-content\/uploads\/2025\/10\/Installation-Method.webp\" class=\"attachment-original size-original\" alt=\"\" srcset=\"https:\/\/www.telaled.com\/wp-content\/uploads\/2025\/10\/Installation-Method.webp 788w, https:\/\/www.telaled.com\/wp-content\/uploads\/2025\/10\/Installation-Method-300x281.webp 300w, https:\/\/www.telaled.com\/wp-content\/uploads\/2025\/10\/Installation-Method-768x720.webp 768w, https:\/\/www.telaled.com\/wp-content\/uploads\/2025\/10\/Installation-Method-13x12.webp 13w, https:\/\/www.telaled.com\/wp-content\/uploads\/2025\/10\/Installation-Method-600x563.webp 600w\" sizes=\"auto, (max-width: 788px) 100vw, 788px\" \/>\t\t\t\t\t\t\n\t\t\t\t\t<\/div>\n\t\t\t\t\t\t\t\t\n<style>\n#image_1931285540 {\n  width: 80%;\n}\n<\/style>\n\t<\/div>\n\t\n<ul>\n<li><strong>Praktick\u00e9 prvky na zadn\u00ed stran\u011b.<\/strong> \u2013 Vybaven vyp\u00edna\u010dem, p\u0159ihr\u00e1dkou na baterie (podporuje 1 a\u017e 3 baterie 18650), bzu\u010d\u00e1kem s hlasitost\u00ed 90 dB a rozhran\u00edm typu C pro pohodln\u00e9 pou\u017e\u00edv\u00e1n\u00ed.<\/li>\n<\/ul>\n\t<div class=\"img has-hover x md-x lg-x y md-y lg-y\" id=\"image_896911461\">\n\t\t\t\t\t\t\t\t<div class=\"img-inner dark\" >\n\t\t\t<img loading=\"lazy\" decoding=\"async\" width=\"788\" height=\"739\" src=\"https:\/\/www.telaled.com\/wp-content\/uploads\/2025\/10\/Back-Features.webp\" class=\"attachment-large size-large\" alt=\"Zadn\u00ed prvky Elektronick\u00e1 v\u00fdsledkov\u00e1 tabule pro volejbal \u0158ada TEB\" srcset=\"https:\/\/www.telaled.com\/wp-content\/uploads\/2025\/10\/Back-Features.webp 788w, https:\/\/www.telaled.com\/wp-content\/uploads\/2025\/10\/Back-Features-300x281.webp 300w, https:\/\/www.telaled.com\/wp-content\/uploads\/2025\/10\/Back-Features-768x720.webp 768w, https:\/\/www.telaled.com\/wp-content\/uploads\/2025\/10\/Back-Features-13x12.webp 13w, https:\/\/www.telaled.com\/wp-content\/uploads\/2025\/10\/Back-Features-600x563.webp 600w\" sizes=\"auto, (max-width: 788px) 100vw, 788px\" \/>\t\t\t\t\t\t\n\t\t\t\t\t<\/div>\n\t\t\t\t\t\t\t\t\n<style>\n#image_896911461 {\n  width: 80%;\n}\n<\/style>\n\t<\/div>\n\t\n<ul>\n<li><strong>Vymazat spou\u0161t\u011bc\u00ed funkce<\/strong> \u2013 Zobrazuje sk\u00f3re dom\u00e1c\u00edho i hostuj\u00edc\u00edho t\u00fdmu, zv\u00fdraz\u0148uje v\u00edt\u011bzn\u00fd t\u00fdm a ukazuje po\u010det vyhran\u00fdch kol pro p\u0159esn\u00e9 sledov\u00e1n\u00ed hry.<\/li>\n<\/ul>\n\t<div class=\"img has-hover x md-x lg-x y md-y lg-y\" id=\"image_319426635\">\n\t\t\t\t\t\t\t\t<div class=\"img-inner dark\" >\n\t\t\t<img loading=\"lazy\" decoding=\"async\" width=\"790\" height=\"908\" src=\"https:\/\/www.telaled.com\/wp-content\/uploads\/2025\/10\/Product-Function.webp\" class=\"attachment-large size-large\" alt=\"\" srcset=\"https:\/\/www.telaled.com\/wp-content\/uploads\/2025\/10\/Product-Function.webp 790w, https:\/\/www.telaled.com\/wp-content\/uploads\/2025\/10\/Product-Function-261x300.webp 261w, https:\/\/www.telaled.com\/wp-content\/uploads\/2025\/10\/Product-Function-768x883.webp 768w, https:\/\/www.telaled.com\/wp-content\/uploads\/2025\/10\/Product-Function-10x12.webp 10w, https:\/\/www.telaled.com\/wp-content\/uploads\/2025\/10\/Product-Function-600x690.webp 600w\" sizes=\"auto, (max-width: 790px) 100vw, 790px\" \/>\t\t\t\t\t\t\n\t\t\t\t\t<\/div>\n\t\t\t\t\t\t\t\t\n<style>\n#image_319426635 {\n  width: 80%;\n}\n<\/style>\n\t<\/div>\n\t\n<ul>\n<li>Ka\u017ed\u00fd <strong><em>Elektronick\u00e1 v\u00fdsledkov\u00e1 tabule pro volejbal \u0159ady TEB<\/em><\/strong> Jednotka je dod\u00e1v\u00e1na v pevn\u00fdch d\u0159ev\u011bn\u00fdch bedn\u00e1ch pro maxim\u00e1ln\u00ed ochranu. Bezpe\u010dn\u00e9 balen\u00ed chr\u00e1n\u00ed ka\u017edou jednotku p\u0159ed n\u00e1razy, \u0161k\u016fdci a dal\u0161\u00edmi nebezpe\u010d\u00edmi a zaji\u0161\u0165uje, \u017ee doraz\u00ed v po\u0159\u00e1dku a p\u0159ipravena k pou\u017eit\u00ed.<\/li>\n<\/ul>\n\t<div class=\"img has-hover x md-x lg-x y md-y lg-y\" id=\"image_431260053\">\n\t\t\t\t\t\t\t\t<div class=\"img-inner dark\" >\n\t\t\t<img loading=\"lazy\" decoding=\"async\" width=\"760\" height=\"1024\" src=\"https:\/\/www.telaled.com\/wp-content\/uploads\/2025\/08\/36123f2c-de60-488d-af81-255cd4aee54a-760x1024.webp\" class=\"attachment-large size-large\" alt=\"\" srcset=\"https:\/\/www.telaled.com\/wp-content\/uploads\/2025\/08\/36123f2c-de60-488d-af81-255cd4aee54a-760x1024.webp 760w, https:\/\/www.telaled.com\/wp-content\/uploads\/2025\/08\/36123f2c-de60-488d-af81-255cd4aee54a-223x300.webp 223w, https:\/\/www.telaled.com\/wp-content\/uploads\/2025\/08\/36123f2c-de60-488d-af81-255cd4aee54a-768x1035.webp 768w, https:\/\/www.telaled.com\/wp-content\/uploads\/2025\/08\/36123f2c-de60-488d-af81-255cd4aee54a-9x12.webp 9w, https:\/\/www.telaled.com\/wp-content\/uploads\/2025\/08\/36123f2c-de60-488d-af81-255cd4aee54a-600x808.webp 600w, https:\/\/www.telaled.com\/wp-content\/uploads\/2025\/08\/36123f2c-de60-488d-af81-255cd4aee54a.webp 795w\" sizes=\"auto, (max-width: 760px) 100vw, 760px\" \/>\t\t\t\t\t\t\n\t\t\t\t\t<\/div>\n\t\t\t\t\t\t\t\t\n<style>\n#image_431260053 {\n  width: 80%;\n}\n<\/style>\n\t<\/div>\n\t\n\n<table id=\"tablepress-92\" class=\"tablepress tablepress-id-92\">\n<thead>\n<tr class=\"row-1\">\n\t<th colspan=\"4\" class=\"column-1\">Prezentace produktu<\/th>\n<\/tr>\n<\/thead>\n<tbody class=\"row-striping row-hover\">\n<tr class=\"row-2\">\n\t<td class=\"column-1\">Materi\u00e1l<\/td><td class=\"column-2\">ABS<\/td><td class=\"column-3\"><\/td><td class=\"column-4\"><\/td>\n<\/tr>\n<tr class=\"row-3\">\n\t<td class=\"column-1\">Velikost v\u00fdsledkov\u00e9 tabule<\/td><td class=\"column-2\">58*35*2,3 cm (22,83*13,78*0,9 palce)<\/td><td class=\"column-3\"><\/td><td class=\"column-4\"><\/td>\n<\/tr>\n<tr class=\"row-4\">\n\t<td class=\"column-1\">Funkce produktu<\/td><td class=\"column-2\">Zobrazuje sk\u00f3re, norm\u00e1ln\u00ed a volejbalov\u00fd re\u017eim, zvuk lze zapnout\/vypnout.<\/td><td class=\"column-3\"><\/td><td class=\"column-4\"><\/td>\n<\/tr>\n<tr class=\"row-5\">\n\t<td class=\"column-1\">Energetick\u00fd zdroj<\/td><td class=\"column-2\">Adapt\u00e9r DC5V\/2A, nab\u00edje\u010dka typu C (kompatibiln\u00ed s r\u016fzn\u00fdmi zem\u011bmi)<\/td><td class=\"column-3\"><\/td><td class=\"column-4\"><\/td>\n<\/tr>\n<tr class=\"row-6\">\n\t<td class=\"column-1\">Nap\u00e1jeno z baterie<\/td><td class=\"column-2\">1\u20133 dob\u00edjec\u00ed lithiov\u00e9 baterie 18650 (baterie nejsou sou\u010d\u00e1st\u00ed balen\u00ed)<\/td><td class=\"column-3\"><\/td><td class=\"column-4\"><\/td>\n<\/tr>\n<tr class=\"row-7\">\n\t<td class=\"column-1\">Zp\u016fsob instalace<\/td><td class=\"column-2\">Stoln\u00ed, n\u00e1st\u011bnn\u00e9, z\u00e1v\u011bsn\u00e9, stativov\u00e9.<br \/>\n(Z\u00e1v\u011bsn\u00e9 p\u0159\u00edslu\u0161enstv\u00ed a stativ nejsou sou\u010d\u00e1st\u00ed dod\u00e1vky. Pro zakoupen\u00ed n\u00e1s kontaktujte.)<\/td><td class=\"column-3\"><\/td><td class=\"column-4\"><\/td>\n<\/tr>\n<tr class=\"row-8\">\n\t<td class=\"column-1\">Charakteristiky<\/td><td class=\"column-2\">Pro vnit\u0159n\u00ed i venkovn\u00ed pou\u017eit\u00ed, p\u0159enosn\u00e9, snadno ovladateln\u00e9.<\/td><td class=\"column-3\"><\/td><td class=\"column-4\"><\/td>\n<\/tr>\n<tr class=\"row-9\">\n\t<td class=\"column-1\">Balen\u00ed v\u010detn\u011b<\/td><td class=\"column-2\">10m\u00edstn\u00e1 v\u00fdsledkov\u00e1 tabule, ovl\u00e1d\u00e1n\u00ed z\u00e1p\u011bst\u00edm (DOM\u016e + VENKU), d\u00e1lkov\u00e9 ovl\u00e1d\u00e1n\u00ed 2,4G.,<br \/>\nAdapt\u00e9r a nab\u00edje\u010dka, Instala\u010dn\u00ed p\u0159\u00edslu\u0161enstv\u00ed, U\u017eivatelsk\u00e1 p\u0159\u00edru\u010dka<\/td><td class=\"column-3\"><\/td><td class=\"column-4\"><\/td>\n<\/tr>\n<\/tbody>\n<\/table>\n\n\t\t<\/div>\n\t\t\t\t\t<\/div>\n\n\t\n<\/div>\n\t\t<\/div>\n\t\t\t\t\t<\/div>\n\n\t\n<\/div>","protected":false},"excerpt":{"rendered":"<p><strong>Elektronick\u00e1 v\u00fdsledkov\u00e1 tabule pro volejbal s\u00e9rie TEB \u2013 Zjednodu\u0161en\u00e9 sk\u00f3rov\u00e1n\u00ed v re\u00e1ln\u00e9m \u010dase<\/strong><\/p>\n<p>O <em><strong>Elektronick\u00e1 v\u00fdsledkov\u00e1 tabule pro volejbal \u0159ady TEB <\/strong><\/em>Navr\u017eeno tak, aby ka\u017ed\u00e1 hra, set a z\u00e1pas byly ostr\u00e9 pro hr\u00e1\u010de i div\u00e1ky. D\u00edky jasn\u00fdm LED \u010d\u00edslic\u00edm, snadno pou\u017eiteln\u00e9mu ovl\u00e1d\u00e1n\u00ed a odoln\u00e9 konstrukci zaji\u0161\u0165uje p\u0159esn\u00e9 sk\u00f3rov\u00e1n\u00ed a plynulou hru, a\u0165 u\u017e uvnit\u0159 nebo venku.<\/p>\n<p><strong>4 hlavn\u00ed v\u00fdhody:<\/strong><\/p>\n<ul>\n<li><strong>Okam\u017eit\u00e9 aktualizace sk\u00f3re<\/strong> Jasn\u00fd LED displej udr\u017euje hr\u00e1\u010de, rozhod\u010d\u00ed i fanou\u0161ky v obraze.<\/li>\n<li><strong>Odoln\u00e1 konstrukce<\/strong> \u2013 Navr\u017eeno pro n\u00e1ro\u010dn\u00e9 hern\u00ed prost\u0159ed\u00ed s dlouhou v\u00fddr\u017e\u00ed.<\/li>\n<li><strong>Snadno pou\u017eiteln\u00e9 ovl\u00e1dac\u00ed prvky<\/strong> Jednoduch\u00e9 rozhran\u00ed umo\u017e\u0148uje rozhod\u010d\u00edm rychl\u00fd a efektivn\u00ed provoz.<\/li>\n<li><strong>P\u0159izp\u016fsobiteln\u00fd design<\/strong> \u2013 Velikost, jas a mo\u017enosti funkc\u00ed dle va\u0161ich pot\u0159eb. <a href=\"https:\/\/www.telaled.com\/cs\/cronometro-academia\/\">t\u011blocvi\u010dny<\/a>, \u0161koly nebo profesn\u00ed ar\u00e9ny.<\/li>\n<\/ul>\n<p>N\u00e1\u0161 t\u00fdm nab\u00edz\u00ed nep\u0159etr\u017eitou vzd\u00e1lenou podporu a 3letou z\u00e1ruku. Kontaktujte n\u00e1s je\u0161t\u011b dnes a z\u00edskejte individu\u00e1ln\u00ed cenovou nab\u00eddku.<\/p>","protected":false},"featured_media":3703,"template":"","meta":[],"product_brand":[],"product_cat":[48,40,44,46],"product_tag":[],"class_list":{"0":"post-3692","1":"product","2":"type-product","3":"status-publish","4":"has-post-thumbnail","6":"product_cat-paineis-personalizados","7":"product_cat-painel-de-led","8":"product_cat-painel-de-led-flexivel","9":"product_cat-painel-de-video","11":"first","12":"instock","13":"shipping-taxable","14":"product-type-simple"},"yoast_head":"<!-- This site is optimized with the Yoast SEO plugin v27.4 - https:\/\/yoast.com\/product\/yoast-seo-wordpress\/ -->\n<title>Placar Eletronico Para Volei S\u00e9rie TEB | TELALED<\/title>\n<meta name=\"description\" content=\"Placar Eletronico Para Volei S\u00e9rie TEB oferece resultados claros e em tempo real para todas as partidas. Dur\u00e1vel e f\u00e1cil de usar. Adquira o seu agora!\" \/>\n<meta name=\"robots\" content=\"index, follow, max-snippet:-1, max-image-preview:large, max-video-preview:-1\" \/>\n<link rel=\"canonical\" href=\"https:\/\/www.telaled.com\/cs\/fabrica\/placar-eletronico-para-volei-serie-teb\/\" \/>\n<meta property=\"og:locale\" content=\"cs_CZ\" \/>\n<meta property=\"og:type\" content=\"article\" \/>\n<meta property=\"og:title\" content=\"Placar Eletronico Para Volei S\u00e9rie TEB | TELALED\" \/>\n<meta property=\"og:description\" content=\"Placar Eletronico Para Volei S\u00e9rie TEB oferece resultados claros e em tempo real para todas as partidas. Dur\u00e1vel e f\u00e1cil de usar. Adquira o seu agora!\" \/>\n<meta property=\"og:url\" content=\"https:\/\/www.telaled.com\/cs\/fabrica\/placar-eletronico-para-volei-serie-teb\/\" \/>\n<meta property=\"og:site_name\" content=\"TELALED\" \/>\n<meta property=\"article:modified_time\" content=\"2026-01-06T09:20:04+00:00\" \/>\n<meta property=\"og:image\" content=\"https:\/\/www.telaled.com\/wp-content\/uploads\/2025\/10\/Electronic-Volleyball-Scoreboard.webp\" \/>\n\t<meta property=\"og:image:width\" content=\"500\" \/>\n\t<meta property=\"og:image:height\" content=\"500\" \/>\n\t<meta property=\"og:image:type\" content=\"image\/webp\" \/>\n<meta name=\"twitter:card\" content=\"summary_large_image\" \/>\n<meta name=\"twitter:label1\" content=\"Est. reading time\" \/>\n\t<meta name=\"twitter:data1\" content=\"2 minuty\" \/>\n<script type=\"application\/ld+json\" class=\"yoast-schema-graph\">{\"@context\":\"https:\\\/\\\/schema.org\",\"@graph\":[{\"@type\":\"WebPage\",\"@id\":\"https:\\\/\\\/www.telaled.com\\\/fabrica\\\/placar-eletronico-para-volei-serie-teb\\\/\",\"url\":\"https:\\\/\\\/www.telaled.com\\\/fabrica\\\/placar-eletronico-para-volei-serie-teb\\\/\",\"name\":\"Placar Eletronico Para Volei S\u00e9rie TEB | TELALED\",\"isPartOf\":{\"@id\":\"https:\\\/\\\/www.telaled.com\\\/#website\"},\"primaryImageOfPage\":{\"@id\":\"https:\\\/\\\/www.telaled.com\\\/fabrica\\\/placar-eletronico-para-volei-serie-teb\\\/#primaryimage\"},\"image\":{\"@id\":\"https:\\\/\\\/www.telaled.com\\\/fabrica\\\/placar-eletronico-para-volei-serie-teb\\\/#primaryimage\"},\"thumbnailUrl\":\"https:\\\/\\\/www.telaled.com\\\/wp-content\\\/uploads\\\/2025\\\/10\\\/Electronic-Volleyball-Scoreboard.webp\",\"datePublished\":\"2025-10-02T00:42:47+00:00\",\"dateModified\":\"2026-01-06T09:20:04+00:00\",\"description\":\"Placar Eletronico Para Volei S\u00e9rie TEB oferece resultados claros e em tempo real para todas as partidas. Dur\u00e1vel e f\u00e1cil de usar. Adquira o seu agora!\",\"breadcrumb\":{\"@id\":\"https:\\\/\\\/www.telaled.com\\\/fabrica\\\/placar-eletronico-para-volei-serie-teb\\\/#breadcrumb\"},\"inLanguage\":\"cs\",\"potentialAction\":[{\"@type\":\"ReadAction\",\"target\":[\"https:\\\/\\\/www.telaled.com\\\/fabrica\\\/placar-eletronico-para-volei-serie-teb\\\/\"]}]},{\"@type\":\"ImageObject\",\"inLanguage\":\"cs\",\"@id\":\"https:\\\/\\\/www.telaled.com\\\/fabrica\\\/placar-eletronico-para-volei-serie-teb\\\/#primaryimage\",\"url\":\"https:\\\/\\\/www.telaled.com\\\/wp-content\\\/uploads\\\/2025\\\/10\\\/Electronic-Volleyball-Scoreboard.webp\",\"contentUrl\":\"https:\\\/\\\/www.telaled.com\\\/wp-content\\\/uploads\\\/2025\\\/10\\\/Electronic-Volleyball-Scoreboard.webp\",\"width\":500,\"height\":500,\"caption\":\"Placar Eletronico Para Volei S\u00e9rie TEB\"},{\"@type\":\"BreadcrumbList\",\"@id\":\"https:\\\/\\\/www.telaled.com\\\/fabrica\\\/placar-eletronico-para-volei-serie-teb\\\/#breadcrumb\",\"itemListElement\":[{\"@type\":\"ListItem\",\"position\":1,\"name\":\"Home\",\"item\":\"https:\\\/\\\/www.telaled.com\\\/\"},{\"@type\":\"ListItem\",\"position\":2,\"name\":\"Produtos\",\"item\":\"https:\\\/\\\/www.telaled.com\\\/shop\\\/\"},{\"@type\":\"ListItem\",\"position\":3,\"name\":\"Placar Eletronico Para Volei S\u00e9rie TEB\"}]},{\"@type\":\"WebSite\",\"@id\":\"https:\\\/\\\/www.telaled.com\\\/#website\",\"url\":\"https:\\\/\\\/www.telaled.com\\\/\",\"name\":\"TELALED\",\"description\":\"\",\"potentialAction\":[{\"@type\":\"SearchAction\",\"target\":{\"@type\":\"EntryPoint\",\"urlTemplate\":\"https:\\\/\\\/www.telaled.com\\\/?s={search_term_string}\"},\"query-input\":{\"@type\":\"PropertyValueSpecification\",\"valueRequired\":true,\"valueName\":\"search_term_string\"}}],\"inLanguage\":\"cs\"}]}<\/script>\n<!-- \/ Yoast SEO plugin. -->","yoast_head_json":{"title":"Elektronick\u00e1 v\u00fdsledkov\u00e1 tabule pro volejbal \u0159ady TEB | LED obrazovka","description":"Elektronick\u00e1 volejbalov\u00e1 v\u00fdsledkov\u00e1 tabule \u0159ady TEB nab\u00edz\u00ed jasn\u00e9 v\u00fdsledky v re\u00e1ln\u00e9m \u010dase pro v\u0161echny z\u00e1pasy. Je odoln\u00e1 a snadno se pou\u017e\u00edv\u00e1. Po\u0159i\u010fte si svou hned te\u010f!","robots":{"index":"index","follow":"follow","max-snippet":"max-snippet:-1","max-image-preview":"max-image-preview:large","max-video-preview":"max-video-preview:-1"},"canonical":"https:\/\/www.telaled.com\/cs\/fabrica\/placar-eletronico-para-volei-serie-teb\/","og_locale":"cs_CZ","og_type":"article","og_title":"Placar Eletronico Para Volei S\u00e9rie TEB | TELALED","og_description":"Placar Eletronico Para Volei S\u00e9rie TEB oferece resultados claros e em tempo real para todas as partidas. Dur\u00e1vel e f\u00e1cil de usar. Adquira o seu agora!","og_url":"https:\/\/www.telaled.com\/cs\/fabrica\/placar-eletronico-para-volei-serie-teb\/","og_site_name":"TELALED","article_modified_time":"2026-01-06T09:20:04+00:00","og_image":[{"width":500,"height":500,"url":"https:\/\/www.telaled.com\/wp-content\/uploads\/2025\/10\/Electronic-Volleyball-Scoreboard.webp","type":"image\/webp"}],"twitter_card":"summary_large_image","twitter_misc":{"Est. reading time":"2 minuty"},"schema":{"@context":"https:\/\/schema.org","@graph":[{"@type":"WebPage","@id":"https:\/\/www.telaled.com\/fabrica\/placar-eletronico-para-volei-serie-teb\/","url":"https:\/\/www.telaled.com\/fabrica\/placar-eletronico-para-volei-serie-teb\/","name":"Elektronick\u00e1 v\u00fdsledkov\u00e1 tabule pro volejbal \u0159ady TEB | LED obrazovka","isPartOf":{"@id":"https:\/\/www.telaled.com\/#website"},"primaryImageOfPage":{"@id":"https:\/\/www.telaled.com\/fabrica\/placar-eletronico-para-volei-serie-teb\/#primaryimage"},"image":{"@id":"https:\/\/www.telaled.com\/fabrica\/placar-eletronico-para-volei-serie-teb\/#primaryimage"},"thumbnailUrl":"https:\/\/www.telaled.com\/wp-content\/uploads\/2025\/10\/Electronic-Volleyball-Scoreboard.webp","datePublished":"2025-10-02T00:42:47+00:00","dateModified":"2026-01-06T09:20:04+00:00","description":"Elektronick\u00e1 volejbalov\u00e1 v\u00fdsledkov\u00e1 tabule \u0159ady TEB nab\u00edz\u00ed jasn\u00e9 v\u00fdsledky v re\u00e1ln\u00e9m \u010dase pro v\u0161echny z\u00e1pasy. Je odoln\u00e1 a snadno se pou\u017e\u00edv\u00e1. Po\u0159i\u010fte si svou hned te\u010f!","breadcrumb":{"@id":"https:\/\/www.telaled.com\/fabrica\/placar-eletronico-para-volei-serie-teb\/#breadcrumb"},"inLanguage":"cs","potentialAction":[{"@type":"ReadAction","target":["https:\/\/www.telaled.com\/fabrica\/placar-eletronico-para-volei-serie-teb\/"]}]},{"@type":"ImageObject","inLanguage":"cs","@id":"https:\/\/www.telaled.com\/fabrica\/placar-eletronico-para-volei-serie-teb\/#primaryimage","url":"https:\/\/www.telaled.com\/wp-content\/uploads\/2025\/10\/Electronic-Volleyball-Scoreboard.webp","contentUrl":"https:\/\/www.telaled.com\/wp-content\/uploads\/2025\/10\/Electronic-Volleyball-Scoreboard.webp","width":500,"height":500,"caption":"Placar Eletronico Para Volei S\u00e9rie TEB"},{"@type":"BreadcrumbList","@id":"https:\/\/www.telaled.com\/fabrica\/placar-eletronico-para-volei-serie-teb\/#breadcrumb","itemListElement":[{"@type":"ListItem","position":1,"name":"Home","item":"https:\/\/www.telaled.com\/"},{"@type":"ListItem","position":2,"name":"Produtos","item":"https:\/\/www.telaled.com\/shop\/"},{"@type":"ListItem","position":3,"name":"Placar Eletronico Para Volei S\u00e9rie TEB"}]},{"@type":"WebSite","@id":"https:\/\/www.telaled.com\/#website","url":"https:\/\/www.telaled.com\/","name":"LED obrazovka","description":"","potentialAction":[{"@type":"SearchAction","target":{"@type":"EntryPoint","urlTemplate":"https:\/\/www.telaled.com\/?s={search_term_string}"},"query-input":{"@type":"PropertyValueSpecification","valueRequired":true,"valueName":"search_term_string"}}],"inLanguage":"cs"}]}},"_links":{"self":[{"href":"https:\/\/www.telaled.com\/cs\/wp-json\/wp\/v2\/product\/3692","targetHints":{"allow":["GET"]}}],"collection":[{"href":"https:\/\/www.telaled.com\/cs\/wp-json\/wp\/v2\/product"}],"about":[{"href":"https:\/\/www.telaled.com\/cs\/wp-json\/wp\/v2\/types\/product"}],"wp:featuredmedia":[{"embeddable":true,"href":"https:\/\/www.telaled.com\/cs\/wp-json\/wp\/v2\/media\/3703"}],"wp:attachment":[{"href":"https:\/\/www.telaled.com\/cs\/wp-json\/wp\/v2\/media?parent=3692"}],"wp:term":[{"taxonomy":"product_brand","embeddable":true,"href":"https:\/\/www.telaled.com\/cs\/wp-json\/wp\/v2\/product_brand?post=3692"},{"taxonomy":"product_cat","embeddable":true,"href":"https:\/\/www.telaled.com\/cs\/wp-json\/wp\/v2\/product_cat?post=3692"},{"taxonomy":"product_tag","embeddable":true,"href":"https:\/\/www.telaled.com\/cs\/wp-json\/wp\/v2\/product_tag?post=3692"}],"curies":[{"name":"wp","href":"https:\/\/api.w.org\/{rel}","templated":true}]}}