{"id":3604,"date":"2025-09-26T19:34:34","date_gmt":"2025-09-26T19:34:34","guid":{"rendered":"https:\/\/www.telaled.com\/?post_type=product&#038;p=3604"},"modified":"2026-01-06T08:35:10","modified_gmt":"2026-01-06T08:35:10","slug":"totem-de-rua-propaganda-serie-twa","status":"publish","type":"product","link":"https:\/\/www.telaled.com\/cs\/fabrica\/totem-de-rua-propaganda-serie-twa\/","title":{"rendered":"Reklamn\u00ed s\u00e9rie Street Totem TWA"},"content":{"rendered":"<div class=\"row\"  id=\"row-1787950312\">\n\n\t<div id=\"col-1490769465\" class=\"col small-12 large-12\"  >\n\t\t\t\t<div class=\"col-inner\"  >\n\t\t\t\n\t\t\t\n<h2><strong>Exkluzivn\u00ed v\u00fdhody reklamn\u00edho totemu pro ulice \u0159ady TWA<\/strong><\/h2>\n<h3><strong>Viditelnost ve v\u00fd\u0161ce o\u010d\u00ed<\/strong><\/h3>\n<ul>\n<li>P\u0159itahuje pozornost tam, kam se lid\u00e9 p\u0159irozen\u011b d\u00edvaj\u00ed.<\/li>\n<li>Vynikne v p\u0159epln\u011bn\u00e9m m\u011bstsk\u00e9m prost\u0159ed\u00ed.<\/li>\n<li>Nab\u00edz\u00ed lep\u0161\u00ed zapamatovatelnost ve srovn\u00e1n\u00ed se zav\u011b\u0161en\u00fdmi billboardy.<\/li>\n<\/ul>\n<h3><strong>Siln\u00fd lok\u00e1ln\u00ed dopad<\/strong><\/h3>\n<ul>\n<li>Um\u00edst\u011bno v p\u011b\u0161\u00edch z\u00f3n\u00e1ch s vysokou frekvenc\u00ed provozu pro maxim\u00e1ln\u00ed viditelnost.<\/li>\n<li>T\u00fdk\u00e1 se to jak chodc\u016f, tak i automobilov\u00e9 dopravy v okol\u00ed.<\/li>\n<li>To podn\u011bcuje okam\u017eitou akci osloven\u00edm publika v bl\u00edzkosti prodejn\u00edho m\u00edsta.<\/li>\n<\/ul>\n<h3><strong>Stvo\u0159eno pro venkovn\u00ed v\u00fdkon<\/strong><\/h3>\n<ul>\n<li>Odoln\u00e9 v\u016f\u010di pov\u011btrnostn\u00edm vliv\u016fm a prachu pro celoro\u010dn\u00ed pou\u017eit\u00ed.<\/li>\n<li>Pr\u016fmyslov\u00e9 materi\u00e1ly zabra\u0148uj\u00ed po\u0161kozen\u00ed a opot\u0159eben\u00ed.<\/li>\n<li>Nen\u00e1ro\u010dn\u00e1 konstrukce na \u00fadr\u017ebu dlouhodob\u011b sni\u017euje n\u00e1klady.<\/li>\n<\/ul>\n<h3><strong>\u0158\u00edzen\u00ed obsahu v re\u00e1ln\u00e9m \u010dase<\/strong><\/h3>\n<ul>\n<li>Aktualizujte sv\u00e9 kampan\u011b tak, aby va\u0161e sd\u011blen\u00ed zna\u010dky bylo viditeln\u00e9 pro ty, kte\u0159\u00ed denn\u011b doj\u00ed\u017ed\u011bj\u00ed.<\/li>\n<li>Spou\u0161t\u011bjte nov\u00e9 propaga\u010dn\u00ed akce bez zpo\u017ed\u011bn\u00ed tisku.<\/li>\n<li>Udr\u017eujte sv\u00e9 zpr\u00e1vy aktu\u00e1ln\u00ed a relevantn\u00ed pro va\u0161e publikum.<\/li>\n<\/ul>\n<h2>Detaily produktu<\/h2>\n<div class=\"row\"  id=\"row-253116335\">\n\n\t<div id=\"col-1864935149\" class=\"col medium-10 small-12 large-10\"  >\n\t\t\t\t<div class=\"col-inner text-left\"  >\n\t\t\t\n\t\t\t\n<ul>\n<li><strong>Odoln\u00e1 konstrukce<\/strong> Pr\u016fmyslov\u00e1 ocel a tvrzen\u00e9 sklo chr\u00e1n\u00ed jednotku p\u0159ed opot\u0159eben\u00edm, n\u00e1razy a vandalismem.<\/li>\n<\/ul>\n\t<div class=\"img has-hover x md-x lg-x y md-y lg-y\" id=\"image_305692449\">\n\t\t\t\t\t\t\t\t<div class=\"img-inner dark\" >\n\t\t\t<img loading=\"lazy\" decoding=\"async\" width=\"750\" height=\"492\" src=\"https:\/\/www.telaled.com\/wp-content\/uploads\/2025\/09\/Durable-Build-1.webp\" class=\"attachment-large size-large\" alt=\"Odoln\u00e1 konstrukce\" srcset=\"https:\/\/www.telaled.com\/wp-content\/uploads\/2025\/09\/Durable-Build-1.webp 750w, https:\/\/www.telaled.com\/wp-content\/uploads\/2025\/09\/Durable-Build-1-300x197.webp 300w, https:\/\/www.telaled.com\/wp-content\/uploads\/2025\/09\/Durable-Build-1-18x12.webp 18w, https:\/\/www.telaled.com\/wp-content\/uploads\/2025\/09\/Durable-Build-1-600x394.webp 600w\" sizes=\"auto, (max-width: 750px) 100vw, 750px\" \/>\t\t\t\t\t\t\n\t\t\t\t\t<\/div>\n\t\t\t\t\t\t\t\t\n<style>\n#image_305692449 {\n  width: 80%;\n}\n<\/style>\n\t<\/div>\n\t\n<ul>\n<li><strong>P\u0159izp\u016fsobiteln\u00e9 mo\u017enosti<\/strong> Vyberte si z r\u016fzn\u00fdch velikost\u00ed, orientac\u00ed a povrchov\u00fdch \u00faprav, kter\u00e9 odpov\u00eddaj\u00ed identit\u011b va\u0161\u00ed zna\u010dky.<\/li>\n<\/ul>\n\t<div class=\"img has-hover x md-x lg-x y md-y lg-y\" id=\"image_545028464\">\n\t\t\t\t\t\t\t\t<div class=\"img-inner dark\" >\n\t\t\t<img loading=\"lazy\" decoding=\"async\" width=\"750\" height=\"492\" src=\"https:\/\/www.telaled.com\/wp-content\/uploads\/2025\/09\/Customizable-Options-1.webp\" class=\"attachment-original size-original\" alt=\"\" srcset=\"https:\/\/www.telaled.com\/wp-content\/uploads\/2025\/09\/Customizable-Options-1.webp 750w, https:\/\/www.telaled.com\/wp-content\/uploads\/2025\/09\/Customizable-Options-1-300x197.webp 300w, https:\/\/www.telaled.com\/wp-content\/uploads\/2025\/09\/Customizable-Options-1-18x12.webp 18w, https:\/\/www.telaled.com\/wp-content\/uploads\/2025\/09\/Customizable-Options-1-600x394.webp 600w\" sizes=\"auto, (max-width: 750px) 100vw, 750px\" \/>\t\t\t\t\t\t\n\t\t\t\t\t<\/div>\n\t\t\t\t\t\t\t\t\n<style>\n#image_545028464 {\n  width: 80%;\n}\n<\/style>\n\t<\/div>\n\t\n<ul>\n<li><strong>Flexibiln\u00ed instalace<\/strong> \u2013 Lze jej namontovat na zem, voln\u011b st\u00e1t nebo integrovat do st\u00e1vaj\u00edc\u00ed vn\u011bj\u0161\u00ed konstrukce.<\/li>\n<\/ul>\n\t<div class=\"img has-hover x md-x lg-x y md-y lg-y\" id=\"image_991032356\">\n\t\t\t\t\t\t\t\t<div class=\"img-inner dark\" >\n\t\t\t<img loading=\"lazy\" decoding=\"async\" width=\"750\" height=\"492\" src=\"https:\/\/www.telaled.com\/wp-content\/uploads\/2025\/09\/Flexible-Installation-1.webp\" class=\"attachment-large size-large\" alt=\"Flexibiln\u00ed instalace Totem Street Advertising Series TWA\" srcset=\"https:\/\/www.telaled.com\/wp-content\/uploads\/2025\/09\/Flexible-Installation-1.webp 750w, https:\/\/www.telaled.com\/wp-content\/uploads\/2025\/09\/Flexible-Installation-1-300x197.webp 300w, https:\/\/www.telaled.com\/wp-content\/uploads\/2025\/09\/Flexible-Installation-1-18x12.webp 18w, https:\/\/www.telaled.com\/wp-content\/uploads\/2025\/09\/Flexible-Installation-1-600x394.webp 600w\" sizes=\"auto, (max-width: 750px) 100vw, 750px\" \/>\t\t\t\t\t\t\n\t\t\t\t\t<\/div>\n\t\t\t\t\t\t\t\t\n<style>\n#image_991032356 {\n  width: 80%;\n}\n<\/style>\n\t<\/div>\n\t\n<ul>\n<li><strong>V\u00edcen\u00e1sobn\u00e1 aplikace<\/strong> Ide\u00e1ln\u00ed pro <a href=\"https:\/\/www.telaled.com\/cs\/painel-de-led-para-loja\/\">maloobchodn\u00ed prodejny<\/a>, dopravn\u00ed uzly, ve\u0159ejn\u00e1 prostranstv\u00ed a komer\u010dn\u00ed oblasti, kde vysok\u00fd p\u011b\u0161\u00ed provoz zaji\u0161\u0165uje maxim\u00e1ln\u00ed viditelnost a zapojen\u00ed.<\/li>\n<\/ul>\n\t<div class=\"img has-hover x md-x lg-x y md-y lg-y\" id=\"image_1633063431\">\n\t\t\t\t\t\t\t\t<div class=\"img-inner dark\" >\n\t\t\t<img loading=\"lazy\" decoding=\"async\" width=\"450\" height=\"1024\" src=\"https:\/\/www.telaled.com\/wp-content\/uploads\/2025\/09\/totem-de-rua-propaganda-Aplicativo-1-450x1024.webp\" class=\"attachment-large size-large\" alt=\"aplikace pro reklamu na pouli\u010dn\u00ed totemy\" srcset=\"https:\/\/www.telaled.com\/wp-content\/uploads\/2025\/09\/totem-de-rua-propaganda-Aplicativo-1-450x1024.webp 450w, https:\/\/www.telaled.com\/wp-content\/uploads\/2025\/09\/totem-de-rua-propaganda-Aplicativo-1-132x300.webp 132w, https:\/\/www.telaled.com\/wp-content\/uploads\/2025\/09\/totem-de-rua-propaganda-Aplicativo-1-5x12.webp 5w, https:\/\/www.telaled.com\/wp-content\/uploads\/2025\/09\/totem-de-rua-propaganda-Aplicativo-1-600x1366.webp 600w, https:\/\/www.telaled.com\/wp-content\/uploads\/2025\/09\/totem-de-rua-propaganda-Aplicativo-1.webp 750w\" sizes=\"auto, (max-width: 450px) 100vw, 450px\" \/>\t\t\t\t\t\t\n\t\t\t\t\t<\/div>\n\t\t\t\t\t\t\t\t\n<style>\n#image_1633063431 {\n  width: 80%;\n}\n<\/style>\n\t<\/div>\n\t\n<ul>\n<li><span style=\"font-weight: 400;\">Reklamn\u00ed totemy \u0159ady TWA se dod\u00e1vaj\u00ed v pevn\u00fdch d\u0159ev\u011bn\u00fdch bedn\u00e1ch, pe\u010dliv\u011b vyztu\u017een\u00fdch pro p\u0159epravu. Ka\u017ed\u00fd displej je bezpe\u010dn\u011b upevn\u011bn pro ochranu p\u0159ed \u0161k\u016fdci a n\u00e1razy a dod\u00e1v\u00e1 se neporu\u0161en\u00fd a odoln\u00fd.<\/span><\/li>\n<\/ul>\n\t<div class=\"img has-hover x md-x lg-x y md-y lg-y\" id=\"image_40274932\">\n\t\t\t\t\t\t\t\t<div class=\"img-inner dark\" >\n\t\t\t<img loading=\"lazy\" decoding=\"async\" width=\"760\" height=\"1024\" src=\"https:\/\/www.telaled.com\/wp-content\/uploads\/2025\/08\/36123f2c-de60-488d-af81-255cd4aee54a-760x1024.webp\" class=\"attachment-large size-large\" alt=\"\" srcset=\"https:\/\/www.telaled.com\/wp-content\/uploads\/2025\/08\/36123f2c-de60-488d-af81-255cd4aee54a-760x1024.webp 760w, https:\/\/www.telaled.com\/wp-content\/uploads\/2025\/08\/36123f2c-de60-488d-af81-255cd4aee54a-223x300.webp 223w, https:\/\/www.telaled.com\/wp-content\/uploads\/2025\/08\/36123f2c-de60-488d-af81-255cd4aee54a-768x1035.webp 768w, https:\/\/www.telaled.com\/wp-content\/uploads\/2025\/08\/36123f2c-de60-488d-af81-255cd4aee54a-9x12.webp 9w, https:\/\/www.telaled.com\/wp-content\/uploads\/2025\/08\/36123f2c-de60-488d-af81-255cd4aee54a-600x808.webp 600w, https:\/\/www.telaled.com\/wp-content\/uploads\/2025\/08\/36123f2c-de60-488d-af81-255cd4aee54a.webp 795w\" sizes=\"auto, (max-width: 760px) 100vw, 760px\" \/>\t\t\t\t\t\t\n\t\t\t\t\t<\/div>\n\t\t\t\t\t\t\t\t\n<style>\n#image_40274932 {\n  width: 80%;\n}\n<\/style>\n\t<\/div>\n\t\n\n<table id=\"tablepress-89\" class=\"tablepress tablepress-id-89\">\n<thead>\n<tr class=\"row-1\">\n\t<th colspan=\"4\" class=\"column-1\">Hlavn\u00ed atributy<\/th>\n<\/tr>\n<\/thead>\n<tbody class=\"row-striping row-hover\">\n<tr class=\"row-2\">\n\t<td class=\"column-1\">Rezoluce<\/td><td class=\"column-2\">4096*2160<\/td><td class=\"column-3\"><\/td><td class=\"column-4\"><\/td>\n<\/tr>\n<tr class=\"row-3\">\n\t<td class=\"column-1\">Pom\u011br stran obrazovky<\/td><td class=\"column-2\">Ostatn\u00ed<\/td><td class=\"column-3\"><\/td><td class=\"column-4\"><\/td>\n<\/tr>\n<tr class=\"row-4\">\n\t<td class=\"column-1\">Aplikace<\/td><td class=\"column-2\">Interi\u00e9r, Exteri\u00e9r<\/td><td class=\"column-3\"><\/td><td class=\"column-4\"><\/td>\n<\/tr>\n<tr class=\"row-5\">\n\t<td class=\"column-1\">Lesk<\/td><td class=\"column-2\">\u22655000 cd\/m2 nebo \u22656000 cd\/m2<\/td><td class=\"column-3\"><\/td><td class=\"column-4\"><\/td>\n<\/tr>\n<tr class=\"row-6\">\n\t<td class=\"column-1\">Kryt\u00ed IP<\/td><td class=\"column-2\">IP65<\/td><td class=\"column-3\"><\/td><td class=\"column-4\"><\/td>\n<\/tr>\n<tr class=\"row-7\">\n\t<td class=\"column-1\">Pixely<\/td><td class=\"column-2\">3 milimetry<\/td><td class=\"column-3\"><\/td><td class=\"column-4\"><\/td>\n<\/tr>\n<tr class=\"row-8\">\n\t<td class=\"column-1\">Z\u00e1ruka<\/td><td class=\"column-2\">5 let<\/td><td class=\"column-3\"><\/td><td class=\"column-4\"><\/td>\n<\/tr>\n<tr class=\"row-9\">\n\t<td class=\"column-1\">Typ obrazovky<\/td><td class=\"column-2\">Ostatn\u00ed<\/td><td class=\"column-3\"><\/td><td class=\"column-4\"><\/td>\n<\/tr>\n<tr class=\"row-10\">\n\t<td class=\"column-1\">Funkce<\/td><td class=\"column-2\">SDK<\/td><td class=\"column-3\"><\/td><td class=\"column-4\"><\/td>\n<\/tr>\n<tr class=\"row-11\">\n\t<td class=\"column-1\">Specifikace<\/td><td class=\"column-2\">Digit\u00e1ln\u00ed plak\u00e1t, kiosek<\/td><td class=\"column-3\"><\/td><td class=\"column-4\"><\/td>\n<\/tr>\n<tr class=\"row-12\">\n\t<td class=\"column-1\">Typ dodavatele<\/td><td class=\"column-2\">P\u016fvodn\u00ed v\u00fdrobce, ODM, agentura, prodejce, OEM, jin\u00fd<\/td><td class=\"column-3\"><\/td><td class=\"column-4\"><\/td>\n<\/tr>\n<tr class=\"row-13\">\n\t<td class=\"column-1\">Dostupn\u00e1 m\u00e9dia<\/td><td class=\"column-2\">Technick\u00e9 specifikace, fotografie, modely EDA\/CAD<\/td><td class=\"column-3\"><\/td><td class=\"column-4\"><\/td>\n<\/tr>\n<tr class=\"row-14\">\n\t<td class=\"column-1\">Pou\u017eit\u00ed<\/td><td class=\"column-2\">Reklama, maloobchodn\u00ed prodejna, n\u00e1kupn\u00ed centrum, vystaven\u00ed j\u00eddla, uv\u00edtac\u00ed displej, samoobslu\u017en\u00e9 podniky, v\u00fdstavn\u00ed haly, zna\u010den\u00ed, leti\u0161t\u011b, metro, v\u00fdtahy, restaura\u010dn\u00ed a hotelov\u00e9 pot\u0159eby, vzd\u011bl\u00e1v\u00e1n\u00ed, l\u00e9ka\u0159sk\u00e9 o\u0161et\u0159en\u00ed.<\/td><td class=\"column-3\"><\/td><td class=\"column-4\"><\/td>\n<\/tr>\n<tr class=\"row-15\">\n\t<td class=\"column-1\">Hustota pixel\u016f<\/td><td class=\"column-2\">105625 bod\u016f\/m2<\/td><td class=\"column-3\"><\/td><td class=\"column-4\"><\/td>\n<\/tr>\n<tr class=\"row-16\">\n\t<td class=\"column-1\">M\u00edsto p\u016fvodu<\/td><td class=\"column-2\">\u0160EN-\u010cEN<\/td><td class=\"column-3\"><\/td><td class=\"column-4\"><\/td>\n<\/tr>\n<tr class=\"row-17\">\n\t<td class=\"column-1\">Barva<\/td><td class=\"column-2\">pln\u00e9 barvy<\/td><td class=\"column-3\"><\/td><td class=\"column-4\"><\/td>\n<\/tr>\n<tr class=\"row-18\">\n\t<td class=\"column-1\">\u017divotnost (hodiny)<\/td><td class=\"column-2\">100 000 hodin<\/td><td class=\"column-3\"><\/td><td class=\"column-4\"><\/td>\n<\/tr>\n<tr class=\"row-19\">\n\t<td class=\"column-1\">pozorovac\u00ed \u00fahel (h\/v)<\/td><td class=\"column-2\">120\u00b0\/120\u00b0<\/td><td class=\"column-3\"><\/td><td class=\"column-4\"><\/td>\n<\/tr>\n<tr class=\"row-20\">\n\t<td class=\"column-1\">Velikost sk\u0159\u00edn\u011b<\/td><td class=\"column-2\">1140*2230 mm<\/td><td class=\"column-3\"><\/td><td class=\"column-4\"><\/td>\n<\/tr>\n<tr class=\"row-21\">\n\t<td class=\"column-1\">Tlou\u0161\u0165ka<\/td><td class=\"column-2\">17 cm<\/td><td class=\"column-3\"><\/td><td class=\"column-4\"><\/td>\n<\/tr>\n<tr class=\"row-22\">\n\t<td class=\"column-1\">Hmotnost<\/td><td class=\"column-2\">147 kg<\/td><td class=\"column-3\"><\/td><td class=\"column-4\"><\/td>\n<\/tr>\n<tr class=\"row-23\">\n\t<td class=\"column-1\">Pixely<\/td><td class=\"column-2\">P3 P4 P5<\/td><td class=\"column-3\"><\/td><td class=\"column-4\"><\/td>\n<\/tr>\n<tr class=\"row-24\">\n\t<td class=\"column-1\">Typ<\/td><td class=\"column-2\">Venkovn\u00ed plak\u00e1t<\/td><td class=\"column-3\"><\/td><td class=\"column-4\"><\/td>\n<\/tr>\n<tr class=\"row-25\">\n\t<td class=\"column-1\">Velikost modulu<\/td><td class=\"column-2\">320*160 mm<\/td><td class=\"column-3\"><\/td><td class=\"column-4\"><\/td>\n<\/tr>\n<tr class=\"row-26\">\n\t<td class=\"column-1\">Lesk<\/td><td class=\"column-2\">6000 cd\/m\u00b2<\/td><td class=\"column-3\"><\/td><td class=\"column-4\"><\/td>\n<\/tr>\n<tr class=\"row-27\">\n\t<td class=\"column-1\">Stupn\u011b \u0161edi<\/td><td class=\"column-2\">14 bit\u016f<\/td><td class=\"column-3\"><\/td><td class=\"column-4\"><\/td>\n<\/tr>\n<tr class=\"row-28\">\n\t<td class=\"column-1\">Pozorovac\u00ed \u00fahel<\/td><td class=\"column-2\">120\u00b0\/120\u00b0<\/td><td class=\"column-3\"><\/td><td class=\"column-4\"><\/td>\n<\/tr>\n<\/tbody>\n<\/table>\n\n\t\t<\/div>\n\t\t\t\t\t<\/div>\n\n\t\n<\/div>\n\t\t<\/div>\n\t\t\t\t\t<\/div>\n\n\t\n<\/div>","protected":false},"excerpt":{"rendered":"<p><strong>Reklamn\u00ed totemov\u00fd displej \u0159ady TWA \u2013 odoln\u00fd venkovn\u00ed displej pro maxim\u00e1ln\u00ed dopad<\/strong><\/p>\n<p>O <strong>Reklamn\u00ed s\u00e9rie Street Totem TWA<\/strong> Byl vytvo\u0159en, aby p\u0159itahoval pozornost v ru\u0161n\u00fdch venkovn\u00edch prostor\u00e1ch. D\u00edky sv\u00e9mu elegantn\u00edmu designu a konstrukci odoln\u00e9 v\u016f\u010di pov\u011btrnostn\u00edm vliv\u016fm poskytuje vysoce viditelnou reklamu ve dne i v noci. Je ide\u00e1ln\u00ed pro zna\u010dky, maloobchodn\u00edky a ve\u0159ejn\u00e1 prostranstv\u00ed a zaji\u0161\u0165uje, aby va\u0161e sd\u011blen\u00ed vyniklo tam, kde je nejd\u016fle\u017eit\u011bj\u0161\u00ed.<\/p>\n<p><strong>Hlavn\u00ed v\u00fdhody:<\/strong><\/p>\n<ul>\n<li><strong>24hodinov\u00e1 viditelnost:<\/strong> 7 dn\u00ed v t\u00fddnu: Jasn\u00e9 obrazovky s vysok\u00fdm rozli\u0161en\u00edm udr\u017euj\u00ed va\u0161e reklamy ostr\u00e9 a viditeln\u00e9, a to i na p\u0159\u00edm\u00e9m slunci nebo v noci.<\/li>\n<li><strong>Odoln\u00e9 proveden\u00ed proti pov\u011btrnostn\u00edm vliv\u016fm:<\/strong> Navr\u017eeno tak, aby odolalo de\u0161ti, horku a prachu, a zajistilo tak dlouhotrvaj\u00edc\u00ed v\u00fdkon ve venkovn\u00edm prost\u0159ed\u00ed.<\/li>\n<li><strong>P\u0159izp\u016fsobiteln\u00e9 mo\u017enosti:<\/strong> K dispozici v r\u016fzn\u00fdch velikostech, povrchov\u00fdch \u00faprav\u00e1ch a typech displeje, aby vyhovovaly va\u0161im pot\u0159eb\u00e1m v oblasti brandingu.<\/li>\n<li><strong>Zvy\u0161te zapojen\u00ed:<\/strong> Strategicky um\u00edst\u011bn\u00e9 totemy p\u0159itahuj\u00ed chodce a zvy\u0161uj\u00ed pov\u011bdom\u00ed o zna\u010dce ve vysoce frekventovan\u00fdch oblastech.<\/li>\n<\/ul>\n<p><span style=\"font-weight: 400;\">N\u00e1\u0161 t\u00fdm nab\u00edz\u00ed nep\u0159etr\u017eitou vzd\u00e1lenou podporu a 3letou z\u00e1ruku. Kontaktujte n\u00e1s je\u0161t\u011b dnes a z\u00edskejte individu\u00e1ln\u00ed cenovou nab\u00eddku.<\/span><\/p>","protected":false},"featured_media":3607,"template":"","meta":[],"product_brand":[],"product_cat":[48,40,44,46],"product_tag":[],"class_list":{"0":"post-3604","1":"product","2":"type-product","3":"status-publish","4":"has-post-thumbnail","6":"product_cat-paineis-personalizados","7":"product_cat-painel-de-led","8":"product_cat-painel-de-led-flexivel","9":"product_cat-painel-de-video","11":"first","12":"instock","13":"shipping-taxable","14":"product-type-simple"},"yoast_head":"<!-- This site is optimized with the Yoast SEO plugin v27.4 - https:\/\/yoast.com\/product\/yoast-seo-wordpress\/ -->\n<title>Totem De Rua Propaganda S\u00e9rie TWA | TELALED<\/title>\n<meta name=\"description\" content=\"O Totem De Rua Propaganda S\u00e9rie TWA \u00e9 um totem externo de alto impacto e resistente \u00e0s intemp\u00e9ries que aumenta a visibilidade da marca. Solicite um or\u00e7amento.\" \/>\n<meta name=\"robots\" content=\"index, follow, max-snippet:-1, max-image-preview:large, max-video-preview:-1\" \/>\n<link rel=\"canonical\" href=\"https:\/\/www.telaled.com\/cs\/fabrica\/totem-de-rua-propaganda-serie-twa\/\" \/>\n<meta property=\"og:locale\" content=\"cs_CZ\" \/>\n<meta property=\"og:type\" content=\"article\" \/>\n<meta property=\"og:title\" content=\"Totem De Rua Propaganda S\u00e9rie TWA | TELALED\" \/>\n<meta property=\"og:description\" content=\"O Totem De Rua Propaganda S\u00e9rie TWA \u00e9 um totem externo de alto impacto e resistente \u00e0s intemp\u00e9ries que aumenta a visibilidade da marca. Solicite um or\u00e7amento.\" \/>\n<meta property=\"og:url\" content=\"https:\/\/www.telaled.com\/cs\/fabrica\/totem-de-rua-propaganda-serie-twa\/\" \/>\n<meta property=\"og:site_name\" content=\"TELALED\" \/>\n<meta property=\"article:modified_time\" content=\"2026-01-06T08:35:10+00:00\" \/>\n<meta property=\"og:image\" content=\"https:\/\/www.telaled.com\/wp-content\/uploads\/2025\/09\/Totem-De-Rua-Propaganda.webp\" \/>\n\t<meta property=\"og:image:width\" content=\"500\" \/>\n\t<meta property=\"og:image:height\" content=\"500\" \/>\n\t<meta property=\"og:image:type\" content=\"image\/webp\" \/>\n<meta name=\"twitter:card\" content=\"summary_large_image\" \/>\n<meta name=\"twitter:label1\" content=\"Est. reading time\" \/>\n\t<meta name=\"twitter:data1\" content=\"2 minuty\" \/>\n<script type=\"application\/ld+json\" class=\"yoast-schema-graph\">{\"@context\":\"https:\\\/\\\/schema.org\",\"@graph\":[{\"@type\":\"WebPage\",\"@id\":\"https:\\\/\\\/www.telaled.com\\\/fabrica\\\/totem-de-rua-propaganda-serie-twa\\\/\",\"url\":\"https:\\\/\\\/www.telaled.com\\\/fabrica\\\/totem-de-rua-propaganda-serie-twa\\\/\",\"name\":\"Totem De Rua Propaganda S\u00e9rie TWA | TELALED\",\"isPartOf\":{\"@id\":\"https:\\\/\\\/www.telaled.com\\\/#website\"},\"primaryImageOfPage\":{\"@id\":\"https:\\\/\\\/www.telaled.com\\\/fabrica\\\/totem-de-rua-propaganda-serie-twa\\\/#primaryimage\"},\"image\":{\"@id\":\"https:\\\/\\\/www.telaled.com\\\/fabrica\\\/totem-de-rua-propaganda-serie-twa\\\/#primaryimage\"},\"thumbnailUrl\":\"https:\\\/\\\/www.telaled.com\\\/wp-content\\\/uploads\\\/2025\\\/09\\\/Totem-De-Rua-Propaganda.webp\",\"datePublished\":\"2025-09-26T19:34:34+00:00\",\"dateModified\":\"2026-01-06T08:35:10+00:00\",\"description\":\"O Totem De Rua Propaganda S\u00e9rie TWA \u00e9 um totem externo de alto impacto e resistente \u00e0s intemp\u00e9ries que aumenta a visibilidade da marca. Solicite um or\u00e7amento.\",\"breadcrumb\":{\"@id\":\"https:\\\/\\\/www.telaled.com\\\/fabrica\\\/totem-de-rua-propaganda-serie-twa\\\/#breadcrumb\"},\"inLanguage\":\"cs\",\"potentialAction\":[{\"@type\":\"ReadAction\",\"target\":[\"https:\\\/\\\/www.telaled.com\\\/fabrica\\\/totem-de-rua-propaganda-serie-twa\\\/\"]}]},{\"@type\":\"ImageObject\",\"inLanguage\":\"cs\",\"@id\":\"https:\\\/\\\/www.telaled.com\\\/fabrica\\\/totem-de-rua-propaganda-serie-twa\\\/#primaryimage\",\"url\":\"https:\\\/\\\/www.telaled.com\\\/wp-content\\\/uploads\\\/2025\\\/09\\\/Totem-De-Rua-Propaganda.webp\",\"contentUrl\":\"https:\\\/\\\/www.telaled.com\\\/wp-content\\\/uploads\\\/2025\\\/09\\\/Totem-De-Rua-Propaganda.webp\",\"width\":500,\"height\":500,\"caption\":\"Totem De Rua Propaganda\"},{\"@type\":\"BreadcrumbList\",\"@id\":\"https:\\\/\\\/www.telaled.com\\\/fabrica\\\/totem-de-rua-propaganda-serie-twa\\\/#breadcrumb\",\"itemListElement\":[{\"@type\":\"ListItem\",\"position\":1,\"name\":\"Home\",\"item\":\"https:\\\/\\\/www.telaled.com\\\/\"},{\"@type\":\"ListItem\",\"position\":2,\"name\":\"Produtos\",\"item\":\"https:\\\/\\\/www.telaled.com\\\/shop\\\/\"},{\"@type\":\"ListItem\",\"position\":3,\"name\":\"Totem De Rua Propaganda S\u00e9rie TWA\"}]},{\"@type\":\"WebSite\",\"@id\":\"https:\\\/\\\/www.telaled.com\\\/#website\",\"url\":\"https:\\\/\\\/www.telaled.com\\\/\",\"name\":\"TELALED\",\"description\":\"\",\"potentialAction\":[{\"@type\":\"SearchAction\",\"target\":{\"@type\":\"EntryPoint\",\"urlTemplate\":\"https:\\\/\\\/www.telaled.com\\\/?s={search_term_string}\"},\"query-input\":{\"@type\":\"PropertyValueSpecification\",\"valueRequired\":true,\"valueName\":\"search_term_string\"}}],\"inLanguage\":\"cs\"}]}<\/script>\n<!-- \/ Yoast SEO plugin. -->","yoast_head_json":{"title":"Reklamn\u00ed s\u00e9rie Street Totem TWA | TELALED","description":"Venkovn\u00ed reklamn\u00ed totem \u0159ady TWA je vysoce odoln\u00fd proti n\u00e1raz\u016fm a pov\u011btrnostn\u00edm vliv\u016fm, kter\u00fd zvy\u0161uje viditelnost zna\u010dky. Vy\u017e\u00e1dejte si cenovou nab\u00eddku.","robots":{"index":"index","follow":"follow","max-snippet":"max-snippet:-1","max-image-preview":"max-image-preview:large","max-video-preview":"max-video-preview:-1"},"canonical":"https:\/\/www.telaled.com\/cs\/fabrica\/totem-de-rua-propaganda-serie-twa\/","og_locale":"cs_CZ","og_type":"article","og_title":"Totem De Rua Propaganda S\u00e9rie TWA | TELALED","og_description":"O Totem De Rua Propaganda S\u00e9rie TWA \u00e9 um totem externo de alto impacto e resistente \u00e0s intemp\u00e9ries que aumenta a visibilidade da marca. Solicite um or\u00e7amento.","og_url":"https:\/\/www.telaled.com\/cs\/fabrica\/totem-de-rua-propaganda-serie-twa\/","og_site_name":"TELALED","article_modified_time":"2026-01-06T08:35:10+00:00","og_image":[{"width":500,"height":500,"url":"https:\/\/www.telaled.com\/wp-content\/uploads\/2025\/09\/Totem-De-Rua-Propaganda.webp","type":"image\/webp"}],"twitter_card":"summary_large_image","twitter_misc":{"Est. reading time":"2 minuty"},"schema":{"@context":"https:\/\/schema.org","@graph":[{"@type":"WebPage","@id":"https:\/\/www.telaled.com\/fabrica\/totem-de-rua-propaganda-serie-twa\/","url":"https:\/\/www.telaled.com\/fabrica\/totem-de-rua-propaganda-serie-twa\/","name":"Reklamn\u00ed s\u00e9rie Street Totem TWA | TELALED","isPartOf":{"@id":"https:\/\/www.telaled.com\/#website"},"primaryImageOfPage":{"@id":"https:\/\/www.telaled.com\/fabrica\/totem-de-rua-propaganda-serie-twa\/#primaryimage"},"image":{"@id":"https:\/\/www.telaled.com\/fabrica\/totem-de-rua-propaganda-serie-twa\/#primaryimage"},"thumbnailUrl":"https:\/\/www.telaled.com\/wp-content\/uploads\/2025\/09\/Totem-De-Rua-Propaganda.webp","datePublished":"2025-09-26T19:34:34+00:00","dateModified":"2026-01-06T08:35:10+00:00","description":"Venkovn\u00ed reklamn\u00ed totem \u0159ady TWA je vysoce odoln\u00fd proti n\u00e1raz\u016fm a pov\u011btrnostn\u00edm vliv\u016fm, kter\u00fd zvy\u0161uje viditelnost zna\u010dky. Vy\u017e\u00e1dejte si cenovou nab\u00eddku.","breadcrumb":{"@id":"https:\/\/www.telaled.com\/fabrica\/totem-de-rua-propaganda-serie-twa\/#breadcrumb"},"inLanguage":"cs","potentialAction":[{"@type":"ReadAction","target":["https:\/\/www.telaled.com\/fabrica\/totem-de-rua-propaganda-serie-twa\/"]}]},{"@type":"ImageObject","inLanguage":"cs","@id":"https:\/\/www.telaled.com\/fabrica\/totem-de-rua-propaganda-serie-twa\/#primaryimage","url":"https:\/\/www.telaled.com\/wp-content\/uploads\/2025\/09\/Totem-De-Rua-Propaganda.webp","contentUrl":"https:\/\/www.telaled.com\/wp-content\/uploads\/2025\/09\/Totem-De-Rua-Propaganda.webp","width":500,"height":500,"caption":"Totem De Rua Propaganda"},{"@type":"BreadcrumbList","@id":"https:\/\/www.telaled.com\/fabrica\/totem-de-rua-propaganda-serie-twa\/#breadcrumb","itemListElement":[{"@type":"ListItem","position":1,"name":"Home","item":"https:\/\/www.telaled.com\/"},{"@type":"ListItem","position":2,"name":"Produtos","item":"https:\/\/www.telaled.com\/shop\/"},{"@type":"ListItem","position":3,"name":"Totem De Rua Propaganda S\u00e9rie TWA"}]},{"@type":"WebSite","@id":"https:\/\/www.telaled.com\/#website","url":"https:\/\/www.telaled.com\/","name":"LED obrazovka","description":"","potentialAction":[{"@type":"SearchAction","target":{"@type":"EntryPoint","urlTemplate":"https:\/\/www.telaled.com\/?s={search_term_string}"},"query-input":{"@type":"PropertyValueSpecification","valueRequired":true,"valueName":"search_term_string"}}],"inLanguage":"cs"}]}},"_links":{"self":[{"href":"https:\/\/www.telaled.com\/cs\/wp-json\/wp\/v2\/product\/3604","targetHints":{"allow":["GET"]}}],"collection":[{"href":"https:\/\/www.telaled.com\/cs\/wp-json\/wp\/v2\/product"}],"about":[{"href":"https:\/\/www.telaled.com\/cs\/wp-json\/wp\/v2\/types\/product"}],"wp:featuredmedia":[{"embeddable":true,"href":"https:\/\/www.telaled.com\/cs\/wp-json\/wp\/v2\/media\/3607"}],"wp:attachment":[{"href":"https:\/\/www.telaled.com\/cs\/wp-json\/wp\/v2\/media?parent=3604"}],"wp:term":[{"taxonomy":"product_brand","embeddable":true,"href":"https:\/\/www.telaled.com\/cs\/wp-json\/wp\/v2\/product_brand?post=3604"},{"taxonomy":"product_cat","embeddable":true,"href":"https:\/\/www.telaled.com\/cs\/wp-json\/wp\/v2\/product_cat?post=3604"},{"taxonomy":"product_tag","embeddable":true,"href":"https:\/\/www.telaled.com\/cs\/wp-json\/wp\/v2\/product_tag?post=3604"}],"curies":[{"name":"wp","href":"https:\/\/api.w.org\/{rel}","templated":true}]}}