{"id":3573,"date":"2025-09-26T00:20:54","date_gmt":"2025-09-26T00:20:54","guid":{"rendered":"https:\/\/www.telaled.com\/?post_type=product&#038;p=3573"},"modified":"2026-01-06T07:04:23","modified_gmt":"2026-01-06T07:04:23","slug":"pole-led-display-serie-twb","status":"publish","type":"product","link":"https:\/\/www.telaled.com\/cs\/fabrica\/pole-led-display-serie-twb\/","title":{"rendered":"LED displej na ty\u010di \u0159ady TWB"},"content":{"rendered":"<div class=\"row\"  id=\"row-2125817312\">\n\n\t<div id=\"col-1259436591\" class=\"col small-12 large-12\"  >\n\t\t\t\t<div class=\"col-inner\"  >\n\t\t\t\n\t\t\t\n<h2>Exkluzivn\u00ed v\u00fdhody sloupov\u00fdch LED displej\u016f \u0159ady TWC<\/h2>\n<h3><strong>Vynikaj\u00edc\u00ed odolnost<\/strong><\/h3>\n<ul>\n<li>Kryt\u00ed IP65, vodot\u011bsn\u00e9 a prachot\u011bsn\u00e9.<\/li>\n<li>Materi\u00e1ly odoln\u00e9 v\u016f\u010di korozi a pov\u011btrnostn\u00edm vliv\u016fm.<\/li>\n<li>Inteligentn\u00ed chladi\u010d pro chlazen\u00ed a del\u0161\u00ed \u017eivotnost.<\/li>\n<li>Stabiln\u00ed provoz od -20\u00b0C do +60\u00b0C.<\/li>\n<\/ul>\n<h3><strong>V\u00fdjime\u010dn\u00e1 vizu\u00e1ln\u00ed kvalita<\/strong><\/h3>\n<ul>\n<li>Ultra vysok\u00fd jas a\u017e 6500 nit\u016f.<\/li>\n<li>LED technologie <a href=\"https:\/\/www.telaled.com\/cs\/led-smd\/\">SMD<\/a> Pro ostr\u00e9 sn\u00edmky a videa...<\/li>\n<li>\u0160irok\u00fd pozorovac\u00ed \u00fahel 140\u00b0 pro maxim\u00e1ln\u00ed viditelnost.<\/li>\n<li>65 536 \u00farovn\u00ed \u0161ed\u00e9 pro realistick\u00e9 detaily.<\/li>\n<\/ul>\n<h3><strong>Kompletn\u00ed p\u0159izp\u016fsobivost<\/strong><\/h3>\n<ul>\n<li>V\u00edce mo\u017enost\u00ed ovl\u00e1d\u00e1n\u00ed: PC, Wi-Fi, 4G\/5G, USB disk.<\/li>\n<li>Aktualizovan\u00fd a napl\u00e1novan\u00fd vzd\u00e1len\u00fd obsah.<\/li>\n<li>Flexibiln\u00ed instalace: bo\u010dn\u00ed, zadn\u00ed nebo mont\u00e1\u017e na konzolu.<\/li>\n<li>K dispozici v rozte\u010d\u00edch pixel\u016f P3,3, P4, <a href=\"https:\/\/www.telaled.com\/cs\/fabrica\/modulo-painel-de-led-p5\/\">P5<\/a>.<\/li>\n<li>Zak\u00e1zkov\u00e9 velikosti a n\u00e1vrhy pro r\u016fzn\u00e9 projekty.<\/li>\n<\/ul>\n<h3><strong>Komplexn\u00ed podpora<\/strong><\/h3>\n<ul>\n<li>Z\u00edskejte odbornou pomoc kdykoli a kdekoli. N\u00e1\u0161 specializovan\u00fd t\u00fdm podpory zajist\u00ed, aby v\u00e1\u0161 syst\u00e9m b\u011b\u017eel hladce a bez v\u00fdpadk\u016f.<\/li>\n<li>Ka\u017ed\u00e1 objedn\u00e1vka obsahuje 51 TP3T n\u00e1hradn\u00edch d\u00edl\u016f. Dod\u00e1vaj\u00ed se dal\u0161\u00ed komponenty pro zv\u00fd\u0161en\u00ed spolehlivosti a sn\u00ed\u017een\u00ed p\u0159eru\u0161en\u00ed provozu.<\/li>\n<li>U\u017e\u00edvejte si klidu s 3letou z\u00e1rukou. Za\u017eijte dlouhotrvaj\u00edc\u00ed v\u00fdkon, spolehliv\u00fd servis a jistotu, \u017ee va\u0161e investice je chr\u00e1n\u011bna.<\/li>\n<\/ul>\n<h2>Detaily produktu<\/h2>\n<div class=\"row\"  id=\"row-2024327779\">\n\n\t<div id=\"col-1344984819\" class=\"col medium-10 small-12 large-10\"  >\n\t\t\t\t<div class=\"col-inner text-left\"  >\n\t\t\t\n\t\t\t\n<ul>\n<li>Na\u0161e <em><strong>LED displej na ty\u010di \u0159ady TWB<\/strong><\/em> Jsou navr\u017eeny pro odolnost a v\u00fdkon, s vodot\u011bsn\u00fdm kryt\u00edm IP65, \u0161irok\u00fdm pozorovac\u00edm \u00fahlem 140\u00b0 a efektivn\u00edm rychl\u00fdm chlazen\u00edm. Snadno se opravuj\u00ed a udr\u017euj\u00ed, zaji\u0161\u0165uj\u00ed stabiln\u00ed ovl\u00e1d\u00e1n\u00ed a... <a href=\"https:\/\/www.telaled.com\/cs\/fabrica\/painel-led-economizador-de-energia-serie-toc\/\">\u00faspora energie<\/a>, d\u00edky \u010demu\u017e jsou ide\u00e1ln\u00ed pro venkovn\u00ed prost\u0159ed\u00ed, kter\u00e1 vy\u017eaduj\u00ed dlouhodob\u00fd a vysoce kvalitn\u00ed vizu\u00e1ln\u00ed v\u00fdkon.<\/li>\n<\/ul>\n\t<div class=\"img has-hover x md-x lg-x y md-y lg-y\" id=\"image_1685253336\">\n\t\t\t\t\t\t\t\t<div class=\"img-inner dark\" >\n\t\t\t<img loading=\"lazy\" decoding=\"async\" width=\"500\" height=\"500\" src=\"https:\/\/www.telaled.com\/wp-content\/uploads\/2025\/09\/Pole-LED-Display7.webp\" class=\"attachment-original size-original\" alt=\"Sloupov\u00fd LED displej7\" srcset=\"https:\/\/www.telaled.com\/wp-content\/uploads\/2025\/09\/Pole-LED-Display7.webp 500w, https:\/\/www.telaled.com\/wp-content\/uploads\/2025\/09\/Pole-LED-Display7-300x300.webp 300w, https:\/\/www.telaled.com\/wp-content\/uploads\/2025\/09\/Pole-LED-Display7-150x150.webp 150w, https:\/\/www.telaled.com\/wp-content\/uploads\/2025\/09\/Pole-LED-Display7-12x12.webp 12w, https:\/\/www.telaled.com\/wp-content\/uploads\/2025\/09\/Pole-LED-Display7-100x100.webp 100w\" sizes=\"auto, (max-width: 500px) 100vw, 500px\" \/>\t\t\t\t\t\t\n\t\t\t\t\t<\/div>\n\t\t\t\t\t\t\t\t\n<style>\n#image_1685253336 {\n  width: 80%;\n}\n<\/style>\n\t<\/div>\n\t\n<ul>\n<li>N\u00e1\u0161 <em><strong>LED displej na ty\u010di \u0159ady TWB<\/strong><\/em> Podporuje inteligentn\u00ed ovl\u00e1d\u00e1n\u00ed p\u0159es PC, USB disk, Wi-Fi, 4G\/5G pro centralizovanou nebo vzd\u00e1lenou spr\u00e1vu. Mezi funkce pat\u0159\u00ed smy\u010dkov\u00e9 p\u0159ehr\u00e1v\u00e1n\u00ed, vestav\u011bn\u00e9 reproduktory, automatick\u00e9 nastaven\u00ed jasu a multifunk\u010dn\u00ed ovl\u00e1d\u00e1n\u00ed. D\u00edky aktualizac\u00edm jedn\u00edm kliknut\u00edm je uvoln\u011bn\u00ed, na\u010dasov\u00e1n\u00ed a vkl\u00e1d\u00e1n\u00ed obsahu rychl\u00e9, jednoduch\u00e9 a spolehliv\u00e9, co\u017e zaji\u0161\u0165uje bezprobl\u00e9mov\u00fd v\u00fdkon na v\u00edce monitorech.<\/li>\n<\/ul>\n\t<div class=\"img has-hover x md-x lg-x y md-y lg-y\" id=\"image_1261790628\">\n\t\t\t\t\t\t\t\t<div class=\"img-inner dark\" >\n\t\t\t<img loading=\"lazy\" decoding=\"async\" width=\"500\" height=\"500\" src=\"https:\/\/www.telaled.com\/wp-content\/uploads\/2025\/09\/Pole-LED-Display8.webp\" class=\"attachment-large size-large\" alt=\"\" srcset=\"https:\/\/www.telaled.com\/wp-content\/uploads\/2025\/09\/Pole-LED-Display8.webp 500w, https:\/\/www.telaled.com\/wp-content\/uploads\/2025\/09\/Pole-LED-Display8-300x300.webp 300w, https:\/\/www.telaled.com\/wp-content\/uploads\/2025\/09\/Pole-LED-Display8-150x150.webp 150w, https:\/\/www.telaled.com\/wp-content\/uploads\/2025\/09\/Pole-LED-Display8-12x12.webp 12w, https:\/\/www.telaled.com\/wp-content\/uploads\/2025\/09\/Pole-LED-Display8-100x100.webp 100w\" sizes=\"auto, (max-width: 500px) 100vw, 500px\" \/>\t\t\t\t\t\t\n\t\t\t\t\t<\/div>\n\t\t\t\t\t\t\t\t\n<style>\n#image_1261790628 {\n  width: 80%;\n}\n<\/style>\n\t<\/div>\n\t\n<ul>\n<li>N\u00e1\u0161 <em><strong>LED displej na ty\u010di \u0159ady TWB<\/strong><\/em> Je vybaven integrovan\u00fdm chladi\u010dem pro efektivn\u00ed chlazen\u00ed a del\u0161\u00ed \u017eivotnost. Je vybaven 8 bezpe\u010dnostn\u00edmi z\u00e1mky a obsahuje sv\u011btlocitliv\u00e9 senzory, kter\u00e9 automaticky upravuj\u00ed jas podle vn\u011bj\u0161\u00edch podm\u00ednek. Tento inteligentn\u00ed design sni\u017euje riziko n\u00e1hodn\u00e9ho pop\u00e1len\u00ed. <a href=\"https:\/\/www.telaled.com\/cs\/entendendo-o-consumo-de-energia-painel-de-led-quao-eficientes-sao-os-displays-de-led-modernos\/\" data-wplink-edit=\"true\">spot\u0159eba energie<\/a>, Zaru\u010duje odolnost a udr\u017euje displej perfektn\u011b funk\u010dn\u00ed v jak\u00e9mkoli prost\u0159ed\u00ed.<\/li>\n<\/ul>\n\t<div class=\"img has-hover x md-x lg-x y md-y lg-y\" id=\"image_577086389\">\n\t\t\t\t\t\t\t\t<div class=\"img-inner dark\" >\n\t\t\t<img loading=\"lazy\" decoding=\"async\" width=\"570\" height=\"360\" src=\"https:\/\/www.telaled.com\/wp-content\/uploads\/2025\/09\/Pole-LED-Display9.webp\" class=\"attachment-large size-large\" alt=\"\" srcset=\"https:\/\/www.telaled.com\/wp-content\/uploads\/2025\/09\/Pole-LED-Display9.webp 570w, https:\/\/www.telaled.com\/wp-content\/uploads\/2025\/09\/Pole-LED-Display9-300x189.webp 300w, https:\/\/www.telaled.com\/wp-content\/uploads\/2025\/09\/Pole-LED-Display9-18x12.webp 18w\" sizes=\"auto, (max-width: 570px) 100vw, 570px\" \/>\t\t\t\t\t\t\n\t\t\t\t\t<\/div>\n\t\t\t\t\t\t\t\t\n<style>\n#image_577086389 {\n  width: 80%;\n}\n<\/style>\n\t<\/div>\n\t\n<ul>\n<li>Nab\u00edz\u00edme \u0159e\u0161en\u00ed na m\u00edru pro <strong><em>LED displej na ty\u010di \u0159ady TWB<\/em><\/strong> S flexibiln\u00edmi mo\u017enostmi instalace. Ide\u00e1ln\u00ed pro n\u00e1kupn\u00ed centra, komer\u010dn\u00ed ulice a vl\u00e1dn\u00ed \u00fa\u010dely, nap\u0159\u00edklad pro dopravn\u00ed pokyny nebo ve\u0159ejn\u00e1 ozn\u00e1men\u00ed. Ide\u00e1ln\u00ed tak\u00e9 pro turistick\u00e9 atrakce, pro zobrazen\u00ed map, informac\u00ed o akc\u00edch a aktualizac\u00ed slu\u017eeb, co\u017e zaji\u0161\u0165uje jasnou komunikaci v jak\u00e9mkoli prost\u0159ed\u00ed.<\/li>\n<\/ul>\n\t<div class=\"img has-hover x md-x lg-x y md-y lg-y\" id=\"image_1130553749\">\n\t\t\t\t\t\t\t\t<div class=\"img-inner dark\" >\n\t\t\t<img loading=\"lazy\" decoding=\"async\" width=\"570\" height=\"360\" src=\"https:\/\/www.telaled.com\/wp-content\/uploads\/2025\/09\/Pole-LED-Display10.webp\" class=\"attachment-large size-large\" alt=\"Sloupov\u00fd LED displej10\" srcset=\"https:\/\/www.telaled.com\/wp-content\/uploads\/2025\/09\/Pole-LED-Display10.webp 570w, https:\/\/www.telaled.com\/wp-content\/uploads\/2025\/09\/Pole-LED-Display10-300x189.webp 300w, https:\/\/www.telaled.com\/wp-content\/uploads\/2025\/09\/Pole-LED-Display10-18x12.webp 18w\" sizes=\"auto, (max-width: 570px) 100vw, 570px\" \/>\t\t\t\t\t\t\n\t\t\t\t\t<\/div>\n\t\t\t\t\t\t\t\t\n<style>\n#image_1130553749 {\n  width: 80%;\n}\n<\/style>\n\t<\/div>\n\t\n<ul>\n<li>Na\u0161e <em><strong>LED displej na ty\u010di \u0159ady TWB<\/strong><\/em> Jsou baleny v zes\u00edlen\u00fdch d\u0159ev\u011bn\u00fdch bedn\u00e1ch, kter\u00e9 je chr\u00e1n\u00ed b\u011bhem p\u0159epravy. Ka\u017ed\u00e1 jednotka je bezpe\u010dn\u011b zabalena, aby se zabr\u00e1nilo po\u0161kozen\u00ed \u0161k\u016fdci, n\u00e1razy a dal\u0161\u00edmi nebezpe\u010d\u00edmi. To zaji\u0161\u0165uje trvanlivost a bezpe\u010dn\u00e9 doru\u010den\u00ed.<\/li>\n<\/ul>\n\t<div class=\"img has-hover x md-x lg-x y md-y lg-y\" id=\"image_1264755284\">\n\t\t\t\t\t\t\t\t<div class=\"img-inner dark\" >\n\t\t\t<img loading=\"lazy\" decoding=\"async\" width=\"760\" height=\"1024\" src=\"https:\/\/www.telaled.com\/wp-content\/uploads\/2025\/08\/36123f2c-de60-488d-af81-255cd4aee54a-760x1024.webp\" class=\"attachment-large size-large\" alt=\"\" srcset=\"https:\/\/www.telaled.com\/wp-content\/uploads\/2025\/08\/36123f2c-de60-488d-af81-255cd4aee54a-760x1024.webp 760w, https:\/\/www.telaled.com\/wp-content\/uploads\/2025\/08\/36123f2c-de60-488d-af81-255cd4aee54a-223x300.webp 223w, https:\/\/www.telaled.com\/wp-content\/uploads\/2025\/08\/36123f2c-de60-488d-af81-255cd4aee54a-768x1035.webp 768w, https:\/\/www.telaled.com\/wp-content\/uploads\/2025\/08\/36123f2c-de60-488d-af81-255cd4aee54a-9x12.webp 9w, https:\/\/www.telaled.com\/wp-content\/uploads\/2025\/08\/36123f2c-de60-488d-af81-255cd4aee54a-600x808.webp 600w, https:\/\/www.telaled.com\/wp-content\/uploads\/2025\/08\/36123f2c-de60-488d-af81-255cd4aee54a.webp 795w\" sizes=\"auto, (max-width: 760px) 100vw, 760px\" \/>\t\t\t\t\t\t\n\t\t\t\t\t<\/div>\n\t\t\t\t\t\t\t\t\n<style>\n#image_1264755284 {\n  width: 80%;\n}\n<\/style>\n\t<\/div>\n\t\n\n<table id=\"tablepress-87\" class=\"tablepress tablepress-id-87\">\n<thead>\n<tr class=\"row-1\">\n\t<th class=\"column-1\">Hodnota<\/th><th class=\"column-2\">TWB3.3<\/th><th class=\"column-3\">TWB4<\/th><th class=\"column-4\">TWB5<\/th>\n<\/tr>\n<\/thead>\n<tbody class=\"row-striping row-hover\">\n<tr class=\"row-2\">\n\t<td class=\"column-1\">Vzd\u00e1lenost pixel\u016f<\/td><td class=\"column-2\">3,3 mm<\/td><td class=\"column-3\">4 mm<\/td><td class=\"column-4\">5 mm<\/td>\n<\/tr>\n<tr class=\"row-3\">\n\t<td class=\"column-1\">Lesk<\/td><td class=\"column-2\">5000\u20136000 nit\u016f<\/td><td class=\"column-3\">6000 nit\u016f<\/td><td class=\"column-4\">6000 nit\u016f<\/td>\n<\/tr>\n<tr class=\"row-4\">\n\t<td class=\"column-1\">Konfigurace pixel\u016f<\/td><td class=\"column-2\">SMD<\/td><td class=\"column-3\">SMD<\/td><td class=\"column-4\">SMD<\/td>\n<\/tr>\n<tr class=\"row-5\">\n\t<td class=\"column-1\">\u0160ed\u00e1 stupnice<\/td><td class=\"column-2\">65536<\/td><td class=\"column-3\">65536<\/td><td class=\"column-4\">65536<\/td>\n<\/tr>\n<tr class=\"row-6\">\n\t<td class=\"column-1\">Obnovovac\u00ed frekvence<\/td><td class=\"column-2\">\u22651920 Hz<\/td><td class=\"column-3\">21920 Hz<\/td><td class=\"column-4\">21920 Hz<\/td>\n<\/tr>\n<tr class=\"row-7\">\n\t<td class=\"column-1\">Pixelov\u00e1 matice na m\u00b2<\/td><td class=\"column-2\">90.000<\/td><td class=\"column-3\">90.000<\/td><td class=\"column-4\">40.000<\/td>\n<\/tr>\n<tr class=\"row-8\">\n\t<td class=\"column-1\">\u00dahel pohledu (H\/V)<\/td><td class=\"column-2\">140\/140 stup\u0148\u016f<\/td><td class=\"column-3\">140\/140 stup\u0148\u016f<\/td><td class=\"column-4\">140\/140 stup\u0148\u016f<\/td>\n<\/tr>\n<tr class=\"row-9\">\n\t<td class=\"column-1\">Spot\u0159eba energie (max.\/pr\u016fm\u011brn\u00e1)<\/td><td class=\"column-2\">800\/300<\/td><td class=\"column-3\">800\/300<\/td><td class=\"column-4\">800\/300<\/td>\n<\/tr>\n<tr class=\"row-10\">\n\t<td class=\"column-1\">IP rychlost<\/td><td class=\"column-2\">IP65<\/td><td class=\"column-3\">IP65<\/td><td class=\"column-4\">IP65<\/td>\n<\/tr>\n<tr class=\"row-11\">\n\t<td class=\"column-1\">Vstupn\u00ed nap\u011bt\u00ed (AC)<\/td><td class=\"column-2\">100\uff5e240<\/td><td class=\"column-3\">100\uff5e240<\/td><td class=\"column-4\">100\uff5e240<\/td>\n<\/tr>\n<tr class=\"row-12\">\n\t<td class=\"column-1\">Provozn\u00ed teplota<\/td><td class=\"column-2\">20\uff5e+60\u00b0C<\/td><td class=\"column-3\">20\uff5e+60\u00b0C<\/td><td class=\"column-4\">20\uff5e+60\u00b0C<\/td>\n<\/tr>\n<\/tbody>\n<\/table>\n\n\t\t<\/div>\n\t\t\t\t\t<\/div>\n\n\t\n<\/div>\n\t\t<\/div>\n\t\t\t\t\t<\/div>\n\n\t\n<\/div>","protected":false},"excerpt":{"rendered":"<div><strong>LED displeje na ty\u010di \u0159ady TWB \u2013 Chytr\u00e9 \u0159e\u0161en\u00ed pro pouli\u010dn\u00ed reklamu s vysok\u00fdm jasem<\/strong><\/div>\n<div><\/div>\n<div>Vy <strong><em>LED displej na ty\u010di \u0159ady TWB<\/em><\/strong> Kombinuj\u00ed s\u00edlu digit\u00e1ln\u00ed reklamy s prakti\u010dnost\u00ed pouli\u010dn\u00edho osv\u011btlen\u00ed. Jsou ur\u010deny pro m\u011bsta, komer\u010dn\u00ed n\u00e1m\u011bst\u00ed a <span data-sheets-root=\"1\"><a class=\"in-cell-link\" href=\"https:\/\/www.telaled.com\/cs\/telao-de-led-para-eventos\/\" target=\"_blank\" rel=\"noopener\">ud\u00e1losti<\/a><\/span> Ve sportovn\u00edm prost\u0159ed\u00ed nab\u00edzej\u00ed tyto displeje p\u016fsobiv\u00e9 vizu\u00e1ln\u00ed prvky, spolehliv\u00fd v\u00fdkon a inteligentn\u00ed ovl\u00e1d\u00e1n\u00ed pro zobrazov\u00e1n\u00ed reklamy a informac\u00ed v modern\u00edm venkovn\u00edm prost\u0159ed\u00ed.<\/div>\n<div><\/div>\n<div><strong>Hlavn\u00ed vlastnosti:<\/strong><\/div>\n<ul>\n<li><strong>K\u0159i\u0161\u0165\u00e1lov\u011b \u010dist\u00e1 viditelnost za jak\u00e9hokoli osv\u011btlen\u00ed.<\/strong>D\u00edky jasu a\u017e 6500 nit\u016f a automatick\u00e9mu nastaven\u00ed jasu z\u016fst\u00e1v\u00e1 obsah ostr\u00fd a \u010diteln\u00fd i na p\u0159\u00edm\u00e9m slune\u010dn\u00edm sv\u011btle.<\/li>\n<li><strong>Odoln\u00e1 a pov\u011btrnostn\u00edm vliv\u016fm odoln\u00e1 konstrukce:<\/strong> Vyrobeno z vodot\u011bsn\u00fdch, prachot\u011bsn\u00fdch a korozivzdorn\u00fdch materi\u00e1l\u016f s kryt\u00edm IP65 a inteligentn\u00ed regulac\u00ed teploty, co\u017e zaji\u0161\u0165uje dlouhotrvaj\u00edc\u00ed v\u00fdkon v n\u00e1ro\u010dn\u00fdch venkovn\u00edch podm\u00ednk\u00e1ch.<\/li>\n<li><strong>Inteligentn\u00ed a flexibiln\u00ed mo\u017enosti ovl\u00e1d\u00e1n\u00ed:<\/strong> Spravujte monitory vzd\u00e1len\u011b p\u0159es PC, Wi-Fi, 4G\/5G nebo USB disk s podporou synchronn\u00edho a asynchronn\u00edho ovl\u00e1d\u00e1n\u00ed, co\u017e umo\u017e\u0148uje rychl\u00e9 a pohodln\u00e9 aktualizace.<\/li>\n<\/ul>\n<div>R\u016fzn\u00e9 zp\u016fsoby instalace (bo\u010dn\u00ed, zadn\u00ed nebo mont\u00e1\u017e na podstavec) a p\u0159izp\u016fsobiteln\u00e9 velikosti. Z\u00edskejte spolehlivou vzd\u00e1lenou podporu 24 hodin denn\u011b, 7 dn\u00ed v t\u00fddnu a u\u017eijte si klid s 3letou z\u00e1rukou. Kontaktujte n\u00e1s a z\u00edskejte bezplatnou a personalizovanou cenovou nab\u00eddku.<\/div>","protected":false},"featured_media":3580,"template":"","meta":[],"product_brand":[],"product_cat":[50,48,40,43],"product_tag":[],"class_list":{"0":"post-3573","1":"product","2":"type-product","3":"status-publish","4":"has-post-thumbnail","6":"product_cat-aluguel-de-painel-de-led","7":"product_cat-paineis-personalizados","8":"product_cat-painel-de-led","9":"product_cat-totem-de-led","11":"first","12":"instock","13":"shipping-taxable","14":"product-type-simple"},"yoast_head":"<!-- This site is optimized with the Yoast SEO plugin v27.4 - https:\/\/yoast.com\/product\/yoast-seo-wordpress\/ -->\n<title>Pole LED Display S\u00e9rie TWB | Tela Telas LED para Publicidade Externa para Postes de Ru | TELALED<\/title>\n<meta name=\"description\" content=\"Pole LED Display S\u00e9rie TWB para postes externos e rodovias. Brilhante, dur\u00e1vel e com baixo consumo de energia. Pe\u00e7a hoje mesmo para aumentar sua visibilidade.\" \/>\n<meta name=\"robots\" content=\"index, follow, max-snippet:-1, max-image-preview:large, max-video-preview:-1\" \/>\n<link rel=\"canonical\" href=\"https:\/\/www.telaled.com\/cs\/fabrica\/pole-led-display-serie-twb\/\" \/>\n<meta property=\"og:locale\" content=\"cs_CZ\" \/>\n<meta property=\"og:type\" content=\"article\" \/>\n<meta property=\"og:title\" content=\"Pole LED Display S\u00e9rie TWB | Tela Telas LED para Publicidade Externa para Postes de Ru | TELALED\" \/>\n<meta property=\"og:description\" content=\"Pole LED Display S\u00e9rie TWB para postes externos e rodovias. Brilhante, dur\u00e1vel e com baixo consumo de energia. Pe\u00e7a hoje mesmo para aumentar sua visibilidade.\" \/>\n<meta property=\"og:url\" content=\"https:\/\/www.telaled.com\/cs\/fabrica\/pole-led-display-serie-twb\/\" \/>\n<meta property=\"og:site_name\" content=\"TELALED\" \/>\n<meta property=\"article:modified_time\" content=\"2026-01-06T07:04:23+00:00\" \/>\n<meta property=\"og:image\" content=\"https:\/\/www.telaled.com\/wp-content\/uploads\/2025\/09\/Pole-LED-Display.jpg\" \/>\n\t<meta property=\"og:image:width\" content=\"500\" \/>\n\t<meta property=\"og:image:height\" content=\"500\" \/>\n\t<meta property=\"og:image:type\" content=\"image\/jpeg\" \/>\n<meta name=\"twitter:card\" content=\"summary_large_image\" \/>\n<meta name=\"twitter:label1\" content=\"Est. reading time\" \/>\n\t<meta name=\"twitter:data1\" content=\"3 minuty\" \/>\n<script type=\"application\/ld+json\" class=\"yoast-schema-graph\">{\"@context\":\"https:\\\/\\\/schema.org\",\"@graph\":[{\"@type\":\"WebPage\",\"@id\":\"https:\\\/\\\/www.telaled.com\\\/fabrica\\\/pole-led-display-serie-twb\\\/\",\"url\":\"https:\\\/\\\/www.telaled.com\\\/fabrica\\\/pole-led-display-serie-twb\\\/\",\"name\":\"Pole LED Display S\u00e9rie TWB | Tela Telas LED para Publicidade Externa para Postes de Ru | TELALED\",\"isPartOf\":{\"@id\":\"https:\\\/\\\/www.telaled.com\\\/#website\"},\"primaryImageOfPage\":{\"@id\":\"https:\\\/\\\/www.telaled.com\\\/fabrica\\\/pole-led-display-serie-twb\\\/#primaryimage\"},\"image\":{\"@id\":\"https:\\\/\\\/www.telaled.com\\\/fabrica\\\/pole-led-display-serie-twb\\\/#primaryimage\"},\"thumbnailUrl\":\"https:\\\/\\\/www.telaled.com\\\/wp-content\\\/uploads\\\/2025\\\/09\\\/Pole-LED-Display.jpg\",\"datePublished\":\"2025-09-26T00:20:54+00:00\",\"dateModified\":\"2026-01-06T07:04:23+00:00\",\"description\":\"Pole LED Display S\u00e9rie TWB para postes externos e rodovias. Brilhante, dur\u00e1vel e com baixo consumo de energia. Pe\u00e7a hoje mesmo para aumentar sua visibilidade.\",\"breadcrumb\":{\"@id\":\"https:\\\/\\\/www.telaled.com\\\/fabrica\\\/pole-led-display-serie-twb\\\/#breadcrumb\"},\"inLanguage\":\"cs\",\"potentialAction\":[{\"@type\":\"ReadAction\",\"target\":[\"https:\\\/\\\/www.telaled.com\\\/fabrica\\\/pole-led-display-serie-twb\\\/\"]}]},{\"@type\":\"ImageObject\",\"inLanguage\":\"cs\",\"@id\":\"https:\\\/\\\/www.telaled.com\\\/fabrica\\\/pole-led-display-serie-twb\\\/#primaryimage\",\"url\":\"https:\\\/\\\/www.telaled.com\\\/wp-content\\\/uploads\\\/2025\\\/09\\\/Pole-LED-Display.jpg\",\"contentUrl\":\"https:\\\/\\\/www.telaled.com\\\/wp-content\\\/uploads\\\/2025\\\/09\\\/Pole-LED-Display.jpg\",\"width\":500,\"height\":500,\"caption\":\"Pole-LED-Display\"},{\"@type\":\"BreadcrumbList\",\"@id\":\"https:\\\/\\\/www.telaled.com\\\/fabrica\\\/pole-led-display-serie-twb\\\/#breadcrumb\",\"itemListElement\":[{\"@type\":\"ListItem\",\"position\":1,\"name\":\"Home\",\"item\":\"https:\\\/\\\/www.telaled.com\\\/\"},{\"@type\":\"ListItem\",\"position\":2,\"name\":\"Produtos\",\"item\":\"https:\\\/\\\/www.telaled.com\\\/shop\\\/\"},{\"@type\":\"ListItem\",\"position\":3,\"name\":\"Pole LED Display S\u00e9rie TWB\"}]},{\"@type\":\"WebSite\",\"@id\":\"https:\\\/\\\/www.telaled.com\\\/#website\",\"url\":\"https:\\\/\\\/www.telaled.com\\\/\",\"name\":\"TELALED\",\"description\":\"\",\"potentialAction\":[{\"@type\":\"SearchAction\",\"target\":{\"@type\":\"EntryPoint\",\"urlTemplate\":\"https:\\\/\\\/www.telaled.com\\\/?s={search_term_string}\"},\"query-input\":{\"@type\":\"PropertyValueSpecification\",\"valueRequired\":true,\"valueName\":\"search_term_string\"}}],\"inLanguage\":\"cs\"}]}<\/script>\n<!-- \/ Yoast SEO plugin. -->","yoast_head_json":{"title":"LED displeje na sloupy \u0159ady TWB | LED obrazovky pro venkovn\u00ed reklamu na pouli\u010dn\u00edch sloupech | TELALED","description":"LED displeje na sloupy \u0159ady TWB pro venkovn\u00ed sloupy a d\u00e1lnice. Jasn\u00e9, odoln\u00e9 a s n\u00edzkou spot\u0159ebou energie. Objednejte si je\u0161t\u011b dnes a zvy\u0161te si viditelnost.","robots":{"index":"index","follow":"follow","max-snippet":"max-snippet:-1","max-image-preview":"max-image-preview:large","max-video-preview":"max-video-preview:-1"},"canonical":"https:\/\/www.telaled.com\/cs\/fabrica\/pole-led-display-serie-twb\/","og_locale":"cs_CZ","og_type":"article","og_title":"Pole LED Display S\u00e9rie TWB | Tela Telas LED para Publicidade Externa para Postes de Ru | TELALED","og_description":"Pole LED Display S\u00e9rie TWB para postes externos e rodovias. Brilhante, dur\u00e1vel e com baixo consumo de energia. Pe\u00e7a hoje mesmo para aumentar sua visibilidade.","og_url":"https:\/\/www.telaled.com\/cs\/fabrica\/pole-led-display-serie-twb\/","og_site_name":"TELALED","article_modified_time":"2026-01-06T07:04:23+00:00","og_image":[{"width":500,"height":500,"url":"https:\/\/www.telaled.com\/wp-content\/uploads\/2025\/09\/Pole-LED-Display.jpg","type":"image\/jpeg"}],"twitter_card":"summary_large_image","twitter_misc":{"Est. reading time":"3 minuty"},"schema":{"@context":"https:\/\/schema.org","@graph":[{"@type":"WebPage","@id":"https:\/\/www.telaled.com\/fabrica\/pole-led-display-serie-twb\/","url":"https:\/\/www.telaled.com\/fabrica\/pole-led-display-serie-twb\/","name":"LED displeje na sloupy \u0159ady TWB | LED obrazovky pro venkovn\u00ed reklamu na pouli\u010dn\u00edch sloupech | TELALED","isPartOf":{"@id":"https:\/\/www.telaled.com\/#website"},"primaryImageOfPage":{"@id":"https:\/\/www.telaled.com\/fabrica\/pole-led-display-serie-twb\/#primaryimage"},"image":{"@id":"https:\/\/www.telaled.com\/fabrica\/pole-led-display-serie-twb\/#primaryimage"},"thumbnailUrl":"https:\/\/www.telaled.com\/wp-content\/uploads\/2025\/09\/Pole-LED-Display.jpg","datePublished":"2025-09-26T00:20:54+00:00","dateModified":"2026-01-06T07:04:23+00:00","description":"LED displeje na sloupy \u0159ady TWB pro venkovn\u00ed sloupy a d\u00e1lnice. Jasn\u00e9, odoln\u00e9 a s n\u00edzkou spot\u0159ebou energie. Objednejte si je\u0161t\u011b dnes a zvy\u0161te si viditelnost.","breadcrumb":{"@id":"https:\/\/www.telaled.com\/fabrica\/pole-led-display-serie-twb\/#breadcrumb"},"inLanguage":"cs","potentialAction":[{"@type":"ReadAction","target":["https:\/\/www.telaled.com\/fabrica\/pole-led-display-serie-twb\/"]}]},{"@type":"ImageObject","inLanguage":"cs","@id":"https:\/\/www.telaled.com\/fabrica\/pole-led-display-serie-twb\/#primaryimage","url":"https:\/\/www.telaled.com\/wp-content\/uploads\/2025\/09\/Pole-LED-Display.jpg","contentUrl":"https:\/\/www.telaled.com\/wp-content\/uploads\/2025\/09\/Pole-LED-Display.jpg","width":500,"height":500,"caption":"Pole-LED-Display"},{"@type":"BreadcrumbList","@id":"https:\/\/www.telaled.com\/fabrica\/pole-led-display-serie-twb\/#breadcrumb","itemListElement":[{"@type":"ListItem","position":1,"name":"Home","item":"https:\/\/www.telaled.com\/"},{"@type":"ListItem","position":2,"name":"Produtos","item":"https:\/\/www.telaled.com\/shop\/"},{"@type":"ListItem","position":3,"name":"Pole LED Display S\u00e9rie TWB"}]},{"@type":"WebSite","@id":"https:\/\/www.telaled.com\/#website","url":"https:\/\/www.telaled.com\/","name":"LED obrazovka","description":"","potentialAction":[{"@type":"SearchAction","target":{"@type":"EntryPoint","urlTemplate":"https:\/\/www.telaled.com\/?s={search_term_string}"},"query-input":{"@type":"PropertyValueSpecification","valueRequired":true,"valueName":"search_term_string"}}],"inLanguage":"cs"}]}},"_links":{"self":[{"href":"https:\/\/www.telaled.com\/cs\/wp-json\/wp\/v2\/product\/3573","targetHints":{"allow":["GET"]}}],"collection":[{"href":"https:\/\/www.telaled.com\/cs\/wp-json\/wp\/v2\/product"}],"about":[{"href":"https:\/\/www.telaled.com\/cs\/wp-json\/wp\/v2\/types\/product"}],"wp:featuredmedia":[{"embeddable":true,"href":"https:\/\/www.telaled.com\/cs\/wp-json\/wp\/v2\/media\/3580"}],"wp:attachment":[{"href":"https:\/\/www.telaled.com\/cs\/wp-json\/wp\/v2\/media?parent=3573"}],"wp:term":[{"taxonomy":"product_brand","embeddable":true,"href":"https:\/\/www.telaled.com\/cs\/wp-json\/wp\/v2\/product_brand?post=3573"},{"taxonomy":"product_cat","embeddable":true,"href":"https:\/\/www.telaled.com\/cs\/wp-json\/wp\/v2\/product_cat?post=3573"},{"taxonomy":"product_tag","embeddable":true,"href":"https:\/\/www.telaled.com\/cs\/wp-json\/wp\/v2\/product_tag?post=3573"}],"curies":[{"name":"wp","href":"https:\/\/api.w.org\/{rel}","templated":true}]}}