{"id":3349,"date":"2025-09-17T01:29:01","date_gmt":"2025-09-17T01:29:01","guid":{"rendered":"https:\/\/www.telaled.com\/?post_type=product&#038;p=3349"},"modified":"2026-01-06T02:20:16","modified_gmt":"2026-01-06T02:20:16","slug":"shelf-led-screen-serie-tcl","status":"publish","type":"product","link":"https:\/\/www.telaled.com\/cs\/fabrica\/shelf-led-screen-serie-tcl\/","title":{"rendered":"LED police \u0159ady TCL"},"content":{"rendered":"<div class=\"row\"  id=\"row-60675904\">\n\n\t<div id=\"col-1380983788\" class=\"col small-12 large-12\"  >\n\t\t\t\t<div class=\"col-inner\"  >\n\t\t\t\n\t\t\t\n<h2>Exkluzivn\u00ed v\u00fdhody LED police \u0159ady TCL<\/h2>\n<h3><strong>Vynikaj\u00edc\u00ed odolnost<\/strong><\/h3>\n<ul>\n<li>Certifikov\u00e1no dle norem CCC\/CE\/ETL\/FCC pro bezpe\u010dnost a spolehlivost.<\/li>\n<li>Pracuje v teplotn\u00edm rozsahu -10 \u00b0C a\u017e 40 \u00b0C s toleranc\u00ed vlhkosti 10-90%.<\/li>\n<li>Vyrobeno z robustn\u00edch LED modul\u016f ur\u010den\u00fdch pro dlouhodob\u00e9 pou\u017e\u00edv\u00e1n\u00ed.<\/li>\n<\/ul>\n<h3><strong>V\u00fdjime\u010dn\u00e1 vizu\u00e1ln\u00ed kvalita<\/strong><\/h3>\n<ul>\n<li><a href=\"https:\/\/www.telaled.com\/cs\/fabrica\/painel-led-full-hd-da-serie-the\/\">Obrazovka s pln\u00fdm HD<\/a> s ostr\u00fdmi a z\u00e1\u0159iv\u00fdmi barvami.<\/li>\n<li>Vysok\u00fd jas 800 cd\/m\u00b2 pro dobrou viditelnost.<\/li>\n<li>Ultra\u0161irok\u00e9 pozorovac\u00ed \u00fahly 160\u00b0\/120\u00b0 pro konzistentn\u00ed ostrost obrazu.<\/li>\n<li>Obnovovac\u00ed frekvence 3840 Hz pro plynul\u00e9 p\u0159ehr\u00e1v\u00e1n\u00ed bez blik\u00e1n\u00ed.<\/li>\n<\/ul>\n<h3><strong>Kompletn\u00ed p\u0159izp\u016fsobivost<\/strong><\/h3>\n<ul>\n<li>Horizont\u00e1ln\u00ed a vertik\u00e1ln\u00ed st\u0159\u00edd\u00e1n\u00ed pro flexibiln\u00ed rozvr\u017een\u00ed displeje.<\/li>\n<li>Automatick\u00e9 smy\u010dkov\u00e9 p\u0159ehr\u00e1v\u00e1n\u00ed pro plynul\u00fd a nekomplikovan\u00fd obsah.<\/li>\n<li>Bezprobl\u00e9mov\u00e9 p\u0159ipojen\u00ed s mo\u017enostmi WiFi, USB a Ethernetu.<\/li>\n<\/ul>\n<h3><strong>Komplexn\u00ed podpora<\/strong><\/h3>\n<ul>\n<li>Nonstop vzd\u00e1len\u00e1 technick\u00e1 podpora: Z\u00edskejte p\u0159\u00edstup k odborn\u00e9 pomoci kdykoli a kdekoli.<\/li>\n<li>5% n\u00e1hradn\u00edch d\u00edl\u016f v cen\u011b: Ka\u017ed\u00e1 objedn\u00e1vka obsahuje dal\u0161\u00ed komponenty pro zv\u00fd\u0161en\u00ed spolehlivosti a zaji\u0161t\u011bn\u00ed klidu.<\/li>\n<li>3let\u00e1 prodlou\u017een\u00e1 z\u00e1ruka: Vyu\u017eijte dlouhodobou konvergenci pro lep\u0161\u00ed v\u00fdkon a spolehliv\u00fd servis.<\/li>\n<\/ul>\n<h2>Detaily produktu<\/h2>\n<div class=\"row\"  id=\"row-1014375497\">\n\n\t<div id=\"col-192234157\" class=\"col medium-10 small-12 large-10\"  >\n\t\t\t\t<div class=\"col-inner text-left\"  >\n\t\t\t\n\t\t\t\n<ul>\n<li>Nab\u00edz\u00ed skute\u010dn\u011b snadn\u00e9 pou\u017eit\u00ed: d\u00edky inteligentn\u00ed technologii p\u0159evodu, kter\u00e1 se p\u0159izp\u016fsob\u00ed jak\u00e9koli konfiguraci, m\u016f\u017eete okam\u017eit\u011b p\u0159ep\u00ednat mezi horizont\u00e1ln\u00ed a vertik\u00e1ln\u00ed obrazovkou. Jedna obrazovka, v\u00edce aplikac\u00ed; navr\u017eeno tak, aby bez kompromis\u016f spl\u0148ovalo va\u0161e pot\u0159eby.<\/li>\n<\/ul>\n\t<div class=\"img has-hover x md-x lg-x y md-y lg-y\" id=\"image_2114256800\">\n\t\t\t\t\t\t\t\t<div class=\"img-inner dark\" >\n\t\t\t<img loading=\"lazy\" decoding=\"async\" width=\"640\" height=\"430\" src=\"https:\/\/www.telaled.com\/wp-content\/uploads\/2025\/09\/Alternancia-horizontal-e-retrato.webp\" class=\"attachment-original size-original\" alt=\"St\u0159\u00edd\u00e1n\u00ed horizont\u00e1ln\u00edho a portr\u00e9tn\u00edho re\u017eimu\" srcset=\"https:\/\/www.telaled.com\/wp-content\/uploads\/2025\/09\/Alternancia-horizontal-e-retrato.webp 640w, https:\/\/www.telaled.com\/wp-content\/uploads\/2025\/09\/Alternancia-horizontal-e-retrato-300x202.webp 300w, https:\/\/www.telaled.com\/wp-content\/uploads\/2025\/09\/Alternancia-horizontal-e-retrato-18x12.webp 18w, https:\/\/www.telaled.com\/wp-content\/uploads\/2025\/09\/Alternancia-horizontal-e-retrato-600x403.webp 600w\" sizes=\"auto, (max-width: 640px) 100vw, 640px\" \/>\t\t\t\t\t\t\n\t\t\t\t\t<\/div>\n\t\t\t\t\t\t\t\t\n<style>\n#image_2114256800 {\n  width: 95%;\n}\n<\/style>\n\t<\/div>\n\t\n<ul>\n<li>Usnad\u0148uje distribuci obsahu pomoc\u00ed Wi-Fi p\u0159ipojen\u00ed a automatick\u00e9ho p\u0159ehr\u00e1v\u00e1n\u00ed, p\u0159i\u010dem\u017e p\u0159ehr\u00e1v\u00e1 obr\u00e1zky, videa a hudbu v nep\u0159etr\u017eit\u00fdch smy\u010dk\u00e1ch. D\u00edky kompatibilit\u011b se soubory MP3, MP4, Flash, JPG, AVI, PDF, PPT a Word zajist\u00ed plynul\u00fd tok va\u0161ich zpr\u00e1v v jak\u00e9mkoli form\u00e1tu.<\/li>\n<\/ul>\n\t\t<\/div>\n\t\t\t\t\t<\/div>\n\n\t\n\n\t<div id=\"col-439600528\" class=\"col medium-10 small-12 large-10\"  >\n\t\t\t\t<div class=\"col-inner text-left\"  >\n\t\t\t\n\t\t\t\n\t<div class=\"img has-hover x md-x lg-x y md-y lg-y\" id=\"image_666270506\">\n\t\t\t\t\t\t\t\t<div class=\"img-inner dark\" >\n\t\t\t<img loading=\"lazy\" decoding=\"async\" width=\"804\" height=\"494\" src=\"https:\/\/www.telaled.com\/wp-content\/uploads\/2025\/09\/Conectividade-perfeita.webp\" class=\"attachment-large size-large\" alt=\"\" srcset=\"https:\/\/www.telaled.com\/wp-content\/uploads\/2025\/09\/Conectividade-perfeita.webp 804w, https:\/\/www.telaled.com\/wp-content\/uploads\/2025\/09\/Conectividade-perfeita-300x184.webp 300w, https:\/\/www.telaled.com\/wp-content\/uploads\/2025\/09\/Conectividade-perfeita-768x472.webp 768w, https:\/\/www.telaled.com\/wp-content\/uploads\/2025\/09\/Conectividade-perfeita-18x12.webp 18w, https:\/\/www.telaled.com\/wp-content\/uploads\/2025\/09\/Conectividade-perfeita-600x369.webp 600w\" sizes=\"auto, (max-width: 804px) 100vw, 804px\" \/>\t\t\t\t\t\t\n\t\t\t\t\t<\/div>\n\t\t\t\t\t\t\t\t\n<style>\n#image_666270506 {\n  width: 95%;\n}\n<\/style>\n\t<\/div>\n\t\n<ul>\n<li>Nab\u00edz\u00ed ostr\u00fd obraz v <a href=\"https:\/\/www.telaled.com\/cs\/fabrica\/painel-de-led-hd-serie-tho\/\">HD<\/a>, Vzd\u00e1len\u00fd p\u0159\u00edstup pro snadn\u00e9 ovl\u00e1d\u00e1n\u00ed a ultra\u0161irok\u00fd pozorovac\u00ed \u00fahel, kter\u00fd z\u016fst\u00e1v\u00e1 jasn\u00fd ze v\u0161ech \u00fahl\u016f. Vestav\u011bn\u00fd \u010dasova\u010d ovl\u00e1d\u00e1 naprogramovan\u00e9 funkce zapnut\u00ed\/vypnut\u00ed, zat\u00edmco vysok\u00e1 obnovovac\u00ed frekvence zaji\u0161\u0165uje plynul\u00e9 p\u0159ehr\u00e1v\u00e1n\u00ed bez blik\u00e1n\u00ed.<\/li>\n<\/ul>\n\t<div class=\"img has-hover x md-x lg-x y md-y lg-y\" id=\"image_2067617014\">\n\t\t\t\t\t\t\t\t<div class=\"img-inner dark\" >\n\t\t\t<img loading=\"lazy\" decoding=\"async\" width=\"1020\" height=\"355\" src=\"https:\/\/www.telaled.com\/wp-content\/uploads\/2025\/09\/Recursos-avancados-1024x356.webp\" class=\"attachment-large size-large\" alt=\"Pokro\u010dil\u00e9 funkce\" srcset=\"https:\/\/www.telaled.com\/wp-content\/uploads\/2025\/09\/Recursos-avancados-1024x356.webp 1024w, https:\/\/www.telaled.com\/wp-content\/uploads\/2025\/09\/Recursos-avancados-300x104.webp 300w, https:\/\/www.telaled.com\/wp-content\/uploads\/2025\/09\/Recursos-avancados-768x267.webp 768w, https:\/\/www.telaled.com\/wp-content\/uploads\/2025\/09\/Recursos-avancados-18x6.webp 18w, https:\/\/www.telaled.com\/wp-content\/uploads\/2025\/09\/Recursos-avancados-600x208.webp 600w, https:\/\/www.telaled.com\/wp-content\/uploads\/2025\/09\/Recursos-avancados.webp 1440w\" sizes=\"auto, (max-width: 1020px) 100vw, 1020px\" \/>\t\t\t\t\t\t\n\t\t\t\t\t<\/div>\n\t\t\t\t\t\t\t\t\n<style>\n#image_2067617014 {\n  width: 95%;\n}\n<\/style>\n\t<\/div>\n\t\n\t\t<\/div>\n\t\t\t\t\t<\/div>\n\n\t\n\n\t<div id=\"col-107670698\" class=\"col medium-10 small-12 large-10\"  >\n\t\t\t\t<div class=\"col-inner text-left\"  >\n\t\t\t\n\t\t\t\n<ul>\n<li>Udr\u017eujte sv\u00e9 reklamy v nep\u0159eru\u0161ovan\u00e9m re\u017eimu d\u00edky automatick\u00e9mu p\u0159ehr\u00e1v\u00e1n\u00ed v cyklu. Nastavte si vlastn\u00ed intervaly, abyste \u0159\u00eddili tok obsahu a udr\u017eeli sv\u00e9 propaga\u010dn\u00ed akce jednoduch\u00e9, konzistentn\u00ed a poutav\u00e9.<\/li>\n<\/ul>\n\t<div class=\"img has-hover x md-x lg-x y md-y lg-y\" id=\"image_2131829046\">\n\t\t\t\t\t\t\t\t<div class=\"img-inner dark\" >\n\t\t\t<img loading=\"lazy\" decoding=\"async\" width=\"1020\" height=\"345\" src=\"https:\/\/www.telaled.com\/wp-content\/uploads\/2025\/09\/Reproducao-Automatica-de-Loop-1024x346.webp\" class=\"attachment-large size-large\" alt=\"\" srcset=\"https:\/\/www.telaled.com\/wp-content\/uploads\/2025\/09\/Reproducao-Automatica-de-Loop-1024x346.webp 1024w, https:\/\/www.telaled.com\/wp-content\/uploads\/2025\/09\/Reproducao-Automatica-de-Loop-300x101.webp 300w, https:\/\/www.telaled.com\/wp-content\/uploads\/2025\/09\/Reproducao-Automatica-de-Loop-768x259.webp 768w, https:\/\/www.telaled.com\/wp-content\/uploads\/2025\/09\/Reproducao-Automatica-de-Loop-18x6.webp 18w, https:\/\/www.telaled.com\/wp-content\/uploads\/2025\/09\/Reproducao-Automatica-de-Loop-600x203.webp 600w, https:\/\/www.telaled.com\/wp-content\/uploads\/2025\/09\/Reproducao-Automatica-de-Loop.webp 1184w\" sizes=\"auto, (max-width: 1020px) 100vw, 1020px\" \/>\t\t\t\t\t\t\n\t\t\t\t\t<\/div>\n\t\t\t\t\t\t\t\t\n<style>\n#image_2131829046 {\n  width: 95%;\n}\n<\/style>\n\t<\/div>\n\t\n<ul>\n<li>Na\u0161e policov\u00e9 LED obrazovky \u0159ady TCL jsou baleny v zes\u00edlen\u00fdch d\u0159ev\u011bn\u00fdch bedn\u00e1ch, kter\u00e9 je chr\u00e1n\u00ed b\u011bhem p\u0159epravy. Ka\u017ed\u00e1 jednotka je bezpe\u010dn\u011b zabalena, aby se zabr\u00e1nilo po\u0161kozen\u00ed \u0161k\u016fdci, n\u00e1razy a dal\u0161\u00edmi nebezpe\u010d\u00edmi. To zaji\u0161\u0165uje odolnost a bezpe\u010dn\u00e9 doru\u010den\u00ed.<\/li>\n<\/ul>\n\t<div class=\"img has-hover x md-x lg-x y md-y lg-y\" id=\"image_994822737\">\n\t\t\t\t\t\t\t\t<div class=\"img-inner dark\" >\n\t\t\t<img loading=\"lazy\" decoding=\"async\" width=\"760\" height=\"1024\" src=\"https:\/\/www.telaled.com\/wp-content\/uploads\/2025\/08\/36123f2c-de60-488d-af81-255cd4aee54a-760x1024.webp\" class=\"attachment-large size-large\" alt=\"\" srcset=\"https:\/\/www.telaled.com\/wp-content\/uploads\/2025\/08\/36123f2c-de60-488d-af81-255cd4aee54a-760x1024.webp 760w, https:\/\/www.telaled.com\/wp-content\/uploads\/2025\/08\/36123f2c-de60-488d-af81-255cd4aee54a-223x300.webp 223w, https:\/\/www.telaled.com\/wp-content\/uploads\/2025\/08\/36123f2c-de60-488d-af81-255cd4aee54a-768x1035.webp 768w, https:\/\/www.telaled.com\/wp-content\/uploads\/2025\/08\/36123f2c-de60-488d-af81-255cd4aee54a-9x12.webp 9w, https:\/\/www.telaled.com\/wp-content\/uploads\/2025\/08\/36123f2c-de60-488d-af81-255cd4aee54a-600x808.webp 600w, https:\/\/www.telaled.com\/wp-content\/uploads\/2025\/08\/36123f2c-de60-488d-af81-255cd4aee54a.webp 795w\" sizes=\"auto, (max-width: 760px) 100vw, 760px\" \/>\t\t\t\t\t\t\n\t\t\t\t\t<\/div>\n\t\t\t\t\t\t\t\t\n<style>\n#image_994822737 {\n  width: 95%;\n}\n<\/style>\n\t<\/div>\n\t\n\n<table id=\"tablepress-79\" class=\"tablepress tablepress-id-79\">\n<thead>\n<tr class=\"row-1\">\n\t<th class=\"column-1\">Vzd\u00e1lenost mezi pixely (mm)<\/th><th class=\"column-2\">P1,2 mm<\/th><th class=\"column-3\">P1,5 mm<\/th><th class=\"column-4\">P1,875 mm<\/th>\n<\/tr>\n<\/thead>\n<tbody class=\"row-striping row-hover\">\n<tr class=\"row-2\">\n\t<td class=\"column-1\">Pozorovac\u00ed \u00fahel (H\/V)<\/td><td class=\"column-2\">160\u00b0\/120\u00b0<\/td><td class=\"column-3\">160\u00b0\/120\u00b0<\/td><td class=\"column-4\">160\u00b0\/120\u00b0<\/td>\n<\/tr>\n<tr class=\"row-3\">\n\t<td class=\"column-1\">Jas (cd\/m\u00b2)<\/td><td class=\"column-2\">800<\/td><td class=\"column-3\">800<\/td><td class=\"column-4\">800<\/td>\n<\/tr>\n<tr class=\"row-4\">\n\t<td class=\"column-1\">Obnovovac\u00ed frekvence (Hz)<\/td><td class=\"column-2\">>3840<\/td><td class=\"column-3\">>3840<\/td><td class=\"column-4\">>3840<\/td>\n<\/tr>\n<tr class=\"row-5\">\n\t<td class=\"column-1\">Optimalizovan\u00e1 pozorovac\u00ed vzd\u00e1lenost (m)<\/td><td class=\"column-2\">1~10<\/td><td class=\"column-3\">1~10<\/td><td class=\"column-4\">1~10<\/td>\n<\/tr>\n<tr class=\"row-6\">\n\t<td class=\"column-1\">Vstupn\u00ed nap\u011bt\u00ed<\/td><td class=\"column-2\">AC110V nebo AC220V+10\/60HZ<\/td><td class=\"column-3\"><\/td><td class=\"column-4\"><\/td>\n<\/tr>\n<tr class=\"row-7\">\n\t<td class=\"column-1\">Vstupn\u00ed rozhran\u00ed<\/td><td class=\"column-2\">Ethernet\/USB\/Wi-Fi<\/td><td class=\"column-3\">Ethernet\/USB\/Wi-Fi<\/td><td class=\"column-4\">Ethernet\/USB\/Wi-Fi<\/td>\n<\/tr>\n<tr class=\"row-8\">\n\t<td class=\"column-1\">Velikost modulu v pixelech (\u0160xV)<\/td><td class=\"column-2\">250x50<\/td><td class=\"column-3\">200x40<\/td><td class=\"column-4\">160x32<\/td>\n<\/tr>\n<tr class=\"row-9\">\n\t<td class=\"column-1\">Velikost modulu v mm (\u0160xV)<\/td><td class=\"column-2\">300x60mm<\/td><td class=\"column-3\">300x60mm<\/td><td class=\"column-4\">300x60mm<\/td>\n<\/tr>\n<tr class=\"row-10\">\n\t<td class=\"column-1\">Kryt\u00ed IP<\/td><td class=\"column-2\">IP40<\/td><td class=\"column-3\">IP40<\/td><td class=\"column-4\">IP40<\/td>\n<\/tr>\n<tr class=\"row-11\">\n\t<td class=\"column-1\">\u00dadr\u017eba<\/td><td class=\"column-2\">Zadn\u00ed<\/td><td class=\"column-3\">Zadn\u00ed<\/td><td class=\"column-4\">Zadn\u00ed<\/td>\n<\/tr>\n<tr class=\"row-12\">\n\t<td class=\"column-1\">Provozn\u00ed a \u00fadr\u017ebov\u00e1 teplota\/vlhkost (\u2103\/relativn\u00ed vlhkost)<\/td><td class=\"column-2\">-10*C-40*C\/10-90RH%<\/td><td class=\"column-3\">-10*C-40*C\/10-90RH%<\/td><td class=\"column-4\">-10*C-40*C\/10-90RH%<\/td>\n<\/tr>\n<tr class=\"row-13\">\n\t<td class=\"column-1\">Osv\u011bd\u010den\u00ed<\/td><td class=\"column-2\">CCC\/CE\/ETL\/FCC<\/td><td class=\"column-3\">CCC\/CE\/ETL\/FCC<\/td><td class=\"column-4\">CCC\/CE\/ETL\/FCC<\/td>\n<\/tr>\n<\/tbody>\n<\/table>\n\n\t\t<\/div>\n\t\t\t\t\t<\/div>\n\n\t\n<\/div>\n\t\t<\/div>\n\t\t\t\t\t<\/div>\n\n\t\n<\/div>","protected":false},"excerpt":{"rendered":"<p><strong>LED displeje pro police \u0159ady TCL \u2013 inovativn\u00ed maloobchodn\u00ed displej<\/strong><\/p>\n<p>Mechanick\u00fd displej ur\u010den\u00fd pro maloobchodn\u00ed prostory. S mo\u017enostmi <a href=\"https:\/\/www.telaled.com\/cs\/pixel-pitch\/\">rozte\u010d pixel\u016f<\/a> P\u0159izp\u016fsobiteln\u00fd, kompaktn\u00ed modul o rozm\u011brech 300\u00d760 mm a inteligentn\u00ed p\u0159ep\u00edn\u00e1n\u00ed mezi re\u017eimem na \u0161\u00ed\u0159ku a na v\u00fd\u0161ku.<\/p>\n<p><strong>Hlavn\u00ed vlastnosti:<\/strong><\/p>\n<ul>\n<li><strong>P\u0159izp\u016fsobiteln\u00e9 rozte\u010de pixel\u016f<\/strong>K dispozici v tlou\u0161\u0165k\u00e1ch 1,2 mm, 1,5 mm a 1,85 mm pro jasn\u00fd a ostr\u00fd obraz.<\/li>\n<li><strong>Kompaktn\u00ed velikost modulu:<\/strong> D\u00edky rozm\u011br\u016fm 300 \u00d7 60 mm se hod\u00ed do r\u016fzn\u00fdch uspo\u0159\u00e1d\u00e1n\u00ed polic.<\/li>\n<li><strong>St\u0159\u00edd\u00e1n\u00ed horizont\u00e1ln\u00edho a vertik\u00e1ln\u00edho zobrazen\u00ed:<\/strong> Chytr\u00e1 technologie umo\u017e\u0148uje rychl\u00e9 p\u0159ep\u00edn\u00e1n\u00ed mezi rozvr\u017een\u00edmi.<\/li>\n<li><strong>Inovativn\u00ed a inteligentn\u00ed design:<\/strong> Modern\u00ed \u0159e\u0161en\u00ed pro prezentaci, kter\u00e9 vylep\u0161uje vzhled maloobchodn\u00edho prost\u0159ed\u00ed.<\/li>\n<\/ul>\n<p>N\u00e1\u0161 t\u00fdm nab\u00edz\u00ed nep\u0159etr\u017eitou vzd\u00e1lenou podporu a 3letou z\u00e1ruku. Kontaktujte n\u00e1s je\u0161t\u011b dnes a z\u00edskejte individu\u00e1ln\u00ed cenovou nab\u00eddku.<\/p>","protected":false},"featured_media":3350,"template":"","meta":[],"product_brand":[],"product_cat":[48,40],"product_tag":[],"class_list":{"0":"post-3349","1":"product","2":"type-product","3":"status-publish","4":"has-post-thumbnail","6":"product_cat-paineis-personalizados","7":"product_cat-painel-de-led","9":"first","10":"instock","11":"shipping-taxable","12":"product-type-simple"},"yoast_head":"<!-- This site is optimized with the Yoast SEO plugin v27.4 - https:\/\/yoast.com\/product\/yoast-seo-wordpress\/ -->\n<title>Shelf LED Screen S\u00e9rie TCL | Tela LED Personalizada para Varejo | TELALED<\/title>\n<meta name=\"description\" content=\"Nossa Shelf LED Screen S\u00e9rie TCL oferece altern\u00e2ncia inovadora entre horizontal e vertical, design fino e pixel pitch personaliz\u00e1vel. Perfeita para prateleiras de varejo e solu\u00e7\u00f5es de display inteligente. Entre em contato para obter pre\u00e7os de atacado.\" \/>\n<meta name=\"robots\" content=\"index, follow, max-snippet:-1, max-image-preview:large, max-video-preview:-1\" \/>\n<link rel=\"canonical\" href=\"https:\/\/www.telaled.com\/cs\/fabrica\/shelf-led-screen-serie-tcl\/\" \/>\n<meta property=\"og:locale\" content=\"cs_CZ\" \/>\n<meta property=\"og:type\" content=\"article\" \/>\n<meta property=\"og:title\" content=\"Shelf LED Screen S\u00e9rie TCL | Tela LED Personalizada para Varejo | TELALED\" \/>\n<meta property=\"og:description\" content=\"Nossa Shelf LED Screen S\u00e9rie TCL oferece altern\u00e2ncia inovadora entre horizontal e vertical, design fino e pixel pitch personaliz\u00e1vel. Perfeita para prateleiras de varejo e solu\u00e7\u00f5es de display inteligente. Entre em contato para obter pre\u00e7os de atacado.\" \/>\n<meta property=\"og:url\" content=\"https:\/\/www.telaled.com\/cs\/fabrica\/shelf-led-screen-serie-tcl\/\" \/>\n<meta property=\"og:site_name\" content=\"TELALED\" \/>\n<meta property=\"article:modified_time\" content=\"2026-01-06T02:20:16+00:00\" \/>\n<meta property=\"og:image\" content=\"https:\/\/www.telaled.com\/wp-content\/uploads\/2025\/09\/Shelf-LED-Screen-Serie-TCL.webp\" \/>\n\t<meta property=\"og:image:width\" content=\"500\" \/>\n\t<meta property=\"og:image:height\" content=\"500\" \/>\n\t<meta property=\"og:image:type\" content=\"image\/webp\" \/>\n<meta name=\"twitter:card\" content=\"summary_large_image\" \/>\n<meta name=\"twitter:label1\" content=\"Est. reading time\" \/>\n\t<meta name=\"twitter:data1\" content=\"3 minuty\" \/>\n<script type=\"application\/ld+json\" class=\"yoast-schema-graph\">{\"@context\":\"https:\\\/\\\/schema.org\",\"@graph\":[{\"@type\":\"WebPage\",\"@id\":\"https:\\\/\\\/www.telaled.com\\\/fabrica\\\/shelf-led-screen-serie-tcl\\\/\",\"url\":\"https:\\\/\\\/www.telaled.com\\\/fabrica\\\/shelf-led-screen-serie-tcl\\\/\",\"name\":\"Shelf LED Screen S\u00e9rie TCL | Tela LED Personalizada para Varejo | TELALED\",\"isPartOf\":{\"@id\":\"https:\\\/\\\/www.telaled.com\\\/#website\"},\"primaryImageOfPage\":{\"@id\":\"https:\\\/\\\/www.telaled.com\\\/fabrica\\\/shelf-led-screen-serie-tcl\\\/#primaryimage\"},\"image\":{\"@id\":\"https:\\\/\\\/www.telaled.com\\\/fabrica\\\/shelf-led-screen-serie-tcl\\\/#primaryimage\"},\"thumbnailUrl\":\"https:\\\/\\\/www.telaled.com\\\/wp-content\\\/uploads\\\/2025\\\/09\\\/Shelf-LED-Screen-Serie-TCL.webp\",\"datePublished\":\"2025-09-17T01:29:01+00:00\",\"dateModified\":\"2026-01-06T02:20:16+00:00\",\"description\":\"Nossa Shelf LED Screen S\u00e9rie TCL oferece altern\u00e2ncia inovadora entre horizontal e vertical, design fino e pixel pitch personaliz\u00e1vel. Perfeita para prateleiras de varejo e solu\u00e7\u00f5es de display inteligente. Entre em contato para obter pre\u00e7os de atacado.\",\"breadcrumb\":{\"@id\":\"https:\\\/\\\/www.telaled.com\\\/fabrica\\\/shelf-led-screen-serie-tcl\\\/#breadcrumb\"},\"inLanguage\":\"cs\",\"potentialAction\":[{\"@type\":\"ReadAction\",\"target\":[\"https:\\\/\\\/www.telaled.com\\\/fabrica\\\/shelf-led-screen-serie-tcl\\\/\"]}]},{\"@type\":\"ImageObject\",\"inLanguage\":\"cs\",\"@id\":\"https:\\\/\\\/www.telaled.com\\\/fabrica\\\/shelf-led-screen-serie-tcl\\\/#primaryimage\",\"url\":\"https:\\\/\\\/www.telaled.com\\\/wp-content\\\/uploads\\\/2025\\\/09\\\/Shelf-LED-Screen-Serie-TCL.webp\",\"contentUrl\":\"https:\\\/\\\/www.telaled.com\\\/wp-content\\\/uploads\\\/2025\\\/09\\\/Shelf-LED-Screen-Serie-TCL.webp\",\"width\":500,\"height\":500,\"caption\":\"Shelf-LED-Screen-S\u00e9rie-TCL\"},{\"@type\":\"BreadcrumbList\",\"@id\":\"https:\\\/\\\/www.telaled.com\\\/fabrica\\\/shelf-led-screen-serie-tcl\\\/#breadcrumb\",\"itemListElement\":[{\"@type\":\"ListItem\",\"position\":1,\"name\":\"Home\",\"item\":\"https:\\\/\\\/www.telaled.com\\\/\"},{\"@type\":\"ListItem\",\"position\":2,\"name\":\"Produtos\",\"item\":\"https:\\\/\\\/www.telaled.com\\\/shop\\\/\"},{\"@type\":\"ListItem\",\"position\":3,\"name\":\"Shelf LED Screen S\u00e9rie TCL\"}]},{\"@type\":\"WebSite\",\"@id\":\"https:\\\/\\\/www.telaled.com\\\/#website\",\"url\":\"https:\\\/\\\/www.telaled.com\\\/\",\"name\":\"TELALED\",\"description\":\"\",\"potentialAction\":[{\"@type\":\"SearchAction\",\"target\":{\"@type\":\"EntryPoint\",\"urlTemplate\":\"https:\\\/\\\/www.telaled.com\\\/?s={search_term_string}\"},\"query-input\":{\"@type\":\"PropertyValueSpecification\",\"valueRequired\":true,\"valueName\":\"search_term_string\"}}],\"inLanguage\":\"cs\"}]}<\/script>\n<!-- \/ Yoast SEO plugin. -->","yoast_head_json":{"title":"LED displej pro police \u0159ady TCL | LED displej na m\u00edru pro maloobchod | TELALED","description":"Na\u0161e LED obrazovka do reg\u00e1l\u016f \u0159ady TCL nab\u00edz\u00ed inovativn\u00ed horizont\u00e1ln\u00ed a vertik\u00e1ln\u00ed p\u0159ep\u00edn\u00e1n\u00ed, \u0161t\u00edhl\u00fd design a p\u0159izp\u016fsobitelnou rozte\u010d pixel\u016f. Ide\u00e1ln\u00ed pro maloobchodn\u00ed reg\u00e1ly a chytr\u00e1 zobrazovac\u00ed \u0159e\u0161en\u00ed. Kontaktujte n\u00e1s pro velkoobchodn\u00ed ceny.","robots":{"index":"index","follow":"follow","max-snippet":"max-snippet:-1","max-image-preview":"max-image-preview:large","max-video-preview":"max-video-preview:-1"},"canonical":"https:\/\/www.telaled.com\/cs\/fabrica\/shelf-led-screen-serie-tcl\/","og_locale":"cs_CZ","og_type":"article","og_title":"Shelf LED Screen S\u00e9rie TCL | Tela LED Personalizada para Varejo | TELALED","og_description":"Nossa Shelf LED Screen S\u00e9rie TCL oferece altern\u00e2ncia inovadora entre horizontal e vertical, design fino e pixel pitch personaliz\u00e1vel. Perfeita para prateleiras de varejo e solu\u00e7\u00f5es de display inteligente. Entre em contato para obter pre\u00e7os de atacado.","og_url":"https:\/\/www.telaled.com\/cs\/fabrica\/shelf-led-screen-serie-tcl\/","og_site_name":"TELALED","article_modified_time":"2026-01-06T02:20:16+00:00","og_image":[{"width":500,"height":500,"url":"https:\/\/www.telaled.com\/wp-content\/uploads\/2025\/09\/Shelf-LED-Screen-Serie-TCL.webp","type":"image\/webp"}],"twitter_card":"summary_large_image","twitter_misc":{"Est. reading time":"3 minuty"},"schema":{"@context":"https:\/\/schema.org","@graph":[{"@type":"WebPage","@id":"https:\/\/www.telaled.com\/fabrica\/shelf-led-screen-serie-tcl\/","url":"https:\/\/www.telaled.com\/fabrica\/shelf-led-screen-serie-tcl\/","name":"LED displej pro police \u0159ady TCL | LED displej na m\u00edru pro maloobchod | TELALED","isPartOf":{"@id":"https:\/\/www.telaled.com\/#website"},"primaryImageOfPage":{"@id":"https:\/\/www.telaled.com\/fabrica\/shelf-led-screen-serie-tcl\/#primaryimage"},"image":{"@id":"https:\/\/www.telaled.com\/fabrica\/shelf-led-screen-serie-tcl\/#primaryimage"},"thumbnailUrl":"https:\/\/www.telaled.com\/wp-content\/uploads\/2025\/09\/Shelf-LED-Screen-Serie-TCL.webp","datePublished":"2025-09-17T01:29:01+00:00","dateModified":"2026-01-06T02:20:16+00:00","description":"Na\u0161e LED obrazovka do reg\u00e1l\u016f \u0159ady TCL nab\u00edz\u00ed inovativn\u00ed horizont\u00e1ln\u00ed a vertik\u00e1ln\u00ed p\u0159ep\u00edn\u00e1n\u00ed, \u0161t\u00edhl\u00fd design a p\u0159izp\u016fsobitelnou rozte\u010d pixel\u016f. Ide\u00e1ln\u00ed pro maloobchodn\u00ed reg\u00e1ly a chytr\u00e1 zobrazovac\u00ed \u0159e\u0161en\u00ed. Kontaktujte n\u00e1s pro velkoobchodn\u00ed ceny.","breadcrumb":{"@id":"https:\/\/www.telaled.com\/fabrica\/shelf-led-screen-serie-tcl\/#breadcrumb"},"inLanguage":"cs","potentialAction":[{"@type":"ReadAction","target":["https:\/\/www.telaled.com\/fabrica\/shelf-led-screen-serie-tcl\/"]}]},{"@type":"ImageObject","inLanguage":"cs","@id":"https:\/\/www.telaled.com\/fabrica\/shelf-led-screen-serie-tcl\/#primaryimage","url":"https:\/\/www.telaled.com\/wp-content\/uploads\/2025\/09\/Shelf-LED-Screen-Serie-TCL.webp","contentUrl":"https:\/\/www.telaled.com\/wp-content\/uploads\/2025\/09\/Shelf-LED-Screen-Serie-TCL.webp","width":500,"height":500,"caption":"Shelf-LED-Screen-S\u00e9rie-TCL"},{"@type":"BreadcrumbList","@id":"https:\/\/www.telaled.com\/fabrica\/shelf-led-screen-serie-tcl\/#breadcrumb","itemListElement":[{"@type":"ListItem","position":1,"name":"Home","item":"https:\/\/www.telaled.com\/"},{"@type":"ListItem","position":2,"name":"Produtos","item":"https:\/\/www.telaled.com\/shop\/"},{"@type":"ListItem","position":3,"name":"Shelf LED Screen S\u00e9rie TCL"}]},{"@type":"WebSite","@id":"https:\/\/www.telaled.com\/#website","url":"https:\/\/www.telaled.com\/","name":"LED obrazovka","description":"","potentialAction":[{"@type":"SearchAction","target":{"@type":"EntryPoint","urlTemplate":"https:\/\/www.telaled.com\/?s={search_term_string}"},"query-input":{"@type":"PropertyValueSpecification","valueRequired":true,"valueName":"search_term_string"}}],"inLanguage":"cs"}]}},"_links":{"self":[{"href":"https:\/\/www.telaled.com\/cs\/wp-json\/wp\/v2\/product\/3349","targetHints":{"allow":["GET"]}}],"collection":[{"href":"https:\/\/www.telaled.com\/cs\/wp-json\/wp\/v2\/product"}],"about":[{"href":"https:\/\/www.telaled.com\/cs\/wp-json\/wp\/v2\/types\/product"}],"wp:featuredmedia":[{"embeddable":true,"href":"https:\/\/www.telaled.com\/cs\/wp-json\/wp\/v2\/media\/3350"}],"wp:attachment":[{"href":"https:\/\/www.telaled.com\/cs\/wp-json\/wp\/v2\/media?parent=3349"}],"wp:term":[{"taxonomy":"product_brand","embeddable":true,"href":"https:\/\/www.telaled.com\/cs\/wp-json\/wp\/v2\/product_brand?post=3349"},{"taxonomy":"product_cat","embeddable":true,"href":"https:\/\/www.telaled.com\/cs\/wp-json\/wp\/v2\/product_cat?post=3349"},{"taxonomy":"product_tag","embeddable":true,"href":"https:\/\/www.telaled.com\/cs\/wp-json\/wp\/v2\/product_tag?post=3349"}],"curies":[{"name":"wp","href":"https:\/\/api.w.org\/{rel}","templated":true}]}}