{"id":3333,"date":"2025-09-16T00:44:04","date_gmt":"2025-09-16T00:44:04","guid":{"rendered":"https:\/\/www.telaled.com\/?post_type=product&#038;p=3333"},"modified":"2026-01-06T02:02:17","modified_gmt":"2026-01-06T02:02:17","slug":"painel-de-led-para-taxi-serie-tck","status":"publish","type":"product","link":"https:\/\/www.telaled.com\/cs\/fabrica\/painel-de-led-para-taxi-serie-tck\/","title":{"rendered":"LED panel pro taxi \u0159ady TCK"},"content":{"rendered":"<div class=\"row\"  id=\"row-419795661\">\n\n\t<div id=\"col-1401262991\" class=\"col small-12 large-12\"  >\n\t\t\t\t<div class=\"col-inner\"  >\n\t\t\t\n\t\t\t\n<h2>Exkluzivn\u00ed v\u00fdhody LED displeje na plechovky coly \u0159ady TCJ<\/h2>\n<h3><strong>Vynikaj\u00edc\u00ed odolnost<\/strong><\/h3>\n<ul>\n<li>Vyrobeno s vysoce p\u0159esnou konstrukc\u00ed sk\u0159\u00edn\u011b.<\/li>\n<li>Poskytuje vynikaj\u00edc\u00ed pevnost a stabilitu.<\/li>\n<li>Navr\u017eeno s efektivn\u00edm odvodem tepla pro dlouhodobou spolehlivost.<\/li>\n<\/ul>\n<h3><strong>V\u00fdjime\u010dn\u00e1 vizu\u00e1ln\u00ed kvalita<\/strong><\/h3>\n<ul>\n<li>Vysok\u00e1 viditelnost v ru\u0161n\u00e9m m\u011bstsk\u00e9m prost\u0159ed\u00ed.<\/li>\n<li>Pokro\u010dil\u00e1 antireflexn\u00ed vrstva, kter\u00e1 sni\u017euje odraz sv\u011btla.<\/li>\n<li>Obsah z\u016fst\u00e1v\u00e1 v\u017edy jasn\u00fd a \u010diteln\u00fd.<\/li>\n<\/ul>\n<h3><strong>Kompletn\u00ed p\u0159izp\u016fsobivost<\/strong><\/h3>\n<ul>\n<li>Flexibiln\u00ed mont\u00e1\u017en\u00ed konzole pro r\u016fzn\u00e1 vozidla.<\/li>\n<li>Odn\u00edmateln\u00fd ochrann\u00fd kryt usnad\u0148uje \u00fadr\u017ebu.<\/li>\n<li>Vhodn\u00e9 pro mobiln\u00ed reklamy, propaga\u010dn\u00ed akce a ve\u0159ejn\u00e9 prezentace.<\/li>\n<\/ul>\n<h3><strong>Komplexn\u00ed podpora<\/strong><\/h3>\n<ul>\n<li>Nonstop vzd\u00e1len\u00e1 technick\u00e1 podpora: Z\u00edskejte p\u0159\u00edstup k odborn\u00e9 pomoci kdykoli a kdekoli.<\/li>\n<li>5% n\u00e1hradn\u00edch d\u00edl\u016f v cen\u011b: Ka\u017ed\u00e1 objedn\u00e1vka obsahuje dal\u0161\u00ed komponenty pro zv\u00fd\u0161en\u00ed spolehlivosti a zaji\u0161t\u011bn\u00ed klidu.<\/li>\n<li>3let\u00e1 prodlou\u017een\u00e1 z\u00e1ruka: Vyu\u017eijte dlouhodobou konvergenci pro lep\u0161\u00ed v\u00fdkon a spolehliv\u00fd servis.<\/li>\n<\/ul>\n<h2>Detaily produktu<\/h2>\n<div class=\"row\"  id=\"row-2115432261\">\n\n\t<div id=\"col-959092692\" class=\"col medium-10 small-12 large-10\"  >\n\t\t\t\t<div class=\"col-inner text-left\"  >\n\t\t\t\n\t\t\t\n<ul>\n<li>LED panel pro taxi \u0159ady TCK je navr\u017een tak, aby ud\u011blal dojem. S hmotnost\u00ed pouh\u00fdch 18 a\u017e 25 kg na kus je \u0161t\u00edhl\u00fd, lehk\u00fd a snadno se instaluje do jak\u00e9hokoli vozidla. Displej o rozm\u011brech 960 x 320 mm zobrazuje obsah s vysokou viditelnost\u00ed a z\u00e1rove\u0148 si zachov\u00e1v\u00e1 odolnost pot\u0159ebnou pro nep\u0159etr\u017eit\u00e9 pou\u017e\u00edv\u00e1n\u00ed ve venkovn\u00edm prost\u0159ed\u00ed. Nen\u00ed to jen hardware, ale \u0161k\u00e1lovateln\u00e1 platforma pro mobiln\u00ed reklamu navr\u017een\u00e1 tak, aby generovala p\u0159\u00edjmy, a\u0165 jste kdekoli.<\/li>\n<\/ul>\n\t<div class=\"img has-hover x md-x lg-x y md-y lg-y\" id=\"image_979419140\">\n\t\t\t\t\t\t\t\t<div class=\"img-inner dark\" >\n\t\t\t<img loading=\"lazy\" decoding=\"async\" width=\"640\" height=\"430\" src=\"https:\/\/www.telaled.com\/wp-content\/uploads\/2025\/09\/Fino-e-leve.webp\" class=\"attachment-original size-original\" alt=\"Tenk\u00fd a lehk\u00fd\" srcset=\"https:\/\/www.telaled.com\/wp-content\/uploads\/2025\/09\/Fino-e-leve.webp 640w, https:\/\/www.telaled.com\/wp-content\/uploads\/2025\/09\/Fino-e-leve-300x202.webp 300w, https:\/\/www.telaled.com\/wp-content\/uploads\/2025\/09\/Fino-e-leve-18x12.webp 18w, https:\/\/www.telaled.com\/wp-content\/uploads\/2025\/09\/Fino-e-leve-600x403.webp 600w\" sizes=\"auto, (max-width: 640px) 100vw, 640px\" \/>\t\t\t\t\t\t\n\t\t\t\t\t<\/div>\n\t\t\t\t\t\t\t\t\n<style>\n#image_979419140 {\n  width: 95%;\n}\n<\/style>\n\t<\/div>\n\t\n<ul>\n<li>Geografick\u00e9 c\u00edlen\u00ed prom\u011bn\u00ed ka\u017edou cestu v n\u00e1stroj precizn\u00edho marketingu. Na\u0161e LED displeje pro taxi vyu\u017e\u00edvaj\u00ed geofencing k identifikaci publika v definovan\u00e9m okruhu a k p\u0159izp\u016fsoben\u00ed obsahu na z\u00e1klad\u011b lokality. To znamen\u00e1, \u017ee reklamy oslov\u00ed spr\u00e1vn\u00e9 lidi, na spr\u00e1vn\u00e9m m\u00edst\u011b a ve spr\u00e1vn\u00fd \u010das.<\/li>\n<\/ul>\n\t\t<\/div>\n\t\t\t\t\t<\/div>\n\n\t\n\n\t<div id=\"col-1366923156\" class=\"col medium-10 small-12 large-10\"  >\n\t\t\t\t<div class=\"col-inner text-left\"  >\n\t\t\t\n\t\t\t\n\t<div class=\"img has-hover x md-x lg-x y md-y lg-y\" id=\"image_926403659\">\n\t\t\t\t\t\t\t\t<div class=\"img-inner dark\" >\n\t\t\t<img loading=\"lazy\" decoding=\"async\" width=\"887\" height=\"600\" src=\"https:\/\/www.telaled.com\/wp-content\/uploads\/2025\/09\/A-segmentacao-geografica-precisa-gera-taxas-de-conversao-e-vendas-sem-precedentes.jpg\" class=\"attachment-large size-large\" alt=\"\" srcset=\"https:\/\/www.telaled.com\/wp-content\/uploads\/2025\/09\/A-segmentacao-geografica-precisa-gera-taxas-de-conversao-e-vendas-sem-precedentes.jpg 887w, https:\/\/www.telaled.com\/wp-content\/uploads\/2025\/09\/A-segmentacao-geografica-precisa-gera-taxas-de-conversao-e-vendas-sem-precedentes-300x203.jpg 300w, https:\/\/www.telaled.com\/wp-content\/uploads\/2025\/09\/A-segmentacao-geografica-precisa-gera-taxas-de-conversao-e-vendas-sem-precedentes-768x520.jpg 768w, https:\/\/www.telaled.com\/wp-content\/uploads\/2025\/09\/A-segmentacao-geografica-precisa-gera-taxas-de-conversao-e-vendas-sem-precedentes-18x12.jpg 18w, https:\/\/www.telaled.com\/wp-content\/uploads\/2025\/09\/A-segmentacao-geografica-precisa-gera-taxas-de-conversao-e-vendas-sem-precedentes-600x406.jpg 600w\" sizes=\"auto, (max-width: 887px) 100vw, 887px\" \/>\t\t\t\t\t\t\n\t\t\t\t\t<\/div>\n\t\t\t\t\t\t\t\t\n<style>\n#image_926403659 {\n  width: 95%;\n}\n<\/style>\n\t<\/div>\n\t\n<ul>\n<li>Na\u0161e LED obrazovky Taxi Top jsou vyrobeny s ochranou IP67 a jsou navr\u017eeny tak, aby bez probl\u00e9m\u016f odolaly prachu, siln\u00e9mu de\u0161ti, sn\u011bhu a drsn\u00fdm venkovn\u00edm podm\u00ednk\u00e1m. Obrazovka z\u016fst\u00e1v\u00e1 stabiln\u00ed a spolehliv\u00e1 za ka\u017ed\u00e9ho po\u010das\u00ed, tak\u017ee je ide\u00e1ln\u00ed pro nep\u0159etr\u017eitou venkovn\u00ed reklamu. Speci\u00e1ln\u00ed antireflexn\u00ed vrstva sni\u017euje odrazy sv\u011btla, tak\u017ee v\u00e1\u0161 obsah je pro \u00fa\u010dastn\u00edky silni\u010dn\u00edho provozu neust\u00e1le ostr\u00fd a viditeln\u00fd.<\/li>\n<\/ul>\n\t<div class=\"img has-hover x md-x lg-x y md-y lg-y\" id=\"image_1186523755\">\n\t\t\t\t\t\t\t\t<div class=\"img-inner dark\" >\n\t\t\t<img loading=\"lazy\" decoding=\"async\" width=\"580\" height=\"430\" src=\"https:\/\/www.telaled.com\/wp-content\/uploads\/2025\/09\/Duravel-e-a-prova-dagua.webp\" class=\"attachment-large size-large\" alt=\"\" srcset=\"https:\/\/www.telaled.com\/wp-content\/uploads\/2025\/09\/Duravel-e-a-prova-dagua.webp 580w, https:\/\/www.telaled.com\/wp-content\/uploads\/2025\/09\/Duravel-e-a-prova-dagua-300x222.webp 300w, https:\/\/www.telaled.com\/wp-content\/uploads\/2025\/09\/Duravel-e-a-prova-dagua-16x12.webp 16w\" sizes=\"auto, (max-width: 580px) 100vw, 580px\" \/>\t\t\t\t\t\t\n\t\t\t\t\t<\/div>\n\t\t\t\t\t\t\t\t\n<style>\n#image_1186523755 {\n  width: 95%;\n}\n<\/style>\n\t<\/div>\n\t\n\t\t<\/div>\n\t\t\t\t\t<\/div>\n\n\t\n\n\t<div id=\"col-429149005\" class=\"col medium-10 small-12 large-10\"  >\n\t\t\t\t<div class=\"col-inner text-left\"  >\n\t\t\t\n\t\t\t\n<ul>\n<li>LED obrazovka Taxi Top je vyrobena z celohlin\u00edkov\u00e9ho t\u011bla, kter\u00e9 zaji\u0161\u0165uje vynikaj\u00edc\u00ed odvod tepla a stabiln\u00ed v\u00fdkon 24 hodin denn\u011b. Tato robustn\u00ed konstrukce prodlu\u017euje \u017eivotnost, sni\u017euje n\u00e1klady na \u00fadr\u017ebu a zaji\u0161\u0165uje spolehlivost za ka\u017ed\u00e9ho po\u010das\u00ed.<\/li>\n<\/ul>\n\t<div class=\"img has-hover x md-x lg-x y md-y lg-y\" id=\"image_475388197\">\n\t\t\t\t\t\t\t\t<div class=\"img-inner dark\" >\n\t\t\t<img loading=\"lazy\" decoding=\"async\" width=\"908\" height=\"400\" src=\"https:\/\/www.telaled.com\/wp-content\/uploads\/2025\/09\/Dissipacao-de-calor-superior.webp\" class=\"attachment-large size-large\" alt=\"Vynikaj\u00edc\u00ed odvod tepla\" srcset=\"https:\/\/www.telaled.com\/wp-content\/uploads\/2025\/09\/Dissipacao-de-calor-superior.webp 908w, https:\/\/www.telaled.com\/wp-content\/uploads\/2025\/09\/Dissipacao-de-calor-superior-300x132.webp 300w, https:\/\/www.telaled.com\/wp-content\/uploads\/2025\/09\/Dissipacao-de-calor-superior-768x338.webp 768w, https:\/\/www.telaled.com\/wp-content\/uploads\/2025\/09\/Dissipacao-de-calor-superior-18x8.webp 18w, https:\/\/www.telaled.com\/wp-content\/uploads\/2025\/09\/Dissipacao-de-calor-superior-600x264.webp 600w\" sizes=\"auto, (max-width: 908px) 100vw, 908px\" \/>\t\t\t\t\t\t\n\t\t\t\t\t<\/div>\n\t\t\t\t\t\t\t\t\n<style>\n#image_475388197 {\n  width: 95%;\n}\n<\/style>\n\t<\/div>\n\t\n<ul>\n<li>N\u00e1\u0161 LED displej pro taxi je navr\u017een pro snadnou instalaci. Nastaviteln\u00e9 dr\u017e\u00e1ky pasuj\u00ed na \u0161irokou \u0161k\u00e1lu vozidel a r\u016fzn\u00e9 mo\u017enosti instalace zaji\u0161\u0165uj\u00ed kompatibilitu. Ochrann\u00fd kryt lze sejmout b\u011bhem n\u011bkolika sekund, co\u017e zjednodu\u0161uje \u00fadr\u017ebu a udr\u017euje jednotku p\u0159ipravenou k nep\u0159etr\u017eit\u00e9mu pou\u017e\u00edv\u00e1n\u00ed.<\/li>\n<\/ul>\n\t<div class=\"img has-hover x md-x lg-x y md-y lg-y\" id=\"image_1878474718\">\n\t\t\t\t\t\t\t\t<div class=\"img-inner dark\" >\n\t\t\t<img loading=\"lazy\" decoding=\"async\" width=\"1020\" height=\"477\" src=\"https:\/\/www.telaled.com\/wp-content\/uploads\/2025\/09\/Facil-instalacao-1024x479.jpg\" class=\"attachment-large size-large\" alt=\"Snadn\u00e1 instalace\" srcset=\"https:\/\/www.telaled.com\/wp-content\/uploads\/2025\/09\/Facil-instalacao-1024x479.jpg 1024w, https:\/\/www.telaled.com\/wp-content\/uploads\/2025\/09\/Facil-instalacao-300x140.jpg 300w, https:\/\/www.telaled.com\/wp-content\/uploads\/2025\/09\/Facil-instalacao-768x360.jpg 768w, https:\/\/www.telaled.com\/wp-content\/uploads\/2025\/09\/Facil-instalacao-18x8.jpg 18w, https:\/\/www.telaled.com\/wp-content\/uploads\/2025\/09\/Facil-instalacao-600x281.jpg 600w, https:\/\/www.telaled.com\/wp-content\/uploads\/2025\/09\/Facil-instalacao.jpg 1068w\" sizes=\"auto, (max-width: 1020px) 100vw, 1020px\" \/>\t\t\t\t\t\t\n\t\t\t\t\t<\/div>\n\t\t\t\t\t\t\t\t\n<style>\n#image_1878474718 {\n  width: 95%;\n}\n<\/style>\n\t<\/div>\n\t\n<ul>\n<li>Na\u0161e LED displeje \u0159ady TCJ jsou baleny v zes\u00edlen\u00fdch d\u0159ev\u011bn\u00fdch bedn\u00e1ch, kter\u00e9 je chr\u00e1n\u00ed b\u011bhem p\u0159epravy. Ka\u017ed\u00e1 jednotka je bezpe\u010dn\u011b zabalena, aby se zabr\u00e1nilo po\u0161kozen\u00ed \u0161k\u016fdci, n\u00e1razy a dal\u0161\u00edmi nebezpe\u010d\u00edmi. To zaji\u0161\u0165uje odolnost a bezpe\u010dn\u00e9 doru\u010den\u00ed.<\/li>\n<\/ul>\n\t<div class=\"img has-hover x md-x lg-x y md-y lg-y\" id=\"image_1502416593\">\n\t\t\t\t\t\t\t\t<div class=\"img-inner dark\" >\n\t\t\t<img loading=\"lazy\" decoding=\"async\" width=\"760\" height=\"1024\" src=\"https:\/\/www.telaled.com\/wp-content\/uploads\/2025\/08\/36123f2c-de60-488d-af81-255cd4aee54a-760x1024.webp\" class=\"attachment-large size-large\" alt=\"\" srcset=\"https:\/\/www.telaled.com\/wp-content\/uploads\/2025\/08\/36123f2c-de60-488d-af81-255cd4aee54a-760x1024.webp 760w, https:\/\/www.telaled.com\/wp-content\/uploads\/2025\/08\/36123f2c-de60-488d-af81-255cd4aee54a-223x300.webp 223w, https:\/\/www.telaled.com\/wp-content\/uploads\/2025\/08\/36123f2c-de60-488d-af81-255cd4aee54a-768x1035.webp 768w, https:\/\/www.telaled.com\/wp-content\/uploads\/2025\/08\/36123f2c-de60-488d-af81-255cd4aee54a-9x12.webp 9w, https:\/\/www.telaled.com\/wp-content\/uploads\/2025\/08\/36123f2c-de60-488d-af81-255cd4aee54a-600x808.webp 600w, https:\/\/www.telaled.com\/wp-content\/uploads\/2025\/08\/36123f2c-de60-488d-af81-255cd4aee54a.webp 795w\" sizes=\"auto, (max-width: 760px) 100vw, 760px\" \/>\t\t\t\t\t\t\n\t\t\t\t\t<\/div>\n\t\t\t\t\t\t\t\t\n<style>\n#image_1502416593 {\n  width: 95%;\n}\n<\/style>\n\t<\/div>\n\t\n\n<table id=\"tablepress-78\" class=\"tablepress tablepress-id-78\">\n<thead>\n<tr class=\"row-1\">\n\t<th class=\"column-1\">Polo\u017eka<\/th><th class=\"column-2\">2,5 TK<\/th><th class=\"column-3\">3TCK<\/th><th class=\"column-4\">4TCK<\/th><th class=\"column-5\">5TCK<\/th>\n<\/tr>\n<\/thead>\n<tbody class=\"row-striping row-hover\">\n<tr class=\"row-2\">\n\t<td class=\"column-1\">Vzd\u00e1lenost mezi pixely<\/td><td class=\"column-2\">2,5 mm<\/td><td class=\"column-3\">3mm<\/td><td class=\"column-4\">3mm<\/td><td class=\"column-5\">5mm<\/td>\n<\/tr>\n<tr class=\"row-3\">\n\t<td class=\"column-1\">Velikost sk\u0159\u00edn\u011b<\/td><td class=\"column-2\">960 mm \u00d7 320 mm<\/td><td class=\"column-3\">960 mm \u00d7 320 mm<\/td><td class=\"column-4\">960 mm \u00d7 320 mm<\/td><td class=\"column-5\">960 mm \u00d7 320 mm<\/td>\n<\/tr>\n<tr class=\"row-4\">\n\t<td class=\"column-1\">Velikost modulu<\/td><td class=\"column-2\">320 mm \u00d7 160 mm<\/td><td class=\"column-3\">320 mm \u00d7 160 mm<\/td><td class=\"column-4\">320 mm \u00d7 160 mm<\/td><td class=\"column-5\">320 mm \u00d7 160 mm<\/td>\n<\/tr>\n<tr class=\"row-5\">\n\t<td class=\"column-1\">Hmotnost obrazovky<\/td><td class=\"column-2\">20 kg\/ks<\/td><td class=\"column-3\">20 kg\/ks<\/td><td class=\"column-4\">20 kg\/ks<\/td><td class=\"column-5\">20 kg\/ks<\/td>\n<\/tr>\n<tr class=\"row-6\">\n\t<td class=\"column-1\">Usnesen\u00ed kabinetu<\/td><td class=\"column-2\">384 x 128 bod\u016f<\/td><td class=\"column-3\">312 x 104 bod\u016f<\/td><td class=\"column-4\">240 x 80 bod\u016f<\/td><td class=\"column-5\">192 x 64 bod\u016f<\/td>\n<\/tr>\n<tr class=\"row-7\">\n\t<td class=\"column-1\">Maxim\u00e1ln\u00ed spot\u0159eba energie<\/td><td class=\"column-2\">450 W\/m2<\/td><td class=\"column-3\">450 W\/m2<\/td><td class=\"column-4\">450 W\/m2<\/td><td class=\"column-5\">450 W\/m2<\/td>\n<\/tr>\n<tr class=\"row-8\">\n\t<td class=\"column-1\">Lesk<\/td><td class=\"column-2\">4 500 cd\/m\u00b2<\/td><td class=\"column-3\">4 500 cd\/m\u00b2<\/td><td class=\"column-4\">5 000 cd\/m\u00b2<\/td><td class=\"column-5\">5 000 cd\/m\u00b2<\/td>\n<\/tr>\n<tr class=\"row-9\">\n\t<td class=\"column-1\">Obnovovac\u00ed frekvence<\/td><td class=\"column-2\">3840 Hz<\/td><td class=\"column-3\">1 920 Hz<\/td><td class=\"column-4\">!CHYBA! array_merge(): Argument #1 mus\u00ed b\u00fdt typu pole, zad\u00e1no cel\u00e9 \u010d\u00edslo<\/td><td class=\"column-5\">!CHYBA! array_merge(): Argument #1 mus\u00ed b\u00fdt typu pole, zad\u00e1no cel\u00e9 \u010d\u00edslo<\/td>\n<\/tr>\n<tr class=\"row-10\">\n\t<td class=\"column-1\">Pozn\u00e1mka: Mezi r\u016fzn\u00fdmi objedn\u00e1vkami nebo d\u00e1vkami se li\u0161\u00ed hmotnost, jas, v\u00fdkon a obnovovac\u00ed frekvence.<\/td><td class=\"column-2\"><\/td><td class=\"column-3\"><\/td><td class=\"column-4\"><\/td><td class=\"column-5\"><\/td>\n<\/tr>\n<\/tbody>\n<\/table>\n\n\t\t<\/div>\n\t\t\t\t\t<\/div>\n\n\t\n<\/div>\n\t\t<\/div>\n\t\t\t\t\t<\/div>\n\n\t\n<\/div>","protected":false},"excerpt":{"rendered":"<p><strong>LED displej \u0159ady TCJ m\u016f\u017ee formovat v\u00e1lcovou LED obrazovku<\/strong><\/p>\n<p>Navr\u017eeno pro v\u00fdrobu va\u0161eho produktu v realistick\u00e9m form\u00e1tu plechovky, co\u017e z n\u011bj \u010din\u00ed atraktivn\u00ed \u0159e\u0161en\u00ed pro restaurace, <a href=\"https:\/\/www.telaled.com\/cs\/painel-de-led-para-loja\/\">obchody<\/a> n\u00e1poj\u016f, zna\u010dek a <a href=\"https:\/\/www.telaled.com\/cs\/painel-de-led-para-eventos\/\">ud\u00e1losti<\/a> Reklamn\u00ed displeje. Tento displej s pr\u016fm\u011brem 713 mm a v\u00fd\u0161kou 1270 mm kombinuje kreativitu, flexibilitu a vysok\u00fd rozli\u0161en\u00ed.<\/p>\n<p><strong>Hlavn\u00ed vlastnosti:<\/strong><\/p>\n<ul>\n<li><strong>Realistick\u00fd design ve form\u00e1tu plechovky:<\/strong> P\u0159esn\u011b replikuje produkt pro siln\u00fd dopad na zna\u010dku.<\/li>\n<li><strong>Obrazovka s vysok\u00fdm rozli\u0161en\u00edm:<\/strong> A <a href=\"https:\/\/www.telaled.com\/cs\/densidade-de-pixels-em-telas-de-led-e-lcd\/\">hustota pixel\u016f<\/a> Rozli\u0161en\u00ed 1120 x 560 zaji\u0161\u0165uje ostr\u00fd a \u017eiv\u00fd obraz.<\/li>\n<li><strong>Kreativn\u00ed a flexibiln\u00ed vyu\u017eit\u00ed:<\/strong> Hod\u00ed se pro \u0161irokou \u0161k\u00e1lu aplikac\u00ed, od restaurac\u00ed a\u017e po propagaci n\u00e1poj\u016f.<\/li>\n<li><strong>Rozm\u011bry, kter\u00e9 upoutaj\u00ed pozornost:<\/strong> Velk\u00fd form\u00e1t (pr\u016fm\u011br 713 mm x v\u00fd\u0161ka 1270 mm) p\u0159itahuje pozornost z\u00e1kazn\u00edk\u016f.<\/li>\n<\/ul>\n<p>N\u00e1\u0161 t\u00fdm nab\u00edz\u00ed nep\u0159etr\u017eitou vzd\u00e1lenou podporu a 3letou z\u00e1ruku. Kontaktujte n\u00e1s je\u0161t\u011b dnes a z\u00edskejte individu\u00e1ln\u00ed cenovou nab\u00eddku.<\/p>","protected":false},"featured_media":3334,"template":"","meta":[],"product_brand":[],"product_cat":[48,40,46],"product_tag":[],"class_list":{"0":"post-3333","1":"product","2":"type-product","3":"status-publish","4":"has-post-thumbnail","6":"product_cat-paineis-personalizados","7":"product_cat-painel-de-led","8":"product_cat-painel-de-video","10":"first","11":"instock","12":"shipping-taxable","13":"product-type-simple"},"yoast_head":"<!-- This site is optimized with the Yoast SEO plugin v27.4 - https:\/\/yoast.com\/product\/yoast-seo-wordpress\/ -->\n<title>Painel de LED Para Taxi S\u00e9rie TCK | Painel de LED Personalizado para Teto de T\u00e1xi | TELALED<\/title>\n<meta name=\"description\" content=\"Obtenha telas de LED de alta qualidade para tetos de t\u00e1xi. Tamanhos personalizados; op\u00e7\u00f5es de pixel pitch (P2.5, P3, P4, P5), design dur\u00e1vel e desempenho confi\u00e1vel para publicidade externa.\" \/>\n<meta name=\"robots\" content=\"index, follow, max-snippet:-1, max-image-preview:large, max-video-preview:-1\" \/>\n<link rel=\"canonical\" href=\"https:\/\/www.telaled.com\/cs\/fabrica\/painel-de-led-para-taxi-serie-tck\/\" \/>\n<meta property=\"og:locale\" content=\"cs_CZ\" \/>\n<meta property=\"og:type\" content=\"article\" \/>\n<meta property=\"og:title\" content=\"Painel de LED Para Taxi S\u00e9rie TCK | Painel de LED Personalizado para Teto de T\u00e1xi | TELALED\" \/>\n<meta property=\"og:description\" content=\"Obtenha telas de LED de alta qualidade para tetos de t\u00e1xi. Tamanhos personalizados; op\u00e7\u00f5es de pixel pitch (P2.5, P3, P4, P5), design dur\u00e1vel e desempenho confi\u00e1vel para publicidade externa.\" \/>\n<meta property=\"og:url\" content=\"https:\/\/www.telaled.com\/cs\/fabrica\/painel-de-led-para-taxi-serie-tck\/\" \/>\n<meta property=\"og:site_name\" content=\"TELALED\" \/>\n<meta property=\"article:modified_time\" content=\"2026-01-06T02:02:17+00:00\" \/>\n<meta property=\"og:image\" content=\"https:\/\/www.telaled.com\/wp-content\/uploads\/2025\/09\/Painel-de-LED-Para-Taxi-Serie-TCK.webp\" \/>\n\t<meta property=\"og:image:width\" content=\"500\" \/>\n\t<meta property=\"og:image:height\" content=\"500\" \/>\n\t<meta property=\"og:image:type\" content=\"image\/webp\" \/>\n<meta name=\"twitter:card\" content=\"summary_large_image\" \/>\n<meta name=\"twitter:label1\" content=\"Est. reading time\" \/>\n\t<meta name=\"twitter:data1\" content=\"4 minuty\" \/>\n<script type=\"application\/ld+json\" class=\"yoast-schema-graph\">{\"@context\":\"https:\\\/\\\/schema.org\",\"@graph\":[{\"@type\":\"WebPage\",\"@id\":\"https:\\\/\\\/www.telaled.com\\\/fabrica\\\/painel-de-led-para-taxi-serie-tck\\\/\",\"url\":\"https:\\\/\\\/www.telaled.com\\\/fabrica\\\/painel-de-led-para-taxi-serie-tck\\\/\",\"name\":\"Painel de LED Para Taxi S\u00e9rie TCK | Painel de LED Personalizado para Teto de T\u00e1xi | TELALED\",\"isPartOf\":{\"@id\":\"https:\\\/\\\/www.telaled.com\\\/#website\"},\"primaryImageOfPage\":{\"@id\":\"https:\\\/\\\/www.telaled.com\\\/fabrica\\\/painel-de-led-para-taxi-serie-tck\\\/#primaryimage\"},\"image\":{\"@id\":\"https:\\\/\\\/www.telaled.com\\\/fabrica\\\/painel-de-led-para-taxi-serie-tck\\\/#primaryimage\"},\"thumbnailUrl\":\"https:\\\/\\\/www.telaled.com\\\/wp-content\\\/uploads\\\/2025\\\/09\\\/Painel-de-LED-Para-Taxi-Serie-TCK.webp\",\"datePublished\":\"2025-09-16T00:44:04+00:00\",\"dateModified\":\"2026-01-06T02:02:17+00:00\",\"description\":\"Obtenha telas de LED de alta qualidade para tetos de t\u00e1xi. Tamanhos personalizados; op\u00e7\u00f5es de pixel pitch (P2.5, P3, P4, P5), design dur\u00e1vel e desempenho confi\u00e1vel para publicidade externa.\",\"breadcrumb\":{\"@id\":\"https:\\\/\\\/www.telaled.com\\\/fabrica\\\/painel-de-led-para-taxi-serie-tck\\\/#breadcrumb\"},\"inLanguage\":\"cs\",\"potentialAction\":[{\"@type\":\"ReadAction\",\"target\":[\"https:\\\/\\\/www.telaled.com\\\/fabrica\\\/painel-de-led-para-taxi-serie-tck\\\/\"]}]},{\"@type\":\"ImageObject\",\"inLanguage\":\"cs\",\"@id\":\"https:\\\/\\\/www.telaled.com\\\/fabrica\\\/painel-de-led-para-taxi-serie-tck\\\/#primaryimage\",\"url\":\"https:\\\/\\\/www.telaled.com\\\/wp-content\\\/uploads\\\/2025\\\/09\\\/Painel-de-LED-Para-Taxi-Serie-TCK.webp\",\"contentUrl\":\"https:\\\/\\\/www.telaled.com\\\/wp-content\\\/uploads\\\/2025\\\/09\\\/Painel-de-LED-Para-Taxi-Serie-TCK.webp\",\"width\":500,\"height\":500,\"caption\":\"Painel-de-LED-Para-Taxi-S\u00e9rie-TCK\"},{\"@type\":\"BreadcrumbList\",\"@id\":\"https:\\\/\\\/www.telaled.com\\\/fabrica\\\/painel-de-led-para-taxi-serie-tck\\\/#breadcrumb\",\"itemListElement\":[{\"@type\":\"ListItem\",\"position\":1,\"name\":\"Home\",\"item\":\"https:\\\/\\\/www.telaled.com\\\/\"},{\"@type\":\"ListItem\",\"position\":2,\"name\":\"Produtos\",\"item\":\"https:\\\/\\\/www.telaled.com\\\/shop\\\/\"},{\"@type\":\"ListItem\",\"position\":3,\"name\":\"Painel de LED Para Taxi S\u00e9rie TCK\"}]},{\"@type\":\"WebSite\",\"@id\":\"https:\\\/\\\/www.telaled.com\\\/#website\",\"url\":\"https:\\\/\\\/www.telaled.com\\\/\",\"name\":\"TELALED\",\"description\":\"\",\"potentialAction\":[{\"@type\":\"SearchAction\",\"target\":{\"@type\":\"EntryPoint\",\"urlTemplate\":\"https:\\\/\\\/www.telaled.com\\\/?s={search_term_string}\"},\"query-input\":{\"@type\":\"PropertyValueSpecification\",\"valueRequired\":true,\"valueName\":\"search_term_string\"}}],\"inLanguage\":\"cs\"}]}<\/script>\n<!-- \/ Yoast SEO plugin. -->","yoast_head_json":{"title":"LED panel pro taxi \u0158ada TCK | LED panel na m\u00edru pro stropn\u00ed osv\u011btlen\u00ed taxi | TELALED","description":"Po\u0159i\u010fte si vysoce kvalitn\u00ed LED displeje pro stropy tax\u00edk\u016f. Vlastn\u00ed velikosti; mo\u017enosti rozte\u010de pixel\u016f (P2,5, P3, P4, P5), odoln\u00e1 konstrukce a spolehliv\u00fd v\u00fdkon pro venkovn\u00ed reklamu.","robots":{"index":"index","follow":"follow","max-snippet":"max-snippet:-1","max-image-preview":"max-image-preview:large","max-video-preview":"max-video-preview:-1"},"canonical":"https:\/\/www.telaled.com\/cs\/fabrica\/painel-de-led-para-taxi-serie-tck\/","og_locale":"cs_CZ","og_type":"article","og_title":"Painel de LED Para Taxi S\u00e9rie TCK | Painel de LED Personalizado para Teto de T\u00e1xi | TELALED","og_description":"Obtenha telas de LED de alta qualidade para tetos de t\u00e1xi. Tamanhos personalizados; op\u00e7\u00f5es de pixel pitch (P2.5, P3, P4, P5), design dur\u00e1vel e desempenho confi\u00e1vel para publicidade externa.","og_url":"https:\/\/www.telaled.com\/cs\/fabrica\/painel-de-led-para-taxi-serie-tck\/","og_site_name":"TELALED","article_modified_time":"2026-01-06T02:02:17+00:00","og_image":[{"width":500,"height":500,"url":"https:\/\/www.telaled.com\/wp-content\/uploads\/2025\/09\/Painel-de-LED-Para-Taxi-Serie-TCK.webp","type":"image\/webp"}],"twitter_card":"summary_large_image","twitter_misc":{"Est. reading time":"4 minuty"},"schema":{"@context":"https:\/\/schema.org","@graph":[{"@type":"WebPage","@id":"https:\/\/www.telaled.com\/fabrica\/painel-de-led-para-taxi-serie-tck\/","url":"https:\/\/www.telaled.com\/fabrica\/painel-de-led-para-taxi-serie-tck\/","name":"LED panel pro taxi \u0158ada TCK | LED panel na m\u00edru pro stropn\u00ed osv\u011btlen\u00ed taxi | TELALED","isPartOf":{"@id":"https:\/\/www.telaled.com\/#website"},"primaryImageOfPage":{"@id":"https:\/\/www.telaled.com\/fabrica\/painel-de-led-para-taxi-serie-tck\/#primaryimage"},"image":{"@id":"https:\/\/www.telaled.com\/fabrica\/painel-de-led-para-taxi-serie-tck\/#primaryimage"},"thumbnailUrl":"https:\/\/www.telaled.com\/wp-content\/uploads\/2025\/09\/Painel-de-LED-Para-Taxi-Serie-TCK.webp","datePublished":"2025-09-16T00:44:04+00:00","dateModified":"2026-01-06T02:02:17+00:00","description":"Po\u0159i\u010fte si vysoce kvalitn\u00ed LED displeje pro stropy tax\u00edk\u016f. Vlastn\u00ed velikosti; mo\u017enosti rozte\u010de pixel\u016f (P2,5, P3, P4, P5), odoln\u00e1 konstrukce a spolehliv\u00fd v\u00fdkon pro venkovn\u00ed reklamu.","breadcrumb":{"@id":"https:\/\/www.telaled.com\/fabrica\/painel-de-led-para-taxi-serie-tck\/#breadcrumb"},"inLanguage":"cs","potentialAction":[{"@type":"ReadAction","target":["https:\/\/www.telaled.com\/fabrica\/painel-de-led-para-taxi-serie-tck\/"]}]},{"@type":"ImageObject","inLanguage":"cs","@id":"https:\/\/www.telaled.com\/fabrica\/painel-de-led-para-taxi-serie-tck\/#primaryimage","url":"https:\/\/www.telaled.com\/wp-content\/uploads\/2025\/09\/Painel-de-LED-Para-Taxi-Serie-TCK.webp","contentUrl":"https:\/\/www.telaled.com\/wp-content\/uploads\/2025\/09\/Painel-de-LED-Para-Taxi-Serie-TCK.webp","width":500,"height":500,"caption":"Painel-de-LED-Para-Taxi-S\u00e9rie-TCK"},{"@type":"BreadcrumbList","@id":"https:\/\/www.telaled.com\/fabrica\/painel-de-led-para-taxi-serie-tck\/#breadcrumb","itemListElement":[{"@type":"ListItem","position":1,"name":"Home","item":"https:\/\/www.telaled.com\/"},{"@type":"ListItem","position":2,"name":"Produtos","item":"https:\/\/www.telaled.com\/shop\/"},{"@type":"ListItem","position":3,"name":"Painel de LED Para Taxi S\u00e9rie TCK"}]},{"@type":"WebSite","@id":"https:\/\/www.telaled.com\/#website","url":"https:\/\/www.telaled.com\/","name":"LED obrazovka","description":"","potentialAction":[{"@type":"SearchAction","target":{"@type":"EntryPoint","urlTemplate":"https:\/\/www.telaled.com\/?s={search_term_string}"},"query-input":{"@type":"PropertyValueSpecification","valueRequired":true,"valueName":"search_term_string"}}],"inLanguage":"cs"}]}},"_links":{"self":[{"href":"https:\/\/www.telaled.com\/cs\/wp-json\/wp\/v2\/product\/3333","targetHints":{"allow":["GET"]}}],"collection":[{"href":"https:\/\/www.telaled.com\/cs\/wp-json\/wp\/v2\/product"}],"about":[{"href":"https:\/\/www.telaled.com\/cs\/wp-json\/wp\/v2\/types\/product"}],"wp:featuredmedia":[{"embeddable":true,"href":"https:\/\/www.telaled.com\/cs\/wp-json\/wp\/v2\/media\/3334"}],"wp:attachment":[{"href":"https:\/\/www.telaled.com\/cs\/wp-json\/wp\/v2\/media?parent=3333"}],"wp:term":[{"taxonomy":"product_brand","embeddable":true,"href":"https:\/\/www.telaled.com\/cs\/wp-json\/wp\/v2\/product_brand?post=3333"},{"taxonomy":"product_cat","embeddable":true,"href":"https:\/\/www.telaled.com\/cs\/wp-json\/wp\/v2\/product_cat?post=3333"},{"taxonomy":"product_tag","embeddable":true,"href":"https:\/\/www.telaled.com\/cs\/wp-json\/wp\/v2\/product_tag?post=3333"}],"curies":[{"name":"wp","href":"https:\/\/api.w.org\/{rel}","templated":true}]}}