{"id":3315,"date":"2025-09-15T06:11:40","date_gmt":"2025-09-15T06:11:40","guid":{"rendered":"https:\/\/www.telaled.com\/?post_type=product&#038;p=3315"},"modified":"2026-01-06T01:49:24","modified_gmt":"2026-01-06T01:49:24","slug":"cola-can-led-display-serie-tcj","status":"publish","type":"product","link":"https:\/\/www.telaled.com\/cs\/fabrica\/cola-can-led-display-serie-tcj\/","title":{"rendered":"LED displej na plechovky coly \u0159ady TCJ"},"content":{"rendered":"<div class=\"row\"  id=\"row-574118095\">\n\n\t<div id=\"col-718340812\" class=\"col small-12 large-12\"  >\n\t\t\t\t<div class=\"col-inner\"  >\n\t\t\t\n\t\t\t\n<h2>Exkluzivn\u00ed v\u00fdhody LED displeje na plechovky coly \u0159ady TCJ<\/h2>\n<h3><strong>Vynikaj\u00edc\u00ed odolnost<\/strong><\/h3>\n<ul>\n<li>Vyrobeno s vysoce p\u0159esnou konstrukc\u00ed sk\u0159\u00edn\u011b.<\/li>\n<li>Poskytuje vynikaj\u00edc\u00ed pevnost a stabilitu.<\/li>\n<li>Navr\u017eeno s efektivn\u00edm odvodem tepla pro dlouhodobou spolehlivost.<\/li>\n<\/ul>\n<h3><strong>V\u00fdjime\u010dn\u00e1 vizu\u00e1ln\u00ed kvalita<\/strong><\/h3>\n<ul>\n<li>Hustota pixel\u016f 112 x 560 pro ostr\u00fd obraz.<\/li>\n<li>Velk\u00e1 obrazovka (pr\u016fm\u011br 713 mm x v\u00fd\u0161ka 1270 mm).<\/li>\n<li>Poskytuje \u017eivou, jasnou a realistickou prezentaci produkce.<\/li>\n<\/ul>\n<h3><strong>Kompletn\u00ed p\u0159izp\u016fsobivost<\/strong><\/h3>\n<ul>\n<li>Kreativn\u00ed design ve form\u00e1tu plechovky pro jedine\u010dnou vizu\u00e1ln\u00ed identitu.<\/li>\n<li>Flexibiln\u00ed vyu\u017eit\u00ed v propagaci restaurac\u00ed, n\u00e1poj\u016f a v\u00edna.<\/li>\n<li>Snadno se p\u0159izp\u016fsob\u00ed r\u016fzn\u00fdm prost\u0159ed\u00edm a aplikac\u00edm.<\/li>\n<\/ul>\n<h3><strong>Komplexn\u00ed podpora<\/strong><\/h3>\n<ul>\n<li>Nonstop vzd\u00e1len\u00e1 technick\u00e1 podpora: Z\u00edskejte p\u0159\u00edstup k odborn\u00e9 pomoci kdykoli a kdekoli.<\/li>\n<li>5% n\u00e1hradn\u00edch d\u00edl\u016f v cen\u011b: Ka\u017ed\u00e1 objedn\u00e1vka obsahuje dal\u0161\u00ed komponenty pro zv\u00fd\u0161en\u00ed spolehlivosti a zaji\u0161t\u011bn\u00ed klidu.<\/li>\n<li>3let\u00e1 prodlou\u017een\u00e1 z\u00e1ruka: Vyu\u017eijte dlouhodobou konvergenci pro lep\u0161\u00ed v\u00fdkon a spolehliv\u00fd servis.<\/li>\n<\/ul>\n<h2>Detaily produktu<\/h2>\n<div class=\"row\"  id=\"row-1301772906\">\n\n\t<div id=\"col-1342048046\" class=\"col medium-10 small-12 large-10\"  >\n\t\t\t\t<div class=\"col-inner text-left\"  >\n\t\t\t\n\t\t\t\n<ul>\n<li>N\u00e1\u0161 LED displej na plechovku od coly \u0159ady TCJ p\u0159itahuje pozornost sv\u00fdm v\u00fdrazn\u00fdm v\u00e1lcov\u00fdm designem. Na rozd\u00edl od ploch\u00fdch obrazovek je okam\u017eit\u011b rozpoznateln\u00fd a nelze ho ignorovat, d\u00edky \u010demu\u017e va\u0161e sd\u011blen\u00ed vynikne. <a href=\"https:\/\/www.telaled.com\/cs\/telao-de-led-para-eventos\/\">ud\u00e1losti<\/a>, obchody a sportovn\u00ed are\u00e1ly.<\/li>\n<\/ul>\n\t<div class=\"img has-hover x md-x lg-x y md-y lg-y\" id=\"image_454040413\">\n\t\t\t\t\t\t\t\t<div class=\"img-inner dark\" >\n\t\t\t<img loading=\"lazy\" decoding=\"async\" width=\"640\" height=\"430\" src=\"https:\/\/www.telaled.com\/wp-content\/uploads\/2025\/09\/Aparencia-unica-e-criativa.webp\" class=\"attachment-original size-original\" alt=\"Unik\u00e1tn\u00ed a kreativn\u00ed vzhled\" srcset=\"https:\/\/www.telaled.com\/wp-content\/uploads\/2025\/09\/Aparencia-unica-e-criativa.webp 640w, https:\/\/www.telaled.com\/wp-content\/uploads\/2025\/09\/Aparencia-unica-e-criativa-300x202.webp 300w, https:\/\/www.telaled.com\/wp-content\/uploads\/2025\/09\/Aparencia-unica-e-criativa-18x12.webp 18w, https:\/\/www.telaled.com\/wp-content\/uploads\/2025\/09\/Aparencia-unica-e-criativa-600x403.webp 600w\" sizes=\"auto, (max-width: 640px) 100vw, 640px\" \/>\t\t\t\t\t\t\n\t\t\t\t\t<\/div>\n\t\t\t\t\t\t\t\t\n<style>\n#image_454040413 {\n  width: 95%;\n}\n<\/style>\n\t<\/div>\n\t\n<ul>\n<li>LED displeje na plechovky coly \u0159ady TCJ byly vyvinuty s ohledem na flexibilitu. Jejich modul\u00e1rn\u00ed konstrukce umo\u017e\u0148uje spojov\u00e1n\u00ed a tvarov\u00e1n\u00ed pro p\u0159izp\u016fsoben\u00ed se jak\u00e9mukoli prostoru nebo prost\u0159ed\u00ed. Instalace a \u00fadr\u017eba jsou rychl\u00e9, s rychlou v\u00fdm\u011bnou modul\u016f, co\u017e sni\u017euje n\u00e1klady a prostoje. Tato p\u0159izp\u016fsobivost z nich d\u011bl\u00e1 chytrou volbu pro r\u016fzn\u00e9 aplikace.<\/li>\n<\/ul>\n\t\t<\/div>\n\t\t\t\t\t<\/div>\n\n\t\n\n\t<div id=\"col-1265765168\" class=\"col medium-10 small-12 large-10\"  >\n\t\t\t\t<div class=\"col-inner text-left\"  >\n\t\t\t\n\t\t\t\n\t<div class=\"img has-hover x md-x lg-x y md-y lg-y\" id=\"image_1967243372\">\n\t\t\t\t\t\t\t\t<div class=\"img-inner dark\" >\n\t\t\t<img loading=\"lazy\" decoding=\"async\" width=\"640\" height=\"430\" src=\"https:\/\/www.telaled.com\/wp-content\/uploads\/2025\/09\/Flexibilidade-personalizada-e-instalacao-simples.webp\" class=\"attachment-large size-large\" alt=\"\" srcset=\"https:\/\/www.telaled.com\/wp-content\/uploads\/2025\/09\/Flexibilidade-personalizada-e-instalacao-simples.webp 640w, https:\/\/www.telaled.com\/wp-content\/uploads\/2025\/09\/Flexibilidade-personalizada-e-instalacao-simples-300x202.webp 300w, https:\/\/www.telaled.com\/wp-content\/uploads\/2025\/09\/Flexibilidade-personalizada-e-instalacao-simples-18x12.webp 18w, https:\/\/www.telaled.com\/wp-content\/uploads\/2025\/09\/Flexibilidade-personalizada-e-instalacao-simples-600x403.webp 600w\" sizes=\"auto, (max-width: 640px) 100vw, 640px\" \/>\t\t\t\t\t\t\n\t\t\t\t\t<\/div>\n\t\t\t\t\t\t\t\t\n<style>\n#image_1967243372 {\n  width: 95%;\n}\n<\/style>\n\t<\/div>\n\t\n<ul>\n<li>LED displej na plechovky coly \u0159ady TCJ nab\u00edz\u00ed stabilitu a spolehlivost d\u00edky pokro\u010dil\u00e9 technologii pohonu a pr\u00e9miov\u00fdm LED modul\u016fm. Funguje bezchybn\u011b i p\u0159i n\u00e1ro\u010dn\u00e9m pou\u017e\u00edv\u00e1n\u00ed a nep\u0159\u00edzniv\u00fdch podm\u00ednk\u00e1ch, zat\u00edmco jeho vysok\u00e1 fotoelektrick\u00e1 \u00fa\u010dinnost udr\u017euje... <a href=\"https:\/\/www.telaled.com\/cs\/entendendo-o-consumo-de-energia-painel-de-led-quao-eficientes-sao-os-displays-de-led-modernos\/\">spot\u0159eba energie<\/a> V\u00fdsledkem je odoln\u00fd a cenov\u011b v\u00fdhodn\u00fd upgrade ve srovn\u00e1n\u00ed s tradi\u010dn\u00edmi displeji.<\/li>\n<\/ul>\n\t<div class=\"img has-hover x md-x lg-x y md-y lg-y\" id=\"image_2057170631\">\n\t\t\t\t\t\t\t\t<div class=\"img-inner dark\" >\n\t\t\t<img loading=\"lazy\" decoding=\"async\" width=\"640\" height=\"430\" src=\"https:\/\/www.telaled.com\/wp-content\/uploads\/2025\/09\/Confiavel-e-com-baixo-consumo-de-energia.webp\" class=\"attachment-large size-large\" alt=\"\" srcset=\"https:\/\/www.telaled.com\/wp-content\/uploads\/2025\/09\/Confiavel-e-com-baixo-consumo-de-energia.webp 640w, https:\/\/www.telaled.com\/wp-content\/uploads\/2025\/09\/Confiavel-e-com-baixo-consumo-de-energia-300x202.webp 300w, https:\/\/www.telaled.com\/wp-content\/uploads\/2025\/09\/Confiavel-e-com-baixo-consumo-de-energia-18x12.webp 18w, https:\/\/www.telaled.com\/wp-content\/uploads\/2025\/09\/Confiavel-e-com-baixo-consumo-de-energia-600x403.webp 600w\" sizes=\"auto, (max-width: 640px) 100vw, 640px\" \/>\t\t\t\t\t\t\n\t\t\t\t\t<\/div>\n\t\t\t\t\t\t\t\t\n<style>\n#image_2057170631 {\n  width: 95%;\n}\n<\/style>\n\t<\/div>\n\t\n\t\t<\/div>\n\t\t\t\t\t<\/div>\n\n\t\n\n\t<div id=\"col-19897580\" class=\"col medium-10 small-12 large-10\"  >\n\t\t\t\t<div class=\"col-inner text-left\"  >\n\t\t\t\n\t\t\t\n<ul>\n<li>Na\u0161e LED displeje \u0159ady TCJ jsou baleny v zes\u00edlen\u00fdch d\u0159ev\u011bn\u00fdch bedn\u00e1ch, kter\u00e9 je chr\u00e1n\u00ed b\u011bhem p\u0159epravy. Ka\u017ed\u00e1 jednotka je bezpe\u010dn\u011b zabalena, aby se zabr\u00e1nilo po\u0161kozen\u00ed \u0161k\u016fdci, n\u00e1razy a dal\u0161\u00edmi nebezpe\u010d\u00edmi. To zaji\u0161\u0165uje odolnost a bezpe\u010dn\u00e9 doru\u010den\u00ed.<\/li>\n<\/ul>\n\t<div class=\"img has-hover x md-x lg-x y md-y lg-y\" id=\"image_840590295\">\n\t\t\t\t\t\t\t\t<div class=\"img-inner dark\" >\n\t\t\t<img loading=\"lazy\" decoding=\"async\" width=\"760\" height=\"1024\" src=\"https:\/\/www.telaled.com\/wp-content\/uploads\/2025\/08\/36123f2c-de60-488d-af81-255cd4aee54a-760x1024.webp\" class=\"attachment-large size-large\" alt=\"\" srcset=\"https:\/\/www.telaled.com\/wp-content\/uploads\/2025\/08\/36123f2c-de60-488d-af81-255cd4aee54a-760x1024.webp 760w, https:\/\/www.telaled.com\/wp-content\/uploads\/2025\/08\/36123f2c-de60-488d-af81-255cd4aee54a-223x300.webp 223w, https:\/\/www.telaled.com\/wp-content\/uploads\/2025\/08\/36123f2c-de60-488d-af81-255cd4aee54a-768x1035.webp 768w, https:\/\/www.telaled.com\/wp-content\/uploads\/2025\/08\/36123f2c-de60-488d-af81-255cd4aee54a-9x12.webp 9w, https:\/\/www.telaled.com\/wp-content\/uploads\/2025\/08\/36123f2c-de60-488d-af81-255cd4aee54a-600x808.webp 600w, https:\/\/www.telaled.com\/wp-content\/uploads\/2025\/08\/36123f2c-de60-488d-af81-255cd4aee54a.webp 795w\" sizes=\"auto, (max-width: 760px) 100vw, 760px\" \/>\t\t\t\t\t\t\n\t\t\t\t\t<\/div>\n\t\t\t\t\t\t\t\t\n<style>\n#image_840590295 {\n  width: 95%;\n}\n<\/style>\n\t<\/div>\n\t\n\n<table id=\"tablepress-77\" class=\"tablepress tablepress-id-77\">\n<thead>\n<tr class=\"row-1\">\n\t<th class=\"column-1\">Specifikace a re\u017eim<\/th><th class=\"column-2\">TCI-P2LED<\/th>\n<\/tr>\n<\/thead>\n<tbody class=\"row-striping row-hover\">\n<tr class=\"row-2\">\n\t<td class=\"column-1\">Pixel<\/td><td class=\"column-2\">1120 bod\u016f x 560 bod\u016f<\/td>\n<\/tr>\n<tr class=\"row-3\">\n\t<td class=\"column-1\">Aktualizovat<\/td><td class=\"column-2\">3840 Hz<\/td>\n<\/tr>\n<tr class=\"row-4\">\n\t<td class=\"column-1\">Velikost<\/td><td class=\"column-2\">Pr\u016fm\u011br 713 mm x v\u00fd\u0161ka 1270 mm<\/td>\n<\/tr>\n<tr class=\"row-5\">\n\t<td class=\"column-1\">\u0158\u00eddic\u00ed syst\u00e9m: <\/td><td class=\"column-2\">P\u0159ehr\u00e1vac\u00ed box MB2<\/td>\n<\/tr>\n<tr class=\"row-6\">\n\t<td class=\"column-1\"><\/td><td class=\"column-2\">Procesor: \u010cty\u0159j\u00e1drov\u00fd CPU + GPU<\/td>\n<\/tr>\n<tr class=\"row-7\">\n\t<td class=\"column-1\"><\/td><td class=\"column-2\">Pam\u011b\u0165: 1 GB vysokorychlostn\u00ed DDR3<\/td>\n<\/tr>\n<tr class=\"row-8\">\n\t<td class=\"column-1\"><\/td><td class=\"column-2\">Flash \u00falo\u017ei\u0161t\u011b: 8 GB vysokorychlostn\u00ed eMMC<\/td>\n<\/tr>\n<tr class=\"row-9\">\n\t<td class=\"column-1\"><\/td><td class=\"column-2\">Rozli\u0161en\u00ed \u00falo\u017ei\u0161t\u011b: Podporuje dek\u00f3dov\u00e1n\u00ed a p\u0159ehr\u00e1v\u00e1n\u00ed 1080 PHD.<\/td>\n<\/tr>\n<tr class=\"row-10\">\n\t<td class=\"column-1\">S\u00ed\u0165ov\u00e1 komunikace: LAN\/WiFi\/4G s\u00ed\u0165ov\u00fd programov\u00fd odd\u00edl. Podporuje libovoln\u00fd programov\u00fd odd\u00edl Windows a libovolnou vrstvu Windows. Video form\u00e1ty: MPG, MOV, MP4, MKV a dal\u0161\u00ed b\u011b\u017en\u00e9 video form\u00e1ty. Zvuk: MPEG-1 Layer III, AAC a dal\u0161\u00ed obrazov\u00e9 form\u00e1ty, podporuje JPG, PNG, GIF atd.<\/td><td class=\"column-2\"><\/td>\n<\/tr>\n<tr class=\"row-11\">\n\t<td class=\"column-1\">Re\u017eim nap\u00e1jen\u00ed: <\/td><td class=\"column-2\">110\u2013220 V<\/td>\n<\/tr>\n<tr class=\"row-12\">\n\t<td class=\"column-1\">Maxim\u00e1ln\u00ed v\u00fdkon: <\/td><td class=\"column-2\">1200 W<\/td>\n<\/tr>\n<tr class=\"row-13\">\n\t<td class=\"column-1\">Pr\u016fm\u011brn\u00fd v\u00fdkon: <\/td><td class=\"column-2\">600 W<\/td>\n<\/tr>\n<tr class=\"row-14\">\n\t<td class=\"column-1\">\u010cist\u00e1 hmotnost: <\/td><td class=\"column-2\">75 kg\/kus<\/td>\n<\/tr>\n<tr class=\"row-15\">\n\t<td class=\"column-1\">Celkov\u00e1 hmotnost<\/td><td class=\"column-2\">120 kg\/kus<\/td>\n<\/tr>\n<tr class=\"row-16\">\n\t<td class=\"column-1\">Rozm\u011bry d\u0159ev\u011bn\u00e9 bedny<\/td><td class=\"column-2\">820 mm \u00d7 820 mm \u00d7 1500 mm<\/td>\n<\/tr>\n<\/tbody>\n<\/table>\n<!-- #tablepress-77 from cache -->\n\t\t<\/div>\n\t\t\t\t\t<\/div>\n\n\t\n<\/div>\n\t\t<\/div>\n\t\t\t\t\t<\/div>\n\n\t\n<\/div>","protected":false},"excerpt":{"rendered":"<p><strong>LED displej \u0159ady TCJ m\u016f\u017ee formovat v\u00e1lcovou LED obrazovku<\/strong><\/p>\n<p>Navr\u017eeno pro v\u00fdrobu va\u0161eho produktu v realistick\u00e9m form\u00e1tu plechovky, co\u017e z n\u011bj \u010din\u00ed atraktivn\u00ed \u0159e\u0161en\u00ed pro restaurace, <a href=\"https:\/\/www.telaled.com\/cs\/painel-de-led-para-loja\/\">obchody<\/a> n\u00e1poj\u016f, zna\u010dek a <a href=\"https:\/\/www.telaled.com\/cs\/painel-de-led-para-eventos\/\">ud\u00e1losti<\/a> Reklamn\u00ed displeje. Tento displej s pr\u016fm\u011brem 713 mm a v\u00fd\u0161kou 1270 mm kombinuje kreativitu, flexibilitu a vysok\u00fd rozli\u0161en\u00ed.<\/p>\n<p><strong>Hlavn\u00ed vlastnosti:<\/strong><\/p>\n<ul>\n<li><strong>Realistick\u00fd design ve form\u00e1tu plechovky:<\/strong> P\u0159esn\u011b replikuje produkt pro siln\u00fd dopad na zna\u010dku.<\/li>\n<li><strong>Obrazovka s vysok\u00fdm rozli\u0161en\u00edm:<\/strong> A <a href=\"https:\/\/www.telaled.com\/cs\/densidade-de-pixels-em-telas-de-led-e-lcd\/\">hustota pixel\u016f<\/a> Rozli\u0161en\u00ed 1120 x 560 zaji\u0161\u0165uje ostr\u00fd a \u017eiv\u00fd obraz.<\/li>\n<li><strong>Kreativn\u00ed a flexibiln\u00ed vyu\u017eit\u00ed:<\/strong> Hod\u00ed se pro \u0161irokou \u0161k\u00e1lu aplikac\u00ed, od restaurac\u00ed a\u017e po propagaci n\u00e1poj\u016f.<\/li>\n<li><strong>Rozm\u011bry, kter\u00e9 upoutaj\u00ed pozornost:<\/strong> Velk\u00fd form\u00e1t (pr\u016fm\u011br 713 mm x v\u00fd\u0161ka 1270 mm) p\u0159itahuje pozornost z\u00e1kazn\u00edk\u016f.<\/li>\n<\/ul>\n<p>N\u00e1\u0161 t\u00fdm nab\u00edz\u00ed nep\u0159etr\u017eitou vzd\u00e1lenou podporu a 3letou z\u00e1ruku. Kontaktujte n\u00e1s je\u0161t\u011b dnes a z\u00edskejte individu\u00e1ln\u00ed cenovou nab\u00eddku.<\/p>","protected":false},"featured_media":3316,"template":"","meta":[],"product_brand":[],"product_cat":[48,40,46],"product_tag":[],"class_list":{"0":"post-3315","1":"product","2":"type-product","3":"status-publish","4":"has-post-thumbnail","6":"product_cat-paineis-personalizados","7":"product_cat-painel-de-led","8":"product_cat-painel-de-video","10":"first","11":"instock","12":"shipping-taxable","13":"product-type-simple"},"yoast_head":"<!-- This site is optimized with the Yoast SEO plugin v27.4 - https:\/\/yoast.com\/product\/yoast-seo-wordpress\/ -->\n<title>Cola Can LED Display S\u00e9rie TCJ | Tela LED Criativa em Formato de Lata 3D TELALED<\/title>\n<meta name=\"description\" content=\"Cola Can LED Display S\u00e9rie TCJ - A tela de LED 3D em formato de lata proporciona visuais v\u00edvidos, ideal para restaurantes, marcas de bebidas e promo\u00e7\u00f5es de varejo. Tamanhos personalizados e instala\u00e7\u00e3o flex\u00edvel dispon\u00edveis.\" \/>\n<meta name=\"robots\" content=\"index, follow, max-snippet:-1, max-image-preview:large, max-video-preview:-1\" \/>\n<link rel=\"canonical\" href=\"https:\/\/www.telaled.com\/cs\/fabrica\/cola-can-led-display-serie-tcj\/\" \/>\n<meta property=\"og:locale\" content=\"cs_CZ\" \/>\n<meta property=\"og:type\" content=\"article\" \/>\n<meta property=\"og:title\" content=\"Cola Can LED Display S\u00e9rie TCJ | Tela LED Criativa em Formato de Lata 3D TELALED\" \/>\n<meta property=\"og:description\" content=\"Cola Can LED Display S\u00e9rie TCJ - A tela de LED 3D em formato de lata proporciona visuais v\u00edvidos, ideal para restaurantes, marcas de bebidas e promo\u00e7\u00f5es de varejo. Tamanhos personalizados e instala\u00e7\u00e3o flex\u00edvel dispon\u00edveis.\" \/>\n<meta property=\"og:url\" content=\"https:\/\/www.telaled.com\/cs\/fabrica\/cola-can-led-display-serie-tcj\/\" \/>\n<meta property=\"og:site_name\" content=\"TELALED\" \/>\n<meta property=\"article:modified_time\" content=\"2026-01-06T01:49:24+00:00\" \/>\n<meta property=\"og:image\" content=\"https:\/\/www.telaled.com\/wp-content\/uploads\/2025\/09\/Cola-Can-LED-Display-1.webp\" \/>\n\t<meta property=\"og:image:width\" content=\"500\" \/>\n\t<meta property=\"og:image:height\" content=\"500\" \/>\n\t<meta property=\"og:image:type\" content=\"image\/webp\" \/>\n<meta name=\"twitter:card\" content=\"summary_large_image\" \/>\n<meta name=\"twitter:label1\" content=\"Est. reading time\" \/>\n\t<meta name=\"twitter:data1\" content=\"3 minuty\" \/>\n<script type=\"application\/ld+json\" class=\"yoast-schema-graph\">{\"@context\":\"https:\\\/\\\/schema.org\",\"@graph\":[{\"@type\":\"WebPage\",\"@id\":\"https:\\\/\\\/www.telaled.com\\\/fabrica\\\/cola-can-led-display-serie-tcj\\\/\",\"url\":\"https:\\\/\\\/www.telaled.com\\\/fabrica\\\/cola-can-led-display-serie-tcj\\\/\",\"name\":\"Cola Can LED Display S\u00e9rie TCJ | Tela LED Criativa em Formato de Lata 3D TELALED\",\"isPartOf\":{\"@id\":\"https:\\\/\\\/www.telaled.com\\\/#website\"},\"primaryImageOfPage\":{\"@id\":\"https:\\\/\\\/www.telaled.com\\\/fabrica\\\/cola-can-led-display-serie-tcj\\\/#primaryimage\"},\"image\":{\"@id\":\"https:\\\/\\\/www.telaled.com\\\/fabrica\\\/cola-can-led-display-serie-tcj\\\/#primaryimage\"},\"thumbnailUrl\":\"https:\\\/\\\/www.telaled.com\\\/wp-content\\\/uploads\\\/2025\\\/09\\\/Cola-Can-LED-Display-1.webp\",\"datePublished\":\"2025-09-15T06:11:40+00:00\",\"dateModified\":\"2026-01-06T01:49:24+00:00\",\"description\":\"Cola Can LED Display S\u00e9rie TCJ - A tela de LED 3D em formato de lata proporciona visuais v\u00edvidos, ideal para restaurantes, marcas de bebidas e promo\u00e7\u00f5es de varejo. Tamanhos personalizados e instala\u00e7\u00e3o flex\u00edvel dispon\u00edveis.\",\"breadcrumb\":{\"@id\":\"https:\\\/\\\/www.telaled.com\\\/fabrica\\\/cola-can-led-display-serie-tcj\\\/#breadcrumb\"},\"inLanguage\":\"cs\",\"potentialAction\":[{\"@type\":\"ReadAction\",\"target\":[\"https:\\\/\\\/www.telaled.com\\\/fabrica\\\/cola-can-led-display-serie-tcj\\\/\"]}]},{\"@type\":\"ImageObject\",\"inLanguage\":\"cs\",\"@id\":\"https:\\\/\\\/www.telaled.com\\\/fabrica\\\/cola-can-led-display-serie-tcj\\\/#primaryimage\",\"url\":\"https:\\\/\\\/www.telaled.com\\\/wp-content\\\/uploads\\\/2025\\\/09\\\/Cola-Can-LED-Display-1.webp\",\"contentUrl\":\"https:\\\/\\\/www.telaled.com\\\/wp-content\\\/uploads\\\/2025\\\/09\\\/Cola-Can-LED-Display-1.webp\",\"width\":500,\"height\":500,\"caption\":\"Cola-Can-LED-Display (1)\"},{\"@type\":\"BreadcrumbList\",\"@id\":\"https:\\\/\\\/www.telaled.com\\\/fabrica\\\/cola-can-led-display-serie-tcj\\\/#breadcrumb\",\"itemListElement\":[{\"@type\":\"ListItem\",\"position\":1,\"name\":\"Home\",\"item\":\"https:\\\/\\\/www.telaled.com\\\/\"},{\"@type\":\"ListItem\",\"position\":2,\"name\":\"Produtos\",\"item\":\"https:\\\/\\\/www.telaled.com\\\/shop\\\/\"},{\"@type\":\"ListItem\",\"position\":3,\"name\":\"Cola Can LED Display S\u00e9rie TCJ\"}]},{\"@type\":\"WebSite\",\"@id\":\"https:\\\/\\\/www.telaled.com\\\/#website\",\"url\":\"https:\\\/\\\/www.telaled.com\\\/\",\"name\":\"TELALED\",\"description\":\"\",\"potentialAction\":[{\"@type\":\"SearchAction\",\"target\":{\"@type\":\"EntryPoint\",\"urlTemplate\":\"https:\\\/\\\/www.telaled.com\\\/?s={search_term_string}\"},\"query-input\":{\"@type\":\"PropertyValueSpecification\",\"valueRequired\":true,\"valueName\":\"search_term_string\"}}],\"inLanguage\":\"cs\"}]}<\/script>\n<!-- \/ Yoast SEO plugin. -->","yoast_head_json":{"title":"LED displej ve tvaru plechovky od coly \u0158ada TCJ | Kreativn\u00ed 3D LED obrazovka ve tvaru plechovky TELALED","description":"LED displej ve tvaru plechovky coly \u0158ada TCJ \u2013 3D LED displej ve tvaru plechovky poskytuje \u017eiv\u00e9 vizu\u00e1ly, ide\u00e1ln\u00ed pro restaurace, zna\u010dky n\u00e1poj\u016f a maloobchodn\u00ed propagace. K dispozici jsou vlastn\u00ed velikosti a flexibiln\u00ed instalace.","robots":{"index":"index","follow":"follow","max-snippet":"max-snippet:-1","max-image-preview":"max-image-preview:large","max-video-preview":"max-video-preview:-1"},"canonical":"https:\/\/www.telaled.com\/cs\/fabrica\/cola-can-led-display-serie-tcj\/","og_locale":"cs_CZ","og_type":"article","og_title":"Cola Can LED Display S\u00e9rie TCJ | Tela LED Criativa em Formato de Lata 3D TELALED","og_description":"Cola Can LED Display S\u00e9rie TCJ - A tela de LED 3D em formato de lata proporciona visuais v\u00edvidos, ideal para restaurantes, marcas de bebidas e promo\u00e7\u00f5es de varejo. Tamanhos personalizados e instala\u00e7\u00e3o flex\u00edvel dispon\u00edveis.","og_url":"https:\/\/www.telaled.com\/cs\/fabrica\/cola-can-led-display-serie-tcj\/","og_site_name":"TELALED","article_modified_time":"2026-01-06T01:49:24+00:00","og_image":[{"width":500,"height":500,"url":"https:\/\/www.telaled.com\/wp-content\/uploads\/2025\/09\/Cola-Can-LED-Display-1.webp","type":"image\/webp"}],"twitter_card":"summary_large_image","twitter_misc":{"Est. reading time":"3 minuty"},"schema":{"@context":"https:\/\/schema.org","@graph":[{"@type":"WebPage","@id":"https:\/\/www.telaled.com\/fabrica\/cola-can-led-display-serie-tcj\/","url":"https:\/\/www.telaled.com\/fabrica\/cola-can-led-display-serie-tcj\/","name":"LED displej ve tvaru plechovky od coly \u0158ada TCJ | Kreativn\u00ed 3D LED obrazovka ve tvaru plechovky TELALED","isPartOf":{"@id":"https:\/\/www.telaled.com\/#website"},"primaryImageOfPage":{"@id":"https:\/\/www.telaled.com\/fabrica\/cola-can-led-display-serie-tcj\/#primaryimage"},"image":{"@id":"https:\/\/www.telaled.com\/fabrica\/cola-can-led-display-serie-tcj\/#primaryimage"},"thumbnailUrl":"https:\/\/www.telaled.com\/wp-content\/uploads\/2025\/09\/Cola-Can-LED-Display-1.webp","datePublished":"2025-09-15T06:11:40+00:00","dateModified":"2026-01-06T01:49:24+00:00","description":"LED displej ve tvaru plechovky coly \u0158ada TCJ \u2013 3D LED displej ve tvaru plechovky poskytuje \u017eiv\u00e9 vizu\u00e1ly, ide\u00e1ln\u00ed pro restaurace, zna\u010dky n\u00e1poj\u016f a maloobchodn\u00ed propagace. K dispozici jsou vlastn\u00ed velikosti a flexibiln\u00ed instalace.","breadcrumb":{"@id":"https:\/\/www.telaled.com\/fabrica\/cola-can-led-display-serie-tcj\/#breadcrumb"},"inLanguage":"cs","potentialAction":[{"@type":"ReadAction","target":["https:\/\/www.telaled.com\/fabrica\/cola-can-led-display-serie-tcj\/"]}]},{"@type":"ImageObject","inLanguage":"cs","@id":"https:\/\/www.telaled.com\/fabrica\/cola-can-led-display-serie-tcj\/#primaryimage","url":"https:\/\/www.telaled.com\/wp-content\/uploads\/2025\/09\/Cola-Can-LED-Display-1.webp","contentUrl":"https:\/\/www.telaled.com\/wp-content\/uploads\/2025\/09\/Cola-Can-LED-Display-1.webp","width":500,"height":500,"caption":"Cola-Can-LED-Display (1)"},{"@type":"BreadcrumbList","@id":"https:\/\/www.telaled.com\/fabrica\/cola-can-led-display-serie-tcj\/#breadcrumb","itemListElement":[{"@type":"ListItem","position":1,"name":"Home","item":"https:\/\/www.telaled.com\/"},{"@type":"ListItem","position":2,"name":"Produtos","item":"https:\/\/www.telaled.com\/shop\/"},{"@type":"ListItem","position":3,"name":"Cola Can LED Display S\u00e9rie TCJ"}]},{"@type":"WebSite","@id":"https:\/\/www.telaled.com\/#website","url":"https:\/\/www.telaled.com\/","name":"LED obrazovka","description":"","potentialAction":[{"@type":"SearchAction","target":{"@type":"EntryPoint","urlTemplate":"https:\/\/www.telaled.com\/?s={search_term_string}"},"query-input":{"@type":"PropertyValueSpecification","valueRequired":true,"valueName":"search_term_string"}}],"inLanguage":"cs"}]}},"_links":{"self":[{"href":"https:\/\/www.telaled.com\/cs\/wp-json\/wp\/v2\/product\/3315","targetHints":{"allow":["GET"]}}],"collection":[{"href":"https:\/\/www.telaled.com\/cs\/wp-json\/wp\/v2\/product"}],"about":[{"href":"https:\/\/www.telaled.com\/cs\/wp-json\/wp\/v2\/types\/product"}],"wp:featuredmedia":[{"embeddable":true,"href":"https:\/\/www.telaled.com\/cs\/wp-json\/wp\/v2\/media\/3316"}],"wp:attachment":[{"href":"https:\/\/www.telaled.com\/cs\/wp-json\/wp\/v2\/media?parent=3315"}],"wp:term":[{"taxonomy":"product_brand","embeddable":true,"href":"https:\/\/www.telaled.com\/cs\/wp-json\/wp\/v2\/product_brand?post=3315"},{"taxonomy":"product_cat","embeddable":true,"href":"https:\/\/www.telaled.com\/cs\/wp-json\/wp\/v2\/product_cat?post=3315"},{"taxonomy":"product_tag","embeddable":true,"href":"https:\/\/www.telaled.com\/cs\/wp-json\/wp\/v2\/product_tag?post=3315"}],"curies":[{"name":"wp","href":"https:\/\/api.w.org\/{rel}","templated":true}]}}