{"id":3299,"date":"2025-09-12T05:59:46","date_gmt":"2025-09-12T05:59:46","guid":{"rendered":"https:\/\/www.telaled.com\/?post_type=product&#038;p=3299"},"modified":"2026-01-06T01:20:53","modified_gmt":"2026-01-06T01:20:53","slug":"dj-booth-led-screen-serie-tci","status":"publish","type":"product","link":"https:\/\/www.telaled.com\/cs\/fabrica\/dj-booth-led-screen-serie-tci\/","title":{"rendered":"LED obrazovka pro DJ pult, \u0159ada TCI"},"content":{"rendered":"<div class=\"row\"  id=\"row-1981723984\">\n\n\t<div id=\"col-1008841784\" class=\"col small-12 large-12\"  >\n\t\t\t\t<div class=\"col-inner\"  >\n\t\t\t\n\t\t\t\n<h2>Exkluzivn\u00ed v\u00fdhody LED obrazovky pro DJ pult \u0159ady TCI<\/h2>\n<h3><strong>Vynikaj\u00edc\u00ed odolnost<\/strong><\/h3>\n<ul>\n<li>Vysoce pevn\u00fd hlin\u00edkov\u00fd r\u00e1m zaji\u0161\u0165uje lehkou, ale z\u00e1rove\u0148 robustn\u00ed konstrukci.<\/li>\n<li>Navr\u017eeno tak, aby vydr\u017eelo nep\u0159etr\u017eit\u00fd provoz 24 hodin denn\u011b, 7 dn\u00ed v t\u00fddnu, v dynamick\u00e9m prost\u0159ed\u00ed.<\/li>\n<li>Ide\u00e1ln\u00ed pro dlouhodob\u00fd v\u00fdkon v n\u00e1ro\u010dn\u00fdch podm\u00ednk\u00e1ch.<\/li>\n<\/ul>\n<h3><strong>V\u00fdjime\u010dn\u00e1 vizu\u00e1ln\u00ed kvalita<\/strong><\/h3>\n<ul>\n<li>R\u016fzn\u00e9 form\u00e1ty a vlastn\u00ed moduly poskytuj\u00ed vynikaj\u00edc\u00ed ostrost obrazu.<\/li>\n<li>Nab\u00edz\u00ed pohlcuj\u00edc\u00ed vizu\u00e1ln\u00ed z\u00e1\u017eitky s \u017eiv\u00fdm a ostr\u00fdm zobrazen\u00edm.<\/li>\n<li>Zvy\u0161uje atmosf\u00e9ru jak\u00e9hokoli prostoru a vytv\u00e1\u0159\u00ed ohromuj\u00edc\u00ed vizu\u00e1ln\u00ed efekt.<\/li>\n<\/ul>\n<h3><strong>Kompletn\u00ed p\u0159izp\u016fsobivost<\/strong><\/h3>\n<ul>\n<li>Vysoce p\u0159izp\u016fsobiteln\u00e9 s \u0161irokou \u0161k\u00e1lou tvar\u016f a velikost\u00ed.<\/li>\n<li>Ide\u00e1ln\u00ed pro no\u010dn\u00ed kluby, showroomy, televizn\u00ed p\u00f3dia a dal\u0161\u00ed exkluzivn\u00ed prostory.<\/li>\n<li>Dokonale se p\u0159izp\u016fsob\u00ed r\u016fzn\u00fdm po\u017eadavk\u016fm a vylep\u0161\u00ed atmosf\u00e9ru m\u00edsta.<\/li>\n<\/ul>\n<h3><strong>Komplexn\u00ed podpora<\/strong><\/h3>\n<ul>\n<li>Nonstop vzd\u00e1len\u00e1 technick\u00e1 podpora: Z\u00edskejte p\u0159\u00edstup k odborn\u00e9 pomoci kdykoli a kdekoli.<\/li>\n<li>5% n\u00e1hradn\u00edch d\u00edl\u016f v cen\u011b: Ka\u017ed\u00e1 objedn\u00e1vka obsahuje dal\u0161\u00ed komponenty pro zv\u00fd\u0161en\u00ed spolehlivosti a zaji\u0161t\u011bn\u00ed klidu.<\/li>\n<li>3let\u00e1 prodlou\u017een\u00e1 z\u00e1ruka: Vyu\u017eijte dlouhodobou konvergenci pro lep\u0161\u00ed v\u00fdkon a spolehliv\u00fd servis.<\/li>\n<\/ul>\n<h2>Detaily produktu<\/h2>\n<div class=\"row\"  id=\"row-336079244\">\n\n\t<div id=\"col-1645368432\" class=\"col medium-10 small-12 large-10\"  >\n\t\t\t\t<div class=\"col-inner text-left\"  >\n\t\t\t\n\t\t\t\n<ul>\n<li>Vyzna\u010duje se robustn\u00edm, vysoce pevn\u00fdm hlin\u00edkov\u00fdm r\u00e1mem, kter\u00fd kombinuje odolnost s n\u00edzkou hmotnost\u00ed. Jeho unik\u00e1tn\u00ed konstrukce nejen zvy\u0161uje jeho pevnost, ale tak\u00e9 dod\u00e1v\u00e1 atraktivn\u00ed vizu\u00e1ln\u00ed vzhled, ide\u00e1ln\u00ed pro jakoukoli ud\u00e1lost. Pln\u011b p\u0159izp\u016fsobiteln\u00fd, co\u017e umo\u017e\u0148uje snadn\u00e9 programov\u00e1n\u00ed tak, aby spl\u0148oval specifick\u00e9 pot\u0159eby ka\u017ed\u00e9 p\u0159\u00edle\u017eitosti.<\/li>\n<\/ul>\n\t<div class=\"img has-hover x md-x lg-x y md-y lg-y\" id=\"image_508388622\">\n\t\t\t\t\t\t\t\t<div class=\"img-inner dark\" >\n\t\t\t<img loading=\"lazy\" decoding=\"async\" width=\"670\" height=\"380\" src=\"https:\/\/www.telaled.com\/wp-content\/uploads\/2025\/09\/Estrutura-de-aluminio-de-alta-resistencia-e-durabilidade.jpg\" class=\"attachment-original size-original\" alt=\"Vysoce pevn\u00e1 a odoln\u00e1 hlin\u00edkov\u00e1 konstrukce\" srcset=\"https:\/\/www.telaled.com\/wp-content\/uploads\/2025\/09\/Estrutura-de-aluminio-de-alta-resistencia-e-durabilidade.jpg 670w, https:\/\/www.telaled.com\/wp-content\/uploads\/2025\/09\/Estrutura-de-aluminio-de-alta-resistencia-e-durabilidade-300x170.jpg 300w, https:\/\/www.telaled.com\/wp-content\/uploads\/2025\/09\/Estrutura-de-aluminio-de-alta-resistencia-e-durabilidade-18x10.jpg 18w, https:\/\/www.telaled.com\/wp-content\/uploads\/2025\/09\/Estrutura-de-aluminio-de-alta-resistencia-e-durabilidade-600x340.jpg 600w\" sizes=\"auto, (max-width: 670px) 100vw, 670px\" \/>\t\t\t\t\t\t\n\t\t\t\t\t<\/div>\n\t\t\t\t\t\t\t\t\n<style>\n#image_508388622 {\n  width: 95%;\n}\n<\/style>\n\t<\/div>\n\t\n<ul>\n<li>Je vybaven intuitivn\u00edm ovl\u00e1d\u00e1n\u00edm a u\u017eivatelsky p\u0159\u00edv\u011btiv\u00fdm softwarem, co\u017e zaji\u0161\u0165uje bezchybn\u00fd v\u00fdkon v synchronn\u00edm re\u017eimu. Je navr\u017een pro nep\u0159etr\u017eit\u00fd provoz a poskytuje spolehliv\u00fd a nep\u0159eru\u0161ovan\u00fd v\u00fdkon.<\/li>\n<\/ul>\n\t\t<\/div>\n\t\t\t\t\t<\/div>\n\n\t\n\n\t<div id=\"col-1599879245\" class=\"col medium-10 small-12 large-10\"  >\n\t\t\t\t<div class=\"col-inner text-left\"  >\n\t\t\t\n\t\t\t\n\t<div class=\"img has-hover x md-x lg-x y md-y lg-y\" id=\"image_105793054\">\n\t\t\t\t\t\t\t\t<div class=\"img-inner dark\" >\n\t\t\t<img loading=\"lazy\" decoding=\"async\" width=\"670\" height=\"380\" src=\"https:\/\/www.telaled.com\/wp-content\/uploads\/2025\/09\/Facil-controle-e-estabilidade.webp\" class=\"attachment-large size-large\" alt=\"Snadn\u00e9 ovl\u00e1d\u00e1n\u00ed a stabilita\" srcset=\"https:\/\/www.telaled.com\/wp-content\/uploads\/2025\/09\/Facil-controle-e-estabilidade.webp 670w, https:\/\/www.telaled.com\/wp-content\/uploads\/2025\/09\/Facil-controle-e-estabilidade-300x170.webp 300w, https:\/\/www.telaled.com\/wp-content\/uploads\/2025\/09\/Facil-controle-e-estabilidade-18x10.webp 18w, https:\/\/www.telaled.com\/wp-content\/uploads\/2025\/09\/Facil-controle-e-estabilidade-600x340.webp 600w\" sizes=\"auto, (max-width: 670px) 100vw, 670px\" \/>\t\t\t\t\t\t\n\t\t\t\t\t<\/div>\n\t\t\t\t\t\t\t\t\n<style>\n#image_105793054 {\n  width: 95%;\n}\n<\/style>\n\t<\/div>\n\t\n<ul>\n<li>Nab\u00edz\u00ed v\u0161estrann\u00e9 vyu\u017eit\u00ed v r\u016fzn\u00fdch m\u00edstech. A\u0165 u\u017e v no\u010dn\u00edm klubu, baru, hudebn\u00edm festivalu nebo ve\u010d\u00edrku, slou\u017e\u00ed jako poutav\u00fd \u00fast\u0159edn\u00ed prvek, kter\u00fd umoc\u0148uje z\u00e1bavn\u00ed z\u00e1\u017eitek a dod\u00e1v\u00e1 nezapomenuteln\u00fd n\u00e1dech, jen\u017e posouv\u00e1 atmosf\u00e9ru na novou \u00farove\u0148.<\/li>\n<\/ul>\n\t<div class=\"img has-hover x md-x lg-x y md-y lg-y\" id=\"image_1944372581\">\n\t\t\t\t\t\t\t\t<div class=\"img-inner dark\" >\n\t\t\t<img loading=\"lazy\" decoding=\"async\" width=\"1020\" height=\"283\" src=\"https:\/\/www.telaled.com\/wp-content\/uploads\/2025\/09\/Exibicao-de-imagem-perfeita-ampla-gama-de-aplicacoes-1024x284.webp\" class=\"attachment-large size-large\" alt=\"\" srcset=\"https:\/\/www.telaled.com\/wp-content\/uploads\/2025\/09\/Exibicao-de-imagem-perfeita-ampla-gama-de-aplicacoes-1024x284.webp 1024w, https:\/\/www.telaled.com\/wp-content\/uploads\/2025\/09\/Exibicao-de-imagem-perfeita-ampla-gama-de-aplicacoes-300x83.webp 300w, https:\/\/www.telaled.com\/wp-content\/uploads\/2025\/09\/Exibicao-de-imagem-perfeita-ampla-gama-de-aplicacoes-768x213.webp 768w, https:\/\/www.telaled.com\/wp-content\/uploads\/2025\/09\/Exibicao-de-imagem-perfeita-ampla-gama-de-aplicacoes-18x5.webp 18w, https:\/\/www.telaled.com\/wp-content\/uploads\/2025\/09\/Exibicao-de-imagem-perfeita-ampla-gama-de-aplicacoes-600x167.webp 600w, https:\/\/www.telaled.com\/wp-content\/uploads\/2025\/09\/Exibicao-de-imagem-perfeita-ampla-gama-de-aplicacoes.webp 1440w\" sizes=\"auto, (max-width: 1020px) 100vw, 1020px\" \/>\t\t\t\t\t\t\n\t\t\t\t\t<\/div>\n\t\t\t\t\t\t\t\t\n<style>\n#image_1944372581 {\n  width: 95%;\n}\n<\/style>\n\t<\/div>\n\t\n\t\t<\/div>\n\t\t\t\t\t<\/div>\n\n\t\n\n\t<div id=\"col-1604170769\" class=\"col medium-10 small-12 large-10\"  >\n\t\t\t\t<div class=\"col-inner text-left\"  >\n\t\t\t\n\t\t\t\n<ul>\n<li>Na\u0161e LED obrazovky pro DJsk\u00e9 pulty \u0159ady TCI jsou baleny v zes\u00edlen\u00fdch d\u0159ev\u011bn\u00fdch bedn\u00e1ch, kter\u00e9 je chr\u00e1n\u00ed b\u011bhem p\u0159epravy. Ka\u017ed\u00e1 jednotka je bezpe\u010dn\u011b zabalena, aby se zabr\u00e1nilo po\u0161kozen\u00ed \u0161k\u016fdci, n\u00e1razy a dal\u0161\u00edmi nebezpe\u010d\u00edmi. To zaji\u0161\u0165uje odolnost a bezpe\u010dn\u00e9 doru\u010den\u00ed.<\/li>\n<\/ul>\n\t<div class=\"img has-hover x md-x lg-x y md-y lg-y\" id=\"image_2103036171\">\n\t\t\t\t\t\t\t\t<div class=\"img-inner dark\" >\n\t\t\t<img loading=\"lazy\" decoding=\"async\" width=\"760\" height=\"1024\" src=\"https:\/\/www.telaled.com\/wp-content\/uploads\/2025\/08\/36123f2c-de60-488d-af81-255cd4aee54a-760x1024.webp\" class=\"attachment-large size-large\" alt=\"\" srcset=\"https:\/\/www.telaled.com\/wp-content\/uploads\/2025\/08\/36123f2c-de60-488d-af81-255cd4aee54a-760x1024.webp 760w, https:\/\/www.telaled.com\/wp-content\/uploads\/2025\/08\/36123f2c-de60-488d-af81-255cd4aee54a-223x300.webp 223w, https:\/\/www.telaled.com\/wp-content\/uploads\/2025\/08\/36123f2c-de60-488d-af81-255cd4aee54a-768x1035.webp 768w, https:\/\/www.telaled.com\/wp-content\/uploads\/2025\/08\/36123f2c-de60-488d-af81-255cd4aee54a-9x12.webp 9w, https:\/\/www.telaled.com\/wp-content\/uploads\/2025\/08\/36123f2c-de60-488d-af81-255cd4aee54a-600x808.webp 600w, https:\/\/www.telaled.com\/wp-content\/uploads\/2025\/08\/36123f2c-de60-488d-af81-255cd4aee54a.webp 795w\" sizes=\"auto, (max-width: 760px) 100vw, 760px\" \/>\t\t\t\t\t\t\n\t\t\t\t\t<\/div>\n\t\t\t\t\t\t\t\t\n<style>\n#image_2103036171 {\n  width: 95%;\n}\n<\/style>\n\t<\/div>\n\t\n\n<table id=\"tablepress-76\" class=\"tablepress tablepress-id-76\">\n<thead>\n<tr class=\"row-1\">\n\t<th class=\"column-1\">Polo\u017eka<\/th><th class=\"column-2\">TCI - P4<\/th>\n<\/tr>\n<\/thead>\n<tbody class=\"row-striping row-hover\">\n<tr class=\"row-2\">\n\t<td class=\"column-1\">Slo\u017een\u00ed pixelov\u00fdch bod\u016f<\/td><td class=\"column-2\">2121 (3 v 1)<\/td>\n<\/tr>\n<tr class=\"row-3\">\n\t<td class=\"column-1\">Hustota zobrazen\u00ed<\/td><td class=\"column-2\">62 500 bod\u016f\/m\u00b2<\/td>\n<\/tr>\n<tr class=\"row-4\">\n\t<td class=\"column-1\">Ide\u00e1ln\u00ed pozorovac\u00ed vzd\u00e1lenost: (m)<\/td><td class=\"column-2\">4\u2013100 m<\/td>\n<\/tr>\n<tr class=\"row-5\">\n\t<td class=\"column-1\">\u0160pi\u010dkov\u00e1 spot\u0159eba energie<\/td><td class=\"column-2\">800 W\/m\u00b2<\/td>\n<\/tr>\n<tr class=\"row-6\">\n\t<td class=\"column-1\">Metoda skenov\u00e1n\u00ed<\/td><td class=\"column-2\">16 sken\u016f<\/td>\n<\/tr>\n<tr class=\"row-7\">\n\t<td class=\"column-1\">Jas (CD\/m\u00b2)<\/td><td class=\"column-2\">800<\/td>\n<\/tr>\n<tr class=\"row-8\">\n\t<td class=\"column-1\">Pozorovac\u00ed \u00fahel<\/td><td class=\"column-2\">H 260\u00b0 V 260\u00b0<\/td>\n<\/tr>\n<tr class=\"row-9\">\n\t<td class=\"column-1\">Provozn\u00ed nap\u011bt\u00ed<\/td><td class=\"column-2\">AC 220V\/100V\u00b115% 47~64HZ<\/td>\n<\/tr>\n<tr class=\"row-10\">\n\t<td class=\"column-1\">Nap\u011bt\u00ed m\u011bni\u010de<\/td><td class=\"column-2\">5V<\/td>\n<\/tr>\n<tr class=\"row-11\">\n\t<td class=\"column-1\">Teplota provozn\u00edho prost\u0159ed\u00ed syst\u00e9mu<\/td><td class=\"column-2\">-20~60\u00b0C<\/td>\n<\/tr>\n<tr class=\"row-12\">\n\t<td class=\"column-1\">Vlhkost pracovn\u00edho prost\u0159ed\u00ed syst\u00e9mu<\/td><td class=\"column-2\">10%~90% UR<\/td>\n<\/tr>\n<tr class=\"row-13\">\n\t<td class=\"column-1\">Barva obrazovky<\/td><td class=\"column-2\">16,7 milionu<\/td>\n<\/tr>\n<tr class=\"row-14\">\n\t<td class=\"column-1\">\u00darove\u0148 \u0161ed\u00e9<\/td><td class=\"column-2\">16384<\/td>\n<\/tr>\n<tr class=\"row-15\">\n\t<td class=\"column-1\">Komunika\u010dn\u00ed metoda<\/td><td class=\"column-2\">Synchronn\u00ed<\/td>\n<\/tr>\n<\/tbody>\n<\/table>\n\n\t\t<\/div>\n\t\t\t\t\t<\/div>\n\n\t\n<\/div>\n\t\t<\/div>\n\t\t\t\t\t<\/div>\n\n\t\n<\/div>","protected":false},"excerpt":{"rendered":"<p><strong>LED obrazovka pro DJ pult \u0158ada TCI \u2013 Interaktivn\u00ed LED displeje pro poutav\u00e9 prezentace<\/strong><\/p>\n<p>Posu\u0148te sv\u016fj DJsk\u00fd v\u00fdkon na novou \u00farove\u0148 s na\u0161\u00edm <strong><em>LED obrazovka pro DJ pult, \u0159ada TCI.<\/em><\/strong> Navr\u017eeno tak, aby zaujalo a uchv\u00e1tilo publikum. D\u00edky v\u0161estrann\u00fdm form\u00e1t\u016fm a <a href=\"https:\/\/www.telaled.com\/cs\/pixel-pitch\/\">rozte\u010d pixel\u016f<\/a> S tlou\u0161\u0165kou 4 mm je to perfektn\u00ed \u0159e\u0161en\u00ed pro vylep\u0161en\u00ed jak\u00e9koli p\u00f3diov\u00e9 prezentace.<\/p>\n<p><strong>Hlavn\u00ed vlastnosti:<\/strong><\/p>\n<ul>\n<li><strong>Poutav\u00e1 interaktivita:<\/strong> Vytv\u00e1\u0159ejte dynamick\u00e1 a poutav\u00e1 vystoupen\u00ed s p\u0159izp\u016fsobiteln\u00fdmi LED displeji, kter\u00e9 p\u0159itahuj\u00ed a udr\u017e\u00ed pozornost publika.<\/li>\n<li><strong>V\u0161estrann\u00fd design:<\/strong> K dispozici v r\u016fzn\u00fdch form\u00e1tech, kter\u00e9 vyhovuj\u00ed r\u016fzn\u00fdm sc\u00e9nick\u00fdm uspo\u0159\u00e1d\u00e1n\u00edm a kreativn\u00edm viz\u00edm, v\u010detn\u011b obl\u00edben\u00e9ho displeje ve tvaru diamantu.<\/li>\n<li><strong>Obrazovka s vysok\u00fdm rozli\u0161en\u00edm:<\/strong> D\u00edky rozte\u010di pixel\u016f 4 mm si m\u016f\u017eete vychutnat ostr\u00fd a detailn\u00ed obraz, kter\u00fd vylep\u0161\u00ed v\u00e1\u0161 v\u00fdkon z\u00e1\u0159iv\u00fdmi barvami a jasnost\u00ed.<\/li>\n<\/ul>\n<p>N\u00e1\u0161 t\u00fdm nab\u00edz\u00ed nep\u0159etr\u017eitou vzd\u00e1lenou podporu a 3letou z\u00e1ruku. Kontaktujte n\u00e1s je\u0161t\u011b dnes a z\u00edskejte individu\u00e1ln\u00ed cenovou nab\u00eddku.<\/p>","protected":false},"featured_media":3300,"template":"","meta":[],"product_brand":[],"product_cat":[48,40,46],"product_tag":[],"class_list":{"0":"post-3299","1":"product","2":"type-product","3":"status-publish","4":"has-post-thumbnail","6":"product_cat-paineis-personalizados","7":"product_cat-painel-de-led","8":"product_cat-painel-de-video","10":"first","11":"instock","12":"shipping-taxable","13":"product-type-simple"},"yoast_head":"<!-- This site is optimized with the Yoast SEO plugin v27.4 - https:\/\/yoast.com\/product\/yoast-seo-wordpress\/ -->\n<title>DJ Booth LED Screen S\u00e9rie TCI | Telas LED Interativas em V\u00e1rios Formatos | TELALED<\/title>\n<meta name=\"description\" content=\"Transforme suas apresenta\u00e7\u00f5es de DJ Booth LED Screen S\u00e9rie TCI para Cabines de DJ. Dispon\u00edveis em diversos formatos com pixel pitch de 4 mm, criam uma experi\u00eancia cativante. Entre em contato conosco hoje mesmo para uma solu\u00e7\u00e3o personalizada!\" \/>\n<meta name=\"robots\" content=\"index, follow, max-snippet:-1, max-image-preview:large, max-video-preview:-1\" \/>\n<link rel=\"canonical\" href=\"https:\/\/www.telaled.com\/cs\/fabrica\/dj-booth-led-screen-serie-tci\/\" \/>\n<meta property=\"og:locale\" content=\"cs_CZ\" \/>\n<meta property=\"og:type\" content=\"article\" \/>\n<meta property=\"og:title\" content=\"DJ Booth LED Screen S\u00e9rie TCI | Telas LED Interativas em V\u00e1rios Formatos | TELALED\" \/>\n<meta property=\"og:description\" content=\"Transforme suas apresenta\u00e7\u00f5es de DJ Booth LED Screen S\u00e9rie TCI para Cabines de DJ. Dispon\u00edveis em diversos formatos com pixel pitch de 4 mm, criam uma experi\u00eancia cativante. Entre em contato conosco hoje mesmo para uma solu\u00e7\u00e3o personalizada!\" \/>\n<meta property=\"og:url\" content=\"https:\/\/www.telaled.com\/cs\/fabrica\/dj-booth-led-screen-serie-tci\/\" \/>\n<meta property=\"og:site_name\" content=\"TELALED\" \/>\n<meta property=\"article:modified_time\" content=\"2026-01-06T01:20:53+00:00\" \/>\n<meta property=\"og:image\" content=\"https:\/\/www.telaled.com\/wp-content\/uploads\/2025\/09\/dj-booth-led-screen.webp\" \/>\n\t<meta property=\"og:image:width\" content=\"500\" \/>\n\t<meta property=\"og:image:height\" content=\"500\" \/>\n\t<meta property=\"og:image:type\" content=\"image\/webp\" \/>\n<meta name=\"twitter:card\" content=\"summary_large_image\" \/>\n<meta name=\"twitter:label1\" content=\"Est. reading time\" \/>\n\t<meta name=\"twitter:data1\" content=\"3 minuty\" \/>\n<script type=\"application\/ld+json\" class=\"yoast-schema-graph\">{\"@context\":\"https:\\\/\\\/schema.org\",\"@graph\":[{\"@type\":\"WebPage\",\"@id\":\"https:\\\/\\\/www.telaled.com\\\/fabrica\\\/dj-booth-led-screen-serie-tci\\\/\",\"url\":\"https:\\\/\\\/www.telaled.com\\\/fabrica\\\/dj-booth-led-screen-serie-tci\\\/\",\"name\":\"DJ Booth LED Screen S\u00e9rie TCI | Telas LED Interativas em V\u00e1rios Formatos | TELALED\",\"isPartOf\":{\"@id\":\"https:\\\/\\\/www.telaled.com\\\/#website\"},\"primaryImageOfPage\":{\"@id\":\"https:\\\/\\\/www.telaled.com\\\/fabrica\\\/dj-booth-led-screen-serie-tci\\\/#primaryimage\"},\"image\":{\"@id\":\"https:\\\/\\\/www.telaled.com\\\/fabrica\\\/dj-booth-led-screen-serie-tci\\\/#primaryimage\"},\"thumbnailUrl\":\"https:\\\/\\\/www.telaled.com\\\/wp-content\\\/uploads\\\/2025\\\/09\\\/dj-booth-led-screen.webp\",\"datePublished\":\"2025-09-12T05:59:46+00:00\",\"dateModified\":\"2026-01-06T01:20:53+00:00\",\"description\":\"Transforme suas apresenta\u00e7\u00f5es de DJ Booth LED Screen S\u00e9rie TCI para Cabines de DJ. Dispon\u00edveis em diversos formatos com pixel pitch de 4 mm, criam uma experi\u00eancia cativante. Entre em contato conosco hoje mesmo para uma solu\u00e7\u00e3o personalizada!\",\"breadcrumb\":{\"@id\":\"https:\\\/\\\/www.telaled.com\\\/fabrica\\\/dj-booth-led-screen-serie-tci\\\/#breadcrumb\"},\"inLanguage\":\"cs\",\"potentialAction\":[{\"@type\":\"ReadAction\",\"target\":[\"https:\\\/\\\/www.telaled.com\\\/fabrica\\\/dj-booth-led-screen-serie-tci\\\/\"]}]},{\"@type\":\"ImageObject\",\"inLanguage\":\"cs\",\"@id\":\"https:\\\/\\\/www.telaled.com\\\/fabrica\\\/dj-booth-led-screen-serie-tci\\\/#primaryimage\",\"url\":\"https:\\\/\\\/www.telaled.com\\\/wp-content\\\/uploads\\\/2025\\\/09\\\/dj-booth-led-screen.webp\",\"contentUrl\":\"https:\\\/\\\/www.telaled.com\\\/wp-content\\\/uploads\\\/2025\\\/09\\\/dj-booth-led-screen.webp\",\"width\":500,\"height\":500,\"caption\":\"dj-booth-led-screen\"},{\"@type\":\"BreadcrumbList\",\"@id\":\"https:\\\/\\\/www.telaled.com\\\/fabrica\\\/dj-booth-led-screen-serie-tci\\\/#breadcrumb\",\"itemListElement\":[{\"@type\":\"ListItem\",\"position\":1,\"name\":\"Home\",\"item\":\"https:\\\/\\\/www.telaled.com\\\/\"},{\"@type\":\"ListItem\",\"position\":2,\"name\":\"Produtos\",\"item\":\"https:\\\/\\\/www.telaled.com\\\/shop\\\/\"},{\"@type\":\"ListItem\",\"position\":3,\"name\":\"DJ Booth LED Screen S\u00e9rie TCI\"}]},{\"@type\":\"WebSite\",\"@id\":\"https:\\\/\\\/www.telaled.com\\\/#website\",\"url\":\"https:\\\/\\\/www.telaled.com\\\/\",\"name\":\"TELALED\",\"description\":\"\",\"potentialAction\":[{\"@type\":\"SearchAction\",\"target\":{\"@type\":\"EntryPoint\",\"urlTemplate\":\"https:\\\/\\\/www.telaled.com\\\/?s={search_term_string}\"},\"query-input\":{\"@type\":\"PropertyValueSpecification\",\"valueRequired\":true,\"valueName\":\"search_term_string\"}}],\"inLanguage\":\"cs\"}]}<\/script>\n<!-- \/ Yoast SEO plugin. -->","yoast_head_json":{"title":"LED obrazovka pro DJ pult \u0158ada TCI | Interaktivn\u00ed LED obrazovky v r\u016fzn\u00fdch form\u00e1tech | TELALED","description":"Prom\u011b\u0148te sv\u00e9 DJ sety s LED obrazovkou pro DJsk\u00e9 kabiny \u0159ady TCI. K dispozici v r\u016fzn\u00fdch form\u00e1tech s rozte\u010d\u00ed pixel\u016f 4 mm, kter\u00e1 vytv\u00e1\u0159\u00ed podmaniv\u00fd z\u00e1\u017eitek. Kontaktujte n\u00e1s je\u0161t\u011b dnes a z\u00edskejte \u0159e\u0161en\u00ed na m\u00edru!","robots":{"index":"index","follow":"follow","max-snippet":"max-snippet:-1","max-image-preview":"max-image-preview:large","max-video-preview":"max-video-preview:-1"},"canonical":"https:\/\/www.telaled.com\/cs\/fabrica\/dj-booth-led-screen-serie-tci\/","og_locale":"cs_CZ","og_type":"article","og_title":"DJ Booth LED Screen S\u00e9rie TCI | Telas LED Interativas em V\u00e1rios Formatos | TELALED","og_description":"Transforme suas apresenta\u00e7\u00f5es de DJ Booth LED Screen S\u00e9rie TCI para Cabines de DJ. Dispon\u00edveis em diversos formatos com pixel pitch de 4 mm, criam uma experi\u00eancia cativante. Entre em contato conosco hoje mesmo para uma solu\u00e7\u00e3o personalizada!","og_url":"https:\/\/www.telaled.com\/cs\/fabrica\/dj-booth-led-screen-serie-tci\/","og_site_name":"TELALED","article_modified_time":"2026-01-06T01:20:53+00:00","og_image":[{"width":500,"height":500,"url":"https:\/\/www.telaled.com\/wp-content\/uploads\/2025\/09\/dj-booth-led-screen.webp","type":"image\/webp"}],"twitter_card":"summary_large_image","twitter_misc":{"Est. reading time":"3 minuty"},"schema":{"@context":"https:\/\/schema.org","@graph":[{"@type":"WebPage","@id":"https:\/\/www.telaled.com\/fabrica\/dj-booth-led-screen-serie-tci\/","url":"https:\/\/www.telaled.com\/fabrica\/dj-booth-led-screen-serie-tci\/","name":"LED obrazovka pro DJ pult \u0158ada TCI | Interaktivn\u00ed LED obrazovky v r\u016fzn\u00fdch form\u00e1tech | TELALED","isPartOf":{"@id":"https:\/\/www.telaled.com\/#website"},"primaryImageOfPage":{"@id":"https:\/\/www.telaled.com\/fabrica\/dj-booth-led-screen-serie-tci\/#primaryimage"},"image":{"@id":"https:\/\/www.telaled.com\/fabrica\/dj-booth-led-screen-serie-tci\/#primaryimage"},"thumbnailUrl":"https:\/\/www.telaled.com\/wp-content\/uploads\/2025\/09\/dj-booth-led-screen.webp","datePublished":"2025-09-12T05:59:46+00:00","dateModified":"2026-01-06T01:20:53+00:00","description":"Prom\u011b\u0148te sv\u00e9 DJ sety s LED obrazovkou pro DJsk\u00e9 kabiny \u0159ady TCI. K dispozici v r\u016fzn\u00fdch form\u00e1tech s rozte\u010d\u00ed pixel\u016f 4 mm, kter\u00e1 vytv\u00e1\u0159\u00ed podmaniv\u00fd z\u00e1\u017eitek. Kontaktujte n\u00e1s je\u0161t\u011b dnes a z\u00edskejte \u0159e\u0161en\u00ed na m\u00edru!","breadcrumb":{"@id":"https:\/\/www.telaled.com\/fabrica\/dj-booth-led-screen-serie-tci\/#breadcrumb"},"inLanguage":"cs","potentialAction":[{"@type":"ReadAction","target":["https:\/\/www.telaled.com\/fabrica\/dj-booth-led-screen-serie-tci\/"]}]},{"@type":"ImageObject","inLanguage":"cs","@id":"https:\/\/www.telaled.com\/fabrica\/dj-booth-led-screen-serie-tci\/#primaryimage","url":"https:\/\/www.telaled.com\/wp-content\/uploads\/2025\/09\/dj-booth-led-screen.webp","contentUrl":"https:\/\/www.telaled.com\/wp-content\/uploads\/2025\/09\/dj-booth-led-screen.webp","width":500,"height":500,"caption":"dj-booth-led-screen"},{"@type":"BreadcrumbList","@id":"https:\/\/www.telaled.com\/fabrica\/dj-booth-led-screen-serie-tci\/#breadcrumb","itemListElement":[{"@type":"ListItem","position":1,"name":"Home","item":"https:\/\/www.telaled.com\/"},{"@type":"ListItem","position":2,"name":"Produtos","item":"https:\/\/www.telaled.com\/shop\/"},{"@type":"ListItem","position":3,"name":"DJ Booth LED Screen S\u00e9rie TCI"}]},{"@type":"WebSite","@id":"https:\/\/www.telaled.com\/#website","url":"https:\/\/www.telaled.com\/","name":"LED obrazovka","description":"","potentialAction":[{"@type":"SearchAction","target":{"@type":"EntryPoint","urlTemplate":"https:\/\/www.telaled.com\/?s={search_term_string}"},"query-input":{"@type":"PropertyValueSpecification","valueRequired":true,"valueName":"search_term_string"}}],"inLanguage":"cs"}]}},"_links":{"self":[{"href":"https:\/\/www.telaled.com\/cs\/wp-json\/wp\/v2\/product\/3299","targetHints":{"allow":["GET"]}}],"collection":[{"href":"https:\/\/www.telaled.com\/cs\/wp-json\/wp\/v2\/product"}],"about":[{"href":"https:\/\/www.telaled.com\/cs\/wp-json\/wp\/v2\/types\/product"}],"wp:featuredmedia":[{"embeddable":true,"href":"https:\/\/www.telaled.com\/cs\/wp-json\/wp\/v2\/media\/3300"}],"wp:attachment":[{"href":"https:\/\/www.telaled.com\/cs\/wp-json\/wp\/v2\/media?parent=3299"}],"wp:term":[{"taxonomy":"product_brand","embeddable":true,"href":"https:\/\/www.telaled.com\/cs\/wp-json\/wp\/v2\/product_brand?post=3299"},{"taxonomy":"product_cat","embeddable":true,"href":"https:\/\/www.telaled.com\/cs\/wp-json\/wp\/v2\/product_cat?post=3299"},{"taxonomy":"product_tag","embeddable":true,"href":"https:\/\/www.telaled.com\/cs\/wp-json\/wp\/v2\/product_tag?post=3299"}],"curies":[{"name":"wp","href":"https:\/\/api.w.org\/{rel}","templated":true}]}}