{"id":3288,"date":"2025-09-10T09:41:55","date_gmt":"2025-09-10T09:41:55","guid":{"rendered":"https:\/\/www.telaled.com\/?post_type=product&#038;p=3288"},"modified":"2026-01-06T01:09:29","modified_gmt":"2026-01-06T01:09:29","slug":"tela-led-em-forma-de-rosto-serie-tch","status":"publish","type":"product","link":"https:\/\/www.telaled.com\/cs\/fabrica\/tela-led-em-forma-de-rosto-serie-tch\/","title":{"rendered":"LED displej ve tvaru obli\u010deje \u0159ady TCH"},"content":{"rendered":"<div class=\"row\"  id=\"row-2062893019\">\n\n\t<div id=\"col-549325460\" class=\"col small-12 large-12\"  >\n\t\t\t\t<div class=\"col-inner\"  >\n\t\t\t\n\t\t\t\n<h2>Exkluzivn\u00ed v\u00fdhody LED obrazovky ve tvaru obli\u010deje \u0159ady TCH<\/h2>\n<h3><strong>Vynikaj\u00edc\u00ed odolnost<\/strong><\/h3>\n<ul>\n<li>Vyrobeno z vyztu\u017een\u00fdch materi\u00e1l\u016f sk\u0159\u00edn\u011b, aby se zabr\u00e1nilo deformaci a po\u0161kozen\u00ed.<\/li>\n<li>Navr\u017eeno pro nep\u0159etr\u017eit\u00fd provoz 24 hodin denn\u011b, 7 dn\u00ed v t\u00fddnu bez p\u0159eh\u0159\u00edv\u00e1n\u00ed nebo ztr\u00e1ty v\u00fdkonu.<\/li>\n<li>LED s dlouhou \u017eivotnost\u00ed, s v\u00edce ne\u017e 100 000 hodinami nep\u0159etr\u017eit\u00e9ho pou\u017e\u00edv\u00e1n\u00ed.<\/li>\n<li>Stabiln\u00ed i p\u0159i \u010dast\u00e9 instalaci, p\u0159eprav\u011b nebo venkovn\u00edm prost\u0159ed\u00ed.<\/li>\n<\/ul>\n<h3><strong>V\u00fdjime\u010dn\u00e1 vizu\u00e1ln\u00ed kvalita<\/strong><\/h3>\n<ul>\n<li><a href=\"https:\/\/www.telaled.com\/cs\/pixel-pitch\/\">Rozte\u010d pixel\u016f<\/a> Vysok\u00e9 rozli\u0161en\u00ed (a\u017e P4) pro ostr\u00e9 detaily obrazu.<\/li>\n<li>\u0160irok\u00fd barevn\u00fd gamut pro p\u0159esnou a z\u00e1\u0159ivou reprodukci.<\/li>\n<li>Jas a\u017e 5 000 nit\u016f pro dobrou viditelnost uvnit\u0159 i venku.<\/li>\n<li>Vysok\u00e1 obnovovac\u00ed frekvence (\u22651920 Hz) pro plynul\u00e9 p\u0159ehr\u00e1v\u00e1n\u00ed videa bez blik\u00e1n\u00ed.<\/li>\n<\/ul>\n<h3><strong>Kompletn\u00ed p\u0159izp\u016fsobivost<\/strong><\/h3>\n<ul>\n<li>K dispozici ve vlastn\u00edch form\u00e1tech, v\u010detn\u011b profil\u016f obli\u010dej\u016f a nepravideln\u00fdch rozvr\u017een\u00ed.<\/li>\n<li>Flexibiln\u00ed mo\u017enosti \u0161k\u00e1lov\u00e1n\u00ed, od mal\u00fdch panel\u016f a\u017e po rozs\u00e1hl\u00e9 instalace.<\/li>\n<li>Podporuje intern\u00ed i extern\u00ed aplikace.<\/li>\n<li>Snadn\u00e1 integrace se st\u00e1vaj\u00edc\u00edmi \u0159\u00eddic\u00edmi syst\u00e9my pro kreativn\u00ed displeje.<\/li>\n<\/ul>\n<h3><strong>Komplexn\u00ed podpora<\/strong><\/h3>\n<ul>\n<li>Nonstop vzd\u00e1len\u00e1 technick\u00e1 podpora: Z\u00edskejte p\u0159\u00edstup k odborn\u00e9 pomoci kdykoli a kdekoli.<\/li>\n<li>5% n\u00e1hradn\u00edch d\u00edl\u016f v cen\u011b: Ka\u017ed\u00e1 objedn\u00e1vka obsahuje dal\u0161\u00ed komponenty pro zv\u00fd\u0161en\u00ed spolehlivosti a zaji\u0161t\u011bn\u00ed klidu.<\/li>\n<li>3let\u00e1 prodlou\u017een\u00e1 z\u00e1ruka: Vyu\u017eijte dlouhodobou konvergenci pro lep\u0161\u00ed v\u00fdkon a spolehliv\u00fd servis.<\/li>\n<\/ul>\n<h2>Detaily produktu<\/h2>\n<div class=\"row\"  id=\"row-845211309\">\n\n\t<div id=\"col-823696475\" class=\"col medium-10 small-12 large-10\"  >\n\t\t\t\t<div class=\"col-inner text-left\"  >\n\t\t\t\n\t\t\t\n<ul>\n<li>Nab\u00edz\u00ed ostr\u00fd obraz ve vysok\u00e9m rozli\u0161en\u00ed s bohat\u00fdmi barvami a intenzivn\u00edm kontrastem. HD obraz je ostr\u00fd a p\u0159esn\u00fd, tak\u017ee obsah je \u017eiv\u00fd a poutav\u00fd. Kvalita obrazu funguje v jak\u00e9mkoli prost\u0159ed\u00ed a zaji\u0161\u0165uje, \u017ee va\u0161e vizu\u00e1ln\u00ed z\u00e1\u017eitky zanechaj\u00ed trval\u00fd dojem.<\/li>\n<\/ul>\n\t<div class=\"img has-hover x md-x lg-x y md-y lg-y\" id=\"image_2084726201\">\n\t\t\t\t\t\t\t\t<div class=\"img-inner dark\" >\n\t\t\t<img loading=\"lazy\" decoding=\"async\" width=\"600\" height=\"400\" src=\"https:\/\/www.telaled.com\/wp-content\/uploads\/2025\/09\/Excelente-desempenho.webp\" class=\"attachment-original size-original\" alt=\"Vynikaj\u00edc\u00ed v\u00fdkon\" srcset=\"https:\/\/www.telaled.com\/wp-content\/uploads\/2025\/09\/Excelente-desempenho.webp 600w, https:\/\/www.telaled.com\/wp-content\/uploads\/2025\/09\/Excelente-desempenho-300x200.webp 300w, https:\/\/www.telaled.com\/wp-content\/uploads\/2025\/09\/Excelente-desempenho-18x12.webp 18w\" sizes=\"auto, (max-width: 600px) 100vw, 600px\" \/>\t\t\t\t\t\t\n\t\t\t\t\t<\/div>\n\t\t\t\t\t\t\t\t\n<style>\n#image_2084726201 {\n  width: 95%;\n}\n<\/style>\n\t<\/div>\n\t\n<ul>\n<li>Vyu\u017e\u00edv\u00e1 m\u011bkk\u00e9 moduly pro beze\u0161v\u00e9 spoje, \u010d\u00edm\u017e vytv\u00e1\u0159\u00ed hladk\u00fd a nep\u0159eru\u0161ovan\u00fd obraz. D\u00edky \u0161irok\u00fdm pozorovac\u00edm \u00fahl\u016fm a vynikaj\u00edc\u00ed povrchov\u00e9 \u00faprav\u011b poskytuje jasn\u00fd, konzistentn\u00ed a vynikaj\u00edc\u00ed vizu\u00e1ln\u00ed z\u00e1\u017eitek v jak\u00e9koli poloze.<\/li>\n<\/ul>\n\t\t<\/div>\n\t\t\t\t\t<\/div>\n\n\t\n\n\t<div id=\"col-1428560434\" class=\"col medium-10 small-12 large-10\"  >\n\t\t\t\t<div class=\"col-inner text-left\"  >\n\t\t\t\n\t\t\t\n\t<div class=\"img has-hover x md-x lg-x y md-y lg-y\" id=\"image_1085587092\">\n\t\t\t\t\t\t\t\t<div class=\"img-inner dark\" >\n\t\t\t<img loading=\"lazy\" decoding=\"async\" width=\"640\" height=\"430\" src=\"https:\/\/www.telaled.com\/wp-content\/uploads\/2025\/09\/Emenda-perfeita-visualizacao-superior.webp\" class=\"attachment-large size-large\" alt=\"Perfektn\u00ed spoj, vynikaj\u00edc\u00ed v\u00fdhled\" srcset=\"https:\/\/www.telaled.com\/wp-content\/uploads\/2025\/09\/Emenda-perfeita-visualizacao-superior.webp 640w, https:\/\/www.telaled.com\/wp-content\/uploads\/2025\/09\/Emenda-perfeita-visualizacao-superior-300x202.webp 300w, https:\/\/www.telaled.com\/wp-content\/uploads\/2025\/09\/Emenda-perfeita-visualizacao-superior-18x12.webp 18w, https:\/\/www.telaled.com\/wp-content\/uploads\/2025\/09\/Emenda-perfeita-visualizacao-superior-600x403.webp 600w\" sizes=\"auto, (max-width: 640px) 100vw, 640px\" \/>\t\t\t\t\t\t\n\t\t\t\t\t<\/div>\n\t\t\t\t\t\t\t\t\n<style>\n#image_1085587092 {\n  width: 95%;\n}\n<\/style>\n\t<\/div>\n\t\n<ul>\n<li>Navr\u017eeno pro snadn\u00e9 pou\u017eit\u00ed, nab\u00edz\u00ed plynul\u00fd provoz a bezprobl\u00e9mov\u00fd z\u00e1\u017eitek. Jeho konstrukce umo\u017e\u0148uje rychlou instalaci a pohodlnou p\u0159epravu, ide\u00e1ln\u00ed pro akce a m\u00edsta, kter\u00e1 vy\u017eaduj\u00ed spolehliv\u00e9 nastaven\u00ed a flexibilitu.<\/li>\n<\/ul>\n\t<div class=\"img has-hover x md-x lg-x y md-y lg-y\" id=\"image_1140824451\">\n\t\t\t\t\t\t\t\t<div class=\"img-inner dark\" >\n\t\t\t<img loading=\"lazy\" decoding=\"async\" width=\"640\" height=\"430\" src=\"https:\/\/www.telaled.com\/wp-content\/uploads\/2025\/09\/Operacao-facil.webp\" class=\"attachment-large size-large\" alt=\"Snadn\u00e1 obsluha\" srcset=\"https:\/\/www.telaled.com\/wp-content\/uploads\/2025\/09\/Operacao-facil.webp 640w, https:\/\/www.telaled.com\/wp-content\/uploads\/2025\/09\/Operacao-facil-300x202.webp 300w, https:\/\/www.telaled.com\/wp-content\/uploads\/2025\/09\/Operacao-facil-18x12.webp 18w, https:\/\/www.telaled.com\/wp-content\/uploads\/2025\/09\/Operacao-facil-600x403.webp 600w\" sizes=\"auto, (max-width: 640px) 100vw, 640px\" \/>\t\t\t\t\t\t\n\t\t\t\t\t<\/div>\n\t\t\t\t\t\t\t\t\n<style>\n#image_1140824451 {\n  width: 95%;\n}\n<\/style>\n\t<\/div>\n\t\n\t\t<\/div>\n\t\t\t\t\t<\/div>\n\n\t\n\n\t<div id=\"col-1639184738\" class=\"col medium-10 small-12 large-10\"  >\n\t\t\t\t<div class=\"col-inner text-left\"  >\n\t\t\t\n\t\t\t\n<ul>\n<li>Na\u0161e LED displeje ve tvaru obli\u010deje \u0159ady TCH jsou baleny v zes\u00edlen\u00fdch d\u0159ev\u011bn\u00fdch bedn\u00e1ch, kter\u00e9 je chr\u00e1n\u00ed b\u011bhem p\u0159epravy. Ka\u017ed\u00e1 jednotka je bezpe\u010dn\u011b zabalena, aby se zabr\u00e1nilo po\u0161kozen\u00ed \u0161k\u016fdci, n\u00e1razy a dal\u0161\u00edmi nebezpe\u010d\u00edmi. To zaji\u0161\u0165uje odolnost a bezpe\u010dn\u00e9 doru\u010den\u00ed.<\/li>\n<\/ul>\n\t<div class=\"img has-hover x md-x lg-x y md-y lg-y\" id=\"image_611405186\">\n\t\t\t\t\t\t\t\t<div class=\"img-inner dark\" >\n\t\t\t<img loading=\"lazy\" decoding=\"async\" width=\"760\" height=\"1024\" src=\"https:\/\/www.telaled.com\/wp-content\/uploads\/2025\/08\/36123f2c-de60-488d-af81-255cd4aee54a-760x1024.webp\" class=\"attachment-large size-large\" alt=\"\" srcset=\"https:\/\/www.telaled.com\/wp-content\/uploads\/2025\/08\/36123f2c-de60-488d-af81-255cd4aee54a-760x1024.webp 760w, https:\/\/www.telaled.com\/wp-content\/uploads\/2025\/08\/36123f2c-de60-488d-af81-255cd4aee54a-223x300.webp 223w, https:\/\/www.telaled.com\/wp-content\/uploads\/2025\/08\/36123f2c-de60-488d-af81-255cd4aee54a-768x1035.webp 768w, https:\/\/www.telaled.com\/wp-content\/uploads\/2025\/08\/36123f2c-de60-488d-af81-255cd4aee54a-9x12.webp 9w, https:\/\/www.telaled.com\/wp-content\/uploads\/2025\/08\/36123f2c-de60-488d-af81-255cd4aee54a-600x808.webp 600w, https:\/\/www.telaled.com\/wp-content\/uploads\/2025\/08\/36123f2c-de60-488d-af81-255cd4aee54a.webp 795w\" sizes=\"auto, (max-width: 760px) 100vw, 760px\" \/>\t\t\t\t\t\t\n\t\t\t\t\t<\/div>\n\t\t\t\t\t\t\t\t\n<style>\n#image_611405186 {\n  width: 95%;\n}\n<\/style>\n\t<\/div>\n\t\n\n<table id=\"tablepress-52\" class=\"tablepress tablepress-id-52\">\n<thead>\n<tr class=\"row-1\">\n\t<th class=\"column-1\">Specifikace:<\/th><th class=\"column-2\">TCH-P4-S118<\/th>\n<\/tr>\n<\/thead>\n<tbody class=\"row-striping row-hover\">\n<tr class=\"row-2\">\n\t<td class=\"column-1\">Slo\u017een\u00ed pixelov\u00fdch bod\u016f:<\/td><td class=\"column-2\">2121 (3 v 1)<\/td>\n<\/tr>\n<tr class=\"row-3\">\n\t<td class=\"column-1\">Rozli\u0161en\u00ed pixel\u016f:<\/td><td class=\"column-2\">550*370<\/td>\n<\/tr>\n<tr class=\"row-4\">\n\t<td class=\"column-1\">Velikost obrazovky (mm):<\/td><td class=\"column-2\">2200*1480<\/td>\n<\/tr>\n<tr class=\"row-5\">\n\t<td class=\"column-1\">Hustota zobrazen\u00ed:<\/td><td class=\"column-2\">62500 bod\u016f\/\u33a1<\/td>\n<\/tr>\n<tr class=\"row-6\">\n\t<td class=\"column-1\">Ide\u00e1ln\u00ed pozorovac\u00ed vzd\u00e1lenost (m):<\/td><td class=\"column-2\">4\u2013100 m<\/td>\n<\/tr>\n<tr class=\"row-7\">\n\t<td class=\"column-1\">\u0160pi\u010dkov\u00e1 spot\u0159eba energie:<\/td><td class=\"column-2\">800 W\/\u33a1<\/td>\n<\/tr>\n<tr class=\"row-8\">\n\t<td class=\"column-1\">Metoda skenov\u00e1n\u00ed:<\/td><td class=\"column-2\">16 sken\u016f<\/td>\n<\/tr>\n<tr class=\"row-9\">\n\t<td class=\"column-1\">Jas: (CD\/\u33a1)<\/td><td class=\"column-2\">1600<\/td>\n<\/tr>\n<tr class=\"row-10\">\n\t<td class=\"column-1\">Perspektivn\u00ed:<\/td><td class=\"column-2\">H 360\u00b0 V 360\u00b0<\/td>\n<\/tr>\n<tr class=\"row-11\">\n\t<td class=\"column-1\">Provozn\u00ed nap\u011bt\u00ed:<\/td><td class=\"column-2\">AC 220V\/100V\u00b115% 47~64HZ<\/td>\n<\/tr>\n<tr class=\"row-12\">\n\t<td class=\"column-1\">Nap\u00e1jec\u00ed nap\u011bt\u00ed:<\/td><td class=\"column-2\">5V<\/td>\n<\/tr>\n<tr class=\"row-13\">\n\t<td class=\"column-1\">Provozn\u00ed teplota okol\u00ed syst\u00e9mu:<\/td><td class=\"column-2\">-20~60\u00b0C<\/td>\n<\/tr>\n<tr class=\"row-14\">\n\t<td class=\"column-1\">Syst\u00e9m pracuje v m\u00edrn\u00e9m prost\u0159ed\u00ed:<\/td><td class=\"column-2\">10%~90% UR<\/td>\n<\/tr>\n<tr class=\"row-15\">\n\t<td class=\"column-1\">Barva obrazovky:<\/td><td class=\"column-2\">16,7 milionu<\/td>\n<\/tr>\n<tr class=\"row-16\">\n\t<td class=\"column-1\">\u00darove\u0148 \u0161ed\u00e9:<\/td><td class=\"column-2\">16384<\/td>\n<\/tr>\n<tr class=\"row-17\">\n\t<td class=\"column-1\">Zp\u016fsob komunikace:<\/td><td class=\"column-2\">Synchronizace<\/td>\n<\/tr>\n<\/tbody>\n<\/table>\n\n\t\t<\/div>\n\t\t\t\t\t<\/div>\n\n\t\n<\/div>\n\t\t<\/div>\n\t\t\t\t\t<\/div>\n\n\t\n<\/div>","protected":false},"excerpt":{"rendered":"<p><strong>LED displeje ve tvaru obli\u010deje \u0159ady TCH: Kreativn\u00ed a p\u0159izp\u016fsoben\u00e9 LED displeje<\/strong><\/p>\n<p>Z\u00edskejte <strong><em>LED displej ve tvaru obli\u010deje \u0159ady TCH<\/em><\/strong>, D\u00edky rozte\u010di pixel\u016f 4 mm, zak\u00e1zkov\u00e9mu designu a pr\u00e9miov\u00e9 kvalit\u011b jsou na\u0161e displeje kreativn\u00edmi vizu\u00e1ly, kter\u00e9 o\u017eiv\u00ed ka\u017edou akci nebo m\u00edsto kon\u00e1n\u00ed. Po\u017e\u00e1dejte o \u0159e\u0161en\u00ed je\u0161t\u011b dnes!<\/p>\n<p><strong>Hlavn\u00ed vlastnosti:<\/strong><\/p>\n<ul>\n<li><span class=\"jCAhz ChMk0b\"><span class=\"ryNqvb\"><strong>P\u0159izp\u016fsobiteln\u00e9 form\u00e1ty:<\/strong> P\u0159ekonejte standardy displej\u016f s designem <strong>LED displej s p\u0159izp\u016fsobiteln\u00fdm cifern\u00edkem.<\/strong> aby odpov\u00eddaly va\u0161emu t\u00e9matu nebo zna\u010dce.<\/span><\/span><\/li>\n<li><span class=\"jCAhz ChMk0b\"><span class=\"ryNqvb\"><strong> Vysok\u00e1 vizu\u00e1ln\u00ed \u010distota:<\/strong> Rozte\u010d pixel\u016f 4 mm poskytuje ostr\u00fd a detailn\u00ed obraz, a to i na kr\u00e1tkou pozorovac\u00ed vzd\u00e1lenost.<\/span><\/span><\/li>\n<li><span class=\"jCAhz ChMk0b\"><span class=\"ryNqvb\"><strong>Kreativn\u00ed aplikace:<\/strong> Ide\u00e1ln\u00ed pro <a href=\"https:\/\/www.telaled.com\/cs\/telao-de-led-para-eventos\/\">ud\u00e1losti<\/a>, v\u00fdstavy, reklama a um\u011bleck\u00e9 instalace, kde je d\u016fle\u017eit\u00fd vizu\u00e1ln\u00ed dopad.<\/span><\/span><\/li>\n<li>Mo\u017enosti velk\u00e9ho form\u00e1tu: standardn\u00ed velikost 2200 x 1480 mm, k dispozici jsou i dal\u0161\u00ed zak\u00e1zkov\u00e9 velikosti pro r\u016fzn\u00e9 aplikace.<\/li>\n<\/ul>\n<p>N\u00e1\u0161 t\u00fdm nab\u00edz\u00ed nep\u0159etr\u017eitou vzd\u00e1lenou podporu a 3letou z\u00e1ruku. Kontaktujte n\u00e1s je\u0161t\u011b dnes a z\u00edskejte individu\u00e1ln\u00ed cenovou nab\u00eddku.<\/p>","protected":false},"featured_media":3289,"template":"","meta":[],"product_brand":[],"product_cat":[48,40,46],"product_tag":[],"class_list":{"0":"post-3288","1":"product","2":"type-product","3":"status-publish","4":"has-post-thumbnail","6":"product_cat-paineis-personalizados","7":"product_cat-painel-de-led","8":"product_cat-painel-de-video","10":"first","11":"instock","12":"shipping-taxable","13":"product-type-simple"},"yoast_head":"<!-- This site is optimized with the Yoast SEO plugin v27.4 - https:\/\/yoast.com\/product\/yoast-seo-wordpress\/ -->\n<title>Tela LED em Forma de Rosto S\u00e9rie TCH | Designs e Displays de Alta Qualidade | TELALED<\/title>\n<meta name=\"description\" content=\"A Tela LED em Forma de Rosto S\u00e9rie TCH oferece um design personaliz\u00e1vel com pixel pitch de 4 mm e qualidade superior. Perfeita para projetos criativos e displays chamativos. Solicite sua solu\u00e7\u00e3o hoje mesmo!\" \/>\n<meta name=\"robots\" content=\"index, follow, max-snippet:-1, max-image-preview:large, max-video-preview:-1\" \/>\n<link rel=\"canonical\" href=\"https:\/\/www.telaled.com\/cs\/fabrica\/tela-led-em-forma-de-rosto-serie-tch\/\" \/>\n<meta property=\"og:locale\" content=\"cs_CZ\" \/>\n<meta property=\"og:type\" content=\"article\" \/>\n<meta property=\"og:title\" content=\"Tela LED em Forma de Rosto S\u00e9rie TCH | Designs e Displays de Alta Qualidade | TELALED\" \/>\n<meta property=\"og:description\" content=\"A Tela LED em Forma de Rosto S\u00e9rie TCH oferece um design personaliz\u00e1vel com pixel pitch de 4 mm e qualidade superior. Perfeita para projetos criativos e displays chamativos. Solicite sua solu\u00e7\u00e3o hoje mesmo!\" \/>\n<meta property=\"og:url\" content=\"https:\/\/www.telaled.com\/cs\/fabrica\/tela-led-em-forma-de-rosto-serie-tch\/\" \/>\n<meta property=\"og:site_name\" content=\"TELALED\" \/>\n<meta property=\"article:modified_time\" content=\"2026-01-06T01:09:29+00:00\" \/>\n<meta property=\"og:image\" content=\"https:\/\/www.telaled.com\/wp-content\/uploads\/2025\/09\/Tela-LED-em-Forma-de-Rosto.webp\" \/>\n\t<meta property=\"og:image:width\" content=\"500\" \/>\n\t<meta property=\"og:image:height\" content=\"500\" \/>\n\t<meta property=\"og:image:type\" content=\"image\/webp\" \/>\n<meta name=\"twitter:card\" content=\"summary_large_image\" \/>\n<meta name=\"twitter:label1\" content=\"Est. reading time\" \/>\n\t<meta name=\"twitter:data1\" content=\"3 minuty\" \/>\n<script type=\"application\/ld+json\" class=\"yoast-schema-graph\">{\"@context\":\"https:\\\/\\\/schema.org\",\"@graph\":[{\"@type\":\"WebPage\",\"@id\":\"https:\\\/\\\/www.telaled.com\\\/fabrica\\\/tela-led-em-forma-de-rosto-serie-tch\\\/\",\"url\":\"https:\\\/\\\/www.telaled.com\\\/fabrica\\\/tela-led-em-forma-de-rosto-serie-tch\\\/\",\"name\":\"Tela LED em Forma de Rosto S\u00e9rie TCH | Designs e Displays de Alta Qualidade | TELALED\",\"isPartOf\":{\"@id\":\"https:\\\/\\\/www.telaled.com\\\/#website\"},\"primaryImageOfPage\":{\"@id\":\"https:\\\/\\\/www.telaled.com\\\/fabrica\\\/tela-led-em-forma-de-rosto-serie-tch\\\/#primaryimage\"},\"image\":{\"@id\":\"https:\\\/\\\/www.telaled.com\\\/fabrica\\\/tela-led-em-forma-de-rosto-serie-tch\\\/#primaryimage\"},\"thumbnailUrl\":\"https:\\\/\\\/www.telaled.com\\\/wp-content\\\/uploads\\\/2025\\\/09\\\/Tela-LED-em-Forma-de-Rosto.webp\",\"datePublished\":\"2025-09-10T09:41:55+00:00\",\"dateModified\":\"2026-01-06T01:09:29+00:00\",\"description\":\"A Tela LED em Forma de Rosto S\u00e9rie TCH oferece um design personaliz\u00e1vel com pixel pitch de 4 mm e qualidade superior. Perfeita para projetos criativos e displays chamativos. Solicite sua solu\u00e7\u00e3o hoje mesmo!\",\"breadcrumb\":{\"@id\":\"https:\\\/\\\/www.telaled.com\\\/fabrica\\\/tela-led-em-forma-de-rosto-serie-tch\\\/#breadcrumb\"},\"inLanguage\":\"cs\",\"potentialAction\":[{\"@type\":\"ReadAction\",\"target\":[\"https:\\\/\\\/www.telaled.com\\\/fabrica\\\/tela-led-em-forma-de-rosto-serie-tch\\\/\"]}]},{\"@type\":\"ImageObject\",\"inLanguage\":\"cs\",\"@id\":\"https:\\\/\\\/www.telaled.com\\\/fabrica\\\/tela-led-em-forma-de-rosto-serie-tch\\\/#primaryimage\",\"url\":\"https:\\\/\\\/www.telaled.com\\\/wp-content\\\/uploads\\\/2025\\\/09\\\/Tela-LED-em-Forma-de-Rosto.webp\",\"contentUrl\":\"https:\\\/\\\/www.telaled.com\\\/wp-content\\\/uploads\\\/2025\\\/09\\\/Tela-LED-em-Forma-de-Rosto.webp\",\"width\":500,\"height\":500,\"caption\":\"Tela-LED-em-Forma-de-Rosto\"},{\"@type\":\"BreadcrumbList\",\"@id\":\"https:\\\/\\\/www.telaled.com\\\/fabrica\\\/tela-led-em-forma-de-rosto-serie-tch\\\/#breadcrumb\",\"itemListElement\":[{\"@type\":\"ListItem\",\"position\":1,\"name\":\"Home\",\"item\":\"https:\\\/\\\/www.telaled.com\\\/\"},{\"@type\":\"ListItem\",\"position\":2,\"name\":\"Produtos\",\"item\":\"https:\\\/\\\/www.telaled.com\\\/shop\\\/\"},{\"@type\":\"ListItem\",\"position\":3,\"name\":\"Tela LED em Forma de Rosto S\u00e9rie TCH\"}]},{\"@type\":\"WebSite\",\"@id\":\"https:\\\/\\\/www.telaled.com\\\/#website\",\"url\":\"https:\\\/\\\/www.telaled.com\\\/\",\"name\":\"TELALED\",\"description\":\"\",\"potentialAction\":[{\"@type\":\"SearchAction\",\"target\":{\"@type\":\"EntryPoint\",\"urlTemplate\":\"https:\\\/\\\/www.telaled.com\\\/?s={search_term_string}\"},\"query-input\":{\"@type\":\"PropertyValueSpecification\",\"valueRequired\":true,\"valueName\":\"search_term_string\"}}],\"inLanguage\":\"cs\"}]}<\/script>\n<!-- \/ Yoast SEO plugin. -->","yoast_head_json":{"title":"LED obrazovka ve tvaru obli\u010deje \u0159ady TCH | Vysoce kvalitn\u00ed design a displeje | TELALED","description":"LED displeje \u0159ady TCH ve tvaru obli\u010deje nab\u00edzej\u00ed p\u0159izp\u016fsobiteln\u00fd design s rozte\u010d\u00ed pixel\u016f 4 mm a vynikaj\u00edc\u00ed kvalitou. Ide\u00e1ln\u00ed pro kreativn\u00ed projekty a poutav\u00e9 displeje. Po\u017e\u00e1dejte o \u0159e\u0161en\u00ed je\u0161t\u011b dnes!","robots":{"index":"index","follow":"follow","max-snippet":"max-snippet:-1","max-image-preview":"max-image-preview:large","max-video-preview":"max-video-preview:-1"},"canonical":"https:\/\/www.telaled.com\/cs\/fabrica\/tela-led-em-forma-de-rosto-serie-tch\/","og_locale":"cs_CZ","og_type":"article","og_title":"Tela LED em Forma de Rosto S\u00e9rie TCH | Designs e Displays de Alta Qualidade | TELALED","og_description":"A Tela LED em Forma de Rosto S\u00e9rie TCH oferece um design personaliz\u00e1vel com pixel pitch de 4 mm e qualidade superior. Perfeita para projetos criativos e displays chamativos. Solicite sua solu\u00e7\u00e3o hoje mesmo!","og_url":"https:\/\/www.telaled.com\/cs\/fabrica\/tela-led-em-forma-de-rosto-serie-tch\/","og_site_name":"TELALED","article_modified_time":"2026-01-06T01:09:29+00:00","og_image":[{"width":500,"height":500,"url":"https:\/\/www.telaled.com\/wp-content\/uploads\/2025\/09\/Tela-LED-em-Forma-de-Rosto.webp","type":"image\/webp"}],"twitter_card":"summary_large_image","twitter_misc":{"Est. reading time":"3 minuty"},"schema":{"@context":"https:\/\/schema.org","@graph":[{"@type":"WebPage","@id":"https:\/\/www.telaled.com\/fabrica\/tela-led-em-forma-de-rosto-serie-tch\/","url":"https:\/\/www.telaled.com\/fabrica\/tela-led-em-forma-de-rosto-serie-tch\/","name":"LED obrazovka ve tvaru obli\u010deje \u0159ady TCH | Vysoce kvalitn\u00ed design a displeje | TELALED","isPartOf":{"@id":"https:\/\/www.telaled.com\/#website"},"primaryImageOfPage":{"@id":"https:\/\/www.telaled.com\/fabrica\/tela-led-em-forma-de-rosto-serie-tch\/#primaryimage"},"image":{"@id":"https:\/\/www.telaled.com\/fabrica\/tela-led-em-forma-de-rosto-serie-tch\/#primaryimage"},"thumbnailUrl":"https:\/\/www.telaled.com\/wp-content\/uploads\/2025\/09\/Tela-LED-em-Forma-de-Rosto.webp","datePublished":"2025-09-10T09:41:55+00:00","dateModified":"2026-01-06T01:09:29+00:00","description":"LED displeje \u0159ady TCH ve tvaru obli\u010deje nab\u00edzej\u00ed p\u0159izp\u016fsobiteln\u00fd design s rozte\u010d\u00ed pixel\u016f 4 mm a vynikaj\u00edc\u00ed kvalitou. Ide\u00e1ln\u00ed pro kreativn\u00ed projekty a poutav\u00e9 displeje. Po\u017e\u00e1dejte o \u0159e\u0161en\u00ed je\u0161t\u011b dnes!","breadcrumb":{"@id":"https:\/\/www.telaled.com\/fabrica\/tela-led-em-forma-de-rosto-serie-tch\/#breadcrumb"},"inLanguage":"cs","potentialAction":[{"@type":"ReadAction","target":["https:\/\/www.telaled.com\/fabrica\/tela-led-em-forma-de-rosto-serie-tch\/"]}]},{"@type":"ImageObject","inLanguage":"cs","@id":"https:\/\/www.telaled.com\/fabrica\/tela-led-em-forma-de-rosto-serie-tch\/#primaryimage","url":"https:\/\/www.telaled.com\/wp-content\/uploads\/2025\/09\/Tela-LED-em-Forma-de-Rosto.webp","contentUrl":"https:\/\/www.telaled.com\/wp-content\/uploads\/2025\/09\/Tela-LED-em-Forma-de-Rosto.webp","width":500,"height":500,"caption":"Tela-LED-em-Forma-de-Rosto"},{"@type":"BreadcrumbList","@id":"https:\/\/www.telaled.com\/fabrica\/tela-led-em-forma-de-rosto-serie-tch\/#breadcrumb","itemListElement":[{"@type":"ListItem","position":1,"name":"Home","item":"https:\/\/www.telaled.com\/"},{"@type":"ListItem","position":2,"name":"Produtos","item":"https:\/\/www.telaled.com\/shop\/"},{"@type":"ListItem","position":3,"name":"Tela LED em Forma de Rosto S\u00e9rie TCH"}]},{"@type":"WebSite","@id":"https:\/\/www.telaled.com\/#website","url":"https:\/\/www.telaled.com\/","name":"LED obrazovka","description":"","potentialAction":[{"@type":"SearchAction","target":{"@type":"EntryPoint","urlTemplate":"https:\/\/www.telaled.com\/?s={search_term_string}"},"query-input":{"@type":"PropertyValueSpecification","valueRequired":true,"valueName":"search_term_string"}}],"inLanguage":"cs"}]}},"_links":{"self":[{"href":"https:\/\/www.telaled.com\/cs\/wp-json\/wp\/v2\/product\/3288","targetHints":{"allow":["GET"]}}],"collection":[{"href":"https:\/\/www.telaled.com\/cs\/wp-json\/wp\/v2\/product"}],"about":[{"href":"https:\/\/www.telaled.com\/cs\/wp-json\/wp\/v2\/types\/product"}],"wp:featuredmedia":[{"embeddable":true,"href":"https:\/\/www.telaled.com\/cs\/wp-json\/wp\/v2\/media\/3289"}],"wp:attachment":[{"href":"https:\/\/www.telaled.com\/cs\/wp-json\/wp\/v2\/media?parent=3288"}],"wp:term":[{"taxonomy":"product_brand","embeddable":true,"href":"https:\/\/www.telaled.com\/cs\/wp-json\/wp\/v2\/product_brand?post=3288"},{"taxonomy":"product_cat","embeddable":true,"href":"https:\/\/www.telaled.com\/cs\/wp-json\/wp\/v2\/product_cat?post=3288"},{"taxonomy":"product_tag","embeddable":true,"href":"https:\/\/www.telaled.com\/cs\/wp-json\/wp\/v2\/product_tag?post=3288"}],"curies":[{"name":"wp","href":"https:\/\/api.w.org\/{rel}","templated":true}]}}