{"id":3277,"date":"2025-09-09T10:03:44","date_gmt":"2025-09-09T10:03:44","guid":{"rendered":"https:\/\/www.telaled.com\/?post_type=product&#038;p=3277"},"modified":"2026-01-06T00:51:09","modified_gmt":"2026-01-06T00:51:09","slug":"painel-de-led-letras-serie-tcg","status":"publish","type":"product","link":"https:\/\/www.telaled.com\/cs\/fabrica\/painel-de-led-letras-serie-tcg\/","title":{"rendered":"LED panel s p\u00edsmeny \u0159ady TCG"},"content":{"rendered":"<div class=\"row\"  id=\"row-2145551703\">\n\n\t<div id=\"col-873976405\" class=\"col small-12 large-12\"  >\n\t\t\t\t<div class=\"col-inner\"  >\n\t\t\t\n\t\t\t\n<h2>Exkluzivn\u00ed v\u00fdhody LED panelu s p\u00edsmeny \u0159ady TCG<\/h2>\n<h3><strong>Vynikaj\u00edc\u00ed odolnost<\/strong><\/h3>\n<ul>\n<li>Ur\u010deno pro vnit\u0159n\u00ed i venkovn\u00ed pou\u017eit\u00ed.<\/li>\n<li>Vyrobeno z odoln\u00fdch modul\u00e1rn\u00edch LED panel\u016f pro dlouhou \u017eivotnost.<\/li>\n<li>Odoln\u00e9 v\u016f\u010di nep\u0159\u00edzniv\u00fdm pov\u011btrnostn\u00edm podm\u00ednk\u00e1m (d\u00e9\u0161\u0165, v\u00edtr, slunce) pro zachov\u00e1n\u00ed funk\u010dnosti.<\/li>\n<li>Ide\u00e1ln\u00ed pro prost\u0159ed\u00ed s vysokou frekvenc\u00ed provozu, jako jsou n\u00e1kupn\u00ed centra, leti\u0161t\u011b a bary.<\/li>\n<\/ul>\n<h3><strong>V\u00fdjime\u010dn\u00e1 vizu\u00e1ln\u00ed kvalita<\/strong><\/h3>\n<ul>\n<li>Nab\u00edz\u00ed z\u00e1\u0159iv\u00e9 barvy a ostr\u00e9, poutav\u00e9 efekty.<\/li>\n<li>Mo\u017enost p\u0159ehr\u00e1v\u00e1n\u00ed videa p\u0159\u00edmo na povrch p\u00edsma nebo loga.<\/li>\n<li>Ide\u00e1ln\u00ed pro tvorbu poutav\u00e9ho a zaujat\u00e9ho obsahu.<\/li>\n<li>Zvy\u0161te viditelnost zna\u010dky pomoc\u00ed dynamick\u00fdch vizu\u00e1l\u016f.<\/li>\n<\/ul>\n<h3><strong>Kompletn\u00ed p\u0159izp\u016fsobivost<\/strong><\/h3>\n<ul>\n<li>K dispozici v \u0161irok\u00e9 \u0161k\u00e1le velikost\u00ed a konfigurac\u00ed.<\/li>\n<li>P\u0159izp\u016fsobiteln\u00e9 form\u00e1ty a modul\u00e1rn\u00ed designy.<\/li>\n<li>Lze jej p\u0159izp\u016fsobit specifick\u00fdm pot\u0159eb\u00e1m a prost\u0159ed\u00ed.<\/li>\n<li>Nab\u00edz\u00ed flexibilitu p\u0159i vytv\u00e1\u0159en\u00ed jedine\u010dn\u00fdch displej\u016f pro jakoukoli zna\u010dku nebo m\u00edsto.<\/li>\n<\/ul>\n<h3><strong>Komplexn\u00ed podpora<\/strong><\/h3>\n<ul>\n<li>Nonstop vzd\u00e1len\u00e1 technick\u00e1 podpora: Z\u00edskejte p\u0159\u00edstup k odborn\u00e9 pomoci kdykoli a kdekoli.<\/li>\n<li>5% n\u00e1hradn\u00edch d\u00edl\u016f v cen\u011b: Ka\u017ed\u00e1 objedn\u00e1vka obsahuje dal\u0161\u00ed komponenty pro zv\u00fd\u0161en\u00ed spolehlivosti a zaji\u0161t\u011bn\u00ed klidu.<\/li>\n<li>3let\u00e1 prodlou\u017een\u00e1 z\u00e1ruka: Vyu\u017eijte dlouhodobou konvergenci pro lep\u0161\u00ed v\u00fdkon a spolehliv\u00fd servis.<\/li>\n<\/ul>\n<h2>Detaily produktu<\/h2>\n<div class=\"row\"  id=\"row-452789968\">\n\n\t<div id=\"col-60045332\" class=\"col medium-10 small-12 large-10\"  >\n\t\t\t\t<div class=\"col-inner text-left\"  >\n\t\t\t\n\t\t\t\n<ul>\n<li>Umo\u017e\u0148uje v\u00e1m navrhnout LED displeje p\u0159esn\u011b podle va\u0161ich pot\u0159eb. Od vlastn\u00edho p\u00edsma a bezplatn\u00e9 mont\u00e1\u017ee a\u017e po unik\u00e1tn\u00ed loga \u2013 umo\u017e\u0148uje v\u00e1m vytv\u00e1\u0159et jedine\u010dn\u00e9 displeje. D\u00edky mobiln\u00edmu ovl\u00e1d\u00e1n\u00ed a chytr\u00fdm funkc\u00edm m\u00e1te flexibilitu vdechnout sv\u00e9 vizi \u017eivot s lehkost\u00ed a p\u0159esnost\u00ed.<\/li>\n<\/ul>\n\t<div class=\"img has-hover x md-x lg-x y md-y lg-y\" id=\"image_619889604\">\n\t\t\t\t\t\t\t\t<div class=\"img-inner dark\" >\n\t\t\t<img loading=\"lazy\" decoding=\"async\" width=\"600\" height=\"400\" src=\"https:\/\/www.telaled.com\/wp-content\/uploads\/2025\/09\/Personalizacao-Criativa-DIY.webp\" class=\"attachment-original size-original\" alt=\"Personalizace-Kreativn\u00ed-DIY\" srcset=\"https:\/\/www.telaled.com\/wp-content\/uploads\/2025\/09\/Personalizacao-Criativa-DIY.webp 600w, https:\/\/www.telaled.com\/wp-content\/uploads\/2025\/09\/Personalizacao-Criativa-DIY-300x200.webp 300w, https:\/\/www.telaled.com\/wp-content\/uploads\/2025\/09\/Personalizacao-Criativa-DIY-18x12.webp 18w\" sizes=\"auto, (max-width: 600px) 100vw, 600px\" \/>\t\t\t\t\t\t\n\t\t\t\t\t<\/div>\n\t\t\t\t\t\t\t\t\n<style>\n#image_619889604 {\n  width: 95%;\n}\n<\/style>\n\t<\/div>\n\t\n<ul>\n<li>D\u00edky beze\u0161v\u00fdm spoj\u016fm nab\u00edzej\u00ed tyto monitory jednoduch\u00fd a elegantn\u00ed design, kter\u00fd je stabiln\u00ed a odoln\u00fd. D\u00edky vysok\u00e9mu jasu a rovnom\u011brnosti obrazu poskytuj\u00ed pr\u00e9miov\u00fd vizu\u00e1ln\u00ed z\u00e1\u017eitek, kter\u00fd vynikne v jak\u00e9mkoli prost\u0159ed\u00ed.<\/li>\n<\/ul>\n\t\t<\/div>\n\t\t\t\t\t<\/div>\n\n\t\n\n\t<div id=\"col-1245422575\" class=\"col medium-10 small-12 large-10\"  >\n\t\t\t\t<div class=\"col-inner text-left\"  >\n\t\t\t\n\t\t\t\n\t<div class=\"img has-hover x md-x lg-x y md-y lg-y\" id=\"image_1465763614\">\n\t\t\t\t\t\t\t\t<div class=\"img-inner dark\" >\n\t\t\t<img loading=\"lazy\" decoding=\"async\" width=\"600\" height=\"400\" src=\"https:\/\/www.telaled.com\/wp-content\/uploads\/2025\/09\/Visor-integrado.webp\" class=\"attachment-large size-large\" alt=\"Integrovan\u00fd displej\" srcset=\"https:\/\/www.telaled.com\/wp-content\/uploads\/2025\/09\/Visor-integrado.webp 600w, https:\/\/www.telaled.com\/wp-content\/uploads\/2025\/09\/Visor-integrado-300x200.webp 300w, https:\/\/www.telaled.com\/wp-content\/uploads\/2025\/09\/Visor-integrado-18x12.webp 18w\" sizes=\"auto, (max-width: 600px) 100vw, 600px\" \/>\t\t\t\t\t\t\n\t\t\t\t\t<\/div>\n\t\t\t\t\t\t\t\t\n<style>\n#image_1465763614 {\n  width: 95%;\n}\n<\/style>\n\t<\/div>\n\t\n<ul>\n<li>N\u00e1\u0161 LED panel s p\u00edsmeny \u0159ady TCG je dod\u00e1v\u00e1n s jasn\u00fdmi pokyny k instalaci a v\u0161estrann\u00fdmi mo\u017enostmi mont\u00e1\u017ee. Je ur\u010den pro <a href=\"https:\/\/www.telaled.com\/cs\/painel-de-led-para-eventos\/\" data-wplink-edit=\"true\">ud\u00e1losti<\/a> A\u0165 u\u017e uvnit\u0159 nebo venku, displej m\u016f\u017eete nastavit rychle a snadno, co\u017e zajist\u00ed hladk\u00fd pr\u016fb\u011bh od za\u010d\u00e1tku do konce.<\/li>\n<\/ul>\n\t<div class=\"img has-hover x md-x lg-x y md-y lg-y\" id=\"image_1598446297\">\n\t\t\t\t\t\t\t\t<div class=\"img-inner dark\" >\n\t\t\t<img loading=\"lazy\" decoding=\"async\" width=\"677\" height=\"413\" src=\"https:\/\/www.telaled.com\/wp-content\/uploads\/2025\/09\/Facil-instalacao.webp\" class=\"attachment-large size-large\" alt=\"Snadn\u00e1 instalace\" srcset=\"https:\/\/www.telaled.com\/wp-content\/uploads\/2025\/09\/Facil-instalacao.webp 677w, https:\/\/www.telaled.com\/wp-content\/uploads\/2025\/09\/Facil-instalacao-300x183.webp 300w, https:\/\/www.telaled.com\/wp-content\/uploads\/2025\/09\/Facil-instalacao-18x12.webp 18w, https:\/\/www.telaled.com\/wp-content\/uploads\/2025\/09\/Facil-instalacao-600x366.webp 600w\" sizes=\"auto, (max-width: 677px) 100vw, 677px\" \/>\t\t\t\t\t\t\n\t\t\t\t\t<\/div>\n\t\t\t\t\t\t\t\t\n<style>\n#image_1598446297 {\n  width: 95%;\n}\n<\/style>\n\t<\/div>\n\t\n\t\t<\/div>\n\t\t\t\t\t<\/div>\n\n\t\n\n\t<div id=\"col-1463718857\" class=\"col medium-10 small-12 large-10\"  >\n\t\t\t\t<div class=\"col-inner text-left\"  >\n\t\t\t\n\t\t\t\n<ul>\n<li>Na\u0161e LED panely s p\u00edsmeny \u0159ady TCG jsou baleny v zes\u00edlen\u00fdch d\u0159ev\u011bn\u00fdch bedn\u00e1ch, kter\u00e9 je chr\u00e1n\u00ed b\u011bhem p\u0159epravy. Ka\u017ed\u00e1 jednotka je bezpe\u010dn\u011b zabalena, aby se zabr\u00e1nilo po\u0161kozen\u00ed \u0161k\u016fdci, n\u00e1razy a dal\u0161\u00edmi nebezpe\u010d\u00edmi. To zaji\u0161\u0165uje odolnost a bezpe\u010dn\u00e9 doru\u010den\u00ed.<\/li>\n<\/ul>\n\t<div class=\"img has-hover x md-x lg-x y md-y lg-y\" id=\"image_2037430916\">\n\t\t\t\t\t\t\t\t<div class=\"img-inner dark\" >\n\t\t\t<img loading=\"lazy\" decoding=\"async\" width=\"760\" height=\"1024\" src=\"https:\/\/www.telaled.com\/wp-content\/uploads\/2025\/08\/36123f2c-de60-488d-af81-255cd4aee54a-760x1024.webp\" class=\"attachment-large size-large\" alt=\"\" srcset=\"https:\/\/www.telaled.com\/wp-content\/uploads\/2025\/08\/36123f2c-de60-488d-af81-255cd4aee54a-760x1024.webp 760w, https:\/\/www.telaled.com\/wp-content\/uploads\/2025\/08\/36123f2c-de60-488d-af81-255cd4aee54a-223x300.webp 223w, https:\/\/www.telaled.com\/wp-content\/uploads\/2025\/08\/36123f2c-de60-488d-af81-255cd4aee54a-768x1035.webp 768w, https:\/\/www.telaled.com\/wp-content\/uploads\/2025\/08\/36123f2c-de60-488d-af81-255cd4aee54a-9x12.webp 9w, https:\/\/www.telaled.com\/wp-content\/uploads\/2025\/08\/36123f2c-de60-488d-af81-255cd4aee54a-600x808.webp 600w, https:\/\/www.telaled.com\/wp-content\/uploads\/2025\/08\/36123f2c-de60-488d-af81-255cd4aee54a.webp 795w\" sizes=\"auto, (max-width: 760px) 100vw, 760px\" \/>\t\t\t\t\t\t\n\t\t\t\t\t<\/div>\n\t\t\t\t\t\t\t\t\n<style>\n#image_2037430916 {\n  width: 95%;\n}\n<\/style>\n\t<\/div>\n\t\n\n<table id=\"tablepress-39\" class=\"tablepress tablepress-id-39\">\n<thead>\n<tr class=\"row-1\">\n\t<th class=\"column-1\">Aplikace <\/th><th class=\"column-2\">Intern\u00ed a extern\u00ed<\/th>\n<\/tr>\n<\/thead>\n<tbody class=\"row-striping row-hover\">\n<tr class=\"row-2\">\n\t<td class=\"column-1\">Typ obrazovky:<\/td><td class=\"column-2\"> LED obrazovka pro video<\/td>\n<\/tr>\n<tr class=\"row-3\">\n\t<td class=\"column-1\">Obnovovac\u00ed frekvence: <\/td><td class=\"column-2\">1920 Hz\/3840 Hz<\/td>\n<\/tr>\n<tr class=\"row-4\">\n\t<td class=\"column-1\">Materi\u00e1l sk\u0159\u00edn\u011b: <\/td><td class=\"column-2\">\u017delezo\/hlin\u00edk<\/td>\n<\/tr>\n<tr class=\"row-5\">\n\t<td class=\"column-1\">\u00dadr\u017eba: <\/td><td class=\"column-2\">P\u0159edn\u00ed servis\/Zadn\u00ed servis<\/td>\n<\/tr>\n<tr class=\"row-6\">\n\t<td class=\"column-1\">P\u016fvod: <\/td><td class=\"column-2\">\u0160en-\u010den, \u010c\u00edna<\/td>\n<\/tr>\n<tr class=\"row-7\">\n\t<td class=\"column-1\">Typ dodavatele: <\/td><td class=\"column-2\">P\u016fvodn\u00ed v\u00fdrobce, ODM, OEM<\/td>\n<\/tr>\n<tr class=\"row-8\">\n\t<td class=\"column-1\">Vzd\u00e1lenost mezi pixely (mm) <\/td><td class=\"column-2\">P2, 5, P3, P4 PS, P10<\/td>\n<\/tr>\n<tr class=\"row-9\">\n\t<td class=\"column-1\">Slo\u017een\u00ed pixel\u016f: <\/td><td class=\"column-2\">1R1G1B<\/td>\n<\/tr>\n<tr class=\"row-10\">\n\t<td class=\"column-1\">Typ LED: <\/td><td class=\"column-2\">SMD2121<\/td>\n<\/tr>\n<tr class=\"row-11\">\n\t<td class=\"column-1\">Re\u017eim skenov\u00e1n\u00ed: <\/td><td class=\"column-2\">32\/16\/8<\/td>\n<\/tr>\n<tr class=\"row-12\">\n\t<td class=\"column-1\">Jas (cd\/m\u00b2) <\/td><td class=\"column-2\">1000-1500<\/td>\n<\/tr>\n<tr class=\"row-13\">\n\t<td class=\"column-1\">Balen\u00ed pro p\u0159epravu: <\/td><td class=\"column-2\">Letov\u00fd kufr nebo d\u0159ev\u011bn\u00e1 krabice<\/td>\n<\/tr>\n<tr class=\"row-14\">\n\t<td class=\"column-1\">Nastaven\u00ed jasu:<\/td><td class=\"column-2\"> 256 \u00farovn\u00ed<\/td>\n<\/tr>\n<tr class=\"row-15\">\n\t<td class=\"column-1\">Osv\u011bd\u010den\u00ed: <\/td><td class=\"column-2\">CE, RoHS, ETL<\/td>\n<\/tr>\n<tr class=\"row-16\">\n\t<td class=\"column-1\">Doprava <\/td><td class=\"column-2\">Expresn\u00ed, letecky nebo po mo\u0159i.<\/td>\n<\/tr>\n<tr class=\"row-17\">\n\t<td class=\"column-1\">Pozorovac\u00ed \u00fahel: <\/td><td class=\"column-2\">140 stup\u0148\u016f<\/td>\n<\/tr>\n<tr class=\"row-18\">\n\t<td class=\"column-1\">Doba pou\u017eitelnosti: <\/td><td class=\"column-2\">50 000 hodin<\/td>\n<\/tr>\n<tr class=\"row-19\">\n\t<td class=\"column-1\">Provozn\u00ed teplota (\u00b0C)<\/td><td class=\"column-2\"> Mezi -40 \u00b0C a 80 \u00b0C<\/td>\n<\/tr>\n<\/tbody>\n<\/table>\n\n\t\t<\/div>\n\t\t\t\t\t<\/div>\n\n\t\n<\/div>\n\t\t<\/div>\n\t\t\t\t\t<\/div>\n\n\t\n<\/div>","protected":false},"excerpt":{"rendered":"<p><strong>Transformujte svou zna\u010dku s LED panely s p\u00edsmeny \u0159ady TCG \u2013 \u017eiv\u00e9, dynamick\u00e9 a p\u016fsobiv\u00e9.<\/strong><\/p>\n<p>Posilte svou zna\u010dku a sv\u00e9 akce pomoc\u00ed... <strong><em>LED panel s p\u00edsmeny \u0159ady TCG<\/em><\/strong> P\u0159izp\u016fsobiteln\u00e9. Tyto dynamick\u00e9 obrazovky kombinuj\u00ed p\u00edsmena, text a grafick\u00e9 prvky a vytv\u00e1\u0159ej\u00ed tak \u017eiv\u00e9 a poutav\u00e9 vizu\u00e1ly. Jsou ide\u00e1ln\u00ed pro vnit\u0159n\u00ed i venkovn\u00ed pou\u017eit\u00ed, nab\u00edzej\u00ed barevn\u00e9 animace a snadn\u00e9 ovl\u00e1d\u00e1n\u00ed.<\/p>\n<p><strong>Hlavn\u00ed vlastnosti:<\/strong><\/p>\n<ul>\n<li><strong>P\u0159izp\u016fsobiteln\u00e9 displeje:<\/strong> Vytv\u00e1\u0159ejte z\u00e1\u0159iv\u00e1 p\u00edsma, animace a grafiku pro jakoukoli ud\u00e1lost nebo kampa\u0148.<\/li>\n<li><strong>Vysoce kvalitn\u00ed vizu\u00e1ln\u00ed prvky:<\/strong> U\u017eijte si jasn\u00fd a ostr\u00fd obraz i za slab\u00e9ho osv\u011btlen\u00ed nebo venku.<\/li>\n<li><strong>Odoln\u00e9 a trvanliv\u00e9:<\/strong> Navr\u017eeno pro \u017eivotnost 50 000 hodin a odoln\u00e9 v\u016f\u010di vysok\u00fdm teplot\u00e1m.<\/li>\n<li><strong>Snadn\u00e1 instalace a \u00fadr\u017eba:<\/strong> flexibiln\u00ed mo\u017enosti instalace s <a href=\"https:\/\/www.telaled.com\/cs\/fabrica\/painel-de-led-para-manutencao-frontal-serie-tib\/\">obsluha na recepci<\/a> a jednoduch\u00e1 zadn\u00ed \u010d\u00e1st.<\/li>\n<\/ul>\n<p>N\u00e1\u0161 t\u00fdm nab\u00edz\u00ed nep\u0159etr\u017eitou vzd\u00e1lenou podporu a 3letou z\u00e1ruku. Kontaktujte n\u00e1s je\u0161t\u011b dnes a z\u00edskejte individu\u00e1ln\u00ed cenovou nab\u00eddku.<\/p>","protected":false},"featured_media":3278,"template":"","meta":[],"product_brand":[],"product_cat":[48,40,46],"product_tag":[],"class_list":{"0":"post-3277","1":"product","2":"type-product","3":"status-publish","4":"has-post-thumbnail","6":"product_cat-paineis-personalizados","7":"product_cat-painel-de-led","8":"product_cat-painel-de-video","10":"first","11":"instock","12":"shipping-taxable","13":"product-type-simple"},"yoast_head":"<!-- This site is optimized with the Yoast SEO plugin v27.4 - https:\/\/yoast.com\/product\/yoast-seo-wordpress\/ -->\n<title>Painel de LED Letras S\u00e9rie TCG | Tela LED com Letras Criativas para Eventos e Branding | TELALED<\/title>\n<meta name=\"description\" content=\"As Painel de LED Letras S\u00e9rie TCG s\u00e3o letras personaliz\u00e1veis \u200b\u200bpara exibi\u00e7\u00f5es vibrantes e expressivas em ambientes internos e externos. Explore nossas Telas de LED para Letras de alta qualidade com diferentes densidades de pixels e sistemas de controle flex\u00edveis.\" \/>\n<meta name=\"robots\" content=\"index, follow, max-snippet:-1, max-image-preview:large, max-video-preview:-1\" \/>\n<link rel=\"canonical\" href=\"https:\/\/www.telaled.com\/cs\/fabrica\/painel-de-led-letras-serie-tcg\/\" \/>\n<meta property=\"og:locale\" content=\"cs_CZ\" \/>\n<meta property=\"og:type\" content=\"article\" \/>\n<meta property=\"og:title\" content=\"Painel de LED Letras S\u00e9rie TCG | Tela LED com Letras Criativas para Eventos e Branding | TELALED\" \/>\n<meta property=\"og:description\" content=\"As Painel de LED Letras S\u00e9rie TCG s\u00e3o letras personaliz\u00e1veis \u200b\u200bpara exibi\u00e7\u00f5es vibrantes e expressivas em ambientes internos e externos. Explore nossas Telas de LED para Letras de alta qualidade com diferentes densidades de pixels e sistemas de controle flex\u00edveis.\" \/>\n<meta property=\"og:url\" content=\"https:\/\/www.telaled.com\/cs\/fabrica\/painel-de-led-letras-serie-tcg\/\" \/>\n<meta property=\"og:site_name\" content=\"TELALED\" \/>\n<meta property=\"article:modified_time\" content=\"2026-01-06T00:51:09+00:00\" \/>\n<meta property=\"og:image\" content=\"https:\/\/www.telaled.com\/wp-content\/uploads\/2025\/09\/Painel-de-LED-Letras-Serie-TCG.webp\" \/>\n\t<meta property=\"og:image:width\" content=\"500\" \/>\n\t<meta property=\"og:image:height\" content=\"500\" \/>\n\t<meta property=\"og:image:type\" content=\"image\/webp\" \/>\n<meta name=\"twitter:card\" content=\"summary_large_image\" \/>\n<meta name=\"twitter:label1\" content=\"Est. reading time\" \/>\n\t<meta name=\"twitter:data1\" content=\"3 minuty\" \/>\n<script type=\"application\/ld+json\" class=\"yoast-schema-graph\">{\"@context\":\"https:\\\/\\\/schema.org\",\"@graph\":[{\"@type\":\"WebPage\",\"@id\":\"https:\\\/\\\/www.telaled.com\\\/fabrica\\\/painel-de-led-letras-serie-tcg\\\/\",\"url\":\"https:\\\/\\\/www.telaled.com\\\/fabrica\\\/painel-de-led-letras-serie-tcg\\\/\",\"name\":\"Painel de LED Letras S\u00e9rie TCG | Tela LED com Letras Criativas para Eventos e Branding | TELALED\",\"isPartOf\":{\"@id\":\"https:\\\/\\\/www.telaled.com\\\/#website\"},\"primaryImageOfPage\":{\"@id\":\"https:\\\/\\\/www.telaled.com\\\/fabrica\\\/painel-de-led-letras-serie-tcg\\\/#primaryimage\"},\"image\":{\"@id\":\"https:\\\/\\\/www.telaled.com\\\/fabrica\\\/painel-de-led-letras-serie-tcg\\\/#primaryimage\"},\"thumbnailUrl\":\"https:\\\/\\\/www.telaled.com\\\/wp-content\\\/uploads\\\/2025\\\/09\\\/Painel-de-LED-Letras-Serie-TCG.webp\",\"datePublished\":\"2025-09-09T10:03:44+00:00\",\"dateModified\":\"2026-01-06T00:51:09+00:00\",\"description\":\"As Painel de LED Letras S\u00e9rie TCG s\u00e3o letras personaliz\u00e1veis \u200b\u200bpara exibi\u00e7\u00f5es vibrantes e expressivas em ambientes internos e externos. Explore nossas Telas de LED para Letras de alta qualidade com diferentes densidades de pixels e sistemas de controle flex\u00edveis.\",\"breadcrumb\":{\"@id\":\"https:\\\/\\\/www.telaled.com\\\/fabrica\\\/painel-de-led-letras-serie-tcg\\\/#breadcrumb\"},\"inLanguage\":\"cs\",\"potentialAction\":[{\"@type\":\"ReadAction\",\"target\":[\"https:\\\/\\\/www.telaled.com\\\/fabrica\\\/painel-de-led-letras-serie-tcg\\\/\"]}]},{\"@type\":\"ImageObject\",\"inLanguage\":\"cs\",\"@id\":\"https:\\\/\\\/www.telaled.com\\\/fabrica\\\/painel-de-led-letras-serie-tcg\\\/#primaryimage\",\"url\":\"https:\\\/\\\/www.telaled.com\\\/wp-content\\\/uploads\\\/2025\\\/09\\\/Painel-de-LED-Letras-Serie-TCG.webp\",\"contentUrl\":\"https:\\\/\\\/www.telaled.com\\\/wp-content\\\/uploads\\\/2025\\\/09\\\/Painel-de-LED-Letras-Serie-TCG.webp\",\"width\":500,\"height\":500,\"caption\":\"Painel-de-LED-Letras-S\u00e9rie-TCG\"},{\"@type\":\"BreadcrumbList\",\"@id\":\"https:\\\/\\\/www.telaled.com\\\/fabrica\\\/painel-de-led-letras-serie-tcg\\\/#breadcrumb\",\"itemListElement\":[{\"@type\":\"ListItem\",\"position\":1,\"name\":\"Home\",\"item\":\"https:\\\/\\\/www.telaled.com\\\/\"},{\"@type\":\"ListItem\",\"position\":2,\"name\":\"Produtos\",\"item\":\"https:\\\/\\\/www.telaled.com\\\/shop\\\/\"},{\"@type\":\"ListItem\",\"position\":3,\"name\":\"Painel de LED Letras S\u00e9rie TCG\"}]},{\"@type\":\"WebSite\",\"@id\":\"https:\\\/\\\/www.telaled.com\\\/#website\",\"url\":\"https:\\\/\\\/www.telaled.com\\\/\",\"name\":\"TELALED\",\"description\":\"\",\"potentialAction\":[{\"@type\":\"SearchAction\",\"target\":{\"@type\":\"EntryPoint\",\"urlTemplate\":\"https:\\\/\\\/www.telaled.com\\\/?s={search_term_string}\"},\"query-input\":{\"@type\":\"PropertyValueSpecification\",\"valueRequired\":true,\"valueName\":\"search_term_string\"}}],\"inLanguage\":\"cs\"}]}<\/script>\n<!-- \/ Yoast SEO plugin. -->","yoast_head_json":{"title":"LED panel s p\u00edsmeny \u0159ady TCG | LED obrazovka s kreativn\u00edmi p\u00edsmeny pro akce a branding | TELALED","description":"LED panely s p\u00edsmeny \u0159ady TCG jsou p\u0159izp\u016fsobiteln\u00e1 p\u00edsmena pro \u017eiv\u00e9 a v\u00fdrazn\u00e9 zobrazen\u00ed v interi\u00e9ru i exteri\u00e9ru. Prozkoumejte na\u0161e vysoce kvalitn\u00ed LED displeje s p\u00edsmeny s r\u016fznou hustotou pixel\u016f a flexibiln\u00edmi syst\u00e9my ovl\u00e1d\u00e1n\u00ed.","robots":{"index":"index","follow":"follow","max-snippet":"max-snippet:-1","max-image-preview":"max-image-preview:large","max-video-preview":"max-video-preview:-1"},"canonical":"https:\/\/www.telaled.com\/cs\/fabrica\/painel-de-led-letras-serie-tcg\/","og_locale":"cs_CZ","og_type":"article","og_title":"Painel de LED Letras S\u00e9rie TCG | Tela LED com Letras Criativas para Eventos e Branding | TELALED","og_description":"As Painel de LED Letras S\u00e9rie TCG s\u00e3o letras personaliz\u00e1veis \u200b\u200bpara exibi\u00e7\u00f5es vibrantes e expressivas em ambientes internos e externos. Explore nossas Telas de LED para Letras de alta qualidade com diferentes densidades de pixels e sistemas de controle flex\u00edveis.","og_url":"https:\/\/www.telaled.com\/cs\/fabrica\/painel-de-led-letras-serie-tcg\/","og_site_name":"TELALED","article_modified_time":"2026-01-06T00:51:09+00:00","og_image":[{"width":500,"height":500,"url":"https:\/\/www.telaled.com\/wp-content\/uploads\/2025\/09\/Painel-de-LED-Letras-Serie-TCG.webp","type":"image\/webp"}],"twitter_card":"summary_large_image","twitter_misc":{"Est. reading time":"3 minuty"},"schema":{"@context":"https:\/\/schema.org","@graph":[{"@type":"WebPage","@id":"https:\/\/www.telaled.com\/fabrica\/painel-de-led-letras-serie-tcg\/","url":"https:\/\/www.telaled.com\/fabrica\/painel-de-led-letras-serie-tcg\/","name":"LED panel s p\u00edsmeny \u0159ady TCG | LED obrazovka s kreativn\u00edmi p\u00edsmeny pro akce a branding | TELALED","isPartOf":{"@id":"https:\/\/www.telaled.com\/#website"},"primaryImageOfPage":{"@id":"https:\/\/www.telaled.com\/fabrica\/painel-de-led-letras-serie-tcg\/#primaryimage"},"image":{"@id":"https:\/\/www.telaled.com\/fabrica\/painel-de-led-letras-serie-tcg\/#primaryimage"},"thumbnailUrl":"https:\/\/www.telaled.com\/wp-content\/uploads\/2025\/09\/Painel-de-LED-Letras-Serie-TCG.webp","datePublished":"2025-09-09T10:03:44+00:00","dateModified":"2026-01-06T00:51:09+00:00","description":"LED panely s p\u00edsmeny \u0159ady TCG jsou p\u0159izp\u016fsobiteln\u00e1 p\u00edsmena pro \u017eiv\u00e9 a v\u00fdrazn\u00e9 zobrazen\u00ed v interi\u00e9ru i exteri\u00e9ru. Prozkoumejte na\u0161e vysoce kvalitn\u00ed LED displeje s p\u00edsmeny s r\u016fznou hustotou pixel\u016f a flexibiln\u00edmi syst\u00e9my ovl\u00e1d\u00e1n\u00ed.","breadcrumb":{"@id":"https:\/\/www.telaled.com\/fabrica\/painel-de-led-letras-serie-tcg\/#breadcrumb"},"inLanguage":"cs","potentialAction":[{"@type":"ReadAction","target":["https:\/\/www.telaled.com\/fabrica\/painel-de-led-letras-serie-tcg\/"]}]},{"@type":"ImageObject","inLanguage":"cs","@id":"https:\/\/www.telaled.com\/fabrica\/painel-de-led-letras-serie-tcg\/#primaryimage","url":"https:\/\/www.telaled.com\/wp-content\/uploads\/2025\/09\/Painel-de-LED-Letras-Serie-TCG.webp","contentUrl":"https:\/\/www.telaled.com\/wp-content\/uploads\/2025\/09\/Painel-de-LED-Letras-Serie-TCG.webp","width":500,"height":500,"caption":"Painel-de-LED-Letras-S\u00e9rie-TCG"},{"@type":"BreadcrumbList","@id":"https:\/\/www.telaled.com\/fabrica\/painel-de-led-letras-serie-tcg\/#breadcrumb","itemListElement":[{"@type":"ListItem","position":1,"name":"Home","item":"https:\/\/www.telaled.com\/"},{"@type":"ListItem","position":2,"name":"Produtos","item":"https:\/\/www.telaled.com\/shop\/"},{"@type":"ListItem","position":3,"name":"Painel de LED Letras S\u00e9rie TCG"}]},{"@type":"WebSite","@id":"https:\/\/www.telaled.com\/#website","url":"https:\/\/www.telaled.com\/","name":"LED obrazovka","description":"","potentialAction":[{"@type":"SearchAction","target":{"@type":"EntryPoint","urlTemplate":"https:\/\/www.telaled.com\/?s={search_term_string}"},"query-input":{"@type":"PropertyValueSpecification","valueRequired":true,"valueName":"search_term_string"}}],"inLanguage":"cs"}]}},"_links":{"self":[{"href":"https:\/\/www.telaled.com\/cs\/wp-json\/wp\/v2\/product\/3277","targetHints":{"allow":["GET"]}}],"collection":[{"href":"https:\/\/www.telaled.com\/cs\/wp-json\/wp\/v2\/product"}],"about":[{"href":"https:\/\/www.telaled.com\/cs\/wp-json\/wp\/v2\/types\/product"}],"wp:featuredmedia":[{"embeddable":true,"href":"https:\/\/www.telaled.com\/cs\/wp-json\/wp\/v2\/media\/3278"}],"wp:attachment":[{"href":"https:\/\/www.telaled.com\/cs\/wp-json\/wp\/v2\/media?parent=3277"}],"wp:term":[{"taxonomy":"product_brand","embeddable":true,"href":"https:\/\/www.telaled.com\/cs\/wp-json\/wp\/v2\/product_brand?post=3277"},{"taxonomy":"product_cat","embeddable":true,"href":"https:\/\/www.telaled.com\/cs\/wp-json\/wp\/v2\/product_cat?post=3277"},{"taxonomy":"product_tag","embeddable":true,"href":"https:\/\/www.telaled.com\/cs\/wp-json\/wp\/v2\/product_tag?post=3277"}],"curies":[{"name":"wp","href":"https:\/\/api.w.org\/{rel}","templated":true}]}}