{"id":3262,"date":"2025-09-08T08:40:22","date_gmt":"2025-09-08T08:40:22","guid":{"rendered":"https:\/\/www.telaled.com\/?post_type=product&#038;p=3262"},"modified":"2026-01-06T00:37:31","modified_gmt":"2026-01-06T00:37:31","slug":"circular-led-display-serie-tcf","status":"publish","type":"product","link":"https:\/\/www.telaled.com\/cs\/fabrica\/circular-led-display-serie-tcf\/","title":{"rendered":"Kruhov\u00fd LED displej \u0159ady TCF"},"content":{"rendered":"<div class=\"row\"  id=\"row-412451461\">\n\n\t<div id=\"col-477209302\" class=\"col small-12 large-12\"  >\n\t\t\t\t<div class=\"col-inner\"  >\n\t\t\t\n\t\t\t\n<h2>Exkluzivn\u00ed v\u00fdhody kruhov\u00fdch LED displej\u016f \u0159ady TCF<\/h2>\n<h3><strong>Vynikaj\u00edc\u00ed odolnost<\/strong><\/h3>\n<ul>\n<li>Vysoce p\u0159esn\u00fd n\u00fdtovan\u00fd hlin\u00edkov\u00fd r\u00e1m pro zv\u00fd\u0161enou pevnost a stabilitu.<\/li>\n<li>Lehk\u00fd a robustn\u00ed, zaru\u010duj\u00edc\u00ed dlouhotrvaj\u00edc\u00ed v\u00fdkon.<\/li>\n<li>Odoln\u00fd v\u016f\u010di pov\u011btrnostn\u00edm vliv\u016fm, schopn\u00fd odolat drsn\u00fdm podm\u00ednk\u00e1m prost\u0159ed\u00ed.<\/li>\n<li>Ur\u010deno pro vnit\u0159n\u00ed i venkovn\u00ed pou\u017eit\u00ed.<\/li>\n<\/ul>\n<h3><strong>V\u00fdjime\u010dn\u00e1 vizu\u00e1ln\u00ed kvalita<\/strong><\/h3>\n<ul>\n<li>Vysok\u00e1 obnovovac\u00ed frekvence (a\u017e 3849 Hz) pro plynul\u00fd obraz bez blik\u00e1n\u00ed.<\/li>\n<li>Nastaviteln\u00e1 rozte\u010d pixel\u016f pro k\u0159i\u0161\u0165\u00e1lov\u011b \u010dist\u00e9 rozli\u0161en\u00ed.<\/li>\n<li>Vysok\u00fd jas (1200 cd\/m\u00b2) pro ostr\u00fd a atraktivn\u00ed obraz.<\/li>\n<li>Vynikaj\u00edc\u00ed barevn\u00fd kontrast a stupn\u011b \u0161edi pro realistick\u00fd obraz.<\/li>\n<\/ul>\n<h3><strong>Kompletn\u00ed p\u0159izp\u016fsobivost<\/strong><\/h3>\n<ul>\n<li>Mo\u017enosti p\u0159izp\u016fsoben\u00ed velikosti: pr\u016fm\u011br 1 m, 1,3 m, 1,5 m, 1,6 m, 2 m, 2,5 m a 3 m.<\/li>\n<li>K dispozici v jednostrann\u00e9 nebo oboustrann\u00e9 konfiguraci.<\/li>\n<li>R\u016fzn\u00e9 zp\u016fsoby ovl\u00e1d\u00e1n\u00ed: Wi-Fi, USB, 4G a dal\u0161\u00ed.<\/li>\n<li>Bezprobl\u00e9mov\u00e1 integrace do rozmanit\u00fdch prost\u0159ed\u00ed, od maloobchodu a\u017e po organiza\u010dn\u00ed prost\u0159ed\u00ed. <a href=\"https:\/\/www.telaled.com\/cs\/telao-de-led-para-eventos\/\">ud\u00e1losti<\/a>.<\/li>\n<\/ul>\n<h3><strong>Komplexn\u00ed podpora<\/strong><\/h3>\n<ul>\n<li>Nonstop vzd\u00e1len\u00e1 technick\u00e1 podpora: Z\u00edskejte p\u0159\u00edstup k odborn\u00e9 pomoci kdykoli a kdekoli.<\/li>\n<li>5% n\u00e1hradn\u00edch d\u00edl\u016f v cen\u011b: Ka\u017ed\u00e1 objedn\u00e1vka obsahuje dal\u0161\u00ed komponenty pro zv\u00fd\u0161en\u00ed spolehlivosti a zaji\u0161t\u011bn\u00ed klidu.<\/li>\n<li>3let\u00e1 prodlou\u017een\u00e1 z\u00e1ruka: Vyu\u017eijte dlouhodobou konvergenci pro lep\u0161\u00ed v\u00fdkon a spolehliv\u00fd servis.<\/li>\n<\/ul>\n<h2>Detaily produktu<\/h2>\n<div class=\"row\"  id=\"row-869428505\">\n\n\t<div id=\"col-266538174\" class=\"col medium-10 small-12 large-10\"  >\n\t\t\t\t<div class=\"col-inner text-left\"  >\n\t\t\t\n\t\t\t\n<ul>\n<li>Navr\u017eeno pro efektivitu a flexibilitu. Nab\u00edz\u00edme varianty s jednou nebo dv\u011bma velikostmi, s pr\u016fm\u011bry od 1 m do 3 m, co\u017e p\u0159edstavuje ide\u00e1ln\u00ed velikost pro jak\u00fdkoli prostor. Tyto displeje podporuj\u00ed r\u016fzn\u00e9 metody ovl\u00e1d\u00e1n\u00ed, v\u010detn\u011b LAN, Wi-Fi, 4G a USB, a snadno se p\u0159ipojuj\u00ed k internetu pomoc\u00ed technologie plug-and-play.<\/li>\n<\/ul>\n\t<div class=\"img has-hover x md-x lg-x y md-y lg-y\" id=\"image_782755054\">\n\t\t\t\t\t\t\t\t<div class=\"img-inner dark\" >\n\t\t\t<img loading=\"lazy\" decoding=\"async\" width=\"1000\" height=\"720\" src=\"https:\/\/www.telaled.com\/wp-content\/uploads\/2025\/09\/Vista-Estrutural-Simples-e-Dupla-Face.webp\" class=\"attachment-original size-original\" alt=\"Jednostrann\u00fd a oboustrann\u00fd konstruk\u010dn\u00ed pohled\" srcset=\"https:\/\/www.telaled.com\/wp-content\/uploads\/2025\/09\/Vista-Estrutural-Simples-e-Dupla-Face.webp 1000w, https:\/\/www.telaled.com\/wp-content\/uploads\/2025\/09\/Vista-Estrutural-Simples-e-Dupla-Face-300x216.webp 300w, https:\/\/www.telaled.com\/wp-content\/uploads\/2025\/09\/Vista-Estrutural-Simples-e-Dupla-Face-768x553.webp 768w, https:\/\/www.telaled.com\/wp-content\/uploads\/2025\/09\/Vista-Estrutural-Simples-e-Dupla-Face-18x12.webp 18w, https:\/\/www.telaled.com\/wp-content\/uploads\/2025\/09\/Vista-Estrutural-Simples-e-Dupla-Face-600x432.webp 600w\" sizes=\"auto, (max-width: 1000px) 100vw, 1000px\" \/>\t\t\t\t\t\t\n\t\t\t\t\t<\/div>\n\t\t\t\t\t\t\t\t\n<style>\n#image_782755054 {\n  width: 95%;\n}\n<\/style>\n\t<\/div>\n\t\n<ul>\n<li>N\u00e1\u0161 syst\u00e9m podporuje p\u0159ipojen\u00ed RJ45 a d\u00e1lkov\u00e9 ovl\u00e1d\u00e1n\u00ed p\u0159es Wi-Fi nebo 4G. A\u0165 u\u017e na mobiln\u00edm za\u0159\u00edzen\u00ed, notebooku nebo po\u010d\u00edta\u010di, m\u016f\u017eete obsah nahr\u00e1vat rychle a snadno, co\u017e nab\u00edz\u00ed vysoce flexibiln\u00ed a efektivn\u00ed \u0159e\u0161en\u00ed pro va\u0161e obchodn\u00ed pot\u0159eby.<\/li>\n<\/ul>\n\t\t<\/div>\n\t\t\t\t\t<\/div>\n\n\t\n\n\t<div id=\"col-1601245643\" class=\"col medium-10 small-12 large-10\"  >\n\t\t\t\t<div class=\"col-inner text-left\"  >\n\t\t\t\n\t\t\t\n\t<div class=\"img has-hover x md-x lg-x y md-y lg-y\" id=\"image_565427035\">\n\t\t\t\t\t\t\t\t<div class=\"img-inner dark\" >\n\t\t\t<img loading=\"lazy\" decoding=\"async\" width=\"838\" height=\"499\" src=\"https:\/\/www.telaled.com\/wp-content\/uploads\/2025\/09\/Controle-remoto-de-rede.webp\" class=\"attachment-large size-large\" alt=\"\" srcset=\"https:\/\/www.telaled.com\/wp-content\/uploads\/2025\/09\/Controle-remoto-de-rede.webp 838w, https:\/\/www.telaled.com\/wp-content\/uploads\/2025\/09\/Controle-remoto-de-rede-300x179.webp 300w, https:\/\/www.telaled.com\/wp-content\/uploads\/2025\/09\/Controle-remoto-de-rede-768x457.webp 768w, https:\/\/www.telaled.com\/wp-content\/uploads\/2025\/09\/Controle-remoto-de-rede-18x12.webp 18w, https:\/\/www.telaled.com\/wp-content\/uploads\/2025\/09\/Controle-remoto-de-rede-600x357.webp 600w\" sizes=\"auto, (max-width: 838px) 100vw, 838px\" \/>\t\t\t\t\t\t\n\t\t\t\t\t<\/div>\n\t\t\t\t\t\t\t\t\n<style>\n#image_565427035 {\n  width: 95%;\n}\n<\/style>\n\t<\/div>\n\t\n<ul>\n<li>Kruhov\u00e9 LED displeje lze instalovat r\u016fzn\u00fdmi zp\u016fsoby, aby se p\u0159izp\u016fsobily r\u016fzn\u00fdm prostor\u016fm. Montovan\u00e9 na <a href=\"https:\/\/www.telaled.com\/cs\/painel-led-parede\/\">ze\u010f<\/a> na<a href=\"https:\/\/www.telaled.com\/cs\/painel-de-led-para-loja\/\"> obchody<\/a> a kancel\u00e1\u0159e, zav\u011b\u0161en\u00e9 na h\u00e1c\u00edch nebo lanech pro lobby a akce, upevn\u011bn\u00e9 ke stropu \u010deln\u00ed stranou dol\u016f v komer\u010dn\u00edch prostor\u00e1ch, namontovan\u00e9 na podp\u011b\u0159e pro nastaven\u00ed v\u00fd\u0161ky a \u00fahlu v maloobchodn\u00edm prost\u0159ed\u00ed a upevn\u011bn\u00e9 k zemi pro otev\u0159en\u00e9 prostory, jako jsou n\u00e1m\u011bst\u00ed a terasy.<\/li>\n<\/ul>\n\t<div class=\"img has-hover x md-x lg-x y md-y lg-y\" id=\"image_2059096244\">\n\t\t\t\t\t\t\t\t<div class=\"img-inner dark\" >\n\t\t\t<img loading=\"lazy\" decoding=\"async\" width=\"838\" height=\"499\" src=\"https:\/\/www.telaled.com\/wp-content\/uploads\/2025\/09\/Formas-de-instalacao-do-display-LED-circular.webp\" class=\"attachment-large size-large\" alt=\"Metody instalace kruhov\u00e9ho LED displeje\" srcset=\"https:\/\/www.telaled.com\/wp-content\/uploads\/2025\/09\/Formas-de-instalacao-do-display-LED-circular.webp 838w, https:\/\/www.telaled.com\/wp-content\/uploads\/2025\/09\/Formas-de-instalacao-do-display-LED-circular-300x179.webp 300w, https:\/\/www.telaled.com\/wp-content\/uploads\/2025\/09\/Formas-de-instalacao-do-display-LED-circular-768x457.webp 768w, https:\/\/www.telaled.com\/wp-content\/uploads\/2025\/09\/Formas-de-instalacao-do-display-LED-circular-18x12.webp 18w, https:\/\/www.telaled.com\/wp-content\/uploads\/2025\/09\/Formas-de-instalacao-do-display-LED-circular-600x357.webp 600w\" sizes=\"auto, (max-width: 838px) 100vw, 838px\" \/>\t\t\t\t\t\t\n\t\t\t\t\t<\/div>\n\t\t\t\t\t\t\t\t\n<style>\n#image_2059096244 {\n  width: 95%;\n}\n<\/style>\n\t<\/div>\n\t\n\t\t<\/div>\n\t\t\t\t\t<\/div>\n\n\t\n\n\t<div id=\"col-570350984\" class=\"col medium-10 small-12 large-10\"  >\n\t\t\t\t<div class=\"col-inner text-left\"  >\n\t\t\t\n\t\t\t\n<ul>\n<li>Na\u0161e kruhov\u00e9 LED displeje jsou baleny v zes\u00edlen\u00fdch d\u0159ev\u011bn\u00fdch bedn\u00e1ch, kter\u00e9 je chr\u00e1n\u00ed b\u011bhem p\u0159epravy. Ka\u017ed\u00e1 jednotka je bezpe\u010dn\u011b zabalena, aby se zabr\u00e1nilo po\u0161kozen\u00ed \u0161k\u016fdci, n\u00e1razy a dal\u0161\u00edmi nebezpe\u010d\u00edmi. To zaji\u0161\u0165uje odolnost a bezpe\u010dn\u00e9 doru\u010den\u00ed.<\/li>\n<\/ul>\n\t<div class=\"img has-hover x md-x lg-x y md-y lg-y\" id=\"image_1277197677\">\n\t\t\t\t\t\t\t\t<div class=\"img-inner dark\" >\n\t\t\t<img loading=\"lazy\" decoding=\"async\" width=\"760\" height=\"1024\" src=\"https:\/\/www.telaled.com\/wp-content\/uploads\/2025\/08\/36123f2c-de60-488d-af81-255cd4aee54a-760x1024.webp\" class=\"attachment-large size-large\" alt=\"\" srcset=\"https:\/\/www.telaled.com\/wp-content\/uploads\/2025\/08\/36123f2c-de60-488d-af81-255cd4aee54a-760x1024.webp 760w, https:\/\/www.telaled.com\/wp-content\/uploads\/2025\/08\/36123f2c-de60-488d-af81-255cd4aee54a-223x300.webp 223w, https:\/\/www.telaled.com\/wp-content\/uploads\/2025\/08\/36123f2c-de60-488d-af81-255cd4aee54a-768x1035.webp 768w, https:\/\/www.telaled.com\/wp-content\/uploads\/2025\/08\/36123f2c-de60-488d-af81-255cd4aee54a-9x12.webp 9w, https:\/\/www.telaled.com\/wp-content\/uploads\/2025\/08\/36123f2c-de60-488d-af81-255cd4aee54a-600x808.webp 600w, https:\/\/www.telaled.com\/wp-content\/uploads\/2025\/08\/36123f2c-de60-488d-af81-255cd4aee54a.webp 795w\" sizes=\"auto, (max-width: 760px) 100vw, 760px\" \/>\t\t\t\t\t\t\n\t\t\t\t\t<\/div>\n\t\t\t\t\t\t\t\t\n<style>\n#image_1277197677 {\n  width: 95%;\n}\n<\/style>\n\t<\/div>\n\t\n\n<table id=\"tablepress-31\" class=\"tablepress tablepress-id-31\">\n<thead>\n<tr class=\"row-1\">\n\t<th class=\"column-1\">Specifikace:<\/th><th class=\"column-2\">TCF-P2.5-S840<\/th>\n<\/tr>\n<\/thead>\n<tbody class=\"row-striping row-hover\">\n<tr class=\"row-2\">\n\t<td class=\"column-1\">Slo\u017een\u00ed pixel\u016f:<\/td><td class=\"column-2\">2121 (3 v 1)<\/td>\n<\/tr>\n<tr class=\"row-3\">\n\t<td class=\"column-1\">Hustota zobrazen\u00ed: (body)<\/td><td class=\"column-2\">160 000 \u33a1<\/td>\n<\/tr>\n<tr class=\"row-4\">\n\t<td class=\"column-1\">Ide\u00e1ln\u00ed pozorovac\u00ed vzd\u00e1lenost: (m)<\/td><td class=\"column-2\">2,5\u2013100 m<\/td>\n<\/tr>\n<tr class=\"row-5\">\n\t<td class=\"column-1\">Maxim\u00e1ln\u00ed spot\u0159eba energie:<\/td><td class=\"column-2\">800 W\/\u33a1<\/td>\n<\/tr>\n<tr class=\"row-6\">\n\t<td class=\"column-1\">Re\u017eim skenov\u00e1n\u00ed:<\/td><td class=\"column-2\">32 sken\u016f<\/td>\n<\/tr>\n<tr class=\"row-7\">\n\t<td class=\"column-1\">Jas: (CD\/\u33a1)<\/td><td class=\"column-2\">1200<\/td>\n<\/tr>\n<tr class=\"row-8\">\n\t<td class=\"column-1\">Pozorovac\u00ed \u00fahel: (m)<\/td><td class=\"column-2\">V 120\u00b0 \u0160 120\u00b0 (50mm obvodov\u00fd r\u00e1m) \/ V 360\u00b0 \u0160 360\u00b0 (bez okraj\u016f)<\/td>\n<\/tr>\n<tr class=\"row-9\">\n\t<td class=\"column-1\">Provozn\u00ed nap\u011bt\u00ed:<\/td><td class=\"column-2\">AC 220V\/100V\u00b115% 47~64HZ<\/td>\n<\/tr>\n<tr class=\"row-10\">\n\t<td class=\"column-1\">Nap\u00e1jec\u00ed nap\u011bt\u00ed:<\/td><td class=\"column-2\">5V<\/td>\n<\/tr>\n<tr class=\"row-11\">\n\t<td class=\"column-1\">Provozn\u00ed teplota okol\u00ed syst\u00e9mu:<\/td><td class=\"column-2\">-20~60\u00b0C<\/td>\n<\/tr>\n<tr class=\"row-12\">\n\t<td class=\"column-1\">Syst\u00e9m pracuje v m\u00edrn\u00e9m prost\u0159ed\u00ed:<\/td><td class=\"column-2\">10%~90% UR<\/td>\n<\/tr>\n<tr class=\"row-13\">\n\t<td class=\"column-1\">Barva obrazovky:<\/td><td class=\"column-2\">16,7 milionu<\/td>\n<\/tr>\n<tr class=\"row-14\">\n\t<td class=\"column-1\">\u00darove\u0148 \u0161ed\u00e9:<\/td><td class=\"column-2\">16384<\/td>\n<\/tr>\n<tr class=\"row-15\">\n\t<td class=\"column-1\">Zp\u016fsob komunikace:<\/td><td class=\"column-2\">Synchronizace \/ Desynchronizace<\/td>\n<\/tr>\n<\/tbody>\n<\/table>\n<!-- #tablepress-31 from cache -->\n\t\t<\/div>\n\t\t\t\t\t<\/div>\n\n\t\n<\/div>\n\t\t<\/div>\n\t\t\t\t\t<\/div>\n\n\t\n<\/div>","protected":false},"excerpt":{"rendered":"<p><strong>\u0158ada kruhov\u00fdch LED displej\u016f TCF na m\u00edru: Inovativn\u00ed vizu\u00e1ln\u00ed \u0159e\u0161en\u00ed<\/strong><\/p>\n<p>A <em><strong>Kruhov\u00fd LED displej \u0159ady TCF<\/strong><\/em> Nab\u00edz\u00edme na m\u00edru navr\u017een\u00e9, jasn\u00e9 a poutav\u00e9 kruhov\u00e9 LED displeje. Tyto displeje poskytuj\u00ed jedine\u010dn\u00fd a osobit\u00fd vizu\u00e1ln\u00ed efekt, kter\u00fd va\u0161emu prostoru vdechne nov\u00fd rozm\u011br. <a href=\"https:\/\/www.telaled.com\/cs\/densidade-de-pixels-em-telas-de-led-e-lcd\/\">hustota pixel\u016f<\/a> D\u00edky p\u0159izp\u016fsobiteln\u00fdm pr\u016fm\u011br\u016fm si m\u016f\u017eete vytvo\u0159it \u0159e\u0161en\u00ed, kter\u00e9 dokonale vyhovuje va\u0161im pot\u0159eb\u00e1m.<\/p>\n<p><strong>Hlavn\u00ed vlastnosti:<\/strong><\/p>\n<ul>\n<li><strong>P\u0159izp\u016fsobiteln\u00fd design:<\/strong> Vyberte si mezi r\u00e1movou nebo bezr\u00e1movou konfigurac\u00ed, kter\u00e1 bude vyhovovat va\u0161emu stylu a prostoru.<\/li>\n<li><strong>Flexibiln\u00ed rozte\u010d a pr\u016fm\u011br pixel\u016f:<\/strong> Upravte rozte\u010d a pr\u016fm\u011br pixel\u016f podle specifick\u00fdch pot\u0159eb va\u0161eho monitoru a zajist\u011bte optim\u00e1ln\u00ed obraz.<\/li>\n<li><strong>Kreativn\u00ed vizu\u00e1ln\u00ed efekty:<\/strong> U\u017eijte si realistick\u00fd a snov\u00fd vizu\u00e1ln\u00ed z\u00e1\u017eitek s kruhov\u00fdmi LED displeji, kter\u00e9 jsou navr\u017eeny tak, aby zaujaly div\u00e1ky.<\/li>\n<li><strong>V\u0161estrann\u00e1 nastaven\u00ed<\/strong>K dispozici v jednostrann\u00e9 nebo oboustrann\u00e9 konfiguraci, aby vyhovovaly \u0161irok\u00e9 \u0161k\u00e1le prost\u0159ed\u00ed.<\/li>\n<\/ul>\n<p>N\u00e1\u0161 t\u00fdm nab\u00edz\u00ed nep\u0159etr\u017eitou vzd\u00e1lenou podporu a 3letou z\u00e1ruku. Kontaktujte n\u00e1s je\u0161t\u011b dnes a z\u00edskejte individu\u00e1ln\u00ed cenovou nab\u00eddku.<\/p>","protected":false},"featured_media":3263,"template":"","meta":[],"product_brand":[],"product_cat":[48,40,46],"product_tag":[],"class_list":{"0":"post-3262","1":"product","2":"type-product","3":"status-publish","4":"has-post-thumbnail","6":"product_cat-paineis-personalizados","7":"product_cat-painel-de-led","8":"product_cat-painel-de-video","10":"first","11":"instock","12":"shipping-taxable","13":"product-type-simple"},"yoast_head":"<!-- This site is optimized with the Yoast SEO plugin v27.4 - https:\/\/yoast.com\/product\/yoast-seo-wordpress\/ -->\n<title>Circular LED Display S\u00e9rie TCF | Experi\u00eancias Visuais \u00danicas | TELALED<\/title>\n<meta name=\"description\" content=\"Explore nossa Circular LED Display S\u00e9rie TCF, perfeita para esta\u00e7\u00f5es, aeroportos, shoppings e muito mais. Com configura\u00e7\u00f5es flex\u00edveis e visuais de alta qualidade, ela oferece uma solu\u00e7\u00e3o de display diferenciada e cativante. Entre em contato conosco hoje mesmo!\" \/>\n<meta name=\"robots\" content=\"index, follow, max-snippet:-1, max-image-preview:large, max-video-preview:-1\" \/>\n<link rel=\"canonical\" href=\"https:\/\/www.telaled.com\/cs\/fabrica\/circular-led-display-serie-tcf\/\" \/>\n<meta property=\"og:locale\" content=\"cs_CZ\" \/>\n<meta property=\"og:type\" content=\"article\" \/>\n<meta property=\"og:title\" content=\"Circular LED Display S\u00e9rie TCF | Experi\u00eancias Visuais \u00danicas | TELALED\" \/>\n<meta property=\"og:description\" content=\"Explore nossa Circular LED Display S\u00e9rie TCF, perfeita para esta\u00e7\u00f5es, aeroportos, shoppings e muito mais. Com configura\u00e7\u00f5es flex\u00edveis e visuais de alta qualidade, ela oferece uma solu\u00e7\u00e3o de display diferenciada e cativante. Entre em contato conosco hoje mesmo!\" \/>\n<meta property=\"og:url\" content=\"https:\/\/www.telaled.com\/cs\/fabrica\/circular-led-display-serie-tcf\/\" \/>\n<meta property=\"og:site_name\" content=\"TELALED\" \/>\n<meta property=\"article:modified_time\" content=\"2026-01-06T00:37:31+00:00\" \/>\n<meta property=\"og:image\" content=\"https:\/\/www.telaled.com\/wp-content\/uploads\/2025\/09\/circular-led-display.webp\" \/>\n\t<meta property=\"og:image:width\" content=\"500\" \/>\n\t<meta property=\"og:image:height\" content=\"500\" \/>\n\t<meta property=\"og:image:type\" content=\"image\/webp\" \/>\n<meta name=\"twitter:card\" content=\"summary_large_image\" \/>\n<meta name=\"twitter:label1\" content=\"Est. reading time\" \/>\n\t<meta name=\"twitter:data1\" content=\"3 minuty\" \/>\n<script type=\"application\/ld+json\" class=\"yoast-schema-graph\">{\"@context\":\"https:\\\/\\\/schema.org\",\"@graph\":[{\"@type\":\"WebPage\",\"@id\":\"https:\\\/\\\/www.telaled.com\\\/fabrica\\\/circular-led-display-serie-tcf\\\/\",\"url\":\"https:\\\/\\\/www.telaled.com\\\/fabrica\\\/circular-led-display-serie-tcf\\\/\",\"name\":\"Circular LED Display S\u00e9rie TCF | Experi\u00eancias Visuais \u00danicas | TELALED\",\"isPartOf\":{\"@id\":\"https:\\\/\\\/www.telaled.com\\\/#website\"},\"primaryImageOfPage\":{\"@id\":\"https:\\\/\\\/www.telaled.com\\\/fabrica\\\/circular-led-display-serie-tcf\\\/#primaryimage\"},\"image\":{\"@id\":\"https:\\\/\\\/www.telaled.com\\\/fabrica\\\/circular-led-display-serie-tcf\\\/#primaryimage\"},\"thumbnailUrl\":\"https:\\\/\\\/www.telaled.com\\\/wp-content\\\/uploads\\\/2025\\\/09\\\/circular-led-display.webp\",\"datePublished\":\"2025-09-08T08:40:22+00:00\",\"dateModified\":\"2026-01-06T00:37:31+00:00\",\"description\":\"Explore nossa Circular LED Display S\u00e9rie TCF, perfeita para esta\u00e7\u00f5es, aeroportos, shoppings e muito mais. Com configura\u00e7\u00f5es flex\u00edveis e visuais de alta qualidade, ela oferece uma solu\u00e7\u00e3o de display diferenciada e cativante. Entre em contato conosco hoje mesmo!\",\"breadcrumb\":{\"@id\":\"https:\\\/\\\/www.telaled.com\\\/fabrica\\\/circular-led-display-serie-tcf\\\/#breadcrumb\"},\"inLanguage\":\"cs\",\"potentialAction\":[{\"@type\":\"ReadAction\",\"target\":[\"https:\\\/\\\/www.telaled.com\\\/fabrica\\\/circular-led-display-serie-tcf\\\/\"]}]},{\"@type\":\"ImageObject\",\"inLanguage\":\"cs\",\"@id\":\"https:\\\/\\\/www.telaled.com\\\/fabrica\\\/circular-led-display-serie-tcf\\\/#primaryimage\",\"url\":\"https:\\\/\\\/www.telaled.com\\\/wp-content\\\/uploads\\\/2025\\\/09\\\/circular-led-display.webp\",\"contentUrl\":\"https:\\\/\\\/www.telaled.com\\\/wp-content\\\/uploads\\\/2025\\\/09\\\/circular-led-display.webp\",\"width\":500,\"height\":500,\"caption\":\"circular-led-display\"},{\"@type\":\"BreadcrumbList\",\"@id\":\"https:\\\/\\\/www.telaled.com\\\/fabrica\\\/circular-led-display-serie-tcf\\\/#breadcrumb\",\"itemListElement\":[{\"@type\":\"ListItem\",\"position\":1,\"name\":\"Home\",\"item\":\"https:\\\/\\\/www.telaled.com\\\/\"},{\"@type\":\"ListItem\",\"position\":2,\"name\":\"Produtos\",\"item\":\"https:\\\/\\\/www.telaled.com\\\/shop\\\/\"},{\"@type\":\"ListItem\",\"position\":3,\"name\":\"Circular LED Display S\u00e9rie TCF\"}]},{\"@type\":\"WebSite\",\"@id\":\"https:\\\/\\\/www.telaled.com\\\/#website\",\"url\":\"https:\\\/\\\/www.telaled.com\\\/\",\"name\":\"TELALED\",\"description\":\"\",\"potentialAction\":[{\"@type\":\"SearchAction\",\"target\":{\"@type\":\"EntryPoint\",\"urlTemplate\":\"https:\\\/\\\/www.telaled.com\\\/?s={search_term_string}\"},\"query-input\":{\"@type\":\"PropertyValueSpecification\",\"valueRequired\":true,\"valueName\":\"search_term_string\"}}],\"inLanguage\":\"cs\"}]}<\/script>\n<!-- \/ Yoast SEO plugin. -->","yoast_head_json":{"title":"Kruhov\u00fd LED displej \u0159ady TCF | Unik\u00e1tn\u00ed vizu\u00e1ln\u00ed z\u00e1\u017eitky | TELALED","description":"Prozkoumejte n\u00e1\u0161 kruhov\u00fd LED displej \u0159ady TCF, kter\u00fd je ide\u00e1ln\u00ed pro n\u00e1dra\u017e\u00ed, leti\u0161t\u011b, n\u00e1kupn\u00ed centra a dal\u0161\u00ed. D\u00edky flexibiln\u00edm konfigurac\u00edm a vysoce kvalitn\u00edmu obrazu nab\u00edz\u00ed v\u00fdrazn\u00e9 a poutav\u00e9 \u0159e\u0161en\u00ed displeje. Kontaktujte n\u00e1s je\u0161t\u011b dnes!","robots":{"index":"index","follow":"follow","max-snippet":"max-snippet:-1","max-image-preview":"max-image-preview:large","max-video-preview":"max-video-preview:-1"},"canonical":"https:\/\/www.telaled.com\/cs\/fabrica\/circular-led-display-serie-tcf\/","og_locale":"cs_CZ","og_type":"article","og_title":"Circular LED Display S\u00e9rie TCF | Experi\u00eancias Visuais \u00danicas | TELALED","og_description":"Explore nossa Circular LED Display S\u00e9rie TCF, perfeita para esta\u00e7\u00f5es, aeroportos, shoppings e muito mais. Com configura\u00e7\u00f5es flex\u00edveis e visuais de alta qualidade, ela oferece uma solu\u00e7\u00e3o de display diferenciada e cativante. Entre em contato conosco hoje mesmo!","og_url":"https:\/\/www.telaled.com\/cs\/fabrica\/circular-led-display-serie-tcf\/","og_site_name":"TELALED","article_modified_time":"2026-01-06T00:37:31+00:00","og_image":[{"width":500,"height":500,"url":"https:\/\/www.telaled.com\/wp-content\/uploads\/2025\/09\/circular-led-display.webp","type":"image\/webp"}],"twitter_card":"summary_large_image","twitter_misc":{"Est. reading time":"3 minuty"},"schema":{"@context":"https:\/\/schema.org","@graph":[{"@type":"WebPage","@id":"https:\/\/www.telaled.com\/fabrica\/circular-led-display-serie-tcf\/","url":"https:\/\/www.telaled.com\/fabrica\/circular-led-display-serie-tcf\/","name":"Kruhov\u00fd LED displej \u0159ady TCF | Unik\u00e1tn\u00ed vizu\u00e1ln\u00ed z\u00e1\u017eitky | TELALED","isPartOf":{"@id":"https:\/\/www.telaled.com\/#website"},"primaryImageOfPage":{"@id":"https:\/\/www.telaled.com\/fabrica\/circular-led-display-serie-tcf\/#primaryimage"},"image":{"@id":"https:\/\/www.telaled.com\/fabrica\/circular-led-display-serie-tcf\/#primaryimage"},"thumbnailUrl":"https:\/\/www.telaled.com\/wp-content\/uploads\/2025\/09\/circular-led-display.webp","datePublished":"2025-09-08T08:40:22+00:00","dateModified":"2026-01-06T00:37:31+00:00","description":"Prozkoumejte n\u00e1\u0161 kruhov\u00fd LED displej \u0159ady TCF, kter\u00fd je ide\u00e1ln\u00ed pro n\u00e1dra\u017e\u00ed, leti\u0161t\u011b, n\u00e1kupn\u00ed centra a dal\u0161\u00ed. D\u00edky flexibiln\u00edm konfigurac\u00edm a vysoce kvalitn\u00edmu obrazu nab\u00edz\u00ed v\u00fdrazn\u00e9 a poutav\u00e9 \u0159e\u0161en\u00ed displeje. Kontaktujte n\u00e1s je\u0161t\u011b dnes!","breadcrumb":{"@id":"https:\/\/www.telaled.com\/fabrica\/circular-led-display-serie-tcf\/#breadcrumb"},"inLanguage":"cs","potentialAction":[{"@type":"ReadAction","target":["https:\/\/www.telaled.com\/fabrica\/circular-led-display-serie-tcf\/"]}]},{"@type":"ImageObject","inLanguage":"cs","@id":"https:\/\/www.telaled.com\/fabrica\/circular-led-display-serie-tcf\/#primaryimage","url":"https:\/\/www.telaled.com\/wp-content\/uploads\/2025\/09\/circular-led-display.webp","contentUrl":"https:\/\/www.telaled.com\/wp-content\/uploads\/2025\/09\/circular-led-display.webp","width":500,"height":500,"caption":"circular-led-display"},{"@type":"BreadcrumbList","@id":"https:\/\/www.telaled.com\/fabrica\/circular-led-display-serie-tcf\/#breadcrumb","itemListElement":[{"@type":"ListItem","position":1,"name":"Home","item":"https:\/\/www.telaled.com\/"},{"@type":"ListItem","position":2,"name":"Produtos","item":"https:\/\/www.telaled.com\/shop\/"},{"@type":"ListItem","position":3,"name":"Circular LED Display S\u00e9rie TCF"}]},{"@type":"WebSite","@id":"https:\/\/www.telaled.com\/#website","url":"https:\/\/www.telaled.com\/","name":"LED obrazovka","description":"","potentialAction":[{"@type":"SearchAction","target":{"@type":"EntryPoint","urlTemplate":"https:\/\/www.telaled.com\/?s={search_term_string}"},"query-input":{"@type":"PropertyValueSpecification","valueRequired":true,"valueName":"search_term_string"}}],"inLanguage":"cs"}]}},"_links":{"self":[{"href":"https:\/\/www.telaled.com\/cs\/wp-json\/wp\/v2\/product\/3262","targetHints":{"allow":["GET"]}}],"collection":[{"href":"https:\/\/www.telaled.com\/cs\/wp-json\/wp\/v2\/product"}],"about":[{"href":"https:\/\/www.telaled.com\/cs\/wp-json\/wp\/v2\/types\/product"}],"wp:featuredmedia":[{"embeddable":true,"href":"https:\/\/www.telaled.com\/cs\/wp-json\/wp\/v2\/media\/3263"}],"wp:attachment":[{"href":"https:\/\/www.telaled.com\/cs\/wp-json\/wp\/v2\/media?parent=3262"}],"wp:term":[{"taxonomy":"product_brand","embeddable":true,"href":"https:\/\/www.telaled.com\/cs\/wp-json\/wp\/v2\/product_brand?post=3262"},{"taxonomy":"product_cat","embeddable":true,"href":"https:\/\/www.telaled.com\/cs\/wp-json\/wp\/v2\/product_cat?post=3262"},{"taxonomy":"product_tag","embeddable":true,"href":"https:\/\/www.telaled.com\/cs\/wp-json\/wp\/v2\/product_tag?post=3262"}],"curies":[{"name":"wp","href":"https:\/\/api.w.org\/{rel}","templated":true}]}}