{"id":3247,"date":"2025-09-05T08:21:30","date_gmt":"2025-09-05T08:21:30","guid":{"rendered":"https:\/\/www.telaled.com\/?post_type=product&#038;p=3247"},"modified":"2026-01-06T00:21:06","modified_gmt":"2026-01-06T00:21:06","slug":"led-sphere-display-serie-tce","status":"publish","type":"product","link":"https:\/\/www.telaled.com\/cs\/fabrica\/led-sphere-display-serie-tce\/","title":{"rendered":"LED sf\u00e9rick\u00fd displej \u0159ady TCE"},"content":{"rendered":"<div class=\"row\"  id=\"row-77905342\">\n\n\t<div id=\"col-308556778\" class=\"col small-12 large-12\"  >\n\t\t\t\t<div class=\"col-inner\"  >\n\t\t\t\n\t\t\t\n<h2>Exkluzivn\u00ed v\u00fdhody LED Sphere displeje \u0159ady TCE<\/h2>\n<h3><strong>Vynikaj\u00edc\u00ed odolnost<\/strong><\/h3>\n<ul>\n<li>Vyrobeno s vysoce p\u0159esn\u00fdm n\u00fdtovan\u00fdm hlin\u00edkov\u00fdm r\u00e1mem.<\/li>\n<li>Lehk\u00fd, ale z\u00e1rove\u0148 konstruk\u010dn\u011b stabiln\u00ed pro dlouhodob\u00e9 pou\u017e\u00edv\u00e1n\u00ed.<\/li>\n<li>Vysok\u00e1 odolnost proti opot\u0159eben\u00ed, d\u00edky \u010demu\u017e je spolehliv\u00fd pro nep\u0159etr\u017eit\u00fd provoz.<\/li>\n<\/ul>\n<h3><strong>V\u00fdjime\u010dn\u00e1 vizu\u00e1ln\u00ed kvalita<\/strong><\/h3>\n<ul>\n<li>Nab\u00edz\u00ed vysok\u00fd jas s n\u00edzkou spot\u0159ebou energie.<\/li>\n<li>Magnetick\u00fd modul pro snadnou \u00fadr\u017ebu.<\/li>\n<li>Vynikaj\u00edc\u00ed odvod tepla a odolnost proti prachu pro stabiln\u00ed obraz.<\/li>\n<\/ul>\n<h3><strong>Kompletn\u00ed p\u0159izp\u016fsobivost<\/strong><\/h3>\n<ul>\n<li>K dispozici pro vnit\u0159n\u00ed i venkovn\u00ed instalaci.<\/li>\n<li>Podporuje libovoln\u00e9 rozestupy mezi<a href=\"https:\/\/www.telaled.com\/cs\/pixel-pitch\/\"> pixely<\/a> a zak\u00e1zkov\u00e9 velikosti.<\/li>\n<li>M\u016f\u017ee tvo\u0159it vnit\u0159n\u00ed oblouk, vn\u011bj\u0161\u00ed oblouk, kruhov\u00fd, esovit\u00fd nebo kulov\u00fd tvar.<\/li>\n<\/ul>\n<h3><strong>Komplexn\u00ed podpora<\/strong><\/h3>\n<ul>\n<li>Nonstop vzd\u00e1len\u00e1 technick\u00e1 podpora: Z\u00edskejte p\u0159\u00edstup k odborn\u00e9 pomoci kdykoli a kdekoli.<\/li>\n<li>5% n\u00e1hradn\u00edch d\u00edl\u016f v cen\u011b: Ka\u017ed\u00e1 objedn\u00e1vka obsahuje dal\u0161\u00ed komponenty pro zv\u00fd\u0161en\u00ed spolehlivosti a zaji\u0161t\u011bn\u00ed klidu.<\/li>\n<li>3let\u00e1 prodlou\u017een\u00e1 z\u00e1ruka: Vyu\u017eijte dlouhodobou konvergenci pro lep\u0161\u00ed v\u00fdkon a spolehliv\u00fd servis.<\/li>\n<\/ul>\n<h2>Detaily produktu<\/h2>\n<div class=\"row\"  id=\"row-1891636005\">\n\n\t<div id=\"col-203965453\" class=\"col medium-10 small-12 large-10\"  >\n\t\t\t\t<div class=\"col-inner text-left\"  >\n\t\t\t\n\t\t\t\n<ul>\n<li>Dodali jsme stovky zak\u00e1zkov\u00fdch LED modul\u016f a tyto odborn\u00e9 znalosti n\u00e1m umo\u017enily zdokonalit n\u00e1\u0161 LED kulov\u00fd displej. Ka\u017ed\u00e1 koule je vyrobena z p\u0159esn\u011b lisovan\u00fdch modul\u016f, co\u017e n\u00e1m umo\u017e\u0148uje p\u0159izp\u016fsobit velikost, rozli\u0161en\u00ed a design.<\/li>\n<\/ul>\n\t<div class=\"img has-hover x md-x lg-x y md-y lg-y\" id=\"image_468113569\">\n\t\t\t\t\t\t\t\t<div class=\"img-inner dark\" >\n\t\t\t<img loading=\"lazy\" decoding=\"async\" width=\"1300\" height=\"500\" src=\"https:\/\/www.telaled.com\/wp-content\/uploads\/2025\/09\/Acumulando-centenas-de-formas-de-modulos-de-LED.webp\" class=\"attachment-original size-original\" alt=\"Hromad\u00ed se stovky tvar\u016f LED modul\u016f\" srcset=\"https:\/\/www.telaled.com\/wp-content\/uploads\/2025\/09\/Acumulando-centenas-de-formas-de-modulos-de-LED.webp 1300w, https:\/\/www.telaled.com\/wp-content\/uploads\/2025\/09\/Acumulando-centenas-de-formas-de-modulos-de-LED-300x115.webp 300w, https:\/\/www.telaled.com\/wp-content\/uploads\/2025\/09\/Acumulando-centenas-de-formas-de-modulos-de-LED-1024x394.webp 1024w, https:\/\/www.telaled.com\/wp-content\/uploads\/2025\/09\/Acumulando-centenas-de-formas-de-modulos-de-LED-768x295.webp 768w, https:\/\/www.telaled.com\/wp-content\/uploads\/2025\/09\/Acumulando-centenas-de-formas-de-modulos-de-LED-18x7.webp 18w, https:\/\/www.telaled.com\/wp-content\/uploads\/2025\/09\/Acumulando-centenas-de-formas-de-modulos-de-LED-600x231.webp 600w\" sizes=\"auto, (max-width: 1300px) 100vw, 1300px\" \/>\t\t\t\t\t\t\n\t\t\t\t\t<\/div>\n\t\t\t\t\t\t\t\t\n<style>\n#image_468113569 {\n  width: 95%;\n}\n<\/style>\n\t<\/div>\n\t\n<ul>\n<li>N\u00e1\u0161 kulat\u00fd LED displej vyu\u017e\u00edv\u00e1 n\u00fdtovan\u00fd hlin\u00edkov\u00fd r\u00e1m, navr\u017een\u00fd pro p\u0159esnost a odolnost. Jeho lehk\u00e1 konstrukce usnad\u0148uje manipulaci, zat\u00edmco pevn\u00e1 struktura udr\u017euje obrazovku stabiln\u00ed po celou dobu. Tato konstrukce \u010din\u00ed displej spolehliv\u00fdm pro kreativn\u00ed sestavy a ohromuj\u00edc\u00ed 360\u00b0 vizu\u00e1ln\u00ed efekty.<\/li>\n<\/ul>\n\t\t<\/div>\n\t\t\t\t\t<\/div>\n\n\t\n\n\t<div id=\"col-1334659431\" class=\"col medium-10 small-12 large-10\"  >\n\t\t\t\t<div class=\"col-inner text-left\"  >\n\t\t\t\n\t\t\t\n\t<div class=\"img has-hover x md-x lg-x y md-y lg-y\" id=\"image_1566074422\">\n\t\t\t\t\t\t\t\t<div class=\"img-inner dark\" >\n\t\t\t<img loading=\"lazy\" decoding=\"async\" width=\"640\" height=\"430\" src=\"https:\/\/www.telaled.com\/wp-content\/uploads\/2025\/09\/Estrutura-de-aluminio-rebitada-de-alta-precisao.webp\" class=\"attachment-large size-large\" alt=\"Vysoce p\u0159esn\u00e1 n\u00fdtovan\u00e1 hlin\u00edkov\u00e1 konstrukce\" srcset=\"https:\/\/www.telaled.com\/wp-content\/uploads\/2025\/09\/Estrutura-de-aluminio-rebitada-de-alta-precisao.webp 640w, https:\/\/www.telaled.com\/wp-content\/uploads\/2025\/09\/Estrutura-de-aluminio-rebitada-de-alta-precisao-300x202.webp 300w, https:\/\/www.telaled.com\/wp-content\/uploads\/2025\/09\/Estrutura-de-aluminio-rebitada-de-alta-precisao-18x12.webp 18w, https:\/\/www.telaled.com\/wp-content\/uploads\/2025\/09\/Estrutura-de-aluminio-rebitada-de-alta-precisao-600x403.webp 600w\" sizes=\"auto, (max-width: 640px) 100vw, 640px\" \/>\t\t\t\t\t\t\n\t\t\t\t\t<\/div>\n\t\t\t\t\t\t\t\t\n<style>\n#image_1566074422 {\n  width: 95%;\n}\n<\/style>\n\t<\/div>\n\t\n<ul>\n<li>D\u00edky sv\u00e9 v\u0161estrannosti jej m\u016f\u017eete nainstalovat zav\u011b\u0161en\u00fd ze stropu, na podlahu, zabudovan\u00fd do konstrukce nebo namontovan\u00fd na ze\u010f. Tato rozmanitost mo\u017enost\u00ed usnad\u0148uje p\u0159izp\u016fsoben\u00ed displeje r\u016fzn\u00fdm prostor\u016fm a z\u00e1rove\u0148 zachov\u00e1n\u00ed profesion\u00e1ln\u00edho a integrovan\u00e9ho vzhledu.<\/li>\n<\/ul>\n\t<div class=\"img has-hover x md-x lg-x y md-y lg-y\" id=\"image_325579663\">\n\t\t\t\t\t\t\t\t<div class=\"img-inner dark\" >\n\t\t\t<img loading=\"lazy\" decoding=\"async\" width=\"1020\" height=\"365\" src=\"https:\/\/www.telaled.com\/wp-content\/uploads\/2025\/09\/Modo-de-instalacao-flexivel-1024x366.webp\" class=\"attachment-large size-large\" alt=\"Flexibiln\u00ed re\u017eim instalace\" srcset=\"https:\/\/www.telaled.com\/wp-content\/uploads\/2025\/09\/Modo-de-instalacao-flexivel-1024x366.webp 1024w, https:\/\/www.telaled.com\/wp-content\/uploads\/2025\/09\/Modo-de-instalacao-flexivel-300x107.webp 300w, https:\/\/www.telaled.com\/wp-content\/uploads\/2025\/09\/Modo-de-instalacao-flexivel-768x274.webp 768w, https:\/\/www.telaled.com\/wp-content\/uploads\/2025\/09\/Modo-de-instalacao-flexivel-18x6.webp 18w, https:\/\/www.telaled.com\/wp-content\/uploads\/2025\/09\/Modo-de-instalacao-flexivel-600x214.webp 600w, https:\/\/www.telaled.com\/wp-content\/uploads\/2025\/09\/Modo-de-instalacao-flexivel.webp 1400w\" sizes=\"auto, (max-width: 1020px) 100vw, 1020px\" \/>\t\t\t\t\t\t\n\t\t\t\t\t<\/div>\n\t\t\t\t\t\t\t\t\n<style>\n#image_325579663 {\n  width: 95%;\n}\n<\/style>\n\t<\/div>\n\t\n\t\t<\/div>\n\t\t\t\t\t<\/div>\n\n\t\n\n\t<div id=\"col-613497637\" class=\"col medium-10 small-12 large-10\"  >\n\t\t\t\t<div class=\"col-inner text-left\"  >\n\t\t\t\n\t\t\t\n<ul>\n<li>Na\u0161e LED sf\u00e9rick\u00e9 displeje \u0159ady TCE jsou bezpe\u010dn\u011b zabaleny v zes\u00edlen\u00fdch d\u0159ev\u011bn\u00fdch bedn\u00e1ch, kter\u00e9 je chr\u00e1n\u00ed b\u011bhem p\u0159epravy. Ka\u017ed\u00e1 jednotka je chr\u00e1n\u011bna p\u0159ed prachem, n\u00e1razy a dal\u0161\u00edmi nebezpe\u010d\u00edmi t\u00edm, \u017ee je zabalena v ochrann\u00fdch kontejnerech. Tato metoda zaji\u0161\u0165uje odolnost a bezpe\u010dnou manipulaci od skladov\u00e1n\u00ed a\u017e po kone\u010dn\u00e9 dod\u00e1n\u00ed.<\/li>\n<\/ul>\n\t<div class=\"img has-hover x md-x lg-x y md-y lg-y\" id=\"image_781232364\">\n\t\t\t\t\t\t\t\t<div class=\"img-inner dark\" >\n\t\t\t<img loading=\"lazy\" decoding=\"async\" width=\"760\" height=\"1024\" src=\"https:\/\/www.telaled.com\/wp-content\/uploads\/2025\/08\/36123f2c-de60-488d-af81-255cd4aee54a-760x1024.webp\" class=\"attachment-large size-large\" alt=\"\" srcset=\"https:\/\/www.telaled.com\/wp-content\/uploads\/2025\/08\/36123f2c-de60-488d-af81-255cd4aee54a-760x1024.webp 760w, https:\/\/www.telaled.com\/wp-content\/uploads\/2025\/08\/36123f2c-de60-488d-af81-255cd4aee54a-223x300.webp 223w, https:\/\/www.telaled.com\/wp-content\/uploads\/2025\/08\/36123f2c-de60-488d-af81-255cd4aee54a-768x1035.webp 768w, https:\/\/www.telaled.com\/wp-content\/uploads\/2025\/08\/36123f2c-de60-488d-af81-255cd4aee54a-9x12.webp 9w, https:\/\/www.telaled.com\/wp-content\/uploads\/2025\/08\/36123f2c-de60-488d-af81-255cd4aee54a-600x808.webp 600w, https:\/\/www.telaled.com\/wp-content\/uploads\/2025\/08\/36123f2c-de60-488d-af81-255cd4aee54a.webp 795w\" sizes=\"auto, (max-width: 760px) 100vw, 760px\" \/>\t\t\t\t\t\t\n\t\t\t\t\t<\/div>\n\t\t\t\t\t\t\t\t\n<style>\n#image_781232364 {\n  width: 95%;\n}\n<\/style>\n\t<\/div>\n\t\n\t<div class=\"img has-hover x md-x lg-x y md-y lg-y\" id=\"image_1754904783\">\n\t\t\t\t\t\t\t\t<div class=\"img-inner dark\" >\n\t\t\t<img loading=\"lazy\" decoding=\"async\" width=\"1020\" height=\"728\" src=\"https:\/\/www.telaled.com\/wp-content\/uploads\/2025\/09\/Embalagem-de-caixa-de-madeira-1024x731.jpg\" class=\"attachment-large size-large\" alt=\"balen\u00ed v d\u0159ev\u011bn\u00fdch krabic\u00edch\" srcset=\"https:\/\/www.telaled.com\/wp-content\/uploads\/2025\/09\/Embalagem-de-caixa-de-madeira-1024x731.jpg 1024w, https:\/\/www.telaled.com\/wp-content\/uploads\/2025\/09\/Embalagem-de-caixa-de-madeira-300x214.jpg 300w, https:\/\/www.telaled.com\/wp-content\/uploads\/2025\/09\/Embalagem-de-caixa-de-madeira-768x549.jpg 768w, https:\/\/www.telaled.com\/wp-content\/uploads\/2025\/09\/Embalagem-de-caixa-de-madeira-18x12.jpg 18w, https:\/\/www.telaled.com\/wp-content\/uploads\/2025\/09\/Embalagem-de-caixa-de-madeira-600x429.jpg 600w, https:\/\/www.telaled.com\/wp-content\/uploads\/2025\/09\/Embalagem-de-caixa-de-madeira.jpg 1400w\" sizes=\"auto, (max-width: 1020px) 100vw, 1020px\" \/>\t\t\t\t\t\t\n\t\t\t\t\t<\/div>\n\t\t\t\t\t\t\t\t\n<style>\n#image_1754904783 {\n  width: 95%;\n}\n<\/style>\n\t<\/div>\n\t\n\n<table id=\"tablepress-52\" class=\"tablepress tablepress-id-52\">\n<thead>\n<tr class=\"row-1\">\n\t<th class=\"column-1\">Specifikace:<\/th><th class=\"column-2\">TCH-P4-S118<\/th>\n<\/tr>\n<\/thead>\n<tbody class=\"row-striping row-hover\">\n<tr class=\"row-2\">\n\t<td class=\"column-1\">Slo\u017een\u00ed pixelov\u00fdch bod\u016f:<\/td><td class=\"column-2\">2121 (3 v 1)<\/td>\n<\/tr>\n<tr class=\"row-3\">\n\t<td class=\"column-1\">Rozli\u0161en\u00ed pixel\u016f:<\/td><td class=\"column-2\">550*370<\/td>\n<\/tr>\n<tr class=\"row-4\">\n\t<td class=\"column-1\">Velikost obrazovky (mm):<\/td><td class=\"column-2\">2200*1480<\/td>\n<\/tr>\n<tr class=\"row-5\">\n\t<td class=\"column-1\">Hustota zobrazen\u00ed:<\/td><td class=\"column-2\">62500 bod\u016f\/\u33a1<\/td>\n<\/tr>\n<tr class=\"row-6\">\n\t<td class=\"column-1\">Ide\u00e1ln\u00ed pozorovac\u00ed vzd\u00e1lenost (m):<\/td><td class=\"column-2\">4\u2013100 m<\/td>\n<\/tr>\n<tr class=\"row-7\">\n\t<td class=\"column-1\">\u0160pi\u010dkov\u00e1 spot\u0159eba energie:<\/td><td class=\"column-2\">800 W\/\u33a1<\/td>\n<\/tr>\n<tr class=\"row-8\">\n\t<td class=\"column-1\">Metoda skenov\u00e1n\u00ed:<\/td><td class=\"column-2\">16 sken\u016f<\/td>\n<\/tr>\n<tr class=\"row-9\">\n\t<td class=\"column-1\">Jas: (CD\/\u33a1)<\/td><td class=\"column-2\">1600<\/td>\n<\/tr>\n<tr class=\"row-10\">\n\t<td class=\"column-1\">Perspektivn\u00ed:<\/td><td class=\"column-2\">H 360\u00b0 V 360\u00b0<\/td>\n<\/tr>\n<tr class=\"row-11\">\n\t<td class=\"column-1\">Provozn\u00ed nap\u011bt\u00ed:<\/td><td class=\"column-2\">AC 220V\/100V\u00b115% 47~64HZ<\/td>\n<\/tr>\n<tr class=\"row-12\">\n\t<td class=\"column-1\">Nap\u00e1jec\u00ed nap\u011bt\u00ed:<\/td><td class=\"column-2\">5V<\/td>\n<\/tr>\n<tr class=\"row-13\">\n\t<td class=\"column-1\">Provozn\u00ed teplota okol\u00ed syst\u00e9mu:<\/td><td class=\"column-2\">-20~60\u00b0C<\/td>\n<\/tr>\n<tr class=\"row-14\">\n\t<td class=\"column-1\">Syst\u00e9m pracuje v m\u00edrn\u00e9m prost\u0159ed\u00ed:<\/td><td class=\"column-2\">10%~90% UR<\/td>\n<\/tr>\n<tr class=\"row-15\">\n\t<td class=\"column-1\">Barva obrazovky:<\/td><td class=\"column-2\">16,7 milionu<\/td>\n<\/tr>\n<tr class=\"row-16\">\n\t<td class=\"column-1\">\u00darove\u0148 \u0161ed\u00e9:<\/td><td class=\"column-2\">16384<\/td>\n<\/tr>\n<tr class=\"row-17\">\n\t<td class=\"column-1\">Zp\u016fsob komunikace:<\/td><td class=\"column-2\">Synchronizace<\/td>\n<\/tr>\n<\/tbody>\n<\/table>\n\n\t\t<\/div>\n\t\t\t\t\t<\/div>\n\n\t\n<\/div>\n\t\t<\/div>\n\t\t\t\t\t<\/div>\n\n\t\n<\/div>","protected":false},"excerpt":{"rendered":"<p><strong>LED sf\u00e9rick\u00fd displej \u0159ady TCE | Zak\u00e1zkov\u00e9 sf\u00e9rick\u00e9 LED osv\u011btlen\u00ed pro vnit\u0159n\u00ed i venkovn\u00ed prost\u0159ed\u00ed<\/strong><\/p>\n<p>O <em><strong>LED sf\u00e9rick\u00fd displej \u0159ady TCE<\/strong><\/em> Jedn\u00e1 se o flexibiln\u00ed, uzav\u0159enou LED kouli ur\u010denou pro kreativn\u00ed pou\u017eit\u00ed v interi\u00e9ru i exteri\u00e9ru. Nab\u00edz\u00edme pln\u011b p\u0159izp\u016fsobiteln\u00e9 mo\u017enosti v jak\u00e9koli velikosti a <a href=\"https:\/\/www.telaled.com\/cs\/densidade-de-pixels-em-telas-de-led-e-lcd\/\">hustota pixel\u016f<\/a>, kombinuj\u00edc\u00ed odolnost s p\u016fsobiv\u00fdm vzhledem.<\/p>\n<p><strong>Hlavn\u00ed vlastnosti:<\/strong><\/p>\n<ul>\n<li><strong>Pro vnit\u0159n\u00ed i vn\u011bj\u0161\u00ed pou\u017eit\u00ed:<\/strong> Navr\u017eeno pro pr\u00e1ci v jak\u00e9mkoli prost\u0159ed\u00ed.<\/li>\n<li><strong>Pln\u00e1 individu\u00e1ln\u00ed \u00faprava:<\/strong> libovoln\u00e1 dostupn\u00e1 velikost a hustota pixel\u016f.<\/li>\n<li><strong>Flexibiln\u00ed a kulovit\u00fd povrch:<\/strong> Vytv\u00e1\u0159\u00ed atraktivn\u00ed a jednotn\u00e9 vizu\u00e1ln\u00ed efekty.<\/li>\n<li><strong>Podmaniv\u00e1 p\u0159\u00edtomnost:<\/strong> Ide\u00e1ln\u00ed pro kreativn\u00ed instalaci a v\u00fdrazn\u00e9 vystaven\u00ed.<\/li>\n<li><strong>Vysoce p\u0159esn\u00e1 hlin\u00edkov\u00e1 konstrukce:<\/strong> Lehk\u00e1, ale z\u00e1rove\u0148 odoln\u00e1 pro dlouhodobou stabilitu.<\/li>\n<\/ul>\n<p>Nab\u00edz\u00edme nep\u0159etr\u017eitou vzd\u00e1lenou podporu a 3letou z\u00e1ruku. Kontaktujte n\u00e1s pro individu\u00e1ln\u00ed cenovou nab\u00eddku.<\/p>","protected":false},"featured_media":3248,"template":"","meta":[],"product_brand":[],"product_cat":[48,40,44,46],"product_tag":[],"class_list":{"0":"post-3247","1":"product","2":"type-product","3":"status-publish","4":"has-post-thumbnail","6":"product_cat-paineis-personalizados","7":"product_cat-painel-de-led","8":"product_cat-painel-de-led-flexivel","9":"product_cat-painel-de-video","11":"first","12":"instock","13":"shipping-taxable","14":"product-type-simple"},"yoast_head":"<!-- This site is optimized with the Yoast SEO plugin v27.4 - https:\/\/yoast.com\/product\/yoast-seo-wordpress\/ -->\n<title>LED Sphere Display S\u00e9rie TCE | Telas LED Esf\u00e9ricas Personalizadas para Ambientes Internos e Externos | TELALED<\/title>\n<meta name=\"description\" content=\"LED Sphere Display S\u00e9rie TCE, dur\u00e1vel, leve e ideal para configura\u00e7\u00f5es criativas internas e externas. Solicite um or\u00e7amento hoje mesmo!\" \/>\n<meta name=\"robots\" content=\"index, follow, max-snippet:-1, max-image-preview:large, max-video-preview:-1\" \/>\n<link rel=\"canonical\" href=\"https:\/\/www.telaled.com\/cs\/fabrica\/led-sphere-display-serie-tce\/\" \/>\n<meta property=\"og:locale\" content=\"cs_CZ\" \/>\n<meta property=\"og:type\" content=\"article\" \/>\n<meta property=\"og:title\" content=\"LED Sphere Display S\u00e9rie TCE | Telas LED Esf\u00e9ricas Personalizadas para Ambientes Internos e Externos | TELALED\" \/>\n<meta property=\"og:description\" content=\"LED Sphere Display S\u00e9rie TCE, dur\u00e1vel, leve e ideal para configura\u00e7\u00f5es criativas internas e externas. Solicite um or\u00e7amento hoje mesmo!\" \/>\n<meta property=\"og:url\" content=\"https:\/\/www.telaled.com\/cs\/fabrica\/led-sphere-display-serie-tce\/\" \/>\n<meta property=\"og:site_name\" content=\"TELALED\" \/>\n<meta property=\"article:modified_time\" content=\"2026-01-06T00:21:06+00:00\" \/>\n<meta property=\"og:image\" content=\"https:\/\/www.telaled.com\/wp-content\/uploads\/2025\/09\/led-sphere-display.webp\" \/>\n\t<meta property=\"og:image:width\" content=\"500\" \/>\n\t<meta property=\"og:image:height\" content=\"500\" \/>\n\t<meta property=\"og:image:type\" content=\"image\/webp\" \/>\n<meta name=\"twitter:card\" content=\"summary_large_image\" \/>\n<meta name=\"twitter:label1\" content=\"Est. reading time\" \/>\n\t<meta name=\"twitter:data1\" content=\"3 minuty\" \/>\n<script type=\"application\/ld+json\" class=\"yoast-schema-graph\">{\"@context\":\"https:\\\/\\\/schema.org\",\"@graph\":[{\"@type\":\"WebPage\",\"@id\":\"https:\\\/\\\/www.telaled.com\\\/fabrica\\\/led-sphere-display-serie-tce\\\/\",\"url\":\"https:\\\/\\\/www.telaled.com\\\/fabrica\\\/led-sphere-display-serie-tce\\\/\",\"name\":\"LED Sphere Display S\u00e9rie TCE | Telas LED Esf\u00e9ricas Personalizadas para Ambientes Internos e Externos | TELALED\",\"isPartOf\":{\"@id\":\"https:\\\/\\\/www.telaled.com\\\/#website\"},\"primaryImageOfPage\":{\"@id\":\"https:\\\/\\\/www.telaled.com\\\/fabrica\\\/led-sphere-display-serie-tce\\\/#primaryimage\"},\"image\":{\"@id\":\"https:\\\/\\\/www.telaled.com\\\/fabrica\\\/led-sphere-display-serie-tce\\\/#primaryimage\"},\"thumbnailUrl\":\"https:\\\/\\\/www.telaled.com\\\/wp-content\\\/uploads\\\/2025\\\/09\\\/led-sphere-display.webp\",\"datePublished\":\"2025-09-05T08:21:30+00:00\",\"dateModified\":\"2026-01-06T00:21:06+00:00\",\"description\":\"LED Sphere Display S\u00e9rie TCE, dur\u00e1vel, leve e ideal para configura\u00e7\u00f5es criativas internas e externas. Solicite um or\u00e7amento hoje mesmo!\",\"breadcrumb\":{\"@id\":\"https:\\\/\\\/www.telaled.com\\\/fabrica\\\/led-sphere-display-serie-tce\\\/#breadcrumb\"},\"inLanguage\":\"cs\",\"potentialAction\":[{\"@type\":\"ReadAction\",\"target\":[\"https:\\\/\\\/www.telaled.com\\\/fabrica\\\/led-sphere-display-serie-tce\\\/\"]}]},{\"@type\":\"ImageObject\",\"inLanguage\":\"cs\",\"@id\":\"https:\\\/\\\/www.telaled.com\\\/fabrica\\\/led-sphere-display-serie-tce\\\/#primaryimage\",\"url\":\"https:\\\/\\\/www.telaled.com\\\/wp-content\\\/uploads\\\/2025\\\/09\\\/led-sphere-display.webp\",\"contentUrl\":\"https:\\\/\\\/www.telaled.com\\\/wp-content\\\/uploads\\\/2025\\\/09\\\/led-sphere-display.webp\",\"width\":500,\"height\":500,\"caption\":\"led-sphere-display\"},{\"@type\":\"BreadcrumbList\",\"@id\":\"https:\\\/\\\/www.telaled.com\\\/fabrica\\\/led-sphere-display-serie-tce\\\/#breadcrumb\",\"itemListElement\":[{\"@type\":\"ListItem\",\"position\":1,\"name\":\"Home\",\"item\":\"https:\\\/\\\/www.telaled.com\\\/\"},{\"@type\":\"ListItem\",\"position\":2,\"name\":\"Produtos\",\"item\":\"https:\\\/\\\/www.telaled.com\\\/shop\\\/\"},{\"@type\":\"ListItem\",\"position\":3,\"name\":\"LED Sphere Display S\u00e9rie TCE\"}]},{\"@type\":\"WebSite\",\"@id\":\"https:\\\/\\\/www.telaled.com\\\/#website\",\"url\":\"https:\\\/\\\/www.telaled.com\\\/\",\"name\":\"TELALED\",\"description\":\"\",\"potentialAction\":[{\"@type\":\"SearchAction\",\"target\":{\"@type\":\"EntryPoint\",\"urlTemplate\":\"https:\\\/\\\/www.telaled.com\\\/?s={search_term_string}\"},\"query-input\":{\"@type\":\"PropertyValueSpecification\",\"valueRequired\":true,\"valueName\":\"search_term_string\"}}],\"inLanguage\":\"cs\"}]}<\/script>\n<!-- \/ Yoast SEO plugin. -->","yoast_head_json":{"title":"LED sf\u00e9rick\u00e9 displeje \u0159ady TCE | Zak\u00e1zkov\u00e9 sf\u00e9rick\u00e9 LED obrazovky pro vnit\u0159n\u00ed i venkovn\u00ed prost\u0159ed\u00ed | TELALED","description":"LED sf\u00e9rick\u00fd displej \u0159ady TCE: Odoln\u00fd, lehk\u00fd a ide\u00e1ln\u00ed pro kreativn\u00ed vnit\u0159n\u00ed i venkovn\u00ed pou\u017eit\u00ed. Vy\u017e\u00e1dejte si cenovou nab\u00eddku je\u0161t\u011b dnes!","robots":{"index":"index","follow":"follow","max-snippet":"max-snippet:-1","max-image-preview":"max-image-preview:large","max-video-preview":"max-video-preview:-1"},"canonical":"https:\/\/www.telaled.com\/cs\/fabrica\/led-sphere-display-serie-tce\/","og_locale":"cs_CZ","og_type":"article","og_title":"LED Sphere Display S\u00e9rie TCE | Telas LED Esf\u00e9ricas Personalizadas para Ambientes Internos e Externos | TELALED","og_description":"LED Sphere Display S\u00e9rie TCE, dur\u00e1vel, leve e ideal para configura\u00e7\u00f5es criativas internas e externas. Solicite um or\u00e7amento hoje mesmo!","og_url":"https:\/\/www.telaled.com\/cs\/fabrica\/led-sphere-display-serie-tce\/","og_site_name":"TELALED","article_modified_time":"2026-01-06T00:21:06+00:00","og_image":[{"width":500,"height":500,"url":"https:\/\/www.telaled.com\/wp-content\/uploads\/2025\/09\/led-sphere-display.webp","type":"image\/webp"}],"twitter_card":"summary_large_image","twitter_misc":{"Est. reading time":"3 minuty"},"schema":{"@context":"https:\/\/schema.org","@graph":[{"@type":"WebPage","@id":"https:\/\/www.telaled.com\/fabrica\/led-sphere-display-serie-tce\/","url":"https:\/\/www.telaled.com\/fabrica\/led-sphere-display-serie-tce\/","name":"LED sf\u00e9rick\u00e9 displeje \u0159ady TCE | Zak\u00e1zkov\u00e9 sf\u00e9rick\u00e9 LED obrazovky pro vnit\u0159n\u00ed i venkovn\u00ed prost\u0159ed\u00ed | TELALED","isPartOf":{"@id":"https:\/\/www.telaled.com\/#website"},"primaryImageOfPage":{"@id":"https:\/\/www.telaled.com\/fabrica\/led-sphere-display-serie-tce\/#primaryimage"},"image":{"@id":"https:\/\/www.telaled.com\/fabrica\/led-sphere-display-serie-tce\/#primaryimage"},"thumbnailUrl":"https:\/\/www.telaled.com\/wp-content\/uploads\/2025\/09\/led-sphere-display.webp","datePublished":"2025-09-05T08:21:30+00:00","dateModified":"2026-01-06T00:21:06+00:00","description":"LED sf\u00e9rick\u00fd displej \u0159ady TCE: Odoln\u00fd, lehk\u00fd a ide\u00e1ln\u00ed pro kreativn\u00ed vnit\u0159n\u00ed i venkovn\u00ed pou\u017eit\u00ed. Vy\u017e\u00e1dejte si cenovou nab\u00eddku je\u0161t\u011b dnes!","breadcrumb":{"@id":"https:\/\/www.telaled.com\/fabrica\/led-sphere-display-serie-tce\/#breadcrumb"},"inLanguage":"cs","potentialAction":[{"@type":"ReadAction","target":["https:\/\/www.telaled.com\/fabrica\/led-sphere-display-serie-tce\/"]}]},{"@type":"ImageObject","inLanguage":"cs","@id":"https:\/\/www.telaled.com\/fabrica\/led-sphere-display-serie-tce\/#primaryimage","url":"https:\/\/www.telaled.com\/wp-content\/uploads\/2025\/09\/led-sphere-display.webp","contentUrl":"https:\/\/www.telaled.com\/wp-content\/uploads\/2025\/09\/led-sphere-display.webp","width":500,"height":500,"caption":"led-sphere-display"},{"@type":"BreadcrumbList","@id":"https:\/\/www.telaled.com\/fabrica\/led-sphere-display-serie-tce\/#breadcrumb","itemListElement":[{"@type":"ListItem","position":1,"name":"Home","item":"https:\/\/www.telaled.com\/"},{"@type":"ListItem","position":2,"name":"Produtos","item":"https:\/\/www.telaled.com\/shop\/"},{"@type":"ListItem","position":3,"name":"LED Sphere Display S\u00e9rie TCE"}]},{"@type":"WebSite","@id":"https:\/\/www.telaled.com\/#website","url":"https:\/\/www.telaled.com\/","name":"LED obrazovka","description":"","potentialAction":[{"@type":"SearchAction","target":{"@type":"EntryPoint","urlTemplate":"https:\/\/www.telaled.com\/?s={search_term_string}"},"query-input":{"@type":"PropertyValueSpecification","valueRequired":true,"valueName":"search_term_string"}}],"inLanguage":"cs"}]}},"_links":{"self":[{"href":"https:\/\/www.telaled.com\/cs\/wp-json\/wp\/v2\/product\/3247","targetHints":{"allow":["GET"]}}],"collection":[{"href":"https:\/\/www.telaled.com\/cs\/wp-json\/wp\/v2\/product"}],"about":[{"href":"https:\/\/www.telaled.com\/cs\/wp-json\/wp\/v2\/types\/product"}],"wp:featuredmedia":[{"embeddable":true,"href":"https:\/\/www.telaled.com\/cs\/wp-json\/wp\/v2\/media\/3248"}],"wp:attachment":[{"href":"https:\/\/www.telaled.com\/cs\/wp-json\/wp\/v2\/media?parent=3247"}],"wp:term":[{"taxonomy":"product_brand","embeddable":true,"href":"https:\/\/www.telaled.com\/cs\/wp-json\/wp\/v2\/product_brand?post=3247"},{"taxonomy":"product_cat","embeddable":true,"href":"https:\/\/www.telaled.com\/cs\/wp-json\/wp\/v2\/product_cat?post=3247"},{"taxonomy":"product_tag","embeddable":true,"href":"https:\/\/www.telaled.com\/cs\/wp-json\/wp\/v2\/product_tag?post=3247"}],"curies":[{"name":"wp","href":"https:\/\/api.w.org\/{rel}","templated":true}]}}