{"id":3233,"date":"2025-09-04T08:39:53","date_gmt":"2025-09-04T08:39:53","guid":{"rendered":"https:\/\/www.telaled.com\/?post_type=product&#038;p=3233"},"modified":"2026-01-06T00:02:33","modified_gmt":"2026-01-06T00:02:33","slug":"cubo-de-painel-de-led-serie-tcd","status":"publish","type":"product","link":"https:\/\/www.telaled.com\/cs\/fabrica\/cubo-de-painel-de-led-serie-tcd\/","title":{"rendered":"LED panel \u0159ady TCD v kostce"},"content":{"rendered":"<div class=\"row\"  id=\"row-1324945854\">\n\n\t<div id=\"col-52047751\" class=\"col small-12 large-12\"  >\n\t\t\t\t<div class=\"col-inner\"  >\n\t\t\t\n\t\t\t\n<h2>Exkluzivn\u00ed v\u00fdhody LED panelu Cube \u0159ady TCD<\/h2>\n<h3><strong>Vynikaj\u00edc\u00ed odolnost<\/strong><\/h3>\n<ul>\n<li>Vysoce kvalitn\u00ed kor\u00e1lky pro lampy<\/li>\n<li>\u017divotnost 100 000 hodin<\/li>\n<li>Provoz 24\/7 bez p\u0159eh\u0159\u00edv\u00e1n\u00ed.<\/li>\n<\/ul>\n<h3><strong>V\u00fdjime\u010dn\u00e1 vizu\u00e1ln\u00ed kvalita<\/strong><\/h3>\n<ul>\n<li>360\u00b0 v\u0161esm\u011brov\u00fd pohled<\/li>\n<li>Jednotn\u00e9 barvy a \u0161irok\u00fd \u00fahel osv\u011btlen\u00ed.<\/li>\n<li>Brilantn\u00ed a souvisl\u00e9 vizu\u00e1ln\u00ed efekty ze v\u0161ech \u00fahl\u016f.<\/li>\n<\/ul>\n<h3><strong>Kompletn\u00ed p\u0159izp\u016fsobivost<\/strong><\/h3>\n<ul>\n<li>Pevn\u00e9, voln\u011b stoj\u00edc\u00ed, zav\u011b\u0161en\u00e9 nebo n\u00e1st\u011bnn\u00e9 instalace<\/li>\n<li>Modely pro vnit\u0159n\u00ed i venkovn\u00ed pou\u017eit\u00ed v r\u016fzn\u00fdch velikostech.<\/li>\n<li>K dispozici jsou zak\u00e1zkov\u00e9 velikosti a rozm\u011bry.<\/li>\n<\/ul>\n<h3><strong>Komplexn\u00ed podpora<\/strong><\/h3>\n<ul>\n<li>Nonstop vzd\u00e1len\u00e1 technick\u00e1 podpora: Z\u00edskejte p\u0159\u00edstup k odborn\u00e9 pomoci kdykoli a kdekoli.<\/li>\n<li>5% n\u00e1hradn\u00edch d\u00edl\u016f v cen\u011b: Ka\u017ed\u00e1 objedn\u00e1vka obsahuje dal\u0161\u00ed komponenty pro zv\u00fd\u0161en\u00ed spolehlivosti a zaji\u0161t\u011bn\u00ed klidu.<\/li>\n<li>3let\u00e1 prodlou\u017een\u00e1 z\u00e1ruka: Vyu\u017eijte dlouhodobou konvergenci pro lep\u0161\u00ed v\u00fdkon a spolehliv\u00fd servis.<\/li>\n<\/ul>\n<h2>Detaily produktu<\/h2>\n<div class=\"row\"  id=\"row-163672978\">\n\n\t<div id=\"col-1360543034\" class=\"col medium-10 small-12 large-10\"  >\n\t\t\t\t<div class=\"col-inner text-left\"  >\n\t\t\t\n\t\t\t\n<ul>\n<li>Ovl\u00e1dejte LED obrazovku va\u0161\u00ed kostky p\u0159\u00edmo z telefonu. P\u0159ipojte se p\u0159es Wi-Fi, hotspot nebo aplikaci a zm\u011b\u0148te obsah b\u011bhem n\u011bkolika sekund. Jedn\u00edm dotykem m\u016f\u017eete odes\u00edlat fotografie, videa nebo p\u0159ep\u00ednat mezi obrazovkami kdykoli a kdekoli, rychle a snadno.<\/li>\n<\/ul>\n\t<div class=\"img has-hover x md-x lg-x y md-y lg-y\" id=\"image_1983176515\">\n\t\t\t\t\t\t\t\t<div class=\"img-inner dark\" >\n\t\t\t<img loading=\"lazy\" decoding=\"async\" width=\"640\" height=\"430\" src=\"https:\/\/www.telaled.com\/wp-content\/uploads\/2025\/09\/Controle-continuo.webp\" class=\"attachment-original size-original\" alt=\"Pr\u016fb\u011b\u017en\u00e1 kontrola\" srcset=\"https:\/\/www.telaled.com\/wp-content\/uploads\/2025\/09\/Controle-continuo.webp 640w, https:\/\/www.telaled.com\/wp-content\/uploads\/2025\/09\/Controle-continuo-300x202.webp 300w, https:\/\/www.telaled.com\/wp-content\/uploads\/2025\/09\/Controle-continuo-18x12.webp 18w, https:\/\/www.telaled.com\/wp-content\/uploads\/2025\/09\/Controle-continuo-600x403.webp 600w\" sizes=\"auto, (max-width: 640px) 100vw, 640px\" \/>\t\t\t\t\t\t\n\t\t\t\t\t<\/div>\n\t\t\t\t\t\t\t\t\n<style>\n#image_1983176515 {\n  width: 95%;\n}\n<\/style>\n\t<\/div>\n\t\n<ul>\n<li>P\u0159izp\u016fsob\u00ed se jak\u00e9mukoli nastaven\u00ed: zvolte pevnou instalaci pro dlouhodob\u00e9 pou\u017e\u00edv\u00e1n\u00ed, postavte jej svisle pro mobilitu, zav\u011bste jej pro maxim\u00e1ln\u00ed viditelnost nebo jej namontujte na ze\u010f pro \u00fasporu m\u00edsta. V\u0161echny mo\u017enosti jsou navr\u017eeny s ohledem na stabilitu a bezpe\u010dnost, tak\u017ee v\u00e1\u0161 monitor z\u016fstane bezpe\u010dn\u011b zaji\u0161t\u011bn a z\u00e1rove\u0148 poskytne ostr\u00fd a poutav\u00fd vizu\u00e1ln\u00ed z\u00e1\u017eitek.<\/li>\n<\/ul>\n\t\t<\/div>\n\t\t\t\t\t<\/div>\n\n\t\n\n\t<div id=\"col-1577573799\" class=\"col medium-10 small-12 large-10\"  >\n\t\t\t\t<div class=\"col-inner text-left\"  >\n\t\t\t\n\t\t\t\n\t<div class=\"img has-hover x md-x lg-x y md-y lg-y\" id=\"image_1574751832\">\n\t\t\t\t\t\t\t\t<div class=\"img-inner dark\" >\n\t\t\t<img loading=\"lazy\" decoding=\"async\" width=\"640\" height=\"399\" src=\"https:\/\/www.telaled.com\/wp-content\/uploads\/2025\/09\/Opcoes-de-instalacao-versateis.webp\" class=\"attachment-large size-large\" alt=\"V\u0161estrann\u00e9 mo\u017enosti instalace\" srcset=\"https:\/\/www.telaled.com\/wp-content\/uploads\/2025\/09\/Opcoes-de-instalacao-versateis.webp 640w, https:\/\/www.telaled.com\/wp-content\/uploads\/2025\/09\/Opcoes-de-instalacao-versateis-300x187.webp 300w, https:\/\/www.telaled.com\/wp-content\/uploads\/2025\/09\/Opcoes-de-instalacao-versateis-18x12.webp 18w, https:\/\/www.telaled.com\/wp-content\/uploads\/2025\/09\/Opcoes-de-instalacao-versateis-600x374.webp 600w\" sizes=\"auto, (max-width: 640px) 100vw, 640px\" \/>\t\t\t\t\t\t\n\t\t\t\t\t<\/div>\n\t\t\t\t\t\t\t\t\n<style>\n#image_1574751832 {\n  width: 95%;\n}\n<\/style>\n\t<\/div>\n\t\n<ul>\n<li>Vyu\u017e\u00edv\u00e1 pr\u00e9miov\u00e9 sv\u011bteln\u00e9 koule pro z\u00e1\u0159iv\u00e9, jednotn\u00e9 barvy a \u0161irok\u00e9 pozorovac\u00ed \u00fahly. Jsou navr\u017eeny pro \u017eivotnost a\u017e 100 000 hodin, funguj\u00ed nep\u0159etr\u017eit\u011b bez p\u0159eh\u0159\u00edv\u00e1n\u00ed, tak\u017ee v\u00e1\u0161 monitor bude jasn\u00fd, spolehliv\u00fd a bude m\u00edt n\u00edzkou spot\u0159ebu energie. <a href=\"https:\/\/www.telaled.com\/cs\/entendendo-o-consumo-de-energia-painel-de-led-quao-eficientes-sao-os-displays-de-led-modernos\/\" data-wplink-edit=\"true\">spot\u0159eba energie<\/a> den co den.<\/li>\n<\/ul>\n\t<div class=\"img has-hover x md-x lg-x y md-y lg-y\" id=\"image_684077787\">\n\t\t\t\t\t\t\t\t<div class=\"img-inner dark\" >\n\t\t\t<img loading=\"lazy\" decoding=\"async\" width=\"660\" height=\"440\" src=\"https:\/\/www.telaled.com\/wp-content\/uploads\/2025\/09\/Lampadas-de-alta-qualidade.webp\" class=\"attachment-large size-large\" alt=\"Vysoce kvalitn\u00ed \u017e\u00e1rovky\" srcset=\"https:\/\/www.telaled.com\/wp-content\/uploads\/2025\/09\/Lampadas-de-alta-qualidade.webp 660w, https:\/\/www.telaled.com\/wp-content\/uploads\/2025\/09\/Lampadas-de-alta-qualidade-300x200.webp 300w, https:\/\/www.telaled.com\/wp-content\/uploads\/2025\/09\/Lampadas-de-alta-qualidade-18x12.webp 18w, https:\/\/www.telaled.com\/wp-content\/uploads\/2025\/09\/Lampadas-de-alta-qualidade-600x400.webp 600w\" sizes=\"auto, (max-width: 660px) 100vw, 660px\" \/>\t\t\t\t\t\t\n\t\t\t\t\t<\/div>\n\t\t\t\t\t\t\t\t\n<style>\n#image_684077787 {\n  width: 95%;\n}\n<\/style>\n\t<\/div>\n\t\n\t\t<\/div>\n\t\t\t\t\t<\/div>\n\n\t\n\n\t<div id=\"col-1957027873\" class=\"col medium-10 small-12 large-10\"  >\n\t\t\t\t<div class=\"col-inner text-left\"  >\n\t\t\t\n\t\t\t\n<ul>\n<li>Na\u0161e LED krychlov\u00e9 panely \u0159ady TCD jsou bezpe\u010dn\u011b zabaleny v zes\u00edlen\u00fdch d\u0159ev\u011bn\u00fdch bedn\u00e1ch, kter\u00e9 je chr\u00e1n\u00ed b\u011bhem p\u0159epravy. Ka\u017ed\u00e1 jednotka je chr\u00e1n\u011bna p\u0159ed prachem, n\u00e1razy a dal\u0161\u00edmi nebezpe\u010d\u00edmi d\u00edky zabalen\u00ed v ochrann\u00fdch kontejnerech. Tato metoda zaji\u0161\u0165uje odolnost a bezpe\u010dnou manipulaci od skladov\u00e1n\u00ed a\u017e po kone\u010dn\u00e9 dod\u00e1n\u00ed.<\/li>\n<\/ul>\n\t<div class=\"img has-hover x md-x lg-x y md-y lg-y\" id=\"image_1012674702\">\n\t\t\t\t\t\t\t\t<div class=\"img-inner dark\" >\n\t\t\t<img loading=\"lazy\" decoding=\"async\" width=\"760\" height=\"1024\" src=\"https:\/\/www.telaled.com\/wp-content\/uploads\/2025\/08\/36123f2c-de60-488d-af81-255cd4aee54a-760x1024.webp\" class=\"attachment-large size-large\" alt=\"\" srcset=\"https:\/\/www.telaled.com\/wp-content\/uploads\/2025\/08\/36123f2c-de60-488d-af81-255cd4aee54a-760x1024.webp 760w, https:\/\/www.telaled.com\/wp-content\/uploads\/2025\/08\/36123f2c-de60-488d-af81-255cd4aee54a-223x300.webp 223w, https:\/\/www.telaled.com\/wp-content\/uploads\/2025\/08\/36123f2c-de60-488d-af81-255cd4aee54a-768x1035.webp 768w, https:\/\/www.telaled.com\/wp-content\/uploads\/2025\/08\/36123f2c-de60-488d-af81-255cd4aee54a-9x12.webp 9w, https:\/\/www.telaled.com\/wp-content\/uploads\/2025\/08\/36123f2c-de60-488d-af81-255cd4aee54a-600x808.webp 600w, https:\/\/www.telaled.com\/wp-content\/uploads\/2025\/08\/36123f2c-de60-488d-af81-255cd4aee54a.webp 795w\" sizes=\"auto, (max-width: 760px) 100vw, 760px\" \/>\t\t\t\t\t\t\n\t\t\t\t\t<\/div>\n\t\t\t\t\t\t\t\t\n<style>\n#image_1012674702 {\n  width: 95%;\n}\n<\/style>\n\t<\/div>\n\t\n\n<table id=\"tablepress-75\" class=\"tablepress tablepress-id-75\">\n<thead>\n<tr class=\"row-1\">\n\t<th class=\"column-1\">Produkt<\/th><th class=\"column-2\">Instalace<\/th><th class=\"column-3\">Rezoluce<\/th><th class=\"column-4\">Velikost obrazovky<\/th><th class=\"column-5\">Hmotnost<\/th>\n<\/tr>\n<\/thead>\n<tbody class=\"row-striping row-hover\">\n<tr class=\"row-2\">\n\t<td class=\"column-1\">Interi\u00e9r P2.5<\/td><td class=\"column-2\">Z\u00e1v\u011bsn\u00fd<\/td><td class=\"column-3\">128*128*5<\/td><td class=\"column-4\">320*320*320 mm<\/td><td class=\"column-5\">8 kg<\/td>\n<\/tr>\n<tr class=\"row-3\">\n\t<td class=\"column-1\">Interi\u00e9r P2.5<\/td><td class=\"column-2\">N\u00e1st\u011bnn\u00fd dr\u017e\u00e1k<\/td><td class=\"column-3\">128*128*4<\/td><td class=\"column-4\">320*320*320 mm<\/td><td class=\"column-5\">7 kg<\/td>\n<\/tr>\n<tr class=\"row-4\">\n\t<td class=\"column-1\">Interi\u00e9r P2.5<\/td><td class=\"column-2\">Z\u00e1v\u011bsn\u00fd<\/td><td class=\"column-3\">192*192*5<\/td><td class=\"column-4\">480*480*480 mm<\/td><td class=\"column-5\">14 kg<\/td>\n<\/tr>\n<tr class=\"row-5\">\n\t<td class=\"column-1\">Interi\u00e9r P2.5<\/td><td class=\"column-2\">N\u00e1st\u011bnn\u00fd dr\u017e\u00e1k<\/td><td class=\"column-3\">192*192*4<\/td><td class=\"column-4\">480*480*480 mm<\/td><td class=\"column-5\">13 kg<\/td>\n<\/tr>\n<tr class=\"row-6\">\n\t<td class=\"column-1\">Interi\u00e9r P3<\/td><td class=\"column-2\">Z\u00e1v\u011bsn\u00fd<\/td><td class=\"column-3\">128*128*5<\/td><td class=\"column-4\">384*384*384 mm<\/td><td class=\"column-5\">12 kg<\/td>\n<\/tr>\n<tr class=\"row-7\">\n\t<td class=\"column-1\">Interi\u00e9r P3<\/td><td class=\"column-2\">N\u00e1st\u011bnn\u00fd dr\u017e\u00e1k<\/td><td class=\"column-3\">128*128*4<\/td><td class=\"column-4\">384*384*384 mm<\/td><td class=\"column-5\">11 kg<\/td>\n<\/tr>\n<tr class=\"row-8\">\n\t<td class=\"column-1\">Interi\u00e9r P3<\/td><td class=\"column-2\">Z\u00e1v\u011bsn\u00fd<\/td><td class=\"column-3\">192*192*5<\/td><td class=\"column-4\">576*576*576 mm<\/td><td class=\"column-5\">17 kg<\/td>\n<\/tr>\n<tr class=\"row-9\">\n\t<td class=\"column-1\">Interi\u00e9r P3<\/td><td class=\"column-2\">N\u00e1st\u011bnn\u00fd dr\u017e\u00e1k<\/td><td class=\"column-3\">192*192*4<\/td><td class=\"column-4\">576*576*576 mm<\/td><td class=\"column-5\">16 kg<\/td>\n<\/tr>\n<tr class=\"row-10\">\n\t<td class=\"column-1\">Interi\u00e9r P4<\/td><td class=\"column-2\">Z\u00e1v\u011bsn\u00fd<\/td><td class=\"column-3\">128*128*5<\/td><td class=\"column-4\">512*512*512 mm<\/td><td class=\"column-5\">17 kg<\/td>\n<\/tr>\n<tr class=\"row-11\">\n\t<td class=\"column-1\">Interi\u00e9r P4<\/td><td class=\"column-2\">N\u00e1st\u011bnn\u00fd dr\u017e\u00e1k<\/td><td class=\"column-3\">128*128*4<\/td><td class=\"column-4\">512*512*512 mm<\/td><td class=\"column-5\">16 kg<\/td>\n<\/tr>\n<tr class=\"row-12\">\n\t<td class=\"column-1\">Exteri\u00e9r P2.5<\/td><td class=\"column-2\">N\u00e1st\u011bnn\u00fd dr\u017e\u00e1k<\/td><td class=\"column-3\">128*128*4<\/td><td class=\"column-4\">320*320*320 mm<\/td><td class=\"column-5\">10 kg<\/td>\n<\/tr>\n<tr class=\"row-13\">\n\t<td class=\"column-1\">Exteri\u00e9r P2.5<\/td><td class=\"column-2\">Z\u00e1v\u011bsn\u00fd<\/td><td class=\"column-3\">128*128*5<\/td><td class=\"column-4\">320*320*320 mm<\/td><td class=\"column-5\">11 kg<\/td>\n<\/tr>\n<tr class=\"row-14\">\n\t<td class=\"column-1\">Exteri\u00e9r P2.5<\/td><td class=\"column-2\">N\u00e1st\u011bnn\u00fd dr\u017e\u00e1k<\/td><td class=\"column-3\">192*192*4<\/td><td class=\"column-4\">480*480*480 mm<\/td><td class=\"column-5\">18 kg<\/td>\n<\/tr>\n<tr class=\"row-15\">\n\t<td class=\"column-1\">Exteri\u00e9r P2.5<\/td><td class=\"column-2\">Z\u00e1v\u011bsn\u00fd<\/td><td class=\"column-3\">192*192*5<\/td><td class=\"column-4\">480*480*480 mm<\/td><td class=\"column-5\">19 kg<\/td>\n<\/tr>\n<tr class=\"row-16\">\n\t<td class=\"column-1\">Exteri\u00e9r P3<\/td><td class=\"column-2\">N\u00e1st\u011bnn\u00fd dr\u017e\u00e1k<\/td><td class=\"column-3\">128*128*4<\/td><td class=\"column-4\">384*384*384 mm<\/td><td class=\"column-5\">16 kg<\/td>\n<\/tr>\n<tr class=\"row-17\">\n\t<td class=\"column-1\">Exteri\u00e9r P3<\/td><td class=\"column-2\">Z\u00e1v\u011bsn\u00fd<\/td><td class=\"column-3\">128*128*5<\/td><td class=\"column-4\">384*384*384 mm<\/td><td class=\"column-5\">17 kg<\/td>\n<\/tr>\n<tr class=\"row-18\">\n\t<td class=\"column-1\">Exteri\u00e9r P3<\/td><td class=\"column-2\">N\u00e1st\u011bnn\u00fd dr\u017e\u00e1k<\/td><td class=\"column-3\">192*192*4<\/td><td class=\"column-4\">576*576*576 mm<\/td><td class=\"column-5\">21 kg<\/td>\n<\/tr>\n<tr class=\"row-19\">\n\t<td class=\"column-1\">Exteri\u00e9r P3<\/td><td class=\"column-2\">Z\u00e1v\u011bsn\u00fd<\/td><td class=\"column-3\">192*192*5<\/td><td class=\"column-4\">576*576*576 mm<\/td><td class=\"column-5\">22 kg<\/td>\n<\/tr>\n<tr class=\"row-20\">\n\t<td class=\"column-1\">Exteri\u00e9r P3.91<\/td><td class=\"column-2\">N\u00e1st\u011bnn\u00fd dr\u017e\u00e1k<\/td><td class=\"column-3\">128*128*4<\/td><td class=\"column-4\">500*500*500 mm<\/td><td class=\"column-5\">21 kg<\/td>\n<\/tr>\n<tr class=\"row-21\">\n\t<td class=\"column-1\">Exteri\u00e9r P3.91<\/td><td class=\"column-2\">Z\u00e1v\u011bsn\u00fd<\/td><td class=\"column-3\">128*128*5<\/td><td class=\"column-4\">500*500*500 mm<\/td><td class=\"column-5\">22 kg<\/td>\n<\/tr>\n<tr class=\"row-22\">\n\t<td class=\"column-1\">M\u016f\u017eeme tak\u00e9 p\u0159izp\u016fsobit jin\u00e9 tvary a velikosti dle va\u0161ich pot\u0159eb.<\/td><td class=\"column-2\"><\/td><td class=\"column-3\"><\/td><td class=\"column-4\"><\/td><td class=\"column-5\"><\/td>\n<\/tr>\n<\/tbody>\n<\/table>\n\n\t\t<\/div>\n\t\t\t\t\t<\/div>\n\n\t\n<\/div>\n\t\t<\/div>\n\t\t\t\t\t<\/div>\n\n\t\n<\/div>","protected":false},"excerpt":{"rendered":"<p><strong>LED panelov\u00e1 krychle \u0159ady TCD \u2013 \u0159e\u0161en\u00ed pro 360\u00b0 zobrazen\u00ed na m\u00edru<\/strong><\/p>\n<p>N\u00e1\u0161 <strong><em>LED panel \u0159ady TCD v kostce<\/em><\/strong> Nab\u00edz\u00ed pln\u011b p\u0159izp\u016fsobiteln\u00fd design s 360\u00b0 v\u00fdhledem, d\u00edky \u010demu\u017e je ide\u00e1ln\u00ed pro vytv\u00e1\u0159en\u00ed poutav\u00fdch vizu\u00e1ln\u00ed efekt\u016f v jak\u00e9mkoli prost\u0159ed\u00ed. Je navr\u017een tak, aby se p\u0159izp\u016fsobil va\u0161im specifick\u00fdm pot\u0159eb\u00e1m, a kombinuje styl a funk\u010dnost.<\/p>\n<p><strong>Hlavn\u00ed vlastnosti:<\/strong><\/p>\n<ul>\n<li><strong>360\u00b0 pohled:<\/strong> Nab\u00edz\u00ed perfektn\u00ed v\u00fdhled ze v\u0161ech \u00fahl\u016f.<\/li>\n<li><strong>Inovativn\u00ed design:<\/strong> Krychlov\u00fd tvar dod\u00e1v\u00e1 v\u00fdrazn\u00fd a dynamick\u00fd efekt.<\/li>\n<li><strong>Vlastn\u00ed velikosti:<\/strong> Vyrobeno dle po\u017eadovan\u00fdch rozm\u011br\u016f a po\u017eadavk\u016f.<\/li>\n<li><strong>V\u0161estrann\u00e9 pou\u017eit\u00ed:<\/strong> Vhodn\u00e9 pro \u0161irokou \u0161k\u00e1lu prost\u0159ed\u00ed a aplikac\u00ed.<\/li>\n<\/ul>\n<p>Nab\u00edz\u00edme nep\u0159etr\u017eitou vzd\u00e1lenou podporu a 3letou z\u00e1ruku. Kontaktujte n\u00e1s pro individu\u00e1ln\u00ed cenovou nab\u00eddku.<\/p>","protected":false},"featured_media":3234,"template":"","meta":[],"product_brand":[],"product_cat":[48,40,46],"product_tag":[],"class_list":{"0":"post-3233","1":"product","2":"type-product","3":"status-publish","4":"has-post-thumbnail","6":"product_cat-paineis-personalizados","7":"product_cat-painel-de-led","8":"product_cat-painel-de-video","10":"first","11":"instock","12":"shipping-taxable","13":"product-type-simple"},"yoast_head":"<!-- This site is optimized with the Yoast SEO plugin v27.4 - https:\/\/yoast.com\/product\/yoast-seo-wordpress\/ -->\n<title>Cubo de Painel de LED S\u00e9rie TCD| Display Visual 3D para Publicidade | TELALED<\/title>\n<meta name=\"description\" content=\"Explore nossa Cubo de Painel de LED S\u00e9rie TCD com visibilidade de 360\u00b0, resolu\u00e7\u00e3o n\u00edtida e instala\u00e7\u00e3o flex\u00edvel. Perfeita para varejo, exposi\u00e7\u00f5es e publicidade criativa. Solicite um or\u00e7amento hoje mesmo!\" \/>\n<meta name=\"robots\" content=\"index, follow, max-snippet:-1, max-image-preview:large, max-video-preview:-1\" \/>\n<link rel=\"canonical\" href=\"https:\/\/www.telaled.com\/cs\/fabrica\/cubo-de-painel-de-led-serie-tcd\/\" \/>\n<meta property=\"og:locale\" content=\"cs_CZ\" \/>\n<meta property=\"og:type\" content=\"article\" \/>\n<meta property=\"og:title\" content=\"Cubo de Painel de LED S\u00e9rie TCD| Display Visual 3D para Publicidade | TELALED\" \/>\n<meta property=\"og:description\" content=\"Explore nossa Cubo de Painel de LED S\u00e9rie TCD com visibilidade de 360\u00b0, resolu\u00e7\u00e3o n\u00edtida e instala\u00e7\u00e3o flex\u00edvel. Perfeita para varejo, exposi\u00e7\u00f5es e publicidade criativa. Solicite um or\u00e7amento hoje mesmo!\" \/>\n<meta property=\"og:url\" content=\"https:\/\/www.telaled.com\/cs\/fabrica\/cubo-de-painel-de-led-serie-tcd\/\" \/>\n<meta property=\"og:site_name\" content=\"TELALED\" \/>\n<meta property=\"article:modified_time\" content=\"2026-01-06T00:02:33+00:00\" \/>\n<meta property=\"og:image\" content=\"https:\/\/www.telaled.com\/wp-content\/uploads\/2025\/09\/Cubo-de-Painel-de-LED-Serie-TCD.webp\" \/>\n\t<meta property=\"og:image:width\" content=\"500\" \/>\n\t<meta property=\"og:image:height\" content=\"500\" \/>\n\t<meta property=\"og:image:type\" content=\"image\/webp\" \/>\n<meta name=\"twitter:card\" content=\"summary_large_image\" \/>\n<meta name=\"twitter:label1\" content=\"Est. reading time\" \/>\n\t<meta name=\"twitter:data1\" content=\"3 minuty\" \/>\n<script type=\"application\/ld+json\" class=\"yoast-schema-graph\">{\"@context\":\"https:\\\/\\\/schema.org\",\"@graph\":[{\"@type\":\"WebPage\",\"@id\":\"https:\\\/\\\/www.telaled.com\\\/fabrica\\\/cubo-de-painel-de-led-serie-tcd\\\/\",\"url\":\"https:\\\/\\\/www.telaled.com\\\/fabrica\\\/cubo-de-painel-de-led-serie-tcd\\\/\",\"name\":\"Cubo de Painel de LED S\u00e9rie TCD| Display Visual 3D para Publicidade | TELALED\",\"isPartOf\":{\"@id\":\"https:\\\/\\\/www.telaled.com\\\/#website\"},\"primaryImageOfPage\":{\"@id\":\"https:\\\/\\\/www.telaled.com\\\/fabrica\\\/cubo-de-painel-de-led-serie-tcd\\\/#primaryimage\"},\"image\":{\"@id\":\"https:\\\/\\\/www.telaled.com\\\/fabrica\\\/cubo-de-painel-de-led-serie-tcd\\\/#primaryimage\"},\"thumbnailUrl\":\"https:\\\/\\\/www.telaled.com\\\/wp-content\\\/uploads\\\/2025\\\/09\\\/Cubo-de-Painel-de-LED-Serie-TCD.webp\",\"datePublished\":\"2025-09-04T08:39:53+00:00\",\"dateModified\":\"2026-01-06T00:02:33+00:00\",\"description\":\"Explore nossa Cubo de Painel de LED S\u00e9rie TCD com visibilidade de 360\u00b0, resolu\u00e7\u00e3o n\u00edtida e instala\u00e7\u00e3o flex\u00edvel. Perfeita para varejo, exposi\u00e7\u00f5es e publicidade criativa. Solicite um or\u00e7amento hoje mesmo!\",\"breadcrumb\":{\"@id\":\"https:\\\/\\\/www.telaled.com\\\/fabrica\\\/cubo-de-painel-de-led-serie-tcd\\\/#breadcrumb\"},\"inLanguage\":\"cs\",\"potentialAction\":[{\"@type\":\"ReadAction\",\"target\":[\"https:\\\/\\\/www.telaled.com\\\/fabrica\\\/cubo-de-painel-de-led-serie-tcd\\\/\"]}]},{\"@type\":\"ImageObject\",\"inLanguage\":\"cs\",\"@id\":\"https:\\\/\\\/www.telaled.com\\\/fabrica\\\/cubo-de-painel-de-led-serie-tcd\\\/#primaryimage\",\"url\":\"https:\\\/\\\/www.telaled.com\\\/wp-content\\\/uploads\\\/2025\\\/09\\\/Cubo-de-Painel-de-LED-Serie-TCD.webp\",\"contentUrl\":\"https:\\\/\\\/www.telaled.com\\\/wp-content\\\/uploads\\\/2025\\\/09\\\/Cubo-de-Painel-de-LED-Serie-TCD.webp\",\"width\":500,\"height\":500,\"caption\":\"Cubo-de-Painel-de-LED-S\u00e9rie-TCD\"},{\"@type\":\"BreadcrumbList\",\"@id\":\"https:\\\/\\\/www.telaled.com\\\/fabrica\\\/cubo-de-painel-de-led-serie-tcd\\\/#breadcrumb\",\"itemListElement\":[{\"@type\":\"ListItem\",\"position\":1,\"name\":\"Home\",\"item\":\"https:\\\/\\\/www.telaled.com\\\/\"},{\"@type\":\"ListItem\",\"position\":2,\"name\":\"Produtos\",\"item\":\"https:\\\/\\\/www.telaled.com\\\/shop\\\/\"},{\"@type\":\"ListItem\",\"position\":3,\"name\":\"Cubo de Painel de LED S\u00e9rie TCD\"}]},{\"@type\":\"WebSite\",\"@id\":\"https:\\\/\\\/www.telaled.com\\\/#website\",\"url\":\"https:\\\/\\\/www.telaled.com\\\/\",\"name\":\"TELALED\",\"description\":\"\",\"potentialAction\":[{\"@type\":\"SearchAction\",\"target\":{\"@type\":\"EntryPoint\",\"urlTemplate\":\"https:\\\/\\\/www.telaled.com\\\/?s={search_term_string}\"},\"query-input\":{\"@type\":\"PropertyValueSpecification\",\"valueRequired\":true,\"valueName\":\"search_term_string\"}}],\"inLanguage\":\"cs\"}]}<\/script>\n<!-- \/ Yoast SEO plugin. -->","yoast_head_json":{"title":"LED panel v kostce \u0159ady TCD | 3D vizu\u00e1ln\u00ed displej pro reklamu | TELALED","description":"Prozkoumejte na\u0161e LED krychlov\u00e9 panely \u0159ady TCD s 360\u00b0 viditelnost\u00ed, ostr\u00fdm rozli\u0161en\u00edm a flexibiln\u00ed instalac\u00ed. Ide\u00e1ln\u00ed pro maloobchod, v\u00fdstavy a kreativn\u00ed reklamu. Vy\u017e\u00e1dejte si cenovou nab\u00eddku je\u0161t\u011b dnes!","robots":{"index":"index","follow":"follow","max-snippet":"max-snippet:-1","max-image-preview":"max-image-preview:large","max-video-preview":"max-video-preview:-1"},"canonical":"https:\/\/www.telaled.com\/cs\/fabrica\/cubo-de-painel-de-led-serie-tcd\/","og_locale":"cs_CZ","og_type":"article","og_title":"Cubo de Painel de LED S\u00e9rie TCD| Display Visual 3D para Publicidade | TELALED","og_description":"Explore nossa Cubo de Painel de LED S\u00e9rie TCD com visibilidade de 360\u00b0, resolu\u00e7\u00e3o n\u00edtida e instala\u00e7\u00e3o flex\u00edvel. Perfeita para varejo, exposi\u00e7\u00f5es e publicidade criativa. Solicite um or\u00e7amento hoje mesmo!","og_url":"https:\/\/www.telaled.com\/cs\/fabrica\/cubo-de-painel-de-led-serie-tcd\/","og_site_name":"TELALED","article_modified_time":"2026-01-06T00:02:33+00:00","og_image":[{"width":500,"height":500,"url":"https:\/\/www.telaled.com\/wp-content\/uploads\/2025\/09\/Cubo-de-Painel-de-LED-Serie-TCD.webp","type":"image\/webp"}],"twitter_card":"summary_large_image","twitter_misc":{"Est. reading time":"3 minuty"},"schema":{"@context":"https:\/\/schema.org","@graph":[{"@type":"WebPage","@id":"https:\/\/www.telaled.com\/fabrica\/cubo-de-painel-de-led-serie-tcd\/","url":"https:\/\/www.telaled.com\/fabrica\/cubo-de-painel-de-led-serie-tcd\/","name":"LED panel v kostce \u0159ady TCD | 3D vizu\u00e1ln\u00ed displej pro reklamu | TELALED","isPartOf":{"@id":"https:\/\/www.telaled.com\/#website"},"primaryImageOfPage":{"@id":"https:\/\/www.telaled.com\/fabrica\/cubo-de-painel-de-led-serie-tcd\/#primaryimage"},"image":{"@id":"https:\/\/www.telaled.com\/fabrica\/cubo-de-painel-de-led-serie-tcd\/#primaryimage"},"thumbnailUrl":"https:\/\/www.telaled.com\/wp-content\/uploads\/2025\/09\/Cubo-de-Painel-de-LED-Serie-TCD.webp","datePublished":"2025-09-04T08:39:53+00:00","dateModified":"2026-01-06T00:02:33+00:00","description":"Prozkoumejte na\u0161e LED krychlov\u00e9 panely \u0159ady TCD s 360\u00b0 viditelnost\u00ed, ostr\u00fdm rozli\u0161en\u00edm a flexibiln\u00ed instalac\u00ed. Ide\u00e1ln\u00ed pro maloobchod, v\u00fdstavy a kreativn\u00ed reklamu. Vy\u017e\u00e1dejte si cenovou nab\u00eddku je\u0161t\u011b dnes!","breadcrumb":{"@id":"https:\/\/www.telaled.com\/fabrica\/cubo-de-painel-de-led-serie-tcd\/#breadcrumb"},"inLanguage":"cs","potentialAction":[{"@type":"ReadAction","target":["https:\/\/www.telaled.com\/fabrica\/cubo-de-painel-de-led-serie-tcd\/"]}]},{"@type":"ImageObject","inLanguage":"cs","@id":"https:\/\/www.telaled.com\/fabrica\/cubo-de-painel-de-led-serie-tcd\/#primaryimage","url":"https:\/\/www.telaled.com\/wp-content\/uploads\/2025\/09\/Cubo-de-Painel-de-LED-Serie-TCD.webp","contentUrl":"https:\/\/www.telaled.com\/wp-content\/uploads\/2025\/09\/Cubo-de-Painel-de-LED-Serie-TCD.webp","width":500,"height":500,"caption":"Cubo-de-Painel-de-LED-S\u00e9rie-TCD"},{"@type":"BreadcrumbList","@id":"https:\/\/www.telaled.com\/fabrica\/cubo-de-painel-de-led-serie-tcd\/#breadcrumb","itemListElement":[{"@type":"ListItem","position":1,"name":"Home","item":"https:\/\/www.telaled.com\/"},{"@type":"ListItem","position":2,"name":"Produtos","item":"https:\/\/www.telaled.com\/shop\/"},{"@type":"ListItem","position":3,"name":"Cubo de Painel de LED S\u00e9rie TCD"}]},{"@type":"WebSite","@id":"https:\/\/www.telaled.com\/#website","url":"https:\/\/www.telaled.com\/","name":"LED obrazovka","description":"","potentialAction":[{"@type":"SearchAction","target":{"@type":"EntryPoint","urlTemplate":"https:\/\/www.telaled.com\/?s={search_term_string}"},"query-input":{"@type":"PropertyValueSpecification","valueRequired":true,"valueName":"search_term_string"}}],"inLanguage":"cs"}]}},"_links":{"self":[{"href":"https:\/\/www.telaled.com\/cs\/wp-json\/wp\/v2\/product\/3233","targetHints":{"allow":["GET"]}}],"collection":[{"href":"https:\/\/www.telaled.com\/cs\/wp-json\/wp\/v2\/product"}],"about":[{"href":"https:\/\/www.telaled.com\/cs\/wp-json\/wp\/v2\/types\/product"}],"wp:featuredmedia":[{"embeddable":true,"href":"https:\/\/www.telaled.com\/cs\/wp-json\/wp\/v2\/media\/3234"}],"wp:attachment":[{"href":"https:\/\/www.telaled.com\/cs\/wp-json\/wp\/v2\/media?parent=3233"}],"wp:term":[{"taxonomy":"product_brand","embeddable":true,"href":"https:\/\/www.telaled.com\/cs\/wp-json\/wp\/v2\/product_brand?post=3233"},{"taxonomy":"product_cat","embeddable":true,"href":"https:\/\/www.telaled.com\/cs\/wp-json\/wp\/v2\/product_cat?post=3233"},{"taxonomy":"product_tag","embeddable":true,"href":"https:\/\/www.telaled.com\/cs\/wp-json\/wp\/v2\/product_tag?post=3233"}],"curies":[{"name":"wp","href":"https:\/\/api.w.org\/{rel}","templated":true}]}}