{"id":3221,"date":"2025-09-04T01:46:58","date_gmt":"2025-09-04T01:46:58","guid":{"rendered":"https:\/\/www.telaled.com\/?post_type=product&#038;p=3221"},"modified":"2026-01-05T23:38:53","modified_gmt":"2026-01-05T23:38:53","slug":"led-dome-screen-serie-tcc","status":"publish","type":"product","link":"https:\/\/www.telaled.com\/cs\/fabrica\/led-dome-screen-serie-tcc\/","title":{"rendered":"LED kopulov\u00e1 obrazovka \u0159ady TCC"},"content":{"rendered":"<div class=\"row\"  id=\"row-468078263\">\n\n\t<div id=\"col-901472098\" class=\"col small-12 large-12\"  >\n\t\t\t\t<div class=\"col-inner\"  >\n\t\t\t\n\t\t\t\n<h2>Exkluzivn\u00ed v\u00fdhody LED kopulov\u00e9 obrazovky \u0159ady TCC<\/h2>\n<h3><strong>Vynikaj\u00edc\u00ed odolnost<\/strong><\/h3>\n<ul>\n<li>Robustn\u00ed ocelov\u00e1 konstrukce<\/li>\n<li>Pozinkovan\u00e9 trubky (40\/80\/100)<\/li>\n<li>Ocelov\u00fd plech 150x150x5 na m\u00b2<\/li>\n<li>Sva\u0159ovac\u00ed body s antikorozn\u00ed \u00fapravou.<\/li>\n<\/ul>\n<h3><strong>V\u00fdjime\u010dn\u00e1 vizu\u00e1ln\u00ed kvalita<\/strong><\/h3>\n<ul>\n<li>Zak\u0159iven\u00e1 obrazovka o 180\u00ba-360\u00ba stup\u0148\u016f<\/li>\n<li>Pohlcuj\u00edc\u00ed 3D efekt<\/li>\n<li>Ostr\u00fd obraz ze v\u0161ech \u00fahl\u016f<\/li>\n<\/ul>\n<h3><strong>Kompletn\u00ed p\u0159izp\u016fsobivost<\/strong><\/h3>\n<ul>\n<li>Vlastn\u00ed pr\u016fm\u011br kopule<\/li>\n<li>Nastaviteln\u00e1 oblast zobrazen\u00ed<\/li>\n<li>Flexibiln\u00ed up\u00ednac\u00ed poloha<\/li>\n<\/ul>\n<h3><strong>Komplexn\u00ed podpora<\/strong><\/h3>\n<ul>\n<li>Nonstop vzd\u00e1len\u00e1 technick\u00e1 podpora: Z\u00edskejte p\u0159\u00edstup k odborn\u00e9 pomoci kdykoli a kdekoli.<\/li>\n<li>5% n\u00e1hradn\u00edch d\u00edl\u016f v cen\u011b: Ka\u017ed\u00e1 objedn\u00e1vka obsahuje dal\u0161\u00ed komponenty pro zv\u00fd\u0161en\u00ed spolehlivosti a zaji\u0161t\u011bn\u00ed klidu.<\/li>\n<li>3let\u00e1 prodlou\u017een\u00e1 z\u00e1ruka: Vyu\u017eijte dlouhodobou konvergenci pro lep\u0161\u00ed v\u00fdkon a spolehliv\u00fd servis.<\/li>\n<\/ul>\n<h2>Detaily produktu<\/h2>\n<div class=\"row\"  id=\"row-885177527\">\n\n\t<div id=\"col-2008616872\" class=\"col medium-10 small-12 large-10\"  >\n\t\t\t\t<div class=\"col-inner text-left\"  >\n\t\t\t\n\t\t\t\n<ul>\n<li>Konstrukce a syst\u00e9m sk\u0159\u00edn\u011b na\u0161\u00ed LED kopulov\u00e9 obrazovky zkracuj\u00ed dobu instalace a n\u00e1klady na pr\u00e1ci. Konstrukce je nejen efektivn\u00ed, ale tak\u00e9 urychluje realizaci projektu. To v\u00e1m d\u00e1v\u00e1 jasnou konkuren\u010dn\u00ed v\u00fdhodu z hlediska \u00faspory n\u00e1klad\u016f a \u0161k\u00e1lovatelnosti.<\/li>\n<\/ul>\n\t<div class=\"img has-hover x md-x lg-x y md-y lg-y\" id=\"image_1580666905\">\n\t\t\t\t\t\t\t\t<div class=\"img-inner dark\" >\n\t\t\t<img loading=\"lazy\" decoding=\"async\" width=\"1313\" height=\"840\" src=\"https:\/\/www.telaled.com\/wp-content\/uploads\/2025\/09\/Design-modularizado-para-facil-instalacao-1.webp\" class=\"attachment-original size-original\" alt=\"Modul\u00e1rn\u00ed konstrukce pro snadnou instalaci (1)\" srcset=\"https:\/\/www.telaled.com\/wp-content\/uploads\/2025\/09\/Design-modularizado-para-facil-instalacao-1.webp 1313w, https:\/\/www.telaled.com\/wp-content\/uploads\/2025\/09\/Design-modularizado-para-facil-instalacao-1-300x192.webp 300w, https:\/\/www.telaled.com\/wp-content\/uploads\/2025\/09\/Design-modularizado-para-facil-instalacao-1-1024x655.webp 1024w, https:\/\/www.telaled.com\/wp-content\/uploads\/2025\/09\/Design-modularizado-para-facil-instalacao-1-768x491.webp 768w, https:\/\/www.telaled.com\/wp-content\/uploads\/2025\/09\/Design-modularizado-para-facil-instalacao-1-18x12.webp 18w, https:\/\/www.telaled.com\/wp-content\/uploads\/2025\/09\/Design-modularizado-para-facil-instalacao-1-600x384.webp 600w\" sizes=\"auto, (max-width: 1313px) 100vw, 1313px\" \/>\t\t\t\t\t\t\n\t\t\t\t\t<\/div>\n\t\t\t\t\t\t\t\t\n<style>\n#image_1580666905 {\n  width: 95%;\n}\n<\/style>\n\t<\/div>\n\t\n<ul>\n<li>D\u00edky ultravysok\u00e9mu rozli\u0161en\u00ed obrazu a realistick\u00e9mu zvuku je div\u00e1k vta\u017een do filmu. \u010c\u00edm bl\u00ed\u017ee jste k pl\u00e1tnu, t\u00edm intenzivn\u011bj\u0161\u00ed je z\u00e1\u017eitek.<\/li>\n<\/ul>\n\t\t<\/div>\n\t\t\t\t\t<\/div>\n\n\t\n\n\t<div id=\"col-700256526\" class=\"col medium-10 small-12 large-10\"  >\n\t\t\t\t<div class=\"col-inner text-left\"  >\n\t\t\t\n\t\t\t\n\t<div class=\"img has-hover x md-x lg-x y md-y lg-y\" id=\"image_444978761\">\n\t\t\t\t\t\t\t\t<div class=\"img-inner dark\" >\n\t\t\t<img loading=\"lazy\" decoding=\"async\" width=\"700\" height=\"490\" src=\"https:\/\/www.telaled.com\/wp-content\/uploads\/2025\/09\/Cinema-panoramico.webp\" class=\"attachment-large size-large\" alt=\"Panoramatick\u00e9 kino\" srcset=\"https:\/\/www.telaled.com\/wp-content\/uploads\/2025\/09\/Cinema-panoramico.webp 700w, https:\/\/www.telaled.com\/wp-content\/uploads\/2025\/09\/Cinema-panoramico-300x210.webp 300w, https:\/\/www.telaled.com\/wp-content\/uploads\/2025\/09\/Cinema-panoramico-18x12.webp 18w, https:\/\/www.telaled.com\/wp-content\/uploads\/2025\/09\/Cinema-panoramico-600x420.webp 600w\" sizes=\"auto, (max-width: 700px) 100vw, 700px\" \/>\t\t\t\t\t\t\n\t\t\t\t\t<\/div>\n\t\t\t\t\t\t\t\t\n<style>\n#image_444978761 {\n  width: 95%;\n}\n<\/style>\n\t<\/div>\n\t\n<ul>\n<li>Na\u0161e LED kopulov\u00e1 obrazovka \u0159ady TCC prom\u011bn\u00ed div\u00e1ck\u00fd z\u00e1\u017eitek v kompletn\u00ed smyslov\u00fd z\u00e1\u017eitek. Polokulov\u00e9 pl\u00e1tno obklopuje zorn\u00e9 pole div\u00e1ka, zat\u00edmco pohybliv\u00e1 sedadla, aromatick\u00e9 efekty, rozlehl\u00fd obraz a prostorov\u00fd zvuk povy\u0161uj\u00ed 4D z\u00e1\u017eitek na 5D. Od za\u010d\u00e1tku do konce ka\u017ed\u00fd detail pono\u0159\u00ed div\u00e1ky do \u017eiv\u00e9 a relaxa\u010dn\u00ed sc\u00e9ny, na kterou nikdy nezapomenou.<\/li>\n<\/ul>\n\t<div class=\"img has-hover x md-x lg-x y md-y lg-y\" id=\"image_804901173\">\n\t\t\t\t\t\t\t\t<div class=\"img-inner dark\" >\n\t\t\t<img loading=\"lazy\" decoding=\"async\" width=\"640\" height=\"318\" src=\"https:\/\/www.telaled.com\/wp-content\/uploads\/2025\/09\/Experiencia-Imersiva-Realista.jpg\" class=\"attachment-large size-large\" alt=\"Pohlcuj\u00edc\u00ed realistick\u00fd z\u00e1\u017eitek\" srcset=\"https:\/\/www.telaled.com\/wp-content\/uploads\/2025\/09\/Experiencia-Imersiva-Realista.jpg 640w, https:\/\/www.telaled.com\/wp-content\/uploads\/2025\/09\/Experiencia-Imersiva-Realista-300x149.jpg 300w, https:\/\/www.telaled.com\/wp-content\/uploads\/2025\/09\/Experiencia-Imersiva-Realista-18x9.jpg 18w, https:\/\/www.telaled.com\/wp-content\/uploads\/2025\/09\/Experiencia-Imersiva-Realista-600x298.jpg 600w\" sizes=\"auto, (max-width: 640px) 100vw, 640px\" \/>\t\t\t\t\t\t\n\t\t\t\t\t<\/div>\n\t\t\t\t\t\t\t\t\n<style>\n#image_804901173 {\n  width: 95%;\n}\n<\/style>\n\t<\/div>\n\t\n\t\t<\/div>\n\t\t\t\t\t<\/div>\n\n\t\n\n\t<div id=\"col-496463504\" class=\"col medium-10 small-12 large-10\"  >\n\t\t\t\t<div class=\"col-inner text-left\"  >\n\t\t\t\n\t\t\t\n<ul>\n<li>Na\u0161e LED kopulov\u00e9 obrazovky \u0159ady TCC jsou bezpe\u010dn\u011b zabaleny v zes\u00edlen\u00fdch d\u0159ev\u011bn\u00fdch bedn\u00e1ch, kter\u00e9 je chr\u00e1n\u00ed b\u011bhem p\u0159epravy. Ka\u017ed\u00e1 jednotka je chr\u00e1n\u011bna p\u0159ed prachem, n\u00e1razy a dal\u0161\u00edmi nebezpe\u010d\u00edmi t\u00edm, \u017ee je zabalena v ochrann\u00fdch kontejnerech. Tato metoda zaji\u0161\u0165uje odolnost a bezpe\u010dnou manipulaci od skladov\u00e1n\u00ed a\u017e po kone\u010dn\u00e9 dod\u00e1n\u00ed.<\/li>\n<\/ul>\n\t<div class=\"img has-hover x md-x lg-x y md-y lg-y\" id=\"image_849396279\">\n\t\t\t\t\t\t\t\t<div class=\"img-inner dark\" >\n\t\t\t<img loading=\"lazy\" decoding=\"async\" width=\"760\" height=\"1024\" src=\"https:\/\/www.telaled.com\/wp-content\/uploads\/2025\/08\/36123f2c-de60-488d-af81-255cd4aee54a-760x1024.webp\" class=\"attachment-large size-large\" alt=\"\" srcset=\"https:\/\/www.telaled.com\/wp-content\/uploads\/2025\/08\/36123f2c-de60-488d-af81-255cd4aee54a-760x1024.webp 760w, https:\/\/www.telaled.com\/wp-content\/uploads\/2025\/08\/36123f2c-de60-488d-af81-255cd4aee54a-223x300.webp 223w, https:\/\/www.telaled.com\/wp-content\/uploads\/2025\/08\/36123f2c-de60-488d-af81-255cd4aee54a-768x1035.webp 768w, https:\/\/www.telaled.com\/wp-content\/uploads\/2025\/08\/36123f2c-de60-488d-af81-255cd4aee54a-9x12.webp 9w, https:\/\/www.telaled.com\/wp-content\/uploads\/2025\/08\/36123f2c-de60-488d-af81-255cd4aee54a-600x808.webp 600w, https:\/\/www.telaled.com\/wp-content\/uploads\/2025\/08\/36123f2c-de60-488d-af81-255cd4aee54a.webp 795w\" sizes=\"auto, (max-width: 760px) 100vw, 760px\" \/>\t\t\t\t\t\t\n\t\t\t\t\t<\/div>\n\t\t\t\t\t\t\t\t\n<style>\n#image_849396279 {\n  width: 95%;\n}\n<\/style>\n\t<\/div>\n\t\n\n<table id=\"tablepress-74\" class=\"tablepress tablepress-id-74\">\n<thead>\n<tr class=\"row-1\">\n\t<th class=\"column-1\">Model<\/th><th class=\"column-2\">TCC1.45<\/th><th class=\"column-3\">TCC1.875<\/th><th class=\"column-4\">TCC2<\/th><th class=\"column-5\">TCC4<\/th>\n<\/tr>\n<\/thead>\n<tbody class=\"row-striping row-hover\">\n<tr class=\"row-2\">\n\t<td class=\"column-1\">Vzd\u00e1lenost mezi pixely (mm)<\/td><td class=\"column-2\">1.45<\/td><td class=\"column-3\">1.875<\/td><td class=\"column-4\">2<\/td><td class=\"column-5\">4<\/td>\n<\/tr>\n<tr class=\"row-3\">\n\t<td class=\"column-1\">Slo\u017een\u00ed pixel\u016f<\/td><td class=\"column-2\">1R1G1B<\/td><td class=\"column-3\">1R1G1B<\/td><td class=\"column-4\">1R1G1B<\/td><td class=\"column-5\">1R1G1B<\/td>\n<\/tr>\n<tr class=\"row-4\">\n\t<td class=\"column-1\">Typ LED<\/td><td class=\"column-2\">SMD1010<\/td><td class=\"column-3\">SMD1212<\/td><td class=\"column-4\">SMD1212<\/td><td class=\"column-5\">SMD1515<\/td>\n<\/tr>\n<tr class=\"row-5\">\n\t<td class=\"column-1\">Hustota pixel\u016f (body\/m\u00b2)<\/td><td class=\"column-2\">475, 624<\/td><td class=\"column-3\">284,444<\/td><td class=\"column-4\">250,000<\/td><td class=\"column-5\">62500<\/td>\n<\/tr>\n<tr class=\"row-6\">\n\t<td class=\"column-1\">Metoda skenov\u00e1n\u00ed<\/td><td class=\"column-2\">1\/35<\/td><td class=\"column-3\">1\/32<\/td><td class=\"column-4\">1\/32<\/td><td class=\"column-5\">1\/16<\/td>\n<\/tr>\n<tr class=\"row-7\">\n\t<td class=\"column-1\">Jas (cd\/m\u00b2)<\/td><td class=\"column-2\">300<\/td><td class=\"column-3\">800-1000<\/td><td class=\"column-4\">800-1000<\/td><td class=\"column-5\">800<\/td>\n<\/tr>\n<tr class=\"row-8\">\n\t<td class=\"column-1\">Pr\u016fm\u011brn\u00fd v\u00fdkon (W\/m\u00b2)<\/td><td class=\"column-2\">140<\/td><td class=\"column-3\">150-200<\/td><td class=\"column-4\">150-200<\/td><td class=\"column-5\">150-200<\/td>\n<\/tr>\n<tr class=\"row-9\">\n\t<td class=\"column-1\">Maxim\u00e1ln\u00ed v\u00fdkon (W\/m\u00b2)<\/td><td class=\"column-2\">300<\/td><td class=\"column-3\">600<\/td><td class=\"column-4\">600<\/td><td class=\"column-5\">600<\/td>\n<\/tr>\n<tr class=\"row-10\">\n\t<td class=\"column-1\">Obnovovac\u00ed frekvence (Hz)<\/td><td class=\"column-2\">3840<\/td><td class=\"column-3\">3840<\/td><td class=\"column-4\">3840<\/td><td class=\"column-5\">3840<\/td>\n<\/tr>\n<tr class=\"row-11\">\n\t<td class=\"column-1\">Stupn\u011b \u0161edi (bit)<\/td><td class=\"column-2\">16<\/td><td class=\"column-3\">12-16<\/td><td class=\"column-4\">12-16<\/td><td class=\"column-5\">12-16<\/td>\n<\/tr>\n<tr class=\"row-12\">\n\t<td class=\"column-1\">St\u0159edov\u00fd \u00fahel oblouku<\/td><td class=\"column-2\">P\u0159izp\u016fsobeno va\u0161im pot\u0159eb\u00e1m.<\/td><td class=\"column-3\">P\u0159izp\u016fsobeno va\u0161im pot\u0159eb\u00e1m.<\/td><td class=\"column-4\">P\u0159izp\u016fsobeno va\u0161im pot\u0159eb\u00e1m.<\/td><td class=\"column-5\">P\u0159izp\u016fsobeno va\u0161im pot\u0159eb\u00e1m.<\/td>\n<\/tr>\n<tr class=\"row-13\">\n\t<td class=\"column-1\">Hmotnost LED sk\u0159\u00edn\u011b (kg\/ks)<\/td><td class=\"column-2\">5<\/td><td class=\"column-3\">40<\/td><td class=\"column-4\">40<\/td><td class=\"column-5\">50<\/td>\n<\/tr>\n<tr class=\"row-14\">\n\t<td class=\"column-1\">Hrub\u00e1 hmotnost (kg\/m\u00b2)<\/td><td class=\"column-2\">\u226460<\/td><td class=\"column-3\">\u226460<\/td><td class=\"column-4\">\u226460<\/td><td class=\"column-5\">\u226460<\/td>\n<\/tr>\n<tr class=\"row-15\">\n\t<td class=\"column-1\">Doba nep\u0159etr\u017eit\u00e9ho pou\u017e\u00edv\u00e1n\u00ed (hodiny)<\/td><td class=\"column-2\">>72<\/td><td class=\"column-3\">>72<\/td><td class=\"column-4\">>72<\/td><td class=\"column-5\">>72<\/td>\n<\/tr>\n<tr class=\"row-16\">\n\t<td class=\"column-1\">\u017divotnost (hodiny)<\/td><td class=\"column-2\">>10,000<\/td><td class=\"column-3\">>10,000<\/td><td class=\"column-4\">>10,000<\/td><td class=\"column-5\">>10,000<\/td>\n<\/tr>\n<tr class=\"row-17\">\n\t<td class=\"column-1\">Diskr\u00e9tn\u00ed bod mimo kontrolu (%)<\/td><td class=\"column-2\"><0.01<\/td><td class=\"column-3\"><0.01<\/td><td class=\"column-4\"><0.01<\/td><td class=\"column-5\"><0.01<\/td>\n<\/tr>\n<\/tbody>\n<\/table>\n\n\t\t<\/div>\n\t\t\t\t\t<\/div>\n\n\t\n<\/div>\n\t\t<\/div>\n\t\t\t\t\t<\/div>\n\n\t\n<\/div>","protected":false},"excerpt":{"rendered":"<p><strong>LED kopulov\u00fd displej \u0159ady TCC \u2013 ultra\u0161iroko\u00fahl\u00fd imerzivn\u00ed displej<\/strong><\/p>\n<p>A <em><strong>LED kopulov\u00e1 obrazovka \u0159ady TCC<\/strong><\/em> Nab\u00edz\u00ed 4D obraz se \u0161irok\u00fdmi pozorovac\u00edmi \u00fahly, ostrost\u00ed a n\u00edzk\u00fdm \u0161umem. K dispozici v modelech P1,45 a\u017e P4, s pr\u016fm\u011bry od 5 do 35 m.<\/p>\n<p><strong>Hlavn\u00ed vlastnosti:<\/strong><\/p>\n<ul>\n<li>Technologie 4D LED core pro pohlcuj\u00edc\u00ed divadeln\u00ed a interaktivn\u00ed z\u00e1\u017eitky.<\/li>\n<li>\u0160irok\u00fd pozorovac\u00ed \u00fahel a perfektn\u00ed povrch pro realistick\u00e9 vizu\u00e1ln\u00ed efekty a zapojen\u00ed publika.<\/li>\n<li>Obraz s ultra vysok\u00fdm rozli\u0161en\u00edm s minimalizovan\u00fdm \u0161umem a ozv\u011bnou; podporuje realistick\u00fd zvuk.<\/li>\n<li>Flexibiln\u00ed specifikace pro muzea, planet\u00e1ria, v\u00fdstavn\u00ed s\u00edn\u011b, vzd\u011bl\u00e1vac\u00ed centra, simulace a pr\u016fmyslov\u00e9 \u0161kolen\u00ed.<\/li>\n<\/ul>\n<p>Nab\u00edz\u00edme nep\u0159etr\u017eitou vzd\u00e1lenou podporu a 3letou z\u00e1ruku. Kontaktujte n\u00e1s pro individu\u00e1ln\u00ed cenovou nab\u00eddku.<\/p>","protected":false},"featured_media":3222,"template":"","meta":[],"product_brand":[],"product_cat":[48,40,44,46],"product_tag":[],"class_list":{"0":"post-3221","1":"product","2":"type-product","3":"status-publish","4":"has-post-thumbnail","6":"product_cat-paineis-personalizados","7":"product_cat-painel-de-led","8":"product_cat-painel-de-led-flexivel","9":"product_cat-painel-de-video","11":"first","12":"instock","13":"shipping-taxable","14":"product-type-simple"},"yoast_head":"<!-- This site is optimized with the Yoast SEO plugin v27.4 - https:\/\/yoast.com\/product\/yoast-seo-wordpress\/ -->\n<title>LED Dome Screen S\u00e9rie TCC | Experi\u00eancia Visual Imersiva 4D | TELALED<\/title>\n<meta name=\"description\" content=\"LED Dome Screen S\u00e9rie TCC com tecnologia de n\u00facleo 4D, modelos P1.45-P4 e di\u00e2metros de 5 a 35 m. Ideal para museus, planet\u00e1rios, exposi\u00e7\u00f5es, treinamentos e teatro imersivo\" \/>\n<meta name=\"robots\" content=\"index, follow, max-snippet:-1, max-image-preview:large, max-video-preview:-1\" \/>\n<link rel=\"canonical\" href=\"https:\/\/www.telaled.com\/cs\/fabrica\/led-dome-screen-serie-tcc\/\" \/>\n<meta property=\"og:locale\" content=\"cs_CZ\" \/>\n<meta property=\"og:type\" content=\"article\" \/>\n<meta property=\"og:title\" content=\"LED Dome Screen S\u00e9rie TCC | Experi\u00eancia Visual Imersiva 4D | TELALED\" \/>\n<meta property=\"og:description\" content=\"LED Dome Screen S\u00e9rie TCC com tecnologia de n\u00facleo 4D, modelos P1.45-P4 e di\u00e2metros de 5 a 35 m. Ideal para museus, planet\u00e1rios, exposi\u00e7\u00f5es, treinamentos e teatro imersivo\" \/>\n<meta property=\"og:url\" content=\"https:\/\/www.telaled.com\/cs\/fabrica\/led-dome-screen-serie-tcc\/\" \/>\n<meta property=\"og:site_name\" content=\"TELALED\" \/>\n<meta property=\"article:modified_time\" content=\"2026-01-05T23:38:53+00:00\" \/>\n<meta property=\"og:image\" content=\"https:\/\/www.telaled.com\/wp-content\/uploads\/2025\/09\/LED-Dome-Screen-Serie-TCC.webp\" \/>\n\t<meta property=\"og:image:width\" content=\"500\" \/>\n\t<meta property=\"og:image:height\" content=\"500\" \/>\n\t<meta property=\"og:image:type\" content=\"image\/webp\" \/>\n<meta name=\"twitter:card\" content=\"summary_large_image\" \/>\n<meta name=\"twitter:label1\" content=\"Est. reading time\" \/>\n\t<meta name=\"twitter:data1\" content=\"3 minuty\" \/>\n<script type=\"application\/ld+json\" class=\"yoast-schema-graph\">{\"@context\":\"https:\\\/\\\/schema.org\",\"@graph\":[{\"@type\":\"WebPage\",\"@id\":\"https:\\\/\\\/www.telaled.com\\\/fabrica\\\/led-dome-screen-serie-tcc\\\/\",\"url\":\"https:\\\/\\\/www.telaled.com\\\/fabrica\\\/led-dome-screen-serie-tcc\\\/\",\"name\":\"LED Dome Screen S\u00e9rie TCC | Experi\u00eancia Visual Imersiva 4D | TELALED\",\"isPartOf\":{\"@id\":\"https:\\\/\\\/www.telaled.com\\\/#website\"},\"primaryImageOfPage\":{\"@id\":\"https:\\\/\\\/www.telaled.com\\\/fabrica\\\/led-dome-screen-serie-tcc\\\/#primaryimage\"},\"image\":{\"@id\":\"https:\\\/\\\/www.telaled.com\\\/fabrica\\\/led-dome-screen-serie-tcc\\\/#primaryimage\"},\"thumbnailUrl\":\"https:\\\/\\\/www.telaled.com\\\/wp-content\\\/uploads\\\/2025\\\/09\\\/LED-Dome-Screen-Serie-TCC.webp\",\"datePublished\":\"2025-09-04T01:46:58+00:00\",\"dateModified\":\"2026-01-05T23:38:53+00:00\",\"description\":\"LED Dome Screen S\u00e9rie TCC com tecnologia de n\u00facleo 4D, modelos P1.45-P4 e di\u00e2metros de 5 a 35 m. Ideal para museus, planet\u00e1rios, exposi\u00e7\u00f5es, treinamentos e teatro imersivo\",\"breadcrumb\":{\"@id\":\"https:\\\/\\\/www.telaled.com\\\/fabrica\\\/led-dome-screen-serie-tcc\\\/#breadcrumb\"},\"inLanguage\":\"cs\",\"potentialAction\":[{\"@type\":\"ReadAction\",\"target\":[\"https:\\\/\\\/www.telaled.com\\\/fabrica\\\/led-dome-screen-serie-tcc\\\/\"]}]},{\"@type\":\"ImageObject\",\"inLanguage\":\"cs\",\"@id\":\"https:\\\/\\\/www.telaled.com\\\/fabrica\\\/led-dome-screen-serie-tcc\\\/#primaryimage\",\"url\":\"https:\\\/\\\/www.telaled.com\\\/wp-content\\\/uploads\\\/2025\\\/09\\\/LED-Dome-Screen-Serie-TCC.webp\",\"contentUrl\":\"https:\\\/\\\/www.telaled.com\\\/wp-content\\\/uploads\\\/2025\\\/09\\\/LED-Dome-Screen-Serie-TCC.webp\",\"width\":500,\"height\":500,\"caption\":\"LED-Dome-Screen-S\u00e9rie-TCC\"},{\"@type\":\"BreadcrumbList\",\"@id\":\"https:\\\/\\\/www.telaled.com\\\/fabrica\\\/led-dome-screen-serie-tcc\\\/#breadcrumb\",\"itemListElement\":[{\"@type\":\"ListItem\",\"position\":1,\"name\":\"Home\",\"item\":\"https:\\\/\\\/www.telaled.com\\\/\"},{\"@type\":\"ListItem\",\"position\":2,\"name\":\"Produtos\",\"item\":\"https:\\\/\\\/www.telaled.com\\\/shop\\\/\"},{\"@type\":\"ListItem\",\"position\":3,\"name\":\"LED Dome Screen S\u00e9rie TCC\"}]},{\"@type\":\"WebSite\",\"@id\":\"https:\\\/\\\/www.telaled.com\\\/#website\",\"url\":\"https:\\\/\\\/www.telaled.com\\\/\",\"name\":\"TELALED\",\"description\":\"\",\"potentialAction\":[{\"@type\":\"SearchAction\",\"target\":{\"@type\":\"EntryPoint\",\"urlTemplate\":\"https:\\\/\\\/www.telaled.com\\\/?s={search_term_string}\"},\"query-input\":{\"@type\":\"PropertyValueSpecification\",\"valueRequired\":true,\"valueName\":\"search_term_string\"}}],\"inLanguage\":\"cs\"}]}<\/script>\n<!-- \/ Yoast SEO plugin. -->","yoast_head_json":{"title":"LED kopulov\u00e9 obrazovky \u0159ady TCC | Pohlcuj\u00edc\u00ed 4D vizu\u00e1ln\u00ed z\u00e1\u017eitek | TELALED","description":"LED kopulov\u00e9 pl\u00e1tno \u0159ady TCC s technologi\u00ed 4D j\u00e1dra, modely P1,45-P4 a pr\u016fm\u011bry od 5 do 35 m. Ide\u00e1ln\u00ed pro muzea, planet\u00e1ria, v\u00fdstavy, \u0161kolen\u00ed a imerzivn\u00ed divadla.","robots":{"index":"index","follow":"follow","max-snippet":"max-snippet:-1","max-image-preview":"max-image-preview:large","max-video-preview":"max-video-preview:-1"},"canonical":"https:\/\/www.telaled.com\/cs\/fabrica\/led-dome-screen-serie-tcc\/","og_locale":"cs_CZ","og_type":"article","og_title":"LED Dome Screen S\u00e9rie TCC | Experi\u00eancia Visual Imersiva 4D | TELALED","og_description":"LED Dome Screen S\u00e9rie TCC com tecnologia de n\u00facleo 4D, modelos P1.45-P4 e di\u00e2metros de 5 a 35 m. Ideal para museus, planet\u00e1rios, exposi\u00e7\u00f5es, treinamentos e teatro imersivo","og_url":"https:\/\/www.telaled.com\/cs\/fabrica\/led-dome-screen-serie-tcc\/","og_site_name":"TELALED","article_modified_time":"2026-01-05T23:38:53+00:00","og_image":[{"width":500,"height":500,"url":"https:\/\/www.telaled.com\/wp-content\/uploads\/2025\/09\/LED-Dome-Screen-Serie-TCC.webp","type":"image\/webp"}],"twitter_card":"summary_large_image","twitter_misc":{"Est. reading time":"3 minuty"},"schema":{"@context":"https:\/\/schema.org","@graph":[{"@type":"WebPage","@id":"https:\/\/www.telaled.com\/fabrica\/led-dome-screen-serie-tcc\/","url":"https:\/\/www.telaled.com\/fabrica\/led-dome-screen-serie-tcc\/","name":"LED kopulov\u00e9 obrazovky \u0159ady TCC | Pohlcuj\u00edc\u00ed 4D vizu\u00e1ln\u00ed z\u00e1\u017eitek | TELALED","isPartOf":{"@id":"https:\/\/www.telaled.com\/#website"},"primaryImageOfPage":{"@id":"https:\/\/www.telaled.com\/fabrica\/led-dome-screen-serie-tcc\/#primaryimage"},"image":{"@id":"https:\/\/www.telaled.com\/fabrica\/led-dome-screen-serie-tcc\/#primaryimage"},"thumbnailUrl":"https:\/\/www.telaled.com\/wp-content\/uploads\/2025\/09\/LED-Dome-Screen-Serie-TCC.webp","datePublished":"2025-09-04T01:46:58+00:00","dateModified":"2026-01-05T23:38:53+00:00","description":"LED kopulov\u00e9 pl\u00e1tno \u0159ady TCC s technologi\u00ed 4D j\u00e1dra, modely P1,45-P4 a pr\u016fm\u011bry od 5 do 35 m. Ide\u00e1ln\u00ed pro muzea, planet\u00e1ria, v\u00fdstavy, \u0161kolen\u00ed a imerzivn\u00ed divadla.","breadcrumb":{"@id":"https:\/\/www.telaled.com\/fabrica\/led-dome-screen-serie-tcc\/#breadcrumb"},"inLanguage":"cs","potentialAction":[{"@type":"ReadAction","target":["https:\/\/www.telaled.com\/fabrica\/led-dome-screen-serie-tcc\/"]}]},{"@type":"ImageObject","inLanguage":"cs","@id":"https:\/\/www.telaled.com\/fabrica\/led-dome-screen-serie-tcc\/#primaryimage","url":"https:\/\/www.telaled.com\/wp-content\/uploads\/2025\/09\/LED-Dome-Screen-Serie-TCC.webp","contentUrl":"https:\/\/www.telaled.com\/wp-content\/uploads\/2025\/09\/LED-Dome-Screen-Serie-TCC.webp","width":500,"height":500,"caption":"LED-Dome-Screen-S\u00e9rie-TCC"},{"@type":"BreadcrumbList","@id":"https:\/\/www.telaled.com\/fabrica\/led-dome-screen-serie-tcc\/#breadcrumb","itemListElement":[{"@type":"ListItem","position":1,"name":"Home","item":"https:\/\/www.telaled.com\/"},{"@type":"ListItem","position":2,"name":"Produtos","item":"https:\/\/www.telaled.com\/shop\/"},{"@type":"ListItem","position":3,"name":"LED Dome Screen S\u00e9rie TCC"}]},{"@type":"WebSite","@id":"https:\/\/www.telaled.com\/#website","url":"https:\/\/www.telaled.com\/","name":"LED obrazovka","description":"","potentialAction":[{"@type":"SearchAction","target":{"@type":"EntryPoint","urlTemplate":"https:\/\/www.telaled.com\/?s={search_term_string}"},"query-input":{"@type":"PropertyValueSpecification","valueRequired":true,"valueName":"search_term_string"}}],"inLanguage":"cs"}]}},"_links":{"self":[{"href":"https:\/\/www.telaled.com\/cs\/wp-json\/wp\/v2\/product\/3221","targetHints":{"allow":["GET"]}}],"collection":[{"href":"https:\/\/www.telaled.com\/cs\/wp-json\/wp\/v2\/product"}],"about":[{"href":"https:\/\/www.telaled.com\/cs\/wp-json\/wp\/v2\/types\/product"}],"wp:featuredmedia":[{"embeddable":true,"href":"https:\/\/www.telaled.com\/cs\/wp-json\/wp\/v2\/media\/3222"}],"wp:attachment":[{"href":"https:\/\/www.telaled.com\/cs\/wp-json\/wp\/v2\/media?parent=3221"}],"wp:term":[{"taxonomy":"product_brand","embeddable":true,"href":"https:\/\/www.telaled.com\/cs\/wp-json\/wp\/v2\/product_brand?post=3221"},{"taxonomy":"product_cat","embeddable":true,"href":"https:\/\/www.telaled.com\/cs\/wp-json\/wp\/v2\/product_cat?post=3221"},{"taxonomy":"product_tag","embeddable":true,"href":"https:\/\/www.telaled.com\/cs\/wp-json\/wp\/v2\/product_tag?post=3221"}],"curies":[{"name":"wp","href":"https:\/\/api.w.org\/{rel}","templated":true}]}}