{"id":3162,"date":"2025-08-27T09:40:42","date_gmt":"2025-08-27T09:40:42","guid":{"rendered":"https:\/\/www.telaled.com\/?post_type=product&#038;p=3162"},"modified":"2026-01-05T08:55:31","modified_gmt":"2026-01-05T08:55:31","slug":"telas-oled-transparentes-serie-thu","status":"publish","type":"product","link":"https:\/\/www.telaled.com\/cs\/fabrica\/telas-oled-transparentes-serie-thu\/","title":{"rendered":"Transparentn\u00ed OLED displeje \u2013 \u0159ada THU"},"content":{"rendered":"<div class=\"row\"  id=\"row-1017519953\">\n\n\t<div id=\"col-1256784908\" class=\"col small-12 large-12\"  >\n\t\t\t\t<div class=\"col-inner\"  >\n\t\t\t\n\t\t\t\n<h2>Exkluzivn\u00ed v\u00fdhody pr\u016fhledn\u00fdch OLED obrazovek \u0159ady THU<\/h2>\n<h3><strong>Vynikaj\u00edc\u00ed odolnost<\/strong><\/h3>\n<ul>\n<li>Tvrzen\u00e9 p\u0159edn\u00ed sklo: Nab\u00edz\u00ed v\u00fdjime\u010dnou ochranu proti n\u00e1raz\u016fm a zaji\u0161\u0165uje, \u017ee obrazovka odol\u00e1 vn\u011bj\u0161\u00edm ot\u0159es\u016fm a vibrac\u00edm.<\/li>\n<li>Robustn\u00ed konstrukce: navr\u017eena tak, aby odolala n\u00e1ro\u010dn\u00fdm podm\u00ednk\u00e1m, a je vhodn\u00e1 pro vnit\u0159n\u00ed i venkovn\u00ed pou\u017eit\u00ed.<\/li>\n<li>N\u00edzk\u00e1 \u00fadr\u017eba: Technologie OLED s automatick\u00fdm osv\u011btlen\u00edm sni\u017euje pot\u0159ebu \u010dast\u00e9 \u00fadr\u017eby a nab\u00edz\u00ed dlouhodob\u00e9 \u0159e\u0161en\u00ed.<\/li>\n<\/ul>\n<h3><strong>V\u00fdjime\u010dn\u00e1 vizu\u00e1ln\u00ed kvalita<\/strong><\/h3>\n<ul>\n<li>Vysok\u00e9 rozli\u0161en\u00ed: Rozli\u0161en\u00ed 1920 x 1080 pixel\u016f a pom\u011br stran 16:9 poskytuj\u00ed ostr\u00fd obraz a z\u00e1\u0159iv\u00e9 barvy.<\/li>\n<li>Hlubok\u00e1 \u010dern\u00e1 a vysok\u00fd kontrast: Technologie OLED zaji\u0161\u0165uje bohatou \u010dernou a vysok\u00fd kontrast pro lep\u0161\u00ed kvalitu obrazu.<\/li>\n<li>\u0160irok\u00e9 pozorovac\u00ed \u00fahly: zachov\u00e1v\u00e1 v\u00fdjime\u010dnou p\u0159esnost barev a jasnost obrazu, a to i z r\u016fzn\u00fdch \u00fahl\u016f.<\/li>\n<li>Bezprobl\u00e9mov\u00e1 integrace: vysok\u00e1 propustnost obrazu modelu 38% bezprobl\u00e9mov\u011b propojuje obsah s objekty za obrazovkou a vytv\u00e1\u0159\u00ed tak pohlcuj\u00edc\u00ed vizu\u00e1ln\u00ed z\u00e1\u017eitek.<\/li>\n<\/ul>\n<h3><strong>Kompletn\u00ed p\u0159izp\u016fsobivost<\/strong><\/h3>\n<ul>\n<li>P\u0159izp\u016fsobiteln\u00fd design: nab\u00edz\u00ed flexibilitu velikosti obrazovky a konfigurace pro v\u00edce obrazovek pro spln\u011bn\u00ed rozmanit\u00fdch pot\u0159eb.<\/li>\n<li>Modul\u00e1rn\u00ed integrace: snadn\u00e1 integrace do r\u016fzn\u00fdch prost\u0159ed\u00ed, jako je maloobchod, doprava a kreativn\u00ed instalace.<\/li>\n<li>Dynamick\u00e9 funkce: podporuje rotaci obrazu, smy\u010dkov\u00e9 p\u0159ehr\u00e1v\u00e1n\u00ed a \u010dasovan\u00e9 p\u0159ehr\u00e1v\u00e1n\u00ed pro v\u0161estrann\u00e9 prezentace.<\/li>\n<li>Flexibiln\u00ed form\u00e1ty obsahu: mohou se p\u0159izp\u016fsobit \u0161irok\u00e9 \u0161k\u00e1le typ\u016f obsahu, co\u017e zlep\u0161uje zapojen\u00ed u\u017eivatel\u016f v r\u016fzn\u00fdch prost\u0159ed\u00edch.<\/li>\n<\/ul>\n<h3><strong>Komplexn\u00ed podpora<\/strong><\/h3>\n<ul>\n<li>Nonstop vzd\u00e1len\u00e1 technick\u00e1 podpora: Z\u00edskejte p\u0159\u00edstup k odborn\u00e9 pomoci kdykoli a kdekoli.<\/li>\n<li>5% n\u00e1hradn\u00edch d\u00edl\u016f v cen\u011b: Ka\u017ed\u00e1 objedn\u00e1vka obsahuje dal\u0161\u00ed komponenty pro zv\u00fd\u0161en\u00ed spolehlivosti a zaji\u0161t\u011bn\u00ed klidu.<\/li>\n<li>3let\u00e1 prodlou\u017een\u00e1 z\u00e1ruka: Vyu\u017eijte dlouhodobou konvergenci pro lep\u0161\u00ed v\u00fdkon a spolehliv\u00fd servis.<\/li>\n<\/ul>\n<h2>Detaily produktu<\/h2>\n<div class=\"row\"  id=\"row-2093031691\">\n\n\t<div id=\"col-1735177942\" class=\"col medium-10 small-12 large-10\"  >\n\t\t\t\t<div class=\"col-inner text-left\"  >\n\t\t\t\n\t\t\t\n<ul>\n<li>Obsahuje technologii optick\u00e9ho lepen\u00ed (Optical Bonding), d\u00edky \u010demu\u017e je ide\u00e1ln\u00ed pro odv\u011btv\u00ed, kter\u00e1 vy\u017eaduj\u00ed vysoce v\u00fdkonn\u00e1 \u0159e\u0161en\u00ed pro obrazovky. Tato pokro\u010dil\u00e1 technologie sni\u017euje odlesky, zvy\u0161uje jas a ostrost a prodlu\u017euje odolnost obrazovky. Zlep\u0161uje tak\u00e9 pozorovac\u00ed \u00fahly pro vynikaj\u00edc\u00ed z\u00e1\u017eitek ze sledov\u00e1n\u00ed.<\/li>\n<\/ul>\n\t<div class=\"img has-hover x md-x lg-x y md-y lg-y\" id=\"image_593562209\">\n\t\t\t\t\t\t\t\t<div class=\"img-inner dark\" >\n\t\t\t<img loading=\"lazy\" decoding=\"async\" width=\"1000\" height=\"400\" src=\"https:\/\/www.telaled.com\/wp-content\/uploads\/2025\/08\/Tecnologia-de-colagem-optica.webp\" class=\"attachment-original size-original\" alt=\"Technologie optick\u00e9ho spojov\u00e1n\u00ed\" srcset=\"https:\/\/www.telaled.com\/wp-content\/uploads\/2025\/08\/Tecnologia-de-colagem-optica.webp 1000w, https:\/\/www.telaled.com\/wp-content\/uploads\/2025\/08\/Tecnologia-de-colagem-optica-300x120.webp 300w, https:\/\/www.telaled.com\/wp-content\/uploads\/2025\/08\/Tecnologia-de-colagem-optica-768x307.webp 768w, https:\/\/www.telaled.com\/wp-content\/uploads\/2025\/08\/Tecnologia-de-colagem-optica-18x7.webp 18w, https:\/\/www.telaled.com\/wp-content\/uploads\/2025\/08\/Tecnologia-de-colagem-optica-600x240.webp 600w\" sizes=\"auto, (max-width: 1000px) 100vw, 1000px\" \/>\t\t\t\t\t\t\n\t\t\t\t\t<\/div>\n\t\t\t\t\t\t\t\t\n<style>\n#image_593562209 {\n  width: 95%;\n}\n<\/style>\n\t<\/div>\n\t\n<ul>\n<li>Vyu\u017e\u00edv\u00e1 technologii samosv\u00edcen\u00ed, kter\u00e1 poskytuje z\u00e1\u0159iv\u00e9 barvy s propustnost\u00ed 38%. Kombinuje digit\u00e1ln\u00ed obsah s re\u00e1ln\u00fdmi objekty, viditeln\u00fdmi pouze z jednoho \u00fahlu, a z\u00e1rove\u0148 si zachov\u00e1v\u00e1 vynikaj\u00edc\u00ed kvalitu obrazu a \u0161irok\u00e9 pozorovac\u00ed \u00fahly.<\/li>\n<\/ul>\n\t\t<\/div>\n\t\t\t\t\t<\/div>\n\n\t\n\n\t<div id=\"col-761425839\" class=\"col medium-10 small-12 large-10\"  >\n\t\t\t\t<div class=\"col-inner text-left\"  >\n\t\t\t\n\t\t\t\n\t<div class=\"img has-hover x md-x lg-x y md-y lg-y\" id=\"image_1376440\">\n\t\t\t\t\t\t\t\t<div class=\"img-inner dark\" >\n\t\t\t<img loading=\"lazy\" decoding=\"async\" width=\"989\" height=\"500\" src=\"https:\/\/www.telaled.com\/wp-content\/uploads\/2025\/08\/Alta-Transmitancia.webp\" class=\"attachment-large size-large\" alt=\"\" srcset=\"https:\/\/www.telaled.com\/wp-content\/uploads\/2025\/08\/Alta-Transmitancia.webp 989w, https:\/\/www.telaled.com\/wp-content\/uploads\/2025\/08\/Alta-Transmitancia-300x152.webp 300w, https:\/\/www.telaled.com\/wp-content\/uploads\/2025\/08\/Alta-Transmitancia-768x388.webp 768w, https:\/\/www.telaled.com\/wp-content\/uploads\/2025\/08\/Alta-Transmitancia-18x9.webp 18w, https:\/\/www.telaled.com\/wp-content\/uploads\/2025\/08\/Alta-Transmitancia-600x303.webp 600w\" sizes=\"auto, (max-width: 989px) 100vw, 989px\" \/>\t\t\t\t\t\t\n\t\t\t\t\t<\/div>\n\t\t\t\t\t\t\t\t\n<style>\n#image_1376440 {\n  width: 95%;\n}\n<\/style>\n\t<\/div>\n\t\n<ul>\n<li>Nab\u00edz\u00ed flexibiln\u00ed a \u0161k\u00e1lovateln\u00e9 \u0159e\u0161en\u00ed, kter\u00e9 v\u00e1m umo\u017e\u0148uje p\u0159izp\u016fsobit obrazovku p\u0159esn\u011b va\u0161im pot\u0159eb\u00e1m. A\u0165 u\u017e se jedn\u00e1 o specifickou velikost nebo konfiguraci s v\u00edce obrazovkami, tento p\u0159izp\u016fsobiv\u00fd monitor lze upravit tak, aby poskytoval dynamick\u00fd a jedine\u010dn\u00fd vizu\u00e1ln\u00ed z\u00e1\u017eitek.<\/li>\n<\/ul>\n\t<div class=\"img has-hover x md-x lg-x y md-y lg-y\" id=\"image_1353995595\">\n\t\t\t\t\t\t\t\t<div class=\"img-inner dark\" >\n\t\t\t<img loading=\"lazy\" decoding=\"async\" width=\"1020\" height=\"592\" src=\"https:\/\/www.telaled.com\/wp-content\/uploads\/2025\/08\/Design-personalizavel-e-escalavel-1024x594.webp\" class=\"attachment-large size-large\" alt=\"P\u0159izp\u016fsobiteln\u00fd a \u0161k\u00e1lovateln\u00fd design\" srcset=\"https:\/\/www.telaled.com\/wp-content\/uploads\/2025\/08\/Design-personalizavel-e-escalavel-1024x594.webp 1024w, https:\/\/www.telaled.com\/wp-content\/uploads\/2025\/08\/Design-personalizavel-e-escalavel-300x174.webp 300w, https:\/\/www.telaled.com\/wp-content\/uploads\/2025\/08\/Design-personalizavel-e-escalavel-768x446.webp 768w, https:\/\/www.telaled.com\/wp-content\/uploads\/2025\/08\/Design-personalizavel-e-escalavel-18x10.webp 18w, https:\/\/www.telaled.com\/wp-content\/uploads\/2025\/08\/Design-personalizavel-e-escalavel-600x348.webp 600w, https:\/\/www.telaled.com\/wp-content\/uploads\/2025\/08\/Design-personalizavel-e-escalavel.webp 1034w\" sizes=\"auto, (max-width: 1020px) 100vw, 1020px\" \/>\t\t\t\t\t\t\n\t\t\t\t\t<\/div>\n\t\t\t\t\t\t\t\t\n<style>\n#image_1353995595 {\n  width: 95%;\n}\n<\/style>\n\t<\/div>\n\t\n\t\t<\/div>\n\t\t\t\t\t<\/div>\n\n\t\n\n\t<div id=\"col-36080088\" class=\"col medium-10 small-12 large-10\"  >\n\t\t\t\t<div class=\"col-inner text-left\"  >\n\t\t\t\n\t\t\t\n<ul>\n<li>Na\u0161e <a href=\"https:\/\/www.telaled.com\/cs\/?attachment_id=3175\">LED displeje<\/a> Jsou pe\u010dliv\u011b zabaleny podle sv\u00fdch specifikac\u00ed a zam\u00fd\u0161len\u00e9ho pou\u017eit\u00ed. Sestaven\u00e9 jednotky jsou obvykle baleny do vyztu\u017een\u00fdch d\u0159ev\u011bn\u00fdch beden nebo pevn\u00fdch kartonov\u00fdch krabic, aby byla zachov\u00e1na jejich celistvost b\u011bhem p\u0159epravy. Pro ochranu p\u0159ed prachem a dal\u0161\u00edmi potenci\u00e1ln\u00edmi nebezpe\u010d\u00edmi jsou LED moduly baleny v ochrann\u00fdch obalech, co\u017e zaji\u0161\u0165uje jejich odolnost a bezpe\u010dnost b\u011bhem manipulace a p\u0159epravy.<\/li>\n<\/ul>\n\t<div class=\"img has-hover x md-x lg-x y md-y lg-y\" id=\"image_1230809021\">\n\t\t\t\t\t\t\t\t<div class=\"img-inner dark\" >\n\t\t\t<img loading=\"lazy\" decoding=\"async\" width=\"760\" height=\"1024\" src=\"https:\/\/www.telaled.com\/wp-content\/uploads\/2025\/08\/36123f2c-de60-488d-af81-255cd4aee54a-760x1024.webp\" class=\"attachment-large size-large\" alt=\"\" srcset=\"https:\/\/www.telaled.com\/wp-content\/uploads\/2025\/08\/36123f2c-de60-488d-af81-255cd4aee54a-760x1024.webp 760w, https:\/\/www.telaled.com\/wp-content\/uploads\/2025\/08\/36123f2c-de60-488d-af81-255cd4aee54a-223x300.webp 223w, https:\/\/www.telaled.com\/wp-content\/uploads\/2025\/08\/36123f2c-de60-488d-af81-255cd4aee54a-768x1035.webp 768w, https:\/\/www.telaled.com\/wp-content\/uploads\/2025\/08\/36123f2c-de60-488d-af81-255cd4aee54a-9x12.webp 9w, https:\/\/www.telaled.com\/wp-content\/uploads\/2025\/08\/36123f2c-de60-488d-af81-255cd4aee54a-600x808.webp 600w, https:\/\/www.telaled.com\/wp-content\/uploads\/2025\/08\/36123f2c-de60-488d-af81-255cd4aee54a.webp 795w\" sizes=\"auto, (max-width: 760px) 100vw, 760px\" \/>\t\t\t\t\t\t\n\t\t\t\t\t<\/div>\n\t\t\t\t\t\t\t\t\n<style>\n#image_1230809021 {\n  width: 95%;\n}\n<\/style>\n\t<\/div>\n\t\n\t\t<\/div>\n\t\t\t\t\t<\/div>\n\n\t\n<\/div>\n\t\t<\/div>\n\t\t\t\t\t<\/div>\n\n\t\n<\/div>","protected":false},"excerpt":{"rendered":"<p><strong>Pr\u016fhledn\u00e9 OLED displeje \u0159ady THU: Bezkonkuren\u010dn\u00ed jasnost a odolnost.<\/strong><\/p>\n<p>Obrazovky <strong><em>Transparentn\u00ed OLED diody \u0159ady THI<\/em> <\/strong>Nab\u00edz\u00ed inovativn\u00ed funkci vysok\u00e9ho jasu, v\u00fdjime\u010dnou pr\u016fhlednost a ochranu tvrzen\u00fdm sklem. Tento modern\u00ed displej je ide\u00e1ln\u00ed pro dynamickou a plynulou prezentaci obsahu v jak\u00e9mkoli modern\u00edm prostoru.<\/p>\n<p><strong>Hlavn\u00ed vlastnosti:<\/strong><\/p>\n<ul>\n<li><strong>V\u00fdjime\u010dn\u00e1 transparentnost:<\/strong> Pr\u016fhlednost 40% pro jasnou viditelnost za monitorem, ide\u00e1ln\u00ed pro integraci dynamick\u00e9ho obsahu.<\/li>\n<li><strong>P\u016fsobiv\u00e1 vizu\u00e1ln\u00ed kvalita:<\/strong> rezoluce <a href=\"https:\/\/www.telaled.com\/cs\/fabrica\/painel-led-full-hd-da-serie-the\/\">Full HD<\/a> 1920\u00d71080 s \u017eiv\u00fdmi barvami a hlubokou \u010dernou.<\/li>\n<li><strong>Odoln\u00e9 a n\u00e1razuvzdorn\u00e9:<\/strong> 4mm tvrzen\u00e9 sklo pro v\u011bt\u0161\u00ed odolnost a n\u00e1razuvzdornost.<\/li>\n<li><strong>Flexibilita dynamick\u00e9ho obsahu:<\/strong> Mezi funkce pat\u0159\u00ed bezprobl\u00e9mov\u00e9 spojov\u00e1n\u00ed, ot\u00e1\u010den\u00ed obrazu a \u010dasovan\u00e9 p\u0159ehr\u00e1v\u00e1n\u00ed pro interaktivn\u00ed displeje.<\/li>\n<\/ul>\n<p>Nab\u00edz\u00edme nep\u0159etr\u017eitou vzd\u00e1lenou podporu a 3letou z\u00e1ruku. Kontaktujte n\u00e1s pro individu\u00e1ln\u00ed cenovou nab\u00eddku.<\/p>","protected":false},"featured_media":3166,"template":"","meta":[],"product_brand":[],"product_cat":[40,45],"product_tag":[],"class_list":{"0":"post-3162","1":"product","2":"type-product","3":"status-publish","4":"has-post-thumbnail","6":"product_cat-painel-de-led","7":"product_cat-painel-de-led-transparente","9":"first","10":"instock","11":"shipping-taxable","12":"product-type-simple"},"yoast_head":"<!-- This site is optimized with the Yoast SEO plugin v27.4 - https:\/\/yoast.com\/product\/yoast-seo-wordpress\/ -->\n<title>Telas OLED Transparentes\u200b S\u00e9rie THU | Exibi\u00e7\u00e3o de Alta Clareza e Durabilidade |TELALED<\/title>\n<meta name=\"description\" content=\"Telas OLED Transparentes\u200b S\u00e9rie THU com brilho excepcional, alta transpar\u00eancia e prote\u00e7\u00e3o em vidro temperado. Perfeitas para apresenta\u00e7\u00f5es de conte\u00fado din\u00e2micas e flex\u00edveis. Entre em contato para obter solu\u00e7\u00f5es.\" \/>\n<meta name=\"robots\" content=\"index, follow, max-snippet:-1, max-image-preview:large, max-video-preview:-1\" \/>\n<link rel=\"canonical\" href=\"https:\/\/www.telaled.com\/cs\/fabrica\/telas-oled-transparentes-serie-thu\/\" \/>\n<meta property=\"og:locale\" content=\"cs_CZ\" \/>\n<meta property=\"og:type\" content=\"article\" \/>\n<meta property=\"og:title\" content=\"Telas OLED Transparentes\u200b S\u00e9rie THU | Exibi\u00e7\u00e3o de Alta Clareza e Durabilidade |TELALED\" \/>\n<meta property=\"og:description\" content=\"Telas OLED Transparentes\u200b S\u00e9rie THU com brilho excepcional, alta transpar\u00eancia e prote\u00e7\u00e3o em vidro temperado. Perfeitas para apresenta\u00e7\u00f5es de conte\u00fado din\u00e2micas e flex\u00edveis. Entre em contato para obter solu\u00e7\u00f5es.\" \/>\n<meta property=\"og:url\" content=\"https:\/\/www.telaled.com\/cs\/fabrica\/telas-oled-transparentes-serie-thu\/\" \/>\n<meta property=\"og:site_name\" content=\"TELALED\" \/>\n<meta property=\"article:modified_time\" content=\"2026-01-05T08:55:31+00:00\" \/>\n<meta property=\"og:image\" content=\"https:\/\/www.telaled.com\/wp-content\/uploads\/2025\/08\/telas-oled-transparentes_.jpg\" \/>\n\t<meta property=\"og:image:width\" content=\"500\" \/>\n\t<meta property=\"og:image:height\" content=\"500\" \/>\n\t<meta property=\"og:image:type\" content=\"image\/jpeg\" \/>\n<meta name=\"twitter:card\" content=\"summary_large_image\" \/>\n<meta name=\"twitter:label1\" content=\"Est. reading time\" \/>\n\t<meta name=\"twitter:data1\" content=\"3 minuty\" \/>\n<script type=\"application\/ld+json\" class=\"yoast-schema-graph\">{\"@context\":\"https:\\\/\\\/schema.org\",\"@graph\":[{\"@type\":\"WebPage\",\"@id\":\"https:\\\/\\\/www.telaled.com\\\/fabrica\\\/telas-oled-transparentes-serie-thu\\\/\",\"url\":\"https:\\\/\\\/www.telaled.com\\\/fabrica\\\/telas-oled-transparentes-serie-thu\\\/\",\"name\":\"Telas OLED Transparentes\u200b S\u00e9rie THU | Exibi\u00e7\u00e3o de Alta Clareza e Durabilidade |TELALED\",\"isPartOf\":{\"@id\":\"https:\\\/\\\/www.telaled.com\\\/#website\"},\"primaryImageOfPage\":{\"@id\":\"https:\\\/\\\/www.telaled.com\\\/fabrica\\\/telas-oled-transparentes-serie-thu\\\/#primaryimage\"},\"image\":{\"@id\":\"https:\\\/\\\/www.telaled.com\\\/fabrica\\\/telas-oled-transparentes-serie-thu\\\/#primaryimage\"},\"thumbnailUrl\":\"https:\\\/\\\/www.telaled.com\\\/wp-content\\\/uploads\\\/2025\\\/08\\\/telas-oled-transparentes_.jpg\",\"datePublished\":\"2025-08-27T09:40:42+00:00\",\"dateModified\":\"2026-01-05T08:55:31+00:00\",\"description\":\"Telas OLED Transparentes\u200b S\u00e9rie THU com brilho excepcional, alta transpar\u00eancia e prote\u00e7\u00e3o em vidro temperado. Perfeitas para apresenta\u00e7\u00f5es de conte\u00fado din\u00e2micas e flex\u00edveis. Entre em contato para obter solu\u00e7\u00f5es.\",\"breadcrumb\":{\"@id\":\"https:\\\/\\\/www.telaled.com\\\/fabrica\\\/telas-oled-transparentes-serie-thu\\\/#breadcrumb\"},\"inLanguage\":\"cs\",\"potentialAction\":[{\"@type\":\"ReadAction\",\"target\":[\"https:\\\/\\\/www.telaled.com\\\/fabrica\\\/telas-oled-transparentes-serie-thu\\\/\"]}]},{\"@type\":\"ImageObject\",\"inLanguage\":\"cs\",\"@id\":\"https:\\\/\\\/www.telaled.com\\\/fabrica\\\/telas-oled-transparentes-serie-thu\\\/#primaryimage\",\"url\":\"https:\\\/\\\/www.telaled.com\\\/wp-content\\\/uploads\\\/2025\\\/08\\\/telas-oled-transparentes_.jpg\",\"contentUrl\":\"https:\\\/\\\/www.telaled.com\\\/wp-content\\\/uploads\\\/2025\\\/08\\\/telas-oled-transparentes_.jpg\",\"width\":500,\"height\":500,\"caption\":\"telas-oled-transparentes_\"},{\"@type\":\"BreadcrumbList\",\"@id\":\"https:\\\/\\\/www.telaled.com\\\/fabrica\\\/telas-oled-transparentes-serie-thu\\\/#breadcrumb\",\"itemListElement\":[{\"@type\":\"ListItem\",\"position\":1,\"name\":\"Home\",\"item\":\"https:\\\/\\\/www.telaled.com\\\/\"},{\"@type\":\"ListItem\",\"position\":2,\"name\":\"Produtos\",\"item\":\"https:\\\/\\\/www.telaled.com\\\/shop\\\/\"},{\"@type\":\"ListItem\",\"position\":3,\"name\":\"Telas OLED Transparentes\u200b S\u00e9rie THU\"}]},{\"@type\":\"WebSite\",\"@id\":\"https:\\\/\\\/www.telaled.com\\\/#website\",\"url\":\"https:\\\/\\\/www.telaled.com\\\/\",\"name\":\"TELALED\",\"description\":\"\",\"potentialAction\":[{\"@type\":\"SearchAction\",\"target\":{\"@type\":\"EntryPoint\",\"urlTemplate\":\"https:\\\/\\\/www.telaled.com\\\/?s={search_term_string}\"},\"query-input\":{\"@type\":\"PropertyValueSpecification\",\"valueRequired\":true,\"valueName\":\"search_term_string\"}}],\"inLanguage\":\"cs\"}]}<\/script>\n<!-- \/ Yoast SEO plugin. -->","yoast_head_json":{"title":"Pr\u016fhledn\u00e9 OLED obrazovky \u0159ady THU | Displej s vysokou \u010distotou a odolnost\u00ed | TELALED","description":"Pr\u016fhledn\u00e9 OLED displeje \u0159ady THU nab\u00edzej\u00ed v\u00fdjime\u010dn\u00fd jas, vysokou pr\u016fhlednost a ochranu tvrzen\u00fdm sklem. Ide\u00e1ln\u00ed pro dynamick\u00e9 a flexibiln\u00ed prezentace obsahu. Kontaktujte n\u00e1s pro \u0159e\u0161en\u00ed.","robots":{"index":"index","follow":"follow","max-snippet":"max-snippet:-1","max-image-preview":"max-image-preview:large","max-video-preview":"max-video-preview:-1"},"canonical":"https:\/\/www.telaled.com\/cs\/fabrica\/telas-oled-transparentes-serie-thu\/","og_locale":"cs_CZ","og_type":"article","og_title":"Telas OLED Transparentes\u200b S\u00e9rie THU | Exibi\u00e7\u00e3o de Alta Clareza e Durabilidade |TELALED","og_description":"Telas OLED Transparentes\u200b S\u00e9rie THU com brilho excepcional, alta transpar\u00eancia e prote\u00e7\u00e3o em vidro temperado. Perfeitas para apresenta\u00e7\u00f5es de conte\u00fado din\u00e2micas e flex\u00edveis. Entre em contato para obter solu\u00e7\u00f5es.","og_url":"https:\/\/www.telaled.com\/cs\/fabrica\/telas-oled-transparentes-serie-thu\/","og_site_name":"TELALED","article_modified_time":"2026-01-05T08:55:31+00:00","og_image":[{"width":500,"height":500,"url":"https:\/\/www.telaled.com\/wp-content\/uploads\/2025\/08\/telas-oled-transparentes_.jpg","type":"image\/jpeg"}],"twitter_card":"summary_large_image","twitter_misc":{"Est. reading time":"3 minuty"},"schema":{"@context":"https:\/\/schema.org","@graph":[{"@type":"WebPage","@id":"https:\/\/www.telaled.com\/fabrica\/telas-oled-transparentes-serie-thu\/","url":"https:\/\/www.telaled.com\/fabrica\/telas-oled-transparentes-serie-thu\/","name":"Pr\u016fhledn\u00e9 OLED obrazovky \u0159ady THU | Displej s vysokou \u010distotou a odolnost\u00ed | TELALED","isPartOf":{"@id":"https:\/\/www.telaled.com\/#website"},"primaryImageOfPage":{"@id":"https:\/\/www.telaled.com\/fabrica\/telas-oled-transparentes-serie-thu\/#primaryimage"},"image":{"@id":"https:\/\/www.telaled.com\/fabrica\/telas-oled-transparentes-serie-thu\/#primaryimage"},"thumbnailUrl":"https:\/\/www.telaled.com\/wp-content\/uploads\/2025\/08\/telas-oled-transparentes_.jpg","datePublished":"2025-08-27T09:40:42+00:00","dateModified":"2026-01-05T08:55:31+00:00","description":"Pr\u016fhledn\u00e9 OLED displeje \u0159ady THU nab\u00edzej\u00ed v\u00fdjime\u010dn\u00fd jas, vysokou pr\u016fhlednost a ochranu tvrzen\u00fdm sklem. Ide\u00e1ln\u00ed pro dynamick\u00e9 a flexibiln\u00ed prezentace obsahu. Kontaktujte n\u00e1s pro \u0159e\u0161en\u00ed.","breadcrumb":{"@id":"https:\/\/www.telaled.com\/fabrica\/telas-oled-transparentes-serie-thu\/#breadcrumb"},"inLanguage":"cs","potentialAction":[{"@type":"ReadAction","target":["https:\/\/www.telaled.com\/fabrica\/telas-oled-transparentes-serie-thu\/"]}]},{"@type":"ImageObject","inLanguage":"cs","@id":"https:\/\/www.telaled.com\/fabrica\/telas-oled-transparentes-serie-thu\/#primaryimage","url":"https:\/\/www.telaled.com\/wp-content\/uploads\/2025\/08\/telas-oled-transparentes_.jpg","contentUrl":"https:\/\/www.telaled.com\/wp-content\/uploads\/2025\/08\/telas-oled-transparentes_.jpg","width":500,"height":500,"caption":"telas-oled-transparentes_"},{"@type":"BreadcrumbList","@id":"https:\/\/www.telaled.com\/fabrica\/telas-oled-transparentes-serie-thu\/#breadcrumb","itemListElement":[{"@type":"ListItem","position":1,"name":"Home","item":"https:\/\/www.telaled.com\/"},{"@type":"ListItem","position":2,"name":"Produtos","item":"https:\/\/www.telaled.com\/shop\/"},{"@type":"ListItem","position":3,"name":"Telas OLED Transparentes\u200b S\u00e9rie THU"}]},{"@type":"WebSite","@id":"https:\/\/www.telaled.com\/#website","url":"https:\/\/www.telaled.com\/","name":"LED obrazovka","description":"","potentialAction":[{"@type":"SearchAction","target":{"@type":"EntryPoint","urlTemplate":"https:\/\/www.telaled.com\/?s={search_term_string}"},"query-input":{"@type":"PropertyValueSpecification","valueRequired":true,"valueName":"search_term_string"}}],"inLanguage":"cs"}]}},"_links":{"self":[{"href":"https:\/\/www.telaled.com\/cs\/wp-json\/wp\/v2\/product\/3162","targetHints":{"allow":["GET"]}}],"collection":[{"href":"https:\/\/www.telaled.com\/cs\/wp-json\/wp\/v2\/product"}],"about":[{"href":"https:\/\/www.telaled.com\/cs\/wp-json\/wp\/v2\/types\/product"}],"wp:featuredmedia":[{"embeddable":true,"href":"https:\/\/www.telaled.com\/cs\/wp-json\/wp\/v2\/media\/3166"}],"wp:attachment":[{"href":"https:\/\/www.telaled.com\/cs\/wp-json\/wp\/v2\/media?parent=3162"}],"wp:term":[{"taxonomy":"product_brand","embeddable":true,"href":"https:\/\/www.telaled.com\/cs\/wp-json\/wp\/v2\/product_brand?post=3162"},{"taxonomy":"product_cat","embeddable":true,"href":"https:\/\/www.telaled.com\/cs\/wp-json\/wp\/v2\/product_cat?post=3162"},{"taxonomy":"product_tag","embeddable":true,"href":"https:\/\/www.telaled.com\/cs\/wp-json\/wp\/v2\/product_tag?post=3162"}],"curies":[{"name":"wp","href":"https:\/\/api.w.org\/{rel}","templated":true}]}}