{"id":2902,"date":"2025-08-08T01:45:40","date_gmt":"2025-08-08T01:45:40","guid":{"rendered":"https:\/\/www.telaled.com\/?post_type=product&#038;p=2902"},"modified":"2026-01-05T04:05:22","modified_gmt":"2026-01-05T04:05:22","slug":"painel-de-led-hd-serie-tho","status":"publish","type":"product","link":"https:\/\/www.telaled.com\/cs\/fabrica\/painel-de-led-hd-serie-tho\/","title":{"rendered":"LED panel \u0159ady THO"},"content":{"rendered":"<div class=\"row\"  id=\"row-211140041\">\n\n\t<div id=\"col-1413518346\" class=\"col small-12 large-12\"  >\n\t\t\t\t<div class=\"col-inner\"  >\n\t\t\t\n\t\t\t\n<h2>Exkluzivn\u00ed v\u00fdhody HD LED panel\u016f \u0159ady THO<\/h2>\n<h3><strong>Vynikaj\u00edc\u00ed odolnost<\/strong><\/h3>\n<ul>\n<li>\u0160t\u00edhl\u00fd 38mm kryt, vyroben\u00fd z vysoce pevn\u00fdch a korozivzdorn\u00fdch materi\u00e1l\u016f, z\u016fst\u00e1v\u00e1 pevn\u00fd a stabiln\u00ed, zabra\u0148uje deformaci a v pr\u016fb\u011bhu \u010dasu si udr\u017euje p\u0159esn\u00e9 vyrovn\u00e1n\u00ed.<\/li>\n<li>N\u00e1vrh <a href=\"https:\/\/www.telaled.com\/cs\/fabrica\/painel-de-led-cob-serie-tha\/\">COB<\/a> Prysky\u0159i\u010dn\u00fd povlak chr\u00e1n\u00ed LED diody p\u0159ed prachem, vlhkost\u00ed a n\u00e1razy, \u010d\u00edm\u017e sni\u017euje po\u0161kozen\u00ed pixel\u016f a udr\u017euje konzistentn\u00ed kvalitu obrazu s minim\u00e1ln\u00ed \u00fadr\u017ebou.<\/li>\n<\/ul>\n<h3><strong>V\u00fdjime\u010dn\u00e1 vizu\u00e1ln\u00ed kvalita<\/strong><\/h3>\n<ul>\n<li>Jemn\u00e9 <a href=\"https:\/\/www.telaled.com\/cs\/pixel-pitch\/\">Rozte\u010d pixel\u016f<\/a> Mo\u017enosti 1,25 mm a 1,56 mm poskytuj\u00ed ostr\u00e9 detaily a jasn\u00fd text pro vysoce p\u0159esn\u00e9 prohl\u00ed\u017een\u00ed.<\/li>\n<li>Realistick\u00e9 barvy: Technologie COB zlep\u0161uje p\u0159esnost barev a konzistenci jasu na cel\u00e9 obrazovce.<\/li>\n<li>Vysok\u00fd kontrast: Sni\u017euje odlesky a zvy\u0161uje hloubku, d\u00edky \u010demu\u017e jsou vizu\u00e1ln\u00ed prvky sn\u00e1ze \u010diteln\u00e9 za jak\u00e9hokoli osv\u011btlen\u00ed.<\/li>\n<\/ul>\n<h3><strong>Kompletn\u00ed p\u0159izp\u016fsobivost<\/strong><\/h3>\n<ul>\n<li>V\u0161estrann\u00e9 pou\u017eit\u00ed: Ide\u00e1ln\u00ed pro \u0159\u00eddic\u00ed m\u00edstnosti, velitelsk\u00e1 centra, konferen\u010dn\u00ed m\u00edstnosti a vysoce p\u0159esn\u00e9 zobrazovac\u00ed syst\u00e9my.<\/li>\n<li>Flexibiln\u00ed integrace: \u0160t\u00edhl\u00fd, multifunk\u010dn\u00ed design, kter\u00fd se p\u0159izp\u016fsob\u00ed r\u016fzn\u00fdm rozvr\u017een\u00edm a nahrad\u00ed v\u00edceobrazovkov\u00e9 sestavy bez nutnosti dal\u0161\u00edho hardwaru.<\/li>\n<li>Spolehliv\u00fd v n\u00e1ro\u010dn\u00fdch prost\u0159ed\u00edch: Du\u00e1ln\u00ed nap\u00e1jen\u00ed a z\u00e1lohov\u00e1n\u00ed dat umo\u017e\u0148uj\u00ed nep\u0159etr\u017eit\u00fd provoz v kritick\u00fdch aplikac\u00edch.<\/li>\n<\/ul>\n<h3><strong>Komplexn\u00ed podpora<\/strong><\/h3>\n<ul>\n<li>Nonstop vzd\u00e1len\u00e1 technick\u00e1 podpora: Z\u00edskejte pomoc, kdykoli ji pot\u0159ebujete, a\u0165 jste kdekoli.<\/li>\n<li>Dod\u00e1van\u00e9 n\u00e1hradn\u00ed d\u00edly 5%: Ka\u017ed\u00e1 z\u00e1silka obsahuje dal\u0161\u00ed komponenty pro v\u011bt\u0161\u00ed spolehlivost a klid.<\/li>\n<li>3let\u00e1 prodlou\u017een\u00e1 z\u00e1ruka: Vyu\u017eijte dlouhodobou ochranu pro lep\u0161\u00ed v\u00fdkon a spolehlivou podporu.<\/li>\n<\/ul>\n<h2>Detaily produktu<\/h2>\n<div class=\"row\"  id=\"row-20458250\">\n\n\t<div id=\"col-1079723267\" class=\"col medium-10 small-12 large-10\"  >\n\t\t\t\t<div class=\"col-inner text-left\"  >\n\t\t\t\n\t\t\t\n<ul>\n<li>LED moduly jsou navr\u017eeny pro p\u0159\u00edstup zep\u0159edu a vyu\u017e\u00edvaj\u00ed magnetick\u00e9 upevn\u011bn\u00ed pro rychlou \u00fadr\u017ebu. Panelov\u00e1 konstrukce m\u016f\u017ee b\u00fdt p\u0159ipevn\u011bna p\u0159\u00edmo k p\u0159ekli\u017ekov\u00e9 st\u011bn\u011b pomoc\u00ed \u0161roub\u016f. Pro p\u0159esn\u00e9 um\u00edst\u011bn\u00ed a bezpe\u010dnou instalaci jsou k dispozici vzp\u011bry.<\/li>\n<\/ul>\n\t<div class=\"img has-hover x md-x lg-x y md-y lg-y\" id=\"image_797578367\">\n\t\t\t\t\t\t\t\t<div class=\"img-inner dark\" >\n\t\t\t<img loading=\"lazy\" decoding=\"async\" width=\"1000\" height=\"560\" src=\"https:\/\/www.telaled.com\/wp-content\/uploads\/2025\/08\/Montagem-direta-na-parede.webp\" class=\"attachment-original size-original\" alt=\"Mont\u00e1\u017e p\u0159\u00edmo na st\u011bnu\" srcset=\"https:\/\/www.telaled.com\/wp-content\/uploads\/2025\/08\/Montagem-direta-na-parede.webp 1000w, https:\/\/www.telaled.com\/wp-content\/uploads\/2025\/08\/Montagem-direta-na-parede-300x168.webp 300w, https:\/\/www.telaled.com\/wp-content\/uploads\/2025\/08\/Montagem-direta-na-parede-768x430.webp 768w, https:\/\/www.telaled.com\/wp-content\/uploads\/2025\/08\/Montagem-direta-na-parede-18x10.webp 18w, https:\/\/www.telaled.com\/wp-content\/uploads\/2025\/08\/Montagem-direta-na-parede-600x336.webp 600w\" sizes=\"auto, (max-width: 1000px) 100vw, 1000px\" \/>\t\t\t\t\t\t\n\t\t\t\t\t<\/div>\n\t\t\t\t\t\t\t\t\n<style>\n#image_797578367 {\n  width: 95%;\n}\n<\/style>\n\t<\/div>\n\t\n\t\t<\/div>\n\t\t\t\t\t<\/div>\n\n\t\n\n\t<div id=\"col-1681815811\" class=\"col medium-10 small-12 large-10\"  >\n\t\t\t\t<div class=\"col-inner text-left\"  >\n\t\t\t\n\t\t\t\n<ul>\n<li>Obrazovka s pom\u011brem stran 21:9 nab\u00edz\u00ed v\u00edce horizont\u00e1ln\u00edho prostoru pro multitasking, kreativn\u00ed pr\u00e1ci, hran\u00ed her a sledov\u00e1n\u00ed film\u016f. Poskytuje \u0161ir\u0161\u00ed zobrazen\u00ed bez \u010dern\u00fdch pruh\u016f a m\u016f\u017ee nahradit sestavy se dv\u011bma monitory.<\/li>\n<\/ul>\n\t<div class=\"img has-hover x md-x lg-x y md-y lg-y\" id=\"image_1768228105\">\n\t\t\t\t\t\t\t\t<div class=\"img-inner dark\" >\n\t\t\t<img loading=\"lazy\" decoding=\"async\" width=\"640\" height=\"430\" src=\"https:\/\/www.telaled.com\/wp-content\/uploads\/2025\/08\/Proporcao-de-aspecto-ultra-amplo.webp\" class=\"attachment-large size-large\" alt=\"Ultra\u0161iroko\u00fahl\u00fd pom\u011br stran\" srcset=\"https:\/\/www.telaled.com\/wp-content\/uploads\/2025\/08\/Proporcao-de-aspecto-ultra-amplo.webp 640w, https:\/\/www.telaled.com\/wp-content\/uploads\/2025\/08\/Proporcao-de-aspecto-ultra-amplo-300x202.webp 300w, https:\/\/www.telaled.com\/wp-content\/uploads\/2025\/08\/Proporcao-de-aspecto-ultra-amplo-18x12.webp 18w, https:\/\/www.telaled.com\/wp-content\/uploads\/2025\/08\/Proporcao-de-aspecto-ultra-amplo-600x403.webp 600w\" sizes=\"auto, (max-width: 640px) 100vw, 640px\" \/>\t\t\t\t\t\t\n\t\t\t\t\t<\/div>\n\t\t\t\t\t\t\t\t\n<style>\n#image_1768228105 {\n  width: 95%;\n}\n<\/style>\n\t<\/div>\n\t\n<ul>\n<li>Du\u00e1ln\u00ed nap\u00e1jen\u00ed a z\u00e1lohov\u00e1n\u00ed dat udr\u017euj\u00ed stabiln\u00ed a spolehliv\u00fd v\u00fdkon, co\u017e je ide\u00e1ln\u00ed pro \u0159\u00eddic\u00ed m\u00edstnosti a dal\u0161\u00ed prost\u0159ed\u00ed s vysokou z\u00e1t\u011b\u017e\u00ed, kde prostoje nejsou mo\u017en\u00e9.<\/li>\n<\/ul>\n\t<div class=\"img has-hover x md-x lg-x y md-y lg-y\" id=\"image_715672620\">\n\t\t\t\t\t\t\t\t<div class=\"img-inner dark\" >\n\t\t\t<img loading=\"lazy\" decoding=\"async\" width=\"1020\" height=\"434\" src=\"https:\/\/www.telaled.com\/wp-content\/uploads\/2025\/08\/Backup-duplo-e-redundancia-1024x436.jpg\" class=\"attachment-large size-large\" alt=\"Dvojit\u00e9 z\u00e1lohov\u00e1n\u00ed a redundance\" srcset=\"https:\/\/www.telaled.com\/wp-content\/uploads\/2025\/08\/Backup-duplo-e-redundancia-1024x436.jpg 1024w, https:\/\/www.telaled.com\/wp-content\/uploads\/2025\/08\/Backup-duplo-e-redundancia-300x128.jpg 300w, https:\/\/www.telaled.com\/wp-content\/uploads\/2025\/08\/Backup-duplo-e-redundancia-768x327.jpg 768w, https:\/\/www.telaled.com\/wp-content\/uploads\/2025\/08\/Backup-duplo-e-redundancia-18x8.jpg 18w, https:\/\/www.telaled.com\/wp-content\/uploads\/2025\/08\/Backup-duplo-e-redundancia-600x256.jpg 600w, https:\/\/www.telaled.com\/wp-content\/uploads\/2025\/08\/Backup-duplo-e-redundancia.jpg 1099w\" sizes=\"auto, (max-width: 1020px) 100vw, 1020px\" \/>\t\t\t\t\t\t\n\t\t\t\t\t<\/div>\n\t\t\t\t\t\t\t\t\n<style>\n#image_715672620 {\n  width: 95%;\n}\n<\/style>\n\t<\/div>\n\t\n\t\t<\/div>\n\t\t\t\t\t<\/div>\n\n\t\n\n\t<div id=\"col-437073387\" class=\"col medium-10 small-12 large-10\"  >\n\t\t\t\t<div class=\"col-inner text-left\"  >\n\t\t\t\n\t\t\t\n<ul>\n<li>LED displeje jsou baleny podle typu a pou\u017eit\u00ed. Kompletn\u00ed zobrazovac\u00ed jednotky jsou pro maxim\u00e1ln\u00ed stabilitu baleny v d\u0159ev\u011bn\u00fdch bedn\u00e1ch, zat\u00edmco LED moduly jsou dod\u00e1v\u00e1ny v kartonov\u00fdch krabic\u00edch. Displeje Renmtal jsou obvykle baleny v leteck\u00fdch p\u0159epravn\u00edch krabic\u00edch nebo v jednoduch\u00fdch krabic\u00edch vyztu\u017een\u00fdch d\u0159ev\u011bn\u00fdmi r\u00e1my pro extra ochranu.<\/li>\n<\/ul>\n\t<div class=\"img has-hover x md-x lg-x y md-y lg-y\" id=\"image_473595752\">\n\t\t\t\t\t\t\t\t<div class=\"img-inner dark\" >\n\t\t\t<img loading=\"lazy\" decoding=\"async\" width=\"760\" height=\"1024\" src=\"https:\/\/www.telaled.com\/wp-content\/uploads\/2025\/06\/Embalagem-760x1024.webp\" class=\"attachment-large size-large\" alt=\"Obal\" srcset=\"https:\/\/www.telaled.com\/wp-content\/uploads\/2025\/06\/Embalagem-760x1024.webp 760w, https:\/\/www.telaled.com\/wp-content\/uploads\/2025\/06\/Embalagem-223x300.webp 223w, https:\/\/www.telaled.com\/wp-content\/uploads\/2025\/06\/Embalagem-768x1035.webp 768w, https:\/\/www.telaled.com\/wp-content\/uploads\/2025\/06\/Embalagem-9x12.webp 9w, https:\/\/www.telaled.com\/wp-content\/uploads\/2025\/06\/Embalagem-600x808.webp 600w, https:\/\/www.telaled.com\/wp-content\/uploads\/2025\/06\/Embalagem.webp 795w\" sizes=\"auto, (max-width: 760px) 100vw, 760px\" \/>\t\t\t\t\t\t\n\t\t\t\t\t<\/div>\n\t\t\t\t\t\t\t\t\n<style>\n#image_473595752 {\n  width: 95%;\n}\n<\/style>\n\t<\/div>\n\t\n\t\t<\/div>\n\t\t\t\t\t<\/div>\n\n\t\n<\/div>\n\t\t<\/div>\n\t\t\t\t\t<\/div>\n\n\t\n\n\t<div id=\"col-795822508\" class=\"col small-12 large-12\"  >\n\t\t\t\t<div class=\"col-inner\"  >\n\t\t\t\n\t\t\t\n<div class=\"row\"  id=\"row-1880605336\">\n\n\t<div id=\"col-309031470\" class=\"col medium-10 small-12 large-10\"  >\n\t\t\t\t<div class=\"col-inner\"  >\n\t\t\t\n\t\t\t\n\n<table id=\"tablepress-56\" class=\"tablepress tablepress-id-56\">\n<thead>\n<tr class=\"row-1\">\n\t<th class=\"column-1\">Model<\/th><th class=\"column-2\">THO 1.25<\/th><th class=\"column-3\">THO 1,56<\/th>\n<\/tr>\n<\/thead>\n<tbody class=\"row-striping row-hover\">\n<tr class=\"row-2\">\n\t<td class=\"column-1\">Vzd\u00e1lenost mezi pixely (mm)<\/td><td class=\"column-2\">1.25<\/td><td class=\"column-3\">1.56<\/td>\n<\/tr>\n<tr class=\"row-3\">\n\t<td class=\"column-1\">Rozli\u0161en\u00ed sk\u0159\u00edn\u011b (L\u00d7A)<\/td><td class=\"column-2\">640\u00d7270<\/td><td class=\"column-3\">512\u00d7216<\/td>\n<\/tr>\n<tr class=\"row-4\">\n\t<td class=\"column-1\">Velikost modulu (mm) (D\u00d7V)<\/td><td class=\"column-2\">200\u00d7337,5<\/td><td class=\"column-3\">200\u00d7337,5<\/td>\n<\/tr>\n<tr class=\"row-5\">\n\t<td class=\"column-1\">Rozm\u011bry sk\u0159\u00edn\u011b (mm) (\u0160\u00d7V\u00d7H)<\/td><td class=\"column-2\">800\u00d7337,5\u00d738<\/td><td class=\"column-3\">800\u00d7337,5\u00d738<\/td>\n<\/tr>\n<tr class=\"row-6\">\n\t<td class=\"column-1\">Jas (nity)<\/td><td class=\"column-2\">Standardn\u00ed jas \u22641500 Vysok\u00fd jas \u22643500<\/td><td class=\"column-3\">Standardn\u00ed jas \u22641500 Vysok\u00fd jas \u22643500<\/td>\n<\/tr>\n<tr class=\"row-7\">\n\t<td class=\"column-1\">Stupn\u011b \u0161edi (bit)<\/td><td class=\"column-2\">14~16<\/td><td class=\"column-3\">14~16<\/td>\n<\/tr>\n<tr class=\"row-8\">\n\t<td class=\"column-1\">Kalibrace pixel\u016f<\/td><td class=\"column-2\">Podpora kalibrace jasu a barev<\/td><td class=\"column-3\">Podpora kalibrace jasu a barev<\/td>\n<\/tr>\n<tr class=\"row-9\">\n\t<td class=\"column-1\">Teplota chromati\u010dnosti (K)<\/td><td class=\"column-2\">2000~12000 (nastaviteln\u00e9)<\/td><td class=\"column-3\">2000~12000 (nastaviteln\u00e9)<\/td>\n<\/tr>\n<tr class=\"row-10\">\n\t<td class=\"column-1\">\u0158\u00eddic\u00ed syst\u00e9m<\/td><td class=\"column-2\">Synchronn\u00ed \u0159\u00edzen\u00ed<\/td><td class=\"column-3\">Synchronn\u00ed \u0159\u00edzen\u00ed<\/td>\n<\/tr>\n<tr class=\"row-11\">\n\t<td class=\"column-1\">Re\u017eim j\u00edzdy<\/td><td class=\"column-2\">Pohon s konstantn\u00edm proudem (kompatibiln\u00ed)<\/td><td class=\"column-3\">Pohon s konstantn\u00edm proudem (kompatibiln\u00ed)<\/td>\n<\/tr>\n<tr class=\"row-12\">\n\t<td class=\"column-1\">Sn\u00edmkov\u00e1 frekvence (Hz)<\/td><td class=\"column-2\">50\/60<\/td><td class=\"column-3\">50\/60<\/td>\n<\/tr>\n<tr class=\"row-13\">\n\t<td class=\"column-1\">Obnovovac\u00ed frekvence (Hz)<\/td><td class=\"column-2\">\u22653840<\/td><td class=\"column-3\">\u22653840<\/td>\n<\/tr>\n<tr class=\"row-14\">\n\t<td class=\"column-1\">Provozn\u00ed nap\u011bt\u00ed (V)<\/td><td class=\"column-2\">AC 100~240V (50~60Hz)<\/td><td class=\"column-3\">AC 100~240V (50~60Hz)<\/td>\n<\/tr>\n<tr class=\"row-15\">\n\t<td class=\"column-1\">Maxim\u00e1ln\u00ed spot\u0159eba energie (W\/m\u00b2)<\/td><td class=\"column-2\">\u2264450<\/td><td class=\"column-3\">\u2264450<\/td>\n<\/tr>\n<tr class=\"row-16\">\n\t<td class=\"column-1\">Pr\u016fm\u011brn\u00e1 spot\u0159eba energie (W\/m\u00b2)<\/td><td class=\"column-2\">\u2264180<\/td><td class=\"column-3\">\u2264180<\/td>\n<\/tr>\n<tr class=\"row-17\">\n\t<td class=\"column-1\">Doba pou\u017eitelnosti (H)<\/td><td class=\"column-2\">\u2264100 000<\/td><td class=\"column-3\">\u2264100 000<\/td>\n<\/tr>\n<tr class=\"row-18\">\n\t<td class=\"column-1\">Provozn\u00ed teplota (\u00b0C \/ \u00b0F)<\/td><td class=\"column-2\">-10~+40 \/ +14~+104<\/td><td class=\"column-3\">-10~+40 \/ +14~+104<\/td>\n<\/tr>\n<tr class=\"row-19\">\n\t<td class=\"column-1\">Skladovac\u00ed teplota (\u00b0C \/ \u00b0F)<\/td><td class=\"column-2\">-20~+60 \/ -4~+140<\/td><td class=\"column-3\">-20~+60 \/ -4~+140<\/td>\n<\/tr>\n<tr class=\"row-20\">\n\t<td class=\"column-1\">Provozn\u00ed vlhkost<\/td><td class=\"column-2\">10%~80%<\/td><td class=\"column-3\">10%~80%<\/td>\n<\/tr>\n<tr class=\"row-21\">\n\t<td class=\"column-1\">Hmotnost sk\u0159\u00edn\u011b (kg\/lb)<\/td><td class=\"column-2\">6.8 \/ 15<\/td><td class=\"column-3\">6.8 \/ 15<\/td>\n<\/tr>\n<\/tbody>\n<\/table>\n\n\t\t<\/div>\n\t\t\t\t\t<\/div>\n\n\t\n<\/div>\n\t\t<\/div>\n\t\t\t\t\t<\/div>\n\n\t\n<\/div>","protected":false},"excerpt":{"rendered":"<p><strong>HD LED panel \u0159ady THO: LED displej typu \u201ev\u0161e v jednom\u201c, \u0161iroko\u00fahl\u00fd form\u00e1t, p\u0159esn\u00fd v\u00fdkon.<\/strong><\/p>\n<p>Nab\u00edz\u00ed ultra\u0161iroko\u00fahl\u00fd pom\u011br stran 21:9, co\u017e z n\u011bj \u010din\u00ed ide\u00e1ln\u00ed n\u00e1hradu pro sestavy se dv\u011bma monitory v \u0159\u00eddic\u00edch m\u00edstnostech, velitelsk\u00fdch centrech a prost\u0159ed\u00edch s vysok\u00fdmi n\u00e1roky. D\u00edky tenk\u00fdm pixel\u016fm poskytuje ostr\u00fd a detailn\u00ed obraz.<\/p>\n<p><strong>Hlavn\u00ed vlastnosti:<\/strong><\/p>\n<ul>\n<li><strong>Vizualizace ve vysok\u00e9m rozli\u0161en\u00ed:<\/strong> jemn\u00e9 pixely <a href=\"https:\/\/www.telaled.com\/cs\/fabrica\/modulo-painel-de-led-p1-25\/\">1,25 mm<\/a> e <a href=\"https:\/\/www.telaled.com\/cs\/fabrica\/modulo-painel-de-led-p1-56\/\">1,56 mm<\/a> Zaji\u0161\u0165uj\u00ed ostr\u00fd obraz a jasn\u00fd text pro aplikace s mnoha detaily.<\/li>\n<li><strong>Prostorov\u011b \u00fasporn\u00fd design:<\/strong> Kompletn\u00ed konstrukce zjednodu\u0161uje instalaci a eliminuje pot\u0159ebu v\u00edce monitor\u016f.<\/li>\n<li><strong>P\u0159esn\u00e9 stroj\u00edrenstv\u00ed:<\/strong> Kompaktn\u00ed rozm\u011bry modulu (200 x 337,5 mm) a \u00fazk\u00e1 hloubka sk\u0159\u00edn\u011b (38 mm) vytv\u00e1\u0159ej\u00ed elegantn\u00ed a profesion\u00e1ln\u00ed konfiguraci.<\/li>\n<\/ul>\n<p>Nab\u00edz\u00edme nep\u0159etr\u017eitou vzd\u00e1lenou podporu a 3letou z\u00e1ruku. Kontaktujte n\u00e1s je\u0161t\u011b dnes a z\u00edskejte individu\u00e1ln\u00ed cenovou nab\u00eddku.<\/p>","protected":false},"featured_media":2903,"template":"","meta":[],"product_brand":[],"product_cat":[40,46],"product_tag":[],"class_list":{"0":"post-2902","1":"product","2":"type-product","3":"status-publish","4":"has-post-thumbnail","6":"product_cat-painel-de-led","7":"product_cat-painel-de-video","9":"first","10":"instock","11":"shipping-taxable","12":"product-type-simple"},"yoast_head":"<!-- This site is optimized with the Yoast SEO plugin v27.4 - https:\/\/yoast.com\/product\/yoast-seo-wordpress\/ -->\n<title>Painel de LED HD S\u00e9rie THO | Tela de Alta Resolu\u00e7\u00e3o para Imagens N\u00edtidas |TELALED<\/title>\n<meta name=\"description\" content=\"Aprimore seus recursos visuais com o painel LED HD da s\u00e9rie THO. Projetado para uso interno, ele oferece alta resolu\u00e7\u00e3o, cores vibrantes e desempenho suave para eventos, salas de controle e displays publicit\u00e1rios.\" \/>\n<meta name=\"robots\" content=\"index, follow, max-snippet:-1, max-image-preview:large, max-video-preview:-1\" \/>\n<link rel=\"canonical\" href=\"https:\/\/www.telaled.com\/cs\/fabrica\/painel-de-led-hd-serie-tho\/\" \/>\n<meta property=\"og:locale\" content=\"cs_CZ\" \/>\n<meta property=\"og:type\" content=\"article\" \/>\n<meta property=\"og:title\" content=\"Painel de LED HD S\u00e9rie THO | Tela de Alta Resolu\u00e7\u00e3o para Imagens N\u00edtidas |TELALED\" \/>\n<meta property=\"og:description\" content=\"Aprimore seus recursos visuais com o painel LED HD da s\u00e9rie THO. Projetado para uso interno, ele oferece alta resolu\u00e7\u00e3o, cores vibrantes e desempenho suave para eventos, salas de controle e displays publicit\u00e1rios.\" \/>\n<meta property=\"og:url\" content=\"https:\/\/www.telaled.com\/cs\/fabrica\/painel-de-led-hd-serie-tho\/\" \/>\n<meta property=\"og:site_name\" content=\"TELALED\" \/>\n<meta property=\"article:modified_time\" content=\"2026-01-05T04:05:22+00:00\" \/>\n<meta property=\"og:image\" content=\"https:\/\/www.telaled.com\/wp-content\/uploads\/2025\/08\/Painel-de-LED-HD-Serie-THO.webp\" \/>\n\t<meta property=\"og:image:width\" content=\"500\" \/>\n\t<meta property=\"og:image:height\" content=\"500\" \/>\n\t<meta property=\"og:image:type\" content=\"image\/webp\" \/>\n<meta name=\"twitter:card\" content=\"summary_large_image\" \/>\n<meta name=\"twitter:label1\" content=\"Est. reading time\" \/>\n\t<meta name=\"twitter:data1\" content=\"3 minuty\" \/>\n<script type=\"application\/ld+json\" class=\"yoast-schema-graph\">{\"@context\":\"https:\\\/\\\/schema.org\",\"@graph\":[{\"@type\":\"WebPage\",\"@id\":\"https:\\\/\\\/www.telaled.com\\\/fabrica\\\/painel-de-led-hd-serie-tho\\\/\",\"url\":\"https:\\\/\\\/www.telaled.com\\\/fabrica\\\/painel-de-led-hd-serie-tho\\\/\",\"name\":\"Painel de LED HD S\u00e9rie THO | Tela de Alta Resolu\u00e7\u00e3o para Imagens N\u00edtidas |TELALED\",\"isPartOf\":{\"@id\":\"https:\\\/\\\/www.telaled.com\\\/#website\"},\"primaryImageOfPage\":{\"@id\":\"https:\\\/\\\/www.telaled.com\\\/fabrica\\\/painel-de-led-hd-serie-tho\\\/#primaryimage\"},\"image\":{\"@id\":\"https:\\\/\\\/www.telaled.com\\\/fabrica\\\/painel-de-led-hd-serie-tho\\\/#primaryimage\"},\"thumbnailUrl\":\"https:\\\/\\\/www.telaled.com\\\/wp-content\\\/uploads\\\/2025\\\/08\\\/Painel-de-LED-HD-Serie-THO.webp\",\"datePublished\":\"2025-08-08T01:45:40+00:00\",\"dateModified\":\"2026-01-05T04:05:22+00:00\",\"description\":\"Aprimore seus recursos visuais com o painel LED HD da s\u00e9rie THO. Projetado para uso interno, ele oferece alta resolu\u00e7\u00e3o, cores vibrantes e desempenho suave para eventos, salas de controle e displays publicit\u00e1rios.\",\"breadcrumb\":{\"@id\":\"https:\\\/\\\/www.telaled.com\\\/fabrica\\\/painel-de-led-hd-serie-tho\\\/#breadcrumb\"},\"inLanguage\":\"cs\",\"potentialAction\":[{\"@type\":\"ReadAction\",\"target\":[\"https:\\\/\\\/www.telaled.com\\\/fabrica\\\/painel-de-led-hd-serie-tho\\\/\"]}]},{\"@type\":\"ImageObject\",\"inLanguage\":\"cs\",\"@id\":\"https:\\\/\\\/www.telaled.com\\\/fabrica\\\/painel-de-led-hd-serie-tho\\\/#primaryimage\",\"url\":\"https:\\\/\\\/www.telaled.com\\\/wp-content\\\/uploads\\\/2025\\\/08\\\/Painel-de-LED-HD-Serie-THO.webp\",\"contentUrl\":\"https:\\\/\\\/www.telaled.com\\\/wp-content\\\/uploads\\\/2025\\\/08\\\/Painel-de-LED-HD-Serie-THO.webp\",\"width\":500,\"height\":500,\"caption\":\"Painel-de-LED-HD-S\u00e9rie-THO\"},{\"@type\":\"BreadcrumbList\",\"@id\":\"https:\\\/\\\/www.telaled.com\\\/fabrica\\\/painel-de-led-hd-serie-tho\\\/#breadcrumb\",\"itemListElement\":[{\"@type\":\"ListItem\",\"position\":1,\"name\":\"Home\",\"item\":\"https:\\\/\\\/www.telaled.com\\\/\"},{\"@type\":\"ListItem\",\"position\":2,\"name\":\"Produtos\",\"item\":\"https:\\\/\\\/www.telaled.com\\\/shop\\\/\"},{\"@type\":\"ListItem\",\"position\":3,\"name\":\"Painel de LED HD S\u00e9rie THO\"}]},{\"@type\":\"WebSite\",\"@id\":\"https:\\\/\\\/www.telaled.com\\\/#website\",\"url\":\"https:\\\/\\\/www.telaled.com\\\/\",\"name\":\"TELALED\",\"description\":\"\",\"potentialAction\":[{\"@type\":\"SearchAction\",\"target\":{\"@type\":\"EntryPoint\",\"urlTemplate\":\"https:\\\/\\\/www.telaled.com\\\/?s={search_term_string}\"},\"query-input\":{\"@type\":\"PropertyValueSpecification\",\"valueRequired\":true,\"valueName\":\"search_term_string\"}}],\"inLanguage\":\"cs\"}]}<\/script>\n<!-- \/ Yoast SEO plugin. -->","yoast_head_json":{"title":"HD LED panel \u0159ady THO | Obrazovka s vysok\u00fdm rozli\u0161en\u00edm pro ostr\u00fd obraz | LED obrazovka","description":"Vylep\u0161ete si vizu\u00e1ln\u00ed efekty s HD LED panelem \u0159ady THO. Je navr\u017een pro vnit\u0159n\u00ed pou\u017eit\u00ed a nab\u00edz\u00ed vysok\u00e9 rozli\u0161en\u00ed, z\u00e1\u0159iv\u00e9 barvy a plynul\u00fd v\u00fdkon pro akce, \u0159\u00eddic\u00ed m\u00edstnosti a reklamn\u00ed displeje.","robots":{"index":"index","follow":"follow","max-snippet":"max-snippet:-1","max-image-preview":"max-image-preview:large","max-video-preview":"max-video-preview:-1"},"canonical":"https:\/\/www.telaled.com\/cs\/fabrica\/painel-de-led-hd-serie-tho\/","og_locale":"cs_CZ","og_type":"article","og_title":"Painel de LED HD S\u00e9rie THO | Tela de Alta Resolu\u00e7\u00e3o para Imagens N\u00edtidas |TELALED","og_description":"Aprimore seus recursos visuais com o painel LED HD da s\u00e9rie THO. Projetado para uso interno, ele oferece alta resolu\u00e7\u00e3o, cores vibrantes e desempenho suave para eventos, salas de controle e displays publicit\u00e1rios.","og_url":"https:\/\/www.telaled.com\/cs\/fabrica\/painel-de-led-hd-serie-tho\/","og_site_name":"TELALED","article_modified_time":"2026-01-05T04:05:22+00:00","og_image":[{"width":500,"height":500,"url":"https:\/\/www.telaled.com\/wp-content\/uploads\/2025\/08\/Painel-de-LED-HD-Serie-THO.webp","type":"image\/webp"}],"twitter_card":"summary_large_image","twitter_misc":{"Est. reading time":"3 minuty"},"schema":{"@context":"https:\/\/schema.org","@graph":[{"@type":"WebPage","@id":"https:\/\/www.telaled.com\/fabrica\/painel-de-led-hd-serie-tho\/","url":"https:\/\/www.telaled.com\/fabrica\/painel-de-led-hd-serie-tho\/","name":"HD LED panel \u0159ady THO | Obrazovka s vysok\u00fdm rozli\u0161en\u00edm pro ostr\u00fd obraz | LED obrazovka","isPartOf":{"@id":"https:\/\/www.telaled.com\/#website"},"primaryImageOfPage":{"@id":"https:\/\/www.telaled.com\/fabrica\/painel-de-led-hd-serie-tho\/#primaryimage"},"image":{"@id":"https:\/\/www.telaled.com\/fabrica\/painel-de-led-hd-serie-tho\/#primaryimage"},"thumbnailUrl":"https:\/\/www.telaled.com\/wp-content\/uploads\/2025\/08\/Painel-de-LED-HD-Serie-THO.webp","datePublished":"2025-08-08T01:45:40+00:00","dateModified":"2026-01-05T04:05:22+00:00","description":"Vylep\u0161ete si vizu\u00e1ln\u00ed efekty s HD LED panelem \u0159ady THO. Je navr\u017een pro vnit\u0159n\u00ed pou\u017eit\u00ed a nab\u00edz\u00ed vysok\u00e9 rozli\u0161en\u00ed, z\u00e1\u0159iv\u00e9 barvy a plynul\u00fd v\u00fdkon pro akce, \u0159\u00eddic\u00ed m\u00edstnosti a reklamn\u00ed displeje.","breadcrumb":{"@id":"https:\/\/www.telaled.com\/fabrica\/painel-de-led-hd-serie-tho\/#breadcrumb"},"inLanguage":"cs","potentialAction":[{"@type":"ReadAction","target":["https:\/\/www.telaled.com\/fabrica\/painel-de-led-hd-serie-tho\/"]}]},{"@type":"ImageObject","inLanguage":"cs","@id":"https:\/\/www.telaled.com\/fabrica\/painel-de-led-hd-serie-tho\/#primaryimage","url":"https:\/\/www.telaled.com\/wp-content\/uploads\/2025\/08\/Painel-de-LED-HD-Serie-THO.webp","contentUrl":"https:\/\/www.telaled.com\/wp-content\/uploads\/2025\/08\/Painel-de-LED-HD-Serie-THO.webp","width":500,"height":500,"caption":"Painel-de-LED-HD-S\u00e9rie-THO"},{"@type":"BreadcrumbList","@id":"https:\/\/www.telaled.com\/fabrica\/painel-de-led-hd-serie-tho\/#breadcrumb","itemListElement":[{"@type":"ListItem","position":1,"name":"Home","item":"https:\/\/www.telaled.com\/"},{"@type":"ListItem","position":2,"name":"Produtos","item":"https:\/\/www.telaled.com\/shop\/"},{"@type":"ListItem","position":3,"name":"Painel de LED HD S\u00e9rie THO"}]},{"@type":"WebSite","@id":"https:\/\/www.telaled.com\/#website","url":"https:\/\/www.telaled.com\/","name":"LED obrazovka","description":"","potentialAction":[{"@type":"SearchAction","target":{"@type":"EntryPoint","urlTemplate":"https:\/\/www.telaled.com\/?s={search_term_string}"},"query-input":{"@type":"PropertyValueSpecification","valueRequired":true,"valueName":"search_term_string"}}],"inLanguage":"cs"}]}},"_links":{"self":[{"href":"https:\/\/www.telaled.com\/cs\/wp-json\/wp\/v2\/product\/2902","targetHints":{"allow":["GET"]}}],"collection":[{"href":"https:\/\/www.telaled.com\/cs\/wp-json\/wp\/v2\/product"}],"about":[{"href":"https:\/\/www.telaled.com\/cs\/wp-json\/wp\/v2\/types\/product"}],"wp:featuredmedia":[{"embeddable":true,"href":"https:\/\/www.telaled.com\/cs\/wp-json\/wp\/v2\/media\/2903"}],"wp:attachment":[{"href":"https:\/\/www.telaled.com\/cs\/wp-json\/wp\/v2\/media?parent=2902"}],"wp:term":[{"taxonomy":"product_brand","embeddable":true,"href":"https:\/\/www.telaled.com\/cs\/wp-json\/wp\/v2\/product_brand?post=2902"},{"taxonomy":"product_cat","embeddable":true,"href":"https:\/\/www.telaled.com\/cs\/wp-json\/wp\/v2\/product_cat?post=2902"},{"taxonomy":"product_tag","embeddable":true,"href":"https:\/\/www.telaled.com\/cs\/wp-json\/wp\/v2\/product_tag?post=2902"}],"curies":[{"name":"wp","href":"https:\/\/api.w.org\/{rel}","templated":true}]}}