{"id":2843,"date":"2025-08-04T01:34:42","date_gmt":"2025-08-04T01:34:42","guid":{"rendered":"https:\/\/www.telaled.com\/?post_type=product&#038;p=2843"},"modified":"2026-01-05T02:48:37","modified_gmt":"2026-01-05T02:48:37","slug":"painel-de-led-para-manutencao-frontal-serie-tib","status":"publish","type":"product","link":"https:\/\/www.telaled.com\/cs\/fabrica\/painel-de-led-para-manutencao-frontal-serie-tib\/","title":{"rendered":"P\u0159edn\u00ed \u00fadr\u017ebov\u00fd LED panel \u0159ady TIB"},"content":{"rendered":"<div class=\"row\"  id=\"row-343362355\">\n\n\t<div id=\"col-824867132\" class=\"col small-12 large-12\"  >\n\t\t\t\t<div class=\"col-inner\"  >\n\t\t\t\n\t\t\t\n<h2>Exkluzivn\u00ed v\u00fdhody p\u0159edn\u00edho LED panelu pro \u00fadr\u017ebu \u0159ady TIB<\/h2>\n<h3><strong>Vynikaj\u00edc\u00ed odolnost<\/strong><\/h3>\n<ul>\n<li>CNC obr\u00e1b\u011bn\u00e1 vo\u0161tinov\u00e1 struktura v krytu o rozm\u011brech 640x480x48 nab\u00edz\u00ed vysokou pevnost, p\u0159esn\u00e9 zarovn\u00e1n\u00ed a tepelnou \u00fa\u010dinnost, kter\u00e1 zabra\u0148uje deformaci a tepeln\u00e9mu po\u0161kozen\u00ed.<\/li>\n<li>Bezdr\u00e1tov\u00e9 a p\u0159\u00edmo montovan\u00e9 moduly sni\u017euj\u00ed opot\u0159eben\u00ed, udr\u017euj\u00ed stabiln\u00ed p\u0159ipojen\u00ed a spolupracuj\u00ed s redundantn\u00edmi nap\u00e1jec\u00edmi a sign\u00e1ln\u00edmi syst\u00e9my pro nep\u0159eru\u0161ovan\u00fd provoz.<\/li>\n<\/ul>\n<h3><strong>V\u00fdjime\u010dn\u00e1 vizu\u00e1ln\u00ed kvalita<\/strong><\/h3>\n<ul>\n<li>Vysok\u00e1 obnovovac\u00ed frekvence a\u017e 3840 Hz<\/li>\n<li>\u0160irok\u00fd pozorovac\u00ed \u00fahel 160\u00b0 vertik\u00e1ln\u011b\/horizont\u00e1ln\u011b<\/li>\n<\/ul>\n<h3><strong>Kompletn\u00ed p\u0159izp\u016fsobivost<\/strong><\/h3>\n<ul>\n<li>V\u0161estrann\u00e9 pou\u017eit\u00ed: Vhodn\u00e9 pro \u0159\u00eddic\u00ed m\u00edstnosti, <a href=\"https:\/\/www.telaled.com\/cs\/fabrica\/painel-de-led-para-sala-de-conferencia-serie-tid\/\">konferen\u010dn\u00ed m\u00edstnosti<\/a>, maloobchodn\u00ed prost\u0159ed\u00ed a <a href=\"https:\/\/www.telaled.com\/cs\/painel-de-led-para-palco\/\">etapy ud\u00e1losti<\/a>.<\/li>\n<li>Kompaktn\u00ed design sk\u0159\u00edn\u011b: Rozm\u011bry 640x480x48 mm umo\u017e\u0148uj\u00ed bezprobl\u00e9movou integraci do mal\u00fdch i velk\u00fdch konfigurac\u00ed displej\u016f.<\/li>\n<\/ul>\n<h3><strong>Komplexn\u00ed podpora<\/strong><\/h3>\n<ul>\n<li>Nonstop vzd\u00e1len\u00e1 technick\u00e1 podpora \u2013 K dispozici, kdykoli pot\u0159ebujete pomoc.<\/li>\n<li>N\u00e1hradn\u00ed d\u00edly 5% jsou sou\u010d\u00e1st\u00ed dod\u00e1vky \u2013 U\u017eijte si v\u011bt\u0161\u00ed klid.<\/li>\n<li>3let\u00e1 prodlou\u017een\u00e1 z\u00e1ruka \u2013 Vyu\u017eijte dlouhodobou spolehlivost a komplexn\u00ed podporu.<\/li>\n<\/ul>\n<h2>Detaily produktu<\/h2>\n<div class=\"row\"  id=\"row-966316755\">\n\n\t<div id=\"col-1886235098\" class=\"col medium-10 small-12 large-10\"  >\n\t\t\t\t<div class=\"col-inner text-left\"  >\n\t\t\t\n\t\t\t\n<ul>\n<li>Sk\u0159\u00ed\u0148ka byla navr\u017eena s intuitivn\u00ed strukturou, kter\u00e1 zjednodu\u0161uje instalaci a mont\u00e1\u017e. Obsahuje zarovn\u00e1vac\u00ed li\u0161tu pro p\u0159esn\u00e9 um\u00edst\u011bn\u00ed, rychloup\u00ednac\u00ed z\u00e1padky naho\u0159e a dole a rychloup\u00ednac\u00ed z\u00e1padky na obou stran\u00e1ch pro bezpe\u010dn\u00e9 a stabiln\u00ed uchycen\u00ed.<\/li>\n<\/ul>\n\t<div class=\"img has-hover x md-x lg-x y md-y lg-y\" id=\"image_1491054008\">\n\t\t\t\t\t\t\t\t<div class=\"img-inner dark\" >\n\t\t\t<img loading=\"lazy\" decoding=\"async\" width=\"1280\" height=\"720\" src=\"https:\/\/www.telaled.com\/wp-content\/uploads\/2025\/08\/Design-de-gabinete-perfeito.jpg\" class=\"attachment-original size-original\" alt=\"perfektn\u00ed-design-sk\u0159\u00edn\u011bk\" srcset=\"https:\/\/www.telaled.com\/wp-content\/uploads\/2025\/08\/Design-de-gabinete-perfeito.jpg 1280w, https:\/\/www.telaled.com\/wp-content\/uploads\/2025\/08\/Design-de-gabinete-perfeito-300x169.jpg 300w, https:\/\/www.telaled.com\/wp-content\/uploads\/2025\/08\/Design-de-gabinete-perfeito-1024x576.jpg 1024w, https:\/\/www.telaled.com\/wp-content\/uploads\/2025\/08\/Design-de-gabinete-perfeito-768x432.jpg 768w, https:\/\/www.telaled.com\/wp-content\/uploads\/2025\/08\/Design-de-gabinete-perfeito-18x10.jpg 18w, https:\/\/www.telaled.com\/wp-content\/uploads\/2025\/08\/Design-de-gabinete-perfeito-600x338.jpg 600w\" sizes=\"auto, (max-width: 1280px) 100vw, 1280px\" \/>\t\t\t\t\t\t\n\t\t\t\t\t<\/div>\n\t\t\t\t\t\t\t\t\n<style>\n#image_1491054008 {\n  width: 95%;\n}\n<\/style>\n\t<\/div>\n\t\n\t\t<\/div>\n\t\t\t\t\t<\/div>\n\n\t\n\n\t<div id=\"col-433688165\" class=\"col medium-10 small-12 large-10\"  >\n\t\t\t\t<div class=\"col-inner text-left\"  >\n\t\t\t\n\t\t\t\n<ul>\n<li>Pou\u017e\u00edv\u00e1me LED technologii. <a href=\"https:\/\/www.telaled.com\/cs\/led-smd\/\">SMD<\/a> 3 v 1 pro konzistentn\u00ed jas a p\u0159esnou reprodukci barev. Obrazovka podporuje obraz v rozli\u0161en\u00ed 2K, 4K a 8K s ostr\u00fdm rozli\u0161en\u00edm, jednotn\u00fdmi barvami a bohatou kvalitou obrazu pro v\u00fdjime\u010dn\u00fd z\u00e1\u017eitek ze sledov\u00e1n\u00ed.<\/li>\n<\/ul>\n\t<div class=\"img has-hover x md-x lg-x y md-y lg-y\" id=\"image_817871274\">\n\t\t\t\t\t\t\t\t<div class=\"img-inner dark\" >\n\t\t\t<img loading=\"lazy\" decoding=\"async\" width=\"1020\" height=\"574\" src=\"https:\/\/www.telaled.com\/wp-content\/uploads\/2025\/08\/Efeito-de-exibicao-soberbo-1024x576.webp\" class=\"attachment-large size-large\" alt=\"\" srcset=\"https:\/\/www.telaled.com\/wp-content\/uploads\/2025\/08\/Efeito-de-exibicao-soberbo-1024x576.webp 1024w, https:\/\/www.telaled.com\/wp-content\/uploads\/2025\/08\/Efeito-de-exibicao-soberbo-300x169.webp 300w, https:\/\/www.telaled.com\/wp-content\/uploads\/2025\/08\/Efeito-de-exibicao-soberbo-768x432.webp 768w, https:\/\/www.telaled.com\/wp-content\/uploads\/2025\/08\/Efeito-de-exibicao-soberbo-18x10.webp 18w, https:\/\/www.telaled.com\/wp-content\/uploads\/2025\/08\/Efeito-de-exibicao-soberbo-600x338.webp 600w, https:\/\/www.telaled.com\/wp-content\/uploads\/2025\/08\/Efeito-de-exibicao-soberbo.webp 1536w\" sizes=\"auto, (max-width: 1020px) 100vw, 1020px\" \/>\t\t\t\t\t\t\n\t\t\t\t\t<\/div>\n\t\t\t\t\t\t\t\t\n<style>\n#image_817871274 {\n  width: 95%;\n}\n<\/style>\n\t<\/div>\n\t\n<ul>\n<li>S pom\u011brem stran 4:3 a rozm\u011bry sk\u0159\u00edn\u011b 640 \u00d7 480 mm lze tento intern\u00ed p\u0159edn\u00ed servisn\u00ed LED displej bez probl\u00e9m\u016f konfigurovat na prom\u00edtac\u00ed plochu 16:9 pro v\u011bt\u0161\u00ed form\u00e1ty zobrazen\u00ed.<\/li>\n<\/ul>\n\t<div class=\"img has-hover x md-x lg-x y md-y lg-y\" id=\"image_31799538\">\n\t\t\t\t\t\t\t\t<div class=\"img-inner dark\" >\n\t\t\t<img loading=\"lazy\" decoding=\"async\" width=\"1020\" height=\"370\" src=\"https:\/\/www.telaled.com\/wp-content\/uploads\/2025\/08\/Design-de-tamanho-1024x371.webp\" class=\"attachment-large size-large\" alt=\"Velikostn\u00ed proveden\u00ed\" srcset=\"https:\/\/www.telaled.com\/wp-content\/uploads\/2025\/08\/Design-de-tamanho-1024x371.webp 1024w, https:\/\/www.telaled.com\/wp-content\/uploads\/2025\/08\/Design-de-tamanho-300x109.webp 300w, https:\/\/www.telaled.com\/wp-content\/uploads\/2025\/08\/Design-de-tamanho-768x278.webp 768w, https:\/\/www.telaled.com\/wp-content\/uploads\/2025\/08\/Design-de-tamanho-18x7.webp 18w, https:\/\/www.telaled.com\/wp-content\/uploads\/2025\/08\/Design-de-tamanho-600x218.webp 600w, https:\/\/www.telaled.com\/wp-content\/uploads\/2025\/08\/Design-de-tamanho.webp 1332w\" sizes=\"auto, (max-width: 1020px) 100vw, 1020px\" \/>\t\t\t\t\t\t\n\t\t\t\t\t<\/div>\n\t\t\t\t\t\t\t\t\n<style>\n#image_31799538 {\n  width: 95%;\n}\n<\/style>\n\t<\/div>\n\t\n<ul>\n<li>Bezprobl\u00e9mov\u00e9 p\u0159ipojen\u00ed s na\u0161\u00ed technologi\u00ed bezkabelov\u00e9ho spojov\u00e1n\u00ed.<\/li>\n<\/ul>\n\t\t<\/div>\n\t\t\t\t\t<\/div>\n\n\t\n\n\t<div id=\"col-783212025\" class=\"col medium-10 small-12 large-10\"  >\n\t\t\t\t<div class=\"col-inner text-left\"  >\n\t\t\t\n\t\t\t\n\t<div class=\"img has-hover x md-x lg-x y md-y lg-y\" id=\"image_1257370640\">\n\t\t\t\t\t\t\t\t<div class=\"img-inner dark\" >\n\t\t\t<img loading=\"lazy\" decoding=\"async\" width=\"815\" height=\"496\" src=\"https:\/\/www.telaled.com\/wp-content\/uploads\/2025\/08\/conectividade-perfeita-com-nossa-tecnologia-de-emenda-sem-cabos.webp\" class=\"attachment-large size-large\" alt=\"\" srcset=\"https:\/\/www.telaled.com\/wp-content\/uploads\/2025\/08\/conectividade-perfeita-com-nossa-tecnologia-de-emenda-sem-cabos.webp 815w, https:\/\/www.telaled.com\/wp-content\/uploads\/2025\/08\/conectividade-perfeita-com-nossa-tecnologia-de-emenda-sem-cabos-300x183.webp 300w, https:\/\/www.telaled.com\/wp-content\/uploads\/2025\/08\/conectividade-perfeita-com-nossa-tecnologia-de-emenda-sem-cabos-768x467.webp 768w, https:\/\/www.telaled.com\/wp-content\/uploads\/2025\/08\/conectividade-perfeita-com-nossa-tecnologia-de-emenda-sem-cabos-18x12.webp 18w, https:\/\/www.telaled.com\/wp-content\/uploads\/2025\/08\/conectividade-perfeita-com-nossa-tecnologia-de-emenda-sem-cabos-600x365.webp 600w\" sizes=\"auto, (max-width: 815px) 100vw, 815px\" \/>\t\t\t\t\t\t\n\t\t\t\t\t<\/div>\n\t\t\t\t\t\t\t\t\n<style>\n#image_1257370640 {\n  width: 100%;\n}\n<\/style>\n\t<\/div>\n\t\n<ul>\n<li>Na\u0161e LED displeje bal\u00edme podle jejich typu a pou\u017eit\u00ed, abychom zajistili bezpe\u010dn\u00e9 doru\u010den\u00ed. V z\u00e1vislosti na po\u017eadavc\u00edch jsou n\u011bkter\u00e9 jednotky dod\u00e1v\u00e1ny v d\u0159ev\u011bn\u00fdch bedn\u00e1ch pro v\u011bt\u0161\u00ed ochranu, jin\u00e9 v pevn\u00fdch kartonov\u00fdch krabic\u00edch a n\u011bkter\u00e9 moduly ve vzduchot\u011bsn\u00fdch krabic\u00edch. V p\u0159\u00edpad\u011b pot\u0159eby se pou\u017e\u00edvaj\u00ed dal\u0161\u00ed bezpe\u010dnostn\u00ed opat\u0159en\u00ed, jako je pou\u017eit\u00ed prost\u00fdch krabic.<\/li>\n<\/ul>\n\t<div class=\"img has-hover x md-x lg-x y md-y lg-y\" id=\"image_1817561932\">\n\t\t\t\t\t\t\t\t<div class=\"img-inner dark\" >\n\t\t\t<img loading=\"lazy\" decoding=\"async\" width=\"760\" height=\"1024\" src=\"https:\/\/www.telaled.com\/wp-content\/uploads\/2025\/06\/Embalagem-760x1024.webp\" class=\"attachment-large size-large\" alt=\"Obal\" srcset=\"https:\/\/www.telaled.com\/wp-content\/uploads\/2025\/06\/Embalagem-760x1024.webp 760w, https:\/\/www.telaled.com\/wp-content\/uploads\/2025\/06\/Embalagem-223x300.webp 223w, https:\/\/www.telaled.com\/wp-content\/uploads\/2025\/06\/Embalagem-768x1035.webp 768w, https:\/\/www.telaled.com\/wp-content\/uploads\/2025\/06\/Embalagem-9x12.webp 9w, https:\/\/www.telaled.com\/wp-content\/uploads\/2025\/06\/Embalagem-600x808.webp 600w, https:\/\/www.telaled.com\/wp-content\/uploads\/2025\/06\/Embalagem.webp 795w\" sizes=\"auto, (max-width: 760px) 100vw, 760px\" \/>\t\t\t\t\t\t\n\t\t\t\t\t<\/div>\n\t\t\t\t\t\t\t\t\n<style>\n#image_1817561932 {\n  width: 95%;\n}\n<\/style>\n\t<\/div>\n\t\n\t\t<\/div>\n\t\t\t\t\t<\/div>\n\n\t\n<\/div>\n\t\t<\/div>\n\t\t\t\t\t<\/div>\n\n\t\n\n\t<div id=\"col-427575980\" class=\"col small-12 large-12\"  >\n\t\t\t\t<div class=\"col-inner\"  >\n\t\t\t\n\t\t\t\n<div class=\"row\"  id=\"row-1097836335\">\n\n\t<div id=\"col-742400446\" class=\"col medium-10 small-12 large-10\"  >\n\t\t\t\t<div class=\"col-inner\"  >\n\t\t\t\n\t\t\t\n\n<table id=\"tablepress-52\" class=\"tablepress tablepress-id-52\">\n<thead>\n<tr class=\"row-1\">\n\t<th class=\"column-1\">Specifikace:<\/th><th class=\"column-2\">TCH-P4-S118<\/th>\n<\/tr>\n<\/thead>\n<tbody class=\"row-striping row-hover\">\n<tr class=\"row-2\">\n\t<td class=\"column-1\">Slo\u017een\u00ed pixelov\u00fdch bod\u016f:<\/td><td class=\"column-2\">2121 (3 v 1)<\/td>\n<\/tr>\n<tr class=\"row-3\">\n\t<td class=\"column-1\">Rozli\u0161en\u00ed pixel\u016f:<\/td><td class=\"column-2\">550*370<\/td>\n<\/tr>\n<tr class=\"row-4\">\n\t<td class=\"column-1\">Velikost obrazovky (mm):<\/td><td class=\"column-2\">2200*1480<\/td>\n<\/tr>\n<tr class=\"row-5\">\n\t<td class=\"column-1\">Hustota zobrazen\u00ed:<\/td><td class=\"column-2\">62500 bod\u016f\/\u33a1<\/td>\n<\/tr>\n<tr class=\"row-6\">\n\t<td class=\"column-1\">Ide\u00e1ln\u00ed pozorovac\u00ed vzd\u00e1lenost (m):<\/td><td class=\"column-2\">4\u2013100 m<\/td>\n<\/tr>\n<tr class=\"row-7\">\n\t<td class=\"column-1\">\u0160pi\u010dkov\u00e1 spot\u0159eba energie:<\/td><td class=\"column-2\">800 W\/\u33a1<\/td>\n<\/tr>\n<tr class=\"row-8\">\n\t<td class=\"column-1\">Metoda skenov\u00e1n\u00ed:<\/td><td class=\"column-2\">16 sken\u016f<\/td>\n<\/tr>\n<tr class=\"row-9\">\n\t<td class=\"column-1\">Jas: (CD\/\u33a1)<\/td><td class=\"column-2\">1600<\/td>\n<\/tr>\n<tr class=\"row-10\">\n\t<td class=\"column-1\">Perspektivn\u00ed:<\/td><td class=\"column-2\">H 360\u00b0 V 360\u00b0<\/td>\n<\/tr>\n<tr class=\"row-11\">\n\t<td class=\"column-1\">Provozn\u00ed nap\u011bt\u00ed:<\/td><td class=\"column-2\">AC 220V\/100V\u00b115% 47~64HZ<\/td>\n<\/tr>\n<tr class=\"row-12\">\n\t<td class=\"column-1\">Nap\u00e1jec\u00ed nap\u011bt\u00ed:<\/td><td class=\"column-2\">5V<\/td>\n<\/tr>\n<tr class=\"row-13\">\n\t<td class=\"column-1\">Provozn\u00ed teplota okol\u00ed syst\u00e9mu:<\/td><td class=\"column-2\">-20~60\u00b0C<\/td>\n<\/tr>\n<tr class=\"row-14\">\n\t<td class=\"column-1\">Syst\u00e9m pracuje v m\u00edrn\u00e9m prost\u0159ed\u00ed:<\/td><td class=\"column-2\">10%~90% UR<\/td>\n<\/tr>\n<tr class=\"row-15\">\n\t<td class=\"column-1\">Barva obrazovky:<\/td><td class=\"column-2\">16,7 milionu<\/td>\n<\/tr>\n<tr class=\"row-16\">\n\t<td class=\"column-1\">\u00darove\u0148 \u0161ed\u00e9:<\/td><td class=\"column-2\">16384<\/td>\n<\/tr>\n<tr class=\"row-17\">\n\t<td class=\"column-1\">Zp\u016fsob komunikace:<\/td><td class=\"column-2\">Synchronizace<\/td>\n<\/tr>\n<\/tbody>\n<\/table>\n<!-- #tablepress-52 from cache -->\n\t\t<\/div>\n\t\t\t\t\t<\/div>\n\n\t\n<\/div>\n\t\t<\/div>\n\t\t\t\t\t<\/div>\n\n\t\n<\/div>","protected":false},"excerpt":{"rendered":"<p><strong>LED panel pro \u00fadr\u017ebu na p\u0159edn\u00ed stran\u011b \u0159ady TIB \u2013 vysok\u00e1 frekvence aktualizac\u00ed s\u00a0jednodu\u0161\u0161\u00ed \u00fadr\u017ebou na p\u0159edn\u00ed stran\u011b<\/strong><\/p>\n<p>O <strong>P\u0159edn\u00ed \u00fadr\u017ebov\u00fd LED panel \u0159ady TIB<\/strong> Nab\u00edz\u00ed rychlou \u00fadr\u017ebu p\u0159edn\u00ed \u010d\u00e1sti, ide\u00e1ln\u00ed pro st\u00edsn\u011bn\u00e9 instala\u010dn\u00ed prostory. S pixelov\u00fdmi vzd\u00e1lenostmi <a href=\"https:\/\/www.telaled.com\/cs\/fabrica\/modulo-painel-de-led-p1-25\/\">1,25 mm<\/a> a <a href=\"https:\/\/www.telaled.com\/cs\/fabrica\/modulo-painel-de-led-p2-5\/\">2,5 mm<\/a>, Jeho CNC obr\u00e1b\u011bn\u00e1 konstrukce zaji\u0161\u0165uje ostr\u00fd vizu\u00e1ln\u00ed efekt, snadnou \u00fadr\u017ebu a dlouhodobou spolehlivost.<\/p>\n<p><strong>Hlavn\u00ed vlastnosti:<\/strong><\/p>\n<ul>\n<li><strong>P\u0159edn\u00ed p\u0159\u00edstup pro \u00fadr\u017ebu:<\/strong> Moduly lze zep\u0159edu vyjmout za m\u00e9n\u011b ne\u017e dv\u011b minuty pomoc\u00ed jednoduch\u00e9ho magnetick\u00e9ho n\u00e1stroje.<\/li>\n<li><strong>P\u0159ipojen\u00ed bezdr\u00e1tov\u00e9ho modulu:<\/strong> D\u00edky p\u0159\u00edm\u00e9mu zapojen\u00ed odpad\u00e1 pot\u0159eba ploch\u00fdch kabel\u016f.<\/li>\n<li><strong>Redundantn\u00ed nap\u00e1jen\u00ed a sign\u00e1l:<\/strong> Du\u00e1ln\u00ed z\u00e1lo\u017en\u00ed syst\u00e9my udr\u017euj\u00ed <a href=\"https:\/\/www.telaled.com\/cs\/monitor-video-wall\/\">monitor<\/a> fungov\u00e1n\u00ed b\u011bhem neo\u010dek\u00e1van\u00fdch v\u00fdpadk\u016f nap\u00e1jen\u00ed nebo sign\u00e1lu.<\/li>\n<\/ul>\n<p>Pro ostrost detailn\u00edch z\u00e1b\u011br\u016f v kontroln\u00edch m\u00edstnostech zvolte 1,25 mm, pro <a href=\"https:\/\/www.telaled.com\/cs\/fabrica\/modulo-painel-de-led-p1-8605\/\">1,86 mm<\/a> pro konference a maloobchod, nebo 2,5 mm pro v\u011bt\u0161\u00ed vnit\u0159n\u00ed obrazovky s v\u011bt\u0161\u00ed pozorovac\u00ed vzd\u00e1lenost\u00ed.<\/p>","protected":false},"featured_media":2844,"template":"","meta":[],"product_brand":[],"product_cat":[40,46],"product_tag":[],"class_list":{"0":"post-2843","1":"product","2":"type-product","3":"status-publish","4":"has-post-thumbnail","6":"product_cat-painel-de-led","7":"product_cat-painel-de-video","9":"first","10":"instock","11":"shipping-taxable","12":"product-type-simple"},"yoast_head":"<!-- This site is optimized with the Yoast SEO plugin v27.4 - https:\/\/yoast.com\/product\/yoast-seo-wordpress\/ -->\n<title>Painel de LED para Manuten\u00e7\u00e3o Frontal S\u00e9rie TIB | Reparos R\u00e1pidos e Simples | TELALED<\/title>\n<meta name=\"description\" content=\"Economize tempo com Painel de LED para Manuten\u00e7\u00e3o Frontal S\u00e9rie TIB. N\u00e3o \u00e9 necess\u00e1rio espa\u00e7o na parte traseira. Solicite um or\u00e7amento hoje mesmo e agilize a configura\u00e7\u00e3o do seu display.\" \/>\n<meta name=\"robots\" content=\"index, follow, max-snippet:-1, max-image-preview:large, max-video-preview:-1\" \/>\n<link rel=\"canonical\" href=\"https:\/\/www.telaled.com\/cs\/fabrica\/painel-de-led-para-manutencao-frontal-serie-tib\/\" \/>\n<meta property=\"og:locale\" content=\"cs_CZ\" \/>\n<meta property=\"og:type\" content=\"article\" \/>\n<meta property=\"og:title\" content=\"Painel de LED para Manuten\u00e7\u00e3o Frontal S\u00e9rie TIB | Reparos R\u00e1pidos e Simples | TELALED\" \/>\n<meta property=\"og:description\" content=\"Economize tempo com Painel de LED para Manuten\u00e7\u00e3o Frontal S\u00e9rie TIB. N\u00e3o \u00e9 necess\u00e1rio espa\u00e7o na parte traseira. Solicite um or\u00e7amento hoje mesmo e agilize a configura\u00e7\u00e3o do seu display.\" \/>\n<meta property=\"og:url\" content=\"https:\/\/www.telaled.com\/cs\/fabrica\/painel-de-led-para-manutencao-frontal-serie-tib\/\" \/>\n<meta property=\"og:site_name\" content=\"TELALED\" \/>\n<meta property=\"article:modified_time\" content=\"2026-01-05T02:48:37+00:00\" \/>\n<meta property=\"og:image\" content=\"https:\/\/www.telaled.com\/wp-content\/uploads\/2025\/08\/painel-de-led-para-manutencao-frontal.webp\" \/>\n\t<meta property=\"og:image:width\" content=\"500\" \/>\n\t<meta property=\"og:image:height\" content=\"500\" \/>\n\t<meta property=\"og:image:type\" content=\"image\/webp\" \/>\n<meta name=\"twitter:card\" content=\"summary_large_image\" \/>\n<meta name=\"twitter:label1\" content=\"Est. reading time\" \/>\n\t<meta name=\"twitter:data1\" content=\"3 minuty\" \/>\n<script type=\"application\/ld+json\" class=\"yoast-schema-graph\">{\"@context\":\"https:\\\/\\\/schema.org\",\"@graph\":[{\"@type\":\"WebPage\",\"@id\":\"https:\\\/\\\/www.telaled.com\\\/fabrica\\\/painel-de-led-para-manutencao-frontal-serie-tib\\\/\",\"url\":\"https:\\\/\\\/www.telaled.com\\\/fabrica\\\/painel-de-led-para-manutencao-frontal-serie-tib\\\/\",\"name\":\"Painel de LED para Manuten\u00e7\u00e3o Frontal S\u00e9rie TIB | Reparos R\u00e1pidos e Simples | TELALED\",\"isPartOf\":{\"@id\":\"https:\\\/\\\/www.telaled.com\\\/#website\"},\"primaryImageOfPage\":{\"@id\":\"https:\\\/\\\/www.telaled.com\\\/fabrica\\\/painel-de-led-para-manutencao-frontal-serie-tib\\\/#primaryimage\"},\"image\":{\"@id\":\"https:\\\/\\\/www.telaled.com\\\/fabrica\\\/painel-de-led-para-manutencao-frontal-serie-tib\\\/#primaryimage\"},\"thumbnailUrl\":\"https:\\\/\\\/www.telaled.com\\\/wp-content\\\/uploads\\\/2025\\\/08\\\/painel-de-led-para-manutencao-frontal.webp\",\"datePublished\":\"2025-08-04T01:34:42+00:00\",\"dateModified\":\"2026-01-05T02:48:37+00:00\",\"description\":\"Economize tempo com Painel de LED para Manuten\u00e7\u00e3o Frontal S\u00e9rie TIB. N\u00e3o \u00e9 necess\u00e1rio espa\u00e7o na parte traseira. Solicite um or\u00e7amento hoje mesmo e agilize a configura\u00e7\u00e3o do seu display.\",\"breadcrumb\":{\"@id\":\"https:\\\/\\\/www.telaled.com\\\/fabrica\\\/painel-de-led-para-manutencao-frontal-serie-tib\\\/#breadcrumb\"},\"inLanguage\":\"cs\",\"potentialAction\":[{\"@type\":\"ReadAction\",\"target\":[\"https:\\\/\\\/www.telaled.com\\\/fabrica\\\/painel-de-led-para-manutencao-frontal-serie-tib\\\/\"]}]},{\"@type\":\"ImageObject\",\"inLanguage\":\"cs\",\"@id\":\"https:\\\/\\\/www.telaled.com\\\/fabrica\\\/painel-de-led-para-manutencao-frontal-serie-tib\\\/#primaryimage\",\"url\":\"https:\\\/\\\/www.telaled.com\\\/wp-content\\\/uploads\\\/2025\\\/08\\\/painel-de-led-para-manutencao-frontal.webp\",\"contentUrl\":\"https:\\\/\\\/www.telaled.com\\\/wp-content\\\/uploads\\\/2025\\\/08\\\/painel-de-led-para-manutencao-frontal.webp\",\"width\":500,\"height\":500,\"caption\":\"painel-de-led-para-manuten\u00e7\u00e3o-frontal\"},{\"@type\":\"BreadcrumbList\",\"@id\":\"https:\\\/\\\/www.telaled.com\\\/fabrica\\\/painel-de-led-para-manutencao-frontal-serie-tib\\\/#breadcrumb\",\"itemListElement\":[{\"@type\":\"ListItem\",\"position\":1,\"name\":\"Home\",\"item\":\"https:\\\/\\\/www.telaled.com\\\/\"},{\"@type\":\"ListItem\",\"position\":2,\"name\":\"Produtos\",\"item\":\"https:\\\/\\\/www.telaled.com\\\/shop\\\/\"},{\"@type\":\"ListItem\",\"position\":3,\"name\":\"Painel de LED para Manuten\u00e7\u00e3o Frontal S\u00e9rie TIB\"}]},{\"@type\":\"WebSite\",\"@id\":\"https:\\\/\\\/www.telaled.com\\\/#website\",\"url\":\"https:\\\/\\\/www.telaled.com\\\/\",\"name\":\"TELALED\",\"description\":\"\",\"potentialAction\":[{\"@type\":\"SearchAction\",\"target\":{\"@type\":\"EntryPoint\",\"urlTemplate\":\"https:\\\/\\\/www.telaled.com\\\/?s={search_term_string}\"},\"query-input\":{\"@type\":\"PropertyValueSpecification\",\"valueRequired\":true,\"valueName\":\"search_term_string\"}}],\"inLanguage\":\"cs\"}]}<\/script>\n<!-- \/ Yoast SEO plugin. -->","yoast_head_json":{"title":"P\u0159edn\u00ed \u00fadr\u017ebov\u00fd LED panel \u0159ady TIB | Rychl\u00e9 a jednoduch\u00e9 opravy | TELALED","description":"U\u0161et\u0159ete \u010das s p\u0159edn\u00edm \u00fadr\u017ebov\u00fdm LED panelem \u0159ady TIB. Nen\u00ed pot\u0159eba \u017e\u00e1dn\u00fd prostor v zadn\u00ed \u010d\u00e1sti. Vy\u017e\u00e1dejte si cenovou nab\u00eddku je\u0161t\u011b dnes a urychlete instalaci displeje.","robots":{"index":"index","follow":"follow","max-snippet":"max-snippet:-1","max-image-preview":"max-image-preview:large","max-video-preview":"max-video-preview:-1"},"canonical":"https:\/\/www.telaled.com\/cs\/fabrica\/painel-de-led-para-manutencao-frontal-serie-tib\/","og_locale":"cs_CZ","og_type":"article","og_title":"Painel de LED para Manuten\u00e7\u00e3o Frontal S\u00e9rie TIB | Reparos R\u00e1pidos e Simples | TELALED","og_description":"Economize tempo com Painel de LED para Manuten\u00e7\u00e3o Frontal S\u00e9rie TIB. N\u00e3o \u00e9 necess\u00e1rio espa\u00e7o na parte traseira. Solicite um or\u00e7amento hoje mesmo e agilize a configura\u00e7\u00e3o do seu display.","og_url":"https:\/\/www.telaled.com\/cs\/fabrica\/painel-de-led-para-manutencao-frontal-serie-tib\/","og_site_name":"TELALED","article_modified_time":"2026-01-05T02:48:37+00:00","og_image":[{"width":500,"height":500,"url":"https:\/\/www.telaled.com\/wp-content\/uploads\/2025\/08\/painel-de-led-para-manutencao-frontal.webp","type":"image\/webp"}],"twitter_card":"summary_large_image","twitter_misc":{"Est. reading time":"3 minuty"},"schema":{"@context":"https:\/\/schema.org","@graph":[{"@type":"WebPage","@id":"https:\/\/www.telaled.com\/fabrica\/painel-de-led-para-manutencao-frontal-serie-tib\/","url":"https:\/\/www.telaled.com\/fabrica\/painel-de-led-para-manutencao-frontal-serie-tib\/","name":"P\u0159edn\u00ed \u00fadr\u017ebov\u00fd LED panel \u0159ady TIB | Rychl\u00e9 a jednoduch\u00e9 opravy | TELALED","isPartOf":{"@id":"https:\/\/www.telaled.com\/#website"},"primaryImageOfPage":{"@id":"https:\/\/www.telaled.com\/fabrica\/painel-de-led-para-manutencao-frontal-serie-tib\/#primaryimage"},"image":{"@id":"https:\/\/www.telaled.com\/fabrica\/painel-de-led-para-manutencao-frontal-serie-tib\/#primaryimage"},"thumbnailUrl":"https:\/\/www.telaled.com\/wp-content\/uploads\/2025\/08\/painel-de-led-para-manutencao-frontal.webp","datePublished":"2025-08-04T01:34:42+00:00","dateModified":"2026-01-05T02:48:37+00:00","description":"U\u0161et\u0159ete \u010das s p\u0159edn\u00edm \u00fadr\u017ebov\u00fdm LED panelem \u0159ady TIB. Nen\u00ed pot\u0159eba \u017e\u00e1dn\u00fd prostor v zadn\u00ed \u010d\u00e1sti. Vy\u017e\u00e1dejte si cenovou nab\u00eddku je\u0161t\u011b dnes a urychlete instalaci displeje.","breadcrumb":{"@id":"https:\/\/www.telaled.com\/fabrica\/painel-de-led-para-manutencao-frontal-serie-tib\/#breadcrumb"},"inLanguage":"cs","potentialAction":[{"@type":"ReadAction","target":["https:\/\/www.telaled.com\/fabrica\/painel-de-led-para-manutencao-frontal-serie-tib\/"]}]},{"@type":"ImageObject","inLanguage":"cs","@id":"https:\/\/www.telaled.com\/fabrica\/painel-de-led-para-manutencao-frontal-serie-tib\/#primaryimage","url":"https:\/\/www.telaled.com\/wp-content\/uploads\/2025\/08\/painel-de-led-para-manutencao-frontal.webp","contentUrl":"https:\/\/www.telaled.com\/wp-content\/uploads\/2025\/08\/painel-de-led-para-manutencao-frontal.webp","width":500,"height":500,"caption":"painel-de-led-para-manuten\u00e7\u00e3o-frontal"},{"@type":"BreadcrumbList","@id":"https:\/\/www.telaled.com\/fabrica\/painel-de-led-para-manutencao-frontal-serie-tib\/#breadcrumb","itemListElement":[{"@type":"ListItem","position":1,"name":"Home","item":"https:\/\/www.telaled.com\/"},{"@type":"ListItem","position":2,"name":"Produtos","item":"https:\/\/www.telaled.com\/shop\/"},{"@type":"ListItem","position":3,"name":"Painel de LED para Manuten\u00e7\u00e3o Frontal S\u00e9rie TIB"}]},{"@type":"WebSite","@id":"https:\/\/www.telaled.com\/#website","url":"https:\/\/www.telaled.com\/","name":"LED obrazovka","description":"","potentialAction":[{"@type":"SearchAction","target":{"@type":"EntryPoint","urlTemplate":"https:\/\/www.telaled.com\/?s={search_term_string}"},"query-input":{"@type":"PropertyValueSpecification","valueRequired":true,"valueName":"search_term_string"}}],"inLanguage":"cs"}]}},"_links":{"self":[{"href":"https:\/\/www.telaled.com\/cs\/wp-json\/wp\/v2\/product\/2843","targetHints":{"allow":["GET"]}}],"collection":[{"href":"https:\/\/www.telaled.com\/cs\/wp-json\/wp\/v2\/product"}],"about":[{"href":"https:\/\/www.telaled.com\/cs\/wp-json\/wp\/v2\/types\/product"}],"wp:featuredmedia":[{"embeddable":true,"href":"https:\/\/www.telaled.com\/cs\/wp-json\/wp\/v2\/media\/2844"}],"wp:attachment":[{"href":"https:\/\/www.telaled.com\/cs\/wp-json\/wp\/v2\/media?parent=2843"}],"wp:term":[{"taxonomy":"product_brand","embeddable":true,"href":"https:\/\/www.telaled.com\/cs\/wp-json\/wp\/v2\/product_brand?post=2843"},{"taxonomy":"product_cat","embeddable":true,"href":"https:\/\/www.telaled.com\/cs\/wp-json\/wp\/v2\/product_cat?post=2843"},{"taxonomy":"product_tag","embeddable":true,"href":"https:\/\/www.telaled.com\/cs\/wp-json\/wp\/v2\/product_tag?post=2843"}],"curies":[{"name":"wp","href":"https:\/\/api.w.org\/{rel}","templated":true}]}}