{"id":2732,"date":"2025-07-24T08:45:04","date_gmt":"2025-07-24T08:45:04","guid":{"rendered":"https:\/\/www.telaled.com\/?post_type=product&#038;p=2732"},"modified":"2026-01-03T09:12:45","modified_gmt":"2026-01-03T09:12:45","slug":"painel-de-led-outdoor-aluguel-serie-toa","status":"publish","type":"product","link":"https:\/\/www.telaled.com\/cs\/fabrica\/painel-de-led-outdoor-aluguel-serie-toa\/","title":{"rendered":"Pron\u00e1jem venkovn\u00edch LED panel\u016f, \u0159ada TOA"},"content":{"rendered":"<div class=\"row\"  id=\"row-611438900\">\n\n\t<div id=\"col-237848177\" class=\"col small-12 large-12\"  >\n\t\t\t\t<div class=\"col-inner\"  >\n\t\t\t\n\t\t\t\n<h2>Exkluzivn\u00ed v\u00fdhody pron\u00e1jmu venkovn\u00edch LED panel\u016f \u0159ady TOA<\/h2>\n<h3><strong>Vynikaj\u00edc\u00ed odolnost<\/strong><\/h3>\n<ul>\n<li>Vyzna\u010duje se odoln\u00fdmi a lehk\u00fdmi sk\u0159\u00ed\u0148kami vyroben\u00fdmi z vysokopevnostn\u00edho tlakov\u011b lit\u00e9ho hlin\u00edku, kter\u00e9 v\u00e1\u017e\u00ed pouze 7,25 kg u rozm\u011bru 500 x 500 mm a 12,5 kg u rozm\u011bru 500 x 100 mm. Jsou navr\u017eeny pro beze\u0161v\u00e9 spoje a zaji\u0161\u0165uj\u00ed hladk\u00e9 a bezmezerov\u00e9 vystaven\u00ed.<\/li>\n<li>LED moduly <a href=\"https:\/\/www.telaled.com\/cs\/led-smd\/\">SMD<\/a> Za\u0159\u00edzen\u00ed 3 v 1 poskytuj\u00ed z\u00e1\u0159iv\u00fd a barevn\u00fd obraz s hustotou pixel\u016f od 1 953 mm do <a href=\"https:\/\/www.telaled.com\/cs\/fabrica\/modulo-painel-de-led-p4-81\/\">4,81 mm<\/a>. D\u00edky vysok\u00e9 obnovovac\u00ed frekvenci a\u017e 7680 Hz poskytuj\u00ed ostr\u00fd a plynul\u00fd obraz.<\/li>\n<\/ul>\n<h3><strong>V\u00fdjime\u010dn\u00e1 vizu\u00e1ln\u00ed kvalita<\/strong><\/h3>\n<ul>\n<li>Vysok\u00e1 obnovovac\u00ed frekvence a\u017e 3840\u20137680 Hz<\/li>\n<li>\u0160irok\u00fd pozorovac\u00ed \u00fahel 120\u00b0\u2013160\u00b0<\/li>\n<\/ul>\n<h3><strong>Kompletn\u00ed p\u0159izp\u016fsobivost<\/strong><\/h3>\n<ul>\n<li>Ochrana proti de\u0161ti\/prachu IP65 pro vnit\u0159n\u00ed i venkovn\u00ed pou\u017eit\u00ed (-20 \u00b0C a\u017e 50 \u00b0C) -10 \u00b0C a\u017e +40 \u00b0C\/14 \u00b0F a\u017e 104 \u00b0F.<\/li>\n<\/ul>\n<h3><strong>Komplexn\u00ed podpora<\/strong><\/h3>\n<ul>\n<li>Online technick\u00e1 podpora na d\u00e1lku 24 hodin denn\u011b, 7 dn\u00ed v t\u00fddnu \u2013 Pomoc, kdykoli ji pot\u0159ebujete.<\/li>\n<li>5% n\u00e1hradn\u00edch d\u00edl\u016f v cen\u011b \u2013 S ka\u017edou dod\u00e1vkou jsou dod\u00e1v\u00e1ny dal\u0161\u00ed d\u00edly pro v\u011bt\u0161\u00ed klid.<\/li>\n<li>3let\u00e1 prodlou\u017een\u00e1 z\u00e1ruka: Vyu\u017eijte dlouhodob\u00e9 kryt\u00ed pro v\u011bt\u0161\u00ed spolehlivost a podporu.<\/li>\n<\/ul>\n<h2>Detaily produktu<\/h2>\n<div class=\"row\"  id=\"row-242475902\">\n\n\t<div id=\"col-1102122326\" class=\"col medium-10 small-12 large-10\"  >\n\t\t\t\t<div class=\"col-inner text-left\"  >\n\t\t\t\n\t\t\t\n<ul>\n<li>Pron\u00e1jem venkovn\u00edch LED panel\u016f - \u0158ada TOA - Detaily modulu<\/li>\n<\/ul>\n\t<div class=\"img has-hover x md-x lg-x y md-y lg-y\" id=\"image_677278406\">\n\t\t\t\t\t\t\t\t<div class=\"img-inner dark\" >\n\t\t\t<img loading=\"lazy\" decoding=\"async\" width=\"1000\" height=\"511\" src=\"https:\/\/www.telaled.com\/wp-content\/uploads\/2025\/07\/Painel-de-LED-Outdoor-Aluguel-Serie-TOA-detalhes-do-modulo.webp\" class=\"attachment-original size-original\" alt=\"Venkovn\u00ed LED panel k pron\u00e1jmu - \u0159ada TOA - Podrobnosti o modulu\" srcset=\"https:\/\/www.telaled.com\/wp-content\/uploads\/2025\/07\/Painel-de-LED-Outdoor-Aluguel-Serie-TOA-detalhes-do-modulo.webp 1000w, https:\/\/www.telaled.com\/wp-content\/uploads\/2025\/07\/Painel-de-LED-Outdoor-Aluguel-Serie-TOA-detalhes-do-modulo-300x153.webp 300w, https:\/\/www.telaled.com\/wp-content\/uploads\/2025\/07\/Painel-de-LED-Outdoor-Aluguel-Serie-TOA-detalhes-do-modulo-768x392.webp 768w, https:\/\/www.telaled.com\/wp-content\/uploads\/2025\/07\/Painel-de-LED-Outdoor-Aluguel-Serie-TOA-detalhes-do-modulo-18x9.webp 18w, https:\/\/www.telaled.com\/wp-content\/uploads\/2025\/07\/Painel-de-LED-Outdoor-Aluguel-Serie-TOA-detalhes-do-modulo-600x307.webp 600w\" sizes=\"auto, (max-width: 1000px) 100vw, 1000px\" \/>\t\t\t\t\t\t\n\t\t\t\t\t<\/div>\n\t\t\t\t\t\t\t\t\n<style>\n#image_677278406 {\n  width: 95%;\n}\n<\/style>\n\t<\/div>\n\t\n\t\t<\/div>\n\t\t\t\t\t<\/div>\n\n\t\n\n\t<div id=\"col-981010517\" class=\"col medium-10 small-12 large-10\"  >\n\t\t\t\t<div class=\"col-inner text-left\"  >\n\t\t\t\n\t\t\t\n<ul>\n<li><strong>Pron\u00e1jem venkovn\u00edch LED panel\u016f - \u0159ada TOA - Konstrukce rozvad\u011b\u010de:<\/strong> Lehk\u00e1 a odoln\u00e1 hlin\u00edkov\u00e1 konstrukce zaji\u0161\u0165uje rychlou instalaci a bezprobl\u00e9mov\u00fd spoj. Pevn\u00e1, stabiln\u00ed a vyroben\u00e1 pro efektivitu.<\/li>\n<\/ul>\n\t<div class=\"img has-hover x md-x lg-x y md-y lg-y\" id=\"image_1695365222\">\n\t\t\t\t\t\t\t\t<div class=\"img-inner dark\" >\n\t\t\t<img loading=\"lazy\" decoding=\"async\" width=\"800\" height=\"557\" src=\"https:\/\/www.telaled.com\/wp-content\/uploads\/2025\/07\/Estrutura-do-gabinete.webp\" class=\"attachment-large size-large\" alt=\"Struktura sk\u0159\u00edn\u011b\" srcset=\"https:\/\/www.telaled.com\/wp-content\/uploads\/2025\/07\/Estrutura-do-gabinete.webp 800w, https:\/\/www.telaled.com\/wp-content\/uploads\/2025\/07\/Estrutura-do-gabinete-300x209.webp 300w, https:\/\/www.telaled.com\/wp-content\/uploads\/2025\/07\/Estrutura-do-gabinete-768x535.webp 768w, https:\/\/www.telaled.com\/wp-content\/uploads\/2025\/07\/Estrutura-do-gabinete-18x12.webp 18w, https:\/\/www.telaled.com\/wp-content\/uploads\/2025\/07\/Estrutura-do-gabinete-600x418.webp 600w\" sizes=\"auto, (max-width: 800px) 100vw, 800px\" \/>\t\t\t\t\t\t\n\t\t\t\t\t<\/div>\n\t\t\t\t\t\t\t\t\n<style>\n#image_1695365222 {\n  width: 95%;\n}\n<\/style>\n\t<\/div>\n\t\n<ul>\n<li>Nab\u00edz\u00ed mo\u017enosti \u00fadr\u017eby zep\u0159edu i zezadu a poskytuje snadn\u00fd p\u0159\u00edstup pro opravy a v\u00fdm\u011bny, \u010d\u00edm\u017e zaji\u0161\u0165uje efektivn\u00ed \u00fadr\u017ebu a dlouhodobou spolehlivost.<\/li>\n<\/ul>\n\t<div class=\"img has-hover x md-x lg-x y md-y lg-y\" id=\"image_1941064256\">\n\t\t\t\t\t\t\t\t<div class=\"img-inner dark\" >\n\t\t\t<img loading=\"lazy\" decoding=\"async\" width=\"520\" height=\"293\" src=\"https:\/\/www.telaled.com\/wp-content\/uploads\/2025\/07\/Manutencao-dianteira-e-traseira.webp\" class=\"attachment-large size-large\" alt=\"\u00dadr\u017eba p\u0159edn\u00ed a zadn\u00ed \u010d\u00e1sti\" srcset=\"https:\/\/www.telaled.com\/wp-content\/uploads\/2025\/07\/Manutencao-dianteira-e-traseira.webp 520w, https:\/\/www.telaled.com\/wp-content\/uploads\/2025\/07\/Manutencao-dianteira-e-traseira-300x169.webp 300w, https:\/\/www.telaled.com\/wp-content\/uploads\/2025\/07\/Manutencao-dianteira-e-traseira-18x10.webp 18w\" sizes=\"auto, (max-width: 520px) 100vw, 520px\" \/>\t\t\t\t\t\t\n\t\t\t\t\t<\/div>\n\t\t\t\t\t\t\t\t\n<style>\n#image_1941064256 {\n  width: 95%;\n}\n<\/style>\n\t<\/div>\n\t\n\t\t<\/div>\n\t\t\t\t\t<\/div>\n\n\t\n\n\t<div id=\"col-225220098\" class=\"col medium-10 small-12 large-10\"  >\n\t\t\t\t<div class=\"col-inner text-left\"  >\n\t\t\t\n\t\t\t\n<ul>\n<li>LED displeje jsou baleny podle typu a zam\u00fd\u0161len\u00e9ho pou\u017eit\u00ed. Kompletn\u00ed displeje jsou pro lep\u0161\u00ed oporu um\u00edst\u011bny v d\u0159ev\u011bn\u00fdch bedn\u00e1ch. LED moduly jsou p\u0159epravov\u00e1ny v kartonov\u00fdch krabic\u00edch. S pronajat\u00fdmi displeji se zach\u00e1z\u00ed jinak; jsou baleny do letecky p\u0159epravn\u00edch beden. N\u011bkter\u00e9 polo\u017eky jsou um\u00edst\u011bny v jednoduch\u00fdch bedn\u00e1ch, ale pro v\u011bt\u0161\u00ed ochranu vyztu\u017een\u00e9 d\u0159ev\u011bn\u00fdmi r\u00e1my.<\/li>\n<\/ul>\n\t<div class=\"img has-hover x md-x lg-x y md-y lg-y\" id=\"image_26187096\">\n\t\t\t\t\t\t\t\t<div class=\"img-inner dark\" >\n\t\t\t<img loading=\"lazy\" decoding=\"async\" width=\"760\" height=\"1024\" src=\"https:\/\/www.telaled.com\/wp-content\/uploads\/2025\/06\/Embalagem-760x1024.webp\" class=\"attachment-large size-large\" alt=\"Obal\" srcset=\"https:\/\/www.telaled.com\/wp-content\/uploads\/2025\/06\/Embalagem-760x1024.webp 760w, https:\/\/www.telaled.com\/wp-content\/uploads\/2025\/06\/Embalagem-223x300.webp 223w, https:\/\/www.telaled.com\/wp-content\/uploads\/2025\/06\/Embalagem-768x1035.webp 768w, https:\/\/www.telaled.com\/wp-content\/uploads\/2025\/06\/Embalagem-9x12.webp 9w, https:\/\/www.telaled.com\/wp-content\/uploads\/2025\/06\/Embalagem-600x808.webp 600w, https:\/\/www.telaled.com\/wp-content\/uploads\/2025\/06\/Embalagem.webp 795w\" sizes=\"auto, (max-width: 760px) 100vw, 760px\" \/>\t\t\t\t\t\t\n\t\t\t\t\t<\/div>\n\t\t\t\t\t\t\t\t\n<style>\n#image_26187096 {\n  width: 95%;\n}\n<\/style>\n\t<\/div>\n\t\n\t\t<\/div>\n\t\t\t\t\t<\/div>\n\n\t\n<\/div>\n\t\t<\/div>\n\t\t\t\t\t<\/div>\n\n\t\n\n\t<div id=\"col-641052448\" class=\"col small-12 large-12\"  >\n\t\t\t\t<div class=\"col-inner\"  >\n\t\t\t\n\t\t\t\n<div class=\"row\"  id=\"row-1585493741\">\n\n\t<div id=\"col-246905944\" class=\"col medium-10 small-12 large-10\"  >\n\t\t\t\t<div class=\"col-inner\"  >\n\t\t\t\n\t\t\t\n\n<table id=\"tablepress-46\" class=\"tablepress tablepress-id-46\">\n<thead>\n<tr class=\"row-1\">\n\t<th class=\"column-1\">Model<\/th><th class=\"column-2\">TOA - 1,953<\/th><th class=\"column-3\">TOA - 2,604<\/th><th class=\"column-4\">TOA - 2,976<\/th><th class=\"column-5\">TOA - 3,91 mm<\/th>\n<\/tr>\n<\/thead>\n<tbody class=\"row-striping row-hover\">\n<tr class=\"row-2\">\n\t<td class=\"column-1\">Pixely na pouzdro <\/td><td class=\"column-2\">P1,953 mm<\/td><td class=\"column-3\">P2,604 mm<\/td><td class=\"column-4\">P2,976 mm<\/td><td class=\"column-5\">P3,91 mm<\/td>\n<\/tr>\n<tr class=\"row-3\">\n\t<td class=\"column-1\">Vzd\u00e1lenost mezi pixely (500*500 mm)<\/td><td class=\"column-2\">256\u00d7256 (Vx\u0160)<\/td><td class=\"column-3\">192\u00d7192 (Vx\u0160)<\/td><td class=\"column-4\">168\u00d7168 (Vx\u0160)<\/td><td class=\"column-5\">128\u00d7128 (Vx\u0160)<\/td>\n<\/tr>\n<tr class=\"row-4\">\n\t<td class=\"column-1\">Pixely na sk\u0159\u00ed\u0148 (500*1000 mm)<\/td><td class=\"column-2\">256\u00d7512 (Vx\u0160)<\/td><td class=\"column-3\">192\u00d7384 (V x \u0160)<\/td><td class=\"column-4\">168\u00d7336 (V x \u0160)<\/td><td class=\"column-5\">128\u00d7256 (Vx\u0160)<\/td>\n<\/tr>\n<tr class=\"row-5\">\n\t<td class=\"column-1\">\u017divotnost LED diod<\/td><td class=\"column-2\">100 000 hodin<\/td><td class=\"column-3\">100 000 hodin<\/td><td class=\"column-4\">100 000 hodin<\/td><td class=\"column-5\">100 000 hodin<\/td>\n<\/tr>\n<tr class=\"row-6\">\n\t<td class=\"column-1\">Velikost modulu<\/td><td class=\"column-2\">250*250 mm<\/td><td class=\"column-3\">250*250 mm<\/td><td class=\"column-4\">250*250 mm<\/td><td class=\"column-5\">250*250 mm<\/td>\n<\/tr>\n<tr class=\"row-7\">\n\t<td class=\"column-1\">Rozli\u0161en\u00ed modulu<\/td><td class=\"column-2\">128*128 bod\u016f<\/td><td class=\"column-3\">96*96 bod\u016f<\/td><td class=\"column-4\">84*84 bod\u016f<\/td><td class=\"column-5\">64*64 bod\u016f<\/td>\n<\/tr>\n<tr class=\"row-8\">\n\t<td class=\"column-1\">Rozli\u0161en\u00ed modulu<\/td><td class=\"column-2\">\u22654500<\/td><td class=\"column-3\">\u22654500<\/td><td class=\"column-4\">\u22654500<\/td><td class=\"column-5\">\u22654500<\/td>\n<\/tr>\n<tr class=\"row-9\">\n\t<td class=\"column-1\">Obnovovac\u00ed frekvence<\/td><td class=\"column-2\">3840\u20137 680 Hz<\/td><td class=\"column-3\">3840\u20137 680 Hz<\/td><td class=\"column-4\">3840\u20137 680 Hz<\/td><td class=\"column-5\">3840\u20137 680 Hz<\/td>\n<\/tr>\n<tr class=\"row-10\">\n\t<td class=\"column-1\">Horizont\u00e1ln\u00ed pozorovac\u00ed \u00fahel<\/td><td class=\"column-2\">140\u00b0 +\/-5\u00b0 (jas 50%)<\/td><td class=\"column-3\">140\u00b0 +\/-5\u00b0 (jas 50%)<\/td><td class=\"column-4\">140\u00b0 +\/-5\u00b0 (jas 50%)<\/td><td class=\"column-5\">140\u00b0 +\/-5\u00b0 (jas 50%)<\/td>\n<\/tr>\n<tr class=\"row-11\">\n\t<td class=\"column-1\">Vertik\u00e1ln\u00ed pozorovac\u00ed \u00fahel<\/td><td class=\"column-2\">140\u00b0 +\/-5\u00b0 (jas 50%)<\/td><td class=\"column-3\">140\u00b0 +\/-5\u00b0 (jas 50%)<\/td><td class=\"column-4\">140\u00b0 +\/-5\u00b0 (jas 50%)<\/td><td class=\"column-5\">140\u00b0 +\/-5\u00b0 (jas 50%)<\/td>\n<\/tr>\n<tr class=\"row-12\">\n\t<td class=\"column-1\">\u00darove\u0148 \u0161edi<\/td><td class=\"column-2\">14 bit\u016f<\/td><td class=\"column-3\">14 bit\u016f<\/td><td class=\"column-4\">14 bit\u016f<\/td><td class=\"column-5\">14 bit\u016f<\/td>\n<\/tr>\n<tr class=\"row-13\">\n\t<td class=\"column-1\">Maxim\u00e1ln\u00ed spot\u0159eba energie<\/td><td class=\"column-2\">200 W\/m\u00b2<\/td><td class=\"column-3\">200 W\/m\u00b2<\/td><td class=\"column-4\">225 W\/m\u00b2<\/td><td class=\"column-5\">\t<br \/>\n225 W\/m\u00b2<\/td>\n<\/tr>\n<tr class=\"row-14\">\n\t<td class=\"column-1\">Provozn\u00ed nap\u00e1jec\u00ed nap\u011bt\u00ed<\/td><td class=\"column-2\">400 W\/m\u00b2<\/td><td class=\"column-3\">400 W\/m\u00b2<\/td><td class=\"column-4\">450 W\/m\u00b2<\/td><td class=\"column-5\">450 W\/m\u00b2<\/td>\n<\/tr>\n<tr class=\"row-15\">\n\t<td class=\"column-1\">Provozn\u00ed teplota<\/td><td class=\"column-2\">-10 \u00b0C a\u017e +40 \u00b0C \/ 14 \u00b0F a\u017e 104 \u00b0F<\/td><td class=\"column-3\">-10 \u00b0C a\u017e +40 \u00b0C \/ 14 \u00b0F a\u017e 104 \u00b0F<\/td><td class=\"column-4\">-10 \u00b0C a\u017e +40 \u00b0C \/ 14 \u00b0F a\u017e 104 \u00b0F<\/td><td class=\"column-5\">-10 \u00b0C a\u017e +40 \u00b0C \/ 14 \u00b0F a\u017e 104 \u00b0F<\/td>\n<\/tr>\n<tr class=\"row-16\">\n\t<td class=\"column-1\">Provozn\u00ed vlhkost<\/td><td class=\"column-2\">10-80%<\/td><td class=\"column-3\">10-80%<\/td><td class=\"column-4\">10-80%<\/td><td class=\"column-5\">10-80%<\/td>\n<\/tr>\n<tr class=\"row-17\">\n\t<td class=\"column-1\">Kryt\u00ed IP<\/td><td class=\"column-2\">IP65<\/td><td class=\"column-3\">IP65<\/td><td class=\"column-4\">IP65<\/td><td class=\"column-5\">IP65<\/td>\n<\/tr>\n<tr class=\"row-18\">\n\t<td class=\"column-1\">Rozm\u011bry<\/td><td class=\"column-2\">7,25 kg (sk\u0159\u00ed\u0148 500 x 500 mm) \/ 12,5 kg (sk\u0159\u00ed\u0148 500 x 1000 mm)<\/td><td class=\"column-3\">7,25 kg (sk\u0159\u00ed\u0148 500 x 500 mm) \/ 12,5 kg (sk\u0159\u00ed\u0148 500 x 1000 mm)<\/td><td class=\"column-4\">7,25 kg (sk\u0159\u00ed\u0148 500 x 500 mm) \/ 12,5 kg (sk\u0159\u00ed\u0148 500 x 1000 mm)<\/td><td class=\"column-5\">7,25 kg (sk\u0159\u00ed\u0148 500 x 500 mm) \/ 12,5 kg (sk\u0159\u00ed\u0148 500 x 1000 mm)<\/td>\n<\/tr>\n<\/tbody>\n<\/table>\n<!-- #tablepress-46 from cache -->\n\t\t<\/div>\n\t\t\t\t\t<\/div>\n\n\t\n<\/div>\n\t\t<\/div>\n\t\t\t\t\t<\/div>\n\n\t\n<\/div>","protected":false},"excerpt":{"rendered":"<p><strong>Pron\u00e1jem LED panel\u016f pro venkovn\u00ed pou\u017eit\u00ed - \u0159ada TOA: Lehk\u00e9 panely pro perfektn\u00ed akce<\/strong><\/p>\n<p><strong><em>Pron\u00e1jem venkovn\u00edch LED panel\u016f - \u0159ada TOA<\/em><\/strong> Kombinuje elegantn\u00ed design, dvoj\u00ed p\u0159\u00edstup pro \u00fadr\u017ebu a ostr\u00fd obraz. K dispozici v r\u016fzn\u00fdch velikostech pixel\u016f pro vnit\u0159n\u00ed i venkovn\u00ed pou\u017eit\u00ed. Navr\u017eeno pro rychlou instalaci, odolnost a v\u00fdkon.<\/p>\n<p><strong>Hlavn\u00ed vlastnosti:<\/strong><\/p>\n<ul>\n<li><strong>Dokonal\u00fd pozm\u011b\u0148ovac\u00ed n\u00e1vrh:<\/strong> Vysoce p\u0159esn\u00fd hlin\u00edkov\u00fd r\u00e1m zaji\u0161\u0165uje plynul\u00e9 zobrazen\u00ed bez mezer.<\/li>\n<li><strong>Vysok\u00e1 obnovovac\u00ed frekvence a jas:<\/strong> Obnovovac\u00ed frekvence a\u017e 7860 Hz a jas 800 nit\u016f pro ostr\u00fd obraz bez blik\u00e1n\u00ed.<\/li>\n<li><strong>\u00dadr\u017eba p\u0159edn\u00ed a zadn\u00ed \u010d\u00e1sti:<\/strong> Rychle p\u0159\u00edstupn\u00e9 magnetick\u00e9 panely \u0161et\u0159\u00ed \u010das a sni\u017euj\u00ed n\u00e1mahu.<\/li>\n<\/ul>\n<p>Sk\u0159\u00ed\u0148ky v\u00e1\u017e\u00ed pouze 7,25 kg (500 x 500 mm) nebo 12,5 kg (500 x 1000 mm), co\u017e zrychluje a zlev\u0148uje p\u0159epravu a instalaci.<\/p>\n<p>Nep\u0159etr\u017eit\u00e1 online vzd\u00e1len\u00e1 podpora a 3let\u00e1 z\u00e1ruka v cen\u011b. Kontaktujte n\u00e1s a z\u00edskejte personalizovanou cenovou nab\u00eddku.<\/p>","protected":false},"featured_media":2733,"template":"","meta":[],"product_brand":[],"product_cat":[50,40],"product_tag":[],"class_list":{"0":"post-2732","1":"product","2":"type-product","3":"status-publish","4":"has-post-thumbnail","6":"product_cat-aluguel-de-painel-de-led","7":"product_cat-painel-de-led","9":"first","10":"instock","11":"shipping-taxable","12":"product-type-simple"},"yoast_head":"<!-- This site is optimized with the Yoast SEO plugin v27.4 - https:\/\/yoast.com\/product\/yoast-seo-wordpress\/ -->\n<title>Painel de LED Outdoor Aluguel S\u00e9rie TOA | Para Eventos, Publicidade e Shows ao Vivo | TELALED<\/title>\n<meta name=\"description\" content=\"Alugue pain\u00e9is LED de alta luminosidade para exteriores para concertos, outdoors, eventos esportivos e campanhas de marketing. \u00c0 prova de intemp\u00e9ries, f\u00e1ceis de instalar e dispon\u00edveis em v\u00e1rios tamanhos de pixel.\" \/>\n<meta name=\"robots\" content=\"index, follow, max-snippet:-1, max-image-preview:large, max-video-preview:-1\" \/>\n<link rel=\"canonical\" href=\"https:\/\/www.telaled.com\/cs\/fabrica\/painel-de-led-outdoor-aluguel-serie-toa\/\" \/>\n<meta property=\"og:locale\" content=\"cs_CZ\" \/>\n<meta property=\"og:type\" content=\"article\" \/>\n<meta property=\"og:title\" content=\"Painel de LED Outdoor Aluguel S\u00e9rie TOA | Para Eventos, Publicidade e Shows ao Vivo | TELALED\" \/>\n<meta property=\"og:description\" content=\"Alugue pain\u00e9is LED de alta luminosidade para exteriores para concertos, outdoors, eventos esportivos e campanhas de marketing. \u00c0 prova de intemp\u00e9ries, f\u00e1ceis de instalar e dispon\u00edveis em v\u00e1rios tamanhos de pixel.\" \/>\n<meta property=\"og:url\" content=\"https:\/\/www.telaled.com\/cs\/fabrica\/painel-de-led-outdoor-aluguel-serie-toa\/\" \/>\n<meta property=\"og:site_name\" content=\"TELALED\" \/>\n<meta property=\"article:modified_time\" content=\"2026-01-03T09:12:45+00:00\" \/>\n<meta property=\"og:image\" content=\"https:\/\/www.telaled.com\/wp-content\/uploads\/2025\/07\/painel-de-led-outdoor-aluguel.webp\" \/>\n\t<meta property=\"og:image:width\" content=\"500\" \/>\n\t<meta property=\"og:image:height\" content=\"500\" \/>\n\t<meta property=\"og:image:type\" content=\"image\/webp\" \/>\n<meta name=\"twitter:card\" content=\"summary_large_image\" \/>\n<meta name=\"twitter:label1\" content=\"Est. reading time\" \/>\n\t<meta name=\"twitter:data1\" content=\"3 minuty\" \/>\n<script type=\"application\/ld+json\" class=\"yoast-schema-graph\">{\"@context\":\"https:\\\/\\\/schema.org\",\"@graph\":[{\"@type\":\"WebPage\",\"@id\":\"https:\\\/\\\/www.telaled.com\\\/fabrica\\\/painel-de-led-outdoor-aluguel-serie-toa\\\/\",\"url\":\"https:\\\/\\\/www.telaled.com\\\/fabrica\\\/painel-de-led-outdoor-aluguel-serie-toa\\\/\",\"name\":\"Painel de LED Outdoor Aluguel S\u00e9rie TOA | Para Eventos, Publicidade e Shows ao Vivo | TELALED\",\"isPartOf\":{\"@id\":\"https:\\\/\\\/www.telaled.com\\\/#website\"},\"primaryImageOfPage\":{\"@id\":\"https:\\\/\\\/www.telaled.com\\\/fabrica\\\/painel-de-led-outdoor-aluguel-serie-toa\\\/#primaryimage\"},\"image\":{\"@id\":\"https:\\\/\\\/www.telaled.com\\\/fabrica\\\/painel-de-led-outdoor-aluguel-serie-toa\\\/#primaryimage\"},\"thumbnailUrl\":\"https:\\\/\\\/www.telaled.com\\\/wp-content\\\/uploads\\\/2025\\\/07\\\/painel-de-led-outdoor-aluguel.webp\",\"datePublished\":\"2025-07-24T08:45:04+00:00\",\"dateModified\":\"2026-01-03T09:12:45+00:00\",\"description\":\"Alugue pain\u00e9is LED de alta luminosidade para exteriores para concertos, outdoors, eventos esportivos e campanhas de marketing. \u00c0 prova de intemp\u00e9ries, f\u00e1ceis de instalar e dispon\u00edveis em v\u00e1rios tamanhos de pixel.\",\"breadcrumb\":{\"@id\":\"https:\\\/\\\/www.telaled.com\\\/fabrica\\\/painel-de-led-outdoor-aluguel-serie-toa\\\/#breadcrumb\"},\"inLanguage\":\"cs\",\"potentialAction\":[{\"@type\":\"ReadAction\",\"target\":[\"https:\\\/\\\/www.telaled.com\\\/fabrica\\\/painel-de-led-outdoor-aluguel-serie-toa\\\/\"]}]},{\"@type\":\"ImageObject\",\"inLanguage\":\"cs\",\"@id\":\"https:\\\/\\\/www.telaled.com\\\/fabrica\\\/painel-de-led-outdoor-aluguel-serie-toa\\\/#primaryimage\",\"url\":\"https:\\\/\\\/www.telaled.com\\\/wp-content\\\/uploads\\\/2025\\\/07\\\/painel-de-led-outdoor-aluguel.webp\",\"contentUrl\":\"https:\\\/\\\/www.telaled.com\\\/wp-content\\\/uploads\\\/2025\\\/07\\\/painel-de-led-outdoor-aluguel.webp\",\"width\":500,\"height\":500,\"caption\":\"painel-de-led-outdoor-aluguel\"},{\"@type\":\"BreadcrumbList\",\"@id\":\"https:\\\/\\\/www.telaled.com\\\/fabrica\\\/painel-de-led-outdoor-aluguel-serie-toa\\\/#breadcrumb\",\"itemListElement\":[{\"@type\":\"ListItem\",\"position\":1,\"name\":\"Home\",\"item\":\"https:\\\/\\\/www.telaled.com\\\/\"},{\"@type\":\"ListItem\",\"position\":2,\"name\":\"Produtos\",\"item\":\"https:\\\/\\\/www.telaled.com\\\/shop\\\/\"},{\"@type\":\"ListItem\",\"position\":3,\"name\":\"Painel de LED Outdoor Aluguel S\u00e9rie TOA\"}]},{\"@type\":\"WebSite\",\"@id\":\"https:\\\/\\\/www.telaled.com\\\/#website\",\"url\":\"https:\\\/\\\/www.telaled.com\\\/\",\"name\":\"TELALED\",\"description\":\"\",\"potentialAction\":[{\"@type\":\"SearchAction\",\"target\":{\"@type\":\"EntryPoint\",\"urlTemplate\":\"https:\\\/\\\/www.telaled.com\\\/?s={search_term_string}\"},\"query-input\":{\"@type\":\"PropertyValueSpecification\",\"valueRequired\":true,\"valueName\":\"search_term_string\"}}],\"inLanguage\":\"cs\"}]}<\/script>\n<!-- \/ Yoast SEO plugin. -->","yoast_head_json":{"title":"Pron\u00e1jem venkovn\u00edch LED panel\u016f \u0159ady TOA | Pro akce, reklamu a \u017eiv\u00e1 vystoupen\u00ed | TELALED","description":"Pronajm\u011bte si vysoce sv\u00edtiv\u00e9 venkovn\u00ed LED panely pro koncerty, billboardy, sportovn\u00ed akce a marketingov\u00e9 kampan\u011b. Odoln\u00e9 proti pov\u011btrnostn\u00edm vliv\u016fm, snadno se instaluj\u00ed a dostupn\u00e9 v r\u016fzn\u00fdch velikostech pixel\u016f.","robots":{"index":"index","follow":"follow","max-snippet":"max-snippet:-1","max-image-preview":"max-image-preview:large","max-video-preview":"max-video-preview:-1"},"canonical":"https:\/\/www.telaled.com\/cs\/fabrica\/painel-de-led-outdoor-aluguel-serie-toa\/","og_locale":"cs_CZ","og_type":"article","og_title":"Painel de LED Outdoor Aluguel S\u00e9rie TOA | Para Eventos, Publicidade e Shows ao Vivo | TELALED","og_description":"Alugue pain\u00e9is LED de alta luminosidade para exteriores para concertos, outdoors, eventos esportivos e campanhas de marketing. \u00c0 prova de intemp\u00e9ries, f\u00e1ceis de instalar e dispon\u00edveis em v\u00e1rios tamanhos de pixel.","og_url":"https:\/\/www.telaled.com\/cs\/fabrica\/painel-de-led-outdoor-aluguel-serie-toa\/","og_site_name":"TELALED","article_modified_time":"2026-01-03T09:12:45+00:00","og_image":[{"width":500,"height":500,"url":"https:\/\/www.telaled.com\/wp-content\/uploads\/2025\/07\/painel-de-led-outdoor-aluguel.webp","type":"image\/webp"}],"twitter_card":"summary_large_image","twitter_misc":{"Est. reading time":"3 minuty"},"schema":{"@context":"https:\/\/schema.org","@graph":[{"@type":"WebPage","@id":"https:\/\/www.telaled.com\/fabrica\/painel-de-led-outdoor-aluguel-serie-toa\/","url":"https:\/\/www.telaled.com\/fabrica\/painel-de-led-outdoor-aluguel-serie-toa\/","name":"Pron\u00e1jem venkovn\u00edch LED panel\u016f \u0159ady TOA | Pro akce, reklamu a \u017eiv\u00e1 vystoupen\u00ed | TELALED","isPartOf":{"@id":"https:\/\/www.telaled.com\/#website"},"primaryImageOfPage":{"@id":"https:\/\/www.telaled.com\/fabrica\/painel-de-led-outdoor-aluguel-serie-toa\/#primaryimage"},"image":{"@id":"https:\/\/www.telaled.com\/fabrica\/painel-de-led-outdoor-aluguel-serie-toa\/#primaryimage"},"thumbnailUrl":"https:\/\/www.telaled.com\/wp-content\/uploads\/2025\/07\/painel-de-led-outdoor-aluguel.webp","datePublished":"2025-07-24T08:45:04+00:00","dateModified":"2026-01-03T09:12:45+00:00","description":"Pronajm\u011bte si vysoce sv\u00edtiv\u00e9 venkovn\u00ed LED panely pro koncerty, billboardy, sportovn\u00ed akce a marketingov\u00e9 kampan\u011b. Odoln\u00e9 proti pov\u011btrnostn\u00edm vliv\u016fm, snadno se instaluj\u00ed a dostupn\u00e9 v r\u016fzn\u00fdch velikostech pixel\u016f.","breadcrumb":{"@id":"https:\/\/www.telaled.com\/fabrica\/painel-de-led-outdoor-aluguel-serie-toa\/#breadcrumb"},"inLanguage":"cs","potentialAction":[{"@type":"ReadAction","target":["https:\/\/www.telaled.com\/fabrica\/painel-de-led-outdoor-aluguel-serie-toa\/"]}]},{"@type":"ImageObject","inLanguage":"cs","@id":"https:\/\/www.telaled.com\/fabrica\/painel-de-led-outdoor-aluguel-serie-toa\/#primaryimage","url":"https:\/\/www.telaled.com\/wp-content\/uploads\/2025\/07\/painel-de-led-outdoor-aluguel.webp","contentUrl":"https:\/\/www.telaled.com\/wp-content\/uploads\/2025\/07\/painel-de-led-outdoor-aluguel.webp","width":500,"height":500,"caption":"painel-de-led-outdoor-aluguel"},{"@type":"BreadcrumbList","@id":"https:\/\/www.telaled.com\/fabrica\/painel-de-led-outdoor-aluguel-serie-toa\/#breadcrumb","itemListElement":[{"@type":"ListItem","position":1,"name":"Home","item":"https:\/\/www.telaled.com\/"},{"@type":"ListItem","position":2,"name":"Produtos","item":"https:\/\/www.telaled.com\/shop\/"},{"@type":"ListItem","position":3,"name":"Painel de LED Outdoor Aluguel S\u00e9rie TOA"}]},{"@type":"WebSite","@id":"https:\/\/www.telaled.com\/#website","url":"https:\/\/www.telaled.com\/","name":"LED obrazovka","description":"","potentialAction":[{"@type":"SearchAction","target":{"@type":"EntryPoint","urlTemplate":"https:\/\/www.telaled.com\/?s={search_term_string}"},"query-input":{"@type":"PropertyValueSpecification","valueRequired":true,"valueName":"search_term_string"}}],"inLanguage":"cs"}]}},"_links":{"self":[{"href":"https:\/\/www.telaled.com\/cs\/wp-json\/wp\/v2\/product\/2732","targetHints":{"allow":["GET"]}}],"collection":[{"href":"https:\/\/www.telaled.com\/cs\/wp-json\/wp\/v2\/product"}],"about":[{"href":"https:\/\/www.telaled.com\/cs\/wp-json\/wp\/v2\/types\/product"}],"wp:featuredmedia":[{"embeddable":true,"href":"https:\/\/www.telaled.com\/cs\/wp-json\/wp\/v2\/media\/2733"}],"wp:attachment":[{"href":"https:\/\/www.telaled.com\/cs\/wp-json\/wp\/v2\/media?parent=2732"}],"wp:term":[{"taxonomy":"product_brand","embeddable":true,"href":"https:\/\/www.telaled.com\/cs\/wp-json\/wp\/v2\/product_brand?post=2732"},{"taxonomy":"product_cat","embeddable":true,"href":"https:\/\/www.telaled.com\/cs\/wp-json\/wp\/v2\/product_cat?post=2732"},{"taxonomy":"product_tag","embeddable":true,"href":"https:\/\/www.telaled.com\/cs\/wp-json\/wp\/v2\/product_tag?post=2732"}],"curies":[{"name":"wp","href":"https:\/\/api.w.org\/{rel}","templated":true}]}}