{"id":2717,"date":"2025-07-23T07:41:55","date_gmt":"2025-07-23T07:41:55","guid":{"rendered":"https:\/\/www.telaled.com\/?post_type=product&#038;p=2717"},"modified":"2026-01-03T08:52:48","modified_gmt":"2026-01-03T08:52:48","slug":"piso-de-led-interativo-serie-tri","status":"publish","type":"product","link":"https:\/\/www.telaled.com\/cs\/fabrica\/piso-de-led-interativo-serie-tri\/","title":{"rendered":"Interaktivn\u00ed LED podlaha \u0159ady TRI"},"content":{"rendered":"<div class=\"row\"  id=\"row-1280784332\">\n\n\t<div id=\"col-1128487999\" class=\"col small-12 large-12\"  >\n\t\t\t\t<div class=\"col-inner\"  >\n\t\t\t\n\t\t\t\n<h2>Exkluzivn\u00ed v\u00fdhody interaktivn\u00edch LED podlah \u0159ady TRI.<\/h2>\n<h3><strong>Vynikaj\u00edc\u00ed odolnost<\/strong><\/h3>\n<ul>\n<li>Sk\u0159\u00ed\u0148 je vyrobena z hlin\u00edkov\u00e9 slitiny pro zv\u00fd\u0161enou odolnost a lehkost, kter\u00e1 nab\u00edz\u00ed odolnost v\u016f\u010di korozi a n\u00e1raz\u016fm. D\u00e1le je chr\u00e1n\u011bna pr\u00e1\u0161kov\u00fdm lakov\u00e1n\u00edm, kter\u00e9 zaji\u0161\u0165uje odolnost proti po\u0161kr\u00e1b\u00e1n\u00ed, vyblednut\u00ed a drsn\u00fdm podm\u00ednk\u00e1m pro dlouhodob\u00e9 pou\u017e\u00edv\u00e1n\u00ed. Je vybavena vysoce pevn\u00fdmi PC maskami a n\u00e1razuvzdorn\u00fdm kovov\u00fdm pouzdrem. S nosnost\u00ed a\u017e 2 tuny.<\/li>\n<li>LED modul vyu\u017e\u00edv\u00e1 LED diody. <a href=\"https:\/\/www.telaled.com\/cs\/led-smd\/\">SMD<\/a> Pro zaji\u0161t\u011bn\u00ed z\u00e1\u0159iv\u00e9ho obrazu a vysok\u00e9 energetick\u00e9 \u00fa\u010dinnosti. Zajist\u011bte \u010dist\u00fd, jasn\u00fd a ostr\u00fd obraz s vynikaj\u00edc\u00ed reprodukc\u00ed barev. Navr\u017eeno s deskami plo\u0161n\u00fdch spoj\u016f na b\u00e1zi m\u011bdi pro efektivn\u00ed odvod tepla a prevenci p\u0159eh\u0159\u00edv\u00e1n\u00ed.<\/li>\n<\/ul>\n<h3><strong>V\u00fdjime\u010dn\u00e1 vizu\u00e1ln\u00ed kvalita<\/strong><\/h3>\n<ul>\n<li>Vysok\u00e1 obnovovac\u00ed frekvence a\u017e 1920\u20133840 Hz<\/li>\n<li>\u0160irok\u00fd pozorovac\u00ed \u00fahel 120\u00b0<\/li>\n<\/ul>\n<h3><strong>Kompletn\u00ed p\u0159izp\u016fsobivost<\/strong><\/h3>\n<ul>\n<li>Stupe\u0148 kryt\u00ed IP65 proti de\u0161ti\/prachu pro vnit\u0159n\u00ed i venkovn\u00ed pou\u017eit\u00ed (-20 \u00b0C a\u017e 50 \u00b0C)<\/li>\n<\/ul>\n<h3><strong>Komplexn\u00ed podpora<\/strong><\/h3>\n<ul>\n<li>Online technick\u00e1 podpora na d\u00e1lku 24 hodin denn\u011b, 7 dn\u00ed v t\u00fddnu \u2013 Pomoc, kdykoli ji pot\u0159ebujete.<\/li>\n<li>5% n\u00e1hradn\u00edch d\u00edl\u016f v cen\u011b \u2013 S ka\u017edou dod\u00e1vkou jsou dod\u00e1v\u00e1ny dal\u0161\u00ed d\u00edly pro v\u011bt\u0161\u00ed klid.<\/li>\n<li>3let\u00e1 prodlou\u017een\u00e1 z\u00e1ruka.<\/li>\n<\/ul>\n<h2>Detaily produktu<\/h2>\n<div class=\"row\"  id=\"row-1009674688\">\n\n\t<div id=\"col-2109767816\" class=\"col medium-10 small-12 large-10\"  >\n\t\t\t\t<div class=\"col-inner text-left\"  >\n\t\t\t\n\t\t\t\n<ul>\n<li>Specifikace <a href=\"https:\/\/www.telaled.com\/cs\/parede-interativa\/\">interaktivn\u00ed LED podlaha<\/a><\/li>\n<\/ul>\n\t<div class=\"img has-hover x md-x lg-x y md-y lg-y\" id=\"image_1931595272\">\n\t\t\t\t\t\t\t\t<div class=\"img-inner dark\" >\n\t\t\t<img loading=\"lazy\" decoding=\"async\" width=\"1300\" height=\"560\" src=\"https:\/\/www.telaled.com\/wp-content\/uploads\/2025\/07\/Especificacoes-do-LED-interativo-para-piso.jpg\" class=\"attachment-original size-original\" alt=\"Specifikace pro interaktivn\u00ed LED podlahov\u00e1 sv\u011btla\" srcset=\"https:\/\/www.telaled.com\/wp-content\/uploads\/2025\/07\/Especificacoes-do-LED-interativo-para-piso.jpg 1300w, https:\/\/www.telaled.com\/wp-content\/uploads\/2025\/07\/Especificacoes-do-LED-interativo-para-piso-300x129.jpg 300w, https:\/\/www.telaled.com\/wp-content\/uploads\/2025\/07\/Especificacoes-do-LED-interativo-para-piso-1024x441.jpg 1024w, https:\/\/www.telaled.com\/wp-content\/uploads\/2025\/07\/Especificacoes-do-LED-interativo-para-piso-768x331.jpg 768w, https:\/\/www.telaled.com\/wp-content\/uploads\/2025\/07\/Especificacoes-do-LED-interativo-para-piso-18x8.jpg 18w, https:\/\/www.telaled.com\/wp-content\/uploads\/2025\/07\/Especificacoes-do-LED-interativo-para-piso-600x258.jpg 600w\" sizes=\"auto, (max-width: 1300px) 100vw, 1300px\" \/>\t\t\t\t\t\t\n\t\t\t\t\t<\/div>\n\t\t\t\t\t\t\t\t\n<style>\n#image_1931595272 {\n  width: 95%;\n}\n<\/style>\n\t<\/div>\n\t\n\t\t<\/div>\n\t\t\t\t\t<\/div>\n\n\t\n\n\t<div id=\"col-1072794741\" class=\"col medium-10 small-12 large-10\"  >\n\t\t\t\t<div class=\"col-inner text-left\"  >\n\t\t\t\n\t\t\t\n<ul>\n<li>V\u00edce mo\u017enost\u00ed instalace pro interaktivn\u00ed LED podlahu.<\/li>\n<\/ul>\n\t<div class=\"img has-hover x md-x lg-x y md-y lg-y\" id=\"image_842702976\">\n\t\t\t\t\t\t\t\t<div class=\"img-inner dark\" >\n\t\t\t<img loading=\"lazy\" decoding=\"async\" width=\"1020\" height=\"319\" src=\"https:\/\/www.telaled.com\/wp-content\/uploads\/2025\/07\/Varios-modos-de-instalacao-do-piso-LED-interativo-1024x320.webp\" class=\"attachment-large size-large\" alt=\"\" srcset=\"https:\/\/www.telaled.com\/wp-content\/uploads\/2025\/07\/Varios-modos-de-instalacao-do-piso-LED-interativo-1024x320.webp 1024w, https:\/\/www.telaled.com\/wp-content\/uploads\/2025\/07\/Varios-modos-de-instalacao-do-piso-LED-interativo-300x94.webp 300w, https:\/\/www.telaled.com\/wp-content\/uploads\/2025\/07\/Varios-modos-de-instalacao-do-piso-LED-interativo-768x240.webp 768w, https:\/\/www.telaled.com\/wp-content\/uploads\/2025\/07\/Varios-modos-de-instalacao-do-piso-LED-interativo-1536x480.webp 1536w, https:\/\/www.telaled.com\/wp-content\/uploads\/2025\/07\/Varios-modos-de-instalacao-do-piso-LED-interativo-18x6.webp 18w, https:\/\/www.telaled.com\/wp-content\/uploads\/2025\/07\/Varios-modos-de-instalacao-do-piso-LED-interativo-600x188.webp 600w, https:\/\/www.telaled.com\/wp-content\/uploads\/2025\/07\/Varios-modos-de-instalacao-do-piso-LED-interativo.webp 1920w\" sizes=\"auto, (max-width: 1020px) 100vw, 1020px\" \/>\t\t\t\t\t\t\n\t\t\t\t\t<\/div>\n\t\t\t\t\t\t\t\t\n<style>\n#image_842702976 {\n  width: 95%;\n}\n<\/style>\n\t<\/div>\n\t\n<ul>\n<li>Proces instalace interaktivn\u00ed LED podlahy<\/li>\n<\/ul>\n\t<div class=\"img has-hover x md-x lg-x y md-y lg-y\" id=\"image_115972931\">\n\t\t\t\t\t\t\t\t<div class=\"img-inner dark\" >\n\t\t\t<img loading=\"lazy\" decoding=\"async\" width=\"1020\" height=\"492\" src=\"https:\/\/www.telaled.com\/wp-content\/uploads\/2025\/07\/Processo-de-instalacao-do-piso-LED-interativo-1024x494.webp\" class=\"attachment-large size-large\" alt=\"Proces instalace interaktivn\u00ed LED podlahy\" srcset=\"https:\/\/www.telaled.com\/wp-content\/uploads\/2025\/07\/Processo-de-instalacao-do-piso-LED-interativo-1024x494.webp 1024w, https:\/\/www.telaled.com\/wp-content\/uploads\/2025\/07\/Processo-de-instalacao-do-piso-LED-interativo-300x145.webp 300w, https:\/\/www.telaled.com\/wp-content\/uploads\/2025\/07\/Processo-de-instalacao-do-piso-LED-interativo-768x371.webp 768w, https:\/\/www.telaled.com\/wp-content\/uploads\/2025\/07\/Processo-de-instalacao-do-piso-LED-interativo-18x9.webp 18w, https:\/\/www.telaled.com\/wp-content\/uploads\/2025\/07\/Processo-de-instalacao-do-piso-LED-interativo-600x290.webp 600w, https:\/\/www.telaled.com\/wp-content\/uploads\/2025\/07\/Processo-de-instalacao-do-piso-LED-interativo.webp 1036w\" sizes=\"auto, (max-width: 1020px) 100vw, 1020px\" \/>\t\t\t\t\t\t\n\t\t\t\t\t<\/div>\n\t\t\t\t\t\t\t\t\n<style>\n#image_115972931 {\n  width: 95%;\n}\n<\/style>\n\t<\/div>\n\t\n<ul>\n<li>Sch\u00e9ma interaktivn\u00edho LED podlahov\u00e9ho syst\u00e9mu.<\/li>\n<\/ul>\n\t\t<\/div>\n\t\t\t\t\t<\/div>\n\n\t\n\n\t<div id=\"col-180906382\" class=\"col medium-10 small-12 large-10\"  >\n\t\t\t\t<div class=\"col-inner text-left\"  >\n\t\t\t\n\t\t\t\n\t<div class=\"img has-hover x md-x lg-x y md-y lg-y\" id=\"image_101705524\">\n\t\t\t\t\t\t\t\t<div class=\"img-inner dark\" >\n\t\t\t<img loading=\"lazy\" decoding=\"async\" width=\"1020\" height=\"403\" src=\"https:\/\/www.telaled.com\/wp-content\/uploads\/2025\/07\/Diagrama-do-sistema-interativo-de-exibicao-no-piso-1024x405.webp\" class=\"attachment-large size-large\" alt=\"\" srcset=\"https:\/\/www.telaled.com\/wp-content\/uploads\/2025\/07\/Diagrama-do-sistema-interativo-de-exibicao-no-piso-1024x405.webp 1024w, https:\/\/www.telaled.com\/wp-content\/uploads\/2025\/07\/Diagrama-do-sistema-interativo-de-exibicao-no-piso-300x119.webp 300w, https:\/\/www.telaled.com\/wp-content\/uploads\/2025\/07\/Diagrama-do-sistema-interativo-de-exibicao-no-piso-768x304.webp 768w, https:\/\/www.telaled.com\/wp-content\/uploads\/2025\/07\/Diagrama-do-sistema-interativo-de-exibicao-no-piso-18x7.webp 18w, https:\/\/www.telaled.com\/wp-content\/uploads\/2025\/07\/Diagrama-do-sistema-interativo-de-exibicao-no-piso-600x237.webp 600w, https:\/\/www.telaled.com\/wp-content\/uploads\/2025\/07\/Diagrama-do-sistema-interativo-de-exibicao-no-piso.webp 1280w\" sizes=\"auto, (max-width: 1020px) 100vw, 1020px\" \/>\t\t\t\t\t\t\n\t\t\t\t\t<\/div>\n\t\t\t\t\t\t\t\t\n<style>\n#image_101705524 {\n  width: 95%;\n}\n<\/style>\n\t<\/div>\n\t\n<ul>\n<li>LED displeje jsou baleny podle typu a zam\u00fd\u0161len\u00e9ho pou\u017eit\u00ed. Kompletn\u00ed displeje jsou pro lep\u0161\u00ed oporu um\u00edst\u011bny v d\u0159ev\u011bn\u00fdch bedn\u00e1ch. LED moduly jsou p\u0159epravov\u00e1ny v kartonov\u00fdch krabic\u00edch. S pronajat\u00fdmi displeji se zach\u00e1z\u00ed jinak; jsou baleny do letecky p\u0159epravn\u00edch beden. N\u011bkter\u00e9 polo\u017eky jsou um\u00edst\u011bny v jednoduch\u00fdch bedn\u00e1ch, ale pro v\u011bt\u0161\u00ed ochranu vyztu\u017een\u00e9 d\u0159ev\u011bn\u00fdmi r\u00e1my.<\/li>\n<\/ul>\n\t<div class=\"img has-hover x md-x lg-x y md-y lg-y\" id=\"image_1107506184\">\n\t\t\t\t\t\t\t\t<div class=\"img-inner dark\" >\n\t\t\t<img loading=\"lazy\" decoding=\"async\" width=\"760\" height=\"1024\" src=\"https:\/\/www.telaled.com\/wp-content\/uploads\/2025\/06\/Embalagem-760x1024.webp\" class=\"attachment-large size-large\" alt=\"Obal\" srcset=\"https:\/\/www.telaled.com\/wp-content\/uploads\/2025\/06\/Embalagem-760x1024.webp 760w, https:\/\/www.telaled.com\/wp-content\/uploads\/2025\/06\/Embalagem-223x300.webp 223w, https:\/\/www.telaled.com\/wp-content\/uploads\/2025\/06\/Embalagem-768x1035.webp 768w, https:\/\/www.telaled.com\/wp-content\/uploads\/2025\/06\/Embalagem-9x12.webp 9w, https:\/\/www.telaled.com\/wp-content\/uploads\/2025\/06\/Embalagem-600x808.webp 600w, https:\/\/www.telaled.com\/wp-content\/uploads\/2025\/06\/Embalagem.webp 795w\" sizes=\"auto, (max-width: 760px) 100vw, 760px\" \/>\t\t\t\t\t\t\n\t\t\t\t\t<\/div>\n\t\t\t\t\t\t\t\t\n<style>\n#image_1107506184 {\n  width: 95%;\n}\n<\/style>\n\t<\/div>\n\t\n\t\t<\/div>\n\t\t\t\t\t<\/div>\n\n\t\n<\/div>\n\t\t<\/div>\n\t\t\t\t\t<\/div>\n\n\t\n\n\t<div id=\"col-1100032919\" class=\"col small-12 large-12\"  >\n\t\t\t\t<div class=\"col-inner\"  >\n\t\t\t\n\t\t\t\n<div class=\"row\"  id=\"row-1006795403\">\n\n\t<div id=\"col-1308305953\" class=\"col medium-10 small-12 large-10\"  >\n\t\t\t\t<div class=\"col-inner\"  >\n\t\t\t\n\t\t\t\n\n<table id=\"tablepress-45\" class=\"tablepress tablepress-id-45\">\n<thead>\n<tr class=\"row-1\">\n\t<th class=\"column-1\">Model<\/th><th class=\"column-2\">TRI - 2,976<\/th><th class=\"column-3\">TRI - 3,91<\/th><th class=\"column-4\">TRI - 5.2<\/th><th class=\"column-5\">TRI - 6.25<\/th>\n<\/tr>\n<\/thead>\n<tbody class=\"row-striping row-hover\">\n<tr class=\"row-2\">\n\t<td class=\"column-1\">Rozte\u010d pixel\u016f (mm)<\/td><td class=\"column-2\">2,976 K\u010d<\/td><td class=\"column-3\">3,91 K\u010d<\/td><td class=\"column-4\">Strana 5.2<\/td><td class=\"column-5\">P 6.25<\/td>\n<\/tr>\n<tr class=\"row-3\">\n\t<td class=\"column-1\">Konfigurace LED diod<\/td><td class=\"column-2\">1R1G1B<\/td><td class=\"column-3\">1R1G1B<\/td><td class=\"column-4\">1R1G1B<\/td><td class=\"column-5\">1R1G1B<\/td>\n<\/tr>\n<tr class=\"row-4\">\n\t<td class=\"column-1\">Typ LED<\/td><td class=\"column-2\">SMD1415<\/td><td class=\"column-3\">SMD1921<\/td><td class=\"column-4\">SMD1921<\/td><td class=\"column-5\">SMD1921<\/td>\n<\/tr>\n<tr class=\"row-5\">\n\t<td class=\"column-1\">Rozli\u0161en\u00ed modulu<\/td><td class=\"column-2\">84x84<\/td><td class=\"column-3\">64x64<\/td><td class=\"column-4\">48x48<\/td><td class=\"column-5\">40x40<\/td>\n<\/tr>\n<tr class=\"row-6\">\n\t<td class=\"column-1\">Velikost modulu (mm)<\/td><td class=\"column-2\"><br \/>\n250x250<\/td><td class=\"column-3\"><br \/>\n250x250<\/td><td class=\"column-4\"><br \/>\n250x250<\/td><td class=\"column-5\"><br \/>\n250x250<\/td>\n<\/tr>\n<tr class=\"row-7\">\n\t<td class=\"column-1\">Rozm\u011bry sk\u0159\u00edn\u011b (mm)<\/td><td class=\"column-2\"><br \/>\n500\u00d71000<\/td><td class=\"column-3\"><br \/>\n500\u00d71000<\/td><td class=\"column-4\"><br \/>\n500\u00d71000<\/td><td class=\"column-5\"><br \/>\n500\u00d71000<\/td>\n<\/tr>\n<tr class=\"row-8\">\n\t<td class=\"column-1\">Hmotnost sk\u0159\u00edn\u011b (kg)<\/td><td class=\"column-2\"><br \/>\n25<\/td><td class=\"column-3\"><br \/>\n25<\/td><td class=\"column-4\"><br \/>\n25<\/td><td class=\"column-5\"><br \/>\n25<\/td>\n<\/tr>\n<tr class=\"row-9\">\n\t<td class=\"column-1\">Provozn\u00ed teplota (\u2103)<\/td><td class=\"column-2\"><br \/>\n-20~60<\/td><td class=\"column-3\"><br \/>\n-20~60<\/td><td class=\"column-4\"><br \/>\n-20~60<\/td><td class=\"column-5\"><br \/>\n-20~60<\/td>\n<\/tr>\n<tr class=\"row-10\">\n\t<td class=\"column-1\">Stupe\u0148 ochrany<\/td><td class=\"column-2\"><br \/>\nP\u0159edn\u00ed i zadn\u00ed \u010d\u00e1st maj\u00ed stupe\u0148 kryt\u00ed IP65.<\/td><td class=\"column-3\"><br \/>\nP\u0159edn\u00ed i zadn\u00ed \u010d\u00e1st maj\u00ed stupe\u0148 kryt\u00ed IP65.<\/td><td class=\"column-4\"><br \/>\nP\u0159edn\u00ed i zadn\u00ed \u010d\u00e1st maj\u00ed stupe\u0148 kryt\u00ed IP65.<\/td><td class=\"column-5\"><br \/>\nP\u0159edn\u00ed i zadn\u00ed \u010d\u00e1st maj\u00ed stupe\u0148 kryt\u00ed IP65.<\/td>\n<\/tr>\n<tr class=\"row-11\">\n\t<td class=\"column-1\">Osv\u011bd\u010den\u00ed<\/td><td class=\"column-2\">ROHS\/FCC\/CE<\/td><td class=\"column-3\">ROHS\/FCC\/CE<\/td><td class=\"column-4\">ROHS\/FCC\/CE<\/td><td class=\"column-5\">ROHS\/FCC\/CE<\/td>\n<\/tr>\n<\/tbody>\n<\/table>\n\n\t\t<\/div>\n\t\t\t\t\t<\/div>\n\n\t\n<\/div>\n\t\t<\/div>\n\t\t\t\t\t<\/div>\n\n\t\n<\/div>","protected":false},"excerpt":{"rendered":"<p><strong>Interaktivn\u00ed LED podlaha \u0159ady TRI: Odoln\u00e1, vodot\u011bsn\u00e1 a protiskluzov\u00e1 pro lep\u0161\u00ed zapojen\u00ed<\/strong><\/p>\n<p>O <strong>Interaktivn\u00ed LED podlaha \u0159ady TRI<\/strong> Nab\u00edz\u00ed odoln\u00e9, vysoce kvalitn\u00ed obrazovky s protisr\u00e1\u017ekov\u00fdmi, protit\u0159av\u00fdmi a vodot\u011bsn\u00fdmi vlastnostmi s kryt\u00edm IP65. Jeho protiskluzov\u00fd povrch zaji\u0161\u0165uje bezpe\u010dnost, tak\u017ee je ide\u00e1ln\u00ed pro vnit\u0159n\u00ed i venkovn\u00ed akce. Snadn\u00e1 instalace a p\u0159izp\u016fsoben\u00ed.<\/p>\n<p><strong>Hlavn\u00ed vlastnosti:<\/strong><\/p>\n<ul>\n<li><strong>Protikolizn\u00ed a protit\u0159ec\u00ed \u00fapravy:<\/strong> Odoln\u00e1 konstrukce pro dlouhodob\u00e9 pou\u017eit\u00ed ve vysoce frekventovan\u00fdch prostor\u00e1ch.<\/li>\n<li><strong>Vod\u011bodoln\u00e9 a protiskluzov\u00e9:<\/strong> Vod\u011bodolnost IP65 a protiskluzov\u00fd povrch pro bezpe\u010dnost v r\u016fzn\u00fdch prost\u0159ed\u00edch.<\/li>\n<li><strong>Vysoce kvalitn\u00ed obrazovka<\/strong>K dispozici v r\u016fzn\u00fdch rozte\u010d\u00edch pixel\u016f (2,9 mm, 3,91 mm, 5,2 mm a 6,25 mm) pro \u017eiv\u00e9 vizu\u00e1ln\u00ed efekty.<\/li>\n<li><strong>Snadn\u00e1 instalace:<\/strong> Modul\u00e1rn\u00ed design s flexibiln\u00ed velikost\u00ed pouzdra pro rychl\u00e9 a snadn\u00e9 nastaven\u00ed.<\/li>\n<\/ul>\n<p>Disponuje sk\u0159\u00ed\u0148kami o rozm\u011brech 500 mm x 1000 mm a hmotnosti p\u0159ibli\u017en\u011b 25 kg, co\u017e nab\u00edz\u00ed flexibilitu pro r\u016fzn\u00e9 konfigurace vystaven\u00ed.<\/p>\n<p>Z\u00edskejte nep\u0159etr\u017eitou vzd\u00e1lenou technickou podporu a 3letou z\u00e1ruku. Kontaktujte n\u00e1s a z\u00edskejte personalizovanou cenovou nab\u00eddku!<\/p>","protected":false},"featured_media":2718,"template":"","meta":[],"product_brand":[],"product_cat":[50,40,52],"product_tag":[],"class_list":{"0":"post-2717","1":"product","2":"type-product","3":"status-publish","4":"has-post-thumbnail","6":"product_cat-aluguel-de-painel-de-led","7":"product_cat-painel-de-led","8":"product_cat-piso-de-led","10":"first","11":"instock","12":"shipping-taxable","13":"product-type-simple"},"yoast_head":"<!-- This site is optimized with the Yoast SEO plugin v27.4 - https:\/\/yoast.com\/product\/yoast-seo-wordpress\/ -->\n<title>Piso interativo de LED da s\u00e9rie TRI: Experi\u00eancia de Toque Envolvente e de Alta Qualidade para Eventos e Exposi\u00e7\u00f5es | TELALED<\/title>\n<meta name=\"description\" content=\"O piso interativo de LED da s\u00e9rie TRI oferece pain\u00e9is de alta resolu\u00e7\u00e3o e sens\u00edveis ao toque para intera\u00e7\u00e3o din\u00e2mica em eventos e exposi\u00e7\u00f5es. Dur\u00e1vel, \u00e1gil e eficiente em termos de energia. Fa\u00e7a uma cota\u00e7\u00e3o agora!\" \/>\n<meta name=\"robots\" content=\"index, follow, max-snippet:-1, max-image-preview:large, max-video-preview:-1\" \/>\n<link rel=\"canonical\" href=\"https:\/\/www.telaled.com\/cs\/fabrica\/piso-de-led-interativo-serie-tri\/\" \/>\n<meta property=\"og:locale\" content=\"cs_CZ\" \/>\n<meta property=\"og:type\" content=\"article\" \/>\n<meta property=\"og:title\" content=\"Piso interativo de LED da s\u00e9rie TRI: Experi\u00eancia de Toque Envolvente e de Alta Qualidade para Eventos e Exposi\u00e7\u00f5es | TELALED\" \/>\n<meta property=\"og:description\" content=\"O piso interativo de LED da s\u00e9rie TRI oferece pain\u00e9is de alta resolu\u00e7\u00e3o e sens\u00edveis ao toque para intera\u00e7\u00e3o din\u00e2mica em eventos e exposi\u00e7\u00f5es. Dur\u00e1vel, \u00e1gil e eficiente em termos de energia. Fa\u00e7a uma cota\u00e7\u00e3o agora!\" \/>\n<meta property=\"og:url\" content=\"https:\/\/www.telaled.com\/cs\/fabrica\/piso-de-led-interativo-serie-tri\/\" \/>\n<meta property=\"og:site_name\" content=\"TELALED\" \/>\n<meta property=\"article:modified_time\" content=\"2026-01-03T08:52:48+00:00\" \/>\n<meta property=\"og:image\" content=\"https:\/\/www.telaled.com\/wp-content\/uploads\/2025\/07\/piso-de-led-interativo.webp\" \/>\n\t<meta property=\"og:image:width\" content=\"500\" \/>\n\t<meta property=\"og:image:height\" content=\"500\" \/>\n\t<meta property=\"og:image:type\" content=\"image\/webp\" \/>\n<meta name=\"twitter:card\" content=\"summary_large_image\" \/>\n<meta name=\"twitter:label1\" content=\"Est. reading time\" \/>\n\t<meta name=\"twitter:data1\" content=\"3 minuty\" \/>\n<script type=\"application\/ld+json\" class=\"yoast-schema-graph\">{\"@context\":\"https:\\\/\\\/schema.org\",\"@graph\":[{\"@type\":\"WebPage\",\"@id\":\"https:\\\/\\\/www.telaled.com\\\/fabrica\\\/piso-de-led-interativo-serie-tri\\\/\",\"url\":\"https:\\\/\\\/www.telaled.com\\\/fabrica\\\/piso-de-led-interativo-serie-tri\\\/\",\"name\":\"Piso interativo de LED da s\u00e9rie TRI: Experi\u00eancia de Toque Envolvente e de Alta Qualidade para Eventos e Exposi\u00e7\u00f5es | TELALED\",\"isPartOf\":{\"@id\":\"https:\\\/\\\/www.telaled.com\\\/#website\"},\"primaryImageOfPage\":{\"@id\":\"https:\\\/\\\/www.telaled.com\\\/fabrica\\\/piso-de-led-interativo-serie-tri\\\/#primaryimage\"},\"image\":{\"@id\":\"https:\\\/\\\/www.telaled.com\\\/fabrica\\\/piso-de-led-interativo-serie-tri\\\/#primaryimage\"},\"thumbnailUrl\":\"https:\\\/\\\/www.telaled.com\\\/wp-content\\\/uploads\\\/2025\\\/07\\\/piso-de-led-interativo.webp\",\"datePublished\":\"2025-07-23T07:41:55+00:00\",\"dateModified\":\"2026-01-03T08:52:48+00:00\",\"description\":\"O piso interativo de LED da s\u00e9rie TRI oferece pain\u00e9is de alta resolu\u00e7\u00e3o e sens\u00edveis ao toque para intera\u00e7\u00e3o din\u00e2mica em eventos e exposi\u00e7\u00f5es. Dur\u00e1vel, \u00e1gil e eficiente em termos de energia. Fa\u00e7a uma cota\u00e7\u00e3o agora!\",\"breadcrumb\":{\"@id\":\"https:\\\/\\\/www.telaled.com\\\/fabrica\\\/piso-de-led-interativo-serie-tri\\\/#breadcrumb\"},\"inLanguage\":\"cs\",\"potentialAction\":[{\"@type\":\"ReadAction\",\"target\":[\"https:\\\/\\\/www.telaled.com\\\/fabrica\\\/piso-de-led-interativo-serie-tri\\\/\"]}]},{\"@type\":\"ImageObject\",\"inLanguage\":\"cs\",\"@id\":\"https:\\\/\\\/www.telaled.com\\\/fabrica\\\/piso-de-led-interativo-serie-tri\\\/#primaryimage\",\"url\":\"https:\\\/\\\/www.telaled.com\\\/wp-content\\\/uploads\\\/2025\\\/07\\\/piso-de-led-interativo.webp\",\"contentUrl\":\"https:\\\/\\\/www.telaled.com\\\/wp-content\\\/uploads\\\/2025\\\/07\\\/piso-de-led-interativo.webp\",\"width\":500,\"height\":500,\"caption\":\"piso-de-led-interativo\"},{\"@type\":\"BreadcrumbList\",\"@id\":\"https:\\\/\\\/www.telaled.com\\\/fabrica\\\/piso-de-led-interativo-serie-tri\\\/#breadcrumb\",\"itemListElement\":[{\"@type\":\"ListItem\",\"position\":1,\"name\":\"Home\",\"item\":\"https:\\\/\\\/www.telaled.com\\\/\"},{\"@type\":\"ListItem\",\"position\":2,\"name\":\"Produtos\",\"item\":\"https:\\\/\\\/www.telaled.com\\\/shop\\\/\"},{\"@type\":\"ListItem\",\"position\":3,\"name\":\"Piso de LED Interativo S\u00e9rie TRI\"}]},{\"@type\":\"WebSite\",\"@id\":\"https:\\\/\\\/www.telaled.com\\\/#website\",\"url\":\"https:\\\/\\\/www.telaled.com\\\/\",\"name\":\"TELALED\",\"description\":\"\",\"potentialAction\":[{\"@type\":\"SearchAction\",\"target\":{\"@type\":\"EntryPoint\",\"urlTemplate\":\"https:\\\/\\\/www.telaled.com\\\/?s={search_term_string}\"},\"query-input\":{\"@type\":\"PropertyValueSpecification\",\"valueRequired\":true,\"valueName\":\"search_term_string\"}}],\"inLanguage\":\"cs\"}]}<\/script>\n<!-- \/ Yoast SEO plugin. -->","yoast_head_json":{"title":"Interaktivn\u00ed LED podlaha \u0159ady TRI: Pohlcuj\u00edc\u00ed a vysoce kvalitn\u00ed dotykov\u00fd z\u00e1\u017eitek pro akce a v\u00fdstavy | TELALED","description":"Interaktivn\u00ed LED podlaha \u0159ady TRI nab\u00edz\u00ed dotykov\u00e9 panely s vysok\u00fdm rozli\u0161en\u00edm pro dynamickou interakci na akc\u00edch a v\u00fdstav\u00e1ch. Odoln\u00e1, agiln\u00ed a energeticky \u00fasporn\u00e1. Z\u00edskejte cenovou nab\u00eddku hned te\u010f!","robots":{"index":"index","follow":"follow","max-snippet":"max-snippet:-1","max-image-preview":"max-image-preview:large","max-video-preview":"max-video-preview:-1"},"canonical":"https:\/\/www.telaled.com\/cs\/fabrica\/piso-de-led-interativo-serie-tri\/","og_locale":"cs_CZ","og_type":"article","og_title":"Piso interativo de LED da s\u00e9rie TRI: Experi\u00eancia de Toque Envolvente e de Alta Qualidade para Eventos e Exposi\u00e7\u00f5es | TELALED","og_description":"O piso interativo de LED da s\u00e9rie TRI oferece pain\u00e9is de alta resolu\u00e7\u00e3o e sens\u00edveis ao toque para intera\u00e7\u00e3o din\u00e2mica em eventos e exposi\u00e7\u00f5es. Dur\u00e1vel, \u00e1gil e eficiente em termos de energia. Fa\u00e7a uma cota\u00e7\u00e3o agora!","og_url":"https:\/\/www.telaled.com\/cs\/fabrica\/piso-de-led-interativo-serie-tri\/","og_site_name":"TELALED","article_modified_time":"2026-01-03T08:52:48+00:00","og_image":[{"width":500,"height":500,"url":"https:\/\/www.telaled.com\/wp-content\/uploads\/2025\/07\/piso-de-led-interativo.webp","type":"image\/webp"}],"twitter_card":"summary_large_image","twitter_misc":{"Est. reading time":"3 minuty"},"schema":{"@context":"https:\/\/schema.org","@graph":[{"@type":"WebPage","@id":"https:\/\/www.telaled.com\/fabrica\/piso-de-led-interativo-serie-tri\/","url":"https:\/\/www.telaled.com\/fabrica\/piso-de-led-interativo-serie-tri\/","name":"Interaktivn\u00ed LED podlaha \u0159ady TRI: Pohlcuj\u00edc\u00ed a vysoce kvalitn\u00ed dotykov\u00fd z\u00e1\u017eitek pro akce a v\u00fdstavy | TELALED","isPartOf":{"@id":"https:\/\/www.telaled.com\/#website"},"primaryImageOfPage":{"@id":"https:\/\/www.telaled.com\/fabrica\/piso-de-led-interativo-serie-tri\/#primaryimage"},"image":{"@id":"https:\/\/www.telaled.com\/fabrica\/piso-de-led-interativo-serie-tri\/#primaryimage"},"thumbnailUrl":"https:\/\/www.telaled.com\/wp-content\/uploads\/2025\/07\/piso-de-led-interativo.webp","datePublished":"2025-07-23T07:41:55+00:00","dateModified":"2026-01-03T08:52:48+00:00","description":"Interaktivn\u00ed LED podlaha \u0159ady TRI nab\u00edz\u00ed dotykov\u00e9 panely s vysok\u00fdm rozli\u0161en\u00edm pro dynamickou interakci na akc\u00edch a v\u00fdstav\u00e1ch. Odoln\u00e1, agiln\u00ed a energeticky \u00fasporn\u00e1. Z\u00edskejte cenovou nab\u00eddku hned te\u010f!","breadcrumb":{"@id":"https:\/\/www.telaled.com\/fabrica\/piso-de-led-interativo-serie-tri\/#breadcrumb"},"inLanguage":"cs","potentialAction":[{"@type":"ReadAction","target":["https:\/\/www.telaled.com\/fabrica\/piso-de-led-interativo-serie-tri\/"]}]},{"@type":"ImageObject","inLanguage":"cs","@id":"https:\/\/www.telaled.com\/fabrica\/piso-de-led-interativo-serie-tri\/#primaryimage","url":"https:\/\/www.telaled.com\/wp-content\/uploads\/2025\/07\/piso-de-led-interativo.webp","contentUrl":"https:\/\/www.telaled.com\/wp-content\/uploads\/2025\/07\/piso-de-led-interativo.webp","width":500,"height":500,"caption":"piso-de-led-interativo"},{"@type":"BreadcrumbList","@id":"https:\/\/www.telaled.com\/fabrica\/piso-de-led-interativo-serie-tri\/#breadcrumb","itemListElement":[{"@type":"ListItem","position":1,"name":"Home","item":"https:\/\/www.telaled.com\/"},{"@type":"ListItem","position":2,"name":"Produtos","item":"https:\/\/www.telaled.com\/shop\/"},{"@type":"ListItem","position":3,"name":"Piso de LED Interativo S\u00e9rie TRI"}]},{"@type":"WebSite","@id":"https:\/\/www.telaled.com\/#website","url":"https:\/\/www.telaled.com\/","name":"LED obrazovka","description":"","potentialAction":[{"@type":"SearchAction","target":{"@type":"EntryPoint","urlTemplate":"https:\/\/www.telaled.com\/?s={search_term_string}"},"query-input":{"@type":"PropertyValueSpecification","valueRequired":true,"valueName":"search_term_string"}}],"inLanguage":"cs"}]}},"_links":{"self":[{"href":"https:\/\/www.telaled.com\/cs\/wp-json\/wp\/v2\/product\/2717","targetHints":{"allow":["GET"]}}],"collection":[{"href":"https:\/\/www.telaled.com\/cs\/wp-json\/wp\/v2\/product"}],"about":[{"href":"https:\/\/www.telaled.com\/cs\/wp-json\/wp\/v2\/types\/product"}],"wp:featuredmedia":[{"embeddable":true,"href":"https:\/\/www.telaled.com\/cs\/wp-json\/wp\/v2\/media\/2718"}],"wp:attachment":[{"href":"https:\/\/www.telaled.com\/cs\/wp-json\/wp\/v2\/media?parent=2717"}],"wp:term":[{"taxonomy":"product_brand","embeddable":true,"href":"https:\/\/www.telaled.com\/cs\/wp-json\/wp\/v2\/product_brand?post=2717"},{"taxonomy":"product_cat","embeddable":true,"href":"https:\/\/www.telaled.com\/cs\/wp-json\/wp\/v2\/product_cat?post=2717"},{"taxonomy":"product_tag","embeddable":true,"href":"https:\/\/www.telaled.com\/cs\/wp-json\/wp\/v2\/product_tag?post=2717"}],"curies":[{"name":"wp","href":"https:\/\/api.w.org\/{rel}","templated":true}]}}