{"id":2658,"date":"2025-07-21T03:26:52","date_gmt":"2025-07-21T03:26:52","guid":{"rendered":"https:\/\/www.telaled.com\/?post_type=product&#038;p=2658"},"modified":"2026-01-03T06:07:43","modified_gmt":"2026-01-03T06:07:43","slug":"modulo-de-led-p2-flexivel","status":"publish","type":"product","link":"https:\/\/www.telaled.com\/cs\/fabrica\/modulo-de-led-p2-flexivel\/","title":{"rendered":"Flexibiln\u00ed LED modul P2"},"content":{"rendered":"<div id=\"featurebullets_feature_div\" class=\"celwidget\" data-feature-name=\"featurebullets\" data-csa-c-type=\"widget\" data-csa-c-content-id=\"featurebullets\" data-csa-c-slot-id=\"featurebullets_feature_div\" data-csa-c-asin=\"B07DF32D6Q\" data-csa-c-is-in-initial-active-row=\"false\" data-csa-c-id=\"3j0pnl-7cjnp-9t8psx-tspeog\">\n<div id=\"feature-bullets\" class=\"a-section a-spacing-medium a-spacing-top-small\">\n<div data-zone-id=\"0\" data-line-index=\"0\" data-line=\"true\">\n<p><strong>Hlavn\u00ed aplikace:<\/strong><\/p>\n<ul>\n<li><strong>Obchodn\u00ed a n\u00e1kupn\u00ed centra:<\/strong> Pou\u017eijte flexibiln\u00ed LED panely k vytvo\u0159en\u00ed zak\u0159iven\u00fdch LED st\u011bn, sloupov\u00fdch obal\u016f nebo vlastn\u00edch cedul\u00ed, kter\u00e9 p\u0159itahuj\u00ed nakupuj\u00edc\u00ed a propaguj\u00ed produkty ostr\u00fdmi obr\u00e1zky a pohyblivou grafikou.<\/li>\n<li><strong><a href=\"https:\/\/www.telaled.com\/cs\/fabrica\/aluguel-de-painel-de-led-da-serie-tra\/\">Pron\u00e1jem p\u00f3di\u00ed a akc\u00ed<\/a>:<\/strong> Ide\u00e1ln\u00ed pro koncerty, svatby a \u017eiv\u00e9 akce. Skl\u00e1dac\u00ed konstrukce umo\u017e\u0148uje vytvo\u0159it jedine\u010dn\u00e9 kulisy a dynamick\u00e9 vizu\u00e1ln\u00ed efekty, kter\u00e9 umoc\u0148uj\u00ed z\u00e1\u017eitek z pro\u017eit\u00ed div\u00e1ck\u00e9ho z\u00e1\u017eitku.<\/li>\n<li><strong>V\u00fdstavn\u00ed haly a veletrhy:<\/strong> Zv\u00fdrazn\u011bte p\u0159\u00edtomnost sv\u00e9 zna\u010dky pomoc\u00ed poutav\u00fdch LED displej\u016f. Vysok\u00e9 rozli\u0161en\u00ed a hladk\u00e9 k\u0159ivky v\u00e1m pomohou vyniknout v p\u0159epln\u011bn\u00fdch prostor\u00e1ch d\u00edky v\u00fdrazn\u00fdm a barevn\u00fdm prezentac\u00edm.<\/li>\n<li><strong>Leti\u0161t\u011b a dopravn\u00ed uzly:<\/strong> Ide\u00e1ln\u00ed pro zobrazov\u00e1n\u00ed informac\u00ed, pokyn\u016f nebo reklam v m\u00edstech s omezen\u00fdm prostorem a pozorovac\u00edmi \u00fahly.<\/li>\n<li><strong>Vnit\u0159n\u00ed reklama:<\/strong> Od luxusn\u00edch butik\u016f a\u017e po restaurace s rychl\u00fdm ob\u010derstven\u00edm, flexibiln\u00ed LED moduly P2 pom\u00e1haj\u00ed zobrazovat \u017eiv\u00e9 reklamy v t\u011bsn\u00fdch nebo zak\u00e1zkov\u00fdch prostor\u00e1ch bez zkreslen\u00ed.<\/li>\n<\/ul>\n<p><strong>Osv\u011bd\u010den\u00e1 technologie:<\/strong><\/p>\n<ul>\n<li>IP40\/IP50 \u2013 Odolnost proti prachu a vlhkosti.<\/li>\n<li>16bitov\u00fd gradient (281 bilion\u016f barev) \u2013 fotorealistick\u00fd.<\/li>\n<li>Certifikace CE\/RoHS\/ISO9001 \u2013 Zaru\u010den\u00e1 pr\u016fmyslov\u00e1 kvalita.<\/li>\n<\/ul>\n<p><img loading=\"lazy\" decoding=\"async\" class=\"alignnone wp-image-2017 size-full\" src=\"https:\/\/www.telaled.com\/wp-content\/uploads\/2023\/06\/quality-led-module-materials-1.webp\" alt=\"kvalitn\u00ed modul\u00e1rn\u00ed materi\u00e1ly\" width=\"768\" height=\"555\" srcset=\"https:\/\/www.telaled.com\/wp-content\/uploads\/2023\/06\/quality-led-module-materials-1.webp 768w, https:\/\/www.telaled.com\/wp-content\/uploads\/2023\/06\/quality-led-module-materials-1-300x217.webp 300w, https:\/\/www.telaled.com\/wp-content\/uploads\/2023\/06\/quality-led-module-materials-1-18x12.webp 18w, https:\/\/www.telaled.com\/wp-content\/uploads\/2023\/06\/quality-led-module-materials-1-600x434.webp 600w\" sizes=\"auto, (max-width: 768px) 100vw, 768px\" \/><\/p>\n<\/div>\n<\/div>\n<\/div>\n<div data-feature-name=\"acf-carousel\" data-csa-c-type=\"widget\" data-csa-c-content-id=\"acf-carousel\" data-csa-c-slot-id=\"acf-carousel_feature_div\" data-csa-c-asin=\"B07DF32D6Q\" data-csa-c-is-in-initial-active-row=\"false\" data-csa-c-id=\"oqpgyr-mh4egp-nntzd2-kyiiqq\">\n<table id=\"tablepress-43\" class=\"tablepress tablepress-id-43\">\n<thead>\n<tr class=\"row-1\">\n\t<th colspan=\"4\" class=\"column-1\">Technick\u00e9 detaily<\/th>\n<\/tr>\n<\/thead>\n<tbody class=\"row-striping row-hover\">\n<tr class=\"row-2\">\n\t<td class=\"column-1\">\u010c\u00edslo modelu<\/td><td class=\"column-2\">TL \u2013 Flexibiln\u00ed LED modul P2<\/td><td class=\"column-3\"><\/td><td class=\"column-4\"><\/td>\n<\/tr>\n<tr class=\"row-3\">\n\t<td class=\"column-1\">N\u00e1zev zna\u010dky<\/td><td class=\"column-2\">V\u00fdrobce TELALED<\/td><td class=\"column-3\">Plochost obrazovky<\/td><td class=\"column-4\">&lt;\u00b11 mm<\/td>\n<\/tr>\n<tr class=\"row-4\">\n\t<td class=\"column-1\">M\u00edsto p\u016fvodu<\/td><td class=\"column-2\">Kuang-tung, \u010c\u00edna<\/td><td class=\"column-3\">St\u0159edn\u00ed doba mezi poruchami (MTBF)<\/td><td class=\"column-4\">&gt;10 000 hodin<\/td>\n<\/tr>\n<tr class=\"row-5\">\n\t<td class=\"column-1\">Vzd\u00e1lenost mezi pixely<\/td><td class=\"column-2\">P2<\/td><td class=\"column-3\">Doba pou\u017eitelnosti<\/td><td class=\"column-4\">&gt;100 000 hodin<\/td>\n<\/tr>\n<tr class=\"row-6\">\n\t<td class=\"column-1\">Minim\u00e1ln\u00ed pozorovac\u00ed vzd\u00e1lenost<\/td><td class=\"column-2\">2m<\/td><td class=\"column-3\">Provozn\u00ed nap\u011bt\u00ed displeje<\/td><td class=\"column-4\">AC46\uff5e54HZ, 220V\u00b115%\/110V\u00b115%<\/td>\n<\/tr>\n<tr class=\"row-7\">\n\t<td class=\"column-1\">Konfigurace LED<\/td><td class=\"column-2\">SMD1515<\/td><td class=\"column-3\">\u00datlum sv\u011btla<\/td><td class=\"column-4\">&lt;3%<\/td>\n<\/tr>\n<tr class=\"row-8\">\n\t<td class=\"column-1\">Rozli\u0161en\u00ed modulu<\/td><td class=\"column-2\">120\u00d760 pixel\u016f \/128\u00d764 pixel\u016f<\/td><td class=\"column-3\">Svodov\u00fd proud<\/td><td class=\"column-4\">&lt;3mA<\/td>\n<\/tr>\n<tr class=\"row-9\">\n\t<td class=\"column-1\">Pixely modul\u016f<\/td><td class=\"column-2\">7200 pixel\u016f \/ 8192 pixel\u016f<\/td><td class=\"column-3\">Stupe\u0148 kryt\u00ed IP<\/td><td class=\"column-4\">Zadn\u00ed strana m\u00e1 kryt\u00ed IP40, p\u0159edn\u00ed strana IP50.<\/td>\n<\/tr>\n<tr class=\"row-10\">\n\t<td class=\"column-1\">Velikost modulu<\/td><td class=\"column-2\">D240 mm*V120 mm*T12 \/D256 mm*V128 mm*T12<\/td><td class=\"column-3\">Teplota a vlhkost na pracovi\u0161ti<\/td><td class=\"column-4\">Teplota: -20 \u00b0C a\u017e +60 \u00b0C \/ Vlhkost: 10% a\u017e 90% RH<\/td>\n<\/tr>\n<tr class=\"row-11\">\n\t<td class=\"column-1\">Velikost sk\u0159\u00edn\u011b<\/td><td class=\"column-2\">P\u0159izp\u016fsobeno<\/td><td class=\"column-3\">Podporovan\u00e1 m\u00e9dia<\/td><td class=\"column-4\">Technick\u00e9 specifikace, Fotografie, CAD modely, Video<\/td>\n<\/tr>\n<tr class=\"row-12\">\n\t<td class=\"column-1\">Konfigurace pixel\u016f<\/td><td class=\"column-2\">SMD3-v-1, plnobarevn\u00fd R\/G\/B 1:1:1<\/td><td class=\"column-3\">Funkce<\/td><td class=\"column-4\">SDK<\/td>\n<\/tr>\n<tr class=\"row-13\">\n\t<td class=\"column-1\">Vyv\u00e1\u017een\u00fd lesk<\/td><td class=\"column-2\">1000 cd\/m\u00b2 (vnit\u0159n\u00ed)<\/td><td class=\"column-3\">Re\u017eim ovl\u00e1d\u00e1n\u00ed<\/td><td class=\"column-4\">Synchronizace s \u0159\u00eddic\u00edm po\u010d\u00edta\u010dem p\u0159es DVI<\/td>\n<\/tr>\n<tr class=\"row-14\">\n\t<td class=\"column-1\">Metoda pohonu<\/td><td class=\"column-2\">1\/32 skenov\u00e1n\u00ed<\/td><td class=\"column-3\">Podporovan\u00fd software<\/td><td class=\"column-4\">Windows XP\/W7\/Vista<\/td>\n<\/tr>\n<tr class=\"row-15\">\n\t<td class=\"column-1\">Obnovovac\u00ed frekvence<\/td><td class=\"column-2\">\u22651920 Hz<\/td><td class=\"column-3\">\u0158\u00eddic\u00ed syst\u00e9m<\/td><td class=\"column-4\">DVI karta + \u0159adi\u010d plnobarevn\u00e9ho sign\u00e1lu + optick\u00e9 vl\u00e1kno (voliteln\u00e9)<\/td>\n<\/tr>\n<tr class=\"row-16\">\n\t<td class=\"column-1\">Zm\u011bna frekvence detekce<\/td><td class=\"column-2\">50\u201360 Hz<\/td><td class=\"column-3\">Zna\u010dka hlavn\u00edho \u0159\u00eddic\u00edho syst\u00e9mu<\/td><td class=\"column-4\">Novastar, Linsn, Huidu, Colorlight<\/td>\n<\/tr>\n<tr class=\"row-17\">\n\t<td class=\"column-1\">Pozorovac\u00ed \u00fahel<\/td><td class=\"column-2\">H140\u00b0 V120\u00b0<\/td><td class=\"column-3\">Rozhran\u00ed<\/td><td class=\"column-4\">Standardn\u00ed Ethernet<\/td>\n<\/tr>\n<tr class=\"row-18\">\n\t<td class=\"column-1\">M\u00edra ne\u010dinnosti<\/td><td class=\"column-2\">\u22641%<\/td><td class=\"column-3\">P\u0159enosov\u00e1 vzd\u00e1lenost<\/td><td class=\"column-4\">V\u00edcem\u00f3dov\u00e9 vl\u00e1kno <500m >\n<\/tr>\n<tr class=\"row-19\">\n\t<td class=\"column-1\">Energetick\u00fd odpad<\/td><td class=\"column-2\">700*1000 W\/m2<\/td><td class=\"column-3\">Z\u00e1ruka<\/td><td class=\"column-4\">5 let<\/td>\n<\/tr>\n<tr class=\"row-20\">\n\t<td class=\"column-1\">Pr\u016fm\u011brn\u00e1 spot\u0159eba energie<\/td><td class=\"column-2\">250 W\/m2<\/td><td class=\"column-3\">Typ dodavatele<\/td><td class=\"column-4\">P\u016fvodn\u00ed v\u00fdrobce\/ODM\/OEM<\/td>\n<\/tr>\n<tr class=\"row-21\">\n\t<td class=\"column-1\">\u00darove\u0148 \u0161edi<\/td><td class=\"column-2\">16 bit\u016f (281 bilion\u016f barev) \/ 65 536 odst\u00edn\u016f na prim\u00e1rn\u00ed barvu<\/td><td class=\"column-3\">Dodac\u00ed lh\u016fta<\/td><td class=\"column-4\">25 (nebo dohodou)<\/td>\n<\/tr>\n<tr class=\"row-22\">\n\t<td class=\"column-1\">Barva displeje<\/td><td class=\"column-2\">16 milion\u016f<\/td><td class=\"column-3\">Aplikace<\/td><td class=\"column-4\">Reklama\/Interi\u00e9r\/Exteri\u00e9r<\/td>\n<\/tr>\n<tr class=\"row-23\">\n\t<td class=\"column-1\">Nep\u0159eru\u0161ovan\u00e1 pracovn\u00ed doba<\/td><td class=\"column-2\">\u226572 hodin<\/td><td class=\"column-3\">Pou\u017eit\u00ed<\/td><td class=\"column-4\">Digit\u00e1ln\u00ed reklama, N\u00e1kupn\u00ed centra, Uv\u00edtac\u00ed displeje, V\u00fdstavn\u00ed haly, Leti\u0161t\u011b, Kostely, Sport, Akce, Sch\u016fzky, Pron\u00e1jmy, P\u00f3dia, Automobilov\u00fd pr\u016fmysl, Maloobchod, Svatby<\/td>\n<\/tr>\n<tr class=\"row-24\">\n\t<td class=\"column-1\">Diskr\u00e9tn\u00ed m\u00edra slep\u00e9ho \u00fahlu<\/td><td class=\"column-2\"><1><td class=\"column-3\">Podrobnosti o balen\u00ed<\/td><td class=\"column-4\">Zes\u00edlen\u00e1 kartonov\u00e1 krabice + d\u0159evo<\/td>\n<\/tr>\n<tr class=\"row-25\">\n\t<td class=\"column-1\">Kontinu\u00e1ln\u00ed m\u00edra slep\u00e9ho \u00fahlu<\/td><td class=\"column-2\">\u017d\u00e1dn\u00fd<\/td><td class=\"column-3\">Kapacita dod\u00e1vek<\/td><td class=\"column-4\">5 000 jednotek\/m\u011bs\u00edc<\/td>\n<\/tr>\n<tr class=\"row-26\">\n\t<td class=\"column-1\">M\u00edra slep\u00e9ho \u00fahlu<\/td><td class=\"column-2\"><1><td class=\"column-3\">P\u0159\u00edstav<\/td><td class=\"column-4\">\u0160en-\u010den<\/td>\n<\/tr>\n<\/tbody>\n<\/table>\n<!-- #tablepress-43 from cache --><\/div>\n<div id=\"provenanceCertifications_feature_div\" class=\"celwidget\" data-feature-name=\"provenanceCertifications\" data-csa-c-type=\"widget\" data-csa-c-content-id=\"provenanceCertifications\" data-csa-c-slot-id=\"provenanceCertifications_feature_div\" data-csa-c-asin=\"B07DF32D6Q\" data-csa-c-is-in-initial-active-row=\"false\" data-csa-c-id=\"6t8ho-xbknmj-nqaso5-ne24gd\">\n<div id=\"provenance-certifications\" class=\"a-section a-spacing-medium a-spacing-top-micro\"><\/div>\n<\/div>","protected":false},"excerpt":{"rendered":"<p><strong>Flexibiln\u00ed LED modul P2 \u2013 LED displej na m\u00edru pro kreativn\u00ed instalace<\/strong><\/p>\n<p>Na\u0161e <strong>Flexibiln\u00ed LED modul P2 <\/strong> Jsou navr\u017eeny pro zak\u0159iven\u00e9 LED obrazovky. D\u00edky rozte\u010di pixel\u016f 2 mm, vysok\u00e9 obnovovac\u00ed frekvenci a dlouh\u00e9 \u017eivotnosti nab\u00edzej\u00ed ostr\u00fd a bezchybn\u00fd obraz pro kreativn\u00ed prost\u0159ed\u00ed v n\u00e1kupn\u00edch centrech., <a href=\"https:\/\/www.telaled.com\/cs\/painel-de-led-para-eventos\/\">ud\u00e1losti<\/a> a v\u00fdstavy.<\/p>\n<p><strong>Hlavn\u00ed v\u00fdhody:<\/strong><br \/>\n<strong><br \/>\n\u2714 Flexibiln\u00ed design, p\u0159ipraven\u00fd na k\u0159ivky: <\/strong>Snadno se p\u0159izp\u016fsob\u00ed zak\u0159iven\u00fdm nebo nepravideln\u00fdm povrch\u016fm bez ztr\u00e1ty jednotnosti nebo vizu\u00e1ln\u00ed kvality.<strong><br \/>\n<\/strong><\/p>\n<p><strong>\u2714 V\u00fdstup s vysok\u00fdm rozli\u0161en\u00edm: <\/strong>Rozte\u010d pixel\u016f 2 mm a hustota pixel\u016f a\u017e 8192 zaji\u0161\u0165uj\u00ed jasn\u00fd a ostr\u00fd obraz i z bl\u00edzk\u00e9 vzd\u00e1lenosti.<strong><br \/>\n<\/strong><\/p>\n<p><strong>\u2714 Odoln\u00e9 a dlouhotrvaj\u00edc\u00ed:<\/strong> Navr\u017eeno pro provoz p\u0159es 100 000 hodin s n\u00edzkou m\u00edrou mrtv\u00e9ho sv\u011btla a slep\u00fdch m\u00edst pro konzistentn\u00ed v\u00fdkon obrazovky.<strong><br \/>\n<\/strong><\/p>\n<p><strong>\u2714 \u0160irok\u00e1 kompatibilita a ovl\u00e1d\u00e1n\u00ed: <\/strong>Funguje s hlavn\u00edmi \u0159\u00eddic\u00edmi syst\u00e9my, jako jsou Novastar a Colorlight. Synchronizace p\u0159es DVI a Ethernet zaji\u0161\u0165uje stabiln\u00ed zobrazen\u00ed.<\/p>","protected":false},"featured_media":2714,"template":"","meta":[],"product_brand":[],"product_cat":[41],"product_tag":[],"class_list":{"0":"post-2658","1":"product","2":"type-product","3":"status-publish","4":"has-post-thumbnail","6":"product_cat-modulo-painel-de-led","8":"first","9":"instock","10":"shipping-taxable","11":"product-type-simple"},"yoast_head":"<!-- This site is optimized with the Yoast SEO plugin v27.4 - https:\/\/yoast.com\/product\/yoast-seo-wordpress\/ -->\n<title>M\u00f3dulo de LED P2 flex\u00edvel | E painel de LED Curvo de Alta Resolu\u00e7\u00e3o |TELALED<\/title>\n<meta name=\"description\" content=\"Explore nosso m\u00f3dulo de LED P2 flex\u00edvel para aplica\u00e7\u00f5es de telas curvas perfeitas. Perfeito para telas de LED criativas para ambientes internos. Fa\u00e7a seu pedido agora para obter entrega r\u00e1pida e suporte especializado.\" \/>\n<meta name=\"robots\" content=\"index, follow, max-snippet:-1, max-image-preview:large, max-video-preview:-1\" \/>\n<link rel=\"canonical\" href=\"https:\/\/www.telaled.com\/cs\/fabrica\/modulo-de-led-p2-flexivel\/\" \/>\n<meta property=\"og:locale\" content=\"cs_CZ\" \/>\n<meta property=\"og:type\" content=\"article\" \/>\n<meta property=\"og:title\" content=\"M\u00f3dulo de LED P2 flex\u00edvel | E painel de LED Curvo de Alta Resolu\u00e7\u00e3o |TELALED\" \/>\n<meta property=\"og:description\" content=\"Explore nosso m\u00f3dulo de LED P2 flex\u00edvel para aplica\u00e7\u00f5es de telas curvas perfeitas. Perfeito para telas de LED criativas para ambientes internos. Fa\u00e7a seu pedido agora para obter entrega r\u00e1pida e suporte especializado.\" \/>\n<meta property=\"og:url\" content=\"https:\/\/www.telaled.com\/cs\/fabrica\/modulo-de-led-p2-flexivel\/\" \/>\n<meta property=\"og:site_name\" content=\"TELALED\" \/>\n<meta property=\"article:modified_time\" content=\"2026-01-03T06:07:43+00:00\" \/>\n<meta property=\"og:image\" content=\"https:\/\/www.telaled.com\/wp-content\/uploads\/2025\/07\/Modulo-de-LED-P2-flexivel-1.jpg\" \/>\n\t<meta property=\"og:image:width\" content=\"500\" \/>\n\t<meta property=\"og:image:height\" content=\"500\" \/>\n\t<meta property=\"og:image:type\" content=\"image\/jpeg\" \/>\n<meta name=\"twitter:card\" content=\"summary_large_image\" \/>\n<meta name=\"twitter:label1\" content=\"Est. reading time\" \/>\n\t<meta name=\"twitter:data1\" content=\"2 minuty\" \/>\n<script type=\"application\/ld+json\" class=\"yoast-schema-graph\">{\"@context\":\"https:\\\/\\\/schema.org\",\"@graph\":[{\"@type\":\"WebPage\",\"@id\":\"https:\\\/\\\/www.telaled.com\\\/fabrica\\\/modulo-de-led-p2-flexivel\\\/\",\"url\":\"https:\\\/\\\/www.telaled.com\\\/fabrica\\\/modulo-de-led-p2-flexivel\\\/\",\"name\":\"M\u00f3dulo de LED P2 flex\u00edvel | E painel de LED Curvo de Alta Resolu\u00e7\u00e3o |TELALED\",\"isPartOf\":{\"@id\":\"https:\\\/\\\/www.telaled.com\\\/#website\"},\"primaryImageOfPage\":{\"@id\":\"https:\\\/\\\/www.telaled.com\\\/fabrica\\\/modulo-de-led-p2-flexivel\\\/#primaryimage\"},\"image\":{\"@id\":\"https:\\\/\\\/www.telaled.com\\\/fabrica\\\/modulo-de-led-p2-flexivel\\\/#primaryimage\"},\"thumbnailUrl\":\"https:\\\/\\\/www.telaled.com\\\/wp-content\\\/uploads\\\/2025\\\/07\\\/Modulo-de-LED-P2-flexivel-1.jpg\",\"datePublished\":\"2025-07-21T03:26:52+00:00\",\"dateModified\":\"2026-01-03T06:07:43+00:00\",\"description\":\"Explore nosso m\u00f3dulo de LED P2 flex\u00edvel para aplica\u00e7\u00f5es de telas curvas perfeitas. Perfeito para telas de LED criativas para ambientes internos. Fa\u00e7a seu pedido agora para obter entrega r\u00e1pida e suporte especializado.\",\"breadcrumb\":{\"@id\":\"https:\\\/\\\/www.telaled.com\\\/fabrica\\\/modulo-de-led-p2-flexivel\\\/#breadcrumb\"},\"inLanguage\":\"cs\",\"potentialAction\":[{\"@type\":\"ReadAction\",\"target\":[\"https:\\\/\\\/www.telaled.com\\\/fabrica\\\/modulo-de-led-p2-flexivel\\\/\"]}]},{\"@type\":\"ImageObject\",\"inLanguage\":\"cs\",\"@id\":\"https:\\\/\\\/www.telaled.com\\\/fabrica\\\/modulo-de-led-p2-flexivel\\\/#primaryimage\",\"url\":\"https:\\\/\\\/www.telaled.com\\\/wp-content\\\/uploads\\\/2025\\\/07\\\/Modulo-de-LED-P2-flexivel-1.jpg\",\"contentUrl\":\"https:\\\/\\\/www.telaled.com\\\/wp-content\\\/uploads\\\/2025\\\/07\\\/Modulo-de-LED-P2-flexivel-1.jpg\",\"width\":500,\"height\":500,\"caption\":\"M\u00f3dulo-de-LED-P2-flex\u00edvel\"},{\"@type\":\"BreadcrumbList\",\"@id\":\"https:\\\/\\\/www.telaled.com\\\/fabrica\\\/modulo-de-led-p2-flexivel\\\/#breadcrumb\",\"itemListElement\":[{\"@type\":\"ListItem\",\"position\":1,\"name\":\"Home\",\"item\":\"https:\\\/\\\/www.telaled.com\\\/\"},{\"@type\":\"ListItem\",\"position\":2,\"name\":\"Produtos\",\"item\":\"https:\\\/\\\/www.telaled.com\\\/shop\\\/\"},{\"@type\":\"ListItem\",\"position\":3,\"name\":\"M\u00f3dulo de LED P2 Flex\u00edvel\"}]},{\"@type\":\"WebSite\",\"@id\":\"https:\\\/\\\/www.telaled.com\\\/#website\",\"url\":\"https:\\\/\\\/www.telaled.com\\\/\",\"name\":\"TELALED\",\"description\":\"\",\"potentialAction\":[{\"@type\":\"SearchAction\",\"target\":{\"@type\":\"EntryPoint\",\"urlTemplate\":\"https:\\\/\\\/www.telaled.com\\\/?s={search_term_string}\"},\"query-input\":{\"@type\":\"PropertyValueSpecification\",\"valueRequired\":true,\"valueName\":\"search_term_string\"}}],\"inLanguage\":\"cs\"}]}<\/script>\n<!-- \/ Yoast SEO plugin. -->","yoast_head_json":{"title":"Flexibiln\u00ed LED modul P2 | Zak\u0159iven\u00fd LED panel s vysok\u00fdm rozli\u0161en\u00edm | TELALED","description":"Prozkoumejte n\u00e1\u0161 flexibiln\u00ed LED modul P2 pro bezprobl\u00e9mov\u00e9 zak\u0159iven\u00e9 displeje. Ide\u00e1ln\u00ed pro kreativn\u00ed interi\u00e9rov\u00e9 LED displeje. Objednejte si nyn\u00ed a z\u00edskejte rychl\u00e9 dod\u00e1n\u00ed a odbornou podporu.","robots":{"index":"index","follow":"follow","max-snippet":"max-snippet:-1","max-image-preview":"max-image-preview:large","max-video-preview":"max-video-preview:-1"},"canonical":"https:\/\/www.telaled.com\/cs\/fabrica\/modulo-de-led-p2-flexivel\/","og_locale":"cs_CZ","og_type":"article","og_title":"M\u00f3dulo de LED P2 flex\u00edvel | E painel de LED Curvo de Alta Resolu\u00e7\u00e3o |TELALED","og_description":"Explore nosso m\u00f3dulo de LED P2 flex\u00edvel para aplica\u00e7\u00f5es de telas curvas perfeitas. Perfeito para telas de LED criativas para ambientes internos. Fa\u00e7a seu pedido agora para obter entrega r\u00e1pida e suporte especializado.","og_url":"https:\/\/www.telaled.com\/cs\/fabrica\/modulo-de-led-p2-flexivel\/","og_site_name":"TELALED","article_modified_time":"2026-01-03T06:07:43+00:00","og_image":[{"width":500,"height":500,"url":"https:\/\/www.telaled.com\/wp-content\/uploads\/2025\/07\/Modulo-de-LED-P2-flexivel-1.jpg","type":"image\/jpeg"}],"twitter_card":"summary_large_image","twitter_misc":{"Est. reading time":"2 minuty"},"schema":{"@context":"https:\/\/schema.org","@graph":[{"@type":"WebPage","@id":"https:\/\/www.telaled.com\/fabrica\/modulo-de-led-p2-flexivel\/","url":"https:\/\/www.telaled.com\/fabrica\/modulo-de-led-p2-flexivel\/","name":"Flexibiln\u00ed LED modul P2 | Zak\u0159iven\u00fd LED panel s vysok\u00fdm rozli\u0161en\u00edm | TELALED","isPartOf":{"@id":"https:\/\/www.telaled.com\/#website"},"primaryImageOfPage":{"@id":"https:\/\/www.telaled.com\/fabrica\/modulo-de-led-p2-flexivel\/#primaryimage"},"image":{"@id":"https:\/\/www.telaled.com\/fabrica\/modulo-de-led-p2-flexivel\/#primaryimage"},"thumbnailUrl":"https:\/\/www.telaled.com\/wp-content\/uploads\/2025\/07\/Modulo-de-LED-P2-flexivel-1.jpg","datePublished":"2025-07-21T03:26:52+00:00","dateModified":"2026-01-03T06:07:43+00:00","description":"Prozkoumejte n\u00e1\u0161 flexibiln\u00ed LED modul P2 pro bezprobl\u00e9mov\u00e9 zak\u0159iven\u00e9 displeje. Ide\u00e1ln\u00ed pro kreativn\u00ed interi\u00e9rov\u00e9 LED displeje. Objednejte si nyn\u00ed a z\u00edskejte rychl\u00e9 dod\u00e1n\u00ed a odbornou podporu.","breadcrumb":{"@id":"https:\/\/www.telaled.com\/fabrica\/modulo-de-led-p2-flexivel\/#breadcrumb"},"inLanguage":"cs","potentialAction":[{"@type":"ReadAction","target":["https:\/\/www.telaled.com\/fabrica\/modulo-de-led-p2-flexivel\/"]}]},{"@type":"ImageObject","inLanguage":"cs","@id":"https:\/\/www.telaled.com\/fabrica\/modulo-de-led-p2-flexivel\/#primaryimage","url":"https:\/\/www.telaled.com\/wp-content\/uploads\/2025\/07\/Modulo-de-LED-P2-flexivel-1.jpg","contentUrl":"https:\/\/www.telaled.com\/wp-content\/uploads\/2025\/07\/Modulo-de-LED-P2-flexivel-1.jpg","width":500,"height":500,"caption":"M\u00f3dulo-de-LED-P2-flex\u00edvel"},{"@type":"BreadcrumbList","@id":"https:\/\/www.telaled.com\/fabrica\/modulo-de-led-p2-flexivel\/#breadcrumb","itemListElement":[{"@type":"ListItem","position":1,"name":"Home","item":"https:\/\/www.telaled.com\/"},{"@type":"ListItem","position":2,"name":"Produtos","item":"https:\/\/www.telaled.com\/shop\/"},{"@type":"ListItem","position":3,"name":"M\u00f3dulo de LED P2 Flex\u00edvel"}]},{"@type":"WebSite","@id":"https:\/\/www.telaled.com\/#website","url":"https:\/\/www.telaled.com\/","name":"LED obrazovka","description":"","potentialAction":[{"@type":"SearchAction","target":{"@type":"EntryPoint","urlTemplate":"https:\/\/www.telaled.com\/?s={search_term_string}"},"query-input":{"@type":"PropertyValueSpecification","valueRequired":true,"valueName":"search_term_string"}}],"inLanguage":"cs"}]}},"_links":{"self":[{"href":"https:\/\/www.telaled.com\/cs\/wp-json\/wp\/v2\/product\/2658","targetHints":{"allow":["GET"]}}],"collection":[{"href":"https:\/\/www.telaled.com\/cs\/wp-json\/wp\/v2\/product"}],"about":[{"href":"https:\/\/www.telaled.com\/cs\/wp-json\/wp\/v2\/types\/product"}],"wp:featuredmedia":[{"embeddable":true,"href":"https:\/\/www.telaled.com\/cs\/wp-json\/wp\/v2\/media\/2714"}],"wp:attachment":[{"href":"https:\/\/www.telaled.com\/cs\/wp-json\/wp\/v2\/media?parent=2658"}],"wp:term":[{"taxonomy":"product_brand","embeddable":true,"href":"https:\/\/www.telaled.com\/cs\/wp-json\/wp\/v2\/product_brand?post=2658"},{"taxonomy":"product_cat","embeddable":true,"href":"https:\/\/www.telaled.com\/cs\/wp-json\/wp\/v2\/product_cat?post=2658"},{"taxonomy":"product_tag","embeddable":true,"href":"https:\/\/www.telaled.com\/cs\/wp-json\/wp\/v2\/product_tag?post=2658"}],"curies":[{"name":"wp","href":"https:\/\/api.w.org\/{rel}","templated":true}]}}