{"id":2606,"date":"2025-07-17T08:01:54","date_gmt":"2025-07-17T08:01:54","guid":{"rendered":"https:\/\/www.telaled.com\/?post_type=product&#038;p=2606"},"modified":"2026-01-02T10:07:17","modified_gmt":"2026-01-02T10:07:17","slug":"modulo-painel-de-led-p6-exteriores","status":"publish","type":"product","link":"https:\/\/www.telaled.com\/cs\/fabrica\/modulo-painel-de-led-p6-exteriores\/","title":{"rendered":"Venkovn\u00ed LED panelov\u00fd modul P6"},"content":{"rendered":"<div id=\"featurebullets_feature_div\" class=\"celwidget\" data-feature-name=\"featurebullets\" data-csa-c-type=\"widget\" data-csa-c-content-id=\"featurebullets\" data-csa-c-slot-id=\"featurebullets_feature_div\" data-csa-c-asin=\"B07DF32D6Q\" data-csa-c-is-in-initial-active-row=\"false\" data-csa-c-id=\"3j0pnl-7cjnp-9t8psx-tspeog\">\n<div id=\"feature-bullets\" class=\"a-section a-spacing-medium a-spacing-top-small\">\n<div data-zone-id=\"0\" data-line-index=\"0\" data-line=\"true\">\n<p><strong>Hlavn\u00ed aplikace:<\/strong><\/p>\n<ul>\n<li><strong>Extern\u00ed reklama:<\/strong> Ide\u00e1ln\u00ed pro billboardy, digit\u00e1ln\u00ed signage a propaga\u010dn\u00ed displeje ve vysoce frekventovan\u00fdch oblastech, jako jsou m\u011bstsk\u00e9 ulice, d\u00e1lnice a ve\u0159ejn\u00e1 n\u00e1m\u011bst\u00ed.<\/li>\n<li><strong>Zna\u010den\u00ed <a href=\"https:\/\/www.telaled.com\/cs\/painel-de-led-para-eventos\/\">ud\u00e1losti<\/a>:<\/strong> Ide\u00e1ln\u00ed pro v\u00fdstavy, koncerty, festivaly a sportovn\u00ed akce, poskytuje jasn\u00e9 informace velk\u00fdm dav\u016fm v otev\u0159en\u00fdch prostor\u00e1ch.<\/li>\n<li><strong>Ve\u0159ejn\u00e9 informa\u010dn\u00ed displeje:<\/strong> Spolehliv\u00fd pro dopravn\u00ed uzly, jako jsou leti\u0161t\u011b, vlakov\u00e1 n\u00e1dra\u017e\u00ed a autobusov\u00e1 termin\u00e1ly, a poskytuje informace v re\u00e1ln\u00e9m \u010dase, jako jsou j\u00edzdn\u00ed \u0159\u00e1dy, pokyny a upozorn\u011bn\u00ed.<\/li>\n<li><strong>Komer\u010dn\u00ed a maloobchodn\u00ed pou\u017eit\u00ed:<\/strong> Vynikaj\u00edc\u00ed pro n\u00e1kupn\u00ed centra, obchody a restaurace, pro zobrazov\u00e1n\u00ed propaga\u010dn\u00edch akc\u00ed, reklam na produkty nebo pro pov\u011bdom\u00ed o zna\u010dce.<\/li>\n<li><strong>Prostory pro firemn\u00ed a konferen\u010dn\u00ed akce:<\/strong> Pou\u017e\u00edvejte v zasedac\u00edch m\u00edstnostech, semin\u00e1rn\u00edch m\u00edstnostech a na veletrz\u00edch pro prezentace, uv\u00edtac\u00ed zpr\u00e1vy nebo firemn\u00ed ozn\u00e1men\u00ed.<\/li>\n<\/ul>\n<p><strong>Osv\u011bd\u010den\u00e1 technologie:<\/strong><\/p>\n<ul>\n<li>IP65 \u2013 Odolnost proti prachu a vlhkosti.<\/li>\n<li>16bitov\u00fd gradient (281 bilion\u016f barev) \u2013 fotorealistick\u00fd.<\/li>\n<li>Certifikace CE\/RoHS\/ISO9001 \u2013 Zaru\u010den\u00e1 pr\u016fmyslov\u00e1 kvalita.<\/li>\n<\/ul>\n<p><img loading=\"lazy\" decoding=\"async\" class=\"alignnone wp-image-2017 size-full\" src=\"https:\/\/www.telaled.com\/wp-content\/uploads\/2023\/06\/quality-led-module-materials-1.webp\" alt=\"kvalitn\u00ed modul\u00e1rn\u00ed materi\u00e1ly\" width=\"768\" height=\"555\" srcset=\"https:\/\/www.telaled.com\/wp-content\/uploads\/2023\/06\/quality-led-module-materials-1.webp 768w, https:\/\/www.telaled.com\/wp-content\/uploads\/2023\/06\/quality-led-module-materials-1-300x217.webp 300w, https:\/\/www.telaled.com\/wp-content\/uploads\/2023\/06\/quality-led-module-materials-1-18x12.webp 18w, https:\/\/www.telaled.com\/wp-content\/uploads\/2023\/06\/quality-led-module-materials-1-600x434.webp 600w\" sizes=\"auto, (max-width: 768px) 100vw, 768px\" \/><\/p>\n<\/div>\n<\/div>\n<\/div>\n<div data-feature-name=\"acf-carousel\" data-csa-c-type=\"widget\" data-csa-c-content-id=\"acf-carousel\" data-csa-c-slot-id=\"acf-carousel_feature_div\" data-csa-c-asin=\"B07DF32D6Q\" data-csa-c-is-in-initial-active-row=\"false\" data-csa-c-id=\"oqpgyr-mh4egp-nntzd2-kyiiqq\">\n<table id=\"tablepress-39\" class=\"tablepress tablepress-id-39\">\n<thead>\n<tr class=\"row-1\">\n\t<th class=\"column-1\">Aplikace <\/th><th class=\"column-2\">Intern\u00ed a extern\u00ed<\/th>\n<\/tr>\n<\/thead>\n<tbody class=\"row-striping row-hover\">\n<tr class=\"row-2\">\n\t<td class=\"column-1\">Typ obrazovky:<\/td><td class=\"column-2\"> LED obrazovka pro video<\/td>\n<\/tr>\n<tr class=\"row-3\">\n\t<td class=\"column-1\">Obnovovac\u00ed frekvence: <\/td><td class=\"column-2\">1920 Hz\/3840 Hz<\/td>\n<\/tr>\n<tr class=\"row-4\">\n\t<td class=\"column-1\">Materi\u00e1l sk\u0159\u00edn\u011b: <\/td><td class=\"column-2\">\u017delezo\/hlin\u00edk<\/td>\n<\/tr>\n<tr class=\"row-5\">\n\t<td class=\"column-1\">\u00dadr\u017eba: <\/td><td class=\"column-2\">P\u0159edn\u00ed servis\/Zadn\u00ed servis<\/td>\n<\/tr>\n<tr class=\"row-6\">\n\t<td class=\"column-1\">P\u016fvod: <\/td><td class=\"column-2\">\u0160en-\u010den, \u010c\u00edna<\/td>\n<\/tr>\n<tr class=\"row-7\">\n\t<td class=\"column-1\">Typ dodavatele: <\/td><td class=\"column-2\">P\u016fvodn\u00ed v\u00fdrobce, ODM, OEM<\/td>\n<\/tr>\n<tr class=\"row-8\">\n\t<td class=\"column-1\">Vzd\u00e1lenost mezi pixely (mm) <\/td><td class=\"column-2\">P2, 5, P3, P4 PS, P10<\/td>\n<\/tr>\n<tr class=\"row-9\">\n\t<td class=\"column-1\">Slo\u017een\u00ed pixel\u016f: <\/td><td class=\"column-2\">1R1G1B<\/td>\n<\/tr>\n<tr class=\"row-10\">\n\t<td class=\"column-1\">Typ LED: <\/td><td class=\"column-2\">SMD2121<\/td>\n<\/tr>\n<tr class=\"row-11\">\n\t<td class=\"column-1\">Re\u017eim skenov\u00e1n\u00ed: <\/td><td class=\"column-2\">32\/16\/8<\/td>\n<\/tr>\n<tr class=\"row-12\">\n\t<td class=\"column-1\">Jas (cd\/m\u00b2) <\/td><td class=\"column-2\">1000-1500<\/td>\n<\/tr>\n<tr class=\"row-13\">\n\t<td class=\"column-1\">Balen\u00ed pro p\u0159epravu: <\/td><td class=\"column-2\">Letov\u00fd kufr nebo d\u0159ev\u011bn\u00e1 krabice<\/td>\n<\/tr>\n<tr class=\"row-14\">\n\t<td class=\"column-1\">Nastaven\u00ed jasu:<\/td><td class=\"column-2\"> 256 \u00farovn\u00ed<\/td>\n<\/tr>\n<tr class=\"row-15\">\n\t<td class=\"column-1\">Osv\u011bd\u010den\u00ed: <\/td><td class=\"column-2\">CE, RoHS, ETL<\/td>\n<\/tr>\n<tr class=\"row-16\">\n\t<td class=\"column-1\">Doprava <\/td><td class=\"column-2\">Expresn\u00ed, letecky nebo po mo\u0159i.<\/td>\n<\/tr>\n<tr class=\"row-17\">\n\t<td class=\"column-1\">Pozorovac\u00ed \u00fahel: <\/td><td class=\"column-2\">140 stup\u0148\u016f<\/td>\n<\/tr>\n<tr class=\"row-18\">\n\t<td class=\"column-1\">Doba pou\u017eitelnosti: <\/td><td class=\"column-2\">50 000 hodin<\/td>\n<\/tr>\n<tr class=\"row-19\">\n\t<td class=\"column-1\">Provozn\u00ed teplota (\u00b0C)<\/td><td class=\"column-2\"> Mezi -40 \u00b0C a 80 \u00b0C<\/td>\n<\/tr>\n<\/tbody>\n<\/table>\n<!-- #tablepress-39 from cache --><\/div>\n<div id=\"provenanceCertifications_feature_div\" class=\"celwidget\" data-feature-name=\"provenanceCertifications\" data-csa-c-type=\"widget\" data-csa-c-content-id=\"provenanceCertifications\" data-csa-c-slot-id=\"provenanceCertifications_feature_div\" data-csa-c-asin=\"B07DF32D6Q\" data-csa-c-is-in-initial-active-row=\"false\" data-csa-c-id=\"6t8ho-xbknmj-nqaso5-ne24gd\">\n<div id=\"provenance-certifications\" class=\"a-section a-spacing-medium a-spacing-top-micro\"><\/div>\n<\/div>","protected":false},"excerpt":{"rendered":"<p><strong>Venkovn\u00ed LED panelov\u00fd modul P6 \u2013 Vysoce v\u00fdkonn\u00fd displej pro venkovn\u00ed reklamu<\/strong><\/p>\n<p>O <strong>Venkovn\u00ed LED panelov\u00fd modul P6<\/strong> Nab\u00edz\u00ed jasn\u00e9 obrazovky s vysok\u00fdm rozli\u0161en\u00edm ur\u010den\u00e9 pro venkovn\u00ed reklamu. Je navr\u017eena pro dlouhou \u017eivotnost, tak\u017ee funguje dob\u0159e v jak\u00e9mkoli prost\u0159ed\u00ed a poskytuje ostr\u00fd obraz s dlouhou \u017eivotnost\u00ed.<\/p>\n<p><strong>Hlavn\u00ed v\u00fdhody:<\/strong><br \/>\n<strong><br \/>\n\u2714 Vysok\u00e9 rozli\u0161en\u00ed:<\/strong> Obrazovka s rozli\u0161en\u00edm 32x32 pixel\u016f a plnobarevn\u00fdmi LED diodami SMD2727.<strong><br \/>\n<\/strong><\/p>\n<p><strong>\u2714 Dlouh\u00e1 \u017eivotnost: <\/strong>V\u00edce ne\u017e 100 000 hodin pou\u017e\u00edv\u00e1n\u00ed a n\u00edzk\u00e1 poruchovost.<strong><br \/>\n<\/strong><\/p>\n<p><strong>\u2714<a href=\"https:\/\/www.telaled.com\/cs\/fabrica\/painel-led-economizador-de-energia-serie-toc\/\"> Energetick\u00e1 \u00fa\u010dinnost<\/a>: <\/strong>Pr\u016fm\u011brn\u00e1 spot\u0159eba energie 480 W\/m2.<strong><br \/>\n<\/strong><\/p>\n<p><strong>\u2714 Odolnost ve venkovn\u00edm prost\u0159ed\u00ed: <\/strong>Stupe\u0148 kryt\u00ed IP65, provozn\u00ed teploty od -20 \u00b0C do +60 \u00b0C.<strong><br \/>\n<\/strong><\/p>\n<p><strong>\u2714 Jasn\u00fd displej: <\/strong>Jas 7000 cd\/m2 pro dobrou viditelnost na slunci.<\/p>","protected":false},"featured_media":2709,"template":"","meta":[],"product_brand":[],"product_cat":[41],"product_tag":[],"class_list":{"0":"post-2606","1":"product","2":"type-product","3":"status-publish","4":"has-post-thumbnail","6":"product_cat-modulo-painel-de-led","8":"first","9":"instock","10":"shipping-taxable","11":"product-type-simple"},"yoast_head":"<!-- This site is optimized with the Yoast SEO plugin v27.4 - https:\/\/yoast.com\/product\/yoast-seo-wordpress\/ -->\n<title>Modulo Painel de LED P6 Exteriores | Tela Dur\u00e1vel e de Alta Qualidade para Publicidade Externa |TELALED<\/title>\n<meta name=\"description\" content=\"O Modulo Painel de LED P6 Exteriores oferece clareza e durabilidade excepcionais para displays externos. Perfeito para outdoors e sinaliza\u00e7\u00e3o digital, ele oferece imagens brilhantes e de alta qualidade que duram. Melhore a sua publicidade externa hoje mesmo, entre em contato conosco agora!\" \/>\n<meta name=\"robots\" content=\"index, follow, max-snippet:-1, max-image-preview:large, max-video-preview:-1\" \/>\n<link rel=\"canonical\" href=\"https:\/\/www.telaled.com\/cs\/fabrica\/modulo-painel-de-led-p6-exteriores\/\" \/>\n<meta property=\"og:locale\" content=\"cs_CZ\" \/>\n<meta property=\"og:type\" content=\"article\" \/>\n<meta property=\"og:title\" content=\"Modulo Painel de LED P6 Exteriores | Tela Dur\u00e1vel e de Alta Qualidade para Publicidade Externa |TELALED\" \/>\n<meta property=\"og:description\" content=\"O Modulo Painel de LED P6 Exteriores oferece clareza e durabilidade excepcionais para displays externos. Perfeito para outdoors e sinaliza\u00e7\u00e3o digital, ele oferece imagens brilhantes e de alta qualidade que duram. Melhore a sua publicidade externa hoje mesmo, entre em contato conosco agora!\" \/>\n<meta property=\"og:url\" content=\"https:\/\/www.telaled.com\/cs\/fabrica\/modulo-painel-de-led-p6-exteriores\/\" \/>\n<meta property=\"og:site_name\" content=\"TELALED\" \/>\n<meta property=\"article:modified_time\" content=\"2026-01-02T10:07:17+00:00\" \/>\n<meta property=\"og:image\" content=\"https:\/\/www.telaled.com\/wp-content\/uploads\/2025\/07\/Modulo-Painel-de-LED-P6-Exteriores-1-1.webp\" \/>\n\t<meta property=\"og:image:width\" content=\"500\" \/>\n\t<meta property=\"og:image:height\" content=\"500\" \/>\n\t<meta property=\"og:image:type\" content=\"image\/webp\" \/>\n<meta name=\"twitter:card\" content=\"summary_large_image\" \/>\n<meta name=\"twitter:label1\" content=\"Est. reading time\" \/>\n\t<meta name=\"twitter:data1\" content=\"2 minuty\" \/>\n<script type=\"application\/ld+json\" class=\"yoast-schema-graph\">{\"@context\":\"https:\\\/\\\/schema.org\",\"@graph\":[{\"@type\":\"WebPage\",\"@id\":\"https:\\\/\\\/www.telaled.com\\\/fabrica\\\/modulo-painel-de-led-p6-exteriores\\\/\",\"url\":\"https:\\\/\\\/www.telaled.com\\\/fabrica\\\/modulo-painel-de-led-p6-exteriores\\\/\",\"name\":\"Modulo Painel de LED P6 Exteriores | Tela Dur\u00e1vel e de Alta Qualidade para Publicidade Externa |TELALED\",\"isPartOf\":{\"@id\":\"https:\\\/\\\/www.telaled.com\\\/#website\"},\"primaryImageOfPage\":{\"@id\":\"https:\\\/\\\/www.telaled.com\\\/fabrica\\\/modulo-painel-de-led-p6-exteriores\\\/#primaryimage\"},\"image\":{\"@id\":\"https:\\\/\\\/www.telaled.com\\\/fabrica\\\/modulo-painel-de-led-p6-exteriores\\\/#primaryimage\"},\"thumbnailUrl\":\"https:\\\/\\\/www.telaled.com\\\/wp-content\\\/uploads\\\/2025\\\/07\\\/Modulo-Painel-de-LED-P6-Exteriores-1-1.webp\",\"datePublished\":\"2025-07-17T08:01:54+00:00\",\"dateModified\":\"2026-01-02T10:07:17+00:00\",\"description\":\"O Modulo Painel de LED P6 Exteriores oferece clareza e durabilidade excepcionais para displays externos. Perfeito para outdoors e sinaliza\u00e7\u00e3o digital, ele oferece imagens brilhantes e de alta qualidade que duram. Melhore a sua publicidade externa hoje mesmo, entre em contato conosco agora!\",\"breadcrumb\":{\"@id\":\"https:\\\/\\\/www.telaled.com\\\/fabrica\\\/modulo-painel-de-led-p6-exteriores\\\/#breadcrumb\"},\"inLanguage\":\"cs\",\"potentialAction\":[{\"@type\":\"ReadAction\",\"target\":[\"https:\\\/\\\/www.telaled.com\\\/fabrica\\\/modulo-painel-de-led-p6-exteriores\\\/\"]}]},{\"@type\":\"ImageObject\",\"inLanguage\":\"cs\",\"@id\":\"https:\\\/\\\/www.telaled.com\\\/fabrica\\\/modulo-painel-de-led-p6-exteriores\\\/#primaryimage\",\"url\":\"https:\\\/\\\/www.telaled.com\\\/wp-content\\\/uploads\\\/2025\\\/07\\\/Modulo-Painel-de-LED-P6-Exteriores-1-1.webp\",\"contentUrl\":\"https:\\\/\\\/www.telaled.com\\\/wp-content\\\/uploads\\\/2025\\\/07\\\/Modulo-Painel-de-LED-P6-Exteriores-1-1.webp\",\"width\":500,\"height\":500,\"caption\":\"Modulo-Painel-de-LED-P6-Exteriores (1)\"},{\"@type\":\"BreadcrumbList\",\"@id\":\"https:\\\/\\\/www.telaled.com\\\/fabrica\\\/modulo-painel-de-led-p6-exteriores\\\/#breadcrumb\",\"itemListElement\":[{\"@type\":\"ListItem\",\"position\":1,\"name\":\"Home\",\"item\":\"https:\\\/\\\/www.telaled.com\\\/\"},{\"@type\":\"ListItem\",\"position\":2,\"name\":\"Produtos\",\"item\":\"https:\\\/\\\/www.telaled.com\\\/shop\\\/\"},{\"@type\":\"ListItem\",\"position\":3,\"name\":\"Modulo Painel de LED P6 Exteriores\"}]},{\"@type\":\"WebSite\",\"@id\":\"https:\\\/\\\/www.telaled.com\\\/#website\",\"url\":\"https:\\\/\\\/www.telaled.com\\\/\",\"name\":\"TELALED\",\"description\":\"\",\"potentialAction\":[{\"@type\":\"SearchAction\",\"target\":{\"@type\":\"EntryPoint\",\"urlTemplate\":\"https:\\\/\\\/www.telaled.com\\\/?s={search_term_string}\"},\"query-input\":{\"@type\":\"PropertyValueSpecification\",\"valueRequired\":true,\"valueName\":\"search_term_string\"}}],\"inLanguage\":\"cs\"}]}<\/script>\n<!-- \/ Yoast SEO plugin. -->","yoast_head_json":{"title":"Venkovn\u00ed LED panelov\u00fd modul P6 | Odoln\u00e1 a vysoce kvalitn\u00ed obrazovka pro venkovn\u00ed reklamu | TELALED","description":"Venkovn\u00ed LED panelov\u00fd modul P6 nab\u00edz\u00ed v\u00fdjime\u010dnou jasnost a odolnost pro venkovn\u00ed displeje. Je ide\u00e1ln\u00ed pro billboardy a digit\u00e1ln\u00ed signage a poskytuje jasn\u00fd, vysoce kvalitn\u00ed obraz, kter\u00fd vydr\u017e\u00ed. Vylep\u0161ete svou venkovn\u00ed reklamu je\u0161t\u011b dnes, kontaktujte n\u00e1s!","robots":{"index":"index","follow":"follow","max-snippet":"max-snippet:-1","max-image-preview":"max-image-preview:large","max-video-preview":"max-video-preview:-1"},"canonical":"https:\/\/www.telaled.com\/cs\/fabrica\/modulo-painel-de-led-p6-exteriores\/","og_locale":"cs_CZ","og_type":"article","og_title":"Modulo Painel de LED P6 Exteriores | Tela Dur\u00e1vel e de Alta Qualidade para Publicidade Externa |TELALED","og_description":"O Modulo Painel de LED P6 Exteriores oferece clareza e durabilidade excepcionais para displays externos. Perfeito para outdoors e sinaliza\u00e7\u00e3o digital, ele oferece imagens brilhantes e de alta qualidade que duram. Melhore a sua publicidade externa hoje mesmo, entre em contato conosco agora!","og_url":"https:\/\/www.telaled.com\/cs\/fabrica\/modulo-painel-de-led-p6-exteriores\/","og_site_name":"TELALED","article_modified_time":"2026-01-02T10:07:17+00:00","og_image":[{"width":500,"height":500,"url":"https:\/\/www.telaled.com\/wp-content\/uploads\/2025\/07\/Modulo-Painel-de-LED-P6-Exteriores-1-1.webp","type":"image\/webp"}],"twitter_card":"summary_large_image","twitter_misc":{"Est. reading time":"2 minuty"},"schema":{"@context":"https:\/\/schema.org","@graph":[{"@type":"WebPage","@id":"https:\/\/www.telaled.com\/fabrica\/modulo-painel-de-led-p6-exteriores\/","url":"https:\/\/www.telaled.com\/fabrica\/modulo-painel-de-led-p6-exteriores\/","name":"Venkovn\u00ed LED panelov\u00fd modul P6 | Odoln\u00e1 a vysoce kvalitn\u00ed obrazovka pro venkovn\u00ed reklamu | TELALED","isPartOf":{"@id":"https:\/\/www.telaled.com\/#website"},"primaryImageOfPage":{"@id":"https:\/\/www.telaled.com\/fabrica\/modulo-painel-de-led-p6-exteriores\/#primaryimage"},"image":{"@id":"https:\/\/www.telaled.com\/fabrica\/modulo-painel-de-led-p6-exteriores\/#primaryimage"},"thumbnailUrl":"https:\/\/www.telaled.com\/wp-content\/uploads\/2025\/07\/Modulo-Painel-de-LED-P6-Exteriores-1-1.webp","datePublished":"2025-07-17T08:01:54+00:00","dateModified":"2026-01-02T10:07:17+00:00","description":"Venkovn\u00ed LED panelov\u00fd modul P6 nab\u00edz\u00ed v\u00fdjime\u010dnou jasnost a odolnost pro venkovn\u00ed displeje. Je ide\u00e1ln\u00ed pro billboardy a digit\u00e1ln\u00ed signage a poskytuje jasn\u00fd, vysoce kvalitn\u00ed obraz, kter\u00fd vydr\u017e\u00ed. Vylep\u0161ete svou venkovn\u00ed reklamu je\u0161t\u011b dnes, kontaktujte n\u00e1s!","breadcrumb":{"@id":"https:\/\/www.telaled.com\/fabrica\/modulo-painel-de-led-p6-exteriores\/#breadcrumb"},"inLanguage":"cs","potentialAction":[{"@type":"ReadAction","target":["https:\/\/www.telaled.com\/fabrica\/modulo-painel-de-led-p6-exteriores\/"]}]},{"@type":"ImageObject","inLanguage":"cs","@id":"https:\/\/www.telaled.com\/fabrica\/modulo-painel-de-led-p6-exteriores\/#primaryimage","url":"https:\/\/www.telaled.com\/wp-content\/uploads\/2025\/07\/Modulo-Painel-de-LED-P6-Exteriores-1-1.webp","contentUrl":"https:\/\/www.telaled.com\/wp-content\/uploads\/2025\/07\/Modulo-Painel-de-LED-P6-Exteriores-1-1.webp","width":500,"height":500,"caption":"Modulo-Painel-de-LED-P6-Exteriores (1)"},{"@type":"BreadcrumbList","@id":"https:\/\/www.telaled.com\/fabrica\/modulo-painel-de-led-p6-exteriores\/#breadcrumb","itemListElement":[{"@type":"ListItem","position":1,"name":"Home","item":"https:\/\/www.telaled.com\/"},{"@type":"ListItem","position":2,"name":"Produtos","item":"https:\/\/www.telaled.com\/shop\/"},{"@type":"ListItem","position":3,"name":"Modulo Painel de LED P6 Exteriores"}]},{"@type":"WebSite","@id":"https:\/\/www.telaled.com\/#website","url":"https:\/\/www.telaled.com\/","name":"LED obrazovka","description":"","potentialAction":[{"@type":"SearchAction","target":{"@type":"EntryPoint","urlTemplate":"https:\/\/www.telaled.com\/?s={search_term_string}"},"query-input":{"@type":"PropertyValueSpecification","valueRequired":true,"valueName":"search_term_string"}}],"inLanguage":"cs"}]}},"_links":{"self":[{"href":"https:\/\/www.telaled.com\/cs\/wp-json\/wp\/v2\/product\/2606","targetHints":{"allow":["GET"]}}],"collection":[{"href":"https:\/\/www.telaled.com\/cs\/wp-json\/wp\/v2\/product"}],"about":[{"href":"https:\/\/www.telaled.com\/cs\/wp-json\/wp\/v2\/types\/product"}],"wp:featuredmedia":[{"embeddable":true,"href":"https:\/\/www.telaled.com\/cs\/wp-json\/wp\/v2\/media\/2709"}],"wp:attachment":[{"href":"https:\/\/www.telaled.com\/cs\/wp-json\/wp\/v2\/media?parent=2606"}],"wp:term":[{"taxonomy":"product_brand","embeddable":true,"href":"https:\/\/www.telaled.com\/cs\/wp-json\/wp\/v2\/product_brand?post=2606"},{"taxonomy":"product_cat","embeddable":true,"href":"https:\/\/www.telaled.com\/cs\/wp-json\/wp\/v2\/product_cat?post=2606"},{"taxonomy":"product_tag","embeddable":true,"href":"https:\/\/www.telaled.com\/cs\/wp-json\/wp\/v2\/product_tag?post=2606"}],"curies":[{"name":"wp","href":"https:\/\/api.w.org\/{rel}","templated":true}]}}